{"id":1573,"date":"2021-08-03T13:54:12","date_gmt":"2021-08-03T13:54:12","guid":{"rendered":"http:\/\/loriot.com.vn\/product\/19270-combo-tester-x3-with-dual-foot-plate\/"},"modified":"2026-03-18T14:09:51","modified_gmt":"2026-03-18T07:09:51","slug":"19270-combo-tester-x3-tam-chan-kep","status":"publish","type":"product","link":"https:\/\/loriot.com.vn\/vi\/product\/19270-combo-tester-x3-tam-chan-kep\/","title":{"rendered":"19270 COMBO TESTER X3 T\u1ea4M CH\u00c2N K\u00c9P"},"content":{"rendered":"<p style=\"text-align: center;\"><span style=\"font-size: 14pt; font-family: arial, helvetica, sans-serif;\"><strong>19270 COMBO TESTER X3 T\u1ea4M CH\u00c2N K\u00c9P<\/strong><\/span><\/p>\n<p>&nbsp;<\/p>\n<p data-start=\"117\" data-end=\"468\"><span style=\"font-family: arial, helvetica, sans-serif; font-size: 12pt;\">Trong m\u00f4i tr\u01b0\u1eddng s\u1ea3n xu\u1ea5t \u0111i\u1ec7n t\u1eed, vi\u1ec7c ki\u1ec3m so\u00e1t t\u0129nh \u0111i\u1ec7n (ESD) \u0111\u00f3ng vai tr\u00f2 c\u1ef1c k\u1ef3 quan tr\u1ecdng \u0111\u1ec3 b\u1ea3o v\u1ec7 linh ki\u1ec7n v\u00e0 \u0111\u1ea3m b\u1ea3o ch\u1ea5t l\u01b0\u1ee3ng s\u1ea3n ph\u1ea9m. <strong data-start=\"266\" data-end=\"318\">Desco 19270 Combo Tester X3 with Dual Foot Plate<\/strong> l\u00e0 thi\u1ebft b\u1ecb ki\u1ec3m tra ESD chuy\u00ean d\u1ee5ng gi\u00fap x\u00e1c minh nhanh ch\u00f3ng v\u00e0 ch\u00ednh x\u00e1c t\u00ecnh tr\u1ea1ng ho\u1ea1t \u0111\u1ed9ng c\u1ee7a c\u00e1c thi\u1ebft b\u1ecb n\u1ed1i \u0111\u1ea5t c\u00e1 nh\u00e2n c\u1ee7a ng\u01b0\u1eddi v\u1eadn h\u00e0nh.<\/span><\/p>\n<p data-start=\"470\" data-end=\"681\"><span style=\"font-family: arial, helvetica, sans-serif; font-size: 12pt;\">Thi\u1ebft b\u1ecb cho ph\u00e9p ki\u1ec3m tra \u0111\u1ed3ng th\u1eddi v\u00f2ng tay ch\u1ed1ng t\u0129nh \u0111i\u1ec7n v\u00e0 h\u1ec7 th\u1ed1ng n\u1ed1i \u0111\u1ea5t ch\u00e2n ch\u1ec9 trong v\u00f2ng ch\u01b0a \u0111\u1ebfn 3 gi\u00e2y, gi\u00fap t\u1ed1i \u01b0u th\u1eddi gian v\u00e0 n\u00e2ng cao hi\u1ec7u qu\u1ea3 trong c\u00e1c ch\u01b0\u01a1ng tr\u00ecnh ki\u1ec3m so\u00e1t ESD t\u1ea1i nh\u00e0 m\u00e1y.<\/span><\/p>\n<h2 data-section-id=\"frezp2\" data-start=\"683\" data-end=\"729\"><span style=\"font-family: arial, helvetica, sans-serif; font-size: 12pt;\">Ki\u1ec3m tra to\u00e0n di\u1ec7n thi\u1ebft b\u1ecb n\u1ed1i \u0111\u1ea5t c\u00e1 nh\u00e2n<\/span><\/h2>\n<p data-start=\"731\" data-end=\"858\"><span style=\"font-family: arial, helvetica, sans-serif; font-size: 12pt;\">Combo Tester X3 \u0111\u01b0\u1ee3c thi\u1ebft k\u1ebf \u0111\u1ec3 ki\u1ec3m tra <strong data-start=\"773\" data-end=\"811\">\u0111\u01b0\u1eddng d\u1eabn n\u1ed1i \u0111\u1ea5t (Path-To-Ground)<\/strong> c\u1ee7a ng\u01b0\u1eddi v\u1eadn h\u00e0nh th\u00f4ng qua c\u00e1c thi\u1ebft b\u1ecb nh\u01b0:<\/span><\/p>\n<ul data-start=\"859\" data-end=\"983\">\n<li data-section-id=\"ct3c9q\" data-start=\"859\" data-end=\"901\">\n<p data-start=\"861\" data-end=\"901\"><span style=\"font-family: arial, helvetica, sans-serif; font-size: 12pt;\">V\u00f2ng tay ch\u1ed1ng t\u0129nh \u0111i\u1ec7n (wrist strap)<\/span><\/p>\n<\/li>\n<li data-section-id=\"ofbdyb\" data-start=\"902\" data-end=\"939\">\n<p data-start=\"904\" data-end=\"939\"><span style=\"font-family: arial, helvetica, sans-serif; font-size: 12pt;\">D\u00e2y ti\u1ebfp \u0111\u1ea5t ch\u00e2n (foot grounder)<\/span><\/p>\n<\/li>\n<li data-section-id=\"1bplyjx\" data-start=\"940\" data-end=\"952\">\n<p data-start=\"942\" data-end=\"952\"><span style=\"font-family: arial, helvetica, sans-serif; font-size: 12pt;\">Gi\u00e0y ESD<\/span><\/p>\n<\/li>\n<li data-section-id=\"1stij9j\" data-start=\"953\" data-end=\"983\">\n<p data-start=\"955\" data-end=\"983\"><span style=\"font-family: arial, helvetica, sans-serif; font-size: 12pt;\">\u00c1o ch\u1ed1ng t\u0129nh \u0111i\u1ec7n (smock)<\/span><\/p>\n<\/li>\n<\/ul>\n<p data-start=\"985\" data-end=\"1014\"><span style=\"font-family: arial, helvetica, sans-serif; font-size: 12pt;\">Gi\u1edbi h\u1ea1n ki\u1ec3m tra ti\u00eau chu\u1ea9n:<\/span><\/p>\n<ul data-start=\"1015\" data-end=\"1092\">\n<li data-section-id=\"9qzbrp\" data-start=\"1015\" data-end=\"1047\">\n<p data-start=\"1017\" data-end=\"1047\"><span style=\"font-family: arial, helvetica, sans-serif; font-size: 12pt;\"><strong data-start=\"1017\" data-end=\"1030\">V\u00f2ng tay:<\/strong> 750 k\u03a9 \u2013 10 M\u03a9<\/span><\/p>\n<\/li>\n<li data-section-id=\"1xsabhn\" data-start=\"1048\" data-end=\"1092\">\n<p data-start=\"1050\" data-end=\"1092\"><span style=\"font-family: arial, helvetica, sans-serif; font-size: 12pt;\"><strong data-start=\"1050\" data-end=\"1075\">Gi\u00e0y \/ foot grounder:<\/strong> 750 k\u03a9 \u2013 35 M\u03a9<\/span><\/p>\n<\/li>\n<\/ul>\n<p data-start=\"1094\" data-end=\"1227\"><span style=\"font-family: arial, helvetica, sans-serif; font-size: 12pt;\">Thi\u1ebft b\u1ecb gi\u00fap \u0111\u1ea3m b\u1ea3o t\u1ea5t c\u1ea3 c\u00e1c ph\u01b0\u01a1ng ti\u1ec7n n\u1ed1i \u0111\u1ea5t c\u00e1 nh\u00e2n ho\u1ea1t \u0111\u1ed9ng \u0111\u00fang tr\u01b0\u1edbc khi nh\u00e2n vi\u00ean v\u00e0o khu v\u1ef1c EPA (ESD Protected Area).<\/span><\/p>\n<h2 data-section-id=\"kf52qn\" data-start=\"1229\" data-end=\"1274\"><span style=\"font-family: arial, helvetica, sans-serif; font-size: 12pt;\">Ki\u1ec3m tra \u0111\u1ed3ng th\u1eddi nhanh ch\u00f3ng v\u00e0 hi\u1ec7u qu\u1ea3<\/span><\/h2>\n<p data-start=\"1276\" data-end=\"1333\"><span style=\"font-family: arial, helvetica, sans-serif; font-size: 12pt;\">M\u1ed9t trong nh\u1eefng \u01b0u \u0111i\u1ec3m n\u1ed5i b\u1eadt c\u1ee7a thi\u1ebft b\u1ecb l\u00e0 kh\u1ea3 n\u0103ng:<\/span><\/p>\n<ul data-start=\"1334\" data-end=\"1518\">\n<li data-section-id=\"1g1wez\" data-start=\"1334\" data-end=\"1394\">\n<p data-start=\"1336\" data-end=\"1394\"><span style=\"font-family: arial, helvetica, sans-serif; font-size: 12pt;\">\u26a1 <strong data-start=\"1338\" data-end=\"1392\">Ki\u1ec3m tra \u0111\u1ed3ng th\u1eddi v\u00f2ng tay v\u00e0 gi\u00e0y trong &lt; 3 gi\u00e2y<\/strong><\/span><\/p>\n<\/li>\n<li data-section-id=\"sjdjde\" data-start=\"1395\" data-end=\"1466\">\n<p data-start=\"1397\" data-end=\"1466\"><span style=\"font-family: arial, helvetica, sans-serif; font-size: 12pt;\">\u23f1\ufe0f Gi\u1ea3m \u0111\u00e1ng k\u1ec3 th\u1eddi gian ki\u1ec3m tra trong quy tr\u00ecnh ESD Control Plan<\/span><\/p>\n<\/li>\n<li data-section-id=\"a8rolj\" data-start=\"1467\" data-end=\"1518\">\n<p data-start=\"1469\" data-end=\"1518\"><span style=\"font-family: arial, helvetica, sans-serif; font-size: 12pt;\">\ud83d\udd0d Ph\u00e1t hi\u1ec7n nhanh l\u1ed7i thi\u1ebft b\u1ecb n\u1ed1i \u0111\u1ea5t c\u00e1 nh\u00e2n<\/span><\/p>\n<\/li>\n<\/ul>\n<p data-start=\"1520\" data-end=\"1672\"><span style=\"font-family: arial, helvetica, sans-serif; font-size: 12pt;\">\u0110\u1eb7c bi\u1ec7t, thi\u1ebft k\u1ebf <strong data-start=\"1539\" data-end=\"1566\">dual \/ split foot plate<\/strong> cho ph\u00e9p ki\u1ec3m tra \u0111\u1ed9c l\u1eadp t\u1eebng ch\u00e2n, gi\u00fap ph\u00e1t hi\u1ec7n l\u1ed7i ri\u00eang bi\u1ec7t tr\u00ean t\u1eebng foot grounder ho\u1eb7c gi\u00e0y ESD.<\/span><\/p>\n<h2 data-section-id=\"l5v53j\" data-start=\"1674\" data-end=\"1713\"><span style=\"font-family: arial, helvetica, sans-serif; font-size: 12pt;\">\u0110\u1ed9 ch\u00ednh x\u00e1c cao v\u00e0 \u0111\u1ed9 b\u1ec1n v\u01b0\u1ee3t tr\u1ed9i<\/span><\/h2>\n<ul data-start=\"1715\" data-end=\"1970\">\n<li data-section-id=\"bi6asu\" data-start=\"1715\" data-end=\"1804\">\n<p data-start=\"1717\" data-end=\"1804\"><span style=\"font-family: arial, helvetica, sans-serif; font-size: 12pt;\">\ud83d\udee0\ufe0f <strong data-start=\"1721\" data-end=\"1745\">C\u00f4ng t\u1eafc solid-state<\/strong> kh\u00f4ng c\u00f3 b\u1ed9 ph\u1eadn chuy\u1ec3n \u0111\u1ed9ng \u2192 t\u0103ng \u0111\u1ed9 b\u1ec1n v\u00e0 \u0111\u1ed9 \u1ed5n \u0111\u1ecbnh<\/span><\/p>\n<\/li>\n<li data-section-id=\"1hwwfbc\" data-start=\"1805\" data-end=\"1898\">\n<p data-start=\"1807\" data-end=\"1898\"><span style=\"font-family: arial, helvetica, sans-serif; font-size: 12pt;\">\ud83d\udccf <strong data-start=\"1810\" data-end=\"1835\">T\u00edn hi\u1ec7u ki\u1ec3m tra 30V<\/strong> \u2192 \u0111\u1ea3m b\u1ea3o k\u1ebft qu\u1ea3 \u0111o ch\u00ednh x\u00e1c, kh\u00f4ng b\u1ecb \u1ea3nh h\u01b0\u1edfng b\u1edfi \u0111\u1ed9 \u1ea9m<\/span><\/p>\n<\/li>\n<li data-section-id=\"11c6ouf\" data-start=\"1899\" data-end=\"1970\">\n<p data-start=\"1901\" data-end=\"1970\"><span style=\"font-family: arial, helvetica, sans-serif; font-size: 12pt;\">\ud83d\udee1\ufe0f Duy tr\u00ec hi\u1ec7u su\u1ea5t \u0111o \u1ed5n \u0111\u1ecbnh trong m\u00f4i tr\u01b0\u1eddng s\u1ea3n xu\u1ea5t li\u00ean t\u1ee5c<\/span><\/p>\n<\/li>\n<\/ul>\n<h2 data-section-id=\"1t6p6xp\" data-start=\"1972\" data-end=\"2014\"><span style=\"font-family: arial, helvetica, sans-serif; font-size: 12pt;\">T\u00edch h\u1ee3p ki\u1ec3m so\u00e1t truy c\u1eadp khu v\u1ef1c ESD<\/span><\/h2>\n<p data-start=\"2016\" data-end=\"2064\"><span style=\"font-family: arial, helvetica, sans-serif; font-size: 12pt;\">Thi\u1ebft b\u1ecb \u0111\u01b0\u1ee3c t\u00edch h\u1ee3p <strong data-start=\"2039\" data-end=\"2048\">relay<\/strong> \u0111\u1ec3 k\u1ebft n\u1ed1i v\u1edbi:<\/span><\/p>\n<ul data-start=\"2065\" data-end=\"2106\">\n<li data-section-id=\"c1vvwj\" data-start=\"2065\" data-end=\"2080\">\n<p data-start=\"2067\" data-end=\"2080\"><span style=\"font-family: arial, helvetica, sans-serif; font-size: 12pt;\">C\u1eeda t\u1ef1 \u0111\u1ed9ng<\/span><\/p>\n<\/li>\n<li data-section-id=\"agpjj0\" data-start=\"2081\" data-end=\"2106\">\n<p data-start=\"2083\" data-end=\"2106\"><span style=\"font-family: arial, helvetica, sans-serif; font-size: 12pt;\">H\u1ec7 th\u1ed1ng kh\u00f3a an ninh<\/span><\/p>\n<\/li>\n<\/ul>\n<p data-start=\"2108\" data-end=\"2246\"><span style=\"font-family: arial, helvetica, sans-serif; font-size: 12pt;\">\u27a1\ufe0f Ch\u1ec9 khi ng\u01b0\u1eddi v\u1eadn h\u00e0nh \u0111\u1ea1t y\u00eau c\u1ea7u ki\u1ec3m tra ESD, h\u1ec7 th\u1ed1ng m\u1edbi cho ph\u00e9p truy c\u1eadp v\u00e0o khu v\u1ef1c EPA, gi\u00fap ki\u1ec3m so\u00e1t quy tr\u00ecnh ch\u1eb7t ch\u1ebd h\u01a1n.<\/span><\/p>\n<h2 data-section-id=\"tumjwz\" data-start=\"2248\" data-end=\"2285\"><span style=\"font-family: arial, helvetica, sans-serif; font-size: 12pt;\">Linh ho\u1ea1t trong l\u1eafp \u0111\u1eb7t v\u00e0 m\u1edf r\u1ed9ng<\/span><\/h2>\n<ul data-start=\"2287\" data-end=\"2504\">\n<li data-section-id=\"t0hlzf\" data-start=\"2287\" data-end=\"2393\">\n<p data-start=\"2289\" data-end=\"2393\"><span style=\"font-family: arial, helvetica, sans-serif; font-size: 12pt;\">C\u00f3 th\u1ec3 l\u1eafp \u0111\u1eb7t tr\u1ef1c ti\u1ebfp ho\u1eb7c s\u1eed d\u1ee5ng <strong data-start=\"2327\" data-end=\"2348\">Desco 19272 Stand<\/strong> (t\u00f9y ch\u1ecdn) \u0111\u1ec3 b\u1ed1 tr\u00ed t\u1ea1i v\u1ecb tr\u00ed thu\u1eadn ti\u1ec7n<\/span><\/p>\n<\/li>\n<li data-section-id=\"zw0mk4\" data-start=\"2394\" data-end=\"2504\">\n<p data-start=\"2396\" data-end=\"2504\"><span style=\"font-family: arial, helvetica, sans-serif; font-size: 12pt;\">T\u01b0\u01a1ng th\u00edch v\u1edbi <strong data-start=\"2412\" data-end=\"2449\">EMIT 50755 ESD Glove Test Fixture<\/strong>, cho ph\u00e9p ki\u1ec3m tra khi \u0111eo g\u0103ng tay ho\u1eb7c finger cots<\/span><\/p>\n<\/li>\n<\/ul>\n<h2 data-section-id=\"xn7jmm\" data-start=\"2506\" data-end=\"2539\"><span style=\"font-family: arial, helvetica, sans-serif; font-size: 12pt;\">Ki\u1ec3m tra v\u00e0 hi\u1ec7u chu\u1ea9n d\u1ec5 d\u00e0ng<\/span><\/h2>\n<ul data-start=\"2541\" data-end=\"2800\">\n<li data-section-id=\"pept7l\" data-start=\"2541\" data-end=\"2648\">\n<p data-start=\"2543\" data-end=\"2648\"><span style=\"font-family: arial, helvetica, sans-serif; font-size: 12pt;\">S\u1eed d\u1ee5ng <strong data-start=\"2551\" data-end=\"2582\">EMIT 50424 Limit Comparator<\/strong> \u0111\u1ec3 x\u00e1c minh gi\u1edbi h\u1ea1n \u0111o ngay t\u1ea1i ch\u1ed7 m\u00e0 kh\u00f4ng c\u1ea7n th\u00e1o thi\u1ebft b\u1ecb<\/span><\/p>\n<\/li>\n<li data-section-id=\"10s51jp\" data-start=\"2649\" data-end=\"2800\">\n<p data-start=\"2651\" data-end=\"2800\"><span style=\"font-family: arial, helvetica, sans-serif; font-size: 12pt;\">Thi\u1ebft b\u1ecb \u0111\u01b0\u1ee3c hi\u1ec7u chu\u1ea9n theo ti\u00eau chu\u1ea9n c\u1ee7a <strong data-start=\"2696\" data-end=\"2737\"><span class=\"hover:entity-accent entity-underline inline cursor-pointer align-baseline\"><span class=\"whitespace-normal\">National Institute of Standards and Technology<\/span><\/span><\/strong>, \u0111i k\u00e8m ch\u1ee9ng ch\u1ec9 \u0111\u1ea3m b\u1ea3o \u0111\u1ed9 ch\u00ednh x\u00e1c v\u00e0 kh\u1ea3 n\u0103ng truy xu\u1ea5t<\/span><\/p>\n<\/li>\n<\/ul>\n<h2 data-section-id=\"bxwc1a\" data-start=\"2802\" data-end=\"2826\"><span style=\"font-family: arial, helvetica, sans-serif; font-size: 12pt;\">Ngu\u1ed3n \u0111i\u1ec7n v\u00e0 xu\u1ea5t x\u1ee9<\/span><\/h2>\n<ul data-start=\"2828\" data-end=\"2984\">\n<li data-section-id=\"22dozo\" data-start=\"2828\" data-end=\"2913\">\n<p data-start=\"2830\" data-end=\"2913\"><span style=\"font-family: arial, helvetica, sans-serif; font-size: 12pt;\">\ud83d\udd0c B\u1ed9 ngu\u1ed3n <strong data-start=\"2842\" data-end=\"2856\">100\u2013240VAC<\/strong>, t\u01b0\u01a1ng th\u00edch to\u00e0n c\u1ea7u (M\u1ef9, ch\u00e2u \u00c2u, Nh\u1eadt B\u1ea3n, ch\u00e2u \u00c1\u2026)<\/span><\/p>\n<\/li>\n<li data-section-id=\"p065fw\" data-start=\"2914\" data-end=\"2984\">\n<p data-start=\"2916\" data-end=\"2984\"><span style=\"font-family: arial, helvetica, sans-serif; font-size: 12pt;\">\ud83c\uddfa\ud83c\uddf8 S\u1ea3n xu\u1ea5t t\u1ea1i Hoa K\u1ef3, l\u1eafp r\u00e1p v\u00e0 l\u01b0u kho t\u1ea1i Chino, California<\/span><\/p>\n<\/li>\n<\/ul>\n<h2 data-section-id=\"1tkpgbg\" data-start=\"2986\" data-end=\"3033\"><span style=\"font-family: arial, helvetica, sans-serif; font-size: 12pt;\">Gi\u1ea3i ph\u00e1p ki\u1ec3m so\u00e1t ESD hi\u1ec7u qu\u1ea3 cho nh\u00e0 m\u00e1y<\/span><\/h2>\n<p data-start=\"3035\" data-end=\"3225\"><span style=\"font-family: arial, helvetica, sans-serif; font-size: 12pt;\">V\u1edbi kh\u1ea3 n\u0103ng ki\u1ec3m tra nhanh, ch\u00ednh x\u00e1c v\u00e0 t\u00edch h\u1ee3p ki\u1ec3m so\u00e1t truy c\u1eadp, <strong data-start=\"3106\" data-end=\"3158\">Desco 19270 Combo Tester X3 with Dual Foot Plate<\/strong> l\u00e0 l\u1ef1a ch\u1ecdn l\u00fd t\u01b0\u1edfng cho c\u00e1c nh\u00e0 m\u00e1y SMT, EMS v\u00e0 s\u1ea3n xu\u1ea5t \u0111i\u1ec7n t\u1eed.<\/span><\/p>\n<p data-start=\"3227\" data-end=\"3392\"><span style=\"font-family: arial, helvetica, sans-serif; font-size: 12pt;\">Thi\u1ebft b\u1ecb gi\u00fap \u0111\u1ea3m b\u1ea3o ng\u01b0\u1eddi v\u1eadn h\u00e0nh lu\u00f4n \u0111\u01b0\u1ee3c n\u1ed1i \u0111\u1ea5t \u0111\u00fang ti\u00eau chu\u1ea9n, gi\u1ea3m thi\u1ec3u r\u1ee7i ro h\u01b0 h\u1ecfng do t\u0129nh \u0111i\u1ec7n v\u00e0 n\u00e2ng cao \u0111\u1ed9 tin c\u1eady c\u1ee7a to\u00e0n b\u1ed9 quy tr\u00ecnh s\u1ea3n xu\u1ea5t.<\/span><\/p>\n","protected":false},"excerpt":{"rendered":"<p>Thi\u1ebft b\u1ecb cho ph\u00e9p ki\u1ec3m tra \u0111\u1ed3ng th\u1eddi v\u00f2ng tay ch\u1ed1ng t\u0129nh \u0111i\u1ec7n v\u00e0 h\u1ec7 th\u1ed1ng n\u1ed1i \u0111\u1ea5t<\/p>\n","protected":false},"author":1,"featured_media":4502,"parent":0,"menu_order":74,"comment_status":"open","ping_status":"closed","template":"","meta":{"inline_featured_image":false,"footnotes":""},"service-category":[75,76],"service_tag":[107],"class_list":["post-1573","product","type-product","status-publish","has-post-thumbnail","hentry","service-category-thiet-bi-chong-tinh-dien","service-category-thiet-bi-kiem-tra-tinh-dien","service_tag-esd-equipments-vi"],"yoast_head":"<!-- This site is optimized with the Yoast SEO plugin v27.4 - https:\/\/yoast.com\/product\/yoast-seo-wordpress\/ -->\n<title>19270 COMBO TESTER X3 T\u1ea4M CH\u00c2N K\u00c9P - LORIOT INDUSTRIAL<\/title>\n<meta name=\"description\" content=\"Thi\u1ebft b\u1ecb cho ph\u00e9p ki\u1ec3m tra \u0111\u1ed3ng th\u1eddi v\u00f2ng tay ch\u1ed1ng t\u0129nh \u0111i\u1ec7n v\u00e0 h\u1ec7 th\u1ed1ng n\u1ed1i \u0111\u1ea5t ch\u00e2n ch\u1ec9 trong v\u00f2ng ch\u01b0a \u0111\u1ebfn 3 gi\u00e2y.\" \/>\n<meta name=\"robots\" content=\"index, follow, max-snippet:-1, max-image-preview:large, max-video-preview:-1\" \/>\n<link rel=\"canonical\" href=\"https:\/\/loriot.com.vn\/vi\/product\/19270-combo-tester-x3-tam-chan-kep\/\" \/>\n<meta property=\"og:locale\" content=\"vi_VN\" \/>\n<meta property=\"og:type\" content=\"article\" \/>\n<meta property=\"og:title\" content=\"19270 COMBO TESTER X3 T\u1ea4M CH\u00c2N K\u00c9P - LORIOT INDUSTRIAL\" \/>\n<meta property=\"og:description\" content=\"Thi\u1ebft b\u1ecb cho ph\u00e9p ki\u1ec3m tra \u0111\u1ed3ng th\u1eddi v\u00f2ng tay ch\u1ed1ng t\u0129nh \u0111i\u1ec7n v\u00e0 h\u1ec7 th\u1ed1ng n\u1ed1i \u0111\u1ea5t ch\u00e2n ch\u1ec9 trong v\u00f2ng ch\u01b0a \u0111\u1ebfn 3 gi\u00e2y.\" \/>\n<meta property=\"og:url\" content=\"https:\/\/loriot.com.vn\/vi\/product\/19270-combo-tester-x3-tam-chan-kep\/\" \/>\n<meta property=\"og:site_name\" content=\"LORIOT INDUSTRIAL\" \/>\n<meta property=\"article:publisher\" content=\"https:\/\/www.facebook.com\/Loriot-Industrial-COLTD-103044855046633\" \/>\n<meta property=\"article:modified_time\" content=\"2026-03-18T07:09:51+00:00\" \/>\n<meta property=\"og:image\" content=\"https:\/\/loriot.com.vn\/wp-content\/uploads\/2021\/08\/192701-630x630-1.jpg\" \/>\n\t<meta property=\"og:image:width\" content=\"770\" \/>\n\t<meta property=\"og:image:height\" content=\"513\" \/>\n\t<meta property=\"og:image:type\" content=\"image\/jpeg\" \/>\n<meta name=\"twitter:card\" content=\"summary_large_image\" \/>\n<meta name=\"twitter:label1\" content=\"\u01af\u1edbc t\u00ednh th\u1eddi gian \u0111\u1ecdc\" \/>\n\t<meta name=\"twitter:data1\" content=\"4 ph\u00fat\" \/>\n<script type=\"application\/ld+json\" class=\"yoast-schema-graph\">{\"@context\":\"https:\\\/\\\/schema.org\",\"@graph\":[{\"@type\":\"WebPage\",\"@id\":\"https:\\\/\\\/loriot.com.vn\\\/vi\\\/product\\\/19270-combo-tester-x3-tam-chan-kep\\\/\",\"url\":\"https:\\\/\\\/loriot.com.vn\\\/vi\\\/product\\\/19270-combo-tester-x3-tam-chan-kep\\\/\",\"name\":\"19270 COMBO TESTER X3 T\u1ea4M CH\u00c2N K\u00c9P - LORIOT INDUSTRIAL\",\"isPartOf\":{\"@id\":\"https:\\\/\\\/loriot.com.vn\\\/#website\"},\"primaryImageOfPage\":{\"@id\":\"https:\\\/\\\/loriot.com.vn\\\/vi\\\/product\\\/19270-combo-tester-x3-tam-chan-kep\\\/#primaryimage\"},\"image\":{\"@id\":\"https:\\\/\\\/loriot.com.vn\\\/vi\\\/product\\\/19270-combo-tester-x3-tam-chan-kep\\\/#primaryimage\"},\"thumbnailUrl\":\"https:\\\/\\\/loriot.com.vn\\\/wp-content\\\/uploads\\\/2021\\\/08\\\/192701-630x630-1.jpg\",\"datePublished\":\"2021-08-03T13:54:12+00:00\",\"dateModified\":\"2026-03-18T07:09:51+00:00\",\"description\":\"Thi\u1ebft b\u1ecb cho ph\u00e9p ki\u1ec3m tra \u0111\u1ed3ng th\u1eddi v\u00f2ng tay ch\u1ed1ng t\u0129nh \u0111i\u1ec7n v\u00e0 h\u1ec7 th\u1ed1ng n\u1ed1i \u0111\u1ea5t ch\u00e2n ch\u1ec9 trong v\u00f2ng ch\u01b0a \u0111\u1ebfn 3 gi\u00e2y.\",\"breadcrumb\":{\"@id\":\"https:\\\/\\\/loriot.com.vn\\\/vi\\\/product\\\/19270-combo-tester-x3-tam-chan-kep\\\/#breadcrumb\"},\"inLanguage\":\"vi\",\"potentialAction\":[{\"@type\":\"ReadAction\",\"target\":[\"https:\\\/\\\/loriot.com.vn\\\/vi\\\/product\\\/19270-combo-tester-x3-tam-chan-kep\\\/\"]}]},{\"@type\":\"ImageObject\",\"inLanguage\":\"vi\",\"@id\":\"https:\\\/\\\/loriot.com.vn\\\/vi\\\/product\\\/19270-combo-tester-x3-tam-chan-kep\\\/#primaryimage\",\"url\":\"https:\\\/\\\/loriot.com.vn\\\/wp-content\\\/uploads\\\/2021\\\/08\\\/192701-630x630-1.jpg\",\"contentUrl\":\"https:\\\/\\\/loriot.com.vn\\\/wp-content\\\/uploads\\\/2021\\\/08\\\/192701-630x630-1.jpg\",\"width\":770,\"height\":513,\"caption\":\"19270 COMBO TESTER X3 T\u1ea4M CH\u00c2N K\u00c9P\"},{\"@type\":\"BreadcrumbList\",\"@id\":\"https:\\\/\\\/loriot.com.vn\\\/vi\\\/product\\\/19270-combo-tester-x3-tam-chan-kep\\\/#breadcrumb\",\"itemListElement\":[{\"@type\":\"ListItem\",\"position\":1,\"name\":\"Home\",\"item\":\"https:\\\/\\\/loriot.com.vn\\\/vi\\\/\"},{\"@type\":\"ListItem\",\"position\":2,\"name\":\"Products\",\"item\":\"https:\\\/\\\/loriot.com.vn\\\/vi\\\/product\\\/\"},{\"@type\":\"ListItem\",\"position\":3,\"name\":\"19270 COMBO TESTER X3 T\u1ea4M CH\u00c2N K\u00c9P\"}]},{\"@type\":\"WebSite\",\"@id\":\"https:\\\/\\\/loriot.com.vn\\\/#website\",\"url\":\"https:\\\/\\\/loriot.com.vn\\\/\",\"name\":\"LORIOT INDUSTRIAL CO.,LTD\",\"description\":\"\",\"publisher\":{\"@id\":\"https:\\\/\\\/loriot.com.vn\\\/#organization\"},\"potentialAction\":[{\"@type\":\"SearchAction\",\"target\":{\"@type\":\"EntryPoint\",\"urlTemplate\":\"https:\\\/\\\/loriot.com.vn\\\/?s={search_term_string}\"},\"query-input\":{\"@type\":\"PropertyValueSpecification\",\"valueRequired\":true,\"valueName\":\"search_term_string\"}}],\"inLanguage\":\"vi\"},{\"@type\":\"Organization\",\"@id\":\"https:\\\/\\\/loriot.com.vn\\\/#organization\",\"name\":\"Loriot Industrial Co.,Ltd\",\"url\":\"https:\\\/\\\/loriot.com.vn\\\/\",\"logo\":{\"@type\":\"ImageObject\",\"inLanguage\":\"vi\",\"@id\":\"https:\\\/\\\/loriot.com.vn\\\/#\\\/schema\\\/logo\\\/image\\\/\",\"url\":\"https:\\\/\\\/loriot.com.vn\\\/wp-content\\\/uploads\\\/2021\\\/08\\\/logo-ft.png\",\"contentUrl\":\"https:\\\/\\\/loriot.com.vn\\\/wp-content\\\/uploads\\\/2021\\\/08\\\/logo-ft.png\",\"width\":333,\"height\":101,\"caption\":\"Loriot Industrial Co.,Ltd\"},\"image\":{\"@id\":\"https:\\\/\\\/loriot.com.vn\\\/#\\\/schema\\\/logo\\\/image\\\/\"},\"sameAs\":[\"https:\\\/\\\/www.facebook.com\\\/Loriot-Industrial-COLTD-103044855046633\"]}]}<\/script>\n<!-- \/ Yoast SEO plugin. -->","yoast_head_json":{"title":"19270 COMBO TESTER X3 T\u1ea4M CH\u00c2N K\u00c9P - LORIOT INDUSTRIAL","description":"Thi\u1ebft b\u1ecb cho ph\u00e9p ki\u1ec3m tra \u0111\u1ed3ng th\u1eddi v\u00f2ng tay ch\u1ed1ng t\u0129nh \u0111i\u1ec7n v\u00e0 h\u1ec7 th\u1ed1ng n\u1ed1i \u0111\u1ea5t ch\u00e2n ch\u1ec9 trong v\u00f2ng ch\u01b0a \u0111\u1ebfn 3 gi\u00e2y.","robots":{"index":"index","follow":"follow","max-snippet":"max-snippet:-1","max-image-preview":"max-image-preview:large","max-video-preview":"max-video-preview:-1"},"canonical":"https:\/\/loriot.com.vn\/vi\/product\/19270-combo-tester-x3-tam-chan-kep\/","og_locale":"vi_VN","og_type":"article","og_title":"19270 COMBO TESTER X3 T\u1ea4M CH\u00c2N K\u00c9P - LORIOT INDUSTRIAL","og_description":"Thi\u1ebft b\u1ecb cho ph\u00e9p ki\u1ec3m tra \u0111\u1ed3ng th\u1eddi v\u00f2ng tay ch\u1ed1ng t\u0129nh \u0111i\u1ec7n v\u00e0 h\u1ec7 th\u1ed1ng n\u1ed1i \u0111\u1ea5t ch\u00e2n ch\u1ec9 trong v\u00f2ng ch\u01b0a \u0111\u1ebfn 3 gi\u00e2y.","og_url":"https:\/\/loriot.com.vn\/vi\/product\/19270-combo-tester-x3-tam-chan-kep\/","og_site_name":"LORIOT INDUSTRIAL","article_publisher":"https:\/\/www.facebook.com\/Loriot-Industrial-COLTD-103044855046633","article_modified_time":"2026-03-18T07:09:51+00:00","og_image":[{"width":770,"height":513,"url":"https:\/\/loriot.com.vn\/wp-content\/uploads\/2021\/08\/192701-630x630-1.jpg","type":"image\/jpeg"}],"twitter_card":"summary_large_image","twitter_misc":{"\u01af\u1edbc t\u00ednh th\u1eddi gian \u0111\u1ecdc":"4 ph\u00fat"},"schema":{"@context":"https:\/\/schema.org","@graph":[{"@type":"WebPage","@id":"https:\/\/loriot.com.vn\/vi\/product\/19270-combo-tester-x3-tam-chan-kep\/","url":"https:\/\/loriot.com.vn\/vi\/product\/19270-combo-tester-x3-tam-chan-kep\/","name":"19270 COMBO TESTER X3 T\u1ea4M CH\u00c2N K\u00c9P - LORIOT INDUSTRIAL","isPartOf":{"@id":"https:\/\/loriot.com.vn\/#website"},"primaryImageOfPage":{"@id":"https:\/\/loriot.com.vn\/vi\/product\/19270-combo-tester-x3-tam-chan-kep\/#primaryimage"},"image":{"@id":"https:\/\/loriot.com.vn\/vi\/product\/19270-combo-tester-x3-tam-chan-kep\/#primaryimage"},"thumbnailUrl":"https:\/\/loriot.com.vn\/wp-content\/uploads\/2021\/08\/192701-630x630-1.jpg","datePublished":"2021-08-03T13:54:12+00:00","dateModified":"2026-03-18T07:09:51+00:00","description":"Thi\u1ebft b\u1ecb cho ph\u00e9p ki\u1ec3m tra \u0111\u1ed3ng th\u1eddi v\u00f2ng tay ch\u1ed1ng t\u0129nh \u0111i\u1ec7n v\u00e0 h\u1ec7 th\u1ed1ng n\u1ed1i \u0111\u1ea5t ch\u00e2n ch\u1ec9 trong v\u00f2ng ch\u01b0a \u0111\u1ebfn 3 gi\u00e2y.","breadcrumb":{"@id":"https:\/\/loriot.com.vn\/vi\/product\/19270-combo-tester-x3-tam-chan-kep\/#breadcrumb"},"inLanguage":"vi","potentialAction":[{"@type":"ReadAction","target":["https:\/\/loriot.com.vn\/vi\/product\/19270-combo-tester-x3-tam-chan-kep\/"]}]},{"@type":"ImageObject","inLanguage":"vi","@id":"https:\/\/loriot.com.vn\/vi\/product\/19270-combo-tester-x3-tam-chan-kep\/#primaryimage","url":"https:\/\/loriot.com.vn\/wp-content\/uploads\/2021\/08\/192701-630x630-1.jpg","contentUrl":"https:\/\/loriot.com.vn\/wp-content\/uploads\/2021\/08\/192701-630x630-1.jpg","width":770,"height":513,"caption":"19270 COMBO TESTER X3 T\u1ea4M CH\u00c2N K\u00c9P"},{"@type":"BreadcrumbList","@id":"https:\/\/loriot.com.vn\/vi\/product\/19270-combo-tester-x3-tam-chan-kep\/#breadcrumb","itemListElement":[{"@type":"ListItem","position":1,"name":"Home","item":"https:\/\/loriot.com.vn\/vi\/"},{"@type":"ListItem","position":2,"name":"Products","item":"https:\/\/loriot.com.vn\/vi\/product\/"},{"@type":"ListItem","position":3,"name":"19270 COMBO TESTER X3 T\u1ea4M CH\u00c2N K\u00c9P"}]},{"@type":"WebSite","@id":"https:\/\/loriot.com.vn\/#website","url":"https:\/\/loriot.com.vn\/","name":"LORIOT INDUSTRIAL CO.,LTD","description":"","publisher":{"@id":"https:\/\/loriot.com.vn\/#organization"},"potentialAction":[{"@type":"SearchAction","target":{"@type":"EntryPoint","urlTemplate":"https:\/\/loriot.com.vn\/?s={search_term_string}"},"query-input":{"@type":"PropertyValueSpecification","valueRequired":true,"valueName":"search_term_string"}}],"inLanguage":"vi"},{"@type":"Organization","@id":"https:\/\/loriot.com.vn\/#organization","name":"Loriot Industrial Co.,Ltd","url":"https:\/\/loriot.com.vn\/","logo":{"@type":"ImageObject","inLanguage":"vi","@id":"https:\/\/loriot.com.vn\/#\/schema\/logo\/image\/","url":"https:\/\/loriot.com.vn\/wp-content\/uploads\/2021\/08\/logo-ft.png","contentUrl":"https:\/\/loriot.com.vn\/wp-content\/uploads\/2021\/08\/logo-ft.png","width":333,"height":101,"caption":"Loriot Industrial Co.,Ltd"},"image":{"@id":"https:\/\/loriot.com.vn\/#\/schema\/logo\/image\/"},"sameAs":["https:\/\/www.facebook.com\/Loriot-Industrial-COLTD-103044855046633"]}]}},"_links":{"self":[{"href":"https:\/\/loriot.com.vn\/vi\/wp-json\/wp\/v2\/product\/1573","targetHints":{"allow":["GET"]}}],"collection":[{"href":"https:\/\/loriot.com.vn\/vi\/wp-json\/wp\/v2\/product"}],"about":[{"href":"https:\/\/loriot.com.vn\/vi\/wp-json\/wp\/v2\/types\/product"}],"author":[{"embeddable":true,"href":"https:\/\/loriot.com.vn\/vi\/wp-json\/wp\/v2\/users\/1"}],"replies":[{"embeddable":true,"href":"https:\/\/loriot.com.vn\/vi\/wp-json\/wp\/v2\/comments?post=1573"}],"version-history":[{"count":28,"href":"https:\/\/loriot.com.vn\/vi\/wp-json\/wp\/v2\/product\/1573\/revisions"}],"predecessor-version":[{"id":6570,"href":"https:\/\/loriot.com.vn\/vi\/wp-json\/wp\/v2\/product\/1573\/revisions\/6570"}],"wp:featuredmedia":[{"embeddable":true,"href":"https:\/\/loriot.com.vn\/vi\/wp-json\/wp\/v2\/media\/4502"}],"wp:attachment":[{"href":"https:\/\/loriot.com.vn\/vi\/wp-json\/wp\/v2\/media?parent=1573"}],"wp:term":[{"taxonomy":"service-category","embeddable":true,"href":"https:\/\/loriot.com.vn\/vi\/wp-json\/wp\/v2\/service-category?post=1573"},{"taxonomy":"service_tag","embeddable":true,"href":"https:\/\/loriot.com.vn\/vi\/wp-json\/wp\/v2\/service_tag?post=1573"}],"curies":[{"name":"wp","href":"https:\/\/api.w.org\/{rel}","templated":true}]}}