{"id":1599,"date":"2021-08-03T15:38:20","date_gmt":"2021-08-03T15:38:20","guid":{"rendered":"http:\/\/loriot.com.vn\/product\/camb\/"},"modified":"2025-07-09T11:28:47","modified_gmt":"2025-07-09T04:28:47","slug":"kinh-hien-vi-cam%ce%b2","status":"publish","type":"product","link":"https:\/\/loriot.com.vn\/vi\/product\/kinh-hien-vi-cam%ce%b2\/","title":{"rendered":"K\u00cdNH HI\u1ec2N VI CAM\u03b2"},"content":{"rendered":"<h2 style=\"text-align: center;\" data-start=\"2649\" data-end=\"2726\"><span style=\"font-size: 12pt;\"><strong data-start=\"2657\" data-end=\"2726\">Cam\u03b2 \u2013 K\u00ednh L\u00fap Ki\u1ec3m Tra K\u1ef9 Thu\u1eadt S\u1ed1 Di \u0110\u1ed9ng, Ch\u00ednh X\u00e1c &amp; An To\u00e0n<\/strong><\/span><\/h2>\n<p data-start=\"2743\" data-end=\"3115\"><span style=\"font-size: 12pt;\"><strong data-start=\"2743\" data-end=\"2761\">Cam\u03b2 (CamBeta)<\/strong> l\u00e0 thi\u1ebft b\u1ecb k\u00ednh l\u00fap k\u1ef9 thu\u1eadt s\u1ed1 c\u1ea7m tay <strong data-start=\"2803\" data-end=\"2837\">c\u00f3 \u0111\u1ed9 ph\u00f3ng \u0111\u1ea1i l\u00ean t\u1edbi 20 l\u1ea7n<\/strong>, do Vision Engineering ph\u00e1t tri\u1ec3n. Thi\u1ebft k\u1ebf chuy\u00ean d\u1ee5ng cho nhu c\u1ea7u <strong data-start=\"2906\" data-end=\"2971\">quan s\u00e1t chi ti\u1ebft, ch\u1ee5p \u1ea3nh, l\u01b0u tr\u1eef v\u00e0 tr\u00ecnh chi\u1ebfu tr\u1ef1c ti\u1ebfp<\/strong>, Cam\u03b2 l\u00e0 c\u00f4ng c\u1ee5 ho\u00e0n h\u1ea3o cho ph\u00f2ng th\u00ed nghi\u1ec7m, nh\u00e0 m\u00e1y, c\u00f4ng tr\u00ecnh hi\u1ec7n tr\u01b0\u1eddng ho\u1eb7c m\u00f4i tr\u01b0\u1eddng <strong data-start=\"3068\" data-end=\"3114\">b\u1ea3o m\u1eadt cao kh\u00f4ng cho ph\u00e9p d\u00f9ng \u0111i\u1ec7n tho\u1ea1i<\/strong>.<\/span><\/p>\n<h3 data-start=\"3122\" data-end=\"3150\"><span style=\"font-size: 12pt;\">\ud83d\udd0d <strong data-start=\"3129\" data-end=\"3150\">T\u00ednh N\u0103ng N\u1ed5i B\u1eadt<\/strong><\/span><\/h3>\n<ul data-start=\"3152\" data-end=\"3984\">\n<li data-start=\"3152\" data-end=\"3219\">\n<p data-start=\"3154\" data-end=\"3219\"><span style=\"font-size: 12pt;\">\u2705 <strong data-start=\"3156\" data-end=\"3181\">Ph\u00f3ng \u0111\u1ea1i t\u1eeb 4x \u2013 20x<\/strong> \u2013 Quan s\u00e1t chi ti\u1ebft v\u1edbi \u0111\u1ed9 n\u00e9t cao.<\/span><\/p>\n<\/li>\n<li data-start=\"3220\" data-end=\"3284\">\n<p data-start=\"3222\" data-end=\"3284\"><span style=\"font-size: 12pt;\">\u2705 <strong data-start=\"3224\" data-end=\"3246\">Nh\u1ecf g\u1ecdn, linh ho\u1ea1t<\/strong> \u2013 S\u1eed d\u1ee5ng d\u1ec5 d\u00e0ng m\u1ecdi l\u00fac, m\u1ecdi n\u01a1i.<\/span><\/p>\n<\/li>\n<li data-start=\"3285\" data-end=\"3365\">\n<p data-start=\"3287\" data-end=\"3365\"><span style=\"font-size: 12pt;\">\u2705 <strong data-start=\"3289\" data-end=\"3315\">L\u01b0u tr\u1eef n\u1ed9i b\u1ed9 an to\u00e0n<\/strong> \u2013 L\u01b0u t\u1edbi <strong data-start=\"3326\" data-end=\"3345\">20.000 h\u00ecnh \u1ea3nh<\/strong> v\u00e0o b\u1ed9 nh\u1edb trong.<\/span><\/p>\n<\/li>\n<li data-start=\"3366\" data-end=\"3464\">\n<p data-start=\"3368\" data-end=\"3464\"><span style=\"font-size: 12pt;\">\u2705 <strong data-start=\"3370\" data-end=\"3396\">K\u1ebft n\u1ed1i HDMI tr\u1ef1c ti\u1ebfp<\/strong> \u2013 Tr\u00ecnh chi\u1ebfu <strong data-start=\"3411\" data-end=\"3450\">h\u00ecnh \u1ea3nh tr\u1ef1c ti\u1ebfp l\u00ean m\u00e0n h\u00ecnh l\u1edbn<\/strong> \u0111\u1ec3 \u0111\u00e0o t\u1ea1o.<\/span><\/p>\n<\/li>\n<li data-start=\"3465\" data-end=\"3576\">\n<p data-start=\"3467\" data-end=\"3576\"><span style=\"font-size: 12pt;\">\u2705 <strong data-start=\"3469\" data-end=\"3497\">D\u1ec5 v\u1eadn h\u00e0nh b\u1eb1ng m\u1ed9t tay<\/strong> \u2013 Ti\u1ec7n l\u1ee3i khi ki\u1ec3m tra <strong data-start=\"3522\" data-end=\"3573\">\u0111\u1ed1i t\u01b0\u1ee3ng kh\u00f3 ti\u1ebfp c\u1eadn ho\u1eb7c kh\u00f4ng th\u1ec3 di chuy\u1ec3n<\/strong>.<\/span><\/p>\n<\/li>\n<li data-start=\"3577\" data-end=\"3658\">\n<p data-start=\"3579\" data-end=\"3658\"><span style=\"font-size: 12pt;\">\u2705 <strong data-start=\"3581\" data-end=\"3603\">\u0110\u00e8n chi\u1ebfu t\u00edch h\u1ee3p<\/strong> \u2013 \u0110\u1ea3m b\u1ea3o <strong data-start=\"3614\" data-end=\"3634\">\u00e1nh s\u00e1ng \u1ed5n \u0111\u1ecbnh<\/strong>, kh\u00f4ng c\u1ea7n \u0111\u00e8n ngo\u00e0i.<\/span><\/p>\n<\/li>\n<li data-start=\"3659\" data-end=\"3747\">\n<p data-start=\"3661\" data-end=\"3747\"><span style=\"font-size: 12pt;\">\u2705 <strong data-start=\"3663\" data-end=\"3689\">\u0110o l\u01b0\u1eddng tr\u00ean m\u00e0n h\u00ecnh<\/strong> \u2013 Bao g\u1ed3m <strong data-start=\"3700\" data-end=\"3724\">l\u01b0\u1edbi v\u00e0 th\u01b0\u1edbc c\u1eb7p \u1ea3o<\/strong> \u0111\u1ec3 \u0111o tr\u00ean tr\u1ee5c X\/Y.<\/span><\/p>\n<\/li>\n<li data-start=\"3748\" data-end=\"3827\">\n<p data-start=\"3750\" data-end=\"3827\"><span style=\"font-size: 12pt;\">\u2705 <strong data-start=\"3752\" data-end=\"3780\">Th\u1eddi l\u01b0\u1ee3ng pin t\u1edbi 6 gi\u1edd<\/strong> \u2013 Ph\u00f9 h\u1ee3p cho c\u00f4ng vi\u1ec7c hi\u1ec7n tr\u01b0\u1eddng d\u00e0i h\u1ea1n.<\/span><\/p>\n<\/li>\n<li data-start=\"3828\" data-end=\"3907\">\n<p data-start=\"3830\" data-end=\"3907\"><span style=\"font-size: 12pt;\">\u2705 <strong data-start=\"3832\" data-end=\"3864\">T\u1ed1i \u01b0u cho quan s\u00e1t c\u1eadn c\u1ea3nh<\/strong> \u2013 H\u00ecnh \u1ea3nh r\u00f5 n\u00e9t h\u01a1n so v\u1edbi \u0111i\u1ec7n tho\u1ea1i.<\/span><\/p>\n<\/li>\n<li data-start=\"3908\" data-end=\"3984\">\n<p data-start=\"3910\" data-end=\"3984\"><span style=\"font-size: 12pt;\">\u2705 <strong data-start=\"3912\" data-end=\"3943\">Thi\u1ebft k\u1ebf ti\u1ec7n d\u1ee5ng, an to\u00e0n<\/strong> \u2013 C\u1ea7m n\u1eafm ch\u1eafc ch\u1eafn, ph\u00f9 h\u1ee3p c\u1ea3 hai tay.<\/span><\/p>\n<\/li>\n<\/ul>\n<h3 data-start=\"3991\" data-end=\"4014\"><span style=\"font-size: 12pt;\">\ud83c\udfaf <strong data-start=\"3998\" data-end=\"4014\">Ph\u00f9 H\u1ee3p Cho:<\/strong><\/span><\/h3>\n<ul data-start=\"4016\" data-end=\"4227\">\n<li data-start=\"4016\" data-end=\"4047\">\n<p data-start=\"4018\" data-end=\"4047\"><span style=\"font-size: 12pt;\">Ki\u1ec3m tra trong s\u1ea3n xu\u1ea5t, QA<\/span><\/p>\n<\/li>\n<li data-start=\"4048\" data-end=\"4084\">\n<p data-start=\"4050\" data-end=\"4084\"><span style=\"font-size: 12pt;\">Ph\u00e2n t\u00edch trong ph\u00f2ng th\u00ed nghi\u1ec7m<\/span><\/p>\n<\/li>\n<li data-start=\"4085\" data-end=\"4116\">\n<p data-start=\"4087\" data-end=\"4116\"><span style=\"font-size: 12pt;\">B\u1ea3o tr\u00ec &amp; s\u1eeda ch\u1eefa thi\u1ebft b\u1ecb<\/span><\/p>\n<\/li>\n<li data-start=\"4117\" data-end=\"4141\">\n<p data-start=\"4119\" data-end=\"4141\"><span style=\"font-size: 12pt;\">Kh\u1ea3o s\u00e1t c\u00f4ng tr\u01b0\u1eddng<\/span><\/p>\n<\/li>\n<li data-start=\"4142\" data-end=\"4193\">\n<p data-start=\"4144\" data-end=\"4193\"><span style=\"font-size: 12pt;\">M\u00f4i tr\u01b0\u1eddng b\u1ea3o m\u1eadt cao (qu\u00e2n s\u1ef1, ph\u00f2ng s\u1ea1ch&#8230;)<\/span><\/p>\n<\/li>\n<li data-start=\"4194\" data-end=\"4227\">\n<p data-start=\"4196\" data-end=\"4227\"><span style=\"font-size: 12pt;\">Gi\u1ea3ng d\u1ea1y v\u00e0 tr\u00ecnh b\u00e0y k\u1ef9 thu\u1eadt<\/span><\/p>\n<\/li>\n<\/ul>\n<h3 data-start=\"4234\" data-end=\"4285\"><span style=\"font-size: 12pt;\">\ud83c\udd9a <strong data-start=\"4241\" data-end=\"4285\">Cam\u03b2 \u01afu Vi\u1ec7t H\u01a1n Smartphone Nh\u01b0 Th\u1ebf N\u00e0o?<\/strong><\/span><\/h3>\n<div class=\"_tableContainer_80l1q_1\">\n<div class=\"_tableWrapper_80l1q_14 group flex w-fit flex-col-reverse\" tabindex=\"-1\">\n<div class=\"sticky end-(--thread-content-margin) h-0 self-end select-none\">\n<div class=\"absolute end-0 flex items-end\">\n<table style=\"border-collapse: collapse; width: 100%;\">\n<tbody>\n<tr data-start=\"4287\" data-end=\"4370\">\n<th style=\"width: 27.6058%;\" data-start=\"4287\" data-end=\"4313\" data-col-size=\"sm\"><span style=\"font-size: 12pt;\">T\u00ednh n\u0103ng<\/span><\/th>\n<th style=\"width: 39.5452%;\" data-start=\"4313\" data-end=\"4344\" data-col-size=\"sm\"><span style=\"font-size: 12pt;\">Cam\u03b2<\/span><\/th>\n<th style=\"width: 32.7858%;\" data-start=\"4344\" data-end=\"4370\" data-col-size=\"sm\"><span style=\"font-size: 12pt;\">Smartphone<\/span><\/th>\n<\/tr>\n<tr data-start=\"4457\" data-end=\"4543\">\n<td style=\"width: 27.6058%;\" data-start=\"4457\" data-end=\"4484\" data-col-size=\"sm\"><span style=\"font-size: 12pt;\">Quan s\u00e1t c\u1eadn c\u1ea3nh<\/span><\/td>\n<td style=\"width: 39.5452%;\" data-start=\"4484\" data-end=\"4516\" data-col-size=\"sm\"><span style=\"font-size: 12pt;\">\u2714 T\u1ed1i \u01b0u \u1ed1ng k\u00ednh k\u1ef9 thu\u1eadt s\u1ed1<\/span><\/td>\n<td style=\"width: 32.7858%;\" data-start=\"4516\" data-end=\"4543\" data-col-size=\"sm\"><span style=\"font-size: 12pt;\">\u2716 Kh\u00f4ng chuy\u00ean d\u1ee5ng<\/span><\/td>\n<\/tr>\n<tr data-start=\"4544\" data-end=\"4632\">\n<td style=\"width: 27.6058%;\" data-start=\"4544\" data-end=\"4571\" data-col-size=\"sm\"><span style=\"font-size: 12pt;\">\u0110\u00e8n t\u00edch h\u1ee3p<\/span><\/td>\n<td style=\"width: 39.5452%;\" data-start=\"4571\" data-end=\"4604\" data-col-size=\"sm\"><span style=\"font-size: 12pt;\">\u2714 \u00c1nh s\u00e1ng tr\u1ef1c ti\u1ebfp &amp; \u1ed5n \u0111\u1ecbnh<\/span><\/td>\n<td style=\"width: 32.7858%;\" data-start=\"4604\" data-end=\"4632\" data-col-size=\"sm\"><span style=\"font-size: 12pt;\">\u2716 C\u1ea7n \u0111\u00e8n ngo\u00e0i<\/span><\/td>\n<\/tr>\n<tr data-start=\"4633\" data-end=\"4721\">\n<td style=\"width: 27.6058%;\" data-start=\"4633\" data-end=\"4660\" data-col-size=\"sm\"><span style=\"font-size: 12pt;\">An to\u00e0n h\u00ecnh \u1ea3nh<\/span><\/td>\n<td style=\"width: 39.5452%;\" data-start=\"4660\" data-end=\"4692\" data-col-size=\"sm\"><span style=\"font-size: 12pt;\">\u2714 Kh\u00f4ng k\u1ebft n\u1ed1i internet<\/span><\/td>\n<td style=\"width: 32.7858%;\" data-start=\"4692\" data-end=\"4721\" data-col-size=\"sm\"><span style=\"font-size: 12pt;\">\u2716 D\u1ec5 b\u1ecb truy xu\u1ea5t d\u1eef li\u1ec7u<\/span><\/td>\n<\/tr>\n<tr data-start=\"4722\" data-end=\"4809\">\n<td style=\"width: 27.6058%;\" data-start=\"4722\" data-end=\"4749\" data-col-size=\"sm\"><span style=\"font-size: 12pt;\">Tr\u00ecnh chi\u1ebfu tr\u1ef1c ti\u1ebfp<\/span><\/td>\n<td style=\"width: 39.5452%;\" data-start=\"4749\" data-end=\"4781\" data-col-size=\"sm\"><span style=\"font-size: 12pt;\">\u2714 Qua HDMI d\u1ec5 d\u00e0ng<\/span><\/td>\n<td style=\"width: 32.7858%;\" data-start=\"4781\" data-end=\"4809\" data-col-size=\"sm\"><span style=\"font-size: 12pt;\">\u2716 C\u1ea7n \u1ee9ng d\u1ee5ng ngo\u00e0i<\/span><\/td>\n<\/tr>\n<tr data-start=\"4810\" data-end=\"4898\">\n<td style=\"width: 27.6058%;\" data-start=\"4810\" data-end=\"4837\" data-col-size=\"sm\"><span style=\"font-size: 12pt;\">C\u00f4ng c\u1ee5 \u0111o l\u01b0\u1eddng<\/span><\/td>\n<td style=\"width: 39.5452%;\" data-start=\"4837\" data-end=\"4869\" data-col-size=\"sm\"><span style=\"font-size: 12pt;\">\u2714 C\u00f3 l\u01b0\u1edbi v\u00e0 th\u01b0\u1edbc \u0111o \u1ea3o<\/span><\/td>\n<td style=\"width: 32.7858%;\" data-start=\"4869\" data-end=\"4898\" data-col-size=\"sm\"><span style=\"font-size: 12pt;\">\u2716 Kh\u00f4ng h\u1ed7 tr\u1ee3 chuy\u00ean s\u00e2u<\/span><\/td>\n<\/tr>\n<\/tbody>\n<\/table>\n<\/div>\n<\/div>\n<\/div>\n<\/div>\n","protected":false},"excerpt":{"rendered":"<p>Cam\u03b2 (CamBeta) l\u00e0 thi\u1ebft b\u1ecb k\u00ednh l\u00fap k\u1ef9 thu\u1eadt s\u1ed1 c\u1ea7m tay c\u00f3 \u0111\u1ed9 ph\u00f3ng \u0111\u1ea1i l\u00ean t\u1edbi 20 l\u1ea7n<\/p>\n","protected":false},"author":1,"featured_media":5547,"parent":0,"menu_order":7,"comment_status":"open","ping_status":"closed","template":"","meta":{"inline_featured_image":false,"footnotes":""},"service-category":[84,86],"service_tag":[],"class_list":["post-1599","product","type-product","status-publish","has-post-thumbnail","hentry","service-category-giai-phap-kiem-tra-va-do-luong","service-category-kinh-hien-vi-quang-hoc"],"yoast_head":"<!-- This site is optimized with the Yoast SEO plugin v27.4 - https:\/\/yoast.com\/product\/yoast-seo-wordpress\/ -->\n<title>K\u00cdNH HI\u1ec2N VI CAM\u03b2 - LORIOT INDUSTRIAL<\/title>\n<meta name=\"description\" content=\"K\u00ednh hi\u1ec3n vi Cam\u03b2 (CamBeta) l\u00e0 m\u1ed9t k\u00ednh l\u00fap ki\u1ec3m tra k\u1ef9 thu\u1eadt s\u1ed1 v\u1edbi \u0111\u1ed9 ph\u00f3ng \u0111\u1ea1i l\u00ean \u0111\u1ebfn 20x, \u0111\u00e3 \u0111\u01b0\u1ee3c thi\u1ebft k\u1ebf cho m\u1ed9t lo\u1ea1t c\u00e1c \u1ee9ng d\u1ee5ng.\" \/>\n<meta name=\"robots\" content=\"index, follow, max-snippet:-1, max-image-preview:large, max-video-preview:-1\" \/>\n<link rel=\"canonical\" href=\"https:\/\/loriot.com.vn\/vi\/product\/kinh-hien-vi-cam\u03b2\/\" \/>\n<meta property=\"og:locale\" content=\"vi_VN\" \/>\n<meta property=\"og:type\" content=\"article\" \/>\n<meta property=\"og:title\" content=\"K\u00cdNH HI\u1ec2N VI CAM\u03b2 - LORIOT INDUSTRIAL\" \/>\n<meta property=\"og:description\" content=\"K\u00ednh hi\u1ec3n vi Cam\u03b2 (CamBeta) l\u00e0 m\u1ed9t k\u00ednh l\u00fap ki\u1ec3m tra k\u1ef9 thu\u1eadt s\u1ed1 v\u1edbi \u0111\u1ed9 ph\u00f3ng \u0111\u1ea1i l\u00ean \u0111\u1ebfn 20x, \u0111\u00e3 \u0111\u01b0\u1ee3c thi\u1ebft k\u1ebf cho m\u1ed9t lo\u1ea1t c\u00e1c \u1ee9ng d\u1ee5ng.\" \/>\n<meta property=\"og:url\" content=\"https:\/\/loriot.com.vn\/vi\/product\/kinh-hien-vi-cam\u03b2\/\" \/>\n<meta property=\"og:site_name\" content=\"LORIOT INDUSTRIAL\" \/>\n<meta property=\"article:publisher\" content=\"https:\/\/www.facebook.com\/Loriot-Industrial-COLTD-103044855046633\" \/>\n<meta property=\"article:modified_time\" content=\"2025-07-09T04:28:47+00:00\" \/>\n<meta property=\"og:image\" content=\"https:\/\/loriot.com.vn\/wp-content\/uploads\/2021\/08\/1-01-1.png\" \/>\n\t<meta property=\"og:image:width\" content=\"1500\" \/>\n\t<meta property=\"og:image:height\" content=\"1000\" \/>\n\t<meta property=\"og:image:type\" content=\"image\/png\" \/>\n<meta name=\"twitter:card\" content=\"summary_large_image\" \/>\n<meta name=\"twitter:label1\" content=\"\u01af\u1edbc t\u00ednh th\u1eddi gian \u0111\u1ecdc\" \/>\n\t<meta name=\"twitter:data1\" content=\"2 ph\u00fat\" \/>\n<script type=\"application\/ld+json\" class=\"yoast-schema-graph\">{\"@context\":\"https:\\\/\\\/schema.org\",\"@graph\":[{\"@type\":\"WebPage\",\"@id\":\"https:\\\/\\\/loriot.com.vn\\\/vi\\\/product\\\/kinh-hien-vi-cam%ce%b2\\\/\",\"url\":\"https:\\\/\\\/loriot.com.vn\\\/vi\\\/product\\\/kinh-hien-vi-cam%ce%b2\\\/\",\"name\":\"K\u00cdNH HI\u1ec2N VI CAM\u03b2 - LORIOT INDUSTRIAL\",\"isPartOf\":{\"@id\":\"https:\\\/\\\/loriot.com.vn\\\/#website\"},\"primaryImageOfPage\":{\"@id\":\"https:\\\/\\\/loriot.com.vn\\\/vi\\\/product\\\/kinh-hien-vi-cam%ce%b2\\\/#primaryimage\"},\"image\":{\"@id\":\"https:\\\/\\\/loriot.com.vn\\\/vi\\\/product\\\/kinh-hien-vi-cam%ce%b2\\\/#primaryimage\"},\"thumbnailUrl\":\"https:\\\/\\\/loriot.com.vn\\\/wp-content\\\/uploads\\\/2021\\\/08\\\/1-01-1.png\",\"datePublished\":\"2021-08-03T15:38:20+00:00\",\"dateModified\":\"2025-07-09T04:28:47+00:00\",\"description\":\"K\u00ednh hi\u1ec3n vi Cam\u03b2 (CamBeta) l\u00e0 m\u1ed9t k\u00ednh l\u00fap ki\u1ec3m tra k\u1ef9 thu\u1eadt s\u1ed1 v\u1edbi \u0111\u1ed9 ph\u00f3ng \u0111\u1ea1i l\u00ean \u0111\u1ebfn 20x, \u0111\u00e3 \u0111\u01b0\u1ee3c thi\u1ebft k\u1ebf cho m\u1ed9t lo\u1ea1t c\u00e1c \u1ee9ng d\u1ee5ng.\",\"breadcrumb\":{\"@id\":\"https:\\\/\\\/loriot.com.vn\\\/vi\\\/product\\\/kinh-hien-vi-cam%ce%b2\\\/#breadcrumb\"},\"inLanguage\":\"vi\",\"potentialAction\":[{\"@type\":\"ReadAction\",\"target\":[\"https:\\\/\\\/loriot.com.vn\\\/vi\\\/product\\\/kinh-hien-vi-cam%ce%b2\\\/\"]}]},{\"@type\":\"ImageObject\",\"inLanguage\":\"vi\",\"@id\":\"https:\\\/\\\/loriot.com.vn\\\/vi\\\/product\\\/kinh-hien-vi-cam%ce%b2\\\/#primaryimage\",\"url\":\"https:\\\/\\\/loriot.com.vn\\\/wp-content\\\/uploads\\\/2021\\\/08\\\/1-01-1.png\",\"contentUrl\":\"https:\\\/\\\/loriot.com.vn\\\/wp-content\\\/uploads\\\/2021\\\/08\\\/1-01-1.png\",\"width\":1500,\"height\":1000},{\"@type\":\"BreadcrumbList\",\"@id\":\"https:\\\/\\\/loriot.com.vn\\\/vi\\\/product\\\/kinh-hien-vi-cam%ce%b2\\\/#breadcrumb\",\"itemListElement\":[{\"@type\":\"ListItem\",\"position\":1,\"name\":\"Home\",\"item\":\"https:\\\/\\\/loriot.com.vn\\\/vi\\\/\"},{\"@type\":\"ListItem\",\"position\":2,\"name\":\"Products\",\"item\":\"https:\\\/\\\/loriot.com.vn\\\/product\\\/\"},{\"@type\":\"ListItem\",\"position\":3,\"name\":\"K\u00cdNH HI\u1ec2N VI CAM\u03b2\"}]},{\"@type\":\"WebSite\",\"@id\":\"https:\\\/\\\/loriot.com.vn\\\/#website\",\"url\":\"https:\\\/\\\/loriot.com.vn\\\/\",\"name\":\"LORIOT INDUSTRIAL CO.,LTD\",\"description\":\"\",\"publisher\":{\"@id\":\"https:\\\/\\\/loriot.com.vn\\\/#organization\"},\"potentialAction\":[{\"@type\":\"SearchAction\",\"target\":{\"@type\":\"EntryPoint\",\"urlTemplate\":\"https:\\\/\\\/loriot.com.vn\\\/?s={search_term_string}\"},\"query-input\":{\"@type\":\"PropertyValueSpecification\",\"valueRequired\":true,\"valueName\":\"search_term_string\"}}],\"inLanguage\":\"vi\"},{\"@type\":\"Organization\",\"@id\":\"https:\\\/\\\/loriot.com.vn\\\/#organization\",\"name\":\"Loriot Industrial Co.,Ltd\",\"url\":\"https:\\\/\\\/loriot.com.vn\\\/\",\"logo\":{\"@type\":\"ImageObject\",\"inLanguage\":\"vi\",\"@id\":\"https:\\\/\\\/loriot.com.vn\\\/#\\\/schema\\\/logo\\\/image\\\/\",\"url\":\"https:\\\/\\\/loriot.com.vn\\\/wp-content\\\/uploads\\\/2021\\\/08\\\/logo-ft.png\",\"contentUrl\":\"https:\\\/\\\/loriot.com.vn\\\/wp-content\\\/uploads\\\/2021\\\/08\\\/logo-ft.png\",\"width\":333,\"height\":101,\"caption\":\"Loriot Industrial Co.,Ltd\"},\"image\":{\"@id\":\"https:\\\/\\\/loriot.com.vn\\\/#\\\/schema\\\/logo\\\/image\\\/\"},\"sameAs\":[\"https:\\\/\\\/www.facebook.com\\\/Loriot-Industrial-COLTD-103044855046633\"]}]}<\/script>\n<!-- \/ Yoast SEO plugin. -->","yoast_head_json":{"title":"K\u00cdNH HI\u1ec2N VI CAM\u03b2 - LORIOT INDUSTRIAL","description":"K\u00ednh hi\u1ec3n vi Cam\u03b2 (CamBeta) l\u00e0 m\u1ed9t k\u00ednh l\u00fap ki\u1ec3m tra k\u1ef9 thu\u1eadt s\u1ed1 v\u1edbi \u0111\u1ed9 ph\u00f3ng \u0111\u1ea1i l\u00ean \u0111\u1ebfn 20x, \u0111\u00e3 \u0111\u01b0\u1ee3c thi\u1ebft k\u1ebf cho m\u1ed9t lo\u1ea1t c\u00e1c \u1ee9ng d\u1ee5ng.","robots":{"index":"index","follow":"follow","max-snippet":"max-snippet:-1","max-image-preview":"max-image-preview:large","max-video-preview":"max-video-preview:-1"},"canonical":"https:\/\/loriot.com.vn\/vi\/product\/kinh-hien-vi-cam\u03b2\/","og_locale":"vi_VN","og_type":"article","og_title":"K\u00cdNH HI\u1ec2N VI CAM\u03b2 - LORIOT INDUSTRIAL","og_description":"K\u00ednh hi\u1ec3n vi Cam\u03b2 (CamBeta) l\u00e0 m\u1ed9t k\u00ednh l\u00fap ki\u1ec3m tra k\u1ef9 thu\u1eadt s\u1ed1 v\u1edbi \u0111\u1ed9 ph\u00f3ng \u0111\u1ea1i l\u00ean \u0111\u1ebfn 20x, \u0111\u00e3 \u0111\u01b0\u1ee3c thi\u1ebft k\u1ebf cho m\u1ed9t lo\u1ea1t c\u00e1c \u1ee9ng d\u1ee5ng.","og_url":"https:\/\/loriot.com.vn\/vi\/product\/kinh-hien-vi-cam\u03b2\/","og_site_name":"LORIOT INDUSTRIAL","article_publisher":"https:\/\/www.facebook.com\/Loriot-Industrial-COLTD-103044855046633","article_modified_time":"2025-07-09T04:28:47+00:00","og_image":[{"width":1500,"height":1000,"url":"https:\/\/loriot.com.vn\/wp-content\/uploads\/2021\/08\/1-01-1.png","type":"image\/png"}],"twitter_card":"summary_large_image","twitter_misc":{"\u01af\u1edbc t\u00ednh th\u1eddi gian \u0111\u1ecdc":"2 ph\u00fat"},"schema":{"@context":"https:\/\/schema.org","@graph":[{"@type":"WebPage","@id":"https:\/\/loriot.com.vn\/vi\/product\/kinh-hien-vi-cam%ce%b2\/","url":"https:\/\/loriot.com.vn\/vi\/product\/kinh-hien-vi-cam%ce%b2\/","name":"K\u00cdNH HI\u1ec2N VI CAM\u03b2 - LORIOT INDUSTRIAL","isPartOf":{"@id":"https:\/\/loriot.com.vn\/#website"},"primaryImageOfPage":{"@id":"https:\/\/loriot.com.vn\/vi\/product\/kinh-hien-vi-cam%ce%b2\/#primaryimage"},"image":{"@id":"https:\/\/loriot.com.vn\/vi\/product\/kinh-hien-vi-cam%ce%b2\/#primaryimage"},"thumbnailUrl":"https:\/\/loriot.com.vn\/wp-content\/uploads\/2021\/08\/1-01-1.png","datePublished":"2021-08-03T15:38:20+00:00","dateModified":"2025-07-09T04:28:47+00:00","description":"K\u00ednh hi\u1ec3n vi Cam\u03b2 (CamBeta) l\u00e0 m\u1ed9t k\u00ednh l\u00fap ki\u1ec3m tra k\u1ef9 thu\u1eadt s\u1ed1 v\u1edbi \u0111\u1ed9 ph\u00f3ng \u0111\u1ea1i l\u00ean \u0111\u1ebfn 20x, \u0111\u00e3 \u0111\u01b0\u1ee3c thi\u1ebft k\u1ebf cho m\u1ed9t lo\u1ea1t c\u00e1c \u1ee9ng d\u1ee5ng.","breadcrumb":{"@id":"https:\/\/loriot.com.vn\/vi\/product\/kinh-hien-vi-cam%ce%b2\/#breadcrumb"},"inLanguage":"vi","potentialAction":[{"@type":"ReadAction","target":["https:\/\/loriot.com.vn\/vi\/product\/kinh-hien-vi-cam%ce%b2\/"]}]},{"@type":"ImageObject","inLanguage":"vi","@id":"https:\/\/loriot.com.vn\/vi\/product\/kinh-hien-vi-cam%ce%b2\/#primaryimage","url":"https:\/\/loriot.com.vn\/wp-content\/uploads\/2021\/08\/1-01-1.png","contentUrl":"https:\/\/loriot.com.vn\/wp-content\/uploads\/2021\/08\/1-01-1.png","width":1500,"height":1000},{"@type":"BreadcrumbList","@id":"https:\/\/loriot.com.vn\/vi\/product\/kinh-hien-vi-cam%ce%b2\/#breadcrumb","itemListElement":[{"@type":"ListItem","position":1,"name":"Home","item":"https:\/\/loriot.com.vn\/vi\/"},{"@type":"ListItem","position":2,"name":"Products","item":"https:\/\/loriot.com.vn\/product\/"},{"@type":"ListItem","position":3,"name":"K\u00cdNH HI\u1ec2N VI CAM\u03b2"}]},{"@type":"WebSite","@id":"https:\/\/loriot.com.vn\/#website","url":"https:\/\/loriot.com.vn\/","name":"LORIOT INDUSTRIAL CO.,LTD","description":"","publisher":{"@id":"https:\/\/loriot.com.vn\/#organization"},"potentialAction":[{"@type":"SearchAction","target":{"@type":"EntryPoint","urlTemplate":"https:\/\/loriot.com.vn\/?s={search_term_string}"},"query-input":{"@type":"PropertyValueSpecification","valueRequired":true,"valueName":"search_term_string"}}],"inLanguage":"vi"},{"@type":"Organization","@id":"https:\/\/loriot.com.vn\/#organization","name":"Loriot Industrial Co.,Ltd","url":"https:\/\/loriot.com.vn\/","logo":{"@type":"ImageObject","inLanguage":"vi","@id":"https:\/\/loriot.com.vn\/#\/schema\/logo\/image\/","url":"https:\/\/loriot.com.vn\/wp-content\/uploads\/2021\/08\/logo-ft.png","contentUrl":"https:\/\/loriot.com.vn\/wp-content\/uploads\/2021\/08\/logo-ft.png","width":333,"height":101,"caption":"Loriot Industrial Co.,Ltd"},"image":{"@id":"https:\/\/loriot.com.vn\/#\/schema\/logo\/image\/"},"sameAs":["https:\/\/www.facebook.com\/Loriot-Industrial-COLTD-103044855046633"]}]}},"_links":{"self":[{"href":"https:\/\/loriot.com.vn\/vi\/wp-json\/wp\/v2\/product\/1599","targetHints":{"allow":["GET"]}}],"collection":[{"href":"https:\/\/loriot.com.vn\/vi\/wp-json\/wp\/v2\/product"}],"about":[{"href":"https:\/\/loriot.com.vn\/vi\/wp-json\/wp\/v2\/types\/product"}],"author":[{"embeddable":true,"href":"https:\/\/loriot.com.vn\/vi\/wp-json\/wp\/v2\/users\/1"}],"replies":[{"embeddable":true,"href":"https:\/\/loriot.com.vn\/vi\/wp-json\/wp\/v2\/comments?post=1599"}],"version-history":[{"count":33,"href":"https:\/\/loriot.com.vn\/vi\/wp-json\/wp\/v2\/product\/1599\/revisions"}],"predecessor-version":[{"id":5551,"href":"https:\/\/loriot.com.vn\/vi\/wp-json\/wp\/v2\/product\/1599\/revisions\/5551"}],"wp:featuredmedia":[{"embeddable":true,"href":"https:\/\/loriot.com.vn\/vi\/wp-json\/wp\/v2\/media\/5547"}],"wp:attachment":[{"href":"https:\/\/loriot.com.vn\/vi\/wp-json\/wp\/v2\/media?parent=1599"}],"wp:term":[{"taxonomy":"service-category","embeddable":true,"href":"https:\/\/loriot.com.vn\/vi\/wp-json\/wp\/v2\/service-category?post=1599"},{"taxonomy":"service_tag","embeddable":true,"href":"https:\/\/loriot.com.vn\/vi\/wp-json\/wp\/v2\/service_tag?post=1599"}],"curies":[{"name":"wp","href":"https:\/\/api.w.org\/{rel}","templated":true}]}}