{"id":1611,"date":"2021-08-04T03:14:07","date_gmt":"2021-08-04T03:14:07","guid":{"rendered":"http:\/\/loriot.com.vn\/product\/denon-bga-rework-500iii-500siii\/"},"modified":"2025-07-10T11:38:59","modified_gmt":"2025-07-10T04:38:59","slug":"may-bga-500iii-500siii","status":"publish","type":"product","link":"https:\/\/loriot.com.vn\/vi\/product\/may-bga-500iii-500siii\/","title":{"rendered":"M\u00c1Y BGA 500III &#038; 500SII"},"content":{"rendered":"<h2 style=\"text-align: center;\" data-start=\"2573\" data-end=\"2678\"><span style=\"font-size: 14pt;\"><strong data-start=\"2581\" data-end=\"2678\">BGA Rework 500III &amp; 500SIII\u00a0<\/strong><\/span><\/h2>\n<h2 style=\"text-align: center;\" data-start=\"2573\" data-end=\"2678\"><span style=\"font-size: 14pt;\"><strong data-start=\"2581\" data-end=\"2678\">Tr\u1ea1m S\u1eeda Ch\u1eefa BGA B\u00e1n T\u1ef1 \u0110\u1ed9ng Chu\u1ea9n Ch\u00ednh X\u00e1c Cho H\u00e0n Kh\u00f4ng Ch\u00ec<\/strong><\/span><\/h2>\n<p>&nbsp;<\/p>\n<h3 data-start=\"2680\" data-end=\"2742\"><span style=\"font-size: 12pt;\"><strong data-start=\"2684\" data-end=\"2742\">\u1ed4n \u0111\u1ecbnh nhi\u1ec7t | T\u1ef1 t\u1ea1o h\u1ed3 s\u01a1 nhi\u1ec7t | S\u1eeda ch\u1eefa hi\u1ec7u qu\u1ea3<\/strong><\/span><\/h3>\n<p data-start=\"2744\" data-end=\"3109\"><span style=\"font-size: 12pt;\"><strong data-start=\"2744\" data-end=\"2775\">BGA Rework 500III &amp; 500SIII<\/strong> l\u00e0 h\u1ec7 th\u1ed1ng s\u1eeda ch\u1eefa BGA <strong data-start=\"2801\" data-end=\"2816\">b\u00e1n t\u1ef1 \u0111\u1ed9ng<\/strong>, \u0111\u01b0\u1ee3c thi\u1ebft k\u1ebf d\u00e0nh ri\u00eang cho <strong data-start=\"2847\" data-end=\"2864\">h\u00e0n kh\u00f4ng ch\u00ec<\/strong> v\u00e0 c\u00e1c \u1ee9ng d\u1ee5ng s\u1eeda ch\u1eefa bo m\u1ea1ch hi\u1ec7n \u0111\u1ea1i. V\u1edbi <strong data-start=\"2912\" data-end=\"2936\">3 v\u00f9ng nhi\u1ec7t \u0111\u1ed9c l\u1eadp<\/strong>, t\u00ednh n\u0103ng <strong data-start=\"2948\" data-end=\"2992\">t\u1ef1 \u0111\u1ed9ng t\u1ea1o h\u1ed3 s\u01a1 nhi\u1ec7t (Auto-profiling)<\/strong>, c\u00f9ng c\u00f4ng c\u1ee5 canh ch\u1ec9nh t\u00edch h\u1ee3p, thi\u1ebft b\u1ecb mang l\u1ea1i <strong data-start=\"3046\" data-end=\"3084\">hi\u1ec7u qu\u1ea3 cao, \u0111\u1ed9 ch\u00ednh x\u00e1c \u1ed5n \u0111\u1ecbnh<\/strong> cho m\u1ecdi thao t\u00e1c rework.<\/span><\/p>\n<h3 data-start=\"3116\" data-end=\"3144\"><span style=\"font-size: 12pt;\">\ud83d\udd27 <strong data-start=\"3123\" data-end=\"3144\">T\u00ednh N\u0103ng N\u1ed5i B\u1eadt<\/strong><\/span><\/h3>\n<h4 data-start=\"3146\" data-end=\"3182\"><span style=\"font-size: 12pt;\">\u2705 <strong data-start=\"3153\" data-end=\"3182\">H\u1ec7 Th\u1ed1ng 3 V\u00f9ng Gia Nhi\u1ec7t<\/strong><\/span><\/h4>\n<ul data-start=\"3183\" data-end=\"3358\">\n<li data-start=\"3183\" data-end=\"3270\">\n<p data-start=\"3185\" data-end=\"3270\"><span style=\"font-size: 12pt;\"><strong data-start=\"3185\" data-end=\"3238\">Gia nhi\u1ec7t tr\u00ean \u2013 d\u01b0\u1edbi b\u1eb1ng kh\u00ed n\u00f3ng c\u00f4ng su\u1ea5t cao<\/strong>, t\u00e1i t\u1ea1o h\u1ed3 s\u01a1 reflow \u1ed5n \u0111\u1ecbnh<\/span><\/p>\n<\/li>\n<li data-start=\"3271\" data-end=\"3358\">\n<p data-start=\"3273\" data-end=\"3358\"><span style=\"font-size: 12pt;\"><strong data-start=\"3273\" data-end=\"3334\">Gia nhi\u1ec7t \u0111\u00e1y b\u1eb1ng tia h\u1ed3ng ngo\u1ea1i s\u00f3ng d\u00e0i (Long wave IR)<\/strong> gi\u00fap <strong data-start=\"3340\" data-end=\"3358\">ch\u1ed1ng cong PCB<\/strong><\/span><\/p>\n<\/li>\n<\/ul>\n<h4 data-start=\"3360\" data-end=\"3394\"><span style=\"font-size: 12pt;\">\u2705 <strong data-start=\"3367\" data-end=\"3394\">H\u1ec7 Th\u1ed1ng L\u00e0m M\u00e1t 3 \u0110i\u1ec3m<\/strong><\/span><\/h4>\n<ul data-start=\"3395\" data-end=\"3503\">\n<li data-start=\"3395\" data-end=\"3444\">\n<p data-start=\"3397\" data-end=\"3444\"><span style=\"font-size: 12pt;\"><strong data-start=\"3397\" data-end=\"3442\">L\u00e0m m\u00e1t b\u1eb1ng kh\u00ed qua \u0111\u1ea7u phun v\u00e0 qu\u1ea1t ph\u1ee5<\/strong><\/span><\/p>\n<\/li>\n<li data-start=\"3445\" data-end=\"3503\">\n<p data-start=\"3447\" data-end=\"3503\"><span style=\"font-size: 12pt;\">\u1ed4n \u0111\u1ecbnh nhanh sau h\u00e0n, t\u0103ng <strong data-start=\"3475\" data-end=\"3503\">\u0111\u1ed9 b\u1ec1n k\u1ebft n\u1ed1i kh\u00f4ng ch\u00ec<\/strong><\/span><\/p>\n<\/li>\n<\/ul>\n<h4 data-start=\"3505\" data-end=\"3556\"><span style=\"font-size: 12pt;\">\u2705 <strong data-start=\"3512\" data-end=\"3556\">T\u1ef1 \u0110\u1ed9ng T\u1ea1o H\u1ed3 S\u01a1 Nhi\u1ec7t (Auto-Profiling)<\/strong><\/span><\/h4>\n<ul data-start=\"3557\" data-end=\"3730\">\n<li data-start=\"3557\" data-end=\"3614\">\n<p data-start=\"3559\" data-end=\"3614\"><span style=\"font-size: 12pt;\">G\u1eafn <strong data-start=\"3563\" data-end=\"3612\">2 c\u1eb7p nhi\u1ec7t k\u1ebf (TC): \u0111\u1ea7u linh ki\u1ec7n &amp; b\u00f3ng h\u00e0n<\/strong><\/span><\/p>\n<\/li>\n<li data-start=\"3615\" data-end=\"3679\">\n<p data-start=\"3617\" data-end=\"3679\"><span style=\"font-size: 12pt;\">H\u1ec7 th\u1ed1ng t\u1ef1 t\u1ea1o v\u00e0 l\u01b0u h\u1ed3 s\u01a1 nhi\u1ec7t theo bi\u1ec3u \u0111\u1ed3 \u0111\u00e3 thi\u1ebft l\u1eadp<\/span><\/p>\n<\/li>\n<li data-start=\"3680\" data-end=\"3730\">\n<p data-start=\"3682\" data-end=\"3730\"><span style=\"font-size: 12pt;\">C\u00f3 th\u1ec3 g\u1ecdi l\u1ea1i \u0111\u1ec3 d\u00f9ng l\u1ea1i ho\u1eb7c t\u1ed1i \u01b0u quy tr\u00ecnh<\/span><\/p>\n<\/li>\n<\/ul>\n<h4 data-start=\"3732\" data-end=\"3782\"><span style=\"font-size: 12pt;\">\u2705 <strong data-start=\"3739\" data-end=\"3782\">T\u00edch H\u1ee3p Chu\u1ea9n B\u1ecb &amp; C\u0103n Ch\u1ec9nh Linh Ki\u1ec7n<\/strong><\/span><\/h4>\n<ul data-start=\"3783\" data-end=\"3981\">\n<li data-start=\"3783\" data-end=\"3824\">\n<p data-start=\"3785\" data-end=\"3824\"><span style=\"font-size: 12pt;\">Bao g\u1ed3m <strong data-start=\"3793\" data-end=\"3822\">b\u1ed9 BP500 chu\u1ea9n b\u1ecb kem h\u00e0n<\/strong><\/span><\/p>\n<\/li>\n<li data-start=\"3825\" data-end=\"3917\">\n<p data-start=\"3827\" data-end=\"3917\"><span style=\"font-size: 12pt;\">C\u00e1nh tay quang h\u1ecdc v\u00e0 ph\u1ea7n m\u1ec1m c\u0103n ch\u1ec9nh gi\u00fap <strong data-start=\"3873\" data-end=\"3915\">ph\u00f3ng to \u2013 l\u1ea5y n\u00e9t \u2013 chia \u0111\u00f4i m\u00e0n h\u00ecnh<\/strong><\/span><\/p>\n<\/li>\n<li data-start=\"3918\" data-end=\"3981\">\n<p data-start=\"3920\" data-end=\"3981\"><span style=\"font-size: 12pt;\">H\u1ed7 tr\u1ee3 to\u00e0n b\u1ed9 quy tr\u00ecnh: <strong data-start=\"3946\" data-end=\"3981\">thoa kem \u2192 canh \u2192 \u0111\u1eb7t linh ki\u1ec7n<\/strong><\/span><\/p>\n<\/li>\n<\/ul>\n<h4 data-start=\"3983\" data-end=\"4025\"><span style=\"font-size: 12pt;\">\u2705 <strong data-start=\"3990\" data-end=\"4025\">Ki\u1ec3m Tra &amp; \u0110i\u1ec1u Ch\u1ec9nh Linh Ho\u1ea1t<\/strong><\/span><\/h4>\n<ul data-start=\"4026\" data-end=\"4206\">\n<li data-start=\"4026\" data-end=\"4095\">\n<p data-start=\"4028\" data-end=\"4095\"><span style=\"font-size: 12pt;\"><strong data-start=\"4028\" data-end=\"4064\">M\u00e0n h\u00ecnh chia \u0111\u00f4i (split screen)<\/strong> gi\u00fap <strong data-start=\"4070\" data-end=\"4093\">c\u0103n \u0111\u00fang ch\u00e2n \u2013 pad<\/strong><\/span><\/p>\n<\/li>\n<li data-start=\"4096\" data-end=\"4150\">\n<p data-start=\"4098\" data-end=\"4150\"><span style=\"font-size: 12pt;\">N\u00fat \u0111i\u1ec1u ch\u1ec9nh g\u00f3c <strong data-start=\"4117\" data-end=\"4126\">theta<\/strong> cho \u0111\u1ed9 xoay ch\u00ednh x\u00e1c<\/span><\/p>\n<\/li>\n<li data-start=\"4151\" data-end=\"4206\">\n<p data-start=\"4153\" data-end=\"4206\"><span style=\"font-size: 12pt;\"><strong data-start=\"4153\" data-end=\"4176\">5 c\u1ed5ng \u0111\u1ea7u d\u00f2 nhi\u1ec7t<\/strong> cho theo d\u00f5i nhi\u1ec7t \u0111\u1ed9 \u0111a \u0111i\u1ec3m<\/span><\/p>\n<\/li>\n<\/ul>\n<h4 data-start=\"4208\" data-end=\"4244\"><span style=\"font-size: 12pt;\">\u2705 <strong data-start=\"4215\" data-end=\"4244\">B\u1ed9 Nh\u1edb &amp; B\u1ea3o M\u1eadt T\u00edch H\u1ee3p<\/strong><\/span><\/h4>\n<ul data-start=\"4245\" data-end=\"4388\">\n<li data-start=\"4245\" data-end=\"4284\">\n<p data-start=\"4247\" data-end=\"4284\"><span style=\"font-size: 12pt;\">B\u1ed9 nh\u1edb flash l\u01b0u tr\u1eef c\u1ea5u h\u00ecnh nhi\u1ec7t<\/span><\/p>\n<\/li>\n<li data-start=\"4285\" data-end=\"4339\">\n<p data-start=\"4287\" data-end=\"4339\"><span style=\"font-size: 12pt;\"><strong data-start=\"4287\" data-end=\"4313\">Ch\u1ee9c n\u0103ng kh\u00f3a b\u1ea3o m\u1eadt<\/strong> ng\u0103n truy c\u1eadp tr\u00e1i ph\u00e9p<\/span><\/p>\n<\/li>\n<li data-start=\"4340\" data-end=\"4388\">\n<p data-start=\"4342\" data-end=\"4388\"><span style=\"font-size: 12pt;\">Giao di\u1ec7n v\u1eadn h\u00e0nh <strong data-start=\"4361\" data-end=\"4388\">th\u00e2n thi\u1ec7n &amp; d\u1ec5 s\u1eed d\u1ee5ng<\/strong><\/span><\/p>\n<\/li>\n<\/ul>\n<h3 data-start=\"4395\" data-end=\"4427\"><span style=\"font-size: 12pt;\">\u2699\ufe0f <strong data-start=\"4402\" data-end=\"4427\">\u1ee8ng D\u1ee5ng Ph\u00f9 H\u1ee3p Cho:<\/strong><\/span><\/h3>\n<ul data-start=\"4428\" data-end=\"4571\">\n<li data-start=\"4428\" data-end=\"4459\">\n<p data-start=\"4430\" data-end=\"4459\"><span style=\"font-size: 12pt;\">S\u1eeda ch\u1eefa linh ki\u1ec7n SMD, BGA<\/span><\/p>\n<\/li>\n<li data-start=\"4460\" data-end=\"4493\">\n<p data-start=\"4462\" data-end=\"4493\"><span style=\"font-size: 12pt;\">H\u00e0n m\u1eabu, l\u1eafp r\u00e1p s\u1ed1 l\u01b0\u1ee3ng nh\u1ecf<\/span><\/p>\n<\/li>\n<li data-start=\"4494\" data-end=\"4531\">\n<p data-start=\"4496\" data-end=\"4531\"><span style=\"font-size: 12pt;\">H\u1ed3i ph\u1ee5c m\u1ed1i h\u00e0n kh\u00f4ng ch\u00ec b\u1ecb l\u1ed7i<\/span><\/p>\n<\/li>\n<li data-start=\"4532\" data-end=\"4571\">\n<p data-start=\"4534\" data-end=\"4571\"><span style=\"font-size: 12pt;\">\u0110\u00e0o t\u1ea1o k\u1ef9 thu\u1eadt &amp; b\u1ea3o tr\u00ec chuy\u00ean s\u00e2u<\/span><\/p>\n<\/li>\n<\/ul>\n<blockquote data-start=\"4578\" data-end=\"4799\">\n<p data-start=\"4580\" data-end=\"4799\"><span style=\"font-size: 12pt;\"><strong data-start=\"4580\" data-end=\"4611\">BGA Rework 500III &amp; 500SIII<\/strong> \u2013 Gi\u1ea3i ph\u00e1p s\u1eeda ch\u1eefa bo m\u1ea1ch hi\u1ec7n \u0111\u1ea1i v\u1edbi <strong data-start=\"4654\" data-end=\"4734\">c\u00f4ng ngh\u1ec7 gia nhi\u1ec7t th\u00f4ng minh, t\u1ef1 \u0111\u1ed9ng t\u1ea1o h\u1ed3 s\u01a1 v\u00e0 \u0111\u1eb7t linh ki\u1ec7n ch\u00ednh x\u00e1c<\/strong>, \u0111\u1ea3m b\u1ea3o k\u1ebft qu\u1ea3 <strong data-start=\"4752\" data-end=\"4798\">\u1ed5n \u0111\u1ecbnh, l\u1eb7p l\u1ea1i \u0111\u01b0\u1ee3c, ti\u1ebft ki\u1ec7m th\u1eddi gian<\/strong>.<\/span><\/p>\n<\/blockquote>\n","protected":false},"excerpt":{"rendered":"<p>BGA Rework 500III &#038; 500SIII \u2013 Gi\u1ea3i ph\u00e1p s\u1eeda ch\u1eefa bo m\u1ea1ch hi\u1ec7n \u0111\u1ea1i v\u1edbi c\u00f4ng ngh\u1ec7 gia nhi\u1ec7t th\u00f4ng minh<\/p>\n","protected":false},"author":1,"featured_media":4388,"parent":0,"menu_order":5,"comment_status":"open","ping_status":"closed","template":"","meta":{"inline_featured_image":false,"footnotes":""},"service-category":[95,94],"service_tag":[111],"class_list":["post-1611","product","type-product","status-publish","has-post-thumbnail","hentry","service-category-tram-han-sua-linh-kien-dan-va-bga","service-category-tram-han-va-sua-linh-kien-dien-tu","service_tag-he-thong-lam-lai-va-tram-han"],"yoast_head":"<!-- This site is optimized with the Yoast SEO plugin v27.5 - https:\/\/yoast.com\/product\/yoast-seo-wordpress\/ -->\n<title>M\u00c1Y BGA 500III &amp; 500SII - LORIOT INDUSTRIAL<\/title>\n<meta name=\"description\" content=\"M\u00c1Y BGA 500III &amp; 500SII v\u1edbi 3 h\u1ec7 th\u1ed1ng s\u01b0\u1edfi ri\u00eang bi\u1ec7t. C\u00f4ng su\u1ea5t gia nhi\u1ec7t t\u1eeb 3000W n\u00e2ng l\u00ean 3800W (lo\u1ea1i S t\u1eeb 2200W n\u00e2ng l\u00ean 2600W).\" \/>\n<meta name=\"robots\" content=\"index, follow, max-snippet:-1, max-image-preview:large, max-video-preview:-1\" \/>\n<link rel=\"canonical\" href=\"https:\/\/loriot.com.vn\/vi\/product\/may-bga-500iii-500siii\/\" \/>\n<meta property=\"og:locale\" content=\"vi_VN\" \/>\n<meta property=\"og:type\" content=\"article\" \/>\n<meta property=\"og:title\" content=\"M\u00c1Y BGA 500III &amp; 500SII - LORIOT INDUSTRIAL\" \/>\n<meta property=\"og:description\" content=\"M\u00c1Y BGA 500III &amp; 500SII v\u1edbi 3 h\u1ec7 th\u1ed1ng s\u01b0\u1edfi ri\u00eang bi\u1ec7t. C\u00f4ng su\u1ea5t gia nhi\u1ec7t t\u1eeb 3000W n\u00e2ng l\u00ean 3800W (lo\u1ea1i S t\u1eeb 2200W n\u00e2ng l\u00ean 2600W).\" \/>\n<meta property=\"og:url\" content=\"https:\/\/loriot.com.vn\/vi\/product\/may-bga-500iii-500siii\/\" \/>\n<meta property=\"og:site_name\" content=\"LORIOT INDUSTRIAL\" \/>\n<meta property=\"article:publisher\" content=\"https:\/\/www.facebook.com\/Loriot-Industrial-COLTD-103044855046633\" \/>\n<meta property=\"article:modified_time\" content=\"2025-07-10T04:38:59+00:00\" \/>\n<meta property=\"og:image\" content=\"https:\/\/loriot.com.vn\/wp-content\/uploads\/2021\/08\/DENON-BGA-REWORK-500III-500SIII-1.jpg\" \/>\n\t<meta property=\"og:image:width\" content=\"770\" \/>\n\t<meta property=\"og:image:height\" content=\"513\" \/>\n\t<meta property=\"og:image:type\" content=\"image\/jpeg\" \/>\n<meta name=\"twitter:card\" content=\"summary_large_image\" \/>\n<meta name=\"twitter:label1\" content=\"\u01af\u1edbc t\u00ednh th\u1eddi gian \u0111\u1ecdc\" \/>\n\t<meta name=\"twitter:data1\" content=\"2 ph\u00fat\" \/>\n<script type=\"application\/ld+json\" class=\"yoast-schema-graph\">{\"@context\":\"https:\\\/\\\/schema.org\",\"@graph\":[{\"@type\":\"WebPage\",\"@id\":\"https:\\\/\\\/loriot.com.vn\\\/vi\\\/product\\\/may-bga-500iii-500siii\\\/\",\"url\":\"https:\\\/\\\/loriot.com.vn\\\/vi\\\/product\\\/may-bga-500iii-500siii\\\/\",\"name\":\"M\u00c1Y BGA 500III & 500SII - LORIOT INDUSTRIAL\",\"isPartOf\":{\"@id\":\"https:\\\/\\\/loriot.com.vn\\\/#website\"},\"primaryImageOfPage\":{\"@id\":\"https:\\\/\\\/loriot.com.vn\\\/vi\\\/product\\\/may-bga-500iii-500siii\\\/#primaryimage\"},\"image\":{\"@id\":\"https:\\\/\\\/loriot.com.vn\\\/vi\\\/product\\\/may-bga-500iii-500siii\\\/#primaryimage\"},\"thumbnailUrl\":\"https:\\\/\\\/loriot.com.vn\\\/wp-content\\\/uploads\\\/2021\\\/08\\\/DENON-BGA-REWORK-500III-500SIII-1.jpg\",\"datePublished\":\"2021-08-04T03:14:07+00:00\",\"dateModified\":\"2025-07-10T04:38:59+00:00\",\"description\":\"M\u00c1Y BGA 500III & 500SII v\u1edbi 3 h\u1ec7 th\u1ed1ng s\u01b0\u1edfi ri\u00eang bi\u1ec7t. C\u00f4ng su\u1ea5t gia nhi\u1ec7t t\u1eeb 3000W n\u00e2ng l\u00ean 3800W (lo\u1ea1i S t\u1eeb 2200W n\u00e2ng l\u00ean 2600W).\",\"breadcrumb\":{\"@id\":\"https:\\\/\\\/loriot.com.vn\\\/vi\\\/product\\\/may-bga-500iii-500siii\\\/#breadcrumb\"},\"inLanguage\":\"vi\",\"potentialAction\":[{\"@type\":\"ReadAction\",\"target\":[\"https:\\\/\\\/loriot.com.vn\\\/vi\\\/product\\\/may-bga-500iii-500siii\\\/\"]}]},{\"@type\":\"ImageObject\",\"inLanguage\":\"vi\",\"@id\":\"https:\\\/\\\/loriot.com.vn\\\/vi\\\/product\\\/may-bga-500iii-500siii\\\/#primaryimage\",\"url\":\"https:\\\/\\\/loriot.com.vn\\\/wp-content\\\/uploads\\\/2021\\\/08\\\/DENON-BGA-REWORK-500III-500SIII-1.jpg\",\"contentUrl\":\"https:\\\/\\\/loriot.com.vn\\\/wp-content\\\/uploads\\\/2021\\\/08\\\/DENON-BGA-REWORK-500III-500SIII-1.jpg\",\"width\":770,\"height\":513,\"caption\":\"M\u00c1Y BGA 500III & 500SII\"},{\"@type\":\"BreadcrumbList\",\"@id\":\"https:\\\/\\\/loriot.com.vn\\\/vi\\\/product\\\/may-bga-500iii-500siii\\\/#breadcrumb\",\"itemListElement\":[{\"@type\":\"ListItem\",\"position\":1,\"name\":\"Home\",\"item\":\"https:\\\/\\\/loriot.com.vn\\\/vi\\\/\"},{\"@type\":\"ListItem\",\"position\":2,\"name\":\"Products\",\"item\":\"https:\\\/\\\/loriot.com.vn\\\/vi\\\/product\\\/\"},{\"@type\":\"ListItem\",\"position\":3,\"name\":\"M\u00c1Y BGA 500III &#038; 500SII\"}]},{\"@type\":\"WebSite\",\"@id\":\"https:\\\/\\\/loriot.com.vn\\\/#website\",\"url\":\"https:\\\/\\\/loriot.com.vn\\\/\",\"name\":\"LORIOT INDUSTRIAL CO.,LTD\",\"description\":\"\",\"publisher\":{\"@id\":\"https:\\\/\\\/loriot.com.vn\\\/#organization\"},\"potentialAction\":[{\"@type\":\"SearchAction\",\"target\":{\"@type\":\"EntryPoint\",\"urlTemplate\":\"https:\\\/\\\/loriot.com.vn\\\/?s={search_term_string}\"},\"query-input\":{\"@type\":\"PropertyValueSpecification\",\"valueRequired\":true,\"valueName\":\"search_term_string\"}}],\"inLanguage\":\"vi\"},{\"@type\":\"Organization\",\"@id\":\"https:\\\/\\\/loriot.com.vn\\\/#organization\",\"name\":\"Loriot Industrial Co.,Ltd\",\"url\":\"https:\\\/\\\/loriot.com.vn\\\/\",\"logo\":{\"@type\":\"ImageObject\",\"inLanguage\":\"vi\",\"@id\":\"https:\\\/\\\/loriot.com.vn\\\/#\\\/schema\\\/logo\\\/image\\\/\",\"url\":\"https:\\\/\\\/loriot.com.vn\\\/wp-content\\\/uploads\\\/2021\\\/08\\\/logo-ft.png\",\"contentUrl\":\"https:\\\/\\\/loriot.com.vn\\\/wp-content\\\/uploads\\\/2021\\\/08\\\/logo-ft.png\",\"width\":333,\"height\":101,\"caption\":\"Loriot Industrial Co.,Ltd\"},\"image\":{\"@id\":\"https:\\\/\\\/loriot.com.vn\\\/#\\\/schema\\\/logo\\\/image\\\/\"},\"sameAs\":[\"https:\\\/\\\/www.facebook.com\\\/Loriot-Industrial-COLTD-103044855046633\"]}]}<\/script>\n<!-- \/ Yoast SEO plugin. -->","yoast_head_json":{"title":"M\u00c1Y BGA 500III & 500SII - LORIOT INDUSTRIAL","description":"M\u00c1Y BGA 500III & 500SII v\u1edbi 3 h\u1ec7 th\u1ed1ng s\u01b0\u1edfi ri\u00eang bi\u1ec7t. C\u00f4ng su\u1ea5t gia nhi\u1ec7t t\u1eeb 3000W n\u00e2ng l\u00ean 3800W (lo\u1ea1i S t\u1eeb 2200W n\u00e2ng l\u00ean 2600W).","robots":{"index":"index","follow":"follow","max-snippet":"max-snippet:-1","max-image-preview":"max-image-preview:large","max-video-preview":"max-video-preview:-1"},"canonical":"https:\/\/loriot.com.vn\/vi\/product\/may-bga-500iii-500siii\/","og_locale":"vi_VN","og_type":"article","og_title":"M\u00c1Y BGA 500III & 500SII - LORIOT INDUSTRIAL","og_description":"M\u00c1Y BGA 500III & 500SII v\u1edbi 3 h\u1ec7 th\u1ed1ng s\u01b0\u1edfi ri\u00eang bi\u1ec7t. C\u00f4ng su\u1ea5t gia nhi\u1ec7t t\u1eeb 3000W n\u00e2ng l\u00ean 3800W (lo\u1ea1i S t\u1eeb 2200W n\u00e2ng l\u00ean 2600W).","og_url":"https:\/\/loriot.com.vn\/vi\/product\/may-bga-500iii-500siii\/","og_site_name":"LORIOT INDUSTRIAL","article_publisher":"https:\/\/www.facebook.com\/Loriot-Industrial-COLTD-103044855046633","article_modified_time":"2025-07-10T04:38:59+00:00","og_image":[{"width":770,"height":513,"url":"https:\/\/loriot.com.vn\/wp-content\/uploads\/2021\/08\/DENON-BGA-REWORK-500III-500SIII-1.jpg","type":"image\/jpeg"}],"twitter_card":"summary_large_image","twitter_misc":{"\u01af\u1edbc t\u00ednh th\u1eddi gian \u0111\u1ecdc":"2 ph\u00fat"},"schema":{"@context":"https:\/\/schema.org","@graph":[{"@type":"WebPage","@id":"https:\/\/loriot.com.vn\/vi\/product\/may-bga-500iii-500siii\/","url":"https:\/\/loriot.com.vn\/vi\/product\/may-bga-500iii-500siii\/","name":"M\u00c1Y BGA 500III & 500SII - LORIOT INDUSTRIAL","isPartOf":{"@id":"https:\/\/loriot.com.vn\/#website"},"primaryImageOfPage":{"@id":"https:\/\/loriot.com.vn\/vi\/product\/may-bga-500iii-500siii\/#primaryimage"},"image":{"@id":"https:\/\/loriot.com.vn\/vi\/product\/may-bga-500iii-500siii\/#primaryimage"},"thumbnailUrl":"https:\/\/loriot.com.vn\/wp-content\/uploads\/2021\/08\/DENON-BGA-REWORK-500III-500SIII-1.jpg","datePublished":"2021-08-04T03:14:07+00:00","dateModified":"2025-07-10T04:38:59+00:00","description":"M\u00c1Y BGA 500III & 500SII v\u1edbi 3 h\u1ec7 th\u1ed1ng s\u01b0\u1edfi ri\u00eang bi\u1ec7t. C\u00f4ng su\u1ea5t gia nhi\u1ec7t t\u1eeb 3000W n\u00e2ng l\u00ean 3800W (lo\u1ea1i S t\u1eeb 2200W n\u00e2ng l\u00ean 2600W).","breadcrumb":{"@id":"https:\/\/loriot.com.vn\/vi\/product\/may-bga-500iii-500siii\/#breadcrumb"},"inLanguage":"vi","potentialAction":[{"@type":"ReadAction","target":["https:\/\/loriot.com.vn\/vi\/product\/may-bga-500iii-500siii\/"]}]},{"@type":"ImageObject","inLanguage":"vi","@id":"https:\/\/loriot.com.vn\/vi\/product\/may-bga-500iii-500siii\/#primaryimage","url":"https:\/\/loriot.com.vn\/wp-content\/uploads\/2021\/08\/DENON-BGA-REWORK-500III-500SIII-1.jpg","contentUrl":"https:\/\/loriot.com.vn\/wp-content\/uploads\/2021\/08\/DENON-BGA-REWORK-500III-500SIII-1.jpg","width":770,"height":513,"caption":"M\u00c1Y BGA 500III & 500SII"},{"@type":"BreadcrumbList","@id":"https:\/\/loriot.com.vn\/vi\/product\/may-bga-500iii-500siii\/#breadcrumb","itemListElement":[{"@type":"ListItem","position":1,"name":"Home","item":"https:\/\/loriot.com.vn\/vi\/"},{"@type":"ListItem","position":2,"name":"Products","item":"https:\/\/loriot.com.vn\/vi\/product\/"},{"@type":"ListItem","position":3,"name":"M\u00c1Y BGA 500III &#038; 500SII"}]},{"@type":"WebSite","@id":"https:\/\/loriot.com.vn\/#website","url":"https:\/\/loriot.com.vn\/","name":"LORIOT INDUSTRIAL CO.,LTD","description":"","publisher":{"@id":"https:\/\/loriot.com.vn\/#organization"},"potentialAction":[{"@type":"SearchAction","target":{"@type":"EntryPoint","urlTemplate":"https:\/\/loriot.com.vn\/?s={search_term_string}"},"query-input":{"@type":"PropertyValueSpecification","valueRequired":true,"valueName":"search_term_string"}}],"inLanguage":"vi"},{"@type":"Organization","@id":"https:\/\/loriot.com.vn\/#organization","name":"Loriot Industrial Co.,Ltd","url":"https:\/\/loriot.com.vn\/","logo":{"@type":"ImageObject","inLanguage":"vi","@id":"https:\/\/loriot.com.vn\/#\/schema\/logo\/image\/","url":"https:\/\/loriot.com.vn\/wp-content\/uploads\/2021\/08\/logo-ft.png","contentUrl":"https:\/\/loriot.com.vn\/wp-content\/uploads\/2021\/08\/logo-ft.png","width":333,"height":101,"caption":"Loriot Industrial Co.,Ltd"},"image":{"@id":"https:\/\/loriot.com.vn\/#\/schema\/logo\/image\/"},"sameAs":["https:\/\/www.facebook.com\/Loriot-Industrial-COLTD-103044855046633"]}]}},"_links":{"self":[{"href":"https:\/\/loriot.com.vn\/vi\/wp-json\/wp\/v2\/product\/1611","targetHints":{"allow":["GET"]}}],"collection":[{"href":"https:\/\/loriot.com.vn\/vi\/wp-json\/wp\/v2\/product"}],"about":[{"href":"https:\/\/loriot.com.vn\/vi\/wp-json\/wp\/v2\/types\/product"}],"author":[{"embeddable":true,"href":"https:\/\/loriot.com.vn\/vi\/wp-json\/wp\/v2\/users\/1"}],"replies":[{"embeddable":true,"href":"https:\/\/loriot.com.vn\/vi\/wp-json\/wp\/v2\/comments?post=1611"}],"version-history":[{"count":27,"href":"https:\/\/loriot.com.vn\/vi\/wp-json\/wp\/v2\/product\/1611\/revisions"}],"predecessor-version":[{"id":5600,"href":"https:\/\/loriot.com.vn\/vi\/wp-json\/wp\/v2\/product\/1611\/revisions\/5600"}],"wp:featuredmedia":[{"embeddable":true,"href":"https:\/\/loriot.com.vn\/vi\/wp-json\/wp\/v2\/media\/4388"}],"wp:attachment":[{"href":"https:\/\/loriot.com.vn\/vi\/wp-json\/wp\/v2\/media?parent=1611"}],"wp:term":[{"taxonomy":"service-category","embeddable":true,"href":"https:\/\/loriot.com.vn\/vi\/wp-json\/wp\/v2\/service-category?post=1611"},{"taxonomy":"service_tag","embeddable":true,"href":"https:\/\/loriot.com.vn\/vi\/wp-json\/wp\/v2\/service_tag?post=1611"}],"curies":[{"name":"wp","href":"https:\/\/api.w.org\/{rel}","templated":true}]}}