{"id":1612,"date":"2021-08-03T15:19:24","date_gmt":"2021-08-03T15:19:24","guid":{"rendered":"http:\/\/loriot.com.vn\/product\/drv-z1\/"},"modified":"2026-03-16T14:17:28","modified_gmt":"2026-03-16T07:17:28","slug":"kinh-hien-vi-drv-z1","status":"publish","type":"product","link":"https:\/\/loriot.com.vn\/vi\/product\/kinh-hien-vi-drv-z1\/","title":{"rendered":"K\u00cdNH HI\u1ec2N VI DRV-Z1"},"content":{"rendered":"<p style=\"text-align: center;\"><span style=\"font-family: arial, helvetica, sans-serif;\"><strong><span style=\"font-size: 14pt;\">K\u00cdNH HI\u1ec2N VI DRV-Z1<\/span><\/strong><\/span><\/p>\n<p>&nbsp;<\/p>\n<p><span style=\"font-family: arial, helvetica, sans-serif;\">DRV-Z1 l\u00e0 m\u1ed9t k\u00ednh hi\u1ec3n vi s\u1ed1 c\u1ee7a h\u00e3ng Vision Engineering, \u0111\u01b0\u1ee3c thi\u1ebft k\u1ebf \u0111\u1ec3 \u0111\u00e1p \u1ee9ng nhu c\u1ea7u ki\u1ec3m tra ch\u1ea5t l\u01b0\u1ee3ng v\u00e0 ki\u1ec3m tra s\u1ea3n ph\u1ea9m hi\u1ec7n \u0111\u1ea1i. K\u00ednh n\u00e0y cung c\u1ea5p m\u1ed9t lo\u1ea1t c\u00e1c t\u00ednh n\u0103ng v\u00e0 l\u1ee3i \u00edch, l\u00e0m cho n\u00f3 tr\u1edf th\u00e0nh c\u00f4ng c\u1ee5 \u0111a d\u1ee5ng cho nhi\u1ec1u ng\u00e0nh ngh\u1ec1 kh\u00e1c nhau.<\/span><\/p>\n<p><span style=\"font-family: arial, helvetica, sans-serif;\">DRV-Z1 c\u00f3 m\u1ed9t camera s\u1ed1 cao \u0111\u1ed9 ph\u00e2n gi\u1ea3i, c\u00f3 th\u1ec3 ch\u1ee5p \u0111\u01b0\u1ee3c h\u00ecnh \u1ea3nh s\u1eafc n\u00e9t v\u00e0 ch\u00ednh x\u00e1c. \u0110i\u1ec1u n\u00e0y gi\u00fap d\u1ec5 d\u00e0ng ki\u1ec3m tra c\u00e1c chi ti\u1ebft nh\u1ecf v\u00e0 t\u00ecm ra c\u00e1c l\u1ed7i kh\u00f4ng th\u1ec3 nh\u00ecn th\u1ea5y b\u1eb1ng c\u00e1c ph\u01b0\u01a1ng ph\u00e1p ki\u1ec3m tra truy\u1ec1n th\u1ed1ng. Ngo\u00e0i ra, h\u1ec7 th\u1ed1ng chi\u1ebfu s\u00e1ng LED t\u00edch h\u1ee3p trong k\u00ednh cung c\u1ea5p \u00e1nh s\u00e1ng r\u1ef1c r\u1ee1, \u0111\u1ec1u, gi\u00fap d\u1ec5 d\u00e0ng xem m\u1eabu m\u1eb7t d\u01b0\u1edbi b\u1ea5t k\u1ef3 \u0111i\u1ec1u ki\u1ec7n chi\u1ebfu s\u00e1ng n\u00e0o.<\/span><\/p>\n<p><span style=\"font-family: arial, helvetica, sans-serif;\">M\u1ed9t \u0111i\u1ec3m \u01b0u vi\u1ec7t c\u1ee7a DRV-Z1 l\u00e0 thi\u1ebft k\u1ebf th\u00f4ng minh. N\u00f3 c\u00f3 th\u1ec3 d\u1ec5 d\u00e0ng s\u1eed d\u1ee5ng v\u00ec c\u00f3 th\u1ec3 di chuy\u1ec3n d\u1ec5 d\u00e0ng v\u00e0 tr\u1ecdng l\u01b0\u1ee3ng nh\u1eb9, d\u00f9 n\u1eb1m trong khu v\u1ef1c h\u1eb9p. \u0110i\u1ec1u n\u00e0y l\u00e0m cho s\u1ea3n ph\u1ea9m tr\u1edf th\u00e0nh m\u1ed9t l\u1ef1a ch\u1ecdn t\u1ed1t cho c\u00e1c ho\u1ea1t \u0111\u1ed9ng ki\u1ec3m tra khi truy c\u1eadp h\u1ea1n ch\u1ebf, nh\u01b0 trong s\u1ea3n xu\u1ea5t ho\u1eb7c trong m\u00f4i tr\u01b0\u1eddng s\u1ea3n xu\u1ea5t c\u1ea7n gi\u1eef cho m\u00f4i tr\u01b0\u1eddng s\u1ea1ch s\u1ebd. K\u00ednh c\u00f3 th\u1ec3 \u0111\u01b0\u1ee3c k\u1ebft n\u1ed1i v\u1edbi m\u00e1y t\u00ednh ho\u1eb7c laptop, \u0111\u1ec3 l\u01b0u tr\u1eef v\u00e0 chia s\u1ebb h\u00ecnh \u1ea3nh \u0111\u01b0\u1ee3c ch\u1ee5p.<\/span><\/p>\n<p><span style=\"font-family: arial, helvetica, sans-serif;\">DRV-Z1 c\u00f2n cung c\u1ea5p t\u00ednh n\u0103ng ph\u00f3ng to v\u00e0 thu nh\u1ecf. \u0110i\u1ec1u n\u00e0y gi\u00fap ng\u01b0\u1eddi d\u00f9ng d\u1ec5 d\u00e0ng ki\u1ec3m tra c\u00e1c chi ti\u1ebft nh\u1ecf tr\u00ean m\u1eb7t s\u1ea3n ph\u1ea9m. Ngo\u00e0i ra, k\u00ednh c\u00f2n c\u00f3 t\u00ednh n\u0103ng qu\u1ea3n l\u00fd m\u00e0u s\u1eafc, cho ph\u00e9p ng\u01b0\u1eddi d\u00f9ng ki\u1ec3m tra ch\u00ednh x\u00e1c m\u00e0u s\u1eafc tr\u00ean m\u1eb7t s\u1ea3n ph\u1ea9m.<\/span><\/p>\n<p><span style=\"font-family: arial, helvetica, sans-serif;\">T\u1ed5ng quan, DRV-Z1 l\u00e0 m\u1ed9t k\u00ednh hi\u1ec3n vi \u0111\u1ea1t ti\u00eau chu\u1ea9n v\u00e0 gi\u00fap ng\u01b0\u1eddi d\u00f9ng ki\u1ec3m tra ch\u1ea5t l\u01b0\u1ee3ng s\u1ea3n ph\u1ea9m m\u1ed9t c\u00e1ch ch\u00ednh x\u00e1c v\u00e0 hi\u1ec7u qu\u1ea3. V\u1edbi c\u00e1c t\u00ednh n\u0103ng v\u00e0 l\u1ee3i \u00edch \u0111\u01b0\u1ee3c cung c\u1ea5p, k\u00ednh n\u00e0y l\u00e0 m\u1ed9t l\u1ef1a ch\u1ecdn ho\u00e0n h\u1ea3o cho nhi\u1ec1u ng\u00e0nh ngh\u1ec1 kh\u00e1c nhau.<\/span><\/p>\n","protected":false},"excerpt":{"rendered":"<p>K\u00ednh hi\u1ec3n vi DRV-Z1 (Deep Reality Viewer) \u0111\u00e1ng kinh ng\u1ea1c l\u00e0 h\u1ec7 th\u1ed1ng ki\u1ec3m tra \u00e2m thanh n\u1ed5i k\u1ef9 thu\u1eadt s\u1ed1 \u0111\u1ea7u ti\u00ean v\u00e0 duy nh\u1ea5t<\/p>\n","protected":false},"author":1,"featured_media":3301,"parent":0,"menu_order":28,"comment_status":"open","ping_status":"closed","template":"","meta":{"inline_featured_image":false,"footnotes":""},"service-category":[84,86],"service_tag":[],"class_list":["post-1612","product","type-product","status-publish","has-post-thumbnail","hentry","service-category-giai-phap-kiem-tra-va-do-luong","service-category-kinh-hien-vi-quang-hoc"],"yoast_head":"<!-- This site is optimized with the Yoast SEO plugin v27.4 - https:\/\/yoast.com\/product\/yoast-seo-wordpress\/ -->\n<title>K\u00cdNH HI\u1ec2N VI DRV-Z1 - LORIOT INDUSTRIAL<\/title>\n<meta name=\"description\" content=\"K\u00ednh hi\u1ec3n vi DRV-Z1 l\u00e0 h\u1ec7 th\u1ed1ng ki\u1ec3m tra \u00e2m thanh n\u1ed5i k\u1ef9 thu\u1eadt s\u1ed1 \u0111\u1ea7u ti\u00ean v\u00e0 duy nh\u1ea5t tr\u00ean th\u1ebf gi\u1edbi t\u1ea1o ra h\u00ecnh \u1ea3nh HD 3D \u0111\u1ea7y \u0111\u1ee7.\" \/>\n<meta name=\"robots\" content=\"index, follow, max-snippet:-1, max-image-preview:large, max-video-preview:-1\" \/>\n<link rel=\"canonical\" href=\"https:\/\/loriot.com.vn\/vi\/product\/kinh-hien-vi-drv-z1\/\" \/>\n<meta property=\"og:locale\" content=\"vi_VN\" \/>\n<meta property=\"og:type\" content=\"article\" \/>\n<meta property=\"og:title\" content=\"K\u00cdNH HI\u1ec2N VI DRV-Z1 - LORIOT INDUSTRIAL\" \/>\n<meta property=\"og:description\" content=\"K\u00ednh hi\u1ec3n vi DRV-Z1 l\u00e0 h\u1ec7 th\u1ed1ng ki\u1ec3m tra \u00e2m thanh n\u1ed5i k\u1ef9 thu\u1eadt s\u1ed1 \u0111\u1ea7u ti\u00ean v\u00e0 duy nh\u1ea5t tr\u00ean th\u1ebf gi\u1edbi t\u1ea1o ra h\u00ecnh \u1ea3nh HD 3D \u0111\u1ea7y \u0111\u1ee7.\" \/>\n<meta property=\"og:url\" content=\"https:\/\/loriot.com.vn\/vi\/product\/kinh-hien-vi-drv-z1\/\" \/>\n<meta property=\"og:site_name\" content=\"LORIOT INDUSTRIAL\" \/>\n<meta property=\"article:publisher\" content=\"https:\/\/www.facebook.com\/Loriot-Industrial-COLTD-103044855046633\" \/>\n<meta property=\"article:modified_time\" content=\"2026-03-16T07:17:28+00:00\" \/>\n<meta property=\"og:image\" content=\"https:\/\/loriot.com.vn\/wp-content\/uploads\/2021\/08\/KINH-HIEN-VI-DRV-Z1-1-scaled.jpg\" \/>\n\t<meta property=\"og:image:width\" content=\"2560\" \/>\n\t<meta property=\"og:image:height\" content=\"1702\" \/>\n\t<meta property=\"og:image:type\" content=\"image\/jpeg\" \/>\n<meta name=\"twitter:card\" content=\"summary_large_image\" \/>\n<meta name=\"twitter:label1\" content=\"\u01af\u1edbc t\u00ednh th\u1eddi gian \u0111\u1ecdc\" \/>\n\t<meta name=\"twitter:data1\" content=\"2 ph\u00fat\" \/>\n<script type=\"application\/ld+json\" class=\"yoast-schema-graph\">{\"@context\":\"https:\\\/\\\/schema.org\",\"@graph\":[{\"@type\":\"WebPage\",\"@id\":\"https:\\\/\\\/loriot.com.vn\\\/vi\\\/product\\\/kinh-hien-vi-drv-z1\\\/\",\"url\":\"https:\\\/\\\/loriot.com.vn\\\/vi\\\/product\\\/kinh-hien-vi-drv-z1\\\/\",\"name\":\"K\u00cdNH HI\u1ec2N VI DRV-Z1 - LORIOT INDUSTRIAL\",\"isPartOf\":{\"@id\":\"https:\\\/\\\/loriot.com.vn\\\/#website\"},\"primaryImageOfPage\":{\"@id\":\"https:\\\/\\\/loriot.com.vn\\\/vi\\\/product\\\/kinh-hien-vi-drv-z1\\\/#primaryimage\"},\"image\":{\"@id\":\"https:\\\/\\\/loriot.com.vn\\\/vi\\\/product\\\/kinh-hien-vi-drv-z1\\\/#primaryimage\"},\"thumbnailUrl\":\"https:\\\/\\\/loriot.com.vn\\\/wp-content\\\/uploads\\\/2021\\\/08\\\/KINH-HIEN-VI-DRV-Z1-1-scaled.jpg\",\"datePublished\":\"2021-08-03T15:19:24+00:00\",\"dateModified\":\"2026-03-16T07:17:28+00:00\",\"description\":\"K\u00ednh hi\u1ec3n vi DRV-Z1 l\u00e0 h\u1ec7 th\u1ed1ng ki\u1ec3m tra \u00e2m thanh n\u1ed5i k\u1ef9 thu\u1eadt s\u1ed1 \u0111\u1ea7u ti\u00ean v\u00e0 duy nh\u1ea5t tr\u00ean th\u1ebf gi\u1edbi t\u1ea1o ra h\u00ecnh \u1ea3nh HD 3D \u0111\u1ea7y \u0111\u1ee7.\",\"breadcrumb\":{\"@id\":\"https:\\\/\\\/loriot.com.vn\\\/vi\\\/product\\\/kinh-hien-vi-drv-z1\\\/#breadcrumb\"},\"inLanguage\":\"vi\",\"potentialAction\":[{\"@type\":\"ReadAction\",\"target\":[\"https:\\\/\\\/loriot.com.vn\\\/vi\\\/product\\\/kinh-hien-vi-drv-z1\\\/\"]}]},{\"@type\":\"ImageObject\",\"inLanguage\":\"vi\",\"@id\":\"https:\\\/\\\/loriot.com.vn\\\/vi\\\/product\\\/kinh-hien-vi-drv-z1\\\/#primaryimage\",\"url\":\"https:\\\/\\\/loriot.com.vn\\\/wp-content\\\/uploads\\\/2021\\\/08\\\/KINH-HIEN-VI-DRV-Z1-1-scaled.jpg\",\"contentUrl\":\"https:\\\/\\\/loriot.com.vn\\\/wp-content\\\/uploads\\\/2021\\\/08\\\/KINH-HIEN-VI-DRV-Z1-1-scaled.jpg\",\"width\":2560,\"height\":1702,\"caption\":\"K\u00cdNH HI\u1ec2N VI DRV-Z1\"},{\"@type\":\"BreadcrumbList\",\"@id\":\"https:\\\/\\\/loriot.com.vn\\\/vi\\\/product\\\/kinh-hien-vi-drv-z1\\\/#breadcrumb\",\"itemListElement\":[{\"@type\":\"ListItem\",\"position\":1,\"name\":\"Home\",\"item\":\"https:\\\/\\\/loriot.com.vn\\\/vi\\\/\"},{\"@type\":\"ListItem\",\"position\":2,\"name\":\"Products\",\"item\":\"https:\\\/\\\/loriot.com.vn\\\/product\\\/\"},{\"@type\":\"ListItem\",\"position\":3,\"name\":\"K\u00cdNH HI\u1ec2N VI DRV-Z1\"}]},{\"@type\":\"WebSite\",\"@id\":\"https:\\\/\\\/loriot.com.vn\\\/#website\",\"url\":\"https:\\\/\\\/loriot.com.vn\\\/\",\"name\":\"LORIOT INDUSTRIAL CO.,LTD\",\"description\":\"\",\"publisher\":{\"@id\":\"https:\\\/\\\/loriot.com.vn\\\/#organization\"},\"potentialAction\":[{\"@type\":\"SearchAction\",\"target\":{\"@type\":\"EntryPoint\",\"urlTemplate\":\"https:\\\/\\\/loriot.com.vn\\\/?s={search_term_string}\"},\"query-input\":{\"@type\":\"PropertyValueSpecification\",\"valueRequired\":true,\"valueName\":\"search_term_string\"}}],\"inLanguage\":\"vi\"},{\"@type\":\"Organization\",\"@id\":\"https:\\\/\\\/loriot.com.vn\\\/#organization\",\"name\":\"Loriot Industrial Co.,Ltd\",\"url\":\"https:\\\/\\\/loriot.com.vn\\\/\",\"logo\":{\"@type\":\"ImageObject\",\"inLanguage\":\"vi\",\"@id\":\"https:\\\/\\\/loriot.com.vn\\\/#\\\/schema\\\/logo\\\/image\\\/\",\"url\":\"https:\\\/\\\/loriot.com.vn\\\/wp-content\\\/uploads\\\/2021\\\/08\\\/logo-ft.png\",\"contentUrl\":\"https:\\\/\\\/loriot.com.vn\\\/wp-content\\\/uploads\\\/2021\\\/08\\\/logo-ft.png\",\"width\":333,\"height\":101,\"caption\":\"Loriot Industrial Co.,Ltd\"},\"image\":{\"@id\":\"https:\\\/\\\/loriot.com.vn\\\/#\\\/schema\\\/logo\\\/image\\\/\"},\"sameAs\":[\"https:\\\/\\\/www.facebook.com\\\/Loriot-Industrial-COLTD-103044855046633\"]}]}<\/script>\n<!-- \/ Yoast SEO plugin. -->","yoast_head_json":{"title":"K\u00cdNH HI\u1ec2N VI DRV-Z1 - LORIOT INDUSTRIAL","description":"K\u00ednh hi\u1ec3n vi DRV-Z1 l\u00e0 h\u1ec7 th\u1ed1ng ki\u1ec3m tra \u00e2m thanh n\u1ed5i k\u1ef9 thu\u1eadt s\u1ed1 \u0111\u1ea7u ti\u00ean v\u00e0 duy nh\u1ea5t tr\u00ean th\u1ebf gi\u1edbi t\u1ea1o ra h\u00ecnh \u1ea3nh HD 3D \u0111\u1ea7y \u0111\u1ee7.","robots":{"index":"index","follow":"follow","max-snippet":"max-snippet:-1","max-image-preview":"max-image-preview:large","max-video-preview":"max-video-preview:-1"},"canonical":"https:\/\/loriot.com.vn\/vi\/product\/kinh-hien-vi-drv-z1\/","og_locale":"vi_VN","og_type":"article","og_title":"K\u00cdNH HI\u1ec2N VI DRV-Z1 - LORIOT INDUSTRIAL","og_description":"K\u00ednh hi\u1ec3n vi DRV-Z1 l\u00e0 h\u1ec7 th\u1ed1ng ki\u1ec3m tra \u00e2m thanh n\u1ed5i k\u1ef9 thu\u1eadt s\u1ed1 \u0111\u1ea7u ti\u00ean v\u00e0 duy nh\u1ea5t tr\u00ean th\u1ebf gi\u1edbi t\u1ea1o ra h\u00ecnh \u1ea3nh HD 3D \u0111\u1ea7y \u0111\u1ee7.","og_url":"https:\/\/loriot.com.vn\/vi\/product\/kinh-hien-vi-drv-z1\/","og_site_name":"LORIOT INDUSTRIAL","article_publisher":"https:\/\/www.facebook.com\/Loriot-Industrial-COLTD-103044855046633","article_modified_time":"2026-03-16T07:17:28+00:00","og_image":[{"width":2560,"height":1702,"url":"https:\/\/loriot.com.vn\/wp-content\/uploads\/2021\/08\/KINH-HIEN-VI-DRV-Z1-1-scaled.jpg","type":"image\/jpeg"}],"twitter_card":"summary_large_image","twitter_misc":{"\u01af\u1edbc t\u00ednh th\u1eddi gian \u0111\u1ecdc":"2 ph\u00fat"},"schema":{"@context":"https:\/\/schema.org","@graph":[{"@type":"WebPage","@id":"https:\/\/loriot.com.vn\/vi\/product\/kinh-hien-vi-drv-z1\/","url":"https:\/\/loriot.com.vn\/vi\/product\/kinh-hien-vi-drv-z1\/","name":"K\u00cdNH HI\u1ec2N VI DRV-Z1 - LORIOT INDUSTRIAL","isPartOf":{"@id":"https:\/\/loriot.com.vn\/#website"},"primaryImageOfPage":{"@id":"https:\/\/loriot.com.vn\/vi\/product\/kinh-hien-vi-drv-z1\/#primaryimage"},"image":{"@id":"https:\/\/loriot.com.vn\/vi\/product\/kinh-hien-vi-drv-z1\/#primaryimage"},"thumbnailUrl":"https:\/\/loriot.com.vn\/wp-content\/uploads\/2021\/08\/KINH-HIEN-VI-DRV-Z1-1-scaled.jpg","datePublished":"2021-08-03T15:19:24+00:00","dateModified":"2026-03-16T07:17:28+00:00","description":"K\u00ednh hi\u1ec3n vi DRV-Z1 l\u00e0 h\u1ec7 th\u1ed1ng ki\u1ec3m tra \u00e2m thanh n\u1ed5i k\u1ef9 thu\u1eadt s\u1ed1 \u0111\u1ea7u ti\u00ean v\u00e0 duy nh\u1ea5t tr\u00ean th\u1ebf gi\u1edbi t\u1ea1o ra h\u00ecnh \u1ea3nh HD 3D \u0111\u1ea7y \u0111\u1ee7.","breadcrumb":{"@id":"https:\/\/loriot.com.vn\/vi\/product\/kinh-hien-vi-drv-z1\/#breadcrumb"},"inLanguage":"vi","potentialAction":[{"@type":"ReadAction","target":["https:\/\/loriot.com.vn\/vi\/product\/kinh-hien-vi-drv-z1\/"]}]},{"@type":"ImageObject","inLanguage":"vi","@id":"https:\/\/loriot.com.vn\/vi\/product\/kinh-hien-vi-drv-z1\/#primaryimage","url":"https:\/\/loriot.com.vn\/wp-content\/uploads\/2021\/08\/KINH-HIEN-VI-DRV-Z1-1-scaled.jpg","contentUrl":"https:\/\/loriot.com.vn\/wp-content\/uploads\/2021\/08\/KINH-HIEN-VI-DRV-Z1-1-scaled.jpg","width":2560,"height":1702,"caption":"K\u00cdNH HI\u1ec2N VI DRV-Z1"},{"@type":"BreadcrumbList","@id":"https:\/\/loriot.com.vn\/vi\/product\/kinh-hien-vi-drv-z1\/#breadcrumb","itemListElement":[{"@type":"ListItem","position":1,"name":"Home","item":"https:\/\/loriot.com.vn\/vi\/"},{"@type":"ListItem","position":2,"name":"Products","item":"https:\/\/loriot.com.vn\/product\/"},{"@type":"ListItem","position":3,"name":"K\u00cdNH HI\u1ec2N VI DRV-Z1"}]},{"@type":"WebSite","@id":"https:\/\/loriot.com.vn\/#website","url":"https:\/\/loriot.com.vn\/","name":"LORIOT INDUSTRIAL CO.,LTD","description":"","publisher":{"@id":"https:\/\/loriot.com.vn\/#organization"},"potentialAction":[{"@type":"SearchAction","target":{"@type":"EntryPoint","urlTemplate":"https:\/\/loriot.com.vn\/?s={search_term_string}"},"query-input":{"@type":"PropertyValueSpecification","valueRequired":true,"valueName":"search_term_string"}}],"inLanguage":"vi"},{"@type":"Organization","@id":"https:\/\/loriot.com.vn\/#organization","name":"Loriot Industrial Co.,Ltd","url":"https:\/\/loriot.com.vn\/","logo":{"@type":"ImageObject","inLanguage":"vi","@id":"https:\/\/loriot.com.vn\/#\/schema\/logo\/image\/","url":"https:\/\/loriot.com.vn\/wp-content\/uploads\/2021\/08\/logo-ft.png","contentUrl":"https:\/\/loriot.com.vn\/wp-content\/uploads\/2021\/08\/logo-ft.png","width":333,"height":101,"caption":"Loriot Industrial Co.,Ltd"},"image":{"@id":"https:\/\/loriot.com.vn\/#\/schema\/logo\/image\/"},"sameAs":["https:\/\/www.facebook.com\/Loriot-Industrial-COLTD-103044855046633"]}]}},"_links":{"self":[{"href":"https:\/\/loriot.com.vn\/vi\/wp-json\/wp\/v2\/product\/1612","targetHints":{"allow":["GET"]}}],"collection":[{"href":"https:\/\/loriot.com.vn\/vi\/wp-json\/wp\/v2\/product"}],"about":[{"href":"https:\/\/loriot.com.vn\/vi\/wp-json\/wp\/v2\/types\/product"}],"author":[{"embeddable":true,"href":"https:\/\/loriot.com.vn\/vi\/wp-json\/wp\/v2\/users\/1"}],"replies":[{"embeddable":true,"href":"https:\/\/loriot.com.vn\/vi\/wp-json\/wp\/v2\/comments?post=1612"}],"version-history":[{"count":21,"href":"https:\/\/loriot.com.vn\/vi\/wp-json\/wp\/v2\/product\/1612\/revisions"}],"predecessor-version":[{"id":6529,"href":"https:\/\/loriot.com.vn\/vi\/wp-json\/wp\/v2\/product\/1612\/revisions\/6529"}],"wp:featuredmedia":[{"embeddable":true,"href":"https:\/\/loriot.com.vn\/vi\/wp-json\/wp\/v2\/media\/3301"}],"wp:attachment":[{"href":"https:\/\/loriot.com.vn\/vi\/wp-json\/wp\/v2\/media?parent=1612"}],"wp:term":[{"taxonomy":"service-category","embeddable":true,"href":"https:\/\/loriot.com.vn\/vi\/wp-json\/wp\/v2\/service-category?post=1612"},{"taxonomy":"service_tag","embeddable":true,"href":"https:\/\/loriot.com.vn\/vi\/wp-json\/wp\/v2\/service_tag?post=1612"}],"curies":[{"name":"wp","href":"https:\/\/api.w.org\/{rel}","templated":true}]}}