{"id":1614,"date":"2021-08-03T15:33:07","date_gmt":"2021-08-03T15:33:07","guid":{"rendered":"http:\/\/loriot.com.vn\/product\/evo-cam-ii\/"},"modified":"2025-07-10T11:30:26","modified_gmt":"2025-07-10T04:30:26","slug":"kinh-hien-vi-evo-cam-ii","status":"publish","type":"product","link":"https:\/\/loriot.com.vn\/vi\/product\/kinh-hien-vi-evo-cam-ii\/","title":{"rendered":"K\u00cdNH HI\u1ec2N VI EVO CAM II"},"content":{"rendered":"<h2 style=\"text-align: center;\" data-start=\"2953\" data-end=\"3045\"><span style=\"font-size: 14pt;\"><strong data-start=\"2961\" data-end=\"3045\">EVO Cam II \u2013 K\u00ednh Hi\u1ec3n Vi K\u1ef9 Thu\u1eadt S\u1ed1 \u0110\u1ed9 Ph\u00e2n Gi\u1ea3i Cao Cho M\u1ecdi Nhi\u1ec7m V\u1ee5 Ki\u1ec3m Tra<\/strong><\/span><\/h2>\n<p>&nbsp;<\/p>\n<h3 data-start=\"3047\" data-end=\"3086\"><span style=\"font-size: 12pt;\"><strong data-start=\"3051\" data-end=\"3086\">M\u1ea1nh m\u1ebd. Linh ho\u1ea1t. D\u1ec5 s\u1eed d\u1ee5ng.<\/strong><\/span><\/h3>\n<p data-start=\"3088\" data-end=\"3412\"><span style=\"font-size: 12pt;\"><strong data-start=\"3088\" data-end=\"3102\">EVO Cam II<\/strong> l\u00e0 k\u00ednh hi\u1ec3n vi k\u1ef9 thu\u1eadt s\u1ed1 <strong data-start=\"3131\" data-end=\"3151\">Full HD hi\u1ec7n \u0111\u1ea1i<\/strong>, \u0111\u01b0\u1ee3c Vision Engineering thi\u1ebft k\u1ebf \u0111\u1ec3 mang \u0111\u1ebfn <strong data-start=\"3198\" data-end=\"3239\">h\u00ecnh \u1ea3nh v\u01b0\u1ee3t tr\u1ed9i, thao t\u00e1c \u0111\u01a1n gi\u1ea3n<\/strong> v\u00e0 <strong data-start=\"3243\" data-end=\"3274\">kh\u1ea3 n\u0103ng t\u00f9y bi\u1ebfn linh ho\u1ea1t<\/strong>. D\u00f9 trong m\u00f4i tr\u01b0\u1eddng ki\u1ec3m tra ch\u1ea5t l\u01b0\u1ee3ng, nghi\u00ean c\u1ee9u hay ghi nh\u1eadn d\u1eef li\u1ec7u, EVO Cam II \u0111\u1ec1u <strong data-start=\"3365\" data-end=\"3411\">th\u00edch nghi nhanh ch\u00f3ng ch\u1ec9 v\u1edbi m\u1ed9t n\u00fat b\u1ea5m<\/strong>.<\/span><\/p>\n<h3 data-start=\"3419\" data-end=\"3447\"><span style=\"font-size: 12pt;\">\ud83d\udd0d <strong data-start=\"3426\" data-end=\"3447\">T\u00ednh N\u0103ng N\u1ed5i B\u1eadt<\/strong><\/span><\/h3>\n<h4 data-start=\"3449\" data-end=\"3489\"><span style=\"font-size: 12pt;\">\u2705 <strong data-start=\"3456\" data-end=\"3489\">Hi\u1ec7u Su\u1ea5t Quang H\u1ecdc V\u01b0\u1ee3t Tr\u1ed9i<\/strong><\/span><\/h4>\n<ul data-start=\"3490\" data-end=\"3684\">\n<li data-start=\"3490\" data-end=\"3545\">\n<p data-start=\"3492\" data-end=\"3545\"><span style=\"font-size: 12pt;\">Zoom quang h\u1ecdc <strong data-start=\"3507\" data-end=\"3515\">30:1<\/strong>, ph\u00f3ng \u0111\u1ea1i l\u00ean \u0111\u1ebfn <strong data-start=\"3535\" data-end=\"3543\">760x<\/strong><\/span><\/p>\n<\/li>\n<li data-start=\"3546\" data-end=\"3599\">\n<p data-start=\"3548\" data-end=\"3599\"><span style=\"font-size: 12pt;\">Zoom k\u1ef9 thu\u1eadt s\u1ed1 <strong data-start=\"3565\" data-end=\"3572\">12x<\/strong> m\u1edf r\u1ed9ng ph\u1ea1m vi quan s\u00e1t<\/span><\/p>\n<\/li>\n<li data-start=\"3600\" data-end=\"3684\">\n<p data-start=\"3602\" data-end=\"3684\"><span style=\"font-size: 12pt;\"><strong data-start=\"3602\" data-end=\"3632\">L\u01b0u v\u00e0 theo d\u00f5i hi\u1ec7u chu\u1ea9n<\/strong> theo t\u1eebng m\u1ee9c zoom gi\u00fap \u0111o l\u01b0\u1eddng nhanh v\u00e0 chu\u1ea9n x\u00e1c<\/span><\/p>\n<\/li>\n<\/ul>\n<h4 data-start=\"3686\" data-end=\"3719\"><span style=\"font-size: 12pt;\">\u2705 <strong data-start=\"3693\" data-end=\"3719\">H\u00ecnh \u1ea2nh Full HD 60fps<\/strong><\/span><\/h4>\n<ul data-start=\"3720\" data-end=\"3898\">\n<li data-start=\"3720\" data-end=\"3772\">\n<p data-start=\"3722\" data-end=\"3772\"><span style=\"font-size: 12pt;\">\u0110\u1ed9 ph\u00e2n gi\u1ea3i <strong data-start=\"3735\" data-end=\"3748\">1920\u00d71080<\/strong>, c\u1ea3m bi\u1ebfn CMOS 1\/2.8\u2033<\/span><\/p>\n<\/li>\n<li data-start=\"3773\" data-end=\"3837\">\n<p data-start=\"3775\" data-end=\"3837\"><span style=\"font-size: 12pt;\">H\u00ecnh \u1ea3nh s\u1eafc n\u00e9t, kh\u00f4ng tr\u1ec5 \u1edf <strong data-start=\"3805\" data-end=\"3835\">50 ho\u1eb7c 60 khung h\u00ecnh\/gi\u00e2y<\/strong><\/span><\/p>\n<\/li>\n<li data-start=\"3838\" data-end=\"3898\">\n<p data-start=\"3840\" data-end=\"3898\"><span style=\"font-size: 12pt;\">Ph\u00f9 h\u1ee3p cho ki\u1ec3m tra tr\u1ef1c ti\u1ebfp, ph\u00e2n t\u00edch ho\u1eb7c tr\u00ecnh chi\u1ebfu<\/span><\/p>\n<\/li>\n<\/ul>\n<h4 data-start=\"3900\" data-end=\"3935\"><span style=\"font-size: 12pt;\">\u2705 <strong data-start=\"3907\" data-end=\"3935\">Ghi \u1ea2nh Nhanh &amp; \u0110\u01a1n Gi\u1ea3n<\/strong><\/span><\/h4>\n<ul data-start=\"3936\" data-end=\"4107\">\n<li data-start=\"3936\" data-end=\"4003\">\n<p data-start=\"3938\" data-end=\"4003\"><span style=\"font-size: 12pt;\">L\u01b0u \u1ea3nh <strong data-start=\"3946\" data-end=\"4001\">tr\u1ef1c ti\u1ebfp v\u00e0o USB, m\u00e1y t\u00ednh ho\u1eb7c qua m\u1ea1ng kh\u00f4ng d\u00e2y<\/strong><\/span><\/p>\n<\/li>\n<li data-start=\"4004\" data-end=\"4038\">\n<p data-start=\"4006\" data-end=\"4038\"><span style=\"font-size: 12pt;\"><strong data-start=\"4006\" data-end=\"4027\">Ch\u1ee5p \u1ea3nh m\u1ed9t ch\u1ea1m<\/strong> ti\u1ec7n l\u1ee3i<\/span><\/p>\n<\/li>\n<li data-start=\"4039\" data-end=\"4107\">\n<p data-start=\"4041\" data-end=\"4107\"><span style=\"font-size: 12pt;\">Giao di\u1ec7n <strong data-start=\"4051\" data-end=\"4066\">\u0111a ng\u00f4n ng\u1eef<\/strong>, d\u1ec5 v\u1eadn h\u00e0nh, kh\u00f4ng c\u1ea7n \u0111\u00e0o t\u1ea1o ph\u1ee9c t\u1ea1p<\/span><\/p>\n<\/li>\n<\/ul>\n<h4 data-start=\"4109\" data-end=\"4142\"><span style=\"font-size: 12pt;\">\u2705 <strong data-start=\"4116\" data-end=\"4142\">T\u00f9y Ch\u1ec9nh Theo Nhu C\u1ea7u<\/strong><\/span><\/h4>\n<ul data-start=\"4143\" data-end=\"4384\">\n<li data-start=\"4143\" data-end=\"4211\">\n<p data-start=\"4145\" data-end=\"4211\"><span style=\"font-size: 12pt;\">L\u1ef1a ch\u1ecdn t\u1eeb <strong data-start=\"4157\" data-end=\"4209\">nhi\u1ec1u lo\u1ea1i \u1ed1ng k\u00ednh, b\u1ed9 l\u1ecdc, \u00e1nh s\u00e1ng v\u00e0 ch\u00e2n \u0111\u1ebf<\/strong><\/span><\/p>\n<\/li>\n<li data-start=\"4212\" data-end=\"4262\">\n<p data-start=\"4214\" data-end=\"4262\"><span style=\"font-size: 12pt;\">T\u00f9y ch\u1ecdn <strong data-start=\"4223\" data-end=\"4239\">b\u1ed9 xoay 360\u00b0<\/strong> gi\u00fap quan s\u00e1t \u0111a g\u00f3c<\/span><\/p>\n<\/li>\n<li data-start=\"4263\" data-end=\"4321\">\n<p data-start=\"4265\" data-end=\"4321\"><span style=\"font-size: 12pt;\"><strong data-start=\"4265\" data-end=\"4290\">Ch\u1ebf \u0111\u1ed9 focus stacking<\/strong> \u0111\u1ec3 l\u1ea5y n\u00e9t r\u00f5 c\u1ea3 m\u1eabu v\u1eadt cao<\/span><\/p>\n<\/li>\n<li data-start=\"4322\" data-end=\"4384\">\n<p data-start=\"4324\" data-end=\"4384\"><span style=\"font-size: 12pt;\">H\u1ed7 tr\u1ee3 <strong data-start=\"4331\" data-end=\"4384\">\u0111\u00e8n UV, chi\u1ebfu s\u00e1ng b\u00ean d\u01b0\u1edbi v\u00e0 b\u1ed9 l\u1ecdc chuy\u00ean d\u1ee5ng<\/strong><\/span><\/p>\n<\/li>\n<\/ul>\n<h4 data-start=\"4386\" data-end=\"4430\"><span style=\"font-size: 12pt;\">\u2705 <strong data-start=\"4393\" data-end=\"4430\">\u0110\u1ed3ng B\u1ed9 K\u1ebft Qu\u1ea3 Gi\u1eefa C\u00e1c Thi\u1ebft B\u1ecb<\/strong><\/span><\/h4>\n<ul data-start=\"4431\" data-end=\"4650\">\n<li data-start=\"4431\" data-end=\"4508\">\n<p data-start=\"4433\" data-end=\"4508\"><span style=\"font-size: 12pt;\">D\u1ec5 d\u00e0ng <strong data-start=\"4441\" data-end=\"4476\">chia s\u1ebb c\u1ea5u h\u00ecnh gi\u1eefa nhi\u1ec1u m\u00e1y<\/strong> gi\u00fap ti\u00eau chu\u1ea9n h\u00f3a quy tr\u00ecnh<\/span><\/p>\n<\/li>\n<li data-start=\"4509\" data-end=\"4583\">\n<p data-start=\"4511\" data-end=\"4583\"><span style=\"font-size: 12pt;\">K\u1ebft qu\u1ea3 <strong data-start=\"4519\" data-end=\"4542\">\u1ed5n \u0111\u1ecbnh, d\u1ec5 l\u1eb7p l\u1ea1i<\/strong> tr\u00ean c\u00e1c d\u00e2y chuy\u1ec1n v\u00e0 c\u01a1 s\u1edf kh\u00e1c nhau<\/span><\/p>\n<\/li>\n<li data-start=\"4584\" data-end=\"4650\">\n<p data-start=\"4586\" data-end=\"4650\"><span style=\"font-size: 12pt;\">Ho\u00e0n h\u1ea3o cho <strong data-start=\"4599\" data-end=\"4650\">ki\u1ec3m tra nhi\u1ec1u tr\u1ea1m ho\u1eb7c nh\u00f3m l\u00e0m vi\u1ec7c to\u00e0n c\u1ea7u<\/strong><\/span><\/p>\n<\/li>\n<\/ul>\n<h3 data-start=\"4657\" data-end=\"4692\"><span style=\"font-size: 12pt;\">\ud83c\udfa5 <strong data-start=\"4664\" data-end=\"4692\">Th\u00f4ng S\u1ed1 K\u1ef9 Thu\u1eadt Camera<\/strong><\/span><\/h3>\n<div class=\"_tableContainer_80l1q_1\">\n<div class=\"_tableWrapper_80l1q_14 group flex w-fit flex-col-reverse\" tabindex=\"-1\">\n<table style=\"border-collapse: collapse; width: 100%;\">\n<tbody>\n<tr data-start=\"4694\" data-end=\"4763\">\n<th style=\"width: 42.7669%;\" data-start=\"4694\" data-end=\"4722\" data-col-size=\"sm\"><span style=\"font-size: 12pt;\">T\u00ednh n\u0103ng<\/span><\/th>\n<th style=\"width: 57.1699%;\" data-start=\"4722\" data-end=\"4763\" data-col-size=\"sm\"><span style=\"font-size: 12pt;\">Th\u00f4ng s\u1ed1 k\u1ef9 thu\u1eadt<\/span><\/th>\n<\/tr>\n<tr data-start=\"4835\" data-end=\"4904\">\n<td style=\"width: 42.7669%;\" data-start=\"4835\" data-end=\"4863\" data-col-size=\"sm\"><span style=\"font-size: 12pt;\"><strong data-start=\"4837\" data-end=\"4855\">Zoom Quang H\u1ecdc<\/strong><\/span><\/td>\n<td style=\"width: 57.1699%;\" data-start=\"4863\" data-end=\"4904\" data-col-size=\"sm\"><span style=\"font-size: 12pt;\">30\u00d7 optical, 12\u00d7 digital<\/span><\/td>\n<\/tr>\n<tr data-start=\"4905\" data-end=\"4974\">\n<td style=\"width: 42.7669%;\" data-start=\"4905\" data-end=\"4933\" data-col-size=\"sm\"><span style=\"font-size: 12pt;\"><strong data-start=\"4907\" data-end=\"4930\">\u0110\u1ed9 Ph\u00e2n Gi\u1ea3i Camera<\/strong><\/span><\/td>\n<td style=\"width: 57.1699%;\" data-start=\"4933\" data-end=\"4974\" data-col-size=\"sm\"><span style=\"font-size: 12pt;\">Full HD 1080p (1920\u00d71080)<\/span><\/td>\n<\/tr>\n<tr data-start=\"4975\" data-end=\"5044\">\n<td style=\"width: 42.7669%;\" data-start=\"4975\" data-end=\"5003\" data-col-size=\"sm\"><span style=\"font-size: 12pt;\"><strong data-start=\"4977\" data-end=\"4989\">C\u1ea3m Bi\u1ebfn<\/strong><\/span><\/td>\n<td style=\"width: 57.1699%;\" data-start=\"5003\" data-end=\"5044\" data-col-size=\"sm\"><span style=\"font-size: 12pt;\">CMOS 1\/2.8\u2033<\/span><\/td>\n<\/tr>\n<tr data-start=\"5045\" data-end=\"5113\">\n<td style=\"width: 42.7669%;\" data-start=\"5045\" data-end=\"5073\" data-col-size=\"sm\"><span style=\"font-size: 12pt;\"><strong data-start=\"5047\" data-end=\"5068\">T\u1ed1c \u0110\u1ed9 Khung H\u00ecnh<\/strong><\/span><\/td>\n<td style=\"width: 57.1699%;\" data-start=\"5073\" data-end=\"5113\" data-col-size=\"sm\"><span style=\"font-size: 12pt;\">50fps &amp; 60fps (c\u00f3 th\u1ec3 chuy\u1ec3n \u0111\u1ed5i)<\/span><\/td>\n<\/tr>\n<tr data-start=\"5114\" data-end=\"5183\">\n<td style=\"width: 42.7669%;\" data-start=\"5114\" data-end=\"5142\" data-col-size=\"sm\"><span style=\"font-size: 12pt;\"><strong data-start=\"5116\" data-end=\"5127\">L\u1ea5y N\u00e9t<\/strong><\/span><\/td>\n<td style=\"width: 57.1699%;\" data-start=\"5142\" data-end=\"5183\" data-col-size=\"sm\"><span style=\"font-size: 12pt;\">T\u1ef1 \u0111\u1ed9ng v\u00e0 th\u1ee7 c\u00f4ng<\/span><\/td>\n<\/tr>\n<tr data-start=\"5184\" data-end=\"5253\">\n<td style=\"width: 42.7669%;\" data-start=\"5184\" data-end=\"5212\" data-col-size=\"sm\"><span style=\"font-size: 12pt;\"><strong data-start=\"5186\" data-end=\"5207\">K\u1ebft N\u1ed1i Xu\u1ea5t H\u00ecnh<\/strong><\/span><\/td>\n<td style=\"width: 57.1699%;\" data-start=\"5212\" data-end=\"5253\" data-col-size=\"sm\"><span style=\"font-size: 12pt;\">HDMI v\u00e0 USB 3.0<\/span><\/td>\n<\/tr>\n<\/tbody>\n<\/table>\n<\/div>\n<\/div>\n<h3 data-start=\"5260\" data-end=\"5293\"><span style=\"font-size: 12pt;\">\ud83c\udfaf <strong data-start=\"5267\" data-end=\"5293\">\u1ee8ng D\u1ee5ng L\u00fd T\u01b0\u1edfng Cho:<\/strong><\/span><\/h3>\n<ul data-start=\"5295\" data-end=\"5481\">\n<li data-start=\"5295\" data-end=\"5336\">\n<p data-start=\"5297\" data-end=\"5336\"><span style=\"font-size: 12pt;\">Ki\u1ec3m tra b\u1ea3ng m\u1ea1ch, linh ki\u1ec7n \u0111i\u1ec7n t\u1eed<\/span><\/p>\n<\/li>\n<li data-start=\"5337\" data-end=\"5370\">\n<p data-start=\"5339\" data-end=\"5370\"><span style=\"font-size: 12pt;\">S\u1ea3n xu\u1ea5t v\u00e0 l\u1eafp r\u00e1p ch\u00ednh x\u00e1c<\/span><\/p>\n<\/li>\n<li data-start=\"5371\" data-end=\"5407\">\n<p data-start=\"5373\" data-end=\"5407\"><span style=\"font-size: 12pt;\">Ki\u1ec3m tra thi\u1ebft b\u1ecb y t\u1ebf, sinh h\u1ecdc<\/span><\/p>\n<\/li>\n<li data-start=\"5408\" data-end=\"5441\">\n<p data-start=\"5410\" data-end=\"5441\"><span style=\"font-size: 12pt;\">R&amp;D v\u00e0 ph\u00e2n t\u00edch l\u1ed7i k\u1ef9 thu\u1eadt<\/span><\/p>\n<\/li>\n<li data-start=\"5442\" data-end=\"5481\">\n<p data-start=\"5444\" data-end=\"5481\"><span style=\"font-size: 12pt;\">B\u00e1o c\u00e1o h\u00ecnh \u1ea3nh v\u00e0 ki\u1ec3m tra t\u00e0i li\u1ec7u<\/span><\/p>\n<\/li>\n<\/ul>\n<blockquote data-start=\"5488\" data-end=\"5666\">\n<p data-start=\"5490\" data-end=\"5666\"><span style=\"font-size: 12pt;\"><strong data-start=\"5490\" data-end=\"5504\">EVO Cam II<\/strong> k\u1ebft h\u1ee3p <strong data-start=\"5513\" data-end=\"5588\">c\u00f4ng ngh\u1ec7 quang h\u1ecdc m\u1ea1nh m\u1ebd, thao t\u00e1c \u0111\u01a1n gi\u1ea3n v\u00e0 c\u1ea5u h\u00ecnh t\u00f9y bi\u1ebfn cao<\/strong> \u2013 gi\u00fap b\u1ea1n lu\u00f4n s\u1eb5n s\u00e0ng v\u1edbi m\u1ecdi th\u00e1ch th\u1ee9c trong ki\u1ec3m tra k\u1ef9 thu\u1eadt hi\u1ec7n \u0111\u1ea1i.<\/span><\/p>\n<\/blockquote>\n","protected":false},"excerpt":{"rendered":"<p>K\u00ednh Hi\u1ec3n Vi EVO CAM II c\u0169ng \u0111\u01b0\u1ee3c trang b\u1ecb m\u1ed9t h\u1ec7 th\u1ed1ng ch\u1ed1ng rung, gi\u00fap cho h\u00ecnh \u1ea3nh kh\u00f4ng b\u1ecb nhi\u1ec5u ho\u1eb7c bi\u1ebfn d\u1ea1ng&#8230;<\/p>\n","protected":false},"author":1,"featured_media":5533,"parent":0,"menu_order":2,"comment_status":"open","ping_status":"closed","template":"","meta":{"inline_featured_image":false,"footnotes":""},"service-category":[84,86],"service_tag":[],"class_list":["post-1614","product","type-product","status-publish","has-post-thumbnail","hentry","service-category-giai-phap-kiem-tra-va-do-luong","service-category-kinh-hien-vi-quang-hoc"],"yoast_head":"<!-- This site is optimized with the Yoast SEO plugin v27.4 - https:\/\/yoast.com\/product\/yoast-seo-wordpress\/ -->\n<title>K\u00cdNH HI\u1ec2N VI EVO CAM II - LORIOT INDUSTRIAL<\/title>\n<meta name=\"description\" content=\"K\u00ednh hi\u1ec3n vi EVO Cam II ph\u1ea1m vi zoom quang h\u1ecdc 30: 1, cung c\u1ea5p \u0111\u1ed9 ph\u00f3ng \u0111\u1ea1i quang h\u1ecdc l\u00ean \u0111\u1ebfn 760x, cho ph\u00e9p b\u1ea1n xem chi ti\u1ebft khi s\u1eed d\u1ee5ng.\" \/>\n<meta name=\"robots\" content=\"index, follow, max-snippet:-1, max-image-preview:large, max-video-preview:-1\" \/>\n<link rel=\"canonical\" href=\"https:\/\/loriot.com.vn\/vi\/product\/kinh-hien-vi-evo-cam-ii\/\" \/>\n<meta property=\"og:locale\" content=\"vi_VN\" \/>\n<meta property=\"og:type\" content=\"article\" \/>\n<meta property=\"og:title\" content=\"K\u00cdNH HI\u1ec2N VI EVO CAM II - LORIOT INDUSTRIAL\" \/>\n<meta property=\"og:description\" content=\"K\u00ednh hi\u1ec3n vi EVO Cam II ph\u1ea1m vi zoom quang h\u1ecdc 30: 1, cung c\u1ea5p \u0111\u1ed9 ph\u00f3ng \u0111\u1ea1i quang h\u1ecdc l\u00ean \u0111\u1ebfn 760x, cho ph\u00e9p b\u1ea1n xem chi ti\u1ebft khi s\u1eed d\u1ee5ng.\" \/>\n<meta property=\"og:url\" content=\"https:\/\/loriot.com.vn\/vi\/product\/kinh-hien-vi-evo-cam-ii\/\" \/>\n<meta property=\"og:site_name\" content=\"LORIOT INDUSTRIAL\" \/>\n<meta property=\"article:publisher\" content=\"https:\/\/www.facebook.com\/Loriot-Industrial-COLTD-103044855046633\" \/>\n<meta property=\"article:modified_time\" content=\"2025-07-10T04:30:26+00:00\" \/>\n<meta property=\"og:image\" content=\"https:\/\/loriot.com.vn\/wp-content\/uploads\/2021\/08\/1-01.png\" \/>\n\t<meta property=\"og:image:width\" content=\"1500\" \/>\n\t<meta property=\"og:image:height\" content=\"1000\" \/>\n\t<meta property=\"og:image:type\" content=\"image\/png\" \/>\n<meta name=\"twitter:card\" content=\"summary_large_image\" \/>\n<meta name=\"twitter:label1\" content=\"\u01af\u1edbc t\u00ednh th\u1eddi gian \u0111\u1ecdc\" \/>\n\t<meta name=\"twitter:data1\" content=\"3 ph\u00fat\" \/>\n<script type=\"application\/ld+json\" class=\"yoast-schema-graph\">{\"@context\":\"https:\\\/\\\/schema.org\",\"@graph\":[{\"@type\":\"WebPage\",\"@id\":\"https:\\\/\\\/loriot.com.vn\\\/vi\\\/product\\\/kinh-hien-vi-evo-cam-ii\\\/\",\"url\":\"https:\\\/\\\/loriot.com.vn\\\/vi\\\/product\\\/kinh-hien-vi-evo-cam-ii\\\/\",\"name\":\"K\u00cdNH HI\u1ec2N VI EVO CAM II - LORIOT INDUSTRIAL\",\"isPartOf\":{\"@id\":\"https:\\\/\\\/loriot.com.vn\\\/#website\"},\"primaryImageOfPage\":{\"@id\":\"https:\\\/\\\/loriot.com.vn\\\/vi\\\/product\\\/kinh-hien-vi-evo-cam-ii\\\/#primaryimage\"},\"image\":{\"@id\":\"https:\\\/\\\/loriot.com.vn\\\/vi\\\/product\\\/kinh-hien-vi-evo-cam-ii\\\/#primaryimage\"},\"thumbnailUrl\":\"https:\\\/\\\/loriot.com.vn\\\/wp-content\\\/uploads\\\/2021\\\/08\\\/1-01.png\",\"datePublished\":\"2021-08-03T15:33:07+00:00\",\"dateModified\":\"2025-07-10T04:30:26+00:00\",\"description\":\"K\u00ednh hi\u1ec3n vi EVO Cam II ph\u1ea1m vi zoom quang h\u1ecdc 30: 1, cung c\u1ea5p \u0111\u1ed9 ph\u00f3ng \u0111\u1ea1i quang h\u1ecdc l\u00ean \u0111\u1ebfn 760x, cho ph\u00e9p b\u1ea1n xem chi ti\u1ebft khi s\u1eed d\u1ee5ng.\",\"breadcrumb\":{\"@id\":\"https:\\\/\\\/loriot.com.vn\\\/vi\\\/product\\\/kinh-hien-vi-evo-cam-ii\\\/#breadcrumb\"},\"inLanguage\":\"vi\",\"potentialAction\":[{\"@type\":\"ReadAction\",\"target\":[\"https:\\\/\\\/loriot.com.vn\\\/vi\\\/product\\\/kinh-hien-vi-evo-cam-ii\\\/\"]}]},{\"@type\":\"ImageObject\",\"inLanguage\":\"vi\",\"@id\":\"https:\\\/\\\/loriot.com.vn\\\/vi\\\/product\\\/kinh-hien-vi-evo-cam-ii\\\/#primaryimage\",\"url\":\"https:\\\/\\\/loriot.com.vn\\\/wp-content\\\/uploads\\\/2021\\\/08\\\/1-01.png\",\"contentUrl\":\"https:\\\/\\\/loriot.com.vn\\\/wp-content\\\/uploads\\\/2021\\\/08\\\/1-01.png\",\"width\":1500,\"height\":1000},{\"@type\":\"BreadcrumbList\",\"@id\":\"https:\\\/\\\/loriot.com.vn\\\/vi\\\/product\\\/kinh-hien-vi-evo-cam-ii\\\/#breadcrumb\",\"itemListElement\":[{\"@type\":\"ListItem\",\"position\":1,\"name\":\"Home\",\"item\":\"https:\\\/\\\/loriot.com.vn\\\/vi\\\/\"},{\"@type\":\"ListItem\",\"position\":2,\"name\":\"Products\",\"item\":\"https:\\\/\\\/loriot.com.vn\\\/product\\\/\"},{\"@type\":\"ListItem\",\"position\":3,\"name\":\"K\u00cdNH HI\u1ec2N VI EVO CAM II\"}]},{\"@type\":\"WebSite\",\"@id\":\"https:\\\/\\\/loriot.com.vn\\\/#website\",\"url\":\"https:\\\/\\\/loriot.com.vn\\\/\",\"name\":\"LORIOT INDUSTRIAL CO.,LTD\",\"description\":\"\",\"publisher\":{\"@id\":\"https:\\\/\\\/loriot.com.vn\\\/#organization\"},\"potentialAction\":[{\"@type\":\"SearchAction\",\"target\":{\"@type\":\"EntryPoint\",\"urlTemplate\":\"https:\\\/\\\/loriot.com.vn\\\/?s={search_term_string}\"},\"query-input\":{\"@type\":\"PropertyValueSpecification\",\"valueRequired\":true,\"valueName\":\"search_term_string\"}}],\"inLanguage\":\"vi\"},{\"@type\":\"Organization\",\"@id\":\"https:\\\/\\\/loriot.com.vn\\\/#organization\",\"name\":\"Loriot Industrial Co.,Ltd\",\"url\":\"https:\\\/\\\/loriot.com.vn\\\/\",\"logo\":{\"@type\":\"ImageObject\",\"inLanguage\":\"vi\",\"@id\":\"https:\\\/\\\/loriot.com.vn\\\/#\\\/schema\\\/logo\\\/image\\\/\",\"url\":\"https:\\\/\\\/loriot.com.vn\\\/wp-content\\\/uploads\\\/2021\\\/08\\\/logo-ft.png\",\"contentUrl\":\"https:\\\/\\\/loriot.com.vn\\\/wp-content\\\/uploads\\\/2021\\\/08\\\/logo-ft.png\",\"width\":333,\"height\":101,\"caption\":\"Loriot Industrial Co.,Ltd\"},\"image\":{\"@id\":\"https:\\\/\\\/loriot.com.vn\\\/#\\\/schema\\\/logo\\\/image\\\/\"},\"sameAs\":[\"https:\\\/\\\/www.facebook.com\\\/Loriot-Industrial-COLTD-103044855046633\"]}]}<\/script>\n<!-- \/ Yoast SEO plugin. -->","yoast_head_json":{"title":"K\u00cdNH HI\u1ec2N VI EVO CAM II - LORIOT INDUSTRIAL","description":"K\u00ednh hi\u1ec3n vi EVO Cam II ph\u1ea1m vi zoom quang h\u1ecdc 30: 1, cung c\u1ea5p \u0111\u1ed9 ph\u00f3ng \u0111\u1ea1i quang h\u1ecdc l\u00ean \u0111\u1ebfn 760x, cho ph\u00e9p b\u1ea1n xem chi ti\u1ebft khi s\u1eed d\u1ee5ng.","robots":{"index":"index","follow":"follow","max-snippet":"max-snippet:-1","max-image-preview":"max-image-preview:large","max-video-preview":"max-video-preview:-1"},"canonical":"https:\/\/loriot.com.vn\/vi\/product\/kinh-hien-vi-evo-cam-ii\/","og_locale":"vi_VN","og_type":"article","og_title":"K\u00cdNH HI\u1ec2N VI EVO CAM II - LORIOT INDUSTRIAL","og_description":"K\u00ednh hi\u1ec3n vi EVO Cam II ph\u1ea1m vi zoom quang h\u1ecdc 30: 1, cung c\u1ea5p \u0111\u1ed9 ph\u00f3ng \u0111\u1ea1i quang h\u1ecdc l\u00ean \u0111\u1ebfn 760x, cho ph\u00e9p b\u1ea1n xem chi ti\u1ebft khi s\u1eed d\u1ee5ng.","og_url":"https:\/\/loriot.com.vn\/vi\/product\/kinh-hien-vi-evo-cam-ii\/","og_site_name":"LORIOT INDUSTRIAL","article_publisher":"https:\/\/www.facebook.com\/Loriot-Industrial-COLTD-103044855046633","article_modified_time":"2025-07-10T04:30:26+00:00","og_image":[{"width":1500,"height":1000,"url":"https:\/\/loriot.com.vn\/wp-content\/uploads\/2021\/08\/1-01.png","type":"image\/png"}],"twitter_card":"summary_large_image","twitter_misc":{"\u01af\u1edbc t\u00ednh th\u1eddi gian \u0111\u1ecdc":"3 ph\u00fat"},"schema":{"@context":"https:\/\/schema.org","@graph":[{"@type":"WebPage","@id":"https:\/\/loriot.com.vn\/vi\/product\/kinh-hien-vi-evo-cam-ii\/","url":"https:\/\/loriot.com.vn\/vi\/product\/kinh-hien-vi-evo-cam-ii\/","name":"K\u00cdNH HI\u1ec2N VI EVO CAM II - LORIOT INDUSTRIAL","isPartOf":{"@id":"https:\/\/loriot.com.vn\/#website"},"primaryImageOfPage":{"@id":"https:\/\/loriot.com.vn\/vi\/product\/kinh-hien-vi-evo-cam-ii\/#primaryimage"},"image":{"@id":"https:\/\/loriot.com.vn\/vi\/product\/kinh-hien-vi-evo-cam-ii\/#primaryimage"},"thumbnailUrl":"https:\/\/loriot.com.vn\/wp-content\/uploads\/2021\/08\/1-01.png","datePublished":"2021-08-03T15:33:07+00:00","dateModified":"2025-07-10T04:30:26+00:00","description":"K\u00ednh hi\u1ec3n vi EVO Cam II ph\u1ea1m vi zoom quang h\u1ecdc 30: 1, cung c\u1ea5p \u0111\u1ed9 ph\u00f3ng \u0111\u1ea1i quang h\u1ecdc l\u00ean \u0111\u1ebfn 760x, cho ph\u00e9p b\u1ea1n xem chi ti\u1ebft khi s\u1eed d\u1ee5ng.","breadcrumb":{"@id":"https:\/\/loriot.com.vn\/vi\/product\/kinh-hien-vi-evo-cam-ii\/#breadcrumb"},"inLanguage":"vi","potentialAction":[{"@type":"ReadAction","target":["https:\/\/loriot.com.vn\/vi\/product\/kinh-hien-vi-evo-cam-ii\/"]}]},{"@type":"ImageObject","inLanguage":"vi","@id":"https:\/\/loriot.com.vn\/vi\/product\/kinh-hien-vi-evo-cam-ii\/#primaryimage","url":"https:\/\/loriot.com.vn\/wp-content\/uploads\/2021\/08\/1-01.png","contentUrl":"https:\/\/loriot.com.vn\/wp-content\/uploads\/2021\/08\/1-01.png","width":1500,"height":1000},{"@type":"BreadcrumbList","@id":"https:\/\/loriot.com.vn\/vi\/product\/kinh-hien-vi-evo-cam-ii\/#breadcrumb","itemListElement":[{"@type":"ListItem","position":1,"name":"Home","item":"https:\/\/loriot.com.vn\/vi\/"},{"@type":"ListItem","position":2,"name":"Products","item":"https:\/\/loriot.com.vn\/product\/"},{"@type":"ListItem","position":3,"name":"K\u00cdNH HI\u1ec2N VI EVO CAM II"}]},{"@type":"WebSite","@id":"https:\/\/loriot.com.vn\/#website","url":"https:\/\/loriot.com.vn\/","name":"LORIOT INDUSTRIAL CO.,LTD","description":"","publisher":{"@id":"https:\/\/loriot.com.vn\/#organization"},"potentialAction":[{"@type":"SearchAction","target":{"@type":"EntryPoint","urlTemplate":"https:\/\/loriot.com.vn\/?s={search_term_string}"},"query-input":{"@type":"PropertyValueSpecification","valueRequired":true,"valueName":"search_term_string"}}],"inLanguage":"vi"},{"@type":"Organization","@id":"https:\/\/loriot.com.vn\/#organization","name":"Loriot Industrial Co.,Ltd","url":"https:\/\/loriot.com.vn\/","logo":{"@type":"ImageObject","inLanguage":"vi","@id":"https:\/\/loriot.com.vn\/#\/schema\/logo\/image\/","url":"https:\/\/loriot.com.vn\/wp-content\/uploads\/2021\/08\/logo-ft.png","contentUrl":"https:\/\/loriot.com.vn\/wp-content\/uploads\/2021\/08\/logo-ft.png","width":333,"height":101,"caption":"Loriot Industrial Co.,Ltd"},"image":{"@id":"https:\/\/loriot.com.vn\/#\/schema\/logo\/image\/"},"sameAs":["https:\/\/www.facebook.com\/Loriot-Industrial-COLTD-103044855046633"]}]}},"_links":{"self":[{"href":"https:\/\/loriot.com.vn\/vi\/wp-json\/wp\/v2\/product\/1614","targetHints":{"allow":["GET"]}}],"collection":[{"href":"https:\/\/loriot.com.vn\/vi\/wp-json\/wp\/v2\/product"}],"about":[{"href":"https:\/\/loriot.com.vn\/vi\/wp-json\/wp\/v2\/types\/product"}],"author":[{"embeddable":true,"href":"https:\/\/loriot.com.vn\/vi\/wp-json\/wp\/v2\/users\/1"}],"replies":[{"embeddable":true,"href":"https:\/\/loriot.com.vn\/vi\/wp-json\/wp\/v2\/comments?post=1614"}],"version-history":[{"count":27,"href":"https:\/\/loriot.com.vn\/vi\/wp-json\/wp\/v2\/product\/1614\/revisions"}],"predecessor-version":[{"id":5594,"href":"https:\/\/loriot.com.vn\/vi\/wp-json\/wp\/v2\/product\/1614\/revisions\/5594"}],"wp:featuredmedia":[{"embeddable":true,"href":"https:\/\/loriot.com.vn\/vi\/wp-json\/wp\/v2\/media\/5533"}],"wp:attachment":[{"href":"https:\/\/loriot.com.vn\/vi\/wp-json\/wp\/v2\/media?parent=1614"}],"wp:term":[{"taxonomy":"service-category","embeddable":true,"href":"https:\/\/loriot.com.vn\/vi\/wp-json\/wp\/v2\/service-category?post=1614"},{"taxonomy":"service_tag","embeddable":true,"href":"https:\/\/loriot.com.vn\/vi\/wp-json\/wp\/v2\/service_tag?post=1614"}],"curies":[{"name":"wp","href":"https:\/\/api.w.org\/{rel}","templated":true}]}}