{"id":1621,"date":"2021-08-03T09:57:37","date_gmt":"2021-08-03T09:57:37","guid":{"rendered":"http:\/\/loriot.com.vn\/product\/gar1200\/"},"modified":"2026-03-18T15:53:21","modified_gmt":"2026-03-18T08:53:21","slug":"may-gar1200","status":"publish","type":"product","link":"https:\/\/loriot.com.vn\/vi\/product\/may-gar1200\/","title":{"rendered":"M\u00c1Y GAR1200"},"content":{"rendered":"<p style=\"text-align: center;\"><span style=\"font-size: 14pt; font-family: arial, helvetica, sans-serif;\"><strong>M\u00c1Y GAR1200<\/strong><\/span><\/p>\n<p>&nbsp;<\/p>\n<h1 data-section-id=\"10f4w6j\" data-start=\"0\" data-end=\"116\"><span style=\"font-family: arial, helvetica, sans-serif; font-size: 12pt;\">M\u00e1y router PCB t\u1ef1 \u0111\u1ed9ng Getech GAR1200 Automatic Router Machine \u2013 T\u1ed1i \u01b0u n\u0103ng su\u1ea5t v\u00e0 \u0111\u1ed9 ch\u00ednh x\u00e1c trong depaneling<\/span><\/h1>\n<p data-start=\"118\" data-end=\"459\"><span style=\"font-family: arial, helvetica, sans-serif; font-size: 12pt;\">Trong c\u00e1c d\u00e2y chuy\u1ec1n SMT hi\u1ec7n \u0111\u1ea1i, nhu c\u1ea7u <strong data-start=\"161\" data-end=\"192\">t\u00e1ch board PCB (depaneling)<\/strong> v\u1edbi t\u1ed1c \u0111\u1ed9 cao, \u0111\u1ed9 ch\u00ednh x\u00e1c \u1ed5n \u0111\u1ecbnh v\u00e0 kh\u1ea3 n\u0103ng v\u1eadn h\u00e0nh li\u00ean t\u1ee5c l\u00e0 y\u1ebfu t\u1ed1 then ch\u1ed1t. <strong data-start=\"281\" data-end=\"324\">Getech GAR1200 Automatic Router Machine<\/strong> l\u00e0 gi\u1ea3i ph\u00e1p router t\u1ef1 \u0111\u1ed9ng cao c\u1ea5p t\u1eeb Getech, \u0111\u01b0\u1ee3c thi\u1ebft k\u1ebf \u0111\u1ec3 \u0111\u00e1p \u1ee9ng c\u00e1c y\u00eau c\u1ea7u s\u1ea3n xu\u1ea5t PCB assembly (PCBA) v\u1edbi hi\u1ec7u su\u1ea5t t\u1ed1i \u01b0u.<\/span><\/p>\n<h2 data-section-id=\"7u3ruu\" data-start=\"461\" data-end=\"511\"><span style=\"font-family: arial, helvetica, sans-serif; font-size: 12pt;\">Thi\u1ebft k\u1ebf 2 workstation \u2013 t\u0103ng g\u1ea5p \u0111\u00f4i n\u0103ng su\u1ea5t<\/span><\/h2>\n<p data-start=\"513\" data-end=\"561\"><span style=\"font-family: arial, helvetica, sans-serif; font-size: 12pt;\">\u26a1 C\u1ea5u h\u00ecnh <strong data-start=\"524\" data-end=\"551\">dual workstation inline<\/strong> cho ph\u00e9p:<\/span><\/p>\n<ul data-start=\"562\" data-end=\"627\">\n<li data-section-id=\"96ohsq\" data-start=\"562\" data-end=\"590\">\n<p data-start=\"564\" data-end=\"590\"><span style=\"font-family: arial, helvetica, sans-serif; font-size: 12pt;\">Gia c\u00f4ng song song 2 PCB<\/span><\/p>\n<\/li>\n<li data-section-id=\"1sslyz7\" data-start=\"591\" data-end=\"627\">\n<p data-start=\"593\" data-end=\"627\"><span style=\"font-family: arial, helvetica, sans-serif; font-size: 12pt;\">T\u1ed1i \u0111a h\u00f3a throughput d\u00e2y chuy\u1ec1n<\/span><\/p>\n<\/li>\n<\/ul>\n<p data-start=\"629\" data-end=\"656\"><span style=\"font-family: arial, helvetica, sans-serif; font-size: 12pt;\">\ud83d\udd04 Ho\u1ea1t \u0111\u1ed9ng li\u00ean t\u1ee5c gi\u00fap:<\/span><\/p>\n<ul data-start=\"657\" data-end=\"707\">\n<li data-section-id=\"1f5hm7r\" data-start=\"657\" data-end=\"679\">\n<p data-start=\"659\" data-end=\"679\"><span style=\"font-family: arial, helvetica, sans-serif; font-size: 12pt;\">Gi\u1ea3m th\u1eddi gian ch\u1edd<\/span><\/p>\n<\/li>\n<li data-section-id=\"ez3o2t\" data-start=\"680\" data-end=\"707\">\n<p data-start=\"682\" data-end=\"707\"><span style=\"font-family: arial, helvetica, sans-serif; font-size: 12pt;\">T\u0103ng hi\u1ec7u su\u1ea5t t\u1ed5ng th\u1ec3<\/span><\/p>\n<\/li>\n<\/ul>\n<p data-start=\"709\" data-end=\"773\"><span style=\"font-family: arial, helvetica, sans-serif; font-size: 12pt;\">\u27a1\ufe0f L\u00fd t\u01b0\u1edfng cho m\u00f4i tr\u01b0\u1eddng s\u1ea3n xu\u1ea5t s\u1ea3n l\u01b0\u1ee3ng cao (high-volume).<\/span><\/p>\n<h2 data-section-id=\"1wvtpyr\" data-start=\"775\" data-end=\"829\"><span style=\"font-family: arial, helvetica, sans-serif; font-size: 12pt;\">Giao di\u1ec7n \u201cMove, Teach &amp; Cut\u201d \u2013 l\u1eadp tr\u00ecnh tr\u1ef1c quan<\/span><\/h2>\n<p data-start=\"831\" data-end=\"885\"><span style=\"font-family: arial, helvetica, sans-serif; font-size: 12pt;\">\ud83d\udda5\ufe0f <strong data-start=\"835\" data-end=\"853\">GUI th\u1ebf h\u1ec7 m\u1edbi<\/strong> v\u1edbi \u043a\u043e\u043d\u0446\u0435\u043f \u201cMove, Teach &amp; Cut\u201d:<\/span><\/p>\n<ul data-start=\"886\" data-end=\"955\">\n<li data-section-id=\"bhyxiv\" data-start=\"886\" data-end=\"923\">\n<p data-start=\"888\" data-end=\"923\"><span style=\"font-family: arial, helvetica, sans-serif; font-size: 12pt;\">L\u1eadp tr\u00ecnh b\u1eb1ng h\u00ecnh \u1ea3nh tr\u1ef1c quan<\/span><\/p>\n<\/li>\n<li data-section-id=\"1v2jb9i\" data-start=\"924\" data-end=\"955\">\n<p data-start=\"926\" data-end=\"955\"><span style=\"font-family: arial, helvetica, sans-serif; font-size: 12pt;\">D\u1ec5 d\u00e0ng thi\u1ebft l\u1eadp \u0111\u01b0\u1eddng c\u1eaft<\/span><\/p>\n<\/li>\n<\/ul>\n<p data-start=\"957\" data-end=\"968\"><span style=\"font-family: arial, helvetica, sans-serif; font-size: 12pt;\">\ud83c\udfaf \u01afu \u0111i\u1ec3m:<\/span><\/p>\n<ul data-start=\"969\" data-end=\"1059\">\n<li data-section-id=\"xg65gm\" data-start=\"969\" data-end=\"1002\">\n<p data-start=\"971\" data-end=\"1002\"><span style=\"font-family: arial, helvetica, sans-serif; font-size: 12pt;\">Gi\u1ea3m \u0111\u1ed9 ph\u1ee9c t\u1ea1p khi v\u1eadn h\u00e0nh<\/span><\/p>\n<\/li>\n<li data-section-id=\"qbhlg5\" data-start=\"1003\" data-end=\"1034\">\n<p data-start=\"1005\" data-end=\"1034\"><span style=\"font-family: arial, helvetica, sans-serif; font-size: 12pt;\">R\u00fat ng\u1eafn th\u1eddi gian training<\/span><\/p>\n<\/li>\n<li data-section-id=\"6dvtzh\" data-start=\"1035\" data-end=\"1059\">\n<p data-start=\"1037\" data-end=\"1059\"><span style=\"font-family: arial, helvetica, sans-serif; font-size: 12pt;\">H\u1ea1n ch\u1ebf l\u1ed7i thao t\u00e1c<\/span><\/p>\n<\/li>\n<\/ul>\n<h2 data-section-id=\"1g2sy4i\" data-start=\"1061\" data-end=\"1093\"><span style=\"font-family: arial, helvetica, sans-serif; font-size: 12pt;\">\u0110i\u1ec1u khi\u1ec3n nhanh v\u00e0 ch\u00ednh x\u00e1c<\/span><\/h2>\n<p data-start=\"1095\" data-end=\"1127\"><span style=\"font-family: arial, helvetica, sans-serif; font-size: 12pt;\">\ud83d\udccf H\u1ec7 th\u1ed1ng \u0111i\u1ec1u khi\u1ec3n cho ph\u00e9p:<\/span><\/p>\n<ul data-start=\"1128\" data-end=\"1199\">\n<li data-section-id=\"1g3c70p\" data-start=\"1128\" data-end=\"1158\">\n<p data-start=\"1130\" data-end=\"1158\"><span style=\"font-family: arial, helvetica, sans-serif; font-size: 12pt;\">C\u00e0i \u0111\u1eb7t th\u00f4ng s\u1ed1 ch\u00ednh x\u00e1c<\/span><\/p>\n<\/li>\n<li data-section-id=\"fmg0s\" data-start=\"1159\" data-end=\"1199\">\n<p data-start=\"1161\" data-end=\"1199\"><span style=\"font-family: arial, helvetica, sans-serif; font-size: 12pt;\">Th\u1ef1c hi\u1ec7n routing v\u1edbi \u0111\u1ed9 l\u1eb7p l\u1ea1i cao<\/span><\/p>\n<\/li>\n<\/ul>\n<p data-start=\"1201\" data-end=\"1212\"><span style=\"font-family: arial, helvetica, sans-serif; font-size: 12pt;\">\u2699\ufe0f \u0110\u1ea3m b\u1ea3o:<\/span><\/p>\n<ul data-start=\"1213\" data-end=\"1274\">\n<li data-section-id=\"1sgs7fn\" data-start=\"1213\" data-end=\"1234\">\n<p data-start=\"1215\" data-end=\"1234\"><span style=\"font-family: arial, helvetica, sans-serif; font-size: 12pt;\">\u0110\u01b0\u1eddng c\u1eaft \u1ed5n \u0111\u1ecbnh<\/span><\/p>\n<\/li>\n<li data-section-id=\"iuidwi\" data-start=\"1235\" data-end=\"1274\">\n<p data-start=\"1237\" data-end=\"1274\"><span style=\"font-family: arial, helvetica, sans-serif; font-size: 12pt;\">\u0110\u1ed3ng nh\u1ea5t ch\u1ea5t l\u01b0\u1ee3ng gi\u1eefa c\u00e1c board<\/span><\/p>\n<\/li>\n<\/ul>\n<p data-start=\"1276\" data-end=\"1340\"><span style=\"font-family: arial, helvetica, sans-serif; font-size: 12pt;\">\u27a1\ufe0f Ph\u00f9 h\u1ee3p v\u1edbi c\u00e1c \u1ee9ng d\u1ee5ng y\u00eau c\u1ea7u \u0111\u1ed9 ch\u00ednh x\u00e1c cao trong PCBA.<\/span><\/p>\n<h2 data-section-id=\"62tc2k\" data-start=\"1342\" data-end=\"1376\"><span style=\"font-family: arial, helvetica, sans-serif; font-size: 12pt;\">Tr\u1ea3i nghi\u1ec7m v\u1eadn h\u00e0nh th\u00e2n thi\u1ec7n<\/span><\/h2>\n<p data-start=\"1378\" data-end=\"1409\"><span style=\"font-family: arial, helvetica, sans-serif; font-size: 12pt;\">\ud83d\udc68\u200d\ud83d\udcbb Giao di\u1ec7n tr\u1ef1c quan gi\u00fap:<\/span><\/p>\n<ul data-start=\"1410\" data-end=\"1493\">\n<li data-section-id=\"1gts29b\" data-start=\"1410\" data-end=\"1461\">\n<p data-start=\"1412\" data-end=\"1461\"><span style=\"font-family: arial, helvetica, sans-serif; font-size: 12pt;\">Theo d\u00f5i qu\u00e1 tr\u00ecnh gia c\u00f4ng theo th\u1eddi gian th\u1ef1c<\/span><\/p>\n<\/li>\n<li data-section-id=\"vbe2i7\" data-start=\"1462\" data-end=\"1493\">\n<p data-start=\"1464\" data-end=\"1493\"><span style=\"font-family: arial, helvetica, sans-serif; font-size: 12pt;\">D\u1ec5 d\u00e0ng \u0111i\u1ec1u ch\u1ec9nh th\u00f4ng s\u1ed1<\/span><\/p>\n<\/li>\n<\/ul>\n<p data-start=\"1495\" data-end=\"1521\"><span style=\"font-family: arial, helvetica, sans-serif; font-size: 12pt;\">\u27a1\ufe0f Gi\u00fap k\u1ef9 s\u01b0 v\u00e0 operator:<\/span><\/p>\n<ul data-start=\"1522\" data-end=\"1576\">\n<li data-section-id=\"14cb849\" data-start=\"1522\" data-end=\"1548\">\n<p data-start=\"1524\" data-end=\"1548\"><span style=\"font-family: arial, helvetica, sans-serif; font-size: 12pt;\">T\u0103ng hi\u1ec7u qu\u1ea3 v\u1eadn h\u00e0nh<\/span><\/p>\n<\/li>\n<li data-section-id=\"frx3lk\" data-start=\"1549\" data-end=\"1576\">\n<p data-start=\"1551\" data-end=\"1576\"><span style=\"font-family: arial, helvetica, sans-serif; font-size: 12pt;\">Gi\u1ea3m l\u1ed7i trong s\u1ea3n xu\u1ea5t<\/span><\/p>\n<\/li>\n<\/ul>\n<h2 data-section-id=\"tlor12\" data-start=\"1578\" data-end=\"1620\"><span style=\"font-family: arial, helvetica, sans-serif; font-size: 12pt;\">Gi\u1ea3i ph\u00e1p t\u1ed1i \u01b0u cho depaneling t\u1ef1 \u0111\u1ed9ng<\/span><\/h2>\n<p data-start=\"1622\" data-end=\"1678\"><span style=\"font-family: arial, helvetica, sans-serif; font-size: 12pt;\">\ud83d\ude80 <strong data-start=\"1625\" data-end=\"1668\">Getech GAR1200 Automatic Router Machine<\/strong> mang l\u1ea1i:<\/span><\/p>\n<ul data-start=\"1679\" data-end=\"1798\">\n<li data-section-id=\"w1zbsv\" data-start=\"1679\" data-end=\"1716\">\n<p data-start=\"1681\" data-end=\"1716\"><span style=\"font-family: arial, helvetica, sans-serif; font-size: 12pt;\">N\u0103ng su\u1ea5t cao nh\u1edd thi\u1ebft k\u1ebf 2 tr\u1ea1m<\/span><\/p>\n<\/li>\n<li data-section-id=\"mnjdi2\" data-start=\"1717\" data-end=\"1759\">\n<p data-start=\"1719\" data-end=\"1759\"><span style=\"font-family: arial, helvetica, sans-serif; font-size: 12pt;\">\u0110\u1ed9 ch\u00ednh x\u00e1c v\u00e0 t\u00ednh l\u1eb7p l\u1ea1i v\u01b0\u1ee3t tr\u1ed9i<\/span><\/p>\n<\/li>\n<li data-section-id=\"1o0cbuv\" data-start=\"1760\" data-end=\"1798\">\n<p data-start=\"1762\" data-end=\"1798\"><span style=\"font-family: arial, helvetica, sans-serif; font-size: 12pt;\">Giao di\u1ec7n d\u1ec5 d\u00f9ng, t\u1ed1i \u01b0u v\u1eadn h\u00e0nh<\/span><\/p>\n<\/li>\n<\/ul>\n<p data-start=\"1800\" data-end=\"1828\"><span style=\"font-family: arial, helvetica, sans-serif; font-size: 12pt;\">\u27a1\ufe0f L\u00e0 l\u1ef1a ch\u1ecdn l\u00fd t\u01b0\u1edfng cho:<\/span><\/p>\n<ul data-start=\"1829\" data-end=\"1935\">\n<li data-section-id=\"d6jhbg\" data-start=\"1829\" data-end=\"1855\">\n<p data-start=\"1831\" data-end=\"1855\"><span style=\"font-family: arial, helvetica, sans-serif; font-size: 12pt;\">Nh\u00e0 m\u00e1y SMT quy m\u00f4 l\u1edbn<\/span><\/p>\n<\/li>\n<li data-section-id=\"16my3t2\" data-start=\"1856\" data-end=\"1890\">\n<p data-start=\"1858\" data-end=\"1890\"><span style=\"font-family: arial, helvetica, sans-serif; font-size: 12pt;\">D\u00e2y chuy\u1ec1n c\u1ea7n t\u1ef1 \u0111\u1ed9ng h\u00f3a cao<\/span><\/p>\n<\/li>\n<li data-section-id=\"gmq30t\" data-start=\"1891\" data-end=\"1935\">\n<p data-start=\"1893\" data-end=\"1935\"><span style=\"font-family: arial, helvetica, sans-serif; font-size: 12pt;\">\u1ee8ng d\u1ee5ng PCBA y\u00eau c\u1ea7u ch\u1ea5t l\u01b0\u1ee3ng \u1ed5n \u0111\u1ecbnh<\/span><\/p>\n<\/li>\n<\/ul>\n","protected":false},"excerpt":{"rendered":"<p>Getech GAR1200 Automatic Router Machine l\u00e0 gi\u1ea3i ph\u00e1p router t\u1ef1 \u0111\u1ed9ng cao c\u1ea5p t\u1eeb Getech, thi\u1ebft k\u1ebf \u0111\u1ec3 \u0111\u00e1p \u1ee9ng&#8230;<\/p>\n","protected":false},"author":1,"featured_media":4536,"parent":0,"menu_order":106,"comment_status":"open","ping_status":"closed","template":"","meta":{"inline_featured_image":false,"footnotes":""},"service-category":[78,79],"service_tag":[113],"class_list":["post-1621","product","type-product","status-publish","has-post-thumbnail","hentry","service-category-getech","service-category-may-cat-bo-mach-inline","service_tag-getech-vi"],"yoast_head":"<!-- This site is optimized with the Yoast SEO plugin v27.5 - https:\/\/yoast.com\/product\/yoast-seo-wordpress\/ -->\n<title>M\u00c1Y GAR1200 - LORIOT INDUSTRIAL<\/title>\n<meta name=\"description\" content=\"Getech GAR1200 Automatic Router Machine l\u00e0 gi\u1ea3i ph\u00e1p router t\u1ef1 \u0111\u1ed9ng cao c\u1ea5p t\u1eeb Getech, \u0111\u01b0\u1ee3c thi\u1ebft k\u1ebf \u0111\u1ec3 \u0111\u00e1p \u1ee9ng c\u00e1c y\u00eau c\u1ea7u s\u1ea3n xu\u1ea5t PCB\" \/>\n<meta name=\"robots\" content=\"index, follow, max-snippet:-1, max-image-preview:large, max-video-preview:-1\" \/>\n<link rel=\"canonical\" href=\"https:\/\/loriot.com.vn\/vi\/product\/may-gar1200\/\" \/>\n<meta property=\"og:locale\" content=\"vi_VN\" \/>\n<meta property=\"og:type\" content=\"article\" \/>\n<meta property=\"og:title\" content=\"M\u00c1Y GAR1200 - LORIOT INDUSTRIAL\" \/>\n<meta property=\"og:description\" content=\"Getech GAR1200 Automatic Router Machine l\u00e0 gi\u1ea3i ph\u00e1p router t\u1ef1 \u0111\u1ed9ng cao c\u1ea5p t\u1eeb Getech, \u0111\u01b0\u1ee3c thi\u1ebft k\u1ebf \u0111\u1ec3 \u0111\u00e1p \u1ee9ng c\u00e1c y\u00eau c\u1ea7u s\u1ea3n xu\u1ea5t PCB\" \/>\n<meta property=\"og:url\" content=\"https:\/\/loriot.com.vn\/vi\/product\/may-gar1200\/\" \/>\n<meta property=\"og:site_name\" content=\"LORIOT INDUSTRIAL\" \/>\n<meta property=\"article:publisher\" content=\"https:\/\/www.facebook.com\/Loriot-Industrial-COLTD-103044855046633\" \/>\n<meta property=\"article:modified_time\" content=\"2026-03-18T08:53:21+00:00\" \/>\n<meta property=\"og:image\" content=\"https:\/\/loriot.com.vn\/wp-content\/uploads\/2021\/08\/Getech-1672-512x630-1.jpg\" \/>\n\t<meta property=\"og:image:width\" content=\"770\" \/>\n\t<meta property=\"og:image:height\" content=\"513\" \/>\n\t<meta property=\"og:image:type\" content=\"image\/jpeg\" \/>\n<meta name=\"twitter:card\" content=\"summary_large_image\" \/>\n<meta name=\"twitter:label1\" content=\"\u01af\u1edbc t\u00ednh th\u1eddi gian \u0111\u1ecdc\" \/>\n\t<meta name=\"twitter:data1\" content=\"2 ph\u00fat\" \/>\n<script type=\"application\/ld+json\" class=\"yoast-schema-graph\">{\"@context\":\"https:\\\/\\\/schema.org\",\"@graph\":[{\"@type\":\"WebPage\",\"@id\":\"https:\\\/\\\/loriot.com.vn\\\/vi\\\/product\\\/may-gar1200\\\/\",\"url\":\"https:\\\/\\\/loriot.com.vn\\\/vi\\\/product\\\/may-gar1200\\\/\",\"name\":\"M\u00c1Y GAR1200 - LORIOT INDUSTRIAL\",\"isPartOf\":{\"@id\":\"https:\\\/\\\/loriot.com.vn\\\/vi\\\/#website\"},\"primaryImageOfPage\":{\"@id\":\"https:\\\/\\\/loriot.com.vn\\\/vi\\\/product\\\/may-gar1200\\\/#primaryimage\"},\"image\":{\"@id\":\"https:\\\/\\\/loriot.com.vn\\\/vi\\\/product\\\/may-gar1200\\\/#primaryimage\"},\"thumbnailUrl\":\"https:\\\/\\\/loriot.com.vn\\\/wp-content\\\/uploads\\\/2021\\\/08\\\/Getech-1672-512x630-1.jpg\",\"datePublished\":\"2021-08-03T09:57:37+00:00\",\"dateModified\":\"2026-03-18T08:53:21+00:00\",\"description\":\"Getech GAR1200 Automatic Router Machine l\u00e0 gi\u1ea3i ph\u00e1p router t\u1ef1 \u0111\u1ed9ng cao c\u1ea5p t\u1eeb Getech, \u0111\u01b0\u1ee3c thi\u1ebft k\u1ebf \u0111\u1ec3 \u0111\u00e1p \u1ee9ng c\u00e1c y\u00eau c\u1ea7u s\u1ea3n xu\u1ea5t PCB\",\"breadcrumb\":{\"@id\":\"https:\\\/\\\/loriot.com.vn\\\/vi\\\/product\\\/may-gar1200\\\/#breadcrumb\"},\"inLanguage\":\"vi\",\"potentialAction\":[{\"@type\":\"ReadAction\",\"target\":[\"https:\\\/\\\/loriot.com.vn\\\/vi\\\/product\\\/may-gar1200\\\/\"]}]},{\"@type\":\"ImageObject\",\"inLanguage\":\"vi\",\"@id\":\"https:\\\/\\\/loriot.com.vn\\\/vi\\\/product\\\/may-gar1200\\\/#primaryimage\",\"url\":\"https:\\\/\\\/loriot.com.vn\\\/wp-content\\\/uploads\\\/2021\\\/08\\\/Getech-1672-512x630-1.jpg\",\"contentUrl\":\"https:\\\/\\\/loriot.com.vn\\\/wp-content\\\/uploads\\\/2021\\\/08\\\/Getech-1672-512x630-1.jpg\",\"width\":770,\"height\":513,\"caption\":\"M\u00c1Y GAR1200\"},{\"@type\":\"BreadcrumbList\",\"@id\":\"https:\\\/\\\/loriot.com.vn\\\/vi\\\/product\\\/may-gar1200\\\/#breadcrumb\",\"itemListElement\":[{\"@type\":\"ListItem\",\"position\":1,\"name\":\"Home\",\"item\":\"https:\\\/\\\/loriot.com.vn\\\/vi\\\/\"},{\"@type\":\"ListItem\",\"position\":2,\"name\":\"Products\",\"item\":\"https:\\\/\\\/loriot.com.vn\\\/vi\\\/product\\\/\"},{\"@type\":\"ListItem\",\"position\":3,\"name\":\"M\u00c1Y GAR1200\"}]},{\"@type\":\"WebSite\",\"@id\":\"https:\\\/\\\/loriot.com.vn\\\/vi\\\/#website\",\"url\":\"https:\\\/\\\/loriot.com.vn\\\/vi\\\/\",\"name\":\"LORIOT INDUSTRIAL CO.,LTD\",\"description\":\"\",\"publisher\":{\"@id\":\"https:\\\/\\\/loriot.com.vn\\\/vi\\\/#organization\"},\"potentialAction\":[{\"@type\":\"SearchAction\",\"target\":{\"@type\":\"EntryPoint\",\"urlTemplate\":\"https:\\\/\\\/loriot.com.vn\\\/vi\\\/?s={search_term_string}\"},\"query-input\":{\"@type\":\"PropertyValueSpecification\",\"valueRequired\":true,\"valueName\":\"search_term_string\"}}],\"inLanguage\":\"vi\"},{\"@type\":\"Organization\",\"@id\":\"https:\\\/\\\/loriot.com.vn\\\/vi\\\/#organization\",\"name\":\"Loriot Industrial Co.,Ltd\",\"url\":\"https:\\\/\\\/loriot.com.vn\\\/vi\\\/\",\"logo\":{\"@type\":\"ImageObject\",\"inLanguage\":\"vi\",\"@id\":\"https:\\\/\\\/loriot.com.vn\\\/vi\\\/#\\\/schema\\\/logo\\\/image\\\/\",\"url\":\"https:\\\/\\\/loriot.com.vn\\\/wp-content\\\/uploads\\\/2021\\\/08\\\/logo-ft.png\",\"contentUrl\":\"https:\\\/\\\/loriot.com.vn\\\/wp-content\\\/uploads\\\/2021\\\/08\\\/logo-ft.png\",\"width\":333,\"height\":101,\"caption\":\"Loriot Industrial Co.,Ltd\"},\"image\":{\"@id\":\"https:\\\/\\\/loriot.com.vn\\\/vi\\\/#\\\/schema\\\/logo\\\/image\\\/\"},\"sameAs\":[\"https:\\\/\\\/www.facebook.com\\\/Loriot-Industrial-COLTD-103044855046633\"]}]}<\/script>\n<!-- \/ Yoast SEO plugin. -->","yoast_head_json":{"title":"M\u00c1Y GAR1200 - LORIOT INDUSTRIAL","description":"Getech GAR1200 Automatic Router Machine l\u00e0 gi\u1ea3i ph\u00e1p router t\u1ef1 \u0111\u1ed9ng cao c\u1ea5p t\u1eeb Getech, \u0111\u01b0\u1ee3c thi\u1ebft k\u1ebf \u0111\u1ec3 \u0111\u00e1p \u1ee9ng c\u00e1c y\u00eau c\u1ea7u s\u1ea3n xu\u1ea5t PCB","robots":{"index":"index","follow":"follow","max-snippet":"max-snippet:-1","max-image-preview":"max-image-preview:large","max-video-preview":"max-video-preview:-1"},"canonical":"https:\/\/loriot.com.vn\/vi\/product\/may-gar1200\/","og_locale":"vi_VN","og_type":"article","og_title":"M\u00c1Y GAR1200 - LORIOT INDUSTRIAL","og_description":"Getech GAR1200 Automatic Router Machine l\u00e0 gi\u1ea3i ph\u00e1p router t\u1ef1 \u0111\u1ed9ng cao c\u1ea5p t\u1eeb Getech, \u0111\u01b0\u1ee3c thi\u1ebft k\u1ebf \u0111\u1ec3 \u0111\u00e1p \u1ee9ng c\u00e1c y\u00eau c\u1ea7u s\u1ea3n xu\u1ea5t PCB","og_url":"https:\/\/loriot.com.vn\/vi\/product\/may-gar1200\/","og_site_name":"LORIOT INDUSTRIAL","article_publisher":"https:\/\/www.facebook.com\/Loriot-Industrial-COLTD-103044855046633","article_modified_time":"2026-03-18T08:53:21+00:00","og_image":[{"width":770,"height":513,"url":"https:\/\/loriot.com.vn\/wp-content\/uploads\/2021\/08\/Getech-1672-512x630-1.jpg","type":"image\/jpeg"}],"twitter_card":"summary_large_image","twitter_misc":{"\u01af\u1edbc t\u00ednh th\u1eddi gian \u0111\u1ecdc":"2 ph\u00fat"},"schema":{"@context":"https:\/\/schema.org","@graph":[{"@type":"WebPage","@id":"https:\/\/loriot.com.vn\/vi\/product\/may-gar1200\/","url":"https:\/\/loriot.com.vn\/vi\/product\/may-gar1200\/","name":"M\u00c1Y GAR1200 - LORIOT INDUSTRIAL","isPartOf":{"@id":"https:\/\/loriot.com.vn\/vi\/#website"},"primaryImageOfPage":{"@id":"https:\/\/loriot.com.vn\/vi\/product\/may-gar1200\/#primaryimage"},"image":{"@id":"https:\/\/loriot.com.vn\/vi\/product\/may-gar1200\/#primaryimage"},"thumbnailUrl":"https:\/\/loriot.com.vn\/wp-content\/uploads\/2021\/08\/Getech-1672-512x630-1.jpg","datePublished":"2021-08-03T09:57:37+00:00","dateModified":"2026-03-18T08:53:21+00:00","description":"Getech GAR1200 Automatic Router Machine l\u00e0 gi\u1ea3i ph\u00e1p router t\u1ef1 \u0111\u1ed9ng cao c\u1ea5p t\u1eeb Getech, \u0111\u01b0\u1ee3c thi\u1ebft k\u1ebf \u0111\u1ec3 \u0111\u00e1p \u1ee9ng c\u00e1c y\u00eau c\u1ea7u s\u1ea3n xu\u1ea5t PCB","breadcrumb":{"@id":"https:\/\/loriot.com.vn\/vi\/product\/may-gar1200\/#breadcrumb"},"inLanguage":"vi","potentialAction":[{"@type":"ReadAction","target":["https:\/\/loriot.com.vn\/vi\/product\/may-gar1200\/"]}]},{"@type":"ImageObject","inLanguage":"vi","@id":"https:\/\/loriot.com.vn\/vi\/product\/may-gar1200\/#primaryimage","url":"https:\/\/loriot.com.vn\/wp-content\/uploads\/2021\/08\/Getech-1672-512x630-1.jpg","contentUrl":"https:\/\/loriot.com.vn\/wp-content\/uploads\/2021\/08\/Getech-1672-512x630-1.jpg","width":770,"height":513,"caption":"M\u00c1Y GAR1200"},{"@type":"BreadcrumbList","@id":"https:\/\/loriot.com.vn\/vi\/product\/may-gar1200\/#breadcrumb","itemListElement":[{"@type":"ListItem","position":1,"name":"Home","item":"https:\/\/loriot.com.vn\/vi\/"},{"@type":"ListItem","position":2,"name":"Products","item":"https:\/\/loriot.com.vn\/vi\/product\/"},{"@type":"ListItem","position":3,"name":"M\u00c1Y GAR1200"}]},{"@type":"WebSite","@id":"https:\/\/loriot.com.vn\/vi\/#website","url":"https:\/\/loriot.com.vn\/vi\/","name":"LORIOT INDUSTRIAL CO.,LTD","description":"","publisher":{"@id":"https:\/\/loriot.com.vn\/vi\/#organization"},"potentialAction":[{"@type":"SearchAction","target":{"@type":"EntryPoint","urlTemplate":"https:\/\/loriot.com.vn\/vi\/?s={search_term_string}"},"query-input":{"@type":"PropertyValueSpecification","valueRequired":true,"valueName":"search_term_string"}}],"inLanguage":"vi"},{"@type":"Organization","@id":"https:\/\/loriot.com.vn\/vi\/#organization","name":"Loriot Industrial Co.,Ltd","url":"https:\/\/loriot.com.vn\/vi\/","logo":{"@type":"ImageObject","inLanguage":"vi","@id":"https:\/\/loriot.com.vn\/vi\/#\/schema\/logo\/image\/","url":"https:\/\/loriot.com.vn\/wp-content\/uploads\/2021\/08\/logo-ft.png","contentUrl":"https:\/\/loriot.com.vn\/wp-content\/uploads\/2021\/08\/logo-ft.png","width":333,"height":101,"caption":"Loriot Industrial Co.,Ltd"},"image":{"@id":"https:\/\/loriot.com.vn\/vi\/#\/schema\/logo\/image\/"},"sameAs":["https:\/\/www.facebook.com\/Loriot-Industrial-COLTD-103044855046633"]}]}},"_links":{"self":[{"href":"https:\/\/loriot.com.vn\/vi\/wp-json\/wp\/v2\/product\/1621","targetHints":{"allow":["GET"]}}],"collection":[{"href":"https:\/\/loriot.com.vn\/vi\/wp-json\/wp\/v2\/product"}],"about":[{"href":"https:\/\/loriot.com.vn\/vi\/wp-json\/wp\/v2\/types\/product"}],"author":[{"embeddable":true,"href":"https:\/\/loriot.com.vn\/vi\/wp-json\/wp\/v2\/users\/1"}],"replies":[{"embeddable":true,"href":"https:\/\/loriot.com.vn\/vi\/wp-json\/wp\/v2\/comments?post=1621"}],"version-history":[{"count":13,"href":"https:\/\/loriot.com.vn\/vi\/wp-json\/wp\/v2\/product\/1621\/revisions"}],"predecessor-version":[{"id":6598,"href":"https:\/\/loriot.com.vn\/vi\/wp-json\/wp\/v2\/product\/1621\/revisions\/6598"}],"wp:featuredmedia":[{"embeddable":true,"href":"https:\/\/loriot.com.vn\/vi\/wp-json\/wp\/v2\/media\/4536"}],"wp:attachment":[{"href":"https:\/\/loriot.com.vn\/vi\/wp-json\/wp\/v2\/media?parent=1621"}],"wp:term":[{"taxonomy":"service-category","embeddable":true,"href":"https:\/\/loriot.com.vn\/vi\/wp-json\/wp\/v2\/service-category?post=1621"},{"taxonomy":"service_tag","embeddable":true,"href":"https:\/\/loriot.com.vn\/vi\/wp-json\/wp\/v2\/service_tag?post=1621"}],"curies":[{"name":"wp","href":"https:\/\/api.w.org\/{rel}","templated":true}]}}