{"id":1622,"date":"2021-08-03T10:01:42","date_gmt":"2021-08-03T10:01:42","guid":{"rendered":"http:\/\/loriot.com.vn\/product\/gbr\/"},"modified":"2026-03-18T15:48:25","modified_gmt":"2026-03-18T08:48:25","slug":"may-gbr","status":"publish","type":"product","link":"https:\/\/loriot.com.vn\/vi\/product\/may-gbr\/","title":{"rendered":"M\u00c1Y GBR"},"content":{"rendered":"<p style=\"text-align: center;\"><span style=\"font-family: arial, helvetica, sans-serif; font-size: 14pt;\"><strong>M\u00c1Y GBR<\/strong><\/span><\/p>\n<p>&nbsp;<\/p>\n<h1 data-section-id=\"12xnift\" data-start=\"0\" data-end=\"102\"><span style=\"font-family: arial, helvetica, sans-serif; font-size: 12pt;\">M\u00e1y router PCB b\u00e1n t\u1ef1 \u0111\u1ed9ng Getech GBR Bottom Router \u2013 Gi\u1ea3i ph\u00e1p t\u00e1ch board ch\u00ednh x\u00e1c, t\u1ed1i \u01b0u chi ph\u00ed<\/span><\/h1>\n<p data-start=\"104\" data-end=\"421\"><span style=\"font-family: arial, helvetica, sans-serif; font-size: 12pt;\">Trong s\u1ea3n xu\u1ea5t PCB, \u0111\u1eb7c bi\u1ec7t \u1edf giai \u0111o\u1ea1n <strong data-start=\"145\" data-end=\"183\">prototype ho\u1eb7c s\u1ea3n xu\u1ea5t quy m\u00f4 nh\u1ecf<\/strong>, vi\u1ec7c t\u00e1ch panel th\u00e0nh t\u1eebng board ri\u00eang l\u1ebb c\u1ea7n m\u1ed9t gi\u1ea3i ph\u00e1p v\u1eeba ch\u00ednh x\u00e1c v\u1eeba ti\u1ebft ki\u1ec7m chi ph\u00ed. <strong data-start=\"282\" data-end=\"310\">Getech GBR Bottom Router<\/strong> l\u00e0 d\u00f2ng m\u00e1y router b\u00e1n t\u1ef1 \u0111\u1ed9ng \u0111\u01b0\u1ee3c thi\u1ebft k\u1ebf \u0111\u1ec3 \u0111\u00e1p \u1ee9ng nhu c\u1ea7u n\u00e0y v\u1edbi hi\u1ec7u su\u1ea5t \u1ed5n \u0111\u1ecbnh v\u00e0 v\u1eadn h\u00e0nh d\u1ec5 d\u00e0ng.<\/span><\/p>\n<h2 data-section-id=\"cskh8z\" data-start=\"423\" data-end=\"460\"><span style=\"font-family: arial, helvetica, sans-serif; font-size: 12pt;\">Hi\u1ec7u su\u1ea5t c\u1eaft m\u1ea1nh m\u1ebd \u2013 t\u1ed1c \u0111\u1ed9 cao<\/span><\/h2>\n<p data-start=\"462\" data-end=\"611\"><span style=\"font-family: arial, helvetica, sans-serif; font-size: 12pt;\">\u26a1 Trang b\u1ecb spindle t\u1ed1c \u0111\u1ed9 cao l\u00ean \u0111\u1ebfn <strong data-start=\"500\" data-end=\"514\">60,000 RPM<\/strong> gi\u00fap c\u1eaft PCB nhanh v\u00e0 m\u01b0\u1ee3t<\/span><br data-start=\"541\" data-end=\"544\" \/><span style=\"font-family: arial, helvetica, sans-serif; font-size: 12pt;\">\ud83d\udccf \u0110\u1ed9 s\u00e2u c\u1eaft t\u1ed1i \u0111a <strong data-start=\"565\" data-end=\"575\">0.5 mm<\/strong>, ph\u00f9 h\u1ee3p v\u1edbi nhi\u1ec1u lo\u1ea1i panel PCB<\/span><\/p>\n<p data-start=\"613\" data-end=\"625\"><span style=\"font-family: arial, helvetica, sans-serif; font-size: 12pt;\">\u27a1\ufe0f Mang l\u1ea1i:<\/span><\/p>\n<ul data-start=\"626\" data-end=\"718\">\n<li data-section-id=\"w4l72j\" data-start=\"626\" data-end=\"655\">\n<p data-start=\"628\" data-end=\"655\"><span style=\"font-family: arial, helvetica, sans-serif; font-size: 12pt;\">\u0110\u01b0\u1eddng c\u1eaft ch\u00ednh x\u00e1c, s\u1ea1ch<\/span><\/p>\n<\/li>\n<li data-section-id=\"1jr1j1r\" data-start=\"656\" data-end=\"694\">\n<p data-start=\"658\" data-end=\"694\"><span style=\"font-family: arial, helvetica, sans-serif; font-size: 12pt;\">Gi\u1ea3m rung v\u00e0 h\u1ea1n ch\u1ebf h\u01b0 h\u1ecfng board<\/span><\/p>\n<\/li>\n<li data-section-id=\"1o5vuiu\" data-start=\"695\" data-end=\"718\">\n<p data-start=\"697\" data-end=\"718\"><span style=\"font-family: arial, helvetica, sans-serif; font-size: 12pt;\">T\u0103ng hi\u1ec7u qu\u1ea3 x\u1eed l\u00fd<\/span><\/p>\n<\/li>\n<\/ul>\n<h2 data-section-id=\"1okta43\" data-start=\"720\" data-end=\"756\"><span style=\"font-family: arial, helvetica, sans-serif; font-size: 12pt;\">V\u1eadn h\u00e0nh b\u00e1n t\u1ef1 \u0111\u1ed9ng \u2013 d\u1ec5 s\u1eed d\u1ee5ng<\/span><\/h2>\n<p data-start=\"758\" data-end=\"793\"><span style=\"font-family: arial, helvetica, sans-serif; font-size: 12pt;\">\ud83d\udda5\ufe0f B\u1ea3ng \u0111i\u1ec1u khi\u1ec3n tr\u1ef1c quan gi\u00fap:<\/span><\/p>\n<ul data-start=\"794\" data-end=\"848\">\n<li data-section-id=\"10rm1wx\" data-start=\"794\" data-end=\"818\">\n<p data-start=\"796\" data-end=\"818\"><span style=\"font-family: arial, helvetica, sans-serif; font-size: 12pt;\">Thi\u1ebft l\u1eadp t\u1ed1c \u0111\u1ed9 c\u1eaft<\/span><\/p>\n<\/li>\n<li data-section-id=\"3moo5d\" data-start=\"819\" data-end=\"848\">\n<p data-start=\"821\" data-end=\"848\"><span style=\"font-family: arial, helvetica, sans-serif; font-size: 12pt;\">\u0110i\u1ec1u ch\u1ec9nh \u0111\u1ed9 s\u00e2u d\u1ec5 d\u00e0ng<\/span><\/p>\n<\/li>\n<\/ul>\n<p data-start=\"850\" data-end=\"877\"><span style=\"font-family: arial, helvetica, sans-serif; font-size: 12pt;\">\ud83d\udd04 C\u01a1 ch\u1ebf b\u00e1n t\u1ef1 \u0111\u1ed9ng gi\u00fap:<\/span><\/p>\n<ul data-start=\"878\" data-end=\"947\">\n<li data-section-id=\"mprbm2\" data-start=\"878\" data-end=\"903\">\n<p data-start=\"880\" data-end=\"903\"><span style=\"font-family: arial, helvetica, sans-serif; font-size: 12pt;\">\u0110\u01a1n gi\u1ea3n h\u00f3a thao t\u00e1c<\/span><\/p>\n<\/li>\n<li data-section-id=\"17fph8l\" data-start=\"904\" data-end=\"947\">\n<p data-start=\"906\" data-end=\"947\"><span style=\"font-family: arial, helvetica, sans-serif; font-size: 12pt;\">Ph\u00f9 h\u1ee3p v\u1edbi nhi\u1ec1u c\u1ea5p \u0111\u1ed9 ng\u01b0\u1eddi v\u1eadn h\u00e0nh<\/span><\/p>\n<\/li>\n<\/ul>\n<p data-start=\"949\" data-end=\"1013\"><span style=\"font-family: arial, helvetica, sans-serif; font-size: 12pt;\">\u27a1\ufe0f Gi\u1ea3m th\u1eddi gian \u0111\u00e0o t\u1ea1o v\u00e0 t\u0103ng t\u00ednh linh ho\u1ea1t trong s\u1ea3n xu\u1ea5t.<\/span><\/p>\n<h2 data-section-id=\"1eegevr\" data-start=\"1015\" data-end=\"1061\"><span style=\"font-family: arial, helvetica, sans-serif; font-size: 12pt;\">H\u1ec7 th\u1ed1ng h\u00fat b\u1ee5i t\u00edch h\u1ee3p \u2013 m\u00f4i tr\u01b0\u1eddng s\u1ea1ch<\/span><\/h2>\n<p data-start=\"1063\" data-end=\"1100\"><span style=\"font-family: arial, helvetica, sans-serif; font-size: 12pt;\">\ud83c\udf2a\ufe0f T\u00edch h\u1ee3p h\u1ec7 th\u1ed1ng h\u00fat ch\u00e2n kh\u00f4ng:<\/span><\/p>\n<ul data-start=\"1101\" data-end=\"1181\">\n<li data-section-id=\"1vo4zle\" data-start=\"1101\" data-end=\"1148\">\n<p data-start=\"1103\" data-end=\"1148\"><span style=\"font-family: arial, helvetica, sans-serif; font-size: 12pt;\">Lo\u1ea1i b\u1ecf b\u1ee5i v\u00e0 m\u1ea3nh v\u1ee5n trong qu\u00e1 tr\u00ecnh c\u1eaft<\/span><\/p>\n<\/li>\n<li data-section-id=\"l3ttee\" data-start=\"1149\" data-end=\"1181\">\n<p data-start=\"1151\" data-end=\"1181\"><span style=\"font-family: arial, helvetica, sans-serif; font-size: 12pt;\">Gi\u1eef khu v\u1ef1c l\u00e0m vi\u1ec7c s\u1ea1ch s\u1ebd<\/span><\/p>\n<\/li>\n<\/ul>\n<p data-start=\"1183\" data-end=\"1191\"><span style=\"font-family: arial, helvetica, sans-serif; font-size: 12pt;\">\u27a1\ufe0f Gi\u00fap:<\/span><\/p>\n<ul data-start=\"1192\" data-end=\"1276\">\n<li data-section-id=\"28480e\" data-start=\"1192\" data-end=\"1216\">\n<p data-start=\"1194\" data-end=\"1216\"><span style=\"font-family: arial, helvetica, sans-serif; font-size: 12pt;\">B\u1ea3o v\u1ec7 linh ki\u1ec7n PCB<\/span><\/p>\n<\/li>\n<li data-section-id=\"1x69na8\" data-start=\"1217\" data-end=\"1249\">\n<p data-start=\"1219\" data-end=\"1249\"><span style=\"font-family: arial, helvetica, sans-serif; font-size: 12pt;\">C\u1ea3i thi\u1ec7n \u0111i\u1ec1u ki\u1ec7n l\u00e0m vi\u1ec7c<\/span><\/p>\n<\/li>\n<li data-section-id=\"15m3g6i\" data-start=\"1250\" data-end=\"1276\">\n<p data-start=\"1252\" data-end=\"1276\"><span style=\"font-family: arial, helvetica, sans-serif; font-size: 12pt;\">Gi\u1ea3m c\u00f4ng \u0111o\u1ea1n v\u1ec7 sinh<\/span><\/p>\n<\/li>\n<\/ul>\n<h2 data-section-id=\"18q1hox\" data-start=\"1278\" data-end=\"1317\"><span style=\"font-family: arial, helvetica, sans-serif; font-size: 12pt;\">An to\u00e0n v\u1eadn h\u00e0nh \u2013 b\u1ea3o v\u1ec7 ng\u01b0\u1eddi d\u00f9ng<\/span><\/h2>\n<p data-start=\"1319\" data-end=\"1354\"><span style=\"font-family: arial, helvetica, sans-serif; font-size: 12pt;\">\ud83d\udee1\ufe0f Trang b\u1ecb c\u00e1c t\u00ednh n\u0103ng an to\u00e0n:<\/span><\/p>\n<ul data-start=\"1355\" data-end=\"1463\">\n<li data-section-id=\"oz21os\" data-start=\"1355\" data-end=\"1393\">\n<p data-start=\"1357\" data-end=\"1393\"><span style=\"font-family: arial, helvetica, sans-serif; font-size: 12pt;\">N\u00fat d\u1eebng kh\u1ea9n c\u1ea5p (Emergency Stop)<\/span><\/p>\n<\/li>\n<li data-section-id=\"gqu2dv\" data-start=\"1394\" data-end=\"1463\">\n<p data-start=\"1396\" data-end=\"1463\"><span style=\"font-family: arial, helvetica, sans-serif; font-size: 12pt;\">H\u1ec7 th\u1ed1ng interlock \u0111\u1ea3m b\u1ea3o m\u00e1y ch\u1ec9 ho\u1ea1t \u0111\u1ed9ng khi \u0111\u00f3ng n\u1eafp an to\u00e0n<\/span><\/p>\n<\/li>\n<\/ul>\n<p data-start=\"1465\" data-end=\"1534\"><span style=\"font-family: arial, helvetica, sans-serif; font-size: 12pt;\">\u27a1\ufe0f \u0110\u1ea3m b\u1ea3o an to\u00e0n t\u1ed1i \u0111a cho ng\u01b0\u1eddi v\u1eadn h\u00e0nh trong qu\u00e1 tr\u00ecnh s\u1eed d\u1ee5ng.<\/span><\/p>\n<h2 data-section-id=\"9c9s89\" data-start=\"1536\" data-end=\"1575\"><span style=\"font-family: arial, helvetica, sans-serif; font-size: 12pt;\">\u1ee8ng d\u1ee5ng linh ho\u1ea1t trong nhi\u1ec1u ng\u00e0nh<\/span><\/h2>\n<p data-start=\"1577\" data-end=\"1621\"><span style=\"font-family: arial, helvetica, sans-serif; font-size: 12pt;\">\ud83d\udd27 <strong data-start=\"1580\" data-end=\"1608\">Getech GBR Bottom Router<\/strong> ph\u00f9 h\u1ee3p cho:<\/span><\/p>\n<ul data-start=\"1622\" data-end=\"1686\">\n<li data-section-id=\"v49b3e\" data-start=\"1622\" data-end=\"1662\">\n<p data-start=\"1624\" data-end=\"1662\"><span style=\"font-family: arial, helvetica, sans-serif; font-size: 12pt;\">S\u1ea3n xu\u1ea5t \u0111i\u1ec7n t\u1eed (PCB assembly, SMT)<\/span><\/p>\n<\/li>\n<li data-section-id=\"14bxffh\" data-start=\"1663\" data-end=\"1677\">\n<p data-start=\"1665\" data-end=\"1677\"><span style=\"font-family: arial, helvetica, sans-serif; font-size: 12pt;\">Vi\u1ec5n th\u00f4ng<\/span><\/p>\n<\/li>\n<li data-section-id=\"1u6jw0s\" data-start=\"1678\" data-end=\"1686\">\n<p data-start=\"1680\" data-end=\"1686\"><span style=\"font-family: arial, helvetica, sans-serif; font-size: 12pt;\">\u00d4 t\u00f4<\/span><\/p>\n<\/li>\n<\/ul>\n<p data-start=\"1688\" data-end=\"1713\"><span style=\"font-family: arial, helvetica, sans-serif; font-size: 12pt;\">\ud83d\udce6 \u0110\u1eb7c bi\u1ec7t hi\u1ec7u qu\u1ea3 cho:<\/span><\/p>\n<ul data-start=\"1714\" data-end=\"1806\">\n<li data-section-id=\"jc2v93\" data-start=\"1714\" data-end=\"1731\">\n<p data-start=\"1716\" data-end=\"1731\"><span style=\"font-family: arial, helvetica, sans-serif; font-size: 12pt;\">Prototype PCB<\/span><\/p>\n<\/li>\n<li data-section-id=\"1jdcedz\" data-start=\"1732\" data-end=\"1757\">\n<p data-start=\"1734\" data-end=\"1757\"><span style=\"font-family: arial, helvetica, sans-serif; font-size: 12pt;\">S\u1ea3n xu\u1ea5t s\u1ed1 l\u01b0\u1ee3ng nh\u1ecf<\/span><\/p>\n<\/li>\n<li data-section-id=\"1oyb15f\" data-start=\"1758\" data-end=\"1806\">\n<p data-start=\"1760\" data-end=\"1806\"><span style=\"font-family: arial, helvetica, sans-serif; font-size: 12pt;\">C\u00e1c \u1ee9ng d\u1ee5ng c\u1ea7n t\u00e1ch board nhanh, linh ho\u1ea1t<\/span><\/p>\n<\/li>\n<\/ul>\n<h2 data-section-id=\"18647mn\" data-start=\"1808\" data-end=\"1862\"><span style=\"font-family: arial, helvetica, sans-serif; font-size: 12pt;\">Gi\u1ea3i ph\u00e1p depaneling t\u1ed1i \u01b0u cho s\u1ea3n xu\u1ea5t nh\u1ecf v\u00e0 R&amp;D<\/span><\/h2>\n<p data-start=\"1864\" data-end=\"2038\"><span style=\"font-family: arial, helvetica, sans-serif; font-size: 12pt;\">V\u1edbi thi\u1ebft k\u1ebf nh\u1ecf g\u1ecdn, v\u1eadn h\u00e0nh \u0111\u01a1n gi\u1ea3n v\u00e0 hi\u1ec7u su\u1ea5t \u1ed5n \u0111\u1ecbnh, <strong data-start=\"1926\" data-end=\"1954\">Getech GBR Bottom Router<\/strong> l\u00e0 l\u1ef1a ch\u1ecdn l\u00fd t\u01b0\u1edfng cho c\u00e1c doanh nghi\u1ec7p c\u1ea7n gi\u1ea3i ph\u00e1p <strong data-start=\"2011\" data-end=\"2037\">router PCB b\u00e1n t\u1ef1 \u0111\u1ed9ng<\/strong>.<\/span><\/p>\n<p data-start=\"2040\" data-end=\"2159\"><span style=\"font-family: arial, helvetica, sans-serif; font-size: 12pt;\">Thi\u1ebft b\u1ecb gi\u00fap \u0111\u1ea3m b\u1ea3o ch\u1ea5t l\u01b0\u1ee3ng c\u1eaft, t\u1ed1i \u01b0u chi ph\u00ed \u0111\u1ea7u t\u01b0 v\u00e0 n\u00e2ng cao hi\u1ec7u qu\u1ea3 trong c\u00e1c \u1ee9ng d\u1ee5ng s\u1ea3n xu\u1ea5t linh ho\u1ea1t.<\/span><\/p>\n","protected":false},"excerpt":{"rendered":"<p>Getech GBR Bottom Router l\u00e0 d\u00f2ng m\u00e1y router b\u00e1n t\u1ef1 \u0111\u1ed9ng \u0111\u01b0\u1ee3c thi\u1ebft k\u1ebf \u0111\u1ec3 \u0111\u00e1p \u1ee9ng nhu c\u1ea7u n\u00e0y v\u1edbi hi\u1ec7u su\u1ea5t \u1ed5n \u0111\u1ecbnh<\/p>\n","protected":false},"author":1,"featured_media":4534,"parent":0,"menu_order":104,"comment_status":"open","ping_status":"closed","template":"","meta":{"inline_featured_image":false,"footnotes":""},"service-category":[78,79],"service_tag":[113],"class_list":["post-1622","product","type-product","status-publish","has-post-thumbnail","hentry","service-category-getech","service-category-may-cat-bo-mach-inline","service_tag-getech-vi"],"yoast_head":"<!-- This site is optimized with the Yoast SEO plugin v27.5 - https:\/\/yoast.com\/product\/yoast-seo-wordpress\/ -->\n<title>M\u00c1Y GBR - LORIOT INDUSTRIAL<\/title>\n<meta name=\"description\" content=\"Getech GBR Bottom Router l\u00e0 d\u00f2ng m\u00e1y router b\u00e1n t\u1ef1 \u0111\u1ed9ng \u0111\u01b0\u1ee3c thi\u1ebft k\u1ebf \u0111\u1ec3 \u0111\u00e1p \u1ee9ng nhu c\u1ea7u n\u00e0y v\u1edbi hi\u1ec7u su\u1ea5t \u1ed5n \u0111\u1ecbnh v\u00e0 v\u1eadn h\u00e0nh d\u1ec5 d\u00e0ng.\" \/>\n<meta name=\"robots\" content=\"index, follow, max-snippet:-1, max-image-preview:large, max-video-preview:-1\" \/>\n<link rel=\"canonical\" href=\"https:\/\/loriot.com.vn\/vi\/product\/may-gbr\/\" \/>\n<meta property=\"og:locale\" content=\"vi_VN\" \/>\n<meta property=\"og:type\" content=\"article\" \/>\n<meta property=\"og:title\" content=\"M\u00c1Y GBR - LORIOT INDUSTRIAL\" \/>\n<meta property=\"og:description\" content=\"Getech GBR Bottom Router l\u00e0 d\u00f2ng m\u00e1y router b\u00e1n t\u1ef1 \u0111\u1ed9ng \u0111\u01b0\u1ee3c thi\u1ebft k\u1ebf \u0111\u1ec3 \u0111\u00e1p \u1ee9ng nhu c\u1ea7u n\u00e0y v\u1edbi hi\u1ec7u su\u1ea5t \u1ed5n \u0111\u1ecbnh v\u00e0 v\u1eadn h\u00e0nh d\u1ec5 d\u00e0ng.\" \/>\n<meta property=\"og:url\" content=\"https:\/\/loriot.com.vn\/vi\/product\/may-gbr\/\" \/>\n<meta property=\"og:site_name\" content=\"LORIOT INDUSTRIAL\" \/>\n<meta property=\"article:publisher\" content=\"https:\/\/www.facebook.com\/Loriot-Industrial-COLTD-103044855046633\" \/>\n<meta property=\"article:modified_time\" content=\"2026-03-18T08:48:25+00:00\" \/>\n<meta property=\"og:image\" content=\"https:\/\/loriot.com.vn\/wp-content\/uploads\/2021\/08\/Bottom-1672-1-512x630-1.jpg\" \/>\n\t<meta property=\"og:image:width\" content=\"770\" \/>\n\t<meta property=\"og:image:height\" content=\"513\" \/>\n\t<meta property=\"og:image:type\" content=\"image\/jpeg\" \/>\n<meta name=\"twitter:card\" content=\"summary_large_image\" \/>\n<meta name=\"twitter:label1\" content=\"\u01af\u1edbc t\u00ednh th\u1eddi gian \u0111\u1ecdc\" \/>\n\t<meta name=\"twitter:data1\" content=\"3 ph\u00fat\" \/>\n<script type=\"application\/ld+json\" class=\"yoast-schema-graph\">{\"@context\":\"https:\\\/\\\/schema.org\",\"@graph\":[{\"@type\":\"WebPage\",\"@id\":\"https:\\\/\\\/loriot.com.vn\\\/vi\\\/product\\\/may-gbr\\\/\",\"url\":\"https:\\\/\\\/loriot.com.vn\\\/vi\\\/product\\\/may-gbr\\\/\",\"name\":\"M\u00c1Y GBR - LORIOT INDUSTRIAL\",\"isPartOf\":{\"@id\":\"https:\\\/\\\/loriot.com.vn\\\/vi\\\/#website\"},\"primaryImageOfPage\":{\"@id\":\"https:\\\/\\\/loriot.com.vn\\\/vi\\\/product\\\/may-gbr\\\/#primaryimage\"},\"image\":{\"@id\":\"https:\\\/\\\/loriot.com.vn\\\/vi\\\/product\\\/may-gbr\\\/#primaryimage\"},\"thumbnailUrl\":\"https:\\\/\\\/loriot.com.vn\\\/wp-content\\\/uploads\\\/2021\\\/08\\\/Bottom-1672-1-512x630-1.jpg\",\"datePublished\":\"2021-08-03T10:01:42+00:00\",\"dateModified\":\"2026-03-18T08:48:25+00:00\",\"description\":\"Getech GBR Bottom Router l\u00e0 d\u00f2ng m\u00e1y router b\u00e1n t\u1ef1 \u0111\u1ed9ng \u0111\u01b0\u1ee3c thi\u1ebft k\u1ebf \u0111\u1ec3 \u0111\u00e1p \u1ee9ng nhu c\u1ea7u n\u00e0y v\u1edbi hi\u1ec7u su\u1ea5t \u1ed5n \u0111\u1ecbnh v\u00e0 v\u1eadn h\u00e0nh d\u1ec5 d\u00e0ng.\",\"breadcrumb\":{\"@id\":\"https:\\\/\\\/loriot.com.vn\\\/vi\\\/product\\\/may-gbr\\\/#breadcrumb\"},\"inLanguage\":\"vi\",\"potentialAction\":[{\"@type\":\"ReadAction\",\"target\":[\"https:\\\/\\\/loriot.com.vn\\\/vi\\\/product\\\/may-gbr\\\/\"]}]},{\"@type\":\"ImageObject\",\"inLanguage\":\"vi\",\"@id\":\"https:\\\/\\\/loriot.com.vn\\\/vi\\\/product\\\/may-gbr\\\/#primaryimage\",\"url\":\"https:\\\/\\\/loriot.com.vn\\\/wp-content\\\/uploads\\\/2021\\\/08\\\/Bottom-1672-1-512x630-1.jpg\",\"contentUrl\":\"https:\\\/\\\/loriot.com.vn\\\/wp-content\\\/uploads\\\/2021\\\/08\\\/Bottom-1672-1-512x630-1.jpg\",\"width\":770,\"height\":513,\"caption\":\"M\u00c1Y GBR\"},{\"@type\":\"BreadcrumbList\",\"@id\":\"https:\\\/\\\/loriot.com.vn\\\/vi\\\/product\\\/may-gbr\\\/#breadcrumb\",\"itemListElement\":[{\"@type\":\"ListItem\",\"position\":1,\"name\":\"Home\",\"item\":\"https:\\\/\\\/loriot.com.vn\\\/vi\\\/\"},{\"@type\":\"ListItem\",\"position\":2,\"name\":\"Products\",\"item\":\"https:\\\/\\\/loriot.com.vn\\\/vi\\\/product\\\/\"},{\"@type\":\"ListItem\",\"position\":3,\"name\":\"M\u00c1Y GBR\"}]},{\"@type\":\"WebSite\",\"@id\":\"https:\\\/\\\/loriot.com.vn\\\/vi\\\/#website\",\"url\":\"https:\\\/\\\/loriot.com.vn\\\/vi\\\/\",\"name\":\"LORIOT INDUSTRIAL CO.,LTD\",\"description\":\"\",\"publisher\":{\"@id\":\"https:\\\/\\\/loriot.com.vn\\\/vi\\\/#organization\"},\"potentialAction\":[{\"@type\":\"SearchAction\",\"target\":{\"@type\":\"EntryPoint\",\"urlTemplate\":\"https:\\\/\\\/loriot.com.vn\\\/vi\\\/?s={search_term_string}\"},\"query-input\":{\"@type\":\"PropertyValueSpecification\",\"valueRequired\":true,\"valueName\":\"search_term_string\"}}],\"inLanguage\":\"vi\"},{\"@type\":\"Organization\",\"@id\":\"https:\\\/\\\/loriot.com.vn\\\/vi\\\/#organization\",\"name\":\"Loriot Industrial Co.,Ltd\",\"url\":\"https:\\\/\\\/loriot.com.vn\\\/vi\\\/\",\"logo\":{\"@type\":\"ImageObject\",\"inLanguage\":\"vi\",\"@id\":\"https:\\\/\\\/loriot.com.vn\\\/vi\\\/#\\\/schema\\\/logo\\\/image\\\/\",\"url\":\"https:\\\/\\\/loriot.com.vn\\\/wp-content\\\/uploads\\\/2021\\\/08\\\/logo-ft.png\",\"contentUrl\":\"https:\\\/\\\/loriot.com.vn\\\/wp-content\\\/uploads\\\/2021\\\/08\\\/logo-ft.png\",\"width\":333,\"height\":101,\"caption\":\"Loriot Industrial Co.,Ltd\"},\"image\":{\"@id\":\"https:\\\/\\\/loriot.com.vn\\\/vi\\\/#\\\/schema\\\/logo\\\/image\\\/\"},\"sameAs\":[\"https:\\\/\\\/www.facebook.com\\\/Loriot-Industrial-COLTD-103044855046633\"]}]}<\/script>\n<!-- \/ Yoast SEO plugin. -->","yoast_head_json":{"title":"M\u00c1Y GBR - LORIOT INDUSTRIAL","description":"Getech GBR Bottom Router l\u00e0 d\u00f2ng m\u00e1y router b\u00e1n t\u1ef1 \u0111\u1ed9ng \u0111\u01b0\u1ee3c thi\u1ebft k\u1ebf \u0111\u1ec3 \u0111\u00e1p \u1ee9ng nhu c\u1ea7u n\u00e0y v\u1edbi hi\u1ec7u su\u1ea5t \u1ed5n \u0111\u1ecbnh v\u00e0 v\u1eadn h\u00e0nh d\u1ec5 d\u00e0ng.","robots":{"index":"index","follow":"follow","max-snippet":"max-snippet:-1","max-image-preview":"max-image-preview:large","max-video-preview":"max-video-preview:-1"},"canonical":"https:\/\/loriot.com.vn\/vi\/product\/may-gbr\/","og_locale":"vi_VN","og_type":"article","og_title":"M\u00c1Y GBR - LORIOT INDUSTRIAL","og_description":"Getech GBR Bottom Router l\u00e0 d\u00f2ng m\u00e1y router b\u00e1n t\u1ef1 \u0111\u1ed9ng \u0111\u01b0\u1ee3c thi\u1ebft k\u1ebf \u0111\u1ec3 \u0111\u00e1p \u1ee9ng nhu c\u1ea7u n\u00e0y v\u1edbi hi\u1ec7u su\u1ea5t \u1ed5n \u0111\u1ecbnh v\u00e0 v\u1eadn h\u00e0nh d\u1ec5 d\u00e0ng.","og_url":"https:\/\/loriot.com.vn\/vi\/product\/may-gbr\/","og_site_name":"LORIOT INDUSTRIAL","article_publisher":"https:\/\/www.facebook.com\/Loriot-Industrial-COLTD-103044855046633","article_modified_time":"2026-03-18T08:48:25+00:00","og_image":[{"width":770,"height":513,"url":"https:\/\/loriot.com.vn\/wp-content\/uploads\/2021\/08\/Bottom-1672-1-512x630-1.jpg","type":"image\/jpeg"}],"twitter_card":"summary_large_image","twitter_misc":{"\u01af\u1edbc t\u00ednh th\u1eddi gian \u0111\u1ecdc":"3 ph\u00fat"},"schema":{"@context":"https:\/\/schema.org","@graph":[{"@type":"WebPage","@id":"https:\/\/loriot.com.vn\/vi\/product\/may-gbr\/","url":"https:\/\/loriot.com.vn\/vi\/product\/may-gbr\/","name":"M\u00c1Y GBR - LORIOT INDUSTRIAL","isPartOf":{"@id":"https:\/\/loriot.com.vn\/vi\/#website"},"primaryImageOfPage":{"@id":"https:\/\/loriot.com.vn\/vi\/product\/may-gbr\/#primaryimage"},"image":{"@id":"https:\/\/loriot.com.vn\/vi\/product\/may-gbr\/#primaryimage"},"thumbnailUrl":"https:\/\/loriot.com.vn\/wp-content\/uploads\/2021\/08\/Bottom-1672-1-512x630-1.jpg","datePublished":"2021-08-03T10:01:42+00:00","dateModified":"2026-03-18T08:48:25+00:00","description":"Getech GBR Bottom Router l\u00e0 d\u00f2ng m\u00e1y router b\u00e1n t\u1ef1 \u0111\u1ed9ng \u0111\u01b0\u1ee3c thi\u1ebft k\u1ebf \u0111\u1ec3 \u0111\u00e1p \u1ee9ng nhu c\u1ea7u n\u00e0y v\u1edbi hi\u1ec7u su\u1ea5t \u1ed5n \u0111\u1ecbnh v\u00e0 v\u1eadn h\u00e0nh d\u1ec5 d\u00e0ng.","breadcrumb":{"@id":"https:\/\/loriot.com.vn\/vi\/product\/may-gbr\/#breadcrumb"},"inLanguage":"vi","potentialAction":[{"@type":"ReadAction","target":["https:\/\/loriot.com.vn\/vi\/product\/may-gbr\/"]}]},{"@type":"ImageObject","inLanguage":"vi","@id":"https:\/\/loriot.com.vn\/vi\/product\/may-gbr\/#primaryimage","url":"https:\/\/loriot.com.vn\/wp-content\/uploads\/2021\/08\/Bottom-1672-1-512x630-1.jpg","contentUrl":"https:\/\/loriot.com.vn\/wp-content\/uploads\/2021\/08\/Bottom-1672-1-512x630-1.jpg","width":770,"height":513,"caption":"M\u00c1Y GBR"},{"@type":"BreadcrumbList","@id":"https:\/\/loriot.com.vn\/vi\/product\/may-gbr\/#breadcrumb","itemListElement":[{"@type":"ListItem","position":1,"name":"Home","item":"https:\/\/loriot.com.vn\/vi\/"},{"@type":"ListItem","position":2,"name":"Products","item":"https:\/\/loriot.com.vn\/vi\/product\/"},{"@type":"ListItem","position":3,"name":"M\u00c1Y GBR"}]},{"@type":"WebSite","@id":"https:\/\/loriot.com.vn\/vi\/#website","url":"https:\/\/loriot.com.vn\/vi\/","name":"LORIOT INDUSTRIAL CO.,LTD","description":"","publisher":{"@id":"https:\/\/loriot.com.vn\/vi\/#organization"},"potentialAction":[{"@type":"SearchAction","target":{"@type":"EntryPoint","urlTemplate":"https:\/\/loriot.com.vn\/vi\/?s={search_term_string}"},"query-input":{"@type":"PropertyValueSpecification","valueRequired":true,"valueName":"search_term_string"}}],"inLanguage":"vi"},{"@type":"Organization","@id":"https:\/\/loriot.com.vn\/vi\/#organization","name":"Loriot Industrial Co.,Ltd","url":"https:\/\/loriot.com.vn\/vi\/","logo":{"@type":"ImageObject","inLanguage":"vi","@id":"https:\/\/loriot.com.vn\/vi\/#\/schema\/logo\/image\/","url":"https:\/\/loriot.com.vn\/wp-content\/uploads\/2021\/08\/logo-ft.png","contentUrl":"https:\/\/loriot.com.vn\/wp-content\/uploads\/2021\/08\/logo-ft.png","width":333,"height":101,"caption":"Loriot Industrial Co.,Ltd"},"image":{"@id":"https:\/\/loriot.com.vn\/vi\/#\/schema\/logo\/image\/"},"sameAs":["https:\/\/www.facebook.com\/Loriot-Industrial-COLTD-103044855046633"]}]}},"_links":{"self":[{"href":"https:\/\/loriot.com.vn\/vi\/wp-json\/wp\/v2\/product\/1622","targetHints":{"allow":["GET"]}}],"collection":[{"href":"https:\/\/loriot.com.vn\/vi\/wp-json\/wp\/v2\/product"}],"about":[{"href":"https:\/\/loriot.com.vn\/vi\/wp-json\/wp\/v2\/types\/product"}],"author":[{"embeddable":true,"href":"https:\/\/loriot.com.vn\/vi\/wp-json\/wp\/v2\/users\/1"}],"replies":[{"embeddable":true,"href":"https:\/\/loriot.com.vn\/vi\/wp-json\/wp\/v2\/comments?post=1622"}],"version-history":[{"count":16,"href":"https:\/\/loriot.com.vn\/vi\/wp-json\/wp\/v2\/product\/1622\/revisions"}],"predecessor-version":[{"id":6596,"href":"https:\/\/loriot.com.vn\/vi\/wp-json\/wp\/v2\/product\/1622\/revisions\/6596"}],"wp:featuredmedia":[{"embeddable":true,"href":"https:\/\/loriot.com.vn\/vi\/wp-json\/wp\/v2\/media\/4534"}],"wp:attachment":[{"href":"https:\/\/loriot.com.vn\/vi\/wp-json\/wp\/v2\/media?parent=1622"}],"wp:term":[{"taxonomy":"service-category","embeddable":true,"href":"https:\/\/loriot.com.vn\/vi\/wp-json\/wp\/v2\/service-category?post=1622"},{"taxonomy":"service_tag","embeddable":true,"href":"https:\/\/loriot.com.vn\/vi\/wp-json\/wp\/v2\/service_tag?post=1622"}],"curies":[{"name":"wp","href":"https:\/\/api.w.org\/{rel}","templated":true}]}}