{"id":1623,"date":"2021-08-03T09:36:22","date_gmt":"2021-08-03T09:36:22","guid":{"rendered":"http:\/\/loriot.com.vn\/product\/gbr-max\/"},"modified":"2026-03-18T16:17:06","modified_gmt":"2026-03-18T09:17:06","slug":"may-gbr-max","status":"publish","type":"product","link":"https:\/\/loriot.com.vn\/vi\/product\/may-gbr-max\/","title":{"rendered":"M\u00c1Y GBR MAX"},"content":{"rendered":"<p style=\"text-align: center;\"><span style=\"font-size: 14pt; font-family: arial, helvetica, sans-serif;\"><strong>M\u00c1Y GBR MAX<\/strong><\/span><\/p>\n<p>&nbsp;<\/p>\n<h1 data-section-id=\"1qnb7vb\" data-start=\"0\" data-end=\"113\"><span style=\"font-size: 12pt; font-family: arial, helvetica, sans-serif;\">M\u00e1y router PCB kh\u1ed5 l\u1edbn Getech GBR-MAX Bottom Router \u2013 Gi\u1ea3i ph\u00e1p depaneling kh\u00f4ng fixture cho PCB k\u00edch th\u01b0\u1edbc l\u1edbn<\/span><\/h1>\n<p data-start=\"115\" data-end=\"462\"><span style=\"font-size: 12pt; font-family: arial, helvetica, sans-serif;\">Trong b\u1ed1i c\u1ea3nh c\u00e1c ng\u00e0nh nh\u01b0 <strong data-start=\"144\" data-end=\"179\">EV, n\u0103ng l\u01b0\u1ee3ng m\u1eb7t tr\u1eddi (solar)<\/strong> ng\u00e0y c\u00e0ng s\u1eed d\u1ee5ng PCB k\u00edch th\u01b0\u1edbc l\u1edbn, y\u00eau c\u1ea7u v\u1ec1 <strong data-start=\"229\" data-end=\"275\">depaneling ch\u00ednh x\u00e1c, \u1ed5n \u0111\u1ecbnh v\u00e0 linh ho\u1ea1t<\/strong> tr\u1edf n\u00ean quan tr\u1ecdng h\u01a1n bao gi\u1edd h\u1ebft. <strong data-start=\"312\" data-end=\"344\">Getech GBR-MAX Bottom Router<\/strong> \u0111\u01b0\u1ee3c ph\u00e1t tri\u1ec3n \u0111\u1ec3 \u0111\u00e1p \u1ee9ng xu h\u01b0\u1edbng n\u00e0y, mang \u0111\u1ebfn gi\u1ea3i ph\u00e1p router <strong data-start=\"412\" data-end=\"461\">kh\u1ed5 l\u1edbn \u2013 kh\u00f4ng c\u1ea7n fixture \u2013 t\u1ef1 \u0111\u1ed9ng h\u00f3a cao<\/strong>.<\/span><\/p>\n<h2 data-section-id=\"1l1zzwb\" data-start=\"464\" data-end=\"507\"><span style=\"font-size: 12pt; font-family: arial, helvetica, sans-serif;\">X\u1eed l\u00fd PCB k\u00edch th\u01b0\u1edbc l\u1edbn l\u00ean \u0111\u1ebfn 1200 mm<\/span><\/h2>\n<p data-start=\"509\" data-end=\"568\"><span style=\"font-size: 12pt; font-family: arial, helvetica, sans-serif;\">\ud83d\udccf H\u1ed7 tr\u1ee3 PCB chi\u1ec1u d\u00e0i t\u1ed1i \u0111a <strong data-start=\"540\" data-end=\"551\">1200 mm<\/strong><\/span><br data-start=\"551\" data-end=\"554\" \/><span style=\"font-size: 12pt; font-family: arial, helvetica, sans-serif;\">\u26a1 Ph\u00f9 h\u1ee3p v\u1edbi:<\/span><\/p>\n<ul data-start=\"569\" data-end=\"666\">\n<li data-section-id=\"1gn3der\" data-start=\"569\" data-end=\"593\">\n<p data-start=\"571\" data-end=\"593\"><span style=\"font-size: 12pt; font-family: arial, helvetica, sans-serif;\">PCB cho xe \u0111i\u1ec7n (EV)<\/span><\/p>\n<\/li>\n<li data-section-id=\"kr3jbj\" data-start=\"594\" data-end=\"626\">\n<p data-start=\"596\" data-end=\"626\"><span style=\"font-size: 12pt; font-family: arial, helvetica, sans-serif;\">\u1ee8ng d\u1ee5ng n\u0103ng l\u01b0\u1ee3ng m\u1eb7t tr\u1eddi<\/span><\/p>\n<\/li>\n<li data-section-id=\"ecscai\" data-start=\"627\" data-end=\"666\">\n<p data-start=\"629\" data-end=\"666\"><span style=\"font-size: 12pt; font-family: arial, helvetica, sans-serif;\">Board c\u00f4ng su\u1ea5t l\u1edbn, k\u00edch th\u01b0\u1edbc d\u00e0i<\/span><\/p>\n<\/li>\n<\/ul>\n<p data-start=\"668\" data-end=\"760\"><span style=\"font-size: 12pt; font-family: arial, helvetica, sans-serif;\">\u27a1\ufe0f Gi\u1ea3i quy\u1ebft b\u00e0i to\u00e1n <strong data-start=\"691\" data-end=\"716\">large form factor PCB<\/strong> m\u00e0 nhi\u1ec1u h\u1ec7 th\u1ed1ng truy\u1ec1n th\u1ed1ng g\u1eb7p h\u1ea1n ch\u1ebf.<\/span><\/p>\n<h2 data-section-id=\"ovoggm\" data-start=\"762\" data-end=\"811\"><span style=\"font-size: 12pt; font-family: arial, helvetica, sans-serif;\">C\u00f4ng ngh\u1ec7 kh\u00f4ng c\u1ea7n fixture \u2013 linh ho\u1ea1t t\u1ed1i \u0111a<\/span><\/h2>\n<p data-start=\"813\" data-end=\"846\"><span style=\"font-size: 12pt; font-family: arial, helvetica, sans-serif;\">\ud83d\udeab <strong data-start=\"816\" data-end=\"845\">Kh\u00f4ng c\u1ea7n s\u1eed d\u1ee5ng fixture<\/strong>:<\/span><\/p>\n<ul data-start=\"847\" data-end=\"907\">\n<li data-section-id=\"7uqq68\" data-start=\"847\" data-end=\"878\">\n<p data-start=\"849\" data-end=\"878\"><span style=\"font-size: 12pt; font-family: arial, helvetica, sans-serif;\">Gi\u1ea3m chi ph\u00ed \u0111\u1ea7u t\u01b0 tooling<\/span><\/p>\n<\/li>\n<li data-section-id=\"1e6ffoy\" data-start=\"879\" data-end=\"907\">\n<p data-start=\"881\" data-end=\"907\"><span style=\"font-size: 12pt; font-family: arial, helvetica, sans-serif;\">R\u00fat ng\u1eafn th\u1eddi gian setup<\/span><\/p>\n<\/li>\n<\/ul>\n<p data-start=\"909\" data-end=\"954\"><span style=\"font-size: 12pt; font-family: arial, helvetica, sans-serif;\">\ud83e\udd16 H\u1ec7 th\u1ed1ng <strong data-start=\"921\" data-end=\"953\">multi-stage robotic gripping<\/strong>:<\/span><\/p>\n<ul data-start=\"955\" data-end=\"1037\">\n<li data-section-id=\"hzxvyp\" data-start=\"955\" data-end=\"990\">\n<p data-start=\"957\" data-end=\"990\"><span style=\"font-size: 12pt; font-family: arial, helvetica, sans-serif;\">K\u1eb9p PCB t\u1ea1i v\u1ecb tr\u00ed g\u1ea7n \u0111i\u1ec3m c\u1eaft<\/span><\/p>\n<\/li>\n<li data-section-id=\"1kfdcyq\" data-start=\"991\" data-end=\"1037\">\n<p data-start=\"993\" data-end=\"1037\"><span style=\"font-size: 12pt; font-family: arial, helvetica, sans-serif;\">\u0110\u1ea3m b\u1ea3o \u0111\u1ed9 \u1ed5n \u0111\u1ecbnh trong qu\u00e1 tr\u00ecnh routing<\/span><\/p>\n<\/li>\n<\/ul>\n<p data-start=\"1039\" data-end=\"1090\"><span style=\"font-size: 12pt; font-family: arial, helvetica, sans-serif;\">\u27a1\ufe0f T\u0103ng \u0111\u1ed9 ch\u00ednh x\u00e1c v\u00e0 gi\u1ea3m sai l\u1ec7ch khi gia c\u00f4ng.<\/span><\/p>\n<h2 data-section-id=\"m7lty0\" data-start=\"1092\" data-end=\"1131\"><span style=\"font-size: 12pt; font-family: arial, helvetica, sans-serif;\">\u0110\u1ed9 \u1ed5n \u0111\u1ecbnh cao \u2013 ch\u1ed1ng cong v\u00f5ng PCB<\/span><\/h2>\n<p data-start=\"1133\" data-end=\"1146\"><span style=\"font-size: 12pt; font-family: arial, helvetica, sans-serif;\">\ud83d\udee0\ufe0f Trang b\u1ecb:<\/span><\/p>\n<ul data-start=\"1147\" data-end=\"1228\">\n<li data-section-id=\"1mspp1j\" data-start=\"1147\" data-end=\"1178\">\n<p data-start=\"1149\" data-end=\"1178\"><span style=\"font-size: 12pt; font-family: arial, helvetica, sans-serif;\">C\u01a1 ch\u1ebf h\u1ed7 tr\u1ee3 ph\u00eda d\u01b0\u1edbi PCB<\/span><\/p>\n<\/li>\n<li data-section-id=\"6hilmj\" data-start=\"1179\" data-end=\"1228\">\n<p data-start=\"1181\" data-end=\"1228\"><span style=\"font-size: 12pt; font-family: arial, helvetica, sans-serif;\">B\u0103ng t\u1ea3i \u0111\u1ea7u ra k\u00e9o d\u00e0i theo k\u00edch th\u01b0\u1edbc board<\/span><\/p>\n<\/li>\n<\/ul>\n<p data-start=\"1230\" data-end=\"1238\"><span style=\"font-size: 12pt; font-family: arial, helvetica, sans-serif;\">\ud83d\udcc9 Gi\u00fap:<\/span><\/p>\n<ul data-start=\"1239\" data-end=\"1325\">\n<li data-section-id=\"12ffh6a\" data-start=\"1239\" data-end=\"1284\">\n<p data-start=\"1241\" data-end=\"1284\"><span style=\"font-size: 12pt; font-family: arial, helvetica, sans-serif;\">Ng\u0103n PCB b\u1ecb v\u00f5ng (sagging) do tr\u1ecdng l\u01b0\u1ee3ng<\/span><\/p>\n<\/li>\n<li data-section-id=\"h7ahzw\" data-start=\"1285\" data-end=\"1325\">\n<p data-start=\"1287\" data-end=\"1325\"><span style=\"font-size: 12pt; font-family: arial, helvetica, sans-serif;\">Gi\u1eef \u1ed5n \u0111\u1ecbnh trong su\u1ed1t qu\u00e1 tr\u00ecnh c\u1eaft<\/span><\/p>\n<\/li>\n<\/ul>\n<p data-start=\"1327\" data-end=\"1379\"><span style=\"font-size: 12pt; font-family: arial, helvetica, sans-serif;\">\u27a1\ufe0f \u0110\u1ea3m b\u1ea3o ch\u1ea5t l\u01b0\u1ee3ng \u0111\u01b0\u1eddng c\u1eaft ngay c\u1ea3 v\u1edbi PCB d\u00e0i.<\/span><\/p>\n<h2 data-section-id=\"1wuwwer\" data-start=\"1381\" data-end=\"1426\"><span style=\"font-size: 12pt; font-family: arial, helvetica, sans-serif;\">T\u00edch h\u1ee3p nhi\u1ec1u ch\u1ee9c n\u0103ng \u2013 t\u1ed1i \u01b0u v\u1eadn h\u00e0nh<\/span><\/h2>\n<p data-start=\"1428\" data-end=\"1488\"><span style=\"font-size: 12pt; font-family: arial, helvetica, sans-serif;\">\ud83d\udd04 <strong data-start=\"1431\" data-end=\"1463\">Getech GBR-MAX Bottom Router<\/strong> kh\u00f4ng ch\u1ec9 l\u00e0 m\u00e1y router:<\/span><\/p>\n<ul data-start=\"1489\" data-end=\"1547\">\n<li data-section-id=\"k3c3l7\" data-start=\"1489\" data-end=\"1512\">\n<p data-start=\"1491\" data-end=\"1512\"><span style=\"font-size: 12pt; font-family: arial, helvetica, sans-serif;\">V\u1eeba l\u00e0 h\u1ec7 th\u1ed1ng c\u1eaft<\/span><\/p>\n<\/li>\n<li data-section-id=\"bo3wii\" data-start=\"1513\" data-end=\"1547\">\n<p data-start=\"1515\" data-end=\"1547\"><span style=\"font-size: 12pt; font-family: arial, helvetica, sans-serif;\">V\u1eeba handling v\u00e0 sorting c\u01a1 b\u1ea3n<\/span><\/p>\n<\/li>\n<\/ul>\n<p data-start=\"1549\" data-end=\"1560\"><span style=\"font-size: 12pt; font-family: arial, helvetica, sans-serif;\">\ud83d\udc68\u200d\ud83c\udfed Gi\u00fap:<\/span><\/p>\n<ul data-start=\"1561\" data-end=\"1616\">\n<li data-section-id=\"1lsulni\" data-start=\"1561\" data-end=\"1587\">\n<p data-start=\"1563\" data-end=\"1587\"><span style=\"font-size: 12pt; font-family: arial, helvetica, sans-serif;\">Gi\u1ea3m nhu c\u1ea7u nh\u00e2n c\u00f4ng<\/span><\/p>\n<\/li>\n<li data-section-id=\"o4wwfg\" data-start=\"1588\" data-end=\"1616\">\n<p data-start=\"1590\" data-end=\"1616\"><span style=\"font-size: 12pt; font-family: arial, helvetica, sans-serif;\">T\u1ed1i \u01b0u layout d\u00e2y chuy\u1ec1n<\/span><\/p>\n<\/li>\n<\/ul>\n<p data-start=\"1618\" data-end=\"1683\"><span style=\"font-size: 12pt; font-family: arial, helvetica, sans-serif;\">\u27a1\ufe0f \u0110\u00f3ng vai tr\u00f2 nh\u01b0 m\u1ed9t \u201cwork balance point\u201d trong line s\u1ea3n xu\u1ea5t.<\/span><\/p>\n<h2 data-section-id=\"1hcxyvv\" data-start=\"1685\" data-end=\"1732\"><span style=\"font-size: 12pt; font-family: arial, helvetica, sans-serif;\">Gi\u1ea3i ph\u00e1p router kh\u1ed5 l\u1edbn h\u00e0ng \u0111\u1ea7u th\u1ecb tr\u01b0\u1eddng<\/span><\/h2>\n<p data-start=\"1734\" data-end=\"1779\"><span style=\"font-size: 12pt; font-family: arial, helvetica, sans-serif;\">\ud83d\ude80 <strong data-start=\"1737\" data-end=\"1769\">Getech GBR-MAX Bottom Router<\/strong> mang l\u1ea1i:<\/span><\/p>\n<ul data-start=\"1780\" data-end=\"1879\">\n<li data-section-id=\"1h32gkx\" data-start=\"1780\" data-end=\"1811\">\n<p data-start=\"1782\" data-end=\"1811\"><span style=\"font-size: 12pt; font-family: arial, helvetica, sans-serif;\">Kh\u1ea3 n\u0103ng x\u1eed l\u00fd PCB si\u00eau d\u00e0i<\/span><\/p>\n<\/li>\n<li data-section-id=\"hte33v\" data-start=\"1812\" data-end=\"1847\">\n<p data-start=\"1814\" data-end=\"1847\"><span style=\"font-size: 12pt; font-family: arial, helvetica, sans-serif;\">C\u00f4ng ngh\u1ec7 kh\u00f4ng fixture \u0111\u1ed9c \u0111\u00e1o<\/span><\/p>\n<\/li>\n<li data-section-id=\"1gkc1s7\" data-start=\"1848\" data-end=\"1879\">\n<p data-start=\"1850\" data-end=\"1879\"><span style=\"font-size: 12pt; font-family: arial, helvetica, sans-serif;\">\u0110\u1ed9 \u1ed5n \u0111\u1ecbnh v\u00e0 ch\u00ednh x\u00e1c cao<\/span><\/p>\n<\/li>\n<\/ul>\n<p data-start=\"1881\" data-end=\"1909\"><span style=\"font-size: 12pt; font-family: arial, helvetica, sans-serif;\">\u27a1\ufe0f L\u00e0 l\u1ef1a ch\u1ecdn l\u00fd t\u01b0\u1edfng cho:<\/span><\/p>\n<ul data-start=\"1910\" data-end=\"2028\">\n<li data-section-id=\"1axaona\" data-start=\"1910\" data-end=\"1941\">\n<p data-start=\"1912\" data-end=\"1941\"><span style=\"font-size: 12pt; font-family: arial, helvetica, sans-serif;\">Nh\u00e0 m\u00e1y s\u1ea3n xu\u1ea5t EV \/ Solar<\/span><\/p>\n<\/li>\n<li data-section-id=\"gdwqpc\" data-start=\"1942\" data-end=\"1973\">\n<p data-start=\"1944\" data-end=\"1973\"><span style=\"font-size: 12pt; font-family: arial, helvetica, sans-serif;\">\u1ee8ng d\u1ee5ng PCB k\u00edch th\u01b0\u1edbc l\u1edbn<\/span><\/p>\n<\/li>\n<li data-section-id=\"1fa2yfl\" data-start=\"1974\" data-end=\"2028\">\n<p data-start=\"1976\" data-end=\"2028\"><span style=\"font-size: 12pt; font-family: arial, helvetica, sans-serif;\">D\u00e2y chuy\u1ec1n c\u1ea7n t\u1ed1i \u01b0u chi ph\u00ed tooling v\u00e0 nh\u00e2n c\u00f4ng<\/span><\/p>\n<\/li>\n<\/ul>\n","protected":false},"excerpt":{"rendered":"<p>Router PCB kh\u1ed5 l\u1edbn Getech GBR-MAX Bottom Router \u2013 Gi\u1ea3i ph\u00e1p depaneling kh\u00f4ng fixture cho PCB k\u00edch th\u01b0\u1edbc l\u1edbn<\/p>\n","protected":false},"author":1,"featured_media":4554,"parent":0,"menu_order":118,"comment_status":"open","ping_status":"closed","template":"","meta":{"inline_featured_image":false,"footnotes":""},"service-category":[78,79],"service_tag":[113],"class_list":["post-1623","product","type-product","status-publish","has-post-thumbnail","hentry","service-category-getech","service-category-may-cat-bo-mach-inline","service_tag-getech-vi"],"yoast_head":"<!-- This site is optimized with the Yoast SEO plugin v27.5 - https:\/\/yoast.com\/product\/yoast-seo-wordpress\/ -->\n<title>M\u00c1Y GBR MAX - LORIOT INDUSTRIAL<\/title>\n<meta name=\"description\" content=\"M\u00e1y router PCB kh\u1ed5 l\u1edbn Getech GBR-MAX Bottom Router \u2013 Gi\u1ea3i ph\u00e1p depaneling kh\u00f4ng fixture cho PCB k\u00edch th\u01b0\u1edbc l\u1edbn\" \/>\n<meta name=\"robots\" content=\"index, follow, max-snippet:-1, max-image-preview:large, max-video-preview:-1\" \/>\n<link rel=\"canonical\" href=\"https:\/\/loriot.com.vn\/vi\/product\/may-gbr-max\/\" \/>\n<meta property=\"og:locale\" content=\"vi_VN\" \/>\n<meta property=\"og:type\" content=\"article\" \/>\n<meta property=\"og:title\" content=\"M\u00c1Y GBR MAX - LORIOT INDUSTRIAL\" \/>\n<meta property=\"og:description\" content=\"M\u00e1y router PCB kh\u1ed5 l\u1edbn Getech GBR-MAX Bottom Router \u2013 Gi\u1ea3i ph\u00e1p depaneling kh\u00f4ng fixture cho PCB k\u00edch th\u01b0\u1edbc l\u1edbn\" \/>\n<meta property=\"og:url\" content=\"https:\/\/loriot.com.vn\/vi\/product\/may-gbr-max\/\" \/>\n<meta property=\"og:site_name\" content=\"LORIOT INDUSTRIAL\" \/>\n<meta property=\"article:publisher\" content=\"https:\/\/www.facebook.com\/Loriot-Industrial-COLTD-103044855046633\" \/>\n<meta property=\"article:modified_time\" content=\"2026-03-18T09:17:06+00:00\" \/>\n<meta property=\"og:image\" content=\"https:\/\/loriot.com.vn\/wp-content\/uploads\/2021\/08\/Getech-BBR-770x513-1.jpg\" \/>\n\t<meta property=\"og:image:width\" content=\"770\" \/>\n\t<meta property=\"og:image:height\" content=\"513\" \/>\n\t<meta property=\"og:image:type\" content=\"image\/jpeg\" \/>\n<meta name=\"twitter:card\" content=\"summary_large_image\" \/>\n<meta name=\"twitter:label1\" content=\"\u01af\u1edbc t\u00ednh th\u1eddi gian \u0111\u1ecdc\" \/>\n\t<meta name=\"twitter:data1\" content=\"2 ph\u00fat\" \/>\n<script type=\"application\/ld+json\" class=\"yoast-schema-graph\">{\"@context\":\"https:\\\/\\\/schema.org\",\"@graph\":[{\"@type\":\"WebPage\",\"@id\":\"https:\\\/\\\/loriot.com.vn\\\/vi\\\/product\\\/may-gbr-max\\\/\",\"url\":\"https:\\\/\\\/loriot.com.vn\\\/vi\\\/product\\\/may-gbr-max\\\/\",\"name\":\"M\u00c1Y GBR MAX - LORIOT INDUSTRIAL\",\"isPartOf\":{\"@id\":\"https:\\\/\\\/loriot.com.vn\\\/vi\\\/#website\"},\"primaryImageOfPage\":{\"@id\":\"https:\\\/\\\/loriot.com.vn\\\/vi\\\/product\\\/may-gbr-max\\\/#primaryimage\"},\"image\":{\"@id\":\"https:\\\/\\\/loriot.com.vn\\\/vi\\\/product\\\/may-gbr-max\\\/#primaryimage\"},\"thumbnailUrl\":\"https:\\\/\\\/loriot.com.vn\\\/wp-content\\\/uploads\\\/2021\\\/08\\\/Getech-BBR-770x513-1.jpg\",\"datePublished\":\"2021-08-03T09:36:22+00:00\",\"dateModified\":\"2026-03-18T09:17:06+00:00\",\"description\":\"M\u00e1y router PCB kh\u1ed5 l\u1edbn Getech GBR-MAX Bottom Router \u2013 Gi\u1ea3i ph\u00e1p depaneling kh\u00f4ng fixture cho PCB k\u00edch th\u01b0\u1edbc l\u1edbn\",\"breadcrumb\":{\"@id\":\"https:\\\/\\\/loriot.com.vn\\\/vi\\\/product\\\/may-gbr-max\\\/#breadcrumb\"},\"inLanguage\":\"vi\",\"potentialAction\":[{\"@type\":\"ReadAction\",\"target\":[\"https:\\\/\\\/loriot.com.vn\\\/vi\\\/product\\\/may-gbr-max\\\/\"]}]},{\"@type\":\"ImageObject\",\"inLanguage\":\"vi\",\"@id\":\"https:\\\/\\\/loriot.com.vn\\\/vi\\\/product\\\/may-gbr-max\\\/#primaryimage\",\"url\":\"https:\\\/\\\/loriot.com.vn\\\/wp-content\\\/uploads\\\/2021\\\/08\\\/Getech-BBR-770x513-1.jpg\",\"contentUrl\":\"https:\\\/\\\/loriot.com.vn\\\/wp-content\\\/uploads\\\/2021\\\/08\\\/Getech-BBR-770x513-1.jpg\",\"width\":770,\"height\":513,\"caption\":\"M\u00c1Y GBR MAX\"},{\"@type\":\"BreadcrumbList\",\"@id\":\"https:\\\/\\\/loriot.com.vn\\\/vi\\\/product\\\/may-gbr-max\\\/#breadcrumb\",\"itemListElement\":[{\"@type\":\"ListItem\",\"position\":1,\"name\":\"Home\",\"item\":\"https:\\\/\\\/loriot.com.vn\\\/vi\\\/\"},{\"@type\":\"ListItem\",\"position\":2,\"name\":\"Products\",\"item\":\"https:\\\/\\\/loriot.com.vn\\\/vi\\\/product\\\/\"},{\"@type\":\"ListItem\",\"position\":3,\"name\":\"M\u00c1Y GBR MAX\"}]},{\"@type\":\"WebSite\",\"@id\":\"https:\\\/\\\/loriot.com.vn\\\/vi\\\/#website\",\"url\":\"https:\\\/\\\/loriot.com.vn\\\/vi\\\/\",\"name\":\"LORIOT INDUSTRIAL CO.,LTD\",\"description\":\"\",\"publisher\":{\"@id\":\"https:\\\/\\\/loriot.com.vn\\\/vi\\\/#organization\"},\"potentialAction\":[{\"@type\":\"SearchAction\",\"target\":{\"@type\":\"EntryPoint\",\"urlTemplate\":\"https:\\\/\\\/loriot.com.vn\\\/vi\\\/?s={search_term_string}\"},\"query-input\":{\"@type\":\"PropertyValueSpecification\",\"valueRequired\":true,\"valueName\":\"search_term_string\"}}],\"inLanguage\":\"vi\"},{\"@type\":\"Organization\",\"@id\":\"https:\\\/\\\/loriot.com.vn\\\/vi\\\/#organization\",\"name\":\"Loriot Industrial Co.,Ltd\",\"url\":\"https:\\\/\\\/loriot.com.vn\\\/vi\\\/\",\"logo\":{\"@type\":\"ImageObject\",\"inLanguage\":\"vi\",\"@id\":\"https:\\\/\\\/loriot.com.vn\\\/vi\\\/#\\\/schema\\\/logo\\\/image\\\/\",\"url\":\"https:\\\/\\\/loriot.com.vn\\\/wp-content\\\/uploads\\\/2021\\\/08\\\/logo-ft.png\",\"contentUrl\":\"https:\\\/\\\/loriot.com.vn\\\/wp-content\\\/uploads\\\/2021\\\/08\\\/logo-ft.png\",\"width\":333,\"height\":101,\"caption\":\"Loriot Industrial Co.,Ltd\"},\"image\":{\"@id\":\"https:\\\/\\\/loriot.com.vn\\\/vi\\\/#\\\/schema\\\/logo\\\/image\\\/\"},\"sameAs\":[\"https:\\\/\\\/www.facebook.com\\\/Loriot-Industrial-COLTD-103044855046633\"]}]}<\/script>\n<!-- \/ Yoast SEO plugin. -->","yoast_head_json":{"title":"M\u00c1Y GBR MAX - LORIOT INDUSTRIAL","description":"M\u00e1y router PCB kh\u1ed5 l\u1edbn Getech GBR-MAX Bottom Router \u2013 Gi\u1ea3i ph\u00e1p depaneling kh\u00f4ng fixture cho PCB k\u00edch th\u01b0\u1edbc l\u1edbn","robots":{"index":"index","follow":"follow","max-snippet":"max-snippet:-1","max-image-preview":"max-image-preview:large","max-video-preview":"max-video-preview:-1"},"canonical":"https:\/\/loriot.com.vn\/vi\/product\/may-gbr-max\/","og_locale":"vi_VN","og_type":"article","og_title":"M\u00c1Y GBR MAX - LORIOT INDUSTRIAL","og_description":"M\u00e1y router PCB kh\u1ed5 l\u1edbn Getech GBR-MAX Bottom Router \u2013 Gi\u1ea3i ph\u00e1p depaneling kh\u00f4ng fixture cho PCB k\u00edch th\u01b0\u1edbc l\u1edbn","og_url":"https:\/\/loriot.com.vn\/vi\/product\/may-gbr-max\/","og_site_name":"LORIOT INDUSTRIAL","article_publisher":"https:\/\/www.facebook.com\/Loriot-Industrial-COLTD-103044855046633","article_modified_time":"2026-03-18T09:17:06+00:00","og_image":[{"width":770,"height":513,"url":"https:\/\/loriot.com.vn\/wp-content\/uploads\/2021\/08\/Getech-BBR-770x513-1.jpg","type":"image\/jpeg"}],"twitter_card":"summary_large_image","twitter_misc":{"\u01af\u1edbc t\u00ednh th\u1eddi gian \u0111\u1ecdc":"2 ph\u00fat"},"schema":{"@context":"https:\/\/schema.org","@graph":[{"@type":"WebPage","@id":"https:\/\/loriot.com.vn\/vi\/product\/may-gbr-max\/","url":"https:\/\/loriot.com.vn\/vi\/product\/may-gbr-max\/","name":"M\u00c1Y GBR MAX - LORIOT INDUSTRIAL","isPartOf":{"@id":"https:\/\/loriot.com.vn\/vi\/#website"},"primaryImageOfPage":{"@id":"https:\/\/loriot.com.vn\/vi\/product\/may-gbr-max\/#primaryimage"},"image":{"@id":"https:\/\/loriot.com.vn\/vi\/product\/may-gbr-max\/#primaryimage"},"thumbnailUrl":"https:\/\/loriot.com.vn\/wp-content\/uploads\/2021\/08\/Getech-BBR-770x513-1.jpg","datePublished":"2021-08-03T09:36:22+00:00","dateModified":"2026-03-18T09:17:06+00:00","description":"M\u00e1y router PCB kh\u1ed5 l\u1edbn Getech GBR-MAX Bottom Router \u2013 Gi\u1ea3i ph\u00e1p depaneling kh\u00f4ng fixture cho PCB k\u00edch th\u01b0\u1edbc l\u1edbn","breadcrumb":{"@id":"https:\/\/loriot.com.vn\/vi\/product\/may-gbr-max\/#breadcrumb"},"inLanguage":"vi","potentialAction":[{"@type":"ReadAction","target":["https:\/\/loriot.com.vn\/vi\/product\/may-gbr-max\/"]}]},{"@type":"ImageObject","inLanguage":"vi","@id":"https:\/\/loriot.com.vn\/vi\/product\/may-gbr-max\/#primaryimage","url":"https:\/\/loriot.com.vn\/wp-content\/uploads\/2021\/08\/Getech-BBR-770x513-1.jpg","contentUrl":"https:\/\/loriot.com.vn\/wp-content\/uploads\/2021\/08\/Getech-BBR-770x513-1.jpg","width":770,"height":513,"caption":"M\u00c1Y GBR MAX"},{"@type":"BreadcrumbList","@id":"https:\/\/loriot.com.vn\/vi\/product\/may-gbr-max\/#breadcrumb","itemListElement":[{"@type":"ListItem","position":1,"name":"Home","item":"https:\/\/loriot.com.vn\/vi\/"},{"@type":"ListItem","position":2,"name":"Products","item":"https:\/\/loriot.com.vn\/vi\/product\/"},{"@type":"ListItem","position":3,"name":"M\u00c1Y GBR MAX"}]},{"@type":"WebSite","@id":"https:\/\/loriot.com.vn\/vi\/#website","url":"https:\/\/loriot.com.vn\/vi\/","name":"LORIOT INDUSTRIAL CO.,LTD","description":"","publisher":{"@id":"https:\/\/loriot.com.vn\/vi\/#organization"},"potentialAction":[{"@type":"SearchAction","target":{"@type":"EntryPoint","urlTemplate":"https:\/\/loriot.com.vn\/vi\/?s={search_term_string}"},"query-input":{"@type":"PropertyValueSpecification","valueRequired":true,"valueName":"search_term_string"}}],"inLanguage":"vi"},{"@type":"Organization","@id":"https:\/\/loriot.com.vn\/vi\/#organization","name":"Loriot Industrial Co.,Ltd","url":"https:\/\/loriot.com.vn\/vi\/","logo":{"@type":"ImageObject","inLanguage":"vi","@id":"https:\/\/loriot.com.vn\/vi\/#\/schema\/logo\/image\/","url":"https:\/\/loriot.com.vn\/wp-content\/uploads\/2021\/08\/logo-ft.png","contentUrl":"https:\/\/loriot.com.vn\/wp-content\/uploads\/2021\/08\/logo-ft.png","width":333,"height":101,"caption":"Loriot Industrial Co.,Ltd"},"image":{"@id":"https:\/\/loriot.com.vn\/vi\/#\/schema\/logo\/image\/"},"sameAs":["https:\/\/www.facebook.com\/Loriot-Industrial-COLTD-103044855046633"]}]}},"_links":{"self":[{"href":"https:\/\/loriot.com.vn\/vi\/wp-json\/wp\/v2\/product\/1623","targetHints":{"allow":["GET"]}}],"collection":[{"href":"https:\/\/loriot.com.vn\/vi\/wp-json\/wp\/v2\/product"}],"about":[{"href":"https:\/\/loriot.com.vn\/vi\/wp-json\/wp\/v2\/types\/product"}],"author":[{"embeddable":true,"href":"https:\/\/loriot.com.vn\/vi\/wp-json\/wp\/v2\/users\/1"}],"replies":[{"embeddable":true,"href":"https:\/\/loriot.com.vn\/vi\/wp-json\/wp\/v2\/comments?post=1623"}],"version-history":[{"count":13,"href":"https:\/\/loriot.com.vn\/vi\/wp-json\/wp\/v2\/product\/1623\/revisions"}],"predecessor-version":[{"id":6605,"href":"https:\/\/loriot.com.vn\/vi\/wp-json\/wp\/v2\/product\/1623\/revisions\/6605"}],"wp:featuredmedia":[{"embeddable":true,"href":"https:\/\/loriot.com.vn\/vi\/wp-json\/wp\/v2\/media\/4554"}],"wp:attachment":[{"href":"https:\/\/loriot.com.vn\/vi\/wp-json\/wp\/v2\/media?parent=1623"}],"wp:term":[{"taxonomy":"service-category","embeddable":true,"href":"https:\/\/loriot.com.vn\/vi\/wp-json\/wp\/v2\/service-category?post=1623"},{"taxonomy":"service_tag","embeddable":true,"href":"https:\/\/loriot.com.vn\/vi\/wp-json\/wp\/v2\/service_tag?post=1623"}],"curies":[{"name":"wp","href":"https:\/\/api.w.org\/{rel}","templated":true}]}}