{"id":1624,"date":"2021-08-03T04:40:23","date_gmt":"2021-08-03T04:40:23","guid":{"rendered":"http:\/\/loriot.com.vn\/product\/glss\/"},"modified":"2026-03-18T16:33:32","modified_gmt":"2026-03-18T09:33:32","slug":"may-glss","status":"publish","type":"product","link":"https:\/\/loriot.com.vn\/vi\/product\/may-glss\/","title":{"rendered":"M\u00c1Y GLSS"},"content":{"rendered":"<p style=\"text-align: center;\"><span style=\"font-size: 14pt; font-family: arial, helvetica, sans-serif;\"><strong>M\u00c1Y GLSS<\/strong><\/span><\/p>\n<p>&nbsp;<\/p>\n<h1 data-section-id=\"1ujbo5o\" data-start=\"0\" data-end=\"114\"><span style=\"font-family: arial, helvetica, sans-serif; font-size: 12pt;\">M\u00e1y c\u1eaft PCB b\u1eb1ng laser Getech GLSS Laser Singulation System \u2013 Gi\u1ea3i ph\u00e1p t\u1ed1i \u01b0u cho PCB si\u00eau m\u1ecfng &amp; v\u1eadt li\u1ec7u nh\u00f4m<\/span><\/h1>\n<p data-start=\"116\" data-end=\"466\"><span style=\"font-family: arial, helvetica, sans-serif; font-size: 12pt;\">Trong c\u00e1c \u1ee9ng d\u1ee5ng nh\u01b0 <strong data-start=\"139\" data-end=\"191\">\u0111\u00e8n LED, lighting electronics ho\u1eb7c PCB si\u00eau m\u1ecfng<\/strong>, y\u00eau c\u1ea7u v\u1ec1 <strong data-start=\"204\" data-end=\"273\">c\u1eaft ch\u00ednh x\u00e1c, kh\u00f4ng g\u00e2y \u1ee9ng su\u1ea5t v\u00e0 kh\u00f4ng l\u00e0m bi\u1ebfn d\u1ea1ng v\u1eadt li\u1ec7u<\/strong> l\u00e0 c\u1ef1c k\u1ef3 quan tr\u1ecdng. <strong data-start=\"296\" data-end=\"336\">Getech GLSS Laser Singulation System<\/strong> \u0111\u01b0\u1ee3c ph\u00e1t tri\u1ec3n chuy\u00ean bi\u1ec7t \u0111\u1ec3 \u0111\u00e1p \u1ee9ng c\u00e1c nhu c\u1ea7u n\u00e0y v\u1edbi c\u00f4ng ngh\u1ec7 laser ti\u00ean ti\u1ebfn v\u00e0 thi\u1ebft k\u1ebf t\u1ed1i \u01b0u cho s\u1ea3n xu\u1ea5t c\u00f4ng nghi\u1ec7p.<\/span><\/p>\n<h2 data-section-id=\"17lw9q1\" data-start=\"468\" data-end=\"515\"><span style=\"font-family: arial, helvetica, sans-serif; font-size: 12pt;\">Dual workstation standalone \u2013 t\u0103ng n\u0103ng su\u1ea5t<\/span><\/h2>\n<p data-start=\"517\" data-end=\"554\"><span style=\"font-family: arial, helvetica, sans-serif; font-size: 12pt;\">\u26a1 Thi\u1ebft k\u1ebf <strong data-start=\"528\" data-end=\"553\">2 workstation \u0111\u1ed9c l\u1eadp<\/strong>:<\/span><\/p>\n<ul data-start=\"555\" data-end=\"615\">\n<li data-section-id=\"11jzq6r\" data-start=\"555\" data-end=\"587\">\n<p data-start=\"557\" data-end=\"587\"><span style=\"font-family: arial, helvetica, sans-serif; font-size: 12pt;\">Gia c\u00f4ng song song nhi\u1ec1u PCB<\/span><\/p>\n<\/li>\n<li data-section-id=\"1ayjofh\" data-start=\"588\" data-end=\"615\">\n<p data-start=\"590\" data-end=\"615\"><span style=\"font-family: arial, helvetica, sans-serif; font-size: 12pt;\">T\u0103ng throughput \u0111\u00e1ng k\u1ec3<\/span><\/p>\n<\/li>\n<\/ul>\n<p data-start=\"617\" data-end=\"640\"><span style=\"font-family: arial, helvetica, sans-serif; font-size: 12pt;\">\ud83d\udd04 D\u1ea1ng <strong data-start=\"625\" data-end=\"639\">standalone<\/strong>:<\/span><\/p>\n<ul data-start=\"641\" data-end=\"702\">\n<li data-section-id=\"l6mhv4\" data-start=\"641\" data-end=\"665\">\n<p data-start=\"643\" data-end=\"665\"><span style=\"font-family: arial, helvetica, sans-serif; font-size: 12pt;\">Linh ho\u1ea1t tri\u1ec3n khai<\/span><\/p>\n<\/li>\n<li data-section-id=\"op2eas\" data-start=\"666\" data-end=\"702\">\n<p data-start=\"668\" data-end=\"702\"><span style=\"font-family: arial, helvetica, sans-serif; font-size: 12pt;\">Ph\u00f9 h\u1ee3p v\u1edbi nhi\u1ec1u layout nh\u00e0 m\u00e1y<\/span><\/p>\n<\/li>\n<\/ul>\n<p data-start=\"704\" data-end=\"756\"><span style=\"font-family: arial, helvetica, sans-serif; font-size: 12pt;\">\u27a1\ufe0f K\u1ebft h\u1ee3p hi\u1ec7u su\u1ea5t cao v\u00e0 t\u00ednh linh ho\u1ea1t v\u1eadn h\u00e0nh.<\/span><\/p>\n<h2 data-section-id=\"18sb450\" data-start=\"758\" data-end=\"805\"><span style=\"font-family: arial, helvetica, sans-serif; font-size: 12pt;\">T\u1ed1i \u01b0u cho PCB si\u00eau m\u1ecfng &amp; v\u1eadt li\u1ec7u \u0111\u1eb7c bi\u1ec7t<\/span><\/h2>\n<p data-start=\"807\" data-end=\"869\"><span style=\"font-family: arial, helvetica, sans-serif; font-size: 12pt;\">\ud83c\udfaf <strong data-start=\"810\" data-end=\"850\">Getech GLSS Laser Singulation System<\/strong> \u0111\u01b0\u1ee3c thi\u1ebft k\u1ebf cho:<\/span><\/p>\n<ul data-start=\"870\" data-end=\"962\">\n<li data-section-id=\"1s4d8y7\" data-start=\"870\" data-end=\"904\">\n<p data-start=\"872\" data-end=\"904\"><span style=\"font-family: arial, helvetica, sans-serif; font-size: 12pt;\">PCB si\u00eau m\u1ecfng (ultra-thin PCB)<\/span><\/p>\n<\/li>\n<li data-section-id=\"1jxkf1q\" data-start=\"905\" data-end=\"917\">\n<p data-start=\"907\" data-end=\"917\"><span style=\"font-family: arial, helvetica, sans-serif; font-size: 12pt;\">Flex PCB<\/span><\/p>\n<\/li>\n<li data-section-id=\"nzmd0h\" data-start=\"918\" data-end=\"962\">\n<p data-start=\"920\" data-end=\"962\"><span style=\"font-family: arial, helvetica, sans-serif; font-size: 12pt;\">Substrate nh\u00f4m (aluminum PCB \u2013 lighting)<\/span><\/p>\n<\/li>\n<\/ul>\n<p data-start=\"964\" data-end=\"975\"><span style=\"font-family: arial, helvetica, sans-serif; font-size: 12pt;\">\u27a1\ufe0f \u0110\u1ea3m b\u1ea3o:<\/span><\/p>\n<ul data-start=\"976\" data-end=\"1042\">\n<li data-section-id=\"17vhmn2\" data-start=\"976\" data-end=\"1003\">\n<p data-start=\"978\" data-end=\"1003\"><span style=\"font-family: arial, helvetica, sans-serif; font-size: 12pt;\">Kh\u00f4ng g\u00e2y stress c\u01a1 h\u1ecdc<\/span><\/p>\n<\/li>\n<li data-section-id=\"3kh8n8\" data-start=\"1004\" data-end=\"1042\">\n<p data-start=\"1006\" data-end=\"1042\"><span style=\"font-family: arial, helvetica, sans-serif; font-size: 12pt;\">Kh\u00f4ng l\u00e0m h\u01b0 h\u1ea1i v\u1eadt li\u1ec7u nh\u1ea1y c\u1ea3m<\/span><\/p>\n<\/li>\n<\/ul>\n<h2 data-section-id=\"1jap5qz\" data-start=\"1044\" data-end=\"1088\"><span style=\"font-family: arial, helvetica, sans-serif; font-size: 12pt;\">T\u00f9y ch\u1ecdn ngu\u1ed3n laser \u2013 linh ho\u1ea1t \u1ee9ng d\u1ee5ng<\/span><\/h2>\n<p data-start=\"1090\" data-end=\"1113\"><span style=\"font-family: arial, helvetica, sans-serif; font-size: 12pt;\">\ud83d\udca1 H\u1ed7 tr\u1ee3 2 lo\u1ea1i laser:<\/span><\/p>\n<ul data-start=\"1114\" data-end=\"1226\">\n<li data-section-id=\"19b1cb5\" data-start=\"1114\" data-end=\"1168\">\n<p data-start=\"1116\" data-end=\"1168\"><span style=\"font-family: arial, helvetica, sans-serif; font-size: 12pt;\"><strong data-start=\"1116\" data-end=\"1139\">Green laser (532nm)<\/strong>: t\u1ed1i \u01b0u cho PCB ti\u00eau chu\u1ea9n<\/span><\/p>\n<\/li>\n<li data-section-id=\"10ofk62\" data-start=\"1169\" data-end=\"1226\">\n<p data-start=\"1171\" data-end=\"1226\"><span style=\"font-family: arial, helvetica, sans-serif; font-size: 12pt;\"><strong data-start=\"1171\" data-end=\"1198\">Infrared laser (1032nm)<\/strong>: ph\u00f9 h\u1ee3p v\u1eadt li\u1ec7u \u0111\u1eb7c th\u00f9<\/span><\/p>\n<\/li>\n<\/ul>\n<p data-start=\"1228\" data-end=\"1240\"><span style=\"font-family: arial, helvetica, sans-serif; font-size: 12pt;\">\u27a1\ufe0f Cho ph\u00e9p:<\/span><\/p>\n<ul data-start=\"1241\" data-end=\"1307\">\n<li data-section-id=\"19ab03w\" data-start=\"1241\" data-end=\"1268\">\n<p data-start=\"1243\" data-end=\"1268\"><span style=\"font-family: arial, helvetica, sans-serif; font-size: 12pt;\">T\u00f9y ch\u1ec9nh theo s\u1ea3n ph\u1ea9m<\/span><\/p>\n<\/li>\n<li data-section-id=\"1ifmjbb\" data-start=\"1269\" data-end=\"1307\">\n<p data-start=\"1271\" data-end=\"1307\"><span style=\"font-family: arial, helvetica, sans-serif; font-size: 12pt;\">T\u1ed1i \u01b0u ch\u1ea5t l\u01b0\u1ee3ng c\u1eaft v\u00e0 hi\u1ec7u su\u1ea5t<\/span><\/p>\n<\/li>\n<\/ul>\n<h2 data-section-id=\"1xslh18\" data-start=\"1309\" data-end=\"1354\"><span style=\"font-family: arial, helvetica, sans-serif; font-size: 12pt;\">N\u1ec1n t\u1ea3ng GSR \u2013 hi\u1ec7u su\u1ea5t v\u00e0 \u0111\u1ed9 tin c\u1eady cao<\/span><\/h2>\n<p data-start=\"1356\" data-end=\"1393\"><span style=\"font-family: arial, helvetica, sans-serif; font-size: 12pt;\">\ud83d\udee0\ufe0f Ph\u00e1t tri\u1ec3n d\u1ef1a tr\u00ean platform GSR:<\/span><\/p>\n<ul data-start=\"1394\" data-end=\"1467\">\n<li data-section-id=\"1qw76tb\" data-start=\"1394\" data-end=\"1431\">\n<p data-start=\"1396\" data-end=\"1431\"><span style=\"font-family: arial, helvetica, sans-serif; font-size: 12pt;\">\u0110\u00e3 \u0111\u01b0\u1ee3c ki\u1ec3m ch\u1ee9ng trong s\u1ea3n xu\u1ea5t<\/span><\/p>\n<\/li>\n<li data-section-id=\"o7oeth\" data-start=\"1432\" data-end=\"1467\">\n<p data-start=\"1434\" data-end=\"1467\"><span style=\"font-family: arial, helvetica, sans-serif; font-size: 12pt;\">\u0110\u1ea3m b\u1ea3o \u0111\u1ed9 \u1ed5n \u0111\u1ecbnh v\u00e0 hi\u1ec7u su\u1ea5t<\/span><\/p>\n<\/li>\n<\/ul>\n<p data-start=\"1469\" data-end=\"1481\"><span style=\"font-family: arial, helvetica, sans-serif; font-size: 12pt;\">\u27a1\ufe0f Mang l\u1ea1i:<\/span><\/p>\n<ul data-start=\"1482\" data-end=\"1548\">\n<li data-section-id=\"z09901\" data-start=\"1482\" data-end=\"1510\">\n<p data-start=\"1484\" data-end=\"1510\"><span style=\"font-family: arial, helvetica, sans-serif; font-size: 12pt;\">Kh\u1ea3 n\u0103ng v\u1eadn h\u00e0nh b\u1ec1n b\u1ec9<\/span><\/p>\n<\/li>\n<li data-section-id=\"6z57kz\" data-start=\"1511\" data-end=\"1548\">\n<p data-start=\"1513\" data-end=\"1548\"><span style=\"font-family: arial, helvetica, sans-serif; font-size: 12pt;\">T\u00ednh linh ho\u1ea1t cao trong \u1ee9ng d\u1ee5ng<\/span><\/p>\n<\/li>\n<\/ul>\n<h2 data-section-id=\"a6ags0\" data-start=\"1550\" data-end=\"1604\"><span style=\"font-family: arial, helvetica, sans-serif; font-size: 12pt;\">C\u00f4ng ngh\u1ec7 c\u1eaft kh\u00f4ng ti\u1ebfp x\u00fac \u2013 ch\u1ea5t l\u01b0\u1ee3ng v\u01b0\u1ee3t tr\u1ed9i<\/span><\/h2>\n<p data-start=\"1606\" data-end=\"1623\"><span style=\"font-family: arial, helvetica, sans-serif; font-size: 12pt;\">\ud83c\udf00 Laser cutting:<\/span><\/p>\n<ul data-start=\"1624\" data-end=\"1676\">\n<li data-section-id=\"1yv5oxt\" data-start=\"1624\" data-end=\"1649\">\n<p data-start=\"1626\" data-end=\"1649\"><span style=\"font-family: arial, helvetica, sans-serif; font-size: 12pt;\">Kh\u00f4ng ti\u1ebfp x\u00fac c\u01a1 h\u1ecdc<\/span><\/p>\n<\/li>\n<li data-section-id=\"1b7iz0\" data-start=\"1650\" data-end=\"1676\">\n<p data-start=\"1652\" data-end=\"1676\"><span style=\"font-family: arial, helvetica, sans-serif; font-size: 12pt;\">\u0110\u01b0\u1eddng c\u1eaft m\u1ecbn, s\u1eafc n\u00e9t<\/span><\/p>\n<\/li>\n<\/ul>\n<p data-start=\"1678\" data-end=\"1686\"><span style=\"font-family: arial, helvetica, sans-serif; font-size: 12pt;\">\ud83d\udd25 Gi\u1ea3m:<\/span><\/p>\n<ul data-start=\"1687\" data-end=\"1727\">\n<li data-section-id=\"1tzzk76\" data-start=\"1687\" data-end=\"1706\">\n<p data-start=\"1689\" data-end=\"1706\"><span style=\"font-family: arial, helvetica, sans-serif; font-size: 12pt;\">Bi\u1ebfn d\u1ea1ng nhi\u1ec7t<\/span><\/p>\n<\/li>\n<li data-section-id=\"dc2lmg\" data-start=\"1707\" data-end=\"1727\">\n<p data-start=\"1709\" data-end=\"1727\"><span style=\"font-family: arial, helvetica, sans-serif; font-size: 12pt;\">H\u01b0 h\u1ea1i linh ki\u1ec7n<\/span><\/p>\n<\/li>\n<\/ul>\n<p data-start=\"1729\" data-end=\"1793\"><span style=\"font-family: arial, helvetica, sans-serif; font-size: 12pt;\">\u27a1\ufe0f Ph\u00f9 h\u1ee3p v\u1edbi c\u00e1c s\u1ea3n ph\u1ea9m y\u00eau c\u1ea7u \u0111\u1ed9 ch\u00ednh x\u00e1c v\u00e0 th\u1ea9m m\u1ef9 cao.<\/span><\/p>\n<h2 data-section-id=\"a7lg2b\" data-start=\"1795\" data-end=\"1858\"><span style=\"font-family: arial, helvetica, sans-serif; font-size: 12pt;\">Gi\u1ea3i ph\u00e1p laser chuy\u00ean d\u1ee5ng cho ng\u00e0nh lighting &amp; PCB cao c\u1ea5p<\/span><\/h2>\n<p data-start=\"1860\" data-end=\"1913\"><span style=\"font-family: arial, helvetica, sans-serif; font-size: 12pt;\">\ud83d\ude80 <strong data-start=\"1863\" data-end=\"1903\">Getech GLSS Laser Singulation System<\/strong> mang l\u1ea1i:<\/span><\/p>\n<ul data-start=\"1914\" data-end=\"2046\">\n<li data-section-id=\"1n67st5\" data-start=\"1914\" data-end=\"1959\">\n<p data-start=\"1916\" data-end=\"1959\"><span style=\"font-family: arial, helvetica, sans-serif; font-size: 12pt;\">\u0110\u1ed9 ch\u00ednh x\u00e1c cao cho v\u1eadt li\u1ec7u m\u1ecfng &amp; nh\u1ea1y<\/span><\/p>\n<\/li>\n<li data-section-id=\"jbykn3\" data-start=\"1960\" data-end=\"2007\">\n<p data-start=\"1962\" data-end=\"2007\"><span style=\"font-family: arial, helvetica, sans-serif; font-size: 12pt;\">N\u0103ng su\u1ea5t cao v\u1edbi thi\u1ebft k\u1ebf dual workstation<\/span><\/p>\n<\/li>\n<li data-section-id=\"1mistg6\" data-start=\"2008\" data-end=\"2046\">\n<p data-start=\"2010\" data-end=\"2046\"><span style=\"font-family: arial, helvetica, sans-serif; font-size: 12pt;\">Linh ho\u1ea1t nh\u1edd t\u00f9y ch\u1ecdn ngu\u1ed3n laser<\/span><\/p>\n<\/li>\n<\/ul>\n<p data-start=\"2048\" data-end=\"2064\"><span style=\"font-family: arial, helvetica, sans-serif; font-size: 12pt;\">\u27a1\ufe0f L\u00fd t\u01b0\u1edfng cho:<\/span><\/p>\n<ul data-start=\"2065\" data-end=\"2166\">\n<li data-section-id=\"52yi87\" data-start=\"2065\" data-end=\"2096\">\n<p data-start=\"2067\" data-end=\"2096\"><span style=\"font-family: arial, helvetica, sans-serif; font-size: 12pt;\">S\u1ea3n xu\u1ea5t LED \/ lighting PCB<\/span><\/p>\n<\/li>\n<li data-section-id=\"ozikfl\" data-start=\"2097\" data-end=\"2126\">\n<p data-start=\"2099\" data-end=\"2126\"><span style=\"font-family: arial, helvetica, sans-serif; font-size: 12pt;\">Flex PCB &amp; ultra-thin PCB<\/span><\/p>\n<\/li>\n<li data-section-id=\"iwpzer\" data-start=\"2127\" data-end=\"2166\">\n<p data-start=\"2129\" data-end=\"2166\"><span style=\"font-family: arial, helvetica, sans-serif; font-size: 12pt;\">\u1ee8ng d\u1ee5ng y\u00eau c\u1ea7u c\u1eaft kh\u00f4ng ti\u1ebfp x\u00fac<\/span><\/p>\n<\/li>\n<\/ul>\n","protected":false},"excerpt":{"rendered":"<p>Getech GLSS Laser Singulation System \u0111\u01b0\u1ee3c ph\u00e1t tri\u1ec3n chuy\u00ean bi\u1ec7t \u0111\u00e1p \u1ee9ng c\u00e1c nhu c\u1ea7u n\u00e0y v\u1edbi c\u00f4ng ngh\u1ec7 laser ti\u00ean ti\u1ebfn<\/p>\n","protected":false},"author":1,"featured_media":4558,"parent":0,"menu_order":122,"comment_status":"open","ping_status":"closed","template":"","meta":{"inline_featured_image":false,"footnotes":""},"service-category":[78,80],"service_tag":[113],"class_list":["post-1624","product","type-product","status-publish","has-post-thumbnail","hentry","service-category-getech","service-category-may-cat-bo-mach-standalone","service_tag-getech-vi"],"yoast_head":"<!-- This site is optimized with the Yoast SEO plugin v27.5 - https:\/\/yoast.com\/product\/yoast-seo-wordpress\/ -->\n<title>M\u00c1Y GLSS - LORIOT INDUSTRIAL<\/title>\n<meta name=\"description\" content=\"Getech GLSS Laser Singulation System \u0111\u01b0\u1ee3c ph\u00e1t tri\u1ec3n chuy\u00ean bi\u1ec7t \u0111\u1ec3 \u0111\u00e1p \u1ee9ng c\u00e1c nhu c\u1ea7u n\u00e0y v\u1edbi c\u00f4ng ngh\u1ec7 laser ti\u00ean ti\u1ebfn\" \/>\n<meta name=\"robots\" content=\"index, follow, max-snippet:-1, max-image-preview:large, max-video-preview:-1\" \/>\n<link rel=\"canonical\" href=\"https:\/\/loriot.com.vn\/vi\/product\/may-glss\/\" \/>\n<meta property=\"og:locale\" content=\"vi_VN\" \/>\n<meta property=\"og:type\" content=\"article\" \/>\n<meta property=\"og:title\" content=\"M\u00c1Y GLSS - LORIOT INDUSTRIAL\" \/>\n<meta property=\"og:description\" content=\"Getech GLSS Laser Singulation System \u0111\u01b0\u1ee3c ph\u00e1t tri\u1ec3n chuy\u00ean bi\u1ec7t \u0111\u1ec3 \u0111\u00e1p \u1ee9ng c\u00e1c nhu c\u1ea7u n\u00e0y v\u1edbi c\u00f4ng ngh\u1ec7 laser ti\u00ean ti\u1ebfn\" \/>\n<meta property=\"og:url\" content=\"https:\/\/loriot.com.vn\/vi\/product\/may-glss\/\" \/>\n<meta property=\"og:site_name\" content=\"LORIOT INDUSTRIAL\" \/>\n<meta property=\"article:publisher\" content=\"https:\/\/www.facebook.com\/Loriot-Industrial-COLTD-103044855046633\" \/>\n<meta property=\"article:modified_time\" content=\"2026-03-18T09:33:32+00:00\" \/>\n<meta property=\"og:image\" content=\"https:\/\/loriot.com.vn\/wp-content\/uploads\/2021\/08\/Singulation-1672-512x630-1.jpg\" \/>\n\t<meta property=\"og:image:width\" content=\"770\" \/>\n\t<meta property=\"og:image:height\" content=\"513\" \/>\n\t<meta property=\"og:image:type\" content=\"image\/jpeg\" \/>\n<meta name=\"twitter:card\" content=\"summary_large_image\" \/>\n<meta name=\"twitter:label1\" content=\"\u01af\u1edbc t\u00ednh th\u1eddi gian \u0111\u1ecdc\" \/>\n\t<meta name=\"twitter:data1\" content=\"2 ph\u00fat\" \/>\n<script type=\"application\/ld+json\" class=\"yoast-schema-graph\">{\"@context\":\"https:\\\/\\\/schema.org\",\"@graph\":[{\"@type\":\"WebPage\",\"@id\":\"https:\\\/\\\/loriot.com.vn\\\/vi\\\/product\\\/may-glss\\\/\",\"url\":\"https:\\\/\\\/loriot.com.vn\\\/vi\\\/product\\\/may-glss\\\/\",\"name\":\"M\u00c1Y GLSS - LORIOT INDUSTRIAL\",\"isPartOf\":{\"@id\":\"https:\\\/\\\/loriot.com.vn\\\/vi\\\/#website\"},\"primaryImageOfPage\":{\"@id\":\"https:\\\/\\\/loriot.com.vn\\\/vi\\\/product\\\/may-glss\\\/#primaryimage\"},\"image\":{\"@id\":\"https:\\\/\\\/loriot.com.vn\\\/vi\\\/product\\\/may-glss\\\/#primaryimage\"},\"thumbnailUrl\":\"https:\\\/\\\/loriot.com.vn\\\/wp-content\\\/uploads\\\/2021\\\/08\\\/Singulation-1672-512x630-1.jpg\",\"datePublished\":\"2021-08-03T04:40:23+00:00\",\"dateModified\":\"2026-03-18T09:33:32+00:00\",\"description\":\"Getech GLSS Laser Singulation System \u0111\u01b0\u1ee3c ph\u00e1t tri\u1ec3n chuy\u00ean bi\u1ec7t \u0111\u1ec3 \u0111\u00e1p \u1ee9ng c\u00e1c nhu c\u1ea7u n\u00e0y v\u1edbi c\u00f4ng ngh\u1ec7 laser ti\u00ean ti\u1ebfn\",\"breadcrumb\":{\"@id\":\"https:\\\/\\\/loriot.com.vn\\\/vi\\\/product\\\/may-glss\\\/#breadcrumb\"},\"inLanguage\":\"vi\",\"potentialAction\":[{\"@type\":\"ReadAction\",\"target\":[\"https:\\\/\\\/loriot.com.vn\\\/vi\\\/product\\\/may-glss\\\/\"]}]},{\"@type\":\"ImageObject\",\"inLanguage\":\"vi\",\"@id\":\"https:\\\/\\\/loriot.com.vn\\\/vi\\\/product\\\/may-glss\\\/#primaryimage\",\"url\":\"https:\\\/\\\/loriot.com.vn\\\/wp-content\\\/uploads\\\/2021\\\/08\\\/Singulation-1672-512x630-1.jpg\",\"contentUrl\":\"https:\\\/\\\/loriot.com.vn\\\/wp-content\\\/uploads\\\/2021\\\/08\\\/Singulation-1672-512x630-1.jpg\",\"width\":770,\"height\":513,\"caption\":\"M\u00c1Y GLSS\"},{\"@type\":\"BreadcrumbList\",\"@id\":\"https:\\\/\\\/loriot.com.vn\\\/vi\\\/product\\\/may-glss\\\/#breadcrumb\",\"itemListElement\":[{\"@type\":\"ListItem\",\"position\":1,\"name\":\"Home\",\"item\":\"https:\\\/\\\/loriot.com.vn\\\/vi\\\/\"},{\"@type\":\"ListItem\",\"position\":2,\"name\":\"Products\",\"item\":\"https:\\\/\\\/loriot.com.vn\\\/vi\\\/product\\\/\"},{\"@type\":\"ListItem\",\"position\":3,\"name\":\"M\u00c1Y GLSS\"}]},{\"@type\":\"WebSite\",\"@id\":\"https:\\\/\\\/loriot.com.vn\\\/vi\\\/#website\",\"url\":\"https:\\\/\\\/loriot.com.vn\\\/vi\\\/\",\"name\":\"LORIOT INDUSTRIAL CO.,LTD\",\"description\":\"\",\"publisher\":{\"@id\":\"https:\\\/\\\/loriot.com.vn\\\/vi\\\/#organization\"},\"potentialAction\":[{\"@type\":\"SearchAction\",\"target\":{\"@type\":\"EntryPoint\",\"urlTemplate\":\"https:\\\/\\\/loriot.com.vn\\\/vi\\\/?s={search_term_string}\"},\"query-input\":{\"@type\":\"PropertyValueSpecification\",\"valueRequired\":true,\"valueName\":\"search_term_string\"}}],\"inLanguage\":\"vi\"},{\"@type\":\"Organization\",\"@id\":\"https:\\\/\\\/loriot.com.vn\\\/vi\\\/#organization\",\"name\":\"Loriot Industrial Co.,Ltd\",\"url\":\"https:\\\/\\\/loriot.com.vn\\\/vi\\\/\",\"logo\":{\"@type\":\"ImageObject\",\"inLanguage\":\"vi\",\"@id\":\"https:\\\/\\\/loriot.com.vn\\\/vi\\\/#\\\/schema\\\/logo\\\/image\\\/\",\"url\":\"https:\\\/\\\/loriot.com.vn\\\/wp-content\\\/uploads\\\/2021\\\/08\\\/logo-ft.png\",\"contentUrl\":\"https:\\\/\\\/loriot.com.vn\\\/wp-content\\\/uploads\\\/2021\\\/08\\\/logo-ft.png\",\"width\":333,\"height\":101,\"caption\":\"Loriot Industrial Co.,Ltd\"},\"image\":{\"@id\":\"https:\\\/\\\/loriot.com.vn\\\/vi\\\/#\\\/schema\\\/logo\\\/image\\\/\"},\"sameAs\":[\"https:\\\/\\\/www.facebook.com\\\/Loriot-Industrial-COLTD-103044855046633\"]}]}<\/script>\n<!-- \/ Yoast SEO plugin. -->","yoast_head_json":{"title":"M\u00c1Y GLSS - LORIOT INDUSTRIAL","description":"Getech GLSS Laser Singulation System \u0111\u01b0\u1ee3c ph\u00e1t tri\u1ec3n chuy\u00ean bi\u1ec7t \u0111\u1ec3 \u0111\u00e1p \u1ee9ng c\u00e1c nhu c\u1ea7u n\u00e0y v\u1edbi c\u00f4ng ngh\u1ec7 laser ti\u00ean ti\u1ebfn","robots":{"index":"index","follow":"follow","max-snippet":"max-snippet:-1","max-image-preview":"max-image-preview:large","max-video-preview":"max-video-preview:-1"},"canonical":"https:\/\/loriot.com.vn\/vi\/product\/may-glss\/","og_locale":"vi_VN","og_type":"article","og_title":"M\u00c1Y GLSS - LORIOT INDUSTRIAL","og_description":"Getech GLSS Laser Singulation System \u0111\u01b0\u1ee3c ph\u00e1t tri\u1ec3n chuy\u00ean bi\u1ec7t \u0111\u1ec3 \u0111\u00e1p \u1ee9ng c\u00e1c nhu c\u1ea7u n\u00e0y v\u1edbi c\u00f4ng ngh\u1ec7 laser ti\u00ean ti\u1ebfn","og_url":"https:\/\/loriot.com.vn\/vi\/product\/may-glss\/","og_site_name":"LORIOT INDUSTRIAL","article_publisher":"https:\/\/www.facebook.com\/Loriot-Industrial-COLTD-103044855046633","article_modified_time":"2026-03-18T09:33:32+00:00","og_image":[{"width":770,"height":513,"url":"https:\/\/loriot.com.vn\/wp-content\/uploads\/2021\/08\/Singulation-1672-512x630-1.jpg","type":"image\/jpeg"}],"twitter_card":"summary_large_image","twitter_misc":{"\u01af\u1edbc t\u00ednh th\u1eddi gian \u0111\u1ecdc":"2 ph\u00fat"},"schema":{"@context":"https:\/\/schema.org","@graph":[{"@type":"WebPage","@id":"https:\/\/loriot.com.vn\/vi\/product\/may-glss\/","url":"https:\/\/loriot.com.vn\/vi\/product\/may-glss\/","name":"M\u00c1Y GLSS - LORIOT INDUSTRIAL","isPartOf":{"@id":"https:\/\/loriot.com.vn\/vi\/#website"},"primaryImageOfPage":{"@id":"https:\/\/loriot.com.vn\/vi\/product\/may-glss\/#primaryimage"},"image":{"@id":"https:\/\/loriot.com.vn\/vi\/product\/may-glss\/#primaryimage"},"thumbnailUrl":"https:\/\/loriot.com.vn\/wp-content\/uploads\/2021\/08\/Singulation-1672-512x630-1.jpg","datePublished":"2021-08-03T04:40:23+00:00","dateModified":"2026-03-18T09:33:32+00:00","description":"Getech GLSS Laser Singulation System \u0111\u01b0\u1ee3c ph\u00e1t tri\u1ec3n chuy\u00ean bi\u1ec7t \u0111\u1ec3 \u0111\u00e1p \u1ee9ng c\u00e1c nhu c\u1ea7u n\u00e0y v\u1edbi c\u00f4ng ngh\u1ec7 laser ti\u00ean ti\u1ebfn","breadcrumb":{"@id":"https:\/\/loriot.com.vn\/vi\/product\/may-glss\/#breadcrumb"},"inLanguage":"vi","potentialAction":[{"@type":"ReadAction","target":["https:\/\/loriot.com.vn\/vi\/product\/may-glss\/"]}]},{"@type":"ImageObject","inLanguage":"vi","@id":"https:\/\/loriot.com.vn\/vi\/product\/may-glss\/#primaryimage","url":"https:\/\/loriot.com.vn\/wp-content\/uploads\/2021\/08\/Singulation-1672-512x630-1.jpg","contentUrl":"https:\/\/loriot.com.vn\/wp-content\/uploads\/2021\/08\/Singulation-1672-512x630-1.jpg","width":770,"height":513,"caption":"M\u00c1Y GLSS"},{"@type":"BreadcrumbList","@id":"https:\/\/loriot.com.vn\/vi\/product\/may-glss\/#breadcrumb","itemListElement":[{"@type":"ListItem","position":1,"name":"Home","item":"https:\/\/loriot.com.vn\/vi\/"},{"@type":"ListItem","position":2,"name":"Products","item":"https:\/\/loriot.com.vn\/vi\/product\/"},{"@type":"ListItem","position":3,"name":"M\u00c1Y GLSS"}]},{"@type":"WebSite","@id":"https:\/\/loriot.com.vn\/vi\/#website","url":"https:\/\/loriot.com.vn\/vi\/","name":"LORIOT INDUSTRIAL CO.,LTD","description":"","publisher":{"@id":"https:\/\/loriot.com.vn\/vi\/#organization"},"potentialAction":[{"@type":"SearchAction","target":{"@type":"EntryPoint","urlTemplate":"https:\/\/loriot.com.vn\/vi\/?s={search_term_string}"},"query-input":{"@type":"PropertyValueSpecification","valueRequired":true,"valueName":"search_term_string"}}],"inLanguage":"vi"},{"@type":"Organization","@id":"https:\/\/loriot.com.vn\/vi\/#organization","name":"Loriot Industrial Co.,Ltd","url":"https:\/\/loriot.com.vn\/vi\/","logo":{"@type":"ImageObject","inLanguage":"vi","@id":"https:\/\/loriot.com.vn\/vi\/#\/schema\/logo\/image\/","url":"https:\/\/loriot.com.vn\/wp-content\/uploads\/2021\/08\/logo-ft.png","contentUrl":"https:\/\/loriot.com.vn\/wp-content\/uploads\/2021\/08\/logo-ft.png","width":333,"height":101,"caption":"Loriot Industrial Co.,Ltd"},"image":{"@id":"https:\/\/loriot.com.vn\/vi\/#\/schema\/logo\/image\/"},"sameAs":["https:\/\/www.facebook.com\/Loriot-Industrial-COLTD-103044855046633"]}]}},"_links":{"self":[{"href":"https:\/\/loriot.com.vn\/vi\/wp-json\/wp\/v2\/product\/1624","targetHints":{"allow":["GET"]}}],"collection":[{"href":"https:\/\/loriot.com.vn\/vi\/wp-json\/wp\/v2\/product"}],"about":[{"href":"https:\/\/loriot.com.vn\/vi\/wp-json\/wp\/v2\/types\/product"}],"author":[{"embeddable":true,"href":"https:\/\/loriot.com.vn\/vi\/wp-json\/wp\/v2\/users\/1"}],"replies":[{"embeddable":true,"href":"https:\/\/loriot.com.vn\/vi\/wp-json\/wp\/v2\/comments?post=1624"}],"version-history":[{"count":12,"href":"https:\/\/loriot.com.vn\/vi\/wp-json\/wp\/v2\/product\/1624\/revisions"}],"predecessor-version":[{"id":6609,"href":"https:\/\/loriot.com.vn\/vi\/wp-json\/wp\/v2\/product\/1624\/revisions\/6609"}],"wp:featuredmedia":[{"embeddable":true,"href":"https:\/\/loriot.com.vn\/vi\/wp-json\/wp\/v2\/media\/4558"}],"wp:attachment":[{"href":"https:\/\/loriot.com.vn\/vi\/wp-json\/wp\/v2\/media?parent=1624"}],"wp:term":[{"taxonomy":"service-category","embeddable":true,"href":"https:\/\/loriot.com.vn\/vi\/wp-json\/wp\/v2\/service-category?post=1624"},{"taxonomy":"service_tag","embeddable":true,"href":"https:\/\/loriot.com.vn\/vi\/wp-json\/wp\/v2\/service_tag?post=1624"}],"curies":[{"name":"wp","href":"https:\/\/api.w.org\/{rel}","templated":true}]}}