{"id":1625,"date":"2021-08-03T09:42:44","date_gmt":"2021-08-03T09:42:44","guid":{"rendered":"http:\/\/loriot.com.vn\/product\/gsnl\/"},"modified":"2026-03-18T16:11:45","modified_gmt":"2026-03-18T09:11:45","slug":"may-gsnl","status":"publish","type":"product","link":"https:\/\/loriot.com.vn\/vi\/product\/may-gsnl\/","title":{"rendered":"M\u00c1Y GSNL"},"content":{"rendered":"<h2 class=\"pi-title d-none d-lg-block mb-0\" style=\"text-align: center;\"><span style=\"font-size: 14pt; font-family: arial, helvetica, sans-serif;\">M\u00c1Y GSNL<\/span><\/h2>\n<p>&nbsp;<\/p>\n<h1 data-section-id=\"16qizhy\" data-start=\"0\" data-end=\"107\"><span style=\"font-family: arial, helvetica, sans-serif; font-size: 12pt;\">H\u1ec7 th\u1ed1ng ph\u00e2n lo\u1ea1i &amp; x\u1ebfp khay PCB Getech GSNL Sorting and Tray Loading System \u2013 T\u1ef1 \u0111\u1ed9ng h\u00f3a kh\u00e2u cu\u1ed1i SMT<\/span><\/h1>\n<p data-start=\"109\" data-end=\"446\"><span style=\"font-family: arial, helvetica, sans-serif; font-size: 12pt;\">Trong d\u00e2y chuy\u1ec1n SMT hi\u1ec7n \u0111\u1ea1i, sau c\u00f4ng \u0111o\u1ea1n <strong data-start=\"154\" data-end=\"190\">depaneling (router\/dicing\/laser)<\/strong>, vi\u1ec7c <strong data-start=\"197\" data-end=\"237\">ph\u00e2n lo\u1ea1i v\u00e0 x\u1ebfp PCB v\u00e0o khay (tray)<\/strong> l\u00e0 b\u01b0\u1edbc quan tr\u1ecdng \u0111\u1ec3 ho\u00e0n thi\u1ec7n quy tr\u00ecnh s\u1ea3n xu\u1ea5t. <strong data-start=\"291\" data-end=\"338\">Getech GSNL Sorting and Tray Loading System<\/strong> l\u00e0 h\u1ec7 th\u1ed1ng robot inline gi\u00fap t\u1ef1 \u0111\u1ed9ng h\u00f3a ho\u00e0n to\u00e0n c\u00f4ng \u0111o\u1ea1n n\u00e0y v\u1edbi t\u1ed1c \u0111\u1ed9 cao v\u00e0 \u0111\u1ed9 ch\u00ednh x\u00e1c v\u01b0\u1ee3t tr\u1ed9i.<\/span><\/p>\n<h2 data-section-id=\"164ohmd\" data-start=\"448\" data-end=\"484\"><span style=\"font-family: arial, helvetica, sans-serif; font-size: 12pt;\">T\u1ef1 \u0111\u1ed9ng ph\u00e2n lo\u1ea1i v\u00e0 x\u1ebfp khay PCB<\/span><\/h2>\n<p data-start=\"486\" data-end=\"515\"><span style=\"font-family: arial, helvetica, sans-serif; font-size: 12pt;\">\ud83e\udd16 H\u1ec7 th\u1ed1ng \u0111\u01b0\u1ee3c thi\u1ebft k\u1ebf \u0111\u1ec3:<\/span><\/p>\n<ul data-start=\"516\" data-end=\"590\">\n<li data-section-id=\"16a1ftf\" data-start=\"516\" data-end=\"545\">\n<p data-start=\"518\" data-end=\"545\"><span style=\"font-family: arial, helvetica, sans-serif; font-size: 12pt;\">Ph\u00e2n lo\u1ea1i PCB sau khi c\u1eaft<\/span><\/p>\n<\/li>\n<li data-section-id=\"1ywgpmm\" data-start=\"546\" data-end=\"590\">\n<p data-start=\"548\" data-end=\"590\"><span style=\"font-family: arial, helvetica, sans-serif; font-size: 12pt;\">X\u1ebfp v\u00e0o khay (matrix tray) theo c\u1ea5u h\u00ecnh<\/span><\/p>\n<\/li>\n<\/ul>\n<p data-start=\"592\" data-end=\"611\"><span style=\"font-family: arial, helvetica, sans-serif; font-size: 12pt;\">\ud83d\udce6 H\u1ed7 tr\u1ee3 2 ch\u1ebf \u0111\u1ed9:<\/span><\/p>\n<ul data-start=\"612\" data-end=\"689\">\n<li data-section-id=\"1ncxskw\" data-start=\"612\" data-end=\"649\">\n<p data-start=\"614\" data-end=\"649\"><span style=\"font-family: arial, helvetica, sans-serif; font-size: 12pt;\">Khay l\u1edbn (Automatic Tray Handler)<\/span><\/p>\n<\/li>\n<li data-section-id=\"aw09px\" data-start=\"650\" data-end=\"689\">\n<p data-start=\"652\" data-end=\"689\"><span style=\"font-family: arial, helvetica, sans-serif; font-size: 12pt;\">Khay nh\u1ecf (manual loading\/unloading)<\/span><\/p>\n<\/li>\n<\/ul>\n<p data-start=\"691\" data-end=\"744\"><span style=\"font-family: arial, helvetica, sans-serif; font-size: 12pt;\">\u27a1\ufe0f Linh ho\u1ea1t theo nhu c\u1ea7u s\u1ea3n xu\u1ea5t v\u00e0 layout nh\u00e0 m\u00e1y.<\/span><\/p>\n<h2 data-section-id=\"543dnp\" data-start=\"746\" data-end=\"795\"><span style=\"font-family: arial, helvetica, sans-serif; font-size: 12pt;\">Ho\u1ea1t \u0111\u1ed9ng song song v\u1edbi router \u2013 t\u1ed1i \u01b0u chu k\u1ef3<\/span><\/h2>\n<p data-start=\"797\" data-end=\"850\"><span style=\"font-family: arial, helvetica, sans-serif; font-size: 12pt;\">\ud83d\udd04 Trang b\u1ecb <strong data-start=\"809\" data-end=\"849\">shuttle k\u1ebft n\u1ed1i tr\u1ef1c ti\u1ebfp v\u1edbi router<\/strong>:<\/span><\/p>\n<ul data-start=\"851\" data-end=\"943\">\n<li data-section-id=\"r73wlb\" data-start=\"851\" data-end=\"899\">\n<p data-start=\"853\" data-end=\"899\"><span style=\"font-family: arial, helvetica, sans-serif; font-size: 12pt;\">Th\u1ef1c hi\u1ec7n sorting trong khi router \u0111ang ch\u1ea1y<\/span><\/p>\n<\/li>\n<li data-section-id=\"qelf6\" data-start=\"900\" data-end=\"943\">\n<p data-start=\"902\" data-end=\"943\"><span style=\"font-family: arial, helvetica, sans-serif; font-size: 12pt;\">Load\/Unload song song v\u1edbi chu tr\u00ecnh c\u1eaft<\/span><\/p>\n<\/li>\n<\/ul>\n<p data-start=\"945\" data-end=\"953\"><span style=\"font-family: arial, helvetica, sans-serif; font-size: 12pt;\">\u27a1\ufe0f Gi\u00fap:<\/span><\/p>\n<ul data-start=\"954\" data-end=\"1014\">\n<li data-section-id=\"od3rgl\" data-start=\"954\" data-end=\"978\">\n<p data-start=\"956\" data-end=\"978\"><span style=\"font-family: arial, helvetica, sans-serif; font-size: 12pt;\">Gi\u1ea3m cycle time t\u1ed5ng<\/span><\/p>\n<\/li>\n<li data-section-id=\"1s7n4ny\" data-start=\"979\" data-end=\"1014\">\n<p data-start=\"981\" data-end=\"1014\"><span style=\"font-family: arial, helvetica, sans-serif; font-size: 12pt;\">T\u0103ng throughput to\u00e0n d\u00e2y chuy\u1ec1n<\/span><\/p>\n<\/li>\n<\/ul>\n<h2 data-section-id=\"h0zfk\" data-start=\"1016\" data-end=\"1061\"><span style=\"font-family: arial, helvetica, sans-serif; font-size: 12pt;\">Robot SCARA \u2013 t\u1ed1c \u0111\u1ed9 cao, \u0111\u1ed9 ch\u00ednh x\u00e1c cao<\/span><\/h2>\n<p data-start=\"1063\" data-end=\"1096\"><span style=\"font-family: arial, helvetica, sans-serif; font-size: 12pt;\">\u26a1 S\u1eed d\u1ee5ng robot <strong data-start=\"1079\" data-end=\"1095\">SCARA 4 tr\u1ee5c<\/strong>:<\/span><\/p>\n<ul data-start=\"1097\" data-end=\"1162\">\n<li data-section-id=\"17cmy2o\" data-start=\"1097\" data-end=\"1133\">\n<p data-start=\"1099\" data-end=\"1133\"><span style=\"font-family: arial, helvetica, sans-serif; font-size: 12pt;\">G\u1eafp v\u00e0 di chuy\u1ec3n PCB nhanh ch\u00f3ng<\/span><\/p>\n<\/li>\n<li data-section-id=\"1mga0dj\" data-start=\"1134\" data-end=\"1162\">\n<p data-start=\"1136\" data-end=\"1162\"><span style=\"font-family: arial, helvetica, sans-serif; font-size: 12pt;\">\u0110\u1ea3m b\u1ea3o \u0111\u1ed9 ch\u00ednh x\u00e1c cao<\/span><\/p>\n<\/li>\n<\/ul>\n<p data-start=\"1164\" data-end=\"1180\"><span style=\"font-family: arial, helvetica, sans-serif; font-size: 12pt;\">\u270c\ufe0f Dual gripper:<\/span><\/p>\n<ul data-start=\"1181\" data-end=\"1228\">\n<li data-section-id=\"9u0gtx\" data-start=\"1181\" data-end=\"1203\">\n<p data-start=\"1183\" data-end=\"1203\"><span style=\"font-family: arial, helvetica, sans-serif; font-size: 12pt;\">G\u1eafp 2 PCB c\u00f9ng l\u00fac<\/span><\/p>\n<\/li>\n<li data-section-id=\"1yuegty\" data-start=\"1204\" data-end=\"1228\">\n<p data-start=\"1206\" data-end=\"1228\"><span style=\"font-family: arial, helvetica, sans-serif; font-size: 12pt;\">T\u0103ng hi\u1ec7u su\u1ea5t x\u1eed l\u00fd<\/span><\/p>\n<\/li>\n<\/ul>\n<p data-start=\"1230\" data-end=\"1282\"><span style=\"font-family: arial, helvetica, sans-serif; font-size: 12pt;\">\u27a1\ufe0f Ph\u00f9 h\u1ee3p cho s\u1ea3n xu\u1ea5t s\u1ea3n l\u01b0\u1ee3ng l\u1edbn (high-volume).<\/span><\/p>\n<h2 data-section-id=\"1drctvu\" data-start=\"1284\" data-end=\"1328\"><span style=\"font-family: arial, helvetica, sans-serif; font-size: 12pt;\">H\u1ec7 th\u1ed1ng khay t\u1ef1 \u0111\u1ed9ng \u2013 v\u1eadn h\u00e0nh li\u00ean t\u1ee5c<\/span><\/h2>\n<p data-start=\"1330\" data-end=\"1356\"><span style=\"font-family: arial, helvetica, sans-serif; font-size: 12pt;\">\ud83d\udce6 Automatic Tray Handler:<\/span><\/p>\n<ul data-start=\"1357\" data-end=\"1430\">\n<li data-section-id=\"1f45jne\" data-start=\"1357\" data-end=\"1401\">\n<p data-start=\"1359\" data-end=\"1401\"><span style=\"font-family: arial, helvetica, sans-serif; font-size: 12pt;\">Cho ph\u00e9p n\u1ea1p\/xu\u1ea5t khay m\u00e0 kh\u00f4ng d\u1eebng m\u00e1y<\/span><\/p>\n<\/li>\n<li data-section-id=\"1py8fp6\" data-start=\"1402\" data-end=\"1430\">\n<p data-start=\"1404\" data-end=\"1430\"><span style=\"font-family: arial, helvetica, sans-serif; font-size: 12pt;\">H\u1ed7 tr\u1ee3 v\u1eadn h\u00e0nh li\u00ean t\u1ee5c<\/span><\/p>\n<\/li>\n<\/ul>\n<p data-start=\"1432\" data-end=\"1454\"><span style=\"font-family: arial, helvetica, sans-serif; font-size: 12pt;\">\ud83d\udc68\u200d\ud83c\udfed Operator c\u00f3 th\u1ec3:<\/span><\/p>\n<ul data-start=\"1455\" data-end=\"1518\">\n<li data-section-id=\"pn41cr\" data-start=\"1455\" data-end=\"1476\">\n<p data-start=\"1457\" data-end=\"1476\"><span style=\"font-family: arial, helvetica, sans-serif; font-size: 12pt;\">Thay khay d\u1ec5 d\u00e0ng<\/span><\/p>\n<\/li>\n<li data-section-id=\"agxjda\" data-start=\"1477\" data-end=\"1518\">\n<p data-start=\"1479\" data-end=\"1518\"><span style=\"font-family: arial, helvetica, sans-serif; font-size: 12pt;\">Kh\u00f4ng \u1ea3nh h\u01b0\u1edfng \u0111\u1ebfn qu\u00e1 tr\u00ecnh sorting<\/span><\/p>\n<\/li>\n<\/ul>\n<p data-start=\"1520\" data-end=\"1552\"><span style=\"font-family: arial, helvetica, sans-serif; font-size: 12pt;\">\u27a1\ufe0f T\u0103ng uptime v\u00e0 gi\u1ea3m downtime.<\/span><\/p>\n<h2 data-section-id=\"114a3c0\" data-start=\"1554\" data-end=\"1592\"><span style=\"font-family: arial, helvetica, sans-serif; font-size: 12pt;\">Gi\u1ea3i ph\u00e1p ho\u00e0n thi\u1ec7n d\u00e2y chuy\u1ec1n SMT<\/span><\/h2>\n<p data-start=\"1594\" data-end=\"1654\"><span style=\"font-family: arial, helvetica, sans-serif; font-size: 12pt;\">\ud83d\ude80 <strong data-start=\"1597\" data-end=\"1644\">Getech GSNL Sorting and Tray Loading System<\/strong> mang l\u1ea1i:<\/span><\/p>\n<ul data-start=\"1655\" data-end=\"1766\">\n<li data-section-id=\"mox6k0\" data-start=\"1655\" data-end=\"1690\">\n<p data-start=\"1657\" data-end=\"1690\"><span style=\"font-family: arial, helvetica, sans-serif; font-size: 12pt;\">T\u1ef1 \u0111\u1ed9ng h\u00f3a ho\u00e0n to\u00e0n kh\u00e2u cu\u1ed1i<\/span><\/p>\n<\/li>\n<li data-section-id=\"81ohyf\" data-start=\"1691\" data-end=\"1727\">\n<p data-start=\"1693\" data-end=\"1727\"><span style=\"font-family: arial, helvetica, sans-serif; font-size: 12pt;\">T\u0103ng n\u0103ng su\u1ea5t v\u00e0 gi\u1ea3m nh\u00e2n c\u00f4ng<\/span><\/p>\n<\/li>\n<li data-section-id=\"mokt02\" data-start=\"1728\" data-end=\"1766\">\n<p data-start=\"1730\" data-end=\"1766\"><span style=\"font-family: arial, helvetica, sans-serif; font-size: 12pt;\">\u0110\u1ed3ng b\u1ed9 ho\u00e0n h\u1ea3o v\u1edbi router inline<\/span><\/p>\n<\/li>\n<\/ul>\n<p data-start=\"1768\" data-end=\"1784\"><span style=\"font-family: arial, helvetica, sans-serif; font-size: 12pt;\">\u27a1\ufe0f L\u00fd t\u01b0\u1edfng cho:<\/span><\/p>\n<ul data-start=\"1785\" data-end=\"1927\">\n<li data-section-id=\"9qwbqe\" data-start=\"1785\" data-end=\"1819\">\n<p data-start=\"1787\" data-end=\"1819\"><span style=\"font-family: arial, helvetica, sans-serif; font-size: 12pt;\">D\u00e2y chuy\u1ec1n SMT t\u1ef1 \u0111\u1ed9ng h\u00f3a cao<\/span><\/p>\n<\/li>\n<li data-section-id=\"1o29guk\" data-start=\"1820\" data-end=\"1865\">\n<p data-start=\"1822\" data-end=\"1865\"><span style=\"font-family: arial, helvetica, sans-serif; font-size: 12pt;\">S\u1ea3n xu\u1ea5t smartphone, consumer electronics<\/span><\/p>\n<\/li>\n<li data-section-id=\"w6gdre\" data-start=\"1866\" data-end=\"1927\">\n<p data-start=\"1868\" data-end=\"1927\"><span style=\"font-family: arial, helvetica, sans-serif; font-size: 12pt;\">\u1ee8ng d\u1ee5ng y\u00eau c\u1ea7u sorting v\u00e0 \u0111\u00f3ng g\u00f3i PCB nhanh, ch\u00ednh x\u00e1c<\/span><\/p>\n<\/li>\n<\/ul>\n","protected":false},"excerpt":{"rendered":"<p>Getech GSNL Sorting and Tray Loading System l\u00e0 h\u1ec7 th\u1ed1ng robot inline gi\u00fap t\u1ef1 \u0111\u1ed9ng h\u00f3a ho\u00e0n to\u00e0n<\/p>\n","protected":false},"author":1,"featured_media":4550,"parent":0,"menu_order":116,"comment_status":"open","ping_status":"closed","template":"","meta":{"inline_featured_image":false,"footnotes":""},"service-category":[78,79],"service_tag":[113],"class_list":["post-1625","product","type-product","status-publish","has-post-thumbnail","hentry","service-category-getech","service-category-may-cat-bo-mach-inline","service_tag-getech-vi"],"yoast_head":"<!-- This site is optimized with the Yoast SEO plugin v27.5 - https:\/\/yoast.com\/product\/yoast-seo-wordpress\/ -->\n<title>M\u00c1Y GSNL - LORIOT INDUSTRIAL<\/title>\n<meta name=\"description\" content=\"Getech GSNL Sorting and Tray Loading System l\u00e0 h\u1ec7 th\u1ed1ng robot inline gi\u00fap t\u1ef1 \u0111\u1ed9ng h\u00f3a ho\u00e0n to\u00e0n c\u00f4ng \u0111o\u1ea1n n\u00e0y v\u1edbi t\u1ed1c \u0111\u1ed9 cao.\" \/>\n<meta name=\"robots\" content=\"index, follow, max-snippet:-1, max-image-preview:large, max-video-preview:-1\" \/>\n<link rel=\"canonical\" href=\"https:\/\/loriot.com.vn\/vi\/product\/may-gsnl\/\" \/>\n<meta property=\"og:locale\" content=\"vi_VN\" \/>\n<meta property=\"og:type\" content=\"article\" \/>\n<meta property=\"og:title\" content=\"M\u00c1Y GSNL - LORIOT INDUSTRIAL\" \/>\n<meta property=\"og:description\" content=\"Getech GSNL Sorting and Tray Loading System l\u00e0 h\u1ec7 th\u1ed1ng robot inline gi\u00fap t\u1ef1 \u0111\u1ed9ng h\u00f3a ho\u00e0n to\u00e0n c\u00f4ng \u0111o\u1ea1n n\u00e0y v\u1edbi t\u1ed1c \u0111\u1ed9 cao.\" \/>\n<meta property=\"og:url\" content=\"https:\/\/loriot.com.vn\/vi\/product\/may-gsnl\/\" \/>\n<meta property=\"og:site_name\" content=\"LORIOT INDUSTRIAL\" \/>\n<meta property=\"article:publisher\" content=\"https:\/\/www.facebook.com\/Loriot-Industrial-COLTD-103044855046633\" \/>\n<meta property=\"article:modified_time\" content=\"2026-03-18T09:11:45+00:00\" \/>\n<meta property=\"og:image\" content=\"https:\/\/loriot.com.vn\/wp-content\/uploads\/2021\/08\/GSNL-Front-770x578-1.jpg\" \/>\n\t<meta property=\"og:image:width\" content=\"770\" \/>\n\t<meta property=\"og:image:height\" content=\"513\" \/>\n\t<meta property=\"og:image:type\" content=\"image\/jpeg\" \/>\n<meta name=\"twitter:card\" content=\"summary_large_image\" \/>\n<meta name=\"twitter:label1\" content=\"\u01af\u1edbc t\u00ednh th\u1eddi gian \u0111\u1ecdc\" \/>\n\t<meta name=\"twitter:data1\" content=\"2 ph\u00fat\" \/>\n<script type=\"application\/ld+json\" class=\"yoast-schema-graph\">{\"@context\":\"https:\\\/\\\/schema.org\",\"@graph\":[{\"@type\":\"WebPage\",\"@id\":\"https:\\\/\\\/loriot.com.vn\\\/vi\\\/product\\\/may-gsnl\\\/\",\"url\":\"https:\\\/\\\/loriot.com.vn\\\/vi\\\/product\\\/may-gsnl\\\/\",\"name\":\"M\u00c1Y GSNL - LORIOT INDUSTRIAL\",\"isPartOf\":{\"@id\":\"https:\\\/\\\/loriot.com.vn\\\/vi\\\/#website\"},\"primaryImageOfPage\":{\"@id\":\"https:\\\/\\\/loriot.com.vn\\\/vi\\\/product\\\/may-gsnl\\\/#primaryimage\"},\"image\":{\"@id\":\"https:\\\/\\\/loriot.com.vn\\\/vi\\\/product\\\/may-gsnl\\\/#primaryimage\"},\"thumbnailUrl\":\"https:\\\/\\\/loriot.com.vn\\\/wp-content\\\/uploads\\\/2021\\\/08\\\/GSNL-Front-770x578-1.jpg\",\"datePublished\":\"2021-08-03T09:42:44+00:00\",\"dateModified\":\"2026-03-18T09:11:45+00:00\",\"description\":\"Getech GSNL Sorting and Tray Loading System l\u00e0 h\u1ec7 th\u1ed1ng robot inline gi\u00fap t\u1ef1 \u0111\u1ed9ng h\u00f3a ho\u00e0n to\u00e0n c\u00f4ng \u0111o\u1ea1n n\u00e0y v\u1edbi t\u1ed1c \u0111\u1ed9 cao.\",\"breadcrumb\":{\"@id\":\"https:\\\/\\\/loriot.com.vn\\\/vi\\\/product\\\/may-gsnl\\\/#breadcrumb\"},\"inLanguage\":\"vi\",\"potentialAction\":[{\"@type\":\"ReadAction\",\"target\":[\"https:\\\/\\\/loriot.com.vn\\\/vi\\\/product\\\/may-gsnl\\\/\"]}]},{\"@type\":\"ImageObject\",\"inLanguage\":\"vi\",\"@id\":\"https:\\\/\\\/loriot.com.vn\\\/vi\\\/product\\\/may-gsnl\\\/#primaryimage\",\"url\":\"https:\\\/\\\/loriot.com.vn\\\/wp-content\\\/uploads\\\/2021\\\/08\\\/GSNL-Front-770x578-1.jpg\",\"contentUrl\":\"https:\\\/\\\/loriot.com.vn\\\/wp-content\\\/uploads\\\/2021\\\/08\\\/GSNL-Front-770x578-1.jpg\",\"width\":770,\"height\":513,\"caption\":\"M\u00c1Y GSNL\"},{\"@type\":\"BreadcrumbList\",\"@id\":\"https:\\\/\\\/loriot.com.vn\\\/vi\\\/product\\\/may-gsnl\\\/#breadcrumb\",\"itemListElement\":[{\"@type\":\"ListItem\",\"position\":1,\"name\":\"Home\",\"item\":\"https:\\\/\\\/loriot.com.vn\\\/vi\\\/\"},{\"@type\":\"ListItem\",\"position\":2,\"name\":\"Products\",\"item\":\"https:\\\/\\\/loriot.com.vn\\\/vi\\\/product\\\/\"},{\"@type\":\"ListItem\",\"position\":3,\"name\":\"M\u00c1Y GSNL\"}]},{\"@type\":\"WebSite\",\"@id\":\"https:\\\/\\\/loriot.com.vn\\\/vi\\\/#website\",\"url\":\"https:\\\/\\\/loriot.com.vn\\\/vi\\\/\",\"name\":\"LORIOT INDUSTRIAL CO.,LTD\",\"description\":\"\",\"publisher\":{\"@id\":\"https:\\\/\\\/loriot.com.vn\\\/vi\\\/#organization\"},\"potentialAction\":[{\"@type\":\"SearchAction\",\"target\":{\"@type\":\"EntryPoint\",\"urlTemplate\":\"https:\\\/\\\/loriot.com.vn\\\/vi\\\/?s={search_term_string}\"},\"query-input\":{\"@type\":\"PropertyValueSpecification\",\"valueRequired\":true,\"valueName\":\"search_term_string\"}}],\"inLanguage\":\"vi\"},{\"@type\":\"Organization\",\"@id\":\"https:\\\/\\\/loriot.com.vn\\\/vi\\\/#organization\",\"name\":\"Loriot Industrial Co.,Ltd\",\"url\":\"https:\\\/\\\/loriot.com.vn\\\/vi\\\/\",\"logo\":{\"@type\":\"ImageObject\",\"inLanguage\":\"vi\",\"@id\":\"https:\\\/\\\/loriot.com.vn\\\/vi\\\/#\\\/schema\\\/logo\\\/image\\\/\",\"url\":\"https:\\\/\\\/loriot.com.vn\\\/wp-content\\\/uploads\\\/2021\\\/08\\\/logo-ft.png\",\"contentUrl\":\"https:\\\/\\\/loriot.com.vn\\\/wp-content\\\/uploads\\\/2021\\\/08\\\/logo-ft.png\",\"width\":333,\"height\":101,\"caption\":\"Loriot Industrial Co.,Ltd\"},\"image\":{\"@id\":\"https:\\\/\\\/loriot.com.vn\\\/vi\\\/#\\\/schema\\\/logo\\\/image\\\/\"},\"sameAs\":[\"https:\\\/\\\/www.facebook.com\\\/Loriot-Industrial-COLTD-103044855046633\"]}]}<\/script>\n<!-- \/ Yoast SEO plugin. -->","yoast_head_json":{"title":"M\u00c1Y GSNL - LORIOT INDUSTRIAL","description":"Getech GSNL Sorting and Tray Loading System l\u00e0 h\u1ec7 th\u1ed1ng robot inline gi\u00fap t\u1ef1 \u0111\u1ed9ng h\u00f3a ho\u00e0n to\u00e0n c\u00f4ng \u0111o\u1ea1n n\u00e0y v\u1edbi t\u1ed1c \u0111\u1ed9 cao.","robots":{"index":"index","follow":"follow","max-snippet":"max-snippet:-1","max-image-preview":"max-image-preview:large","max-video-preview":"max-video-preview:-1"},"canonical":"https:\/\/loriot.com.vn\/vi\/product\/may-gsnl\/","og_locale":"vi_VN","og_type":"article","og_title":"M\u00c1Y GSNL - LORIOT INDUSTRIAL","og_description":"Getech GSNL Sorting and Tray Loading System l\u00e0 h\u1ec7 th\u1ed1ng robot inline gi\u00fap t\u1ef1 \u0111\u1ed9ng h\u00f3a ho\u00e0n to\u00e0n c\u00f4ng \u0111o\u1ea1n n\u00e0y v\u1edbi t\u1ed1c \u0111\u1ed9 cao.","og_url":"https:\/\/loriot.com.vn\/vi\/product\/may-gsnl\/","og_site_name":"LORIOT INDUSTRIAL","article_publisher":"https:\/\/www.facebook.com\/Loriot-Industrial-COLTD-103044855046633","article_modified_time":"2026-03-18T09:11:45+00:00","og_image":[{"width":770,"height":513,"url":"https:\/\/loriot.com.vn\/wp-content\/uploads\/2021\/08\/GSNL-Front-770x578-1.jpg","type":"image\/jpeg"}],"twitter_card":"summary_large_image","twitter_misc":{"\u01af\u1edbc t\u00ednh th\u1eddi gian \u0111\u1ecdc":"2 ph\u00fat"},"schema":{"@context":"https:\/\/schema.org","@graph":[{"@type":"WebPage","@id":"https:\/\/loriot.com.vn\/vi\/product\/may-gsnl\/","url":"https:\/\/loriot.com.vn\/vi\/product\/may-gsnl\/","name":"M\u00c1Y GSNL - LORIOT INDUSTRIAL","isPartOf":{"@id":"https:\/\/loriot.com.vn\/vi\/#website"},"primaryImageOfPage":{"@id":"https:\/\/loriot.com.vn\/vi\/product\/may-gsnl\/#primaryimage"},"image":{"@id":"https:\/\/loriot.com.vn\/vi\/product\/may-gsnl\/#primaryimage"},"thumbnailUrl":"https:\/\/loriot.com.vn\/wp-content\/uploads\/2021\/08\/GSNL-Front-770x578-1.jpg","datePublished":"2021-08-03T09:42:44+00:00","dateModified":"2026-03-18T09:11:45+00:00","description":"Getech GSNL Sorting and Tray Loading System l\u00e0 h\u1ec7 th\u1ed1ng robot inline gi\u00fap t\u1ef1 \u0111\u1ed9ng h\u00f3a ho\u00e0n to\u00e0n c\u00f4ng \u0111o\u1ea1n n\u00e0y v\u1edbi t\u1ed1c \u0111\u1ed9 cao.","breadcrumb":{"@id":"https:\/\/loriot.com.vn\/vi\/product\/may-gsnl\/#breadcrumb"},"inLanguage":"vi","potentialAction":[{"@type":"ReadAction","target":["https:\/\/loriot.com.vn\/vi\/product\/may-gsnl\/"]}]},{"@type":"ImageObject","inLanguage":"vi","@id":"https:\/\/loriot.com.vn\/vi\/product\/may-gsnl\/#primaryimage","url":"https:\/\/loriot.com.vn\/wp-content\/uploads\/2021\/08\/GSNL-Front-770x578-1.jpg","contentUrl":"https:\/\/loriot.com.vn\/wp-content\/uploads\/2021\/08\/GSNL-Front-770x578-1.jpg","width":770,"height":513,"caption":"M\u00c1Y GSNL"},{"@type":"BreadcrumbList","@id":"https:\/\/loriot.com.vn\/vi\/product\/may-gsnl\/#breadcrumb","itemListElement":[{"@type":"ListItem","position":1,"name":"Home","item":"https:\/\/loriot.com.vn\/vi\/"},{"@type":"ListItem","position":2,"name":"Products","item":"https:\/\/loriot.com.vn\/vi\/product\/"},{"@type":"ListItem","position":3,"name":"M\u00c1Y GSNL"}]},{"@type":"WebSite","@id":"https:\/\/loriot.com.vn\/vi\/#website","url":"https:\/\/loriot.com.vn\/vi\/","name":"LORIOT INDUSTRIAL CO.,LTD","description":"","publisher":{"@id":"https:\/\/loriot.com.vn\/vi\/#organization"},"potentialAction":[{"@type":"SearchAction","target":{"@type":"EntryPoint","urlTemplate":"https:\/\/loriot.com.vn\/vi\/?s={search_term_string}"},"query-input":{"@type":"PropertyValueSpecification","valueRequired":true,"valueName":"search_term_string"}}],"inLanguage":"vi"},{"@type":"Organization","@id":"https:\/\/loriot.com.vn\/vi\/#organization","name":"Loriot Industrial Co.,Ltd","url":"https:\/\/loriot.com.vn\/vi\/","logo":{"@type":"ImageObject","inLanguage":"vi","@id":"https:\/\/loriot.com.vn\/vi\/#\/schema\/logo\/image\/","url":"https:\/\/loriot.com.vn\/wp-content\/uploads\/2021\/08\/logo-ft.png","contentUrl":"https:\/\/loriot.com.vn\/wp-content\/uploads\/2021\/08\/logo-ft.png","width":333,"height":101,"caption":"Loriot Industrial Co.,Ltd"},"image":{"@id":"https:\/\/loriot.com.vn\/vi\/#\/schema\/logo\/image\/"},"sameAs":["https:\/\/www.facebook.com\/Loriot-Industrial-COLTD-103044855046633"]}]}},"_links":{"self":[{"href":"https:\/\/loriot.com.vn\/vi\/wp-json\/wp\/v2\/product\/1625","targetHints":{"allow":["GET"]}}],"collection":[{"href":"https:\/\/loriot.com.vn\/vi\/wp-json\/wp\/v2\/product"}],"about":[{"href":"https:\/\/loriot.com.vn\/vi\/wp-json\/wp\/v2\/types\/product"}],"author":[{"embeddable":true,"href":"https:\/\/loriot.com.vn\/vi\/wp-json\/wp\/v2\/users\/1"}],"replies":[{"embeddable":true,"href":"https:\/\/loriot.com.vn\/vi\/wp-json\/wp\/v2\/comments?post=1625"}],"version-history":[{"count":14,"href":"https:\/\/loriot.com.vn\/vi\/wp-json\/wp\/v2\/product\/1625\/revisions"}],"predecessor-version":[{"id":6604,"href":"https:\/\/loriot.com.vn\/vi\/wp-json\/wp\/v2\/product\/1625\/revisions\/6604"}],"wp:featuredmedia":[{"embeddable":true,"href":"https:\/\/loriot.com.vn\/vi\/wp-json\/wp\/v2\/media\/4550"}],"wp:attachment":[{"href":"https:\/\/loriot.com.vn\/vi\/wp-json\/wp\/v2\/media?parent=1625"}],"wp:term":[{"taxonomy":"service-category","embeddable":true,"href":"https:\/\/loriot.com.vn\/vi\/wp-json\/wp\/v2\/service-category?post=1625"},{"taxonomy":"service_tag","embeddable":true,"href":"https:\/\/loriot.com.vn\/vi\/wp-json\/wp\/v2\/service_tag?post=1625"}],"curies":[{"name":"wp","href":"https:\/\/api.w.org\/{rel}","templated":true}]}}