{"id":1626,"date":"2021-08-03T09:01:14","date_gmt":"2021-08-03T09:01:14","guid":{"rendered":"http:\/\/loriot.com.vn\/product\/gsr1200\/"},"modified":"2026-03-18T16:25:19","modified_gmt":"2026-03-18T09:25:19","slug":"may-gsr1200","status":"publish","type":"product","link":"https:\/\/loriot.com.vn\/vi\/product\/may-gsr1200\/","title":{"rendered":"M\u00c1Y GSR1200"},"content":{"rendered":"<p style=\"text-align: center;\"><span style=\"font-size: 14pt;\"><strong><span style=\"font-family: arial, helvetica, sans-serif;\">M\u00c1Y GSR1200<\/span><\/strong><\/span><\/p>\n<p>&nbsp;<\/p>\n<h1 data-section-id=\"1y511jj\" data-start=\"0\" data-end=\"120\"><span style=\"font-family: arial, helvetica, sans-serif; font-size: 12pt;\">M\u00e1y router PCB b\u00e1n t\u1ef1 \u0111\u1ed9ng Getech GSR1200 Semi Automatic Router Machine \u2013 Gi\u1ea3i ph\u00e1p depaneling linh ho\u1ea1t cho panel l\u1edbn<\/span><\/h1>\n<p data-start=\"122\" data-end=\"430\"><span style=\"font-family: arial, helvetica, sans-serif; font-size: 12pt;\">\u0110\u1ed1i v\u1edbi c\u00e1c \u1ee9ng d\u1ee5ng c\u1ea7n <strong data-start=\"147\" data-end=\"211\">t\u00e1ch PCB k\u00edch th\u01b0\u1edbc l\u1edbn nh\u01b0ng kh\u00f4ng y\u00eau c\u1ea7u inline ho\u00e0n to\u00e0n<\/strong>, m\u1ed9t h\u1ec7 th\u1ed1ng standalone m\u1ea1nh m\u1ebd v\u00e0 linh ho\u1ea1t l\u00e0 l\u1ef1a ch\u1ecdn t\u1ed1i \u01b0u. <strong data-start=\"278\" data-end=\"326\">Getech GSR1200 Semi Automatic Router Machine<\/strong> \u0111\u01b0\u1ee3c thi\u1ebft k\u1ebf \u0111\u1ec3 x\u1eed l\u00fd hi\u1ec7u qu\u1ea3 c\u00e1c panel l\u1edbn v\u1edbi t\u1ed1c \u0111\u1ed9 cao, \u0111\u1ed9 ch\u00ednh x\u00e1c \u1ed5n \u0111\u1ecbnh v\u00e0 v\u1eadn h\u00e0nh d\u1ec5 d\u00e0ng.<\/span><\/p>\n<h2 data-section-id=\"1y90fn2\" data-start=\"432\" data-end=\"471\"><span style=\"font-family: arial, helvetica, sans-serif; font-size: 12pt;\">X\u1eed l\u00fd panel l\u1edbn \u2013 linh ho\u1ea1t s\u1ea3n xu\u1ea5t<\/span><\/h2>\n<p data-start=\"473\" data-end=\"543\"><span style=\"font-family: arial, helvetica, sans-serif; font-size: 12pt;\">\ud83d\udccf H\u1ed7 tr\u1ee3 PCB k\u00edch th\u01b0\u1edbc l\u00ean \u0111\u1ebfn <strong data-start=\"506\" data-end=\"525\">350 mm x 350 mm<\/strong><\/span><br data-start=\"525\" data-end=\"528\" \/><span style=\"font-family: arial, helvetica, sans-serif; font-size: 12pt;\">\ud83d\udd27 Ph\u00f9 h\u1ee3p cho:<\/span><\/p>\n<ul data-start=\"544\" data-end=\"606\">\n<li data-section-id=\"d4iu7d\" data-start=\"544\" data-end=\"565\">\n<p data-start=\"546\" data-end=\"565\"><span style=\"font-family: arial, helvetica, sans-serif; font-size: 12pt;\">PCB c\u00f4ng su\u1ea5t l\u1edbn<\/span><\/p>\n<\/li>\n<li data-section-id=\"1j9urs8\" data-start=\"566\" data-end=\"606\">\n<p data-start=\"568\" data-end=\"606\"><span style=\"font-family: arial, helvetica, sans-serif; font-size: 12pt;\">Panel \u0111a d\u1ea1ng trong s\u1ea3n xu\u1ea5t \u0111i\u1ec7n t\u1eed<\/span><\/p>\n<\/li>\n<\/ul>\n<p data-start=\"608\" data-end=\"660\"><span style=\"font-family: arial, helvetica, sans-serif; font-size: 12pt;\">\u27a1\ufe0f \u0110\u00e1p \u1ee9ng t\u1ed1t nhu c\u1ea7u depaneling trong nhi\u1ec1u ng\u00e0nh.<\/span><\/p>\n<h2 data-section-id=\"1rtf3kf\" data-start=\"662\" data-end=\"694\"><span style=\"font-family: arial, helvetica, sans-serif; font-size: 12pt;\">T\u1ed1c \u0111\u1ed9 cao \u2013 t\u1ed1i \u01b0u n\u0103ng su\u1ea5t<\/span><\/h2>\n<p data-start=\"696\" data-end=\"775\"><span style=\"font-family: arial, helvetica, sans-serif; font-size: 12pt;\">\u26a1 T\u1ed1c \u0111\u1ed9 c\u1eaft l\u00ean \u0111\u1ebfn <strong data-start=\"717\" data-end=\"729\">100 mm\/s<\/strong><\/span><br data-start=\"729\" data-end=\"732\" \/><span style=\"font-family: arial, helvetica, sans-serif; font-size: 12pt;\">\ud83d\ude80 T\u1ed1c \u0111\u1ed9 di chuy\u1ec3n l\u00ean \u0111\u1ebfn <strong data-start=\"760\" data-end=\"773\">1000 mm\/s<\/strong><\/span><\/p>\n<p data-start=\"777\" data-end=\"812\"><span style=\"font-family: arial, helvetica, sans-serif; font-size: 12pt;\">\ud83c\udfaf K\u1ebft h\u1ee3p h\u1ec7 servo ch\u1ea5t l\u01b0\u1ee3ng cao:<\/span><\/p>\n<ul data-start=\"813\" data-end=\"865\">\n<li data-section-id=\"5dyc6h\" data-start=\"813\" data-end=\"841\">\n<p data-start=\"815\" data-end=\"841\"><span style=\"font-family: arial, helvetica, sans-serif; font-size: 12pt;\">Gia t\u1ed1c \/ gi\u1ea3m t\u1ed1c nhanh<\/span><\/p>\n<\/li>\n<li data-section-id=\"1d4o8wp\" data-start=\"842\" data-end=\"865\">\n<p data-start=\"844\" data-end=\"865\"><span style=\"font-family: arial, helvetica, sans-serif; font-size: 12pt;\">R\u00fat ng\u1eafn cycle time<\/span><\/p>\n<\/li>\n<\/ul>\n<p data-start=\"867\" data-end=\"918\"><span style=\"font-family: arial, helvetica, sans-serif; font-size: 12pt;\">\u27a1\ufe0f Gi\u00fap t\u0103ng s\u1ea3n l\u01b0\u1ee3ng m\u00e0 v\u1eabn \u0111\u1ea3m b\u1ea3o \u0111\u1ed9 ch\u00ednh x\u00e1c.<\/span><\/p>\n<h2 data-section-id=\"nwe5od\" data-start=\"920\" data-end=\"957\"><span style=\"font-family: arial, helvetica, sans-serif; font-size: 12pt;\">Dual worktable \u2013 v\u1eadn h\u00e0nh li\u00ean t\u1ee5c<\/span><\/h2>\n<p data-start=\"959\" data-end=\"990\"><span style=\"font-family: arial, helvetica, sans-serif; font-size: 12pt;\">\ud83d\udd04 Thi\u1ebft k\u1ebf <strong data-start=\"971\" data-end=\"989\">2 b\u00e0n l\u00e0m vi\u1ec7c<\/strong>:<\/span><\/p>\n<ul data-start=\"991\" data-end=\"1034\">\n<li data-section-id=\"ievyq\" data-start=\"991\" data-end=\"1010\">\n<p data-start=\"993\" data-end=\"1010\"><span style=\"font-family: arial, helvetica, sans-serif; font-size: 12pt;\">M\u1ed9t b\u00ean routing<\/span><\/p>\n<\/li>\n<li data-section-id=\"jy8m8q\" data-start=\"1011\" data-end=\"1034\">\n<p data-start=\"1013\" data-end=\"1034\"><span style=\"font-family: arial, helvetica, sans-serif; font-size: 12pt;\">M\u1ed9t b\u00ean load\/unload<\/span><\/p>\n<\/li>\n<\/ul>\n<p data-start=\"1036\" data-end=\"1048\"><span style=\"font-family: arial, helvetica, sans-serif; font-size: 12pt;\">\u27a1\ufe0f Cho ph\u00e9p:<\/span><\/p>\n<ul data-start=\"1049\" data-end=\"1116\">\n<li data-section-id=\"1kz44j2\" data-start=\"1049\" data-end=\"1086\">\n<p data-start=\"1051\" data-end=\"1086\"><span style=\"font-family: arial, helvetica, sans-serif; font-size: 12pt;\">V\u1eadn h\u00e0nh li\u00ean t\u1ee5c kh\u00f4ng gi\u00e1n \u0111o\u1ea1n<\/span><\/p>\n<\/li>\n<li data-section-id=\"1t089pm\" data-start=\"1087\" data-end=\"1116\">\n<p data-start=\"1089\" data-end=\"1116\"><span style=\"font-family: arial, helvetica, sans-serif; font-size: 12pt;\">T\u1ed1i \u01b0u th\u1eddi gian s\u1ea3n xu\u1ea5t<\/span><\/p>\n<\/li>\n<\/ul>\n<h2 data-section-id=\"kwo4bk\" data-start=\"1118\" data-end=\"1151\"><span style=\"font-family: arial, helvetica, sans-serif; font-size: 12pt;\">L\u1eadp tr\u00ecnh nhanh v\u1edbi camera CCD<\/span><\/h2>\n<p data-start=\"1153\" data-end=\"1197\"><span style=\"font-family: arial, helvetica, sans-serif; font-size: 12pt;\">\ud83d\udcf7 T\u00edch h\u1ee3p <strong data-start=\"1165\" data-end=\"1196\">camera CCD \u0111\u1ed9 ph\u00e2n gi\u1ea3i cao<\/strong>:<\/span><\/p>\n<ul data-start=\"1198\" data-end=\"1275\">\n<li data-section-id=\"41vg6s\" data-start=\"1198\" data-end=\"1232\">\n<p data-start=\"1200\" data-end=\"1232\"><span style=\"font-family: arial, helvetica, sans-serif; font-size: 12pt;\">Nh\u1eadn di\u1ec7n ch\u00ednh x\u00e1c v\u1ecb tr\u00ed PCB<\/span><\/p>\n<\/li>\n<li data-section-id=\"18efo36\" data-start=\"1233\" data-end=\"1275\">\n<p data-start=\"1235\" data-end=\"1275\"><span style=\"font-family: arial, helvetica, sans-serif; font-size: 12pt;\">H\u1ed7 tr\u1ee3 l\u1eadp tr\u00ecnh \u0111\u01b0\u1eddng c\u1eaft nhanh ch\u00f3ng<\/span><\/p>\n<\/li>\n<\/ul>\n<p data-start=\"1277\" data-end=\"1309\"><span style=\"font-family: arial, helvetica, sans-serif; font-size: 12pt;\">\ud83d\udda5\ufe0f Ph\u1ea7n m\u1ec1m Windows th\u00e2n thi\u1ec7n:<\/span><\/p>\n<ul data-start=\"1310\" data-end=\"1398\">\n<li data-section-id=\"espjeu\" data-start=\"1310\" data-end=\"1349\">\n<p data-start=\"1312\" data-end=\"1349\"><span style=\"font-family: arial, helvetica, sans-serif; font-size: 12pt;\">T\u1ea1o ch\u01b0\u01a1ng tr\u00ecnh ch\u1ec9 trong v\u00e0i ph\u00fat<\/span><\/p>\n<\/li>\n<li data-section-id=\"3tz3mu\" data-start=\"1350\" data-end=\"1398\">\n<p data-start=\"1352\" data-end=\"1398\"><span style=\"font-family: arial, helvetica, sans-serif; font-size: 12pt;\">Kh\u00f4ng gi\u1edbi h\u1ea1n s\u1ed1 l\u01b0\u1ee3ng ch\u01b0\u01a1ng tr\u00ecnh l\u01b0u tr\u1eef<\/span><\/p>\n<\/li>\n<\/ul>\n<p data-start=\"1400\" data-end=\"1445\"><span style=\"font-family: arial, helvetica, sans-serif; font-size: 12pt;\">\u27a1\ufe0f Gi\u1ea3m th\u1eddi gian setup, t\u0103ng t\u00ednh linh ho\u1ea1t.<\/span><\/p>\n<h2 data-section-id=\"2go9i8\" data-start=\"1447\" data-end=\"1480\"><span style=\"font-family: arial, helvetica, sans-serif; font-size: 12pt;\">K\u1ebft c\u1ea5u ch\u1eafc ch\u1eafn \u2013 \u0111\u1ed9 b\u1ec1n cao<\/span><\/h2>\n<p data-start=\"1482\" data-end=\"1526\"><span style=\"font-family: arial, helvetica, sans-serif; font-size: 12pt;\">\ud83d\udee0\ufe0f Khung th\u00e9p h\u00e0n (welded steel structure):<\/span><\/p>\n<ul data-start=\"1527\" data-end=\"1583\">\n<li data-section-id=\"1lx0crj\" data-start=\"1527\" data-end=\"1547\">\n<p data-start=\"1529\" data-end=\"1547\"><span style=\"font-family: arial, helvetica, sans-serif; font-size: 12pt;\">\u0110\u1ed9 c\u1ee9ng v\u1eefng cao<\/span><\/p>\n<\/li>\n<li data-section-id=\"1ujy06e\" data-start=\"1548\" data-end=\"1583\">\n<p data-start=\"1550\" data-end=\"1583\"><span style=\"font-family: arial, helvetica, sans-serif; font-size: 12pt;\">\u0110\u1ea3m b\u1ea3o \u0111\u1ed9 \u1ed5n \u0111\u1ecbnh khi v\u1eadn h\u00e0nh<\/span><\/p>\n<\/li>\n<\/ul>\n<p data-start=\"1585\" data-end=\"1620\"><span style=\"font-family: arial, helvetica, sans-serif; font-size: 12pt;\">\ud83d\udee1\ufe0f H\u1ec7 th\u1ed1ng tr\u1ee5c v\u00e0 ray d\u1eabn h\u01b0\u1edbng:<\/span><\/p>\n<ul data-start=\"1621\" data-end=\"1680\">\n<li data-section-id=\"2l6nw9\" data-start=\"1621\" data-end=\"1649\">\n<p data-start=\"1623\" data-end=\"1649\"><span style=\"font-family: arial, helvetica, sans-serif; font-size: 12pt;\">\u0110\u01b0\u1ee3c b\u1ea3o v\u1ec7 kh\u1ecfi b\u1ee5i b\u1ea9n<\/span><\/p>\n<\/li>\n<li data-section-id=\"s3e8ko\" data-start=\"1650\" data-end=\"1680\">\n<p data-start=\"1652\" data-end=\"1680\"><span style=\"font-family: arial, helvetica, sans-serif; font-size: 12pt;\">T\u0103ng tu\u1ed5i th\u1ecd v\u00e0 hi\u1ec7u su\u1ea5t<\/span><\/p>\n<\/li>\n<\/ul>\n<h2 data-section-id=\"vekur3\" data-start=\"1682\" data-end=\"1719\"><span style=\"font-family: arial, helvetica, sans-serif; font-size: 12pt;\">Gi\u1ea3i ph\u00e1p router standalone t\u1ed1i \u01b0u<\/span><\/h2>\n<p data-start=\"1721\" data-end=\"1782\"><span style=\"font-family: arial, helvetica, sans-serif; font-size: 12pt;\">\ud83d\ude80 <strong data-start=\"1724\" data-end=\"1772\">Getech GSR1200 Semi Automatic Router Machine<\/strong> mang l\u1ea1i:<\/span><\/p>\n<ul data-start=\"1783\" data-end=\"1894\">\n<li data-section-id=\"n068ug\" data-start=\"1783\" data-end=\"1821\">\n<p data-start=\"1785\" data-end=\"1821\"><span style=\"font-family: arial, helvetica, sans-serif; font-size: 12pt;\">T\u1ed1c \u0111\u1ed9 cao v\u00e0 \u0111\u1ed9 ch\u00ednh x\u00e1c \u1ed5n \u0111\u1ecbnh<\/span><\/p>\n<\/li>\n<li data-section-id=\"1ke49l3\" data-start=\"1822\" data-end=\"1862\">\n<p data-start=\"1824\" data-end=\"1862\"><span style=\"font-family: arial, helvetica, sans-serif; font-size: 12pt;\">V\u1eadn h\u00e0nh li\u00ean t\u1ee5c v\u1edbi dual worktable<\/span><\/p>\n<\/li>\n<li data-section-id=\"tuipov\" data-start=\"1863\" data-end=\"1894\">\n<p data-start=\"1865\" data-end=\"1894\"><span style=\"font-family: arial, helvetica, sans-serif; font-size: 12pt;\">L\u1eadp tr\u00ecnh nhanh, d\u1ec5 s\u1eed d\u1ee5ng<\/span><\/p>\n<\/li>\n<\/ul>\n<p data-start=\"1896\" data-end=\"1912\"><span style=\"font-family: arial, helvetica, sans-serif; font-size: 12pt;\">\u27a1\ufe0f L\u00fd t\u01b0\u1edfng cho:<\/span><\/p>\n<ul data-start=\"1913\" data-end=\"2008\">\n<li data-section-id=\"dxboax\" data-start=\"1913\" data-end=\"1939\">\n<p data-start=\"1915\" data-end=\"1939\"><span style=\"font-family: arial, helvetica, sans-serif; font-size: 12pt;\">Nh\u00e0 m\u00e1y SMT quy m\u00f4 v\u1eeba<\/span><\/p>\n<\/li>\n<li data-section-id=\"1nmi2q4\" data-start=\"1940\" data-end=\"1981\">\n<p data-start=\"1942\" data-end=\"1981\"><span style=\"font-family: arial, helvetica, sans-serif; font-size: 12pt;\">\u1ee8ng d\u1ee5ng c\u1ea7n linh ho\u1ea1t (kh\u00f4ng inline)<\/span><\/p>\n<\/li>\n<li data-section-id=\"1z00c0k\" data-start=\"1982\" data-end=\"2008\">\n<p data-start=\"1984\" data-end=\"2008\"><span style=\"font-family: arial, helvetica, sans-serif; font-size: 12pt;\">S\u1ea3n xu\u1ea5t PCB panel l\u1edbn<\/span><\/p>\n<\/li>\n<\/ul>\n","protected":false},"excerpt":{"rendered":"<p>Getech GSR1200 Semi Automatic Router Machine \u0111\u01b0\u1ee3c thi\u1ebft k\u1ebf \u0111\u1ec3 x\u1eed l\u00fd hi\u1ec7u qu\u1ea3 c\u00e1c panel l\u1edbn v\u1edbi t\u1ed1c \u0111\u1ed9 cao<\/p>\n","protected":false},"author":1,"featured_media":4556,"parent":0,"menu_order":120,"comment_status":"open","ping_status":"closed","template":"","meta":{"inline_featured_image":false,"footnotes":""},"service-category":[78,80],"service_tag":[113],"class_list":["post-1626","product","type-product","status-publish","has-post-thumbnail","hentry","service-category-getech","service-category-may-cat-bo-mach-standalone","service_tag-getech-vi"],"yoast_head":"<!-- This site is optimized with the Yoast SEO plugin v27.5 - https:\/\/yoast.com\/product\/yoast-seo-wordpress\/ -->\n<title>M\u00c1Y GSR1200 - LORIOT INDUSTRIAL<\/title>\n<meta name=\"description\" content=\"Getech GSR1200 Semi Automatic Router Machine \u0111\u01b0\u1ee3c thi\u1ebft k\u1ebf \u0111\u1ec3 x\u1eed l\u00fd hi\u1ec7u qu\u1ea3 c\u00e1c panel l\u1edbn v\u1edbi t\u1ed1c \u0111\u1ed9 cao, \u0111\u1ed9 ch\u00ednh x\u00e1c \u1ed5n \u0111\u1ecbnh\" \/>\n<meta name=\"robots\" content=\"index, follow, max-snippet:-1, max-image-preview:large, max-video-preview:-1\" \/>\n<link rel=\"canonical\" href=\"https:\/\/loriot.com.vn\/vi\/product\/may-gsr1200\/\" \/>\n<meta property=\"og:locale\" content=\"vi_VN\" \/>\n<meta property=\"og:type\" content=\"article\" \/>\n<meta property=\"og:title\" content=\"M\u00c1Y GSR1200 - LORIOT INDUSTRIAL\" \/>\n<meta property=\"og:description\" content=\"Getech GSR1200 Semi Automatic Router Machine \u0111\u01b0\u1ee3c thi\u1ebft k\u1ebf \u0111\u1ec3 x\u1eed l\u00fd hi\u1ec7u qu\u1ea3 c\u00e1c panel l\u1edbn v\u1edbi t\u1ed1c \u0111\u1ed9 cao, \u0111\u1ed9 ch\u00ednh x\u00e1c \u1ed5n \u0111\u1ecbnh\" \/>\n<meta property=\"og:url\" content=\"https:\/\/loriot.com.vn\/vi\/product\/may-gsr1200\/\" \/>\n<meta property=\"og:site_name\" content=\"LORIOT INDUSTRIAL\" \/>\n<meta property=\"article:publisher\" content=\"https:\/\/www.facebook.com\/Loriot-Industrial-COLTD-103044855046633\" \/>\n<meta property=\"article:modified_time\" content=\"2026-03-18T09:25:19+00:00\" \/>\n<meta property=\"og:image\" content=\"https:\/\/loriot.com.vn\/wp-content\/uploads\/2021\/08\/Getech-BBR-770x513-2.jpg\" \/>\n\t<meta property=\"og:image:width\" content=\"770\" \/>\n\t<meta property=\"og:image:height\" content=\"513\" \/>\n\t<meta property=\"og:image:type\" content=\"image\/jpeg\" \/>\n<meta name=\"twitter:card\" content=\"summary_large_image\" \/>\n<meta name=\"twitter:label1\" content=\"\u01af\u1edbc t\u00ednh th\u1eddi gian \u0111\u1ecdc\" \/>\n\t<meta name=\"twitter:data1\" content=\"2 ph\u00fat\" \/>\n<script type=\"application\/ld+json\" class=\"yoast-schema-graph\">{\"@context\":\"https:\\\/\\\/schema.org\",\"@graph\":[{\"@type\":\"WebPage\",\"@id\":\"https:\\\/\\\/loriot.com.vn\\\/vi\\\/product\\\/may-gsr1200\\\/\",\"url\":\"https:\\\/\\\/loriot.com.vn\\\/vi\\\/product\\\/may-gsr1200\\\/\",\"name\":\"M\u00c1Y GSR1200 - LORIOT INDUSTRIAL\",\"isPartOf\":{\"@id\":\"https:\\\/\\\/loriot.com.vn\\\/vi\\\/#website\"},\"primaryImageOfPage\":{\"@id\":\"https:\\\/\\\/loriot.com.vn\\\/vi\\\/product\\\/may-gsr1200\\\/#primaryimage\"},\"image\":{\"@id\":\"https:\\\/\\\/loriot.com.vn\\\/vi\\\/product\\\/may-gsr1200\\\/#primaryimage\"},\"thumbnailUrl\":\"https:\\\/\\\/loriot.com.vn\\\/wp-content\\\/uploads\\\/2021\\\/08\\\/Getech-BBR-770x513-2.jpg\",\"datePublished\":\"2021-08-03T09:01:14+00:00\",\"dateModified\":\"2026-03-18T09:25:19+00:00\",\"description\":\"Getech GSR1200 Semi Automatic Router Machine \u0111\u01b0\u1ee3c thi\u1ebft k\u1ebf \u0111\u1ec3 x\u1eed l\u00fd hi\u1ec7u qu\u1ea3 c\u00e1c panel l\u1edbn v\u1edbi t\u1ed1c \u0111\u1ed9 cao, \u0111\u1ed9 ch\u00ednh x\u00e1c \u1ed5n \u0111\u1ecbnh\",\"breadcrumb\":{\"@id\":\"https:\\\/\\\/loriot.com.vn\\\/vi\\\/product\\\/may-gsr1200\\\/#breadcrumb\"},\"inLanguage\":\"vi\",\"potentialAction\":[{\"@type\":\"ReadAction\",\"target\":[\"https:\\\/\\\/loriot.com.vn\\\/vi\\\/product\\\/may-gsr1200\\\/\"]}]},{\"@type\":\"ImageObject\",\"inLanguage\":\"vi\",\"@id\":\"https:\\\/\\\/loriot.com.vn\\\/vi\\\/product\\\/may-gsr1200\\\/#primaryimage\",\"url\":\"https:\\\/\\\/loriot.com.vn\\\/wp-content\\\/uploads\\\/2021\\\/08\\\/Getech-BBR-770x513-2.jpg\",\"contentUrl\":\"https:\\\/\\\/loriot.com.vn\\\/wp-content\\\/uploads\\\/2021\\\/08\\\/Getech-BBR-770x513-2.jpg\",\"width\":770,\"height\":513,\"caption\":\"M\u00c1Y GSR1200\"},{\"@type\":\"BreadcrumbList\",\"@id\":\"https:\\\/\\\/loriot.com.vn\\\/vi\\\/product\\\/may-gsr1200\\\/#breadcrumb\",\"itemListElement\":[{\"@type\":\"ListItem\",\"position\":1,\"name\":\"Home\",\"item\":\"https:\\\/\\\/loriot.com.vn\\\/vi\\\/\"},{\"@type\":\"ListItem\",\"position\":2,\"name\":\"Products\",\"item\":\"https:\\\/\\\/loriot.com.vn\\\/vi\\\/product\\\/\"},{\"@type\":\"ListItem\",\"position\":3,\"name\":\"M\u00c1Y GSR1200\"}]},{\"@type\":\"WebSite\",\"@id\":\"https:\\\/\\\/loriot.com.vn\\\/vi\\\/#website\",\"url\":\"https:\\\/\\\/loriot.com.vn\\\/vi\\\/\",\"name\":\"LORIOT INDUSTRIAL CO.,LTD\",\"description\":\"\",\"publisher\":{\"@id\":\"https:\\\/\\\/loriot.com.vn\\\/vi\\\/#organization\"},\"potentialAction\":[{\"@type\":\"SearchAction\",\"target\":{\"@type\":\"EntryPoint\",\"urlTemplate\":\"https:\\\/\\\/loriot.com.vn\\\/vi\\\/?s={search_term_string}\"},\"query-input\":{\"@type\":\"PropertyValueSpecification\",\"valueRequired\":true,\"valueName\":\"search_term_string\"}}],\"inLanguage\":\"vi\"},{\"@type\":\"Organization\",\"@id\":\"https:\\\/\\\/loriot.com.vn\\\/vi\\\/#organization\",\"name\":\"Loriot Industrial Co.,Ltd\",\"url\":\"https:\\\/\\\/loriot.com.vn\\\/vi\\\/\",\"logo\":{\"@type\":\"ImageObject\",\"inLanguage\":\"vi\",\"@id\":\"https:\\\/\\\/loriot.com.vn\\\/vi\\\/#\\\/schema\\\/logo\\\/image\\\/\",\"url\":\"https:\\\/\\\/loriot.com.vn\\\/wp-content\\\/uploads\\\/2021\\\/08\\\/logo-ft.png\",\"contentUrl\":\"https:\\\/\\\/loriot.com.vn\\\/wp-content\\\/uploads\\\/2021\\\/08\\\/logo-ft.png\",\"width\":333,\"height\":101,\"caption\":\"Loriot Industrial Co.,Ltd\"},\"image\":{\"@id\":\"https:\\\/\\\/loriot.com.vn\\\/vi\\\/#\\\/schema\\\/logo\\\/image\\\/\"},\"sameAs\":[\"https:\\\/\\\/www.facebook.com\\\/Loriot-Industrial-COLTD-103044855046633\"]}]}<\/script>\n<!-- \/ Yoast SEO plugin. -->","yoast_head_json":{"title":"M\u00c1Y GSR1200 - LORIOT INDUSTRIAL","description":"Getech GSR1200 Semi Automatic Router Machine \u0111\u01b0\u1ee3c thi\u1ebft k\u1ebf \u0111\u1ec3 x\u1eed l\u00fd hi\u1ec7u qu\u1ea3 c\u00e1c panel l\u1edbn v\u1edbi t\u1ed1c \u0111\u1ed9 cao, \u0111\u1ed9 ch\u00ednh x\u00e1c \u1ed5n \u0111\u1ecbnh","robots":{"index":"index","follow":"follow","max-snippet":"max-snippet:-1","max-image-preview":"max-image-preview:large","max-video-preview":"max-video-preview:-1"},"canonical":"https:\/\/loriot.com.vn\/vi\/product\/may-gsr1200\/","og_locale":"vi_VN","og_type":"article","og_title":"M\u00c1Y GSR1200 - LORIOT INDUSTRIAL","og_description":"Getech GSR1200 Semi Automatic Router Machine \u0111\u01b0\u1ee3c thi\u1ebft k\u1ebf \u0111\u1ec3 x\u1eed l\u00fd hi\u1ec7u qu\u1ea3 c\u00e1c panel l\u1edbn v\u1edbi t\u1ed1c \u0111\u1ed9 cao, \u0111\u1ed9 ch\u00ednh x\u00e1c \u1ed5n \u0111\u1ecbnh","og_url":"https:\/\/loriot.com.vn\/vi\/product\/may-gsr1200\/","og_site_name":"LORIOT INDUSTRIAL","article_publisher":"https:\/\/www.facebook.com\/Loriot-Industrial-COLTD-103044855046633","article_modified_time":"2026-03-18T09:25:19+00:00","og_image":[{"width":770,"height":513,"url":"https:\/\/loriot.com.vn\/wp-content\/uploads\/2021\/08\/Getech-BBR-770x513-2.jpg","type":"image\/jpeg"}],"twitter_card":"summary_large_image","twitter_misc":{"\u01af\u1edbc t\u00ednh th\u1eddi gian \u0111\u1ecdc":"2 ph\u00fat"},"schema":{"@context":"https:\/\/schema.org","@graph":[{"@type":"WebPage","@id":"https:\/\/loriot.com.vn\/vi\/product\/may-gsr1200\/","url":"https:\/\/loriot.com.vn\/vi\/product\/may-gsr1200\/","name":"M\u00c1Y GSR1200 - LORIOT INDUSTRIAL","isPartOf":{"@id":"https:\/\/loriot.com.vn\/vi\/#website"},"primaryImageOfPage":{"@id":"https:\/\/loriot.com.vn\/vi\/product\/may-gsr1200\/#primaryimage"},"image":{"@id":"https:\/\/loriot.com.vn\/vi\/product\/may-gsr1200\/#primaryimage"},"thumbnailUrl":"https:\/\/loriot.com.vn\/wp-content\/uploads\/2021\/08\/Getech-BBR-770x513-2.jpg","datePublished":"2021-08-03T09:01:14+00:00","dateModified":"2026-03-18T09:25:19+00:00","description":"Getech GSR1200 Semi Automatic Router Machine \u0111\u01b0\u1ee3c thi\u1ebft k\u1ebf \u0111\u1ec3 x\u1eed l\u00fd hi\u1ec7u qu\u1ea3 c\u00e1c panel l\u1edbn v\u1edbi t\u1ed1c \u0111\u1ed9 cao, \u0111\u1ed9 ch\u00ednh x\u00e1c \u1ed5n \u0111\u1ecbnh","breadcrumb":{"@id":"https:\/\/loriot.com.vn\/vi\/product\/may-gsr1200\/#breadcrumb"},"inLanguage":"vi","potentialAction":[{"@type":"ReadAction","target":["https:\/\/loriot.com.vn\/vi\/product\/may-gsr1200\/"]}]},{"@type":"ImageObject","inLanguage":"vi","@id":"https:\/\/loriot.com.vn\/vi\/product\/may-gsr1200\/#primaryimage","url":"https:\/\/loriot.com.vn\/wp-content\/uploads\/2021\/08\/Getech-BBR-770x513-2.jpg","contentUrl":"https:\/\/loriot.com.vn\/wp-content\/uploads\/2021\/08\/Getech-BBR-770x513-2.jpg","width":770,"height":513,"caption":"M\u00c1Y GSR1200"},{"@type":"BreadcrumbList","@id":"https:\/\/loriot.com.vn\/vi\/product\/may-gsr1200\/#breadcrumb","itemListElement":[{"@type":"ListItem","position":1,"name":"Home","item":"https:\/\/loriot.com.vn\/vi\/"},{"@type":"ListItem","position":2,"name":"Products","item":"https:\/\/loriot.com.vn\/vi\/product\/"},{"@type":"ListItem","position":3,"name":"M\u00c1Y GSR1200"}]},{"@type":"WebSite","@id":"https:\/\/loriot.com.vn\/vi\/#website","url":"https:\/\/loriot.com.vn\/vi\/","name":"LORIOT INDUSTRIAL CO.,LTD","description":"","publisher":{"@id":"https:\/\/loriot.com.vn\/vi\/#organization"},"potentialAction":[{"@type":"SearchAction","target":{"@type":"EntryPoint","urlTemplate":"https:\/\/loriot.com.vn\/vi\/?s={search_term_string}"},"query-input":{"@type":"PropertyValueSpecification","valueRequired":true,"valueName":"search_term_string"}}],"inLanguage":"vi"},{"@type":"Organization","@id":"https:\/\/loriot.com.vn\/vi\/#organization","name":"Loriot Industrial Co.,Ltd","url":"https:\/\/loriot.com.vn\/vi\/","logo":{"@type":"ImageObject","inLanguage":"vi","@id":"https:\/\/loriot.com.vn\/vi\/#\/schema\/logo\/image\/","url":"https:\/\/loriot.com.vn\/wp-content\/uploads\/2021\/08\/logo-ft.png","contentUrl":"https:\/\/loriot.com.vn\/wp-content\/uploads\/2021\/08\/logo-ft.png","width":333,"height":101,"caption":"Loriot Industrial Co.,Ltd"},"image":{"@id":"https:\/\/loriot.com.vn\/vi\/#\/schema\/logo\/image\/"},"sameAs":["https:\/\/www.facebook.com\/Loriot-Industrial-COLTD-103044855046633"]}]}},"_links":{"self":[{"href":"https:\/\/loriot.com.vn\/vi\/wp-json\/wp\/v2\/product\/1626","targetHints":{"allow":["GET"]}}],"collection":[{"href":"https:\/\/loriot.com.vn\/vi\/wp-json\/wp\/v2\/product"}],"about":[{"href":"https:\/\/loriot.com.vn\/vi\/wp-json\/wp\/v2\/types\/product"}],"author":[{"embeddable":true,"href":"https:\/\/loriot.com.vn\/vi\/wp-json\/wp\/v2\/users\/1"}],"replies":[{"embeddable":true,"href":"https:\/\/loriot.com.vn\/vi\/wp-json\/wp\/v2\/comments?post=1626"}],"version-history":[{"count":15,"href":"https:\/\/loriot.com.vn\/vi\/wp-json\/wp\/v2\/product\/1626\/revisions"}],"predecessor-version":[{"id":6608,"href":"https:\/\/loriot.com.vn\/vi\/wp-json\/wp\/v2\/product\/1626\/revisions\/6608"}],"wp:featuredmedia":[{"embeddable":true,"href":"https:\/\/loriot.com.vn\/vi\/wp-json\/wp\/v2\/media\/4556"}],"wp:attachment":[{"href":"https:\/\/loriot.com.vn\/vi\/wp-json\/wp\/v2\/media?parent=1626"}],"wp:term":[{"taxonomy":"service-category","embeddable":true,"href":"https:\/\/loriot.com.vn\/vi\/wp-json\/wp\/v2\/service-category?post=1626"},{"taxonomy":"service_tag","embeddable":true,"href":"https:\/\/loriot.com.vn\/vi\/wp-json\/wp\/v2\/service_tag?post=1626"}],"curies":[{"name":"wp","href":"https:\/\/api.w.org\/{rel}","templated":true}]}}