{"id":1628,"date":"2021-08-02T09:32:33","date_gmt":"2021-08-02T09:32:33","guid":{"rendered":"http:\/\/loriot.com.vn\/product\/gsr1200e\/"},"modified":"2026-03-18T17:10:10","modified_gmt":"2026-03-18T10:10:10","slug":"may-gsr1200e","status":"publish","type":"product","link":"https:\/\/loriot.com.vn\/vi\/product\/may-gsr1200e\/","title":{"rendered":"M\u00c1Y GSR1200E"},"content":{"rendered":"<p style=\"text-align: center;\"><span style=\"font-family: arial, helvetica, sans-serif; font-size: 14pt;\"><strong>M\u00c1Y GSR1200E<\/strong><\/span><\/p>\n<p>&nbsp;<\/p>\n<h1 data-section-id=\"1cf816o\" data-start=\"0\" data-end=\"110\"><span style=\"font-family: arial, helvetica, sans-serif; font-size: 12pt;\">M\u00e1y router PCB b\u00e1n t\u1ef1 \u0111\u1ed9ng Getech GSR1200E Semi Auto Router Machine \u2013 Gi\u1ea3i ph\u00e1p t\u1ed1i \u01b0u chi ph\u00ed cho panel l\u1edbn<\/span><\/h1>\n<p data-start=\"112\" data-end=\"429\"><span style=\"font-family: arial, helvetica, sans-serif; font-size: 12pt;\">Trong c\u00e1c \u1ee9ng d\u1ee5ng depaneling PCB y\u00eau c\u1ea7u <strong data-start=\"154\" data-end=\"215\">\u0111\u1ed9 ch\u00ednh x\u00e1c cao, t\u1ed1c \u0111\u1ed9 \u1ed5n \u0111\u1ecbnh v\u00e0 chi ph\u00ed \u0111\u1ea7u t\u01b0 h\u1ee3p l\u00fd<\/strong>, <strong data-start=\"217\" data-end=\"261\">Getech GSR1200E Semi Auto Router Machine<\/strong> l\u00e0 l\u1ef1a ch\u1ecdn ph\u00f9 h\u1ee3p. V\u1edbi thi\u1ebft k\u1ebf <strong data-start=\"296\" data-end=\"323\">single table standalone<\/strong>, m\u00e1y mang l\u1ea1i hi\u1ec7u qu\u1ea3 cao cho c\u00e1c nh\u00e0 m\u00e1y SMT c\u1ea7n x\u1eed l\u00fd panel k\u00edch th\u01b0\u1edbc l\u1edbn nh\u01b0ng v\u1eabn t\u1ed1i \u01b0u ng\u00e2n s\u00e1ch.<\/span><\/p>\n<h2 data-section-id=\"1y90fn2\" data-start=\"431\" data-end=\"470\"><span style=\"font-family: arial, helvetica, sans-serif; font-size: 12pt;\">X\u1eed l\u00fd panel l\u1edbn \u2013 linh ho\u1ea1t s\u1ea3n xu\u1ea5t<\/span><\/h2>\n<p data-start=\"472\" data-end=\"539\"><span style=\"font-family: arial, helvetica, sans-serif; font-size: 12pt;\">\ud83d\udccf H\u1ed7 tr\u1ee3 PCB k\u00edch th\u01b0\u1edbc l\u00ean \u0111\u1ebfn <strong data-start=\"505\" data-end=\"521\">500 \u00d7 450 mm<\/strong><\/span><br data-start=\"521\" data-end=\"524\" \/><span style=\"font-family: arial, helvetica, sans-serif; font-size: 12pt;\">\ud83d\udd27 Ph\u00f9 h\u1ee3p v\u1edbi:<\/span><\/p>\n<ul data-start=\"540\" data-end=\"593\">\n<li data-section-id=\"1fihlmg\" data-start=\"540\" data-end=\"559\">\n<p data-start=\"542\" data-end=\"559\"><span style=\"font-family: arial, helvetica, sans-serif; font-size: 12pt;\">PCB c\u00f4ng nghi\u1ec7p<\/span><\/p>\n<\/li>\n<li data-section-id=\"1g1qp3m\" data-start=\"560\" data-end=\"593\">\n<p data-start=\"562\" data-end=\"593\"><span style=\"font-family: arial, helvetica, sans-serif; font-size: 12pt;\">Panel k\u00edch th\u01b0\u1edbc trung v\u00e0 l\u1edbn<\/span><\/p>\n<\/li>\n<\/ul>\n<p data-start=\"595\" data-end=\"641\"><span style=\"font-family: arial, helvetica, sans-serif; font-size: 12pt;\">\u27a1\ufe0f \u0110\u00e1p \u1ee9ng \u0111a d\u1ea1ng nhu c\u1ea7u s\u1ea3n xu\u1ea5t trong SMT.<\/span><\/p>\n<h2 data-section-id=\"hfu9ke\" data-start=\"643\" data-end=\"677\"><span style=\"font-family: arial, helvetica, sans-serif; font-size: 12pt;\">T\u1ed1c \u0111\u1ed9 cao \u2013 n\u00e2ng cao n\u0103ng su\u1ea5t<\/span><\/h2>\n<p data-start=\"679\" data-end=\"754\"><span style=\"font-family: arial, helvetica, sans-serif; font-size: 12pt;\">\u26a1 T\u1ed1c \u0111\u1ed9 c\u1eaft l\u00ean \u0111\u1ebfn <strong data-start=\"700\" data-end=\"712\">100 mm\/s<\/strong><\/span><br data-start=\"712\" data-end=\"715\" \/><span style=\"font-family: arial, helvetica, sans-serif; font-size: 12pt;\">\ud83d\ude80 T\u1ed1c \u0111\u1ed9 di chuy\u1ec3n \u0111\u1ea1t <strong data-start=\"739\" data-end=\"752\">1000 mm\/s<\/strong><\/span><\/p>\n<p data-start=\"756\" data-end=\"764\"><span style=\"font-family: arial, helvetica, sans-serif; font-size: 12pt;\">\u27a1\ufe0f Gi\u00fap:<\/span><\/p>\n<ul data-start=\"765\" data-end=\"833\">\n<li data-section-id=\"1pei2ct\" data-start=\"765\" data-end=\"784\">\n<p data-start=\"767\" data-end=\"784\"><span style=\"font-family: arial, helvetica, sans-serif; font-size: 12pt;\">Gi\u1ea3m cycle time<\/span><\/p>\n<\/li>\n<li data-section-id=\"mbiwny\" data-start=\"785\" data-end=\"803\">\n<p data-start=\"787\" data-end=\"803\"><span style=\"font-family: arial, helvetica, sans-serif; font-size: 12pt;\">T\u0103ng s\u1ea3n l\u01b0\u1ee3ng<\/span><\/p>\n<\/li>\n<li data-section-id=\"13efs1q\" data-start=\"804\" data-end=\"833\">\n<p data-start=\"806\" data-end=\"833\"><span style=\"font-family: arial, helvetica, sans-serif; font-size: 12pt;\">T\u1ed1i \u01b0u hi\u1ec7u su\u1ea5t v\u1eadn h\u00e0nh<\/span><\/p>\n<\/li>\n<\/ul>\n<h2 data-section-id=\"1r1bs3v\" data-start=\"835\" data-end=\"874\"><span style=\"font-family: arial, helvetica, sans-serif; font-size: 12pt;\">Single table \u2013 t\u1ed1i \u01b0u chi ph\u00ed \u0111\u1ea7u t\u01b0<\/span><\/h2>\n<p data-start=\"876\" data-end=\"908\"><span style=\"font-family: arial, helvetica, sans-serif; font-size: 12pt;\">\ud83d\udee0\ufe0f Thi\u1ebft k\u1ebf <strong data-start=\"889\" data-end=\"907\">1 b\u00e0n l\u00e0m vi\u1ec7c<\/strong>:<\/span><\/p>\n<ul data-start=\"909\" data-end=\"945\">\n<li data-section-id=\"6mb2vz\" data-start=\"909\" data-end=\"923\">\n<p data-start=\"911\" data-end=\"923\"><span style=\"font-family: arial, helvetica, sans-serif; font-size: 12pt;\">D\u1ec5 s\u1eed d\u1ee5ng<\/span><\/p>\n<\/li>\n<li data-section-id=\"7w3nq9\" data-start=\"924\" data-end=\"945\">\n<p data-start=\"926\" data-end=\"945\"><span style=\"font-family: arial, helvetica, sans-serif; font-size: 12pt;\">Ti\u1ebft ki\u1ec7m chi ph\u00ed<\/span><\/p>\n<\/li>\n<\/ul>\n<p data-start=\"947\" data-end=\"963\"><span style=\"font-family: arial, helvetica, sans-serif; font-size: 12pt;\">\u27a1\ufe0f L\u00fd t\u01b0\u1edfng cho:<\/span><\/p>\n<ul data-start=\"964\" data-end=\"1035\">\n<li data-section-id=\"jbrao8\" data-start=\"964\" data-end=\"991\">\n<p data-start=\"966\" data-end=\"991\"><span style=\"font-family: arial, helvetica, sans-serif; font-size: 12pt;\">Doanh nghi\u1ec7p v\u1eeba v\u00e0 l\u1edbn<\/span><\/p>\n<\/li>\n<li data-section-id=\"pu7ftb\" data-start=\"992\" data-end=\"1035\">\n<p data-start=\"994\" data-end=\"1035\"><span style=\"font-family: arial, helvetica, sans-serif; font-size: 12pt;\">\u1ee8ng d\u1ee5ng kh\u00f4ng y\u00eau c\u1ea7u dual workstation<\/span><\/p>\n<\/li>\n<\/ul>\n<h2 data-section-id=\"umqbfo\" data-start=\"1037\" data-end=\"1068\"><span style=\"font-family: arial, helvetica, sans-serif; font-size: 12pt;\">H\u1ec7 th\u1ed1ng servo ch\u00ednh x\u00e1c cao<\/span><\/h2>\n<p data-start=\"1070\" data-end=\"1099\"><span style=\"font-family: arial, helvetica, sans-serif; font-size: 12pt;\">\ud83c\udfaf Servo axis ch\u1ea5t l\u01b0\u1ee3ng cao:<\/span><\/p>\n<ul data-start=\"1100\" data-end=\"1169\">\n<li data-section-id=\"2ks3nt\" data-start=\"1100\" data-end=\"1126\">\n<p data-start=\"1102\" data-end=\"1126\"><span style=\"font-family: arial, helvetica, sans-serif; font-size: 12pt;\">Gia t\u1ed1c\/gi\u1ea3m t\u1ed1c nhanh<\/span><\/p>\n<\/li>\n<li data-section-id=\"1sz4ufy\" data-start=\"1127\" data-end=\"1169\">\n<p data-start=\"1129\" data-end=\"1169\"><span style=\"font-family: arial, helvetica, sans-serif; font-size: 12pt;\">\u0110\u1ea3m b\u1ea3o \u0111\u01b0\u1eddng c\u1eaft \u1ed5n \u0111\u1ecbnh v\u00e0 ch\u00ednh x\u00e1c<\/span><\/p>\n<\/li>\n<\/ul>\n<p data-start=\"1171\" data-end=\"1216\"><span style=\"font-family: arial, helvetica, sans-serif; font-size: 12pt;\">\u27a1\ufe0f Gi\u1eef ch\u1ea5t l\u01b0\u1ee3ng \u0111\u1ed3ng \u0111\u1ec1u gi\u1eefa c\u00e1c s\u1ea3n ph\u1ea9m.<\/span><\/p>\n<h2 data-section-id=\"14aej43\" data-start=\"1218\" data-end=\"1266\"><span style=\"font-family: arial, helvetica, sans-serif; font-size: 12pt;\">L\u1eadp tr\u00ecnh nhanh v\u1edbi CCD &amp; ph\u1ea7n m\u1ec1m th\u00e2n thi\u1ec7n<\/span><\/h2>\n<p data-start=\"1268\" data-end=\"1299\"><span style=\"font-family: arial, helvetica, sans-serif; font-size: 12pt;\">\ud83d\udcf7 Camera CCD \u0111\u1ed9 ph\u00e2n gi\u1ea3i cao:<\/span><\/p>\n<ul data-start=\"1300\" data-end=\"1357\">\n<li data-section-id=\"5lql45\" data-start=\"1300\" data-end=\"1330\">\n<p data-start=\"1302\" data-end=\"1330\"><span style=\"font-family: arial, helvetica, sans-serif; font-size: 12pt;\">Nh\u1eadn di\u1ec7n v\u1ecb tr\u00ed ch\u00ednh x\u00e1c<\/span><\/p>\n<\/li>\n<li data-section-id=\"9u1nrt\" data-start=\"1331\" data-end=\"1357\">\n<p data-start=\"1333\" data-end=\"1357\"><span style=\"font-family: arial, helvetica, sans-serif; font-size: 12pt;\">H\u1ed7 tr\u1ee3 c\u0103n ch\u1ec9nh nhanh<\/span><\/p>\n<\/li>\n<\/ul>\n<p data-start=\"1359\" data-end=\"1390\"><span style=\"font-family: arial, helvetica, sans-serif; font-size: 12pt;\">\ud83d\udda5\ufe0f Ph\u1ea7n m\u1ec1m Windows tr\u1ef1c quan:<\/span><\/p>\n<ul data-start=\"1391\" data-end=\"1474\">\n<li data-section-id=\"12nppn7\" data-start=\"1391\" data-end=\"1433\">\n<p data-start=\"1393\" data-end=\"1433\"><span style=\"font-family: arial, helvetica, sans-serif; font-size: 12pt;\">L\u1eadp tr\u00ecnh \u0111\u01b0\u1eddng c\u1eaft ch\u1ec9 trong v\u00e0i ph\u00fat<\/span><\/p>\n<\/li>\n<li data-section-id=\"voch46\" data-start=\"1434\" data-end=\"1474\">\n<p data-start=\"1436\" data-end=\"1474\"><span style=\"font-family: arial, helvetica, sans-serif; font-size: 12pt;\">Kh\u00f4ng gi\u1edbi h\u1ea1n s\u1ed1 l\u01b0\u1ee3ng ch\u01b0\u01a1ng tr\u00ecnh<\/span><\/p>\n<\/li>\n<\/ul>\n<p data-start=\"1476\" data-end=\"1521\"><span style=\"font-family: arial, helvetica, sans-serif; font-size: 12pt;\">\u27a1\ufe0f Gi\u1ea3m th\u1eddi gian setup, t\u0103ng t\u00ednh linh ho\u1ea1t.<\/span><\/p>\n<h2 data-section-id=\"euoqzj\" data-start=\"1523\" data-end=\"1559\"><span style=\"font-family: arial, helvetica, sans-serif; font-size: 12pt;\">K\u1ebft c\u1ea5u b\u1ec1n b\u1ec9 \u2013 v\u1eadn h\u00e0nh \u1ed5n \u0111\u1ecbnh<\/span><\/h2>\n<p data-start=\"1561\" data-end=\"1590\"><span style=\"font-family: arial, helvetica, sans-serif; font-size: 12pt;\">\ud83d\udee0\ufe0f Khung th\u00e9p h\u00e0n ch\u1eafc ch\u1eafn:<\/span><\/p>\n<ul data-start=\"1591\" data-end=\"1634\">\n<li data-section-id=\"sisca7\" data-start=\"1591\" data-end=\"1606\">\n<p data-start=\"1593\" data-end=\"1606\"><span style=\"font-family: arial, helvetica, sans-serif; font-size: 12pt;\">\u0110\u1ed9 c\u1ee9ng cao<\/span><\/p>\n<\/li>\n<li data-section-id=\"91s5q7\" data-start=\"1607\" data-end=\"1634\">\n<p data-start=\"1609\" data-end=\"1634\"><span style=\"font-family: arial, helvetica, sans-serif; font-size: 12pt;\">Gi\u1ea3m rung khi ho\u1ea1t \u0111\u1ed9ng<\/span><\/p>\n<\/li>\n<\/ul>\n<p data-start=\"1636\" data-end=\"1662\"><span style=\"font-family: arial, helvetica, sans-serif; font-size: 12pt;\">\ud83d\udee1\ufe0f Tr\u1ee5c v\u00e0 ray d\u1eabn h\u01b0\u1edbng:<\/span><\/p>\n<ul data-start=\"1663\" data-end=\"1734\">\n<li data-section-id=\"d4y3dh\" data-start=\"1663\" data-end=\"1699\">\n<p data-start=\"1665\" data-end=\"1699\"><span style=\"font-family: arial, helvetica, sans-serif; font-size: 12pt;\">\u0110\u01b0\u1ee3c b\u1ea3o v\u1ec7 kh\u1ecfi b\u1ee5i v\u00e0 t\u1ea1p ch\u1ea5t<\/span><\/p>\n<\/li>\n<li data-section-id=\"rclobh\" data-start=\"1700\" data-end=\"1734\">\n<p data-start=\"1702\" data-end=\"1734\"><span style=\"font-family: arial, helvetica, sans-serif; font-size: 12pt;\">T\u0103ng tu\u1ed5i th\u1ecd v\u00e0 hi\u1ec7u su\u1ea5t m\u00e1y<\/span><\/p>\n<\/li>\n<\/ul>\n<h2 data-section-id=\"yzbxa1\" data-start=\"1736\" data-end=\"1772\"><span style=\"font-family: arial, helvetica, sans-serif; font-size: 12pt;\">Gi\u1ea3i ph\u00e1p router hi\u1ec7u qu\u1ea3 cho SMT<\/span><\/h2>\n<p data-start=\"1774\" data-end=\"1831\"><span style=\"font-family: arial, helvetica, sans-serif; font-size: 12pt;\">\ud83d\ude80 <strong data-start=\"1777\" data-end=\"1821\">Getech GSR1200E Semi Auto Router Machine<\/strong> mang l\u1ea1i:<\/span><\/p>\n<ul data-start=\"1832\" data-end=\"1944\">\n<li data-section-id=\"w2vrlz\" data-start=\"1832\" data-end=\"1860\">\n<p data-start=\"1834\" data-end=\"1860\"><span style=\"font-family: arial, helvetica, sans-serif; font-size: 12pt;\">Kh\u1ea3 n\u0103ng x\u1eed l\u00fd panel l\u1edbn<\/span><\/p>\n<\/li>\n<li data-section-id=\"n068ug\" data-start=\"1861\" data-end=\"1899\">\n<p data-start=\"1863\" data-end=\"1899\"><span style=\"font-family: arial, helvetica, sans-serif; font-size: 12pt;\">T\u1ed1c \u0111\u1ed9 cao v\u00e0 \u0111\u1ed9 ch\u00ednh x\u00e1c \u1ed5n \u0111\u1ecbnh<\/span><\/p>\n<\/li>\n<li data-section-id=\"44bmxo\" data-start=\"1900\" data-end=\"1944\">\n<p data-start=\"1902\" data-end=\"1944\"><span style=\"font-family: arial, helvetica, sans-serif; font-size: 12pt;\">Thi\u1ebft k\u1ebf t\u1ed1i \u01b0u chi ph\u00ed v\u1edbi single table<\/span><\/p>\n<\/li>\n<\/ul>\n<p data-start=\"1946\" data-end=\"1962\"><span style=\"font-family: arial, helvetica, sans-serif; font-size: 12pt;\">\u27a1\ufe0f L\u00fd t\u01b0\u1edfng cho:<\/span><\/p>\n<ul data-start=\"1963\" data-end=\"2095\">\n<li data-section-id=\"8073f2\" data-start=\"1963\" data-end=\"2011\">\n<p data-start=\"1965\" data-end=\"2011\"><span style=\"font-family: arial, helvetica, sans-serif; font-size: 12pt;\">Nh\u00e0 m\u00e1y SMT c\u1ea7n gi\u1ea3i ph\u00e1p depaneling kinh t\u1ebf<\/span><\/p>\n<\/li>\n<li data-section-id=\"hoa1d5\" data-start=\"2012\" data-end=\"2049\">\n<p data-start=\"2014\" data-end=\"2049\"><span style=\"font-family: arial, helvetica, sans-serif; font-size: 12pt;\">\u1ee8ng d\u1ee5ng y\u00eau c\u1ea7u \u0111\u1ed9 ch\u00ednh x\u00e1c cao<\/span><\/p>\n<\/li>\n<li data-section-id=\"vm1pbv\" data-start=\"2050\" data-end=\"2095\">\n<p data-start=\"2052\" data-end=\"2095\"><span style=\"font-family: arial, helvetica, sans-serif; font-size: 12pt;\">D\u00e2y chuy\u1ec1n s\u1ea3n xu\u1ea5t PCB quy m\u00f4 v\u1eeba v\u00e0 l\u1edbn<\/span><\/p>\n<\/li>\n<\/ul>\n","protected":false},"excerpt":{"rendered":"<p>Getech GSR1200E Semi Auto Router Machine l\u00e0 l\u1ef1a ch\u1ecdn ph\u00f9 h\u1ee3p. V\u1edbi thi\u1ebft k\u1ebf single table standalone, m\u00e1y mang l\u1ea1i&#8230;<\/p>\n","protected":false},"author":1,"featured_media":4572,"parent":0,"menu_order":134,"comment_status":"open","ping_status":"closed","template":"","meta":{"inline_featured_image":false,"footnotes":""},"service-category":[78,80],"service_tag":[],"class_list":["post-1628","product","type-product","status-publish","has-post-thumbnail","hentry","service-category-getech","service-category-may-cat-bo-mach-standalone"],"yoast_head":"<!-- This site is optimized with the Yoast SEO plugin v27.5 - https:\/\/yoast.com\/product\/yoast-seo-wordpress\/ -->\n<title>M\u00c1Y GSR1200E - LORIOT INDUSTRIAL<\/title>\n<meta name=\"description\" content=\"Getech GSR1200E Semi Auto Router Machine l\u00e0 l\u1ef1a ch\u1ecdn ph\u00f9 h\u1ee3p. V\u1edbi thi\u1ebft k\u1ebf single table standalone, m\u00e1y mang l\u1ea1i hi\u1ec7u qu\u1ea3 cao\" \/>\n<meta name=\"robots\" content=\"index, follow, max-snippet:-1, max-image-preview:large, max-video-preview:-1\" \/>\n<link rel=\"canonical\" href=\"https:\/\/loriot.com.vn\/vi\/product\/may-gsr1200e\/\" \/>\n<meta property=\"og:locale\" content=\"vi_VN\" \/>\n<meta property=\"og:type\" content=\"article\" \/>\n<meta property=\"og:title\" content=\"M\u00c1Y GSR1200E - LORIOT INDUSTRIAL\" \/>\n<meta property=\"og:description\" content=\"Getech GSR1200E Semi Auto Router Machine l\u00e0 l\u1ef1a ch\u1ecdn ph\u00f9 h\u1ee3p. V\u1edbi thi\u1ebft k\u1ebf single table standalone, m\u00e1y mang l\u1ea1i hi\u1ec7u qu\u1ea3 cao\" \/>\n<meta property=\"og:url\" content=\"https:\/\/loriot.com.vn\/vi\/product\/may-gsr1200e\/\" \/>\n<meta property=\"og:site_name\" content=\"LORIOT INDUSTRIAL\" \/>\n<meta property=\"article:publisher\" content=\"https:\/\/www.facebook.com\/Loriot-Industrial-COLTD-103044855046633\" \/>\n<meta property=\"article:modified_time\" content=\"2026-03-18T10:10:10+00:00\" \/>\n<meta property=\"og:image\" content=\"https:\/\/loriot.com.vn\/wp-content\/uploads\/2021\/08\/GSR1280E-3.jpg\" \/>\n\t<meta property=\"og:image:width\" content=\"770\" \/>\n\t<meta property=\"og:image:height\" content=\"513\" \/>\n\t<meta property=\"og:image:type\" content=\"image\/jpeg\" \/>\n<meta name=\"twitter:card\" content=\"summary_large_image\" \/>\n<meta name=\"twitter:label1\" content=\"\u01af\u1edbc t\u00ednh th\u1eddi gian \u0111\u1ecdc\" \/>\n\t<meta name=\"twitter:data1\" content=\"3 ph\u00fat\" \/>\n<script type=\"application\/ld+json\" class=\"yoast-schema-graph\">{\"@context\":\"https:\\\/\\\/schema.org\",\"@graph\":[{\"@type\":\"WebPage\",\"@id\":\"https:\\\/\\\/loriot.com.vn\\\/vi\\\/product\\\/may-gsr1200e\\\/\",\"url\":\"https:\\\/\\\/loriot.com.vn\\\/vi\\\/product\\\/may-gsr1200e\\\/\",\"name\":\"M\u00c1Y GSR1200E - LORIOT INDUSTRIAL\",\"isPartOf\":{\"@id\":\"https:\\\/\\\/loriot.com.vn\\\/vi\\\/#website\"},\"primaryImageOfPage\":{\"@id\":\"https:\\\/\\\/loriot.com.vn\\\/vi\\\/product\\\/may-gsr1200e\\\/#primaryimage\"},\"image\":{\"@id\":\"https:\\\/\\\/loriot.com.vn\\\/vi\\\/product\\\/may-gsr1200e\\\/#primaryimage\"},\"thumbnailUrl\":\"https:\\\/\\\/loriot.com.vn\\\/wp-content\\\/uploads\\\/2021\\\/08\\\/GSR1280E-3.jpg\",\"datePublished\":\"2021-08-02T09:32:33+00:00\",\"dateModified\":\"2026-03-18T10:10:10+00:00\",\"description\":\"Getech GSR1200E Semi Auto Router Machine l\u00e0 l\u1ef1a ch\u1ecdn ph\u00f9 h\u1ee3p. V\u1edbi thi\u1ebft k\u1ebf single table standalone, m\u00e1y mang l\u1ea1i hi\u1ec7u qu\u1ea3 cao\",\"breadcrumb\":{\"@id\":\"https:\\\/\\\/loriot.com.vn\\\/vi\\\/product\\\/may-gsr1200e\\\/#breadcrumb\"},\"inLanguage\":\"vi\",\"potentialAction\":[{\"@type\":\"ReadAction\",\"target\":[\"https:\\\/\\\/loriot.com.vn\\\/vi\\\/product\\\/may-gsr1200e\\\/\"]}]},{\"@type\":\"ImageObject\",\"inLanguage\":\"vi\",\"@id\":\"https:\\\/\\\/loriot.com.vn\\\/vi\\\/product\\\/may-gsr1200e\\\/#primaryimage\",\"url\":\"https:\\\/\\\/loriot.com.vn\\\/wp-content\\\/uploads\\\/2021\\\/08\\\/GSR1280E-3.jpg\",\"contentUrl\":\"https:\\\/\\\/loriot.com.vn\\\/wp-content\\\/uploads\\\/2021\\\/08\\\/GSR1280E-3.jpg\",\"width\":770,\"height\":513,\"caption\":\"M\u00c1Y GSR1200E\"},{\"@type\":\"BreadcrumbList\",\"@id\":\"https:\\\/\\\/loriot.com.vn\\\/vi\\\/product\\\/may-gsr1200e\\\/#breadcrumb\",\"itemListElement\":[{\"@type\":\"ListItem\",\"position\":1,\"name\":\"Home\",\"item\":\"https:\\\/\\\/loriot.com.vn\\\/vi\\\/\"},{\"@type\":\"ListItem\",\"position\":2,\"name\":\"Products\",\"item\":\"https:\\\/\\\/loriot.com.vn\\\/vi\\\/product\\\/\"},{\"@type\":\"ListItem\",\"position\":3,\"name\":\"M\u00c1Y GSR1200E\"}]},{\"@type\":\"WebSite\",\"@id\":\"https:\\\/\\\/loriot.com.vn\\\/vi\\\/#website\",\"url\":\"https:\\\/\\\/loriot.com.vn\\\/vi\\\/\",\"name\":\"LORIOT INDUSTRIAL CO.,LTD\",\"description\":\"\",\"publisher\":{\"@id\":\"https:\\\/\\\/loriot.com.vn\\\/vi\\\/#organization\"},\"potentialAction\":[{\"@type\":\"SearchAction\",\"target\":{\"@type\":\"EntryPoint\",\"urlTemplate\":\"https:\\\/\\\/loriot.com.vn\\\/vi\\\/?s={search_term_string}\"},\"query-input\":{\"@type\":\"PropertyValueSpecification\",\"valueRequired\":true,\"valueName\":\"search_term_string\"}}],\"inLanguage\":\"vi\"},{\"@type\":\"Organization\",\"@id\":\"https:\\\/\\\/loriot.com.vn\\\/vi\\\/#organization\",\"name\":\"Loriot Industrial Co.,Ltd\",\"url\":\"https:\\\/\\\/loriot.com.vn\\\/vi\\\/\",\"logo\":{\"@type\":\"ImageObject\",\"inLanguage\":\"vi\",\"@id\":\"https:\\\/\\\/loriot.com.vn\\\/vi\\\/#\\\/schema\\\/logo\\\/image\\\/\",\"url\":\"https:\\\/\\\/loriot.com.vn\\\/wp-content\\\/uploads\\\/2021\\\/08\\\/logo-ft.png\",\"contentUrl\":\"https:\\\/\\\/loriot.com.vn\\\/wp-content\\\/uploads\\\/2021\\\/08\\\/logo-ft.png\",\"width\":333,\"height\":101,\"caption\":\"Loriot Industrial Co.,Ltd\"},\"image\":{\"@id\":\"https:\\\/\\\/loriot.com.vn\\\/vi\\\/#\\\/schema\\\/logo\\\/image\\\/\"},\"sameAs\":[\"https:\\\/\\\/www.facebook.com\\\/Loriot-Industrial-COLTD-103044855046633\"]}]}<\/script>\n<!-- \/ Yoast SEO plugin. -->","yoast_head_json":{"title":"M\u00c1Y GSR1200E - LORIOT INDUSTRIAL","description":"Getech GSR1200E Semi Auto Router Machine l\u00e0 l\u1ef1a ch\u1ecdn ph\u00f9 h\u1ee3p. V\u1edbi thi\u1ebft k\u1ebf single table standalone, m\u00e1y mang l\u1ea1i hi\u1ec7u qu\u1ea3 cao","robots":{"index":"index","follow":"follow","max-snippet":"max-snippet:-1","max-image-preview":"max-image-preview:large","max-video-preview":"max-video-preview:-1"},"canonical":"https:\/\/loriot.com.vn\/vi\/product\/may-gsr1200e\/","og_locale":"vi_VN","og_type":"article","og_title":"M\u00c1Y GSR1200E - LORIOT INDUSTRIAL","og_description":"Getech GSR1200E Semi Auto Router Machine l\u00e0 l\u1ef1a ch\u1ecdn ph\u00f9 h\u1ee3p. V\u1edbi thi\u1ebft k\u1ebf single table standalone, m\u00e1y mang l\u1ea1i hi\u1ec7u qu\u1ea3 cao","og_url":"https:\/\/loriot.com.vn\/vi\/product\/may-gsr1200e\/","og_site_name":"LORIOT INDUSTRIAL","article_publisher":"https:\/\/www.facebook.com\/Loriot-Industrial-COLTD-103044855046633","article_modified_time":"2026-03-18T10:10:10+00:00","og_image":[{"width":770,"height":513,"url":"https:\/\/loriot.com.vn\/wp-content\/uploads\/2021\/08\/GSR1280E-3.jpg","type":"image\/jpeg"}],"twitter_card":"summary_large_image","twitter_misc":{"\u01af\u1edbc t\u00ednh th\u1eddi gian \u0111\u1ecdc":"3 ph\u00fat"},"schema":{"@context":"https:\/\/schema.org","@graph":[{"@type":"WebPage","@id":"https:\/\/loriot.com.vn\/vi\/product\/may-gsr1200e\/","url":"https:\/\/loriot.com.vn\/vi\/product\/may-gsr1200e\/","name":"M\u00c1Y GSR1200E - LORIOT INDUSTRIAL","isPartOf":{"@id":"https:\/\/loriot.com.vn\/vi\/#website"},"primaryImageOfPage":{"@id":"https:\/\/loriot.com.vn\/vi\/product\/may-gsr1200e\/#primaryimage"},"image":{"@id":"https:\/\/loriot.com.vn\/vi\/product\/may-gsr1200e\/#primaryimage"},"thumbnailUrl":"https:\/\/loriot.com.vn\/wp-content\/uploads\/2021\/08\/GSR1280E-3.jpg","datePublished":"2021-08-02T09:32:33+00:00","dateModified":"2026-03-18T10:10:10+00:00","description":"Getech GSR1200E Semi Auto Router Machine l\u00e0 l\u1ef1a ch\u1ecdn ph\u00f9 h\u1ee3p. V\u1edbi thi\u1ebft k\u1ebf single table standalone, m\u00e1y mang l\u1ea1i hi\u1ec7u qu\u1ea3 cao","breadcrumb":{"@id":"https:\/\/loriot.com.vn\/vi\/product\/may-gsr1200e\/#breadcrumb"},"inLanguage":"vi","potentialAction":[{"@type":"ReadAction","target":["https:\/\/loriot.com.vn\/vi\/product\/may-gsr1200e\/"]}]},{"@type":"ImageObject","inLanguage":"vi","@id":"https:\/\/loriot.com.vn\/vi\/product\/may-gsr1200e\/#primaryimage","url":"https:\/\/loriot.com.vn\/wp-content\/uploads\/2021\/08\/GSR1280E-3.jpg","contentUrl":"https:\/\/loriot.com.vn\/wp-content\/uploads\/2021\/08\/GSR1280E-3.jpg","width":770,"height":513,"caption":"M\u00c1Y GSR1200E"},{"@type":"BreadcrumbList","@id":"https:\/\/loriot.com.vn\/vi\/product\/may-gsr1200e\/#breadcrumb","itemListElement":[{"@type":"ListItem","position":1,"name":"Home","item":"https:\/\/loriot.com.vn\/vi\/"},{"@type":"ListItem","position":2,"name":"Products","item":"https:\/\/loriot.com.vn\/vi\/product\/"},{"@type":"ListItem","position":3,"name":"M\u00c1Y GSR1200E"}]},{"@type":"WebSite","@id":"https:\/\/loriot.com.vn\/vi\/#website","url":"https:\/\/loriot.com.vn\/vi\/","name":"LORIOT INDUSTRIAL CO.,LTD","description":"","publisher":{"@id":"https:\/\/loriot.com.vn\/vi\/#organization"},"potentialAction":[{"@type":"SearchAction","target":{"@type":"EntryPoint","urlTemplate":"https:\/\/loriot.com.vn\/vi\/?s={search_term_string}"},"query-input":{"@type":"PropertyValueSpecification","valueRequired":true,"valueName":"search_term_string"}}],"inLanguage":"vi"},{"@type":"Organization","@id":"https:\/\/loriot.com.vn\/vi\/#organization","name":"Loriot Industrial Co.,Ltd","url":"https:\/\/loriot.com.vn\/vi\/","logo":{"@type":"ImageObject","inLanguage":"vi","@id":"https:\/\/loriot.com.vn\/vi\/#\/schema\/logo\/image\/","url":"https:\/\/loriot.com.vn\/wp-content\/uploads\/2021\/08\/logo-ft.png","contentUrl":"https:\/\/loriot.com.vn\/wp-content\/uploads\/2021\/08\/logo-ft.png","width":333,"height":101,"caption":"Loriot Industrial Co.,Ltd"},"image":{"@id":"https:\/\/loriot.com.vn\/vi\/#\/schema\/logo\/image\/"},"sameAs":["https:\/\/www.facebook.com\/Loriot-Industrial-COLTD-103044855046633"]}]}},"_links":{"self":[{"href":"https:\/\/loriot.com.vn\/vi\/wp-json\/wp\/v2\/product\/1628","targetHints":{"allow":["GET"]}}],"collection":[{"href":"https:\/\/loriot.com.vn\/vi\/wp-json\/wp\/v2\/product"}],"about":[{"href":"https:\/\/loriot.com.vn\/vi\/wp-json\/wp\/v2\/types\/product"}],"author":[{"embeddable":true,"href":"https:\/\/loriot.com.vn\/vi\/wp-json\/wp\/v2\/users\/1"}],"replies":[{"embeddable":true,"href":"https:\/\/loriot.com.vn\/vi\/wp-json\/wp\/v2\/comments?post=1628"}],"version-history":[{"count":15,"href":"https:\/\/loriot.com.vn\/vi\/wp-json\/wp\/v2\/product\/1628\/revisions"}],"predecessor-version":[{"id":6619,"href":"https:\/\/loriot.com.vn\/vi\/wp-json\/wp\/v2\/product\/1628\/revisions\/6619"}],"wp:featuredmedia":[{"embeddable":true,"href":"https:\/\/loriot.com.vn\/vi\/wp-json\/wp\/v2\/media\/4572"}],"wp:attachment":[{"href":"https:\/\/loriot.com.vn\/vi\/wp-json\/wp\/v2\/media?parent=1628"}],"wp:term":[{"taxonomy":"service-category","embeddable":true,"href":"https:\/\/loriot.com.vn\/vi\/wp-json\/wp\/v2\/service-category?post=1628"},{"taxonomy":"service_tag","embeddable":true,"href":"https:\/\/loriot.com.vn\/vi\/wp-json\/wp\/v2\/service_tag?post=1628"}],"curies":[{"name":"wp","href":"https:\/\/api.w.org\/{rel}","templated":true}]}}