{"id":1637,"date":"2021-08-03T03:41:08","date_gmt":"2021-08-03T03:41:08","guid":{"rendered":"http:\/\/loriot.com.vn\/product\/gsr1280\/"},"modified":"2026-03-18T17:00:15","modified_gmt":"2026-03-18T10:00:15","slug":"may-gsr1280","status":"publish","type":"product","link":"https:\/\/loriot.com.vn\/vi\/product\/may-gsr1280\/","title":{"rendered":"M\u00c1Y GSR1280"},"content":{"rendered":"<p style=\"text-align: center;\"><span style=\"font-family: arial, helvetica, sans-serif; font-size: 14pt;\"><strong>M\u00c1Y GSR1280<\/strong><\/span><\/p>\n<p>&nbsp;<\/p>\n<h1 data-section-id=\"xdms08\" data-start=\"0\" data-end=\"106\"><span style=\"font-family: arial, helvetica, sans-serif; font-size: 12pt;\">M\u00e1y router PCB b\u00e1n t\u1ef1 \u0111\u1ed9ng Getech GSR1280 Semi Automatic Router Machine \u2013 Gi\u1ea3i ph\u00e1p t\u1ed1i \u01b0u cho panel l\u1edbn<\/span><\/h1>\n<p data-start=\"108\" data-end=\"421\"><span style=\"font-family: arial, helvetica, sans-serif; font-size: 12pt;\">Trong c\u00e1c \u1ee9ng d\u1ee5ng s\u1ea3n xu\u1ea5t PCB k\u00edch th\u01b0\u1edbc l\u1edbn, vi\u1ec7c \u0111\u1ea3m b\u1ea3o <strong data-start=\"169\" data-end=\"223\">t\u1ed1c \u0111\u1ed9, \u0111\u1ed9 ch\u00ednh x\u00e1c v\u00e0 kh\u1ea3 n\u0103ng v\u1eadn h\u00e0nh li\u00ean t\u1ee5c<\/strong> l\u00e0 y\u1ebfu t\u1ed1 then ch\u1ed1t. <strong data-start=\"245\" data-end=\"293\">Getech GSR1280 Semi Automatic Router Machine<\/strong> \u0111\u01b0\u1ee3c thi\u1ebft k\u1ebf nh\u01b0 m\u1ed9t gi\u1ea3i ph\u00e1p standalone m\u1ea1nh m\u1ebd, \u0111\u00e1p \u1ee9ng hi\u1ec7u qu\u1ea3 nhu c\u1ea7u depaneling cho c\u00e1c panel l\u1edbn trong d\u00e2y chuy\u1ec1n SMT.<\/span><\/p>\n<h2 data-section-id=\"1i1p9k4\" data-start=\"423\" data-end=\"462\"><span style=\"font-family: arial, helvetica, sans-serif; font-size: 12pt;\">X\u1eed l\u00fd panel l\u1edbn \u2013 linh ho\u1ea1t \u1ee9ng d\u1ee5ng<\/span><\/h2>\n<p data-start=\"464\" data-end=\"531\"><span style=\"font-family: arial, helvetica, sans-serif; font-size: 12pt;\">\ud83d\udccf H\u1ed7 tr\u1ee3 PCB k\u00edch th\u01b0\u1edbc l\u00ean \u0111\u1ebfn <strong data-start=\"497\" data-end=\"513\">500 \u00d7 500 mm<\/strong><\/span><br data-start=\"513\" data-end=\"516\" \/><span style=\"font-family: arial, helvetica, sans-serif; font-size: 12pt;\">\ud83d\udd27 Ph\u00f9 h\u1ee3p v\u1edbi:<\/span><\/p>\n<ul data-start=\"532\" data-end=\"605\">\n<li data-section-id=\"1fihlmg\" data-start=\"532\" data-end=\"551\">\n<p data-start=\"534\" data-end=\"551\"><span style=\"font-family: arial, helvetica, sans-serif; font-size: 12pt;\">PCB c\u00f4ng nghi\u1ec7p<\/span><\/p>\n<\/li>\n<li data-section-id=\"rgzznn\" data-start=\"552\" data-end=\"605\">\n<p data-start=\"554\" data-end=\"605\"><span style=\"font-family: arial, helvetica, sans-serif; font-size: 12pt;\">Panel k\u00edch th\u01b0\u1edbc l\u1edbn trong automotive, n\u0103ng l\u01b0\u1ee3ng<\/span><\/p>\n<\/li>\n<\/ul>\n<p data-start=\"607\" data-end=\"663\"><span style=\"font-family: arial, helvetica, sans-serif; font-size: 12pt;\">\u27a1\ufe0f \u0110\u00e1p \u1ee9ng t\u1ed1t xu h\u01b0\u1edbng board ng\u00e0y c\u00e0ng l\u1edbn v\u00e0 ph\u1ee9c t\u1ea1p.<\/span><\/p>\n<h2 data-section-id=\"chua38\" data-start=\"665\" data-end=\"697\"><span style=\"font-family: arial, helvetica, sans-serif; font-size: 12pt;\">T\u1ed1c \u0111\u1ed9 cao \u2013 t\u1ed1i \u01b0u s\u1ea3n l\u01b0\u1ee3ng<\/span><\/h2>\n<p data-start=\"699\" data-end=\"774\"><span style=\"font-family: arial, helvetica, sans-serif; font-size: 12pt;\">\u26a1 T\u1ed1c \u0111\u1ed9 c\u1eaft l\u00ean \u0111\u1ebfn <strong data-start=\"720\" data-end=\"732\">100 mm\/s<\/strong><\/span><br data-start=\"732\" data-end=\"735\" \/><span style=\"font-family: arial, helvetica, sans-serif; font-size: 12pt;\">\ud83d\ude80 T\u1ed1c \u0111\u1ed9 di chuy\u1ec3n \u0111\u1ea1t <strong data-start=\"759\" data-end=\"772\">1000 mm\/s<\/strong><\/span><\/p>\n<p data-start=\"776\" data-end=\"788\"><span style=\"font-family: arial, helvetica, sans-serif; font-size: 12pt;\">\u27a1\ufe0f Mang l\u1ea1i:<\/span><\/p>\n<ul data-start=\"789\" data-end=\"867\">\n<li data-section-id=\"1pei2ct\" data-start=\"789\" data-end=\"808\">\n<p data-start=\"791\" data-end=\"808\"><span style=\"font-family: arial, helvetica, sans-serif; font-size: 12pt;\">Gi\u1ea3m cycle time<\/span><\/p>\n<\/li>\n<li data-section-id=\"15rp68s\" data-start=\"809\" data-end=\"828\">\n<p data-start=\"811\" data-end=\"828\"><span style=\"font-family: arial, helvetica, sans-serif; font-size: 12pt;\">T\u0103ng throughput<\/span><\/p>\n<\/li>\n<li data-section-id=\"1m7krt2\" data-start=\"829\" data-end=\"867\">\n<p data-start=\"831\" data-end=\"867\"><span style=\"font-family: arial, helvetica, sans-serif; font-size: 12pt;\">N\u00e2ng cao hi\u1ec7u su\u1ea5t to\u00e0n d\u00e2y chuy\u1ec1n<\/span><\/p>\n<\/li>\n<\/ul>\n<h2 data-section-id=\"nwe5od\" data-start=\"869\" data-end=\"906\"><span style=\"font-family: arial, helvetica, sans-serif; font-size: 12pt;\">Dual worktable \u2013 v\u1eadn h\u00e0nh li\u00ean t\u1ee5c<\/span><\/h2>\n<p data-start=\"908\" data-end=\"939\"><span style=\"font-family: arial, helvetica, sans-serif; font-size: 12pt;\">\ud83d\udd04 Thi\u1ebft k\u1ebf <strong data-start=\"920\" data-end=\"938\">2 b\u00e0n l\u00e0m vi\u1ec7c<\/strong>:<\/span><\/p>\n<ul data-start=\"940\" data-end=\"983\">\n<li data-section-id=\"ievyq\" data-start=\"940\" data-end=\"959\">\n<p data-start=\"942\" data-end=\"959\"><span style=\"font-family: arial, helvetica, sans-serif; font-size: 12pt;\">M\u1ed9t b\u00ean routing<\/span><\/p>\n<\/li>\n<li data-section-id=\"jy8m8q\" data-start=\"960\" data-end=\"983\">\n<p data-start=\"962\" data-end=\"983\"><span style=\"font-family: arial, helvetica, sans-serif; font-size: 12pt;\">M\u1ed9t b\u00ean load\/unload<\/span><\/p>\n<\/li>\n<\/ul>\n<p data-start=\"985\" data-end=\"993\"><span style=\"font-family: arial, helvetica, sans-serif; font-size: 12pt;\">\u27a1\ufe0f Gi\u00fap:<\/span><\/p>\n<ul data-start=\"994\" data-end=\"1065\">\n<li data-section-id=\"136n6dg\" data-start=\"994\" data-end=\"1022\">\n<p data-start=\"996\" data-end=\"1022\"><span style=\"font-family: arial, helvetica, sans-serif; font-size: 12pt;\">Kh\u00f4ng gi\u00e1n \u0111o\u1ea1n s\u1ea3n xu\u1ea5t<\/span><\/p>\n<\/li>\n<li data-section-id=\"xsxzms\" data-start=\"1023\" data-end=\"1065\">\n<p data-start=\"1025\" data-end=\"1065\"><span style=\"font-family: arial, helvetica, sans-serif; font-size: 12pt;\">T\u1ed1i \u0111a h\u00f3a th\u1eddi gian ho\u1ea1t \u0111\u1ed9ng c\u1ee7a m\u00e1y<\/span><\/p>\n<\/li>\n<\/ul>\n<h2 data-section-id=\"umqbfo\" data-start=\"1067\" data-end=\"1098\"><span style=\"font-family: arial, helvetica, sans-serif; font-size: 12pt;\">H\u1ec7 th\u1ed1ng servo ch\u00ednh x\u00e1c cao<\/span><\/h2>\n<p data-start=\"1100\" data-end=\"1122\"><span style=\"font-family: arial, helvetica, sans-serif; font-size: 12pt;\">\ud83c\udfaf Servo axis cao c\u1ea5p:<\/span><\/p>\n<ul data-start=\"1123\" data-end=\"1184\">\n<li data-section-id=\"14tbogg\" data-start=\"1123\" data-end=\"1152\">\n<p data-start=\"1125\" data-end=\"1152\"><span style=\"font-family: arial, helvetica, sans-serif; font-size: 12pt;\">Gia t\u1ed1c v\u00e0 gi\u1ea3m t\u1ed1c nhanh<\/span><\/p>\n<\/li>\n<li data-section-id=\"1c5yyzz\" data-start=\"1153\" data-end=\"1184\">\n<p data-start=\"1155\" data-end=\"1184\"><span style=\"font-family: arial, helvetica, sans-serif; font-size: 12pt;\">\u0110\u1ea3m b\u1ea3o \u0111\u01b0\u1eddng c\u1eaft ch\u00ednh x\u00e1c<\/span><\/p>\n<\/li>\n<\/ul>\n<p data-start=\"1186\" data-end=\"1239\"><span style=\"font-family: arial, helvetica, sans-serif; font-size: 12pt;\">\u27a1\ufe0f V\u1eeba t\u0103ng n\u0103ng su\u1ea5t v\u1eeba duy tr\u00ec ch\u1ea5t l\u01b0\u1ee3ng \u1ed5n \u0111\u1ecbnh.<\/span><\/p>\n<h2 data-section-id=\"e5ekey\" data-start=\"1241\" data-end=\"1296\"><span style=\"font-family: arial, helvetica, sans-serif; font-size: 12pt;\">L\u1eadp tr\u00ecnh nhanh v\u1edbi camera CCD &amp; ph\u1ea7n m\u1ec1m th\u00e2n thi\u1ec7n<\/span><\/h2>\n<p data-start=\"1298\" data-end=\"1329\"><span style=\"font-family: arial, helvetica, sans-serif; font-size: 12pt;\">\ud83d\udcf7 Camera CCD \u0111\u1ed9 ph\u00e2n gi\u1ea3i cao:<\/span><\/p>\n<ul data-start=\"1330\" data-end=\"1387\">\n<li data-section-id=\"5lql45\" data-start=\"1330\" data-end=\"1360\">\n<p data-start=\"1332\" data-end=\"1360\"><span style=\"font-family: arial, helvetica, sans-serif; font-size: 12pt;\">Nh\u1eadn di\u1ec7n v\u1ecb tr\u00ed ch\u00ednh x\u00e1c<\/span><\/p>\n<\/li>\n<li data-section-id=\"9u1nrt\" data-start=\"1361\" data-end=\"1387\">\n<p data-start=\"1363\" data-end=\"1387\"><span style=\"font-family: arial, helvetica, sans-serif; font-size: 12pt;\">H\u1ed7 tr\u1ee3 c\u0103n ch\u1ec9nh nhanh<\/span><\/p>\n<\/li>\n<\/ul>\n<p data-start=\"1389\" data-end=\"1420\"><span style=\"font-family: arial, helvetica, sans-serif; font-size: 12pt;\">\ud83d\udda5\ufe0f Ph\u1ea7n m\u1ec1m Windows tr\u1ef1c quan:<\/span><\/p>\n<ul data-start=\"1421\" data-end=\"1500\">\n<li data-section-id=\"1yzke41\" data-start=\"1421\" data-end=\"1459\">\n<p data-start=\"1423\" data-end=\"1459\"><span style=\"font-family: arial, helvetica, sans-serif; font-size: 12pt;\">L\u1eadp tr\u00ecnh \u0111\u01b0\u1eddng c\u1eaft trong v\u00e0i ph\u00fat<\/span><\/p>\n<\/li>\n<li data-section-id=\"voch46\" data-start=\"1460\" data-end=\"1500\">\n<p data-start=\"1462\" data-end=\"1500\"><span style=\"font-family: arial, helvetica, sans-serif; font-size: 12pt;\">Kh\u00f4ng gi\u1edbi h\u1ea1n s\u1ed1 l\u01b0\u1ee3ng ch\u01b0\u01a1ng tr\u00ecnh<\/span><\/p>\n<\/li>\n<\/ul>\n<p data-start=\"1502\" data-end=\"1558\"><span style=\"font-family: arial, helvetica, sans-serif; font-size: 12pt;\">\u27a1\ufe0f Gi\u1ea3m th\u1eddi gian setup v\u00e0 t\u0103ng t\u00ednh linh ho\u1ea1t s\u1ea3n xu\u1ea5t.<\/span><\/p>\n<h2 data-section-id=\"6otdjd\" data-start=\"1560\" data-end=\"1604\"><span style=\"font-family: arial, helvetica, sans-serif; font-size: 12pt;\">K\u1ebft c\u1ea5u b\u1ec1n b\u1ec9 \u2013 v\u1eadn h\u00e0nh \u1ed5n \u0111\u1ecbnh l\u00e2u d\u00e0i<\/span><\/h2>\n<p data-start=\"1606\" data-end=\"1635\"><span style=\"font-family: arial, helvetica, sans-serif; font-size: 12pt;\">\ud83d\udee0\ufe0f Khung th\u00e9p h\u00e0n ch\u1eafc ch\u1eafn:<\/span><\/p>\n<ul data-start=\"1636\" data-end=\"1679\">\n<li data-section-id=\"sisca7\" data-start=\"1636\" data-end=\"1651\">\n<p data-start=\"1638\" data-end=\"1651\"><span style=\"font-family: arial, helvetica, sans-serif; font-size: 12pt;\">\u0110\u1ed9 c\u1ee9ng cao<\/span><\/p>\n<\/li>\n<li data-section-id=\"91s5q7\" data-start=\"1652\" data-end=\"1679\">\n<p data-start=\"1654\" data-end=\"1679\"><span style=\"font-family: arial, helvetica, sans-serif; font-size: 12pt;\">Gi\u1ea3m rung khi ho\u1ea1t \u0111\u1ed9ng<\/span><\/p>\n<\/li>\n<\/ul>\n<p data-start=\"1681\" data-end=\"1706\"><span style=\"font-family: arial, helvetica, sans-serif; font-size: 12pt;\">\ud83d\udee1\ufe0f H\u1ec7 th\u1ed1ng tr\u1ee5c v\u00e0 ray:<\/span><\/p>\n<ul data-start=\"1707\" data-end=\"1775\">\n<li data-section-id=\"d4y3dh\" data-start=\"1707\" data-end=\"1743\">\n<p data-start=\"1709\" data-end=\"1743\"><span style=\"font-family: arial, helvetica, sans-serif; font-size: 12pt;\">\u0110\u01b0\u1ee3c b\u1ea3o v\u1ec7 kh\u1ecfi b\u1ee5i v\u00e0 t\u1ea1p ch\u1ea5t<\/span><\/p>\n<\/li>\n<li data-section-id=\"pmw0eb\" data-start=\"1744\" data-end=\"1775\">\n<p data-start=\"1746\" data-end=\"1775\"><span style=\"font-family: arial, helvetica, sans-serif; font-size: 12pt;\">T\u0103ng tu\u1ed5i th\u1ecd v\u00e0 \u0111\u1ed9 \u1ed5n \u0111\u1ecbnh<\/span><\/p>\n<\/li>\n<\/ul>\n<h2 data-section-id=\"mqq5ms\" data-start=\"1777\" data-end=\"1811\"><span style=\"font-family: arial, helvetica, sans-serif; font-size: 12pt;\">Gi\u1ea3i ph\u00e1p router t\u1ed1i \u01b0u cho SMT<\/span><\/h2>\n<p data-start=\"1813\" data-end=\"1874\"><span style=\"font-family: arial, helvetica, sans-serif; font-size: 12pt;\">\ud83d\ude80 <strong data-start=\"1816\" data-end=\"1864\">Getech GSR1280 Semi Automatic Router Machine<\/strong> mang l\u1ea1i:<\/span><\/p>\n<ul data-start=\"1875\" data-end=\"1981\">\n<li data-section-id=\"w2vrlz\" data-start=\"1875\" data-end=\"1903\">\n<p data-start=\"1877\" data-end=\"1903\"><span style=\"font-family: arial, helvetica, sans-serif; font-size: 12pt;\">Kh\u1ea3 n\u0103ng x\u1eed l\u00fd panel l\u1edbn<\/span><\/p>\n<\/li>\n<li data-section-id=\"16ks7d2\" data-start=\"1904\" data-end=\"1940\">\n<p data-start=\"1906\" data-end=\"1940\"><span style=\"font-family: arial, helvetica, sans-serif; font-size: 12pt;\">V\u1eadn h\u00e0nh li\u00ean t\u1ee5c v\u1edbi dual table<\/span><\/p>\n<\/li>\n<li data-section-id=\"2fv0nd\" data-start=\"1941\" data-end=\"1981\">\n<p data-start=\"1943\" data-end=\"1981\"><span style=\"font-family: arial, helvetica, sans-serif; font-size: 12pt;\">\u0110\u1ed9 ch\u00ednh x\u00e1c cao v\u00e0 t\u1ed1c \u0111\u1ed9 v\u01b0\u1ee3t tr\u1ed9i<\/span><\/p>\n<\/li>\n<\/ul>\n<p data-start=\"1983\" data-end=\"1999\"><span style=\"font-family: arial, helvetica, sans-serif; font-size: 12pt;\">\u27a1\ufe0f L\u00fd t\u01b0\u1edfng cho:<\/span><\/p>\n<ul data-start=\"2000\" data-end=\"2139\">\n<li data-section-id=\"9ufi5e\" data-start=\"2000\" data-end=\"2043\">\n<p data-start=\"2002\" data-end=\"2043\"><span style=\"font-family: arial, helvetica, sans-serif; font-size: 12pt;\">Nh\u00e0 m\u00e1y SMT s\u1ea3n xu\u1ea5t PCB k\u00edch th\u01b0\u1edbc l\u1edbn<\/span><\/p>\n<\/li>\n<li data-section-id=\"7d66vs\" data-start=\"2044\" data-end=\"2092\">\n<p data-start=\"2046\" data-end=\"2092\"><span style=\"font-family: arial, helvetica, sans-serif; font-size: 12pt;\">\u1ee8ng d\u1ee5ng y\u00eau c\u1ea7u \u0111\u1ed9 ch\u00ednh x\u00e1c v\u00e0 \u1ed5n \u0111\u1ecbnh cao<\/span><\/p>\n<\/li>\n<li data-section-id=\"1deb2t4\" data-start=\"2093\" data-end=\"2139\">\n<p data-start=\"2095\" data-end=\"2139\"><span style=\"font-family: arial, helvetica, sans-serif; font-size: 12pt;\">D\u00e2y chuy\u1ec1n c\u1ea7n t\u1ed1i \u01b0u n\u0103ng su\u1ea5t depaneling<\/span><\/p>\n<\/li>\n<\/ul>\n","protected":false},"excerpt":{"rendered":"<p>Getech GSR1280 Semi Automatic Router Machine \u0111\u01b0\u1ee3c thi\u1ebft k\u1ebf nh\u01b0 m\u1ed9t gi\u1ea3i ph\u00e1p standalone m\u1ea1nh m\u1ebd, \u0111\u00e1p \u1ee9ng hi\u1ec7u qu\u1ea3<\/p>\n","protected":false},"author":1,"featured_media":4564,"parent":0,"menu_order":128,"comment_status":"open","ping_status":"closed","template":"","meta":{"inline_featured_image":false,"footnotes":""},"service-category":[78,79,80],"service_tag":[113],"class_list":["post-1637","product","type-product","status-publish","has-post-thumbnail","hentry","service-category-getech","service-category-may-cat-bo-mach-inline","service-category-may-cat-bo-mach-standalone","service_tag-getech-vi"],"yoast_head":"<!-- This site is optimized with the Yoast SEO plugin v27.5 - https:\/\/yoast.com\/product\/yoast-seo-wordpress\/ -->\n<title>M\u00c1Y GSR1280 - LORIOT INDUSTRIAL<\/title>\n<meta name=\"description\" content=\"Getech GSR1280 Semi Automatic Router Machine \u0111\u01b0\u1ee3c thi\u1ebft k\u1ebf nh\u01b0 m\u1ed9t gi\u1ea3i ph\u00e1p standalone m\u1ea1nh m\u1ebd, \u0111\u00e1p \u1ee9ng hi\u1ec7u qu\u1ea3 nhu c\u1ea7u depaneling\" \/>\n<meta name=\"robots\" content=\"index, follow, max-snippet:-1, max-image-preview:large, max-video-preview:-1\" \/>\n<link rel=\"canonical\" href=\"https:\/\/loriot.com.vn\/vi\/product\/may-gsr1280\/\" \/>\n<meta property=\"og:locale\" content=\"vi_VN\" \/>\n<meta property=\"og:type\" content=\"article\" \/>\n<meta property=\"og:title\" content=\"M\u00c1Y GSR1280 - LORIOT INDUSTRIAL\" \/>\n<meta property=\"og:description\" content=\"Getech GSR1280 Semi Automatic Router Machine \u0111\u01b0\u1ee3c thi\u1ebft k\u1ebf nh\u01b0 m\u1ed9t gi\u1ea3i ph\u00e1p standalone m\u1ea1nh m\u1ebd, \u0111\u00e1p \u1ee9ng hi\u1ec7u qu\u1ea3 nhu c\u1ea7u depaneling\" \/>\n<meta property=\"og:url\" content=\"https:\/\/loriot.com.vn\/vi\/product\/may-gsr1280\/\" \/>\n<meta property=\"og:site_name\" content=\"LORIOT INDUSTRIAL\" \/>\n<meta property=\"article:publisher\" content=\"https:\/\/www.facebook.com\/Loriot-Industrial-COLTD-103044855046633\" \/>\n<meta property=\"article:modified_time\" content=\"2026-03-18T10:00:15+00:00\" \/>\n<meta property=\"og:image\" content=\"https:\/\/loriot.com.vn\/wp-content\/uploads\/2021\/08\/Getech-GSR1280-ROUTER-MACHINE-630x630-1.jpg\" \/>\n\t<meta property=\"og:image:width\" content=\"770\" \/>\n\t<meta property=\"og:image:height\" content=\"513\" \/>\n\t<meta property=\"og:image:type\" content=\"image\/jpeg\" \/>\n<meta name=\"twitter:card\" content=\"summary_large_image\" \/>\n<meta name=\"twitter:label1\" content=\"\u01af\u1edbc t\u00ednh th\u1eddi gian \u0111\u1ecdc\" \/>\n\t<meta name=\"twitter:data1\" content=\"3 ph\u00fat\" \/>\n<script type=\"application\/ld+json\" class=\"yoast-schema-graph\">{\"@context\":\"https:\\\/\\\/schema.org\",\"@graph\":[{\"@type\":\"WebPage\",\"@id\":\"https:\\\/\\\/loriot.com.vn\\\/vi\\\/product\\\/may-gsr1280\\\/\",\"url\":\"https:\\\/\\\/loriot.com.vn\\\/vi\\\/product\\\/may-gsr1280\\\/\",\"name\":\"M\u00c1Y GSR1280 - LORIOT INDUSTRIAL\",\"isPartOf\":{\"@id\":\"https:\\\/\\\/loriot.com.vn\\\/vi\\\/#website\"},\"primaryImageOfPage\":{\"@id\":\"https:\\\/\\\/loriot.com.vn\\\/vi\\\/product\\\/may-gsr1280\\\/#primaryimage\"},\"image\":{\"@id\":\"https:\\\/\\\/loriot.com.vn\\\/vi\\\/product\\\/may-gsr1280\\\/#primaryimage\"},\"thumbnailUrl\":\"https:\\\/\\\/loriot.com.vn\\\/wp-content\\\/uploads\\\/2021\\\/08\\\/Getech-GSR1280-ROUTER-MACHINE-630x630-1.jpg\",\"datePublished\":\"2021-08-03T03:41:08+00:00\",\"dateModified\":\"2026-03-18T10:00:15+00:00\",\"description\":\"Getech GSR1280 Semi Automatic Router Machine \u0111\u01b0\u1ee3c thi\u1ebft k\u1ebf nh\u01b0 m\u1ed9t gi\u1ea3i ph\u00e1p standalone m\u1ea1nh m\u1ebd, \u0111\u00e1p \u1ee9ng hi\u1ec7u qu\u1ea3 nhu c\u1ea7u depaneling\",\"breadcrumb\":{\"@id\":\"https:\\\/\\\/loriot.com.vn\\\/vi\\\/product\\\/may-gsr1280\\\/#breadcrumb\"},\"inLanguage\":\"vi\",\"potentialAction\":[{\"@type\":\"ReadAction\",\"target\":[\"https:\\\/\\\/loriot.com.vn\\\/vi\\\/product\\\/may-gsr1280\\\/\"]}]},{\"@type\":\"ImageObject\",\"inLanguage\":\"vi\",\"@id\":\"https:\\\/\\\/loriot.com.vn\\\/vi\\\/product\\\/may-gsr1280\\\/#primaryimage\",\"url\":\"https:\\\/\\\/loriot.com.vn\\\/wp-content\\\/uploads\\\/2021\\\/08\\\/Getech-GSR1280-ROUTER-MACHINE-630x630-1.jpg\",\"contentUrl\":\"https:\\\/\\\/loriot.com.vn\\\/wp-content\\\/uploads\\\/2021\\\/08\\\/Getech-GSR1280-ROUTER-MACHINE-630x630-1.jpg\",\"width\":770,\"height\":513,\"caption\":\"M\u00c1Y GSR1280\"},{\"@type\":\"BreadcrumbList\",\"@id\":\"https:\\\/\\\/loriot.com.vn\\\/vi\\\/product\\\/may-gsr1280\\\/#breadcrumb\",\"itemListElement\":[{\"@type\":\"ListItem\",\"position\":1,\"name\":\"Home\",\"item\":\"https:\\\/\\\/loriot.com.vn\\\/vi\\\/\"},{\"@type\":\"ListItem\",\"position\":2,\"name\":\"Products\",\"item\":\"https:\\\/\\\/loriot.com.vn\\\/vi\\\/product\\\/\"},{\"@type\":\"ListItem\",\"position\":3,\"name\":\"M\u00c1Y GSR1280\"}]},{\"@type\":\"WebSite\",\"@id\":\"https:\\\/\\\/loriot.com.vn\\\/vi\\\/#website\",\"url\":\"https:\\\/\\\/loriot.com.vn\\\/vi\\\/\",\"name\":\"LORIOT INDUSTRIAL CO.,LTD\",\"description\":\"\",\"publisher\":{\"@id\":\"https:\\\/\\\/loriot.com.vn\\\/vi\\\/#organization\"},\"potentialAction\":[{\"@type\":\"SearchAction\",\"target\":{\"@type\":\"EntryPoint\",\"urlTemplate\":\"https:\\\/\\\/loriot.com.vn\\\/vi\\\/?s={search_term_string}\"},\"query-input\":{\"@type\":\"PropertyValueSpecification\",\"valueRequired\":true,\"valueName\":\"search_term_string\"}}],\"inLanguage\":\"vi\"},{\"@type\":\"Organization\",\"@id\":\"https:\\\/\\\/loriot.com.vn\\\/vi\\\/#organization\",\"name\":\"Loriot Industrial Co.,Ltd\",\"url\":\"https:\\\/\\\/loriot.com.vn\\\/vi\\\/\",\"logo\":{\"@type\":\"ImageObject\",\"inLanguage\":\"vi\",\"@id\":\"https:\\\/\\\/loriot.com.vn\\\/vi\\\/#\\\/schema\\\/logo\\\/image\\\/\",\"url\":\"https:\\\/\\\/loriot.com.vn\\\/wp-content\\\/uploads\\\/2021\\\/08\\\/logo-ft.png\",\"contentUrl\":\"https:\\\/\\\/loriot.com.vn\\\/wp-content\\\/uploads\\\/2021\\\/08\\\/logo-ft.png\",\"width\":333,\"height\":101,\"caption\":\"Loriot Industrial Co.,Ltd\"},\"image\":{\"@id\":\"https:\\\/\\\/loriot.com.vn\\\/vi\\\/#\\\/schema\\\/logo\\\/image\\\/\"},\"sameAs\":[\"https:\\\/\\\/www.facebook.com\\\/Loriot-Industrial-COLTD-103044855046633\"]}]}<\/script>\n<!-- \/ Yoast SEO plugin. -->","yoast_head_json":{"title":"M\u00c1Y GSR1280 - LORIOT INDUSTRIAL","description":"Getech GSR1280 Semi Automatic Router Machine \u0111\u01b0\u1ee3c thi\u1ebft k\u1ebf nh\u01b0 m\u1ed9t gi\u1ea3i ph\u00e1p standalone m\u1ea1nh m\u1ebd, \u0111\u00e1p \u1ee9ng hi\u1ec7u qu\u1ea3 nhu c\u1ea7u depaneling","robots":{"index":"index","follow":"follow","max-snippet":"max-snippet:-1","max-image-preview":"max-image-preview:large","max-video-preview":"max-video-preview:-1"},"canonical":"https:\/\/loriot.com.vn\/vi\/product\/may-gsr1280\/","og_locale":"vi_VN","og_type":"article","og_title":"M\u00c1Y GSR1280 - LORIOT INDUSTRIAL","og_description":"Getech GSR1280 Semi Automatic Router Machine \u0111\u01b0\u1ee3c thi\u1ebft k\u1ebf nh\u01b0 m\u1ed9t gi\u1ea3i ph\u00e1p standalone m\u1ea1nh m\u1ebd, \u0111\u00e1p \u1ee9ng hi\u1ec7u qu\u1ea3 nhu c\u1ea7u depaneling","og_url":"https:\/\/loriot.com.vn\/vi\/product\/may-gsr1280\/","og_site_name":"LORIOT INDUSTRIAL","article_publisher":"https:\/\/www.facebook.com\/Loriot-Industrial-COLTD-103044855046633","article_modified_time":"2026-03-18T10:00:15+00:00","og_image":[{"width":770,"height":513,"url":"https:\/\/loriot.com.vn\/wp-content\/uploads\/2021\/08\/Getech-GSR1280-ROUTER-MACHINE-630x630-1.jpg","type":"image\/jpeg"}],"twitter_card":"summary_large_image","twitter_misc":{"\u01af\u1edbc t\u00ednh th\u1eddi gian \u0111\u1ecdc":"3 ph\u00fat"},"schema":{"@context":"https:\/\/schema.org","@graph":[{"@type":"WebPage","@id":"https:\/\/loriot.com.vn\/vi\/product\/may-gsr1280\/","url":"https:\/\/loriot.com.vn\/vi\/product\/may-gsr1280\/","name":"M\u00c1Y GSR1280 - LORIOT INDUSTRIAL","isPartOf":{"@id":"https:\/\/loriot.com.vn\/vi\/#website"},"primaryImageOfPage":{"@id":"https:\/\/loriot.com.vn\/vi\/product\/may-gsr1280\/#primaryimage"},"image":{"@id":"https:\/\/loriot.com.vn\/vi\/product\/may-gsr1280\/#primaryimage"},"thumbnailUrl":"https:\/\/loriot.com.vn\/wp-content\/uploads\/2021\/08\/Getech-GSR1280-ROUTER-MACHINE-630x630-1.jpg","datePublished":"2021-08-03T03:41:08+00:00","dateModified":"2026-03-18T10:00:15+00:00","description":"Getech GSR1280 Semi Automatic Router Machine \u0111\u01b0\u1ee3c thi\u1ebft k\u1ebf nh\u01b0 m\u1ed9t gi\u1ea3i ph\u00e1p standalone m\u1ea1nh m\u1ebd, \u0111\u00e1p \u1ee9ng hi\u1ec7u qu\u1ea3 nhu c\u1ea7u depaneling","breadcrumb":{"@id":"https:\/\/loriot.com.vn\/vi\/product\/may-gsr1280\/#breadcrumb"},"inLanguage":"vi","potentialAction":[{"@type":"ReadAction","target":["https:\/\/loriot.com.vn\/vi\/product\/may-gsr1280\/"]}]},{"@type":"ImageObject","inLanguage":"vi","@id":"https:\/\/loriot.com.vn\/vi\/product\/may-gsr1280\/#primaryimage","url":"https:\/\/loriot.com.vn\/wp-content\/uploads\/2021\/08\/Getech-GSR1280-ROUTER-MACHINE-630x630-1.jpg","contentUrl":"https:\/\/loriot.com.vn\/wp-content\/uploads\/2021\/08\/Getech-GSR1280-ROUTER-MACHINE-630x630-1.jpg","width":770,"height":513,"caption":"M\u00c1Y GSR1280"},{"@type":"BreadcrumbList","@id":"https:\/\/loriot.com.vn\/vi\/product\/may-gsr1280\/#breadcrumb","itemListElement":[{"@type":"ListItem","position":1,"name":"Home","item":"https:\/\/loriot.com.vn\/vi\/"},{"@type":"ListItem","position":2,"name":"Products","item":"https:\/\/loriot.com.vn\/vi\/product\/"},{"@type":"ListItem","position":3,"name":"M\u00c1Y GSR1280"}]},{"@type":"WebSite","@id":"https:\/\/loriot.com.vn\/vi\/#website","url":"https:\/\/loriot.com.vn\/vi\/","name":"LORIOT INDUSTRIAL CO.,LTD","description":"","publisher":{"@id":"https:\/\/loriot.com.vn\/vi\/#organization"},"potentialAction":[{"@type":"SearchAction","target":{"@type":"EntryPoint","urlTemplate":"https:\/\/loriot.com.vn\/vi\/?s={search_term_string}"},"query-input":{"@type":"PropertyValueSpecification","valueRequired":true,"valueName":"search_term_string"}}],"inLanguage":"vi"},{"@type":"Organization","@id":"https:\/\/loriot.com.vn\/vi\/#organization","name":"Loriot Industrial Co.,Ltd","url":"https:\/\/loriot.com.vn\/vi\/","logo":{"@type":"ImageObject","inLanguage":"vi","@id":"https:\/\/loriot.com.vn\/vi\/#\/schema\/logo\/image\/","url":"https:\/\/loriot.com.vn\/wp-content\/uploads\/2021\/08\/logo-ft.png","contentUrl":"https:\/\/loriot.com.vn\/wp-content\/uploads\/2021\/08\/logo-ft.png","width":333,"height":101,"caption":"Loriot Industrial Co.,Ltd"},"image":{"@id":"https:\/\/loriot.com.vn\/vi\/#\/schema\/logo\/image\/"},"sameAs":["https:\/\/www.facebook.com\/Loriot-Industrial-COLTD-103044855046633"]}]}},"_links":{"self":[{"href":"https:\/\/loriot.com.vn\/vi\/wp-json\/wp\/v2\/product\/1637","targetHints":{"allow":["GET"]}}],"collection":[{"href":"https:\/\/loriot.com.vn\/vi\/wp-json\/wp\/v2\/product"}],"about":[{"href":"https:\/\/loriot.com.vn\/vi\/wp-json\/wp\/v2\/types\/product"}],"author":[{"embeddable":true,"href":"https:\/\/loriot.com.vn\/vi\/wp-json\/wp\/v2\/users\/1"}],"replies":[{"embeddable":true,"href":"https:\/\/loriot.com.vn\/vi\/wp-json\/wp\/v2\/comments?post=1637"}],"version-history":[{"count":13,"href":"https:\/\/loriot.com.vn\/vi\/wp-json\/wp\/v2\/product\/1637\/revisions"}],"predecessor-version":[{"id":6614,"href":"https:\/\/loriot.com.vn\/vi\/wp-json\/wp\/v2\/product\/1637\/revisions\/6614"}],"wp:featuredmedia":[{"embeddable":true,"href":"https:\/\/loriot.com.vn\/vi\/wp-json\/wp\/v2\/media\/4564"}],"wp:attachment":[{"href":"https:\/\/loriot.com.vn\/vi\/wp-json\/wp\/v2\/media?parent=1637"}],"wp:term":[{"taxonomy":"service-category","embeddable":true,"href":"https:\/\/loriot.com.vn\/vi\/wp-json\/wp\/v2\/service-category?post=1637"},{"taxonomy":"service_tag","embeddable":true,"href":"https:\/\/loriot.com.vn\/vi\/wp-json\/wp\/v2\/service_tag?post=1637"}],"curies":[{"name":"wp","href":"https:\/\/api.w.org\/{rel}","templated":true}]}}