{"id":1638,"date":"2021-08-03T03:35:31","date_gmt":"2021-08-03T03:35:31","guid":{"rendered":"http:\/\/loriot.com.vn\/product\/gsr1280e\/"},"modified":"2026-03-18T17:02:59","modified_gmt":"2026-03-18T10:02:59","slug":"may-gsr1280e","status":"publish","type":"product","link":"https:\/\/loriot.com.vn\/vi\/product\/may-gsr1280e\/","title":{"rendered":"M\u00c1Y GSR1280E"},"content":{"rendered":"<p style=\"text-align: center;\"><span style=\"font-size: 14pt; font-family: arial, helvetica, sans-serif;\"><strong>M\u00c1Y GSR1280E<\/strong><\/span><\/p>\n<p>&nbsp;<\/p>\n<h1 data-section-id=\"12ui6rs\" data-start=\"0\" data-end=\"112\"><span style=\"font-family: arial, helvetica, sans-serif; font-size: 12pt;\">M\u00e1y router PCB b\u00e1n t\u1ef1 \u0111\u1ed9ng Getech GSR1280E Semi Automatic Router Machine \u2013 Gi\u1ea3i ph\u00e1p t\u1ed1i \u01b0u cho panel si\u00eau l\u1edbn<\/span><\/h1>\n<p data-start=\"114\" data-end=\"500\"><span style=\"font-family: arial, helvetica, sans-serif; font-size: 12pt;\">Trong b\u1ed1i c\u1ea3nh PCB ng\u00e0y c\u00e0ng c\u00f3 k\u00edch th\u01b0\u1edbc l\u1edbn h\u01a1n, \u0111\u1eb7c bi\u1ec7t trong c\u00e1c ng\u00e0nh nh\u01b0 <strong data-start=\"195\" data-end=\"228\">EV, n\u0103ng l\u01b0\u1ee3ng v\u00e0 c\u00f4ng nghi\u1ec7p<\/strong>, nhu c\u1ea7u v\u1ec1 m\u1ed9t thi\u1ebft b\u1ecb depaneling ch\u00ednh x\u00e1c, \u1ed5n \u0111\u1ecbnh v\u00e0 linh ho\u1ea1t tr\u1edf n\u00ean r\u1ea5t quan tr\u1ecdng. <strong data-start=\"321\" data-end=\"370\">Getech GSR1280E Semi Automatic Router Machine<\/strong> l\u00e0 d\u00f2ng m\u00e1y router standalone \u0111\u01b0\u1ee3c thi\u1ebft k\u1ebf chuy\u00ean bi\u1ec7t cho <strong data-start=\"431\" data-end=\"449\">panel si\u00eau l\u1edbn<\/strong>, mang l\u1ea1i hi\u1ec7u su\u1ea5t cao v\u00e0 \u0111\u1ed9 ch\u00ednh x\u00e1c v\u01b0\u1ee3t tr\u1ed9i.<\/span><\/p>\n<h2 data-section-id=\"tx0rcq\" data-start=\"502\" data-end=\"552\"><span style=\"font-family: arial, helvetica, sans-serif; font-size: 12pt;\">X\u1eed l\u00fd panel c\u1ef1c l\u1edbn \u2013 m\u1edf r\u1ed9ng kh\u1ea3 n\u0103ng s\u1ea3n xu\u1ea5t<\/span><\/h2>\n<p data-start=\"554\" data-end=\"621\"><span style=\"font-family: arial, helvetica, sans-serif; font-size: 12pt;\">\ud83d\udccf H\u1ed7 tr\u1ee3 PCB k\u00edch th\u01b0\u1edbc l\u00ean \u0111\u1ebfn <strong data-start=\"587\" data-end=\"603\">610 \u00d7 610 mm<\/strong><\/span><br data-start=\"603\" data-end=\"606\" \/><span style=\"font-family: arial, helvetica, sans-serif; font-size: 12pt;\">\ud83d\udd27 Ph\u00f9 h\u1ee3p v\u1edbi:<\/span><\/p>\n<ul data-start=\"622\" data-end=\"698\">\n<li data-section-id=\"d4iu7d\" data-start=\"622\" data-end=\"643\">\n<p data-start=\"624\" data-end=\"643\"><span style=\"font-family: arial, helvetica, sans-serif; font-size: 12pt;\">PCB c\u00f4ng su\u1ea5t l\u1edbn<\/span><\/p>\n<\/li>\n<li data-section-id=\"1pmw73l\" data-start=\"644\" data-end=\"698\">\n<p data-start=\"646\" data-end=\"698\"><span style=\"font-family: arial, helvetica, sans-serif; font-size: 12pt;\">\u1ee8ng d\u1ee5ng trong automotive, n\u0103ng l\u01b0\u1ee3ng, c\u00f4ng nghi\u1ec7p<\/span><\/p>\n<\/li>\n<\/ul>\n<p data-start=\"700\" data-end=\"765\"><span style=\"font-family: arial, helvetica, sans-serif; font-size: 12pt;\">\u27a1\ufe0f Gi\u1ea3i ph\u00e1p l\u00fd t\u01b0\u1edfng cho c\u00e1c panel v\u01b0\u1ee3t ti\u00eau chu\u1ea9n th\u00f4ng th\u01b0\u1eddng.<\/span><\/p>\n<h2 data-section-id=\"mayvw9\" data-start=\"767\" data-end=\"801\"><span style=\"font-family: arial, helvetica, sans-serif; font-size: 12pt;\">T\u1ed1c \u0111\u1ed9 cao \u2013 n\u00e2ng cao hi\u1ec7u su\u1ea5t<\/span><\/h2>\n<p data-start=\"803\" data-end=\"878\"><span style=\"font-family: arial, helvetica, sans-serif; font-size: 12pt;\">\u26a1 T\u1ed1c \u0111\u1ed9 c\u1eaft l\u00ean \u0111\u1ebfn <strong data-start=\"824\" data-end=\"836\">100 mm\/s<\/strong><\/span><br data-start=\"836\" data-end=\"839\" \/><span style=\"font-family: arial, helvetica, sans-serif; font-size: 12pt;\">\ud83d\ude80 T\u1ed1c \u0111\u1ed9 di chuy\u1ec3n \u0111\u1ea1t <strong data-start=\"863\" data-end=\"876\">1000 mm\/s<\/strong><\/span><\/p>\n<p data-start=\"880\" data-end=\"888\"><span style=\"font-family: arial, helvetica, sans-serif; font-size: 12pt;\">\u27a1\ufe0f Gi\u00fap:<\/span><\/p>\n<ul data-start=\"889\" data-end=\"962\">\n<li data-section-id=\"t20kh3\" data-start=\"889\" data-end=\"914\">\n<p data-start=\"891\" data-end=\"914\"><span style=\"font-family: arial, helvetica, sans-serif; font-size: 12pt;\">Gi\u1ea3m th\u1eddi gian chu k\u1ef3<\/span><\/p>\n<\/li>\n<li data-section-id=\"mbiwny\" data-start=\"915\" data-end=\"933\">\n<p data-start=\"917\" data-end=\"933\"><span style=\"font-family: arial, helvetica, sans-serif; font-size: 12pt;\">T\u0103ng s\u1ea3n l\u01b0\u1ee3ng<\/span><\/p>\n<\/li>\n<li data-section-id=\"k4g8fi\" data-start=\"934\" data-end=\"962\">\n<p data-start=\"936\" data-end=\"962\"><span style=\"font-family: arial, helvetica, sans-serif; font-size: 12pt;\">T\u1ed1i \u01b0u hi\u1ec7u qu\u1ea3 v\u1eadn h\u00e0nh<\/span><\/p>\n<\/li>\n<\/ul>\n<h2 data-section-id=\"1domnom\" data-start=\"964\" data-end=\"1005\"><span style=\"font-family: arial, helvetica, sans-serif; font-size: 12pt;\">Single table \u2013 thi\u1ebft k\u1ebf t\u1ed1i \u01b0u chi ph\u00ed<\/span><\/h2>\n<p data-start=\"1007\" data-end=\"1054\"><span style=\"font-family: arial, helvetica, sans-serif; font-size: 12pt;\">\ud83d\udee0\ufe0f Thi\u1ebft k\u1ebf <strong data-start=\"1020\" data-end=\"1053\">1 b\u00e0n l\u00e0m vi\u1ec7c (single table)<\/strong>:<\/span><\/p>\n<ul data-start=\"1055\" data-end=\"1099\">\n<li data-section-id=\"1oilv02\" data-start=\"1055\" data-end=\"1070\">\n<p data-start=\"1057\" data-end=\"1070\"><span style=\"font-family: arial, helvetica, sans-serif; font-size: 12pt;\">D\u1ec5 v\u1eadn h\u00e0nh<\/span><\/p>\n<\/li>\n<li data-section-id=\"xem1za\" data-start=\"1071\" data-end=\"1099\">\n<p data-start=\"1073\" data-end=\"1099\"><span style=\"font-family: arial, helvetica, sans-serif; font-size: 12pt;\">Ti\u1ebft ki\u1ec7m chi ph\u00ed \u0111\u1ea7u t\u01b0<\/span><\/p>\n<\/li>\n<\/ul>\n<p data-start=\"1101\" data-end=\"1116\"><span style=\"font-family: arial, helvetica, sans-serif; font-size: 12pt;\">\u27a1\ufe0f Ph\u00f9 h\u1ee3p cho:<\/span><\/p>\n<ul data-start=\"1117\" data-end=\"1190\">\n<li data-section-id=\"1hihs7t\" data-start=\"1117\" data-end=\"1140\">\n<p data-start=\"1119\" data-end=\"1140\"><span style=\"font-family: arial, helvetica, sans-serif; font-size: 12pt;\">S\u1ea3n xu\u1ea5t v\u1eeba v\u00e0 l\u1edbn<\/span><\/p>\n<\/li>\n<li data-section-id=\"rglpis\" data-start=\"1141\" data-end=\"1190\">\n<p data-start=\"1143\" data-end=\"1190\"><span style=\"font-family: arial, helvetica, sans-serif; font-size: 12pt;\">Doanh nghi\u1ec7p c\u1ea7n gi\u1ea3i ph\u00e1p hi\u1ec7u qu\u1ea3 \u2013 kinh t\u1ebf<\/span><\/p>\n<\/li>\n<\/ul>\n<h2 data-section-id=\"umqbfo\" data-start=\"1192\" data-end=\"1223\"><span style=\"font-family: arial, helvetica, sans-serif; font-size: 12pt;\">H\u1ec7 th\u1ed1ng servo ch\u00ednh x\u00e1c cao<\/span><\/h2>\n<p data-start=\"1225\" data-end=\"1254\"><span style=\"font-family: arial, helvetica, sans-serif; font-size: 12pt;\">\ud83c\udfaf Servo axis ch\u1ea5t l\u01b0\u1ee3ng cao:<\/span><\/p>\n<ul data-start=\"1255\" data-end=\"1324\">\n<li data-section-id=\"2ks3nt\" data-start=\"1255\" data-end=\"1281\">\n<p data-start=\"1257\" data-end=\"1281\"><span style=\"font-family: arial, helvetica, sans-serif; font-size: 12pt;\">Gia t\u1ed1c\/gi\u1ea3m t\u1ed1c nhanh<\/span><\/p>\n<\/li>\n<li data-section-id=\"nrn7we\" data-start=\"1282\" data-end=\"1324\">\n<p data-start=\"1284\" data-end=\"1324\"><span style=\"font-family: arial, helvetica, sans-serif; font-size: 12pt;\">\u0110\u1ea3m b\u1ea3o \u0111\u01b0\u1eddng c\u1eaft ch\u00ednh x\u00e1c v\u00e0 \u1ed5n \u0111\u1ecbnh<\/span><\/p>\n<\/li>\n<\/ul>\n<p data-start=\"1326\" data-end=\"1375\"><span style=\"font-family: arial, helvetica, sans-serif; font-size: 12pt;\">\u27a1\ufe0f Duy tr\u00ec ch\u1ea5t l\u01b0\u1ee3ng \u0111\u1ed3ng \u0111\u1ec1u gi\u1eefa c\u00e1c s\u1ea3n ph\u1ea9m.<\/span><\/p>\n<h2 data-section-id=\"e5ekey\" data-start=\"1377\" data-end=\"1432\"><span style=\"font-family: arial, helvetica, sans-serif; font-size: 12pt;\">L\u1eadp tr\u00ecnh nhanh v\u1edbi camera CCD &amp; ph\u1ea7n m\u1ec1m th\u00e2n thi\u1ec7n<\/span><\/h2>\n<p data-start=\"1434\" data-end=\"1465\"><span style=\"font-family: arial, helvetica, sans-serif; font-size: 12pt;\">\ud83d\udcf7 Camera CCD \u0111\u1ed9 ph\u00e2n gi\u1ea3i cao:<\/span><\/p>\n<ul data-start=\"1466\" data-end=\"1523\">\n<li data-section-id=\"5lql45\" data-start=\"1466\" data-end=\"1496\">\n<p data-start=\"1468\" data-end=\"1496\"><span style=\"font-family: arial, helvetica, sans-serif; font-size: 12pt;\">Nh\u1eadn di\u1ec7n v\u1ecb tr\u00ed ch\u00ednh x\u00e1c<\/span><\/p>\n<\/li>\n<li data-section-id=\"9u1nrt\" data-start=\"1497\" data-end=\"1523\">\n<p data-start=\"1499\" data-end=\"1523\"><span style=\"font-family: arial, helvetica, sans-serif; font-size: 12pt;\">H\u1ed7 tr\u1ee3 c\u0103n ch\u1ec9nh nhanh<\/span><\/p>\n<\/li>\n<\/ul>\n<p data-start=\"1525\" data-end=\"1556\"><span style=\"font-family: arial, helvetica, sans-serif; font-size: 12pt;\">\ud83d\udda5\ufe0f Ph\u1ea7n m\u1ec1m Windows tr\u1ef1c quan:<\/span><\/p>\n<ul data-start=\"1557\" data-end=\"1636\">\n<li data-section-id=\"1yzke41\" data-start=\"1557\" data-end=\"1595\">\n<p data-start=\"1559\" data-end=\"1595\"><span style=\"font-family: arial, helvetica, sans-serif; font-size: 12pt;\">L\u1eadp tr\u00ecnh \u0111\u01b0\u1eddng c\u1eaft trong v\u00e0i ph\u00fat<\/span><\/p>\n<\/li>\n<li data-section-id=\"voch46\" data-start=\"1596\" data-end=\"1636\">\n<p data-start=\"1598\" data-end=\"1636\"><span style=\"font-family: arial, helvetica, sans-serif; font-size: 12pt;\">Kh\u00f4ng gi\u1edbi h\u1ea1n s\u1ed1 l\u01b0\u1ee3ng ch\u01b0\u01a1ng tr\u00ecnh<\/span><\/p>\n<\/li>\n<\/ul>\n<p data-start=\"1638\" data-end=\"1685\"><span style=\"font-family: arial, helvetica, sans-serif; font-size: 12pt;\">\u27a1\ufe0f T\u0103ng t\u00ednh linh ho\u1ea1t v\u00e0 gi\u1ea3m th\u1eddi gian setup.<\/span><\/p>\n<h2 data-section-id=\"13ztphq\" data-start=\"1687\" data-end=\"1723\"><span style=\"font-family: arial, helvetica, sans-serif; font-size: 12pt;\">K\u1ebft c\u1ea5u b\u1ec1n b\u1ec9 \u2013 v\u1eadn h\u00e0nh l\u00e2u d\u00e0i<\/span><\/h2>\n<p data-start=\"1725\" data-end=\"1754\"><span style=\"font-family: arial, helvetica, sans-serif; font-size: 12pt;\">\ud83d\udee0\ufe0f Khung th\u00e9p h\u00e0n ch\u1eafc ch\u1eafn:<\/span><\/p>\n<ul data-start=\"1755\" data-end=\"1798\">\n<li data-section-id=\"sisca7\" data-start=\"1755\" data-end=\"1770\">\n<p data-start=\"1757\" data-end=\"1770\"><span style=\"font-family: arial, helvetica, sans-serif; font-size: 12pt;\">\u0110\u1ed9 c\u1ee9ng cao<\/span><\/p>\n<\/li>\n<li data-section-id=\"91s5q7\" data-start=\"1771\" data-end=\"1798\">\n<p data-start=\"1773\" data-end=\"1798\"><span style=\"font-family: arial, helvetica, sans-serif; font-size: 12pt;\">Gi\u1ea3m rung khi ho\u1ea1t \u0111\u1ed9ng<\/span><\/p>\n<\/li>\n<\/ul>\n<p data-start=\"1800\" data-end=\"1826\"><span style=\"font-family: arial, helvetica, sans-serif; font-size: 12pt;\">\ud83d\udee1\ufe0f Tr\u1ee5c v\u00e0 ray d\u1eabn h\u01b0\u1edbng:<\/span><\/p>\n<ul data-start=\"1827\" data-end=\"1895\">\n<li data-section-id=\"d4y3dh\" data-start=\"1827\" data-end=\"1863\">\n<p data-start=\"1829\" data-end=\"1863\"><span style=\"font-family: arial, helvetica, sans-serif; font-size: 12pt;\">\u0110\u01b0\u1ee3c b\u1ea3o v\u1ec7 kh\u1ecfi b\u1ee5i v\u00e0 t\u1ea1p ch\u1ea5t<\/span><\/p>\n<\/li>\n<li data-section-id=\"pmw0eb\" data-start=\"1864\" data-end=\"1895\">\n<p data-start=\"1866\" data-end=\"1895\"><span style=\"font-family: arial, helvetica, sans-serif; font-size: 12pt;\">T\u0103ng tu\u1ed5i th\u1ecd v\u00e0 \u0111\u1ed9 \u1ed5n \u0111\u1ecbnh<\/span><\/p>\n<\/li>\n<\/ul>\n<h2 data-section-id=\"1qsl682\" data-start=\"1897\" data-end=\"1940\"><span style=\"font-family: arial, helvetica, sans-serif; font-size: 12pt;\">Gi\u1ea3i ph\u00e1p router cho panel l\u1edbn trong SMT<\/span><\/h2>\n<p data-start=\"1942\" data-end=\"2004\"><span style=\"font-family: arial, helvetica, sans-serif; font-size: 12pt;\">\ud83d\ude80 <strong data-start=\"1945\" data-end=\"1994\">Getech GSR1280E Semi Automatic Router Machine<\/strong> mang l\u1ea1i:<\/span><\/p>\n<ul data-start=\"2005\" data-end=\"2120\">\n<li data-section-id=\"1cdodlx\" data-start=\"2005\" data-end=\"2036\">\n<p data-start=\"2007\" data-end=\"2036\"><span style=\"font-family: arial, helvetica, sans-serif; font-size: 12pt;\">Kh\u1ea3 n\u0103ng x\u1eed l\u00fd PCB si\u00eau l\u1edbn<\/span><\/p>\n<\/li>\n<li data-section-id=\"n068ug\" data-start=\"2037\" data-end=\"2075\">\n<p data-start=\"2039\" data-end=\"2075\"><span style=\"font-family: arial, helvetica, sans-serif; font-size: 12pt;\">T\u1ed1c \u0111\u1ed9 cao v\u00e0 \u0111\u1ed9 ch\u00ednh x\u00e1c \u1ed5n \u0111\u1ecbnh<\/span><\/p>\n<\/li>\n<li data-section-id=\"44bmxo\" data-start=\"2076\" data-end=\"2120\">\n<p data-start=\"2078\" data-end=\"2120\"><span style=\"font-family: arial, helvetica, sans-serif; font-size: 12pt;\">Thi\u1ebft k\u1ebf t\u1ed1i \u01b0u chi ph\u00ed v\u1edbi single table<\/span><\/p>\n<\/li>\n<\/ul>\n<p data-start=\"2122\" data-end=\"2138\"><span style=\"font-family: arial, helvetica, sans-serif; font-size: 12pt;\">\u27a1\ufe0f L\u00fd t\u01b0\u1edfng cho:<\/span><\/p>\n<ul data-start=\"2139\" data-end=\"2283\">\n<li data-section-id=\"19yjzfn\" data-start=\"2139\" data-end=\"2181\">\n<p data-start=\"2141\" data-end=\"2181\"><span style=\"font-family: arial, helvetica, sans-serif; font-size: 12pt;\">Nh\u00e0 m\u00e1y SMT x\u1eed l\u00fd panel k\u00edch th\u01b0\u1edbc l\u1edbn<\/span><\/p>\n<\/li>\n<li data-section-id=\"hoa1d5\" data-start=\"2182\" data-end=\"2219\">\n<p data-start=\"2184\" data-end=\"2219\"><span style=\"font-family: arial, helvetica, sans-serif; font-size: 12pt;\">\u1ee8ng d\u1ee5ng y\u00eau c\u1ea7u \u0111\u1ed9 ch\u00ednh x\u00e1c cao<\/span><\/p>\n<\/li>\n<li data-section-id=\"1q3fgvs\" data-start=\"2220\" data-end=\"2283\">\n<p data-start=\"2222\" data-end=\"2283\"><span style=\"font-family: arial, helvetica, sans-serif; font-size: 12pt;\">Doanh nghi\u1ec7p c\u1ea7n gi\u1ea3i ph\u00e1p depaneling hi\u1ec7u qu\u1ea3 v\u00e0 linh ho\u1ea1t<\/span><\/p>\n<\/li>\n<\/ul>\n","protected":false},"excerpt":{"rendered":"<p>Getech GSR1280E Semi Automatic Router Machine l\u00e0 d\u00f2ng m\u00e1y router standalone \u0111\u01b0\u1ee3c thi\u1ebft k\u1ebf chuy\u00ean bi\u1ec7t cho panel<\/p>\n","protected":false},"author":1,"featured_media":4567,"parent":0,"menu_order":130,"comment_status":"open","ping_status":"closed","template":"","meta":{"inline_featured_image":false,"footnotes":""},"service-category":[78,80],"service_tag":[113],"class_list":["post-1638","product","type-product","status-publish","has-post-thumbnail","hentry","service-category-getech","service-category-may-cat-bo-mach-standalone","service_tag-getech-vi"],"yoast_head":"<!-- This site is optimized with the Yoast SEO plugin v27.5 - https:\/\/yoast.com\/product\/yoast-seo-wordpress\/ -->\n<title>M\u00c1Y GSR1280E - LORIOT INDUSTRIAL<\/title>\n<meta name=\"description\" content=\"Getech GSR1280E Semi Automatic Router Machine l\u00e0 d\u00f2ng m\u00e1y router standalone \u0111\u01b0\u1ee3c thi\u1ebft k\u1ebf chuy\u00ean bi\u1ec7t cho panel si\u00eau l\u1edbn\" \/>\n<meta name=\"robots\" content=\"index, follow, max-snippet:-1, max-image-preview:large, max-video-preview:-1\" \/>\n<link rel=\"canonical\" href=\"https:\/\/loriot.com.vn\/vi\/product\/may-gsr1280e\/\" \/>\n<meta property=\"og:locale\" content=\"vi_VN\" \/>\n<meta property=\"og:type\" content=\"article\" \/>\n<meta property=\"og:title\" content=\"M\u00c1Y GSR1280E - LORIOT INDUSTRIAL\" \/>\n<meta property=\"og:description\" content=\"Getech GSR1280E Semi Automatic Router Machine l\u00e0 d\u00f2ng m\u00e1y router standalone \u0111\u01b0\u1ee3c thi\u1ebft k\u1ebf chuy\u00ean bi\u1ec7t cho panel si\u00eau l\u1edbn\" \/>\n<meta property=\"og:url\" content=\"https:\/\/loriot.com.vn\/vi\/product\/may-gsr1280e\/\" \/>\n<meta property=\"og:site_name\" content=\"LORIOT INDUSTRIAL\" \/>\n<meta property=\"article:publisher\" content=\"https:\/\/www.facebook.com\/Loriot-Industrial-COLTD-103044855046633\" \/>\n<meta property=\"article:modified_time\" content=\"2026-03-18T10:02:59+00:00\" \/>\n<meta property=\"og:image\" content=\"https:\/\/loriot.com.vn\/wp-content\/uploads\/2021\/08\/GSR1280E-1.jpg\" \/>\n\t<meta property=\"og:image:width\" content=\"770\" \/>\n\t<meta property=\"og:image:height\" content=\"513\" \/>\n\t<meta property=\"og:image:type\" content=\"image\/jpeg\" \/>\n<meta name=\"twitter:card\" content=\"summary_large_image\" \/>\n<meta name=\"twitter:label1\" content=\"\u01af\u1edbc t\u00ednh th\u1eddi gian \u0111\u1ecdc\" \/>\n\t<meta name=\"twitter:data1\" content=\"3 ph\u00fat\" \/>\n<script type=\"application\/ld+json\" class=\"yoast-schema-graph\">{\"@context\":\"https:\\\/\\\/schema.org\",\"@graph\":[{\"@type\":\"WebPage\",\"@id\":\"https:\\\/\\\/loriot.com.vn\\\/vi\\\/product\\\/may-gsr1280e\\\/\",\"url\":\"https:\\\/\\\/loriot.com.vn\\\/vi\\\/product\\\/may-gsr1280e\\\/\",\"name\":\"M\u00c1Y GSR1280E - LORIOT INDUSTRIAL\",\"isPartOf\":{\"@id\":\"https:\\\/\\\/loriot.com.vn\\\/vi\\\/#website\"},\"primaryImageOfPage\":{\"@id\":\"https:\\\/\\\/loriot.com.vn\\\/vi\\\/product\\\/may-gsr1280e\\\/#primaryimage\"},\"image\":{\"@id\":\"https:\\\/\\\/loriot.com.vn\\\/vi\\\/product\\\/may-gsr1280e\\\/#primaryimage\"},\"thumbnailUrl\":\"https:\\\/\\\/loriot.com.vn\\\/wp-content\\\/uploads\\\/2021\\\/08\\\/GSR1280E-1.jpg\",\"datePublished\":\"2021-08-03T03:35:31+00:00\",\"dateModified\":\"2026-03-18T10:02:59+00:00\",\"description\":\"Getech GSR1280E Semi Automatic Router Machine l\u00e0 d\u00f2ng m\u00e1y router standalone \u0111\u01b0\u1ee3c thi\u1ebft k\u1ebf chuy\u00ean bi\u1ec7t cho panel si\u00eau l\u1edbn\",\"breadcrumb\":{\"@id\":\"https:\\\/\\\/loriot.com.vn\\\/vi\\\/product\\\/may-gsr1280e\\\/#breadcrumb\"},\"inLanguage\":\"vi\",\"potentialAction\":[{\"@type\":\"ReadAction\",\"target\":[\"https:\\\/\\\/loriot.com.vn\\\/vi\\\/product\\\/may-gsr1280e\\\/\"]}]},{\"@type\":\"ImageObject\",\"inLanguage\":\"vi\",\"@id\":\"https:\\\/\\\/loriot.com.vn\\\/vi\\\/product\\\/may-gsr1280e\\\/#primaryimage\",\"url\":\"https:\\\/\\\/loriot.com.vn\\\/wp-content\\\/uploads\\\/2021\\\/08\\\/GSR1280E-1.jpg\",\"contentUrl\":\"https:\\\/\\\/loriot.com.vn\\\/wp-content\\\/uploads\\\/2021\\\/08\\\/GSR1280E-1.jpg\",\"width\":770,\"height\":513,\"caption\":\"M\u00c1Y GSR1280E\"},{\"@type\":\"BreadcrumbList\",\"@id\":\"https:\\\/\\\/loriot.com.vn\\\/vi\\\/product\\\/may-gsr1280e\\\/#breadcrumb\",\"itemListElement\":[{\"@type\":\"ListItem\",\"position\":1,\"name\":\"Home\",\"item\":\"https:\\\/\\\/loriot.com.vn\\\/vi\\\/\"},{\"@type\":\"ListItem\",\"position\":2,\"name\":\"Products\",\"item\":\"https:\\\/\\\/loriot.com.vn\\\/vi\\\/product\\\/\"},{\"@type\":\"ListItem\",\"position\":3,\"name\":\"M\u00c1Y GSR1280E\"}]},{\"@type\":\"WebSite\",\"@id\":\"https:\\\/\\\/loriot.com.vn\\\/vi\\\/#website\",\"url\":\"https:\\\/\\\/loriot.com.vn\\\/vi\\\/\",\"name\":\"LORIOT INDUSTRIAL CO.,LTD\",\"description\":\"\",\"publisher\":{\"@id\":\"https:\\\/\\\/loriot.com.vn\\\/vi\\\/#organization\"},\"potentialAction\":[{\"@type\":\"SearchAction\",\"target\":{\"@type\":\"EntryPoint\",\"urlTemplate\":\"https:\\\/\\\/loriot.com.vn\\\/vi\\\/?s={search_term_string}\"},\"query-input\":{\"@type\":\"PropertyValueSpecification\",\"valueRequired\":true,\"valueName\":\"search_term_string\"}}],\"inLanguage\":\"vi\"},{\"@type\":\"Organization\",\"@id\":\"https:\\\/\\\/loriot.com.vn\\\/vi\\\/#organization\",\"name\":\"Loriot Industrial Co.,Ltd\",\"url\":\"https:\\\/\\\/loriot.com.vn\\\/vi\\\/\",\"logo\":{\"@type\":\"ImageObject\",\"inLanguage\":\"vi\",\"@id\":\"https:\\\/\\\/loriot.com.vn\\\/vi\\\/#\\\/schema\\\/logo\\\/image\\\/\",\"url\":\"https:\\\/\\\/loriot.com.vn\\\/wp-content\\\/uploads\\\/2021\\\/08\\\/logo-ft.png\",\"contentUrl\":\"https:\\\/\\\/loriot.com.vn\\\/wp-content\\\/uploads\\\/2021\\\/08\\\/logo-ft.png\",\"width\":333,\"height\":101,\"caption\":\"Loriot Industrial Co.,Ltd\"},\"image\":{\"@id\":\"https:\\\/\\\/loriot.com.vn\\\/vi\\\/#\\\/schema\\\/logo\\\/image\\\/\"},\"sameAs\":[\"https:\\\/\\\/www.facebook.com\\\/Loriot-Industrial-COLTD-103044855046633\"]}]}<\/script>\n<!-- \/ Yoast SEO plugin. -->","yoast_head_json":{"title":"M\u00c1Y GSR1280E - LORIOT INDUSTRIAL","description":"Getech GSR1280E Semi Automatic Router Machine l\u00e0 d\u00f2ng m\u00e1y router standalone \u0111\u01b0\u1ee3c thi\u1ebft k\u1ebf chuy\u00ean bi\u1ec7t cho panel si\u00eau l\u1edbn","robots":{"index":"index","follow":"follow","max-snippet":"max-snippet:-1","max-image-preview":"max-image-preview:large","max-video-preview":"max-video-preview:-1"},"canonical":"https:\/\/loriot.com.vn\/vi\/product\/may-gsr1280e\/","og_locale":"vi_VN","og_type":"article","og_title":"M\u00c1Y GSR1280E - LORIOT INDUSTRIAL","og_description":"Getech GSR1280E Semi Automatic Router Machine l\u00e0 d\u00f2ng m\u00e1y router standalone \u0111\u01b0\u1ee3c thi\u1ebft k\u1ebf chuy\u00ean bi\u1ec7t cho panel si\u00eau l\u1edbn","og_url":"https:\/\/loriot.com.vn\/vi\/product\/may-gsr1280e\/","og_site_name":"LORIOT INDUSTRIAL","article_publisher":"https:\/\/www.facebook.com\/Loriot-Industrial-COLTD-103044855046633","article_modified_time":"2026-03-18T10:02:59+00:00","og_image":[{"width":770,"height":513,"url":"https:\/\/loriot.com.vn\/wp-content\/uploads\/2021\/08\/GSR1280E-1.jpg","type":"image\/jpeg"}],"twitter_card":"summary_large_image","twitter_misc":{"\u01af\u1edbc t\u00ednh th\u1eddi gian \u0111\u1ecdc":"3 ph\u00fat"},"schema":{"@context":"https:\/\/schema.org","@graph":[{"@type":"WebPage","@id":"https:\/\/loriot.com.vn\/vi\/product\/may-gsr1280e\/","url":"https:\/\/loriot.com.vn\/vi\/product\/may-gsr1280e\/","name":"M\u00c1Y GSR1280E - LORIOT INDUSTRIAL","isPartOf":{"@id":"https:\/\/loriot.com.vn\/vi\/#website"},"primaryImageOfPage":{"@id":"https:\/\/loriot.com.vn\/vi\/product\/may-gsr1280e\/#primaryimage"},"image":{"@id":"https:\/\/loriot.com.vn\/vi\/product\/may-gsr1280e\/#primaryimage"},"thumbnailUrl":"https:\/\/loriot.com.vn\/wp-content\/uploads\/2021\/08\/GSR1280E-1.jpg","datePublished":"2021-08-03T03:35:31+00:00","dateModified":"2026-03-18T10:02:59+00:00","description":"Getech GSR1280E Semi Automatic Router Machine l\u00e0 d\u00f2ng m\u00e1y router standalone \u0111\u01b0\u1ee3c thi\u1ebft k\u1ebf chuy\u00ean bi\u1ec7t cho panel si\u00eau l\u1edbn","breadcrumb":{"@id":"https:\/\/loriot.com.vn\/vi\/product\/may-gsr1280e\/#breadcrumb"},"inLanguage":"vi","potentialAction":[{"@type":"ReadAction","target":["https:\/\/loriot.com.vn\/vi\/product\/may-gsr1280e\/"]}]},{"@type":"ImageObject","inLanguage":"vi","@id":"https:\/\/loriot.com.vn\/vi\/product\/may-gsr1280e\/#primaryimage","url":"https:\/\/loriot.com.vn\/wp-content\/uploads\/2021\/08\/GSR1280E-1.jpg","contentUrl":"https:\/\/loriot.com.vn\/wp-content\/uploads\/2021\/08\/GSR1280E-1.jpg","width":770,"height":513,"caption":"M\u00c1Y GSR1280E"},{"@type":"BreadcrumbList","@id":"https:\/\/loriot.com.vn\/vi\/product\/may-gsr1280e\/#breadcrumb","itemListElement":[{"@type":"ListItem","position":1,"name":"Home","item":"https:\/\/loriot.com.vn\/vi\/"},{"@type":"ListItem","position":2,"name":"Products","item":"https:\/\/loriot.com.vn\/vi\/product\/"},{"@type":"ListItem","position":3,"name":"M\u00c1Y GSR1280E"}]},{"@type":"WebSite","@id":"https:\/\/loriot.com.vn\/vi\/#website","url":"https:\/\/loriot.com.vn\/vi\/","name":"LORIOT INDUSTRIAL CO.,LTD","description":"","publisher":{"@id":"https:\/\/loriot.com.vn\/vi\/#organization"},"potentialAction":[{"@type":"SearchAction","target":{"@type":"EntryPoint","urlTemplate":"https:\/\/loriot.com.vn\/vi\/?s={search_term_string}"},"query-input":{"@type":"PropertyValueSpecification","valueRequired":true,"valueName":"search_term_string"}}],"inLanguage":"vi"},{"@type":"Organization","@id":"https:\/\/loriot.com.vn\/vi\/#organization","name":"Loriot Industrial Co.,Ltd","url":"https:\/\/loriot.com.vn\/vi\/","logo":{"@type":"ImageObject","inLanguage":"vi","@id":"https:\/\/loriot.com.vn\/vi\/#\/schema\/logo\/image\/","url":"https:\/\/loriot.com.vn\/wp-content\/uploads\/2021\/08\/logo-ft.png","contentUrl":"https:\/\/loriot.com.vn\/wp-content\/uploads\/2021\/08\/logo-ft.png","width":333,"height":101,"caption":"Loriot Industrial Co.,Ltd"},"image":{"@id":"https:\/\/loriot.com.vn\/vi\/#\/schema\/logo\/image\/"},"sameAs":["https:\/\/www.facebook.com\/Loriot-Industrial-COLTD-103044855046633"]}]}},"_links":{"self":[{"href":"https:\/\/loriot.com.vn\/vi\/wp-json\/wp\/v2\/product\/1638","targetHints":{"allow":["GET"]}}],"collection":[{"href":"https:\/\/loriot.com.vn\/vi\/wp-json\/wp\/v2\/product"}],"about":[{"href":"https:\/\/loriot.com.vn\/vi\/wp-json\/wp\/v2\/types\/product"}],"author":[{"embeddable":true,"href":"https:\/\/loriot.com.vn\/vi\/wp-json\/wp\/v2\/users\/1"}],"replies":[{"embeddable":true,"href":"https:\/\/loriot.com.vn\/vi\/wp-json\/wp\/v2\/comments?post=1638"}],"version-history":[{"count":14,"href":"https:\/\/loriot.com.vn\/vi\/wp-json\/wp\/v2\/product\/1638\/revisions"}],"predecessor-version":[{"id":6616,"href":"https:\/\/loriot.com.vn\/vi\/wp-json\/wp\/v2\/product\/1638\/revisions\/6616"}],"wp:featuredmedia":[{"embeddable":true,"href":"https:\/\/loriot.com.vn\/vi\/wp-json\/wp\/v2\/media\/4567"}],"wp:attachment":[{"href":"https:\/\/loriot.com.vn\/vi\/wp-json\/wp\/v2\/media?parent=1638"}],"wp:term":[{"taxonomy":"service-category","embeddable":true,"href":"https:\/\/loriot.com.vn\/vi\/wp-json\/wp\/v2\/service-category?post=1638"},{"taxonomy":"service_tag","embeddable":true,"href":"https:\/\/loriot.com.vn\/vi\/wp-json\/wp\/v2\/service_tag?post=1638"}],"curies":[{"name":"wp","href":"https:\/\/api.w.org\/{rel}","templated":true}]}}