{"id":1640,"date":"2021-08-03T04:15:39","date_gmt":"2021-08-03T04:15:39","guid":{"rendered":"http:\/\/loriot.com.vn\/product\/gsr2280\/"},"modified":"2026-03-18T16:53:55","modified_gmt":"2026-03-18T09:53:55","slug":"may-gsr2280","status":"publish","type":"product","link":"https:\/\/loriot.com.vn\/vi\/product\/may-gsr2280\/","title":{"rendered":"M\u00c1Y GSR2280"},"content":{"rendered":"<p style=\"text-align: center;\"><span style=\"font-family: arial, helvetica, sans-serif; font-size: 14pt;\"><strong>M\u00c1Y GSR2280<\/strong><\/span><\/p>\n<p>&nbsp;<\/p>\n<h1 data-section-id=\"8dn3y8\" data-start=\"0\" data-end=\"77\"><span style=\"font-family: arial, helvetica, sans-serif; font-size: 12pt;\">M\u00e1y router PCB b\u00e1n t\u1ef1 \u0111\u1ed9ng Getech GSR2280 \u2013 T\u1ed1c \u0111\u1ed9 c\u1ef1c cao cho s\u1ea3n xu\u1ea5t PCB<\/span><\/h1>\n<p data-start=\"79\" data-end=\"361\"><span style=\"font-family: arial, helvetica, sans-serif; font-size: 12pt;\">Trong c\u00e1c \u1ee9ng d\u1ee5ng y\u00eau c\u1ea7u <strong data-start=\"106\" data-end=\"150\">t\u1ed1c \u0111\u1ed9 depaneling nhanh v\u00e0 s\u1ea3n l\u01b0\u1ee3ng l\u1edbn<\/strong>, vi\u1ec7c t\u1ed1i \u01b0u cycle time l\u00e0 y\u1ebfu t\u1ed1 quy\u1ebft \u0111\u1ecbnh. <strong data-start=\"197\" data-end=\"215\">Getech GSR2280<\/strong> l\u00e0 d\u00f2ng m\u00e1y router standalone cao c\u1ea5p, n\u1ed5i b\u1eadt v\u1edbi t\u1ed1c \u0111\u1ed9 x\u1eed l\u00fd c\u1ef1c nhanh v\u00e0 kh\u1ea3 n\u0103ng v\u1eadn h\u00e0nh li\u00ean t\u1ee5c, ph\u00f9 h\u1ee3p cho c\u00e1c d\u00e2y chuy\u1ec1n SMT hi\u1ec7n \u0111\u1ea1i.<\/span><\/p>\n<h2 data-section-id=\"qanlco\" data-start=\"363\" data-end=\"400\"><span style=\"font-family: arial, helvetica, sans-serif; font-size: 12pt;\">T\u1ed1c \u0111\u1ed9 h\u00e0ng \u0111\u1ea7u \u2013 ch\u1ec9 0.3 gi\u00e2y\/tab<\/span><\/h2>\n<p data-start=\"402\" data-end=\"515\"><span style=\"font-family: arial, helvetica, sans-serif; font-size: 12pt;\">\u26a1 Cycle rate c\u1ef1c nhanh <strong data-start=\"425\" data-end=\"445\">0.3 gi\u00e2y m\u1ed7i tab<\/strong><\/span><br data-start=\"445\" data-end=\"448\" \/><span style=\"font-family: arial, helvetica, sans-serif; font-size: 12pt;\">\ud83d\ude80 \u0110\u01b0\u1ee3c xem l\u00e0 <strong data-start=\"463\" data-end=\"513\">m\u1ed9t trong nh\u1eefng m\u00e1y router nhanh nh\u1ea5t th\u1ebf gi\u1edbi<\/strong><\/span><\/p>\n<p data-start=\"517\" data-end=\"529\"><span style=\"font-family: arial, helvetica, sans-serif; font-size: 12pt;\">\u27a1\ufe0f Mang l\u1ea1i:<\/span><\/p>\n<ul data-start=\"530\" data-end=\"629\">\n<li data-section-id=\"1ayjofh\" data-start=\"530\" data-end=\"557\">\n<p data-start=\"532\" data-end=\"557\"><span style=\"font-family: arial, helvetica, sans-serif; font-size: 12pt;\">T\u0103ng throughput \u0111\u00e1ng k\u1ec3<\/span><\/p>\n<\/li>\n<li data-section-id=\"1u1ksbk\" data-start=\"558\" data-end=\"592\">\n<p data-start=\"560\" data-end=\"592\"><span style=\"font-family: arial, helvetica, sans-serif; font-size: 12pt;\">Gi\u1ea3m th\u1eddi gian x\u1eed l\u00fd m\u1ed7i panel<\/span><\/p>\n<\/li>\n<li data-section-id=\"dpnipc\" data-start=\"593\" data-end=\"629\">\n<p data-start=\"595\" data-end=\"629\"><span style=\"font-family: arial, helvetica, sans-serif; font-size: 12pt;\">T\u1ed1i \u01b0u n\u0103ng su\u1ea5t to\u00e0n d\u00e2y chuy\u1ec1n<\/span><\/p>\n<\/li>\n<\/ul>\n<h2 data-section-id=\"1d4nlno\" data-start=\"631\" data-end=\"677\"><span style=\"font-family: arial, helvetica, sans-serif; font-size: 12pt;\">Dual workstation \u2013 v\u1eadn h\u00e0nh kh\u00f4ng gi\u00e1n \u0111o\u1ea1n<\/span><\/h2>\n<p data-start=\"679\" data-end=\"718\"><span style=\"font-family: arial, helvetica, sans-serif; font-size: 12pt;\">\ud83d\udd04 Thi\u1ebft k\u1ebf <strong data-start=\"691\" data-end=\"717\">2 b\u00e0n l\u00e0m vi\u1ec7c \u0111\u1ed9c l\u1eadp<\/strong>:<\/span><\/p>\n<ul data-start=\"719\" data-end=\"762\">\n<li data-section-id=\"ievyq\" data-start=\"719\" data-end=\"738\">\n<p data-start=\"721\" data-end=\"738\"><span style=\"font-family: arial, helvetica, sans-serif; font-size: 12pt;\">M\u1ed9t b\u00ean routing<\/span><\/p>\n<\/li>\n<li data-section-id=\"jy8m8q\" data-start=\"739\" data-end=\"762\">\n<p data-start=\"741\" data-end=\"762\"><span style=\"font-family: arial, helvetica, sans-serif; font-size: 12pt;\">M\u1ed9t b\u00ean load\/unload<\/span><\/p>\n<\/li>\n<\/ul>\n<p data-start=\"764\" data-end=\"772\"><span style=\"font-family: arial, helvetica, sans-serif; font-size: 12pt;\">\u27a1\ufe0f Gi\u00fap:<\/span><\/p>\n<ul data-start=\"773\" data-end=\"842\">\n<li data-section-id=\"11b0is9\" data-start=\"773\" data-end=\"799\">\n<p data-start=\"775\" data-end=\"799\"><span style=\"font-family: arial, helvetica, sans-serif; font-size: 12pt;\">Kh\u00f4ng c\u00f3 th\u1eddi gian ch\u1edd<\/span><\/p>\n<\/li>\n<li data-section-id=\"1vgxlvf\" data-start=\"800\" data-end=\"842\">\n<p data-start=\"802\" data-end=\"842\"><span style=\"font-family: arial, helvetica, sans-serif; font-size: 12pt;\">T\u1ed1i \u01b0u h\u00f3a quy tr\u00ecnh s\u1ea3n xu\u1ea5t li\u00ean t\u1ee5c<\/span><\/p>\n<\/li>\n<\/ul>\n<h2 data-section-id=\"1p0btu8\" data-start=\"844\" data-end=\"871\"><span style=\"font-family: arial, helvetica, sans-serif; font-size: 12pt;\">X\u1eed l\u00fd PCB k\u00edch th\u01b0\u1edbc l\u1edbn<\/span><\/h2>\n<p data-start=\"873\" data-end=\"931\"><span style=\"font-family: arial, helvetica, sans-serif; font-size: 12pt;\">\ud83d\udccf H\u1ed7 tr\u1ee3 panel l\u00ean \u0111\u1ebfn <strong data-start=\"897\" data-end=\"913\">550 \u00d7 585 mm<\/strong><\/span><br data-start=\"913\" data-end=\"916\" \/><span style=\"font-family: arial, helvetica, sans-serif; font-size: 12pt;\">\ud83d\udd27 Ph\u00f9 h\u1ee3p v\u1edbi:<\/span><\/p>\n<ul data-start=\"932\" data-end=\"985\">\n<li data-section-id=\"1fihlmg\" data-start=\"932\" data-end=\"951\">\n<p data-start=\"934\" data-end=\"951\"><span style=\"font-family: arial, helvetica, sans-serif; font-size: 12pt;\">PCB c\u00f4ng nghi\u1ec7p<\/span><\/p>\n<\/li>\n<li data-section-id=\"1vyx0n2\" data-start=\"952\" data-end=\"985\">\n<p data-start=\"954\" data-end=\"985\"><span style=\"font-family: arial, helvetica, sans-serif; font-size: 12pt;\">Board k\u00edch th\u01b0\u1edbc trung v\u00e0 l\u1edbn<\/span><\/p>\n<\/li>\n<\/ul>\n<p data-start=\"987\" data-end=\"1029\"><span style=\"font-family: arial, helvetica, sans-serif; font-size: 12pt;\">\u27a1\ufe0f Linh ho\u1ea1t cho nhi\u1ec1u \u1ee9ng d\u1ee5ng kh\u00e1c nhau.<\/span><\/p>\n<h2 data-section-id=\"qqx7aw\" data-start=\"1031\" data-end=\"1075\"><span style=\"font-family: arial, helvetica, sans-serif; font-size: 12pt;\">\u0110i\u1ec1u khi\u1ec3n ch\u00ednh x\u00e1c v\u1edbi h\u1ec7 servo cao c\u1ea5p<\/span><\/h2>\n<p data-start=\"1077\" data-end=\"1095\"><span style=\"font-family: arial, helvetica, sans-serif; font-size: 12pt;\">\ud83c\udfaf H\u1ec7 th\u1ed1ng servo:<\/span><\/p>\n<ul data-start=\"1096\" data-end=\"1162\">\n<li data-section-id=\"14tbogg\" data-start=\"1096\" data-end=\"1125\">\n<p data-start=\"1098\" data-end=\"1125\"><span style=\"font-family: arial, helvetica, sans-serif; font-size: 12pt;\">Gia t\u1ed1c v\u00e0 gi\u1ea3m t\u1ed1c nhanh<\/span><\/p>\n<\/li>\n<li data-section-id=\"crx7bp\" data-start=\"1126\" data-end=\"1162\">\n<p data-start=\"1128\" data-end=\"1162\"><span style=\"font-family: arial, helvetica, sans-serif; font-size: 12pt;\">\u0110\u1ea3m b\u1ea3o \u0111\u1ed9 ch\u00ednh x\u00e1c cao khi c\u1eaft<\/span><\/p>\n<\/li>\n<\/ul>\n<p data-start=\"1164\" data-end=\"1172\"><span style=\"font-family: arial, helvetica, sans-serif; font-size: 12pt;\">\u27a1\ufe0f Gi\u00fap:<\/span><\/p>\n<ul data-start=\"1173\" data-end=\"1237\">\n<li data-section-id=\"1sgs7fn\" data-start=\"1173\" data-end=\"1194\">\n<p data-start=\"1175\" data-end=\"1194\"><span style=\"font-family: arial, helvetica, sans-serif; font-size: 12pt;\">\u0110\u01b0\u1eddng c\u1eaft \u1ed5n \u0111\u1ecbnh<\/span><\/p>\n<\/li>\n<li data-section-id=\"1y6aq2i\" data-start=\"1195\" data-end=\"1237\">\n<p data-start=\"1197\" data-end=\"1237\"><span style=\"font-family: arial, helvetica, sans-serif; font-size: 12pt;\">\u0110\u1ed3ng nh\u1ea5t ch\u1ea5t l\u01b0\u1ee3ng gi\u1eefa c\u00e1c s\u1ea3n ph\u1ea9m<\/span><\/p>\n<\/li>\n<\/ul>\n<h2 data-section-id=\"1ggc3ge\" data-start=\"1239\" data-end=\"1281\"><span style=\"font-family: arial, helvetica, sans-serif; font-size: 12pt;\">L\u1eadp tr\u00ecnh nhanh v\u1edbi \u201cMove, Teach &amp; Cut\u201d<\/span><\/h2>\n<p data-start=\"1283\" data-end=\"1311\"><span style=\"font-family: arial, helvetica, sans-serif; font-size: 12pt;\">\ud83d\udda5\ufe0f Giao di\u1ec7n GUI tr\u1ef1c quan:<\/span><\/p>\n<ul data-start=\"1312\" data-end=\"1369\">\n<li data-section-id=\"16h6uvc\" data-start=\"1312\" data-end=\"1339\">\n<p data-start=\"1314\" data-end=\"1339\"><span style=\"font-family: arial, helvetica, sans-serif; font-size: 12pt;\">L\u1eadp tr\u00ecnh b\u1eb1ng h\u00ecnh \u1ea3nh<\/span><\/p>\n<\/li>\n<li data-section-id=\"a51h4j\" data-start=\"1340\" data-end=\"1369\">\n<p data-start=\"1342\" data-end=\"1369\"><span style=\"font-family: arial, helvetica, sans-serif; font-size: 12pt;\">D\u1ec5 d\u00e0ng \u201cteach\u201d \u0111\u01b0\u1eddng c\u1eaft<\/span><\/p>\n<\/li>\n<\/ul>\n<p data-start=\"1371\" data-end=\"1393\"><span style=\"font-family: arial, helvetica, sans-serif; font-size: 12pt;\">\ud83d\udcf7 K\u1ebft h\u1ee3p camera CCD:<\/span><\/p>\n<ul data-start=\"1394\" data-end=\"1460\">\n<li data-section-id=\"5lql45\" data-start=\"1394\" data-end=\"1424\">\n<p data-start=\"1396\" data-end=\"1424\"><span style=\"font-family: arial, helvetica, sans-serif; font-size: 12pt;\">Nh\u1eadn di\u1ec7n v\u1ecb tr\u00ed ch\u00ednh x\u00e1c<\/span><\/p>\n<\/li>\n<li data-section-id=\"1br2jvo\" data-start=\"1425\" data-end=\"1460\">\n<p data-start=\"1427\" data-end=\"1460\"><span style=\"font-family: arial, helvetica, sans-serif; font-size: 12pt;\">T\u1ea1o ch\u01b0\u01a1ng tr\u00ecnh trong v\u00e0i ph\u00fat<\/span><\/p>\n<\/li>\n<\/ul>\n<p data-start=\"1462\" data-end=\"1510\"><span style=\"font-family: arial, helvetica, sans-serif; font-size: 12pt;\">\u27a1\ufe0f Gi\u1ea3m th\u1eddi gian setup v\u00e0 h\u1ea1n ch\u1ebf l\u1ed7i v\u1eadn h\u00e0nh.<\/span><\/p>\n<h2 data-section-id=\"euoqzj\" data-start=\"1512\" data-end=\"1548\"><span style=\"font-family: arial, helvetica, sans-serif; font-size: 12pt;\">K\u1ebft c\u1ea5u b\u1ec1n b\u1ec9 \u2013 v\u1eadn h\u00e0nh \u1ed5n \u0111\u1ecbnh<\/span><\/h2>\n<p data-start=\"1550\" data-end=\"1575\"><span style=\"font-family: arial, helvetica, sans-serif; font-size: 12pt;\">\ud83d\udee0\ufe0f Khung th\u00e9p ch\u1eafc ch\u1eafn:<\/span><\/p>\n<ul data-start=\"1576\" data-end=\"1629\">\n<li data-section-id=\"sisca7\" data-start=\"1576\" data-end=\"1591\">\n<p data-start=\"1578\" data-end=\"1591\"><span style=\"font-family: arial, helvetica, sans-serif; font-size: 12pt;\">\u0110\u1ed9 c\u1ee9ng cao<\/span><\/p>\n<\/li>\n<li data-section-id=\"bcholw\" data-start=\"1592\" data-end=\"1629\">\n<p data-start=\"1594\" data-end=\"1629\"><span style=\"font-family: arial, helvetica, sans-serif; font-size: 12pt;\">Gi\u1ea3m rung khi v\u1eadn h\u00e0nh t\u1ed1c \u0111\u1ed9 cao<\/span><\/p>\n<\/li>\n<\/ul>\n<p data-start=\"1631\" data-end=\"1656\"><span style=\"font-family: arial, helvetica, sans-serif; font-size: 12pt;\">\ud83d\udee1\ufe0f H\u1ec7 th\u1ed1ng tr\u1ee5c v\u00e0 ray:<\/span><\/p>\n<ul data-start=\"1657\" data-end=\"1712\">\n<li data-section-id=\"12s3cpo\" data-start=\"1657\" data-end=\"1681\">\n<p data-start=\"1659\" data-end=\"1681\"><span style=\"font-family: arial, helvetica, sans-serif; font-size: 12pt;\">\u0110\u01b0\u1ee3c b\u1ea3o v\u1ec7 kh\u1ecfi b\u1ee5i<\/span><\/p>\n<\/li>\n<li data-section-id=\"s3e8ko\" data-start=\"1682\" data-end=\"1712\">\n<p data-start=\"1684\" data-end=\"1712\"><span style=\"font-family: arial, helvetica, sans-serif; font-size: 12pt;\">T\u0103ng tu\u1ed5i th\u1ecd v\u00e0 hi\u1ec7u su\u1ea5t<\/span><\/p>\n<\/li>\n<\/ul>\n<h2 data-section-id=\"1jzk3gu\" data-start=\"1714\" data-end=\"1752\"><span style=\"font-family: arial, helvetica, sans-serif; font-size: 12pt;\">Gi\u1ea3i ph\u00e1p router t\u1ed1c \u0111\u1ed9 cao cho SMT<\/span><\/h2>\n<p data-start=\"1754\" data-end=\"1785\"><span style=\"font-family: arial, helvetica, sans-serif; font-size: 12pt;\">\ud83d\ude80 <strong data-start=\"1757\" data-end=\"1775\">Getech GSR2280<\/strong> mang l\u1ea1i:<\/span><\/p>\n<ul data-start=\"1786\" data-end=\"1890\">\n<li data-section-id=\"nibxvp\" data-start=\"1786\" data-end=\"1812\">\n<p data-start=\"1788\" data-end=\"1812\"><span style=\"font-family: arial, helvetica, sans-serif; font-size: 12pt;\">T\u1ed1c \u0111\u1ed9 x\u1eed l\u00fd v\u01b0\u1ee3t tr\u1ed9i<\/span><\/p>\n<\/li>\n<li data-section-id=\"1tzb62r\" data-start=\"1813\" data-end=\"1855\">\n<p data-start=\"1815\" data-end=\"1855\"><span style=\"font-family: arial, helvetica, sans-serif; font-size: 12pt;\">V\u1eadn h\u00e0nh li\u00ean t\u1ee5c v\u1edbi dual workstation<\/span><\/p>\n<\/li>\n<li data-section-id=\"ylprrj\" data-start=\"1856\" data-end=\"1890\">\n<p data-start=\"1858\" data-end=\"1890\"><span style=\"font-family: arial, helvetica, sans-serif; font-size: 12pt;\">\u0110\u1ed9 ch\u00ednh x\u00e1c v\u00e0 \u0111\u1ed9 \u1ed5n \u0111\u1ecbnh cao<\/span><\/p>\n<\/li>\n<\/ul>\n<p data-start=\"1892\" data-end=\"1908\"><span style=\"font-family: arial, helvetica, sans-serif; font-size: 12pt;\">\u27a1\ufe0f L\u00fd t\u01b0\u1edfng cho:<\/span><\/p>\n<ul data-start=\"1909\" data-end=\"2022\">\n<li data-section-id=\"1688kg\" data-start=\"1909\" data-end=\"1938\">\n<p data-start=\"1911\" data-end=\"1938\"><span style=\"font-family: arial, helvetica, sans-serif; font-size: 12pt;\">Nh\u00e0 m\u00e1y SMT s\u1ea3n l\u01b0\u1ee3ng l\u1edbn<\/span><\/p>\n<\/li>\n<li data-section-id=\"1l9wnay\" data-start=\"1939\" data-end=\"1975\">\n<p data-start=\"1941\" data-end=\"1975\"><span style=\"font-family: arial, helvetica, sans-serif; font-size: 12pt;\">\u1ee8ng d\u1ee5ng y\u00eau c\u1ea7u cycle time th\u1ea5p<\/span><\/p>\n<\/li>\n<li data-section-id=\"1opq8sv\" data-start=\"1976\" data-end=\"2022\">\n<p data-start=\"1978\" data-end=\"2022\"><span style=\"font-family: arial, helvetica, sans-serif; font-size: 12pt;\">D\u00e2y chuy\u1ec1n c\u1ea7n t\u1ed1i \u01b0u hi\u1ec7u su\u1ea5t depaneling<\/span><\/p>\n<\/li>\n<\/ul>\n","protected":false},"excerpt":{"rendered":"<p>Getech GSR2280 l\u00e0 d\u00f2ng m\u00e1y router standalone cao c\u1ea5p, n\u1ed5i b\u1eadt v\u1edbi t\u1ed1c \u0111\u1ed9 x\u1eed l\u00fd c\u1ef1c nhanh v\u00e0 kh\u1ea3 n\u0103ng v\u1eadn h\u00e0nh li\u00ean t\u1ee5c.<\/p>\n","protected":false},"author":1,"featured_media":4560,"parent":0,"menu_order":124,"comment_status":"open","ping_status":"closed","template":"","meta":{"inline_featured_image":false,"footnotes":""},"service-category":[78,80],"service_tag":[113],"class_list":["post-1640","product","type-product","status-publish","has-post-thumbnail","hentry","service-category-getech","service-category-may-cat-bo-mach-standalone","service_tag-getech-vi"],"yoast_head":"<!-- This site is optimized with the Yoast SEO plugin v27.5 - https:\/\/yoast.com\/product\/yoast-seo-wordpress\/ -->\n<title>M\u00c1Y GSR2280 - LORIOT INDUSTRIAL<\/title>\n<meta name=\"description\" content=\"Getech GSR2280 l\u00e0 d\u00f2ng m\u00e1y router standalone cao c\u1ea5p, n\u1ed5i b\u1eadt v\u1edbi t\u1ed1c \u0111\u1ed9 x\u1eed l\u00fd c\u1ef1c nhanh v\u00e0 kh\u1ea3 n\u0103ng v\u1eadn h\u00e0nh li\u00ean t\u1ee5c.\" \/>\n<meta name=\"robots\" content=\"index, follow, max-snippet:-1, max-image-preview:large, max-video-preview:-1\" \/>\n<link rel=\"canonical\" href=\"https:\/\/loriot.com.vn\/vi\/product\/may-gsr2280\/\" \/>\n<meta property=\"og:locale\" content=\"vi_VN\" \/>\n<meta property=\"og:type\" content=\"article\" \/>\n<meta property=\"og:title\" content=\"M\u00c1Y GSR2280 - LORIOT INDUSTRIAL\" \/>\n<meta property=\"og:description\" content=\"Getech GSR2280 l\u00e0 d\u00f2ng m\u00e1y router standalone cao c\u1ea5p, n\u1ed5i b\u1eadt v\u1edbi t\u1ed1c \u0111\u1ed9 x\u1eed l\u00fd c\u1ef1c nhanh v\u00e0 kh\u1ea3 n\u0103ng v\u1eadn h\u00e0nh li\u00ean t\u1ee5c.\" \/>\n<meta property=\"og:url\" content=\"https:\/\/loriot.com.vn\/vi\/product\/may-gsr2280\/\" \/>\n<meta property=\"og:site_name\" content=\"LORIOT INDUSTRIAL\" \/>\n<meta property=\"article:publisher\" content=\"https:\/\/www.facebook.com\/Loriot-Industrial-COLTD-103044855046633\" \/>\n<meta property=\"article:modified_time\" content=\"2026-03-18T09:53:55+00:00\" \/>\n<meta property=\"og:image\" content=\"https:\/\/loriot.com.vn\/wp-content\/uploads\/2021\/08\/GSR2280-Gal1-NEW-512x630-1.jpg\" \/>\n\t<meta property=\"og:image:width\" content=\"770\" \/>\n\t<meta property=\"og:image:height\" content=\"513\" \/>\n\t<meta property=\"og:image:type\" content=\"image\/jpeg\" \/>\n<meta name=\"twitter:card\" content=\"summary_large_image\" \/>\n<meta name=\"twitter:label1\" content=\"\u01af\u1edbc t\u00ednh th\u1eddi gian \u0111\u1ecdc\" \/>\n\t<meta name=\"twitter:data1\" content=\"2 ph\u00fat\" \/>\n<script type=\"application\/ld+json\" class=\"yoast-schema-graph\">{\"@context\":\"https:\\\/\\\/schema.org\",\"@graph\":[{\"@type\":\"WebPage\",\"@id\":\"https:\\\/\\\/loriot.com.vn\\\/vi\\\/product\\\/may-gsr2280\\\/\",\"url\":\"https:\\\/\\\/loriot.com.vn\\\/vi\\\/product\\\/may-gsr2280\\\/\",\"name\":\"M\u00c1Y GSR2280 - LORIOT INDUSTRIAL\",\"isPartOf\":{\"@id\":\"https:\\\/\\\/loriot.com.vn\\\/vi\\\/#website\"},\"primaryImageOfPage\":{\"@id\":\"https:\\\/\\\/loriot.com.vn\\\/vi\\\/product\\\/may-gsr2280\\\/#primaryimage\"},\"image\":{\"@id\":\"https:\\\/\\\/loriot.com.vn\\\/vi\\\/product\\\/may-gsr2280\\\/#primaryimage\"},\"thumbnailUrl\":\"https:\\\/\\\/loriot.com.vn\\\/wp-content\\\/uploads\\\/2021\\\/08\\\/GSR2280-Gal1-NEW-512x630-1.jpg\",\"datePublished\":\"2021-08-03T04:15:39+00:00\",\"dateModified\":\"2026-03-18T09:53:55+00:00\",\"description\":\"Getech GSR2280 l\u00e0 d\u00f2ng m\u00e1y router standalone cao c\u1ea5p, n\u1ed5i b\u1eadt v\u1edbi t\u1ed1c \u0111\u1ed9 x\u1eed l\u00fd c\u1ef1c nhanh v\u00e0 kh\u1ea3 n\u0103ng v\u1eadn h\u00e0nh li\u00ean t\u1ee5c.\",\"breadcrumb\":{\"@id\":\"https:\\\/\\\/loriot.com.vn\\\/vi\\\/product\\\/may-gsr2280\\\/#breadcrumb\"},\"inLanguage\":\"vi\",\"potentialAction\":[{\"@type\":\"ReadAction\",\"target\":[\"https:\\\/\\\/loriot.com.vn\\\/vi\\\/product\\\/may-gsr2280\\\/\"]}]},{\"@type\":\"ImageObject\",\"inLanguage\":\"vi\",\"@id\":\"https:\\\/\\\/loriot.com.vn\\\/vi\\\/product\\\/may-gsr2280\\\/#primaryimage\",\"url\":\"https:\\\/\\\/loriot.com.vn\\\/wp-content\\\/uploads\\\/2021\\\/08\\\/GSR2280-Gal1-NEW-512x630-1.jpg\",\"contentUrl\":\"https:\\\/\\\/loriot.com.vn\\\/wp-content\\\/uploads\\\/2021\\\/08\\\/GSR2280-Gal1-NEW-512x630-1.jpg\",\"width\":770,\"height\":513,\"caption\":\"M\u00c1Y GSR2280\"},{\"@type\":\"BreadcrumbList\",\"@id\":\"https:\\\/\\\/loriot.com.vn\\\/vi\\\/product\\\/may-gsr2280\\\/#breadcrumb\",\"itemListElement\":[{\"@type\":\"ListItem\",\"position\":1,\"name\":\"Home\",\"item\":\"https:\\\/\\\/loriot.com.vn\\\/vi\\\/\"},{\"@type\":\"ListItem\",\"position\":2,\"name\":\"Products\",\"item\":\"https:\\\/\\\/loriot.com.vn\\\/vi\\\/product\\\/\"},{\"@type\":\"ListItem\",\"position\":3,\"name\":\"M\u00c1Y GSR2280\"}]},{\"@type\":\"WebSite\",\"@id\":\"https:\\\/\\\/loriot.com.vn\\\/vi\\\/#website\",\"url\":\"https:\\\/\\\/loriot.com.vn\\\/vi\\\/\",\"name\":\"LORIOT INDUSTRIAL CO.,LTD\",\"description\":\"\",\"publisher\":{\"@id\":\"https:\\\/\\\/loriot.com.vn\\\/vi\\\/#organization\"},\"potentialAction\":[{\"@type\":\"SearchAction\",\"target\":{\"@type\":\"EntryPoint\",\"urlTemplate\":\"https:\\\/\\\/loriot.com.vn\\\/vi\\\/?s={search_term_string}\"},\"query-input\":{\"@type\":\"PropertyValueSpecification\",\"valueRequired\":true,\"valueName\":\"search_term_string\"}}],\"inLanguage\":\"vi\"},{\"@type\":\"Organization\",\"@id\":\"https:\\\/\\\/loriot.com.vn\\\/vi\\\/#organization\",\"name\":\"Loriot Industrial Co.,Ltd\",\"url\":\"https:\\\/\\\/loriot.com.vn\\\/vi\\\/\",\"logo\":{\"@type\":\"ImageObject\",\"inLanguage\":\"vi\",\"@id\":\"https:\\\/\\\/loriot.com.vn\\\/vi\\\/#\\\/schema\\\/logo\\\/image\\\/\",\"url\":\"https:\\\/\\\/loriot.com.vn\\\/wp-content\\\/uploads\\\/2021\\\/08\\\/logo-ft.png\",\"contentUrl\":\"https:\\\/\\\/loriot.com.vn\\\/wp-content\\\/uploads\\\/2021\\\/08\\\/logo-ft.png\",\"width\":333,\"height\":101,\"caption\":\"Loriot Industrial Co.,Ltd\"},\"image\":{\"@id\":\"https:\\\/\\\/loriot.com.vn\\\/vi\\\/#\\\/schema\\\/logo\\\/image\\\/\"},\"sameAs\":[\"https:\\\/\\\/www.facebook.com\\\/Loriot-Industrial-COLTD-103044855046633\"]}]}<\/script>\n<!-- \/ Yoast SEO plugin. -->","yoast_head_json":{"title":"M\u00c1Y GSR2280 - LORIOT INDUSTRIAL","description":"Getech GSR2280 l\u00e0 d\u00f2ng m\u00e1y router standalone cao c\u1ea5p, n\u1ed5i b\u1eadt v\u1edbi t\u1ed1c \u0111\u1ed9 x\u1eed l\u00fd c\u1ef1c nhanh v\u00e0 kh\u1ea3 n\u0103ng v\u1eadn h\u00e0nh li\u00ean t\u1ee5c.","robots":{"index":"index","follow":"follow","max-snippet":"max-snippet:-1","max-image-preview":"max-image-preview:large","max-video-preview":"max-video-preview:-1"},"canonical":"https:\/\/loriot.com.vn\/vi\/product\/may-gsr2280\/","og_locale":"vi_VN","og_type":"article","og_title":"M\u00c1Y GSR2280 - LORIOT INDUSTRIAL","og_description":"Getech GSR2280 l\u00e0 d\u00f2ng m\u00e1y router standalone cao c\u1ea5p, n\u1ed5i b\u1eadt v\u1edbi t\u1ed1c \u0111\u1ed9 x\u1eed l\u00fd c\u1ef1c nhanh v\u00e0 kh\u1ea3 n\u0103ng v\u1eadn h\u00e0nh li\u00ean t\u1ee5c.","og_url":"https:\/\/loriot.com.vn\/vi\/product\/may-gsr2280\/","og_site_name":"LORIOT INDUSTRIAL","article_publisher":"https:\/\/www.facebook.com\/Loriot-Industrial-COLTD-103044855046633","article_modified_time":"2026-03-18T09:53:55+00:00","og_image":[{"width":770,"height":513,"url":"https:\/\/loriot.com.vn\/wp-content\/uploads\/2021\/08\/GSR2280-Gal1-NEW-512x630-1.jpg","type":"image\/jpeg"}],"twitter_card":"summary_large_image","twitter_misc":{"\u01af\u1edbc t\u00ednh th\u1eddi gian \u0111\u1ecdc":"2 ph\u00fat"},"schema":{"@context":"https:\/\/schema.org","@graph":[{"@type":"WebPage","@id":"https:\/\/loriot.com.vn\/vi\/product\/may-gsr2280\/","url":"https:\/\/loriot.com.vn\/vi\/product\/may-gsr2280\/","name":"M\u00c1Y GSR2280 - LORIOT INDUSTRIAL","isPartOf":{"@id":"https:\/\/loriot.com.vn\/vi\/#website"},"primaryImageOfPage":{"@id":"https:\/\/loriot.com.vn\/vi\/product\/may-gsr2280\/#primaryimage"},"image":{"@id":"https:\/\/loriot.com.vn\/vi\/product\/may-gsr2280\/#primaryimage"},"thumbnailUrl":"https:\/\/loriot.com.vn\/wp-content\/uploads\/2021\/08\/GSR2280-Gal1-NEW-512x630-1.jpg","datePublished":"2021-08-03T04:15:39+00:00","dateModified":"2026-03-18T09:53:55+00:00","description":"Getech GSR2280 l\u00e0 d\u00f2ng m\u00e1y router standalone cao c\u1ea5p, n\u1ed5i b\u1eadt v\u1edbi t\u1ed1c \u0111\u1ed9 x\u1eed l\u00fd c\u1ef1c nhanh v\u00e0 kh\u1ea3 n\u0103ng v\u1eadn h\u00e0nh li\u00ean t\u1ee5c.","breadcrumb":{"@id":"https:\/\/loriot.com.vn\/vi\/product\/may-gsr2280\/#breadcrumb"},"inLanguage":"vi","potentialAction":[{"@type":"ReadAction","target":["https:\/\/loriot.com.vn\/vi\/product\/may-gsr2280\/"]}]},{"@type":"ImageObject","inLanguage":"vi","@id":"https:\/\/loriot.com.vn\/vi\/product\/may-gsr2280\/#primaryimage","url":"https:\/\/loriot.com.vn\/wp-content\/uploads\/2021\/08\/GSR2280-Gal1-NEW-512x630-1.jpg","contentUrl":"https:\/\/loriot.com.vn\/wp-content\/uploads\/2021\/08\/GSR2280-Gal1-NEW-512x630-1.jpg","width":770,"height":513,"caption":"M\u00c1Y GSR2280"},{"@type":"BreadcrumbList","@id":"https:\/\/loriot.com.vn\/vi\/product\/may-gsr2280\/#breadcrumb","itemListElement":[{"@type":"ListItem","position":1,"name":"Home","item":"https:\/\/loriot.com.vn\/vi\/"},{"@type":"ListItem","position":2,"name":"Products","item":"https:\/\/loriot.com.vn\/vi\/product\/"},{"@type":"ListItem","position":3,"name":"M\u00c1Y GSR2280"}]},{"@type":"WebSite","@id":"https:\/\/loriot.com.vn\/vi\/#website","url":"https:\/\/loriot.com.vn\/vi\/","name":"LORIOT INDUSTRIAL CO.,LTD","description":"","publisher":{"@id":"https:\/\/loriot.com.vn\/vi\/#organization"},"potentialAction":[{"@type":"SearchAction","target":{"@type":"EntryPoint","urlTemplate":"https:\/\/loriot.com.vn\/vi\/?s={search_term_string}"},"query-input":{"@type":"PropertyValueSpecification","valueRequired":true,"valueName":"search_term_string"}}],"inLanguage":"vi"},{"@type":"Organization","@id":"https:\/\/loriot.com.vn\/vi\/#organization","name":"Loriot Industrial Co.,Ltd","url":"https:\/\/loriot.com.vn\/vi\/","logo":{"@type":"ImageObject","inLanguage":"vi","@id":"https:\/\/loriot.com.vn\/vi\/#\/schema\/logo\/image\/","url":"https:\/\/loriot.com.vn\/wp-content\/uploads\/2021\/08\/logo-ft.png","contentUrl":"https:\/\/loriot.com.vn\/wp-content\/uploads\/2021\/08\/logo-ft.png","width":333,"height":101,"caption":"Loriot Industrial Co.,Ltd"},"image":{"@id":"https:\/\/loriot.com.vn\/vi\/#\/schema\/logo\/image\/"},"sameAs":["https:\/\/www.facebook.com\/Loriot-Industrial-COLTD-103044855046633"]}]}},"_links":{"self":[{"href":"https:\/\/loriot.com.vn\/vi\/wp-json\/wp\/v2\/product\/1640","targetHints":{"allow":["GET"]}}],"collection":[{"href":"https:\/\/loriot.com.vn\/vi\/wp-json\/wp\/v2\/product"}],"about":[{"href":"https:\/\/loriot.com.vn\/vi\/wp-json\/wp\/v2\/types\/product"}],"author":[{"embeddable":true,"href":"https:\/\/loriot.com.vn\/vi\/wp-json\/wp\/v2\/users\/1"}],"replies":[{"embeddable":true,"href":"https:\/\/loriot.com.vn\/vi\/wp-json\/wp\/v2\/comments?post=1640"}],"version-history":[{"count":14,"href":"https:\/\/loriot.com.vn\/vi\/wp-json\/wp\/v2\/product\/1640\/revisions"}],"predecessor-version":[{"id":6611,"href":"https:\/\/loriot.com.vn\/vi\/wp-json\/wp\/v2\/product\/1640\/revisions\/6611"}],"wp:featuredmedia":[{"embeddable":true,"href":"https:\/\/loriot.com.vn\/vi\/wp-json\/wp\/v2\/media\/4560"}],"wp:attachment":[{"href":"https:\/\/loriot.com.vn\/vi\/wp-json\/wp\/v2\/media?parent=1640"}],"wp:term":[{"taxonomy":"service-category","embeddable":true,"href":"https:\/\/loriot.com.vn\/vi\/wp-json\/wp\/v2\/service-category?post=1640"},{"taxonomy":"service_tag","embeddable":true,"href":"https:\/\/loriot.com.vn\/vi\/wp-json\/wp\/v2\/service_tag?post=1640"}],"curies":[{"name":"wp","href":"https:\/\/api.w.org\/{rel}","templated":true}]}}