{"id":1641,"date":"2021-08-03T04:07:49","date_gmt":"2021-08-03T04:07:49","guid":{"rendered":"http:\/\/loriot.com.vn\/product\/gss1200\/"},"modified":"2026-03-18T16:57:56","modified_gmt":"2026-03-18T09:57:56","slug":"may-gss1200","status":"publish","type":"product","link":"https:\/\/loriot.com.vn\/vi\/product\/may-gss1200\/","title":{"rendered":"M\u00c1Y GSS1200"},"content":{"rendered":"<p style=\"text-align: center;\"><span style=\"font-family: arial, helvetica, sans-serif; font-size: 14pt;\"><strong>M\u00c1Y GSS1200<\/strong><\/span><\/p>\n<p>&nbsp;<\/p>\n<h1 data-section-id=\"11ku8gs\" data-start=\"0\" data-end=\"113\"><span style=\"font-family: arial, helvetica, sans-serif; font-size: 12pt;\">M\u00e1y c\u1eaft PCB d\u1ea1ng saw Getech GSS1200 Semi Automatic Sawing Machine \u2013 T\u1ed1c \u0111\u1ed9 cao, t\u1ed1i \u01b0u cho depaneling ch\u00ednh x\u00e1c<\/span><\/h1>\n<p data-start=\"115\" data-end=\"445\"><span style=\"font-family: arial, helvetica, sans-serif; font-size: 12pt;\">Trong c\u00e1c \u1ee9ng d\u1ee5ng y\u00eau c\u1ea7u <strong data-start=\"142\" data-end=\"190\">c\u1eaft PCB v\u1edbi \u0111\u1ed9 ch\u00ednh x\u00e1c cao v\u00e0 t\u1ed1c \u0111\u1ed9 nhanh<\/strong>, \u0111\u1eb7c bi\u1ec7t v\u1edbi nh\u1eefng panel c\u1ea7n \u0111\u01b0\u1eddng c\u1eaft th\u1eb3ng v\u00e0 s\u1ea1ch, c\u00f4ng ngh\u1ec7 <strong data-start=\"256\" data-end=\"277\">sawing (c\u1eaft l\u01b0\u1ee1i)<\/strong> l\u00e0 l\u1ef1a ch\u1ecdn hi\u1ec7u qu\u1ea3. <strong data-start=\"300\" data-end=\"348\">Getech GSS1200 Semi Automatic Sawing Machine<\/strong> l\u00e0 m\u00e1y c\u1eaft PCB b\u00e1n t\u1ef1 \u0111\u1ed9ng, thi\u1ebft k\u1ebf standalone v\u1edbi hi\u1ec7u su\u1ea5t cao v\u00e0 kh\u1ea3 n\u0103ng v\u1eadn h\u00e0nh li\u00ean t\u1ee5c.<\/span><\/p>\n<h2 data-section-id=\"1b4kohs\" data-start=\"447\" data-end=\"490\"><span style=\"font-family: arial, helvetica, sans-serif; font-size: 12pt;\">Dual workstation \u2013 t\u0103ng n\u0103ng su\u1ea5t t\u1ed1i \u0111a<\/span><\/h2>\n<p data-start=\"492\" data-end=\"521\"><span style=\"font-family: arial, helvetica, sans-serif; font-size: 12pt;\">\u26a1 Thi\u1ebft k\u1ebf <strong data-start=\"503\" data-end=\"520\">2 workstation<\/strong>:<\/span><\/p>\n<ul data-start=\"522\" data-end=\"561\">\n<li data-section-id=\"ch6zo6\" data-start=\"522\" data-end=\"537\">\n<p data-start=\"524\" data-end=\"537\"><span style=\"font-family: arial, helvetica, sans-serif; font-size: 12pt;\">M\u1ed9t b\u00ean c\u1eaft<\/span><\/p>\n<\/li>\n<li data-section-id=\"jy8m8q\" data-start=\"538\" data-end=\"561\">\n<p data-start=\"540\" data-end=\"561\"><span style=\"font-family: arial, helvetica, sans-serif; font-size: 12pt;\">M\u1ed9t b\u00ean load\/unload<\/span><\/p>\n<\/li>\n<\/ul>\n<p data-start=\"563\" data-end=\"575\"><span style=\"font-family: arial, helvetica, sans-serif; font-size: 12pt;\">\ud83d\udd04 Cho ph\u00e9p:<\/span><\/p>\n<ul data-start=\"576\" data-end=\"647\">\n<li data-section-id=\"1kz44j2\" data-start=\"576\" data-end=\"613\">\n<p data-start=\"578\" data-end=\"613\"><span style=\"font-family: arial, helvetica, sans-serif; font-size: 12pt;\">V\u1eadn h\u00e0nh li\u00ean t\u1ee5c kh\u00f4ng gi\u00e1n \u0111o\u1ea1n<\/span><\/p>\n<\/li>\n<li data-section-id=\"1nzfusi\" data-start=\"614\" data-end=\"647\">\n<p data-start=\"616\" data-end=\"647\"><span style=\"font-family: arial, helvetica, sans-serif; font-size: 12pt;\">T\u0103ng throughput to\u00e0n h\u1ec7 th\u1ed1ng<\/span><\/p>\n<\/li>\n<\/ul>\n<p data-start=\"649\" data-end=\"697\"><span style=\"font-family: arial, helvetica, sans-serif; font-size: 12pt;\">\u27a1\ufe0f Ph\u00f9 h\u1ee3p cho s\u1ea3n xu\u1ea5t s\u1ea3n l\u01b0\u1ee3ng trung \u0111\u1ebfn cao.<\/span><\/p>\n<h2 data-section-id=\"1on0049\" data-start=\"699\" data-end=\"732\"><span style=\"font-family: arial, helvetica, sans-serif; font-size: 12pt;\">T\u1ed1c \u0111\u1ed9 cao \u2013 t\u1ed1i \u01b0u cycle time<\/span><\/h2>\n<p data-start=\"734\" data-end=\"781\"><span style=\"font-family: arial, helvetica, sans-serif; font-size: 12pt;\">\ud83d\ude80 M\u00e1y \u0111\u01b0\u1ee3c thi\u1ebft k\u1ebf cho <strong data-start=\"759\" data-end=\"780\">high-speed sawing<\/strong>:<\/span><\/p>\n<ul data-start=\"782\" data-end=\"843\">\n<li data-section-id=\"1u1ksbk\" data-start=\"782\" data-end=\"816\">\n<p data-start=\"784\" data-end=\"816\"><span style=\"font-family: arial, helvetica, sans-serif; font-size: 12pt;\">Gi\u1ea3m th\u1eddi gian x\u1eed l\u00fd m\u1ed7i panel<\/span><\/p>\n<\/li>\n<li data-section-id=\"qvf9og\" data-start=\"817\" data-end=\"843\">\n<p data-start=\"819\" data-end=\"843\"><span style=\"font-family: arial, helvetica, sans-serif; font-size: 12pt;\">T\u0103ng hi\u1ec7u qu\u1ea3 s\u1ea3n xu\u1ea5t<\/span><\/p>\n<\/li>\n<\/ul>\n<p data-start=\"845\" data-end=\"902\"><span style=\"font-family: arial, helvetica, sans-serif; font-size: 12pt;\">\u27a1\ufe0f \u0110\u00e1p \u1ee9ng nhu c\u1ea7u depaneling nhanh trong m\u00f4i tr\u01b0\u1eddng SMT.<\/span><\/p>\n<h2 data-section-id=\"1y2r2f2\" data-start=\"904\" data-end=\"954\"><span style=\"font-family: arial, helvetica, sans-serif; font-size: 12pt;\">Tr\u1ee5c quay direct drive \u2013 \u0111\u1ed9 ch\u00ednh x\u00e1c v\u01b0\u1ee3t tr\u1ed9i<\/span><\/h2>\n<p data-start=\"956\" data-end=\"1011\"><span style=\"font-family: arial, helvetica, sans-serif; font-size: 12pt;\">\ud83c\udfaf Trang b\u1ecb <strong data-start=\"968\" data-end=\"1010\">rotary axis s\u1eed d\u1ee5ng direct drive motor<\/strong>:<\/span><\/p>\n<ul data-start=\"1012\" data-end=\"1079\">\n<li data-section-id=\"1w5smab\" data-start=\"1012\" data-end=\"1048\">\n<p data-start=\"1014\" data-end=\"1048\"><span style=\"font-family: arial, helvetica, sans-serif; font-size: 12pt;\">\u0110i\u1ec1u khi\u1ec3n chuy\u1ec3n \u0111\u1ed9ng ch\u00ednh x\u00e1c<\/span><\/p>\n<\/li>\n<li data-section-id=\"1oqux39\" data-start=\"1049\" data-end=\"1079\">\n<p data-start=\"1051\" data-end=\"1079\"><span style=\"font-family: arial, helvetica, sans-serif; font-size: 12pt;\">Gi\u1ea3m rung v\u00e0 sai s\u1ed1 c\u01a1 kh\u00ed<\/span><\/p>\n<\/li>\n<\/ul>\n<p data-start=\"1081\" data-end=\"1092\"><span style=\"font-family: arial, helvetica, sans-serif; font-size: 12pt;\">\u27a1\ufe0f \u0110\u1ea3m b\u1ea3o:<\/span><\/p>\n<ul data-start=\"1093\" data-end=\"1129\">\n<li data-section-id=\"1vrevqk\" data-start=\"1093\" data-end=\"1110\">\n<p data-start=\"1095\" data-end=\"1110\"><span style=\"font-family: arial, helvetica, sans-serif; font-size: 12pt;\">\u0110\u01b0\u1eddng c\u1eaft m\u1ecbn<\/span><\/p>\n<\/li>\n<li data-section-id=\"cd5edf\" data-start=\"1111\" data-end=\"1129\">\n<p data-start=\"1113\" data-end=\"1129\"><span style=\"font-family: arial, helvetica, sans-serif; font-size: 12pt;\">\u0110\u1ed9 l\u1eb7p l\u1ea1i cao<\/span><\/p>\n<\/li>\n<\/ul>\n<h2 data-section-id=\"7jp9nm\" data-start=\"1131\" data-end=\"1172\"><span style=\"font-family: arial, helvetica, sans-serif; font-size: 12pt;\">H\u1ec7 th\u1ed1ng k\u1eb9p chuy\u00ean d\u1ee5ng \u2013 \u1ed5n \u0111\u1ecbnh PCB<\/span><\/h2>\n<p data-start=\"1174\" data-end=\"1208\"><span style=\"font-family: arial, helvetica, sans-serif; font-size: 12pt;\">\ud83d\udee0\ufe0f <strong data-start=\"1178\" data-end=\"1207\">Dedicated gripper fixture<\/strong>:<\/span><\/p>\n<ul data-start=\"1209\" data-end=\"1279\">\n<li data-section-id=\"1cxa6hw\" data-start=\"1209\" data-end=\"1250\">\n<p data-start=\"1211\" data-end=\"1250\"><span style=\"font-family: arial, helvetica, sans-serif; font-size: 12pt;\">Gi\u1eef PCB ch\u1eafc ch\u1eafn trong qu\u00e1 tr\u00ecnh c\u1eaft<\/span><\/p>\n<\/li>\n<li data-section-id=\"109xxi6\" data-start=\"1251\" data-end=\"1279\">\n<p data-start=\"1253\" data-end=\"1279\"><span style=\"font-family: arial, helvetica, sans-serif; font-size: 12pt;\">Gi\u1ea3m d\u1ecbch chuy\u1ec3n v\u00e0 rung<\/span><\/p>\n<\/li>\n<\/ul>\n<p data-start=\"1281\" data-end=\"1293\"><span style=\"font-family: arial, helvetica, sans-serif; font-size: 12pt;\">\u27a1\ufe0f N\u00e2ng cao:<\/span><\/p>\n<ul data-start=\"1294\" data-end=\"1357\">\n<li data-section-id=\"nruz55\" data-start=\"1294\" data-end=\"1318\">\n<p data-start=\"1296\" data-end=\"1318\"><span style=\"font-family: arial, helvetica, sans-serif; font-size: 12pt;\">Ch\u1ea5t l\u01b0\u1ee3ng \u0111\u01b0\u1eddng c\u1eaft<\/span><\/p>\n<\/li>\n<li data-section-id=\"17lsclw\" data-start=\"1319\" data-end=\"1357\">\n<p data-start=\"1321\" data-end=\"1357\"><span style=\"font-family: arial, helvetica, sans-serif; font-size: 12pt;\">\u0110\u1ed9 \u1ed5n \u0111\u1ecbnh khi v\u1eadn h\u00e0nh t\u1ed1c \u0111\u1ed9 cao<\/span><\/p>\n<\/li>\n<\/ul>\n<h2 data-section-id=\"17bqcsx\" data-start=\"1359\" data-end=\"1393\"><span style=\"font-family: arial, helvetica, sans-serif; font-size: 12pt;\">Gi\u1ea3i ph\u00e1p sawing t\u1ed1i \u01b0u cho PCB<\/span><\/h2>\n<p data-start=\"1395\" data-end=\"1456\"><span style=\"font-family: arial, helvetica, sans-serif; font-size: 12pt;\">\ud83d\ude80 <strong data-start=\"1398\" data-end=\"1446\">Getech GSS1200 Semi Automatic Sawing Machine<\/strong> mang l\u1ea1i:<\/span><\/p>\n<ul data-start=\"1457\" data-end=\"1580\">\n<li data-section-id=\"7hq6pu\" data-start=\"1457\" data-end=\"1501\">\n<p data-start=\"1459\" data-end=\"1501\"><span style=\"font-family: arial, helvetica, sans-serif; font-size: 12pt;\">T\u1ed1c \u0111\u1ed9 cao v\u1edbi thi\u1ebft k\u1ebf dual workstation<\/span><\/p>\n<\/li>\n<li data-section-id=\"w9gb7q\" data-start=\"1502\" data-end=\"1545\">\n<p data-start=\"1504\" data-end=\"1545\"><span style=\"font-family: arial, helvetica, sans-serif; font-size: 12pt;\">\u0110\u1ed9 ch\u00ednh x\u00e1c v\u01b0\u1ee3t tr\u1ed9i nh\u1edd direct drive<\/span><\/p>\n<\/li>\n<li data-section-id=\"1nd6w0l\" data-start=\"1546\" data-end=\"1580\">\n<p data-start=\"1548\" data-end=\"1580\"><span style=\"font-family: arial, helvetica, sans-serif; font-size: 12pt;\">V\u1eadn h\u00e0nh \u1ed5n \u0111\u1ecbnh v\u00e0 d\u1ec5 s\u1eed d\u1ee5ng<\/span><\/p>\n<\/li>\n<\/ul>\n<p data-start=\"1582\" data-end=\"1598\"><span style=\"font-family: arial, helvetica, sans-serif; font-size: 12pt;\">\u27a1\ufe0f L\u00fd t\u01b0\u1edfng cho:<\/span><\/p>\n<ul data-start=\"1599\" data-end=\"1718\">\n<li data-section-id=\"16m655h\" data-start=\"1599\" data-end=\"1637\">\n<p data-start=\"1601\" data-end=\"1637\"><span style=\"font-family: arial, helvetica, sans-serif; font-size: 12pt;\">\u1ee8ng d\u1ee5ng c\u1ea7n \u0111\u01b0\u1eddng c\u1eaft th\u1eb3ng, s\u1ea1ch<\/span><\/p>\n<\/li>\n<li data-section-id=\"1b1v5kh\" data-start=\"1638\" data-end=\"1670\">\n<p data-start=\"1640\" data-end=\"1670\"><span style=\"font-family: arial, helvetica, sans-serif; font-size: 12pt;\">PCB y\u00eau c\u1ea7u \u0111\u1ed9 ch\u00ednh x\u00e1c cao<\/span><\/p>\n<\/li>\n<li data-section-id=\"1fy2nee\" data-start=\"1671\" data-end=\"1718\">\n<p data-start=\"1673\" data-end=\"1718\"><span style=\"font-family: arial, helvetica, sans-serif; font-size: 12pt;\">Nh\u00e0 m\u00e1y SMT c\u1ea7n gi\u1ea3i ph\u00e1p sawing standalone<\/span><\/p>\n<\/li>\n<\/ul>\n","protected":false},"excerpt":{"rendered":"<p>Getech GSS1200 Semi Automatic Sawing Machine l\u00e0 m\u00e1y c\u1eaft PCB b\u00e1n t\u1ef1 \u0111\u1ed9ng, thi\u1ebft k\u1ebf standalone v\u1edbi hi\u1ec7u su\u1ea5t cao<\/p>\n","protected":false},"author":1,"featured_media":4562,"parent":0,"menu_order":126,"comment_status":"open","ping_status":"closed","template":"","meta":{"inline_featured_image":false,"footnotes":""},"service-category":[78,80],"service_tag":[113],"class_list":["post-1641","product","type-product","status-publish","has-post-thumbnail","hentry","service-category-getech","service-category-may-cat-bo-mach-standalone","service_tag-getech-vi"],"yoast_head":"<!-- This site is optimized with the Yoast SEO plugin v27.5 - https:\/\/yoast.com\/product\/yoast-seo-wordpress\/ -->\n<title>M\u00c1Y GSS1200 - LORIOT INDUSTRIAL<\/title>\n<meta name=\"description\" content=\"Getech GSS1200 Semi Automatic Sawing Machine l\u00e0 m\u00e1y c\u1eaft PCB b\u00e1n t\u1ef1 \u0111\u1ed9ng, thi\u1ebft k\u1ebf standalone v\u1edbi hi\u1ec7u su\u1ea5t cao\" \/>\n<meta name=\"robots\" content=\"index, follow, max-snippet:-1, max-image-preview:large, max-video-preview:-1\" \/>\n<link rel=\"canonical\" href=\"https:\/\/loriot.com.vn\/vi\/product\/may-gss1200\/\" \/>\n<meta property=\"og:locale\" content=\"vi_VN\" \/>\n<meta property=\"og:type\" content=\"article\" \/>\n<meta property=\"og:title\" content=\"M\u00c1Y GSS1200 - LORIOT INDUSTRIAL\" \/>\n<meta property=\"og:description\" content=\"Getech GSS1200 Semi Automatic Sawing Machine l\u00e0 m\u00e1y c\u1eaft PCB b\u00e1n t\u1ef1 \u0111\u1ed9ng, thi\u1ebft k\u1ebf standalone v\u1edbi hi\u1ec7u su\u1ea5t cao\" \/>\n<meta property=\"og:url\" content=\"https:\/\/loriot.com.vn\/vi\/product\/may-gss1200\/\" \/>\n<meta property=\"og:site_name\" content=\"LORIOT INDUSTRIAL\" \/>\n<meta property=\"article:publisher\" content=\"https:\/\/www.facebook.com\/Loriot-Industrial-COLTD-103044855046633\" \/>\n<meta property=\"article:modified_time\" content=\"2026-03-18T09:57:56+00:00\" \/>\n<meta property=\"og:image\" content=\"https:\/\/loriot.com.vn\/wp-content\/uploads\/2021\/08\/Sawing-1672-512x630-1.jpg\" \/>\n\t<meta property=\"og:image:width\" content=\"770\" \/>\n\t<meta property=\"og:image:height\" content=\"513\" \/>\n\t<meta property=\"og:image:type\" content=\"image\/jpeg\" \/>\n<meta name=\"twitter:card\" content=\"summary_large_image\" \/>\n<meta name=\"twitter:label1\" content=\"\u01af\u1edbc t\u00ednh th\u1eddi gian \u0111\u1ecdc\" \/>\n\t<meta name=\"twitter:data1\" content=\"2 ph\u00fat\" \/>\n<script type=\"application\/ld+json\" class=\"yoast-schema-graph\">{\"@context\":\"https:\\\/\\\/schema.org\",\"@graph\":[{\"@type\":\"WebPage\",\"@id\":\"https:\\\/\\\/loriot.com.vn\\\/vi\\\/product\\\/may-gss1200\\\/\",\"url\":\"https:\\\/\\\/loriot.com.vn\\\/vi\\\/product\\\/may-gss1200\\\/\",\"name\":\"M\u00c1Y GSS1200 - LORIOT INDUSTRIAL\",\"isPartOf\":{\"@id\":\"https:\\\/\\\/loriot.com.vn\\\/vi\\\/#website\"},\"primaryImageOfPage\":{\"@id\":\"https:\\\/\\\/loriot.com.vn\\\/vi\\\/product\\\/may-gss1200\\\/#primaryimage\"},\"image\":{\"@id\":\"https:\\\/\\\/loriot.com.vn\\\/vi\\\/product\\\/may-gss1200\\\/#primaryimage\"},\"thumbnailUrl\":\"https:\\\/\\\/loriot.com.vn\\\/wp-content\\\/uploads\\\/2021\\\/08\\\/Sawing-1672-512x630-1.jpg\",\"datePublished\":\"2021-08-03T04:07:49+00:00\",\"dateModified\":\"2026-03-18T09:57:56+00:00\",\"description\":\"Getech GSS1200 Semi Automatic Sawing Machine l\u00e0 m\u00e1y c\u1eaft PCB b\u00e1n t\u1ef1 \u0111\u1ed9ng, thi\u1ebft k\u1ebf standalone v\u1edbi hi\u1ec7u su\u1ea5t cao\",\"breadcrumb\":{\"@id\":\"https:\\\/\\\/loriot.com.vn\\\/vi\\\/product\\\/may-gss1200\\\/#breadcrumb\"},\"inLanguage\":\"vi\",\"potentialAction\":[{\"@type\":\"ReadAction\",\"target\":[\"https:\\\/\\\/loriot.com.vn\\\/vi\\\/product\\\/may-gss1200\\\/\"]}]},{\"@type\":\"ImageObject\",\"inLanguage\":\"vi\",\"@id\":\"https:\\\/\\\/loriot.com.vn\\\/vi\\\/product\\\/may-gss1200\\\/#primaryimage\",\"url\":\"https:\\\/\\\/loriot.com.vn\\\/wp-content\\\/uploads\\\/2021\\\/08\\\/Sawing-1672-512x630-1.jpg\",\"contentUrl\":\"https:\\\/\\\/loriot.com.vn\\\/wp-content\\\/uploads\\\/2021\\\/08\\\/Sawing-1672-512x630-1.jpg\",\"width\":770,\"height\":513,\"caption\":\"M\u00c1Y GSS1200\"},{\"@type\":\"BreadcrumbList\",\"@id\":\"https:\\\/\\\/loriot.com.vn\\\/vi\\\/product\\\/may-gss1200\\\/#breadcrumb\",\"itemListElement\":[{\"@type\":\"ListItem\",\"position\":1,\"name\":\"Home\",\"item\":\"https:\\\/\\\/loriot.com.vn\\\/vi\\\/\"},{\"@type\":\"ListItem\",\"position\":2,\"name\":\"Products\",\"item\":\"https:\\\/\\\/loriot.com.vn\\\/vi\\\/product\\\/\"},{\"@type\":\"ListItem\",\"position\":3,\"name\":\"M\u00c1Y GSS1200\"}]},{\"@type\":\"WebSite\",\"@id\":\"https:\\\/\\\/loriot.com.vn\\\/vi\\\/#website\",\"url\":\"https:\\\/\\\/loriot.com.vn\\\/vi\\\/\",\"name\":\"LORIOT INDUSTRIAL CO.,LTD\",\"description\":\"\",\"publisher\":{\"@id\":\"https:\\\/\\\/loriot.com.vn\\\/vi\\\/#organization\"},\"potentialAction\":[{\"@type\":\"SearchAction\",\"target\":{\"@type\":\"EntryPoint\",\"urlTemplate\":\"https:\\\/\\\/loriot.com.vn\\\/vi\\\/?s={search_term_string}\"},\"query-input\":{\"@type\":\"PropertyValueSpecification\",\"valueRequired\":true,\"valueName\":\"search_term_string\"}}],\"inLanguage\":\"vi\"},{\"@type\":\"Organization\",\"@id\":\"https:\\\/\\\/loriot.com.vn\\\/vi\\\/#organization\",\"name\":\"Loriot Industrial Co.,Ltd\",\"url\":\"https:\\\/\\\/loriot.com.vn\\\/vi\\\/\",\"logo\":{\"@type\":\"ImageObject\",\"inLanguage\":\"vi\",\"@id\":\"https:\\\/\\\/loriot.com.vn\\\/vi\\\/#\\\/schema\\\/logo\\\/image\\\/\",\"url\":\"https:\\\/\\\/loriot.com.vn\\\/wp-content\\\/uploads\\\/2021\\\/08\\\/logo-ft.png\",\"contentUrl\":\"https:\\\/\\\/loriot.com.vn\\\/wp-content\\\/uploads\\\/2021\\\/08\\\/logo-ft.png\",\"width\":333,\"height\":101,\"caption\":\"Loriot Industrial Co.,Ltd\"},\"image\":{\"@id\":\"https:\\\/\\\/loriot.com.vn\\\/vi\\\/#\\\/schema\\\/logo\\\/image\\\/\"},\"sameAs\":[\"https:\\\/\\\/www.facebook.com\\\/Loriot-Industrial-COLTD-103044855046633\"]}]}<\/script>\n<!-- \/ Yoast SEO plugin. -->","yoast_head_json":{"title":"M\u00c1Y GSS1200 - LORIOT INDUSTRIAL","description":"Getech GSS1200 Semi Automatic Sawing Machine l\u00e0 m\u00e1y c\u1eaft PCB b\u00e1n t\u1ef1 \u0111\u1ed9ng, thi\u1ebft k\u1ebf standalone v\u1edbi hi\u1ec7u su\u1ea5t cao","robots":{"index":"index","follow":"follow","max-snippet":"max-snippet:-1","max-image-preview":"max-image-preview:large","max-video-preview":"max-video-preview:-1"},"canonical":"https:\/\/loriot.com.vn\/vi\/product\/may-gss1200\/","og_locale":"vi_VN","og_type":"article","og_title":"M\u00c1Y GSS1200 - LORIOT INDUSTRIAL","og_description":"Getech GSS1200 Semi Automatic Sawing Machine l\u00e0 m\u00e1y c\u1eaft PCB b\u00e1n t\u1ef1 \u0111\u1ed9ng, thi\u1ebft k\u1ebf standalone v\u1edbi hi\u1ec7u su\u1ea5t cao","og_url":"https:\/\/loriot.com.vn\/vi\/product\/may-gss1200\/","og_site_name":"LORIOT INDUSTRIAL","article_publisher":"https:\/\/www.facebook.com\/Loriot-Industrial-COLTD-103044855046633","article_modified_time":"2026-03-18T09:57:56+00:00","og_image":[{"width":770,"height":513,"url":"https:\/\/loriot.com.vn\/wp-content\/uploads\/2021\/08\/Sawing-1672-512x630-1.jpg","type":"image\/jpeg"}],"twitter_card":"summary_large_image","twitter_misc":{"\u01af\u1edbc t\u00ednh th\u1eddi gian \u0111\u1ecdc":"2 ph\u00fat"},"schema":{"@context":"https:\/\/schema.org","@graph":[{"@type":"WebPage","@id":"https:\/\/loriot.com.vn\/vi\/product\/may-gss1200\/","url":"https:\/\/loriot.com.vn\/vi\/product\/may-gss1200\/","name":"M\u00c1Y GSS1200 - LORIOT INDUSTRIAL","isPartOf":{"@id":"https:\/\/loriot.com.vn\/vi\/#website"},"primaryImageOfPage":{"@id":"https:\/\/loriot.com.vn\/vi\/product\/may-gss1200\/#primaryimage"},"image":{"@id":"https:\/\/loriot.com.vn\/vi\/product\/may-gss1200\/#primaryimage"},"thumbnailUrl":"https:\/\/loriot.com.vn\/wp-content\/uploads\/2021\/08\/Sawing-1672-512x630-1.jpg","datePublished":"2021-08-03T04:07:49+00:00","dateModified":"2026-03-18T09:57:56+00:00","description":"Getech GSS1200 Semi Automatic Sawing Machine l\u00e0 m\u00e1y c\u1eaft PCB b\u00e1n t\u1ef1 \u0111\u1ed9ng, thi\u1ebft k\u1ebf standalone v\u1edbi hi\u1ec7u su\u1ea5t cao","breadcrumb":{"@id":"https:\/\/loriot.com.vn\/vi\/product\/may-gss1200\/#breadcrumb"},"inLanguage":"vi","potentialAction":[{"@type":"ReadAction","target":["https:\/\/loriot.com.vn\/vi\/product\/may-gss1200\/"]}]},{"@type":"ImageObject","inLanguage":"vi","@id":"https:\/\/loriot.com.vn\/vi\/product\/may-gss1200\/#primaryimage","url":"https:\/\/loriot.com.vn\/wp-content\/uploads\/2021\/08\/Sawing-1672-512x630-1.jpg","contentUrl":"https:\/\/loriot.com.vn\/wp-content\/uploads\/2021\/08\/Sawing-1672-512x630-1.jpg","width":770,"height":513,"caption":"M\u00c1Y GSS1200"},{"@type":"BreadcrumbList","@id":"https:\/\/loriot.com.vn\/vi\/product\/may-gss1200\/#breadcrumb","itemListElement":[{"@type":"ListItem","position":1,"name":"Home","item":"https:\/\/loriot.com.vn\/vi\/"},{"@type":"ListItem","position":2,"name":"Products","item":"https:\/\/loriot.com.vn\/vi\/product\/"},{"@type":"ListItem","position":3,"name":"M\u00c1Y GSS1200"}]},{"@type":"WebSite","@id":"https:\/\/loriot.com.vn\/vi\/#website","url":"https:\/\/loriot.com.vn\/vi\/","name":"LORIOT INDUSTRIAL CO.,LTD","description":"","publisher":{"@id":"https:\/\/loriot.com.vn\/vi\/#organization"},"potentialAction":[{"@type":"SearchAction","target":{"@type":"EntryPoint","urlTemplate":"https:\/\/loriot.com.vn\/vi\/?s={search_term_string}"},"query-input":{"@type":"PropertyValueSpecification","valueRequired":true,"valueName":"search_term_string"}}],"inLanguage":"vi"},{"@type":"Organization","@id":"https:\/\/loriot.com.vn\/vi\/#organization","name":"Loriot Industrial Co.,Ltd","url":"https:\/\/loriot.com.vn\/vi\/","logo":{"@type":"ImageObject","inLanguage":"vi","@id":"https:\/\/loriot.com.vn\/vi\/#\/schema\/logo\/image\/","url":"https:\/\/loriot.com.vn\/wp-content\/uploads\/2021\/08\/logo-ft.png","contentUrl":"https:\/\/loriot.com.vn\/wp-content\/uploads\/2021\/08\/logo-ft.png","width":333,"height":101,"caption":"Loriot Industrial Co.,Ltd"},"image":{"@id":"https:\/\/loriot.com.vn\/vi\/#\/schema\/logo\/image\/"},"sameAs":["https:\/\/www.facebook.com\/Loriot-Industrial-COLTD-103044855046633"]}]}},"_links":{"self":[{"href":"https:\/\/loriot.com.vn\/vi\/wp-json\/wp\/v2\/product\/1641","targetHints":{"allow":["GET"]}}],"collection":[{"href":"https:\/\/loriot.com.vn\/vi\/wp-json\/wp\/v2\/product"}],"about":[{"href":"https:\/\/loriot.com.vn\/vi\/wp-json\/wp\/v2\/types\/product"}],"author":[{"embeddable":true,"href":"https:\/\/loriot.com.vn\/vi\/wp-json\/wp\/v2\/users\/1"}],"replies":[{"embeddable":true,"href":"https:\/\/loriot.com.vn\/vi\/wp-json\/wp\/v2\/comments?post=1641"}],"version-history":[{"count":16,"href":"https:\/\/loriot.com.vn\/vi\/wp-json\/wp\/v2\/product\/1641\/revisions"}],"predecessor-version":[{"id":6613,"href":"https:\/\/loriot.com.vn\/vi\/wp-json\/wp\/v2\/product\/1641\/revisions\/6613"}],"wp:featuredmedia":[{"embeddable":true,"href":"https:\/\/loriot.com.vn\/vi\/wp-json\/wp\/v2\/media\/4562"}],"wp:attachment":[{"href":"https:\/\/loriot.com.vn\/vi\/wp-json\/wp\/v2\/media?parent=1641"}],"wp:term":[{"taxonomy":"service-category","embeddable":true,"href":"https:\/\/loriot.com.vn\/vi\/wp-json\/wp\/v2\/service-category?post=1641"},{"taxonomy":"service_tag","embeddable":true,"href":"https:\/\/loriot.com.vn\/vi\/wp-json\/wp\/v2\/service_tag?post=1641"}],"curies":[{"name":"wp","href":"https:\/\/api.w.org\/{rel}","templated":true}]}}