{"id":1642,"date":"2021-08-03T15:10:12","date_gmt":"2021-08-03T15:10:12","guid":{"rendered":"http:\/\/loriot.com.vn\/product\/hawk-duo\/"},"modified":"2026-03-16T14:18:13","modified_gmt":"2026-03-16T07:18:13","slug":"kinh-hien-vi-hawk-duo","status":"publish","type":"product","link":"https:\/\/loriot.com.vn\/vi\/product\/kinh-hien-vi-hawk-duo\/","title":{"rendered":"K\u00cdNH HI\u1ec2N VI HAWK DUO"},"content":{"rendered":"<p style=\"text-align: center;\"><span style=\"font-family: arial, helvetica, sans-serif; font-size: 14pt;\"><strong>K\u00cdNH HI\u1ec2N VI HAWK DUO<\/strong><\/span><\/p>\n<p><span style=\"font-family: arial, helvetica, sans-serif;\">HAWK DUO l\u00e0 m\u1ed9t m\u1eabu k\u00ednh hi\u1ec3n vi hai chi\u1ec1u \u0111\u01b0\u1ee3c ph\u00e1t tri\u1ec3n b\u1edfi Vision Engineering, cung c\u1ea5p ch\u1ea5t l\u01b0\u1ee3ng h\u00ecnh \u1ea3nh tuy\u1ec7t v\u1eddi v\u00e0 c\u00e1c t\u00ednh n\u0103ng d\u1ec5 s\u1eed d\u1ee5ng.<\/span><\/p>\n<p><span style=\"font-family: arial, helvetica, sans-serif;\"><strong>Thi\u1ebft k\u1ebf:<\/strong> K\u00ednh hi\u1ec3n vi c\u00f3 thi\u1ebft k\u1ebf g\u1ecdn g\u00e0ng v\u00e0 thu\u1eadn ti\u1ec7n cho vi\u1ec7c s\u1eed d\u1ee5ng. N\u00f3 c\u00f3 c\u1ea5u tr\u00fac ch\u1eafc ch\u1eafn v\u1edbi m\u1ed9t c\u01a1 s\u1edf v\u1eefng ch\u1eafc, c\u00e1c tay \u0111i\u1ec1u ch\u1ec9nh v\u00e0 m\u1ed9t \u0111\u1ea7u \u0111i\u1ec1u ch\u1ec9nh cho ph\u00e9p xem ti\u1ec7n nghi t\u1eeb b\u1ea5t k\u1ef3 g\u00f3c n\u00e0o.<\/span><\/p>\n<p><span style=\"font-family: arial, helvetica, sans-serif;\"><strong>Optics:<\/strong> HAWK DUO \u0111\u01b0\u1ee3c trang b\u1ecb v\u1edbi c\u00e1c th\u00e0nh ph\u1ea7n quang h\u1ecdc ch\u1ea5t l\u01b0\u1ee3ng cao cung c\u1ea5p h\u00ecnh \u1ea3nh s\u00e1ng, r\u00f5 v\u00e0 s\u1eafc n\u00e9t. N\u00f3 c\u00f3 t\u1ea7m zoom 6,5:1 cho ph\u00e9p d\u1ec5 d\u00e0ng quan s\u00e1t chi ti\u1ebft v\u00e0 m\u1ed9t l\u0129nh v\u1ef1c nh\u00ecn r\u1ed9ng gi\u00fap d\u1ec5 d\u00e0ng l\u00e0m vi\u1ec7c v\u1edbi c\u00e1c \u0111\u1ed1i t\u01b0\u1ee3ng l\u1edbn. H\u1ec7 th\u1ed1ng chi\u1ebfu s\u00e1ng LED hai chi\u1ec1u cung c\u1ea5p chi\u1ebfu s\u00e1ng \u0111\u1ec1u v\u00e0 kh\u00f4ng c\u00f3 b\u00f3ng t\u1ed1i, l\u00e0m cho n\u00f3 ph\u00f9 h\u1ee3p v\u1edbi m\u1ed9t lo\u1ea1t c\u00e1c \u1ee9ng d\u1ee5ng.<\/span><\/p>\n<p><span style=\"font-family: arial, helvetica, sans-serif;\"><strong>\u0110a d\u1ea1ng:<\/strong> K\u00ednh hi\u1ec3n vi c\u00f3 th\u1ec3 \u0111\u01b0\u1ee3c c\u1ea5u h\u00ecnh v\u1edbi m\u1ed9t lo\u1ea1t m\u1eaft k\u00ednh v\u00e0 nhi\u1ec1u \u1ed1ng k\u00ednh ph\u1ee5 cho ph\u00f9 h\u1ee3p v\u1edbi nhi\u1ec1u y\u00eau c\u1ea7u t\u0103ng ph\u00f3ng. N\u00f3 c\u00f3 th\u1ec3 \u0111\u01b0\u01a1c s\u1eed d\u1ee5ng trong nhi\u1ec1u ng\u00e0nh c\u00f4ng nghi\u1ec7p, bao g\u1ed3m c\u00f4ng ngh\u1ec7 \u0111i\u1ec7n t\u1eed, s\u1ea3n xu\u1ea5t thi\u1ebft b\u1ecb y t\u1ebf, l\u00e0m kim c\u01b0\u01a1ng v\u00e0 nhi\u1ec1u h\u01a1n n\u1eefa.<\/span><\/p>\n<p><span style=\"font-family: arial, helvetica, sans-serif;\"><strong>Kh\u1ea3 n\u0103ng s\u1eed d\u1ee5ng:<\/strong> Thi\u1ebft k\u1ebf th\u00e2n thi\u1ec7n v\u1edbi ng\u01b0\u1eddi d\u00f9ng c\u1ee7a k\u00ednh hi\u1ec3n vi gi\u00fap b\u1ea1n d\u1ec5 d\u00e0ng s\u1eed d\u1ee5ng, ngay c\u1ea3 \u0111\u1ed1i v\u1edbi nh\u1eefng ng\u01b0\u1eddi c\u00f3 kinh nghi\u1ec7m s\u1eed d\u1ee5ng ch\u01b0a nhi\u1ec1u. C\u00e1c \u0111i\u1ec1u khi\u1ec3n r\u1ea5t tr\u1ef1c quan v\u00e0 \u0111\u01a1n gi\u1ea3n, v\u00e0 k\u00ednh hi\u1ec3n vi c\u00f3 thi\u1ebft k\u1ebf c\u00f4ng th\u00e1i h\u1ecdc l\u00e0m gi\u1ea3m s\u1ef1 m\u1ec7t m\u1ecfi c\u1ee7a ng\u01b0\u1eddi v\u1eadn h\u00e0nh<\/span><\/p>\n<p><span style=\"font-family: arial, helvetica, sans-serif;\">Vision Engineering HAWK DUO l\u00e0 m\u1ed9t l\u1ef1a ch\u1ecdn tuy\u1ec7t v\u1eddi cho nh\u1eefng chuy\u00ean gia y\u00eau c\u1ea7u m\u1ed9t k\u00ednh hi\u1ec3n vi ch\u1ea5t l\u01b0\u1ee3ng cao v\u1edbi hi\u1ec7u su\u1ea5t quang h\u1ecdc tuy\u1ec7t v\u1eddi v\u00e0 \u0111a d\u1ea1ng. Thi\u1ebft k\u1ebf d\u1ec5 s\u1eed d\u1ee5ng, t\u00ednh n\u0103ng n\u00e2ng cao v\u00e0 ch\u1ea5t l\u01b0\u1ee3ng h\u00ecnh \u1ea3nh tuy\u1ec7t v\u1eddi l\u00e0m cho n\u00f3 tr\u1edf th\u00e0nh m\u1ed9t l\u1ef1a ch\u1ecdn h\u00e0ng \u0111\u1ea7u cho nhi\u1ec1u \u1ee9ng d\u1ee5ng.<\/span><\/p>\n","protected":false},"excerpt":{"rendered":"<p>Hawk Duo k\u1ebft h\u1ee3p hai k\u00ednh hi\u1ec3n vi \u0111o trong m\u1ed9t thi\u1ebft b\u1ecb duy nh\u1ea5t, m\u1ea1nh m\u1ebd, ti\u1ebft ki\u1ec7m kh\u00f4ng gian v\u00e0 ti\u1ec1n b\u1ea1c. Kh\u1ea3 n\u0103ng \u0111o video<\/p>\n","protected":false},"author":2,"featured_media":4412,"parent":0,"menu_order":30,"comment_status":"open","ping_status":"closed","template":"","meta":{"inline_featured_image":false,"footnotes":""},"service-category":[84,85],"service_tag":[108],"class_list":["post-1642","product","type-product","status-publish","has-post-thumbnail","hentry","service-category-giai-phap-kiem-tra-va-do-luong","service-category-kinh-hien-vi-do-luong","service_tag-vat-lieu-han"],"yoast_head":"<!-- This site is optimized with the Yoast SEO plugin v27.4 - https:\/\/yoast.com\/product\/yoast-seo-wordpress\/ -->\n<title>K\u00cdNH HI\u1ec2N VI HAWK DUO - LORIOT INDUSTRIAL<\/title>\n<meta name=\"description\" content=\"Hawk Duo k\u1ebft h\u1ee3p hai k\u00ednh hi\u1ec3n vi \u0111o trong m\u1ed9t thi\u1ebft b\u1ecb duy nh\u1ea5t, m\u1ea1nh m\u1ebd, ti\u1ebft ki\u1ec7m kh\u00f4ng gian v\u00e0 ti\u1ec1n b\u1ea1c\" \/>\n<meta name=\"robots\" content=\"index, follow, max-snippet:-1, max-image-preview:large, max-video-preview:-1\" \/>\n<link rel=\"canonical\" href=\"https:\/\/loriot.com.vn\/vi\/product\/kinh-hien-vi-hawk-duo\/\" \/>\n<meta property=\"og:locale\" content=\"vi_VN\" \/>\n<meta property=\"og:type\" content=\"article\" \/>\n<meta property=\"og:title\" content=\"K\u00cdNH HI\u1ec2N VI HAWK DUO - LORIOT INDUSTRIAL\" \/>\n<meta property=\"og:description\" content=\"Hawk Duo k\u1ebft h\u1ee3p hai k\u00ednh hi\u1ec3n vi \u0111o trong m\u1ed9t thi\u1ebft b\u1ecb duy nh\u1ea5t, m\u1ea1nh m\u1ebd, ti\u1ebft ki\u1ec7m kh\u00f4ng gian v\u00e0 ti\u1ec1n b\u1ea1c\" \/>\n<meta property=\"og:url\" content=\"https:\/\/loriot.com.vn\/vi\/product\/kinh-hien-vi-hawk-duo\/\" \/>\n<meta property=\"og:site_name\" content=\"LORIOT INDUSTRIAL\" \/>\n<meta property=\"article:publisher\" content=\"https:\/\/www.facebook.com\/Loriot-Industrial-COLTD-103044855046633\" \/>\n<meta property=\"article:modified_time\" content=\"2026-03-16T07:18:13+00:00\" \/>\n<meta property=\"og:image\" content=\"https:\/\/loriot.com.vn\/wp-content\/uploads\/2021\/08\/KINH-HIEN-VI-HAWK-DUO-2-770x385-1.jpg\" \/>\n\t<meta property=\"og:image:width\" content=\"770\" \/>\n\t<meta property=\"og:image:height\" content=\"513\" \/>\n\t<meta property=\"og:image:type\" content=\"image\/jpeg\" \/>\n<meta name=\"twitter:card\" content=\"summary_large_image\" \/>\n<meta name=\"twitter:label1\" content=\"\u01af\u1edbc t\u00ednh th\u1eddi gian \u0111\u1ecdc\" \/>\n\t<meta name=\"twitter:data1\" content=\"2 ph\u00fat\" \/>\n<script type=\"application\/ld+json\" class=\"yoast-schema-graph\">{\"@context\":\"https:\\\/\\\/schema.org\",\"@graph\":[{\"@type\":\"WebPage\",\"@id\":\"https:\\\/\\\/loriot.com.vn\\\/vi\\\/product\\\/kinh-hien-vi-hawk-duo\\\/\",\"url\":\"https:\\\/\\\/loriot.com.vn\\\/vi\\\/product\\\/kinh-hien-vi-hawk-duo\\\/\",\"name\":\"K\u00cdNH HI\u1ec2N VI HAWK DUO - LORIOT INDUSTRIAL\",\"isPartOf\":{\"@id\":\"https:\\\/\\\/loriot.com.vn\\\/#website\"},\"primaryImageOfPage\":{\"@id\":\"https:\\\/\\\/loriot.com.vn\\\/vi\\\/product\\\/kinh-hien-vi-hawk-duo\\\/#primaryimage\"},\"image\":{\"@id\":\"https:\\\/\\\/loriot.com.vn\\\/vi\\\/product\\\/kinh-hien-vi-hawk-duo\\\/#primaryimage\"},\"thumbnailUrl\":\"https:\\\/\\\/loriot.com.vn\\\/wp-content\\\/uploads\\\/2021\\\/08\\\/KINH-HIEN-VI-HAWK-DUO-2-770x385-1.jpg\",\"datePublished\":\"2021-08-03T15:10:12+00:00\",\"dateModified\":\"2026-03-16T07:18:13+00:00\",\"description\":\"Hawk Duo k\u1ebft h\u1ee3p hai k\u00ednh hi\u1ec3n vi \u0111o trong m\u1ed9t thi\u1ebft b\u1ecb duy nh\u1ea5t, m\u1ea1nh m\u1ebd, ti\u1ebft ki\u1ec7m kh\u00f4ng gian v\u00e0 ti\u1ec1n b\u1ea1c\",\"breadcrumb\":{\"@id\":\"https:\\\/\\\/loriot.com.vn\\\/vi\\\/product\\\/kinh-hien-vi-hawk-duo\\\/#breadcrumb\"},\"inLanguage\":\"vi\",\"potentialAction\":[{\"@type\":\"ReadAction\",\"target\":[\"https:\\\/\\\/loriot.com.vn\\\/vi\\\/product\\\/kinh-hien-vi-hawk-duo\\\/\"]}]},{\"@type\":\"ImageObject\",\"inLanguage\":\"vi\",\"@id\":\"https:\\\/\\\/loriot.com.vn\\\/vi\\\/product\\\/kinh-hien-vi-hawk-duo\\\/#primaryimage\",\"url\":\"https:\\\/\\\/loriot.com.vn\\\/wp-content\\\/uploads\\\/2021\\\/08\\\/KINH-HIEN-VI-HAWK-DUO-2-770x385-1.jpg\",\"contentUrl\":\"https:\\\/\\\/loriot.com.vn\\\/wp-content\\\/uploads\\\/2021\\\/08\\\/KINH-HIEN-VI-HAWK-DUO-2-770x385-1.jpg\",\"width\":770,\"height\":513,\"caption\":\"K\u00cdNH HI\u1ec2N VI HAWK DUO\"},{\"@type\":\"BreadcrumbList\",\"@id\":\"https:\\\/\\\/loriot.com.vn\\\/vi\\\/product\\\/kinh-hien-vi-hawk-duo\\\/#breadcrumb\",\"itemListElement\":[{\"@type\":\"ListItem\",\"position\":1,\"name\":\"Home\",\"item\":\"https:\\\/\\\/loriot.com.vn\\\/vi\\\/\"},{\"@type\":\"ListItem\",\"position\":2,\"name\":\"Products\",\"item\":\"https:\\\/\\\/loriot.com.vn\\\/product\\\/\"},{\"@type\":\"ListItem\",\"position\":3,\"name\":\"K\u00cdNH HI\u1ec2N VI HAWK DUO\"}]},{\"@type\":\"WebSite\",\"@id\":\"https:\\\/\\\/loriot.com.vn\\\/#website\",\"url\":\"https:\\\/\\\/loriot.com.vn\\\/\",\"name\":\"LORIOT INDUSTRIAL CO.,LTD\",\"description\":\"\",\"publisher\":{\"@id\":\"https:\\\/\\\/loriot.com.vn\\\/#organization\"},\"potentialAction\":[{\"@type\":\"SearchAction\",\"target\":{\"@type\":\"EntryPoint\",\"urlTemplate\":\"https:\\\/\\\/loriot.com.vn\\\/?s={search_term_string}\"},\"query-input\":{\"@type\":\"PropertyValueSpecification\",\"valueRequired\":true,\"valueName\":\"search_term_string\"}}],\"inLanguage\":\"vi\"},{\"@type\":\"Organization\",\"@id\":\"https:\\\/\\\/loriot.com.vn\\\/#organization\",\"name\":\"Loriot Industrial Co.,Ltd\",\"url\":\"https:\\\/\\\/loriot.com.vn\\\/\",\"logo\":{\"@type\":\"ImageObject\",\"inLanguage\":\"vi\",\"@id\":\"https:\\\/\\\/loriot.com.vn\\\/#\\\/schema\\\/logo\\\/image\\\/\",\"url\":\"https:\\\/\\\/loriot.com.vn\\\/wp-content\\\/uploads\\\/2021\\\/08\\\/logo-ft.png\",\"contentUrl\":\"https:\\\/\\\/loriot.com.vn\\\/wp-content\\\/uploads\\\/2021\\\/08\\\/logo-ft.png\",\"width\":333,\"height\":101,\"caption\":\"Loriot Industrial Co.,Ltd\"},\"image\":{\"@id\":\"https:\\\/\\\/loriot.com.vn\\\/#\\\/schema\\\/logo\\\/image\\\/\"},\"sameAs\":[\"https:\\\/\\\/www.facebook.com\\\/Loriot-Industrial-COLTD-103044855046633\"]}]}<\/script>\n<!-- \/ Yoast SEO plugin. -->","yoast_head_json":{"title":"K\u00cdNH HI\u1ec2N VI HAWK DUO - LORIOT INDUSTRIAL","description":"Hawk Duo k\u1ebft h\u1ee3p hai k\u00ednh hi\u1ec3n vi \u0111o trong m\u1ed9t thi\u1ebft b\u1ecb duy nh\u1ea5t, m\u1ea1nh m\u1ebd, ti\u1ebft ki\u1ec7m kh\u00f4ng gian v\u00e0 ti\u1ec1n b\u1ea1c","robots":{"index":"index","follow":"follow","max-snippet":"max-snippet:-1","max-image-preview":"max-image-preview:large","max-video-preview":"max-video-preview:-1"},"canonical":"https:\/\/loriot.com.vn\/vi\/product\/kinh-hien-vi-hawk-duo\/","og_locale":"vi_VN","og_type":"article","og_title":"K\u00cdNH HI\u1ec2N VI HAWK DUO - LORIOT INDUSTRIAL","og_description":"Hawk Duo k\u1ebft h\u1ee3p hai k\u00ednh hi\u1ec3n vi \u0111o trong m\u1ed9t thi\u1ebft b\u1ecb duy nh\u1ea5t, m\u1ea1nh m\u1ebd, ti\u1ebft ki\u1ec7m kh\u00f4ng gian v\u00e0 ti\u1ec1n b\u1ea1c","og_url":"https:\/\/loriot.com.vn\/vi\/product\/kinh-hien-vi-hawk-duo\/","og_site_name":"LORIOT INDUSTRIAL","article_publisher":"https:\/\/www.facebook.com\/Loriot-Industrial-COLTD-103044855046633","article_modified_time":"2026-03-16T07:18:13+00:00","og_image":[{"width":770,"height":513,"url":"https:\/\/loriot.com.vn\/wp-content\/uploads\/2021\/08\/KINH-HIEN-VI-HAWK-DUO-2-770x385-1.jpg","type":"image\/jpeg"}],"twitter_card":"summary_large_image","twitter_misc":{"\u01af\u1edbc t\u00ednh th\u1eddi gian \u0111\u1ecdc":"2 ph\u00fat"},"schema":{"@context":"https:\/\/schema.org","@graph":[{"@type":"WebPage","@id":"https:\/\/loriot.com.vn\/vi\/product\/kinh-hien-vi-hawk-duo\/","url":"https:\/\/loriot.com.vn\/vi\/product\/kinh-hien-vi-hawk-duo\/","name":"K\u00cdNH HI\u1ec2N VI HAWK DUO - LORIOT INDUSTRIAL","isPartOf":{"@id":"https:\/\/loriot.com.vn\/#website"},"primaryImageOfPage":{"@id":"https:\/\/loriot.com.vn\/vi\/product\/kinh-hien-vi-hawk-duo\/#primaryimage"},"image":{"@id":"https:\/\/loriot.com.vn\/vi\/product\/kinh-hien-vi-hawk-duo\/#primaryimage"},"thumbnailUrl":"https:\/\/loriot.com.vn\/wp-content\/uploads\/2021\/08\/KINH-HIEN-VI-HAWK-DUO-2-770x385-1.jpg","datePublished":"2021-08-03T15:10:12+00:00","dateModified":"2026-03-16T07:18:13+00:00","description":"Hawk Duo k\u1ebft h\u1ee3p hai k\u00ednh hi\u1ec3n vi \u0111o trong m\u1ed9t thi\u1ebft b\u1ecb duy nh\u1ea5t, m\u1ea1nh m\u1ebd, ti\u1ebft ki\u1ec7m kh\u00f4ng gian v\u00e0 ti\u1ec1n b\u1ea1c","breadcrumb":{"@id":"https:\/\/loriot.com.vn\/vi\/product\/kinh-hien-vi-hawk-duo\/#breadcrumb"},"inLanguage":"vi","potentialAction":[{"@type":"ReadAction","target":["https:\/\/loriot.com.vn\/vi\/product\/kinh-hien-vi-hawk-duo\/"]}]},{"@type":"ImageObject","inLanguage":"vi","@id":"https:\/\/loriot.com.vn\/vi\/product\/kinh-hien-vi-hawk-duo\/#primaryimage","url":"https:\/\/loriot.com.vn\/wp-content\/uploads\/2021\/08\/KINH-HIEN-VI-HAWK-DUO-2-770x385-1.jpg","contentUrl":"https:\/\/loriot.com.vn\/wp-content\/uploads\/2021\/08\/KINH-HIEN-VI-HAWK-DUO-2-770x385-1.jpg","width":770,"height":513,"caption":"K\u00cdNH HI\u1ec2N VI HAWK DUO"},{"@type":"BreadcrumbList","@id":"https:\/\/loriot.com.vn\/vi\/product\/kinh-hien-vi-hawk-duo\/#breadcrumb","itemListElement":[{"@type":"ListItem","position":1,"name":"Home","item":"https:\/\/loriot.com.vn\/vi\/"},{"@type":"ListItem","position":2,"name":"Products","item":"https:\/\/loriot.com.vn\/product\/"},{"@type":"ListItem","position":3,"name":"K\u00cdNH HI\u1ec2N VI HAWK DUO"}]},{"@type":"WebSite","@id":"https:\/\/loriot.com.vn\/#website","url":"https:\/\/loriot.com.vn\/","name":"LORIOT INDUSTRIAL CO.,LTD","description":"","publisher":{"@id":"https:\/\/loriot.com.vn\/#organization"},"potentialAction":[{"@type":"SearchAction","target":{"@type":"EntryPoint","urlTemplate":"https:\/\/loriot.com.vn\/?s={search_term_string}"},"query-input":{"@type":"PropertyValueSpecification","valueRequired":true,"valueName":"search_term_string"}}],"inLanguage":"vi"},{"@type":"Organization","@id":"https:\/\/loriot.com.vn\/#organization","name":"Loriot Industrial Co.,Ltd","url":"https:\/\/loriot.com.vn\/","logo":{"@type":"ImageObject","inLanguage":"vi","@id":"https:\/\/loriot.com.vn\/#\/schema\/logo\/image\/","url":"https:\/\/loriot.com.vn\/wp-content\/uploads\/2021\/08\/logo-ft.png","contentUrl":"https:\/\/loriot.com.vn\/wp-content\/uploads\/2021\/08\/logo-ft.png","width":333,"height":101,"caption":"Loriot Industrial Co.,Ltd"},"image":{"@id":"https:\/\/loriot.com.vn\/#\/schema\/logo\/image\/"},"sameAs":["https:\/\/www.facebook.com\/Loriot-Industrial-COLTD-103044855046633"]}]}},"_links":{"self":[{"href":"https:\/\/loriot.com.vn\/vi\/wp-json\/wp\/v2\/product\/1642","targetHints":{"allow":["GET"]}}],"collection":[{"href":"https:\/\/loriot.com.vn\/vi\/wp-json\/wp\/v2\/product"}],"about":[{"href":"https:\/\/loriot.com.vn\/vi\/wp-json\/wp\/v2\/types\/product"}],"author":[{"embeddable":true,"href":"https:\/\/loriot.com.vn\/vi\/wp-json\/wp\/v2\/users\/2"}],"replies":[{"embeddable":true,"href":"https:\/\/loriot.com.vn\/vi\/wp-json\/wp\/v2\/comments?post=1642"}],"version-history":[{"count":11,"href":"https:\/\/loriot.com.vn\/vi\/wp-json\/wp\/v2\/product\/1642\/revisions"}],"predecessor-version":[{"id":6530,"href":"https:\/\/loriot.com.vn\/vi\/wp-json\/wp\/v2\/product\/1642\/revisions\/6530"}],"wp:featuredmedia":[{"embeddable":true,"href":"https:\/\/loriot.com.vn\/vi\/wp-json\/wp\/v2\/media\/4412"}],"wp:attachment":[{"href":"https:\/\/loriot.com.vn\/vi\/wp-json\/wp\/v2\/media?parent=1642"}],"wp:term":[{"taxonomy":"service-category","embeddable":true,"href":"https:\/\/loriot.com.vn\/vi\/wp-json\/wp\/v2\/service-category?post=1642"},{"taxonomy":"service_tag","embeddable":true,"href":"https:\/\/loriot.com.vn\/vi\/wp-json\/wp\/v2\/service_tag?post=1642"}],"curies":[{"name":"wp","href":"https:\/\/api.w.org\/{rel}","templated":true}]}}