{"id":1643,"date":"2021-08-03T09:55:05","date_gmt":"2021-08-03T09:55:05","guid":{"rendered":"http:\/\/loriot.com.vn\/product\/idm\/"},"modified":"2026-03-18T15:55:59","modified_gmt":"2026-03-18T08:55:59","slug":"may-idm","status":"publish","type":"product","link":"https:\/\/loriot.com.vn\/vi\/product\/may-idm\/","title":{"rendered":"M\u00c1Y IDM"},"content":{"rendered":"<p style=\"text-align: center;\"><span style=\"font-size: 12pt; font-family: arial, helvetica, sans-serif;\"><strong>\u00a0<span style=\"font-size: 14pt;\">M\u00c1Y IDM<\/span><\/strong><\/span><\/p>\n<p>&nbsp;<\/p>\n<h1 data-section-id=\"1a6edmr\" data-start=\"0\" data-end=\"107\"><span style=\"font-family: arial, helvetica, sans-serif; font-size: 12pt;\">M\u00e1y c\u1eaft PCB inline Getech IDM Inline Dicing Machine \u2013 Gi\u1ea3i ph\u00e1p dicing t\u1ed1c \u0111\u1ed9 cao, \u0111\u1ed9 ch\u00ednh x\u00e1c v\u01b0\u1ee3t tr\u1ed9i<\/span><\/h1>\n<p data-start=\"109\" data-end=\"448\"><span style=\"font-family: arial, helvetica, sans-serif; font-size: 12pt;\">Trong c\u00e1c \u1ee9ng d\u1ee5ng y\u00eau c\u1ea7u <strong data-start=\"136\" data-end=\"195\">t\u00e1ch panel PCB v\u1edbi \u0111\u1ed9 ch\u00ednh x\u00e1c c\u1ef1c cao v\u00e0 t\u1ed1c \u0111\u1ed9 nhanh<\/strong>, \u0111\u1eb7c bi\u1ec7t nh\u01b0 module b\u1ed9 nh\u1edb (memory modules), vi\u1ec7c s\u1eed d\u1ee5ng c\u00f4ng ngh\u1ec7 dicing l\u00e0 l\u1ef1a ch\u1ecdn t\u1ed1i \u01b0u. <strong data-start=\"292\" data-end=\"328\">Getech IDM Inline Dicing Machine<\/strong> l\u00e0 m\u00e1y c\u1eaft inline d\u1ea1ng saw \u0111\u01b0\u1ee3c thi\u1ebft k\u1ebf \u0111\u1ec3 \u0111\u00e1p \u1ee9ng nhu c\u1ea7u s\u1ea3n xu\u1ea5t t\u1ef1 \u0111\u1ed9ng v\u1edbi hi\u1ec7u su\u1ea5t cao v\u00e0 \u0111\u1ed9 \u1ed5n \u0111\u1ecbnh v\u01b0\u1ee3t tr\u1ed9i.<\/span><\/p>\n<h2 data-section-id=\"1my8tqf\" data-start=\"450\" data-end=\"498\"><span style=\"font-family: arial, helvetica, sans-serif; font-size: 12pt;\">Hi\u1ec7u su\u1ea5t cao \u2013 t\u1ed1i \u01b0u cho s\u1ea3n xu\u1ea5t h\u00e0ng lo\u1ea1t<\/span><\/h2>\n<p data-start=\"500\" data-end=\"638\"><span style=\"font-family: arial, helvetica, sans-serif; font-size: 12pt;\">\u26a1 Thi\u1ebft k\u1ebf <strong data-start=\"511\" data-end=\"533\">single workstation<\/strong> nh\u01b0ng t\u1ed1i \u01b0u h\u00f3a chu tr\u00ecnh c\u1eaft<\/span><br data-start=\"564\" data-end=\"567\" \/><span style=\"font-family: arial, helvetica, sans-serif; font-size: 12pt;\">\ud83d\udd04 \u0110\u1ea3m b\u1ea3o t\u1ed1c \u0111\u1ed9 x\u1eed l\u00fd nhanh cho c\u00e1c \u1ee9ng d\u1ee5ng y\u00eau c\u1ea7u throughput cao<\/span><\/p>\n<p data-start=\"640\" data-end=\"655\"><span style=\"font-family: arial, helvetica, sans-serif; font-size: 12pt;\">\u27a1\ufe0f Ph\u00f9 h\u1ee3p cho:<\/span><\/p>\n<ul data-start=\"656\" data-end=\"745\">\n<li data-section-id=\"xvd83d\" data-start=\"656\" data-end=\"687\">\n<p data-start=\"658\" data-end=\"687\"><span style=\"font-family: arial, helvetica, sans-serif; font-size: 12pt;\">D\u00e2y chuy\u1ec1n s\u1ea3n xu\u1ea5t t\u1ef1 \u0111\u1ed9ng<\/span><\/p>\n<\/li>\n<li data-section-id=\"1cke90z\" data-start=\"688\" data-end=\"745\">\n<p data-start=\"690\" data-end=\"745\"><span style=\"font-family: arial, helvetica, sans-serif; font-size: 12pt;\">C\u00e1c s\u1ea3n ph\u1ea9m y\u00eau c\u1ea7u s\u1ea3n l\u01b0\u1ee3ng l\u1edbn nh\u01b0 memory modules<\/span><\/p>\n<\/li>\n<\/ul>\n<h2 data-section-id=\"hfa7r\" data-start=\"747\" data-end=\"793\"><span style=\"font-family: arial, helvetica, sans-serif; font-size: 12pt;\">\u0110\u1ed9 ch\u00ednh x\u00e1c v\u01b0\u1ee3t tr\u1ed9i v\u1edbi b\u00e0n xoay \u0111\u1ecbnh v\u1ecb<\/span><\/h2>\n<p data-start=\"795\" data-end=\"834\"><span style=\"font-family: arial, helvetica, sans-serif; font-size: 12pt;\">\ud83c\udfaf Trang b\u1ecb <strong data-start=\"807\" data-end=\"833\">precision rotary table<\/strong>:<\/span><\/p>\n<ul data-start=\"835\" data-end=\"934\">\n<li data-section-id=\"1r3a0j6\" data-start=\"835\" data-end=\"880\">\n<p data-start=\"837\" data-end=\"880\"><span style=\"font-family: arial, helvetica, sans-serif; font-size: 12pt;\">\u0110\u1ecbnh v\u1ecb ch\u00ednh x\u00e1c PCB trong qu\u00e1 tr\u00ecnh c\u1eaft<\/span><\/p>\n<\/li>\n<li data-section-id=\"u2grs1\" data-start=\"881\" data-end=\"934\">\n<p data-start=\"883\" data-end=\"934\"><span style=\"font-family: arial, helvetica, sans-serif; font-size: 12pt;\">K\u1ebft h\u1ee3p v\u1edbi <strong data-start=\"895\" data-end=\"914\">gripper fixture<\/strong> gi\u1eef board \u1ed5n \u0111\u1ecbnh<\/span><\/p>\n<\/li>\n<\/ul>\n<p data-start=\"936\" data-end=\"944\"><span style=\"font-family: arial, helvetica, sans-serif; font-size: 12pt;\">\ud83d\udccf Gi\u00fap:<\/span><\/p>\n<ul data-start=\"945\" data-end=\"1008\">\n<li data-section-id=\"1joednd\" data-start=\"945\" data-end=\"974\">\n<p data-start=\"947\" data-end=\"974\"><span style=\"font-family: arial, helvetica, sans-serif; font-size: 12pt;\">\u0110\u1ea3m b\u1ea3o \u0111\u01b0\u1eddng c\u1eaft s\u1eafc n\u00e9t<\/span><\/p>\n<\/li>\n<li data-section-id=\"rk060l\" data-start=\"975\" data-end=\"1008\">\n<p data-start=\"977\" data-end=\"1008\"><span style=\"font-family: arial, helvetica, sans-serif; font-size: 12pt;\">Gi\u1ea3m sai l\u1ec7ch v\u00e0 l\u1ed7i s\u1ea3n ph\u1ea9m<\/span><\/p>\n<\/li>\n<\/ul>\n<h2 data-section-id=\"1sbldun\" data-start=\"1010\" data-end=\"1061\"><span style=\"font-family: arial, helvetica, sans-serif; font-size: 12pt;\">T\u1ef1 \u0111\u1ed9ng \u0111i\u1ec1u ch\u1ec9nh b\u0103ng t\u1ea3i \u2013 linh ho\u1ea1t s\u1ea3n xu\u1ea5t<\/span><\/h2>\n<p data-start=\"1063\" data-end=\"1111\"><span style=\"font-family: arial, helvetica, sans-serif; font-size: 12pt;\">\ud83d\udd27 T\u00ednh n\u0103ng <strong data-start=\"1076\" data-end=\"1110\">auto conveyor width adjustment<\/strong>:<\/span><\/p>\n<ul data-start=\"1112\" data-end=\"1200\">\n<li data-section-id=\"11vnwwo\" data-start=\"1112\" data-end=\"1151\">\n<p data-start=\"1114\" data-end=\"1151\"><span style=\"font-family: arial, helvetica, sans-serif; font-size: 12pt;\">T\u1ef1 \u0111\u1ed9ng \u0111i\u1ec1u ch\u1ec9nh \u0111\u1ed9 r\u1ed9ng b\u0103ng t\u1ea3i<\/span><\/p>\n<\/li>\n<li data-section-id=\"1w8faj5\" data-start=\"1152\" data-end=\"1200\">\n<p data-start=\"1154\" data-end=\"1200\"><span style=\"font-family: arial, helvetica, sans-serif; font-size: 12pt;\">Ph\u00f9 h\u1ee3p v\u1edbi nhi\u1ec1u k\u00edch th\u01b0\u1edbc panel kh\u00e1c nhau<\/span><\/p>\n<\/li>\n<\/ul>\n<p data-start=\"1202\" data-end=\"1247\"><span style=\"font-family: arial, helvetica, sans-serif; font-size: 12pt;\">\u27a1\ufe0f T\u0103ng t\u00ednh linh ho\u1ea1t khi thay \u0111\u1ed5i s\u1ea3n ph\u1ea9m.<\/span><\/p>\n<h2 data-section-id=\"1o84p7\" data-start=\"1249\" data-end=\"1300\"><span style=\"font-family: arial, helvetica, sans-serif; font-size: 12pt;\">T\u1ed1i \u01b0u v\u1eadn h\u00e0nh v\u1edbi h\u1ec7 th\u1ed1ng ph\u1ea7n m\u1ec1m th\u00f4ng minh<\/span><\/h2>\n<p data-start=\"1302\" data-end=\"1338\"><span style=\"font-family: arial, helvetica, sans-serif; font-size: 12pt;\">\ud83d\udda5\ufe0f T\u00edch h\u1ee3p nhi\u1ec1u c\u00f4ng c\u1ee5 ph\u1ea7n m\u1ec1m:<\/span><\/p>\n<ul data-start=\"1339\" data-end=\"1405\">\n<li data-section-id=\"wou01p\" data-start=\"1339\" data-end=\"1368\">\n<p data-start=\"1341\" data-end=\"1368\"><span style=\"font-family: arial, helvetica, sans-serif; font-size: 12pt;\">T\u1ed1i \u01b0u t\u1eebng chu tr\u00ecnh c\u1eaft<\/span><\/p>\n<\/li>\n<li data-section-id=\"t04s8l\" data-start=\"1369\" data-end=\"1405\">\n<p data-start=\"1371\" data-end=\"1405\"><span style=\"font-family: arial, helvetica, sans-serif; font-size: 12pt;\">N\u00e2ng cao hi\u1ec7u su\u1ea5t v\u00e0 \u0111\u1ed9 l\u1eb7p l\u1ea1i<\/span><\/p>\n<\/li>\n<\/ul>\n<p data-start=\"1407\" data-end=\"1415\"><span style=\"font-family: arial, helvetica, sans-serif; font-size: 12pt;\">\u2699\ufe0f Gi\u00fap:<\/span><\/p>\n<ul data-start=\"1416\" data-end=\"1475\">\n<li data-section-id=\"vjesna\" data-start=\"1416\" data-end=\"1440\">\n<p data-start=\"1418\" data-end=\"1440\"><span style=\"font-family: arial, helvetica, sans-serif; font-size: 12pt;\">Gi\u1ea3m th\u1eddi gian setup<\/span><\/p>\n<\/li>\n<li data-section-id=\"1qjnxr6\" data-start=\"1441\" data-end=\"1475\">\n<p data-start=\"1443\" data-end=\"1475\"><span style=\"font-family: arial, helvetica, sans-serif; font-size: 12pt;\">T\u0103ng \u0111\u1ed9 \u1ed5n \u0111\u1ecbnh trong v\u1eadn h\u00e0nh<\/span><\/p>\n<\/li>\n<\/ul>\n<h2 data-section-id=\"4kh6gf\" data-start=\"1477\" data-end=\"1530\"><span style=\"font-family: arial, helvetica, sans-serif; font-size: 12pt;\">Gi\u1ea3i ph\u00e1p dicing l\u00fd t\u01b0\u1edfng cho PCB \u0111\u1ed9 ch\u00ednh x\u00e1c cao<\/span><\/h2>\n<p data-start=\"1532\" data-end=\"1581\"><span style=\"font-family: arial, helvetica, sans-serif; font-size: 12pt;\">\ud83d\ude80 <strong data-start=\"1535\" data-end=\"1571\">Getech IDM Inline Dicing Machine<\/strong> mang l\u1ea1i:<\/span><\/p>\n<ul data-start=\"1582\" data-end=\"1668\">\n<li data-section-id=\"1jckprn\" data-start=\"1582\" data-end=\"1600\">\n<p data-start=\"1584\" data-end=\"1600\"><span style=\"font-family: arial, helvetica, sans-serif; font-size: 12pt;\">T\u1ed1c \u0111\u1ed9 c\u1eaft cao<\/span><\/p>\n<\/li>\n<li data-section-id=\"1ix0luk\" data-start=\"1601\" data-end=\"1627\">\n<p data-start=\"1603\" data-end=\"1627\"><span style=\"font-family: arial, helvetica, sans-serif; font-size: 12pt;\">\u0110\u1ed9 ch\u00ednh x\u00e1c v\u01b0\u1ee3t tr\u1ed9i<\/span><\/p>\n<\/li>\n<li data-section-id=\"te1px2\" data-start=\"1628\" data-end=\"1668\">\n<p data-start=\"1630\" data-end=\"1668\"><span style=\"font-family: arial, helvetica, sans-serif; font-size: 12pt;\">Kh\u1ea3 n\u0103ng t\u00edch h\u1ee3p d\u00e2y chuy\u1ec1n t\u1ef1 \u0111\u1ed9ng<\/span><\/p>\n<\/li>\n<\/ul>\n<p data-start=\"1670\" data-end=\"1697\"><span style=\"font-family: arial, helvetica, sans-serif; font-size: 12pt;\">\u27a1\ufe0f L\u00e0 l\u1ef1a ch\u1ecdn ph\u00f9 h\u1ee3p cho:<\/span><\/p>\n<ul data-start=\"1698\" data-end=\"1832\">\n<li data-section-id=\"1wkrira\" data-start=\"1698\" data-end=\"1724\">\n<p data-start=\"1700\" data-end=\"1724\"><span style=\"font-family: arial, helvetica, sans-serif; font-size: 12pt;\">S\u1ea3n xu\u1ea5t module b\u1ed9 nh\u1edb<\/span><\/p>\n<\/li>\n<li data-section-id=\"pwvlh1\" data-start=\"1725\" data-end=\"1778\">\n<p data-start=\"1727\" data-end=\"1778\"><span style=\"font-family: arial, helvetica, sans-serif; font-size: 12pt;\">C\u00e1c \u1ee9ng d\u1ee5ng PCB y\u00eau c\u1ea7u \u0111\u01b0\u1eddng c\u1eaft si\u00eau ch\u00ednh x\u00e1c<\/span><\/p>\n<\/li>\n<li data-section-id=\"svn58y\" data-start=\"1779\" data-end=\"1832\">\n<p data-start=\"1781\" data-end=\"1832\"><span style=\"font-family: arial, helvetica, sans-serif; font-size: 12pt;\">Nh\u00e0 m\u00e1y c\u1ea7n gi\u1ea3i ph\u00e1p dicing inline hi\u1ec7u su\u1ea5t cao<\/span><\/p>\n<\/li>\n<\/ul>\n","protected":false},"excerpt":{"rendered":"<p>Getech IDM Inline Dicing Machine l\u00e0 m\u00e1y c\u1eaft inline d\u1ea1ng saw \u0111\u01b0\u1ee3c thi\u1ebft k\u1ebf \u0111\u1ec3 \u0111\u00e1p \u1ee9ng nhu c\u1ea7u s\u1ea3n xu\u1ea5t t\u1ef1 \u0111\u1ed9ng<\/p>\n","protected":false},"author":1,"featured_media":4538,"parent":0,"menu_order":108,"comment_status":"open","ping_status":"closed","template":"","meta":{"inline_featured_image":false,"footnotes":""},"service-category":[78,79],"service_tag":[113],"class_list":["post-1643","product","type-product","status-publish","has-post-thumbnail","hentry","service-category-getech","service-category-may-cat-bo-mach-inline","service_tag-getech-vi"],"yoast_head":"<!-- This site is optimized with the Yoast SEO plugin v27.5 - https:\/\/yoast.com\/product\/yoast-seo-wordpress\/ -->\n<title>M\u00c1Y IDM - LORIOT INDUSTRIAL<\/title>\n<meta name=\"description\" content=\"Getech IDM Inline Dicing Machine l\u00e0 m\u00e1y c\u1eaft inline d\u1ea1ng saw \u0111\u01b0\u1ee3c thi\u1ebft k\u1ebf \u0111\u1ec3 \u0111\u00e1p \u1ee9ng nhu c\u1ea7u s\u1ea3n xu\u1ea5t t\u1ef1 \u0111\u1ed9ng v\u1edbi hi\u1ec7u su\u1ea5t.\" \/>\n<meta name=\"robots\" content=\"index, follow, max-snippet:-1, max-image-preview:large, max-video-preview:-1\" \/>\n<link rel=\"canonical\" href=\"https:\/\/loriot.com.vn\/vi\/product\/may-idm\/\" \/>\n<meta property=\"og:locale\" content=\"vi_VN\" \/>\n<meta property=\"og:type\" content=\"article\" \/>\n<meta property=\"og:title\" content=\"M\u00c1Y IDM - LORIOT INDUSTRIAL\" \/>\n<meta property=\"og:description\" content=\"Getech IDM Inline Dicing Machine l\u00e0 m\u00e1y c\u1eaft inline d\u1ea1ng saw \u0111\u01b0\u1ee3c thi\u1ebft k\u1ebf \u0111\u1ec3 \u0111\u00e1p \u1ee9ng nhu c\u1ea7u s\u1ea3n xu\u1ea5t t\u1ef1 \u0111\u1ed9ng v\u1edbi hi\u1ec7u su\u1ea5t.\" \/>\n<meta property=\"og:url\" content=\"https:\/\/loriot.com.vn\/vi\/product\/may-idm\/\" \/>\n<meta property=\"og:site_name\" content=\"LORIOT INDUSTRIAL\" \/>\n<meta property=\"article:publisher\" content=\"https:\/\/www.facebook.com\/Loriot-Industrial-COLTD-103044855046633\" \/>\n<meta property=\"article:modified_time\" content=\"2026-03-18T08:55:59+00:00\" \/>\n<meta property=\"og:image\" content=\"https:\/\/loriot.com.vn\/wp-content\/uploads\/2021\/08\/IDM-1-512x630-1.jpg\" \/>\n\t<meta property=\"og:image:width\" content=\"770\" \/>\n\t<meta property=\"og:image:height\" content=\"513\" \/>\n\t<meta property=\"og:image:type\" content=\"image\/jpeg\" \/>\n<meta name=\"twitter:card\" content=\"summary_large_image\" \/>\n<meta name=\"twitter:label1\" content=\"\u01af\u1edbc t\u00ednh th\u1eddi gian \u0111\u1ecdc\" \/>\n\t<meta name=\"twitter:data1\" content=\"2 ph\u00fat\" \/>\n<script type=\"application\/ld+json\" class=\"yoast-schema-graph\">{\"@context\":\"https:\\\/\\\/schema.org\",\"@graph\":[{\"@type\":\"WebPage\",\"@id\":\"https:\\\/\\\/loriot.com.vn\\\/vi\\\/product\\\/may-idm\\\/\",\"url\":\"https:\\\/\\\/loriot.com.vn\\\/vi\\\/product\\\/may-idm\\\/\",\"name\":\"M\u00c1Y IDM - LORIOT INDUSTRIAL\",\"isPartOf\":{\"@id\":\"https:\\\/\\\/loriot.com.vn\\\/vi\\\/#website\"},\"primaryImageOfPage\":{\"@id\":\"https:\\\/\\\/loriot.com.vn\\\/vi\\\/product\\\/may-idm\\\/#primaryimage\"},\"image\":{\"@id\":\"https:\\\/\\\/loriot.com.vn\\\/vi\\\/product\\\/may-idm\\\/#primaryimage\"},\"thumbnailUrl\":\"https:\\\/\\\/loriot.com.vn\\\/wp-content\\\/uploads\\\/2021\\\/08\\\/IDM-1-512x630-1.jpg\",\"datePublished\":\"2021-08-03T09:55:05+00:00\",\"dateModified\":\"2026-03-18T08:55:59+00:00\",\"description\":\"Getech IDM Inline Dicing Machine l\u00e0 m\u00e1y c\u1eaft inline d\u1ea1ng saw \u0111\u01b0\u1ee3c thi\u1ebft k\u1ebf \u0111\u1ec3 \u0111\u00e1p \u1ee9ng nhu c\u1ea7u s\u1ea3n xu\u1ea5t t\u1ef1 \u0111\u1ed9ng v\u1edbi hi\u1ec7u su\u1ea5t.\",\"breadcrumb\":{\"@id\":\"https:\\\/\\\/loriot.com.vn\\\/vi\\\/product\\\/may-idm\\\/#breadcrumb\"},\"inLanguage\":\"vi\",\"potentialAction\":[{\"@type\":\"ReadAction\",\"target\":[\"https:\\\/\\\/loriot.com.vn\\\/vi\\\/product\\\/may-idm\\\/\"]}]},{\"@type\":\"ImageObject\",\"inLanguage\":\"vi\",\"@id\":\"https:\\\/\\\/loriot.com.vn\\\/vi\\\/product\\\/may-idm\\\/#primaryimage\",\"url\":\"https:\\\/\\\/loriot.com.vn\\\/wp-content\\\/uploads\\\/2021\\\/08\\\/IDM-1-512x630-1.jpg\",\"contentUrl\":\"https:\\\/\\\/loriot.com.vn\\\/wp-content\\\/uploads\\\/2021\\\/08\\\/IDM-1-512x630-1.jpg\",\"width\":770,\"height\":513,\"caption\":\"\u00a0M\u00c1Y IDM\"},{\"@type\":\"BreadcrumbList\",\"@id\":\"https:\\\/\\\/loriot.com.vn\\\/vi\\\/product\\\/may-idm\\\/#breadcrumb\",\"itemListElement\":[{\"@type\":\"ListItem\",\"position\":1,\"name\":\"Home\",\"item\":\"https:\\\/\\\/loriot.com.vn\\\/vi\\\/\"},{\"@type\":\"ListItem\",\"position\":2,\"name\":\"Products\",\"item\":\"https:\\\/\\\/loriot.com.vn\\\/vi\\\/product\\\/\"},{\"@type\":\"ListItem\",\"position\":3,\"name\":\"M\u00c1Y IDM\"}]},{\"@type\":\"WebSite\",\"@id\":\"https:\\\/\\\/loriot.com.vn\\\/vi\\\/#website\",\"url\":\"https:\\\/\\\/loriot.com.vn\\\/vi\\\/\",\"name\":\"LORIOT INDUSTRIAL CO.,LTD\",\"description\":\"\",\"publisher\":{\"@id\":\"https:\\\/\\\/loriot.com.vn\\\/vi\\\/#organization\"},\"potentialAction\":[{\"@type\":\"SearchAction\",\"target\":{\"@type\":\"EntryPoint\",\"urlTemplate\":\"https:\\\/\\\/loriot.com.vn\\\/vi\\\/?s={search_term_string}\"},\"query-input\":{\"@type\":\"PropertyValueSpecification\",\"valueRequired\":true,\"valueName\":\"search_term_string\"}}],\"inLanguage\":\"vi\"},{\"@type\":\"Organization\",\"@id\":\"https:\\\/\\\/loriot.com.vn\\\/vi\\\/#organization\",\"name\":\"Loriot Industrial Co.,Ltd\",\"url\":\"https:\\\/\\\/loriot.com.vn\\\/vi\\\/\",\"logo\":{\"@type\":\"ImageObject\",\"inLanguage\":\"vi\",\"@id\":\"https:\\\/\\\/loriot.com.vn\\\/vi\\\/#\\\/schema\\\/logo\\\/image\\\/\",\"url\":\"https:\\\/\\\/loriot.com.vn\\\/wp-content\\\/uploads\\\/2021\\\/08\\\/logo-ft.png\",\"contentUrl\":\"https:\\\/\\\/loriot.com.vn\\\/wp-content\\\/uploads\\\/2021\\\/08\\\/logo-ft.png\",\"width\":333,\"height\":101,\"caption\":\"Loriot Industrial Co.,Ltd\"},\"image\":{\"@id\":\"https:\\\/\\\/loriot.com.vn\\\/vi\\\/#\\\/schema\\\/logo\\\/image\\\/\"},\"sameAs\":[\"https:\\\/\\\/www.facebook.com\\\/Loriot-Industrial-COLTD-103044855046633\"]}]}<\/script>\n<!-- \/ Yoast SEO plugin. -->","yoast_head_json":{"title":"M\u00c1Y IDM - LORIOT INDUSTRIAL","description":"Getech IDM Inline Dicing Machine l\u00e0 m\u00e1y c\u1eaft inline d\u1ea1ng saw \u0111\u01b0\u1ee3c thi\u1ebft k\u1ebf \u0111\u1ec3 \u0111\u00e1p \u1ee9ng nhu c\u1ea7u s\u1ea3n xu\u1ea5t t\u1ef1 \u0111\u1ed9ng v\u1edbi hi\u1ec7u su\u1ea5t.","robots":{"index":"index","follow":"follow","max-snippet":"max-snippet:-1","max-image-preview":"max-image-preview:large","max-video-preview":"max-video-preview:-1"},"canonical":"https:\/\/loriot.com.vn\/vi\/product\/may-idm\/","og_locale":"vi_VN","og_type":"article","og_title":"M\u00c1Y IDM - LORIOT INDUSTRIAL","og_description":"Getech IDM Inline Dicing Machine l\u00e0 m\u00e1y c\u1eaft inline d\u1ea1ng saw \u0111\u01b0\u1ee3c thi\u1ebft k\u1ebf \u0111\u1ec3 \u0111\u00e1p \u1ee9ng nhu c\u1ea7u s\u1ea3n xu\u1ea5t t\u1ef1 \u0111\u1ed9ng v\u1edbi hi\u1ec7u su\u1ea5t.","og_url":"https:\/\/loriot.com.vn\/vi\/product\/may-idm\/","og_site_name":"LORIOT INDUSTRIAL","article_publisher":"https:\/\/www.facebook.com\/Loriot-Industrial-COLTD-103044855046633","article_modified_time":"2026-03-18T08:55:59+00:00","og_image":[{"width":770,"height":513,"url":"https:\/\/loriot.com.vn\/wp-content\/uploads\/2021\/08\/IDM-1-512x630-1.jpg","type":"image\/jpeg"}],"twitter_card":"summary_large_image","twitter_misc":{"\u01af\u1edbc t\u00ednh th\u1eddi gian \u0111\u1ecdc":"2 ph\u00fat"},"schema":{"@context":"https:\/\/schema.org","@graph":[{"@type":"WebPage","@id":"https:\/\/loriot.com.vn\/vi\/product\/may-idm\/","url":"https:\/\/loriot.com.vn\/vi\/product\/may-idm\/","name":"M\u00c1Y IDM - LORIOT INDUSTRIAL","isPartOf":{"@id":"https:\/\/loriot.com.vn\/vi\/#website"},"primaryImageOfPage":{"@id":"https:\/\/loriot.com.vn\/vi\/product\/may-idm\/#primaryimage"},"image":{"@id":"https:\/\/loriot.com.vn\/vi\/product\/may-idm\/#primaryimage"},"thumbnailUrl":"https:\/\/loriot.com.vn\/wp-content\/uploads\/2021\/08\/IDM-1-512x630-1.jpg","datePublished":"2021-08-03T09:55:05+00:00","dateModified":"2026-03-18T08:55:59+00:00","description":"Getech IDM Inline Dicing Machine l\u00e0 m\u00e1y c\u1eaft inline d\u1ea1ng saw \u0111\u01b0\u1ee3c thi\u1ebft k\u1ebf \u0111\u1ec3 \u0111\u00e1p \u1ee9ng nhu c\u1ea7u s\u1ea3n xu\u1ea5t t\u1ef1 \u0111\u1ed9ng v\u1edbi hi\u1ec7u su\u1ea5t.","breadcrumb":{"@id":"https:\/\/loriot.com.vn\/vi\/product\/may-idm\/#breadcrumb"},"inLanguage":"vi","potentialAction":[{"@type":"ReadAction","target":["https:\/\/loriot.com.vn\/vi\/product\/may-idm\/"]}]},{"@type":"ImageObject","inLanguage":"vi","@id":"https:\/\/loriot.com.vn\/vi\/product\/may-idm\/#primaryimage","url":"https:\/\/loriot.com.vn\/wp-content\/uploads\/2021\/08\/IDM-1-512x630-1.jpg","contentUrl":"https:\/\/loriot.com.vn\/wp-content\/uploads\/2021\/08\/IDM-1-512x630-1.jpg","width":770,"height":513,"caption":"\u00a0M\u00c1Y IDM"},{"@type":"BreadcrumbList","@id":"https:\/\/loriot.com.vn\/vi\/product\/may-idm\/#breadcrumb","itemListElement":[{"@type":"ListItem","position":1,"name":"Home","item":"https:\/\/loriot.com.vn\/vi\/"},{"@type":"ListItem","position":2,"name":"Products","item":"https:\/\/loriot.com.vn\/vi\/product\/"},{"@type":"ListItem","position":3,"name":"M\u00c1Y IDM"}]},{"@type":"WebSite","@id":"https:\/\/loriot.com.vn\/vi\/#website","url":"https:\/\/loriot.com.vn\/vi\/","name":"LORIOT INDUSTRIAL CO.,LTD","description":"","publisher":{"@id":"https:\/\/loriot.com.vn\/vi\/#organization"},"potentialAction":[{"@type":"SearchAction","target":{"@type":"EntryPoint","urlTemplate":"https:\/\/loriot.com.vn\/vi\/?s={search_term_string}"},"query-input":{"@type":"PropertyValueSpecification","valueRequired":true,"valueName":"search_term_string"}}],"inLanguage":"vi"},{"@type":"Organization","@id":"https:\/\/loriot.com.vn\/vi\/#organization","name":"Loriot Industrial Co.,Ltd","url":"https:\/\/loriot.com.vn\/vi\/","logo":{"@type":"ImageObject","inLanguage":"vi","@id":"https:\/\/loriot.com.vn\/vi\/#\/schema\/logo\/image\/","url":"https:\/\/loriot.com.vn\/wp-content\/uploads\/2021\/08\/logo-ft.png","contentUrl":"https:\/\/loriot.com.vn\/wp-content\/uploads\/2021\/08\/logo-ft.png","width":333,"height":101,"caption":"Loriot Industrial Co.,Ltd"},"image":{"@id":"https:\/\/loriot.com.vn\/vi\/#\/schema\/logo\/image\/"},"sameAs":["https:\/\/www.facebook.com\/Loriot-Industrial-COLTD-103044855046633"]}]}},"_links":{"self":[{"href":"https:\/\/loriot.com.vn\/vi\/wp-json\/wp\/v2\/product\/1643","targetHints":{"allow":["GET"]}}],"collection":[{"href":"https:\/\/loriot.com.vn\/vi\/wp-json\/wp\/v2\/product"}],"about":[{"href":"https:\/\/loriot.com.vn\/vi\/wp-json\/wp\/v2\/types\/product"}],"author":[{"embeddable":true,"href":"https:\/\/loriot.com.vn\/vi\/wp-json\/wp\/v2\/users\/1"}],"replies":[{"embeddable":true,"href":"https:\/\/loriot.com.vn\/vi\/wp-json\/wp\/v2\/comments?post=1643"}],"version-history":[{"count":15,"href":"https:\/\/loriot.com.vn\/vi\/wp-json\/wp\/v2\/product\/1643\/revisions"}],"predecessor-version":[{"id":6599,"href":"https:\/\/loriot.com.vn\/vi\/wp-json\/wp\/v2\/product\/1643\/revisions\/6599"}],"wp:featuredmedia":[{"embeddable":true,"href":"https:\/\/loriot.com.vn\/vi\/wp-json\/wp\/v2\/media\/4538"}],"wp:attachment":[{"href":"https:\/\/loriot.com.vn\/vi\/wp-json\/wp\/v2\/media?parent=1643"}],"wp:term":[{"taxonomy":"service-category","embeddable":true,"href":"https:\/\/loriot.com.vn\/vi\/wp-json\/wp\/v2\/service-category?post=1643"},{"taxonomy":"service_tag","embeddable":true,"href":"https:\/\/loriot.com.vn\/vi\/wp-json\/wp\/v2\/service_tag?post=1643"}],"curies":[{"name":"wp","href":"https:\/\/api.w.org\/{rel}","templated":true}]}}