{"id":1644,"date":"2021-08-03T11:03:41","date_gmt":"2021-08-03T11:03:41","guid":{"rendered":"http:\/\/loriot.com.vn\/product\/ionizer-benchtop-zero-volt\/"},"modified":"2026-03-18T14:42:22","modified_gmt":"2026-03-18T07:42:22","slug":"may-zero-volt-benchtop-ionizer","status":"publish","type":"product","link":"https:\/\/loriot.com.vn\/vi\/product\/may-zero-volt-benchtop-ionizer\/","title":{"rendered":"M\u00c1Y ZERO VOLT BENCHTOP IONIZER"},"content":{"rendered":"<p style=\"text-align: center;\"><span style=\"font-family: arial, helvetica, sans-serif; font-size: 14pt;\"><strong>M\u00c1Y ZERO VOLT BENCHTOP IONIZER<\/strong><\/span><\/p>\n<p>&nbsp;<\/p>\n<h1 data-section-id=\"1hvgls9\" data-start=\"0\" data-end=\"109\"><span style=\"font-family: arial, helvetica, sans-serif; font-size: 12pt;\">B\u1ed9 ionizer \u0111\u1ec3 b\u00e0n Desco Zero Volt Benchtop Ionizer \u2013 Gi\u1ea3i ph\u00e1p trung h\u00f2a t\u0129nh \u0111i\u1ec7n hi\u1ec7u qu\u1ea3 cho workstation<\/span><\/h1>\n<p data-start=\"111\" data-end=\"457\"><span style=\"font-family: arial, helvetica, sans-serif; font-size: 12pt;\">Trong c\u00e1c khu v\u1ef1c s\u1ea3n xu\u1ea5t \u0111i\u1ec7n t\u1eed, \u0111\u1eb7c bi\u1ec7t l\u00e0 khi x\u1eed l\u00fd linh ki\u1ec7n nh\u1ea1y c\u1ea3m v\u1edbi t\u0129nh \u0111i\u1ec7n ho\u1eb7c v\u1eadt li\u1ec7u c\u00e1ch \u0111i\u1ec7n, vi\u1ec7c ki\u1ec3m so\u00e1t \u0111i\u1ec7n t\u00edch d\u01b0 l\u00e0 v\u00f4 c\u00f9ng quan tr\u1ecdng. <strong data-start=\"278\" data-end=\"314\">Desco Zero Volt Benchtop Ionizer<\/strong> l\u00e0 thi\u1ebft b\u1ecb ionizer \u0111\u1ec3 b\u00e0n s\u1eed d\u1ee5ng c\u00f4ng ngh\u1ec7 DC \u1ed5n \u0111\u1ecbnh, gi\u00fap trung h\u00f2a \u0111i\u1ec7n t\u00edch t\u0129nh m\u1ed9t c\u00e1ch nhanh ch\u00f3ng v\u00e0 ch\u00ednh x\u00e1c ngay t\u1ea1i workstation.<\/span><\/p>\n<p data-start=\"459\" data-end=\"638\"><span style=\"font-family: arial, helvetica, sans-serif; font-size: 12pt;\">V\u1edbi thi\u1ebft k\u1ebf nh\u1ecf g\u1ecdn, hi\u1ec7u su\u1ea5t cao v\u00e0 kh\u1ea3 n\u0103ng \u0111\u00e1p \u1ee9ng c\u00e1c ti\u00eau chu\u1ea9n ESD qu\u1ed1c t\u1ebf, thi\u1ebft b\u1ecb l\u00e0 l\u1ef1a ch\u1ecdn l\u00fd t\u01b0\u1edfng cho c\u00e1c d\u00e2y chuy\u1ec1n SMT, ph\u00f2ng s\u1ea1ch v\u00e0 khu v\u1ef1c ki\u1ec3m tra linh ki\u1ec7n.<\/span><\/p>\n<h2 data-section-id=\"1krbw6q\" data-start=\"640\" data-end=\"687\"><span style=\"font-family: arial, helvetica, sans-serif; font-size: 12pt;\">Trung h\u00f2a t\u0129nh \u0111i\u1ec7n nhanh ch\u00f3ng v\u00e0 ch\u00ednh x\u00e1c<\/span><\/h2>\n<p data-start=\"689\" data-end=\"787\"><span style=\"font-family: arial, helvetica, sans-serif; font-size: 12pt;\">Ionizer \u0111\u01b0\u1ee3c trang b\u1ecb qu\u1ea1t \u0111\u01a1n v\u1edbi v\u00f9ng ph\u1ee7 hi\u1ec7u qu\u1ea3 <strong data-start=\"742\" data-end=\"755\">16\u201d x 24\u201d<\/strong>, gi\u00fap trung h\u00f2a \u0111i\u1ec7n t\u00edch tr\u00ean:<\/span><\/p>\n<ul data-start=\"788\" data-end=\"883\">\n<li data-section-id=\"3b8m3j\" data-start=\"788\" data-end=\"823\">\n<p data-start=\"790\" data-end=\"823\"><span style=\"font-family: arial, helvetica, sans-serif; font-size: 12pt;\">V\u1eadt li\u1ec7u c\u00e1ch \u0111i\u1ec7n (insulators)<\/span><\/p>\n<\/li>\n<li data-section-id=\"1f1txfw\" data-start=\"824\" data-end=\"852\">\n<p data-start=\"826\" data-end=\"852\"><span style=\"font-family: arial, helvetica, sans-serif; font-size: 12pt;\">C\u00e1c b\u1ec1 m\u1eb7t kh\u00f4ng n\u1ed1i \u0111\u1ea5t<\/span><\/p>\n<\/li>\n<li data-section-id=\"uqwdrv\" data-start=\"853\" data-end=\"883\">\n<p data-start=\"855\" data-end=\"883\"><span style=\"font-family: arial, helvetica, sans-serif; font-size: 12pt;\">Linh ki\u1ec7n \u0111i\u1ec7n t\u1eed nh\u1ea1y c\u1ea3m<\/span><\/p>\n<\/li>\n<\/ul>\n<p data-start=\"885\" data-end=\"903\"><span style=\"font-family: arial, helvetica, sans-serif; font-size: 12pt;\">Hi\u1ec7u su\u1ea5t n\u1ed5i b\u1eadt:<\/span><\/p>\n<ul data-start=\"904\" data-end=\"1010\">\n<li data-section-id=\"17qyuuf\" data-start=\"904\" data-end=\"964\">\n<p data-start=\"906\" data-end=\"964\"><span style=\"font-family: arial, helvetica, sans-serif; font-size: 12pt;\">\u26a1 <strong data-start=\"908\" data-end=\"938\">Th\u1eddi gian x\u1ea3 t\u0129nh &lt; 2 gi\u00e2y<\/strong> t\u1ea1i kho\u1ea3ng c\u00e1ch 12 inch<\/span><\/p>\n<\/li>\n<li data-section-id=\"px1x7f\" data-start=\"965\" data-end=\"1010\">\n<p data-start=\"967\" data-end=\"1010\"><span style=\"font-family: arial, helvetica, sans-serif; font-size: 12pt;\">\ud83d\udccf <strong data-start=\"970\" data-end=\"1008\">\u0110i\u1ec7n \u00e1p l\u1ec7ch (offset voltage): \u00b13V<\/strong><\/span><\/p>\n<\/li>\n<\/ul>\n<p data-start=\"1012\" data-end=\"1121\"><span style=\"font-family: arial, helvetica, sans-serif; font-size: 12pt;\">\u27a1\ufe0f \u0110\u00e1p \u1ee9ng y\u00eau c\u1ea7u nghi\u00eam ng\u1eb7t c\u1ee7a c\u00e1c ti\u00eau chu\u1ea9n <strong data-start=\"1062\" data-end=\"1081\">ANSI\/ESD S20.20<\/strong> v\u00e0 <strong data-start=\"1085\" data-end=\"1097\">ESD TR53<\/strong> trong s\u1ea3n xu\u1ea5t \u0111i\u1ec7n t\u1eed.<\/span><\/p>\n<h2 data-section-id=\"1prsljt\" data-start=\"1123\" data-end=\"1170\"><span style=\"font-family: arial, helvetica, sans-serif; font-size: 12pt;\">Lu\u1ed3ng kh\u00ed s\u1ea1ch \u2013 ph\u00f9 h\u1ee3p m\u00f4i tr\u01b0\u1eddng nh\u1ea1y c\u1ea3m<\/span><\/h2>\n<p data-start=\"1172\" data-end=\"1212\"><span style=\"font-family: arial, helvetica, sans-serif; font-size: 12pt;\">Thi\u1ebft k\u1ebf <strong data-start=\"1181\" data-end=\"1206\">sealed plenum airflow<\/strong> gi\u00fap:<\/span><\/p>\n<ul data-start=\"1213\" data-end=\"1392\">\n<li data-section-id=\"1m8wzjk\" data-start=\"1213\" data-end=\"1269\">\n<p data-start=\"1215\" data-end=\"1269\"><span style=\"font-family: arial, helvetica, sans-serif; font-size: 12pt;\">Ng\u0103n ch\u1eb7n b\u1ee5i v\u00e0 t\u1ea1p ch\u1ea5t x\u00e2m nh\u1eadp v\u00e0o v\u00f9ng l\u00e0m vi\u1ec7c<\/span><\/p>\n<\/li>\n<li data-section-id=\"11w1nka\" data-start=\"1270\" data-end=\"1332\">\n<p data-start=\"1272\" data-end=\"1332\"><span style=\"font-family: arial, helvetica, sans-serif; font-size: 12pt;\">Duy tr\u00ec m\u00f4i tr\u01b0\u1eddng s\u1ea1ch cho c\u00e1c \u1ee9ng d\u1ee5ng SMT v\u00e0 ph\u00f2ng s\u1ea1ch<\/span><\/p>\n<\/li>\n<li data-section-id=\"19fqj0r\" data-start=\"1333\" data-end=\"1392\">\n<p data-start=\"1335\" data-end=\"1392\"><span style=\"font-family: arial, helvetica, sans-serif; font-size: 12pt;\">\u0110\u1ea3m b\u1ea3o kh\u00f4ng g\u00e2y \u00f4 nhi\u1ec5m ng\u01b0\u1ee3c trong qu\u00e1 tr\u00ecnh ion h\u00f3a<\/span><\/p>\n<\/li>\n<\/ul>\n<p data-start=\"1394\" data-end=\"1537\"><span style=\"font-family: arial, helvetica, sans-serif; font-size: 12pt;\">Ngo\u00e0i ra, v\u1ecf m\u00e1y <strong data-start=\"1411\" data-end=\"1454\">s\u01a1n t\u0129nh \u0111i\u1ec7n (powder coated enclosure)<\/strong> gi\u00fap ch\u1ed1ng \u0103n m\u00f2n v\u00e0 gi\u1ea3m ph\u00e1t sinh b\u1ee5i, t\u0103ng \u0111\u1ed9 b\u1ec1n trong m\u00f4i tr\u01b0\u1eddng c\u00f4ng nghi\u1ec7p.<\/span><\/p>\n<h2 data-section-id=\"1km4pqh\" data-start=\"1539\" data-end=\"1582\"><span style=\"font-family: arial, helvetica, sans-serif; font-size: 12pt;\">\u0110i\u1ec1u khi\u1ec3n linh ho\u1ea1t v\u00e0 an to\u00e0n v\u1eadn h\u00e0nh<\/span><\/h2>\n<p data-start=\"1584\" data-end=\"1622\"><span style=\"font-family: arial, helvetica, sans-serif; font-size: 12pt;\">Thi\u1ebft b\u1ecb h\u1ed7 tr\u1ee3 nhi\u1ec1u m\u1ee9c t\u1ed1c \u0111\u1ed9 qu\u1ea1t:<\/span><\/p>\n<ul data-start=\"1623\" data-end=\"1721\">\n<li data-section-id=\"1kgjby6\" data-start=\"1623\" data-end=\"1669\">\n<p data-start=\"1625\" data-end=\"1669\"><span style=\"font-family: arial, helvetica, sans-serif; font-size: 12pt;\">\ud83c\udf2c\ufe0f <strong data-start=\"1629\" data-end=\"1667\">Low \/ Medium \/ High (50 \u2013 100 CFM)<\/strong><\/span><\/p>\n<\/li>\n<li data-section-id=\"nwan9y\" data-start=\"1670\" data-end=\"1721\">\n<p data-start=\"1672\" data-end=\"1721\"><span style=\"font-family: arial, helvetica, sans-serif; font-size: 12pt;\">Ph\u00f9 h\u1ee3p v\u1edbi c\u00e1c \u1ee9ng d\u1ee5ng nh\u1ea1y c\u1ea3m v\u1edbi lu\u1ed3ng gi\u00f3<\/span><\/p>\n<\/li>\n<\/ul>\n<p data-start=\"1723\" data-end=\"1759\"><span style=\"font-family: arial, helvetica, sans-serif; font-size: 12pt;\">H\u1ec7 th\u1ed1ng <strong data-start=\"1732\" data-end=\"1749\">Auto-Feedback<\/strong> t\u00edch h\u1ee3p:<\/span><\/p>\n<ul data-start=\"1760\" data-end=\"1845\">\n<li data-section-id=\"1phgf38\" data-start=\"1760\" data-end=\"1796\">\n<p data-start=\"1762\" data-end=\"1796\"><span style=\"font-family: arial, helvetica, sans-serif; font-size: 12pt;\">\ud83d\udd14 C\u1ea3nh b\u00e1o b\u1eb1ng \u00e2m thanh v\u00e0 \u0111\u00e8n<\/span><\/p>\n<\/li>\n<li data-section-id=\"f2my6v\" data-start=\"1797\" data-end=\"1845\">\n<p data-start=\"1799\" data-end=\"1845\"><span style=\"font-family: arial, helvetica, sans-serif; font-size: 12pt;\">\ud83d\udd0c T\u1ef1 \u0111\u1ed9ng t\u1eaft khi \u0111i\u1ec7n \u00e1p c\u1ea5p kh\u00f4ng \u1ed5n \u0111\u1ecbnh<\/span><\/p>\n<\/li>\n<\/ul>\n<p data-start=\"1847\" data-end=\"1908\"><span style=\"font-family: arial, helvetica, sans-serif; font-size: 12pt;\">\u27a1\ufe0f Gi\u00fap \u0111\u1ea3m b\u1ea3o an to\u00e0n v\u00e0 duy tr\u00ec hi\u1ec7u su\u1ea5t ion h\u00f3a \u1ed5n \u0111\u1ecbnh.<\/span><\/p>\n<h2 data-section-id=\"1mssttf\" data-start=\"1910\" data-end=\"1944\"><span style=\"font-family: arial, helvetica, sans-serif; font-size: 12pt;\">Linh ho\u1ea1t ngu\u1ed3n \u0111i\u1ec7n v\u00e0 l\u1eafp \u0111\u1eb7t<\/span><\/h2>\n<ul data-start=\"1946\" data-end=\"2061\">\n<li data-section-id=\"1xht5kp\" data-start=\"1946\" data-end=\"2019\">\n<p data-start=\"1948\" data-end=\"2019\"><span style=\"font-family: arial, helvetica, sans-serif; font-size: 12pt;\">\u26a1 H\u1ed7 tr\u1ee3 \u0111i\u1ec7n \u00e1p \u0111\u1ea7u v\u00e0o <strong data-start=\"1973\" data-end=\"1995\">120VAC ho\u1eb7c 220VAC<\/strong> (c\u1ea5u h\u00ecnh qua jumper)<\/span><\/p>\n<\/li>\n<li data-section-id=\"yf3mcx\" data-start=\"2020\" data-end=\"2061\">\n<p data-start=\"2022\" data-end=\"2061\"><span style=\"font-family: arial, helvetica, sans-serif; font-size: 12pt;\">\ud83d\udd0c \u0110i k\u00e8m d\u00e2y ngu\u1ed3n ti\u00eau chu\u1ea9n B\u1eafc M\u1ef9<\/span><\/p>\n<\/li>\n<\/ul>\n<p data-start=\"2063\" data-end=\"2127\"><span style=\"font-family: arial, helvetica, sans-serif; font-size: 12pt;\">Ngo\u00e0i ra, thi\u1ebft b\u1ecb c\u00f3 th\u1ec3 m\u1edf r\u1ed9ng v\u00e0 t\u00f9y ch\u1ec9nh v\u1edbi c\u00e1c ph\u1ee5 ki\u1ec7n:<\/span><\/p>\n<ul data-start=\"2128\" data-end=\"2327\">\n<li data-section-id=\"1soxwd8\" data-start=\"2128\" data-end=\"2188\">\n<p data-start=\"2130\" data-end=\"2188\"><span style=\"font-family: arial, helvetica, sans-serif; font-size: 12pt;\">T\u01b0\u01a1ng th\u00edch v\u1edbi <strong data-start=\"2146\" data-end=\"2186\">Desco 60507 Replacement Emitter Pins<\/strong><\/span><\/p>\n<\/li>\n<li data-section-id=\"1jeoyfj\" data-start=\"2189\" data-end=\"2251\">\n<p data-start=\"2191\" data-end=\"2251\"><span style=\"font-family: arial, helvetica, sans-serif; font-size: 12pt;\">L\u1eafp \u0111\u1eb7t linh ho\u1ea1t v\u1edbi <strong data-start=\"2213\" data-end=\"2249\">Desco 60466 Ionizer Mounting Arm<\/strong><\/span><\/p>\n<\/li>\n<li data-section-id=\"1qyeo55\" data-start=\"2252\" data-end=\"2327\">\n<p data-start=\"2254\" data-end=\"2327\"><span style=\"font-family: arial, helvetica, sans-serif; font-size: 12pt;\">T\u00edch h\u1ee3p c\u1ea3m bi\u1ebfn chuy\u1ec3n \u0111\u1ed9ng v\u1edbi <strong data-start=\"2288\" data-end=\"2325\">Desco 60509 Ionizer Motion Sensor<\/strong><\/span><\/p>\n<\/li>\n<\/ul>\n<h2 data-section-id=\"a0f1sh\" data-start=\"2329\" data-end=\"2369\"><span style=\"font-family: arial, helvetica, sans-serif; font-size: 12pt;\">\u0110\u1ed9 ch\u00ednh x\u00e1c v\u00e0 ti\u00eau chu\u1ea9n hi\u1ec7u chu\u1ea9n<\/span><\/h2>\n<p data-start=\"2371\" data-end=\"2485\"><span style=\"font-family: arial, helvetica, sans-serif; font-size: 12pt;\">Thi\u1ebft b\u1ecb \u0111\u01b0\u1ee3c hi\u1ec7u chu\u1ea9n theo ti\u00eau chu\u1ea9n c\u1ee7a <strong data-start=\"2416\" data-end=\"2457\"><span class=\"hover:entity-accent entity-underline inline cursor-pointer align-baseline\"><span class=\"whitespace-normal\">National Institute of Standards and Technology<\/span><\/span><\/strong>, \u0111i k\u00e8m ch\u1ee9ng ch\u1ec9, \u0111\u1ea3m b\u1ea3o:<\/span><\/p>\n<ul data-start=\"2486\" data-end=\"2593\">\n<li data-section-id=\"1y8z5va\" data-start=\"2486\" data-end=\"2506\">\n<p data-start=\"2488\" data-end=\"2506\"><span style=\"font-family: arial, helvetica, sans-serif; font-size: 12pt;\">\u0110\u1ed9 ch\u00ednh x\u00e1c cao<\/span><\/p>\n<\/li>\n<li data-section-id=\"x1z8um\" data-start=\"2507\" data-end=\"2539\">\n<p data-start=\"2509\" data-end=\"2539\"><span style=\"font-family: arial, helvetica, sans-serif; font-size: 12pt;\">Kh\u1ea3 n\u0103ng truy xu\u1ea5t ngu\u1ed3n g\u1ed1c<\/span><\/p>\n<\/li>\n<li data-section-id=\"1q4w3wp\" data-start=\"2540\" data-end=\"2593\">\n<p data-start=\"2542\" data-end=\"2593\"><span style=\"font-family: arial, helvetica, sans-serif; font-size: 12pt;\">Ph\u00f9 h\u1ee3p c\u00e1c quy tr\u00ecnh ki\u1ec3m so\u00e1t ESD chuy\u00ean nghi\u1ec7p<\/span><\/p>\n<\/li>\n<\/ul>\n<h2 data-section-id=\"yviefm\" data-start=\"2595\" data-end=\"2619\"><span style=\"font-family: arial, helvetica, sans-serif; font-size: 12pt;\">Xu\u1ea5t x\u1ee9 v\u00e0 \u0111\u1ed9 tin c\u1eady<\/span><\/h2>\n<ul data-start=\"2621\" data-end=\"2756\">\n<li data-section-id=\"a2sg2y\" data-start=\"2621\" data-end=\"2649\">\n<p data-start=\"2623\" data-end=\"2649\"><span style=\"font-family: arial, helvetica, sans-serif; font-size: 12pt;\">\ud83c\uddfa\ud83c\uddf8 S\u1ea3n xu\u1ea5t t\u1ea1i Hoa K\u1ef3<\/span><\/p>\n<\/li>\n<li data-section-id=\"g8u3du\" data-start=\"2650\" data-end=\"2694\">\n<p data-start=\"2652\" data-end=\"2694\"><span style=\"font-family: arial, helvetica, sans-serif; font-size: 12pt;\">L\u1eafp r\u00e1p v\u00e0 l\u01b0u kho t\u1ea1i Chino, California<\/span><\/p>\n<\/li>\n<li data-section-id=\"1v02x2s\" data-start=\"2695\" data-end=\"2756\">\n<p data-start=\"2697\" data-end=\"2756\"><span style=\"font-family: arial, helvetica, sans-serif; font-size: 12pt;\">\u0110\u1ea3m b\u1ea3o ch\u1ea5t l\u01b0\u1ee3ng v\u00e0 \u0111\u1ed9 b\u1ec1n trong m\u00f4i tr\u01b0\u1eddng c\u00f4ng nghi\u1ec7p<\/span><\/p>\n<\/li>\n<\/ul>\n<h2 data-section-id=\"1umf2zu\" data-start=\"2758\" data-end=\"2804\"><span style=\"font-family: arial, helvetica, sans-serif; font-size: 12pt;\">Gi\u1ea3i ph\u00e1p ion h\u00f3a t\u1ed1i \u01b0u cho d\u00e2y chuy\u1ec1n SMT<\/span><\/h2>\n<p data-start=\"2806\" data-end=\"3022\"><span style=\"font-family: arial, helvetica, sans-serif; font-size: 12pt;\">V\u1edbi kh\u1ea3 n\u0103ng trung h\u00f2a nhanh, \u0111\u1ed9 ch\u00ednh x\u00e1c cao v\u00e0 thi\u1ebft k\u1ebf ph\u00f9 h\u1ee3p m\u00f4i tr\u01b0\u1eddng s\u1ea1ch, <strong data-start=\"2890\" data-end=\"2926\">Desco Zero Volt Benchtop Ionizer<\/strong> l\u00e0 thi\u1ebft b\u1ecb kh\u00f4ng th\u1ec3 thi\u1ebfu trong c\u00e1c khu v\u1ef1c l\u00e0m vi\u1ec7c y\u00eau c\u1ea7u ki\u1ec3m so\u00e1t t\u0129nh \u0111i\u1ec7n nghi\u00eam ng\u1eb7t.<\/span><\/p>\n<p data-start=\"3024\" data-end=\"3179\"><span style=\"font-family: arial, helvetica, sans-serif; font-size: 12pt;\">Thi\u1ebft b\u1ecb gi\u00fap lo\u1ea1i b\u1ecf \u0111i\u1ec7n t\u00edch d\u01b0 tr\u00ean v\u1eadt li\u1ec7u c\u00e1ch \u0111i\u1ec7n, gi\u1ea3m nguy c\u01a1 h\u01b0 h\u1ecfng linh ki\u1ec7n v\u00e0 n\u00e2ng cao \u0111\u1ed9 \u1ed5n \u0111\u1ecbnh trong to\u00e0n b\u1ed9 quy tr\u00ecnh s\u1ea3n xu\u1ea5t \u0111i\u1ec7n t\u1eed.<\/span><\/p>\n","protected":false},"excerpt":{"rendered":"<p>B\u1ed9 ionizer \u0111\u1ec3 b\u00e0n Desco Zero Volt Benchtop Ionizer. Gi\u1ea3i ph\u00e1p trung h\u00f2a&#8230;<\/p>\n","protected":false},"author":1,"featured_media":4507,"parent":0,"menu_order":78,"comment_status":"open","ping_status":"closed","template":"","meta":{"inline_featured_image":false,"footnotes":""},"service-category":[75],"service_tag":[107],"class_list":["post-1644","product","type-product","status-publish","has-post-thumbnail","hentry","service-category-thiet-bi-chong-tinh-dien","service_tag-esd-equipments-vi"],"yoast_head":"<!-- This site is optimized with the Yoast SEO plugin v27.4 - https:\/\/yoast.com\/product\/yoast-seo-wordpress\/ -->\n<title>M\u00c1Y ZERO VOLT BENCHTOP IONIZER - LORIOT INDUSTRIAL<\/title>\n<meta name=\"description\" content=\"B\u1ed9 ionizer \u0111\u1ec3 b\u00e0n Desco Zero Volt Benchtop Ionizer \u2013 Gi\u1ea3i ph\u00e1p trung h\u00f2a t\u0129nh \u0111i\u1ec7n hi\u1ec7u qu\u1ea3 cho workstation.\" \/>\n<meta name=\"robots\" content=\"index, follow, max-snippet:-1, max-image-preview:large, max-video-preview:-1\" \/>\n<link rel=\"canonical\" href=\"https:\/\/loriot.com.vn\/vi\/product\/may-zero-volt-benchtop-ionizer\/\" \/>\n<meta property=\"og:locale\" content=\"vi_VN\" \/>\n<meta property=\"og:type\" content=\"article\" \/>\n<meta property=\"og:title\" content=\"M\u00c1Y ZERO VOLT BENCHTOP IONIZER - LORIOT INDUSTRIAL\" \/>\n<meta property=\"og:description\" content=\"B\u1ed9 ionizer \u0111\u1ec3 b\u00e0n Desco Zero Volt Benchtop Ionizer \u2013 Gi\u1ea3i ph\u00e1p trung h\u00f2a t\u0129nh \u0111i\u1ec7n hi\u1ec7u qu\u1ea3 cho workstation.\" \/>\n<meta property=\"og:url\" content=\"https:\/\/loriot.com.vn\/vi\/product\/may-zero-volt-benchtop-ionizer\/\" \/>\n<meta property=\"og:site_name\" content=\"LORIOT INDUSTRIAL\" \/>\n<meta property=\"article:publisher\" content=\"https:\/\/www.facebook.com\/Loriot-Industrial-COLTD-103044855046633\" \/>\n<meta property=\"article:modified_time\" content=\"2026-03-18T07:42:22+00:00\" \/>\n<meta property=\"og:image\" content=\"https:\/\/loriot.com.vn\/wp-content\/uploads\/2021\/08\/ionizer-benchtop-zero-volt-1.jpg\" \/>\n\t<meta property=\"og:image:width\" content=\"770\" \/>\n\t<meta property=\"og:image:height\" content=\"513\" \/>\n\t<meta property=\"og:image:type\" content=\"image\/jpeg\" \/>\n<meta name=\"twitter:card\" content=\"summary_large_image\" \/>\n<meta name=\"twitter:label1\" content=\"\u01af\u1edbc t\u00ednh th\u1eddi gian \u0111\u1ecdc\" \/>\n\t<meta name=\"twitter:data1\" content=\"3 ph\u00fat\" \/>\n<script type=\"application\/ld+json\" class=\"yoast-schema-graph\">{\"@context\":\"https:\\\/\\\/schema.org\",\"@graph\":[{\"@type\":\"WebPage\",\"@id\":\"https:\\\/\\\/loriot.com.vn\\\/vi\\\/product\\\/may-zero-volt-benchtop-ionizer\\\/\",\"url\":\"https:\\\/\\\/loriot.com.vn\\\/vi\\\/product\\\/may-zero-volt-benchtop-ionizer\\\/\",\"name\":\"M\u00c1Y ZERO VOLT BENCHTOP IONIZER - LORIOT INDUSTRIAL\",\"isPartOf\":{\"@id\":\"https:\\\/\\\/loriot.com.vn\\\/#website\"},\"primaryImageOfPage\":{\"@id\":\"https:\\\/\\\/loriot.com.vn\\\/vi\\\/product\\\/may-zero-volt-benchtop-ionizer\\\/#primaryimage\"},\"image\":{\"@id\":\"https:\\\/\\\/loriot.com.vn\\\/vi\\\/product\\\/may-zero-volt-benchtop-ionizer\\\/#primaryimage\"},\"thumbnailUrl\":\"https:\\\/\\\/loriot.com.vn\\\/wp-content\\\/uploads\\\/2021\\\/08\\\/ionizer-benchtop-zero-volt-1.jpg\",\"datePublished\":\"2021-08-03T11:03:41+00:00\",\"dateModified\":\"2026-03-18T07:42:22+00:00\",\"description\":\"B\u1ed9 ionizer \u0111\u1ec3 b\u00e0n Desco Zero Volt Benchtop Ionizer \u2013 Gi\u1ea3i ph\u00e1p trung h\u00f2a t\u0129nh \u0111i\u1ec7n hi\u1ec7u qu\u1ea3 cho workstation.\",\"breadcrumb\":{\"@id\":\"https:\\\/\\\/loriot.com.vn\\\/vi\\\/product\\\/may-zero-volt-benchtop-ionizer\\\/#breadcrumb\"},\"inLanguage\":\"vi\",\"potentialAction\":[{\"@type\":\"ReadAction\",\"target\":[\"https:\\\/\\\/loriot.com.vn\\\/vi\\\/product\\\/may-zero-volt-benchtop-ionizer\\\/\"]}]},{\"@type\":\"ImageObject\",\"inLanguage\":\"vi\",\"@id\":\"https:\\\/\\\/loriot.com.vn\\\/vi\\\/product\\\/may-zero-volt-benchtop-ionizer\\\/#primaryimage\",\"url\":\"https:\\\/\\\/loriot.com.vn\\\/wp-content\\\/uploads\\\/2021\\\/08\\\/ionizer-benchtop-zero-volt-1.jpg\",\"contentUrl\":\"https:\\\/\\\/loriot.com.vn\\\/wp-content\\\/uploads\\\/2021\\\/08\\\/ionizer-benchtop-zero-volt-1.jpg\",\"width\":770,\"height\":513,\"caption\":\"M\u00c1Y ZERO VOLT BENCHTOP IONIZER\"},{\"@type\":\"BreadcrumbList\",\"@id\":\"https:\\\/\\\/loriot.com.vn\\\/vi\\\/product\\\/may-zero-volt-benchtop-ionizer\\\/#breadcrumb\",\"itemListElement\":[{\"@type\":\"ListItem\",\"position\":1,\"name\":\"Home\",\"item\":\"https:\\\/\\\/loriot.com.vn\\\/vi\\\/\"},{\"@type\":\"ListItem\",\"position\":2,\"name\":\"Products\",\"item\":\"https:\\\/\\\/loriot.com.vn\\\/vi\\\/product\\\/\"},{\"@type\":\"ListItem\",\"position\":3,\"name\":\"M\u00c1Y ZERO VOLT BENCHTOP IONIZER\"}]},{\"@type\":\"WebSite\",\"@id\":\"https:\\\/\\\/loriot.com.vn\\\/#website\",\"url\":\"https:\\\/\\\/loriot.com.vn\\\/\",\"name\":\"LORIOT INDUSTRIAL CO.,LTD\",\"description\":\"\",\"publisher\":{\"@id\":\"https:\\\/\\\/loriot.com.vn\\\/#organization\"},\"potentialAction\":[{\"@type\":\"SearchAction\",\"target\":{\"@type\":\"EntryPoint\",\"urlTemplate\":\"https:\\\/\\\/loriot.com.vn\\\/?s={search_term_string}\"},\"query-input\":{\"@type\":\"PropertyValueSpecification\",\"valueRequired\":true,\"valueName\":\"search_term_string\"}}],\"inLanguage\":\"vi\"},{\"@type\":\"Organization\",\"@id\":\"https:\\\/\\\/loriot.com.vn\\\/#organization\",\"name\":\"Loriot Industrial Co.,Ltd\",\"url\":\"https:\\\/\\\/loriot.com.vn\\\/\",\"logo\":{\"@type\":\"ImageObject\",\"inLanguage\":\"vi\",\"@id\":\"https:\\\/\\\/loriot.com.vn\\\/#\\\/schema\\\/logo\\\/image\\\/\",\"url\":\"https:\\\/\\\/loriot.com.vn\\\/wp-content\\\/uploads\\\/2021\\\/08\\\/logo-ft.png\",\"contentUrl\":\"https:\\\/\\\/loriot.com.vn\\\/wp-content\\\/uploads\\\/2021\\\/08\\\/logo-ft.png\",\"width\":333,\"height\":101,\"caption\":\"Loriot Industrial Co.,Ltd\"},\"image\":{\"@id\":\"https:\\\/\\\/loriot.com.vn\\\/#\\\/schema\\\/logo\\\/image\\\/\"},\"sameAs\":[\"https:\\\/\\\/www.facebook.com\\\/Loriot-Industrial-COLTD-103044855046633\"]}]}<\/script>\n<!-- \/ Yoast SEO plugin. -->","yoast_head_json":{"title":"M\u00c1Y ZERO VOLT BENCHTOP IONIZER - LORIOT INDUSTRIAL","description":"B\u1ed9 ionizer \u0111\u1ec3 b\u00e0n Desco Zero Volt Benchtop Ionizer \u2013 Gi\u1ea3i ph\u00e1p trung h\u00f2a t\u0129nh \u0111i\u1ec7n hi\u1ec7u qu\u1ea3 cho workstation.","robots":{"index":"index","follow":"follow","max-snippet":"max-snippet:-1","max-image-preview":"max-image-preview:large","max-video-preview":"max-video-preview:-1"},"canonical":"https:\/\/loriot.com.vn\/vi\/product\/may-zero-volt-benchtop-ionizer\/","og_locale":"vi_VN","og_type":"article","og_title":"M\u00c1Y ZERO VOLT BENCHTOP IONIZER - LORIOT INDUSTRIAL","og_description":"B\u1ed9 ionizer \u0111\u1ec3 b\u00e0n Desco Zero Volt Benchtop Ionizer \u2013 Gi\u1ea3i ph\u00e1p trung h\u00f2a t\u0129nh \u0111i\u1ec7n hi\u1ec7u qu\u1ea3 cho workstation.","og_url":"https:\/\/loriot.com.vn\/vi\/product\/may-zero-volt-benchtop-ionizer\/","og_site_name":"LORIOT INDUSTRIAL","article_publisher":"https:\/\/www.facebook.com\/Loriot-Industrial-COLTD-103044855046633","article_modified_time":"2026-03-18T07:42:22+00:00","og_image":[{"width":770,"height":513,"url":"https:\/\/loriot.com.vn\/wp-content\/uploads\/2021\/08\/ionizer-benchtop-zero-volt-1.jpg","type":"image\/jpeg"}],"twitter_card":"summary_large_image","twitter_misc":{"\u01af\u1edbc t\u00ednh th\u1eddi gian \u0111\u1ecdc":"3 ph\u00fat"},"schema":{"@context":"https:\/\/schema.org","@graph":[{"@type":"WebPage","@id":"https:\/\/loriot.com.vn\/vi\/product\/may-zero-volt-benchtop-ionizer\/","url":"https:\/\/loriot.com.vn\/vi\/product\/may-zero-volt-benchtop-ionizer\/","name":"M\u00c1Y ZERO VOLT BENCHTOP IONIZER - LORIOT INDUSTRIAL","isPartOf":{"@id":"https:\/\/loriot.com.vn\/#website"},"primaryImageOfPage":{"@id":"https:\/\/loriot.com.vn\/vi\/product\/may-zero-volt-benchtop-ionizer\/#primaryimage"},"image":{"@id":"https:\/\/loriot.com.vn\/vi\/product\/may-zero-volt-benchtop-ionizer\/#primaryimage"},"thumbnailUrl":"https:\/\/loriot.com.vn\/wp-content\/uploads\/2021\/08\/ionizer-benchtop-zero-volt-1.jpg","datePublished":"2021-08-03T11:03:41+00:00","dateModified":"2026-03-18T07:42:22+00:00","description":"B\u1ed9 ionizer \u0111\u1ec3 b\u00e0n Desco Zero Volt Benchtop Ionizer \u2013 Gi\u1ea3i ph\u00e1p trung h\u00f2a t\u0129nh \u0111i\u1ec7n hi\u1ec7u qu\u1ea3 cho workstation.","breadcrumb":{"@id":"https:\/\/loriot.com.vn\/vi\/product\/may-zero-volt-benchtop-ionizer\/#breadcrumb"},"inLanguage":"vi","potentialAction":[{"@type":"ReadAction","target":["https:\/\/loriot.com.vn\/vi\/product\/may-zero-volt-benchtop-ionizer\/"]}]},{"@type":"ImageObject","inLanguage":"vi","@id":"https:\/\/loriot.com.vn\/vi\/product\/may-zero-volt-benchtop-ionizer\/#primaryimage","url":"https:\/\/loriot.com.vn\/wp-content\/uploads\/2021\/08\/ionizer-benchtop-zero-volt-1.jpg","contentUrl":"https:\/\/loriot.com.vn\/wp-content\/uploads\/2021\/08\/ionizer-benchtop-zero-volt-1.jpg","width":770,"height":513,"caption":"M\u00c1Y ZERO VOLT BENCHTOP IONIZER"},{"@type":"BreadcrumbList","@id":"https:\/\/loriot.com.vn\/vi\/product\/may-zero-volt-benchtop-ionizer\/#breadcrumb","itemListElement":[{"@type":"ListItem","position":1,"name":"Home","item":"https:\/\/loriot.com.vn\/vi\/"},{"@type":"ListItem","position":2,"name":"Products","item":"https:\/\/loriot.com.vn\/vi\/product\/"},{"@type":"ListItem","position":3,"name":"M\u00c1Y ZERO VOLT BENCHTOP IONIZER"}]},{"@type":"WebSite","@id":"https:\/\/loriot.com.vn\/#website","url":"https:\/\/loriot.com.vn\/","name":"LORIOT INDUSTRIAL CO.,LTD","description":"","publisher":{"@id":"https:\/\/loriot.com.vn\/#organization"},"potentialAction":[{"@type":"SearchAction","target":{"@type":"EntryPoint","urlTemplate":"https:\/\/loriot.com.vn\/?s={search_term_string}"},"query-input":{"@type":"PropertyValueSpecification","valueRequired":true,"valueName":"search_term_string"}}],"inLanguage":"vi"},{"@type":"Organization","@id":"https:\/\/loriot.com.vn\/#organization","name":"Loriot Industrial Co.,Ltd","url":"https:\/\/loriot.com.vn\/","logo":{"@type":"ImageObject","inLanguage":"vi","@id":"https:\/\/loriot.com.vn\/#\/schema\/logo\/image\/","url":"https:\/\/loriot.com.vn\/wp-content\/uploads\/2021\/08\/logo-ft.png","contentUrl":"https:\/\/loriot.com.vn\/wp-content\/uploads\/2021\/08\/logo-ft.png","width":333,"height":101,"caption":"Loriot Industrial Co.,Ltd"},"image":{"@id":"https:\/\/loriot.com.vn\/#\/schema\/logo\/image\/"},"sameAs":["https:\/\/www.facebook.com\/Loriot-Industrial-COLTD-103044855046633"]}]}},"_links":{"self":[{"href":"https:\/\/loriot.com.vn\/vi\/wp-json\/wp\/v2\/product\/1644","targetHints":{"allow":["GET"]}}],"collection":[{"href":"https:\/\/loriot.com.vn\/vi\/wp-json\/wp\/v2\/product"}],"about":[{"href":"https:\/\/loriot.com.vn\/vi\/wp-json\/wp\/v2\/types\/product"}],"author":[{"embeddable":true,"href":"https:\/\/loriot.com.vn\/vi\/wp-json\/wp\/v2\/users\/1"}],"replies":[{"embeddable":true,"href":"https:\/\/loriot.com.vn\/vi\/wp-json\/wp\/v2\/comments?post=1644"}],"version-history":[{"count":18,"href":"https:\/\/loriot.com.vn\/vi\/wp-json\/wp\/v2\/product\/1644\/revisions"}],"predecessor-version":[{"id":6580,"href":"https:\/\/loriot.com.vn\/vi\/wp-json\/wp\/v2\/product\/1644\/revisions\/6580"}],"wp:featuredmedia":[{"embeddable":true,"href":"https:\/\/loriot.com.vn\/vi\/wp-json\/wp\/v2\/media\/4507"}],"wp:attachment":[{"href":"https:\/\/loriot.com.vn\/vi\/wp-json\/wp\/v2\/media?parent=1644"}],"wp:term":[{"taxonomy":"service-category","embeddable":true,"href":"https:\/\/loriot.com.vn\/vi\/wp-json\/wp\/v2\/service-category?post=1644"},{"taxonomy":"service_tag","embeddable":true,"href":"https:\/\/loriot.com.vn\/vi\/wp-json\/wp\/v2\/service_tag?post=1644"}],"curies":[{"name":"wp","href":"https:\/\/api.w.org\/{rel}","templated":true}]}}