{"id":1645,"date":"2021-08-04T03:21:45","date_gmt":"2021-08-04T03:21:45","guid":{"rendered":"http:\/\/loriot.com.vn\/product\/jbc-soldering-station\/"},"modified":"2025-07-09T15:20:23","modified_gmt":"2025-07-09T08:20:23","slug":"may-han-linh-kien-dien-tu-jbc","status":"publish","type":"product","link":"https:\/\/loriot.com.vn\/vi\/product\/may-han-linh-kien-dien-tu-jbc\/","title":{"rendered":"M\u00c1Y H\u00c0N LINH KI\u1ec6N \u0110I\u1ec6N T\u1eec JBC"},"content":{"rendered":"<p style=\"text-align: center;\"><span style=\"font-size: 12pt; font-family: georgia, palatino, serif;\"><strong>M\u00c1Y H\u00c0N LINH KI\u1ec6N \u0110I\u1ec6N T\u1eec JBC<\/strong><\/span><\/p>\n<p><span style=\"font-family: georgia, palatino, serif; font-size: 12pt;\"><img decoding=\"async\" class=\"alignnone size-full wp-image-2861\" src=\"https:\/\/loriot.com.vn\/wp-content\/uploads\/2021\/08\/Screenshot_1-2.png\" alt=\"\" width=\"1702\" height=\"822\" srcset=\"https:\/\/loriot.com.vn\/wp-content\/uploads\/2021\/08\/Screenshot_1-2.png 1702w, https:\/\/loriot.com.vn\/wp-content\/uploads\/2021\/08\/Screenshot_1-2-300x145.png 300w, https:\/\/loriot.com.vn\/wp-content\/uploads\/2021\/08\/Screenshot_1-2-1024x495.png 1024w, https:\/\/loriot.com.vn\/wp-content\/uploads\/2021\/08\/Screenshot_1-2-768x371.png 768w, https:\/\/loriot.com.vn\/wp-content\/uploads\/2021\/08\/Screenshot_1-2-1536x742.png 1536w, https:\/\/loriot.com.vn\/wp-content\/uploads\/2021\/08\/Screenshot_1-2-770x372.png 770w\" sizes=\"(max-width: 1702px) 100vw, 1702px\" \/><\/span><\/p>\n<h2 data-start=\"2429\" data-end=\"2503\"><span style=\"font-size: 12pt; font-family: georgia, palatino, serif;\"><strong data-start=\"2437\" data-end=\"2503\">L\u00fd Do N\u00ean Ch\u1ecdn Tr\u1ea1m H\u00e0n JBC \u2013 T\u1ed1i \u01afu Hi\u1ec7u Su\u1ea5t v\u00e0 \u0110\u1ed9 Ch\u00ednh X\u00e1c<\/strong><\/span><\/h2>\n<p data-start=\"2505\" data-end=\"2650\"><span style=\"font-size: 12pt; font-family: georgia, palatino, serif;\">\u0110ang t\u00ecm m\u1ed9t gi\u1ea3i ph\u00e1p h\u00e0n chuy\u00ean nghi\u1ec7p? H\u00e3y kh\u00e1m ph\u00e1 l\u00fd do v\u00ec sao <strong data-start=\"2573\" data-end=\"2589\">tr\u1ea1m h\u00e0n JBC<\/strong> \u0111\u01b0\u1ee3c c\u00e1c k\u1ef9 s\u01b0 v\u00e0 k\u1ef9 thu\u1eadt vi\u00ean tin d\u00f9ng tr\u00ean to\u00e0n th\u1ebf gi\u1edbi.<\/span><\/p>\n<h3 data-start=\"2652\" data-end=\"2695\"><span style=\"font-size: 12pt; font-family: georgia, palatino, serif;\">\ud83d\udd1f 10 \u01afu \u0110i\u1ec3m N\u1ed5i B\u1eadt C\u1ee7a Tr\u1ea1m H\u00e0n JBC:<\/span><\/h3>\n<ol data-start=\"2696\" data-end=\"3463\">\n<li data-start=\"2696\" data-end=\"2795\">\n<p data-start=\"2699\" data-end=\"2795\"><span style=\"font-size: 12pt; font-family: georgia, palatino, serif;\"><strong data-start=\"2699\" data-end=\"2726\">H\u00e0n \u1edf nhi\u1ec7t \u0111\u1ed9 th\u1ea5p h\u01a1n<\/strong> \u2013 Gi\u1ea3m t\u1edbi <strong data-start=\"2738\" data-end=\"2774\">50\u00baC so v\u1edbi c\u00e1c th\u01b0\u01a1ng hi\u1ec7u kh\u00e1c<\/strong>, b\u1ea3o v\u1ec7 linh ki\u1ec7n.<\/span><\/p>\n<\/li>\n<li data-start=\"2796\" data-end=\"2867\">\n<p data-start=\"2799\" data-end=\"2867\"><span style=\"font-size: 12pt; font-family: georgia, palatino, serif;\"><strong data-start=\"2799\" data-end=\"2831\">Ph\u1ee5c h\u1ed3i nhi\u1ec7t \u0111\u1ed9 si\u00eau nhanh<\/strong> \u2013 \u0110\u1ea1t <strong data-start=\"2838\" data-end=\"2864\">350\u00baC ch\u1ec9 trong 2 gi\u00e2y<\/strong>.<\/span><\/p>\n<\/li>\n<li data-start=\"2868\" data-end=\"2941\">\n<p data-start=\"2871\" data-end=\"2941\"><span style=\"font-size: 12pt; font-family: georgia, palatino, serif;\"><strong data-start=\"2871\" data-end=\"2901\">Tu\u1ed5i th\u1ecd m\u0169i h\u00e0n g\u1ea5p 5 l\u1ea7n<\/strong> \u2013 Nh\u1edd <strong data-start=\"2908\" data-end=\"2938\">ch\u1ebf \u0111\u1ed9 Sleep &amp; Hibernation<\/strong>.<\/span><\/p>\n<\/li>\n<li data-start=\"2942\" data-end=\"3027\">\n<p data-start=\"2945\" data-end=\"3027\"><span style=\"font-size: 12pt; font-family: georgia, palatino, serif;\"><strong data-start=\"2945\" data-end=\"2972\">T\u0103ng n\u0103ng su\u1ea5t l\u00e0m vi\u1ec7c<\/strong> \u2013 <strong data-start=\"2975\" data-end=\"3003\">Thay \u0111\u1ed5i m\u0169i nhanh ch\u00f3ng<\/strong>, ti\u1ebft ki\u1ec7m th\u1eddi gian.<\/span><\/p>\n<\/li>\n<li data-start=\"3028\" data-end=\"3116\">\n<p data-start=\"3031\" data-end=\"3116\"><span style=\"font-size: 12pt; font-family: georgia, palatino, serif;\"><strong data-start=\"3031\" data-end=\"3057\">T\u01b0\u01a1ng th\u00edch \u0111a c\u00f4ng c\u1ee5<\/strong> \u2013 M\u1ed9t tr\u1ea1m c\u00f3 th\u1ec3 d\u00f9ng v\u1edbi <strong data-start=\"3085\" data-end=\"3113\">6 lo\u1ea1i tay h\u00e0n kh\u00e1c nhau<\/strong>.<\/span><\/p>\n<\/li>\n<li data-start=\"3117\" data-end=\"3182\">\n<p data-start=\"3120\" data-end=\"3182\"><span style=\"font-size: 12pt; font-family: georgia, palatino, serif;\"><strong data-start=\"3120\" data-end=\"3146\">Thi\u1ebft k\u1ebf c\u00f4ng th\u00e1i h\u1ecdc<\/strong> \u2013 Nh\u1eb9 v\u00e0 tho\u1ea3i m\u00e1i, gi\u1ea3m m\u1ecfi tay.<\/span><\/p>\n<\/li>\n<li data-start=\"3183\" data-end=\"3256\">\n<p data-start=\"3186\" data-end=\"3256\"><span style=\"font-size: 12pt; font-family: georgia, palatino, serif;\"><strong data-start=\"3186\" data-end=\"3207\">T\u00f9y ch\u1ec9nh d\u1ec5 d\u00e0ng<\/strong> \u2013 <strong data-start=\"3210\" data-end=\"3228\">H\u01a1n 20 tham s\u1ed1<\/strong> c\u00e1 nh\u00e2n h\u00f3a theo nhu c\u1ea7u.<\/span><\/p>\n<\/li>\n<li data-start=\"3257\" data-end=\"3333\">\n<p data-start=\"3260\" data-end=\"3333\"><span style=\"font-size: 12pt; font-family: georgia, palatino, serif;\"><strong data-start=\"3260\" data-end=\"3285\">Kho m\u0169i h\u00e0n phong ph\u00fa<\/strong> \u2013 <strong data-start=\"3288\" data-end=\"3309\">H\u01a1n 400 ki\u1ec3u d\u00e1ng<\/strong> ph\u00f9 h\u1ee3p m\u1ecdi \u1ee9ng d\u1ee5ng.<\/span><\/p>\n<\/li>\n<li data-start=\"3334\" data-end=\"3395\">\n<p data-start=\"3337\" data-end=\"3395\"><span style=\"font-size: 12pt; font-family: georgia, palatino, serif;\"><strong data-start=\"3337\" data-end=\"3357\">Li\u00ean t\u1ee5c \u0111\u1ed5i m\u1edbi<\/strong> \u2013 JBC lu\u00f4n \u0111i \u0111\u1ea7u v\u1ec1 c\u00f4ng ngh\u1ec7 h\u00e0n.<\/span><\/p>\n<\/li>\n<li data-start=\"3396\" data-end=\"3463\">\n<p data-start=\"3400\" data-end=\"3463\"><span style=\"font-size: 12pt; font-family: georgia, palatino, serif;\"><strong data-start=\"3400\" data-end=\"3424\">K\u1ebft n\u1ed1i v\u1edbi m\u00e1y t\u00ednh<\/strong> \u2013 Qu\u1ea3n l\u00fd tr\u1ea1m h\u00e0n <strong data-start=\"3444\" data-end=\"3462\">t\u1eeb xa ti\u1ec7n l\u1ee3i<\/strong>.<\/span><\/p>\n<\/li>\n<\/ol>\n<h2 data-start=\"3470\" data-end=\"3522\"><span style=\"font-size: 12pt; font-family: georgia, palatino, serif;\">\ud83d\udd27 <strong data-start=\"3476\" data-end=\"3522\">Gi\u1ea3i Ph\u00e1p L\u00e0m S\u1ea1ch M\u0169i H\u00e0n Hi\u1ec7u Qu\u1ea3 T\u1eeb JBC<\/strong><\/span><\/h2>\n<h3 data-start=\"3524\" data-end=\"3570\"><span style=\"font-size: 12pt; font-family: georgia, palatino, serif;\">\ud83e\uddfc <strong data-start=\"3531\" data-end=\"3570\">M\u00e1y L\u00e0m S\u1ea1ch M\u0169i H\u00e0n T\u1ef1 \u0110\u1ed9ng (CLMU)<\/strong><\/span><\/h3>\n<ul data-start=\"3571\" data-end=\"3909\">\n<li data-start=\"3571\" data-end=\"3646\">\n<p data-start=\"3573\" data-end=\"3646\"><span style=\"font-size: 12pt; font-family: georgia, palatino, serif;\">L\u00e0m s\u1ea1ch m\u0169i h\u00e0n <strong data-start=\"3590\" data-end=\"3609\">ch\u01b0a \u0111\u1ebfn 1 gi\u00e2y<\/strong> v\u1edbi <strong data-start=\"3614\" data-end=\"3645\">b\u00e0n ch\u1ea3i kim lo\u1ea1i &amp; phi kim<\/strong>.<\/span><\/p>\n<\/li>\n<li data-start=\"3647\" data-end=\"3709\">\n<p data-start=\"3649\" data-end=\"3709\"><span style=\"font-size: 12pt; font-family: georgia, palatino, serif;\"><strong data-start=\"3649\" data-end=\"3679\">T\u0103ng kh\u1ea3 n\u0103ng truy\u1ec1n nhi\u1ec7t<\/strong>, n\u00e2ng cao ch\u1ea5t l\u01b0\u1ee3ng m\u1ed1i h\u00e0n.<\/span><\/p>\n<\/li>\n<li data-start=\"3710\" data-end=\"3751\">\n<p data-start=\"3712\" data-end=\"3751\"><span style=\"font-size: 12pt; font-family: georgia, palatino, serif;\">H\u1ed7 tr\u1ee3 <strong data-start=\"3719\" data-end=\"3750\">ch\u1ebf \u0111\u1ed9 C\u1ea3m bi\u1ebfn v\u00e0 Li\u00ean t\u1ee5c<\/strong>.<\/span><\/p>\n<\/li>\n<li data-start=\"3752\" data-end=\"3795\">\n<p data-start=\"3754\" data-end=\"3795\"><span style=\"font-size: 12pt; font-family: georgia, palatino, serif;\">C\u00f3 th\u1ec3 \u0111\u1eb7t theo chi\u1ec1u <strong data-start=\"3776\" data-end=\"3794\">ngang ho\u1eb7c d\u1ecdc<\/strong>.<\/span><\/p>\n<\/li>\n<li data-start=\"3796\" data-end=\"3850\">\n<p data-start=\"3798\" data-end=\"3850\"><span style=\"font-size: 12pt; font-family: georgia, palatino, serif;\">D\u1ec5 b\u1ea3o tr\u00ec, <strong data-start=\"3810\" data-end=\"3849\">khay r\u00e1c v\u00e0 b\u00e0n ch\u1ea3i th\u00e1o l\u1eafp nhanh<\/strong>.<\/span><\/p>\n<\/li>\n<li data-start=\"3851\" data-end=\"3909\">\n<p data-start=\"3853\" data-end=\"3909\"><span style=\"font-size: 12pt; font-family: georgia, palatino, serif;\">Gi\u1eef khu v\u1ef1c l\u00e0m vi\u1ec7c <strong data-start=\"3874\" data-end=\"3908\">s\u1ea1ch s\u1ebd, kh\u00f4ng c\u00f3 d\u1ecb v\u1eadt (FOD)<\/strong>.<\/span><\/p>\n<\/li>\n<\/ul>\n<h3 data-start=\"3911\" data-end=\"3961\"><span style=\"font-size: 12pt; font-family: georgia, palatino, serif;\">\ud83e\uddfd <strong data-start=\"3918\" data-end=\"3961\">D\u1ee5ng C\u1ee5 L\u00e0m S\u1ea1ch M\u0169i H\u00e0n Th\u1ee7 C\u00f4ng (CLM)<\/strong><\/span><\/h3>\n<ul data-start=\"3962\" data-end=\"4235\">\n<li data-start=\"3962\" data-end=\"4011\">\n<p data-start=\"3964\" data-end=\"4011\"><span style=\"font-size: 12pt; font-family: georgia, palatino, serif;\">B\u1ed9 v\u1ec7 sinh \u0111\u1ea7y \u0111\u1ee7 v\u1edbi <strong data-start=\"3986\" data-end=\"4010\">m\u00e0ng ch\u1eafn ch\u1ed1ng v\u0103ng<\/strong>.<\/span><\/p>\n<\/li>\n<li data-start=\"4012\" data-end=\"4071\">\n<p data-start=\"4014\" data-end=\"4071\"><span style=\"font-size: 12pt; font-family: georgia, palatino, serif;\"><strong data-start=\"4014\" data-end=\"4027\">B\u00f4ng \u0111\u1ed3ng<\/strong>: Hi\u1ec7u qu\u1ea3, gi\u1eef l\u1edbp h\u00e0n b\u1ea3o v\u1ec7 tr\u00ean \u0111\u1ea7u m\u0169i.<\/span><\/p>\n<\/li>\n<li data-start=\"4072\" data-end=\"4131\">\n<p data-start=\"4074\" data-end=\"4131\"><span style=\"font-size: 12pt; font-family: georgia, palatino, serif;\"><strong data-start=\"4074\" data-end=\"4087\">Mi\u1ebfng x\u1ed1p<\/strong>: D\u1ecbu nh\u1eb9, an to\u00e0n n\u1ebfu gi\u1eef \u1ea9m b\u1eb1ng n\u01b0\u1edbc c\u1ea5t.<\/span><\/p>\n<\/li>\n<li data-start=\"4132\" data-end=\"4191\">\n<p data-start=\"4134\" data-end=\"4191\"><span style=\"font-size: 12pt; font-family: georgia, palatino, serif;\"><strong data-start=\"4134\" data-end=\"4154\">Khay ESD an to\u00e0n<\/strong>: G\u00f5 nh\u1eb9 ho\u1eb7c lau m\u0169i kh\u00f4ng g\u00e2y h\u1ecfng.<\/span><\/p>\n<\/li>\n<li data-start=\"4192\" data-end=\"4235\">\n<p data-start=\"4194\" data-end=\"4235\"><span style=\"font-size: 12pt; font-family: georgia, palatino, serif;\"><strong data-start=\"4194\" data-end=\"4212\">\u0110\u1ebf ch\u1ed1ng tr\u01b0\u1ee3t<\/strong>: \u1ed4n \u0111\u1ecbnh khi thao t\u00e1c.<\/span><\/p>\n<\/li>\n<\/ul>\n<h2 data-start=\"4242\" data-end=\"4289\"><span style=\"font-size: 12pt; font-family: georgia, palatino, serif;\">\u2699\ufe0f <strong data-start=\"4248\" data-end=\"4289\">C\u00f4ng Ngh\u1ec7 Gia Nhi\u1ec7t \u0110\u1ed9c Quy\u1ec1n C\u1ee7a JBC<\/strong><\/span><\/h2>\n<p data-start=\"4290\" data-end=\"4320\"><span style=\"font-size: 12pt; font-family: georgia, palatino, serif;\">Tr\u1ea3i nghi\u1ec7m h\u00e0n v\u01b0\u1ee3t tr\u1ed9i v\u1edbi:<\/span><\/p>\n<ul data-start=\"4321\" data-end=\"4443\">\n<li data-start=\"4321\" data-end=\"4358\">\n<p data-start=\"4323\" data-end=\"4358\"><span style=\"font-size: 12pt; font-family: georgia, palatino, serif;\"><strong data-start=\"4323\" data-end=\"4358\">Gia nhi\u1ec7t &amp; ph\u1ee5c h\u1ed3i si\u00eau nhanh<\/strong><\/span><\/p>\n<\/li>\n<li data-start=\"4359\" data-end=\"4400\">\n<p data-start=\"4361\" data-end=\"4400\"><span style=\"font-size: 12pt; font-family: georgia, palatino, serif;\"><strong data-start=\"4361\" data-end=\"4400\">Gi\u1ea3m r\u1ee7i ro qu\u00e1 nhi\u1ec7t cho linh ki\u1ec7n<\/strong><\/span><\/p>\n<\/li>\n<li data-start=\"4401\" data-end=\"4443\">\n<p data-start=\"4403\" data-end=\"4443\"><span style=\"font-size: 12pt; font-family: georgia, palatino, serif;\">T\u1ea1o ra <strong data-start=\"4410\" data-end=\"4443\">m\u1ed1i h\u00e0n \u0111\u1eb9p v\u00e0 ch\u1ea5t l\u01b0\u1ee3ng cao<\/strong><\/span><\/p>\n<\/li>\n<\/ul>\n","protected":false},"excerpt":{"rendered":"<p>\u0110ang t\u00ecm m\u1ed9t gi\u1ea3i ph\u00e1p h\u00e0n chuy\u00ean nghi\u1ec7p? H\u00e3y kh\u00e1m ph\u00e1 l\u00fd do v\u00ec sao&#8230;<\/p>\n","protected":false},"author":1,"featured_media":4385,"parent":0,"menu_order":0,"comment_status":"open","ping_status":"closed","template":"","meta":{"inline_featured_image":false,"footnotes":""},"service-category":[94],"service_tag":[111],"class_list":["post-1645","product","type-product","status-publish","has-post-thumbnail","hentry","service-category-tram-han-va-sua-linh-kien-dien-tu","service_tag-he-thong-lam-lai-va-tram-han"],"yoast_head":"<!-- This site is optimized with the Yoast SEO plugin v27.4 - https:\/\/yoast.com\/product\/yoast-seo-wordpress\/ -->\n<title>M\u00c1Y H\u00c0N LINH KI\u1ec6N \u0110I\u1ec6N T\u1eec JBC - LORIOT INDUSTRIAL<\/title>\n<meta name=\"description\" content=\"M\u00c1Y H\u00c0N LINH KI\u1ec6N \u0110I\u1ec6N T\u1eec JBC v\u1edbi h\u1ec7 th\u1ed1ng s\u01b0\u1edfi \u1ea5m JBC \u0111\u1ed9c quy\u1ec1n \u0111\u1ea1t v\u00e0 ph\u1ee5c h\u1ed3i nhi\u1ec7t \u0111\u1ed9 c\u1ef1c k\u1ef3 nhanh nh\u1eb1m mang l\u1ea1i hi\u1ec7u n\u0103ng cao nh\u1ea5t.\" \/>\n<meta name=\"robots\" content=\"index, follow, max-snippet:-1, max-image-preview:large, max-video-preview:-1\" \/>\n<link rel=\"canonical\" href=\"https:\/\/loriot.com.vn\/vi\/product\/may-han-linh-kien-dien-tu-jbc\/\" \/>\n<meta property=\"og:locale\" content=\"vi_VN\" \/>\n<meta property=\"og:type\" content=\"article\" \/>\n<meta property=\"og:title\" content=\"M\u00c1Y H\u00c0N LINH KI\u1ec6N \u0110I\u1ec6N T\u1eec JBC - LORIOT INDUSTRIAL\" \/>\n<meta property=\"og:description\" content=\"M\u00c1Y H\u00c0N LINH KI\u1ec6N \u0110I\u1ec6N T\u1eec JBC v\u1edbi h\u1ec7 th\u1ed1ng s\u01b0\u1edfi \u1ea5m JBC \u0111\u1ed9c quy\u1ec1n \u0111\u1ea1t v\u00e0 ph\u1ee5c h\u1ed3i nhi\u1ec7t \u0111\u1ed9 c\u1ef1c k\u1ef3 nhanh nh\u1eb1m mang l\u1ea1i hi\u1ec7u n\u0103ng cao nh\u1ea5t.\" \/>\n<meta property=\"og:url\" content=\"https:\/\/loriot.com.vn\/vi\/product\/may-han-linh-kien-dien-tu-jbc\/\" \/>\n<meta property=\"og:site_name\" content=\"LORIOT INDUSTRIAL\" \/>\n<meta property=\"article:publisher\" content=\"https:\/\/www.facebook.com\/Loriot-Industrial-COLTD-103044855046633\" \/>\n<meta property=\"article:modified_time\" content=\"2025-07-09T08:20:23+00:00\" \/>\n<meta property=\"og:image\" content=\"https:\/\/loriot.com.vn\/wp-content\/uploads\/2021\/08\/JBC-SOLDERING-STATION-2-770x473-1.jpg\" \/>\n\t<meta property=\"og:image:width\" content=\"770\" \/>\n\t<meta property=\"og:image:height\" content=\"513\" \/>\n\t<meta property=\"og:image:type\" content=\"image\/jpeg\" \/>\n<meta name=\"twitter:card\" content=\"summary_large_image\" \/>\n<meta name=\"twitter:label1\" content=\"\u01af\u1edbc t\u00ednh th\u1eddi gian \u0111\u1ecdc\" \/>\n\t<meta name=\"twitter:data1\" content=\"3 ph\u00fat\" \/>\n<script type=\"application\/ld+json\" class=\"yoast-schema-graph\">{\"@context\":\"https:\\\/\\\/schema.org\",\"@graph\":[{\"@type\":\"WebPage\",\"@id\":\"https:\\\/\\\/loriot.com.vn\\\/vi\\\/product\\\/may-han-linh-kien-dien-tu-jbc\\\/\",\"url\":\"https:\\\/\\\/loriot.com.vn\\\/vi\\\/product\\\/may-han-linh-kien-dien-tu-jbc\\\/\",\"name\":\"M\u00c1Y H\u00c0N LINH KI\u1ec6N \u0110I\u1ec6N T\u1eec JBC - LORIOT INDUSTRIAL\",\"isPartOf\":{\"@id\":\"https:\\\/\\\/loriot.com.vn\\\/#website\"},\"primaryImageOfPage\":{\"@id\":\"https:\\\/\\\/loriot.com.vn\\\/vi\\\/product\\\/may-han-linh-kien-dien-tu-jbc\\\/#primaryimage\"},\"image\":{\"@id\":\"https:\\\/\\\/loriot.com.vn\\\/vi\\\/product\\\/may-han-linh-kien-dien-tu-jbc\\\/#primaryimage\"},\"thumbnailUrl\":\"https:\\\/\\\/loriot.com.vn\\\/wp-content\\\/uploads\\\/2021\\\/08\\\/JBC-SOLDERING-STATION-2-770x473-1.jpg\",\"datePublished\":\"2021-08-04T03:21:45+00:00\",\"dateModified\":\"2025-07-09T08:20:23+00:00\",\"description\":\"M\u00c1Y H\u00c0N LINH KI\u1ec6N \u0110I\u1ec6N T\u1eec JBC v\u1edbi h\u1ec7 th\u1ed1ng s\u01b0\u1edfi \u1ea5m JBC \u0111\u1ed9c quy\u1ec1n \u0111\u1ea1t v\u00e0 ph\u1ee5c h\u1ed3i nhi\u1ec7t \u0111\u1ed9 c\u1ef1c k\u1ef3 nhanh nh\u1eb1m mang l\u1ea1i hi\u1ec7u n\u0103ng cao nh\u1ea5t.\",\"breadcrumb\":{\"@id\":\"https:\\\/\\\/loriot.com.vn\\\/vi\\\/product\\\/may-han-linh-kien-dien-tu-jbc\\\/#breadcrumb\"},\"inLanguage\":\"vi\",\"potentialAction\":[{\"@type\":\"ReadAction\",\"target\":[\"https:\\\/\\\/loriot.com.vn\\\/vi\\\/product\\\/may-han-linh-kien-dien-tu-jbc\\\/\"]}]},{\"@type\":\"ImageObject\",\"inLanguage\":\"vi\",\"@id\":\"https:\\\/\\\/loriot.com.vn\\\/vi\\\/product\\\/may-han-linh-kien-dien-tu-jbc\\\/#primaryimage\",\"url\":\"https:\\\/\\\/loriot.com.vn\\\/wp-content\\\/uploads\\\/2021\\\/08\\\/JBC-SOLDERING-STATION-2-770x473-1.jpg\",\"contentUrl\":\"https:\\\/\\\/loriot.com.vn\\\/wp-content\\\/uploads\\\/2021\\\/08\\\/JBC-SOLDERING-STATION-2-770x473-1.jpg\",\"width\":770,\"height\":513,\"caption\":\"M\u00c1Y H\u00c0N LINH KI\u1ec6N \u0110I\u1ec6N T\u1eec JBC\"},{\"@type\":\"BreadcrumbList\",\"@id\":\"https:\\\/\\\/loriot.com.vn\\\/vi\\\/product\\\/may-han-linh-kien-dien-tu-jbc\\\/#breadcrumb\",\"itemListElement\":[{\"@type\":\"ListItem\",\"position\":1,\"name\":\"Home\",\"item\":\"https:\\\/\\\/loriot.com.vn\\\/vi\\\/\"},{\"@type\":\"ListItem\",\"position\":2,\"name\":\"Products\",\"item\":\"https:\\\/\\\/loriot.com.vn\\\/product\\\/\"},{\"@type\":\"ListItem\",\"position\":3,\"name\":\"M\u00c1Y H\u00c0N LINH KI\u1ec6N \u0110I\u1ec6N T\u1eec JBC\"}]},{\"@type\":\"WebSite\",\"@id\":\"https:\\\/\\\/loriot.com.vn\\\/#website\",\"url\":\"https:\\\/\\\/loriot.com.vn\\\/\",\"name\":\"LORIOT INDUSTRIAL CO.,LTD\",\"description\":\"\",\"publisher\":{\"@id\":\"https:\\\/\\\/loriot.com.vn\\\/#organization\"},\"potentialAction\":[{\"@type\":\"SearchAction\",\"target\":{\"@type\":\"EntryPoint\",\"urlTemplate\":\"https:\\\/\\\/loriot.com.vn\\\/?s={search_term_string}\"},\"query-input\":{\"@type\":\"PropertyValueSpecification\",\"valueRequired\":true,\"valueName\":\"search_term_string\"}}],\"inLanguage\":\"vi\"},{\"@type\":\"Organization\",\"@id\":\"https:\\\/\\\/loriot.com.vn\\\/#organization\",\"name\":\"Loriot Industrial Co.,Ltd\",\"url\":\"https:\\\/\\\/loriot.com.vn\\\/\",\"logo\":{\"@type\":\"ImageObject\",\"inLanguage\":\"vi\",\"@id\":\"https:\\\/\\\/loriot.com.vn\\\/#\\\/schema\\\/logo\\\/image\\\/\",\"url\":\"https:\\\/\\\/loriot.com.vn\\\/wp-content\\\/uploads\\\/2021\\\/08\\\/logo-ft.png\",\"contentUrl\":\"https:\\\/\\\/loriot.com.vn\\\/wp-content\\\/uploads\\\/2021\\\/08\\\/logo-ft.png\",\"width\":333,\"height\":101,\"caption\":\"Loriot Industrial Co.,Ltd\"},\"image\":{\"@id\":\"https:\\\/\\\/loriot.com.vn\\\/#\\\/schema\\\/logo\\\/image\\\/\"},\"sameAs\":[\"https:\\\/\\\/www.facebook.com\\\/Loriot-Industrial-COLTD-103044855046633\"]}]}<\/script>\n<!-- \/ Yoast SEO plugin. -->","yoast_head_json":{"title":"M\u00c1Y H\u00c0N LINH KI\u1ec6N \u0110I\u1ec6N T\u1eec JBC - LORIOT INDUSTRIAL","description":"M\u00c1Y H\u00c0N LINH KI\u1ec6N \u0110I\u1ec6N T\u1eec JBC v\u1edbi h\u1ec7 th\u1ed1ng s\u01b0\u1edfi \u1ea5m JBC \u0111\u1ed9c quy\u1ec1n \u0111\u1ea1t v\u00e0 ph\u1ee5c h\u1ed3i nhi\u1ec7t \u0111\u1ed9 c\u1ef1c k\u1ef3 nhanh nh\u1eb1m mang l\u1ea1i hi\u1ec7u n\u0103ng cao nh\u1ea5t.","robots":{"index":"index","follow":"follow","max-snippet":"max-snippet:-1","max-image-preview":"max-image-preview:large","max-video-preview":"max-video-preview:-1"},"canonical":"https:\/\/loriot.com.vn\/vi\/product\/may-han-linh-kien-dien-tu-jbc\/","og_locale":"vi_VN","og_type":"article","og_title":"M\u00c1Y H\u00c0N LINH KI\u1ec6N \u0110I\u1ec6N T\u1eec JBC - LORIOT INDUSTRIAL","og_description":"M\u00c1Y H\u00c0N LINH KI\u1ec6N \u0110I\u1ec6N T\u1eec JBC v\u1edbi h\u1ec7 th\u1ed1ng s\u01b0\u1edfi \u1ea5m JBC \u0111\u1ed9c quy\u1ec1n \u0111\u1ea1t v\u00e0 ph\u1ee5c h\u1ed3i nhi\u1ec7t \u0111\u1ed9 c\u1ef1c k\u1ef3 nhanh nh\u1eb1m mang l\u1ea1i hi\u1ec7u n\u0103ng cao nh\u1ea5t.","og_url":"https:\/\/loriot.com.vn\/vi\/product\/may-han-linh-kien-dien-tu-jbc\/","og_site_name":"LORIOT INDUSTRIAL","article_publisher":"https:\/\/www.facebook.com\/Loriot-Industrial-COLTD-103044855046633","article_modified_time":"2025-07-09T08:20:23+00:00","og_image":[{"width":770,"height":513,"url":"https:\/\/loriot.com.vn\/wp-content\/uploads\/2021\/08\/JBC-SOLDERING-STATION-2-770x473-1.jpg","type":"image\/jpeg"}],"twitter_card":"summary_large_image","twitter_misc":{"\u01af\u1edbc t\u00ednh th\u1eddi gian \u0111\u1ecdc":"3 ph\u00fat"},"schema":{"@context":"https:\/\/schema.org","@graph":[{"@type":"WebPage","@id":"https:\/\/loriot.com.vn\/vi\/product\/may-han-linh-kien-dien-tu-jbc\/","url":"https:\/\/loriot.com.vn\/vi\/product\/may-han-linh-kien-dien-tu-jbc\/","name":"M\u00c1Y H\u00c0N LINH KI\u1ec6N \u0110I\u1ec6N T\u1eec JBC - LORIOT INDUSTRIAL","isPartOf":{"@id":"https:\/\/loriot.com.vn\/#website"},"primaryImageOfPage":{"@id":"https:\/\/loriot.com.vn\/vi\/product\/may-han-linh-kien-dien-tu-jbc\/#primaryimage"},"image":{"@id":"https:\/\/loriot.com.vn\/vi\/product\/may-han-linh-kien-dien-tu-jbc\/#primaryimage"},"thumbnailUrl":"https:\/\/loriot.com.vn\/wp-content\/uploads\/2021\/08\/JBC-SOLDERING-STATION-2-770x473-1.jpg","datePublished":"2021-08-04T03:21:45+00:00","dateModified":"2025-07-09T08:20:23+00:00","description":"M\u00c1Y H\u00c0N LINH KI\u1ec6N \u0110I\u1ec6N T\u1eec JBC v\u1edbi h\u1ec7 th\u1ed1ng s\u01b0\u1edfi \u1ea5m JBC \u0111\u1ed9c quy\u1ec1n \u0111\u1ea1t v\u00e0 ph\u1ee5c h\u1ed3i nhi\u1ec7t \u0111\u1ed9 c\u1ef1c k\u1ef3 nhanh nh\u1eb1m mang l\u1ea1i hi\u1ec7u n\u0103ng cao nh\u1ea5t.","breadcrumb":{"@id":"https:\/\/loriot.com.vn\/vi\/product\/may-han-linh-kien-dien-tu-jbc\/#breadcrumb"},"inLanguage":"vi","potentialAction":[{"@type":"ReadAction","target":["https:\/\/loriot.com.vn\/vi\/product\/may-han-linh-kien-dien-tu-jbc\/"]}]},{"@type":"ImageObject","inLanguage":"vi","@id":"https:\/\/loriot.com.vn\/vi\/product\/may-han-linh-kien-dien-tu-jbc\/#primaryimage","url":"https:\/\/loriot.com.vn\/wp-content\/uploads\/2021\/08\/JBC-SOLDERING-STATION-2-770x473-1.jpg","contentUrl":"https:\/\/loriot.com.vn\/wp-content\/uploads\/2021\/08\/JBC-SOLDERING-STATION-2-770x473-1.jpg","width":770,"height":513,"caption":"M\u00c1Y H\u00c0N LINH KI\u1ec6N \u0110I\u1ec6N T\u1eec JBC"},{"@type":"BreadcrumbList","@id":"https:\/\/loriot.com.vn\/vi\/product\/may-han-linh-kien-dien-tu-jbc\/#breadcrumb","itemListElement":[{"@type":"ListItem","position":1,"name":"Home","item":"https:\/\/loriot.com.vn\/vi\/"},{"@type":"ListItem","position":2,"name":"Products","item":"https:\/\/loriot.com.vn\/product\/"},{"@type":"ListItem","position":3,"name":"M\u00c1Y H\u00c0N LINH KI\u1ec6N \u0110I\u1ec6N T\u1eec JBC"}]},{"@type":"WebSite","@id":"https:\/\/loriot.com.vn\/#website","url":"https:\/\/loriot.com.vn\/","name":"LORIOT INDUSTRIAL CO.,LTD","description":"","publisher":{"@id":"https:\/\/loriot.com.vn\/#organization"},"potentialAction":[{"@type":"SearchAction","target":{"@type":"EntryPoint","urlTemplate":"https:\/\/loriot.com.vn\/?s={search_term_string}"},"query-input":{"@type":"PropertyValueSpecification","valueRequired":true,"valueName":"search_term_string"}}],"inLanguage":"vi"},{"@type":"Organization","@id":"https:\/\/loriot.com.vn\/#organization","name":"Loriot Industrial Co.,Ltd","url":"https:\/\/loriot.com.vn\/","logo":{"@type":"ImageObject","inLanguage":"vi","@id":"https:\/\/loriot.com.vn\/#\/schema\/logo\/image\/","url":"https:\/\/loriot.com.vn\/wp-content\/uploads\/2021\/08\/logo-ft.png","contentUrl":"https:\/\/loriot.com.vn\/wp-content\/uploads\/2021\/08\/logo-ft.png","width":333,"height":101,"caption":"Loriot Industrial Co.,Ltd"},"image":{"@id":"https:\/\/loriot.com.vn\/#\/schema\/logo\/image\/"},"sameAs":["https:\/\/www.facebook.com\/Loriot-Industrial-COLTD-103044855046633"]}]}},"_links":{"self":[{"href":"https:\/\/loriot.com.vn\/vi\/wp-json\/wp\/v2\/product\/1645","targetHints":{"allow":["GET"]}}],"collection":[{"href":"https:\/\/loriot.com.vn\/vi\/wp-json\/wp\/v2\/product"}],"about":[{"href":"https:\/\/loriot.com.vn\/vi\/wp-json\/wp\/v2\/types\/product"}],"author":[{"embeddable":true,"href":"https:\/\/loriot.com.vn\/vi\/wp-json\/wp\/v2\/users\/1"}],"replies":[{"embeddable":true,"href":"https:\/\/loriot.com.vn\/vi\/wp-json\/wp\/v2\/comments?post=1645"}],"version-history":[{"count":31,"href":"https:\/\/loriot.com.vn\/vi\/wp-json\/wp\/v2\/product\/1645\/revisions"}],"predecessor-version":[{"id":5572,"href":"https:\/\/loriot.com.vn\/vi\/wp-json\/wp\/v2\/product\/1645\/revisions\/5572"}],"wp:featuredmedia":[{"embeddable":true,"href":"https:\/\/loriot.com.vn\/vi\/wp-json\/wp\/v2\/media\/4385"}],"wp:attachment":[{"href":"https:\/\/loriot.com.vn\/vi\/wp-json\/wp\/v2\/media?parent=1645"}],"wp:term":[{"taxonomy":"service-category","embeddable":true,"href":"https:\/\/loriot.com.vn\/vi\/wp-json\/wp\/v2\/service-category?post=1645"},{"taxonomy":"service_tag","embeddable":true,"href":"https:\/\/loriot.com.vn\/vi\/wp-json\/wp\/v2\/service_tag?post=1645"}],"curies":[{"name":"wp","href":"https:\/\/api.w.org\/{rel}","templated":true}]}}