{"id":1647,"date":"2021-08-03T15:30:49","date_gmt":"2021-08-03T15:30:49","guid":{"rendered":"http:\/\/loriot.com.vn\/product\/lcr-meter\/"},"modified":"2025-07-08T15:10:42","modified_gmt":"2025-07-08T08:10:42","slug":"may-do-linh-kien-lcr-pro1","status":"publish","type":"product","link":"https:\/\/loriot.com.vn\/vi\/product\/may-do-linh-kien-lcr-pro1\/","title":{"rendered":"M\u00c1Y \u0110O LINH KI\u1ec6N LCR PRO1"},"content":{"rendered":"<p style=\"text-align: center;\"><span style=\"font-family: arial, helvetica, sans-serif; font-size: 14pt;\"><strong>M\u00c1Y \u0110O LINH KI\u1ec6N LCR PRO1<\/strong><\/span><\/p>\n<p>&nbsp;<\/p>\n<p><span style=\"font-family: arial, helvetica, sans-serif;\">M\u00e1y \u0111o linh ki\u1ec7n LCR Pro1 l\u00e0 m\u1ed9t thi\u1ebft b\u1ecb ch\u00ednh x\u00e1c cao \u0111\u1ec3 \u0111o \u0111i\u1ec7n t\u1eed c\u1ee7a c\u00e1c th\u00e0nh ph\u1ea7n c\u1ee7a t\u1ee5 \u0111i\u1ec7n (LCR). Thi\u1ebft b\u1ecb n\u00e0y \u0111\u01b0\u1ee3c thi\u1ebft k\u1ebf \u0111\u1ec3 d\u1ec5 s\u1eed d\u1ee5ng v\u00e0 cung c\u1ea5p c\u00e1c \u0111o l\u01b0\u1eddng ch\u00ednh x\u00e1c v\u1edbi m\u1ee9c \u0111\u1ed9 l\u1eb7p l\u1ea1i cao.<\/span><\/p>\n<p><span style=\"font-family: arial, helvetica, sans-serif;\"><img decoding=\"async\" class=\"alignnone size-full wp-image-3136\" src=\"https:\/\/loriot.com.vn\/wp-content\/uploads\/2021\/08\/Pro1-ocerview-web.jpg\" alt=\"\" width=\"909\" height=\"379\" srcset=\"https:\/\/loriot.com.vn\/wp-content\/uploads\/2021\/08\/Pro1-ocerview-web.jpg 909w, https:\/\/loriot.com.vn\/wp-content\/uploads\/2021\/08\/Pro1-ocerview-web-300x125.jpg 300w, https:\/\/loriot.com.vn\/wp-content\/uploads\/2021\/08\/Pro1-ocerview-web-768x320.jpg 768w, https:\/\/loriot.com.vn\/wp-content\/uploads\/2021\/08\/Pro1-ocerview-web-770x321.jpg 770w\" sizes=\"(max-width: 909px) 100vw, 909px\" \/><\/span><\/p>\n<p>&nbsp;<\/p>\n<p><span style=\"font-family: arial, helvetica, sans-serif;\">M\u1ed9t trong nh\u1eefng \u0111i\u1ec3m n\u1ed5i b\u1eadt c\u1ee7a Pro1 l\u00e0 ph\u1ea1m vi \u0111o l\u01b0\u1eddng r\u1ed9ng. Thi\u1ebft b\u1ecb c\u00f3 th\u1ec3 \u0111o c\u00e1c th\u00e0nh ph\u1ea7n v\u1edbi m\u1ed9t lo\u1ea1t gi\u00e1 tr\u1ecb, t\u1eeb micro-henries \u0111\u1ebfn mega-henries cho t\u1ee5 \u0111i\u1ec7n, picofarads \u0111\u1ebfn farads cho \u0111i\u1ec7n tr\u1edf v\u00e0 milliohms \u0111\u1ebfn megaohms cho \u0111i\u1ec7n tr\u1edf. Ph\u1ea1m vi r\u1ed9ng n\u00e0y l\u00e0m cho Pro1 m\u1ed9t c\u00f4ng c\u1ee5 \u0111a d\u1ee5ng cho ki\u1ec3m tra c\u00e1c th\u00e0nh ph\u1ea7n kh\u00e1c nhau trong c\u00e1c \u1ee9ng d\u1ee5ng kh\u00e1c nhau.<\/span><\/p>\n<p><span style=\"font-family: arial, helvetica, sans-serif;\">Ngo\u00e0i ph\u1ea1m vi \u0111o l\u01b0\u1eddng r\u1ed9ng, Pro1 c\u0169ng c\u00f3 m\u1ee9c \u0111\u1ed9 ch\u00ednh x\u00e1c cao. Thi\u1ebft b\u1ecb s\u1eed d\u1ee5ng h\u1ec7 th\u1ed1ng \u0111o b\u1eb1ng b\u1ed1n d\u00e2y \u0111\u1ec3 gi\u1ea3m l\u1ed7i \u0111o do \u0111i\u1ec7n tr\u1edf c\u1ee7a d\u00e2y. Pro1 c\u0169ng c\u00f3 ch\u1ee9c n\u0103ng t\u1ef1 \u0111\u1ed9ng s\u1eeda l\u1ed7i v\u00e0 b\u00f9 tr\u1eeb nhi\u1ec7t \u0111\u1ed9, gi\u00fap gi\u1eef cho c\u00e1c \u0111\u1ecdan ch\u00ednh x\u00e1c ngay c\u1ea3 trong m\u00f4i tr\u01b0\u1eddng kh\u00f3 kh\u0103n.<\/span><\/p>\n<p><span style=\"font-family: arial, helvetica, sans-serif;\">Pro1 c\u0169ng c\u00f3 giao di\u1ec7n ng\u01b0\u1eddi d\u00f9ng th\u00e2n thi\u1ec7n v\u00e0 d\u1ec5 s\u1eed d\u1ee5ng. Thi\u1ebft b\u1ecb c\u00f3 m\u00e0n h\u00ecnh c\u1ea3m \u1ee9ng \u0111\u1ec3 cho ph\u00e9p ng\u01b0\u1eddi d\u00f9ng t\u01b0\u01a1ng t\u00e1c v\u1edbi thi\u1ebft b\u1ecb m\u1ed9t c\u00e1ch d\u1ec5 d\u00e0ng. Giao di\u1ec7n c\u0169ng c\u00f3 c\u00e1c bi\u1ec3u t\u01b0\u1ee3ng v\u00e0 ch\u1eef k\u00fd m\u00e0u s\u1eafc \u0111\u1ec3 gi\u00fap ng\u01b0\u1eddi d\u00f9ng nhanh ch\u00f3ng nh\u1eadn ra c\u00e1c ch\u1ebf \u0111\u1ed9 \u0111o v\u00e0 c\u00e1c t\u00f9y ch\u1ecdn kh\u00e1c.<\/span><\/p>\n<p><span style=\"font-family: arial, helvetica, sans-serif;\">Pro1 c\u00f2n c\u00f3 t\u00ednh n\u0103ng l\u01b0u tr\u1eef v\u00e0 xu\u1ea5t d\u1eef li\u1ec7u \u0111o l\u01b0\u1eddng. Thi\u1ebft b\u1ecb c\u00f3 th\u1ec3 l\u01b0u tr\u1eef nhi\u1ec1u b\u1ed9 d\u1eef li\u1ec7u \u0111o l\u01b0\u1eddng v\u00e0 xu\u1ea5t ch\u00fang ra b\u1eb1ng c\u00e1ch s\u1eed d\u1ee5ng m\u1ed9t k\u1ebft n\u1ed1i USB. \u0110i\u1ec1u n\u00e0y cho ph\u00e9p ng\u01b0\u1eddi d\u00f9ng l\u01b0u l\u1ea1i c\u00e1c \u0111o l\u01b0\u1eddng v\u00e0 xem ch\u00fang sau n\u00e0y ho\u1eb7c chia s\u1ebb ch\u00fang v\u1edbi ng\u01b0\u1eddi kh\u00e1c.<\/span><\/p>\n<p><span style=\"font-family: arial, helvetica, sans-serif;\">T\u1ed5ng k\u1ebft, m\u00e1y \u0111o linh ki\u1ec7n LCR Pro1 l\u00e0 m\u1ed9t thi\u1ebft b\u1ecb \u0111o ch\u00ednh x\u00e1c v\u00e0 d\u1ec5 s\u1eed d\u1ee5ng cho vi\u1ec7c \u0111o \u0111i\u1ec7n t\u1eed c\u1ee7a c\u00e1c th\u00e0nh ph\u1ea7n t\u1ee5 \u0111i\u1ec7n. V\u1edbi ph\u1ea1m vi \u0111o l\u01b0\u1eddng r\u1ed9ng, m\u1ee9c \u0111\u1ed9 ch\u00ednh x\u00e1c cao, giao di\u1ec7n ng\u01b0\u1eddi d\u00f9ng th\u00e2n thi\u1ec7n v\u00e0 t\u00ednh n\u0103ng l\u01b0u tr\u1eef v\u00e0 xu\u1ea5t d\u1eef li\u1ec7u, Pro1 l\u00e0 m\u1ed9t c\u00f4ng c\u1ee5 tuy\u1ec7t v\u1eddi cho c\u00e1c k\u1ef9 s\u01b0, nh\u00e0 s\u1ea3n xu\u1ea5t v\u00e0 nh\u00e0 nghi\u00ean c\u1ee9u.<\/span><\/p>\n","protected":false},"excerpt":{"rendered":"<p>M\u00e1y \u0111o linh ki\u1ec7n LCR Pro1 l\u00e0 m\u1ed9t thi\u1ebft b\u1ecb ch\u00ednh x\u00e1c cao \u0111\u1ec3 \u0111o \u0111i\u1ec7n t\u1eed c\u1ee7a c\u00e1c th\u00e0nh ph\u1ea7n c\u1ee7a t\u1ee5 \u0111i\u1ec7n (LCR)<\/p>\n","protected":false},"author":1,"featured_media":3146,"parent":0,"menu_order":8,"comment_status":"open","ping_status":"closed","template":"","meta":{"inline_featured_image":false,"footnotes":""},"service-category":[84],"service_tag":[],"class_list":["post-1647","product","type-product","status-publish","has-post-thumbnail","hentry","service-category-giai-phap-kiem-tra-va-do-luong"],"yoast_head":"<!-- This site is optimized with the Yoast SEO plugin v27.4 - https:\/\/yoast.com\/product\/yoast-seo-wordpress\/ -->\n<title>M\u00c1Y \u0110O LINH KI\u1ec6N LCR PRO1 - LORIOT INDUSTRIAL<\/title>\n<meta name=\"description\" content=\"M\u00e1y \u0111o linh ki\u1ec7n LCR Pro1 t\u00edch h\u1ee3p m\u1ed9t c\u1eb7p nh\u00edp nh\u01b0 \u0111\u1ea7u d\u00f2 v\u00e0 \u0111\u1ed3ng h\u1ed3 \u0111o LCR v\u00e0o m\u1ed9t thi\u1ebft b\u1ecb nh\u1ecf g\u1ecdn, nh\u1eb9, ch\u1ea1y b\u1eb1ng pin.\" \/>\n<meta name=\"robots\" content=\"index, follow, max-snippet:-1, max-image-preview:large, max-video-preview:-1\" \/>\n<link rel=\"canonical\" href=\"https:\/\/loriot.com.vn\/vi\/product\/may-do-linh-kien-lcr-pro1\/\" \/>\n<meta property=\"og:locale\" content=\"vi_VN\" \/>\n<meta property=\"og:type\" content=\"article\" \/>\n<meta property=\"og:title\" content=\"M\u00c1Y \u0110O LINH KI\u1ec6N LCR PRO1 - LORIOT INDUSTRIAL\" \/>\n<meta property=\"og:description\" content=\"M\u00e1y \u0111o linh ki\u1ec7n LCR Pro1 t\u00edch h\u1ee3p m\u1ed9t c\u1eb7p nh\u00edp nh\u01b0 \u0111\u1ea7u d\u00f2 v\u00e0 \u0111\u1ed3ng h\u1ed3 \u0111o LCR v\u00e0o m\u1ed9t thi\u1ebft b\u1ecb nh\u1ecf g\u1ecdn, nh\u1eb9, ch\u1ea1y b\u1eb1ng pin.\" \/>\n<meta property=\"og:url\" content=\"https:\/\/loriot.com.vn\/vi\/product\/may-do-linh-kien-lcr-pro1\/\" \/>\n<meta property=\"og:site_name\" content=\"LORIOT INDUSTRIAL\" \/>\n<meta property=\"article:publisher\" content=\"https:\/\/www.facebook.com\/Loriot-Industrial-COLTD-103044855046633\" \/>\n<meta property=\"article:modified_time\" content=\"2025-07-08T08:10:42+00:00\" \/>\n<meta property=\"og:image\" content=\"https:\/\/loriot.com.vn\/wp-content\/uploads\/2021\/08\/MAY-DO-LINH-KIEN-LCR-PRO1.jpg\" \/>\n\t<meta property=\"og:image:width\" content=\"980\" \/>\n\t<meta property=\"og:image:height\" content=\"661\" \/>\n\t<meta property=\"og:image:type\" content=\"image\/jpeg\" \/>\n<meta name=\"twitter:card\" content=\"summary_large_image\" \/>\n<meta name=\"twitter:label1\" content=\"\u01af\u1edbc t\u00ednh th\u1eddi gian \u0111\u1ecdc\" \/>\n\t<meta name=\"twitter:data1\" content=\"3 ph\u00fat\" \/>\n<script type=\"application\/ld+json\" class=\"yoast-schema-graph\">{\"@context\":\"https:\\\/\\\/schema.org\",\"@graph\":[{\"@type\":\"WebPage\",\"@id\":\"https:\\\/\\\/loriot.com.vn\\\/vi\\\/product\\\/may-do-linh-kien-lcr-pro1\\\/\",\"url\":\"https:\\\/\\\/loriot.com.vn\\\/vi\\\/product\\\/may-do-linh-kien-lcr-pro1\\\/\",\"name\":\"M\u00c1Y \u0110O LINH KI\u1ec6N LCR PRO1 - LORIOT INDUSTRIAL\",\"isPartOf\":{\"@id\":\"https:\\\/\\\/loriot.com.vn\\\/#website\"},\"primaryImageOfPage\":{\"@id\":\"https:\\\/\\\/loriot.com.vn\\\/vi\\\/product\\\/may-do-linh-kien-lcr-pro1\\\/#primaryimage\"},\"image\":{\"@id\":\"https:\\\/\\\/loriot.com.vn\\\/vi\\\/product\\\/may-do-linh-kien-lcr-pro1\\\/#primaryimage\"},\"thumbnailUrl\":\"https:\\\/\\\/loriot.com.vn\\\/wp-content\\\/uploads\\\/2021\\\/08\\\/MAY-DO-LINH-KIEN-LCR-PRO1.jpg\",\"datePublished\":\"2021-08-03T15:30:49+00:00\",\"dateModified\":\"2025-07-08T08:10:42+00:00\",\"description\":\"M\u00e1y \u0111o linh ki\u1ec7n LCR Pro1 t\u00edch h\u1ee3p m\u1ed9t c\u1eb7p nh\u00edp nh\u01b0 \u0111\u1ea7u d\u00f2 v\u00e0 \u0111\u1ed3ng h\u1ed3 \u0111o LCR v\u00e0o m\u1ed9t thi\u1ebft b\u1ecb nh\u1ecf g\u1ecdn, nh\u1eb9, ch\u1ea1y b\u1eb1ng pin.\",\"breadcrumb\":{\"@id\":\"https:\\\/\\\/loriot.com.vn\\\/vi\\\/product\\\/may-do-linh-kien-lcr-pro1\\\/#breadcrumb\"},\"inLanguage\":\"vi\",\"potentialAction\":[{\"@type\":\"ReadAction\",\"target\":[\"https:\\\/\\\/loriot.com.vn\\\/vi\\\/product\\\/may-do-linh-kien-lcr-pro1\\\/\"]}]},{\"@type\":\"ImageObject\",\"inLanguage\":\"vi\",\"@id\":\"https:\\\/\\\/loriot.com.vn\\\/vi\\\/product\\\/may-do-linh-kien-lcr-pro1\\\/#primaryimage\",\"url\":\"https:\\\/\\\/loriot.com.vn\\\/wp-content\\\/uploads\\\/2021\\\/08\\\/MAY-DO-LINH-KIEN-LCR-PRO1.jpg\",\"contentUrl\":\"https:\\\/\\\/loriot.com.vn\\\/wp-content\\\/uploads\\\/2021\\\/08\\\/MAY-DO-LINH-KIEN-LCR-PRO1.jpg\",\"width\":980,\"height\":661,\"caption\":\"M\u00c1Y \u0110O LINH KI\u1ec6N LCR PRO1\"},{\"@type\":\"BreadcrumbList\",\"@id\":\"https:\\\/\\\/loriot.com.vn\\\/vi\\\/product\\\/may-do-linh-kien-lcr-pro1\\\/#breadcrumb\",\"itemListElement\":[{\"@type\":\"ListItem\",\"position\":1,\"name\":\"Home\",\"item\":\"https:\\\/\\\/loriot.com.vn\\\/vi\\\/\"},{\"@type\":\"ListItem\",\"position\":2,\"name\":\"Products\",\"item\":\"https:\\\/\\\/loriot.com.vn\\\/product\\\/\"},{\"@type\":\"ListItem\",\"position\":3,\"name\":\"M\u00c1Y \u0110O LINH KI\u1ec6N LCR PRO1\"}]},{\"@type\":\"WebSite\",\"@id\":\"https:\\\/\\\/loriot.com.vn\\\/#website\",\"url\":\"https:\\\/\\\/loriot.com.vn\\\/\",\"name\":\"LORIOT INDUSTRIAL CO.,LTD\",\"description\":\"\",\"publisher\":{\"@id\":\"https:\\\/\\\/loriot.com.vn\\\/#organization\"},\"potentialAction\":[{\"@type\":\"SearchAction\",\"target\":{\"@type\":\"EntryPoint\",\"urlTemplate\":\"https:\\\/\\\/loriot.com.vn\\\/?s={search_term_string}\"},\"query-input\":{\"@type\":\"PropertyValueSpecification\",\"valueRequired\":true,\"valueName\":\"search_term_string\"}}],\"inLanguage\":\"vi\"},{\"@type\":\"Organization\",\"@id\":\"https:\\\/\\\/loriot.com.vn\\\/#organization\",\"name\":\"Loriot Industrial Co.,Ltd\",\"url\":\"https:\\\/\\\/loriot.com.vn\\\/\",\"logo\":{\"@type\":\"ImageObject\",\"inLanguage\":\"vi\",\"@id\":\"https:\\\/\\\/loriot.com.vn\\\/#\\\/schema\\\/logo\\\/image\\\/\",\"url\":\"https:\\\/\\\/loriot.com.vn\\\/wp-content\\\/uploads\\\/2021\\\/08\\\/logo-ft.png\",\"contentUrl\":\"https:\\\/\\\/loriot.com.vn\\\/wp-content\\\/uploads\\\/2021\\\/08\\\/logo-ft.png\",\"width\":333,\"height\":101,\"caption\":\"Loriot Industrial Co.,Ltd\"},\"image\":{\"@id\":\"https:\\\/\\\/loriot.com.vn\\\/#\\\/schema\\\/logo\\\/image\\\/\"},\"sameAs\":[\"https:\\\/\\\/www.facebook.com\\\/Loriot-Industrial-COLTD-103044855046633\"]}]}<\/script>\n<!-- \/ Yoast SEO plugin. -->","yoast_head_json":{"title":"M\u00c1Y \u0110O LINH KI\u1ec6N LCR PRO1 - LORIOT INDUSTRIAL","description":"M\u00e1y \u0111o linh ki\u1ec7n LCR Pro1 t\u00edch h\u1ee3p m\u1ed9t c\u1eb7p nh\u00edp nh\u01b0 \u0111\u1ea7u d\u00f2 v\u00e0 \u0111\u1ed3ng h\u1ed3 \u0111o LCR v\u00e0o m\u1ed9t thi\u1ebft b\u1ecb nh\u1ecf g\u1ecdn, nh\u1eb9, ch\u1ea1y b\u1eb1ng pin.","robots":{"index":"index","follow":"follow","max-snippet":"max-snippet:-1","max-image-preview":"max-image-preview:large","max-video-preview":"max-video-preview:-1"},"canonical":"https:\/\/loriot.com.vn\/vi\/product\/may-do-linh-kien-lcr-pro1\/","og_locale":"vi_VN","og_type":"article","og_title":"M\u00c1Y \u0110O LINH KI\u1ec6N LCR PRO1 - LORIOT INDUSTRIAL","og_description":"M\u00e1y \u0111o linh ki\u1ec7n LCR Pro1 t\u00edch h\u1ee3p m\u1ed9t c\u1eb7p nh\u00edp nh\u01b0 \u0111\u1ea7u d\u00f2 v\u00e0 \u0111\u1ed3ng h\u1ed3 \u0111o LCR v\u00e0o m\u1ed9t thi\u1ebft b\u1ecb nh\u1ecf g\u1ecdn, nh\u1eb9, ch\u1ea1y b\u1eb1ng pin.","og_url":"https:\/\/loriot.com.vn\/vi\/product\/may-do-linh-kien-lcr-pro1\/","og_site_name":"LORIOT INDUSTRIAL","article_publisher":"https:\/\/www.facebook.com\/Loriot-Industrial-COLTD-103044855046633","article_modified_time":"2025-07-08T08:10:42+00:00","og_image":[{"width":980,"height":661,"url":"https:\/\/loriot.com.vn\/wp-content\/uploads\/2021\/08\/MAY-DO-LINH-KIEN-LCR-PRO1.jpg","type":"image\/jpeg"}],"twitter_card":"summary_large_image","twitter_misc":{"\u01af\u1edbc t\u00ednh th\u1eddi gian \u0111\u1ecdc":"3 ph\u00fat"},"schema":{"@context":"https:\/\/schema.org","@graph":[{"@type":"WebPage","@id":"https:\/\/loriot.com.vn\/vi\/product\/may-do-linh-kien-lcr-pro1\/","url":"https:\/\/loriot.com.vn\/vi\/product\/may-do-linh-kien-lcr-pro1\/","name":"M\u00c1Y \u0110O LINH KI\u1ec6N LCR PRO1 - LORIOT INDUSTRIAL","isPartOf":{"@id":"https:\/\/loriot.com.vn\/#website"},"primaryImageOfPage":{"@id":"https:\/\/loriot.com.vn\/vi\/product\/may-do-linh-kien-lcr-pro1\/#primaryimage"},"image":{"@id":"https:\/\/loriot.com.vn\/vi\/product\/may-do-linh-kien-lcr-pro1\/#primaryimage"},"thumbnailUrl":"https:\/\/loriot.com.vn\/wp-content\/uploads\/2021\/08\/MAY-DO-LINH-KIEN-LCR-PRO1.jpg","datePublished":"2021-08-03T15:30:49+00:00","dateModified":"2025-07-08T08:10:42+00:00","description":"M\u00e1y \u0111o linh ki\u1ec7n LCR Pro1 t\u00edch h\u1ee3p m\u1ed9t c\u1eb7p nh\u00edp nh\u01b0 \u0111\u1ea7u d\u00f2 v\u00e0 \u0111\u1ed3ng h\u1ed3 \u0111o LCR v\u00e0o m\u1ed9t thi\u1ebft b\u1ecb nh\u1ecf g\u1ecdn, nh\u1eb9, ch\u1ea1y b\u1eb1ng pin.","breadcrumb":{"@id":"https:\/\/loriot.com.vn\/vi\/product\/may-do-linh-kien-lcr-pro1\/#breadcrumb"},"inLanguage":"vi","potentialAction":[{"@type":"ReadAction","target":["https:\/\/loriot.com.vn\/vi\/product\/may-do-linh-kien-lcr-pro1\/"]}]},{"@type":"ImageObject","inLanguage":"vi","@id":"https:\/\/loriot.com.vn\/vi\/product\/may-do-linh-kien-lcr-pro1\/#primaryimage","url":"https:\/\/loriot.com.vn\/wp-content\/uploads\/2021\/08\/MAY-DO-LINH-KIEN-LCR-PRO1.jpg","contentUrl":"https:\/\/loriot.com.vn\/wp-content\/uploads\/2021\/08\/MAY-DO-LINH-KIEN-LCR-PRO1.jpg","width":980,"height":661,"caption":"M\u00c1Y \u0110O LINH KI\u1ec6N LCR PRO1"},{"@type":"BreadcrumbList","@id":"https:\/\/loriot.com.vn\/vi\/product\/may-do-linh-kien-lcr-pro1\/#breadcrumb","itemListElement":[{"@type":"ListItem","position":1,"name":"Home","item":"https:\/\/loriot.com.vn\/vi\/"},{"@type":"ListItem","position":2,"name":"Products","item":"https:\/\/loriot.com.vn\/product\/"},{"@type":"ListItem","position":3,"name":"M\u00c1Y \u0110O LINH KI\u1ec6N LCR PRO1"}]},{"@type":"WebSite","@id":"https:\/\/loriot.com.vn\/#website","url":"https:\/\/loriot.com.vn\/","name":"LORIOT INDUSTRIAL CO.,LTD","description":"","publisher":{"@id":"https:\/\/loriot.com.vn\/#organization"},"potentialAction":[{"@type":"SearchAction","target":{"@type":"EntryPoint","urlTemplate":"https:\/\/loriot.com.vn\/?s={search_term_string}"},"query-input":{"@type":"PropertyValueSpecification","valueRequired":true,"valueName":"search_term_string"}}],"inLanguage":"vi"},{"@type":"Organization","@id":"https:\/\/loriot.com.vn\/#organization","name":"Loriot Industrial Co.,Ltd","url":"https:\/\/loriot.com.vn\/","logo":{"@type":"ImageObject","inLanguage":"vi","@id":"https:\/\/loriot.com.vn\/#\/schema\/logo\/image\/","url":"https:\/\/loriot.com.vn\/wp-content\/uploads\/2021\/08\/logo-ft.png","contentUrl":"https:\/\/loriot.com.vn\/wp-content\/uploads\/2021\/08\/logo-ft.png","width":333,"height":101,"caption":"Loriot Industrial Co.,Ltd"},"image":{"@id":"https:\/\/loriot.com.vn\/#\/schema\/logo\/image\/"},"sameAs":["https:\/\/www.facebook.com\/Loriot-Industrial-COLTD-103044855046633"]}]}},"_links":{"self":[{"href":"https:\/\/loriot.com.vn\/vi\/wp-json\/wp\/v2\/product\/1647","targetHints":{"allow":["GET"]}}],"collection":[{"href":"https:\/\/loriot.com.vn\/vi\/wp-json\/wp\/v2\/product"}],"about":[{"href":"https:\/\/loriot.com.vn\/vi\/wp-json\/wp\/v2\/types\/product"}],"author":[{"embeddable":true,"href":"https:\/\/loriot.com.vn\/vi\/wp-json\/wp\/v2\/users\/1"}],"replies":[{"embeddable":true,"href":"https:\/\/loriot.com.vn\/vi\/wp-json\/wp\/v2\/comments?post=1647"}],"version-history":[{"count":20,"href":"https:\/\/loriot.com.vn\/vi\/wp-json\/wp\/v2\/product\/1647\/revisions"}],"predecessor-version":[{"id":5514,"href":"https:\/\/loriot.com.vn\/vi\/wp-json\/wp\/v2\/product\/1647\/revisions\/5514"}],"wp:featuredmedia":[{"embeddable":true,"href":"https:\/\/loriot.com.vn\/vi\/wp-json\/wp\/v2\/media\/3146"}],"wp:attachment":[{"href":"https:\/\/loriot.com.vn\/vi\/wp-json\/wp\/v2\/media?parent=1647"}],"wp:term":[{"taxonomy":"service-category","embeddable":true,"href":"https:\/\/loriot.com.vn\/vi\/wp-json\/wp\/v2\/service-category?post=1647"},{"taxonomy":"service_tag","embeddable":true,"href":"https:\/\/loriot.com.vn\/vi\/wp-json\/wp\/v2\/service_tag?post=1647"}],"curies":[{"name":"wp","href":"https:\/\/api.w.org\/{rel}","templated":true}]}}