{"id":1660,"date":"2021-08-03T09:47:45","date_gmt":"2021-08-03T09:47:45","guid":{"rendered":"http:\/\/loriot.com.vn\/product\/lirm\/"},"modified":"2026-03-18T16:01:14","modified_gmt":"2026-03-18T09:01:14","slug":"may-lirm","status":"publish","type":"product","link":"https:\/\/loriot.com.vn\/vi\/product\/may-lirm\/","title":{"rendered":"M\u00c1Y LIRM"},"content":{"rendered":"<p style=\"text-align: center;\"><span style=\"font-size: 14pt; font-family: arial, helvetica, sans-serif;\"><strong>M\u00c1Y LIRM<\/strong><\/span><\/p>\n<p>&nbsp;<\/p>\n<h1 data-section-id=\"1u7a2p1\" data-start=\"0\" data-end=\"122\"><span style=\"font-family: arial, helvetica, sans-serif; font-size: 12pt;\">M\u00e1y c\u1eaft PCB b\u1eb1ng laser Getech LIRM Laser Inline Routing Machine \u2013 Gi\u1ea3i ph\u00e1p singulation kh\u00f4ng ti\u1ebfp x\u00fac, \u0111\u1ed9 ch\u00ednh x\u00e1c cao<\/span><\/h1>\n<p data-start=\"124\" data-end=\"433\"><span style=\"font-family: arial, helvetica, sans-serif; font-size: 12pt;\">Trong c\u00e1c \u1ee9ng d\u1ee5ng y\u00eau c\u1ea7u <strong data-start=\"151\" data-end=\"189\">t\u00e1ch PCB kh\u00f4ng g\u00e2y \u1ee9ng su\u1ea5t c\u01a1 h\u1ecdc<\/strong>, \u0111\u1eb7c bi\u1ec7t v\u1edbi <strong data-start=\"204\" data-end=\"232\">flex PCB ho\u1eb7c board m\u1ecfng<\/strong>, c\u00f4ng ngh\u1ec7 laser l\u00e0 l\u1ef1a ch\u1ecdn t\u1ed1i \u01b0u. <strong data-start=\"270\" data-end=\"314\">Getech LIRM Laser Inline Routing Machine<\/strong> l\u00e0 h\u1ec7 th\u1ed1ng laser inline hi\u1ec7n \u0111\u1ea1i, mang l\u1ea1i kh\u1ea3 n\u0103ng c\u1eaft ch\u00ednh x\u00e1c, s\u1ea1ch v\u00e0 \u1ed5n \u0111\u1ecbnh trong m\u00f4i tr\u01b0\u1eddng s\u1ea3n xu\u1ea5t t\u1ef1 \u0111\u1ed9ng.<\/span><\/p>\n<h2 data-section-id=\"1dpkqz5\" data-start=\"435\" data-end=\"494\"><span style=\"font-family: arial, helvetica, sans-serif; font-size: 12pt;\">C\u00f4ng ngh\u1ec7 laser xanh \u2013 c\u1eaft s\u1ea1ch, h\u1ea1n ch\u1ebf \u1ea3nh h\u01b0\u1edfng nhi\u1ec7t<\/span><\/h2>\n<p data-start=\"496\" data-end=\"530\"><span style=\"font-family: arial, helvetica, sans-serif; font-size: 12pt;\">\ud83d\udca1 S\u1eed d\u1ee5ng <strong data-start=\"507\" data-end=\"529\">green laser source<\/strong>:<\/span><\/p>\n<ul data-start=\"531\" data-end=\"590\">\n<li data-section-id=\"1t8brh2\" data-start=\"531\" data-end=\"564\">\n<p data-start=\"533\" data-end=\"564\"><span style=\"font-family: arial, helvetica, sans-serif; font-size: 12pt;\">H\u1ea5p th\u1ee5 t\u1ed1t tr\u00ean v\u1eadt li\u1ec7u PCB<\/span><\/p>\n<\/li>\n<li data-section-id=\"1ri4ho3\" data-start=\"565\" data-end=\"590\">\n<p data-start=\"567\" data-end=\"590\"><span style=\"font-family: arial, helvetica, sans-serif; font-size: 12pt;\">T\u1ea1o \u0111\u01b0\u1eddng c\u1eaft s\u1eafc n\u00e9t<\/span><\/p>\n<\/li>\n<\/ul>\n<p data-start=\"592\" data-end=\"606\"><span style=\"font-family: arial, helvetica, sans-serif; font-size: 12pt;\">\ud83d\udd25 Gi\u1ea3m thi\u1ec3u:<\/span><\/p>\n<ul data-start=\"607\" data-end=\"664\">\n<li data-section-id=\"1bv7nnv\" data-start=\"607\" data-end=\"644\">\n<p data-start=\"609\" data-end=\"644\"><span style=\"font-family: arial, helvetica, sans-serif; font-size: 12pt;\">Ch\u00e1y c\u1ea1nh (thermal discoloration)<\/span><\/p>\n<\/li>\n<li data-section-id=\"1tzzk76\" data-start=\"645\" data-end=\"664\">\n<p data-start=\"647\" data-end=\"664\"><span style=\"font-family: arial, helvetica, sans-serif; font-size: 12pt;\">Bi\u1ebfn d\u1ea1ng nhi\u1ec7t<\/span><\/p>\n<\/li>\n<\/ul>\n<p data-start=\"666\" data-end=\"738\"><span style=\"font-family: arial, helvetica, sans-serif; font-size: 12pt;\">\u27a1\ufe0f \u0110\u1ea3m b\u1ea3o ch\u1ea5t l\u01b0\u1ee3ng b\u1ec1 m\u1eb7t c\u1eaft cao, \u0111\u1eb7c bi\u1ec7t v\u1edbi PCB y\u00eau c\u1ea7u kh\u1eaft khe.<\/span><\/p>\n<h2 data-section-id=\"1iljoda\" data-start=\"740\" data-end=\"785\"><span style=\"font-family: arial, helvetica, sans-serif; font-size: 12pt;\">Dual workstation \u2013 t\u0103ng n\u0103ng su\u1ea5t s\u1ea3n xu\u1ea5t<\/span><\/h2>\n<p data-start=\"787\" data-end=\"823\"><span style=\"font-family: arial, helvetica, sans-serif; font-size: 12pt;\">\u26a1 Thi\u1ebft k\u1ebf <strong data-start=\"798\" data-end=\"822\">2 workstation inline<\/strong>:<\/span><\/p>\n<ul data-start=\"824\" data-end=\"890\">\n<li data-section-id=\"11jzq6r\" data-start=\"824\" data-end=\"856\">\n<p data-start=\"826\" data-end=\"856\"><span style=\"font-family: arial, helvetica, sans-serif; font-size: 12pt;\">Gia c\u00f4ng song song nhi\u1ec1u PCB<\/span><\/p>\n<\/li>\n<li data-section-id=\"1nzfusi\" data-start=\"857\" data-end=\"890\">\n<p data-start=\"859\" data-end=\"890\"><span style=\"font-family: arial, helvetica, sans-serif; font-size: 12pt;\">T\u0103ng throughput to\u00e0n h\u1ec7 th\u1ed1ng<\/span><\/p>\n<\/li>\n<\/ul>\n<p data-start=\"892\" data-end=\"907\"><span style=\"font-family: arial, helvetica, sans-serif; font-size: 12pt;\">\u27a1\ufe0f Ph\u00f9 h\u1ee3p cho:<\/span><\/p>\n<ul data-start=\"908\" data-end=\"961\">\n<li data-section-id=\"1ia6wxd\" data-start=\"908\" data-end=\"934\">\n<p data-start=\"910\" data-end=\"934\"><span style=\"font-family: arial, helvetica, sans-serif; font-size: 12pt;\">D\u00e2y chuy\u1ec1n SMT t\u1ef1 \u0111\u1ed9ng<\/span><\/p>\n<\/li>\n<li data-section-id=\"1wwnsmz\" data-start=\"935\" data-end=\"961\">\n<p data-start=\"937\" data-end=\"961\"><span style=\"font-family: arial, helvetica, sans-serif; font-size: 12pt;\">S\u1ea3n xu\u1ea5t s\u1ea3n l\u01b0\u1ee3ng l\u1edbn<\/span><\/p>\n<\/li>\n<\/ul>\n<h2 data-section-id=\"11kv1pw\" data-start=\"963\" data-end=\"992\"><span style=\"font-family: arial, helvetica, sans-serif; font-size: 12pt;\">X\u1eed l\u00fd \u0111a d\u1ea1ng v\u1eadt li\u1ec7u PCB<\/span><\/h2>\n<p data-start=\"994\" data-end=\"1049\"><span style=\"font-family: arial, helvetica, sans-serif; font-size: 12pt;\">\ud83d\udd27 <strong data-start=\"997\" data-end=\"1041\">Getech LIRM Laser Inline Routing Machine<\/strong> h\u1ed7 tr\u1ee3:<\/span><\/p>\n<ul data-start=\"1050\" data-end=\"1110\">\n<li data-section-id=\"1r1htxd\" data-start=\"1050\" data-end=\"1063\">\n<p data-start=\"1052\" data-end=\"1063\"><span style=\"font-family: arial, helvetica, sans-serif; font-size: 12pt;\">FR4 \/ FR2<\/span><\/p>\n<\/li>\n<li data-section-id=\"1jxkf1q\" data-start=\"1064\" data-end=\"1076\">\n<p data-start=\"1066\" data-end=\"1076\"><span style=\"font-family: arial, helvetica, sans-serif; font-size: 12pt;\">Flex PCB<\/span><\/p>\n<\/li>\n<li data-section-id=\"ifpl71\" data-start=\"1077\" data-end=\"1110\">\n<p data-start=\"1079\" data-end=\"1110\"><span style=\"font-family: arial, helvetica, sans-serif; font-size: 12pt;\">PCB \u0111\u1ed9 d\u00e0y l\u00ean \u0111\u1ebfn <strong data-start=\"1098\" data-end=\"1108\">1.6 mm<\/strong><\/span><\/p>\n<\/li>\n<\/ul>\n<p data-start=\"1112\" data-end=\"1178\"><span style=\"font-family: arial, helvetica, sans-serif; font-size: 12pt;\">\ud83d\udce6 C\u00f3 <strong data-start=\"1118\" data-end=\"1133\">2 phi\u00ean b\u1ea3n<\/strong> ph\u00f9 h\u1ee3p v\u1edbi c\u00e1c k\u00edch th\u01b0\u1edbc panel kh\u00e1c nhau<\/span><\/p>\n<p data-start=\"1180\" data-end=\"1229\"><span style=\"font-family: arial, helvetica, sans-serif; font-size: 12pt;\">\u27a1\ufe0f Linh ho\u1ea1t cho nhi\u1ec1u \u1ee9ng d\u1ee5ng s\u1ea3n xu\u1ea5t \u0111i\u1ec7n t\u1eed.<\/span><\/p>\n<h2 data-section-id=\"hri67o\" data-start=\"1231\" data-end=\"1271\"><span style=\"font-family: arial, helvetica, sans-serif; font-size: 12pt;\">C\u1eaft kh\u00f4ng ti\u1ebfp x\u00fac \u2013 b\u1ea3o v\u1ec7 linh ki\u1ec7n<\/span><\/h2>\n<p data-start=\"1273\" data-end=\"1297\"><span style=\"font-family: arial, helvetica, sans-serif; font-size: 12pt;\">\ud83c\udf00 C\u00f4ng ngh\u1ec7 laser gi\u00fap:<\/span><\/p>\n<ul data-start=\"1298\" data-end=\"1360\">\n<li data-section-id=\"jw5yn\" data-start=\"1298\" data-end=\"1330\">\n<p data-start=\"1300\" data-end=\"1330\"><span style=\"font-family: arial, helvetica, sans-serif; font-size: 12pt;\">Kh\u00f4ng t\u1ea1o l\u1ef1c c\u01a1 h\u1ecdc l\u00ean PCB<\/span><\/p>\n<\/li>\n<li data-section-id=\"2yliw\" data-start=\"1331\" data-end=\"1360\">\n<p data-start=\"1333\" data-end=\"1360\"><span style=\"font-family: arial, helvetica, sans-serif; font-size: 12pt;\">Gi\u1ea3m stress l\u00ean linh ki\u1ec7n<\/span><\/p>\n<\/li>\n<\/ul>\n<p data-start=\"1362\" data-end=\"1378\"><span style=\"font-family: arial, helvetica, sans-serif; font-size: 12pt;\">\u27a1\ufe0f L\u00fd t\u01b0\u1edfng cho:<\/span><\/p>\n<ul data-start=\"1379\" data-end=\"1448\">\n<li data-section-id=\"oihv9u\" data-start=\"1379\" data-end=\"1391\">\n<p data-start=\"1381\" data-end=\"1391\"><span style=\"font-family: arial, helvetica, sans-serif; font-size: 12pt;\">PCB m\u1ecfng<\/span><\/p>\n<\/li>\n<li data-section-id=\"16bmovc\" data-start=\"1392\" data-end=\"1410\">\n<p data-start=\"1394\" data-end=\"1410\"><span style=\"font-family: arial, helvetica, sans-serif; font-size: 12pt;\">PCB m\u1eadt \u0111\u1ed9 cao<\/span><\/p>\n<\/li>\n<li data-section-id=\"1p30ohu\" data-start=\"1411\" data-end=\"1448\">\n<p data-start=\"1413\" data-end=\"1448\"><span style=\"font-family: arial, helvetica, sans-serif; font-size: 12pt;\">S\u1ea3n ph\u1ea9m y\u00eau c\u1ea7u \u0111\u1ed9 ch\u00ednh x\u00e1c cao<\/span><\/p>\n<\/li>\n<\/ul>\n<h2 data-section-id=\"48jolu\" data-start=\"1450\" data-end=\"1487\"><span style=\"font-family: arial, helvetica, sans-serif; font-size: 12pt;\">An to\u00e0n t\u1ed1i \u0111a \u2013 \u0111\u1ea1t chu\u1ea9n Class 1<\/span><\/h2>\n<p data-start=\"1489\" data-end=\"1520\"><span style=\"font-family: arial, helvetica, sans-serif; font-size: 12pt;\">\ud83d\udee1\ufe0f H\u1ec7 th\u1ed1ng \u0111\u01b0\u1ee3c thi\u1ebft k\u1ebf v\u1edbi:<\/span><\/p>\n<ul data-start=\"1521\" data-end=\"1612\">\n<li data-section-id=\"4cace\" data-start=\"1521\" data-end=\"1564\">\n<p data-start=\"1523\" data-end=\"1564\"><span style=\"font-family: arial, helvetica, sans-serif; font-size: 12pt;\">Bu\u1ed3ng l\u00e0m vi\u1ec7c k\u00edn (shielded work area)<\/span><\/p>\n<\/li>\n<li data-section-id=\"15wn2pk\" data-start=\"1565\" data-end=\"1612\">\n<p data-start=\"1567\" data-end=\"1612\"><span style=\"font-family: arial, helvetica, sans-serif; font-size: 12pt;\">\u0110\u00e1p \u1ee9ng ti\u00eau chu\u1ea9n <strong data-start=\"1586\" data-end=\"1610\">Class 1 laser safety<\/strong><\/span><\/p>\n<\/li>\n<\/ul>\n<p data-start=\"1614\" data-end=\"1662\"><span style=\"font-family: arial, helvetica, sans-serif; font-size: 12pt;\">\u27a1\ufe0f \u0110\u1ea3m b\u1ea3o an to\u00e0n tuy\u1ec7t \u0111\u1ed1i cho ng\u01b0\u1eddi v\u1eadn h\u00e0nh.<\/span><\/p>\n<h2 data-section-id=\"1ci8w6q\" data-start=\"1664\" data-end=\"1710\"><span style=\"font-family: arial, helvetica, sans-serif; font-size: 12pt;\">Gi\u1ea3i ph\u00e1p laser depaneling cho PCB hi\u1ec7n \u0111\u1ea1i<\/span><\/h2>\n<p data-start=\"1712\" data-end=\"1769\"><span style=\"font-family: arial, helvetica, sans-serif; font-size: 12pt;\">\ud83d\ude80 <strong data-start=\"1715\" data-end=\"1759\">Getech LIRM Laser Inline Routing Machine<\/strong> mang l\u1ea1i:<\/span><\/p>\n<ul data-start=\"1770\" data-end=\"1883\">\n<li data-section-id=\"1lat5jr\" data-start=\"1770\" data-end=\"1806\">\n<p data-start=\"1772\" data-end=\"1806\"><span style=\"font-family: arial, helvetica, sans-serif; font-size: 12pt;\">\u0110\u1ed9 ch\u00ednh x\u00e1c cao, kh\u00f4ng ti\u1ebfp x\u00fac<\/span><\/p>\n<\/li>\n<li data-section-id=\"1enix4r\" data-start=\"1807\" data-end=\"1835\">\n<p data-start=\"1809\" data-end=\"1835\"><span style=\"font-family: arial, helvetica, sans-serif; font-size: 12pt;\">Ch\u1ea5t l\u01b0\u1ee3ng c\u1eaft v\u01b0\u1ee3t tr\u1ed9i<\/span><\/p>\n<\/li>\n<li data-section-id=\"jbykn3\" data-start=\"1836\" data-end=\"1883\">\n<p data-start=\"1838\" data-end=\"1883\"><span style=\"font-family: arial, helvetica, sans-serif; font-size: 12pt;\">N\u0103ng su\u1ea5t cao v\u1edbi thi\u1ebft k\u1ebf dual workstation<\/span><\/p>\n<\/li>\n<\/ul>\n<p data-start=\"1885\" data-end=\"1913\"><span style=\"font-family: arial, helvetica, sans-serif; font-size: 12pt;\">\u27a1\ufe0f L\u00e0 l\u1ef1a ch\u1ecdn l\u00fd t\u01b0\u1edfng cho:<\/span><\/p>\n<ul data-start=\"1914\" data-end=\"2006\">\n<li data-section-id=\"1iz4goy\" data-start=\"1914\" data-end=\"1938\">\n<p data-start=\"1916\" data-end=\"1938\"><span style=\"font-family: arial, helvetica, sans-serif; font-size: 12pt;\">Flex PCB v\u00e0 PCB m\u1ecfng<\/span><\/p>\n<\/li>\n<li data-section-id=\"aobx8\" data-start=\"1939\" data-end=\"1971\">\n<p data-start=\"1941\" data-end=\"1971\"><span style=\"font-family: arial, helvetica, sans-serif; font-size: 12pt;\">S\u1ea3n ph\u1ea9m y\u00eau c\u1ea7u th\u1ea9m m\u1ef9 cao<\/span><\/p>\n<\/li>\n<li data-section-id=\"9qwbqe\" data-start=\"1972\" data-end=\"2006\">\n<p data-start=\"1974\" data-end=\"2006\"><span style=\"font-family: arial, helvetica, sans-serif; font-size: 12pt;\">D\u00e2y chuy\u1ec1n SMT t\u1ef1 \u0111\u1ed9ng h\u00f3a cao<\/span><\/p>\n<\/li>\n<\/ul>\n","protected":false},"excerpt":{"rendered":"<p>Getech LIRM Laser Inline Routing Machine l\u00e0 h\u1ec7 th\u1ed1ng laser inline hi\u1ec7n \u0111\u1ea1i, mang l\u1ea1i kh\u1ea3 n\u0103ng c\u1eaft ch\u00ednh x\u00e1c, s\u1ea1ch v\u00e0 \u1ed5n \u0111\u1ecbnh<\/p>\n","protected":false},"author":1,"featured_media":4545,"parent":0,"menu_order":112,"comment_status":"open","ping_status":"closed","template":"","meta":{"inline_featured_image":false,"footnotes":""},"service-category":[78,79],"service_tag":[113],"class_list":["post-1660","product","type-product","status-publish","has-post-thumbnail","hentry","service-category-getech","service-category-may-cat-bo-mach-inline","service_tag-getech-vi"],"yoast_head":"<!-- This site is optimized with the Yoast SEO plugin v27.5 - https:\/\/yoast.com\/product\/yoast-seo-wordpress\/ -->\n<title>M\u00c1Y LIRM - LORIOT INDUSTRIAL<\/title>\n<meta name=\"description\" content=\"Getech LIRM Laser Inline Routing Machine l\u00e0 h\u1ec7 th\u1ed1ng laser inline hi\u1ec7n \u0111\u1ea1i, mang l\u1ea1i kh\u1ea3 n\u0103ng c\u1eaft ch\u00ednh x\u00e1c, s\u1ea1ch v\u00e0 \u1ed5n \u0111\u1ecbnh\" \/>\n<meta name=\"robots\" content=\"index, follow, max-snippet:-1, max-image-preview:large, max-video-preview:-1\" \/>\n<link rel=\"canonical\" href=\"https:\/\/loriot.com.vn\/vi\/product\/may-lirm\/\" \/>\n<meta property=\"og:locale\" content=\"vi_VN\" \/>\n<meta property=\"og:type\" content=\"article\" \/>\n<meta property=\"og:title\" content=\"M\u00c1Y LIRM - LORIOT INDUSTRIAL\" \/>\n<meta property=\"og:description\" content=\"Getech LIRM Laser Inline Routing Machine l\u00e0 h\u1ec7 th\u1ed1ng laser inline hi\u1ec7n \u0111\u1ea1i, mang l\u1ea1i kh\u1ea3 n\u0103ng c\u1eaft ch\u00ednh x\u00e1c, s\u1ea1ch v\u00e0 \u1ed5n \u0111\u1ecbnh\" \/>\n<meta property=\"og:url\" content=\"https:\/\/loriot.com.vn\/vi\/product\/may-lirm\/\" \/>\n<meta property=\"og:site_name\" content=\"LORIOT INDUSTRIAL\" \/>\n<meta property=\"article:publisher\" content=\"https:\/\/www.facebook.com\/Loriot-Industrial-COLTD-103044855046633\" \/>\n<meta property=\"article:modified_time\" content=\"2026-03-18T09:01:14+00:00\" \/>\n<meta property=\"og:image\" content=\"https:\/\/loriot.com.vn\/wp-content\/uploads\/2021\/08\/LIRM-1-770x578-1.jpg\" \/>\n\t<meta property=\"og:image:width\" content=\"770\" \/>\n\t<meta property=\"og:image:height\" content=\"513\" \/>\n\t<meta property=\"og:image:type\" content=\"image\/jpeg\" \/>\n<meta name=\"twitter:card\" content=\"summary_large_image\" \/>\n<meta name=\"twitter:label1\" content=\"\u01af\u1edbc t\u00ednh th\u1eddi gian \u0111\u1ecdc\" \/>\n\t<meta name=\"twitter:data1\" content=\"2 ph\u00fat\" \/>\n<script type=\"application\/ld+json\" class=\"yoast-schema-graph\">{\"@context\":\"https:\\\/\\\/schema.org\",\"@graph\":[{\"@type\":\"WebPage\",\"@id\":\"https:\\\/\\\/loriot.com.vn\\\/vi\\\/product\\\/may-lirm\\\/\",\"url\":\"https:\\\/\\\/loriot.com.vn\\\/vi\\\/product\\\/may-lirm\\\/\",\"name\":\"M\u00c1Y LIRM - LORIOT INDUSTRIAL\",\"isPartOf\":{\"@id\":\"https:\\\/\\\/loriot.com.vn\\\/vi\\\/#website\"},\"primaryImageOfPage\":{\"@id\":\"https:\\\/\\\/loriot.com.vn\\\/vi\\\/product\\\/may-lirm\\\/#primaryimage\"},\"image\":{\"@id\":\"https:\\\/\\\/loriot.com.vn\\\/vi\\\/product\\\/may-lirm\\\/#primaryimage\"},\"thumbnailUrl\":\"https:\\\/\\\/loriot.com.vn\\\/wp-content\\\/uploads\\\/2021\\\/08\\\/LIRM-1-770x578-1.jpg\",\"datePublished\":\"2021-08-03T09:47:45+00:00\",\"dateModified\":\"2026-03-18T09:01:14+00:00\",\"description\":\"Getech LIRM Laser Inline Routing Machine l\u00e0 h\u1ec7 th\u1ed1ng laser inline hi\u1ec7n \u0111\u1ea1i, mang l\u1ea1i kh\u1ea3 n\u0103ng c\u1eaft ch\u00ednh x\u00e1c, s\u1ea1ch v\u00e0 \u1ed5n \u0111\u1ecbnh\",\"breadcrumb\":{\"@id\":\"https:\\\/\\\/loriot.com.vn\\\/vi\\\/product\\\/may-lirm\\\/#breadcrumb\"},\"inLanguage\":\"vi\",\"potentialAction\":[{\"@type\":\"ReadAction\",\"target\":[\"https:\\\/\\\/loriot.com.vn\\\/vi\\\/product\\\/may-lirm\\\/\"]}]},{\"@type\":\"ImageObject\",\"inLanguage\":\"vi\",\"@id\":\"https:\\\/\\\/loriot.com.vn\\\/vi\\\/product\\\/may-lirm\\\/#primaryimage\",\"url\":\"https:\\\/\\\/loriot.com.vn\\\/wp-content\\\/uploads\\\/2021\\\/08\\\/LIRM-1-770x578-1.jpg\",\"contentUrl\":\"https:\\\/\\\/loriot.com.vn\\\/wp-content\\\/uploads\\\/2021\\\/08\\\/LIRM-1-770x578-1.jpg\",\"width\":770,\"height\":513,\"caption\":\"M\u00c1Y LIRM\"},{\"@type\":\"BreadcrumbList\",\"@id\":\"https:\\\/\\\/loriot.com.vn\\\/vi\\\/product\\\/may-lirm\\\/#breadcrumb\",\"itemListElement\":[{\"@type\":\"ListItem\",\"position\":1,\"name\":\"Home\",\"item\":\"https:\\\/\\\/loriot.com.vn\\\/vi\\\/\"},{\"@type\":\"ListItem\",\"position\":2,\"name\":\"Products\",\"item\":\"https:\\\/\\\/loriot.com.vn\\\/vi\\\/product\\\/\"},{\"@type\":\"ListItem\",\"position\":3,\"name\":\"M\u00c1Y LIRM\"}]},{\"@type\":\"WebSite\",\"@id\":\"https:\\\/\\\/loriot.com.vn\\\/vi\\\/#website\",\"url\":\"https:\\\/\\\/loriot.com.vn\\\/vi\\\/\",\"name\":\"LORIOT INDUSTRIAL CO.,LTD\",\"description\":\"\",\"publisher\":{\"@id\":\"https:\\\/\\\/loriot.com.vn\\\/vi\\\/#organization\"},\"potentialAction\":[{\"@type\":\"SearchAction\",\"target\":{\"@type\":\"EntryPoint\",\"urlTemplate\":\"https:\\\/\\\/loriot.com.vn\\\/vi\\\/?s={search_term_string}\"},\"query-input\":{\"@type\":\"PropertyValueSpecification\",\"valueRequired\":true,\"valueName\":\"search_term_string\"}}],\"inLanguage\":\"vi\"},{\"@type\":\"Organization\",\"@id\":\"https:\\\/\\\/loriot.com.vn\\\/vi\\\/#organization\",\"name\":\"Loriot Industrial Co.,Ltd\",\"url\":\"https:\\\/\\\/loriot.com.vn\\\/vi\\\/\",\"logo\":{\"@type\":\"ImageObject\",\"inLanguage\":\"vi\",\"@id\":\"https:\\\/\\\/loriot.com.vn\\\/vi\\\/#\\\/schema\\\/logo\\\/image\\\/\",\"url\":\"https:\\\/\\\/loriot.com.vn\\\/wp-content\\\/uploads\\\/2021\\\/08\\\/logo-ft.png\",\"contentUrl\":\"https:\\\/\\\/loriot.com.vn\\\/wp-content\\\/uploads\\\/2021\\\/08\\\/logo-ft.png\",\"width\":333,\"height\":101,\"caption\":\"Loriot Industrial Co.,Ltd\"},\"image\":{\"@id\":\"https:\\\/\\\/loriot.com.vn\\\/vi\\\/#\\\/schema\\\/logo\\\/image\\\/\"},\"sameAs\":[\"https:\\\/\\\/www.facebook.com\\\/Loriot-Industrial-COLTD-103044855046633\"]}]}<\/script>\n<!-- \/ Yoast SEO plugin. -->","yoast_head_json":{"title":"M\u00c1Y LIRM - LORIOT INDUSTRIAL","description":"Getech LIRM Laser Inline Routing Machine l\u00e0 h\u1ec7 th\u1ed1ng laser inline hi\u1ec7n \u0111\u1ea1i, mang l\u1ea1i kh\u1ea3 n\u0103ng c\u1eaft ch\u00ednh x\u00e1c, s\u1ea1ch v\u00e0 \u1ed5n \u0111\u1ecbnh","robots":{"index":"index","follow":"follow","max-snippet":"max-snippet:-1","max-image-preview":"max-image-preview:large","max-video-preview":"max-video-preview:-1"},"canonical":"https:\/\/loriot.com.vn\/vi\/product\/may-lirm\/","og_locale":"vi_VN","og_type":"article","og_title":"M\u00c1Y LIRM - LORIOT INDUSTRIAL","og_description":"Getech LIRM Laser Inline Routing Machine l\u00e0 h\u1ec7 th\u1ed1ng laser inline hi\u1ec7n \u0111\u1ea1i, mang l\u1ea1i kh\u1ea3 n\u0103ng c\u1eaft ch\u00ednh x\u00e1c, s\u1ea1ch v\u00e0 \u1ed5n \u0111\u1ecbnh","og_url":"https:\/\/loriot.com.vn\/vi\/product\/may-lirm\/","og_site_name":"LORIOT INDUSTRIAL","article_publisher":"https:\/\/www.facebook.com\/Loriot-Industrial-COLTD-103044855046633","article_modified_time":"2026-03-18T09:01:14+00:00","og_image":[{"width":770,"height":513,"url":"https:\/\/loriot.com.vn\/wp-content\/uploads\/2021\/08\/LIRM-1-770x578-1.jpg","type":"image\/jpeg"}],"twitter_card":"summary_large_image","twitter_misc":{"\u01af\u1edbc t\u00ednh th\u1eddi gian \u0111\u1ecdc":"2 ph\u00fat"},"schema":{"@context":"https:\/\/schema.org","@graph":[{"@type":"WebPage","@id":"https:\/\/loriot.com.vn\/vi\/product\/may-lirm\/","url":"https:\/\/loriot.com.vn\/vi\/product\/may-lirm\/","name":"M\u00c1Y LIRM - LORIOT INDUSTRIAL","isPartOf":{"@id":"https:\/\/loriot.com.vn\/vi\/#website"},"primaryImageOfPage":{"@id":"https:\/\/loriot.com.vn\/vi\/product\/may-lirm\/#primaryimage"},"image":{"@id":"https:\/\/loriot.com.vn\/vi\/product\/may-lirm\/#primaryimage"},"thumbnailUrl":"https:\/\/loriot.com.vn\/wp-content\/uploads\/2021\/08\/LIRM-1-770x578-1.jpg","datePublished":"2021-08-03T09:47:45+00:00","dateModified":"2026-03-18T09:01:14+00:00","description":"Getech LIRM Laser Inline Routing Machine l\u00e0 h\u1ec7 th\u1ed1ng laser inline hi\u1ec7n \u0111\u1ea1i, mang l\u1ea1i kh\u1ea3 n\u0103ng c\u1eaft ch\u00ednh x\u00e1c, s\u1ea1ch v\u00e0 \u1ed5n \u0111\u1ecbnh","breadcrumb":{"@id":"https:\/\/loriot.com.vn\/vi\/product\/may-lirm\/#breadcrumb"},"inLanguage":"vi","potentialAction":[{"@type":"ReadAction","target":["https:\/\/loriot.com.vn\/vi\/product\/may-lirm\/"]}]},{"@type":"ImageObject","inLanguage":"vi","@id":"https:\/\/loriot.com.vn\/vi\/product\/may-lirm\/#primaryimage","url":"https:\/\/loriot.com.vn\/wp-content\/uploads\/2021\/08\/LIRM-1-770x578-1.jpg","contentUrl":"https:\/\/loriot.com.vn\/wp-content\/uploads\/2021\/08\/LIRM-1-770x578-1.jpg","width":770,"height":513,"caption":"M\u00c1Y LIRM"},{"@type":"BreadcrumbList","@id":"https:\/\/loriot.com.vn\/vi\/product\/may-lirm\/#breadcrumb","itemListElement":[{"@type":"ListItem","position":1,"name":"Home","item":"https:\/\/loriot.com.vn\/vi\/"},{"@type":"ListItem","position":2,"name":"Products","item":"https:\/\/loriot.com.vn\/vi\/product\/"},{"@type":"ListItem","position":3,"name":"M\u00c1Y LIRM"}]},{"@type":"WebSite","@id":"https:\/\/loriot.com.vn\/vi\/#website","url":"https:\/\/loriot.com.vn\/vi\/","name":"LORIOT INDUSTRIAL CO.,LTD","description":"","publisher":{"@id":"https:\/\/loriot.com.vn\/vi\/#organization"},"potentialAction":[{"@type":"SearchAction","target":{"@type":"EntryPoint","urlTemplate":"https:\/\/loriot.com.vn\/vi\/?s={search_term_string}"},"query-input":{"@type":"PropertyValueSpecification","valueRequired":true,"valueName":"search_term_string"}}],"inLanguage":"vi"},{"@type":"Organization","@id":"https:\/\/loriot.com.vn\/vi\/#organization","name":"Loriot Industrial Co.,Ltd","url":"https:\/\/loriot.com.vn\/vi\/","logo":{"@type":"ImageObject","inLanguage":"vi","@id":"https:\/\/loriot.com.vn\/vi\/#\/schema\/logo\/image\/","url":"https:\/\/loriot.com.vn\/wp-content\/uploads\/2021\/08\/logo-ft.png","contentUrl":"https:\/\/loriot.com.vn\/wp-content\/uploads\/2021\/08\/logo-ft.png","width":333,"height":101,"caption":"Loriot Industrial Co.,Ltd"},"image":{"@id":"https:\/\/loriot.com.vn\/vi\/#\/schema\/logo\/image\/"},"sameAs":["https:\/\/www.facebook.com\/Loriot-Industrial-COLTD-103044855046633"]}]}},"_links":{"self":[{"href":"https:\/\/loriot.com.vn\/vi\/wp-json\/wp\/v2\/product\/1660","targetHints":{"allow":["GET"]}}],"collection":[{"href":"https:\/\/loriot.com.vn\/vi\/wp-json\/wp\/v2\/product"}],"about":[{"href":"https:\/\/loriot.com.vn\/vi\/wp-json\/wp\/v2\/types\/product"}],"author":[{"embeddable":true,"href":"https:\/\/loriot.com.vn\/vi\/wp-json\/wp\/v2\/users\/1"}],"replies":[{"embeddable":true,"href":"https:\/\/loriot.com.vn\/vi\/wp-json\/wp\/v2\/comments?post=1660"}],"version-history":[{"count":12,"href":"https:\/\/loriot.com.vn\/vi\/wp-json\/wp\/v2\/product\/1660\/revisions"}],"predecessor-version":[{"id":6602,"href":"https:\/\/loriot.com.vn\/vi\/wp-json\/wp\/v2\/product\/1660\/revisions\/6602"}],"wp:featuredmedia":[{"embeddable":true,"href":"https:\/\/loriot.com.vn\/vi\/wp-json\/wp\/v2\/media\/4545"}],"wp:attachment":[{"href":"https:\/\/loriot.com.vn\/vi\/wp-json\/wp\/v2\/media?parent=1660"}],"wp:term":[{"taxonomy":"service-category","embeddable":true,"href":"https:\/\/loriot.com.vn\/vi\/wp-json\/wp\/v2\/service-category?post=1660"},{"taxonomy":"service_tag","embeddable":true,"href":"https:\/\/loriot.com.vn\/vi\/wp-json\/wp\/v2\/service_tag?post=1660"}],"curies":[{"name":"wp","href":"https:\/\/api.w.org\/{rel}","templated":true}]}}