{"id":1663,"date":"2021-08-03T15:27:49","date_gmt":"2021-08-03T15:27:49","guid":{"rendered":"http:\/\/loriot.com.vn\/product\/lvc-series\/"},"modified":"2026-03-16T14:15:59","modified_gmt":"2026-03-16T07:15:59","slug":"kinh-hien-vi-lvc-series","status":"publish","type":"product","link":"https:\/\/loriot.com.vn\/vi\/product\/kinh-hien-vi-lvc-series\/","title":{"rendered":"K\u00cdNH HI\u1ec2N VI LVC SERIES"},"content":{"rendered":"<p style=\"text-align: center;\"><span style=\"font-size: 14pt; font-family: arial, helvetica, sans-serif;\"><strong>K\u00cdNH HI\u1ec2N VI LVC SERIES<\/strong><\/span><\/p>\n<p>&nbsp;<\/p>\n<p><span style=\"font-family: arial, helvetica, sans-serif;\">D\u00f2ng s\u1ea3n ph\u1ea9m k\u00ednh hi\u1ec3n vi LVC series c\u1ee7a h\u00e3ng Vision Engineering l\u00e0 m\u1ed9t lo\u1ea1i h\u1ec7 th\u1ed1ng k\u00ednh hi\u1ec3n vi ti\u00ean ti\u1ebfn \u0111\u01b0\u1ee3c thi\u1ebft k\u1ebf \u0111\u1ec3 li\u00ean l\u1ea1c ki\u1ec3m tra v\u00e0 ph\u00e2n t\u00edch c\u00e1c b\u1ed9 ph\u1eadn nh\u1ecf. D\u00f2ng LVC cung c\u1ea5p h\u00ecnh \u1ea3nh v\u00e0 video c\u00f3 \u0111\u1ed9 ph\u00e2n gi\u1ea3i cao v\u1edbi ph\u1ea1m vi t\u0103ng l\u1ef1c t\u1eeb 20x \u0111\u1ebfn 200x, l\u00e0m cho n\u00f3 th\u00edch h\u1ee3p cho nhi\u1ec1u \u1ee9ng d\u1ee5ng trong c\u00e1c ng\u00e0nh nh\u01b0 \u0111i\u1ec7n t\u1eed, thi\u1ebft b\u1ecb y t\u1ebf v\u00e0 h\u00e0ng kh\u00f4ng.<\/span><\/p>\n<p><span style=\"font-family: arial, helvetica, sans-serif;\">M\u1ed9t trong nh\u1eefng \u0111i\u1ec3m n\u1ed5i b\u1eadt c\u1ee7a d\u00f2ng LVC l\u00e0 h\u1ec7 th\u1ed1ng chi\u1ebfu s\u00e1ng LED, cung c\u1ea5p chi\u1ebfu s\u00e1ng s\u00e1ng v\u00e0 \u0111\u1ec1u cho h\u00ecnh \u1ea3nh t\u1ed1t nh\u1ea5t. C\u00e1c thi\u1ebft l\u1eadp \u0111\u1ed9 s\u00e1ng v\u00e0 t\u01b0\u01a1ng ph\u1ea3n c\u00f3 th\u1ec3 \u0111i\u1ec1u ch\u1ec9nh, cho ph\u00e9p ng\u01b0\u1eddi d\u00f9ng tinh ch\u1ec9nh chi\u1ebfu s\u00e1ng cho t\u00e1c v\u1ee5 c\u1ee5 th\u1ec3, k\u1ebft qu\u1ea3 l\u00e0 h\u00ecnh \u1ea3nh s\u00e1ng h\u01a1n v\u00e0 ch\u00ednh x\u00e1c h\u01a1n.<\/span><\/p>\n<p><span style=\"font-family: arial, helvetica, sans-serif;\">M\u1ed9t l\u1ee3i th\u1ebf kh\u00e1c c\u1ee7a d\u00f2ng LVC l\u00e0 thi\u1ebft k\u1ebf th\u00f4ng minh. K\u00ednh hi\u1ec3n vi c\u00f3 m\u1ed9t c\u00e1nh \u0111i\u1ec1u ch\u1ec9nh d\u1ec5 d\u00e0ng \u0111\u1eb7t l\u1ea1i g\u00f3c c\u1ee7a \u1ed1ng k\u00ednh. H\u1ec7 th\u1ed1ng c\u0169ng c\u00f3 k\u00edch th\u01b0\u1edbc nh\u1ecf g\u1ecdn, th\u00edch h\u1ee3p \u0111\u1ec3 s\u1eed d\u1ee5ng trong c\u00e1c kh\u00f4ng gian l\u00e0m vi\u1ec7c nh\u1ecf g\u1ecdn. V\u1edbi k\u1ebft n\u1ed1i USB, s\u1ea3n ph\u1ea9m c\u00f3 th\u1ec3 k\u1ebft n\u1ed1i v\u1edbi m\u00e1y t\u00ednh \u0111\u1ec3 l\u01b0u tr\u1eef v\u00e0 chia s\u1ebb h\u00ecnh \u1ea3nh.<\/span><\/p>\n<p><span style=\"font-family: arial, helvetica, sans-serif;\">T\u00ednh n\u0103ng quan tr\u1ecdng kh\u00e1c c\u1ee7a d\u00f2ng LVC l\u00e0 kh\u1ea3 n\u0103ng ghi h\u00ecnh. K\u00ednh hi\u1ec3n vi c\u00f3 th\u1ec3 ghi l\u1ea1i video ho\u1eb7c h\u00ecnh \u1ea3nh c\u1ee7a c\u00e1c t\u00e1c v\u1ee5 ki\u1ec3m tra v\u00e0 ph\u00e2n t\u00edch, gi\u00fap ng\u01b0\u1eddi d\u00f9ng xem l\u1ea1i ho\u1eb7c chia s\u1ebb v\u1edbi \u0111\u1ed3ng nghi\u1ec7p.<\/span><\/p>\n<p><span style=\"font-family: arial, helvetica, sans-serif;\">Trong khi nh\u1eefng \u0111\u1eb7c \u0111i\u1ec3m n\u1ed5i b\u1eadt tr\u00ean \u0111\u00e3 cho th\u1ea5y s\u1ee9c m\u1ea1nh c\u1ee7a d\u00f2ng LVC, h\u00e3ng Vision Engineering c\u00f2n \u0111\u1eb7t r\u1ea5t nhi\u1ec1u s\u1ef1 quan t\u00e2m v\u00e0o vi\u1ec7c cung c\u1ea5p d\u1ecbch v\u1ee5 h\u1eadu m\u00e3i t\u1ed1t nh\u1ea5t cho kh\u00e1ch h\u00e0ng. \u0110\u1ed9i ng\u0169 k\u1ef9 thu\u1eadt h\u1ed7 tr\u1ee3 c\u1ee7a h\u00e3ng s\u1eb5n s\u00e0ng gi\u00fap \u0111\u1ee1 v\u1edbi b\u1ea5t k\u1ef3 v\u1ea5n \u0111\u1ec1 n\u00e0o v\u00e0 \u0111\u1ea3m b\u1ea3o s\u1ea3n ph\u1ea9m ho\u1ea1t \u0111\u1ed9ng t\u1ed1t nh\u1ea5t.<\/span><\/p>\n<p><span style=\"font-family: arial, helvetica, sans-serif;\">T\u1ed5ng k\u1ebft, d\u00f2ng s\u1ea3n ph\u1ea9m k\u00ednh hi\u1ec3n vi LVC c\u1ee7a h\u00e3ng Vision Engineering l\u00e0 m\u1ed9t trong nh\u1eefng s\u1ea3n ph\u1ea9m t\u1ed1t nh\u1ea5t tr\u00ean th\u1ecb tr\u01b0\u1eddng hi\u1ec7n nay. V\u1edbi t\u00ednh n\u0103ng, hi\u1ec7u su\u1ea5t v\u00e0 d\u1ecbch v\u1ee5 h\u1eadu m\u00e3i t\u1ed1t, n\u00f3 l\u00e0 m\u1ed9t l\u1ef1a ch\u1ecdn tuy\u1ec7t v\u1eddi cho nh\u1eefng ai c\u1ea7n m\u1ed9t k\u00ednh hi\u1ec3n vi ch\u1ea5t l\u01b0\u1ee3ng v\u1edbi t\u00ednh n\u0103ng \u0111a d\u1ea1ng. N\u1ebfu b\u1ea1n \u0111ang t\u00ecm ki\u1ebfm m\u1ed9t k\u00ednh hi\u1ec3n vi t\u1ed1t \u0111\u1ec3 gi\u00fap cho c\u00f4ng vi\u1ec7c c\u1ee7a b\u1ea1n, h\u00e3y xem x\u00e9t s\u1ea3n ph\u1ea9m LVC c\u1ee7a h\u00e3ng Vision Engineering.<\/span><\/p>\n","protected":false},"excerpt":{"rendered":"<p>Nh\u1edd b\u1ed9 ch\u1ee9c n\u0103ng phong ph\u00fa v\u00e0 gi\u00e1 tr\u1ecb \u0111\u00e1ng kinh ng\u1ea1c, LVC-Series l\u00e0 gi\u1ea3i ph\u00e1p \u0111o l\u01b0\u1eddng l\u00fd t\u01b0\u1edfng cho m\u1ed9t lo\u1ea1t c\u00e1c \u1ee9ng d\u1ee5ng<\/p>\n","protected":false},"author":1,"featured_media":3235,"parent":0,"menu_order":22,"comment_status":"open","ping_status":"closed","template":"","meta":{"inline_featured_image":false,"footnotes":""},"service-category":[84,85],"service_tag":[],"class_list":["post-1663","product","type-product","status-publish","has-post-thumbnail","hentry","service-category-giai-phap-kiem-tra-va-do-luong","service-category-kinh-hien-vi-do-luong"],"yoast_head":"<!-- This site is optimized with the Yoast SEO plugin v27.4 - https:\/\/yoast.com\/product\/yoast-seo-wordpress\/ -->\n<title>K\u00cdNH HI\u1ec2N VI LVC SERIES - LORIOT INDUSTRIAL<\/title>\n<meta name=\"description\" content=\"K\u00cdNH HI\u1ec2N VI LVC SERIES gi\u00fap \u0111o l\u01b0\u1eddng l\u00fd t\u01b0\u1edfng cho c\u00e1c \u1ee9ng d\u1ee5ng bao g\u1ed3m k\u1ef9 thu\u1eadt ch\u00ednh x\u00e1c, \u0111\u00fac, \u0111\u00fac nh\u1ef1a, \u0111i\u1ec7n t\u1eed v\u00e0 s\u1ea3n xu\u1ea5t thi\u1ebft b\u1ecb y t\u1ebf.\" \/>\n<meta name=\"robots\" content=\"index, follow, max-snippet:-1, max-image-preview:large, max-video-preview:-1\" \/>\n<link rel=\"canonical\" href=\"https:\/\/loriot.com.vn\/vi\/product\/kinh-hien-vi-lvc-series\/\" \/>\n<meta property=\"og:locale\" content=\"vi_VN\" \/>\n<meta property=\"og:type\" content=\"article\" \/>\n<meta property=\"og:title\" content=\"K\u00cdNH HI\u1ec2N VI LVC SERIES - LORIOT INDUSTRIAL\" \/>\n<meta property=\"og:description\" content=\"K\u00cdNH HI\u1ec2N VI LVC SERIES gi\u00fap \u0111o l\u01b0\u1eddng l\u00fd t\u01b0\u1edfng cho c\u00e1c \u1ee9ng d\u1ee5ng bao g\u1ed3m k\u1ef9 thu\u1eadt ch\u00ednh x\u00e1c, \u0111\u00fac, \u0111\u00fac nh\u1ef1a, \u0111i\u1ec7n t\u1eed v\u00e0 s\u1ea3n xu\u1ea5t thi\u1ebft b\u1ecb y t\u1ebf.\" \/>\n<meta property=\"og:url\" content=\"https:\/\/loriot.com.vn\/vi\/product\/kinh-hien-vi-lvc-series\/\" \/>\n<meta property=\"og:site_name\" content=\"LORIOT INDUSTRIAL\" \/>\n<meta property=\"article:publisher\" content=\"https:\/\/www.facebook.com\/Loriot-Industrial-COLTD-103044855046633\" \/>\n<meta property=\"article:modified_time\" content=\"2026-03-16T07:15:59+00:00\" \/>\n<meta property=\"og:image\" content=\"https:\/\/loriot.com.vn\/wp-content\/uploads\/2021\/08\/KINH-HIEN-VI-LVC-SERIES.jpg\" \/>\n\t<meta property=\"og:image:width\" content=\"1000\" \/>\n\t<meta property=\"og:image:height\" content=\"750\" \/>\n\t<meta property=\"og:image:type\" content=\"image\/jpeg\" \/>\n<meta name=\"twitter:card\" content=\"summary_large_image\" \/>\n<meta name=\"twitter:label1\" content=\"\u01af\u1edbc t\u00ednh th\u1eddi gian \u0111\u1ecdc\" \/>\n\t<meta name=\"twitter:data1\" content=\"3 ph\u00fat\" \/>\n<script type=\"application\/ld+json\" class=\"yoast-schema-graph\">{\"@context\":\"https:\\\/\\\/schema.org\",\"@graph\":[{\"@type\":\"WebPage\",\"@id\":\"https:\\\/\\\/loriot.com.vn\\\/vi\\\/product\\\/kinh-hien-vi-lvc-series\\\/\",\"url\":\"https:\\\/\\\/loriot.com.vn\\\/vi\\\/product\\\/kinh-hien-vi-lvc-series\\\/\",\"name\":\"K\u00cdNH HI\u1ec2N VI LVC SERIES - LORIOT INDUSTRIAL\",\"isPartOf\":{\"@id\":\"https:\\\/\\\/loriot.com.vn\\\/#website\"},\"primaryImageOfPage\":{\"@id\":\"https:\\\/\\\/loriot.com.vn\\\/vi\\\/product\\\/kinh-hien-vi-lvc-series\\\/#primaryimage\"},\"image\":{\"@id\":\"https:\\\/\\\/loriot.com.vn\\\/vi\\\/product\\\/kinh-hien-vi-lvc-series\\\/#primaryimage\"},\"thumbnailUrl\":\"https:\\\/\\\/loriot.com.vn\\\/wp-content\\\/uploads\\\/2021\\\/08\\\/KINH-HIEN-VI-LVC-SERIES.jpg\",\"datePublished\":\"2021-08-03T15:27:49+00:00\",\"dateModified\":\"2026-03-16T07:15:59+00:00\",\"description\":\"K\u00cdNH HI\u1ec2N VI LVC SERIES gi\u00fap \u0111o l\u01b0\u1eddng l\u00fd t\u01b0\u1edfng cho c\u00e1c \u1ee9ng d\u1ee5ng bao g\u1ed3m k\u1ef9 thu\u1eadt ch\u00ednh x\u00e1c, \u0111\u00fac, \u0111\u00fac nh\u1ef1a, \u0111i\u1ec7n t\u1eed v\u00e0 s\u1ea3n xu\u1ea5t thi\u1ebft b\u1ecb y t\u1ebf.\",\"breadcrumb\":{\"@id\":\"https:\\\/\\\/loriot.com.vn\\\/vi\\\/product\\\/kinh-hien-vi-lvc-series\\\/#breadcrumb\"},\"inLanguage\":\"vi\",\"potentialAction\":[{\"@type\":\"ReadAction\",\"target\":[\"https:\\\/\\\/loriot.com.vn\\\/vi\\\/product\\\/kinh-hien-vi-lvc-series\\\/\"]}]},{\"@type\":\"ImageObject\",\"inLanguage\":\"vi\",\"@id\":\"https:\\\/\\\/loriot.com.vn\\\/vi\\\/product\\\/kinh-hien-vi-lvc-series\\\/#primaryimage\",\"url\":\"https:\\\/\\\/loriot.com.vn\\\/wp-content\\\/uploads\\\/2021\\\/08\\\/KINH-HIEN-VI-LVC-SERIES.jpg\",\"contentUrl\":\"https:\\\/\\\/loriot.com.vn\\\/wp-content\\\/uploads\\\/2021\\\/08\\\/KINH-HIEN-VI-LVC-SERIES.jpg\",\"width\":1000,\"height\":750,\"caption\":\"K\u00cdNH HI\u1ec2N VI LVC SERIES\"},{\"@type\":\"BreadcrumbList\",\"@id\":\"https:\\\/\\\/loriot.com.vn\\\/vi\\\/product\\\/kinh-hien-vi-lvc-series\\\/#breadcrumb\",\"itemListElement\":[{\"@type\":\"ListItem\",\"position\":1,\"name\":\"Home\",\"item\":\"https:\\\/\\\/loriot.com.vn\\\/vi\\\/\"},{\"@type\":\"ListItem\",\"position\":2,\"name\":\"Products\",\"item\":\"https:\\\/\\\/loriot.com.vn\\\/product\\\/\"},{\"@type\":\"ListItem\",\"position\":3,\"name\":\"K\u00cdNH HI\u1ec2N VI LVC SERIES\"}]},{\"@type\":\"WebSite\",\"@id\":\"https:\\\/\\\/loriot.com.vn\\\/#website\",\"url\":\"https:\\\/\\\/loriot.com.vn\\\/\",\"name\":\"LORIOT INDUSTRIAL CO.,LTD\",\"description\":\"\",\"publisher\":{\"@id\":\"https:\\\/\\\/loriot.com.vn\\\/#organization\"},\"potentialAction\":[{\"@type\":\"SearchAction\",\"target\":{\"@type\":\"EntryPoint\",\"urlTemplate\":\"https:\\\/\\\/loriot.com.vn\\\/?s={search_term_string}\"},\"query-input\":{\"@type\":\"PropertyValueSpecification\",\"valueRequired\":true,\"valueName\":\"search_term_string\"}}],\"inLanguage\":\"vi\"},{\"@type\":\"Organization\",\"@id\":\"https:\\\/\\\/loriot.com.vn\\\/#organization\",\"name\":\"Loriot Industrial Co.,Ltd\",\"url\":\"https:\\\/\\\/loriot.com.vn\\\/\",\"logo\":{\"@type\":\"ImageObject\",\"inLanguage\":\"vi\",\"@id\":\"https:\\\/\\\/loriot.com.vn\\\/#\\\/schema\\\/logo\\\/image\\\/\",\"url\":\"https:\\\/\\\/loriot.com.vn\\\/wp-content\\\/uploads\\\/2021\\\/08\\\/logo-ft.png\",\"contentUrl\":\"https:\\\/\\\/loriot.com.vn\\\/wp-content\\\/uploads\\\/2021\\\/08\\\/logo-ft.png\",\"width\":333,\"height\":101,\"caption\":\"Loriot Industrial Co.,Ltd\"},\"image\":{\"@id\":\"https:\\\/\\\/loriot.com.vn\\\/#\\\/schema\\\/logo\\\/image\\\/\"},\"sameAs\":[\"https:\\\/\\\/www.facebook.com\\\/Loriot-Industrial-COLTD-103044855046633\"]}]}<\/script>\n<!-- \/ Yoast SEO plugin. -->","yoast_head_json":{"title":"K\u00cdNH HI\u1ec2N VI LVC SERIES - LORIOT INDUSTRIAL","description":"K\u00cdNH HI\u1ec2N VI LVC SERIES gi\u00fap \u0111o l\u01b0\u1eddng l\u00fd t\u01b0\u1edfng cho c\u00e1c \u1ee9ng d\u1ee5ng bao g\u1ed3m k\u1ef9 thu\u1eadt ch\u00ednh x\u00e1c, \u0111\u00fac, \u0111\u00fac nh\u1ef1a, \u0111i\u1ec7n t\u1eed v\u00e0 s\u1ea3n xu\u1ea5t thi\u1ebft b\u1ecb y t\u1ebf.","robots":{"index":"index","follow":"follow","max-snippet":"max-snippet:-1","max-image-preview":"max-image-preview:large","max-video-preview":"max-video-preview:-1"},"canonical":"https:\/\/loriot.com.vn\/vi\/product\/kinh-hien-vi-lvc-series\/","og_locale":"vi_VN","og_type":"article","og_title":"K\u00cdNH HI\u1ec2N VI LVC SERIES - LORIOT INDUSTRIAL","og_description":"K\u00cdNH HI\u1ec2N VI LVC SERIES gi\u00fap \u0111o l\u01b0\u1eddng l\u00fd t\u01b0\u1edfng cho c\u00e1c \u1ee9ng d\u1ee5ng bao g\u1ed3m k\u1ef9 thu\u1eadt ch\u00ednh x\u00e1c, \u0111\u00fac, \u0111\u00fac nh\u1ef1a, \u0111i\u1ec7n t\u1eed v\u00e0 s\u1ea3n xu\u1ea5t thi\u1ebft b\u1ecb y t\u1ebf.","og_url":"https:\/\/loriot.com.vn\/vi\/product\/kinh-hien-vi-lvc-series\/","og_site_name":"LORIOT INDUSTRIAL","article_publisher":"https:\/\/www.facebook.com\/Loriot-Industrial-COLTD-103044855046633","article_modified_time":"2026-03-16T07:15:59+00:00","og_image":[{"width":1000,"height":750,"url":"https:\/\/loriot.com.vn\/wp-content\/uploads\/2021\/08\/KINH-HIEN-VI-LVC-SERIES.jpg","type":"image\/jpeg"}],"twitter_card":"summary_large_image","twitter_misc":{"\u01af\u1edbc t\u00ednh th\u1eddi gian \u0111\u1ecdc":"3 ph\u00fat"},"schema":{"@context":"https:\/\/schema.org","@graph":[{"@type":"WebPage","@id":"https:\/\/loriot.com.vn\/vi\/product\/kinh-hien-vi-lvc-series\/","url":"https:\/\/loriot.com.vn\/vi\/product\/kinh-hien-vi-lvc-series\/","name":"K\u00cdNH HI\u1ec2N VI LVC SERIES - LORIOT INDUSTRIAL","isPartOf":{"@id":"https:\/\/loriot.com.vn\/#website"},"primaryImageOfPage":{"@id":"https:\/\/loriot.com.vn\/vi\/product\/kinh-hien-vi-lvc-series\/#primaryimage"},"image":{"@id":"https:\/\/loriot.com.vn\/vi\/product\/kinh-hien-vi-lvc-series\/#primaryimage"},"thumbnailUrl":"https:\/\/loriot.com.vn\/wp-content\/uploads\/2021\/08\/KINH-HIEN-VI-LVC-SERIES.jpg","datePublished":"2021-08-03T15:27:49+00:00","dateModified":"2026-03-16T07:15:59+00:00","description":"K\u00cdNH HI\u1ec2N VI LVC SERIES gi\u00fap \u0111o l\u01b0\u1eddng l\u00fd t\u01b0\u1edfng cho c\u00e1c \u1ee9ng d\u1ee5ng bao g\u1ed3m k\u1ef9 thu\u1eadt ch\u00ednh x\u00e1c, \u0111\u00fac, \u0111\u00fac nh\u1ef1a, \u0111i\u1ec7n t\u1eed v\u00e0 s\u1ea3n xu\u1ea5t thi\u1ebft b\u1ecb y t\u1ebf.","breadcrumb":{"@id":"https:\/\/loriot.com.vn\/vi\/product\/kinh-hien-vi-lvc-series\/#breadcrumb"},"inLanguage":"vi","potentialAction":[{"@type":"ReadAction","target":["https:\/\/loriot.com.vn\/vi\/product\/kinh-hien-vi-lvc-series\/"]}]},{"@type":"ImageObject","inLanguage":"vi","@id":"https:\/\/loriot.com.vn\/vi\/product\/kinh-hien-vi-lvc-series\/#primaryimage","url":"https:\/\/loriot.com.vn\/wp-content\/uploads\/2021\/08\/KINH-HIEN-VI-LVC-SERIES.jpg","contentUrl":"https:\/\/loriot.com.vn\/wp-content\/uploads\/2021\/08\/KINH-HIEN-VI-LVC-SERIES.jpg","width":1000,"height":750,"caption":"K\u00cdNH HI\u1ec2N VI LVC SERIES"},{"@type":"BreadcrumbList","@id":"https:\/\/loriot.com.vn\/vi\/product\/kinh-hien-vi-lvc-series\/#breadcrumb","itemListElement":[{"@type":"ListItem","position":1,"name":"Home","item":"https:\/\/loriot.com.vn\/vi\/"},{"@type":"ListItem","position":2,"name":"Products","item":"https:\/\/loriot.com.vn\/product\/"},{"@type":"ListItem","position":3,"name":"K\u00cdNH HI\u1ec2N VI LVC SERIES"}]},{"@type":"WebSite","@id":"https:\/\/loriot.com.vn\/#website","url":"https:\/\/loriot.com.vn\/","name":"LORIOT INDUSTRIAL CO.,LTD","description":"","publisher":{"@id":"https:\/\/loriot.com.vn\/#organization"},"potentialAction":[{"@type":"SearchAction","target":{"@type":"EntryPoint","urlTemplate":"https:\/\/loriot.com.vn\/?s={search_term_string}"},"query-input":{"@type":"PropertyValueSpecification","valueRequired":true,"valueName":"search_term_string"}}],"inLanguage":"vi"},{"@type":"Organization","@id":"https:\/\/loriot.com.vn\/#organization","name":"Loriot Industrial Co.,Ltd","url":"https:\/\/loriot.com.vn\/","logo":{"@type":"ImageObject","inLanguage":"vi","@id":"https:\/\/loriot.com.vn\/#\/schema\/logo\/image\/","url":"https:\/\/loriot.com.vn\/wp-content\/uploads\/2021\/08\/logo-ft.png","contentUrl":"https:\/\/loriot.com.vn\/wp-content\/uploads\/2021\/08\/logo-ft.png","width":333,"height":101,"caption":"Loriot Industrial Co.,Ltd"},"image":{"@id":"https:\/\/loriot.com.vn\/#\/schema\/logo\/image\/"},"sameAs":["https:\/\/www.facebook.com\/Loriot-Industrial-COLTD-103044855046633"]}]}},"_links":{"self":[{"href":"https:\/\/loriot.com.vn\/vi\/wp-json\/wp\/v2\/product\/1663","targetHints":{"allow":["GET"]}}],"collection":[{"href":"https:\/\/loriot.com.vn\/vi\/wp-json\/wp\/v2\/product"}],"about":[{"href":"https:\/\/loriot.com.vn\/vi\/wp-json\/wp\/v2\/types\/product"}],"author":[{"embeddable":true,"href":"https:\/\/loriot.com.vn\/vi\/wp-json\/wp\/v2\/users\/1"}],"replies":[{"embeddable":true,"href":"https:\/\/loriot.com.vn\/vi\/wp-json\/wp\/v2\/comments?post=1663"}],"version-history":[{"count":14,"href":"https:\/\/loriot.com.vn\/vi\/wp-json\/wp\/v2\/product\/1663\/revisions"}],"predecessor-version":[{"id":6527,"href":"https:\/\/loriot.com.vn\/vi\/wp-json\/wp\/v2\/product\/1663\/revisions\/6527"}],"wp:featuredmedia":[{"embeddable":true,"href":"https:\/\/loriot.com.vn\/vi\/wp-json\/wp\/v2\/media\/3235"}],"wp:attachment":[{"href":"https:\/\/loriot.com.vn\/vi\/wp-json\/wp\/v2\/media?parent=1663"}],"wp:term":[{"taxonomy":"service-category","embeddable":true,"href":"https:\/\/loriot.com.vn\/vi\/wp-json\/wp\/v2\/service-category?post=1663"},{"taxonomy":"service_tag","embeddable":true,"href":"https:\/\/loriot.com.vn\/vi\/wp-json\/wp\/v2\/service_tag?post=1663"}],"curies":[{"name":"wp","href":"https:\/\/api.w.org\/{rel}","templated":true}]}}