{"id":1664,"date":"2021-08-03T15:07:59","date_gmt":"2021-08-03T15:07:59","guid":{"rendered":"http:\/\/loriot.com.vn\/product\/lynx-evo\/"},"modified":"2026-03-16T14:18:39","modified_gmt":"2026-03-16T07:18:39","slug":"kinh-hien-vi-lynx-evo","status":"publish","type":"product","link":"https:\/\/loriot.com.vn\/vi\/product\/kinh-hien-vi-lynx-evo\/","title":{"rendered":"K\u00cdNH HI\u1ec2N VI LYNX EVO"},"content":{"rendered":"<p style=\"text-align: center;\"><span style=\"font-family: arial, helvetica, sans-serif; font-size: 14pt;\">K\u00cdNH HI\u1ec2N VI LYNX EVO<\/span><\/p>\n<p><span style=\"font-family: arial, helvetica, sans-serif;\">LYNX EVO l\u00e0 m\u1ed9t k\u00ednh hi\u1ec3n vi hai chi\u1ec1u cao c\u1ea5p \u0111\u01b0\u1ee3c ph\u00e1t tri\u1ec3n b\u1edfi Vision Engineering, m\u1ed9t nh\u00e0 s\u1ea3n xu\u1ea5t ti\u00ean ti\u1ebfn c\u00e1c thi\u1ebft b\u1ecb quang h\u1ecdc ch\u00ednh x\u00e1c. K\u00ednh \u0111\u01b0\u1ee3c thi\u1ebft k\u1ebf \u0111\u1ec3 \u0111\u00e1p \u1ee9ng nhu c\u1ea7u c\u1ee7a m\u1ed9t lo\u1ea1t c\u00e1c \u1ee9ng d\u1ee5ng trong nhi\u1ec1u ng\u00e0nh nh\u01b0 \u0111i\u1ec7n t\u1eed, s\u1ea3n xu\u1ea5t, sinh h\u1ecdc v\u00e0 nhi\u1ec1u h\u01a1n n\u1eefa.<\/span><\/p>\n<p><span style=\"font-family: arial, helvetica, sans-serif;\"><strong>Thi\u1ebft k\u1ebf v\u00e0 ch\u1ebf t\u1ea1o:<\/strong> K\u00ednh hi\u1ec3n vi LYNX EVO c\u00f3 m\u1ed9t thi\u1ebft k\u1ebf tinh t\u1ebf, thu\u1eadn ti\u1ec7n v\u1ec1 m\u1eb7t ergonomic gi\u00fap s\u1eed d\u1ee5ng t\u1ed1t, d\u1ec5 ch\u1ecbu trong th\u1eddi gian d\u00e0i. N\u00f3 \u0111\u01b0\u1ee3c x\u00e2y d\u1ef1ng b\u1eb1ng c\u00e1c v\u1eadt li\u1ec7u ch\u1ea5t l\u01b0\u1ee3ng cao \u0111\u1ec3 \u0111\u1ea3m b\u1ea3o b\u1ec1n v\u1eefng . K\u00ednh c\u00f3 m\u1ed9t chi\u1ec1u r\u1ed9ng nh\u1ecf g\u1ecdn, gi\u00fap d\u1ec5 d\u00e0ng t\u00edch h\u1ee3p v\u00e0o b\u1ea5t k\u1ef3 b\u00e0n l\u00e0m vi\u1ec7c ho\u1eb7c ph\u00f2ng th\u00ed nghi\u1ec7m n\u00e0o.<\/span><\/p>\n<p><span style=\"font-family: arial, helvetica, sans-serif;\"><strong>Hi\u1ec7u su\u1ea5t quang h\u1ecdc:<\/strong> LYNX EVO \u0111\u01b0\u1ee3c trang b\u1ecb v\u1edbi c\u00e1c t\u00ednh n\u0103ng quang h\u1ecdc ch\u1ea5t l\u01b0\u1ee3ng cao cung c\u1ea5p h\u00ecnh \u1ea3nh s\u00e1ng, r\u00f5 r\u00e0ng v\u1edbi \u0111\u1ed9 t\u01b0\u01a1ng ph\u1ea3n v\u00e0 \u0111\u1ed9 ph\u00e2n gi\u1ea3i cao. K\u00ednh c\u00f3 m\u1ed9t \u0111\u1ed9 ph\u00f3ng \u0111\u1ea1i t\u1ed1t, gi\u00fap cho ng\u01b0\u1eddi s\u1eed d\u1ee5ng c\u00f3 th\u1ec3 nh\u00ecn th\u1ea5y chi ti\u1ebft nh\u1ecf c\u1ee7a c\u00e1c v\u1eadt th\u1ec3 m\u1ed9t c\u00e1ch d\u1ec5 d\u00e0ng.<\/span><\/p>\n<p><span style=\"font-family: arial, helvetica, sans-serif;\"><strong>T\u00ednh n\u0103ng \u0111i\u1ec1u ch\u1ec9nh:<\/strong> LYNX EVO c\u00f3 m\u1ed9t h\u1ec7 th\u1ed1ng \u0111i\u1ec1u ch\u1ec9nh linh ho\u1ea1t v\u1edbi c\u00e1c t\u00f9y ch\u1ecdn \u0111i\u1ec1u ch\u1ec9nh \u0111\u1ed9 s\u00e1ng v\u00e0 t\u01b0\u01a1ng ph\u1ea3n cho ph\u00e9p ng\u01b0\u1eddi s\u1eed d\u1ee5ng t\u00f9y ch\u1ec9nh cho ph\u00f9 h\u1ee3p v\u1edbi y\u00eau c\u1ea7u c\u1ee7a t\u1eebng t\u00ecnh hu\u1ed1ng. K\u00ednh c\u0169ng c\u00f3 ch\u1ebf \u0111\u1ed9 LED n\u1ec1n t\u1ed1i \u01b0u v\u1edbi \u0111\u1ed9 s\u00e1ng v\u00e0 m\u00e0u s\u1eafc \u0111\u1ec1u, gi\u00fap ng\u01b0\u1eddi s\u1eed d\u1ee5ng nh\u00ecn r\u00f5 h\u00ecnh \u1ea3nh m\u1ed9t c\u00e1ch t\u1ef1 nhi\u00ean.<\/span><\/p>\n<p><span style=\"font-family: arial, helvetica, sans-serif;\"><strong>T\u00ednh n\u0103ng b\u1ea3o m\u1eadt:<\/strong> LYNX EVO c\u00f3 m\u1ed9t h\u1ec7 th\u1ed1ng b\u1ea3o m\u1eadt t\u1ed1t b\u1ea3o v\u1ec7 cho ng\u01b0\u1eddi s\u1eed d\u1ee5ng v\u1edbi c\u00e1c t\u00ednh n\u0103ng ch\u1ed1ng r\u1ec9 s\u00e9t v\u00e0 ch\u1ed1ng tia UV. \u0110i\u1ec1u n\u00e0y gi\u00fap ng\u01b0\u1eddi s\u1eed d\u1ee5ng c\u1ea3m th\u1ea5y an to\u00e0n khi s\u1eed d\u1ee5ng v\u00e0 gi\u1ea3m r\u1ee7i ro cho m\u1eaft.<\/span><\/p>\n<p><span style=\"font-family: arial, helvetica, sans-serif;\">LYNX EVO l\u00e0 m\u1ed9t k\u00ednh hi\u1ec3n vi hai chi\u1ec1u ch\u1ea5t l\u01b0\u1ee3ng cao v\u1edbi c\u00e1c t\u00ednh n\u0103ng tuy\u1ec7t v\u1eddi v\u00e0 \u0111\u1ea7y \u0111\u1ee7. N\u00f3 \u0111\u00e1p \u1ee9ng nhu c\u1ea7u c\u1ee7a c\u00e1c \u1ee9ng d\u1ee5ng trong nhi\u1ec1u ng\u00e0nh, gi\u00fap ng\u01b0\u1eddi s\u1eed d\u1ee5ng c\u00f3 th\u1ec3 ho\u00e0n th\u00e0nh c\u00f4ng vi\u1ec7c m\u1ed9t c\u00e1ch ch\u00ednh x\u00e1c v\u00e0 hi\u1ec7u qu\u1ea3. K\u00ednh c\u00f2n c\u00f3 th\u1ec3 \u0111i\u1ec1u ch\u1ec9nh \u0111\u1ed9 s\u00e1ng v\u00e0 t\u01b0\u01a1ng ph\u1ea3n cho ph\u00f9 h\u1ee3p v\u1edbi y\u00eau c\u1ea7u c\u1ee7a t\u1eebng t\u00ecnh hu\u1ed1ng, gi\u00fap cho ng\u01b0\u1eddi s\u1eed d\u1ee5ng c\u00f3 th\u1ec3 nh\u00ecn r\u00f5 h\u00ecnh \u1ea3nh m\u1ed9t c\u00e1ch t\u1ef1 nhi\u00ean. V\u1edbi h\u1ec7 th\u1ed1ng b\u1ea3o m\u1eadt t\u1ed1t, ng\u01b0\u1eddi s\u1eed d\u1ee5ng c\u1ea3m th\u1ea5y an to\u00e0n khi s\u1eed d\u1ee5ng v\u00e0 gi\u1ea3m r\u1ee7i ro cho m\u1eaft. T\u1ea5t c\u1ea3 nh\u1eefng \u0111i\u1ec1u n\u00e0y cho th\u1ea5y r\u1eb1ng LYNX EVO l\u00e0 m\u1ed9t s\u1ea3n ph\u1ea9m tuy\u1ec7t v\u1eddi v\u00e0 \u0111\u00e1ng gi\u00e1 cho nhu c\u1ea7u s\u1eed d\u1ee5ng c\u1ee7a ng\u01b0\u1eddi d\u00f9ng.<\/span><\/p>\n","protected":false},"excerpt":{"rendered":"<p>K\u00ednh hi\u1ec3n vi Lynx EVO t\u1eebng \u0111o\u1ea1t gi\u1ea3i th\u01b0\u1edfng mang l\u1ea1i l\u1ee3i \u00edch \u0111\u00e1ng k\u1ec3 so v\u1edbi k\u00ednh hi\u1ec3n vi \u1ed1ng nh\u00f2m truy\u1ec1n th\u1ed1ng, bao g\u1ed3m<\/p>\n","protected":false},"author":1,"featured_media":4441,"parent":0,"menu_order":32,"comment_status":"open","ping_status":"closed","template":"","meta":{"inline_featured_image":false,"footnotes":""},"service-category":[84,86],"service_tag":[108],"class_list":["post-1664","product","type-product","status-publish","has-post-thumbnail","hentry","service-category-giai-phap-kiem-tra-va-do-luong","service-category-kinh-hien-vi-quang-hoc","service_tag-vat-lieu-han"],"yoast_head":"<!-- This site is optimized with the Yoast SEO plugin v27.4 - https:\/\/yoast.com\/product\/yoast-seo-wordpress\/ -->\n<title>K\u00cdNH HI\u1ec2N VI LYNX EVO - LORIOT INDUSTRIAL<\/title>\n<meta name=\"description\" content=\"K\u00cdNH HI\u1ec2N VI LYNX EVO c\u00f3 \u0111\u1ed9 \u1ed5n \u0111\u1ecbnh cao \u0111\u1ec3 l\u00e0m vi\u1ec7c v\u1edbi chi ti\u1ebft t\u1ed1t \u1edf \u0111\u1ed9 ph\u00f3ng \u0111\u1ea1i l\u00ean \u0111\u1ebfn 240x, v\u1edbi \u00e1nh s\u00e1ng t\u1eeb tr\u00ean xu\u1ed1ng d\u01b0\u1edbi.\" \/>\n<meta name=\"robots\" content=\"index, follow, max-snippet:-1, max-image-preview:large, max-video-preview:-1\" \/>\n<link rel=\"canonical\" href=\"https:\/\/loriot.com.vn\/vi\/product\/kinh-hien-vi-lynx-evo\/\" \/>\n<meta property=\"og:locale\" content=\"vi_VN\" \/>\n<meta property=\"og:type\" content=\"article\" \/>\n<meta property=\"og:title\" content=\"K\u00cdNH HI\u1ec2N VI LYNX EVO - LORIOT INDUSTRIAL\" \/>\n<meta property=\"og:description\" content=\"K\u00cdNH HI\u1ec2N VI LYNX EVO c\u00f3 \u0111\u1ed9 \u1ed5n \u0111\u1ecbnh cao \u0111\u1ec3 l\u00e0m vi\u1ec7c v\u1edbi chi ti\u1ebft t\u1ed1t \u1edf \u0111\u1ed9 ph\u00f3ng \u0111\u1ea1i l\u00ean \u0111\u1ebfn 240x, v\u1edbi \u00e1nh s\u00e1ng t\u1eeb tr\u00ean xu\u1ed1ng d\u01b0\u1edbi.\" \/>\n<meta property=\"og:url\" content=\"https:\/\/loriot.com.vn\/vi\/product\/kinh-hien-vi-lynx-evo\/\" \/>\n<meta property=\"og:site_name\" content=\"LORIOT INDUSTRIAL\" \/>\n<meta property=\"article:publisher\" content=\"https:\/\/www.facebook.com\/Loriot-Industrial-COLTD-103044855046633\" \/>\n<meta property=\"article:modified_time\" content=\"2026-03-16T07:18:39+00:00\" \/>\n<meta property=\"og:image\" content=\"https:\/\/loriot.com.vn\/wp-content\/uploads\/2021\/08\/LYNX-EVO-770x494-1.jpg\" \/>\n\t<meta property=\"og:image:width\" content=\"770\" \/>\n\t<meta property=\"og:image:height\" content=\"513\" \/>\n\t<meta property=\"og:image:type\" content=\"image\/jpeg\" \/>\n<meta name=\"twitter:card\" content=\"summary_large_image\" \/>\n<meta name=\"twitter:label1\" content=\"\u01af\u1edbc t\u00ednh th\u1eddi gian \u0111\u1ecdc\" \/>\n\t<meta name=\"twitter:data1\" content=\"3 ph\u00fat\" \/>\n<script type=\"application\/ld+json\" class=\"yoast-schema-graph\">{\"@context\":\"https:\\\/\\\/schema.org\",\"@graph\":[{\"@type\":\"WebPage\",\"@id\":\"https:\\\/\\\/loriot.com.vn\\\/vi\\\/product\\\/kinh-hien-vi-lynx-evo\\\/\",\"url\":\"https:\\\/\\\/loriot.com.vn\\\/vi\\\/product\\\/kinh-hien-vi-lynx-evo\\\/\",\"name\":\"K\u00cdNH HI\u1ec2N VI LYNX EVO - LORIOT INDUSTRIAL\",\"isPartOf\":{\"@id\":\"https:\\\/\\\/loriot.com.vn\\\/#website\"},\"primaryImageOfPage\":{\"@id\":\"https:\\\/\\\/loriot.com.vn\\\/vi\\\/product\\\/kinh-hien-vi-lynx-evo\\\/#primaryimage\"},\"image\":{\"@id\":\"https:\\\/\\\/loriot.com.vn\\\/vi\\\/product\\\/kinh-hien-vi-lynx-evo\\\/#primaryimage\"},\"thumbnailUrl\":\"https:\\\/\\\/loriot.com.vn\\\/wp-content\\\/uploads\\\/2021\\\/08\\\/LYNX-EVO-770x494-1.jpg\",\"datePublished\":\"2021-08-03T15:07:59+00:00\",\"dateModified\":\"2026-03-16T07:18:39+00:00\",\"description\":\"K\u00cdNH HI\u1ec2N VI LYNX EVO c\u00f3 \u0111\u1ed9 \u1ed5n \u0111\u1ecbnh cao \u0111\u1ec3 l\u00e0m vi\u1ec7c v\u1edbi chi ti\u1ebft t\u1ed1t \u1edf \u0111\u1ed9 ph\u00f3ng \u0111\u1ea1i l\u00ean \u0111\u1ebfn 240x, v\u1edbi \u00e1nh s\u00e1ng t\u1eeb tr\u00ean xu\u1ed1ng d\u01b0\u1edbi.\",\"breadcrumb\":{\"@id\":\"https:\\\/\\\/loriot.com.vn\\\/vi\\\/product\\\/kinh-hien-vi-lynx-evo\\\/#breadcrumb\"},\"inLanguage\":\"vi\",\"potentialAction\":[{\"@type\":\"ReadAction\",\"target\":[\"https:\\\/\\\/loriot.com.vn\\\/vi\\\/product\\\/kinh-hien-vi-lynx-evo\\\/\"]}]},{\"@type\":\"ImageObject\",\"inLanguage\":\"vi\",\"@id\":\"https:\\\/\\\/loriot.com.vn\\\/vi\\\/product\\\/kinh-hien-vi-lynx-evo\\\/#primaryimage\",\"url\":\"https:\\\/\\\/loriot.com.vn\\\/wp-content\\\/uploads\\\/2021\\\/08\\\/LYNX-EVO-770x494-1.jpg\",\"contentUrl\":\"https:\\\/\\\/loriot.com.vn\\\/wp-content\\\/uploads\\\/2021\\\/08\\\/LYNX-EVO-770x494-1.jpg\",\"width\":770,\"height\":513,\"caption\":\"K\u00cdNH HI\u1ec2N VI LYNX EVO\"},{\"@type\":\"BreadcrumbList\",\"@id\":\"https:\\\/\\\/loriot.com.vn\\\/vi\\\/product\\\/kinh-hien-vi-lynx-evo\\\/#breadcrumb\",\"itemListElement\":[{\"@type\":\"ListItem\",\"position\":1,\"name\":\"Home\",\"item\":\"https:\\\/\\\/loriot.com.vn\\\/vi\\\/\"},{\"@type\":\"ListItem\",\"position\":2,\"name\":\"Products\",\"item\":\"https:\\\/\\\/loriot.com.vn\\\/product\\\/\"},{\"@type\":\"ListItem\",\"position\":3,\"name\":\"K\u00cdNH HI\u1ec2N VI LYNX EVO\"}]},{\"@type\":\"WebSite\",\"@id\":\"https:\\\/\\\/loriot.com.vn\\\/#website\",\"url\":\"https:\\\/\\\/loriot.com.vn\\\/\",\"name\":\"LORIOT INDUSTRIAL CO.,LTD\",\"description\":\"\",\"publisher\":{\"@id\":\"https:\\\/\\\/loriot.com.vn\\\/#organization\"},\"potentialAction\":[{\"@type\":\"SearchAction\",\"target\":{\"@type\":\"EntryPoint\",\"urlTemplate\":\"https:\\\/\\\/loriot.com.vn\\\/?s={search_term_string}\"},\"query-input\":{\"@type\":\"PropertyValueSpecification\",\"valueRequired\":true,\"valueName\":\"search_term_string\"}}],\"inLanguage\":\"vi\"},{\"@type\":\"Organization\",\"@id\":\"https:\\\/\\\/loriot.com.vn\\\/#organization\",\"name\":\"Loriot Industrial Co.,Ltd\",\"url\":\"https:\\\/\\\/loriot.com.vn\\\/\",\"logo\":{\"@type\":\"ImageObject\",\"inLanguage\":\"vi\",\"@id\":\"https:\\\/\\\/loriot.com.vn\\\/#\\\/schema\\\/logo\\\/image\\\/\",\"url\":\"https:\\\/\\\/loriot.com.vn\\\/wp-content\\\/uploads\\\/2021\\\/08\\\/logo-ft.png\",\"contentUrl\":\"https:\\\/\\\/loriot.com.vn\\\/wp-content\\\/uploads\\\/2021\\\/08\\\/logo-ft.png\",\"width\":333,\"height\":101,\"caption\":\"Loriot Industrial Co.,Ltd\"},\"image\":{\"@id\":\"https:\\\/\\\/loriot.com.vn\\\/#\\\/schema\\\/logo\\\/image\\\/\"},\"sameAs\":[\"https:\\\/\\\/www.facebook.com\\\/Loriot-Industrial-COLTD-103044855046633\"]}]}<\/script>\n<!-- \/ Yoast SEO plugin. -->","yoast_head_json":{"title":"K\u00cdNH HI\u1ec2N VI LYNX EVO - LORIOT INDUSTRIAL","description":"K\u00cdNH HI\u1ec2N VI LYNX EVO c\u00f3 \u0111\u1ed9 \u1ed5n \u0111\u1ecbnh cao \u0111\u1ec3 l\u00e0m vi\u1ec7c v\u1edbi chi ti\u1ebft t\u1ed1t \u1edf \u0111\u1ed9 ph\u00f3ng \u0111\u1ea1i l\u00ean \u0111\u1ebfn 240x, v\u1edbi \u00e1nh s\u00e1ng t\u1eeb tr\u00ean xu\u1ed1ng d\u01b0\u1edbi.","robots":{"index":"index","follow":"follow","max-snippet":"max-snippet:-1","max-image-preview":"max-image-preview:large","max-video-preview":"max-video-preview:-1"},"canonical":"https:\/\/loriot.com.vn\/vi\/product\/kinh-hien-vi-lynx-evo\/","og_locale":"vi_VN","og_type":"article","og_title":"K\u00cdNH HI\u1ec2N VI LYNX EVO - LORIOT INDUSTRIAL","og_description":"K\u00cdNH HI\u1ec2N VI LYNX EVO c\u00f3 \u0111\u1ed9 \u1ed5n \u0111\u1ecbnh cao \u0111\u1ec3 l\u00e0m vi\u1ec7c v\u1edbi chi ti\u1ebft t\u1ed1t \u1edf \u0111\u1ed9 ph\u00f3ng \u0111\u1ea1i l\u00ean \u0111\u1ebfn 240x, v\u1edbi \u00e1nh s\u00e1ng t\u1eeb tr\u00ean xu\u1ed1ng d\u01b0\u1edbi.","og_url":"https:\/\/loriot.com.vn\/vi\/product\/kinh-hien-vi-lynx-evo\/","og_site_name":"LORIOT INDUSTRIAL","article_publisher":"https:\/\/www.facebook.com\/Loriot-Industrial-COLTD-103044855046633","article_modified_time":"2026-03-16T07:18:39+00:00","og_image":[{"width":770,"height":513,"url":"https:\/\/loriot.com.vn\/wp-content\/uploads\/2021\/08\/LYNX-EVO-770x494-1.jpg","type":"image\/jpeg"}],"twitter_card":"summary_large_image","twitter_misc":{"\u01af\u1edbc t\u00ednh th\u1eddi gian \u0111\u1ecdc":"3 ph\u00fat"},"schema":{"@context":"https:\/\/schema.org","@graph":[{"@type":"WebPage","@id":"https:\/\/loriot.com.vn\/vi\/product\/kinh-hien-vi-lynx-evo\/","url":"https:\/\/loriot.com.vn\/vi\/product\/kinh-hien-vi-lynx-evo\/","name":"K\u00cdNH HI\u1ec2N VI LYNX EVO - LORIOT INDUSTRIAL","isPartOf":{"@id":"https:\/\/loriot.com.vn\/#website"},"primaryImageOfPage":{"@id":"https:\/\/loriot.com.vn\/vi\/product\/kinh-hien-vi-lynx-evo\/#primaryimage"},"image":{"@id":"https:\/\/loriot.com.vn\/vi\/product\/kinh-hien-vi-lynx-evo\/#primaryimage"},"thumbnailUrl":"https:\/\/loriot.com.vn\/wp-content\/uploads\/2021\/08\/LYNX-EVO-770x494-1.jpg","datePublished":"2021-08-03T15:07:59+00:00","dateModified":"2026-03-16T07:18:39+00:00","description":"K\u00cdNH HI\u1ec2N VI LYNX EVO c\u00f3 \u0111\u1ed9 \u1ed5n \u0111\u1ecbnh cao \u0111\u1ec3 l\u00e0m vi\u1ec7c v\u1edbi chi ti\u1ebft t\u1ed1t \u1edf \u0111\u1ed9 ph\u00f3ng \u0111\u1ea1i l\u00ean \u0111\u1ebfn 240x, v\u1edbi \u00e1nh s\u00e1ng t\u1eeb tr\u00ean xu\u1ed1ng d\u01b0\u1edbi.","breadcrumb":{"@id":"https:\/\/loriot.com.vn\/vi\/product\/kinh-hien-vi-lynx-evo\/#breadcrumb"},"inLanguage":"vi","potentialAction":[{"@type":"ReadAction","target":["https:\/\/loriot.com.vn\/vi\/product\/kinh-hien-vi-lynx-evo\/"]}]},{"@type":"ImageObject","inLanguage":"vi","@id":"https:\/\/loriot.com.vn\/vi\/product\/kinh-hien-vi-lynx-evo\/#primaryimage","url":"https:\/\/loriot.com.vn\/wp-content\/uploads\/2021\/08\/LYNX-EVO-770x494-1.jpg","contentUrl":"https:\/\/loriot.com.vn\/wp-content\/uploads\/2021\/08\/LYNX-EVO-770x494-1.jpg","width":770,"height":513,"caption":"K\u00cdNH HI\u1ec2N VI LYNX EVO"},{"@type":"BreadcrumbList","@id":"https:\/\/loriot.com.vn\/vi\/product\/kinh-hien-vi-lynx-evo\/#breadcrumb","itemListElement":[{"@type":"ListItem","position":1,"name":"Home","item":"https:\/\/loriot.com.vn\/vi\/"},{"@type":"ListItem","position":2,"name":"Products","item":"https:\/\/loriot.com.vn\/product\/"},{"@type":"ListItem","position":3,"name":"K\u00cdNH HI\u1ec2N VI LYNX EVO"}]},{"@type":"WebSite","@id":"https:\/\/loriot.com.vn\/#website","url":"https:\/\/loriot.com.vn\/","name":"LORIOT INDUSTRIAL CO.,LTD","description":"","publisher":{"@id":"https:\/\/loriot.com.vn\/#organization"},"potentialAction":[{"@type":"SearchAction","target":{"@type":"EntryPoint","urlTemplate":"https:\/\/loriot.com.vn\/?s={search_term_string}"},"query-input":{"@type":"PropertyValueSpecification","valueRequired":true,"valueName":"search_term_string"}}],"inLanguage":"vi"},{"@type":"Organization","@id":"https:\/\/loriot.com.vn\/#organization","name":"Loriot Industrial Co.,Ltd","url":"https:\/\/loriot.com.vn\/","logo":{"@type":"ImageObject","inLanguage":"vi","@id":"https:\/\/loriot.com.vn\/#\/schema\/logo\/image\/","url":"https:\/\/loriot.com.vn\/wp-content\/uploads\/2021\/08\/logo-ft.png","contentUrl":"https:\/\/loriot.com.vn\/wp-content\/uploads\/2021\/08\/logo-ft.png","width":333,"height":101,"caption":"Loriot Industrial Co.,Ltd"},"image":{"@id":"https:\/\/loriot.com.vn\/#\/schema\/logo\/image\/"},"sameAs":["https:\/\/www.facebook.com\/Loriot-Industrial-COLTD-103044855046633"]}]}},"_links":{"self":[{"href":"https:\/\/loriot.com.vn\/vi\/wp-json\/wp\/v2\/product\/1664","targetHints":{"allow":["GET"]}}],"collection":[{"href":"https:\/\/loriot.com.vn\/vi\/wp-json\/wp\/v2\/product"}],"about":[{"href":"https:\/\/loriot.com.vn\/vi\/wp-json\/wp\/v2\/types\/product"}],"author":[{"embeddable":true,"href":"https:\/\/loriot.com.vn\/vi\/wp-json\/wp\/v2\/users\/1"}],"replies":[{"embeddable":true,"href":"https:\/\/loriot.com.vn\/vi\/wp-json\/wp\/v2\/comments?post=1664"}],"version-history":[{"count":10,"href":"https:\/\/loriot.com.vn\/vi\/wp-json\/wp\/v2\/product\/1664\/revisions"}],"predecessor-version":[{"id":6531,"href":"https:\/\/loriot.com.vn\/vi\/wp-json\/wp\/v2\/product\/1664\/revisions\/6531"}],"wp:featuredmedia":[{"embeddable":true,"href":"https:\/\/loriot.com.vn\/vi\/wp-json\/wp\/v2\/media\/4441"}],"wp:attachment":[{"href":"https:\/\/loriot.com.vn\/vi\/wp-json\/wp\/v2\/media?parent=1664"}],"wp:term":[{"taxonomy":"service-category","embeddable":true,"href":"https:\/\/loriot.com.vn\/vi\/wp-json\/wp\/v2\/service-category?post=1664"},{"taxonomy":"service_tag","embeddable":true,"href":"https:\/\/loriot.com.vn\/vi\/wp-json\/wp\/v2\/service_tag?post=1664"}],"curies":[{"name":"wp","href":"https:\/\/api.w.org\/{rel}","templated":true}]}}