{"id":1665,"date":"2023-06-06T08:30:46","date_gmt":"2023-06-06T01:30:46","guid":{"rendered":"http:\/\/loriot.com.vn\/product\/mantis\/"},"modified":"2026-03-16T14:19:28","modified_gmt":"2026-03-16T07:19:28","slug":"kinh-hien-vi-mantis","status":"publish","type":"product","link":"https:\/\/loriot.com.vn\/vi\/product\/kinh-hien-vi-mantis\/","title":{"rendered":"K\u00cdNH HI\u1ec2N VI MANTIS"},"content":{"rendered":"<p style=\"text-align: center;\"><span style=\"font-size: 14pt; font-family: arial, helvetica, sans-serif;\"><strong>K\u00cdNH HI\u1ec2N VI MANTIS<\/strong><\/span><\/p>\n<p style=\"text-align: center;\"><span style=\"font-size: 14pt; font-family: arial, helvetica, sans-serif;\"><strong>\u00a0TH\u1ebe H\u1ec6 TH\u1ee8 3<\/strong><\/span><\/p>\n<p><span style=\"font-family: arial, helvetica, sans-serif;\">K\u00ednh hi\u1ec3n vi Mantis\u00a0 c\u1ee7a h\u00e3ng Vision Engineering l\u00e0 nh\u00e0 s\u1ea3n xu\u1ea5t chuy\u00ean nghi\u1ec7p c\u1ee7a thi\u1ebft b\u1ecb h\u00ecnh \u1ea3nh khoa h\u1ecdc v\u00e0 c\u00f4ng nghi\u1ec7p. MANTIS cung c\u1ea5p m\u1ed9t gi\u1ea3i ph\u00e1p \u0111\u1ed9c \u0111\u00e1o v\u00e0 s\u00e1ng t\u1ea1o \u0111\u1ec3 ki\u1ec3m tra v\u00e0 ph\u00e2n t\u00edch m\u1eabu m\u1ed9t c\u00e1ch chi ti\u1ebft.<\/span><\/p>\n<p><span style=\"font-family: arial, helvetica, sans-serif;\">M\u1ed9t trong nh\u1eefng t\u00ednh n\u0103ng ch\u00ednh c\u1ee7a MANTIS l\u00e0 thi\u1ebft k\u1ebf ergonomic, cho ph\u00e9p tr\u1ea3i nghi\u1ec7m xem \u0111\u01b0\u1ee3c tho\u1ea3i m\u00e1i v\u00e0 t\u1ef1 nhi\u00ean. K\u00ednh c\u00f3 m\u1ed9t tay \u0111i\u1ec1u ch\u1ec9nh c\u00f3 th\u1ec3 \u0111\u01b0\u1ee3c v\u1ecb tr\u00ed ph\u00f9 h\u1ee3p v\u1edbi s\u1edf th\u00edch ng\u01b0\u1eddi s\u1eed d\u1ee5ng, gi\u1ea3m c\u1ea3m gi\u00e1c m\u1ec7t m\u1ecfi trong qu\u00e1 tr\u00ecnh s\u1eed d\u1ee5ng l\u00e2u d\u00e0i.<\/span><\/p>\n<p><span style=\"font-family: arial, helvetica, sans-serif;\">MANTIS c\u0169ng cung c\u1ea5p c\u00e1c kh\u1ea3 n\u0103ng h\u00ecnh \u1ea3nh ti\u00ean ti\u1ebfn, bao g\u1ed3m t\u00ednh n\u0103ng ph\u00f3ng \u0111\u1ea1i cao, ch\u1ea5t l\u01b0\u1ee3ng h\u00ecnh \u1ea3nh tuy\u1ec7t v\u1eddi v\u00e0 kh\u1ea3 n\u0103ng xem 3D. K\u00ednh c\u00f3 ph\u1ea1m vi s\u1ee9c ph\u00f3ng t\u1eeb 10x \u0111\u1ebfn 100x, gi\u00fap ph\u00f9 h\u1ee3p v\u1edbi r\u1ea5t nhi\u1ec1u \u1ee9ng d\u1ee5ng. \u1ed0ng k\u00ednh l\u00e0m t\u1eeb v\u1eadt li\u1ec7u cao c\u1ea5p, \u0111\u1ea3m b\u1ea3o h\u00ecnh \u1ea3nh s\u1eafc n\u00e9t v\u00e0 \u00edt l\u1ec7ch.<\/span><\/p>\n<p><span style=\"font-family: arial, helvetica, sans-serif;\">S\u1eed d\u1ee5ng m\u00e1y \u1ea3nh k\u00ednh hi\u1ec3n vi ch\u1ea5t l\u01b0\u1ee3ng cao t\u00edch h\u1ee3p c\u1ee7a Mantis PIXO \u0111\u1ec3 chia s\u1ebb h\u00ecnh \u1ea3nh c\u1ee7a b\u1ea1n l\u00ean m\u00e0n h\u00ecnh. Ch\u1ee5p, xem x\u00e9t, ph\u00e2n t\u00edch v\u00e0 chia s\u1ebb h\u00ecnh \u1ea3nh ch\u1ea5t l\u01b0\u1ee3ng cao, bao g\u1ed3m c\u1ea3 ch\u00fa th\u00edch, trong th\u1eddi gian th\u1ef1c, \u0111\u1ec3 c\u1ea3i thi\u1ec7n b\u00e1o c\u00e1o v\u00e0 li\u00ean l\u1ea1c.<\/span><\/p>\n<p><span style=\"font-family: arial, helvetica, sans-serif;\">T\u1ed1i \u0111a h\u00f3a hi\u1ec7u qu\u1ea3 l\u00e0m vi\u1ec7c b\u1eb1ng c\u00e1ch th\u00eam c\u00e1c l\u1edbp ph\u1ee7 k\u1ef9 thu\u1eadt s\u1ed1 \u0111\u1ec3 so s\u00e1nh h\u00ecnh \u1ea3nh tr\u1ef1c ti\u1ebfp v\u1edbi m\u1ee5c ti\u00eau, th\u01b0\u1edbc \u0111o ho\u1eb7c h\u01b0\u1edbng d\u1eabn \u0111\u1eb7t tr\u01b0\u1edbc.<\/span><\/p>\n<p><span style=\"font-family: arial, helvetica, sans-serif;\">M\u1ed9t t\u00ednh n\u0103ng \u0111\u1eb7c bi\u1ec7t c\u1ee7a MANTIS l\u00e0 t\u00f9y ch\u1ecdn \u0111\u00e8n chi\u1ebfu linh ho\u1ea1t. K\u00ednh \u0111\u01b0\u1ee3c trang b\u1ecb \u0111\u00e8n LED c\u00f3 th\u1ec3 \u0111i\u1ec1u ch\u1ec9 nh\u1eadn theo nhu c\u1ea7u c\u1ee5 th\u1ec3 c\u1ee7a ng\u01b0\u1eddi s\u1eed d\u1ee5ng. T\u00ednh n\u0103ng n\u00e0y \u0111\u1eb7c bi\u1ec7t h\u1eefu \u00edch cho vi\u1ec7c ki\u1ec3m tra m\u1eabu y\u00eau c\u1ea7u \u0111i\u1ec1u ki\u1ec7n \u0111\u00e8n \u0111\u1eb7c bi\u1ec7t ho\u1eb7c gi\u1ea3m b\u00f3ng c\u1ee7a v\u1eady v\u00e0 chi\u1ebfu l\u1ec7ch.<\/span><\/p>\n<p><span style=\"font-family: arial, helvetica, sans-serif;\">\u0110\u1ec3 \u0111\u1ea3m b\u1ea3o b\u1ea1n c\u00f3 \u0111\u01b0\u1ee3c ch\u1ea5t l\u01b0\u1ee3ng h\u00ecnh \u1ea3nh cao nh\u1ea5t, m\u1ed7i th\u1ea5u k\u00ednh chuy\u00ean d\u1ee5ng k\u1ebft h\u1ee3p th\u1ee7y tinh c\u00f3 ch\u1ea5t l\u01b0\u1ee3ng quang h\u1ecdc t\u1ed1t nh\u1ea5t v\u00e0 l\u1edbp ph\u1ee7 \u0111\u1eb7c bi\u1ec7t \u0111\u1ec3 mang l\u1ea1i ch\u1ebf \u0111\u1ed9 xem c\u00f3 \u0111\u1ed9 ph\u00e2n gi\u1ea3i cao, \u0111\u1ed9 t\u01b0\u01a1ng ph\u1ea3n cao. \u0110\u1ed1i v\u1edbi nh\u1eefng \u0111\u1ed1i t\u01b0\u1ee3ng \u0111\u00f2i h\u1ecfi kh\u1eaft khe nh\u1ea5t, c\u00f3 nhi\u1ec1u lo\u1ea1i v\u1eadt k\u00ednh c\u00f3 kho\u1ea3ng c\u00e1ch l\u00e0m vi\u1ec7c si\u00eau d\u00e0i (SLWD).<\/span><\/p>\n<p><span style=\"font-family: arial, helvetica, sans-serif;\">K\u00ednh Hi\u1ec3n Vi MANTIS c\u1ee7a Vision Engineering l\u00e0 m\u1ed9t gi\u1ea3i ph\u00e1p \u0111\u1ed9c \u0111\u00e1o v\u00e0 cao c\u1ea5p \u0111\u1ec3 ki\u1ec3m tra v\u00e0 ph\u00e2n t\u00edch m\u1eabu m\u1ed9t c\u00e1ch chi ti\u1ebft. V\u1edbi thi\u1ebft k\u1ebf ergonomic, c\u00e1c t\u00ednh n\u0103ng h\u00ecnh \u1ea3nh ti\u00ean ti\u1ebfn v\u00e0 t\u00f9y ch\u1ecdn \u0111\u00e8n chi\u1ebfu linh ho\u1ea1t, MANTIS l\u00e0 m\u1ed9t kho\u1ea3n \u0111\u1ea7u t\u01b0 tuy\u1ec7t v\u1eddi cho b\u1ea5t k\u1ef3 ph\u00f2ng th\u00ed nghi\u1ec7m chuy\u00ean nghi\u1ec7p ho\u1eb7c khoa h\u1ecdc n\u00e0o.<\/span><\/p>\n","protected":false},"excerpt":{"rendered":"<p>Mantis l\u00e0 k\u00ednh hi\u1ec3n vi soi n\u1ed5i c\u00f4ng th\u00e1i h\u1ecdc t\u1eebng \u0111o\u1ea1t gi\u1ea3i th\u01b0\u1edfng mang \u0111\u1ebfn s\u1ef1 tho\u1ea3i m\u00e1i \u0111\u1eb7c bi\u1ec7t cho ng\u01b0\u1eddi v\u1eadn h\u00e0nh<\/p>\n","protected":false},"author":1,"featured_media":4416,"parent":0,"menu_order":34,"comment_status":"open","ping_status":"closed","template":"","meta":{"inline_featured_image":false,"footnotes":""},"service-category":[84,86],"service_tag":[108],"class_list":["post-1665","product","type-product","status-publish","has-post-thumbnail","hentry","service-category-giai-phap-kiem-tra-va-do-luong","service-category-kinh-hien-vi-quang-hoc","service_tag-vat-lieu-han"],"yoast_head":"<!-- This site is optimized with the Yoast SEO plugin v27.4 - https:\/\/yoast.com\/product\/yoast-seo-wordpress\/ -->\n<title>K\u00cdNH HI\u1ec2N VI MANTIS - LORIOT INDUSTRIAL<\/title>\n<meta name=\"description\" content=\"K\u00cdNH HI\u1ec2N VI Mantis Elite-Cam HD c\u00f3 camera HD t\u00edch h\u1ee3p, v\u1edbi ph\u1ea7n m\u1ec1m quay video v\u00e0 h\u00ecnh \u1ea3nh ViCapture linh ho\u1ea1t.\" \/>\n<meta name=\"robots\" content=\"index, follow, max-snippet:-1, max-image-preview:large, max-video-preview:-1\" \/>\n<link rel=\"canonical\" href=\"https:\/\/loriot.com.vn\/vi\/product\/kinh-hien-vi-mantis\/\" \/>\n<meta property=\"og:locale\" content=\"vi_VN\" \/>\n<meta property=\"og:type\" content=\"article\" \/>\n<meta property=\"og:title\" content=\"K\u00cdNH HI\u1ec2N VI MANTIS - LORIOT INDUSTRIAL\" \/>\n<meta property=\"og:description\" content=\"K\u00cdNH HI\u1ec2N VI Mantis Elite-Cam HD c\u00f3 camera HD t\u00edch h\u1ee3p, v\u1edbi ph\u1ea7n m\u1ec1m quay video v\u00e0 h\u00ecnh \u1ea3nh ViCapture linh ho\u1ea1t.\" \/>\n<meta property=\"og:url\" content=\"https:\/\/loriot.com.vn\/vi\/product\/kinh-hien-vi-mantis\/\" \/>\n<meta property=\"og:site_name\" content=\"LORIOT INDUSTRIAL\" \/>\n<meta property=\"article:publisher\" content=\"https:\/\/www.facebook.com\/Loriot-Industrial-COLTD-103044855046633\" \/>\n<meta property=\"article:modified_time\" content=\"2026-03-16T07:19:28+00:00\" \/>\n<meta property=\"og:image\" content=\"https:\/\/loriot.com.vn\/wp-content\/uploads\/2021\/08\/Mantis-PIXO-stereo-microscope-PCB-monitor.png\" \/>\n\t<meta property=\"og:image:width\" content=\"770\" \/>\n\t<meta property=\"og:image:height\" content=\"513\" \/>\n\t<meta property=\"og:image:type\" content=\"image\/png\" \/>\n<meta name=\"twitter:card\" content=\"summary_large_image\" \/>\n<meta name=\"twitter:label1\" content=\"\u01af\u1edbc t\u00ednh th\u1eddi gian \u0111\u1ecdc\" \/>\n\t<meta name=\"twitter:data1\" content=\"3 ph\u00fat\" \/>\n<script type=\"application\/ld+json\" class=\"yoast-schema-graph\">{\"@context\":\"https:\\\/\\\/schema.org\",\"@graph\":[{\"@type\":\"WebPage\",\"@id\":\"https:\\\/\\\/loriot.com.vn\\\/vi\\\/product\\\/kinh-hien-vi-mantis\\\/\",\"url\":\"https:\\\/\\\/loriot.com.vn\\\/vi\\\/product\\\/kinh-hien-vi-mantis\\\/\",\"name\":\"K\u00cdNH HI\u1ec2N VI MANTIS - LORIOT INDUSTRIAL\",\"isPartOf\":{\"@id\":\"https:\\\/\\\/loriot.com.vn\\\/#website\"},\"primaryImageOfPage\":{\"@id\":\"https:\\\/\\\/loriot.com.vn\\\/vi\\\/product\\\/kinh-hien-vi-mantis\\\/#primaryimage\"},\"image\":{\"@id\":\"https:\\\/\\\/loriot.com.vn\\\/vi\\\/product\\\/kinh-hien-vi-mantis\\\/#primaryimage\"},\"thumbnailUrl\":\"https:\\\/\\\/loriot.com.vn\\\/wp-content\\\/uploads\\\/2021\\\/08\\\/Mantis-PIXO-stereo-microscope-PCB-monitor.png\",\"datePublished\":\"2023-06-06T01:30:46+00:00\",\"dateModified\":\"2026-03-16T07:19:28+00:00\",\"description\":\"K\u00cdNH HI\u1ec2N VI Mantis Elite-Cam HD c\u00f3 camera HD t\u00edch h\u1ee3p, v\u1edbi ph\u1ea7n m\u1ec1m quay video v\u00e0 h\u00ecnh \u1ea3nh ViCapture linh ho\u1ea1t.\",\"breadcrumb\":{\"@id\":\"https:\\\/\\\/loriot.com.vn\\\/vi\\\/product\\\/kinh-hien-vi-mantis\\\/#breadcrumb\"},\"inLanguage\":\"vi\",\"potentialAction\":[{\"@type\":\"ReadAction\",\"target\":[\"https:\\\/\\\/loriot.com.vn\\\/vi\\\/product\\\/kinh-hien-vi-mantis\\\/\"]}]},{\"@type\":\"ImageObject\",\"inLanguage\":\"vi\",\"@id\":\"https:\\\/\\\/loriot.com.vn\\\/vi\\\/product\\\/kinh-hien-vi-mantis\\\/#primaryimage\",\"url\":\"https:\\\/\\\/loriot.com.vn\\\/wp-content\\\/uploads\\\/2021\\\/08\\\/Mantis-PIXO-stereo-microscope-PCB-monitor.png\",\"contentUrl\":\"https:\\\/\\\/loriot.com.vn\\\/wp-content\\\/uploads\\\/2021\\\/08\\\/Mantis-PIXO-stereo-microscope-PCB-monitor.png\",\"width\":770,\"height\":513,\"caption\":\"K\u00cdNH HI\u1ec2N VI MANTIS\"},{\"@type\":\"BreadcrumbList\",\"@id\":\"https:\\\/\\\/loriot.com.vn\\\/vi\\\/product\\\/kinh-hien-vi-mantis\\\/#breadcrumb\",\"itemListElement\":[{\"@type\":\"ListItem\",\"position\":1,\"name\":\"Home\",\"item\":\"https:\\\/\\\/loriot.com.vn\\\/vi\\\/\"},{\"@type\":\"ListItem\",\"position\":2,\"name\":\"Products\",\"item\":\"https:\\\/\\\/loriot.com.vn\\\/product\\\/\"},{\"@type\":\"ListItem\",\"position\":3,\"name\":\"K\u00cdNH HI\u1ec2N VI MANTIS\"}]},{\"@type\":\"WebSite\",\"@id\":\"https:\\\/\\\/loriot.com.vn\\\/#website\",\"url\":\"https:\\\/\\\/loriot.com.vn\\\/\",\"name\":\"LORIOT INDUSTRIAL CO.,LTD\",\"description\":\"\",\"publisher\":{\"@id\":\"https:\\\/\\\/loriot.com.vn\\\/#organization\"},\"potentialAction\":[{\"@type\":\"SearchAction\",\"target\":{\"@type\":\"EntryPoint\",\"urlTemplate\":\"https:\\\/\\\/loriot.com.vn\\\/?s={search_term_string}\"},\"query-input\":{\"@type\":\"PropertyValueSpecification\",\"valueRequired\":true,\"valueName\":\"search_term_string\"}}],\"inLanguage\":\"vi\"},{\"@type\":\"Organization\",\"@id\":\"https:\\\/\\\/loriot.com.vn\\\/#organization\",\"name\":\"Loriot Industrial Co.,Ltd\",\"url\":\"https:\\\/\\\/loriot.com.vn\\\/\",\"logo\":{\"@type\":\"ImageObject\",\"inLanguage\":\"vi\",\"@id\":\"https:\\\/\\\/loriot.com.vn\\\/#\\\/schema\\\/logo\\\/image\\\/\",\"url\":\"https:\\\/\\\/loriot.com.vn\\\/wp-content\\\/uploads\\\/2021\\\/08\\\/logo-ft.png\",\"contentUrl\":\"https:\\\/\\\/loriot.com.vn\\\/wp-content\\\/uploads\\\/2021\\\/08\\\/logo-ft.png\",\"width\":333,\"height\":101,\"caption\":\"Loriot Industrial Co.,Ltd\"},\"image\":{\"@id\":\"https:\\\/\\\/loriot.com.vn\\\/#\\\/schema\\\/logo\\\/image\\\/\"},\"sameAs\":[\"https:\\\/\\\/www.facebook.com\\\/Loriot-Industrial-COLTD-103044855046633\"]}]}<\/script>\n<!-- \/ Yoast SEO plugin. -->","yoast_head_json":{"title":"K\u00cdNH HI\u1ec2N VI MANTIS - LORIOT INDUSTRIAL","description":"K\u00cdNH HI\u1ec2N VI Mantis Elite-Cam HD c\u00f3 camera HD t\u00edch h\u1ee3p, v\u1edbi ph\u1ea7n m\u1ec1m quay video v\u00e0 h\u00ecnh \u1ea3nh ViCapture linh ho\u1ea1t.","robots":{"index":"index","follow":"follow","max-snippet":"max-snippet:-1","max-image-preview":"max-image-preview:large","max-video-preview":"max-video-preview:-1"},"canonical":"https:\/\/loriot.com.vn\/vi\/product\/kinh-hien-vi-mantis\/","og_locale":"vi_VN","og_type":"article","og_title":"K\u00cdNH HI\u1ec2N VI MANTIS - LORIOT INDUSTRIAL","og_description":"K\u00cdNH HI\u1ec2N VI Mantis Elite-Cam HD c\u00f3 camera HD t\u00edch h\u1ee3p, v\u1edbi ph\u1ea7n m\u1ec1m quay video v\u00e0 h\u00ecnh \u1ea3nh ViCapture linh ho\u1ea1t.","og_url":"https:\/\/loriot.com.vn\/vi\/product\/kinh-hien-vi-mantis\/","og_site_name":"LORIOT INDUSTRIAL","article_publisher":"https:\/\/www.facebook.com\/Loriot-Industrial-COLTD-103044855046633","article_modified_time":"2026-03-16T07:19:28+00:00","og_image":[{"width":770,"height":513,"url":"https:\/\/loriot.com.vn\/wp-content\/uploads\/2021\/08\/Mantis-PIXO-stereo-microscope-PCB-monitor.png","type":"image\/png"}],"twitter_card":"summary_large_image","twitter_misc":{"\u01af\u1edbc t\u00ednh th\u1eddi gian \u0111\u1ecdc":"3 ph\u00fat"},"schema":{"@context":"https:\/\/schema.org","@graph":[{"@type":"WebPage","@id":"https:\/\/loriot.com.vn\/vi\/product\/kinh-hien-vi-mantis\/","url":"https:\/\/loriot.com.vn\/vi\/product\/kinh-hien-vi-mantis\/","name":"K\u00cdNH HI\u1ec2N VI MANTIS - LORIOT INDUSTRIAL","isPartOf":{"@id":"https:\/\/loriot.com.vn\/#website"},"primaryImageOfPage":{"@id":"https:\/\/loriot.com.vn\/vi\/product\/kinh-hien-vi-mantis\/#primaryimage"},"image":{"@id":"https:\/\/loriot.com.vn\/vi\/product\/kinh-hien-vi-mantis\/#primaryimage"},"thumbnailUrl":"https:\/\/loriot.com.vn\/wp-content\/uploads\/2021\/08\/Mantis-PIXO-stereo-microscope-PCB-monitor.png","datePublished":"2023-06-06T01:30:46+00:00","dateModified":"2026-03-16T07:19:28+00:00","description":"K\u00cdNH HI\u1ec2N VI Mantis Elite-Cam HD c\u00f3 camera HD t\u00edch h\u1ee3p, v\u1edbi ph\u1ea7n m\u1ec1m quay video v\u00e0 h\u00ecnh \u1ea3nh ViCapture linh ho\u1ea1t.","breadcrumb":{"@id":"https:\/\/loriot.com.vn\/vi\/product\/kinh-hien-vi-mantis\/#breadcrumb"},"inLanguage":"vi","potentialAction":[{"@type":"ReadAction","target":["https:\/\/loriot.com.vn\/vi\/product\/kinh-hien-vi-mantis\/"]}]},{"@type":"ImageObject","inLanguage":"vi","@id":"https:\/\/loriot.com.vn\/vi\/product\/kinh-hien-vi-mantis\/#primaryimage","url":"https:\/\/loriot.com.vn\/wp-content\/uploads\/2021\/08\/Mantis-PIXO-stereo-microscope-PCB-monitor.png","contentUrl":"https:\/\/loriot.com.vn\/wp-content\/uploads\/2021\/08\/Mantis-PIXO-stereo-microscope-PCB-monitor.png","width":770,"height":513,"caption":"K\u00cdNH HI\u1ec2N VI MANTIS"},{"@type":"BreadcrumbList","@id":"https:\/\/loriot.com.vn\/vi\/product\/kinh-hien-vi-mantis\/#breadcrumb","itemListElement":[{"@type":"ListItem","position":1,"name":"Home","item":"https:\/\/loriot.com.vn\/vi\/"},{"@type":"ListItem","position":2,"name":"Products","item":"https:\/\/loriot.com.vn\/product\/"},{"@type":"ListItem","position":3,"name":"K\u00cdNH HI\u1ec2N VI MANTIS"}]},{"@type":"WebSite","@id":"https:\/\/loriot.com.vn\/#website","url":"https:\/\/loriot.com.vn\/","name":"LORIOT INDUSTRIAL CO.,LTD","description":"","publisher":{"@id":"https:\/\/loriot.com.vn\/#organization"},"potentialAction":[{"@type":"SearchAction","target":{"@type":"EntryPoint","urlTemplate":"https:\/\/loriot.com.vn\/?s={search_term_string}"},"query-input":{"@type":"PropertyValueSpecification","valueRequired":true,"valueName":"search_term_string"}}],"inLanguage":"vi"},{"@type":"Organization","@id":"https:\/\/loriot.com.vn\/#organization","name":"Loriot Industrial Co.,Ltd","url":"https:\/\/loriot.com.vn\/","logo":{"@type":"ImageObject","inLanguage":"vi","@id":"https:\/\/loriot.com.vn\/#\/schema\/logo\/image\/","url":"https:\/\/loriot.com.vn\/wp-content\/uploads\/2021\/08\/logo-ft.png","contentUrl":"https:\/\/loriot.com.vn\/wp-content\/uploads\/2021\/08\/logo-ft.png","width":333,"height":101,"caption":"Loriot Industrial Co.,Ltd"},"image":{"@id":"https:\/\/loriot.com.vn\/#\/schema\/logo\/image\/"},"sameAs":["https:\/\/www.facebook.com\/Loriot-Industrial-COLTD-103044855046633"]}]}},"_links":{"self":[{"href":"https:\/\/loriot.com.vn\/vi\/wp-json\/wp\/v2\/product\/1665","targetHints":{"allow":["GET"]}}],"collection":[{"href":"https:\/\/loriot.com.vn\/vi\/wp-json\/wp\/v2\/product"}],"about":[{"href":"https:\/\/loriot.com.vn\/vi\/wp-json\/wp\/v2\/types\/product"}],"author":[{"embeddable":true,"href":"https:\/\/loriot.com.vn\/vi\/wp-json\/wp\/v2\/users\/1"}],"replies":[{"embeddable":true,"href":"https:\/\/loriot.com.vn\/vi\/wp-json\/wp\/v2\/comments?post=1665"}],"version-history":[{"count":20,"href":"https:\/\/loriot.com.vn\/vi\/wp-json\/wp\/v2\/product\/1665\/revisions"}],"predecessor-version":[{"id":6532,"href":"https:\/\/loriot.com.vn\/vi\/wp-json\/wp\/v2\/product\/1665\/revisions\/6532"}],"wp:featuredmedia":[{"embeddable":true,"href":"https:\/\/loriot.com.vn\/vi\/wp-json\/wp\/v2\/media\/4416"}],"wp:attachment":[{"href":"https:\/\/loriot.com.vn\/vi\/wp-json\/wp\/v2\/media?parent=1665"}],"wp:term":[{"taxonomy":"service-category","embeddable":true,"href":"https:\/\/loriot.com.vn\/vi\/wp-json\/wp\/v2\/service-category?post=1665"},{"taxonomy":"service_tag","embeddable":true,"href":"https:\/\/loriot.com.vn\/vi\/wp-json\/wp\/v2\/service_tag?post=1665"}],"curies":[{"name":"wp","href":"https:\/\/api.w.org\/{rel}","templated":true}]}}