{"id":1668,"date":"2021-08-03T09:52:31","date_gmt":"2021-08-03T09:52:31","guid":{"rendered":"http:\/\/loriot.com.vn\/product\/mpr\/"},"modified":"2026-03-18T15:57:59","modified_gmt":"2026-03-18T08:57:59","slug":"may-mpr","status":"publish","type":"product","link":"https:\/\/loriot.com.vn\/vi\/product\/may-mpr\/","title":{"rendered":"M\u00c1Y MPR"},"content":{"rendered":"<p style=\"text-align: center;\"><strong><span style=\"font-size: 14pt; font-family: arial, helvetica, sans-serif;\">M\u00c1Y MPR<\/span><\/strong><\/p>\n<p>&nbsp;<\/p>\n<h1 data-section-id=\"kgenu3\" data-start=\"0\" data-end=\"103\"><span style=\"font-family: arial, helvetica, sans-serif; font-size: 12pt;\">M\u00e1y router PCB inline Getech MPR Mass Production Router \u2013 Gi\u1ea3i ph\u00e1p depaneling cho s\u1ea3n xu\u1ea5t h\u00e0ng lo\u1ea1t<\/span><\/h1>\n<p data-start=\"105\" data-end=\"408\"><span style=\"font-family: arial, helvetica, sans-serif; font-size: 12pt;\">Trong m\u00f4i tr\u01b0\u1eddng SMT y\u00eau c\u1ea7u <strong data-start=\"134\" data-end=\"175\">n\u0103ng su\u1ea5t cao v\u00e0 \u0111\u1ed9 ch\u00ednh x\u00e1c \u1ed5n \u0111\u1ecbnh<\/strong>, vi\u1ec7c l\u1ef1a ch\u1ecdn m\u00e1y router ph\u00f9 h\u1ee3p l\u00e0 y\u1ebfu t\u1ed1 then ch\u1ed1t. <strong data-start=\"231\" data-end=\"268\">Getech MPR Mass Production Router<\/strong> l\u00e0 d\u00f2ng m\u00e1y router inline \u0111\u01b0\u1ee3c thi\u1ebft k\u1ebf chuy\u00ean bi\u1ec7t cho <strong data-start=\"325\" data-end=\"344\">mass production<\/strong>, gi\u00fap t\u1ed1i \u01b0u throughput v\u00e0 \u0111\u1ea3m b\u1ea3o ch\u1ea5t l\u01b0\u1ee3ng c\u1eaft PCB \u0111\u1ed3ng \u0111\u1ec1u.<\/span><\/p>\n<h2 data-section-id=\"1nxf4x0\" data-start=\"410\" data-end=\"452\"><span style=\"font-family: arial, helvetica, sans-serif; font-size: 12pt;\">Dual workstation \u2013 t\u1ed1i \u0111a h\u00f3a n\u0103ng su\u1ea5t<\/span><\/h2>\n<p data-start=\"454\" data-end=\"492\"><span style=\"font-family: arial, helvetica, sans-serif; font-size: 12pt;\">\u26a1 Thi\u1ebft k\u1ebf <strong data-start=\"465\" data-end=\"482\">2 workstation<\/strong> cho ph\u00e9p:<\/span><\/p>\n<ul data-start=\"493\" data-end=\"553\">\n<li data-section-id=\"11jzq6r\" data-start=\"493\" data-end=\"525\">\n<p data-start=\"495\" data-end=\"525\"><span style=\"font-family: arial, helvetica, sans-serif; font-size: 12pt;\">Gia c\u00f4ng song song nhi\u1ec1u PCB<\/span><\/p>\n<\/li>\n<li data-section-id=\"1946f4d\" data-start=\"526\" data-end=\"553\">\n<p data-start=\"528\" data-end=\"553\"><span style=\"font-family: arial, helvetica, sans-serif; font-size: 12pt;\">T\u0103ng \u0111\u00e1ng k\u1ec3 throughput<\/span><\/p>\n<\/li>\n<\/ul>\n<p data-start=\"555\" data-end=\"581\"><span style=\"font-family: arial, helvetica, sans-serif; font-size: 12pt;\">\ud83d\udd04 V\u1eadn h\u00e0nh li\u00ean t\u1ee5c gi\u00fap:<\/span><\/p>\n<ul data-start=\"582\" data-end=\"656\">\n<li data-section-id=\"51kgwg\" data-start=\"582\" data-end=\"620\">\n<p data-start=\"584\" data-end=\"620\"><span style=\"font-family: arial, helvetica, sans-serif; font-size: 12pt;\">Gi\u1ea3m th\u1eddi gian ch\u1edd gi\u1eefa c\u00e1c chu k\u1ef3<\/span><\/p>\n<\/li>\n<li data-section-id=\"utbfko\" data-start=\"621\" data-end=\"656\">\n<p data-start=\"623\" data-end=\"656\"><span style=\"font-family: arial, helvetica, sans-serif; font-size: 12pt;\">T\u1ed1i \u01b0u hi\u1ec7u su\u1ea5t d\u00e2y chuy\u1ec1n SMT<\/span><\/p>\n<\/li>\n<\/ul>\n<p data-start=\"658\" data-end=\"701\"><span style=\"font-family: arial, helvetica, sans-serif; font-size: 12pt;\">\u27a1\ufe0f Ph\u00f9 h\u1ee3p cho nh\u00e0 m\u00e1y s\u1ea3n xu\u1ea5t quy m\u00f4 l\u1edbn.<\/span><\/p>\n<h2 data-section-id=\"1wvtpyr\" data-start=\"703\" data-end=\"757\"><span style=\"font-family: arial, helvetica, sans-serif; font-size: 12pt;\">Giao di\u1ec7n \u201cMove, Teach &amp; Cut\u201d \u2013 l\u1eadp tr\u00ecnh tr\u1ef1c quan<\/span><\/h2>\n<p data-start=\"759\" data-end=\"787\"><span style=\"font-family: arial, helvetica, sans-serif; font-size: 12pt;\">\ud83d\udda5\ufe0f Trang b\u1ecb GUI th\u1ebf h\u1ec7 m\u1edbi:<\/span><\/p>\n<ul data-start=\"788\" data-end=\"885\">\n<li data-section-id=\"1ftentl\" data-start=\"788\" data-end=\"835\">\n<p data-start=\"790\" data-end=\"835\"><span style=\"font-family: arial, helvetica, sans-serif; font-size: 12pt;\">L\u1eadp tr\u00ecnh \u0111\u01b0\u1eddng c\u1eaft b\u1eb1ng thao t\u00e1c tr\u1ef1c quan<\/span><\/p>\n<\/li>\n<li data-section-id=\"qifr8o\" data-start=\"836\" data-end=\"885\">\n<p data-start=\"838\" data-end=\"885\"><span style=\"font-family: arial, helvetica, sans-serif; font-size: 12pt;\">D\u1ec5 d\u00e0ng \u201cteach\u201d v\u1ecb tr\u00ed v\u00e0 t\u1ed1i \u01b0u ch\u01b0\u01a1ng tr\u00ecnh<\/span><\/p>\n<\/li>\n<\/ul>\n<p data-start=\"887\" data-end=\"898\"><span style=\"font-family: arial, helvetica, sans-serif; font-size: 12pt;\">\ud83c\udfaf L\u1ee3i \u00edch:<\/span><\/p>\n<ul data-start=\"899\" data-end=\"1010\">\n<li data-section-id=\"1e6ffoy\" data-start=\"899\" data-end=\"927\">\n<p data-start=\"901\" data-end=\"927\"><span style=\"font-family: arial, helvetica, sans-serif; font-size: 12pt;\">R\u00fat ng\u1eafn th\u1eddi gian setup<\/span><\/p>\n<\/li>\n<li data-section-id=\"3isjvl\" data-start=\"928\" data-end=\"975\">\n<p data-start=\"930\" data-end=\"975\"><span style=\"font-family: arial, helvetica, sans-serif; font-size: 12pt;\">Gi\u1ea3m ph\u1ee5 thu\u1ed9c v\u00e0o k\u1ef9 thu\u1eadt vi\u00ean chuy\u00ean s\u00e2u<\/span><\/p>\n<\/li>\n<li data-section-id=\"xu9xbj\" data-start=\"976\" data-end=\"1010\">\n<p data-start=\"978\" data-end=\"1010\"><span style=\"font-family: arial, helvetica, sans-serif; font-size: 12pt;\">H\u1ea1n ch\u1ebf sai s\u00f3t trong v\u1eadn h\u00e0nh<\/span><\/p>\n<\/li>\n<\/ul>\n<h2 data-section-id=\"h9jumb\" data-start=\"1012\" data-end=\"1060\"><span style=\"font-family: arial, helvetica, sans-serif; font-size: 12pt;\">\u0110i\u1ec1u khi\u1ec3n ch\u00ednh x\u00e1c \u2013 \u0111\u1ea3m b\u1ea3o ch\u1ea5t l\u01b0\u1ee3ng c\u1eaft<\/span><\/h2>\n<p data-start=\"1062\" data-end=\"1094\"><span style=\"font-family: arial, helvetica, sans-serif; font-size: 12pt;\">\ud83d\udccf H\u1ec7 th\u1ed1ng \u0111i\u1ec1u khi\u1ec3n cho ph\u00e9p:<\/span><\/p>\n<ul data-start=\"1095\" data-end=\"1175\">\n<li data-section-id=\"1v4pfop\" data-start=\"1095\" data-end=\"1137\">\n<p data-start=\"1097\" data-end=\"1137\"><span style=\"font-family: arial, helvetica, sans-serif; font-size: 12pt;\">Th\u1ef1c hi\u1ec7n routing v\u1edbi \u0111\u1ed9 ch\u00ednh x\u00e1c cao<\/span><\/p>\n<\/li>\n<li data-section-id=\"1y03cpk\" data-start=\"1138\" data-end=\"1175\">\n<p data-start=\"1140\" data-end=\"1175\"><span style=\"font-family: arial, helvetica, sans-serif; font-size: 12pt;\">\u0110\u1ea3m b\u1ea3o t\u00ednh l\u1eb7p l\u1ea1i gi\u1eefa c\u00e1c PCB<\/span><\/p>\n<\/li>\n<\/ul>\n<p data-start=\"1177\" data-end=\"1189\"><span style=\"font-family: arial, helvetica, sans-serif; font-size: 12pt;\">\u27a1\ufe0f Mang l\u1ea1i:<\/span><\/p>\n<ul data-start=\"1190\" data-end=\"1270\">\n<li data-section-id=\"f4mr4m\" data-start=\"1190\" data-end=\"1217\">\n<p data-start=\"1192\" data-end=\"1217\"><span style=\"font-family: arial, helvetica, sans-serif; font-size: 12pt;\">\u0110\u01b0\u1eddng c\u1eaft s\u1ea1ch, \u1ed5n \u0111\u1ecbnh<\/span><\/p>\n<\/li>\n<li data-section-id=\"ejcho8\" data-start=\"1218\" data-end=\"1239\">\n<p data-start=\"1220\" data-end=\"1239\"><span style=\"font-family: arial, helvetica, sans-serif; font-size: 12pt;\">Gi\u1ea3m l\u1ed7i s\u1ea3n ph\u1ea9m<\/span><\/p>\n<\/li>\n<li data-section-id=\"17k0wt8\" data-start=\"1240\" data-end=\"1270\">\n<p data-start=\"1242\" data-end=\"1270\"><span style=\"font-family: arial, helvetica, sans-serif; font-size: 12pt;\">N\u00e2ng cao ch\u1ea5t l\u01b0\u1ee3ng \u0111\u1ea7u ra<\/span><\/p>\n<\/li>\n<\/ul>\n<h2 data-section-id=\"nzs53v\" data-start=\"1272\" data-end=\"1304\"><span style=\"font-family: arial, helvetica, sans-serif; font-size: 12pt;\">T\u1ed1i \u01b0u cho d\u00e2y chuy\u1ec1n t\u1ef1 \u0111\u1ed9ng<\/span><\/h2>\n<p data-start=\"1306\" data-end=\"1330\"><span style=\"font-family: arial, helvetica, sans-serif; font-size: 12pt;\">\ud83d\udd17 Thi\u1ebft k\u1ebf inline gi\u00fap:<\/span><\/p>\n<ul data-start=\"1331\" data-end=\"1409\">\n<li data-section-id=\"m62a2x\" data-start=\"1331\" data-end=\"1370\">\n<p data-start=\"1333\" data-end=\"1370\"><span style=\"font-family: arial, helvetica, sans-serif; font-size: 12pt;\">D\u1ec5 d\u00e0ng t\u00edch h\u1ee3p v\u00e0o d\u00e2y chuy\u1ec1n SMT<\/span><\/p>\n<\/li>\n<li data-section-id=\"1qfs3xp\" data-start=\"1371\" data-end=\"1409\">\n<p data-start=\"1373\" data-end=\"1409\"><span style=\"font-family: arial, helvetica, sans-serif; font-size: 12pt;\">\u0110\u1ed3ng b\u1ed9 v\u1edbi c\u00e1c thi\u1ebft b\u1ecb tr\u01b0\u1edbc\/sau<\/span><\/p>\n<\/li>\n<\/ul>\n<p data-start=\"1411\" data-end=\"1421\"><span style=\"font-family: arial, helvetica, sans-serif; font-size: 12pt;\">\u27a1\ufe0f H\u1ed7 tr\u1ee3:<\/span><\/p>\n<ul data-start=\"1422\" data-end=\"1502\">\n<li data-section-id=\"1r49i7y\" data-start=\"1422\" data-end=\"1466\">\n<p data-start=\"1424\" data-end=\"1466\"><span style=\"font-family: arial, helvetica, sans-serif; font-size: 12pt;\">T\u1ef1 \u0111\u1ed9ng h\u00f3a to\u00e0n b\u1ed9 quy tr\u00ecnh depaneling<\/span><\/p>\n<\/li>\n<li data-section-id=\"99dh4n\" data-start=\"1467\" data-end=\"1502\">\n<p data-start=\"1469\" data-end=\"1502\"><span style=\"font-family: arial, helvetica, sans-serif; font-size: 12pt;\">T\u0103ng hi\u1ec7u qu\u1ea3 s\u1ea3n xu\u1ea5t t\u1ed5ng th\u1ec3<\/span><\/p>\n<\/li>\n<\/ul>\n<h2 data-section-id=\"l3xe4r\" data-start=\"1504\" data-end=\"1552\"><span style=\"font-family: arial, helvetica, sans-serif; font-size: 12pt;\">Gi\u1ea3i ph\u00e1p router l\u00fd t\u01b0\u1edfng cho mass production<\/span><\/h2>\n<p data-start=\"1554\" data-end=\"1604\"><span style=\"font-family: arial, helvetica, sans-serif; font-size: 12pt;\">\ud83d\ude80 <strong data-start=\"1557\" data-end=\"1594\">Getech MPR Mass Production Router<\/strong> mang l\u1ea1i:<\/span><\/p>\n<ul data-start=\"1605\" data-end=\"1733\">\n<li data-section-id=\"1n4o7k0\" data-start=\"1605\" data-end=\"1652\">\n<p data-start=\"1607\" data-end=\"1652\"><span style=\"font-family: arial, helvetica, sans-serif; font-size: 12pt;\">N\u0103ng su\u1ea5t cao nh\u1edd thi\u1ebft k\u1ebf dual workstation<\/span><\/p>\n<\/li>\n<li data-section-id=\"6bp5di\" data-start=\"1653\" data-end=\"1690\">\n<p data-start=\"1655\" data-end=\"1690\"><span style=\"font-family: arial, helvetica, sans-serif; font-size: 12pt;\">Giao di\u1ec7n th\u00e2n thi\u1ec7n, d\u1ec5 v\u1eadn h\u00e0nh<\/span><\/p>\n<\/li>\n<li data-section-id=\"w7wgk2\" data-start=\"1691\" data-end=\"1733\">\n<p data-start=\"1693\" data-end=\"1733\"><span style=\"font-family: arial, helvetica, sans-serif; font-size: 12pt;\">\u0110\u1ed9 ch\u00ednh x\u00e1c v\u00e0 t\u00ednh \u1ed5n \u0111\u1ecbnh v\u01b0\u1ee3t tr\u1ed9i<\/span><\/p>\n<\/li>\n<\/ul>\n<p data-start=\"1735\" data-end=\"1762\"><span style=\"font-family: arial, helvetica, sans-serif; font-size: 12pt;\">\u27a1\ufe0f L\u00e0 l\u1ef1a ch\u1ecdn ph\u00f9 h\u1ee3p cho:<\/span><\/p>\n<ul data-start=\"1763\" data-end=\"1873\">\n<li data-section-id=\"1688kg\" data-start=\"1763\" data-end=\"1792\">\n<p data-start=\"1765\" data-end=\"1792\"><span style=\"font-family: arial, helvetica, sans-serif; font-size: 12pt;\">Nh\u00e0 m\u00e1y SMT s\u1ea3n l\u01b0\u1ee3ng l\u1edbn<\/span><\/p>\n<\/li>\n<li data-section-id=\"vr8ra3\" data-start=\"1793\" data-end=\"1831\">\n<p data-start=\"1795\" data-end=\"1831\"><span style=\"font-family: arial, helvetica, sans-serif; font-size: 12pt;\">D\u00e2y chuy\u1ec1n y\u00eau c\u1ea7u t\u1ef1 \u0111\u1ed9ng h\u00f3a cao<\/span><\/p>\n<\/li>\n<li data-section-id=\"2ddd89\" data-start=\"1832\" data-end=\"1873\">\n<p data-start=\"1834\" data-end=\"1873\"><span style=\"font-family: arial, helvetica, sans-serif; font-size: 12pt;\">\u1ee8ng d\u1ee5ng PCBA c\u1ea7n ch\u1ea5t l\u01b0\u1ee3ng \u0111\u1ed3ng \u0111\u1ec1u<\/span><\/p>\n<\/li>\n<\/ul>\n","protected":false},"excerpt":{"rendered":"<p>Getech MPR Mass Production Router l\u00e0 d\u00f2ng m\u00e1y router inline \u0111\u01b0\u1ee3c thi\u1ebft k\u1ebf chuy\u00ean bi\u1ec7t cho mass production<\/p>\n","protected":false},"author":1,"featured_media":4542,"parent":0,"menu_order":110,"comment_status":"open","ping_status":"closed","template":"","meta":{"inline_featured_image":false,"footnotes":""},"service-category":[78,79],"service_tag":[113],"class_list":["post-1668","product","type-product","status-publish","has-post-thumbnail","hentry","service-category-getech","service-category-may-cat-bo-mach-inline","service_tag-getech-vi"],"yoast_head":"<!-- This site is optimized with the Yoast SEO plugin v27.5 - https:\/\/yoast.com\/product\/yoast-seo-wordpress\/ -->\n<title>M\u00c1Y MPR - LORIOT INDUSTRIAL<\/title>\n<meta name=\"description\" content=\"Getech MPR Mass Production Router l\u00e0 d\u00f2ng m\u00e1y router inline \u0111\u01b0\u1ee3c thi\u1ebft k\u1ebf chuy\u00ean bi\u1ec7t cho mass production, gi\u00fap t\u1ed1i \u01b0u throughput\" \/>\n<meta name=\"robots\" content=\"index, follow, max-snippet:-1, max-image-preview:large, max-video-preview:-1\" \/>\n<link rel=\"canonical\" href=\"https:\/\/loriot.com.vn\/vi\/product\/may-mpr\/\" \/>\n<meta property=\"og:locale\" content=\"vi_VN\" \/>\n<meta property=\"og:type\" content=\"article\" \/>\n<meta property=\"og:title\" content=\"M\u00c1Y MPR - LORIOT INDUSTRIAL\" \/>\n<meta property=\"og:description\" content=\"Getech MPR Mass Production Router l\u00e0 d\u00f2ng m\u00e1y router inline \u0111\u01b0\u1ee3c thi\u1ebft k\u1ebf chuy\u00ean bi\u1ec7t cho mass production, gi\u00fap t\u1ed1i \u01b0u throughput\" \/>\n<meta property=\"og:url\" content=\"https:\/\/loriot.com.vn\/vi\/product\/may-mpr\/\" \/>\n<meta property=\"og:site_name\" content=\"LORIOT INDUSTRIAL\" \/>\n<meta property=\"article:publisher\" content=\"https:\/\/www.facebook.com\/Loriot-Industrial-COLTD-103044855046633\" \/>\n<meta property=\"article:modified_time\" content=\"2026-03-18T08:57:59+00:00\" \/>\n<meta property=\"og:image\" content=\"https:\/\/loriot.com.vn\/wp-content\/uploads\/2021\/08\/MPR-2-1-512x630-1.jpg\" \/>\n\t<meta property=\"og:image:width\" content=\"770\" \/>\n\t<meta property=\"og:image:height\" content=\"513\" \/>\n\t<meta property=\"og:image:type\" content=\"image\/jpeg\" \/>\n<meta name=\"twitter:card\" content=\"summary_large_image\" \/>\n<meta name=\"twitter:label1\" content=\"\u01af\u1edbc t\u00ednh th\u1eddi gian \u0111\u1ecdc\" \/>\n\t<meta name=\"twitter:data1\" content=\"2 ph\u00fat\" \/>\n<script type=\"application\/ld+json\" class=\"yoast-schema-graph\">{\"@context\":\"https:\\\/\\\/schema.org\",\"@graph\":[{\"@type\":\"WebPage\",\"@id\":\"https:\\\/\\\/loriot.com.vn\\\/vi\\\/product\\\/may-mpr\\\/\",\"url\":\"https:\\\/\\\/loriot.com.vn\\\/vi\\\/product\\\/may-mpr\\\/\",\"name\":\"M\u00c1Y MPR - LORIOT INDUSTRIAL\",\"isPartOf\":{\"@id\":\"https:\\\/\\\/loriot.com.vn\\\/vi\\\/#website\"},\"primaryImageOfPage\":{\"@id\":\"https:\\\/\\\/loriot.com.vn\\\/vi\\\/product\\\/may-mpr\\\/#primaryimage\"},\"image\":{\"@id\":\"https:\\\/\\\/loriot.com.vn\\\/vi\\\/product\\\/may-mpr\\\/#primaryimage\"},\"thumbnailUrl\":\"https:\\\/\\\/loriot.com.vn\\\/wp-content\\\/uploads\\\/2021\\\/08\\\/MPR-2-1-512x630-1.jpg\",\"datePublished\":\"2021-08-03T09:52:31+00:00\",\"dateModified\":\"2026-03-18T08:57:59+00:00\",\"description\":\"Getech MPR Mass Production Router l\u00e0 d\u00f2ng m\u00e1y router inline \u0111\u01b0\u1ee3c thi\u1ebft k\u1ebf chuy\u00ean bi\u1ec7t cho mass production, gi\u00fap t\u1ed1i \u01b0u throughput\",\"breadcrumb\":{\"@id\":\"https:\\\/\\\/loriot.com.vn\\\/vi\\\/product\\\/may-mpr\\\/#breadcrumb\"},\"inLanguage\":\"vi\",\"potentialAction\":[{\"@type\":\"ReadAction\",\"target\":[\"https:\\\/\\\/loriot.com.vn\\\/vi\\\/product\\\/may-mpr\\\/\"]}]},{\"@type\":\"ImageObject\",\"inLanguage\":\"vi\",\"@id\":\"https:\\\/\\\/loriot.com.vn\\\/vi\\\/product\\\/may-mpr\\\/#primaryimage\",\"url\":\"https:\\\/\\\/loriot.com.vn\\\/wp-content\\\/uploads\\\/2021\\\/08\\\/MPR-2-1-512x630-1.jpg\",\"contentUrl\":\"https:\\\/\\\/loriot.com.vn\\\/wp-content\\\/uploads\\\/2021\\\/08\\\/MPR-2-1-512x630-1.jpg\",\"width\":770,\"height\":513,\"caption\":\"M\u00c1Y MPR\"},{\"@type\":\"BreadcrumbList\",\"@id\":\"https:\\\/\\\/loriot.com.vn\\\/vi\\\/product\\\/may-mpr\\\/#breadcrumb\",\"itemListElement\":[{\"@type\":\"ListItem\",\"position\":1,\"name\":\"Home\",\"item\":\"https:\\\/\\\/loriot.com.vn\\\/vi\\\/\"},{\"@type\":\"ListItem\",\"position\":2,\"name\":\"Products\",\"item\":\"https:\\\/\\\/loriot.com.vn\\\/vi\\\/product\\\/\"},{\"@type\":\"ListItem\",\"position\":3,\"name\":\"M\u00c1Y MPR\"}]},{\"@type\":\"WebSite\",\"@id\":\"https:\\\/\\\/loriot.com.vn\\\/vi\\\/#website\",\"url\":\"https:\\\/\\\/loriot.com.vn\\\/vi\\\/\",\"name\":\"LORIOT INDUSTRIAL CO.,LTD\",\"description\":\"\",\"publisher\":{\"@id\":\"https:\\\/\\\/loriot.com.vn\\\/vi\\\/#organization\"},\"potentialAction\":[{\"@type\":\"SearchAction\",\"target\":{\"@type\":\"EntryPoint\",\"urlTemplate\":\"https:\\\/\\\/loriot.com.vn\\\/vi\\\/?s={search_term_string}\"},\"query-input\":{\"@type\":\"PropertyValueSpecification\",\"valueRequired\":true,\"valueName\":\"search_term_string\"}}],\"inLanguage\":\"vi\"},{\"@type\":\"Organization\",\"@id\":\"https:\\\/\\\/loriot.com.vn\\\/vi\\\/#organization\",\"name\":\"Loriot Industrial Co.,Ltd\",\"url\":\"https:\\\/\\\/loriot.com.vn\\\/vi\\\/\",\"logo\":{\"@type\":\"ImageObject\",\"inLanguage\":\"vi\",\"@id\":\"https:\\\/\\\/loriot.com.vn\\\/vi\\\/#\\\/schema\\\/logo\\\/image\\\/\",\"url\":\"https:\\\/\\\/loriot.com.vn\\\/wp-content\\\/uploads\\\/2021\\\/08\\\/logo-ft.png\",\"contentUrl\":\"https:\\\/\\\/loriot.com.vn\\\/wp-content\\\/uploads\\\/2021\\\/08\\\/logo-ft.png\",\"width\":333,\"height\":101,\"caption\":\"Loriot Industrial Co.,Ltd\"},\"image\":{\"@id\":\"https:\\\/\\\/loriot.com.vn\\\/vi\\\/#\\\/schema\\\/logo\\\/image\\\/\"},\"sameAs\":[\"https:\\\/\\\/www.facebook.com\\\/Loriot-Industrial-COLTD-103044855046633\"]}]}<\/script>\n<!-- \/ Yoast SEO plugin. -->","yoast_head_json":{"title":"M\u00c1Y MPR - LORIOT INDUSTRIAL","description":"Getech MPR Mass Production Router l\u00e0 d\u00f2ng m\u00e1y router inline \u0111\u01b0\u1ee3c thi\u1ebft k\u1ebf chuy\u00ean bi\u1ec7t cho mass production, gi\u00fap t\u1ed1i \u01b0u throughput","robots":{"index":"index","follow":"follow","max-snippet":"max-snippet:-1","max-image-preview":"max-image-preview:large","max-video-preview":"max-video-preview:-1"},"canonical":"https:\/\/loriot.com.vn\/vi\/product\/may-mpr\/","og_locale":"vi_VN","og_type":"article","og_title":"M\u00c1Y MPR - LORIOT INDUSTRIAL","og_description":"Getech MPR Mass Production Router l\u00e0 d\u00f2ng m\u00e1y router inline \u0111\u01b0\u1ee3c thi\u1ebft k\u1ebf chuy\u00ean bi\u1ec7t cho mass production, gi\u00fap t\u1ed1i \u01b0u throughput","og_url":"https:\/\/loriot.com.vn\/vi\/product\/may-mpr\/","og_site_name":"LORIOT INDUSTRIAL","article_publisher":"https:\/\/www.facebook.com\/Loriot-Industrial-COLTD-103044855046633","article_modified_time":"2026-03-18T08:57:59+00:00","og_image":[{"width":770,"height":513,"url":"https:\/\/loriot.com.vn\/wp-content\/uploads\/2021\/08\/MPR-2-1-512x630-1.jpg","type":"image\/jpeg"}],"twitter_card":"summary_large_image","twitter_misc":{"\u01af\u1edbc t\u00ednh th\u1eddi gian \u0111\u1ecdc":"2 ph\u00fat"},"schema":{"@context":"https:\/\/schema.org","@graph":[{"@type":"WebPage","@id":"https:\/\/loriot.com.vn\/vi\/product\/may-mpr\/","url":"https:\/\/loriot.com.vn\/vi\/product\/may-mpr\/","name":"M\u00c1Y MPR - LORIOT INDUSTRIAL","isPartOf":{"@id":"https:\/\/loriot.com.vn\/vi\/#website"},"primaryImageOfPage":{"@id":"https:\/\/loriot.com.vn\/vi\/product\/may-mpr\/#primaryimage"},"image":{"@id":"https:\/\/loriot.com.vn\/vi\/product\/may-mpr\/#primaryimage"},"thumbnailUrl":"https:\/\/loriot.com.vn\/wp-content\/uploads\/2021\/08\/MPR-2-1-512x630-1.jpg","datePublished":"2021-08-03T09:52:31+00:00","dateModified":"2026-03-18T08:57:59+00:00","description":"Getech MPR Mass Production Router l\u00e0 d\u00f2ng m\u00e1y router inline \u0111\u01b0\u1ee3c thi\u1ebft k\u1ebf chuy\u00ean bi\u1ec7t cho mass production, gi\u00fap t\u1ed1i \u01b0u throughput","breadcrumb":{"@id":"https:\/\/loriot.com.vn\/vi\/product\/may-mpr\/#breadcrumb"},"inLanguage":"vi","potentialAction":[{"@type":"ReadAction","target":["https:\/\/loriot.com.vn\/vi\/product\/may-mpr\/"]}]},{"@type":"ImageObject","inLanguage":"vi","@id":"https:\/\/loriot.com.vn\/vi\/product\/may-mpr\/#primaryimage","url":"https:\/\/loriot.com.vn\/wp-content\/uploads\/2021\/08\/MPR-2-1-512x630-1.jpg","contentUrl":"https:\/\/loriot.com.vn\/wp-content\/uploads\/2021\/08\/MPR-2-1-512x630-1.jpg","width":770,"height":513,"caption":"M\u00c1Y MPR"},{"@type":"BreadcrumbList","@id":"https:\/\/loriot.com.vn\/vi\/product\/may-mpr\/#breadcrumb","itemListElement":[{"@type":"ListItem","position":1,"name":"Home","item":"https:\/\/loriot.com.vn\/vi\/"},{"@type":"ListItem","position":2,"name":"Products","item":"https:\/\/loriot.com.vn\/vi\/product\/"},{"@type":"ListItem","position":3,"name":"M\u00c1Y MPR"}]},{"@type":"WebSite","@id":"https:\/\/loriot.com.vn\/vi\/#website","url":"https:\/\/loriot.com.vn\/vi\/","name":"LORIOT INDUSTRIAL CO.,LTD","description":"","publisher":{"@id":"https:\/\/loriot.com.vn\/vi\/#organization"},"potentialAction":[{"@type":"SearchAction","target":{"@type":"EntryPoint","urlTemplate":"https:\/\/loriot.com.vn\/vi\/?s={search_term_string}"},"query-input":{"@type":"PropertyValueSpecification","valueRequired":true,"valueName":"search_term_string"}}],"inLanguage":"vi"},{"@type":"Organization","@id":"https:\/\/loriot.com.vn\/vi\/#organization","name":"Loriot Industrial Co.,Ltd","url":"https:\/\/loriot.com.vn\/vi\/","logo":{"@type":"ImageObject","inLanguage":"vi","@id":"https:\/\/loriot.com.vn\/vi\/#\/schema\/logo\/image\/","url":"https:\/\/loriot.com.vn\/wp-content\/uploads\/2021\/08\/logo-ft.png","contentUrl":"https:\/\/loriot.com.vn\/wp-content\/uploads\/2021\/08\/logo-ft.png","width":333,"height":101,"caption":"Loriot Industrial Co.,Ltd"},"image":{"@id":"https:\/\/loriot.com.vn\/vi\/#\/schema\/logo\/image\/"},"sameAs":["https:\/\/www.facebook.com\/Loriot-Industrial-COLTD-103044855046633"]}]}},"_links":{"self":[{"href":"https:\/\/loriot.com.vn\/vi\/wp-json\/wp\/v2\/product\/1668","targetHints":{"allow":["GET"]}}],"collection":[{"href":"https:\/\/loriot.com.vn\/vi\/wp-json\/wp\/v2\/product"}],"about":[{"href":"https:\/\/loriot.com.vn\/vi\/wp-json\/wp\/v2\/types\/product"}],"author":[{"embeddable":true,"href":"https:\/\/loriot.com.vn\/vi\/wp-json\/wp\/v2\/users\/1"}],"replies":[{"embeddable":true,"href":"https:\/\/loriot.com.vn\/vi\/wp-json\/wp\/v2\/comments?post=1668"}],"version-history":[{"count":15,"href":"https:\/\/loriot.com.vn\/vi\/wp-json\/wp\/v2\/product\/1668\/revisions"}],"predecessor-version":[{"id":6600,"href":"https:\/\/loriot.com.vn\/vi\/wp-json\/wp\/v2\/product\/1668\/revisions\/6600"}],"wp:featuredmedia":[{"embeddable":true,"href":"https:\/\/loriot.com.vn\/vi\/wp-json\/wp\/v2\/media\/4542"}],"wp:attachment":[{"href":"https:\/\/loriot.com.vn\/vi\/wp-json\/wp\/v2\/media?parent=1668"}],"wp:term":[{"taxonomy":"service-category","embeddable":true,"href":"https:\/\/loriot.com.vn\/vi\/wp-json\/wp\/v2\/service-category?post=1668"},{"taxonomy":"service_tag","embeddable":true,"href":"https:\/\/loriot.com.vn\/vi\/wp-json\/wp\/v2\/service_tag?post=1668"}],"curies":[{"name":"wp","href":"https:\/\/api.w.org\/{rel}","templated":true}]}}