{"id":1669,"date":"2021-08-03T14:11:13","date_gmt":"2021-08-03T14:11:13","guid":{"rendered":"http:\/\/loriot.com.vn\/product\/nf372-tb-soldering-flux\/"},"modified":"2026-03-16T15:42:29","modified_gmt":"2026-03-16T08:42:29","slug":"nf372-tb-chat-tro-han","status":"publish","type":"product","link":"https:\/\/loriot.com.vn\/vi\/product\/nf372-tb-chat-tro-han\/","title":{"rendered":"NF372-TB CH\u1ea4T TR\u1ee2 H\u00c0N"},"content":{"rendered":"<p style=\"text-align: center;\"><span style=\"font-size: 14pt; font-family: arial, helvetica, sans-serif;\"><strong>NF372-TB CH\u1ea4T TR\u1ee2 H\u00c0N<\/strong><\/span><\/p>\n<p>&nbsp;<\/p>\n<p data-start=\"29\" data-end=\"314\"><span style=\"font-family: arial, helvetica, sans-serif; font-size: 12pt;\"><strong data-start=\"29\" data-end=\"48\"><span class=\"BZ_Pyq_fadeIn\">Kester <\/span><span class=\"BZ_Pyq_fadeIn\">NF372-<\/span><span class=\"BZ_Pyq_fadeIn\">TB<\/span><\/strong> <span class=\"BZ_Pyq_fadeIn\">l\u00e0 <\/span><strong data-start=\"52\" data-end=\"144\"><span class=\"BZ_Pyq_fadeIn\">flux <\/span><span class=\"BZ_Pyq_fadeIn\">h\u00e0n <\/span><span class=\"BZ_Pyq_fadeIn\">d\u1ea1ng <\/span><span class=\"BZ_Pyq_fadeIn\">l\u1ecfng, <\/span><span class=\"BZ_Pyq_fadeIn\">kh\u00f4ng <\/span><span class=\"BZ_Pyq_fadeIn\">ch\u1ee9a <\/span><span class=\"BZ_Pyq_fadeIn\">halogen (<\/span><span class=\"BZ_Pyq_fadeIn\">zero-<\/span><span class=\"BZ_Pyq_fadeIn\">halogen), <\/span><span class=\"BZ_Pyq_fadeIn\">no-<\/span><span class=\"BZ_Pyq_fadeIn\">clean <\/span><span class=\"BZ_Pyq_fadeIn\">v\u00e0 <\/span><span class=\"BZ_Pyq_fadeIn\">c\u00f3 <\/span><span class=\"BZ_Pyq_fadeIn\">h\u00e0m <\/span><span class=\"BZ_Pyq_fadeIn\">l\u01b0\u1ee3ng <\/span><span class=\"BZ_Pyq_fadeIn\">r\u1eafn <\/span><span class=\"BZ_Pyq_fadeIn\">th\u1ea5p<\/span><\/strong><span class=\"BZ_Pyq_fadeIn\">, <\/span><span class=\"BZ_Pyq_fadeIn\">\u0111\u01b0\u1ee3c <\/span><span class=\"BZ_Pyq_fadeIn\">thi\u1ebft <\/span><span class=\"BZ_Pyq_fadeIn\">k\u1ebf <\/span><span class=\"BZ_Pyq_fadeIn\">\u0111\u1ec3 <\/span><span class=\"BZ_Pyq_fadeIn\">s\u1eed <\/span><span class=\"BZ_Pyq_fadeIn\">d\u1ee5ng <\/span><span class=\"BZ_Pyq_fadeIn\">trong <\/span><strong data-start=\"177\" data-end=\"216\"><span class=\"BZ_Pyq_fadeIn\">quy <\/span><span class=\"BZ_Pyq_fadeIn\">tr\u00ecnh <\/span><span class=\"BZ_Pyq_fadeIn\">h\u00e0n <\/span><span class=\"BZ_Pyq_fadeIn\">s\u00f3ng (<\/span><span class=\"BZ_Pyq_fadeIn\">wave <\/span><span class=\"BZ_Pyq_fadeIn\">soldering)<\/span><\/strong> <span class=\"BZ_Pyq_fadeIn\">v\u00e0 <\/span><strong data-start=\"220\" data-end=\"248\"><span class=\"BZ_Pyq_fadeIn\">h\u00e0n <\/span><span class=\"BZ_Pyq_fadeIn\">tay (<\/span><span class=\"BZ_Pyq_fadeIn\">hand <\/span><span class=\"BZ_Pyq_fadeIn\">soldering)<\/span><\/strong><span class=\"BZ_Pyq_fadeIn\">. <\/span><span class=\"BZ_Pyq_fadeIn\">S\u1ea3n <\/span><span class=\"BZ_Pyq_fadeIn\">ph\u1ea9m <\/span><span class=\"BZ_Pyq_fadeIn\">t\u01b0\u01a1ng <\/span><span class=\"BZ_Pyq_fadeIn\">th\u00edch <\/span><span class=\"BZ_Pyq_fadeIn\">v\u1edbi <\/span><strong data-start=\"275\" data-end=\"313\"><span class=\"BZ_Pyq_fadeIn\">c\u1ea3 <\/span><span class=\"BZ_Pyq_fadeIn\">h\u1ee3p <\/span><span class=\"BZ_Pyq_fadeIn\">kim <\/span><span class=\"BZ_Pyq_fadeIn\">h\u00e0n <\/span><span class=\"BZ_Pyq_fadeIn\">c\u00f3 <\/span><span class=\"BZ_Pyq_fadeIn\">ch\u00ec <\/span><span class=\"BZ_Pyq_fadeIn\">v\u00e0 <\/span><span class=\"BZ_Pyq_fadeIn\">kh\u00f4ng <\/span><span class=\"BZ_Pyq_fadeIn\">ch\u00ec<\/span><\/strong><span class=\"BZ_Pyq_fadeIn\">.<\/span><\/span><\/p>\n<p data-start=\"316\" data-end=\"725\"><span style=\"font-family: arial, helvetica, sans-serif; font-size: 12pt;\"><span class=\"BZ_Pyq_fadeIn\">M\u1ed9t <\/span><span class=\"BZ_Pyq_fadeIn\">trong <\/span><span class=\"BZ_Pyq_fadeIn\">nh\u1eefng <\/span><span class=\"BZ_Pyq_fadeIn\">\u01b0u <\/span><span class=\"BZ_Pyq_fadeIn\">\u0111i\u1ec3m <\/span><span class=\"BZ_Pyq_fadeIn\">n\u1ed5i <\/span><span class=\"BZ_Pyq_fadeIn\">b\u1eadt <\/span><span class=\"BZ_Pyq_fadeIn\">c\u1ee7a <\/span><span class=\"BZ_Pyq_fadeIn\">NF372-<\/span><span class=\"BZ_Pyq_fadeIn\">TB <\/span><span class=\"BZ_Pyq_fadeIn\">l\u00e0 <\/span><strong data-start=\"364\" data-end=\"428\"><span class=\"BZ_Pyq_fadeIn\">kh\u1ea3 <\/span><span class=\"BZ_Pyq_fadeIn\">n\u0103ng <\/span><span class=\"BZ_Pyq_fadeIn\">ch\u1ecbu <\/span><span class=\"BZ_Pyq_fadeIn\">\u0111\u01b0\u1ee3c <\/span><span class=\"BZ_Pyq_fadeIn\">th\u1eddi <\/span><span class=\"BZ_Pyq_fadeIn\">gian <\/span><span class=\"BZ_Pyq_fadeIn\">gia <\/span><span class=\"BZ_Pyq_fadeIn\">nhi\u1ec7t <\/span><span class=\"BZ_Pyq_fadeIn\">d\u00e0i (<\/span><span class=\"BZ_Pyq_fadeIn\">long <\/span><span class=\"BZ_Pyq_fadeIn\">dwell <\/span><span class=\"BZ_Pyq_fadeIn\">time)<\/span><\/strong> <span class=\"BZ_Pyq_fadeIn\">v\u00e0 <\/span><strong data-start=\"432\" data-end=\"456\"><span class=\"BZ_Pyq_fadeIn\">nhi\u1ec7t <\/span><span class=\"BZ_Pyq_fadeIn\">\u0111\u1ed9 <\/span><span class=\"BZ_Pyq_fadeIn\">preheat <\/span><span class=\"BZ_Pyq_fadeIn\">cao<\/span><\/strong><span class=\"BZ_Pyq_fadeIn\">, <\/span><span class=\"BZ_Pyq_fadeIn\">r\u1ea5t <\/span><span class=\"BZ_Pyq_fadeIn\">ph\u00f9 <\/span><span class=\"BZ_Pyq_fadeIn\">h\u1ee3p <\/span><span class=\"BZ_Pyq_fadeIn\">cho <\/span><span class=\"BZ_Pyq_fadeIn\">c\u00e1c <\/span><strong data-start=\"478\" data-end=\"516\"><span class=\"BZ_Pyq_fadeIn\">bo <\/span><span class=\"BZ_Pyq_fadeIn\">m\u1ea1ch <\/span><span class=\"BZ_Pyq_fadeIn\">d\u00e0y <\/span><span class=\"BZ_Pyq_fadeIn\">ho\u1eb7c <\/span><span class=\"BZ_Pyq_fadeIn\">assembly <\/span><span class=\"BZ_Pyq_fadeIn\">ph\u1ee9c <\/span><span class=\"BZ_Pyq_fadeIn\">t\u1ea1p<\/span><\/strong><span class=\"BZ_Pyq_fadeIn\">. <\/span><span class=\"BZ_Pyq_fadeIn\">Nh\u1edd <\/span><strong data-start=\"522\" data-end=\"568\"><span class=\"BZ_Pyq_fadeIn\">ho\u1ea1t <\/span><span class=\"BZ_Pyq_fadeIn\">t\u00ednh <\/span><span class=\"BZ_Pyq_fadeIn\">\u1ed5n <\/span><span class=\"BZ_Pyq_fadeIn\">\u0111\u1ecbnh <\/span><span class=\"BZ_Pyq_fadeIn\">trong <\/span><span class=\"BZ_Pyq_fadeIn\">su\u1ed1t <\/span><span class=\"BZ_Pyq_fadeIn\">qu\u00e1 <\/span><span class=\"BZ_Pyq_fadeIn\">tr\u00ecnh <\/span><span class=\"BZ_Pyq_fadeIn\">h\u00e0n<\/span><\/strong><span class=\"BZ_Pyq_fadeIn\">, <\/span><span class=\"BZ_Pyq_fadeIn\">flux <\/span><span class=\"BZ_Pyq_fadeIn\">gi\u00fap <\/span><strong data-start=\"580\" data-end=\"623\"><span class=\"BZ_Pyq_fadeIn\">\u0111\u1ea3m <\/span><span class=\"BZ_Pyq_fadeIn\">b\u1ea3o <\/span><span class=\"BZ_Pyq_fadeIn\">\u0111\u1ed9 <\/span><span class=\"BZ_Pyq_fadeIn\">l\u1ea5p <\/span><span class=\"BZ_Pyq_fadeIn\">\u0111\u1ea7y <\/span><span class=\"BZ_Pyq_fadeIn\">l\u1ed7 (<\/span><span class=\"BZ_Pyq_fadeIn\">barrel <\/span><span class=\"BZ_Pyq_fadeIn\">fill) <\/span><span class=\"BZ_Pyq_fadeIn\">t\u1ed1t<\/span><\/strong> <span class=\"BZ_Pyq_fadeIn\">ngay <\/span><span class=\"BZ_Pyq_fadeIn\">c\u1ea3 <\/span><span class=\"BZ_Pyq_fadeIn\">trong <\/span><span class=\"BZ_Pyq_fadeIn\">c\u00e1c <\/span><span class=\"BZ_Pyq_fadeIn\">\u1ee9ng <\/span><span class=\"BZ_Pyq_fadeIn\">d\u1ee5ng <\/span><span class=\"BZ_Pyq_fadeIn\">kh\u00f3 <\/span><span class=\"BZ_Pyq_fadeIn\">nh\u01b0 <\/span><strong data-start=\"659\" data-end=\"693\"><span class=\"BZ_Pyq_fadeIn\">bo <\/span><span class=\"BZ_Pyq_fadeIn\">m\u1ea1ch <\/span><span class=\"BZ_Pyq_fadeIn\">\u0111\u1ed3ng <\/span><span class=\"BZ_Pyq_fadeIn\">OSP <\/span><span class=\"BZ_Pyq_fadeIn\">\u0111\u00e3 <\/span><span class=\"BZ_Pyq_fadeIn\">qua <\/span><span class=\"BZ_Pyq_fadeIn\">reflow<\/span><\/strong> <span class=\"BZ_Pyq_fadeIn\">ho\u1eb7c <\/span><strong data-start=\"699\" data-end=\"724\"><span class=\"BZ_Pyq_fadeIn\">c\u00e1c <\/span><span class=\"BZ_Pyq_fadeIn\">linh <\/span><span class=\"BZ_Pyq_fadeIn\">ki\u1ec7n <\/span><span class=\"BZ_Pyq_fadeIn\">kh\u00f3 <\/span><span class=\"BZ_Pyq_fadeIn\">h\u00e0n<\/span><\/strong><span class=\"BZ_Pyq_fadeIn\">.<\/span><\/span><\/p>\n<p data-start=\"727\" data-end=\"944\"><span style=\"font-family: arial, helvetica, sans-serif; font-size: 12pt;\"><span class=\"BZ_Pyq_fadeIn\">Sau <\/span><span class=\"BZ_Pyq_fadeIn\">khi <\/span><span class=\"BZ_Pyq_fadeIn\">h\u00e0n, <\/span><strong data-start=\"740\" data-end=\"790\"><span class=\"BZ_Pyq_fadeIn\">l\u01b0\u1ee3ng <\/span><span class=\"BZ_Pyq_fadeIn\">d\u01b0 <\/span><span class=\"BZ_Pyq_fadeIn\">flux <\/span><span class=\"BZ_Pyq_fadeIn\">r\u1ea5t <\/span><span class=\"BZ_Pyq_fadeIn\">\u00edt, <\/span><span class=\"BZ_Pyq_fadeIn\">trong <\/span><span class=\"BZ_Pyq_fadeIn\">su\u1ed1t <\/span><span class=\"BZ_Pyq_fadeIn\">v\u00e0 <\/span><span class=\"BZ_Pyq_fadeIn\">kh\u00f4ng <\/span><span class=\"BZ_Pyq_fadeIn\">d\u00ednh<\/span><\/strong><span class=\"BZ_Pyq_fadeIn\">, <\/span><span class=\"BZ_Pyq_fadeIn\">gi\u00fap <\/span><strong data-start=\"797\" data-end=\"835\"><span class=\"BZ_Pyq_fadeIn\">c\u1ea3i <\/span><span class=\"BZ_Pyq_fadeIn\">thi\u1ec7n <\/span><span class=\"BZ_Pyq_fadeIn\">t\u00ednh <\/span><span class=\"BZ_Pyq_fadeIn\">th\u1ea9m <\/span><span class=\"BZ_Pyq_fadeIn\">m\u1ef9 <\/span><span class=\"BZ_Pyq_fadeIn\">c\u1ee7a <\/span><span class=\"BZ_Pyq_fadeIn\">bo <\/span><span class=\"BZ_Pyq_fadeIn\">m\u1ea1ch<\/span><\/strong> <span class=\"BZ_Pyq_fadeIn\">v\u00e0 <\/span><span class=\"BZ_Pyq_fadeIn\">gi\u1ea3m <\/span><span class=\"BZ_Pyq_fadeIn\">nhu <\/span><span class=\"BZ_Pyq_fadeIn\">c\u1ea7u <\/span><span class=\"BZ_Pyq_fadeIn\">l\u00e0m <\/span><span class=\"BZ_Pyq_fadeIn\">s\u1ea1ch <\/span><span class=\"BZ_Pyq_fadeIn\">sau <\/span><span class=\"BZ_Pyq_fadeIn\">qu\u00e1 <\/span><span class=\"BZ_Pyq_fadeIn\">tr\u00ecnh <\/span><span class=\"BZ_Pyq_fadeIn\">h\u00e0n. <\/span><span class=\"BZ_Pyq_fadeIn\">NF372-<\/span><span class=\"BZ_Pyq_fadeIn\">TB <\/span><span class=\"BZ_Pyq_fadeIn\">\u0111\u01b0\u1ee3c <\/span><strong data-start=\"894\" data-end=\"943\"><span class=\"BZ_Pyq_fadeIn\">ph\u00e2n <\/span><span class=\"BZ_Pyq_fadeIn\">lo\u1ea1i <\/span><span class=\"BZ_Pyq_fadeIn\">ROL0 <\/span><span class=\"BZ_Pyq_fadeIn\">theo <\/span><span class=\"BZ_Pyq_fadeIn\">ti\u00eau <\/span><span class=\"BZ_Pyq_fadeIn\">chu\u1ea9n <\/span><span class=\"BZ_Pyq_fadeIn\">IPC <\/span><span class=\"BZ_Pyq_fadeIn\">J-<\/span><span class=\"BZ_Pyq_fadeIn\">STD-<\/span><span class=\"BZ_Pyq_fadeIn\">004B<\/span><\/strong><span class=\"BZ_Pyq_fadeIn\">.<\/span><\/span><\/p>\n<p data-start=\"946\" data-end=\"1182\" data-is-last-node=\"\" data-is-only-node=\"\"><span style=\"font-family: arial, helvetica, sans-serif; font-size: 12pt;\"><span class=\"BZ_Pyq_fadeIn\">NF372-<\/span><span class=\"BZ_Pyq_fadeIn\">TB <\/span><span class=\"BZ_Pyq_fadeIn\">thu\u1ed9c <\/span><strong data-start=\"961\" data-end=\"1004\"><span class=\"BZ_Pyq_fadeIn\">d\u00f2ng <\/span><span class=\"BZ_Pyq_fadeIn\">s\u1ea3n <\/span><span class=\"BZ_Pyq_fadeIn\">ph\u1ea9m <\/span><span class=\"BZ_Pyq_fadeIn\">\u0111\u1ed9 <\/span><span class=\"BZ_Pyq_fadeIn\">tin <\/span><span class=\"BZ_Pyq_fadeIn\">c\u1eady <\/span><span class=\"BZ_Pyq_fadeIn\">cao <\/span><span class=\"BZ_Pyq_fadeIn\">c\u1ee7a <\/span><span class=\"BZ_Pyq_fadeIn\">Kester<\/span><\/strong> <span class=\"BZ_Pyq_fadeIn\">v\u00e0 <\/span><span class=\"BZ_Pyq_fadeIn\">c\u00f3 <\/span><span class=\"BZ_Pyq_fadeIn\">kh\u1ea3 <\/span><span class=\"BZ_Pyq_fadeIn\">n\u0103ng <\/span><span class=\"BZ_Pyq_fadeIn\">t\u01b0\u01a1ng <\/span><span class=\"BZ_Pyq_fadeIn\">th\u00edch <\/span><span class=\"BZ_Pyq_fadeIn\">t\u1ed1t <\/span><span class=\"BZ_Pyq_fadeIn\">v\u1edbi <\/span><span class=\"BZ_Pyq_fadeIn\">c\u00e1c <\/span><span class=\"BZ_Pyq_fadeIn\">v\u1eadt <\/span><span class=\"BZ_Pyq_fadeIn\">li\u1ec7u <\/span><span class=\"BZ_Pyq_fadeIn\">kh\u00e1c <\/span><span class=\"BZ_Pyq_fadeIn\">trong <\/span><span class=\"BZ_Pyq_fadeIn\">h\u1ec7 <\/span><span class=\"BZ_Pyq_fadeIn\">sinh <\/span><span class=\"BZ_Pyq_fadeIn\">th\u00e1i <\/span><span class=\"BZ_Pyq_fadeIn\">c\u1ee7a <\/span><span class=\"BZ_Pyq_fadeIn\">h\u00e3ng <\/span><span class=\"BZ_Pyq_fadeIn\">nh\u01b0 <\/span><strong data-start=\"1090\" data-end=\"1115\"><span class=\"BZ_Pyq_fadeIn\">NP505-<\/span><span class=\"BZ_Pyq_fadeIn\">HR <\/span><span class=\"BZ_Pyq_fadeIn\">Solder <\/span><span class=\"BZ_Pyq_fadeIn\">Paste<\/span><\/strong><span class=\"BZ_Pyq_fadeIn\">, <\/span><strong data-start=\"1117\" data-end=\"1138\"><span class=\"BZ_Pyq_fadeIn\">RF550 <\/span><span class=\"BZ_Pyq_fadeIn\">Rework <\/span><span class=\"BZ_Pyq_fadeIn\">Flux<\/span><\/strong> <span class=\"BZ_Pyq_fadeIn\">v\u00e0 <\/span><strong data-start=\"1142\" data-end=\"1181\"><span class=\"BZ_Pyq_fadeIn\">SELECT-<\/span><span class=\"BZ_Pyq_fadeIn\">10\u2122 <\/span><span class=\"BZ_Pyq_fadeIn\">Selective <\/span><span class=\"BZ_Pyq_fadeIn\">Soldering <\/span><span class=\"BZ_Pyq_fadeIn\">Flux<\/span><\/strong><span class=\"BZ_Pyq_fadeIn\">.<\/span><\/span><\/p>\n<p>&nbsp;<\/p>\n","protected":false},"excerpt":{"rendered":"<p>Kester NF372-TB l\u00e0 flux h\u00e0n d\u1ea1ng l\u1ecfng, kh\u00f4ng ch\u1ee9a halogen (zero-halogen), no-clean<\/p>\n","protected":false},"author":1,"featured_media":4494,"parent":0,"menu_order":66,"comment_status":"open","ping_status":"closed","template":"","meta":{"inline_featured_image":false,"footnotes":""},"service-category":[100],"service_tag":[108],"class_list":["post-1669","product","type-product","status-publish","has-post-thumbnail","hentry","service-category-chat-tro-han-dang-long","service_tag-vat-lieu-han"],"yoast_head":"<!-- This site is optimized with the Yoast SEO plugin v27.4 - https:\/\/yoast.com\/product\/yoast-seo-wordpress\/ -->\n<title>NF372-TB CH\u1ea4T TR\u1ee2 H\u00c0N - LORIOT INDUSTRIAL<\/title>\n<meta name=\"description\" content=\"Kester NF372-TB l\u00e0 flux h\u00e0n d\u1ea1ng l\u1ecfng, kh\u00f4ng ch\u1ee9a halogen (zero-halogen), no-clean v\u00e0 c\u00f3 h\u00e0m l\u01b0\u1ee3ng r\u1eafn th\u1ea5p.\" \/>\n<meta name=\"robots\" content=\"index, follow, max-snippet:-1, max-image-preview:large, max-video-preview:-1\" \/>\n<link rel=\"canonical\" href=\"https:\/\/loriot.com.vn\/vi\/product\/nf372-tb-chat-tro-han\/\" \/>\n<meta property=\"og:locale\" content=\"vi_VN\" \/>\n<meta property=\"og:type\" content=\"article\" \/>\n<meta property=\"og:title\" content=\"NF372-TB CH\u1ea4T TR\u1ee2 H\u00c0N - LORIOT INDUSTRIAL\" \/>\n<meta property=\"og:description\" content=\"Kester NF372-TB l\u00e0 flux h\u00e0n d\u1ea1ng l\u1ecfng, kh\u00f4ng ch\u1ee9a halogen (zero-halogen), no-clean v\u00e0 c\u00f3 h\u00e0m l\u01b0\u1ee3ng r\u1eafn th\u1ea5p.\" \/>\n<meta property=\"og:url\" content=\"https:\/\/loriot.com.vn\/vi\/product\/nf372-tb-chat-tro-han\/\" \/>\n<meta property=\"og:site_name\" content=\"LORIOT INDUSTRIAL\" \/>\n<meta property=\"article:publisher\" content=\"https:\/\/www.facebook.com\/Loriot-Industrial-COLTD-103044855046633\" \/>\n<meta property=\"article:modified_time\" content=\"2026-03-16T08:42:29+00:00\" \/>\n<meta property=\"og:image\" content=\"https:\/\/loriot.com.vn\/wp-content\/uploads\/2021\/08\/nf372tb-soldering-flux20201-1.jpg\" \/>\n\t<meta property=\"og:image:width\" content=\"770\" \/>\n\t<meta property=\"og:image:height\" content=\"513\" \/>\n\t<meta property=\"og:image:type\" content=\"image\/jpeg\" \/>\n<meta name=\"twitter:card\" content=\"summary_large_image\" \/>\n<meta name=\"twitter:label1\" content=\"\u01af\u1edbc t\u00ednh th\u1eddi gian \u0111\u1ecdc\" \/>\n\t<meta name=\"twitter:data1\" content=\"2 ph\u00fat\" \/>\n<script type=\"application\/ld+json\" class=\"yoast-schema-graph\">{\"@context\":\"https:\\\/\\\/schema.org\",\"@graph\":[{\"@type\":\"WebPage\",\"@id\":\"https:\\\/\\\/loriot.com.vn\\\/vi\\\/product\\\/nf372-tb-chat-tro-han\\\/\",\"url\":\"https:\\\/\\\/loriot.com.vn\\\/vi\\\/product\\\/nf372-tb-chat-tro-han\\\/\",\"name\":\"NF372-TB CH\u1ea4T TR\u1ee2 H\u00c0N - LORIOT INDUSTRIAL\",\"isPartOf\":{\"@id\":\"https:\\\/\\\/loriot.com.vn\\\/#website\"},\"primaryImageOfPage\":{\"@id\":\"https:\\\/\\\/loriot.com.vn\\\/vi\\\/product\\\/nf372-tb-chat-tro-han\\\/#primaryimage\"},\"image\":{\"@id\":\"https:\\\/\\\/loriot.com.vn\\\/vi\\\/product\\\/nf372-tb-chat-tro-han\\\/#primaryimage\"},\"thumbnailUrl\":\"https:\\\/\\\/loriot.com.vn\\\/wp-content\\\/uploads\\\/2021\\\/08\\\/nf372tb-soldering-flux20201-1.jpg\",\"datePublished\":\"2021-08-03T14:11:13+00:00\",\"dateModified\":\"2026-03-16T08:42:29+00:00\",\"description\":\"Kester NF372-TB l\u00e0 flux h\u00e0n d\u1ea1ng l\u1ecfng, kh\u00f4ng ch\u1ee9a halogen (zero-halogen), no-clean v\u00e0 c\u00f3 h\u00e0m l\u01b0\u1ee3ng r\u1eafn th\u1ea5p.\",\"breadcrumb\":{\"@id\":\"https:\\\/\\\/loriot.com.vn\\\/vi\\\/product\\\/nf372-tb-chat-tro-han\\\/#breadcrumb\"},\"inLanguage\":\"vi\",\"potentialAction\":[{\"@type\":\"ReadAction\",\"target\":[\"https:\\\/\\\/loriot.com.vn\\\/vi\\\/product\\\/nf372-tb-chat-tro-han\\\/\"]}]},{\"@type\":\"ImageObject\",\"inLanguage\":\"vi\",\"@id\":\"https:\\\/\\\/loriot.com.vn\\\/vi\\\/product\\\/nf372-tb-chat-tro-han\\\/#primaryimage\",\"url\":\"https:\\\/\\\/loriot.com.vn\\\/wp-content\\\/uploads\\\/2021\\\/08\\\/nf372tb-soldering-flux20201-1.jpg\",\"contentUrl\":\"https:\\\/\\\/loriot.com.vn\\\/wp-content\\\/uploads\\\/2021\\\/08\\\/nf372tb-soldering-flux20201-1.jpg\",\"width\":770,\"height\":513,\"caption\":\"NF372-TB CH\u1ea4T TR\u1ee2 H\u00c0N\"},{\"@type\":\"BreadcrumbList\",\"@id\":\"https:\\\/\\\/loriot.com.vn\\\/vi\\\/product\\\/nf372-tb-chat-tro-han\\\/#breadcrumb\",\"itemListElement\":[{\"@type\":\"ListItem\",\"position\":1,\"name\":\"Home\",\"item\":\"https:\\\/\\\/loriot.com.vn\\\/vi\\\/\"},{\"@type\":\"ListItem\",\"position\":2,\"name\":\"Products\",\"item\":\"https:\\\/\\\/loriot.com.vn\\\/product\\\/\"},{\"@type\":\"ListItem\",\"position\":3,\"name\":\"NF372-TB CH\u1ea4T TR\u1ee2 H\u00c0N\"}]},{\"@type\":\"WebSite\",\"@id\":\"https:\\\/\\\/loriot.com.vn\\\/#website\",\"url\":\"https:\\\/\\\/loriot.com.vn\\\/\",\"name\":\"LORIOT INDUSTRIAL CO.,LTD\",\"description\":\"\",\"publisher\":{\"@id\":\"https:\\\/\\\/loriot.com.vn\\\/#organization\"},\"potentialAction\":[{\"@type\":\"SearchAction\",\"target\":{\"@type\":\"EntryPoint\",\"urlTemplate\":\"https:\\\/\\\/loriot.com.vn\\\/?s={search_term_string}\"},\"query-input\":{\"@type\":\"PropertyValueSpecification\",\"valueRequired\":true,\"valueName\":\"search_term_string\"}}],\"inLanguage\":\"vi\"},{\"@type\":\"Organization\",\"@id\":\"https:\\\/\\\/loriot.com.vn\\\/#organization\",\"name\":\"Loriot Industrial Co.,Ltd\",\"url\":\"https:\\\/\\\/loriot.com.vn\\\/\",\"logo\":{\"@type\":\"ImageObject\",\"inLanguage\":\"vi\",\"@id\":\"https:\\\/\\\/loriot.com.vn\\\/#\\\/schema\\\/logo\\\/image\\\/\",\"url\":\"https:\\\/\\\/loriot.com.vn\\\/wp-content\\\/uploads\\\/2021\\\/08\\\/logo-ft.png\",\"contentUrl\":\"https:\\\/\\\/loriot.com.vn\\\/wp-content\\\/uploads\\\/2021\\\/08\\\/logo-ft.png\",\"width\":333,\"height\":101,\"caption\":\"Loriot Industrial Co.,Ltd\"},\"image\":{\"@id\":\"https:\\\/\\\/loriot.com.vn\\\/#\\\/schema\\\/logo\\\/image\\\/\"},\"sameAs\":[\"https:\\\/\\\/www.facebook.com\\\/Loriot-Industrial-COLTD-103044855046633\"]}]}<\/script>\n<!-- \/ Yoast SEO plugin. -->","yoast_head_json":{"title":"NF372-TB CH\u1ea4T TR\u1ee2 H\u00c0N - LORIOT INDUSTRIAL","description":"Kester NF372-TB l\u00e0 flux h\u00e0n d\u1ea1ng l\u1ecfng, kh\u00f4ng ch\u1ee9a halogen (zero-halogen), no-clean v\u00e0 c\u00f3 h\u00e0m l\u01b0\u1ee3ng r\u1eafn th\u1ea5p.","robots":{"index":"index","follow":"follow","max-snippet":"max-snippet:-1","max-image-preview":"max-image-preview:large","max-video-preview":"max-video-preview:-1"},"canonical":"https:\/\/loriot.com.vn\/vi\/product\/nf372-tb-chat-tro-han\/","og_locale":"vi_VN","og_type":"article","og_title":"NF372-TB CH\u1ea4T TR\u1ee2 H\u00c0N - LORIOT INDUSTRIAL","og_description":"Kester NF372-TB l\u00e0 flux h\u00e0n d\u1ea1ng l\u1ecfng, kh\u00f4ng ch\u1ee9a halogen (zero-halogen), no-clean v\u00e0 c\u00f3 h\u00e0m l\u01b0\u1ee3ng r\u1eafn th\u1ea5p.","og_url":"https:\/\/loriot.com.vn\/vi\/product\/nf372-tb-chat-tro-han\/","og_site_name":"LORIOT INDUSTRIAL","article_publisher":"https:\/\/www.facebook.com\/Loriot-Industrial-COLTD-103044855046633","article_modified_time":"2026-03-16T08:42:29+00:00","og_image":[{"width":770,"height":513,"url":"https:\/\/loriot.com.vn\/wp-content\/uploads\/2021\/08\/nf372tb-soldering-flux20201-1.jpg","type":"image\/jpeg"}],"twitter_card":"summary_large_image","twitter_misc":{"\u01af\u1edbc t\u00ednh th\u1eddi gian \u0111\u1ecdc":"2 ph\u00fat"},"schema":{"@context":"https:\/\/schema.org","@graph":[{"@type":"WebPage","@id":"https:\/\/loriot.com.vn\/vi\/product\/nf372-tb-chat-tro-han\/","url":"https:\/\/loriot.com.vn\/vi\/product\/nf372-tb-chat-tro-han\/","name":"NF372-TB CH\u1ea4T TR\u1ee2 H\u00c0N - LORIOT INDUSTRIAL","isPartOf":{"@id":"https:\/\/loriot.com.vn\/#website"},"primaryImageOfPage":{"@id":"https:\/\/loriot.com.vn\/vi\/product\/nf372-tb-chat-tro-han\/#primaryimage"},"image":{"@id":"https:\/\/loriot.com.vn\/vi\/product\/nf372-tb-chat-tro-han\/#primaryimage"},"thumbnailUrl":"https:\/\/loriot.com.vn\/wp-content\/uploads\/2021\/08\/nf372tb-soldering-flux20201-1.jpg","datePublished":"2021-08-03T14:11:13+00:00","dateModified":"2026-03-16T08:42:29+00:00","description":"Kester NF372-TB l\u00e0 flux h\u00e0n d\u1ea1ng l\u1ecfng, kh\u00f4ng ch\u1ee9a halogen (zero-halogen), no-clean v\u00e0 c\u00f3 h\u00e0m l\u01b0\u1ee3ng r\u1eafn th\u1ea5p.","breadcrumb":{"@id":"https:\/\/loriot.com.vn\/vi\/product\/nf372-tb-chat-tro-han\/#breadcrumb"},"inLanguage":"vi","potentialAction":[{"@type":"ReadAction","target":["https:\/\/loriot.com.vn\/vi\/product\/nf372-tb-chat-tro-han\/"]}]},{"@type":"ImageObject","inLanguage":"vi","@id":"https:\/\/loriot.com.vn\/vi\/product\/nf372-tb-chat-tro-han\/#primaryimage","url":"https:\/\/loriot.com.vn\/wp-content\/uploads\/2021\/08\/nf372tb-soldering-flux20201-1.jpg","contentUrl":"https:\/\/loriot.com.vn\/wp-content\/uploads\/2021\/08\/nf372tb-soldering-flux20201-1.jpg","width":770,"height":513,"caption":"NF372-TB CH\u1ea4T TR\u1ee2 H\u00c0N"},{"@type":"BreadcrumbList","@id":"https:\/\/loriot.com.vn\/vi\/product\/nf372-tb-chat-tro-han\/#breadcrumb","itemListElement":[{"@type":"ListItem","position":1,"name":"Home","item":"https:\/\/loriot.com.vn\/vi\/"},{"@type":"ListItem","position":2,"name":"Products","item":"https:\/\/loriot.com.vn\/product\/"},{"@type":"ListItem","position":3,"name":"NF372-TB CH\u1ea4T TR\u1ee2 H\u00c0N"}]},{"@type":"WebSite","@id":"https:\/\/loriot.com.vn\/#website","url":"https:\/\/loriot.com.vn\/","name":"LORIOT INDUSTRIAL CO.,LTD","description":"","publisher":{"@id":"https:\/\/loriot.com.vn\/#organization"},"potentialAction":[{"@type":"SearchAction","target":{"@type":"EntryPoint","urlTemplate":"https:\/\/loriot.com.vn\/?s={search_term_string}"},"query-input":{"@type":"PropertyValueSpecification","valueRequired":true,"valueName":"search_term_string"}}],"inLanguage":"vi"},{"@type":"Organization","@id":"https:\/\/loriot.com.vn\/#organization","name":"Loriot Industrial Co.,Ltd","url":"https:\/\/loriot.com.vn\/","logo":{"@type":"ImageObject","inLanguage":"vi","@id":"https:\/\/loriot.com.vn\/#\/schema\/logo\/image\/","url":"https:\/\/loriot.com.vn\/wp-content\/uploads\/2021\/08\/logo-ft.png","contentUrl":"https:\/\/loriot.com.vn\/wp-content\/uploads\/2021\/08\/logo-ft.png","width":333,"height":101,"caption":"Loriot Industrial Co.,Ltd"},"image":{"@id":"https:\/\/loriot.com.vn\/#\/schema\/logo\/image\/"},"sameAs":["https:\/\/www.facebook.com\/Loriot-Industrial-COLTD-103044855046633"]}]}},"_links":{"self":[{"href":"https:\/\/loriot.com.vn\/vi\/wp-json\/wp\/v2\/product\/1669","targetHints":{"allow":["GET"]}}],"collection":[{"href":"https:\/\/loriot.com.vn\/vi\/wp-json\/wp\/v2\/product"}],"about":[{"href":"https:\/\/loriot.com.vn\/vi\/wp-json\/wp\/v2\/types\/product"}],"author":[{"embeddable":true,"href":"https:\/\/loriot.com.vn\/vi\/wp-json\/wp\/v2\/users\/1"}],"replies":[{"embeddable":true,"href":"https:\/\/loriot.com.vn\/vi\/wp-json\/wp\/v2\/comments?post=1669"}],"version-history":[{"count":13,"href":"https:\/\/loriot.com.vn\/vi\/wp-json\/wp\/v2\/product\/1669\/revisions"}],"predecessor-version":[{"id":6561,"href":"https:\/\/loriot.com.vn\/vi\/wp-json\/wp\/v2\/product\/1669\/revisions\/6561"}],"wp:featuredmedia":[{"embeddable":true,"href":"https:\/\/loriot.com.vn\/vi\/wp-json\/wp\/v2\/media\/4494"}],"wp:attachment":[{"href":"https:\/\/loriot.com.vn\/vi\/wp-json\/wp\/v2\/media?parent=1669"}],"wp:term":[{"taxonomy":"service-category","embeddable":true,"href":"https:\/\/loriot.com.vn\/vi\/wp-json\/wp\/v2\/service-category?post=1669"},{"taxonomy":"service_tag","embeddable":true,"href":"https:\/\/loriot.com.vn\/vi\/wp-json\/wp\/v2\/service_tag?post=1669"}],"curies":[{"name":"wp","href":"https:\/\/api.w.org\/{rel}","templated":true}]}}