{"id":1683,"date":"2021-08-03T09:45:16","date_gmt":"2021-08-03T09:45:16","guid":{"rendered":"http:\/\/loriot.com.vn\/product\/spr\/"},"modified":"2026-03-18T16:03:41","modified_gmt":"2026-03-18T09:03:41","slug":"may-spr","status":"publish","type":"product","link":"https:\/\/loriot.com.vn\/vi\/product\/may-spr\/","title":{"rendered":"M\u00c1Y SPR"},"content":{"rendered":"<h2 class=\"pi-title d-none d-lg-block mb-0\" style=\"text-align: center;\"><span style=\"font-family: arial, helvetica, sans-serif; font-size: 14pt;\">M\u00e1y SPR<\/span><\/h2>\n<p>&nbsp;<\/p>\n<h1 data-section-id=\"jpq1ja\" data-start=\"0\" data-end=\"95\"><span style=\"font-family: arial, helvetica, sans-serif; font-size: 12pt;\">M\u00e1y router PCB t\u1ed1c \u0111\u1ed9 cao Getech SPR Small Panel Router \u2013 Gi\u1ea3i ph\u00e1p t\u1ed1i \u01b0u cho smartphone PCB<\/span><\/h1>\n<p data-start=\"97\" data-end=\"409\"><span style=\"font-family: arial, helvetica, sans-serif; font-size: 12pt;\">Trong c\u00e1c \u1ee9ng d\u1ee5ng y\u00eau c\u1ea7u <strong data-start=\"124\" data-end=\"172\">s\u1ea3n xu\u1ea5t s\u1ed1 l\u01b0\u1ee3ng l\u1edbn v\u1edbi PCB k\u00edch th\u01b0\u1edbc nh\u1ecf<\/strong>, \u0111\u1eb7c bi\u1ec7t trong ng\u00e0nh <strong data-start=\"195\" data-end=\"217\">\u0111i\u1ec7n tho\u1ea1i di \u0111\u1ed9ng<\/strong>, vi\u1ec7c l\u1ef1a ch\u1ecdn m\u00e1y router t\u1ed1c \u0111\u1ed9 cao l\u00e0 y\u1ebfu t\u1ed1 then ch\u1ed1t. <strong data-start=\"276\" data-end=\"309\">Getech SPR Small Panel Router<\/strong> \u0111\u01b0\u1ee3c thi\u1ebft k\u1ebf chuy\u00ean bi\u1ec7t \u0111\u1ec3 x\u1eed l\u00fd <strong data-start=\"345\" data-end=\"364\">small panel PCB<\/strong> v\u1edbi hi\u1ec7u su\u1ea5t v\u01b0\u1ee3t tr\u1ed9i v\u00e0 \u0111\u1ed9 ch\u00ednh x\u00e1c cao.<\/span><\/p>\n<h2 data-section-id=\"6njb7x\" data-start=\"411\" data-end=\"456\"><span style=\"font-family: arial, helvetica, sans-serif; font-size: 12pt;\">T\u1ed1c \u0111\u1ed9 cao \u2013 t\u1ed1i \u01b0u cho s\u1ea3n xu\u1ea5t h\u00e0ng lo\u1ea1t<\/span><\/h2>\n<p data-start=\"458\" data-end=\"556\"><span style=\"font-family: arial, helvetica, sans-serif; font-size: 12pt;\">\u26a1 Thi\u1ebft k\u1ebf d\u00e0nh ri\u00eang cho <strong data-start=\"484\" data-end=\"506\">high-speed routing<\/strong><\/span><br data-start=\"506\" data-end=\"509\" \/><span style=\"font-family: arial, helvetica, sans-serif; font-size: 12pt;\">\ud83d\udd04 \u0110\u00e1p \u1ee9ng nhu c\u1ea7u <strong data-start=\"528\" data-end=\"554\">high volume production<\/strong><\/span><\/p>\n<p data-start=\"558\" data-end=\"566\"><span style=\"font-family: arial, helvetica, sans-serif; font-size: 12pt;\">\u27a1\ufe0f Gi\u00fap:<\/span><\/p>\n<ul data-start=\"567\" data-end=\"665\">\n<li data-section-id=\"1ayjofh\" data-start=\"567\" data-end=\"594\">\n<p data-start=\"569\" data-end=\"594\"><span style=\"font-family: arial, helvetica, sans-serif; font-size: 12pt;\">T\u0103ng throughput \u0111\u00e1ng k\u1ec3<\/span><\/p>\n<\/li>\n<li data-section-id=\"1u1ksbk\" data-start=\"595\" data-end=\"629\">\n<p data-start=\"597\" data-end=\"629\"><span style=\"font-family: arial, helvetica, sans-serif; font-size: 12pt;\">Gi\u1ea3m th\u1eddi gian x\u1eed l\u00fd m\u1ed7i panel<\/span><\/p>\n<\/li>\n<li data-section-id=\"utbfko\" data-start=\"630\" data-end=\"665\">\n<p data-start=\"632\" data-end=\"665\"><span style=\"font-family: arial, helvetica, sans-serif; font-size: 12pt;\">T\u1ed1i \u01b0u hi\u1ec7u su\u1ea5t d\u00e2y chuy\u1ec1n SMT<\/span><\/p>\n<\/li>\n<\/ul>\n<h2 data-section-id=\"as54sr\" data-start=\"667\" data-end=\"704\"><span style=\"font-family: arial, helvetica, sans-serif; font-size: 12pt;\">Chuy\u00ean d\u1ee5ng cho PCB k\u00edch th\u01b0\u1edbc nh\u1ecf<\/span><\/h2>\n<p data-start=\"706\" data-end=\"739\"><span style=\"font-family: arial, helvetica, sans-serif; font-size: 12pt;\">\ud83d\udcf1 T\u1ed1i \u01b0u cho <strong data-start=\"720\" data-end=\"738\">smartphone PCB<\/strong>:<\/span><\/p>\n<ul data-start=\"740\" data-end=\"818\">\n<li data-section-id=\"xfpsma\" data-start=\"740\" data-end=\"775\">\n<p data-start=\"742\" data-end=\"775\"><span style=\"font-family: arial, helvetica, sans-serif; font-size: 12pt;\">Panel nh\u1ecf, m\u1eadt \u0111\u1ed9 linh ki\u1ec7n cao<\/span><\/p>\n<\/li>\n<li data-section-id=\"1h9hb89\" data-start=\"776\" data-end=\"818\">\n<p data-start=\"778\" data-end=\"818\"><span style=\"font-family: arial, helvetica, sans-serif; font-size: 12pt;\">Y\u00eau c\u1ea7u \u0111\u1ed9 ch\u00ednh x\u00e1c v\u00e0 \u0111\u1ed9 \u1ed5n \u0111\u1ecbnh cao<\/span><\/p>\n<\/li>\n<\/ul>\n<p data-start=\"820\" data-end=\"831\"><span style=\"font-family: arial, helvetica, sans-serif; font-size: 12pt;\">\ud83d\udccf \u0110\u1ea3m b\u1ea3o:<\/span><\/p>\n<ul data-start=\"832\" data-end=\"890\">\n<li data-section-id=\"18w7mzs\" data-start=\"832\" data-end=\"853\">\n<p data-start=\"834\" data-end=\"853\"><span style=\"font-family: arial, helvetica, sans-serif; font-size: 12pt;\">\u0110\u01b0\u1eddng c\u1eaft s\u1eafc n\u00e9t<\/span><\/p>\n<\/li>\n<li data-section-id=\"hcjq5d\" data-start=\"854\" data-end=\"890\">\n<p data-start=\"856\" data-end=\"890\"><span style=\"font-family: arial, helvetica, sans-serif; font-size: 12pt;\">H\u1ea1n ch\u1ebf l\u1ed7i v\u00e0 h\u01b0 h\u1ecfng linh ki\u1ec7n<\/span><\/p>\n<\/li>\n<\/ul>\n<p data-start=\"892\" data-end=\"947\"><span style=\"font-family: arial, helvetica, sans-serif; font-size: 12pt;\">\u27a1\ufe0f Ph\u00f9 h\u1ee3p v\u1edbi c\u00e1c s\u1ea3n ph\u1ea9m \u0111i\u1ec7n t\u1eed ti\u00eau d\u00f9ng hi\u1ec7n \u0111\u1ea1i.<\/span><\/p>\n<h2 data-section-id=\"19sjsmt\" data-start=\"949\" data-end=\"989\"><span style=\"font-family: arial, helvetica, sans-serif; font-size: 12pt;\">\u0110\u1ed9 ch\u00ednh x\u00e1c cao \u2013 \u0111\u1ea3m b\u1ea3o ch\u1ea5t l\u01b0\u1ee3ng<\/span><\/h2>\n<p data-start=\"991\" data-end=\"1026\"><span style=\"font-family: arial, helvetica, sans-serif; font-size: 12pt;\">\ud83c\udfaf H\u1ec7 th\u1ed1ng routing ch\u00ednh x\u00e1c gi\u00fap:<\/span><\/p>\n<ul data-start=\"1027\" data-end=\"1094\">\n<li data-section-id=\"gpgug\" data-start=\"1027\" data-end=\"1058\">\n<p data-start=\"1029\" data-end=\"1058\"><span style=\"font-family: arial, helvetica, sans-serif; font-size: 12pt;\">Duy tr\u00ec ch\u1ea5t l\u01b0\u1ee3ng \u0111\u1ed3ng \u0111\u1ec1u<\/span><\/p>\n<\/li>\n<li data-section-id=\"1y3vju8\" data-start=\"1059\" data-end=\"1094\">\n<p data-start=\"1061\" data-end=\"1094\"><span style=\"font-family: arial, helvetica, sans-serif; font-size: 12pt;\">Gi\u1ea3m sai l\u1ec7ch gi\u1eefa c\u00e1c s\u1ea3n ph\u1ea9m<\/span><\/p>\n<\/li>\n<\/ul>\n<p data-start=\"1096\" data-end=\"1108\"><span style=\"font-family: arial, helvetica, sans-serif; font-size: 12pt;\">\u27a1\ufe0f N\u00e2ng cao:<\/span><\/p>\n<ul data-start=\"1109\" data-end=\"1151\">\n<li data-section-id=\"1ab8ggn\" data-start=\"1109\" data-end=\"1127\">\n<p data-start=\"1111\" data-end=\"1127\"><span style=\"font-family: arial, helvetica, sans-serif; font-size: 12pt;\">Yield s\u1ea3n xu\u1ea5t<\/span><\/p>\n<\/li>\n<li data-section-id=\"7mnuhz\" data-start=\"1128\" data-end=\"1151\">\n<p data-start=\"1130\" data-end=\"1151\"><span style=\"font-family: arial, helvetica, sans-serif; font-size: 12pt;\">\u0110\u1ed9 tin c\u1eady s\u1ea3n ph\u1ea9m<\/span><\/p>\n<\/li>\n<\/ul>\n<h2 data-section-id=\"d9hxyp\" data-start=\"1153\" data-end=\"1204\"><span style=\"font-family: arial, helvetica, sans-serif; font-size: 12pt;\">Gi\u1ea3i ph\u00e1p l\u00fd t\u01b0\u1edfng cho d\u00e2y chuy\u1ec1n SMT t\u1ed1c \u0111\u1ed9 cao<\/span><\/h2>\n<p data-start=\"1206\" data-end=\"1252\"><span style=\"font-family: arial, helvetica, sans-serif; font-size: 12pt;\">\ud83d\ude80 <strong data-start=\"1209\" data-end=\"1242\">Getech SPR Small Panel Router<\/strong> mang l\u1ea1i:<\/span><\/p>\n<ul data-start=\"1253\" data-end=\"1357\">\n<li data-section-id=\"nibxvp\" data-start=\"1253\" data-end=\"1279\">\n<p data-start=\"1255\" data-end=\"1279\"><span style=\"font-family: arial, helvetica, sans-serif; font-size: 12pt;\">T\u1ed1c \u0111\u1ed9 x\u1eed l\u00fd v\u01b0\u1ee3t tr\u1ed9i<\/span><\/p>\n<\/li>\n<li data-section-id=\"1ho3kz8\" data-start=\"1280\" data-end=\"1314\">\n<p data-start=\"1282\" data-end=\"1314\"><span style=\"font-family: arial, helvetica, sans-serif; font-size: 12pt;\">T\u1ed1i \u01b0u cho PCB nh\u1ecf, smartphone<\/span><\/p>\n<\/li>\n<li data-section-id=\"1yk3ho4\" data-start=\"1315\" data-end=\"1357\">\n<p data-start=\"1317\" data-end=\"1357\"><span style=\"font-family: arial, helvetica, sans-serif; font-size: 12pt;\">Hi\u1ec7u su\u1ea5t cao trong s\u1ea3n xu\u1ea5t h\u00e0ng lo\u1ea1t<\/span><\/p>\n<\/li>\n<\/ul>\n<p data-start=\"1359\" data-end=\"1386\"><span style=\"font-family: arial, helvetica, sans-serif; font-size: 12pt;\">\u27a1\ufe0f L\u00e0 l\u1ef1a ch\u1ecdn ph\u00f9 h\u1ee3p cho:<\/span><\/p>\n<ul data-start=\"1387\" data-end=\"1501\">\n<li data-section-id=\"1suieer\" data-start=\"1387\" data-end=\"1418\">\n<p data-start=\"1389\" data-end=\"1418\"><span style=\"font-family: arial, helvetica, sans-serif; font-size: 12pt;\">Nh\u00e0 m\u00e1y s\u1ea3n xu\u1ea5t \u0111i\u1ec7n tho\u1ea1i<\/span><\/p>\n<\/li>\n<li data-section-id=\"bvubwk\" data-start=\"1419\" data-end=\"1451\">\n<p data-start=\"1421\" data-end=\"1451\"><span style=\"font-family: arial, helvetica, sans-serif; font-size: 12pt;\">D\u00e2y chuy\u1ec1n SMT s\u1ea3n l\u01b0\u1ee3ng l\u1edbn<\/span><\/p>\n<\/li>\n<li data-section-id=\"1gej7g3\" data-start=\"1452\" data-end=\"1501\">\n<p data-start=\"1454\" data-end=\"1501\"><span style=\"font-family: arial, helvetica, sans-serif; font-size: 12pt;\">\u1ee8ng d\u1ee5ng PCB k\u00edch th\u01b0\u1edbc nh\u1ecf, \u0111\u1ed9 ch\u00ednh x\u00e1c cao<\/span><\/p>\n<\/li>\n<\/ul>\n","protected":false},"excerpt":{"rendered":"<p>Getech SPR Small Panel Router \u0111\u01b0\u1ee3c thi\u1ebft k\u1ebf chuy\u00ean bi\u1ec7t \u0111\u1ec3 x\u1eed l\u00fd small panel PCB v\u1edbi hi\u1ec7u su\u1ea5t v\u01b0\u1ee3t tr\u1ed9i<\/p>\n","protected":false},"author":1,"featured_media":4547,"parent":0,"menu_order":114,"comment_status":"open","ping_status":"closed","template":"","meta":{"inline_featured_image":false,"footnotes":""},"service-category":[78,79],"service_tag":[113],"class_list":["post-1683","product","type-product","status-publish","has-post-thumbnail","hentry","service-category-getech","service-category-may-cat-bo-mach-inline","service_tag-getech-vi"],"yoast_head":"<!-- This site is optimized with the Yoast SEO plugin v27.5 - https:\/\/yoast.com\/product\/yoast-seo-wordpress\/ -->\n<title>M\u00c1Y SPR - LORIOT INDUSTRIAL<\/title>\n<meta name=\"description\" content=\"Getech SPR Small Panel Router \u0111\u01b0\u1ee3c thi\u1ebft k\u1ebf chuy\u00ean bi\u1ec7t \u0111\u1ec3 x\u1eed l\u00fd small panel PCB v\u1edbi hi\u1ec7u su\u1ea5t v\u01b0\u1ee3t tr\u1ed9i v\u00e0 \u0111\u1ed9 ch\u00ednh x\u00e1c cao.\" \/>\n<meta name=\"robots\" content=\"index, follow, max-snippet:-1, max-image-preview:large, max-video-preview:-1\" \/>\n<link rel=\"canonical\" href=\"https:\/\/loriot.com.vn\/vi\/product\/may-spr\/\" \/>\n<meta property=\"og:locale\" content=\"vi_VN\" \/>\n<meta property=\"og:type\" content=\"article\" \/>\n<meta property=\"og:title\" content=\"M\u00c1Y SPR - LORIOT INDUSTRIAL\" \/>\n<meta property=\"og:description\" content=\"Getech SPR Small Panel Router \u0111\u01b0\u1ee3c thi\u1ebft k\u1ebf chuy\u00ean bi\u1ec7t \u0111\u1ec3 x\u1eed l\u00fd small panel PCB v\u1edbi hi\u1ec7u su\u1ea5t v\u01b0\u1ee3t tr\u1ed9i v\u00e0 \u0111\u1ed9 ch\u00ednh x\u00e1c cao.\" \/>\n<meta property=\"og:url\" content=\"https:\/\/loriot.com.vn\/vi\/product\/may-spr\/\" \/>\n<meta property=\"og:site_name\" content=\"LORIOT INDUSTRIAL\" \/>\n<meta property=\"article:publisher\" content=\"https:\/\/www.facebook.com\/Loriot-Industrial-COLTD-103044855046633\" \/>\n<meta property=\"article:modified_time\" content=\"2026-03-18T09:03:41+00:00\" \/>\n<meta property=\"og:image\" content=\"https:\/\/loriot.com.vn\/wp-content\/uploads\/2021\/08\/SPR-1-747x630-1.jpg\" \/>\n\t<meta property=\"og:image:width\" content=\"770\" \/>\n\t<meta property=\"og:image:height\" content=\"513\" \/>\n\t<meta property=\"og:image:type\" content=\"image\/jpeg\" \/>\n<meta name=\"twitter:card\" content=\"summary_large_image\" \/>\n<meta name=\"twitter:label1\" content=\"\u01af\u1edbc t\u00ednh th\u1eddi gian \u0111\u1ecdc\" \/>\n\t<meta name=\"twitter:data1\" content=\"2 ph\u00fat\" \/>\n<script type=\"application\/ld+json\" class=\"yoast-schema-graph\">{\"@context\":\"https:\\\/\\\/schema.org\",\"@graph\":[{\"@type\":\"WebPage\",\"@id\":\"https:\\\/\\\/loriot.com.vn\\\/vi\\\/product\\\/may-spr\\\/\",\"url\":\"https:\\\/\\\/loriot.com.vn\\\/vi\\\/product\\\/may-spr\\\/\",\"name\":\"M\u00c1Y SPR - LORIOT INDUSTRIAL\",\"isPartOf\":{\"@id\":\"https:\\\/\\\/loriot.com.vn\\\/vi\\\/#website\"},\"primaryImageOfPage\":{\"@id\":\"https:\\\/\\\/loriot.com.vn\\\/vi\\\/product\\\/may-spr\\\/#primaryimage\"},\"image\":{\"@id\":\"https:\\\/\\\/loriot.com.vn\\\/vi\\\/product\\\/may-spr\\\/#primaryimage\"},\"thumbnailUrl\":\"https:\\\/\\\/loriot.com.vn\\\/wp-content\\\/uploads\\\/2021\\\/08\\\/SPR-1-747x630-1.jpg\",\"datePublished\":\"2021-08-03T09:45:16+00:00\",\"dateModified\":\"2026-03-18T09:03:41+00:00\",\"description\":\"Getech SPR Small Panel Router \u0111\u01b0\u1ee3c thi\u1ebft k\u1ebf chuy\u00ean bi\u1ec7t \u0111\u1ec3 x\u1eed l\u00fd small panel PCB v\u1edbi hi\u1ec7u su\u1ea5t v\u01b0\u1ee3t tr\u1ed9i v\u00e0 \u0111\u1ed9 ch\u00ednh x\u00e1c cao.\",\"breadcrumb\":{\"@id\":\"https:\\\/\\\/loriot.com.vn\\\/vi\\\/product\\\/may-spr\\\/#breadcrumb\"},\"inLanguage\":\"vi\",\"potentialAction\":[{\"@type\":\"ReadAction\",\"target\":[\"https:\\\/\\\/loriot.com.vn\\\/vi\\\/product\\\/may-spr\\\/\"]}]},{\"@type\":\"ImageObject\",\"inLanguage\":\"vi\",\"@id\":\"https:\\\/\\\/loriot.com.vn\\\/vi\\\/product\\\/may-spr\\\/#primaryimage\",\"url\":\"https:\\\/\\\/loriot.com.vn\\\/wp-content\\\/uploads\\\/2021\\\/08\\\/SPR-1-747x630-1.jpg\",\"contentUrl\":\"https:\\\/\\\/loriot.com.vn\\\/wp-content\\\/uploads\\\/2021\\\/08\\\/SPR-1-747x630-1.jpg\",\"width\":770,\"height\":513,\"caption\":\"M\u00e1y SPR\"},{\"@type\":\"BreadcrumbList\",\"@id\":\"https:\\\/\\\/loriot.com.vn\\\/vi\\\/product\\\/may-spr\\\/#breadcrumb\",\"itemListElement\":[{\"@type\":\"ListItem\",\"position\":1,\"name\":\"Home\",\"item\":\"https:\\\/\\\/loriot.com.vn\\\/vi\\\/\"},{\"@type\":\"ListItem\",\"position\":2,\"name\":\"Products\",\"item\":\"https:\\\/\\\/loriot.com.vn\\\/vi\\\/product\\\/\"},{\"@type\":\"ListItem\",\"position\":3,\"name\":\"M\u00c1Y SPR\"}]},{\"@type\":\"WebSite\",\"@id\":\"https:\\\/\\\/loriot.com.vn\\\/vi\\\/#website\",\"url\":\"https:\\\/\\\/loriot.com.vn\\\/vi\\\/\",\"name\":\"LORIOT INDUSTRIAL CO.,LTD\",\"description\":\"\",\"publisher\":{\"@id\":\"https:\\\/\\\/loriot.com.vn\\\/vi\\\/#organization\"},\"potentialAction\":[{\"@type\":\"SearchAction\",\"target\":{\"@type\":\"EntryPoint\",\"urlTemplate\":\"https:\\\/\\\/loriot.com.vn\\\/vi\\\/?s={search_term_string}\"},\"query-input\":{\"@type\":\"PropertyValueSpecification\",\"valueRequired\":true,\"valueName\":\"search_term_string\"}}],\"inLanguage\":\"vi\"},{\"@type\":\"Organization\",\"@id\":\"https:\\\/\\\/loriot.com.vn\\\/vi\\\/#organization\",\"name\":\"Loriot Industrial Co.,Ltd\",\"url\":\"https:\\\/\\\/loriot.com.vn\\\/vi\\\/\",\"logo\":{\"@type\":\"ImageObject\",\"inLanguage\":\"vi\",\"@id\":\"https:\\\/\\\/loriot.com.vn\\\/vi\\\/#\\\/schema\\\/logo\\\/image\\\/\",\"url\":\"https:\\\/\\\/loriot.com.vn\\\/wp-content\\\/uploads\\\/2021\\\/08\\\/logo-ft.png\",\"contentUrl\":\"https:\\\/\\\/loriot.com.vn\\\/wp-content\\\/uploads\\\/2021\\\/08\\\/logo-ft.png\",\"width\":333,\"height\":101,\"caption\":\"Loriot Industrial Co.,Ltd\"},\"image\":{\"@id\":\"https:\\\/\\\/loriot.com.vn\\\/vi\\\/#\\\/schema\\\/logo\\\/image\\\/\"},\"sameAs\":[\"https:\\\/\\\/www.facebook.com\\\/Loriot-Industrial-COLTD-103044855046633\"]}]}<\/script>\n<!-- \/ Yoast SEO plugin. -->","yoast_head_json":{"title":"M\u00c1Y SPR - LORIOT INDUSTRIAL","description":"Getech SPR Small Panel Router \u0111\u01b0\u1ee3c thi\u1ebft k\u1ebf chuy\u00ean bi\u1ec7t \u0111\u1ec3 x\u1eed l\u00fd small panel PCB v\u1edbi hi\u1ec7u su\u1ea5t v\u01b0\u1ee3t tr\u1ed9i v\u00e0 \u0111\u1ed9 ch\u00ednh x\u00e1c cao.","robots":{"index":"index","follow":"follow","max-snippet":"max-snippet:-1","max-image-preview":"max-image-preview:large","max-video-preview":"max-video-preview:-1"},"canonical":"https:\/\/loriot.com.vn\/vi\/product\/may-spr\/","og_locale":"vi_VN","og_type":"article","og_title":"M\u00c1Y SPR - LORIOT INDUSTRIAL","og_description":"Getech SPR Small Panel Router \u0111\u01b0\u1ee3c thi\u1ebft k\u1ebf chuy\u00ean bi\u1ec7t \u0111\u1ec3 x\u1eed l\u00fd small panel PCB v\u1edbi hi\u1ec7u su\u1ea5t v\u01b0\u1ee3t tr\u1ed9i v\u00e0 \u0111\u1ed9 ch\u00ednh x\u00e1c cao.","og_url":"https:\/\/loriot.com.vn\/vi\/product\/may-spr\/","og_site_name":"LORIOT INDUSTRIAL","article_publisher":"https:\/\/www.facebook.com\/Loriot-Industrial-COLTD-103044855046633","article_modified_time":"2026-03-18T09:03:41+00:00","og_image":[{"width":770,"height":513,"url":"https:\/\/loriot.com.vn\/wp-content\/uploads\/2021\/08\/SPR-1-747x630-1.jpg","type":"image\/jpeg"}],"twitter_card":"summary_large_image","twitter_misc":{"\u01af\u1edbc t\u00ednh th\u1eddi gian \u0111\u1ecdc":"2 ph\u00fat"},"schema":{"@context":"https:\/\/schema.org","@graph":[{"@type":"WebPage","@id":"https:\/\/loriot.com.vn\/vi\/product\/may-spr\/","url":"https:\/\/loriot.com.vn\/vi\/product\/may-spr\/","name":"M\u00c1Y SPR - LORIOT INDUSTRIAL","isPartOf":{"@id":"https:\/\/loriot.com.vn\/vi\/#website"},"primaryImageOfPage":{"@id":"https:\/\/loriot.com.vn\/vi\/product\/may-spr\/#primaryimage"},"image":{"@id":"https:\/\/loriot.com.vn\/vi\/product\/may-spr\/#primaryimage"},"thumbnailUrl":"https:\/\/loriot.com.vn\/wp-content\/uploads\/2021\/08\/SPR-1-747x630-1.jpg","datePublished":"2021-08-03T09:45:16+00:00","dateModified":"2026-03-18T09:03:41+00:00","description":"Getech SPR Small Panel Router \u0111\u01b0\u1ee3c thi\u1ebft k\u1ebf chuy\u00ean bi\u1ec7t \u0111\u1ec3 x\u1eed l\u00fd small panel PCB v\u1edbi hi\u1ec7u su\u1ea5t v\u01b0\u1ee3t tr\u1ed9i v\u00e0 \u0111\u1ed9 ch\u00ednh x\u00e1c cao.","breadcrumb":{"@id":"https:\/\/loriot.com.vn\/vi\/product\/may-spr\/#breadcrumb"},"inLanguage":"vi","potentialAction":[{"@type":"ReadAction","target":["https:\/\/loriot.com.vn\/vi\/product\/may-spr\/"]}]},{"@type":"ImageObject","inLanguage":"vi","@id":"https:\/\/loriot.com.vn\/vi\/product\/may-spr\/#primaryimage","url":"https:\/\/loriot.com.vn\/wp-content\/uploads\/2021\/08\/SPR-1-747x630-1.jpg","contentUrl":"https:\/\/loriot.com.vn\/wp-content\/uploads\/2021\/08\/SPR-1-747x630-1.jpg","width":770,"height":513,"caption":"M\u00e1y SPR"},{"@type":"BreadcrumbList","@id":"https:\/\/loriot.com.vn\/vi\/product\/may-spr\/#breadcrumb","itemListElement":[{"@type":"ListItem","position":1,"name":"Home","item":"https:\/\/loriot.com.vn\/vi\/"},{"@type":"ListItem","position":2,"name":"Products","item":"https:\/\/loriot.com.vn\/vi\/product\/"},{"@type":"ListItem","position":3,"name":"M\u00c1Y SPR"}]},{"@type":"WebSite","@id":"https:\/\/loriot.com.vn\/vi\/#website","url":"https:\/\/loriot.com.vn\/vi\/","name":"LORIOT INDUSTRIAL CO.,LTD","description":"","publisher":{"@id":"https:\/\/loriot.com.vn\/vi\/#organization"},"potentialAction":[{"@type":"SearchAction","target":{"@type":"EntryPoint","urlTemplate":"https:\/\/loriot.com.vn\/vi\/?s={search_term_string}"},"query-input":{"@type":"PropertyValueSpecification","valueRequired":true,"valueName":"search_term_string"}}],"inLanguage":"vi"},{"@type":"Organization","@id":"https:\/\/loriot.com.vn\/vi\/#organization","name":"Loriot Industrial Co.,Ltd","url":"https:\/\/loriot.com.vn\/vi\/","logo":{"@type":"ImageObject","inLanguage":"vi","@id":"https:\/\/loriot.com.vn\/vi\/#\/schema\/logo\/image\/","url":"https:\/\/loriot.com.vn\/wp-content\/uploads\/2021\/08\/logo-ft.png","contentUrl":"https:\/\/loriot.com.vn\/wp-content\/uploads\/2021\/08\/logo-ft.png","width":333,"height":101,"caption":"Loriot Industrial Co.,Ltd"},"image":{"@id":"https:\/\/loriot.com.vn\/vi\/#\/schema\/logo\/image\/"},"sameAs":["https:\/\/www.facebook.com\/Loriot-Industrial-COLTD-103044855046633"]}]}},"_links":{"self":[{"href":"https:\/\/loriot.com.vn\/vi\/wp-json\/wp\/v2\/product\/1683","targetHints":{"allow":["GET"]}}],"collection":[{"href":"https:\/\/loriot.com.vn\/vi\/wp-json\/wp\/v2\/product"}],"about":[{"href":"https:\/\/loriot.com.vn\/vi\/wp-json\/wp\/v2\/types\/product"}],"author":[{"embeddable":true,"href":"https:\/\/loriot.com.vn\/vi\/wp-json\/wp\/v2\/users\/1"}],"replies":[{"embeddable":true,"href":"https:\/\/loriot.com.vn\/vi\/wp-json\/wp\/v2\/comments?post=1683"}],"version-history":[{"count":15,"href":"https:\/\/loriot.com.vn\/vi\/wp-json\/wp\/v2\/product\/1683\/revisions"}],"predecessor-version":[{"id":6603,"href":"https:\/\/loriot.com.vn\/vi\/wp-json\/wp\/v2\/product\/1683\/revisions\/6603"}],"wp:featuredmedia":[{"embeddable":true,"href":"https:\/\/loriot.com.vn\/vi\/wp-json\/wp\/v2\/media\/4547"}],"wp:attachment":[{"href":"https:\/\/loriot.com.vn\/vi\/wp-json\/wp\/v2\/media?parent=1683"}],"wp:term":[{"taxonomy":"service-category","embeddable":true,"href":"https:\/\/loriot.com.vn\/vi\/wp-json\/wp\/v2\/service-category?post=1683"},{"taxonomy":"service_tag","embeddable":true,"href":"https:\/\/loriot.com.vn\/vi\/wp-json\/wp\/v2\/service_tag?post=1683"}],"curies":[{"name":"wp","href":"https:\/\/api.w.org\/{rel}","templated":true}]}}