{"id":1684,"date":"2021-08-03T15:21:29","date_gmt":"2021-08-03T15:21:29","guid":{"rendered":"http:\/\/loriot.com.vn\/product\/swift-pro\/"},"modified":"2023-02-03T14:11:06","modified_gmt":"2023-02-03T07:11:06","slug":"kinh-hien-vi-swift-pro","status":"publish","type":"product","link":"https:\/\/loriot.com.vn\/vi\/product\/kinh-hien-vi-swift-pro\/","title":{"rendered":"K\u00cdNH HI\u1ec2N VI SWIFT PRO"},"content":{"rendered":"<p style=\"text-align: center;\"><span style=\"font-family: arial, helvetica, sans-serif; font-size: 14pt;\"><strong>K\u00cdNH HI\u1ec2N VI SWIFT PRO<\/strong><\/span><\/p>\n<p>&nbsp;<\/p>\n<p>K\u00ednh hi\u1ec3n vi SWIFT PRO c\u1ee7a h\u00e3ng Vision Engineering l\u00e0 m\u1ed9t thi\u1ebft b\u1ecb quang h\u1ecdc ti\u00ean ti\u1ebfn \u0111\u01b0\u1ee3c thi\u1ebft k\u1ebf \u0111\u1ec3 cung c\u1ea5p kh\u1ea3 n\u0103ng l\u1edbn h\u00f3a tuy\u1ec7t v\u1eddi trong m\u1ed9t thi\u1ebft k\u1ebf nh\u1ecf g\u1ecdn v\u00e0 th\u00f4ng minh. K\u00ednh n\u00e0y c\u00f3 nhi\u1ec1u \u1ee9ng d\u1ee5ng trong c\u00e1c l\u0129nh v\u1ef1c kh\u00e1c nhau, bao g\u1ed3m \u0111i\u1ec7n t\u1eed, th\u1ee7 thu\u1eadt y khoa v\u00e0 c\u00f4ng ngh\u1ec7 ch\u00ednh x\u00e1c.<\/p>\n<p><strong>Thi\u1ebft k\u1ebf:<\/strong>\u00a0 SWIFT PRO l\u00e0 nh\u1ecf g\u1ecdn v\u00e0 nh\u1eb9 nh\u00e0ng, d\u1ec5 d\u00e0ng s\u1eed d\u1ee5ng trong nhi\u1ec1u t\u00ecnh hu\u1ed1ng kh\u00e1c nhau. N\u00f3 c\u00f3 m\u1ed9t tay c\u1ea7m ergonomic d\u1ec5 ch\u1ea1m v\u00e0 ki\u1ec3m so\u00e1t, v\u00e0 c\u0169ng c\u00f3 m\u1ed9t h\u1ec7 th\u1ed1ng ti\u1ebfp c\u1eadn m\u01b0\u1ee3t m\u00e0 v\u00e0 ch\u00ednh x\u00e1c cho ph\u00e9p ng\u01b0\u1eddi d\u00f9ng \u0111i\u1ec1u ch\u1ec9nh \u0111\u1ed9 l\u1edbn h\u00f3a d\u1ec5 d\u00e0ng. K\u00ednh \u0111\u01b0\u1ee3c x\u00e2y d\u1ef1ng t\u1eeb nh\u1eefng nguy\u00ean li\u1ec7u ch\u1ea5t l\u01b0\u1ee3ng cao, \u0111\u1ea3m b\u1ea3o r\u1eb1ng n\u00f3 c\u1ea3 \u0111\u1ec1u v\u1eefng ch\u1eafc v\u00e0 \u0111\u00e1ng tin c\u1eady, v\u00e0 c\u0169ng c\u00f3 m\u1ed9t m\u1eb7t k\u00ednh ch\u1ed1ng tr\u1ea7y x\u01b0\u1edbc gi\u00fap \u0111\u1ea3m b\u1ea3o h\u00ecnh \u1ea3nh r\u00f5 n\u00e9t m\u1ed7i l\u1ea7n s\u1eed d\u1ee5ng.<\/p>\n<p><strong>K\u00edch th\u01b0\u1edbc ph\u00f3ng \u0111\u1ea1i:<\/strong> K\u00ednh hi\u1ec3n vi SWIFT PRO cung c\u1ea5p m\u1ed9t \u0111\u1ed9 ph\u00f3ng \u0111\u1ea1i t\u1ed1i \u0111a l\u00ean \u0111\u1ebfn 10x, cho ph\u00e9p ng\u01b0\u1eddi d\u00f9ng xem r\u00f5 nh\u1eefng chi ti\u1ebft nh\u1ecf trong c\u00e1c \u0111\u1ed1i t\u01b0\u1ee3ng m\u00e0 h\u1ecd \u0111ang quan t\u00e2m. N\u00f3 c\u0169ng c\u00f3 th\u1ec3 \u0111i\u1ec1u ch\u1ec9nh \u0111\u1ed9i ph\u00f3ng \u0111\u1ea1i \u0111\u1ec3 ph\u00f9 h\u1ee3p v\u1edbi nhu c\u1ea7u c\u1ee7a ng\u01b0\u1eddi d\u00f9ng. K\u00ednh hi\u1ec3n vi n\u00e0y c\u0169ng c\u00f3 th\u1ec3 chuy\u1ec3n \u0111\u1ed5i \u0111\u1ed9 ph\u00f3ng \u0111\u1ea1i m\u1ed9t c\u00e1ch nhanh ch\u00f3ng v\u00e0 d\u1ec5 d\u00e0ng, cho ph\u00e9p ng\u01b0\u1eddi d\u00f9ng s\u1eed d\u1ee5ng n\u00f3 cho nhi\u1ec1u m\u1ee5c \u0111\u00edch kh\u00e1c nhau.<\/p>\n<p><strong>H\u1ec7 th\u1ed1ng \u0111\u00e8n LED<\/strong>: SWIFT PRO c\u00f3 m\u1ed9t h\u1ec7 th\u1ed1ng \u0111\u00e8n LED m\u1ea1nh m\u1ebd v\u00e0 c\u00f3 th\u1ec3 \u0111i\u1ec1u ch\u1ec9nh \u0111\u1ed9 s\u00e1ng, cho ph\u00e9p ng\u01b0\u1eddi d\u00f9ng t\u00f9y ch\u1ec9nh s\u00e1ng cho ph\u00f9 h\u1ee3p v\u1edbi m\u00f4i tr\u01b0\u1eddng xung quanh. \u0110i\u1ec1u n\u00e0y gi\u00fap cho vi\u1ec7c xem v\u00e0 nh\u00ecn r\u00f5 h\u00ecnh \u1ea3nh tr\u00ean k\u00ednh, \u0111\u1eb7c bi\u1ec7t trong m\u00f4i tr\u01b0\u1eddng c\u00f3 \u00e1nh s\u00e1ng y\u1ebfu.<\/p>\n<p>T\u1ed5ng quan, k\u00ednh hi\u1ec3n vi SWIFT PRO c\u1ee7a Vision engineering l\u00e0 m\u1ed9t s\u1ea3n ph\u1ea9m ch\u1ea5t l\u01b0\u1ee3ng cao v\u00e0 ti\u00ean ti\u1ebfn, \u0111\u00e1p \u1ee9ng nhu c\u1ea7u c\u1ee7a ng\u01b0\u1eddi d\u00f9ng v\u1ec1 vi\u1ec7c xem v\u00e0 nh\u00ecn r\u00f5 h\u00ecnh \u1ea3nh trong nhi\u1ec1u m\u00f4i tr\u01b0\u1eddng kh\u00e1c nhau. N\u00f3 c\u00f3 m\u1ed9t h\u1ec7 th\u1ed1ng \u0111\u00e8n LED m\u1ea1nh m\u1ebd, ch\u1ea5t l\u01b0\u1ee3ng h\u00ecnh \u1ea3nh t\u1ed1t v\u00e0 thi\u1ebft k\u1ebf b\u1ec1n b\u1ec9 v\u00e0 \u0111\u1eb9p m\u1eaft.<\/p>\n","protected":false},"excerpt":{"rendered":"<p>Swift PRO k\u1ebft h\u1ee3p hai k\u00ednh hi\u1ec3n vi \u0111o trong m\u1ed9t thi\u1ebft b\u1ecb duy nh\u1ea5t, m\u1ea1nh m\u1ebd, ti\u1ebft ki\u1ec7m kh\u00f4ng gian v\u00e0 chi ph\u00ed<\/p>\n","protected":false},"author":1,"featured_media":3262,"parent":0,"menu_order":26,"comment_status":"open","ping_status":"closed","template":"","meta":{"inline_featured_image":false,"footnotes":""},"service-category":[84,85],"service_tag":[],"class_list":["post-1684","product","type-product","status-publish","has-post-thumbnail","hentry","service-category-giai-phap-kiem-tra-va-do-luong","service-category-kinh-hien-vi-do-luong"],"yoast_head":"<!-- This site is optimized with the Yoast SEO plugin v27.4 - https:\/\/yoast.com\/product\/yoast-seo-wordpress\/ -->\n<title>K\u00cdNH HI\u1ec2N VI SWIFT PRO - LORIOT INDUSTRIAL<\/title>\n<meta name=\"description\" content=\"K\u00cdNH HI\u1ec2N VI Swift PRO l\u00e0m cho n\u00f3 l\u00fd t\u01b0\u1edfng cho m\u1ed9t lo\u1ea1t c\u00e1c ph\u00e9p \u0111o kh\u00f4ng ti\u1ebfp x\u00fac c\u1ee7a c\u00e1c b\u1ed9 ph\u1eadn nh\u1ef1a, thi\u1ebft b\u1ecb y t\u1ebf, PCB...\" \/>\n<meta name=\"robots\" content=\"index, follow, max-snippet:-1, max-image-preview:large, max-video-preview:-1\" \/>\n<link rel=\"canonical\" href=\"https:\/\/loriot.com.vn\/vi\/product\/kinh-hien-vi-swift-pro\/\" \/>\n<meta property=\"og:locale\" content=\"vi_VN\" \/>\n<meta property=\"og:type\" content=\"article\" \/>\n<meta property=\"og:title\" content=\"K\u00cdNH HI\u1ec2N VI SWIFT PRO - LORIOT INDUSTRIAL\" \/>\n<meta property=\"og:description\" content=\"K\u00cdNH HI\u1ec2N VI Swift PRO l\u00e0m cho n\u00f3 l\u00fd t\u01b0\u1edfng cho m\u1ed9t lo\u1ea1t c\u00e1c ph\u00e9p \u0111o kh\u00f4ng ti\u1ebfp x\u00fac c\u1ee7a c\u00e1c b\u1ed9 ph\u1eadn nh\u1ef1a, thi\u1ebft b\u1ecb y t\u1ebf, PCB...\" \/>\n<meta property=\"og:url\" content=\"https:\/\/loriot.com.vn\/vi\/product\/kinh-hien-vi-swift-pro\/\" \/>\n<meta property=\"og:site_name\" content=\"LORIOT INDUSTRIAL\" \/>\n<meta property=\"article:publisher\" content=\"https:\/\/www.facebook.com\/Loriot-Industrial-COLTD-103044855046633\" \/>\n<meta property=\"article:modified_time\" content=\"2023-02-03T07:11:06+00:00\" \/>\n<meta property=\"og:image\" content=\"https:\/\/loriot.com.vn\/wp-content\/uploads\/2021\/08\/KINH-HIEN-VI-SWIFT-PRO--scaled.jpg\" \/>\n\t<meta property=\"og:image:width\" content=\"2560\" \/>\n\t<meta property=\"og:image:height\" content=\"1702\" \/>\n\t<meta property=\"og:image:type\" content=\"image\/jpeg\" \/>\n<meta name=\"twitter:card\" content=\"summary_large_image\" \/>\n<meta name=\"twitter:label1\" content=\"\u01af\u1edbc t\u00ednh th\u1eddi gian \u0111\u1ecdc\" \/>\n\t<meta name=\"twitter:data1\" content=\"2 ph\u00fat\" \/>\n<script type=\"application\/ld+json\" class=\"yoast-schema-graph\">{\"@context\":\"https:\\\/\\\/schema.org\",\"@graph\":[{\"@type\":\"WebPage\",\"@id\":\"https:\\\/\\\/loriot.com.vn\\\/vi\\\/product\\\/kinh-hien-vi-swift-pro\\\/\",\"url\":\"https:\\\/\\\/loriot.com.vn\\\/vi\\\/product\\\/kinh-hien-vi-swift-pro\\\/\",\"name\":\"K\u00cdNH HI\u1ec2N VI SWIFT PRO - LORIOT INDUSTRIAL\",\"isPartOf\":{\"@id\":\"https:\\\/\\\/loriot.com.vn\\\/#website\"},\"primaryImageOfPage\":{\"@id\":\"https:\\\/\\\/loriot.com.vn\\\/vi\\\/product\\\/kinh-hien-vi-swift-pro\\\/#primaryimage\"},\"image\":{\"@id\":\"https:\\\/\\\/loriot.com.vn\\\/vi\\\/product\\\/kinh-hien-vi-swift-pro\\\/#primaryimage\"},\"thumbnailUrl\":\"https:\\\/\\\/loriot.com.vn\\\/wp-content\\\/uploads\\\/2021\\\/08\\\/KINH-HIEN-VI-SWIFT-PRO--scaled.jpg\",\"datePublished\":\"2021-08-03T15:21:29+00:00\",\"dateModified\":\"2023-02-03T07:11:06+00:00\",\"description\":\"K\u00cdNH HI\u1ec2N VI Swift PRO l\u00e0m cho n\u00f3 l\u00fd t\u01b0\u1edfng cho m\u1ed9t lo\u1ea1t c\u00e1c ph\u00e9p \u0111o kh\u00f4ng ti\u1ebfp x\u00fac c\u1ee7a c\u00e1c b\u1ed9 ph\u1eadn nh\u1ef1a, thi\u1ebft b\u1ecb y t\u1ebf, PCB...\",\"breadcrumb\":{\"@id\":\"https:\\\/\\\/loriot.com.vn\\\/vi\\\/product\\\/kinh-hien-vi-swift-pro\\\/#breadcrumb\"},\"inLanguage\":\"vi\",\"potentialAction\":[{\"@type\":\"ReadAction\",\"target\":[\"https:\\\/\\\/loriot.com.vn\\\/vi\\\/product\\\/kinh-hien-vi-swift-pro\\\/\"]}]},{\"@type\":\"ImageObject\",\"inLanguage\":\"vi\",\"@id\":\"https:\\\/\\\/loriot.com.vn\\\/vi\\\/product\\\/kinh-hien-vi-swift-pro\\\/#primaryimage\",\"url\":\"https:\\\/\\\/loriot.com.vn\\\/wp-content\\\/uploads\\\/2021\\\/08\\\/KINH-HIEN-VI-SWIFT-PRO--scaled.jpg\",\"contentUrl\":\"https:\\\/\\\/loriot.com.vn\\\/wp-content\\\/uploads\\\/2021\\\/08\\\/KINH-HIEN-VI-SWIFT-PRO--scaled.jpg\",\"width\":2560,\"height\":1702,\"caption\":\"K\u00cdNH HI\u1ec2N VI SWIFT PRO\"},{\"@type\":\"BreadcrumbList\",\"@id\":\"https:\\\/\\\/loriot.com.vn\\\/vi\\\/product\\\/kinh-hien-vi-swift-pro\\\/#breadcrumb\",\"itemListElement\":[{\"@type\":\"ListItem\",\"position\":1,\"name\":\"Home\",\"item\":\"https:\\\/\\\/loriot.com.vn\\\/vi\\\/\"},{\"@type\":\"ListItem\",\"position\":2,\"name\":\"Products\",\"item\":\"https:\\\/\\\/loriot.com.vn\\\/product\\\/\"},{\"@type\":\"ListItem\",\"position\":3,\"name\":\"K\u00cdNH HI\u1ec2N VI SWIFT PRO\"}]},{\"@type\":\"WebSite\",\"@id\":\"https:\\\/\\\/loriot.com.vn\\\/#website\",\"url\":\"https:\\\/\\\/loriot.com.vn\\\/\",\"name\":\"LORIOT INDUSTRIAL CO.,LTD\",\"description\":\"\",\"publisher\":{\"@id\":\"https:\\\/\\\/loriot.com.vn\\\/#organization\"},\"potentialAction\":[{\"@type\":\"SearchAction\",\"target\":{\"@type\":\"EntryPoint\",\"urlTemplate\":\"https:\\\/\\\/loriot.com.vn\\\/?s={search_term_string}\"},\"query-input\":{\"@type\":\"PropertyValueSpecification\",\"valueRequired\":true,\"valueName\":\"search_term_string\"}}],\"inLanguage\":\"vi\"},{\"@type\":\"Organization\",\"@id\":\"https:\\\/\\\/loriot.com.vn\\\/#organization\",\"name\":\"Loriot Industrial Co.,Ltd\",\"url\":\"https:\\\/\\\/loriot.com.vn\\\/\",\"logo\":{\"@type\":\"ImageObject\",\"inLanguage\":\"vi\",\"@id\":\"https:\\\/\\\/loriot.com.vn\\\/#\\\/schema\\\/logo\\\/image\\\/\",\"url\":\"https:\\\/\\\/loriot.com.vn\\\/wp-content\\\/uploads\\\/2021\\\/08\\\/logo-ft.png\",\"contentUrl\":\"https:\\\/\\\/loriot.com.vn\\\/wp-content\\\/uploads\\\/2021\\\/08\\\/logo-ft.png\",\"width\":333,\"height\":101,\"caption\":\"Loriot Industrial Co.,Ltd\"},\"image\":{\"@id\":\"https:\\\/\\\/loriot.com.vn\\\/#\\\/schema\\\/logo\\\/image\\\/\"},\"sameAs\":[\"https:\\\/\\\/www.facebook.com\\\/Loriot-Industrial-COLTD-103044855046633\"]}]}<\/script>\n<!-- \/ Yoast SEO plugin. -->","yoast_head_json":{"title":"K\u00cdNH HI\u1ec2N VI SWIFT PRO - LORIOT INDUSTRIAL","description":"K\u00cdNH HI\u1ec2N VI Swift PRO l\u00e0m cho n\u00f3 l\u00fd t\u01b0\u1edfng cho m\u1ed9t lo\u1ea1t c\u00e1c ph\u00e9p \u0111o kh\u00f4ng ti\u1ebfp x\u00fac c\u1ee7a c\u00e1c b\u1ed9 ph\u1eadn nh\u1ef1a, thi\u1ebft b\u1ecb y t\u1ebf, PCB...","robots":{"index":"index","follow":"follow","max-snippet":"max-snippet:-1","max-image-preview":"max-image-preview:large","max-video-preview":"max-video-preview:-1"},"canonical":"https:\/\/loriot.com.vn\/vi\/product\/kinh-hien-vi-swift-pro\/","og_locale":"vi_VN","og_type":"article","og_title":"K\u00cdNH HI\u1ec2N VI SWIFT PRO - LORIOT INDUSTRIAL","og_description":"K\u00cdNH HI\u1ec2N VI Swift PRO l\u00e0m cho n\u00f3 l\u00fd t\u01b0\u1edfng cho m\u1ed9t lo\u1ea1t c\u00e1c ph\u00e9p \u0111o kh\u00f4ng ti\u1ebfp x\u00fac c\u1ee7a c\u00e1c b\u1ed9 ph\u1eadn nh\u1ef1a, thi\u1ebft b\u1ecb y t\u1ebf, PCB...","og_url":"https:\/\/loriot.com.vn\/vi\/product\/kinh-hien-vi-swift-pro\/","og_site_name":"LORIOT INDUSTRIAL","article_publisher":"https:\/\/www.facebook.com\/Loriot-Industrial-COLTD-103044855046633","article_modified_time":"2023-02-03T07:11:06+00:00","og_image":[{"width":2560,"height":1702,"url":"https:\/\/loriot.com.vn\/wp-content\/uploads\/2021\/08\/KINH-HIEN-VI-SWIFT-PRO--scaled.jpg","type":"image\/jpeg"}],"twitter_card":"summary_large_image","twitter_misc":{"\u01af\u1edbc t\u00ednh th\u1eddi gian \u0111\u1ecdc":"2 ph\u00fat"},"schema":{"@context":"https:\/\/schema.org","@graph":[{"@type":"WebPage","@id":"https:\/\/loriot.com.vn\/vi\/product\/kinh-hien-vi-swift-pro\/","url":"https:\/\/loriot.com.vn\/vi\/product\/kinh-hien-vi-swift-pro\/","name":"K\u00cdNH HI\u1ec2N VI SWIFT PRO - LORIOT INDUSTRIAL","isPartOf":{"@id":"https:\/\/loriot.com.vn\/#website"},"primaryImageOfPage":{"@id":"https:\/\/loriot.com.vn\/vi\/product\/kinh-hien-vi-swift-pro\/#primaryimage"},"image":{"@id":"https:\/\/loriot.com.vn\/vi\/product\/kinh-hien-vi-swift-pro\/#primaryimage"},"thumbnailUrl":"https:\/\/loriot.com.vn\/wp-content\/uploads\/2021\/08\/KINH-HIEN-VI-SWIFT-PRO--scaled.jpg","datePublished":"2021-08-03T15:21:29+00:00","dateModified":"2023-02-03T07:11:06+00:00","description":"K\u00cdNH HI\u1ec2N VI Swift PRO l\u00e0m cho n\u00f3 l\u00fd t\u01b0\u1edfng cho m\u1ed9t lo\u1ea1t c\u00e1c ph\u00e9p \u0111o kh\u00f4ng ti\u1ebfp x\u00fac c\u1ee7a c\u00e1c b\u1ed9 ph\u1eadn nh\u1ef1a, thi\u1ebft b\u1ecb y t\u1ebf, PCB...","breadcrumb":{"@id":"https:\/\/loriot.com.vn\/vi\/product\/kinh-hien-vi-swift-pro\/#breadcrumb"},"inLanguage":"vi","potentialAction":[{"@type":"ReadAction","target":["https:\/\/loriot.com.vn\/vi\/product\/kinh-hien-vi-swift-pro\/"]}]},{"@type":"ImageObject","inLanguage":"vi","@id":"https:\/\/loriot.com.vn\/vi\/product\/kinh-hien-vi-swift-pro\/#primaryimage","url":"https:\/\/loriot.com.vn\/wp-content\/uploads\/2021\/08\/KINH-HIEN-VI-SWIFT-PRO--scaled.jpg","contentUrl":"https:\/\/loriot.com.vn\/wp-content\/uploads\/2021\/08\/KINH-HIEN-VI-SWIFT-PRO--scaled.jpg","width":2560,"height":1702,"caption":"K\u00cdNH HI\u1ec2N VI SWIFT PRO"},{"@type":"BreadcrumbList","@id":"https:\/\/loriot.com.vn\/vi\/product\/kinh-hien-vi-swift-pro\/#breadcrumb","itemListElement":[{"@type":"ListItem","position":1,"name":"Home","item":"https:\/\/loriot.com.vn\/vi\/"},{"@type":"ListItem","position":2,"name":"Products","item":"https:\/\/loriot.com.vn\/product\/"},{"@type":"ListItem","position":3,"name":"K\u00cdNH HI\u1ec2N VI SWIFT PRO"}]},{"@type":"WebSite","@id":"https:\/\/loriot.com.vn\/#website","url":"https:\/\/loriot.com.vn\/","name":"LORIOT INDUSTRIAL CO.,LTD","description":"","publisher":{"@id":"https:\/\/loriot.com.vn\/#organization"},"potentialAction":[{"@type":"SearchAction","target":{"@type":"EntryPoint","urlTemplate":"https:\/\/loriot.com.vn\/?s={search_term_string}"},"query-input":{"@type":"PropertyValueSpecification","valueRequired":true,"valueName":"search_term_string"}}],"inLanguage":"vi"},{"@type":"Organization","@id":"https:\/\/loriot.com.vn\/#organization","name":"Loriot Industrial Co.,Ltd","url":"https:\/\/loriot.com.vn\/","logo":{"@type":"ImageObject","inLanguage":"vi","@id":"https:\/\/loriot.com.vn\/#\/schema\/logo\/image\/","url":"https:\/\/loriot.com.vn\/wp-content\/uploads\/2021\/08\/logo-ft.png","contentUrl":"https:\/\/loriot.com.vn\/wp-content\/uploads\/2021\/08\/logo-ft.png","width":333,"height":101,"caption":"Loriot Industrial Co.,Ltd"},"image":{"@id":"https:\/\/loriot.com.vn\/#\/schema\/logo\/image\/"},"sameAs":["https:\/\/www.facebook.com\/Loriot-Industrial-COLTD-103044855046633"]}]}},"_links":{"self":[{"href":"https:\/\/loriot.com.vn\/vi\/wp-json\/wp\/v2\/product\/1684","targetHints":{"allow":["GET"]}}],"collection":[{"href":"https:\/\/loriot.com.vn\/vi\/wp-json\/wp\/v2\/product"}],"about":[{"href":"https:\/\/loriot.com.vn\/vi\/wp-json\/wp\/v2\/types\/product"}],"author":[{"embeddable":true,"href":"https:\/\/loriot.com.vn\/vi\/wp-json\/wp\/v2\/users\/1"}],"replies":[{"embeddable":true,"href":"https:\/\/loriot.com.vn\/vi\/wp-json\/wp\/v2\/comments?post=1684"}],"version-history":[{"count":14,"href":"https:\/\/loriot.com.vn\/vi\/wp-json\/wp\/v2\/product\/1684\/revisions"}],"predecessor-version":[{"id":4289,"href":"https:\/\/loriot.com.vn\/vi\/wp-json\/wp\/v2\/product\/1684\/revisions\/4289"}],"wp:featuredmedia":[{"embeddable":true,"href":"https:\/\/loriot.com.vn\/vi\/wp-json\/wp\/v2\/media\/3262"}],"wp:attachment":[{"href":"https:\/\/loriot.com.vn\/vi\/wp-json\/wp\/v2\/media?parent=1684"}],"wp:term":[{"taxonomy":"service-category","embeddable":true,"href":"https:\/\/loriot.com.vn\/vi\/wp-json\/wp\/v2\/service-category?post=1684"},{"taxonomy":"service_tag","embeddable":true,"href":"https:\/\/loriot.com.vn\/vi\/wp-json\/wp\/v2\/service_tag?post=1684"}],"curies":[{"name":"wp","href":"https:\/\/api.w.org\/{rel}","templated":true}]}}