{"id":1685,"date":"2021-08-04T03:09:07","date_gmt":"2021-08-04T03:09:07","guid":{"rendered":"http:\/\/loriot.com.vn\/product\/techspray\/"},"modified":"2025-07-10T11:32:46","modified_gmt":"2025-07-10T04:32:46","slug":"chat-tay-rua-techspray","status":"publish","type":"product","link":"https:\/\/loriot.com.vn\/vi\/product\/chat-tay-rua-techspray\/","title":{"rendered":"TECHSPRAY CH\u1ea4T T\u1ea8Y R\u1eecA"},"content":{"rendered":"<h2 style=\"text-align: center;\" data-start=\"2577\" data-end=\"2664\"><span style=\"font-size: 14pt;\"><strong data-start=\"2585\" data-end=\"2664\">Techspray \u2013 Gi\u1ea3i Ph\u00e1p H\u00f3a Ch\u1ea5t Ti\u00ean Ti\u1ebfn Cho S\u1ea3n Xu\u1ea5t &amp; B\u1ea3o Tr\u00ec C\u00f4ng Nghi\u1ec7p<\/strong><\/span><\/h2>\n<p>&nbsp;<\/p>\n<h3 data-start=\"2666\" data-end=\"2713\"><span style=\"font-size: 12pt;\">Ch\u00ednh x\u00e1c. Hi\u1ec7u qu\u1ea3. Th\u00e2n thi\u1ec7n m\u00f4i tr\u01b0\u1eddng.<\/span><\/h3>\n<p data-start=\"2715\" data-end=\"3030\"><span style=\"font-size: 12pt;\"><strong data-start=\"2715\" data-end=\"2728\">Techspray<\/strong> l\u00e0 th\u01b0\u01a1ng hi\u1ec7u chuy\u00ean cung c\u1ea5p c\u00e1c s\u1ea3n ph\u1ea9m h\u00f3a ch\u1ea5t v\u00e0 c\u00f4ng c\u1ee5 k\u1ef9 thu\u1eadt nh\u01b0 <strong data-start=\"2806\" data-end=\"2889\">dung d\u1ecbch l\u00e0m s\u1ea1ch, l\u1edbp ph\u1ee7 b\u1ea3o v\u1ec7, b\u1ea5c h\u00fat ch\u00ec, h\u00f3a ch\u1ea5t th\u00e2n thi\u1ec7n m\u00f4i tr\u01b0\u1eddng<\/strong>&#8230; gi\u00fap n\u00e2ng cao hi\u1ec7u qu\u1ea3 s\u1ea3n xu\u1ea5t, <strong data-start=\"2926\" data-end=\"2946\">b\u1ea3o v\u1ec7 linh ki\u1ec7n<\/strong>, t\u0103ng \u0111\u1ed9 b\u1ec1n v\u00e0 <strong data-start=\"2963\" data-end=\"2987\">gi\u1ea3m r\u1ee7i ro v\u1eadn h\u00e0nh<\/strong> trong ng\u00e0nh \u0111i\u1ec7n \u2013 \u0111i\u1ec7n t\u1eed v\u00e0 c\u00f4ng nghi\u1ec7p.<\/span><\/p>\n<h3 data-start=\"3037\" data-end=\"3074\"><span style=\"font-size: 12pt;\">\ud83d\udd0d <strong data-start=\"3044\" data-end=\"3074\">V\u00ec Sao N\u00ean Ch\u1ecdn Techspray?<\/strong><\/span><\/h3>\n<h4 data-start=\"3076\" data-end=\"3124\"><span style=\"font-size: 12pt;\">\u2705 <strong data-start=\"3083\" data-end=\"3124\">\u0110\u00e1p \u1ee8ng Y\u00eau C\u1ea7u Ch\u00ednh X\u00e1c &amp; Ki\u1ec3m So\u00e1t<\/strong><\/span><\/h4>\n<ul data-start=\"3125\" data-end=\"3302\">\n<li data-start=\"3125\" data-end=\"3225\">\n<p data-start=\"3127\" data-end=\"3225\"><span style=\"font-size: 12pt;\"><strong data-start=\"3127\" data-end=\"3153\">G3\u00ae Industrial Cleaner<\/strong> l\u00e0 gi\u1ea3i ph\u00e1p thay th\u1ebf cho c\u00e1c dung m\u00f4i \u0111\u1ed9c h\u1ea1i nh\u01b0 <strong data-start=\"3205\" data-end=\"3223\">nPB, TCE, Perc<\/strong><\/span><\/p>\n<\/li>\n<li data-start=\"3226\" data-end=\"3302\">\n<p data-start=\"3228\" data-end=\"3302\"><span style=\"font-size: 12pt;\">Ph\u00f9 h\u1ee3p cho m\u00f4i tr\u01b0\u1eddng y\u00eau c\u1ea7u \u0111\u1ed9 <strong data-start=\"3262\" data-end=\"3302\">an to\u00e0n cao v\u00e0 ki\u1ec3m so\u00e1t nghi\u00eam ng\u1eb7t<\/strong><\/span><\/p>\n<\/li>\n<\/ul>\n<h4 data-start=\"3304\" data-end=\"3345\"><span style=\"font-size: 12pt;\">\u2705 <strong data-start=\"3311\" data-end=\"3345\">D\u00f2ng S\u1ea3n Ph\u1ea9m Sinh Th\u00e1i RENEW\u2122<\/strong><\/span><\/h4>\n<ul data-start=\"3346\" data-end=\"3529\">\n<li data-start=\"3346\" data-end=\"3403\">\n<p data-start=\"3348\" data-end=\"3403\"><span style=\"font-size: 12pt;\">S\u1eed d\u1ee5ng <strong data-start=\"3356\" data-end=\"3401\">th\u00e0nh ph\u1ea7n t\u1ef1 nhi\u00ean, d\u1ec5 ph\u00e2n h\u1ee7y sinh h\u1ecdc<\/strong><\/span><\/p>\n<\/li>\n<li data-start=\"3404\" data-end=\"3469\">\n<p data-start=\"3406\" data-end=\"3469\"><span style=\"font-size: 12pt;\"><strong data-start=\"3406\" data-end=\"3430\">VOC th\u1ea5p, GWP b\u1eb1ng 0<\/strong> \u2013 th\u00e2n thi\u1ec7n v\u1edbi m\u00f4i tr\u01b0\u1eddng s\u1ea3n xu\u1ea5t<\/span><\/p>\n<\/li>\n<li data-start=\"3470\" data-end=\"3529\">\n<p data-start=\"3472\" data-end=\"3529\"><span style=\"font-size: 12pt;\">Bao g\u1ed3m: <strong data-start=\"3481\" data-end=\"3529\">Eco-Shower, Eco-Shine, Eco-Stencil, Eco-Oven<\/strong><\/span><\/p>\n<\/li>\n<\/ul>\n<h4 data-start=\"3531\" data-end=\"3563\"><span style=\"font-size: 12pt;\">\u2705 <strong data-start=\"3538\" data-end=\"3563\">Tu\u00e2n Th\u1ee7 RoHS &amp; REACH<\/strong><\/span><\/h4>\n<ul data-start=\"3564\" data-end=\"3688\">\n<li data-start=\"3564\" data-end=\"3628\">\n<p data-start=\"3566\" data-end=\"3628\"><span style=\"font-size: 12pt;\">T\u1ea5t c\u1ea3 s\u1ea3n ph\u1ea9m \u0111\u1ec1u \u0111\u1ea1t <strong data-start=\"3590\" data-end=\"3626\">chu\u1ea9n an to\u00e0n m\u00f4i tr\u01b0\u1eddng qu\u1ed1c t\u1ebf<\/strong><\/span><\/p>\n<\/li>\n<li data-start=\"3629\" data-end=\"3688\">\n<p data-start=\"3631\" data-end=\"3688\"><span style=\"font-size: 12pt;\">Kh\u00f4ng ch\u1ee9a <strong data-start=\"3642\" data-end=\"3688\">HAPs (ch\u1ea5t g\u00e2y \u00f4 nhi\u1ec5m kh\u00f4ng kh\u00ed nguy h\u1ea1i)<\/strong><\/span><\/p>\n<\/li>\n<\/ul>\n<h3 data-start=\"3695\" data-end=\"3729\"><span style=\"font-size: 12pt;\">\u2699\ufe0f <strong data-start=\"3702\" data-end=\"3729\">Danh M\u1ee5c S\u1ea3n Ph\u1ea9m Ch\u00ednh<\/strong><\/span><\/h3>\n<h4 data-start=\"3731\" data-end=\"3777\"><span style=\"font-size: 12pt;\">\ud83e\uddf4 <strong data-start=\"3739\" data-end=\"3777\">L\u1edbp Ph\u1ee7 B\u1ea3o V\u1ec7 (Conformal Coating)<\/strong><\/span><\/h4>\n<ul data-start=\"3778\" data-end=\"3963\">\n<li data-start=\"3778\" data-end=\"3830\">\n<p data-start=\"3780\" data-end=\"3830\"><span style=\"font-size: 12pt;\">M\u00e0ng polymer ph\u1ee7 b\u1ec1 m\u1eb7t <strong data-start=\"3804\" data-end=\"3828\">bo m\u1ea1ch v\u00e0 linh ki\u1ec7n<\/strong><\/span><\/p>\n<\/li>\n<li data-start=\"3831\" data-end=\"3904\">\n<p data-start=\"3833\" data-end=\"3904\"><span style=\"font-size: 12pt;\">B\u1ea3o v\u1ec7 kh\u1ecfi <strong data-start=\"3845\" data-end=\"3902\">\u1ea9m, b\u1ee5i, n\u1ea5m m\u1ed1c, \u0103n m\u00f2n, v\u00e0 t\u1ea1p ch\u1ea5t trong kh\u00f4ng kh\u00ed<\/strong><\/span><\/p>\n<\/li>\n<li data-start=\"3905\" data-end=\"3963\">\n<p data-start=\"3907\" data-end=\"3963\"><span style=\"font-size: 12pt;\">N\u00e2ng cao <strong data-start=\"3916\" data-end=\"3938\">\u0111i\u1ec7n tr\u1edf c\u00e1ch \u0111i\u1ec7n<\/strong> v\u00e0 <strong data-start=\"3942\" data-end=\"3963\">tu\u1ed5i th\u1ecd thi\u1ebft b\u1ecb<\/strong><\/span><\/p>\n<\/li>\n<\/ul>\n<h4 data-start=\"3965\" data-end=\"4008\"><span style=\"font-size: 12pt;\">\ud83d\udd25 <strong data-start=\"3973\" data-end=\"4008\">B\u1ea5c H\u00fat Ch\u00ec (Desoldering Braid)<\/strong><\/span><\/h4>\n<ul data-start=\"4009\" data-end=\"4207\">\n<li data-start=\"4009\" data-end=\"4070\">\n<p data-start=\"4011\" data-end=\"4070\"><span style=\"font-size: 12pt;\">D\u00e2y \u0111\u1ed3ng t\u1ea9m s\u1eb5n flux, gi\u00fap <strong data-start=\"4039\" data-end=\"4068\">lo\u1ea1i b\u1ecf ch\u00ec nhanh v\u00e0 s\u1ea1ch<\/strong><\/span><\/p>\n<\/li>\n<li data-start=\"4071\" data-end=\"4127\">\n<p data-start=\"4073\" data-end=\"4127\"><span style=\"font-size: 12pt;\">\u1ee8ng d\u1ee5ng trong <strong data-start=\"4088\" data-end=\"4125\">th\u00e1o l\u1eafp, s\u1eeda ch\u1eefa v\u00e0 t\u00e1i l\u00e0m PCB<\/strong><\/span><\/p>\n<\/li>\n<li data-start=\"4128\" data-end=\"4207\">\n<p data-start=\"4130\" data-end=\"4207\"><span style=\"font-size: 12pt;\">Techspray wick \u0111\u00e3 c\u00f3 m\u1eb7t h\u01a1n <strong data-start=\"4159\" data-end=\"4207\">30 n\u0103m trong c\u00e1c tr\u1ea1m s\u1eeda ch\u1eefa chuy\u00ean nghi\u1ec7p<\/strong><\/span><\/p>\n<\/li>\n<\/ul>\n<h4 data-start=\"4209\" data-end=\"4251\"><span style=\"font-size: 12pt;\">\u2728 <strong data-start=\"4216\" data-end=\"4251\">Ch\u1ea5t T\u1ea9y D\u01b0 Flux (Flux Remover)<\/strong><\/span><\/h4>\n<ul data-start=\"4252\" data-end=\"4440\">\n<li data-start=\"4252\" data-end=\"4319\">\n<p data-start=\"4254\" data-end=\"4319\"><span style=\"font-size: 12pt;\">T\u1ea9y s\u1ea1ch d\u01b0 l\u01b0\u1ee3ng flux, k\u1ec3 c\u1ea3 <strong data-start=\"4284\" data-end=\"4317\">lo\u1ea1i ch\u1ecbu nhi\u1ec7t cao kh\u00f4ng ch\u00ec<\/strong><\/span><\/p>\n<\/li>\n<li data-start=\"4320\" data-end=\"4380\">\n<p data-start=\"4322\" data-end=\"4380\"><span style=\"font-size: 12pt;\">C\u00e1c d\u00f2ng n\u1ed5i b\u1eadt: <strong data-start=\"4340\" data-end=\"4378\">PWR-4\u2122, G3\u00ae, E-LINE\u2122, Precision-V\u2122<\/strong><\/span><\/p>\n<\/li>\n<li data-start=\"4381\" data-end=\"4440\">\n<p data-start=\"4383\" data-end=\"4440\"><span style=\"font-size: 12pt;\">Th\u00edch h\u1ee3p cho qu\u00e1 tr\u00ecnh <strong data-start=\"4407\" data-end=\"4440\">h\u00e0n, s\u1eeda ch\u1eefa v\u00e0 l\u00e0m s\u1ea1ch PCB<\/strong><\/span><\/p>\n<\/li>\n<\/ul>\n<h3 data-start=\"4447\" data-end=\"4488\"><span style=\"font-size: 12pt;\">\ud83c\udf31 <strong data-start=\"4454\" data-end=\"4488\">Hi\u1ec7u Qu\u1ea3 V\u00e0 B\u1ec1n V\u1eefng Song H\u00e0nh<\/strong><\/span><\/h3>\n<p data-start=\"4489\" data-end=\"4754\"><span style=\"font-size: 12pt;\">Techspray ti\u00ean phong k\u1ebft h\u1ee3p <strong data-start=\"4518\" data-end=\"4539\">h\u00f3a h\u1ecdc ti\u00ean ti\u1ebfn<\/strong> v\u1edbi <strong data-start=\"4544\" data-end=\"4571\">c\u00f4ng ngh\u1ec7 xanh hi\u1ec7n \u0111\u1ea1i<\/strong>, mang \u0111\u1ebfn c\u00e1c gi\u1ea3i ph\u00e1p <strong data-start=\"4596\" data-end=\"4638\">hi\u1ec7u qu\u1ea3 cao m\u00e0 v\u1eabn an to\u00e0n m\u00f4i tr\u01b0\u1eddng<\/strong>. D\u00f9 b\u1ea1n c\u1ea7n <strong data-start=\"4651\" data-end=\"4705\">ch\u1ea5t t\u1ea9y r\u1eeda m\u1ea1nh, b\u1ea3o v\u1ec7 bo m\u1ea1ch hay ch\u1ea5t t\u1ea9y eco<\/strong>, Techspray \u0111\u1ec1u c\u00f3 s\u1ea3n ph\u1ea9m \u0111\u00e1p \u1ee9ng \u0111\u00fang nhu c\u1ea7u.<\/span><\/p>\n<blockquote data-start=\"4761\" data-end=\"4895\">\n<p data-start=\"4763\" data-end=\"4895\"><span style=\"font-size: 12pt;\"><strong data-start=\"4763\" data-end=\"4776\">Techspray<\/strong> \u2013 l\u1ef1a ch\u1ecdn tin c\u1eady \u0111\u1ec3 <strong data-start=\"4799\" data-end=\"4867\">n\u00e2ng cao hi\u1ec7u su\u1ea5t, \u0111\u1ea3m b\u1ea3o tu\u00e2n th\u1ee7 v\u00e0 gi\u1ea3m t\u00e1c \u0111\u1ed9ng m\u00f4i tr\u01b0\u1eddng<\/strong> cho m\u1ecdi quy tr\u00ecnh k\u1ef9 thu\u1eadt.<\/span><\/p>\n<\/blockquote>\n","protected":false},"excerpt":{"rendered":"<p>H\u00f3a h\u1ecdc n\u00e2ng cao \u0111\u1ec3 c\u1ea3i thi\u1ec7n s\u1ea3n ph\u1ea9m v\u00e0 quy tr\u00ecnh c\u1ee7a b\u1ea1n. Techspray chuy\u00ean v\u1ec1 ch\u1ea5t t\u1ea9y r\u1eeda, l\u1edbp ph\u1ee7, c\u00e1c h\u00f3a ch\u1ea5t <\/p>\n","protected":false},"author":1,"featured_media":4405,"parent":0,"menu_order":4,"comment_status":"open","ping_status":"closed","template":"","meta":{"inline_featured_image":false,"footnotes":""},"service-category":[74],"service_tag":[112],"class_list":["post-1685","product","type-product","status-publish","has-post-thumbnail","hentry","service-category-hoa-chat-lam-sach-tay-rua","service_tag-hoa-chat-tay-rua"],"yoast_head":"<!-- This site is optimized with the Yoast SEO plugin v27.4 - https:\/\/yoast.com\/product\/yoast-seo-wordpress\/ -->\n<title>TECHSPRAY CH\u1ea4T T\u1ea8Y R\u1eecA - LORIOT INDUSTRIAL<\/title>\n<meta name=\"description\" content=\"TECHSPRAY CH\u1ea4T T\u1ea8Y R\u1eecA chuy\u00ean v\u1ec1 ch\u1ea5t t\u1ea9y r\u1eeda, l\u1edbp ph\u1ee7, c\u00e1c h\u00f3a ch\u1ea5t v\u00e0 c\u00f4ng c\u1ee5 kh\u00e1c gi\u00fap c\u1ea3i thi\u1ec7n hi\u1ec7u qu\u1ea3, an to\u00e0n v\u00e0 hi\u1ec7u su\u1ea5t\" \/>\n<meta name=\"robots\" content=\"index, follow, max-snippet:-1, max-image-preview:large, max-video-preview:-1\" \/>\n<link rel=\"canonical\" href=\"https:\/\/loriot.com.vn\/vi\/product\/chat-tay-rua-techspray\/\" \/>\n<meta property=\"og:locale\" content=\"vi_VN\" \/>\n<meta property=\"og:type\" content=\"article\" \/>\n<meta property=\"og:title\" content=\"TECHSPRAY CH\u1ea4T T\u1ea8Y R\u1eecA - LORIOT INDUSTRIAL\" \/>\n<meta property=\"og:description\" content=\"TECHSPRAY CH\u1ea4T T\u1ea8Y R\u1eecA chuy\u00ean v\u1ec1 ch\u1ea5t t\u1ea9y r\u1eeda, l\u1edbp ph\u1ee7, c\u00e1c h\u00f3a ch\u1ea5t v\u00e0 c\u00f4ng c\u1ee5 kh\u00e1c gi\u00fap c\u1ea3i thi\u1ec7n hi\u1ec7u qu\u1ea3, an to\u00e0n v\u00e0 hi\u1ec7u su\u1ea5t\" \/>\n<meta property=\"og:url\" content=\"https:\/\/loriot.com.vn\/vi\/product\/chat-tay-rua-techspray\/\" \/>\n<meta property=\"og:site_name\" content=\"LORIOT INDUSTRIAL\" \/>\n<meta property=\"article:publisher\" content=\"https:\/\/www.facebook.com\/Loriot-Industrial-COLTD-103044855046633\" \/>\n<meta property=\"article:modified_time\" content=\"2025-07-10T04:32:46+00:00\" \/>\n<meta property=\"og:image\" content=\"https:\/\/loriot.com.vn\/wp-content\/uploads\/2021\/08\/TECHSPRAY-CHAT-TAY-RUA-3.jpeg\" \/>\n\t<meta property=\"og:image:width\" content=\"770\" \/>\n\t<meta property=\"og:image:height\" content=\"513\" \/>\n\t<meta property=\"og:image:type\" content=\"image\/jpeg\" \/>\n<meta name=\"twitter:card\" content=\"summary_large_image\" \/>\n<meta name=\"twitter:label1\" content=\"\u01af\u1edbc t\u00ednh th\u1eddi gian \u0111\u1ecdc\" \/>\n\t<meta name=\"twitter:data1\" content=\"2 ph\u00fat\" \/>\n<script type=\"application\/ld+json\" class=\"yoast-schema-graph\">{\"@context\":\"https:\\\/\\\/schema.org\",\"@graph\":[{\"@type\":\"WebPage\",\"@id\":\"https:\\\/\\\/loriot.com.vn\\\/vi\\\/product\\\/chat-tay-rua-techspray\\\/\",\"url\":\"https:\\\/\\\/loriot.com.vn\\\/vi\\\/product\\\/chat-tay-rua-techspray\\\/\",\"name\":\"TECHSPRAY CH\u1ea4T T\u1ea8Y R\u1eecA - LORIOT INDUSTRIAL\",\"isPartOf\":{\"@id\":\"https:\\\/\\\/loriot.com.vn\\\/#website\"},\"primaryImageOfPage\":{\"@id\":\"https:\\\/\\\/loriot.com.vn\\\/vi\\\/product\\\/chat-tay-rua-techspray\\\/#primaryimage\"},\"image\":{\"@id\":\"https:\\\/\\\/loriot.com.vn\\\/vi\\\/product\\\/chat-tay-rua-techspray\\\/#primaryimage\"},\"thumbnailUrl\":\"https:\\\/\\\/loriot.com.vn\\\/wp-content\\\/uploads\\\/2021\\\/08\\\/TECHSPRAY-CHAT-TAY-RUA-3.jpeg\",\"datePublished\":\"2021-08-04T03:09:07+00:00\",\"dateModified\":\"2025-07-10T04:32:46+00:00\",\"description\":\"TECHSPRAY CH\u1ea4T T\u1ea8Y R\u1eecA chuy\u00ean v\u1ec1 ch\u1ea5t t\u1ea9y r\u1eeda, l\u1edbp ph\u1ee7, c\u00e1c h\u00f3a ch\u1ea5t v\u00e0 c\u00f4ng c\u1ee5 kh\u00e1c gi\u00fap c\u1ea3i thi\u1ec7n hi\u1ec7u qu\u1ea3, an to\u00e0n v\u00e0 hi\u1ec7u su\u1ea5t\",\"breadcrumb\":{\"@id\":\"https:\\\/\\\/loriot.com.vn\\\/vi\\\/product\\\/chat-tay-rua-techspray\\\/#breadcrumb\"},\"inLanguage\":\"vi\",\"potentialAction\":[{\"@type\":\"ReadAction\",\"target\":[\"https:\\\/\\\/loriot.com.vn\\\/vi\\\/product\\\/chat-tay-rua-techspray\\\/\"]}]},{\"@type\":\"ImageObject\",\"inLanguage\":\"vi\",\"@id\":\"https:\\\/\\\/loriot.com.vn\\\/vi\\\/product\\\/chat-tay-rua-techspray\\\/#primaryimage\",\"url\":\"https:\\\/\\\/loriot.com.vn\\\/wp-content\\\/uploads\\\/2021\\\/08\\\/TECHSPRAY-CHAT-TAY-RUA-3.jpeg\",\"contentUrl\":\"https:\\\/\\\/loriot.com.vn\\\/wp-content\\\/uploads\\\/2021\\\/08\\\/TECHSPRAY-CHAT-TAY-RUA-3.jpeg\",\"width\":770,\"height\":513,\"caption\":\"TECHSPRAY CH\u1ea4T T\u1ea8Y R\u1eecA\"},{\"@type\":\"BreadcrumbList\",\"@id\":\"https:\\\/\\\/loriot.com.vn\\\/vi\\\/product\\\/chat-tay-rua-techspray\\\/#breadcrumb\",\"itemListElement\":[{\"@type\":\"ListItem\",\"position\":1,\"name\":\"Home\",\"item\":\"https:\\\/\\\/loriot.com.vn\\\/vi\\\/\"},{\"@type\":\"ListItem\",\"position\":2,\"name\":\"Products\",\"item\":\"https:\\\/\\\/loriot.com.vn\\\/vi\\\/product\\\/\"},{\"@type\":\"ListItem\",\"position\":3,\"name\":\"TECHSPRAY CH\u1ea4T T\u1ea8Y R\u1eecA\"}]},{\"@type\":\"WebSite\",\"@id\":\"https:\\\/\\\/loriot.com.vn\\\/#website\",\"url\":\"https:\\\/\\\/loriot.com.vn\\\/\",\"name\":\"LORIOT INDUSTRIAL CO.,LTD\",\"description\":\"\",\"publisher\":{\"@id\":\"https:\\\/\\\/loriot.com.vn\\\/#organization\"},\"potentialAction\":[{\"@type\":\"SearchAction\",\"target\":{\"@type\":\"EntryPoint\",\"urlTemplate\":\"https:\\\/\\\/loriot.com.vn\\\/?s={search_term_string}\"},\"query-input\":{\"@type\":\"PropertyValueSpecification\",\"valueRequired\":true,\"valueName\":\"search_term_string\"}}],\"inLanguage\":\"vi\"},{\"@type\":\"Organization\",\"@id\":\"https:\\\/\\\/loriot.com.vn\\\/#organization\",\"name\":\"Loriot Industrial Co.,Ltd\",\"url\":\"https:\\\/\\\/loriot.com.vn\\\/\",\"logo\":{\"@type\":\"ImageObject\",\"inLanguage\":\"vi\",\"@id\":\"https:\\\/\\\/loriot.com.vn\\\/#\\\/schema\\\/logo\\\/image\\\/\",\"url\":\"https:\\\/\\\/loriot.com.vn\\\/wp-content\\\/uploads\\\/2021\\\/08\\\/logo-ft.png\",\"contentUrl\":\"https:\\\/\\\/loriot.com.vn\\\/wp-content\\\/uploads\\\/2021\\\/08\\\/logo-ft.png\",\"width\":333,\"height\":101,\"caption\":\"Loriot Industrial Co.,Ltd\"},\"image\":{\"@id\":\"https:\\\/\\\/loriot.com.vn\\\/#\\\/schema\\\/logo\\\/image\\\/\"},\"sameAs\":[\"https:\\\/\\\/www.facebook.com\\\/Loriot-Industrial-COLTD-103044855046633\"]}]}<\/script>\n<!-- \/ Yoast SEO plugin. -->","yoast_head_json":{"title":"TECHSPRAY CH\u1ea4T T\u1ea8Y R\u1eecA - LORIOT INDUSTRIAL","description":"TECHSPRAY CH\u1ea4T T\u1ea8Y R\u1eecA chuy\u00ean v\u1ec1 ch\u1ea5t t\u1ea9y r\u1eeda, l\u1edbp ph\u1ee7, c\u00e1c h\u00f3a ch\u1ea5t v\u00e0 c\u00f4ng c\u1ee5 kh\u00e1c gi\u00fap c\u1ea3i thi\u1ec7n hi\u1ec7u qu\u1ea3, an to\u00e0n v\u00e0 hi\u1ec7u su\u1ea5t","robots":{"index":"index","follow":"follow","max-snippet":"max-snippet:-1","max-image-preview":"max-image-preview:large","max-video-preview":"max-video-preview:-1"},"canonical":"https:\/\/loriot.com.vn\/vi\/product\/chat-tay-rua-techspray\/","og_locale":"vi_VN","og_type":"article","og_title":"TECHSPRAY CH\u1ea4T T\u1ea8Y R\u1eecA - LORIOT INDUSTRIAL","og_description":"TECHSPRAY CH\u1ea4T T\u1ea8Y R\u1eecA chuy\u00ean v\u1ec1 ch\u1ea5t t\u1ea9y r\u1eeda, l\u1edbp ph\u1ee7, c\u00e1c h\u00f3a ch\u1ea5t v\u00e0 c\u00f4ng c\u1ee5 kh\u00e1c gi\u00fap c\u1ea3i thi\u1ec7n hi\u1ec7u qu\u1ea3, an to\u00e0n v\u00e0 hi\u1ec7u su\u1ea5t","og_url":"https:\/\/loriot.com.vn\/vi\/product\/chat-tay-rua-techspray\/","og_site_name":"LORIOT INDUSTRIAL","article_publisher":"https:\/\/www.facebook.com\/Loriot-Industrial-COLTD-103044855046633","article_modified_time":"2025-07-10T04:32:46+00:00","og_image":[{"width":770,"height":513,"url":"https:\/\/loriot.com.vn\/wp-content\/uploads\/2021\/08\/TECHSPRAY-CHAT-TAY-RUA-3.jpeg","type":"image\/jpeg"}],"twitter_card":"summary_large_image","twitter_misc":{"\u01af\u1edbc t\u00ednh th\u1eddi gian \u0111\u1ecdc":"2 ph\u00fat"},"schema":{"@context":"https:\/\/schema.org","@graph":[{"@type":"WebPage","@id":"https:\/\/loriot.com.vn\/vi\/product\/chat-tay-rua-techspray\/","url":"https:\/\/loriot.com.vn\/vi\/product\/chat-tay-rua-techspray\/","name":"TECHSPRAY CH\u1ea4T T\u1ea8Y R\u1eecA - LORIOT INDUSTRIAL","isPartOf":{"@id":"https:\/\/loriot.com.vn\/#website"},"primaryImageOfPage":{"@id":"https:\/\/loriot.com.vn\/vi\/product\/chat-tay-rua-techspray\/#primaryimage"},"image":{"@id":"https:\/\/loriot.com.vn\/vi\/product\/chat-tay-rua-techspray\/#primaryimage"},"thumbnailUrl":"https:\/\/loriot.com.vn\/wp-content\/uploads\/2021\/08\/TECHSPRAY-CHAT-TAY-RUA-3.jpeg","datePublished":"2021-08-04T03:09:07+00:00","dateModified":"2025-07-10T04:32:46+00:00","description":"TECHSPRAY CH\u1ea4T T\u1ea8Y R\u1eecA chuy\u00ean v\u1ec1 ch\u1ea5t t\u1ea9y r\u1eeda, l\u1edbp ph\u1ee7, c\u00e1c h\u00f3a ch\u1ea5t v\u00e0 c\u00f4ng c\u1ee5 kh\u00e1c gi\u00fap c\u1ea3i thi\u1ec7n hi\u1ec7u qu\u1ea3, an to\u00e0n v\u00e0 hi\u1ec7u su\u1ea5t","breadcrumb":{"@id":"https:\/\/loriot.com.vn\/vi\/product\/chat-tay-rua-techspray\/#breadcrumb"},"inLanguage":"vi","potentialAction":[{"@type":"ReadAction","target":["https:\/\/loriot.com.vn\/vi\/product\/chat-tay-rua-techspray\/"]}]},{"@type":"ImageObject","inLanguage":"vi","@id":"https:\/\/loriot.com.vn\/vi\/product\/chat-tay-rua-techspray\/#primaryimage","url":"https:\/\/loriot.com.vn\/wp-content\/uploads\/2021\/08\/TECHSPRAY-CHAT-TAY-RUA-3.jpeg","contentUrl":"https:\/\/loriot.com.vn\/wp-content\/uploads\/2021\/08\/TECHSPRAY-CHAT-TAY-RUA-3.jpeg","width":770,"height":513,"caption":"TECHSPRAY CH\u1ea4T T\u1ea8Y R\u1eecA"},{"@type":"BreadcrumbList","@id":"https:\/\/loriot.com.vn\/vi\/product\/chat-tay-rua-techspray\/#breadcrumb","itemListElement":[{"@type":"ListItem","position":1,"name":"Home","item":"https:\/\/loriot.com.vn\/vi\/"},{"@type":"ListItem","position":2,"name":"Products","item":"https:\/\/loriot.com.vn\/vi\/product\/"},{"@type":"ListItem","position":3,"name":"TECHSPRAY CH\u1ea4T T\u1ea8Y R\u1eecA"}]},{"@type":"WebSite","@id":"https:\/\/loriot.com.vn\/#website","url":"https:\/\/loriot.com.vn\/","name":"LORIOT INDUSTRIAL CO.,LTD","description":"","publisher":{"@id":"https:\/\/loriot.com.vn\/#organization"},"potentialAction":[{"@type":"SearchAction","target":{"@type":"EntryPoint","urlTemplate":"https:\/\/loriot.com.vn\/?s={search_term_string}"},"query-input":{"@type":"PropertyValueSpecification","valueRequired":true,"valueName":"search_term_string"}}],"inLanguage":"vi"},{"@type":"Organization","@id":"https:\/\/loriot.com.vn\/#organization","name":"Loriot Industrial Co.,Ltd","url":"https:\/\/loriot.com.vn\/","logo":{"@type":"ImageObject","inLanguage":"vi","@id":"https:\/\/loriot.com.vn\/#\/schema\/logo\/image\/","url":"https:\/\/loriot.com.vn\/wp-content\/uploads\/2021\/08\/logo-ft.png","contentUrl":"https:\/\/loriot.com.vn\/wp-content\/uploads\/2021\/08\/logo-ft.png","width":333,"height":101,"caption":"Loriot Industrial Co.,Ltd"},"image":{"@id":"https:\/\/loriot.com.vn\/#\/schema\/logo\/image\/"},"sameAs":["https:\/\/www.facebook.com\/Loriot-Industrial-COLTD-103044855046633"]}]}},"_links":{"self":[{"href":"https:\/\/loriot.com.vn\/vi\/wp-json\/wp\/v2\/product\/1685","targetHints":{"allow":["GET"]}}],"collection":[{"href":"https:\/\/loriot.com.vn\/vi\/wp-json\/wp\/v2\/product"}],"about":[{"href":"https:\/\/loriot.com.vn\/vi\/wp-json\/wp\/v2\/types\/product"}],"author":[{"embeddable":true,"href":"https:\/\/loriot.com.vn\/vi\/wp-json\/wp\/v2\/users\/1"}],"replies":[{"embeddable":true,"href":"https:\/\/loriot.com.vn\/vi\/wp-json\/wp\/v2\/comments?post=1685"}],"version-history":[{"count":27,"href":"https:\/\/loriot.com.vn\/vi\/wp-json\/wp\/v2\/product\/1685\/revisions"}],"predecessor-version":[{"id":5596,"href":"https:\/\/loriot.com.vn\/vi\/wp-json\/wp\/v2\/product\/1685\/revisions\/5596"}],"wp:featuredmedia":[{"embeddable":true,"href":"https:\/\/loriot.com.vn\/vi\/wp-json\/wp\/v2\/media\/4405"}],"wp:attachment":[{"href":"https:\/\/loriot.com.vn\/vi\/wp-json\/wp\/v2\/media?parent=1685"}],"wp:term":[{"taxonomy":"service-category","embeddable":true,"href":"https:\/\/loriot.com.vn\/vi\/wp-json\/wp\/v2\/service-category?post=1685"},{"taxonomy":"service_tag","embeddable":true,"href":"https:\/\/loriot.com.vn\/vi\/wp-json\/wp\/v2\/service_tag?post=1685"}],"curies":[{"name":"wp","href":"https:\/\/api.w.org\/{rel}","templated":true}]}}