{"id":1686,"date":"2021-08-03T15:29:30","date_gmt":"2021-08-03T15:29:30","guid":{"rendered":"http:\/\/loriot.com.vn\/product\/sx-series\/"},"modified":"2025-07-08T15:13:36","modified_gmt":"2025-07-08T08:13:36","slug":"kinh-hien-vi-sx-series","status":"publish","type":"product","link":"https:\/\/loriot.com.vn\/vi\/product\/kinh-hien-vi-sx-series\/","title":{"rendered":"K\u00cdNH HI\u1ec2N VI SX SERIES"},"content":{"rendered":"<p style=\"text-align: center;\"><span style=\"font-family: arial, helvetica, sans-serif;\"><strong><span style=\"font-size: 14pt;\">K\u00cdNH HI\u1ec2N VI SX SERIES<\/span><\/strong><\/span><\/p>\n<p>&nbsp;<\/p>\n<p><span style=\"font-family: arial, helvetica, sans-serif;\">K\u00ednh hi\u1ec3n vi Sx Series c\u1ee7a h\u00e3ng Vision Engineering l\u00e0 m\u1ed9t gi\u1ea3i ph\u00e1p ch\u1ea5t l\u01b0\u1ee3ng cao cho vi\u1ec7c ch\u1ee5p h\u00ecnh d\u00e0nh cho nh\u1eefng chuy\u00ean gia trong nhi\u1ec1u l\u0129nh v\u1ef1c, bao g\u1ed3m \u0111i\u1ec7n t\u1eed, khoa h\u1ecdc \u0111\u1eddi s\u1ed1ng v\u00e0 ph\u00e2n t\u00edch v\u1eadt li\u1ec7u.<\/span><\/p>\n<p><span style=\"font-family: arial, helvetica, sans-serif;\">M\u1ed9t trong nh\u1eefng \u0111i\u1ec3m n\u1ed5i b\u1eadt c\u1ee7a d\u00f2ng Sx l\u00e0 thi\u1ebft k\u1ebf ergonomic, \u0111em \u0111\u1ebfn cho ng\u01b0\u1eddi d\u00f9ng tr\u1ea3i nghi\u1ec7m xem tho\u1ea3i m\u00e1i v\u00e0 gi\u1ea3m thi\u1ec3u c\u1ea3m gi\u00e1c m\u1ec7t m\u1ecfi cho m\u1eaft. K\u00ednh hi\u1ec3n vi c\u00f3 kho\u1ea3ng c\u00e1ch gi\u1eefa hai m\u1eaft c\u00f3 th\u1ec3 \u0111i\u1ec1u ch\u1ec9nh, c\u0169ng nh\u01b0 nh\u1eefng ph\u1ea7n tr\u00f2ng m\u1eaft v\u00e0 c\u1ee5m tr\u00f2ng m\u1eaft c\u00f3 th\u1ec3 gi\u1ea3m g\u1ed1c, cho ph\u00e9p t\u00f9y ch\u1ec9nh cho m\u1ed7i ng\u01b0\u1eddi d\u00f9ng.<\/span><\/p>\n<p><span style=\"font-family: arial, helvetica, sans-serif;\">V\u1ec1 optik, d\u00f2ng Sx cung c\u1ea5p m\u1ed9t h\u00ecnh \u1ea3nh s\u1eafc n\u00e9t v\u00e0 r\u00f5 r\u00e0ng v\u1edbi m\u1ee9c chi ti\u1ebft cao, nh\u1edd v\u00e0o nh\u1eefng \u1ed1ng k\u00ednh ho\u00e0n to\u00e0n apochromatic v\u00e0 ch\u1ea5t l\u01b0\u1ee3ng t\u1ed1t. K\u00ednh hi\u1ec3n vi c\u0169ng c\u00f3 m\u1ed9t ph\u1ea1m vi zoom l\u1edbn, cho ph\u00e9p d\u1ec5 d\u00e0ng chuy\u1ec3n \u0111\u1ed5i gi\u1eefa m\u1ee9c ph\u00f3ng to v\u00e0 thu nh\u1ecf.<\/span><\/p>\n<p><span style=\"font-family: arial, helvetica, sans-serif;\">Ngo\u00e0i ra, d\u00f2ng Sx c\u0169ng linh ho\u1ea1t v\u00e0 c\u00f3 th\u1ec3 s\u1eed d\u1ee5ng cho nhi\u1ec1u m\u1ee5c \u0111\u00edch kh\u00e1c nhau. N\u00f3 \u0111\u01b0\u1ee3c trang b\u1ecb v\u1edbi nhi\u1ec1u ph\u1ee5 ki\u1ec7n, bao g\u1ed3m c\u00e1c t\u00f9y ch\u1ecdn v\u1ec1 chi\u1ebfu s\u00e1ng v\u00e0 ch\u1ee5p h\u00ecnh, nh\u01b0 adapter camera v\u00e0 polarizer.<\/span><\/p>\n<p><span style=\"font-family: arial, helvetica, sans-serif;\">T\u1ed5ng th\u1ec3, k\u00ednh hi\u1ec3n vi Sx Series c\u1ee7a h\u00e3ng Vision Engineering l\u00e0 m\u1ed9t gi\u1ea3i ph\u00e1p ch\u1ee5p h\u00ecnh cao c\u1ea5p v\u00e0 linh ho\u1ea1t cho nh\u1eefng chuy\u00ean gia trong nhi\u1ec1u l\u0129nh v\u1ef1c kh\u00e1c nhau. V\u1edbi thi\u1ebft k\u1ebf ergonomic v\u00e0 ch\u1ea5t l\u01b0\u1ee3ng optik t\u1ed1t, n\u00f3 cung c\u1ea5p cho ng\u01b0\u1eddi d\u00f9ng tr\u1ea3i nghi\u1ec7m xem tho\u1ea3i m\u00e1i v\u00e0 hi\u1ec7u qu\u1ea3.<\/span><\/p>\n","protected":false},"excerpt":{"rendered":"<p>Sx Series l\u00e0 m\u1ed9t gi\u1ea3i ph\u00e1p ch\u1ea5t l\u01b0\u1ee3ng cao cho vi\u1ec7c ch\u1ee5p h\u00ecnh d\u00e0nh cho nh\u1eefng chuy\u00ean gia trong nhi\u1ec1u l\u0129nh v\u1ef1c<\/p>\n","protected":false},"author":1,"featured_media":3217,"parent":0,"menu_order":20,"comment_status":"open","ping_status":"closed","template":"","meta":{"inline_featured_image":false,"footnotes":""},"service-category":[84,86],"service_tag":[],"class_list":["post-1686","product","type-product","status-publish","has-post-thumbnail","hentry","service-category-giai-phap-kiem-tra-va-do-luong","service-category-kinh-hien-vi-quang-hoc"],"yoast_head":"<!-- This site is optimized with the Yoast SEO plugin v27.4 - https:\/\/yoast.com\/product\/yoast-seo-wordpress\/ -->\n<title>K\u00cdNH HI\u1ec2N VI SX SERIES - LORIOT INDUSTRIAL<\/title>\n<meta name=\"description\" content=\"K\u00ednh hi\u1ec3n vi Sx Series l\u00e0 m\u1ed9t h\u1ecd g\u1ed3m ba k\u00ednh hi\u1ec3n vi Greenough cung c\u1ea5p \u0111\u1ed9 ph\u00f3ng \u0111\u1ea1i 190x l\u00ean \u0111\u1ebfn 200x - v\u00e0 kho\u1ea3ng c\u00e1ch l\u00e0m vi\u1ec7c l\u00ean t\u1edbi 220mm\" \/>\n<meta name=\"robots\" content=\"index, follow, max-snippet:-1, max-image-preview:large, max-video-preview:-1\" \/>\n<link rel=\"canonical\" href=\"https:\/\/loriot.com.vn\/vi\/product\/kinh-hien-vi-sx-series\/\" \/>\n<meta property=\"og:locale\" content=\"vi_VN\" \/>\n<meta property=\"og:type\" content=\"article\" \/>\n<meta property=\"og:title\" content=\"K\u00cdNH HI\u1ec2N VI SX SERIES - LORIOT INDUSTRIAL\" \/>\n<meta property=\"og:description\" content=\"K\u00ednh hi\u1ec3n vi Sx Series l\u00e0 m\u1ed9t h\u1ecd g\u1ed3m ba k\u00ednh hi\u1ec3n vi Greenough cung c\u1ea5p \u0111\u1ed9 ph\u00f3ng \u0111\u1ea1i 190x l\u00ean \u0111\u1ebfn 200x - v\u00e0 kho\u1ea3ng c\u00e1ch l\u00e0m vi\u1ec7c l\u00ean t\u1edbi 220mm\" \/>\n<meta property=\"og:url\" content=\"https:\/\/loriot.com.vn\/vi\/product\/kinh-hien-vi-sx-series\/\" \/>\n<meta property=\"og:site_name\" content=\"LORIOT INDUSTRIAL\" \/>\n<meta property=\"article:publisher\" content=\"https:\/\/www.facebook.com\/Loriot-Industrial-COLTD-103044855046633\" \/>\n<meta property=\"article:modified_time\" content=\"2025-07-08T08:13:36+00:00\" \/>\n<meta property=\"og:image\" content=\"https:\/\/loriot.com.vn\/wp-content\/uploads\/2021\/08\/KINH-HIEN-VI-SX-SERIES-scaled.jpg\" \/>\n\t<meta property=\"og:image:width\" content=\"2560\" \/>\n\t<meta property=\"og:image:height\" content=\"1920\" \/>\n\t<meta property=\"og:image:type\" content=\"image\/jpeg\" \/>\n<meta name=\"twitter:card\" content=\"summary_large_image\" \/>\n<meta name=\"twitter:label1\" content=\"\u01af\u1edbc t\u00ednh th\u1eddi gian \u0111\u1ecdc\" \/>\n\t<meta name=\"twitter:data1\" content=\"2 ph\u00fat\" \/>\n<script type=\"application\/ld+json\" class=\"yoast-schema-graph\">{\"@context\":\"https:\\\/\\\/schema.org\",\"@graph\":[{\"@type\":\"WebPage\",\"@id\":\"https:\\\/\\\/loriot.com.vn\\\/vi\\\/product\\\/kinh-hien-vi-sx-series\\\/\",\"url\":\"https:\\\/\\\/loriot.com.vn\\\/vi\\\/product\\\/kinh-hien-vi-sx-series\\\/\",\"name\":\"K\u00cdNH HI\u1ec2N VI SX SERIES - LORIOT INDUSTRIAL\",\"isPartOf\":{\"@id\":\"https:\\\/\\\/loriot.com.vn\\\/#website\"},\"primaryImageOfPage\":{\"@id\":\"https:\\\/\\\/loriot.com.vn\\\/vi\\\/product\\\/kinh-hien-vi-sx-series\\\/#primaryimage\"},\"image\":{\"@id\":\"https:\\\/\\\/loriot.com.vn\\\/vi\\\/product\\\/kinh-hien-vi-sx-series\\\/#primaryimage\"},\"thumbnailUrl\":\"https:\\\/\\\/loriot.com.vn\\\/wp-content\\\/uploads\\\/2021\\\/08\\\/KINH-HIEN-VI-SX-SERIES-scaled.jpg\",\"datePublished\":\"2021-08-03T15:29:30+00:00\",\"dateModified\":\"2025-07-08T08:13:36+00:00\",\"description\":\"K\u00ednh hi\u1ec3n vi Sx Series l\u00e0 m\u1ed9t h\u1ecd g\u1ed3m ba k\u00ednh hi\u1ec3n vi Greenough cung c\u1ea5p \u0111\u1ed9 ph\u00f3ng \u0111\u1ea1i 190x l\u00ean \u0111\u1ebfn 200x - v\u00e0 kho\u1ea3ng c\u00e1ch l\u00e0m vi\u1ec7c l\u00ean t\u1edbi 220mm\",\"breadcrumb\":{\"@id\":\"https:\\\/\\\/loriot.com.vn\\\/vi\\\/product\\\/kinh-hien-vi-sx-series\\\/#breadcrumb\"},\"inLanguage\":\"vi\",\"potentialAction\":[{\"@type\":\"ReadAction\",\"target\":[\"https:\\\/\\\/loriot.com.vn\\\/vi\\\/product\\\/kinh-hien-vi-sx-series\\\/\"]}]},{\"@type\":\"ImageObject\",\"inLanguage\":\"vi\",\"@id\":\"https:\\\/\\\/loriot.com.vn\\\/vi\\\/product\\\/kinh-hien-vi-sx-series\\\/#primaryimage\",\"url\":\"https:\\\/\\\/loriot.com.vn\\\/wp-content\\\/uploads\\\/2021\\\/08\\\/KINH-HIEN-VI-SX-SERIES-scaled.jpg\",\"contentUrl\":\"https:\\\/\\\/loriot.com.vn\\\/wp-content\\\/uploads\\\/2021\\\/08\\\/KINH-HIEN-VI-SX-SERIES-scaled.jpg\",\"width\":2560,\"height\":1920,\"caption\":\"K\u00cdNH HI\u1ec2N VI SX SERIES\"},{\"@type\":\"BreadcrumbList\",\"@id\":\"https:\\\/\\\/loriot.com.vn\\\/vi\\\/product\\\/kinh-hien-vi-sx-series\\\/#breadcrumb\",\"itemListElement\":[{\"@type\":\"ListItem\",\"position\":1,\"name\":\"Home\",\"item\":\"https:\\\/\\\/loriot.com.vn\\\/vi\\\/\"},{\"@type\":\"ListItem\",\"position\":2,\"name\":\"Products\",\"item\":\"https:\\\/\\\/loriot.com.vn\\\/product\\\/\"},{\"@type\":\"ListItem\",\"position\":3,\"name\":\"K\u00cdNH HI\u1ec2N VI SX SERIES\"}]},{\"@type\":\"WebSite\",\"@id\":\"https:\\\/\\\/loriot.com.vn\\\/#website\",\"url\":\"https:\\\/\\\/loriot.com.vn\\\/\",\"name\":\"LORIOT INDUSTRIAL CO.,LTD\",\"description\":\"\",\"publisher\":{\"@id\":\"https:\\\/\\\/loriot.com.vn\\\/#organization\"},\"potentialAction\":[{\"@type\":\"SearchAction\",\"target\":{\"@type\":\"EntryPoint\",\"urlTemplate\":\"https:\\\/\\\/loriot.com.vn\\\/?s={search_term_string}\"},\"query-input\":{\"@type\":\"PropertyValueSpecification\",\"valueRequired\":true,\"valueName\":\"search_term_string\"}}],\"inLanguage\":\"vi\"},{\"@type\":\"Organization\",\"@id\":\"https:\\\/\\\/loriot.com.vn\\\/#organization\",\"name\":\"Loriot Industrial Co.,Ltd\",\"url\":\"https:\\\/\\\/loriot.com.vn\\\/\",\"logo\":{\"@type\":\"ImageObject\",\"inLanguage\":\"vi\",\"@id\":\"https:\\\/\\\/loriot.com.vn\\\/#\\\/schema\\\/logo\\\/image\\\/\",\"url\":\"https:\\\/\\\/loriot.com.vn\\\/wp-content\\\/uploads\\\/2021\\\/08\\\/logo-ft.png\",\"contentUrl\":\"https:\\\/\\\/loriot.com.vn\\\/wp-content\\\/uploads\\\/2021\\\/08\\\/logo-ft.png\",\"width\":333,\"height\":101,\"caption\":\"Loriot Industrial Co.,Ltd\"},\"image\":{\"@id\":\"https:\\\/\\\/loriot.com.vn\\\/#\\\/schema\\\/logo\\\/image\\\/\"},\"sameAs\":[\"https:\\\/\\\/www.facebook.com\\\/Loriot-Industrial-COLTD-103044855046633\"]}]}<\/script>\n<!-- \/ Yoast SEO plugin. -->","yoast_head_json":{"title":"K\u00cdNH HI\u1ec2N VI SX SERIES - LORIOT INDUSTRIAL","description":"K\u00ednh hi\u1ec3n vi Sx Series l\u00e0 m\u1ed9t h\u1ecd g\u1ed3m ba k\u00ednh hi\u1ec3n vi Greenough cung c\u1ea5p \u0111\u1ed9 ph\u00f3ng \u0111\u1ea1i 190x l\u00ean \u0111\u1ebfn 200x - v\u00e0 kho\u1ea3ng c\u00e1ch l\u00e0m vi\u1ec7c l\u00ean t\u1edbi 220mm","robots":{"index":"index","follow":"follow","max-snippet":"max-snippet:-1","max-image-preview":"max-image-preview:large","max-video-preview":"max-video-preview:-1"},"canonical":"https:\/\/loriot.com.vn\/vi\/product\/kinh-hien-vi-sx-series\/","og_locale":"vi_VN","og_type":"article","og_title":"K\u00cdNH HI\u1ec2N VI SX SERIES - LORIOT INDUSTRIAL","og_description":"K\u00ednh hi\u1ec3n vi Sx Series l\u00e0 m\u1ed9t h\u1ecd g\u1ed3m ba k\u00ednh hi\u1ec3n vi Greenough cung c\u1ea5p \u0111\u1ed9 ph\u00f3ng \u0111\u1ea1i 190x l\u00ean \u0111\u1ebfn 200x - v\u00e0 kho\u1ea3ng c\u00e1ch l\u00e0m vi\u1ec7c l\u00ean t\u1edbi 220mm","og_url":"https:\/\/loriot.com.vn\/vi\/product\/kinh-hien-vi-sx-series\/","og_site_name":"LORIOT INDUSTRIAL","article_publisher":"https:\/\/www.facebook.com\/Loriot-Industrial-COLTD-103044855046633","article_modified_time":"2025-07-08T08:13:36+00:00","og_image":[{"width":2560,"height":1920,"url":"https:\/\/loriot.com.vn\/wp-content\/uploads\/2021\/08\/KINH-HIEN-VI-SX-SERIES-scaled.jpg","type":"image\/jpeg"}],"twitter_card":"summary_large_image","twitter_misc":{"\u01af\u1edbc t\u00ednh th\u1eddi gian \u0111\u1ecdc":"2 ph\u00fat"},"schema":{"@context":"https:\/\/schema.org","@graph":[{"@type":"WebPage","@id":"https:\/\/loriot.com.vn\/vi\/product\/kinh-hien-vi-sx-series\/","url":"https:\/\/loriot.com.vn\/vi\/product\/kinh-hien-vi-sx-series\/","name":"K\u00cdNH HI\u1ec2N VI SX SERIES - LORIOT INDUSTRIAL","isPartOf":{"@id":"https:\/\/loriot.com.vn\/#website"},"primaryImageOfPage":{"@id":"https:\/\/loriot.com.vn\/vi\/product\/kinh-hien-vi-sx-series\/#primaryimage"},"image":{"@id":"https:\/\/loriot.com.vn\/vi\/product\/kinh-hien-vi-sx-series\/#primaryimage"},"thumbnailUrl":"https:\/\/loriot.com.vn\/wp-content\/uploads\/2021\/08\/KINH-HIEN-VI-SX-SERIES-scaled.jpg","datePublished":"2021-08-03T15:29:30+00:00","dateModified":"2025-07-08T08:13:36+00:00","description":"K\u00ednh hi\u1ec3n vi Sx Series l\u00e0 m\u1ed9t h\u1ecd g\u1ed3m ba k\u00ednh hi\u1ec3n vi Greenough cung c\u1ea5p \u0111\u1ed9 ph\u00f3ng \u0111\u1ea1i 190x l\u00ean \u0111\u1ebfn 200x - v\u00e0 kho\u1ea3ng c\u00e1ch l\u00e0m vi\u1ec7c l\u00ean t\u1edbi 220mm","breadcrumb":{"@id":"https:\/\/loriot.com.vn\/vi\/product\/kinh-hien-vi-sx-series\/#breadcrumb"},"inLanguage":"vi","potentialAction":[{"@type":"ReadAction","target":["https:\/\/loriot.com.vn\/vi\/product\/kinh-hien-vi-sx-series\/"]}]},{"@type":"ImageObject","inLanguage":"vi","@id":"https:\/\/loriot.com.vn\/vi\/product\/kinh-hien-vi-sx-series\/#primaryimage","url":"https:\/\/loriot.com.vn\/wp-content\/uploads\/2021\/08\/KINH-HIEN-VI-SX-SERIES-scaled.jpg","contentUrl":"https:\/\/loriot.com.vn\/wp-content\/uploads\/2021\/08\/KINH-HIEN-VI-SX-SERIES-scaled.jpg","width":2560,"height":1920,"caption":"K\u00cdNH HI\u1ec2N VI SX SERIES"},{"@type":"BreadcrumbList","@id":"https:\/\/loriot.com.vn\/vi\/product\/kinh-hien-vi-sx-series\/#breadcrumb","itemListElement":[{"@type":"ListItem","position":1,"name":"Home","item":"https:\/\/loriot.com.vn\/vi\/"},{"@type":"ListItem","position":2,"name":"Products","item":"https:\/\/loriot.com.vn\/product\/"},{"@type":"ListItem","position":3,"name":"K\u00cdNH HI\u1ec2N VI SX SERIES"}]},{"@type":"WebSite","@id":"https:\/\/loriot.com.vn\/#website","url":"https:\/\/loriot.com.vn\/","name":"LORIOT INDUSTRIAL CO.,LTD","description":"","publisher":{"@id":"https:\/\/loriot.com.vn\/#organization"},"potentialAction":[{"@type":"SearchAction","target":{"@type":"EntryPoint","urlTemplate":"https:\/\/loriot.com.vn\/?s={search_term_string}"},"query-input":{"@type":"PropertyValueSpecification","valueRequired":true,"valueName":"search_term_string"}}],"inLanguage":"vi"},{"@type":"Organization","@id":"https:\/\/loriot.com.vn\/#organization","name":"Loriot Industrial Co.,Ltd","url":"https:\/\/loriot.com.vn\/","logo":{"@type":"ImageObject","inLanguage":"vi","@id":"https:\/\/loriot.com.vn\/#\/schema\/logo\/image\/","url":"https:\/\/loriot.com.vn\/wp-content\/uploads\/2021\/08\/logo-ft.png","contentUrl":"https:\/\/loriot.com.vn\/wp-content\/uploads\/2021\/08\/logo-ft.png","width":333,"height":101,"caption":"Loriot Industrial Co.,Ltd"},"image":{"@id":"https:\/\/loriot.com.vn\/#\/schema\/logo\/image\/"},"sameAs":["https:\/\/www.facebook.com\/Loriot-Industrial-COLTD-103044855046633"]}]}},"_links":{"self":[{"href":"https:\/\/loriot.com.vn\/vi\/wp-json\/wp\/v2\/product\/1686","targetHints":{"allow":["GET"]}}],"collection":[{"href":"https:\/\/loriot.com.vn\/vi\/wp-json\/wp\/v2\/product"}],"about":[{"href":"https:\/\/loriot.com.vn\/vi\/wp-json\/wp\/v2\/types\/product"}],"author":[{"embeddable":true,"href":"https:\/\/loriot.com.vn\/vi\/wp-json\/wp\/v2\/users\/1"}],"replies":[{"embeddable":true,"href":"https:\/\/loriot.com.vn\/vi\/wp-json\/wp\/v2\/comments?post=1686"}],"version-history":[{"count":17,"href":"https:\/\/loriot.com.vn\/vi\/wp-json\/wp\/v2\/product\/1686\/revisions"}],"predecessor-version":[{"id":5517,"href":"https:\/\/loriot.com.vn\/vi\/wp-json\/wp\/v2\/product\/1686\/revisions\/5517"}],"wp:featuredmedia":[{"embeddable":true,"href":"https:\/\/loriot.com.vn\/vi\/wp-json\/wp\/v2\/media\/3217"}],"wp:attachment":[{"href":"https:\/\/loriot.com.vn\/vi\/wp-json\/wp\/v2\/media?parent=1686"}],"wp:term":[{"taxonomy":"service-category","embeddable":true,"href":"https:\/\/loriot.com.vn\/vi\/wp-json\/wp\/v2\/service-category?post=1686"},{"taxonomy":"service_tag","embeddable":true,"href":"https:\/\/loriot.com.vn\/vi\/wp-json\/wp\/v2\/service_tag?post=1686"}],"curies":[{"name":"wp","href":"https:\/\/api.w.org\/{rel}","templated":true}]}}