{"id":1702,"date":"2021-08-03T15:39:57","date_gmt":"2021-08-03T15:39:57","guid":{"rendered":"http:\/\/loriot.com.vn\/product\/tim5\/"},"modified":"2025-07-10T11:45:53","modified_gmt":"2025-07-10T04:45:53","slug":"kinh-hien-vi-tim5","status":"publish","type":"product","link":"https:\/\/loriot.com.vn\/vi\/product\/kinh-hien-vi-tim5\/","title":{"rendered":"K\u00cdNH HI\u1ec2N VI TIM5"},"content":{"rendered":"<h2 style=\"text-align: center;\" data-start=\"280\" data-end=\"364\"><span style=\"font-size: 14pt;\"><strong data-start=\"288\" data-end=\"364\">TIM5 \u2013 K\u00ednh Hi\u1ec3n Vi Ki\u1ec3m Tra Luy\u1ec7n Kim &amp; V\u1eadt Li\u1ec7u \u0110a N\u0103ng, Ch\u00ednh X\u00e1c Cao<\/strong><\/span><\/h2>\n<p>&nbsp;<\/p>\n<h3 data-start=\"366\" data-end=\"443\"><span style=\"font-size: 12pt;\"><strong data-start=\"370\" data-end=\"443\">Gi\u1ea3i ph\u00e1p hi\u1ec3n vi cho ki\u1ec3m tra, ph\u00e2n t\u00edch v\u1eadt li\u1ec7u v\u00e0 c\u1ea5u tr\u00fac b\u1ec1 m\u1eb7t<\/strong><\/span><\/h3>\n<p data-start=\"445\" data-end=\"766\"><span style=\"font-size: 12pt;\"><strong data-start=\"445\" data-end=\"453\">TIM5<\/strong> l\u00e0 k\u00ednh hi\u1ec3n vi chuy\u00ean d\u1ee5ng trong l\u0129nh v\u1ef1c luy\u1ec7n kim v\u00e0 v\u1eadt li\u1ec7u, h\u1ed7 tr\u1ee3 ph\u00e2n t\u00edch chi ti\u1ebft c\u00e1c m\u1eabu h\u1ee3p kim, nh\u1ef1a, g\u1ed1m s\u1ee9 v\u00e0 nhi\u1ec1u v\u1eadt li\u1ec7u kh\u00e1c. V\u1edbi \u0111\u1ed9 ph\u00f3ng \u0111\u1ea1i cao \u0111\u1ebfn <strong data-start=\"625\" data-end=\"634\">2000x<\/strong>, \u0111a d\u1ea1ng k\u1ef9 thu\u1eadt chi\u1ebfu s\u00e1ng v\u00e0 kh\u1ea3 n\u0103ng t\u00edch h\u1ee3p camera, TIM5 l\u00e0 c\u00f4ng c\u1ee5 l\u00fd t\u01b0\u1edfng cho m\u1ecdi m\u00f4i tr\u01b0\u1eddng ph\u00f2ng th\u00ed nghi\u1ec7m v\u00e0 s\u1ea3n xu\u1ea5t.<\/span><\/p>\n<h3 data-start=\"773\" data-end=\"810\"><span style=\"font-size: 12pt;\">\ud83d\udd0d <strong data-start=\"780\" data-end=\"810\">T\u00ednh n\u0103ng n\u1ed5i b\u1eadt c\u1ee7a TIM5<\/strong><\/span><\/h3>\n<ul data-start=\"812\" data-end=\"1360\">\n<li data-start=\"812\" data-end=\"968\">\n<p data-start=\"814\" data-end=\"968\"><span style=\"font-size: 12pt;\"><strong data-start=\"814\" data-end=\"843\">\u0110a d\u1ea1ng ch\u1ebf \u0111\u1ed9 chi\u1ebfu s\u00e1ng<\/strong>: Tr\u01b0\u1eddng s\u00e1ng (Bright-field), tr\u01b0\u1eddng t\u1ed1i (Dark-field), ph\u00e2n c\u1ef1c, \u00e1nh s\u00e1ng ph\u1ea3n x\u1ea1 \u2013 gi\u00fap quan s\u00e1t r\u00f5 m\u1ecdi chi ti\u1ebft b\u1ec1 m\u1eb7t kh\u00f3.<\/span><\/p>\n<\/li>\n<li data-start=\"969\" data-end=\"1062\">\n<p data-start=\"971\" data-end=\"1062\"><span style=\"font-size: 12pt;\"><strong data-start=\"971\" data-end=\"1000\">Thi\u1ebft k\u1ebf m\u00f4-\u0111un linh ho\u1ea1t<\/strong>: D\u1ec5 d\u00e0ng t\u00f9y bi\u1ebfn v\u00e0 n\u00e2ng c\u1ea5p v\u1edbi nhi\u1ec1u ph\u1ee5 ki\u1ec7n chuy\u00ean d\u1ee5ng.<\/span><\/p>\n<\/li>\n<li data-start=\"1063\" data-end=\"1154\">\n<p data-start=\"1065\" data-end=\"1154\"><span style=\"font-size: 12pt;\"><strong data-start=\"1065\" data-end=\"1106\">\u0110\u1ed9 ph\u00f3ng \u0111\u1ea1i l\u00ean \u0111\u1ebfn 1000x (th\u1ecb k\u00ednh)<\/strong> v\u00e0 t\u1ed1i \u0111a 2000x khi k\u1ebft h\u1ee3p camera k\u1ef9 thu\u1eadt s\u1ed1.<\/span><\/p>\n<\/li>\n<li data-start=\"1155\" data-end=\"1246\">\n<p data-start=\"1157\" data-end=\"1246\"><span style=\"font-size: 12pt;\"><strong data-start=\"1157\" data-end=\"1194\">K\u00ednh hi\u1ec3n vi luy\u1ec7n kim chuy\u00ean s\u00e2u<\/strong>: Gi\u00fap ph\u00e1t hi\u1ec7n v\u1ebft n\u1ee9t, l\u1ed7 r\u1ed7, tr\u1ea7y x\u01b0\u1edbc nh\u1ecf nh\u1ea5t.<\/span><\/p>\n<\/li>\n<li data-start=\"1247\" data-end=\"1360\">\n<p data-start=\"1249\" data-end=\"1360\"><span style=\"font-size: 12pt;\"><strong data-start=\"1249\" data-end=\"1292\">Ch\u1ee5p \u1ea3nh, \u0111o l\u01b0\u1eddng, t\u1ea1o b\u00e1o c\u00e1o d\u1ec5 d\u00e0ng<\/strong>: T\u00edch h\u1ee3p c\u1ed5ng camera, ph\u1ea7n m\u1ec1m \u0111o l\u01b0\u1eddng ViCapture v\u00e0 DimensionOne.<\/span><\/p>\n<\/li>\n<\/ul>\n<h3 data-start=\"1367\" data-end=\"1395\"><span style=\"font-size: 12pt;\">\ud83d\udcf7 <strong data-start=\"1374\" data-end=\"1395\">Th\u00f4ng s\u1ed1 k\u1ef9 thu\u1eadt<\/strong><\/span><\/h3>\n<div class=\"_tableContainer_80l1q_1\">\n<div class=\"_tableWrapper_80l1q_14 group flex w-fit flex-col-reverse\" tabindex=\"-1\">\n<table style=\"border-collapse: collapse; width: 100%;\">\n<tbody>\n<tr data-start=\"1397\" data-end=\"1553\">\n<th style=\"width: 16.0455%;\" data-start=\"1397\" data-end=\"1426\" data-col-size=\"sm\"><span style=\"font-size: 12pt;\"><strong data-start=\"1399\" data-end=\"1421\">H\u1ec7 th\u1ed1ng quang h\u1ecdc<\/strong><\/span><\/th>\n<th style=\"width: 83.8913%;\" data-start=\"1426\" data-end=\"1553\" data-col-size=\"lg\"><span style=\"font-size: 12pt;\">\u1ed0ng k\u00ednh: 5x, 10x, 20x, 50x, 100x (cho c\u1ea3 chi\u1ebfu s\u00e1ng s\u00e1ng &amp; t\u1ed1i) Th\u1ecb k\u00ednh: 10x, 15x, 20x (c\u00f3 t\u00f9y ch\u1ecdn th\u1ecb k\u00ednh \u0111o l\u01b0\u1eddng)<\/span><\/th>\n<\/tr>\n<tr data-start=\"1681\" data-end=\"1806\">\n<td style=\"width: 16.0455%;\" data-start=\"1681\" data-end=\"1710\" data-col-size=\"sm\"><span style=\"font-size: 12pt;\"><strong data-start=\"1683\" data-end=\"1707\">Kho\u1ea3ng c\u00e1ch l\u00e0m vi\u1ec7c<\/strong><\/span><\/td>\n<td style=\"width: 83.8913%;\" data-col-size=\"lg\" data-start=\"1710\" data-end=\"1806\"><span style=\"font-size: 12pt;\">2mm \u2013 15mm<\/span><\/td>\n<\/tr>\n<tr data-start=\"1807\" data-end=\"1932\">\n<td style=\"width: 16.0455%;\" data-start=\"1807\" data-end=\"1836\" data-col-size=\"sm\"><span style=\"font-size: 12pt;\"><strong data-start=\"1809\" data-end=\"1831\">Camera k\u1ef9 thu\u1eadt s\u1ed1<\/strong><\/span><\/td>\n<td style=\"width: 83.8913%;\" data-start=\"1836\" data-end=\"1932\" data-col-size=\"lg\"><span style=\"font-size: 12pt;\">CMOS 1\/2&#8243;, 2560 \u00d7 1920 px, k\u1ebft n\u1ed1i USB2\/3, h\u1ed7 tr\u1ee3 JPG, BMP, PNG, AVI<\/span><\/td>\n<\/tr>\n<tr data-start=\"1933\" data-end=\"2059\">\n<td style=\"width: 16.0455%;\" data-start=\"1933\" data-end=\"1962\" data-col-size=\"sm\"><span style=\"font-size: 12pt;\"><strong data-start=\"1935\" data-end=\"1949\">Ngu\u1ed3n \u0111i\u1ec7n<\/strong><\/span><\/td>\n<td style=\"width: 83.8913%;\" data-col-size=\"lg\" data-start=\"1962\" data-end=\"2059\"><span style=\"font-size: 12pt;\">100\u2013240V, 50\/60Hz \u2013 ph\u00f9 h\u1ee3p m\u1ecdi qu\u1ed1c gia<\/span><\/td>\n<\/tr>\n<tr data-start=\"2060\" data-end=\"2184\">\n<td style=\"width: 16.0455%;\" data-start=\"2060\" data-end=\"2089\" data-col-size=\"sm\"><span style=\"font-size: 12pt;\"><strong data-start=\"2062\" data-end=\"2083\">B\u1ed9 l\u1ecdc &amp; ph\u00e2n c\u1ef1c<\/strong><\/span><\/td>\n<td style=\"width: 83.8913%;\" data-col-size=\"lg\" data-start=\"2089\" data-end=\"2184\"><span style=\"font-size: 12pt;\">\u0110\u1ea7y \u0111\u1ee7 b\u1ed9 l\u1ecdc \u00e1nh s\u00e1ng, h\u1ec7 th\u1ed1ng ph\u00e2n c\u1ef1c\/ph\u00e2n t\u00edch \u00e1nh s\u00e1ng<\/span><\/td>\n<\/tr>\n<tr data-start=\"2185\" data-end=\"2309\">\n<td style=\"width: 16.0455%;\" data-start=\"2185\" data-end=\"2214\" data-col-size=\"sm\"><span style=\"font-size: 12pt;\"><strong data-start=\"2187\" data-end=\"2208\">Ph\u1ea7n m\u1ec1m k\u00e8m theo<\/strong><\/span><\/td>\n<td style=\"width: 83.8913%;\" data-col-size=\"lg\" data-start=\"2214\" data-end=\"2309\"><span style=\"font-size: 12pt;\">ViCapture (ch\u1ee5p \u1ea3nh, quay video); t\u00f9y ch\u1ecdn DimensionOne (ch\u00fa th\u00edch, \u0111o l\u01b0\u1eddng tr\u1ef1c ti\u1ebfp)<\/span><\/td>\n<\/tr>\n<\/tbody>\n<\/table>\n<\/div>\n<\/div>\n<blockquote data-start=\"2316\" data-end=\"2480\">\n<p data-start=\"2318\" data-end=\"2480\"><span style=\"font-size: 12pt;\"><strong data-start=\"2318\" data-end=\"2480\">TIM5 \u2013 K\u00ednh hi\u1ec3n vi luy\u1ec7n kim m\u1ea1nh m\u1ebd cho ph\u00e2n t\u00edch v\u1eadt li\u1ec7u chuy\u00ean s\u00e2u v\u00e0 ch\u00ednh x\u00e1c, gi\u00fap b\u1ea1n ki\u1ec3m tra, \u0111\u00e1nh gi\u00e1 v\u00e0 l\u1eadp b\u00e1o c\u00e1o d\u1ec5 d\u00e0ng ch\u1ec9 v\u1edbi m\u1ed9t thi\u1ebft b\u1ecb.<\/strong><\/span><\/p>\n<\/blockquote>\n","protected":false},"excerpt":{"rendered":"<p>Tim5 \u0111\u01b0\u1ee3c trang b\u1ecb m\u1ed9t h\u1ec7 th\u1ed1ng quang h\u1ecdc m\u1ea1nh m\u1ebd, cung c\u1ea5p h\u00ecnh \u1ea3nh s\u00e1ng, r\u00f5 r\u00e0ng v\u1edbi \u00edt \u0111i\u1ec3m m\u1edd<\/p>\n","protected":false},"author":1,"featured_media":4408,"parent":0,"menu_order":6,"comment_status":"open","ping_status":"closed","template":"","meta":{"inline_featured_image":false,"footnotes":""},"service-category":[84,86],"service_tag":[],"class_list":["post-1702","product","type-product","status-publish","has-post-thumbnail","hentry","service-category-giai-phap-kiem-tra-va-do-luong","service-category-kinh-hien-vi-quang-hoc"],"yoast_head":"<!-- This site is optimized with the Yoast SEO plugin v27.4 - https:\/\/yoast.com\/product\/yoast-seo-wordpress\/ -->\n<title>K\u00cdNH HI\u1ec2N VI TIM5 - LORIOT INDUSTRIAL<\/title>\n<meta name=\"description\" content=\"K\u00cdNH HI\u1ec2N VI TIM5 v\u1edbi c\u00e1c m\u1ee5c ti\u00eau tr\u01b0\u1eddng s\u00e1ng v\u00e0 t\u1ed1i l\u00ean \u0111\u1ebfn 100x v\u00e0 t\u1ed5ng \u0111\u1ed9 ph\u00f3ng \u0111\u1ea1i l\u00ean \u0111\u1ebfn 1000x, v\u1edbi k\u00ednh m\u1eaft \u0111\u01b0\u1ee3c cung c\u1ea5p.\" \/>\n<meta name=\"robots\" content=\"index, follow, max-snippet:-1, max-image-preview:large, max-video-preview:-1\" \/>\n<link rel=\"canonical\" href=\"https:\/\/loriot.com.vn\/vi\/product\/kinh-hien-vi-tim5\/\" \/>\n<meta property=\"og:locale\" content=\"vi_VN\" \/>\n<meta property=\"og:type\" content=\"article\" \/>\n<meta property=\"og:title\" content=\"K\u00cdNH HI\u1ec2N VI TIM5 - LORIOT INDUSTRIAL\" \/>\n<meta property=\"og:description\" content=\"K\u00cdNH HI\u1ec2N VI TIM5 v\u1edbi c\u00e1c m\u1ee5c ti\u00eau tr\u01b0\u1eddng s\u00e1ng v\u00e0 t\u1ed1i l\u00ean \u0111\u1ebfn 100x v\u00e0 t\u1ed5ng \u0111\u1ed9 ph\u00f3ng \u0111\u1ea1i l\u00ean \u0111\u1ebfn 1000x, v\u1edbi k\u00ednh m\u1eaft \u0111\u01b0\u1ee3c cung c\u1ea5p.\" \/>\n<meta property=\"og:url\" content=\"https:\/\/loriot.com.vn\/vi\/product\/kinh-hien-vi-tim5\/\" \/>\n<meta property=\"og:site_name\" content=\"LORIOT INDUSTRIAL\" \/>\n<meta property=\"article:publisher\" content=\"https:\/\/www.facebook.com\/Loriot-Industrial-COLTD-103044855046633\" \/>\n<meta property=\"article:modified_time\" content=\"2025-07-10T04:45:53+00:00\" \/>\n<meta property=\"og:image\" content=\"https:\/\/loriot.com.vn\/wp-content\/uploads\/2021\/08\/TIM5-770x505-1.jpg\" \/>\n\t<meta property=\"og:image:width\" content=\"770\" \/>\n\t<meta property=\"og:image:height\" content=\"513\" \/>\n\t<meta property=\"og:image:type\" content=\"image\/jpeg\" \/>\n<meta name=\"twitter:card\" content=\"summary_large_image\" \/>\n<meta name=\"twitter:label1\" content=\"\u01af\u1edbc t\u00ednh th\u1eddi gian \u0111\u1ecdc\" \/>\n\t<meta name=\"twitter:data1\" content=\"2 ph\u00fat\" \/>\n<script type=\"application\/ld+json\" class=\"yoast-schema-graph\">{\"@context\":\"https:\\\/\\\/schema.org\",\"@graph\":[{\"@type\":\"WebPage\",\"@id\":\"https:\\\/\\\/loriot.com.vn\\\/vi\\\/product\\\/kinh-hien-vi-tim5\\\/\",\"url\":\"https:\\\/\\\/loriot.com.vn\\\/vi\\\/product\\\/kinh-hien-vi-tim5\\\/\",\"name\":\"K\u00cdNH HI\u1ec2N VI TIM5 - LORIOT INDUSTRIAL\",\"isPartOf\":{\"@id\":\"https:\\\/\\\/loriot.com.vn\\\/#website\"},\"primaryImageOfPage\":{\"@id\":\"https:\\\/\\\/loriot.com.vn\\\/vi\\\/product\\\/kinh-hien-vi-tim5\\\/#primaryimage\"},\"image\":{\"@id\":\"https:\\\/\\\/loriot.com.vn\\\/vi\\\/product\\\/kinh-hien-vi-tim5\\\/#primaryimage\"},\"thumbnailUrl\":\"https:\\\/\\\/loriot.com.vn\\\/wp-content\\\/uploads\\\/2021\\\/08\\\/TIM5-770x505-1.jpg\",\"datePublished\":\"2021-08-03T15:39:57+00:00\",\"dateModified\":\"2025-07-10T04:45:53+00:00\",\"description\":\"K\u00cdNH HI\u1ec2N VI TIM5 v\u1edbi c\u00e1c m\u1ee5c ti\u00eau tr\u01b0\u1eddng s\u00e1ng v\u00e0 t\u1ed1i l\u00ean \u0111\u1ebfn 100x v\u00e0 t\u1ed5ng \u0111\u1ed9 ph\u00f3ng \u0111\u1ea1i l\u00ean \u0111\u1ebfn 1000x, v\u1edbi k\u00ednh m\u1eaft \u0111\u01b0\u1ee3c cung c\u1ea5p.\",\"breadcrumb\":{\"@id\":\"https:\\\/\\\/loriot.com.vn\\\/vi\\\/product\\\/kinh-hien-vi-tim5\\\/#breadcrumb\"},\"inLanguage\":\"vi\",\"potentialAction\":[{\"@type\":\"ReadAction\",\"target\":[\"https:\\\/\\\/loriot.com.vn\\\/vi\\\/product\\\/kinh-hien-vi-tim5\\\/\"]}]},{\"@type\":\"ImageObject\",\"inLanguage\":\"vi\",\"@id\":\"https:\\\/\\\/loriot.com.vn\\\/vi\\\/product\\\/kinh-hien-vi-tim5\\\/#primaryimage\",\"url\":\"https:\\\/\\\/loriot.com.vn\\\/wp-content\\\/uploads\\\/2021\\\/08\\\/TIM5-770x505-1.jpg\",\"contentUrl\":\"https:\\\/\\\/loriot.com.vn\\\/wp-content\\\/uploads\\\/2021\\\/08\\\/TIM5-770x505-1.jpg\",\"width\":770,\"height\":513,\"caption\":\"K\u00cdNH HI\u1ec2N VI TIM5\"},{\"@type\":\"BreadcrumbList\",\"@id\":\"https:\\\/\\\/loriot.com.vn\\\/vi\\\/product\\\/kinh-hien-vi-tim5\\\/#breadcrumb\",\"itemListElement\":[{\"@type\":\"ListItem\",\"position\":1,\"name\":\"Home\",\"item\":\"https:\\\/\\\/loriot.com.vn\\\/vi\\\/\"},{\"@type\":\"ListItem\",\"position\":2,\"name\":\"Products\",\"item\":\"https:\\\/\\\/loriot.com.vn\\\/product\\\/\"},{\"@type\":\"ListItem\",\"position\":3,\"name\":\"K\u00cdNH HI\u1ec2N VI TIM5\"}]},{\"@type\":\"WebSite\",\"@id\":\"https:\\\/\\\/loriot.com.vn\\\/#website\",\"url\":\"https:\\\/\\\/loriot.com.vn\\\/\",\"name\":\"LORIOT INDUSTRIAL CO.,LTD\",\"description\":\"\",\"publisher\":{\"@id\":\"https:\\\/\\\/loriot.com.vn\\\/#organization\"},\"potentialAction\":[{\"@type\":\"SearchAction\",\"target\":{\"@type\":\"EntryPoint\",\"urlTemplate\":\"https:\\\/\\\/loriot.com.vn\\\/?s={search_term_string}\"},\"query-input\":{\"@type\":\"PropertyValueSpecification\",\"valueRequired\":true,\"valueName\":\"search_term_string\"}}],\"inLanguage\":\"vi\"},{\"@type\":\"Organization\",\"@id\":\"https:\\\/\\\/loriot.com.vn\\\/#organization\",\"name\":\"Loriot Industrial Co.,Ltd\",\"url\":\"https:\\\/\\\/loriot.com.vn\\\/\",\"logo\":{\"@type\":\"ImageObject\",\"inLanguage\":\"vi\",\"@id\":\"https:\\\/\\\/loriot.com.vn\\\/#\\\/schema\\\/logo\\\/image\\\/\",\"url\":\"https:\\\/\\\/loriot.com.vn\\\/wp-content\\\/uploads\\\/2021\\\/08\\\/logo-ft.png\",\"contentUrl\":\"https:\\\/\\\/loriot.com.vn\\\/wp-content\\\/uploads\\\/2021\\\/08\\\/logo-ft.png\",\"width\":333,\"height\":101,\"caption\":\"Loriot Industrial Co.,Ltd\"},\"image\":{\"@id\":\"https:\\\/\\\/loriot.com.vn\\\/#\\\/schema\\\/logo\\\/image\\\/\"},\"sameAs\":[\"https:\\\/\\\/www.facebook.com\\\/Loriot-Industrial-COLTD-103044855046633\"]}]}<\/script>\n<!-- \/ Yoast SEO plugin. -->","yoast_head_json":{"title":"K\u00cdNH HI\u1ec2N VI TIM5 - LORIOT INDUSTRIAL","description":"K\u00cdNH HI\u1ec2N VI TIM5 v\u1edbi c\u00e1c m\u1ee5c ti\u00eau tr\u01b0\u1eddng s\u00e1ng v\u00e0 t\u1ed1i l\u00ean \u0111\u1ebfn 100x v\u00e0 t\u1ed5ng \u0111\u1ed9 ph\u00f3ng \u0111\u1ea1i l\u00ean \u0111\u1ebfn 1000x, v\u1edbi k\u00ednh m\u1eaft \u0111\u01b0\u1ee3c cung c\u1ea5p.","robots":{"index":"index","follow":"follow","max-snippet":"max-snippet:-1","max-image-preview":"max-image-preview:large","max-video-preview":"max-video-preview:-1"},"canonical":"https:\/\/loriot.com.vn\/vi\/product\/kinh-hien-vi-tim5\/","og_locale":"vi_VN","og_type":"article","og_title":"K\u00cdNH HI\u1ec2N VI TIM5 - LORIOT INDUSTRIAL","og_description":"K\u00cdNH HI\u1ec2N VI TIM5 v\u1edbi c\u00e1c m\u1ee5c ti\u00eau tr\u01b0\u1eddng s\u00e1ng v\u00e0 t\u1ed1i l\u00ean \u0111\u1ebfn 100x v\u00e0 t\u1ed5ng \u0111\u1ed9 ph\u00f3ng \u0111\u1ea1i l\u00ean \u0111\u1ebfn 1000x, v\u1edbi k\u00ednh m\u1eaft \u0111\u01b0\u1ee3c cung c\u1ea5p.","og_url":"https:\/\/loriot.com.vn\/vi\/product\/kinh-hien-vi-tim5\/","og_site_name":"LORIOT INDUSTRIAL","article_publisher":"https:\/\/www.facebook.com\/Loriot-Industrial-COLTD-103044855046633","article_modified_time":"2025-07-10T04:45:53+00:00","og_image":[{"width":770,"height":513,"url":"https:\/\/loriot.com.vn\/wp-content\/uploads\/2021\/08\/TIM5-770x505-1.jpg","type":"image\/jpeg"}],"twitter_card":"summary_large_image","twitter_misc":{"\u01af\u1edbc t\u00ednh th\u1eddi gian \u0111\u1ecdc":"2 ph\u00fat"},"schema":{"@context":"https:\/\/schema.org","@graph":[{"@type":"WebPage","@id":"https:\/\/loriot.com.vn\/vi\/product\/kinh-hien-vi-tim5\/","url":"https:\/\/loriot.com.vn\/vi\/product\/kinh-hien-vi-tim5\/","name":"K\u00cdNH HI\u1ec2N VI TIM5 - LORIOT INDUSTRIAL","isPartOf":{"@id":"https:\/\/loriot.com.vn\/#website"},"primaryImageOfPage":{"@id":"https:\/\/loriot.com.vn\/vi\/product\/kinh-hien-vi-tim5\/#primaryimage"},"image":{"@id":"https:\/\/loriot.com.vn\/vi\/product\/kinh-hien-vi-tim5\/#primaryimage"},"thumbnailUrl":"https:\/\/loriot.com.vn\/wp-content\/uploads\/2021\/08\/TIM5-770x505-1.jpg","datePublished":"2021-08-03T15:39:57+00:00","dateModified":"2025-07-10T04:45:53+00:00","description":"K\u00cdNH HI\u1ec2N VI TIM5 v\u1edbi c\u00e1c m\u1ee5c ti\u00eau tr\u01b0\u1eddng s\u00e1ng v\u00e0 t\u1ed1i l\u00ean \u0111\u1ebfn 100x v\u00e0 t\u1ed5ng \u0111\u1ed9 ph\u00f3ng \u0111\u1ea1i l\u00ean \u0111\u1ebfn 1000x, v\u1edbi k\u00ednh m\u1eaft \u0111\u01b0\u1ee3c cung c\u1ea5p.","breadcrumb":{"@id":"https:\/\/loriot.com.vn\/vi\/product\/kinh-hien-vi-tim5\/#breadcrumb"},"inLanguage":"vi","potentialAction":[{"@type":"ReadAction","target":["https:\/\/loriot.com.vn\/vi\/product\/kinh-hien-vi-tim5\/"]}]},{"@type":"ImageObject","inLanguage":"vi","@id":"https:\/\/loriot.com.vn\/vi\/product\/kinh-hien-vi-tim5\/#primaryimage","url":"https:\/\/loriot.com.vn\/wp-content\/uploads\/2021\/08\/TIM5-770x505-1.jpg","contentUrl":"https:\/\/loriot.com.vn\/wp-content\/uploads\/2021\/08\/TIM5-770x505-1.jpg","width":770,"height":513,"caption":"K\u00cdNH HI\u1ec2N VI TIM5"},{"@type":"BreadcrumbList","@id":"https:\/\/loriot.com.vn\/vi\/product\/kinh-hien-vi-tim5\/#breadcrumb","itemListElement":[{"@type":"ListItem","position":1,"name":"Home","item":"https:\/\/loriot.com.vn\/vi\/"},{"@type":"ListItem","position":2,"name":"Products","item":"https:\/\/loriot.com.vn\/product\/"},{"@type":"ListItem","position":3,"name":"K\u00cdNH HI\u1ec2N VI TIM5"}]},{"@type":"WebSite","@id":"https:\/\/loriot.com.vn\/#website","url":"https:\/\/loriot.com.vn\/","name":"LORIOT INDUSTRIAL CO.,LTD","description":"","publisher":{"@id":"https:\/\/loriot.com.vn\/#organization"},"potentialAction":[{"@type":"SearchAction","target":{"@type":"EntryPoint","urlTemplate":"https:\/\/loriot.com.vn\/?s={search_term_string}"},"query-input":{"@type":"PropertyValueSpecification","valueRequired":true,"valueName":"search_term_string"}}],"inLanguage":"vi"},{"@type":"Organization","@id":"https:\/\/loriot.com.vn\/#organization","name":"Loriot Industrial Co.,Ltd","url":"https:\/\/loriot.com.vn\/","logo":{"@type":"ImageObject","inLanguage":"vi","@id":"https:\/\/loriot.com.vn\/#\/schema\/logo\/image\/","url":"https:\/\/loriot.com.vn\/wp-content\/uploads\/2021\/08\/logo-ft.png","contentUrl":"https:\/\/loriot.com.vn\/wp-content\/uploads\/2021\/08\/logo-ft.png","width":333,"height":101,"caption":"Loriot Industrial Co.,Ltd"},"image":{"@id":"https:\/\/loriot.com.vn\/#\/schema\/logo\/image\/"},"sameAs":["https:\/\/www.facebook.com\/Loriot-Industrial-COLTD-103044855046633"]}]}},"_links":{"self":[{"href":"https:\/\/loriot.com.vn\/vi\/wp-json\/wp\/v2\/product\/1702","targetHints":{"allow":["GET"]}}],"collection":[{"href":"https:\/\/loriot.com.vn\/vi\/wp-json\/wp\/v2\/product"}],"about":[{"href":"https:\/\/loriot.com.vn\/vi\/wp-json\/wp\/v2\/types\/product"}],"author":[{"embeddable":true,"href":"https:\/\/loriot.com.vn\/vi\/wp-json\/wp\/v2\/users\/1"}],"replies":[{"embeddable":true,"href":"https:\/\/loriot.com.vn\/vi\/wp-json\/wp\/v2\/comments?post=1702"}],"version-history":[{"count":25,"href":"https:\/\/loriot.com.vn\/vi\/wp-json\/wp\/v2\/product\/1702\/revisions"}],"predecessor-version":[{"id":5604,"href":"https:\/\/loriot.com.vn\/vi\/wp-json\/wp\/v2\/product\/1702\/revisions\/5604"}],"wp:featuredmedia":[{"embeddable":true,"href":"https:\/\/loriot.com.vn\/vi\/wp-json\/wp\/v2\/media\/4408"}],"wp:attachment":[{"href":"https:\/\/loriot.com.vn\/vi\/wp-json\/wp\/v2\/media?parent=1702"}],"wp:term":[{"taxonomy":"service-category","embeddable":true,"href":"https:\/\/loriot.com.vn\/vi\/wp-json\/wp\/v2\/service-category?post=1702"},{"taxonomy":"service_tag","embeddable":true,"href":"https:\/\/loriot.com.vn\/vi\/wp-json\/wp\/v2\/service_tag?post=1702"}],"curies":[{"name":"wp","href":"https:\/\/api.w.org\/{rel}","templated":true}]}}