{"id":1703,"date":"2021-08-03T14:45:45","date_gmt":"2021-08-03T14:45:45","guid":{"rendered":"http:\/\/loriot.com.vn\/product\/tin-lead-snpb-bar-solder\/"},"modified":"2026-03-20T11:30:31","modified_gmt":"2026-03-20T04:30:31","slug":"snpb-thanh-thiec-chi-han","status":"publish","type":"product","link":"https:\/\/loriot.com.vn\/vi\/product\/snpb-thanh-thiec-chi-han\/","title":{"rendered":"(SNPB) THANH THI\u1ebeC CH\u00cc H\u00c0N"},"content":{"rendered":"<p style=\"text-align: center;\"><span style=\"font-family: arial, helvetica, sans-serif;\"><strong><span style=\"font-size: 14pt;\">(SNPB) THANH THI\u1ebeC CH\u00cc H\u00c0N<\/span><\/strong><\/span><\/p>\n<p>&nbsp;<\/p>\n<p data-start=\"43\" data-end=\"328\"><span style=\"font-family: arial, helvetica, sans-serif;\"><span class=\"BZ_Pyq_fadeIn\">\u0110\u01b0\u1ee3c <\/span><span class=\"BZ_Pyq_fadeIn\">s\u1ea3n <\/span><span class=\"BZ_Pyq_fadeIn\">xu\u1ea5t <\/span><span class=\"BZ_Pyq_fadeIn\">b\u1eb1ng <\/span><span class=\"BZ_Pyq_fadeIn\">quy <\/span><span class=\"BZ_Pyq_fadeIn\">tr\u00ecnh <\/span><span class=\"BZ_Pyq_fadeIn\">\u0111\u1eb7c <\/span><span class=\"BZ_Pyq_fadeIn\">bi\u1ec7t <\/span><span class=\"BZ_Pyq_fadeIn\">nh\u1eb1m <\/span><span class=\"BZ_Pyq_fadeIn\">ki\u1ec3m <\/span><span class=\"BZ_Pyq_fadeIn\">so\u00e1t <\/span><span class=\"BZ_Pyq_fadeIn\">ch\u1eb7t <\/span><span class=\"BZ_Pyq_fadeIn\">ch\u1ebd <\/span><span class=\"BZ_Pyq_fadeIn\">c\u00e1c <\/span><span class=\"BZ_Pyq_fadeIn\">t\u1ea1p <\/span><span class=\"BZ_Pyq_fadeIn\">ch\u1ea5t <\/span><span class=\"BZ_Pyq_fadeIn\">nh\u01b0 <\/span><span class=\"BZ_Pyq_fadeIn\">oxit, <\/span><span class=\"BZ_Pyq_fadeIn\">kim <\/span><span class=\"BZ_Pyq_fadeIn\">lo\u1ea1i <\/span><span class=\"BZ_Pyq_fadeIn\">v\u00e0 <\/span><span class=\"BZ_Pyq_fadeIn\">phi <\/span><span class=\"BZ_Pyq_fadeIn\">kim <\/span><span class=\"BZ_Pyq_fadeIn\">lo\u1ea1i, <\/span><strong data-start=\"154\" data-end=\"175\"><span class=\"BZ_Pyq_fadeIn\">Kester <\/span><span class=\"BZ_Pyq_fadeIn\">Ultrapure\u00ae<\/span><\/strong> <span class=\"BZ_Pyq_fadeIn\">l\u00e0 <\/span><span class=\"BZ_Pyq_fadeIn\">d\u00f2ng <\/span><span class=\"BZ_Pyq_fadeIn\">thi\u1ebfc <\/span><span class=\"BZ_Pyq_fadeIn\">th\u1ecfi <\/span><span class=\"BZ_Pyq_fadeIn\">ti\u00eau <\/span><span class=\"BZ_Pyq_fadeIn\">chu\u1ea9n <\/span><span class=\"BZ_Pyq_fadeIn\">trong <\/span><span class=\"BZ_Pyq_fadeIn\">ng\u00e0nh <\/span><span class=\"BZ_Pyq_fadeIn\">cho <\/span><span class=\"BZ_Pyq_fadeIn\">c\u00e1c <\/span><span class=\"BZ_Pyq_fadeIn\">\u1ee9ng <\/span><span class=\"BZ_Pyq_fadeIn\">d\u1ee5ng <\/span><span class=\"BZ_Pyq_fadeIn\">\u0111i\u1ec7n <\/span><span class=\"BZ_Pyq_fadeIn\">t\u1eed <\/span><span class=\"BZ_Pyq_fadeIn\">c\u00f4ng <\/span><span class=\"BZ_Pyq_fadeIn\">ngh\u1ec7 <\/span><span class=\"BZ_Pyq_fadeIn\">cao, <\/span><span class=\"BZ_Pyq_fadeIn\">n\u01a1i <\/span><span class=\"BZ_Pyq_fadeIn\">y\u00eau <\/span><span class=\"BZ_Pyq_fadeIn\">c\u1ea7u <\/span><strong data-start=\"270\" data-end=\"327\"><span class=\"BZ_Pyq_fadeIn\">\u0111\u1ed9 <\/span><span class=\"BZ_Pyq_fadeIn\">c\u0103ng <\/span><span class=\"BZ_Pyq_fadeIn\">b\u1ec1 <\/span><span class=\"BZ_Pyq_fadeIn\">m\u1eb7t <\/span><span class=\"BZ_Pyq_fadeIn\">th\u1ea5p <\/span><span class=\"BZ_Pyq_fadeIn\">v\u00e0 <\/span><span class=\"BZ_Pyq_fadeIn\">kh\u1ea3 <\/span><span class=\"BZ_Pyq_fadeIn\">n\u0103ng <\/span><span class=\"BZ_Pyq_fadeIn\">l\u1ea5p <\/span><span class=\"BZ_Pyq_fadeIn\">\u0111\u1ea7y <\/span><span class=\"BZ_Pyq_fadeIn\">l\u1ed7 <\/span><span class=\"BZ_Pyq_fadeIn\">h\u00e0n <\/span><span class=\"BZ_Pyq_fadeIn\">t\u1ed1i <\/span><span class=\"BZ_Pyq_fadeIn\">\u01b0u<\/span><\/strong><span class=\"BZ_Pyq_fadeIn\">.<\/span><\/span><\/p>\n<p data-start=\"330\" data-end=\"534\" data-is-last-node=\"\" data-is-only-node=\"\"><span style=\"font-family: arial, helvetica, sans-serif;\"><span class=\"BZ_Pyq_fadeIn\">\u0110\u1ed9 <\/span><span class=\"BZ_Pyq_fadeIn\">tinh <\/span><span class=\"BZ_Pyq_fadeIn\">khi\u1ebft <\/span><span class=\"BZ_Pyq_fadeIn\">c\u1ee7a <\/span><span class=\"BZ_Pyq_fadeIn\">Ultrapure <\/span><span class=\"BZ_Pyq_fadeIn\">\u0111\u00e1p <\/span><span class=\"BZ_Pyq_fadeIn\">\u1ee9ng <\/span><span class=\"BZ_Pyq_fadeIn\">c\u00e1c <\/span><span class=\"BZ_Pyq_fadeIn\">y\u00eau <\/span><span class=\"BZ_Pyq_fadeIn\">c\u1ea7u <\/span><span class=\"BZ_Pyq_fadeIn\">c\u1ee7a <\/span><span class=\"BZ_Pyq_fadeIn\">ti\u00eau <\/span><span class=\"BZ_Pyq_fadeIn\">chu\u1ea9n <\/span><strong data-start=\"393\" data-end=\"411\"><span class=\"BZ_Pyq_fadeIn\">IPC\/<\/span><span class=\"BZ_Pyq_fadeIn\">J-<\/span><span class=\"BZ_Pyq_fadeIn\">STD-<\/span><span class=\"BZ_Pyq_fadeIn\">006C<\/span><\/strong> <span class=\"BZ_Pyq_fadeIn\">v\u00e0 <\/span><span class=\"BZ_Pyq_fadeIn\">v\u1eabn <\/span><span class=\"BZ_Pyq_fadeIn\">\u0111\u1ea3m <\/span><span class=\"BZ_Pyq_fadeIn\">b\u1ea3o <\/span><span class=\"BZ_Pyq_fadeIn\">tu\u00e2n <\/span><span class=\"BZ_Pyq_fadeIn\">th\u1ee7 <\/span><span class=\"BZ_Pyq_fadeIn\">ti\u00eau <\/span><span class=\"BZ_Pyq_fadeIn\">chu\u1ea9n <\/span><span class=\"BZ_Pyq_fadeIn\">n\u00e0y <\/span><span class=\"BZ_Pyq_fadeIn\">khi <\/span><span class=\"BZ_Pyq_fadeIn\">\u0111\u01b0\u1ee3c <\/span><span class=\"BZ_Pyq_fadeIn\">mua <\/span><span class=\"BZ_Pyq_fadeIn\">tr\u1ef1c <\/span><span class=\"BZ_Pyq_fadeIn\">ti\u1ebfp <\/span><span class=\"BZ_Pyq_fadeIn\">t\u1eeb <\/span><span class=\"BZ_Pyq_fadeIn\">nh\u00e0 <\/span><span class=\"BZ_Pyq_fadeIn\">s\u1ea3n <\/span><span class=\"BZ_Pyq_fadeIn\">xu\u1ea5t <\/span><span class=\"BZ_Pyq_fadeIn\">ho\u1eb7c <\/span><span class=\"BZ_Pyq_fadeIn\">th\u00f4ng <\/span><span class=\"BZ_Pyq_fadeIn\">qua <\/span><span class=\"BZ_Pyq_fadeIn\">c\u00e1c <\/span><span class=\"BZ_Pyq_fadeIn\">nh\u00e0 <\/span><span class=\"BZ_Pyq_fadeIn\">ph\u00e2n <\/span><span class=\"BZ_Pyq_fadeIn\">ph\u1ed1i <\/span><span class=\"BZ_Pyq_fadeIn\">ch\u00ednh <\/span><span class=\"BZ_Pyq_fadeIn\">th\u1ee9c.<\/span><\/span><\/p>\n","protected":false},"excerpt":{"rendered":"<p>\u0110\u01b0\u1ee3c s\u1ea3n xu\u1ea5t b\u1eb1ng quy tr\u00ecnh \u0111\u1eb7c bi\u1ec7t nh\u1eb1m ki\u1ec3m so\u00e1t ch\u1eb7t ch\u1ebd c\u00e1c t\u1ea1p ch\u1ea5t nh\u01b0 oxit, kim lo\u1ea1i v\u00e0 phi kim lo\u1ea1i<\/p>\n","protected":false},"author":1,"featured_media":6623,"parent":0,"menu_order":46,"comment_status":"open","ping_status":"closed","template":"","meta":{"inline_featured_image":false,"footnotes":""},"service-category":[101],"service_tag":[108],"class_list":["post-1703","product","type-product","status-publish","has-post-thumbnail","hentry","service-category-thiec-han-dang-thanh","service_tag-vat-lieu-han"],"yoast_head":"<!-- This site is optimized with the Yoast SEO plugin v27.4 - https:\/\/yoast.com\/product\/yoast-seo-wordpress\/ -->\n<title>(SNPB) THANH THI\u1ebeC CH\u00cc H\u00c0N - LORIOT INDUSTRIAL<\/title>\n<meta name=\"description\" content=\"\u0110\u01b0\u1ee3c s\u1ea3n xu\u1ea5t b\u1eb1ng quy tr\u00ecnh \u0111\u1eb7c bi\u1ec7t nh\u1eb1m ki\u1ec3m so\u00e1t ch\u1eb7t ch\u1ebd c\u00e1c t\u1ea1p ch\u1ea5t nh\u01b0 oxit, kim lo\u1ea1i v\u00e0 phi kim lo\u1ea1i\" \/>\n<meta name=\"robots\" content=\"index, follow, max-snippet:-1, max-image-preview:large, max-video-preview:-1\" \/>\n<link rel=\"canonical\" href=\"https:\/\/loriot.com.vn\/vi\/product\/snpb-thanh-thiec-chi-han\/\" \/>\n<meta property=\"og:locale\" content=\"vi_VN\" \/>\n<meta property=\"og:type\" content=\"article\" \/>\n<meta property=\"og:title\" content=\"(SNPB) THANH THI\u1ebeC CH\u00cc H\u00c0N - LORIOT INDUSTRIAL\" \/>\n<meta property=\"og:description\" content=\"\u0110\u01b0\u1ee3c s\u1ea3n xu\u1ea5t b\u1eb1ng quy tr\u00ecnh \u0111\u1eb7c bi\u1ec7t nh\u1eb1m ki\u1ec3m so\u00e1t ch\u1eb7t ch\u1ebd c\u00e1c t\u1ea1p ch\u1ea5t nh\u01b0 oxit, kim lo\u1ea1i v\u00e0 phi kim lo\u1ea1i\" \/>\n<meta property=\"og:url\" content=\"https:\/\/loriot.com.vn\/vi\/product\/snpb-thanh-thiec-chi-han\/\" \/>\n<meta property=\"og:site_name\" content=\"LORIOT INDUSTRIAL\" \/>\n<meta property=\"article:publisher\" content=\"https:\/\/www.facebook.com\/Loriot-Industrial-COLTD-103044855046633\" \/>\n<meta property=\"article:modified_time\" content=\"2026-03-20T04:30:31+00:00\" \/>\n<meta property=\"og:image\" content=\"https:\/\/loriot.com.vn\/wp-content\/uploads\/2021\/08\/1-01-2.png\" \/>\n\t<meta property=\"og:image:width\" content=\"1542\" \/>\n\t<meta property=\"og:image:height\" content=\"1084\" \/>\n\t<meta property=\"og:image:type\" content=\"image\/png\" \/>\n<meta name=\"twitter:card\" content=\"summary_large_image\" \/>\n<meta name=\"twitter:label1\" content=\"\u01af\u1edbc t\u00ednh th\u1eddi gian \u0111\u1ecdc\" \/>\n\t<meta name=\"twitter:data1\" content=\"1 ph\u00fat\" \/>\n<script type=\"application\/ld+json\" class=\"yoast-schema-graph\">{\"@context\":\"https:\\\/\\\/schema.org\",\"@graph\":[{\"@type\":\"WebPage\",\"@id\":\"https:\\\/\\\/loriot.com.vn\\\/vi\\\/product\\\/snpb-thanh-thiec-chi-han\\\/\",\"url\":\"https:\\\/\\\/loriot.com.vn\\\/vi\\\/product\\\/snpb-thanh-thiec-chi-han\\\/\",\"name\":\"(SNPB) THANH THI\u1ebeC CH\u00cc H\u00c0N - LORIOT INDUSTRIAL\",\"isPartOf\":{\"@id\":\"https:\\\/\\\/loriot.com.vn\\\/#website\"},\"primaryImageOfPage\":{\"@id\":\"https:\\\/\\\/loriot.com.vn\\\/vi\\\/product\\\/snpb-thanh-thiec-chi-han\\\/#primaryimage\"},\"image\":{\"@id\":\"https:\\\/\\\/loriot.com.vn\\\/vi\\\/product\\\/snpb-thanh-thiec-chi-han\\\/#primaryimage\"},\"thumbnailUrl\":\"https:\\\/\\\/loriot.com.vn\\\/wp-content\\\/uploads\\\/2021\\\/08\\\/1-01-2.png\",\"datePublished\":\"2021-08-03T14:45:45+00:00\",\"dateModified\":\"2026-03-20T04:30:31+00:00\",\"description\":\"\u0110\u01b0\u1ee3c s\u1ea3n xu\u1ea5t b\u1eb1ng quy tr\u00ecnh \u0111\u1eb7c bi\u1ec7t nh\u1eb1m ki\u1ec3m so\u00e1t ch\u1eb7t ch\u1ebd c\u00e1c t\u1ea1p ch\u1ea5t nh\u01b0 oxit, kim lo\u1ea1i v\u00e0 phi kim lo\u1ea1i\",\"breadcrumb\":{\"@id\":\"https:\\\/\\\/loriot.com.vn\\\/vi\\\/product\\\/snpb-thanh-thiec-chi-han\\\/#breadcrumb\"},\"inLanguage\":\"vi\",\"potentialAction\":[{\"@type\":\"ReadAction\",\"target\":[\"https:\\\/\\\/loriot.com.vn\\\/vi\\\/product\\\/snpb-thanh-thiec-chi-han\\\/\"]}]},{\"@type\":\"ImageObject\",\"inLanguage\":\"vi\",\"@id\":\"https:\\\/\\\/loriot.com.vn\\\/vi\\\/product\\\/snpb-thanh-thiec-chi-han\\\/#primaryimage\",\"url\":\"https:\\\/\\\/loriot.com.vn\\\/wp-content\\\/uploads\\\/2021\\\/08\\\/1-01-2.png\",\"contentUrl\":\"https:\\\/\\\/loriot.com.vn\\\/wp-content\\\/uploads\\\/2021\\\/08\\\/1-01-2.png\",\"width\":1542,\"height\":1084},{\"@type\":\"BreadcrumbList\",\"@id\":\"https:\\\/\\\/loriot.com.vn\\\/vi\\\/product\\\/snpb-thanh-thiec-chi-han\\\/#breadcrumb\",\"itemListElement\":[{\"@type\":\"ListItem\",\"position\":1,\"name\":\"Home\",\"item\":\"https:\\\/\\\/loriot.com.vn\\\/vi\\\/\"},{\"@type\":\"ListItem\",\"position\":2,\"name\":\"Products\",\"item\":\"https:\\\/\\\/loriot.com.vn\\\/vi\\\/product\\\/\"},{\"@type\":\"ListItem\",\"position\":3,\"name\":\"(SNPB) THANH THI\u1ebeC CH\u00cc H\u00c0N\"}]},{\"@type\":\"WebSite\",\"@id\":\"https:\\\/\\\/loriot.com.vn\\\/#website\",\"url\":\"https:\\\/\\\/loriot.com.vn\\\/\",\"name\":\"LORIOT INDUSTRIAL CO.,LTD\",\"description\":\"\",\"publisher\":{\"@id\":\"https:\\\/\\\/loriot.com.vn\\\/#organization\"},\"potentialAction\":[{\"@type\":\"SearchAction\",\"target\":{\"@type\":\"EntryPoint\",\"urlTemplate\":\"https:\\\/\\\/loriot.com.vn\\\/?s={search_term_string}\"},\"query-input\":{\"@type\":\"PropertyValueSpecification\",\"valueRequired\":true,\"valueName\":\"search_term_string\"}}],\"inLanguage\":\"vi\"},{\"@type\":\"Organization\",\"@id\":\"https:\\\/\\\/loriot.com.vn\\\/#organization\",\"name\":\"Loriot Industrial Co.,Ltd\",\"url\":\"https:\\\/\\\/loriot.com.vn\\\/\",\"logo\":{\"@type\":\"ImageObject\",\"inLanguage\":\"vi\",\"@id\":\"https:\\\/\\\/loriot.com.vn\\\/#\\\/schema\\\/logo\\\/image\\\/\",\"url\":\"https:\\\/\\\/loriot.com.vn\\\/wp-content\\\/uploads\\\/2021\\\/08\\\/logo-ft.png\",\"contentUrl\":\"https:\\\/\\\/loriot.com.vn\\\/wp-content\\\/uploads\\\/2021\\\/08\\\/logo-ft.png\",\"width\":333,\"height\":101,\"caption\":\"Loriot Industrial Co.,Ltd\"},\"image\":{\"@id\":\"https:\\\/\\\/loriot.com.vn\\\/#\\\/schema\\\/logo\\\/image\\\/\"},\"sameAs\":[\"https:\\\/\\\/www.facebook.com\\\/Loriot-Industrial-COLTD-103044855046633\"]}]}<\/script>\n<!-- \/ Yoast SEO plugin. -->","yoast_head_json":{"title":"(SNPB) THANH THI\u1ebeC CH\u00cc H\u00c0N - LORIOT INDUSTRIAL","description":"\u0110\u01b0\u1ee3c s\u1ea3n xu\u1ea5t b\u1eb1ng quy tr\u00ecnh \u0111\u1eb7c bi\u1ec7t nh\u1eb1m ki\u1ec3m so\u00e1t ch\u1eb7t ch\u1ebd c\u00e1c t\u1ea1p ch\u1ea5t nh\u01b0 oxit, kim lo\u1ea1i v\u00e0 phi kim lo\u1ea1i","robots":{"index":"index","follow":"follow","max-snippet":"max-snippet:-1","max-image-preview":"max-image-preview:large","max-video-preview":"max-video-preview:-1"},"canonical":"https:\/\/loriot.com.vn\/vi\/product\/snpb-thanh-thiec-chi-han\/","og_locale":"vi_VN","og_type":"article","og_title":"(SNPB) THANH THI\u1ebeC CH\u00cc H\u00c0N - LORIOT INDUSTRIAL","og_description":"\u0110\u01b0\u1ee3c s\u1ea3n xu\u1ea5t b\u1eb1ng quy tr\u00ecnh \u0111\u1eb7c bi\u1ec7t nh\u1eb1m ki\u1ec3m so\u00e1t ch\u1eb7t ch\u1ebd c\u00e1c t\u1ea1p ch\u1ea5t nh\u01b0 oxit, kim lo\u1ea1i v\u00e0 phi kim lo\u1ea1i","og_url":"https:\/\/loriot.com.vn\/vi\/product\/snpb-thanh-thiec-chi-han\/","og_site_name":"LORIOT INDUSTRIAL","article_publisher":"https:\/\/www.facebook.com\/Loriot-Industrial-COLTD-103044855046633","article_modified_time":"2026-03-20T04:30:31+00:00","og_image":[{"width":1542,"height":1084,"url":"https:\/\/loriot.com.vn\/wp-content\/uploads\/2021\/08\/1-01-2.png","type":"image\/png"}],"twitter_card":"summary_large_image","twitter_misc":{"\u01af\u1edbc t\u00ednh th\u1eddi gian \u0111\u1ecdc":"1 ph\u00fat"},"schema":{"@context":"https:\/\/schema.org","@graph":[{"@type":"WebPage","@id":"https:\/\/loriot.com.vn\/vi\/product\/snpb-thanh-thiec-chi-han\/","url":"https:\/\/loriot.com.vn\/vi\/product\/snpb-thanh-thiec-chi-han\/","name":"(SNPB) THANH THI\u1ebeC CH\u00cc H\u00c0N - LORIOT INDUSTRIAL","isPartOf":{"@id":"https:\/\/loriot.com.vn\/#website"},"primaryImageOfPage":{"@id":"https:\/\/loriot.com.vn\/vi\/product\/snpb-thanh-thiec-chi-han\/#primaryimage"},"image":{"@id":"https:\/\/loriot.com.vn\/vi\/product\/snpb-thanh-thiec-chi-han\/#primaryimage"},"thumbnailUrl":"https:\/\/loriot.com.vn\/wp-content\/uploads\/2021\/08\/1-01-2.png","datePublished":"2021-08-03T14:45:45+00:00","dateModified":"2026-03-20T04:30:31+00:00","description":"\u0110\u01b0\u1ee3c s\u1ea3n xu\u1ea5t b\u1eb1ng quy tr\u00ecnh \u0111\u1eb7c bi\u1ec7t nh\u1eb1m ki\u1ec3m so\u00e1t ch\u1eb7t ch\u1ebd c\u00e1c t\u1ea1p ch\u1ea5t nh\u01b0 oxit, kim lo\u1ea1i v\u00e0 phi kim lo\u1ea1i","breadcrumb":{"@id":"https:\/\/loriot.com.vn\/vi\/product\/snpb-thanh-thiec-chi-han\/#breadcrumb"},"inLanguage":"vi","potentialAction":[{"@type":"ReadAction","target":["https:\/\/loriot.com.vn\/vi\/product\/snpb-thanh-thiec-chi-han\/"]}]},{"@type":"ImageObject","inLanguage":"vi","@id":"https:\/\/loriot.com.vn\/vi\/product\/snpb-thanh-thiec-chi-han\/#primaryimage","url":"https:\/\/loriot.com.vn\/wp-content\/uploads\/2021\/08\/1-01-2.png","contentUrl":"https:\/\/loriot.com.vn\/wp-content\/uploads\/2021\/08\/1-01-2.png","width":1542,"height":1084},{"@type":"BreadcrumbList","@id":"https:\/\/loriot.com.vn\/vi\/product\/snpb-thanh-thiec-chi-han\/#breadcrumb","itemListElement":[{"@type":"ListItem","position":1,"name":"Home","item":"https:\/\/loriot.com.vn\/vi\/"},{"@type":"ListItem","position":2,"name":"Products","item":"https:\/\/loriot.com.vn\/vi\/product\/"},{"@type":"ListItem","position":3,"name":"(SNPB) THANH THI\u1ebeC CH\u00cc H\u00c0N"}]},{"@type":"WebSite","@id":"https:\/\/loriot.com.vn\/#website","url":"https:\/\/loriot.com.vn\/","name":"LORIOT INDUSTRIAL CO.,LTD","description":"","publisher":{"@id":"https:\/\/loriot.com.vn\/#organization"},"potentialAction":[{"@type":"SearchAction","target":{"@type":"EntryPoint","urlTemplate":"https:\/\/loriot.com.vn\/?s={search_term_string}"},"query-input":{"@type":"PropertyValueSpecification","valueRequired":true,"valueName":"search_term_string"}}],"inLanguage":"vi"},{"@type":"Organization","@id":"https:\/\/loriot.com.vn\/#organization","name":"Loriot Industrial Co.,Ltd","url":"https:\/\/loriot.com.vn\/","logo":{"@type":"ImageObject","inLanguage":"vi","@id":"https:\/\/loriot.com.vn\/#\/schema\/logo\/image\/","url":"https:\/\/loriot.com.vn\/wp-content\/uploads\/2021\/08\/logo-ft.png","contentUrl":"https:\/\/loriot.com.vn\/wp-content\/uploads\/2021\/08\/logo-ft.png","width":333,"height":101,"caption":"Loriot Industrial Co.,Ltd"},"image":{"@id":"https:\/\/loriot.com.vn\/#\/schema\/logo\/image\/"},"sameAs":["https:\/\/www.facebook.com\/Loriot-Industrial-COLTD-103044855046633"]}]}},"_links":{"self":[{"href":"https:\/\/loriot.com.vn\/vi\/wp-json\/wp\/v2\/product\/1703","targetHints":{"allow":["GET"]}}],"collection":[{"href":"https:\/\/loriot.com.vn\/vi\/wp-json\/wp\/v2\/product"}],"about":[{"href":"https:\/\/loriot.com.vn\/vi\/wp-json\/wp\/v2\/types\/product"}],"author":[{"embeddable":true,"href":"https:\/\/loriot.com.vn\/vi\/wp-json\/wp\/v2\/users\/1"}],"replies":[{"embeddable":true,"href":"https:\/\/loriot.com.vn\/vi\/wp-json\/wp\/v2\/comments?post=1703"}],"version-history":[{"count":20,"href":"https:\/\/loriot.com.vn\/vi\/wp-json\/wp\/v2\/product\/1703\/revisions"}],"predecessor-version":[{"id":6541,"href":"https:\/\/loriot.com.vn\/vi\/wp-json\/wp\/v2\/product\/1703\/revisions\/6541"}],"wp:featuredmedia":[{"embeddable":true,"href":"https:\/\/loriot.com.vn\/vi\/wp-json\/wp\/v2\/media\/6623"}],"wp:attachment":[{"href":"https:\/\/loriot.com.vn\/vi\/wp-json\/wp\/v2\/media?parent=1703"}],"wp:term":[{"taxonomy":"service-category","embeddable":true,"href":"https:\/\/loriot.com.vn\/vi\/wp-json\/wp\/v2\/service-category?post=1703"},{"taxonomy":"service_tag","embeddable":true,"href":"https:\/\/loriot.com.vn\/vi\/wp-json\/wp\/v2\/service_tag?post=1703"}],"curies":[{"name":"wp","href":"https:\/\/api.w.org\/{rel}","templated":true}]}}