{"id":1704,"date":"2021-08-03T14:13:17","date_gmt":"2021-08-03T14:13:17","guid":{"rendered":"http:\/\/loriot.com.vn\/product\/tsf-8818hf\/"},"modified":"2026-03-16T15:39:43","modified_gmt":"2026-03-16T08:39:43","slug":"tsf-8818hf-chat-tro-han","status":"publish","type":"product","link":"https:\/\/loriot.com.vn\/vi\/product\/tsf-8818hf-chat-tro-han\/","title":{"rendered":"TSF-8818HF CH\u1ea4T TR\u1ee2 H\u00c0N"},"content":{"rendered":"<p style=\"text-align: center;\"><span style=\"font-size: 14pt; font-family: arial, helvetica, sans-serif;\"><strong>TSF-8818HF CH\u1ea4T TR\u1ee2 H\u00c0N<\/strong><\/span><\/p>\n<p>&nbsp;<\/p>\n<p data-start=\"16\" data-end=\"384\"><span style=\"font-family: arial, helvetica, sans-serif; font-size: 12pt;\"><span class=\"BZ_Pyq_fadeIn\">Kester <\/span><span class=\"BZ_Pyq_fadeIn\">TSF-<\/span><span class=\"BZ_Pyq_fadeIn\">8818HF <\/span><span class=\"BZ_Pyq_fadeIn\">l\u00e0 <\/span><strong data-start=\"37\" data-end=\"87\"><span class=\"BZ_Pyq_fadeIn\">flux <\/span><span class=\"BZ_Pyq_fadeIn\">h\u00e0n <\/span><span class=\"BZ_Pyq_fadeIn\">d\u1ea1ng <\/span><span class=\"BZ_Pyq_fadeIn\">d\u00ednh (<\/span><span class=\"BZ_Pyq_fadeIn\">tacky), <\/span><span class=\"BZ_Pyq_fadeIn\">h\u00f2a <\/span><span class=\"BZ_Pyq_fadeIn\">tan <\/span><span class=\"BZ_Pyq_fadeIn\">trong <\/span><span class=\"BZ_Pyq_fadeIn\">n\u01b0\u1edbc<\/span><\/strong><span class=\"BZ_Pyq_fadeIn\">, <\/span><span class=\"BZ_Pyq_fadeIn\">\u0111\u01b0\u1ee3c <\/span><span class=\"BZ_Pyq_fadeIn\">ph\u00e1t <\/span><span class=\"BZ_Pyq_fadeIn\">tri\u1ec3n <\/span><span class=\"BZ_Pyq_fadeIn\">v\u1edbi <\/span><strong data-start=\"109\" data-end=\"163\"><span class=\"BZ_Pyq_fadeIn\">h\u1ec7 <\/span><span class=\"BZ_Pyq_fadeIn\">ch\u1ea5t <\/span><span class=\"BZ_Pyq_fadeIn\">ho\u1ea1t <\/span><span class=\"BZ_Pyq_fadeIn\">h\u00f3a <\/span><span class=\"BZ_Pyq_fadeIn\">kh\u00f4ng <\/span><span class=\"BZ_Pyq_fadeIn\">ch\u1ee9a <\/span><span class=\"BZ_Pyq_fadeIn\">halogen (<\/span><span class=\"BZ_Pyq_fadeIn\">halogen-<\/span><span class=\"BZ_Pyq_fadeIn\">free)<\/span><\/strong> <span class=\"BZ_Pyq_fadeIn\">\u0111\u1ed9c <\/span><span class=\"BZ_Pyq_fadeIn\">\u0111\u00e1o. <\/span><span class=\"BZ_Pyq_fadeIn\">S\u1ea3n <\/span><span class=\"BZ_Pyq_fadeIn\">ph\u1ea9m <\/span><span class=\"BZ_Pyq_fadeIn\">\u0111\u01b0\u1ee3c <\/span><span class=\"BZ_Pyq_fadeIn\">thi\u1ebft <\/span><span class=\"BZ_Pyq_fadeIn\">k\u1ebf <\/span><span class=\"BZ_Pyq_fadeIn\">v\u1edbi <\/span><strong data-start=\"200\" data-end=\"219\"><span class=\"BZ_Pyq_fadeIn\">\u0111\u1ed9 <\/span><span class=\"BZ_Pyq_fadeIn\">b\u00e1m <\/span><span class=\"BZ_Pyq_fadeIn\">d\u00ednh <\/span><span class=\"BZ_Pyq_fadeIn\">cao<\/span><\/strong><span class=\"BZ_Pyq_fadeIn\">, <\/span><span class=\"BZ_Pyq_fadeIn\">gi\u00fap <\/span><strong data-start=\"226\" data-end=\"304\"><span class=\"BZ_Pyq_fadeIn\">gi\u1ea3m <\/span><span class=\"BZ_Pyq_fadeIn\">thi\u1ec3u <\/span><span class=\"BZ_Pyq_fadeIn\">hi\u1ec7n <\/span><span class=\"BZ_Pyq_fadeIn\">t\u01b0\u1ee3ng <\/span><span class=\"BZ_Pyq_fadeIn\">d\u1ecbch <\/span><span class=\"BZ_Pyq_fadeIn\">chuy\u1ec3n <\/span><span class=\"BZ_Pyq_fadeIn\">v\u00e0 <\/span><span class=\"BZ_Pyq_fadeIn\">l\u1ec7ch <\/span><span class=\"BZ_Pyq_fadeIn\">linh <\/span><span class=\"BZ_Pyq_fadeIn\">ki\u1ec7n <\/span><span class=\"BZ_Pyq_fadeIn\">trong <\/span><span class=\"BZ_Pyq_fadeIn\">qu\u00e1 <\/span><span class=\"BZ_Pyq_fadeIn\">tr\u00ecnh <\/span><span class=\"BZ_Pyq_fadeIn\">reflow<\/span><\/strong><span class=\"BZ_Pyq_fadeIn\">, <\/span><span class=\"BZ_Pyq_fadeIn\">\u0111\u1eb7c <\/span><span class=\"BZ_Pyq_fadeIn\">bi\u1ec7t <\/span><span class=\"BZ_Pyq_fadeIn\">ph\u00f9 <\/span><span class=\"BZ_Pyq_fadeIn\">h\u1ee3p <\/span><span class=\"BZ_Pyq_fadeIn\">cho <\/span><span class=\"BZ_Pyq_fadeIn\">c\u00e1c <\/span><span class=\"BZ_Pyq_fadeIn\">linh <\/span><span class=\"BZ_Pyq_fadeIn\">ki\u1ec7n <\/span><span class=\"BZ_Pyq_fadeIn\">k\u00edch <\/span><span class=\"BZ_Pyq_fadeIn\">th\u01b0\u1edbc <\/span><span class=\"BZ_Pyq_fadeIn\">nh\u1ecf <\/span><span class=\"BZ_Pyq_fadeIn\">nh\u01b0 <\/span><strong data-start=\"360\" data-end=\"383\"><span class=\"BZ_Pyq_fadeIn\">flip <\/span><span class=\"BZ_Pyq_fadeIn\">chip <\/span><span class=\"BZ_Pyq_fadeIn\">dice <\/span><span class=\"BZ_Pyq_fadeIn\">m\u1ecfng<\/span><\/strong><span class=\"BZ_Pyq_fadeIn\">.<\/span><\/span><\/p>\n<p data-start=\"386\" data-end=\"706\"><span style=\"font-family: arial, helvetica, sans-serif; font-size: 12pt;\"><span class=\"BZ_Pyq_fadeIn\">M\u1eb7c <\/span><span class=\"BZ_Pyq_fadeIn\">d\u00f9 <\/span><strong data-start=\"393\" data-end=\"415\"><span class=\"BZ_Pyq_fadeIn\">kh\u00f4ng <\/span><span class=\"BZ_Pyq_fadeIn\">ch\u1ee9a <\/span><span class=\"BZ_Pyq_fadeIn\">halogen<\/span><\/strong><span class=\"BZ_Pyq_fadeIn\">, <\/span><span class=\"BZ_Pyq_fadeIn\">TSF-<\/span><span class=\"BZ_Pyq_fadeIn\">8818HF <\/span><span class=\"BZ_Pyq_fadeIn\">v\u1eabn <\/span><span class=\"BZ_Pyq_fadeIn\">c\u00f3 <\/span><strong data-start=\"435\" data-end=\"461\"><span class=\"BZ_Pyq_fadeIn\">kh\u1ea3 <\/span><span class=\"BZ_Pyq_fadeIn\">n\u0103ng <\/span><span class=\"BZ_Pyq_fadeIn\">ho\u1ea1t <\/span><span class=\"BZ_Pyq_fadeIn\">h\u00f3a <\/span><span class=\"BZ_Pyq_fadeIn\">m\u1ea1nh<\/span><\/strong><span class=\"BZ_Pyq_fadeIn\">, <\/span><span class=\"BZ_Pyq_fadeIn\">\u0111\u1ea3m <\/span><span class=\"BZ_Pyq_fadeIn\">b\u1ea3o <\/span><span class=\"BZ_Pyq_fadeIn\">hi\u1ec7u <\/span><span class=\"BZ_Pyq_fadeIn\">qu\u1ea3 <\/span><span class=\"BZ_Pyq_fadeIn\">h\u00e0n <\/span><span class=\"BZ_Pyq_fadeIn\">\u1ed5n <\/span><span class=\"BZ_Pyq_fadeIn\">\u0111\u1ecbnh. <\/span><span class=\"BZ_Pyq_fadeIn\">Flux <\/span><span class=\"BZ_Pyq_fadeIn\">n\u00e0y <\/span><span class=\"BZ_Pyq_fadeIn\">c\u00f3 <\/span><span class=\"BZ_Pyq_fadeIn\">th\u1ec3 <\/span><strong data-start=\"509\" data-end=\"553\"><span class=\"BZ_Pyq_fadeIn\">thay <\/span><span class=\"BZ_Pyq_fadeIn\">th\u1ebf <\/span><span class=\"BZ_Pyq_fadeIn\">tr\u1ef1c <\/span><span class=\"BZ_Pyq_fadeIn\">ti\u1ebfp (<\/span><span class=\"BZ_Pyq_fadeIn\">drop-<\/span><span class=\"BZ_Pyq_fadeIn\">in <\/span><span class=\"BZ_Pyq_fadeIn\">replacement)<\/span><\/strong> <span class=\"BZ_Pyq_fadeIn\">cho <\/span><span class=\"BZ_Pyq_fadeIn\">nhi\u1ec1u <\/span><span class=\"BZ_Pyq_fadeIn\">lo\u1ea1i <\/span><span class=\"BZ_Pyq_fadeIn\">v\u1eadt <\/span><span class=\"BZ_Pyq_fadeIn\">li\u1ec7u <\/span><span class=\"BZ_Pyq_fadeIn\">h\u00e0n <\/span><span class=\"BZ_Pyq_fadeIn\">kh\u00e1c <\/span><span class=\"BZ_Pyq_fadeIn\">nhau, <\/span><span class=\"BZ_Pyq_fadeIn\">bao <\/span><span class=\"BZ_Pyq_fadeIn\">g\u1ed3m <\/span><strong data-start=\"601\" data-end=\"644\"><span class=\"BZ_Pyq_fadeIn\">h\u1ee3p <\/span><span class=\"BZ_Pyq_fadeIn\">kim <\/span><span class=\"BZ_Pyq_fadeIn\">thi\u1ebfc-<\/span><span class=\"BZ_Pyq_fadeIn\">ch\u00ec <\/span><span class=\"BZ_Pyq_fadeIn\">eutectic <\/span><span class=\"BZ_Pyq_fadeIn\">truy\u1ec1n <\/span><span class=\"BZ_Pyq_fadeIn\">th\u1ed1ng<\/span><\/strong> <span class=\"BZ_Pyq_fadeIn\">c\u0169ng <\/span><span class=\"BZ_Pyq_fadeIn\">nh\u01b0 <\/span><strong data-start=\"654\" data-end=\"705\"><span class=\"BZ_Pyq_fadeIn\">c\u00e1c <\/span><span class=\"BZ_Pyq_fadeIn\">h\u1ee3p <\/span><span class=\"BZ_Pyq_fadeIn\">kim <\/span><span class=\"BZ_Pyq_fadeIn\">kh\u00f4ng <\/span><span class=\"BZ_Pyq_fadeIn\">ch\u00ec <\/span><span class=\"BZ_Pyq_fadeIn\">c\u00f3 <\/span><span class=\"BZ_Pyq_fadeIn\">nhi\u1ec7t <\/span><span class=\"BZ_Pyq_fadeIn\">\u0111\u1ed9 <\/span><span class=\"BZ_Pyq_fadeIn\">n\u00f3ng <\/span><span class=\"BZ_Pyq_fadeIn\">ch\u1ea3y <\/span><span class=\"BZ_Pyq_fadeIn\">cao<\/span><\/strong><span class=\"BZ_Pyq_fadeIn\">.<\/span><\/span><\/p>\n<p><span style=\"font-family: arial, helvetica, sans-serif; font-size: 12pt;\">.<\/span><\/p>\n","protected":false},"excerpt":{"rendered":"<p>Kester TSF-8818HF l\u00e0 flux h\u00e0n d\u1ea1ng d\u00ednh (tacky), h\u00f2a tan trong n\u01b0\u1edbc, \u0111\u01b0\u1ee3c ph\u00e1t tri\u1ec3n v\u1edbi h\u1ec7 ch\u1ea5t ho\u1ea1t h\u00f3a<\/p>\n","protected":false},"author":1,"featured_media":4492,"parent":0,"menu_order":64,"comment_status":"open","ping_status":"closed","template":"","meta":{"inline_featured_image":false,"footnotes":""},"service-category":[103],"service_tag":[108],"class_list":["post-1704","product","type-product","status-publish","has-post-thumbnail","hentry","service-category-chat-tro-han-dang-kem","service_tag-vat-lieu-han"],"yoast_head":"<!-- This site is optimized with the Yoast SEO plugin v27.4 - https:\/\/yoast.com\/product\/yoast-seo-wordpress\/ -->\n<title>TSF-8818HF CH\u1ea4T TR\u1ee2 H\u00c0N - LORIOT INDUSTRIAL<\/title>\n<meta name=\"description\" content=\"Kester TSF-8818HF l\u00e0 flux h\u00e0n d\u1ea1ng d\u00ednh (tacky), h\u00f2a tan trong n\u01b0\u1edbc, \u0111\u01b0\u1ee3c ph\u00e1t tri\u1ec3n v\u1edbi h\u1ec7 ch\u1ea5t ho\u1ea1t h\u00f3a kh\u00f4ng ch\u1ee9a halogen (halogen-free).\" \/>\n<meta name=\"robots\" content=\"index, follow, max-snippet:-1, max-image-preview:large, max-video-preview:-1\" \/>\n<link rel=\"canonical\" href=\"https:\/\/loriot.com.vn\/vi\/product\/tsf-8818hf-chat-tro-han\/\" \/>\n<meta property=\"og:locale\" content=\"vi_VN\" \/>\n<meta property=\"og:type\" content=\"article\" \/>\n<meta property=\"og:title\" content=\"TSF-8818HF CH\u1ea4T TR\u1ee2 H\u00c0N - LORIOT INDUSTRIAL\" \/>\n<meta property=\"og:description\" content=\"Kester TSF-8818HF l\u00e0 flux h\u00e0n d\u1ea1ng d\u00ednh (tacky), h\u00f2a tan trong n\u01b0\u1edbc, \u0111\u01b0\u1ee3c ph\u00e1t tri\u1ec3n v\u1edbi h\u1ec7 ch\u1ea5t ho\u1ea1t h\u00f3a kh\u00f4ng ch\u1ee9a halogen (halogen-free).\" \/>\n<meta property=\"og:url\" content=\"https:\/\/loriot.com.vn\/vi\/product\/tsf-8818hf-chat-tro-han\/\" \/>\n<meta property=\"og:site_name\" content=\"LORIOT INDUSTRIAL\" \/>\n<meta property=\"article:publisher\" content=\"https:\/\/www.facebook.com\/Loriot-Industrial-COLTD-103044855046633\" \/>\n<meta property=\"article:modified_time\" content=\"2026-03-16T08:39:43+00:00\" \/>\n<meta property=\"og:image\" content=\"https:\/\/loriot.com.vn\/wp-content\/uploads\/2021\/08\/tsf8818hf03303-1.jpg\" \/>\n\t<meta property=\"og:image:width\" content=\"770\" \/>\n\t<meta property=\"og:image:height\" content=\"513\" \/>\n\t<meta property=\"og:image:type\" content=\"image\/jpeg\" \/>\n<meta name=\"twitter:card\" content=\"summary_large_image\" \/>\n<meta name=\"twitter:label1\" content=\"\u01af\u1edbc t\u00ednh th\u1eddi gian \u0111\u1ecdc\" \/>\n\t<meta name=\"twitter:data1\" content=\"1 ph\u00fat\" \/>\n<script type=\"application\/ld+json\" class=\"yoast-schema-graph\">{\"@context\":\"https:\\\/\\\/schema.org\",\"@graph\":[{\"@type\":\"WebPage\",\"@id\":\"https:\\\/\\\/loriot.com.vn\\\/vi\\\/product\\\/tsf-8818hf-chat-tro-han\\\/\",\"url\":\"https:\\\/\\\/loriot.com.vn\\\/vi\\\/product\\\/tsf-8818hf-chat-tro-han\\\/\",\"name\":\"TSF-8818HF CH\u1ea4T TR\u1ee2 H\u00c0N - LORIOT INDUSTRIAL\",\"isPartOf\":{\"@id\":\"https:\\\/\\\/loriot.com.vn\\\/vi\\\/#website\"},\"primaryImageOfPage\":{\"@id\":\"https:\\\/\\\/loriot.com.vn\\\/vi\\\/product\\\/tsf-8818hf-chat-tro-han\\\/#primaryimage\"},\"image\":{\"@id\":\"https:\\\/\\\/loriot.com.vn\\\/vi\\\/product\\\/tsf-8818hf-chat-tro-han\\\/#primaryimage\"},\"thumbnailUrl\":\"https:\\\/\\\/loriot.com.vn\\\/wp-content\\\/uploads\\\/2021\\\/08\\\/tsf8818hf03303-1.jpg\",\"datePublished\":\"2021-08-03T14:13:17+00:00\",\"dateModified\":\"2026-03-16T08:39:43+00:00\",\"description\":\"Kester TSF-8818HF l\u00e0 flux h\u00e0n d\u1ea1ng d\u00ednh (tacky), h\u00f2a tan trong n\u01b0\u1edbc, \u0111\u01b0\u1ee3c ph\u00e1t tri\u1ec3n v\u1edbi h\u1ec7 ch\u1ea5t ho\u1ea1t h\u00f3a kh\u00f4ng ch\u1ee9a halogen (halogen-free).\",\"breadcrumb\":{\"@id\":\"https:\\\/\\\/loriot.com.vn\\\/vi\\\/product\\\/tsf-8818hf-chat-tro-han\\\/#breadcrumb\"},\"inLanguage\":\"vi\",\"potentialAction\":[{\"@type\":\"ReadAction\",\"target\":[\"https:\\\/\\\/loriot.com.vn\\\/vi\\\/product\\\/tsf-8818hf-chat-tro-han\\\/\"]}]},{\"@type\":\"ImageObject\",\"inLanguage\":\"vi\",\"@id\":\"https:\\\/\\\/loriot.com.vn\\\/vi\\\/product\\\/tsf-8818hf-chat-tro-han\\\/#primaryimage\",\"url\":\"https:\\\/\\\/loriot.com.vn\\\/wp-content\\\/uploads\\\/2021\\\/08\\\/tsf8818hf03303-1.jpg\",\"contentUrl\":\"https:\\\/\\\/loriot.com.vn\\\/wp-content\\\/uploads\\\/2021\\\/08\\\/tsf8818hf03303-1.jpg\",\"width\":770,\"height\":513,\"caption\":\"TSF-8818HF CH\u1ea4T TR\u1ee2 H\u00c0N\"},{\"@type\":\"BreadcrumbList\",\"@id\":\"https:\\\/\\\/loriot.com.vn\\\/vi\\\/product\\\/tsf-8818hf-chat-tro-han\\\/#breadcrumb\",\"itemListElement\":[{\"@type\":\"ListItem\",\"position\":1,\"name\":\"Home\",\"item\":\"https:\\\/\\\/loriot.com.vn\\\/vi\\\/\"},{\"@type\":\"ListItem\",\"position\":2,\"name\":\"Products\",\"item\":\"https:\\\/\\\/loriot.com.vn\\\/product\\\/\"},{\"@type\":\"ListItem\",\"position\":3,\"name\":\"TSF-8818HF CH\u1ea4T TR\u1ee2 H\u00c0N\"}]},{\"@type\":\"WebSite\",\"@id\":\"https:\\\/\\\/loriot.com.vn\\\/vi\\\/#website\",\"url\":\"https:\\\/\\\/loriot.com.vn\\\/vi\\\/\",\"name\":\"LORIOT INDUSTRIAL CO.,LTD\",\"description\":\"\",\"publisher\":{\"@id\":\"https:\\\/\\\/loriot.com.vn\\\/vi\\\/#organization\"},\"potentialAction\":[{\"@type\":\"SearchAction\",\"target\":{\"@type\":\"EntryPoint\",\"urlTemplate\":\"https:\\\/\\\/loriot.com.vn\\\/vi\\\/?s={search_term_string}\"},\"query-input\":{\"@type\":\"PropertyValueSpecification\",\"valueRequired\":true,\"valueName\":\"search_term_string\"}}],\"inLanguage\":\"vi\"},{\"@type\":\"Organization\",\"@id\":\"https:\\\/\\\/loriot.com.vn\\\/vi\\\/#organization\",\"name\":\"Loriot Industrial Co.,Ltd\",\"url\":\"https:\\\/\\\/loriot.com.vn\\\/vi\\\/\",\"logo\":{\"@type\":\"ImageObject\",\"inLanguage\":\"vi\",\"@id\":\"https:\\\/\\\/loriot.com.vn\\\/vi\\\/#\\\/schema\\\/logo\\\/image\\\/\",\"url\":\"https:\\\/\\\/loriot.com.vn\\\/wp-content\\\/uploads\\\/2021\\\/08\\\/logo-ft.png\",\"contentUrl\":\"https:\\\/\\\/loriot.com.vn\\\/wp-content\\\/uploads\\\/2021\\\/08\\\/logo-ft.png\",\"width\":333,\"height\":101,\"caption\":\"Loriot Industrial Co.,Ltd\"},\"image\":{\"@id\":\"https:\\\/\\\/loriot.com.vn\\\/vi\\\/#\\\/schema\\\/logo\\\/image\\\/\"},\"sameAs\":[\"https:\\\/\\\/www.facebook.com\\\/Loriot-Industrial-COLTD-103044855046633\"]}]}<\/script>\n<!-- \/ Yoast SEO plugin. -->","yoast_head_json":{"title":"TSF-8818HF CH\u1ea4T TR\u1ee2 H\u00c0N - LORIOT INDUSTRIAL","description":"Kester TSF-8818HF l\u00e0 flux h\u00e0n d\u1ea1ng d\u00ednh (tacky), h\u00f2a tan trong n\u01b0\u1edbc, \u0111\u01b0\u1ee3c ph\u00e1t tri\u1ec3n v\u1edbi h\u1ec7 ch\u1ea5t ho\u1ea1t h\u00f3a kh\u00f4ng ch\u1ee9a halogen (halogen-free).","robots":{"index":"index","follow":"follow","max-snippet":"max-snippet:-1","max-image-preview":"max-image-preview:large","max-video-preview":"max-video-preview:-1"},"canonical":"https:\/\/loriot.com.vn\/vi\/product\/tsf-8818hf-chat-tro-han\/","og_locale":"vi_VN","og_type":"article","og_title":"TSF-8818HF CH\u1ea4T TR\u1ee2 H\u00c0N - LORIOT INDUSTRIAL","og_description":"Kester TSF-8818HF l\u00e0 flux h\u00e0n d\u1ea1ng d\u00ednh (tacky), h\u00f2a tan trong n\u01b0\u1edbc, \u0111\u01b0\u1ee3c ph\u00e1t tri\u1ec3n v\u1edbi h\u1ec7 ch\u1ea5t ho\u1ea1t h\u00f3a kh\u00f4ng ch\u1ee9a halogen (halogen-free).","og_url":"https:\/\/loriot.com.vn\/vi\/product\/tsf-8818hf-chat-tro-han\/","og_site_name":"LORIOT INDUSTRIAL","article_publisher":"https:\/\/www.facebook.com\/Loriot-Industrial-COLTD-103044855046633","article_modified_time":"2026-03-16T08:39:43+00:00","og_image":[{"width":770,"height":513,"url":"https:\/\/loriot.com.vn\/wp-content\/uploads\/2021\/08\/tsf8818hf03303-1.jpg","type":"image\/jpeg"}],"twitter_card":"summary_large_image","twitter_misc":{"\u01af\u1edbc t\u00ednh th\u1eddi gian \u0111\u1ecdc":"1 ph\u00fat"},"schema":{"@context":"https:\/\/schema.org","@graph":[{"@type":"WebPage","@id":"https:\/\/loriot.com.vn\/vi\/product\/tsf-8818hf-chat-tro-han\/","url":"https:\/\/loriot.com.vn\/vi\/product\/tsf-8818hf-chat-tro-han\/","name":"TSF-8818HF CH\u1ea4T TR\u1ee2 H\u00c0N - LORIOT INDUSTRIAL","isPartOf":{"@id":"https:\/\/loriot.com.vn\/vi\/#website"},"primaryImageOfPage":{"@id":"https:\/\/loriot.com.vn\/vi\/product\/tsf-8818hf-chat-tro-han\/#primaryimage"},"image":{"@id":"https:\/\/loriot.com.vn\/vi\/product\/tsf-8818hf-chat-tro-han\/#primaryimage"},"thumbnailUrl":"https:\/\/loriot.com.vn\/wp-content\/uploads\/2021\/08\/tsf8818hf03303-1.jpg","datePublished":"2021-08-03T14:13:17+00:00","dateModified":"2026-03-16T08:39:43+00:00","description":"Kester TSF-8818HF l\u00e0 flux h\u00e0n d\u1ea1ng d\u00ednh (tacky), h\u00f2a tan trong n\u01b0\u1edbc, \u0111\u01b0\u1ee3c ph\u00e1t tri\u1ec3n v\u1edbi h\u1ec7 ch\u1ea5t ho\u1ea1t h\u00f3a kh\u00f4ng ch\u1ee9a halogen (halogen-free).","breadcrumb":{"@id":"https:\/\/loriot.com.vn\/vi\/product\/tsf-8818hf-chat-tro-han\/#breadcrumb"},"inLanguage":"vi","potentialAction":[{"@type":"ReadAction","target":["https:\/\/loriot.com.vn\/vi\/product\/tsf-8818hf-chat-tro-han\/"]}]},{"@type":"ImageObject","inLanguage":"vi","@id":"https:\/\/loriot.com.vn\/vi\/product\/tsf-8818hf-chat-tro-han\/#primaryimage","url":"https:\/\/loriot.com.vn\/wp-content\/uploads\/2021\/08\/tsf8818hf03303-1.jpg","contentUrl":"https:\/\/loriot.com.vn\/wp-content\/uploads\/2021\/08\/tsf8818hf03303-1.jpg","width":770,"height":513,"caption":"TSF-8818HF CH\u1ea4T TR\u1ee2 H\u00c0N"},{"@type":"BreadcrumbList","@id":"https:\/\/loriot.com.vn\/vi\/product\/tsf-8818hf-chat-tro-han\/#breadcrumb","itemListElement":[{"@type":"ListItem","position":1,"name":"Home","item":"https:\/\/loriot.com.vn\/vi\/"},{"@type":"ListItem","position":2,"name":"Products","item":"https:\/\/loriot.com.vn\/product\/"},{"@type":"ListItem","position":3,"name":"TSF-8818HF CH\u1ea4T TR\u1ee2 H\u00c0N"}]},{"@type":"WebSite","@id":"https:\/\/loriot.com.vn\/vi\/#website","url":"https:\/\/loriot.com.vn\/vi\/","name":"LORIOT INDUSTRIAL CO.,LTD","description":"","publisher":{"@id":"https:\/\/loriot.com.vn\/vi\/#organization"},"potentialAction":[{"@type":"SearchAction","target":{"@type":"EntryPoint","urlTemplate":"https:\/\/loriot.com.vn\/vi\/?s={search_term_string}"},"query-input":{"@type":"PropertyValueSpecification","valueRequired":true,"valueName":"search_term_string"}}],"inLanguage":"vi"},{"@type":"Organization","@id":"https:\/\/loriot.com.vn\/vi\/#organization","name":"Loriot Industrial Co.,Ltd","url":"https:\/\/loriot.com.vn\/vi\/","logo":{"@type":"ImageObject","inLanguage":"vi","@id":"https:\/\/loriot.com.vn\/vi\/#\/schema\/logo\/image\/","url":"https:\/\/loriot.com.vn\/wp-content\/uploads\/2021\/08\/logo-ft.png","contentUrl":"https:\/\/loriot.com.vn\/wp-content\/uploads\/2021\/08\/logo-ft.png","width":333,"height":101,"caption":"Loriot Industrial Co.,Ltd"},"image":{"@id":"https:\/\/loriot.com.vn\/vi\/#\/schema\/logo\/image\/"},"sameAs":["https:\/\/www.facebook.com\/Loriot-Industrial-COLTD-103044855046633"]}]}},"_links":{"self":[{"href":"https:\/\/loriot.com.vn\/vi\/wp-json\/wp\/v2\/product\/1704","targetHints":{"allow":["GET"]}}],"collection":[{"href":"https:\/\/loriot.com.vn\/vi\/wp-json\/wp\/v2\/product"}],"about":[{"href":"https:\/\/loriot.com.vn\/vi\/wp-json\/wp\/v2\/types\/product"}],"author":[{"embeddable":true,"href":"https:\/\/loriot.com.vn\/vi\/wp-json\/wp\/v2\/users\/1"}],"replies":[{"embeddable":true,"href":"https:\/\/loriot.com.vn\/vi\/wp-json\/wp\/v2\/comments?post=1704"}],"version-history":[{"count":15,"href":"https:\/\/loriot.com.vn\/vi\/wp-json\/wp\/v2\/product\/1704\/revisions"}],"predecessor-version":[{"id":6559,"href":"https:\/\/loriot.com.vn\/vi\/wp-json\/wp\/v2\/product\/1704\/revisions\/6559"}],"wp:featuredmedia":[{"embeddable":true,"href":"https:\/\/loriot.com.vn\/vi\/wp-json\/wp\/v2\/media\/4492"}],"wp:attachment":[{"href":"https:\/\/loriot.com.vn\/vi\/wp-json\/wp\/v2\/media?parent=1704"}],"wp:term":[{"taxonomy":"service-category","embeddable":true,"href":"https:\/\/loriot.com.vn\/vi\/wp-json\/wp\/v2\/service-category?post=1704"},{"taxonomy":"service_tag","embeddable":true,"href":"https:\/\/loriot.com.vn\/vi\/wp-json\/wp\/v2\/service_tag?post=1704"}],"curies":[{"name":"wp","href":"https:\/\/api.w.org\/{rel}","templated":true}]}}