{"id":1705,"date":"2021-08-03T15:26:10","date_gmt":"2021-08-03T15:26:10","guid":{"rendered":"http:\/\/loriot.com.vn\/product\/tvm-series\/"},"modified":"2026-03-16T14:16:44","modified_gmt":"2026-03-16T07:16:44","slug":"kinh-hien-vi-tvm-series","status":"publish","type":"product","link":"https:\/\/loriot.com.vn\/vi\/product\/kinh-hien-vi-tvm-series\/","title":{"rendered":"K\u00cdNH HI\u1ec2N VI TVM SERIES"},"content":{"rendered":"<p style=\"text-align: center;\"><span style=\"font-size: 14pt;\"><strong><span style=\"font-family: arial, helvetica, sans-serif;\">K\u00cdNH HI\u1ec2N VI TVM SERIES<\/span><\/strong><\/span><\/p>\n<p><span style=\"font-family: arial, helvetica, sans-serif;\">K\u00ednh hi\u1ec3n vi TVM SERIES c\u1ee7a h\u00e3ng Vision Engineering l\u00e0 m\u1ed9t d\u00f2ng k\u00ednh hi\u1ec3n vi ch\u1ea5t l\u01b0\u1ee3ng cao, \u0111\u00e1ng tin c\u1eady v\u00e0 linh ho\u1ea1t \u0111\u01b0\u1ee3c thi\u1ebft k\u1ebf cho nhi\u1ec1u \u1ee9ng d\u1ee5ng trong ph\u00f2ng th\u00ed nghi\u1ec7m v\u00e0 tr\u00ean s\u00e0n nh\u00e0 m\u00e1y. K\u00ednh hi\u1ec3n vi n\u00e0y \u0111\u1eb7c tr\u01b0ng b\u1edfi kh\u1ea3 n\u0103ng hi\u1ec3n vi stereo, cho ph\u00e9p ng\u01b0\u1eddi d\u00f9ng quan s\u00e1t chi ti\u1ebft m\u1eabu trong ba chi\u1ec1u.<\/span><\/p>\n<p><span style=\"font-family: arial, helvetica, sans-serif;\">M\u1ed9t s\u1ed1 t\u00ednh n\u0103ng ch\u00ednh c\u1ee7a TVM SERIES bao g\u1ed3m ph\u1ea1m vi zoom l\u1edbn, t\u1eadp trung \u0111i\u1ec1u ch\u1ec9nh v\u00e0 \u00e1nh s\u00e1ng \u0111\u1ed9 ph\u00e2n gi\u1ea3i cao. K\u00ednh hi\u1ec3n vi c\u0169ng \u0111\u01b0\u1ee3c trang b\u1ecb h\u1ec7 th\u1ed1ng chi\u1ebfu s\u00e1ng ti\u00ean ti\u1ebfn, cho ph\u00e9p ng\u01b0\u1eddi d\u00f9ng chi\u1ebfu s\u00e1ng m\u1eabu t\u1eeb nhi\u1ec1u g\u00f3c v\u00e0 v\u1edbi \u0111\u1ed9 s\u00e1ng kh\u00e1c nhau. \u0110i\u1ec1u n\u00e0y gi\u00fap n\u1ed5i b\u1eadt chi ti\u1ebft m\u1eabu v\u00e0 d\u1ec5 d\u00e0ng quan s\u00e1t v\u00e0 ph\u00e2n t\u00edch ch\u00fang.<\/span><\/p>\n<p><span style=\"font-family: arial, helvetica, sans-serif;\">M\u1ed9t trong nh\u1eefng l\u1ee3i \u00edch ch\u00ednh c\u1ee7a TVM SERIES l\u00e0 d\u1ec5 s\u1eed d\u1ee5ng. Ch\u00fang \u0111\u01b0\u1ee3c thi\u1ebft k\u1ebf v\u1edbi c\u00e1c t\u00ednh n\u0103ng ergon\u00f3mico, gi\u00fap cho ch\u00fang d\u1ec5 s\u1eed d\u1ee5ng, ngay c\u1ea3 trong th\u1eddi gian d\u00e0i. Ch\u00fang c\u0169ng c\u00f3 c\u00e1c \u0111i\u1ec1u khi\u1ec3n d\u1ec5 s\u1eed d\u1ee5ng, d\u1ec5 d\u00e0ng cho ng\u01b0\u1eddi d\u00f9ng \u0111i\u1ec1u ch\u1ec9nh s\u1ee9c ph\u00f3ng, t\u1eadp trung v\u00e0 \u00e1nh s\u00e1ng.<\/span><\/p>\n<p><span style=\"font-family: arial, helvetica, sans-serif;\">V\u1ec1 \u1ee9ng d\u1ee5ng, SERIES c\u1ee7a h\u00e3ng Vision Engineering c\u00f3 th\u1ec3 s\u1eed d\u1ee5ng trong nhi\u1ec1u l\u0129nh v\u1ef1c kh\u00e1c nhau nh\u01b0 c\u00f4ng ngh\u1ec7 in, c\u01a1 kh\u00ed, d\u1ee5ng c\u1ee5, v\u00e0 ch\u1ebf bi\u1ebfn nguy\u00ean li\u1ec7u. N\u00f3 c\u00f3 th\u1ec3 \u0111\u01b0\u1ee3c s\u1eed d\u1ee5ng \u0111\u1ec3 ki\u1ec3m tra ch\u1ea5t l\u01b0\u1ee3ng s\u1ea3n ph\u1ea9m, \u0111\u00e1nh gi\u00e1 t\u00ecnh tr\u1ea1ng m\u1eabu, v\u00e0 qu\u1ea3n l\u00fd ch\u1ea5t l\u01b0\u1ee3ng s\u1ea3n xu\u1ea5t.<\/span><\/p>\n<p><span style=\"font-family: arial, helvetica, sans-serif;\">T\u1ed5ng quan, k\u00ednh hi\u1ec3n vi TVM SERIES c\u1ee7a h\u00e3ng Vision Engineering l\u00e0 m\u1ed9t s\u1ea3n ph\u1ea9m ch\u1ea5t l\u01b0\u1ee3ng cao, linh ho\u1ea1t v\u00e0 d\u1ec5 s\u1eed d\u1ee5ng, \u0111\u00e1p \u1ee9ng \u0111\u01b0\u1ee3c nhu c\u1ea7u c\u1ee7a nhi\u1ec1u l\u0129nh v\u1ef1c v\u00e0 gi\u00fap cho ng\u01b0\u1eddi d\u00f9ng d\u1ec5 d\u00e0ng ph\u00e2n t\u00edch v\u00e0 \u0111\u00e1nh gi\u00e1 m\u1eabu.<\/span><\/p>\n","protected":false},"excerpt":{"rendered":"<p>K\u00ednh hi\u1ec3n vi TVM-Series c\u00f3 th\u1ec3 \u0111\u01b0\u1ee3c trang b\u1ecb m\u1ed9t giai \u0111o\u1ea1n c\u01a1 gi\u1edbi gi\u00fap d\u1ec5 d\u00e0ng \u0111o c\u00e1c \u0111\u1ed1i t\u01b0\u1ee3ng ph\u00f9 h\u1ee3p v\u1edbi nhi\u1ec1u l\u0129nh v\u1ef1c<\/p>\n","protected":false},"author":1,"featured_media":4410,"parent":0,"menu_order":24,"comment_status":"open","ping_status":"closed","template":"","meta":{"inline_featured_image":false,"footnotes":""},"service-category":[84,85],"service_tag":[],"class_list":["post-1705","product","type-product","status-publish","has-post-thumbnail","hentry","service-category-giai-phap-kiem-tra-va-do-luong","service-category-kinh-hien-vi-do-luong"],"yoast_head":"<!-- This site is optimized with the Yoast SEO plugin v27.4 - https:\/\/yoast.com\/product\/yoast-seo-wordpress\/ -->\n<title>K\u00cdNH HI\u1ec2N VI TVM SERIES - LORIOT INDUSTRIAL<\/title>\n<meta name=\"description\" content=\"K\u00ednh hi\u1ec3n vi TVM-Series c\u00f3 th\u1ec3 \u0111\u01b0\u1ee3c trang b\u1ecb m\u1ed9t giai \u0111o\u1ea1n c\u01a1 gi\u1edbi gi\u00fap d\u1ec5 d\u00e0ng \u0111o c\u00e1c \u0111\u1ed1i t\u01b0\u1ee3ng ph\u00f9 h\u1ee3p v\u1edbi nhi\u1ec1u l\u0129nh v\u1ef1c kinh doanh.\" \/>\n<meta name=\"robots\" content=\"index, follow, max-snippet:-1, max-image-preview:large, max-video-preview:-1\" \/>\n<link rel=\"canonical\" href=\"https:\/\/loriot.com.vn\/vi\/product\/kinh-hien-vi-tvm-series\/\" \/>\n<meta property=\"og:locale\" content=\"vi_VN\" \/>\n<meta property=\"og:type\" content=\"article\" \/>\n<meta property=\"og:title\" content=\"K\u00cdNH HI\u1ec2N VI TVM SERIES - LORIOT INDUSTRIAL\" \/>\n<meta property=\"og:description\" content=\"K\u00ednh hi\u1ec3n vi TVM-Series c\u00f3 th\u1ec3 \u0111\u01b0\u1ee3c trang b\u1ecb m\u1ed9t giai \u0111o\u1ea1n c\u01a1 gi\u1edbi gi\u00fap d\u1ec5 d\u00e0ng \u0111o c\u00e1c \u0111\u1ed1i t\u01b0\u1ee3ng ph\u00f9 h\u1ee3p v\u1edbi nhi\u1ec1u l\u0129nh v\u1ef1c kinh doanh.\" \/>\n<meta property=\"og:url\" content=\"https:\/\/loriot.com.vn\/vi\/product\/kinh-hien-vi-tvm-series\/\" \/>\n<meta property=\"og:site_name\" content=\"LORIOT INDUSTRIAL\" \/>\n<meta property=\"article:publisher\" content=\"https:\/\/www.facebook.com\/Loriot-Industrial-COLTD-103044855046633\" \/>\n<meta property=\"article:modified_time\" content=\"2026-03-16T07:16:44+00:00\" \/>\n<meta property=\"og:image\" content=\"https:\/\/loriot.com.vn\/wp-content\/uploads\/2021\/08\/TVM-SERIES-770x579-1.jpg\" \/>\n\t<meta property=\"og:image:width\" content=\"770\" \/>\n\t<meta property=\"og:image:height\" content=\"513\" \/>\n\t<meta property=\"og:image:type\" content=\"image\/jpeg\" \/>\n<meta name=\"twitter:card\" content=\"summary_large_image\" \/>\n<meta name=\"twitter:label1\" content=\"\u01af\u1edbc t\u00ednh th\u1eddi gian \u0111\u1ecdc\" \/>\n\t<meta name=\"twitter:data1\" content=\"2 ph\u00fat\" \/>\n<script type=\"application\/ld+json\" class=\"yoast-schema-graph\">{\"@context\":\"https:\\\/\\\/schema.org\",\"@graph\":[{\"@type\":\"WebPage\",\"@id\":\"https:\\\/\\\/loriot.com.vn\\\/vi\\\/product\\\/kinh-hien-vi-tvm-series\\\/\",\"url\":\"https:\\\/\\\/loriot.com.vn\\\/vi\\\/product\\\/kinh-hien-vi-tvm-series\\\/\",\"name\":\"K\u00cdNH HI\u1ec2N VI TVM SERIES - LORIOT INDUSTRIAL\",\"isPartOf\":{\"@id\":\"https:\\\/\\\/loriot.com.vn\\\/#website\"},\"primaryImageOfPage\":{\"@id\":\"https:\\\/\\\/loriot.com.vn\\\/vi\\\/product\\\/kinh-hien-vi-tvm-series\\\/#primaryimage\"},\"image\":{\"@id\":\"https:\\\/\\\/loriot.com.vn\\\/vi\\\/product\\\/kinh-hien-vi-tvm-series\\\/#primaryimage\"},\"thumbnailUrl\":\"https:\\\/\\\/loriot.com.vn\\\/wp-content\\\/uploads\\\/2021\\\/08\\\/TVM-SERIES-770x579-1.jpg\",\"datePublished\":\"2021-08-03T15:26:10+00:00\",\"dateModified\":\"2026-03-16T07:16:44+00:00\",\"description\":\"K\u00ednh hi\u1ec3n vi TVM-Series c\u00f3 th\u1ec3 \u0111\u01b0\u1ee3c trang b\u1ecb m\u1ed9t giai \u0111o\u1ea1n c\u01a1 gi\u1edbi gi\u00fap d\u1ec5 d\u00e0ng \u0111o c\u00e1c \u0111\u1ed1i t\u01b0\u1ee3ng ph\u00f9 h\u1ee3p v\u1edbi nhi\u1ec1u l\u0129nh v\u1ef1c kinh doanh.\",\"breadcrumb\":{\"@id\":\"https:\\\/\\\/loriot.com.vn\\\/vi\\\/product\\\/kinh-hien-vi-tvm-series\\\/#breadcrumb\"},\"inLanguage\":\"vi\",\"potentialAction\":[{\"@type\":\"ReadAction\",\"target\":[\"https:\\\/\\\/loriot.com.vn\\\/vi\\\/product\\\/kinh-hien-vi-tvm-series\\\/\"]}]},{\"@type\":\"ImageObject\",\"inLanguage\":\"vi\",\"@id\":\"https:\\\/\\\/loriot.com.vn\\\/vi\\\/product\\\/kinh-hien-vi-tvm-series\\\/#primaryimage\",\"url\":\"https:\\\/\\\/loriot.com.vn\\\/wp-content\\\/uploads\\\/2021\\\/08\\\/TVM-SERIES-770x579-1.jpg\",\"contentUrl\":\"https:\\\/\\\/loriot.com.vn\\\/wp-content\\\/uploads\\\/2021\\\/08\\\/TVM-SERIES-770x579-1.jpg\",\"width\":770,\"height\":513},{\"@type\":\"BreadcrumbList\",\"@id\":\"https:\\\/\\\/loriot.com.vn\\\/vi\\\/product\\\/kinh-hien-vi-tvm-series\\\/#breadcrumb\",\"itemListElement\":[{\"@type\":\"ListItem\",\"position\":1,\"name\":\"Home\",\"item\":\"https:\\\/\\\/loriot.com.vn\\\/vi\\\/\"},{\"@type\":\"ListItem\",\"position\":2,\"name\":\"Products\",\"item\":\"https:\\\/\\\/loriot.com.vn\\\/product\\\/\"},{\"@type\":\"ListItem\",\"position\":3,\"name\":\"K\u00cdNH HI\u1ec2N VI TVM SERIES\"}]},{\"@type\":\"WebSite\",\"@id\":\"https:\\\/\\\/loriot.com.vn\\\/#website\",\"url\":\"https:\\\/\\\/loriot.com.vn\\\/\",\"name\":\"LORIOT INDUSTRIAL CO.,LTD\",\"description\":\"\",\"publisher\":{\"@id\":\"https:\\\/\\\/loriot.com.vn\\\/#organization\"},\"potentialAction\":[{\"@type\":\"SearchAction\",\"target\":{\"@type\":\"EntryPoint\",\"urlTemplate\":\"https:\\\/\\\/loriot.com.vn\\\/?s={search_term_string}\"},\"query-input\":{\"@type\":\"PropertyValueSpecification\",\"valueRequired\":true,\"valueName\":\"search_term_string\"}}],\"inLanguage\":\"vi\"},{\"@type\":\"Organization\",\"@id\":\"https:\\\/\\\/loriot.com.vn\\\/#organization\",\"name\":\"Loriot Industrial Co.,Ltd\",\"url\":\"https:\\\/\\\/loriot.com.vn\\\/\",\"logo\":{\"@type\":\"ImageObject\",\"inLanguage\":\"vi\",\"@id\":\"https:\\\/\\\/loriot.com.vn\\\/#\\\/schema\\\/logo\\\/image\\\/\",\"url\":\"https:\\\/\\\/loriot.com.vn\\\/wp-content\\\/uploads\\\/2021\\\/08\\\/logo-ft.png\",\"contentUrl\":\"https:\\\/\\\/loriot.com.vn\\\/wp-content\\\/uploads\\\/2021\\\/08\\\/logo-ft.png\",\"width\":333,\"height\":101,\"caption\":\"Loriot Industrial Co.,Ltd\"},\"image\":{\"@id\":\"https:\\\/\\\/loriot.com.vn\\\/#\\\/schema\\\/logo\\\/image\\\/\"},\"sameAs\":[\"https:\\\/\\\/www.facebook.com\\\/Loriot-Industrial-COLTD-103044855046633\"]}]}<\/script>\n<!-- \/ Yoast SEO plugin. -->","yoast_head_json":{"title":"K\u00cdNH HI\u1ec2N VI TVM SERIES - LORIOT INDUSTRIAL","description":"K\u00ednh hi\u1ec3n vi TVM-Series c\u00f3 th\u1ec3 \u0111\u01b0\u1ee3c trang b\u1ecb m\u1ed9t giai \u0111o\u1ea1n c\u01a1 gi\u1edbi gi\u00fap d\u1ec5 d\u00e0ng \u0111o c\u00e1c \u0111\u1ed1i t\u01b0\u1ee3ng ph\u00f9 h\u1ee3p v\u1edbi nhi\u1ec1u l\u0129nh v\u1ef1c kinh doanh.","robots":{"index":"index","follow":"follow","max-snippet":"max-snippet:-1","max-image-preview":"max-image-preview:large","max-video-preview":"max-video-preview:-1"},"canonical":"https:\/\/loriot.com.vn\/vi\/product\/kinh-hien-vi-tvm-series\/","og_locale":"vi_VN","og_type":"article","og_title":"K\u00cdNH HI\u1ec2N VI TVM SERIES - LORIOT INDUSTRIAL","og_description":"K\u00ednh hi\u1ec3n vi TVM-Series c\u00f3 th\u1ec3 \u0111\u01b0\u1ee3c trang b\u1ecb m\u1ed9t giai \u0111o\u1ea1n c\u01a1 gi\u1edbi gi\u00fap d\u1ec5 d\u00e0ng \u0111o c\u00e1c \u0111\u1ed1i t\u01b0\u1ee3ng ph\u00f9 h\u1ee3p v\u1edbi nhi\u1ec1u l\u0129nh v\u1ef1c kinh doanh.","og_url":"https:\/\/loriot.com.vn\/vi\/product\/kinh-hien-vi-tvm-series\/","og_site_name":"LORIOT INDUSTRIAL","article_publisher":"https:\/\/www.facebook.com\/Loriot-Industrial-COLTD-103044855046633","article_modified_time":"2026-03-16T07:16:44+00:00","og_image":[{"width":770,"height":513,"url":"https:\/\/loriot.com.vn\/wp-content\/uploads\/2021\/08\/TVM-SERIES-770x579-1.jpg","type":"image\/jpeg"}],"twitter_card":"summary_large_image","twitter_misc":{"\u01af\u1edbc t\u00ednh th\u1eddi gian \u0111\u1ecdc":"2 ph\u00fat"},"schema":{"@context":"https:\/\/schema.org","@graph":[{"@type":"WebPage","@id":"https:\/\/loriot.com.vn\/vi\/product\/kinh-hien-vi-tvm-series\/","url":"https:\/\/loriot.com.vn\/vi\/product\/kinh-hien-vi-tvm-series\/","name":"K\u00cdNH HI\u1ec2N VI TVM SERIES - LORIOT INDUSTRIAL","isPartOf":{"@id":"https:\/\/loriot.com.vn\/#website"},"primaryImageOfPage":{"@id":"https:\/\/loriot.com.vn\/vi\/product\/kinh-hien-vi-tvm-series\/#primaryimage"},"image":{"@id":"https:\/\/loriot.com.vn\/vi\/product\/kinh-hien-vi-tvm-series\/#primaryimage"},"thumbnailUrl":"https:\/\/loriot.com.vn\/wp-content\/uploads\/2021\/08\/TVM-SERIES-770x579-1.jpg","datePublished":"2021-08-03T15:26:10+00:00","dateModified":"2026-03-16T07:16:44+00:00","description":"K\u00ednh hi\u1ec3n vi TVM-Series c\u00f3 th\u1ec3 \u0111\u01b0\u1ee3c trang b\u1ecb m\u1ed9t giai \u0111o\u1ea1n c\u01a1 gi\u1edbi gi\u00fap d\u1ec5 d\u00e0ng \u0111o c\u00e1c \u0111\u1ed1i t\u01b0\u1ee3ng ph\u00f9 h\u1ee3p v\u1edbi nhi\u1ec1u l\u0129nh v\u1ef1c kinh doanh.","breadcrumb":{"@id":"https:\/\/loriot.com.vn\/vi\/product\/kinh-hien-vi-tvm-series\/#breadcrumb"},"inLanguage":"vi","potentialAction":[{"@type":"ReadAction","target":["https:\/\/loriot.com.vn\/vi\/product\/kinh-hien-vi-tvm-series\/"]}]},{"@type":"ImageObject","inLanguage":"vi","@id":"https:\/\/loriot.com.vn\/vi\/product\/kinh-hien-vi-tvm-series\/#primaryimage","url":"https:\/\/loriot.com.vn\/wp-content\/uploads\/2021\/08\/TVM-SERIES-770x579-1.jpg","contentUrl":"https:\/\/loriot.com.vn\/wp-content\/uploads\/2021\/08\/TVM-SERIES-770x579-1.jpg","width":770,"height":513},{"@type":"BreadcrumbList","@id":"https:\/\/loriot.com.vn\/vi\/product\/kinh-hien-vi-tvm-series\/#breadcrumb","itemListElement":[{"@type":"ListItem","position":1,"name":"Home","item":"https:\/\/loriot.com.vn\/vi\/"},{"@type":"ListItem","position":2,"name":"Products","item":"https:\/\/loriot.com.vn\/product\/"},{"@type":"ListItem","position":3,"name":"K\u00cdNH HI\u1ec2N VI TVM SERIES"}]},{"@type":"WebSite","@id":"https:\/\/loriot.com.vn\/#website","url":"https:\/\/loriot.com.vn\/","name":"LORIOT INDUSTRIAL CO.,LTD","description":"","publisher":{"@id":"https:\/\/loriot.com.vn\/#organization"},"potentialAction":[{"@type":"SearchAction","target":{"@type":"EntryPoint","urlTemplate":"https:\/\/loriot.com.vn\/?s={search_term_string}"},"query-input":{"@type":"PropertyValueSpecification","valueRequired":true,"valueName":"search_term_string"}}],"inLanguage":"vi"},{"@type":"Organization","@id":"https:\/\/loriot.com.vn\/#organization","name":"Loriot Industrial Co.,Ltd","url":"https:\/\/loriot.com.vn\/","logo":{"@type":"ImageObject","inLanguage":"vi","@id":"https:\/\/loriot.com.vn\/#\/schema\/logo\/image\/","url":"https:\/\/loriot.com.vn\/wp-content\/uploads\/2021\/08\/logo-ft.png","contentUrl":"https:\/\/loriot.com.vn\/wp-content\/uploads\/2021\/08\/logo-ft.png","width":333,"height":101,"caption":"Loriot Industrial Co.,Ltd"},"image":{"@id":"https:\/\/loriot.com.vn\/#\/schema\/logo\/image\/"},"sameAs":["https:\/\/www.facebook.com\/Loriot-Industrial-COLTD-103044855046633"]}]}},"_links":{"self":[{"href":"https:\/\/loriot.com.vn\/vi\/wp-json\/wp\/v2\/product\/1705","targetHints":{"allow":["GET"]}}],"collection":[{"href":"https:\/\/loriot.com.vn\/vi\/wp-json\/wp\/v2\/product"}],"about":[{"href":"https:\/\/loriot.com.vn\/vi\/wp-json\/wp\/v2\/types\/product"}],"author":[{"embeddable":true,"href":"https:\/\/loriot.com.vn\/vi\/wp-json\/wp\/v2\/users\/1"}],"replies":[{"embeddable":true,"href":"https:\/\/loriot.com.vn\/vi\/wp-json\/wp\/v2\/comments?post=1705"}],"version-history":[{"count":15,"href":"https:\/\/loriot.com.vn\/vi\/wp-json\/wp\/v2\/product\/1705\/revisions"}],"predecessor-version":[{"id":6528,"href":"https:\/\/loriot.com.vn\/vi\/wp-json\/wp\/v2\/product\/1705\/revisions\/6528"}],"wp:featuredmedia":[{"embeddable":true,"href":"https:\/\/loriot.com.vn\/vi\/wp-json\/wp\/v2\/media\/4410"}],"wp:attachment":[{"href":"https:\/\/loriot.com.vn\/vi\/wp-json\/wp\/v2\/media?parent=1705"}],"wp:term":[{"taxonomy":"service-category","embeddable":true,"href":"https:\/\/loriot.com.vn\/vi\/wp-json\/wp\/v2\/service-category?post=1705"},{"taxonomy":"service_tag","embeddable":true,"href":"https:\/\/loriot.com.vn\/vi\/wp-json\/wp\/v2\/service_tag?post=1705"}],"curies":[{"name":"wp","href":"https:\/\/api.w.org\/{rel}","templated":true}]}}