{"id":1717,"date":"2021-08-03T10:18:56","date_gmt":"2021-08-03T10:18:56","guid":{"rendered":"http:\/\/loriot.com.vn\/product\/vectraes-copy\/"},"modified":"2026-03-18T15:30:55","modified_gmt":"2026-03-18T08:30:55","slug":"lo-han-centurion-reflow","status":"publish","type":"product","link":"https:\/\/loriot.com.vn\/vi\/product\/lo-han-centurion-reflow\/","title":{"rendered":"L\u00d2 H\u00c0N CENTURION REFLOW"},"content":{"rendered":"<p style=\"text-align: center;\"><span style=\"font-size: 14pt; font-family: arial, helvetica, sans-serif;\"><strong>L\u00d2 H\u00c0N CENTURION REFLOW<\/strong><\/span><\/p>\n<p>&nbsp;<\/p>\n<h1 data-section-id=\"15bsyc5\" data-start=\"0\" data-end=\"97\"><span style=\"font-family: arial, helvetica, sans-serif; font-size: 12pt;\">L\u00f2 h\u00e0n reflow Centurion Reflow Soldering Oven \u2013 Gi\u1ea3i ph\u00e1p t\u1ed1i \u01b0u cho s\u1ea3n xu\u1ea5t PCB hi\u1ec7u su\u1ea5t cao<\/span><\/h1>\n<p data-start=\"99\" data-end=\"572\"><span style=\"font-family: arial, helvetica, sans-serif; font-size: 12pt;\">Trong ng\u00e0nh SMT hi\u1ec7n \u0111\u1ea1i, l\u00f2 h\u00e0n reflow \u0111\u00f3ng vai tr\u00f2 then ch\u1ed1t trong vi\u1ec7c \u0111\u1ea3m b\u1ea3o ch\u1ea5t l\u01b0\u1ee3ng m\u1ed1i h\u00e0n v\u00e0 \u0111\u1ed9 \u1ed5n \u0111\u1ecbnh c\u1ee7a s\u1ea3n ph\u1ea9m. Centurion Reflow Soldering Oven l\u00e0 h\u1ec7 th\u1ed1ng reflow \u0111\u1ed1i l\u01b0u c\u01b0\u1ee1ng b\u1ee9c ti\u00ean ti\u1ebfn, \u0111\u01b0\u1ee3c thi\u1ebft k\u1ebf v\u1edbi \u0111i\u1ec1u khi\u1ec3n v\u00f2ng k\u00edn (closed-loop control), \u0111\u00e1p \u1ee9ng c\u00e1c y\u00eau c\u1ea7u kh\u1eaft khe v\u1ec1 s\u1ea3n l\u01b0\u1ee3ng cao, \u0111\u1ed9 l\u1eb7p l\u1ea1i v\u00e0 hi\u1ec7u su\u1ea5t n\u0103ng l\u01b0\u1ee3ng. Thi\u1ebft b\u1ecb ph\u00f9 h\u1ee3p cho c\u00e1c nh\u00e0 m\u00e1y SMT s\u1ea3n xu\u1ea5t PCB v\u1edbi y\u00eau c\u1ea7u high-mix, high-throughput v\u00e0 ki\u1ec3m so\u00e1t quy tr\u00ecnh ch\u1eb7t ch\u1ebd.<\/span><\/p>\n<h2 data-section-id=\"1sndwiw\" data-start=\"574\" data-end=\"622\"><span style=\"font-family: arial, helvetica, sans-serif; font-size: 12pt;\">Hi\u1ec7u su\u1ea5t nhi\u1ec7t h\u00e0ng \u0111\u1ea7u \u2013 t\u1ed1i \u01b0u profile h\u00e0n<\/span><\/h2>\n<p data-start=\"624\" data-end=\"881\"><span style=\"font-family: arial, helvetica, sans-serif; font-size: 12pt;\">\ud83d\udd25 Truy\u1ec1n nhi\u1ec7t v\u01b0\u1ee3t tr\u1ed9i gi\u00fap l\u00f2 c\u00f3 th\u1ec3 ch\u1ea1y profile \u1edf m\u1ee9c nhi\u1ec7t th\u1ea5p h\u01a1n, t\u1eeb \u0111\u00f3 gi\u1ea3m ch\u00eanh l\u1ec7ch nhi\u1ec7t tr\u00ean to\u00e0n b\u1ed9 PCB v\u00e0 \u0111\u1ea3m b\u1ea3o \u0111\u1ed9 \u0111\u1ed3ng \u0111\u1ec1u c\u1ee7a m\u1ed1i h\u00e0n. \ud83c\udfaf Nh\u1edd \u0111\u00f3, s\u1ea3n ph\u1ea9m \u0111\u1ea1t \u0111\u1ed9 tin c\u1eady cao h\u01a1n, gi\u1ea3m l\u1ed7i h\u00e0n v\u00e0 \u0111\u1ed3ng th\u1eddi ti\u1ebft ki\u1ec7m n\u0103ng l\u01b0\u1ee3ng v\u1eadn h\u00e0nh.<\/span><\/p>\n<h2 data-section-id=\"1s5x92q\" data-start=\"883\" data-end=\"932\"><span style=\"font-family: arial, helvetica, sans-serif; font-size: 12pt;\">Ki\u1ec3m so\u00e1t quy tr\u00ecnh ch\u00ednh x\u00e1c \u2013 \u0111\u1ed9 l\u1eb7p l\u1ea1i cao<\/span><\/h2>\n<p data-start=\"934\" data-end=\"1154\"><span style=\"font-family: arial, helvetica, sans-serif; font-size: 12pt;\">\u2699\ufe0f H\u1ec7 th\u1ed1ng closed-loop control gi\u00fap duy tr\u00ec s\u1ef1 \u1ed5n \u0111\u1ecbnh trong su\u1ed1t qu\u00e1 tr\u00ecnh v\u1eadn h\u00e0nh. \ud83d\udcca \u0110i\u1ec1u n\u00e0y \u0111\u1ea3m b\u1ea3o t\u00ednh l\u1eb7p l\u1ea1i gi\u1eefa c\u00e1c l\u00f2 v\u00e0 gi\u1eefa c\u00e1c m\u1ebb s\u1ea3n xu\u1ea5t, \u0111\u00e1p \u1ee9ng t\u1ed1t c\u00e1c y\u00eau c\u1ea7u quy tr\u00ecnh ph\u1ee9c t\u1ea1p trong ng\u00e0nh \u0111i\u1ec7n t\u1eed.<\/span><\/p>\n<h2 data-section-id=\"500f7t\" data-start=\"1156\" data-end=\"1200\"><span style=\"font-family: arial, helvetica, sans-serif; font-size: 12pt;\">Gi\u1ea3m chi ph\u00ed v\u1eadn h\u00e0nh (Cost of Ownership)<\/span><\/h2>\n<p data-start=\"1202\" data-end=\"1389\"><span style=\"font-family: arial, helvetica, sans-serif; font-size: 12pt;\">\u26a1 Thi\u1ebft k\u1ebf truy\u1ec1n nhi\u1ec7t hi\u1ec7u qu\u1ea3 gi\u00fap gi\u1ea3m ti\u00eau th\u1ee5 \u0111i\u1ec7n n\u0103ng, k\u1ebft h\u1ee3p v\u1edbi k\u1ebft c\u1ea5u c\u01a1 kh\u00ed b\u1ec1n b\u1ec9 gi\u00fap t\u0103ng uptime cho thi\u1ebft b\u1ecb. \ud83d\udca4 Ch\u1ebf \u0111\u1ed9 Idle Mode h\u1ed7 tr\u1ee3 gi\u1ea3m chi ph\u00ed khi kh\u00f4ng s\u1ea3n xu\u1ea5t.<\/span><\/p>\n<p data-start=\"1391\" data-end=\"1639\"><span style=\"font-family: arial, helvetica, sans-serif; font-size: 12pt;\">C\u00f4ng ngh\u1ec7 <span class=\"hover:entity-accent entity-underline inline cursor-pointer align-baseline\"><span class=\"whitespace-normal\">CATHOX\u2122<\/span><\/span> \u0111\u1ed9c quy\u1ec1n s\u1eed d\u1ee5ng ph\u01b0\u01a1ng ph\u00e1p oxy h\u00f3a nhi\u1ec7t x\u00fac t\u00e1c \u0111\u1ec3 x\u1eed l\u00fd h\u01a1i flux, gi\u00fap gi\u1ea3m b\u00e1m b\u1ea9n trong bu\u1ed3ng nhi\u1ec7t v\u00e0 k\u00e9o d\u00e0i chu k\u1ef3 b\u1ea3o tr\u00ec. Nh\u1edd \u0111\u00f3, doanh nghi\u1ec7p c\u00f3 th\u1ec3 gi\u1ea3m \u0111\u00e1ng k\u1ec3 chi ph\u00ed v\u1eadn h\u00e0nh d\u00e0i h\u1ea1n.<\/span><\/p>\n<h2 data-section-id=\"16g0j79\" data-start=\"1641\" data-end=\"1677\"><span style=\"font-family: arial, helvetica, sans-serif; font-size: 12pt;\">B\u1ea3o tr\u00ec d\u1ec5 d\u00e0ng \u2013 m\u00f4i tr\u01b0\u1eddng s\u1ea1ch<\/span><\/h2>\n<p data-start=\"1679\" data-end=\"1996\"><span style=\"font-family: arial, helvetica, sans-serif; font-size: 12pt;\">\ud83e\udde9 Thi\u1ebft k\u1ebf m\u1edf gi\u00fap d\u1ec5 d\u00e0ng ti\u1ebfp c\u1eadn c\u00e1c khu v\u1ef1c b\u00ean trong, h\u1ed7 tr\u1ee3 b\u1ea3o tr\u00ec nhanh v\u1edbi \u00edt d\u1ee5ng c\u1ee5. \ud83c\udf2c\ufe0f H\u1ec7 th\u1ed1ng l\u1ecdc flux t\u00edch h\u1ee3p gi\u00fap gi\u1eef s\u1ea1ch c\u00e1c zone gia nhi\u1ec7t, h\u1ea1n ch\u1ebf t\u00edch t\u1ee5 ch\u1ea5t b\u1ea9n tr\u00ean c\u00e1c b\u1ed9 ph\u1eadn c\u01a1 kh\u00ed v\u00e0 kh\u00f4ng c\u1ea7n th\u00eam thi\u1ebft b\u1ecb ph\u1ee5 tr\u1ee3 nh\u01b0 chiller. \u0110i\u1ec1u n\u00e0y \u0111\u1ea3m b\u1ea3o m\u00f4i tr\u01b0\u1eddng s\u1ea3n xu\u1ea5t lu\u00f4n s\u1ea1ch v\u00e0 \u1ed5n \u0111\u1ecbnh.<\/span><\/p>\n<h2 data-section-id=\"xn2thj\" data-start=\"1998\" data-end=\"2038\"><span style=\"font-family: arial, helvetica, sans-serif; font-size: 12pt;\">T\u0103ng n\u0103ng su\u1ea5t v\u1edbi c\u1ea5u h\u00ecnh Dual Lane<\/span><\/h2>\n<p data-start=\"2040\" data-end=\"2261\"><span style=\"font-family: arial, helvetica, sans-serif; font-size: 12pt;\">\ud83d\udd00 C\u1ea5u h\u00ecnh dual lane v\u1edbi kh\u1ea3 n\u0103ng \u0111i\u1ec1u ch\u1ec9nh t\u1ed1c \u0111\u1ed9 b\u0103ng t\u1ea3i \u0111\u1ed9c l\u1eadp cho ph\u00e9p ch\u1ea1y \u0111\u1ed3ng th\u1eddi hai lo\u1ea1i PCB kh\u00e1c nhau. \ud83d\udcc8 \u0110i\u1ec1u n\u00e0y gi\u00fap t\u0103ng g\u1ea5p \u0111\u00f4i throughput v\u00e0 \u0111\u1eb7c bi\u1ec7t ph\u00f9 h\u1ee3p v\u1edbi m\u00f4 h\u00ecnh s\u1ea3n xu\u1ea5t high-mix, low-volume.<\/span><\/p>\n<h2 data-section-id=\"2bxjky\" data-start=\"2263\" data-end=\"2308\"><span style=\"font-family: arial, helvetica, sans-serif; font-size: 12pt;\">L\u00e0m m\u00e1t nhanh \u2013 t\u1ed1i \u01b0u chuy\u1ec3n \u0111\u1ed5i s\u1ea3n ph\u1ea9m<\/span><\/h2>\n<p data-start=\"2310\" data-end=\"2530\"><span style=\"font-family: arial, helvetica, sans-serif; font-size: 12pt;\">\u2744\ufe0f T\u00ednh n\u0103ng Fast Cool Down (FCD) gi\u00fap gi\u1ea3m th\u1eddi gian chuy\u1ec3n \u0111\u1ed5i gi\u1eefa c\u00e1c profile nhi\u1ec7t. \u26a1 H\u1ec7 th\u1ed1ng t\u1ef1 \u0111\u1ed9ng \u0111i\u1ec1u ch\u1ec9nh nhi\u1ec7t \u0111\u1ed9 t\u1eebng zone, t\u1eeb \u0111\u00f3 gi\u1ea3m downtime v\u00e0 t\u0103ng hi\u1ec7u qu\u1ea3 v\u1eadn h\u00e0nh khi c\u1ea7n thay \u0111\u1ed5i s\u1ea3n ph\u1ea9m li\u00ean t\u1ee5c.<\/span><\/p>\n<h2 data-section-id=\"1o3rrqq\" data-start=\"2532\" data-end=\"2568\"><span style=\"font-family: arial, helvetica, sans-serif; font-size: 12pt;\">Linh ho\u1ea1t m\u00f4i tr\u01b0\u1eddng kh\u00ed \u2013 N2\/Air<\/span><\/h2>\n<p data-start=\"2570\" data-end=\"2920\"><span style=\"font-family: arial, helvetica, sans-serif; font-size: 12pt;\">\ud83c\udf2c\ufe0f T\u00ednh n\u0103ng True N2\/Air Switch cho ph\u00e9p chuy\u1ec3n \u0111\u1ed5i linh ho\u1ea1t gi\u1eefa m\u00f4i tr\u01b0\u1eddng Nitrogen v\u00e0 Air. \u267b\ufe0f Trong ch\u1ebf \u0111\u1ed9 Nitrogen, kh\u00ed \u0111\u01b0\u1ee3c t\u00e1i tu\u1ea7n ho\u00e0n \u0111\u1ec3 ti\u1ebft ki\u1ec7m chi ph\u00ed, trong khi h\u1ec7 th\u1ed1ng airflow m\u1edbi \u1edf ch\u1ebf \u0111\u1ed9 Air gi\u00fap lo\u1ea1i b\u1ecf hi\u1ec7u qu\u1ea3 kh\u00ed nhi\u1ec5m flux, gi\u1eef bu\u1ed3ng nhi\u1ec7t s\u1ea1ch h\u01a1n. \u0110i\u1ec1u n\u00e0y gi\u00fap m\u1ed9t thi\u1ebft b\u1ecb c\u00f3 th\u1ec3 \u0111\u00e1p \u1ee9ng nhi\u1ec1u nhu c\u1ea7u s\u1ea3n xu\u1ea5t kh\u00e1c nhau.<\/span><\/p>\n<h2 data-section-id=\"1tkvqfo\" data-start=\"2922\" data-end=\"2961\"><span style=\"font-family: arial, helvetica, sans-serif; font-size: 12pt;\">Truy xu\u1ea5t d\u1eef li\u1ec7u &amp; k\u1ebft n\u1ed1i h\u1ec7 th\u1ed1ng<\/span><\/h2>\n<p data-start=\"2963\" data-end=\"3263\"><span style=\"font-family: arial, helvetica, sans-serif; font-size: 12pt;\">\ud83d\udcca H\u1ec7 th\u1ed1ng qu\u1ea3n l\u00fd d\u1eef li\u1ec7u ghi l\u1ea1i to\u00e0n b\u1ed9 th\u00f4ng s\u1ed1 v\u1eadn h\u00e0nh. \ud83c\udff7\ufe0f T\u00edch h\u1ee3p barcode cho ph\u00e9p t\u1ef1 \u0111\u1ed9ng ch\u1ecdn ch\u01b0\u01a1ng tr\u00ecnh theo t\u1eebng s\u1ea3n ph\u1ea9m v\u00e0 h\u1ed7 tr\u1ee3 truy xu\u1ea5t ngu\u1ed3n g\u1ed1c. \ud83d\udd17 Ngo\u00e0i ra, thi\u1ebft b\u1ecb c\u00f3 th\u1ec3 k\u1ebft n\u1ed1i v\u1edbi h\u1ec7 th\u1ed1ng MES th\u00f4ng qua giao di\u1ec7n CAMX, gi\u00fap n\u00e2ng cao kh\u1ea3 n\u0103ng qu\u1ea3n l\u00fd s\u1ea3n xu\u1ea5t th\u00f4ng minh.<\/span><\/p>\n<h2 data-section-id=\"mv3nlp\" data-start=\"3265\" data-end=\"3308\"><span style=\"font-family: arial, helvetica, sans-serif; font-size: 12pt;\">H\u1ec7 th\u1ed1ng exhaust th\u00f4ng minh \u2013 d\u1ec5 b\u1ea3o tr\u00ec<\/span><\/h2>\n<p data-start=\"3310\" data-end=\"3552\"><span style=\"font-family: arial, helvetica, sans-serif; font-size: 12pt;\">\ud83e\uddf0 Exhaust box \u0111\u01b0\u1ee3c thi\u1ebft k\u1ebf th\u00e1o r\u1eddi d\u1ec5 d\u00e0ng, t\u00edch h\u1ee3p gi\u00e1m s\u00e1t nhi\u1ec7t \u0111\u1ed9 v\u00e0 \u00e1p su\u1ea5t. \ud83d\udca7 H\u1ec7 th\u1ed1ng gi\u00fap ng\u01b0ng t\u1ee5 v\u00e0 thu gom flux hi\u1ec7u qu\u1ea3, \u0111\u1ed3ng th\u1eddi c\u00f3 c\u1ea3nh b\u00e1o s\u1edbm khi x\u1ea3y ra t\u1eafc ngh\u1ebdn. \u0110i\u1ec1u n\u00e0y gi\u00fap t\u0103ng \u0111\u1ed9 an to\u00e0n v\u00e0 gi\u1ea3m th\u1eddi gian b\u1ea3o tr\u00ec.<\/span><\/p>\n<h2 data-section-id=\"1p0kmzn\" data-start=\"3554\" data-end=\"3600\"><span style=\"font-family: arial, helvetica, sans-serif; font-size: 12pt;\">Gi\u1ea3i ph\u00e1p reflow to\u00e0n di\u1ec7n cho SMT hi\u1ec7n \u0111\u1ea1i<\/span><\/h2>\n<p data-start=\"3602\" data-end=\"3916\"><span style=\"font-family: arial, helvetica, sans-serif; font-size: 12pt;\">Centurion Reflow Soldering Oven kh\u00f4ng ch\u1ec9 mang l\u1ea1i hi\u1ec7u su\u1ea5t nhi\u1ec7t v\u01b0\u1ee3t tr\u1ed9i m\u00e0 c\u00f2n gi\u00fap doanh nghi\u1ec7p t\u1ed1i \u01b0u chi ph\u00ed v\u1eadn h\u00e0nh, n\u00e2ng cao n\u0103ng su\u1ea5t v\u00e0 \u0111\u1ea3m b\u1ea3o ch\u1ea5t l\u01b0\u1ee3ng s\u1ea3n ph\u1ea9m. \u0110\u00e2y l\u00e0 l\u1ef1a ch\u1ecdn l\u00fd t\u01b0\u1edfng cho c\u00e1c nh\u00e0 m\u00e1y SMT \u0111ang h\u01b0\u1edbng \u0111\u1ebfn t\u1ef1 \u0111\u1ed9ng h\u00f3a, ki\u1ec3m so\u00e1t quy tr\u00ecnh ch\u1eb7t ch\u1ebd v\u00e0 n\u00e2ng cao n\u0103ng l\u1ef1c s\u1ea3n xu\u1ea5t PCB.<\/span><\/p>\n","protected":false},"excerpt":{"rendered":"<p>Centurion Reflow Soldering Oven l\u00e0 h\u1ec7 th\u1ed1ng reflow \u0111\u1ed1i l\u01b0u c\u01b0\u1ee1ng b\u1ee9c ti\u00ean ti\u1ebfn, \u0111\u01b0\u1ee3c thi\u1ebft k\u1ebf v\u1edbi \u0111i\u1ec1u khi\u1ec3n v\u00f2ng k\u00edn<\/p>\n","protected":false},"author":2,"featured_media":4523,"parent":0,"menu_order":96,"comment_status":"open","ping_status":"closed","template":"","meta":{"inline_featured_image":false,"footnotes":""},"service-category":[92],"service_tag":[115],"class_list":["post-1717","product","type-product","status-publish","has-post-thumbnail","hentry","service-category-may-han-doi-luu-may-han-song","service_tag-relow-wave-oven-vi"],"yoast_head":"<!-- This site is optimized with the Yoast SEO plugin v27.4 - https:\/\/yoast.com\/product\/yoast-seo-wordpress\/ -->\n<title>L\u00d2 H\u00c0N CENTURION REFLOW - LORIOT INDUSTRIAL<\/title>\n<meta name=\"description\" content=\"Centurion Reflow Soldering Oven l\u00e0 h\u1ec7 th\u1ed1ng reflow \u0111\u1ed1i l\u01b0u c\u01b0\u1ee1ng b\u1ee9c ti\u00ean ti\u1ebfn, \u0111\u01b0\u1ee3c thi\u1ebft k\u1ebf v\u1edbi \u0111i\u1ec1u khi\u1ec3n v\u00f2ng k\u00edn (closed-loop control)\" \/>\n<meta name=\"robots\" content=\"index, follow, max-snippet:-1, max-image-preview:large, max-video-preview:-1\" \/>\n<link rel=\"canonical\" href=\"https:\/\/loriot.com.vn\/vi\/product\/lo-han-centurion-reflow\/\" \/>\n<meta property=\"og:locale\" content=\"vi_VN\" \/>\n<meta property=\"og:type\" content=\"article\" \/>\n<meta property=\"og:title\" content=\"L\u00d2 H\u00c0N CENTURION REFLOW - LORIOT INDUSTRIAL\" \/>\n<meta property=\"og:description\" content=\"Centurion Reflow Soldering Oven l\u00e0 h\u1ec7 th\u1ed1ng reflow \u0111\u1ed1i l\u01b0u c\u01b0\u1ee1ng b\u1ee9c ti\u00ean ti\u1ebfn, \u0111\u01b0\u1ee3c thi\u1ebft k\u1ebf v\u1edbi \u0111i\u1ec1u khi\u1ec3n v\u00f2ng k\u00edn (closed-loop control)\" \/>\n<meta property=\"og:url\" content=\"https:\/\/loriot.com.vn\/vi\/product\/lo-han-centurion-reflow\/\" \/>\n<meta property=\"og:site_name\" content=\"LORIOT INDUSTRIAL\" \/>\n<meta property=\"article:publisher\" content=\"https:\/\/www.facebook.com\/Loriot-Industrial-COLTD-103044855046633\" \/>\n<meta property=\"article:modified_time\" content=\"2026-03-18T08:30:55+00:00\" \/>\n<meta property=\"og:image\" content=\"https:\/\/loriot.com.vn\/wp-content\/uploads\/2021\/08\/Centurion-Closed-for-poster-770x520-1.jpg\" \/>\n\t<meta property=\"og:image:width\" content=\"770\" \/>\n\t<meta property=\"og:image:height\" content=\"513\" \/>\n\t<meta property=\"og:image:type\" content=\"image\/jpeg\" \/>\n<meta name=\"twitter:card\" content=\"summary_large_image\" \/>\n<meta name=\"twitter:label1\" content=\"\u01af\u1edbc t\u00ednh th\u1eddi gian \u0111\u1ecdc\" \/>\n\t<meta name=\"twitter:data1\" content=\"4 ph\u00fat\" \/>\n<script type=\"application\/ld+json\" class=\"yoast-schema-graph\">{\"@context\":\"https:\\\/\\\/schema.org\",\"@graph\":[{\"@type\":\"WebPage\",\"@id\":\"https:\\\/\\\/loriot.com.vn\\\/vi\\\/product\\\/lo-han-centurion-reflow\\\/\",\"url\":\"https:\\\/\\\/loriot.com.vn\\\/vi\\\/product\\\/lo-han-centurion-reflow\\\/\",\"name\":\"L\u00d2 H\u00c0N CENTURION REFLOW - LORIOT INDUSTRIAL\",\"isPartOf\":{\"@id\":\"https:\\\/\\\/loriot.com.vn\\\/#website\"},\"primaryImageOfPage\":{\"@id\":\"https:\\\/\\\/loriot.com.vn\\\/vi\\\/product\\\/lo-han-centurion-reflow\\\/#primaryimage\"},\"image\":{\"@id\":\"https:\\\/\\\/loriot.com.vn\\\/vi\\\/product\\\/lo-han-centurion-reflow\\\/#primaryimage\"},\"thumbnailUrl\":\"https:\\\/\\\/loriot.com.vn\\\/wp-content\\\/uploads\\\/2021\\\/08\\\/Centurion-Closed-for-poster-770x520-1.jpg\",\"datePublished\":\"2021-08-03T10:18:56+00:00\",\"dateModified\":\"2026-03-18T08:30:55+00:00\",\"description\":\"Centurion Reflow Soldering Oven l\u00e0 h\u1ec7 th\u1ed1ng reflow \u0111\u1ed1i l\u01b0u c\u01b0\u1ee1ng b\u1ee9c ti\u00ean ti\u1ebfn, \u0111\u01b0\u1ee3c thi\u1ebft k\u1ebf v\u1edbi \u0111i\u1ec1u khi\u1ec3n v\u00f2ng k\u00edn (closed-loop control)\",\"breadcrumb\":{\"@id\":\"https:\\\/\\\/loriot.com.vn\\\/vi\\\/product\\\/lo-han-centurion-reflow\\\/#breadcrumb\"},\"inLanguage\":\"vi\",\"potentialAction\":[{\"@type\":\"ReadAction\",\"target\":[\"https:\\\/\\\/loriot.com.vn\\\/vi\\\/product\\\/lo-han-centurion-reflow\\\/\"]}]},{\"@type\":\"ImageObject\",\"inLanguage\":\"vi\",\"@id\":\"https:\\\/\\\/loriot.com.vn\\\/vi\\\/product\\\/lo-han-centurion-reflow\\\/#primaryimage\",\"url\":\"https:\\\/\\\/loriot.com.vn\\\/wp-content\\\/uploads\\\/2021\\\/08\\\/Centurion-Closed-for-poster-770x520-1.jpg\",\"contentUrl\":\"https:\\\/\\\/loriot.com.vn\\\/wp-content\\\/uploads\\\/2021\\\/08\\\/Centurion-Closed-for-poster-770x520-1.jpg\",\"width\":770,\"height\":513,\"caption\":\"L\u00d2 H\u00c0N CENTURION REFLOW\"},{\"@type\":\"BreadcrumbList\",\"@id\":\"https:\\\/\\\/loriot.com.vn\\\/vi\\\/product\\\/lo-han-centurion-reflow\\\/#breadcrumb\",\"itemListElement\":[{\"@type\":\"ListItem\",\"position\":1,\"name\":\"Home\",\"item\":\"https:\\\/\\\/loriot.com.vn\\\/vi\\\/\"},{\"@type\":\"ListItem\",\"position\":2,\"name\":\"Products\",\"item\":\"https:\\\/\\\/loriot.com.vn\\\/product\\\/\"},{\"@type\":\"ListItem\",\"position\":3,\"name\":\"L\u00d2 H\u00c0N CENTURION REFLOW\"}]},{\"@type\":\"WebSite\",\"@id\":\"https:\\\/\\\/loriot.com.vn\\\/#website\",\"url\":\"https:\\\/\\\/loriot.com.vn\\\/\",\"name\":\"LORIOT INDUSTRIAL CO.,LTD\",\"description\":\"\",\"publisher\":{\"@id\":\"https:\\\/\\\/loriot.com.vn\\\/#organization\"},\"potentialAction\":[{\"@type\":\"SearchAction\",\"target\":{\"@type\":\"EntryPoint\",\"urlTemplate\":\"https:\\\/\\\/loriot.com.vn\\\/?s={search_term_string}\"},\"query-input\":{\"@type\":\"PropertyValueSpecification\",\"valueRequired\":true,\"valueName\":\"search_term_string\"}}],\"inLanguage\":\"vi\"},{\"@type\":\"Organization\",\"@id\":\"https:\\\/\\\/loriot.com.vn\\\/#organization\",\"name\":\"Loriot Industrial Co.,Ltd\",\"url\":\"https:\\\/\\\/loriot.com.vn\\\/\",\"logo\":{\"@type\":\"ImageObject\",\"inLanguage\":\"vi\",\"@id\":\"https:\\\/\\\/loriot.com.vn\\\/#\\\/schema\\\/logo\\\/image\\\/\",\"url\":\"https:\\\/\\\/loriot.com.vn\\\/wp-content\\\/uploads\\\/2021\\\/08\\\/logo-ft.png\",\"contentUrl\":\"https:\\\/\\\/loriot.com.vn\\\/wp-content\\\/uploads\\\/2021\\\/08\\\/logo-ft.png\",\"width\":333,\"height\":101,\"caption\":\"Loriot Industrial Co.,Ltd\"},\"image\":{\"@id\":\"https:\\\/\\\/loriot.com.vn\\\/#\\\/schema\\\/logo\\\/image\\\/\"},\"sameAs\":[\"https:\\\/\\\/www.facebook.com\\\/Loriot-Industrial-COLTD-103044855046633\"]}]}<\/script>\n<!-- \/ Yoast SEO plugin. -->","yoast_head_json":{"title":"L\u00d2 H\u00c0N CENTURION REFLOW - LORIOT INDUSTRIAL","description":"Centurion Reflow Soldering Oven l\u00e0 h\u1ec7 th\u1ed1ng reflow \u0111\u1ed1i l\u01b0u c\u01b0\u1ee1ng b\u1ee9c ti\u00ean ti\u1ebfn, \u0111\u01b0\u1ee3c thi\u1ebft k\u1ebf v\u1edbi \u0111i\u1ec1u khi\u1ec3n v\u00f2ng k\u00edn (closed-loop control)","robots":{"index":"index","follow":"follow","max-snippet":"max-snippet:-1","max-image-preview":"max-image-preview:large","max-video-preview":"max-video-preview:-1"},"canonical":"https:\/\/loriot.com.vn\/vi\/product\/lo-han-centurion-reflow\/","og_locale":"vi_VN","og_type":"article","og_title":"L\u00d2 H\u00c0N CENTURION REFLOW - LORIOT INDUSTRIAL","og_description":"Centurion Reflow Soldering Oven l\u00e0 h\u1ec7 th\u1ed1ng reflow \u0111\u1ed1i l\u01b0u c\u01b0\u1ee1ng b\u1ee9c ti\u00ean ti\u1ebfn, \u0111\u01b0\u1ee3c thi\u1ebft k\u1ebf v\u1edbi \u0111i\u1ec1u khi\u1ec3n v\u00f2ng k\u00edn (closed-loop control)","og_url":"https:\/\/loriot.com.vn\/vi\/product\/lo-han-centurion-reflow\/","og_site_name":"LORIOT INDUSTRIAL","article_publisher":"https:\/\/www.facebook.com\/Loriot-Industrial-COLTD-103044855046633","article_modified_time":"2026-03-18T08:30:55+00:00","og_image":[{"width":770,"height":513,"url":"https:\/\/loriot.com.vn\/wp-content\/uploads\/2021\/08\/Centurion-Closed-for-poster-770x520-1.jpg","type":"image\/jpeg"}],"twitter_card":"summary_large_image","twitter_misc":{"\u01af\u1edbc t\u00ednh th\u1eddi gian \u0111\u1ecdc":"4 ph\u00fat"},"schema":{"@context":"https:\/\/schema.org","@graph":[{"@type":"WebPage","@id":"https:\/\/loriot.com.vn\/vi\/product\/lo-han-centurion-reflow\/","url":"https:\/\/loriot.com.vn\/vi\/product\/lo-han-centurion-reflow\/","name":"L\u00d2 H\u00c0N CENTURION REFLOW - LORIOT INDUSTRIAL","isPartOf":{"@id":"https:\/\/loriot.com.vn\/#website"},"primaryImageOfPage":{"@id":"https:\/\/loriot.com.vn\/vi\/product\/lo-han-centurion-reflow\/#primaryimage"},"image":{"@id":"https:\/\/loriot.com.vn\/vi\/product\/lo-han-centurion-reflow\/#primaryimage"},"thumbnailUrl":"https:\/\/loriot.com.vn\/wp-content\/uploads\/2021\/08\/Centurion-Closed-for-poster-770x520-1.jpg","datePublished":"2021-08-03T10:18:56+00:00","dateModified":"2026-03-18T08:30:55+00:00","description":"Centurion Reflow Soldering Oven l\u00e0 h\u1ec7 th\u1ed1ng reflow \u0111\u1ed1i l\u01b0u c\u01b0\u1ee1ng b\u1ee9c ti\u00ean ti\u1ebfn, \u0111\u01b0\u1ee3c thi\u1ebft k\u1ebf v\u1edbi \u0111i\u1ec1u khi\u1ec3n v\u00f2ng k\u00edn (closed-loop control)","breadcrumb":{"@id":"https:\/\/loriot.com.vn\/vi\/product\/lo-han-centurion-reflow\/#breadcrumb"},"inLanguage":"vi","potentialAction":[{"@type":"ReadAction","target":["https:\/\/loriot.com.vn\/vi\/product\/lo-han-centurion-reflow\/"]}]},{"@type":"ImageObject","inLanguage":"vi","@id":"https:\/\/loriot.com.vn\/vi\/product\/lo-han-centurion-reflow\/#primaryimage","url":"https:\/\/loriot.com.vn\/wp-content\/uploads\/2021\/08\/Centurion-Closed-for-poster-770x520-1.jpg","contentUrl":"https:\/\/loriot.com.vn\/wp-content\/uploads\/2021\/08\/Centurion-Closed-for-poster-770x520-1.jpg","width":770,"height":513,"caption":"L\u00d2 H\u00c0N CENTURION REFLOW"},{"@type":"BreadcrumbList","@id":"https:\/\/loriot.com.vn\/vi\/product\/lo-han-centurion-reflow\/#breadcrumb","itemListElement":[{"@type":"ListItem","position":1,"name":"Home","item":"https:\/\/loriot.com.vn\/vi\/"},{"@type":"ListItem","position":2,"name":"Products","item":"https:\/\/loriot.com.vn\/product\/"},{"@type":"ListItem","position":3,"name":"L\u00d2 H\u00c0N CENTURION REFLOW"}]},{"@type":"WebSite","@id":"https:\/\/loriot.com.vn\/#website","url":"https:\/\/loriot.com.vn\/","name":"LORIOT INDUSTRIAL CO.,LTD","description":"","publisher":{"@id":"https:\/\/loriot.com.vn\/#organization"},"potentialAction":[{"@type":"SearchAction","target":{"@type":"EntryPoint","urlTemplate":"https:\/\/loriot.com.vn\/?s={search_term_string}"},"query-input":{"@type":"PropertyValueSpecification","valueRequired":true,"valueName":"search_term_string"}}],"inLanguage":"vi"},{"@type":"Organization","@id":"https:\/\/loriot.com.vn\/#organization","name":"Loriot Industrial Co.,Ltd","url":"https:\/\/loriot.com.vn\/","logo":{"@type":"ImageObject","inLanguage":"vi","@id":"https:\/\/loriot.com.vn\/#\/schema\/logo\/image\/","url":"https:\/\/loriot.com.vn\/wp-content\/uploads\/2021\/08\/logo-ft.png","contentUrl":"https:\/\/loriot.com.vn\/wp-content\/uploads\/2021\/08\/logo-ft.png","width":333,"height":101,"caption":"Loriot Industrial Co.,Ltd"},"image":{"@id":"https:\/\/loriot.com.vn\/#\/schema\/logo\/image\/"},"sameAs":["https:\/\/www.facebook.com\/Loriot-Industrial-COLTD-103044855046633"]}]}},"_links":{"self":[{"href":"https:\/\/loriot.com.vn\/vi\/wp-json\/wp\/v2\/product\/1717","targetHints":{"allow":["GET"]}}],"collection":[{"href":"https:\/\/loriot.com.vn\/vi\/wp-json\/wp\/v2\/product"}],"about":[{"href":"https:\/\/loriot.com.vn\/vi\/wp-json\/wp\/v2\/types\/product"}],"author":[{"embeddable":true,"href":"https:\/\/loriot.com.vn\/vi\/wp-json\/wp\/v2\/users\/2"}],"replies":[{"embeddable":true,"href":"https:\/\/loriot.com.vn\/vi\/wp-json\/wp\/v2\/comments?post=1717"}],"version-history":[{"count":16,"href":"https:\/\/loriot.com.vn\/vi\/wp-json\/wp\/v2\/product\/1717\/revisions"}],"predecessor-version":[{"id":6591,"href":"https:\/\/loriot.com.vn\/vi\/wp-json\/wp\/v2\/product\/1717\/revisions\/6591"}],"wp:featuredmedia":[{"embeddable":true,"href":"https:\/\/loriot.com.vn\/vi\/wp-json\/wp\/v2\/media\/4523"}],"wp:attachment":[{"href":"https:\/\/loriot.com.vn\/vi\/wp-json\/wp\/v2\/media?parent=1717"}],"wp:term":[{"taxonomy":"service-category","embeddable":true,"href":"https:\/\/loriot.com.vn\/vi\/wp-json\/wp\/v2\/service-category?post=1717"},{"taxonomy":"service_tag","embeddable":true,"href":"https:\/\/loriot.com.vn\/vi\/wp-json\/wp\/v2\/service_tag?post=1717"}],"curies":[{"name":"wp","href":"https:\/\/api.w.org\/{rel}","templated":true}]}}