{"id":2794,"date":"2021-11-24T15:43:19","date_gmt":"2021-11-24T08:43:19","guid":{"rendered":"https:\/\/loriot.com.vn\/?post_type=product&#038;p=2794"},"modified":"2025-12-15T16:20:40","modified_gmt":"2025-12-15T09:20:40","slug":"momentum-ii-btb-may-in-kem-han","status":"publish","type":"product","link":"https:\/\/loriot.com.vn\/vi\/product\/momentum-ii-btb-may-in-kem-han\/","title":{"rendered":"MOMENTUM II BTB M\u00c1Y IN KEM H\u00c0N"},"content":{"rendered":"<h2 style=\"text-align: center;\" data-start=\"2395\" data-end=\"2492\"><span style=\"font-size: 12pt;\"><strong data-start=\"2403\" data-end=\"2492\">M\u00e1y In Stencil MPM\u00ae Momentum\u00ae II BTB\u2122 \u2013 Hi\u1ec7u Su\u1ea5t In Hai L\u00e0n Trong Kh\u00f4ng Gian M\u1ed9t M\u00e1y<\/strong><\/span><\/h2>\n<p data-start=\"2510\" data-end=\"2867\"><span style=\"font-size: 12pt;\"><strong data-start=\"2510\" data-end=\"2546\">Momentum\u00ae II BTB\u2122 (Back-to-Back)<\/strong> l\u00e0 d\u00f2ng m\u00e1y in stencil \u0111\u01b0\u1ee3c thi\u1ebft k\u1ebf chuy\u00ean bi\u1ec7t cho <strong data-start=\"2600\" data-end=\"2637\">quy tr\u00ecnh SMT hai l\u00e0n (dual-lane)<\/strong>, gi\u00fap t\u0103ng g\u1ea5p \u0111\u00f4i n\u0103ng su\u1ea5t m\u00e0 <strong data-start=\"2670\" data-end=\"2721\">kh\u00f4ng c\u1ea7n m\u1edf r\u1ed9ng m\u1eb7t b\u1eb1ng ho\u1eb7c \u0111\u1ea7u t\u01b0 th\u00eam m\u00e1y<\/strong>. V\u1edbi thi\u1ebft k\u1ebf ng\u1eafn h\u01a1n 200 mm so v\u1edbi m\u00e1y Momentum ti\u00eau chu\u1ea9n, \u0111\u00e2y l\u00e0 l\u1ef1a ch\u1ecdn l\u00fd t\u01b0\u1edfng cho nh\u00e0 m\u00e1y c\u1ea7n <strong data-start=\"2825\" data-end=\"2866\">hi\u1ec7u qu\u1ea3 cao trong kh\u00f4ng gian h\u1ea1n ch\u1ebf<\/strong>.<\/span><\/p>\n<h3 data-start=\"2874\" data-end=\"2902\"><span style=\"font-size: 12pt;\">\ud83d\ude80 <strong data-start=\"2881\" data-end=\"2902\">T\u00ednh N\u0103ng N\u1ed5i B\u1eadt<\/strong><\/span><\/h3>\n<h4 data-start=\"2904\" data-end=\"2959\"><span style=\"font-size: 12pt;\">\u2705 <strong data-start=\"2911\" data-end=\"2959\">T\u0103ng N\u0103ng Su\u1ea5t M\u00e0 Kh\u00f4ng Chi\u1ebfm Th\u00eam Di\u1ec7n T\u00edch<\/strong><\/span><\/h4>\n<ul data-start=\"2960\" data-end=\"3143\">\n<li data-start=\"2960\" data-end=\"3011\">\n<p data-start=\"2962\" data-end=\"3011\"><span style=\"font-size: 12pt;\">K\u00edch th\u01b0\u1edbc <strong data-start=\"2973\" data-end=\"2992\">ng\u1eafn h\u01a1n 200 mm<\/strong> so v\u1edbi m\u00e1y chu\u1ea9n<\/span><\/p>\n<\/li>\n<li data-start=\"3012\" data-end=\"3086\">\n<p data-start=\"3014\" data-end=\"3086\"><span style=\"font-size: 12pt;\">C\u00f3 th\u1ec3 l\u1eafp <strong data-start=\"3025\" data-end=\"3060\">hai m\u00e1y \u0111\u1ed1i l\u01b0ng (back-to-back)<\/strong> \u0111\u1ec3 in hai l\u00e0n song song<\/span><\/p>\n<\/li>\n<li data-start=\"3087\" data-end=\"3143\">\n<p data-start=\"3089\" data-end=\"3143\"><span style=\"font-size: 12pt;\">\u0110\u1ea1t <strong data-start=\"3093\" data-end=\"3143\">hi\u1ec7u su\u1ea5t c\u1ee7a 2 m\u00e1y ch\u1ec9 trong kh\u00f4ng gian c\u1ee7a 1<\/strong><\/span><\/p>\n<\/li>\n<\/ul>\n<h4 data-start=\"3145\" data-end=\"3189\"><span style=\"font-size: 12pt;\">\u2705 <strong data-start=\"3152\" data-end=\"3189\">Linh Ho\u1ea1t T\u1ed1i \u0110a Trong D\u00e2y Chuy\u1ec1n<\/strong><\/span><\/h4>\n<ul data-start=\"3190\" data-end=\"3405\">\n<li data-start=\"3190\" data-end=\"3282\">\n<p data-start=\"3192\" data-end=\"3282\"><span style=\"font-size: 12pt;\">Ho\u1ea1t \u0111\u1ed9ng \u0111\u1ed9c l\u1eadp ho\u1eb7c c\u1ea5u h\u00ecnh <strong data-start=\"3224\" data-end=\"3259\">in hai m\u1eb7t \/ nhi\u1ec1u lo\u1ea1i bo m\u1ea1ch<\/strong> tr\u00ean c\u00f9ng d\u00e2y chuy\u1ec1n<\/span><\/p>\n<\/li>\n<li data-start=\"3283\" data-end=\"3346\">\n<p data-start=\"3285\" data-end=\"3346\"><span style=\"font-size: 12pt;\">H\u1ed7 tr\u1ee3 <strong data-start=\"3292\" data-end=\"3344\">in m\u1eb7t tr\u00ean \u2013 d\u01b0\u1edbi, c\u00f9ng m\u1eb7t ho\u1eb7c bo m\u1ea1ch m\u1eb9\/con<\/strong><\/span><\/p>\n<\/li>\n<li data-start=\"3347\" data-end=\"3405\">\n<p data-start=\"3349\" data-end=\"3405\"><span style=\"font-size: 12pt;\">C\u00f3 <strong data-start=\"3352\" data-end=\"3377\">2 c\u1ea5u h\u00ecnh throughput<\/strong> ph\u00f9 h\u1ee3p c\u00e2n b\u1eb1ng d\u00e2y chuy\u1ec1n<\/span><\/p>\n<\/li>\n<\/ul>\n<h4 data-start=\"3407\" data-end=\"3442\"><span style=\"font-size: 12pt;\">\u2705 <strong data-start=\"3414\" data-end=\"3442\">T\u1ed1i \u01afu B\u1ed1 Tr\u00ed Kh\u00f4ng Gian<\/strong><\/span><\/h4>\n<ul data-start=\"3443\" data-end=\"3640\">\n<li data-start=\"3443\" data-end=\"3527\">\n<p data-start=\"3445\" data-end=\"3527\"><span style=\"font-size: 12pt;\"><strong data-start=\"3445\" data-end=\"3487\">To\u00e0n b\u1ed9 b\u1ea3o tr\u00ec v\u00e0 thao t\u00e1c ph\u00eda tr\u01b0\u1edbc<\/strong>, kh\u00f4ng c\u1ea7n ch\u1eeba kho\u1ea3ng tr\u1ed1ng ph\u00eda sau<\/span><\/p>\n<\/li>\n<li data-start=\"3528\" data-end=\"3599\">\n<p data-start=\"3530\" data-end=\"3599\"><span style=\"font-size: 12pt;\"><strong data-start=\"3530\" data-end=\"3563\">Kh\u00f4ng c\u1ea7n buffer gi\u1eefa hai m\u00e1y<\/strong>, d\u1ec5 d\u00e0ng s\u1eafp x\u1ebfp tr\u00ean s\u00e0n nh\u00e0 m\u00e1y<\/span><\/p>\n<\/li>\n<li data-start=\"3600\" data-end=\"3640\">\n<p data-start=\"3602\" data-end=\"3640\"><span style=\"font-size: 12pt;\"><strong data-start=\"3602\" data-end=\"3640\">T\u1eadn d\u1ee5ng t\u1ed1i \u0111a di\u1ec7n t\u00edch s\u1ea3n xu\u1ea5t<\/strong><\/span><\/p>\n<\/li>\n<\/ul>\n<h4 data-start=\"3642\" data-end=\"3700\"><span style=\"font-size: 12pt;\">\u2705 <strong data-start=\"3649\" data-end=\"3700\">Hi\u1ec7u Su\u1ea5t &amp; \u0110\u1ed9 Ch\u00ednh X\u00e1c Cao \u0110\u00e3 \u0110\u01b0\u1ee3c Ki\u1ec3m Ch\u1ee9ng<\/strong><\/span><\/h4>\n<ul data-start=\"3701\" data-end=\"3855\">\n<li data-start=\"3701\" data-end=\"3747\">\n<p data-start=\"3703\" data-end=\"3747\"><span style=\"font-size: 12pt;\"><strong data-start=\"3703\" data-end=\"3726\">\u0110\u1ed9 ch\u00ednh x\u00e1c in \u01b0\u1edbt<\/strong>: 20\u03bcm @6\u03c3, Cpk \u2265 2<\/span><\/p>\n<\/li>\n<li data-start=\"3748\" data-end=\"3774\">\n<p data-start=\"3750\" data-end=\"3774\"><span style=\"font-size: 12pt;\">\u0110\u01b0\u1ee3c ki\u1ec3m \u0111\u1ecbnh \u0111\u1ed9c l\u1eadp<\/span><\/p>\n<\/li>\n<li data-start=\"3775\" data-end=\"3855\">\n<p data-start=\"3777\" data-end=\"3855\"><span style=\"font-size: 12pt;\">Hi\u1ec7u n\u0103ng v\u01b0\u1ee3t tr\u1ed9i trong ph\u00e2n kh\u00fac v\u1ec1 <strong data-start=\"3816\" data-end=\"3855\">t\u1ed1c \u0111\u1ed9, \u0111\u1ed9 tin c\u1eady v\u00e0 ch\u1ea5t l\u01b0\u1ee3ng in<\/strong><\/span><\/p>\n<\/li>\n<\/ul>\n<h4 data-start=\"3857\" data-end=\"3895\"><span style=\"font-size: 12pt;\">\u2705 <strong data-start=\"3864\" data-end=\"3895\">Ph\u1ea7n M\u1ec1m Benchmark\u2122 D\u1ec5 D\u00f9ng<\/strong><\/span><\/h4>\n<ul data-start=\"3896\" data-end=\"4077\">\n<li data-start=\"3896\" data-end=\"3953\">\n<p data-start=\"3898\" data-end=\"3953\"><span style=\"font-size: 12pt;\">Giao di\u1ec7n tr\u1ef1c quan, n\u00e2ng c\u1ea5p tr\u00ean n\u1ec1n <strong data-start=\"3937\" data-end=\"3951\">Windows 10<\/strong><\/span><\/p>\n<\/li>\n<li data-start=\"3954\" data-end=\"4018\">\n<p data-start=\"3956\" data-end=\"4018\"><span style=\"font-size: 12pt;\">H\u1ed7 tr\u1ee3 <strong data-start=\"3963\" data-end=\"3993\">l\u1eadp tr\u00ecnh nhanh Quickstart<\/strong>, thay \u0111\u1ed5i nhanh m\u1eabu in<\/span><\/p>\n<\/li>\n<li data-start=\"4019\" data-end=\"4077\">\n<p data-start=\"4021\" data-end=\"4077\"><span style=\"font-size: 12pt;\">Ph\u00f9 h\u1ee3p c\u1ea3 <strong data-start=\"4032\" data-end=\"4077\">ng\u01b0\u1eddi m\u1edbi l\u1eabn k\u1ef9 thu\u1eadt vi\u00ean chuy\u00ean nghi\u1ec7p<\/strong><\/span><\/p>\n<\/li>\n<\/ul>\n<h3 data-start=\"4084\" data-end=\"4117\"><span style=\"font-size: 12pt;\">\ud83c\udfaf <strong data-start=\"4091\" data-end=\"4117\">\u1ee8ng D\u1ee5ng L\u00fd T\u01b0\u1edfng Cho:<\/strong><\/span><\/h3>\n<ul data-start=\"4119\" data-end=\"4294\">\n<li data-start=\"4119\" data-end=\"4151\">\n<p data-start=\"4121\" data-end=\"4151\"><span style=\"font-size: 12pt;\">D\u00e2y chuy\u1ec1n SMT s\u1ea3n l\u01b0\u1ee3ng cao<\/span><\/p>\n<\/li>\n<li data-start=\"4152\" data-end=\"4203\">\n<p data-start=\"4154\" data-end=\"4203\"><span style=\"font-size: 12pt;\">In hai m\u1eb7t bo m\u1ea1ch ho\u1eb7c nhi\u1ec1u s\u1ea3n ph\u1ea9m c\u00f9ng l\u00fac<\/span><\/p>\n<\/li>\n<li data-start=\"4204\" data-end=\"4234\">\n<p data-start=\"4206\" data-end=\"4234\"><span style=\"font-size: 12pt;\">Nh\u00e0 m\u00e1y h\u1ea1n ch\u1ebf kh\u00f4ng gian<\/span><\/p>\n<\/li>\n<li data-start=\"4235\" data-end=\"4294\">\n<p data-start=\"4237\" data-end=\"4294\"><span style=\"font-size: 12pt;\">Doanh nghi\u1ec7p c\u1ea7n <strong data-start=\"4254\" data-end=\"4294\">hi\u1ec7u su\u1ea5t cao, sai s\u1ed1 th\u1ea5p (Cpk \u2265 2)<\/strong><\/span><\/p>\n<\/li>\n<\/ul>\n<blockquote data-start=\"4301\" data-end=\"4545\">\n<p data-start=\"4303\" data-end=\"4545\"><span style=\"font-size: 12pt;\"><strong data-start=\"4303\" data-end=\"4327\">MPM Momentum II BTB\u2122<\/strong> \u2013 l\u1ef1a ch\u1ecdn t\u1ed1i \u01b0u cho <strong data-start=\"4350\" data-end=\"4435\">nh\u00e0 m\u00e1y hi\u1ec7n \u0111\u1ea1i c\u1ea7n t\u0103ng g\u1ea5p \u0111\u00f4i s\u1ea3n l\u01b0\u1ee3ng m\u00e0 kh\u00f4ng t\u0103ng chi ph\u00ed ho\u1eb7c kh\u00f4ng gian<\/strong>. Gi\u1ea3i ph\u00e1p k\u1ebft h\u1ee3p ho\u00e0n h\u1ea3o gi\u1eefa <strong data-start=\"4469\" data-end=\"4544\">thi\u1ebft k\u1ebf th\u00f4ng minh, hi\u1ec7u su\u1ea5t v\u01b0\u1ee3t tr\u1ed9i v\u00e0 kh\u1ea3 n\u0103ng t\u00edch h\u1ee3p linh ho\u1ea1t<\/strong>.<\/span><\/p>\n<\/blockquote>\n","protected":false},"excerpt":{"rendered":"<p>M\u00e1y in Momentum II BTB Stencil Printer l\u00e0 m\u1ed9t trong nh\u1eefng thi\u1ebft b\u1ecb in&#8230;<\/p>\n","protected":false},"author":2,"featured_media":4380,"parent":0,"menu_order":1,"comment_status":"open","ping_status":"closed","template":"","meta":{"inline_featured_image":false,"footnotes":""},"service-category":[105,104],"service_tag":[],"class_list":["post-2794","product","type-product","status-publish","has-post-thumbnail","hentry","service-category-may-in-kem-han-momentum-btb","service-category-may-in-phet-kem-han"],"yoast_head":"<!-- This site is optimized with the Yoast SEO plugin v27.4 - https:\/\/yoast.com\/product\/yoast-seo-wordpress\/ -->\n<title>MOMENTUM II BTB M\u00c1Y IN KEM H\u00c0N - LORIOT INDUSTRIAL<\/title>\n<meta name=\"description\" content=\"Momentum II BTB m\u00e1y in kem h\u00e0n c\u00f3 th\u1ec3 c\u1ea5u h\u00ecnh MPM\u00ae Momentum\u00ae II BTB\u2122 (Back to Back) cho ph\u00e9p x\u1eed l\u00fd l\u00e0n \u0111\u01b0\u1eddng k\u00e9p cho th\u00f4ng l\u01b0\u1ee3ng cao h\u01a1n.\" \/>\n<meta name=\"robots\" content=\"index, follow, max-snippet:-1, max-image-preview:large, max-video-preview:-1\" \/>\n<link rel=\"canonical\" href=\"https:\/\/loriot.com.vn\/vi\/product\/momentum-ii-btb-may-in-kem-han\/\" \/>\n<meta property=\"og:locale\" content=\"vi_VN\" \/>\n<meta property=\"og:type\" content=\"article\" \/>\n<meta property=\"og:title\" content=\"MOMENTUM II BTB M\u00c1Y IN KEM H\u00c0N - LORIOT INDUSTRIAL\" \/>\n<meta property=\"og:description\" content=\"Momentum II BTB m\u00e1y in kem h\u00e0n c\u00f3 th\u1ec3 c\u1ea5u h\u00ecnh MPM\u00ae Momentum\u00ae II BTB\u2122 (Back to Back) cho ph\u00e9p x\u1eed l\u00fd l\u00e0n \u0111\u01b0\u1eddng k\u00e9p cho th\u00f4ng l\u01b0\u1ee3ng cao h\u01a1n.\" \/>\n<meta property=\"og:url\" content=\"https:\/\/loriot.com.vn\/vi\/product\/momentum-ii-btb-may-in-kem-han\/\" \/>\n<meta property=\"og:site_name\" content=\"LORIOT INDUSTRIAL\" \/>\n<meta property=\"article:publisher\" content=\"https:\/\/www.facebook.com\/Loriot-Industrial-COLTD-103044855046633\" \/>\n<meta property=\"article:modified_time\" content=\"2025-12-15T09:20:40+00:00\" \/>\n<meta property=\"og:image\" content=\"https:\/\/loriot.com.vn\/wp-content\/uploads\/2021\/11\/MOMENTUM-II-BTB-STENCIL-PRINTER-2.jpg\" \/>\n\t<meta property=\"og:image:width\" content=\"770\" \/>\n\t<meta property=\"og:image:height\" content=\"513\" \/>\n\t<meta property=\"og:image:type\" content=\"image\/jpeg\" \/>\n<meta name=\"twitter:card\" content=\"summary_large_image\" \/>\n<meta name=\"twitter:label1\" content=\"\u01af\u1edbc t\u00ednh th\u1eddi gian \u0111\u1ecdc\" \/>\n\t<meta name=\"twitter:data1\" content=\"2 ph\u00fat\" \/>\n<script type=\"application\/ld+json\" class=\"yoast-schema-graph\">{\"@context\":\"https:\\\/\\\/schema.org\",\"@graph\":[{\"@type\":\"WebPage\",\"@id\":\"https:\\\/\\\/loriot.com.vn\\\/vi\\\/product\\\/momentum-ii-btb-may-in-kem-han\\\/\",\"url\":\"https:\\\/\\\/loriot.com.vn\\\/vi\\\/product\\\/momentum-ii-btb-may-in-kem-han\\\/\",\"name\":\"MOMENTUM II BTB M\u00c1Y IN KEM H\u00c0N - LORIOT INDUSTRIAL\",\"isPartOf\":{\"@id\":\"https:\\\/\\\/loriot.com.vn\\\/#website\"},\"primaryImageOfPage\":{\"@id\":\"https:\\\/\\\/loriot.com.vn\\\/vi\\\/product\\\/momentum-ii-btb-may-in-kem-han\\\/#primaryimage\"},\"image\":{\"@id\":\"https:\\\/\\\/loriot.com.vn\\\/vi\\\/product\\\/momentum-ii-btb-may-in-kem-han\\\/#primaryimage\"},\"thumbnailUrl\":\"https:\\\/\\\/loriot.com.vn\\\/wp-content\\\/uploads\\\/2021\\\/11\\\/MOMENTUM-II-BTB-STENCIL-PRINTER-2.jpg\",\"datePublished\":\"2021-11-24T08:43:19+00:00\",\"dateModified\":\"2025-12-15T09:20:40+00:00\",\"description\":\"Momentum II BTB m\u00e1y in kem h\u00e0n c\u00f3 th\u1ec3 c\u1ea5u h\u00ecnh MPM\u00ae Momentum\u00ae II BTB\u2122 (Back to Back) cho ph\u00e9p x\u1eed l\u00fd l\u00e0n \u0111\u01b0\u1eddng k\u00e9p cho th\u00f4ng l\u01b0\u1ee3ng cao h\u01a1n.\",\"breadcrumb\":{\"@id\":\"https:\\\/\\\/loriot.com.vn\\\/vi\\\/product\\\/momentum-ii-btb-may-in-kem-han\\\/#breadcrumb\"},\"inLanguage\":\"vi\",\"potentialAction\":[{\"@type\":\"ReadAction\",\"target\":[\"https:\\\/\\\/loriot.com.vn\\\/vi\\\/product\\\/momentum-ii-btb-may-in-kem-han\\\/\"]}]},{\"@type\":\"ImageObject\",\"inLanguage\":\"vi\",\"@id\":\"https:\\\/\\\/loriot.com.vn\\\/vi\\\/product\\\/momentum-ii-btb-may-in-kem-han\\\/#primaryimage\",\"url\":\"https:\\\/\\\/loriot.com.vn\\\/wp-content\\\/uploads\\\/2021\\\/11\\\/MOMENTUM-II-BTB-STENCIL-PRINTER-2.jpg\",\"contentUrl\":\"https:\\\/\\\/loriot.com.vn\\\/wp-content\\\/uploads\\\/2021\\\/11\\\/MOMENTUM-II-BTB-STENCIL-PRINTER-2.jpg\",\"width\":770,\"height\":513,\"caption\":\"MOMENTUM II BTB M\u00c1Y IN KEM H\u00c0N\"},{\"@type\":\"BreadcrumbList\",\"@id\":\"https:\\\/\\\/loriot.com.vn\\\/vi\\\/product\\\/momentum-ii-btb-may-in-kem-han\\\/#breadcrumb\",\"itemListElement\":[{\"@type\":\"ListItem\",\"position\":1,\"name\":\"Home\",\"item\":\"https:\\\/\\\/loriot.com.vn\\\/vi\\\/\"},{\"@type\":\"ListItem\",\"position\":2,\"name\":\"Products\",\"item\":\"https:\\\/\\\/loriot.com.vn\\\/vi\\\/product\\\/\"},{\"@type\":\"ListItem\",\"position\":3,\"name\":\"MOMENTUM II BTB M\u00c1Y IN KEM H\u00c0N\"}]},{\"@type\":\"WebSite\",\"@id\":\"https:\\\/\\\/loriot.com.vn\\\/#website\",\"url\":\"https:\\\/\\\/loriot.com.vn\\\/\",\"name\":\"LORIOT INDUSTRIAL CO.,LTD\",\"description\":\"\",\"publisher\":{\"@id\":\"https:\\\/\\\/loriot.com.vn\\\/#organization\"},\"potentialAction\":[{\"@type\":\"SearchAction\",\"target\":{\"@type\":\"EntryPoint\",\"urlTemplate\":\"https:\\\/\\\/loriot.com.vn\\\/?s={search_term_string}\"},\"query-input\":{\"@type\":\"PropertyValueSpecification\",\"valueRequired\":true,\"valueName\":\"search_term_string\"}}],\"inLanguage\":\"vi\"},{\"@type\":\"Organization\",\"@id\":\"https:\\\/\\\/loriot.com.vn\\\/#organization\",\"name\":\"Loriot Industrial Co.,Ltd\",\"url\":\"https:\\\/\\\/loriot.com.vn\\\/\",\"logo\":{\"@type\":\"ImageObject\",\"inLanguage\":\"vi\",\"@id\":\"https:\\\/\\\/loriot.com.vn\\\/#\\\/schema\\\/logo\\\/image\\\/\",\"url\":\"https:\\\/\\\/loriot.com.vn\\\/wp-content\\\/uploads\\\/2021\\\/08\\\/logo-ft.png\",\"contentUrl\":\"https:\\\/\\\/loriot.com.vn\\\/wp-content\\\/uploads\\\/2021\\\/08\\\/logo-ft.png\",\"width\":333,\"height\":101,\"caption\":\"Loriot Industrial Co.,Ltd\"},\"image\":{\"@id\":\"https:\\\/\\\/loriot.com.vn\\\/#\\\/schema\\\/logo\\\/image\\\/\"},\"sameAs\":[\"https:\\\/\\\/www.facebook.com\\\/Loriot-Industrial-COLTD-103044855046633\"]}]}<\/script>\n<!-- \/ Yoast SEO plugin. -->","yoast_head_json":{"title":"MOMENTUM II BTB M\u00c1Y IN KEM H\u00c0N - LORIOT INDUSTRIAL","description":"Momentum II BTB m\u00e1y in kem h\u00e0n c\u00f3 th\u1ec3 c\u1ea5u h\u00ecnh MPM\u00ae Momentum\u00ae II BTB\u2122 (Back to Back) cho ph\u00e9p x\u1eed l\u00fd l\u00e0n \u0111\u01b0\u1eddng k\u00e9p cho th\u00f4ng l\u01b0\u1ee3ng cao h\u01a1n.","robots":{"index":"index","follow":"follow","max-snippet":"max-snippet:-1","max-image-preview":"max-image-preview:large","max-video-preview":"max-video-preview:-1"},"canonical":"https:\/\/loriot.com.vn\/vi\/product\/momentum-ii-btb-may-in-kem-han\/","og_locale":"vi_VN","og_type":"article","og_title":"MOMENTUM II BTB M\u00c1Y IN KEM H\u00c0N - LORIOT INDUSTRIAL","og_description":"Momentum II BTB m\u00e1y in kem h\u00e0n c\u00f3 th\u1ec3 c\u1ea5u h\u00ecnh MPM\u00ae Momentum\u00ae II BTB\u2122 (Back to Back) cho ph\u00e9p x\u1eed l\u00fd l\u00e0n \u0111\u01b0\u1eddng k\u00e9p cho th\u00f4ng l\u01b0\u1ee3ng cao h\u01a1n.","og_url":"https:\/\/loriot.com.vn\/vi\/product\/momentum-ii-btb-may-in-kem-han\/","og_site_name":"LORIOT INDUSTRIAL","article_publisher":"https:\/\/www.facebook.com\/Loriot-Industrial-COLTD-103044855046633","article_modified_time":"2025-12-15T09:20:40+00:00","og_image":[{"width":770,"height":513,"url":"https:\/\/loriot.com.vn\/wp-content\/uploads\/2021\/11\/MOMENTUM-II-BTB-STENCIL-PRINTER-2.jpg","type":"image\/jpeg"}],"twitter_card":"summary_large_image","twitter_misc":{"\u01af\u1edbc t\u00ednh th\u1eddi gian \u0111\u1ecdc":"2 ph\u00fat"},"schema":{"@context":"https:\/\/schema.org","@graph":[{"@type":"WebPage","@id":"https:\/\/loriot.com.vn\/vi\/product\/momentum-ii-btb-may-in-kem-han\/","url":"https:\/\/loriot.com.vn\/vi\/product\/momentum-ii-btb-may-in-kem-han\/","name":"MOMENTUM II BTB M\u00c1Y IN KEM H\u00c0N - LORIOT INDUSTRIAL","isPartOf":{"@id":"https:\/\/loriot.com.vn\/#website"},"primaryImageOfPage":{"@id":"https:\/\/loriot.com.vn\/vi\/product\/momentum-ii-btb-may-in-kem-han\/#primaryimage"},"image":{"@id":"https:\/\/loriot.com.vn\/vi\/product\/momentum-ii-btb-may-in-kem-han\/#primaryimage"},"thumbnailUrl":"https:\/\/loriot.com.vn\/wp-content\/uploads\/2021\/11\/MOMENTUM-II-BTB-STENCIL-PRINTER-2.jpg","datePublished":"2021-11-24T08:43:19+00:00","dateModified":"2025-12-15T09:20:40+00:00","description":"Momentum II BTB m\u00e1y in kem h\u00e0n c\u00f3 th\u1ec3 c\u1ea5u h\u00ecnh MPM\u00ae Momentum\u00ae II BTB\u2122 (Back to Back) cho ph\u00e9p x\u1eed l\u00fd l\u00e0n \u0111\u01b0\u1eddng k\u00e9p cho th\u00f4ng l\u01b0\u1ee3ng cao h\u01a1n.","breadcrumb":{"@id":"https:\/\/loriot.com.vn\/vi\/product\/momentum-ii-btb-may-in-kem-han\/#breadcrumb"},"inLanguage":"vi","potentialAction":[{"@type":"ReadAction","target":["https:\/\/loriot.com.vn\/vi\/product\/momentum-ii-btb-may-in-kem-han\/"]}]},{"@type":"ImageObject","inLanguage":"vi","@id":"https:\/\/loriot.com.vn\/vi\/product\/momentum-ii-btb-may-in-kem-han\/#primaryimage","url":"https:\/\/loriot.com.vn\/wp-content\/uploads\/2021\/11\/MOMENTUM-II-BTB-STENCIL-PRINTER-2.jpg","contentUrl":"https:\/\/loriot.com.vn\/wp-content\/uploads\/2021\/11\/MOMENTUM-II-BTB-STENCIL-PRINTER-2.jpg","width":770,"height":513,"caption":"MOMENTUM II BTB M\u00c1Y IN KEM H\u00c0N"},{"@type":"BreadcrumbList","@id":"https:\/\/loriot.com.vn\/vi\/product\/momentum-ii-btb-may-in-kem-han\/#breadcrumb","itemListElement":[{"@type":"ListItem","position":1,"name":"Home","item":"https:\/\/loriot.com.vn\/vi\/"},{"@type":"ListItem","position":2,"name":"Products","item":"https:\/\/loriot.com.vn\/vi\/product\/"},{"@type":"ListItem","position":3,"name":"MOMENTUM II BTB M\u00c1Y IN KEM H\u00c0N"}]},{"@type":"WebSite","@id":"https:\/\/loriot.com.vn\/#website","url":"https:\/\/loriot.com.vn\/","name":"LORIOT INDUSTRIAL CO.,LTD","description":"","publisher":{"@id":"https:\/\/loriot.com.vn\/#organization"},"potentialAction":[{"@type":"SearchAction","target":{"@type":"EntryPoint","urlTemplate":"https:\/\/loriot.com.vn\/?s={search_term_string}"},"query-input":{"@type":"PropertyValueSpecification","valueRequired":true,"valueName":"search_term_string"}}],"inLanguage":"vi"},{"@type":"Organization","@id":"https:\/\/loriot.com.vn\/#organization","name":"Loriot Industrial Co.,Ltd","url":"https:\/\/loriot.com.vn\/","logo":{"@type":"ImageObject","inLanguage":"vi","@id":"https:\/\/loriot.com.vn\/#\/schema\/logo\/image\/","url":"https:\/\/loriot.com.vn\/wp-content\/uploads\/2021\/08\/logo-ft.png","contentUrl":"https:\/\/loriot.com.vn\/wp-content\/uploads\/2021\/08\/logo-ft.png","width":333,"height":101,"caption":"Loriot Industrial Co.,Ltd"},"image":{"@id":"https:\/\/loriot.com.vn\/#\/schema\/logo\/image\/"},"sameAs":["https:\/\/www.facebook.com\/Loriot-Industrial-COLTD-103044855046633"]}]}},"_links":{"self":[{"href":"https:\/\/loriot.com.vn\/vi\/wp-json\/wp\/v2\/product\/2794","targetHints":{"allow":["GET"]}}],"collection":[{"href":"https:\/\/loriot.com.vn\/vi\/wp-json\/wp\/v2\/product"}],"about":[{"href":"https:\/\/loriot.com.vn\/vi\/wp-json\/wp\/v2\/types\/product"}],"author":[{"embeddable":true,"href":"https:\/\/loriot.com.vn\/vi\/wp-json\/wp\/v2\/users\/2"}],"replies":[{"embeddable":true,"href":"https:\/\/loriot.com.vn\/vi\/wp-json\/wp\/v2\/comments?post=2794"}],"version-history":[{"count":29,"href":"https:\/\/loriot.com.vn\/vi\/wp-json\/wp\/v2\/product\/2794\/revisions"}],"predecessor-version":[{"id":6332,"href":"https:\/\/loriot.com.vn\/vi\/wp-json\/wp\/v2\/product\/2794\/revisions\/6332"}],"wp:featuredmedia":[{"embeddable":true,"href":"https:\/\/loriot.com.vn\/vi\/wp-json\/wp\/v2\/media\/4380"}],"wp:attachment":[{"href":"https:\/\/loriot.com.vn\/vi\/wp-json\/wp\/v2\/media?parent=2794"}],"wp:term":[{"taxonomy":"service-category","embeddable":true,"href":"https:\/\/loriot.com.vn\/vi\/wp-json\/wp\/v2\/service-category?post=2794"},{"taxonomy":"service_tag","embeddable":true,"href":"https:\/\/loriot.com.vn\/vi\/wp-json\/wp\/v2\/service_tag?post=2794"}],"curies":[{"name":"wp","href":"https:\/\/api.w.org\/{rel}","templated":true}]}}