{"id":4009,"date":"2022-05-18T10:11:49","date_gmt":"2022-05-18T03:11:49","guid":{"rendered":"https:\/\/loriot.com.vn\/?post_type=product&#038;p=4009"},"modified":"2025-07-09T15:24:19","modified_gmt":"2025-07-09T08:24:19","slug":"kinh-hien-vi-ve-cam","status":"publish","type":"product","link":"https:\/\/loriot.com.vn\/vi\/product\/kinh-hien-vi-ve-cam\/","title":{"rendered":"K\u00cdNH HI\u1ec2N VI VE CAM"},"content":{"rendered":"<h2 style=\"text-align: center;\" data-start=\"2333\" data-end=\"2424\"><span style=\"font-size: 12pt;\"><strong data-start=\"2341\" data-end=\"2424\">VE Cam \u2013 K\u00ednh Hi\u1ec3n Vi K\u1ef9 Thu\u1eadt S\u1ed1 Full HD Nh\u1ecf G\u1ecdn, D\u1ec5 D\u00f9ng Cho Ki\u1ec3m Tra T\u1ea1i Ch\u1ed7<\/strong><\/span><\/h2>\n<h3 data-start=\"2426\" data-end=\"2460\"><span style=\"font-size: 12pt;\">Nhanh ch\u00f3ng. D\u1ec5 d\u00e0ng. G\u1ecdn nh\u1eb9.<\/span><\/h3>\n<p data-start=\"2462\" data-end=\"2755\"><span style=\"font-size: 12pt;\"><strong data-start=\"2462\" data-end=\"2472\">VE Cam<\/strong> l\u00e0 k\u00ednh hi\u1ec3n vi k\u1ef9 thu\u1eadt s\u1ed1 Full HD <strong data-start=\"2509\" data-end=\"2534\">thi\u1ebft k\u1ebf si\u00eau nh\u1ecf g\u1ecdn<\/strong>, gi\u00fap ki\u1ec3m tra tr\u1ef1c quan nhanh ch\u00f3ng, ch\u00ednh x\u00e1c <strong data-start=\"2583\" data-end=\"2611\">ngay t\u1ea1i v\u1ecb tr\u00ed s\u1ea3n xu\u1ea5t<\/strong>. V\u1edbi <strong data-start=\"2617\" data-end=\"2654\">\u1ed1ng k\u00ednh t\u00f9y ch\u1ec9nh ch\u1ea5t l\u01b0\u1ee3ng cao<\/strong> v\u00e0 <strong data-start=\"2658\" data-end=\"2694\">t\u00ednh n\u0103ng k\u1ef9 thu\u1eadt s\u1ed1 th\u00f4ng minh<\/strong>, VE Cam mang l\u1ea1i h\u00ecnh \u1ea3nh s\u1eafc n\u00e9t m\u00e0 kh\u00f4ng c\u1ea7n \u0111\u1ebfn m\u00e1y t\u00ednh.<\/span><\/p>\n<h3 data-start=\"2762\" data-end=\"2790\"><span style=\"font-size: 12pt;\">\ud83d\udd0d <strong data-start=\"2769\" data-end=\"2790\">T\u00ednh N\u0103ng N\u1ed5i B\u1eadt<\/strong><\/span><\/h3>\n<h4 data-start=\"2792\" data-end=\"2832\"><span style=\"font-size: 12pt;\">\u2705 <strong data-start=\"2799\" data-end=\"2832\">V\u1eadn H\u00e0nh Nhanh Trong V\u00e0i Ph\u00fat<\/strong><\/span><\/h4>\n<p data-start=\"2833\" data-end=\"2970\"><span style=\"font-size: 12pt;\">Kh\u00f4ng c\u1ea7n c\u00e0i \u0111\u1eb7t ph\u1ee9c t\u1ea1p, kh\u00f4ng c\u1ea7n \u0111\u00e0o t\u1ea1o l\u00e2u. <strong data-start=\"2884\" data-end=\"2926\">Nh\u00e2n vi\u00ean c\u00f3 th\u1ec3 b\u1eaft \u0111\u1ea7u ki\u1ec3m tra ngay<\/strong>, ti\u1ebft ki\u1ec7m th\u1eddi gian v\u00e0 n\u00e2ng cao hi\u1ec7u su\u1ea5t.<\/span><\/p>\n<h4 data-start=\"2972\" data-end=\"3008\"><span style=\"font-size: 12pt;\">\u2705 <strong data-start=\"2979\" data-end=\"3008\">K\u00edch Th\u01b0\u1edbc C\u1ef1c K\u1ef3 G\u1ecdn Nh\u1eb9<\/strong><\/span><\/h4>\n<ul data-start=\"3009\" data-end=\"3170\">\n<li data-start=\"3009\" data-end=\"3055\">\n<p data-start=\"3011\" data-end=\"3055\"><span style=\"font-size: 12pt;\"><strong data-start=\"3011\" data-end=\"3053\">Kh\u00f4ng c\u1ea7n m\u00e1y t\u00ednh, b\u00e0n ph\u00edm hay chu\u1ed9t<\/strong><\/span><\/p>\n<\/li>\n<li data-start=\"3056\" data-end=\"3107\">\n<p data-start=\"3058\" data-end=\"3107\"><span style=\"font-size: 12pt;\">C\u00f3 th\u1ec3 <strong data-start=\"3065\" data-end=\"3105\">g\u1eafn m\u00e0n h\u00ecnh tr\u1ef1c ti\u1ebfp tr\u00ean thi\u1ebft b\u1ecb<\/strong><\/span><\/p>\n<\/li>\n<li data-start=\"3108\" data-end=\"3170\">\n<p data-start=\"3110\" data-end=\"3170\"><span style=\"font-size: 12pt;\"><strong data-start=\"3110\" data-end=\"3142\">K\u00edch th\u01b0\u1edbc ch\u1ec9 25 cm x 34 cm<\/strong> khi d\u00f9ng v\u1edbi mini monitor<\/span><\/p>\n<\/li>\n<\/ul>\n<h4 data-start=\"3172\" data-end=\"3204\"><span style=\"font-size: 12pt;\">\u2705 <strong data-start=\"3179\" data-end=\"3204\">Ph\u00e1t Hi\u1ec7n L\u1ed7i D\u1ec5 D\u00e0ng<\/strong><\/span><\/h4>\n<p data-start=\"3205\" data-end=\"3347\"><span style=\"font-size: 12pt;\"><strong data-start=\"3205\" data-end=\"3257\">\u1ed0ng k\u00ednh chuy\u00ean d\u1ee5ng v\u00e0 camera HD ch\u1ea5t l\u01b0\u1ee3ng cao<\/strong> gi\u00fap nh\u1eadn bi\u1ebft l\u1ed7i, v\u1ebft n\u1ee9t nh\u1ecf ho\u1eb7c c\u00e1c v\u1ea5n \u0111\u1ec1 b\u1ec1 m\u1eb7t m\u1ed9t c\u00e1ch nhanh ch\u00f3ng v\u00e0 ch\u00ednh x\u00e1c.<\/span><\/p>\n<h4 data-start=\"3349\" data-end=\"3383\"><span style=\"font-size: 12pt;\">\u2705 <strong data-start=\"3356\" data-end=\"3383\">T\u0103ng Hi\u1ec7u Su\u1ea5t L\u00e0m Vi\u1ec7c<\/strong><\/span><\/h4>\n<ul data-start=\"3384\" data-end=\"3548\">\n<li data-start=\"3384\" data-end=\"3476\">\n<p data-start=\"3386\" data-end=\"3476\"><span style=\"font-size: 12pt;\"><strong data-start=\"3386\" data-end=\"3420\">10 ch\u1ebf \u0111\u1ed9 ng\u01b0\u1eddi d\u00f9ng t\u00f9y ch\u1ec9nh<\/strong> gi\u00fap d\u1ec5 d\u00e0ng chuy\u1ec3n \u0111\u1ed5i gi\u1eefa c\u00e1c lo\u1ea1i m\u1eabu v\u00e0 s\u1ea3n ph\u1ea9m<\/span><\/p>\n<\/li>\n<li data-start=\"3477\" data-end=\"3548\">\n<p data-start=\"3479\" data-end=\"3548\"><span style=\"font-size: 12pt;\"><strong data-start=\"3479\" data-end=\"3494\">6 ph\u00edm n\u00f3ng<\/strong> cho ph\u00e9p truy c\u1eadp nhanh \u0111\u1ebfn c\u00e1c c\u00e0i \u0111\u1eb7t th\u01b0\u1eddng d\u00f9ng<\/span><\/p>\n<\/li>\n<\/ul>\n<h4 data-start=\"3550\" data-end=\"3588\"><span style=\"font-size: 12pt;\">\u2705 <strong data-start=\"3557\" data-end=\"3588\">T\u00edch H\u1ee3p Quy Tr\u00ecnh L\u00e0m Vi\u1ec7c<\/strong><\/span><\/h4>\n<p data-start=\"3589\" data-end=\"3723\"><span style=\"font-size: 12pt;\">C\u00f3 th\u1ec3 \u0111\u1eb7t <strong data-start=\"3600\" data-end=\"3630\">ngay b\u00ean c\u1ea1nh m\u00e1y s\u1ea3n xu\u1ea5t<\/strong> ho\u1eb7c t\u00edch h\u1ee3p v\u00e0o <strong data-start=\"3649\" data-end=\"3676\">tr\u1ea1m ki\u1ec3m tra n\u1ed9i tuy\u1ebfn<\/strong>, gi\u1ea3m th\u1eddi gian v\u00e0 c\u00f4ng s\u1ee9c di chuy\u1ec3n m\u1eabu v\u1eadt.<\/span><\/p>\n<h4 data-start=\"3725\" data-end=\"3762\"><span style=\"font-size: 12pt;\">\u2705 <strong data-start=\"3732\" data-end=\"3762\">Chia S\u1ebb M\u00e0n H\u00ecnh Kh\u00f4ng D\u00e2y<\/strong><\/span><\/h4>\n<p data-start=\"3763\" data-end=\"3919\"><span style=\"font-size: 12pt;\">S\u1eed d\u1ee5ng t\u00ednh n\u0103ng <strong data-start=\"3781\" data-end=\"3811\">screen mirroring qua Wi-Fi<\/strong> \u0111\u1ec3 hi\u1ec3n th\u1ecb k\u1ebft qu\u1ea3 tr\u00ean thi\u1ebft b\u1ecb th\u00f4ng minh ho\u1eb7c m\u00e0n h\u00ecnh ngo\u00e0i m\u00e0 kh\u00f4ng l\u00e0m gi\u00e1n \u0111o\u1ea1n quy tr\u00ecnh s\u1ea3n xu\u1ea5t.<\/span><\/p>\n<h4 data-start=\"3921\" data-end=\"3978\"><span style=\"font-size: 12pt;\">\u2705 <strong data-start=\"3928\" data-end=\"3978\">\u0110i\u1ec1u Ch\u1ec9nh H\u00ecnh \u1ea2nh Ch\u00ednh X\u00e1c V\u1edbi Iris Control<\/strong><\/span><\/h4>\n<p data-start=\"3979\" data-end=\"4114\"><span style=\"font-size: 12pt;\">\u0110i\u1ec1u ch\u1ec9nh <strong data-start=\"3990\" data-end=\"4034\">\u0111\u1ed9 s\u00e1ng, t\u01b0\u01a1ng ph\u1ea3n v\u00e0 \u0111\u1ed9 s\u00e2u tr\u01b0\u1eddng \u1ea3nh<\/strong> b\u1eb1ng <strong data-start=\"4040\" data-end=\"4070\">b\u1ed9 \u0111i\u1ec1u khi\u1ec3n kh\u1ea9u \u0111\u1ed9 iris<\/strong>, c\u1ef1c k\u1ef3 quan tr\u1ecdng khi ph\u00f3ng \u0111\u1ea1i \u1edf m\u1ee9c cao.<\/span><\/p>\n<h3 data-start=\"4121\" data-end=\"4154\"><span style=\"font-size: 12pt;\">\ud83c\udfaf <strong data-start=\"4128\" data-end=\"4154\">\u1ee8ng D\u1ee5ng L\u00fd T\u01b0\u1edfng Cho:<\/strong><\/span><\/h3>\n<ul data-start=\"4156\" data-end=\"4326\">\n<li data-start=\"4156\" data-end=\"4189\">\n<p data-start=\"4158\" data-end=\"4189\"><span style=\"font-size: 12pt;\">Ki\u1ec3m so\u00e1t ch\u1ea5t l\u01b0\u1ee3ng s\u1ea3n xu\u1ea5t<\/span><\/p>\n<\/li>\n<li data-start=\"4190\" data-end=\"4221\">\n<p data-start=\"4192\" data-end=\"4221\"><span style=\"font-size: 12pt;\">Ki\u1ec3m tra b\u1ea3ng m\u1ea1ch, \u0111i\u1ec7n t\u1eed<\/span><\/p>\n<\/li>\n<li data-start=\"4222\" data-end=\"4256\">\n<p data-start=\"4224\" data-end=\"4256\"><span style=\"font-size: 12pt;\">Gi\u00e1m s\u00e1t l\u1eafp r\u00e1p thi\u1ebft b\u1ecb y t\u1ebf<\/span><\/p>\n<\/li>\n<li data-start=\"4257\" data-end=\"4285\">\n<p data-start=\"4259\" data-end=\"4285\"><span style=\"font-size: 12pt;\">\u0110\u00e1nh gi\u00e1 b\u1ec1 m\u1eb7t v\u1eadt li\u1ec7u<\/span><\/p>\n<\/li>\n<li data-start=\"4286\" data-end=\"4326\">\n<p data-start=\"4288\" data-end=\"4326\"><span style=\"font-size: 12pt;\">\u0110\u00e0o t\u1ea1o k\u1ef9 thu\u1eadt vi\u00ean v\u00e0 \u0111\u00e1nh gi\u00e1 nh\u00f3m<\/span><\/p>\n<\/li>\n<\/ul>\n<blockquote data-start=\"4333\" data-end=\"4493\">\n<p data-start=\"4335\" data-end=\"4493\"><span style=\"font-size: 12pt;\"><strong data-start=\"4335\" data-end=\"4345\">VE Cam<\/strong> l\u00e0 gi\u1ea3i ph\u00e1p ki\u1ec3m tra tr\u1ef1c quan hi\u1ec7n \u0111\u1ea1i: <strong data-start=\"4388\" data-end=\"4440\">g\u1ecdn nh\u1eb9, d\u1ec5 d\u00f9ng, ch\u00ednh x\u00e1c v\u00e0 ho\u00e0n to\u00e0n \u0111\u1ed9c l\u1eadp<\/strong> \u2013 ph\u00f9 h\u1ee3p v\u1edbi m\u1ecdi m\u00f4i tr\u01b0\u1eddng s\u1ea3n xu\u1ea5t chuy\u00ean nghi\u1ec7p.<\/span><\/p>\n<\/blockquote>\n","protected":false},"excerpt":{"rendered":"<p>VE CAM c\u00f3 m\u1ed9t m\u00e1y \u1ea3nh k\u1ef9 thu\u1eadt s\u1ed1 cao \u0111\u1ed9 ph\u00e2n gi\u1ea3i, c\u00f3 th\u1ec3 ch\u1ee5p h\u00ecnh chi ti\u1ebft v\u1edbi m\u1ee9c \u0111\u1ed9 ch\u00ednh x\u00e1c cao.<\/p>\n","protected":false},"author":2,"featured_media":4375,"parent":0,"menu_order":0,"comment_status":"open","ping_status":"closed","template":"","meta":{"inline_featured_image":false,"footnotes":""},"service-category":[86],"service_tag":[],"class_list":["post-4009","product","type-product","status-publish","has-post-thumbnail","hentry","service-category-kinh-hien-vi-quang-hoc"],"yoast_head":"<!-- This site is optimized with the Yoast SEO plugin v27.4 - https:\/\/yoast.com\/product\/yoast-seo-wordpress\/ -->\n<title>K\u00cdNH HI\u1ec2N VI VE CAM - LORIOT INDUSTRIAL<\/title>\n<meta name=\"description\" content=\"K\u00cdNH HI\u1ec2N VI VE CAM\u00a0.H\u1ec7 th\u1ed1ng k\u00ednh hi\u1ec3n vi k\u1ef9 thu\u1eadt s\u1ed1 full HD nh\u1ecf g\u1ecdn gi\u00fap ki\u1ec3m tra nhanh ch\u00f3ng v\u00e0 ch\u00ednh x\u00e1c ngay t\u1ea1i n\u01a1i b\u1ea1n c\u1ea7n.\" \/>\n<meta name=\"robots\" content=\"index, follow, max-snippet:-1, max-image-preview:large, max-video-preview:-1\" \/>\n<link rel=\"canonical\" href=\"https:\/\/loriot.com.vn\/vi\/product\/kinh-hien-vi-ve-cam\/\" \/>\n<meta property=\"og:locale\" content=\"vi_VN\" \/>\n<meta property=\"og:type\" content=\"article\" \/>\n<meta property=\"og:title\" content=\"K\u00cdNH HI\u1ec2N VI VE CAM - LORIOT INDUSTRIAL\" \/>\n<meta property=\"og:description\" content=\"K\u00cdNH HI\u1ec2N VI VE CAM\u00a0.H\u1ec7 th\u1ed1ng k\u00ednh hi\u1ec3n vi k\u1ef9 thu\u1eadt s\u1ed1 full HD nh\u1ecf g\u1ecdn gi\u00fap ki\u1ec3m tra nhanh ch\u00f3ng v\u00e0 ch\u00ednh x\u00e1c ngay t\u1ea1i n\u01a1i b\u1ea1n c\u1ea7n.\" \/>\n<meta property=\"og:url\" content=\"https:\/\/loriot.com.vn\/vi\/product\/kinh-hien-vi-ve-cam\/\" \/>\n<meta property=\"og:site_name\" content=\"LORIOT INDUSTRIAL\" \/>\n<meta property=\"article:publisher\" content=\"https:\/\/www.facebook.com\/Loriot-Industrial-COLTD-103044855046633\" \/>\n<meta property=\"article:modified_time\" content=\"2025-07-09T08:24:19+00:00\" \/>\n<meta property=\"og:image\" content=\"https:\/\/loriot.com.vn\/wp-content\/uploads\/2022\/05\/VE-Cam-single-arm-boom-stand-with-monitor-300dpi-491x630-1-1.jpg\" \/>\n\t<meta property=\"og:image:width\" content=\"770\" \/>\n\t<meta property=\"og:image:height\" content=\"513\" \/>\n\t<meta property=\"og:image:type\" content=\"image\/jpeg\" \/>\n<meta name=\"twitter:card\" content=\"summary_large_image\" \/>\n<meta name=\"twitter:label1\" content=\"\u01af\u1edbc t\u00ednh th\u1eddi gian \u0111\u1ecdc\" \/>\n\t<meta name=\"twitter:data1\" content=\"2 ph\u00fat\" \/>\n<script type=\"application\/ld+json\" class=\"yoast-schema-graph\">{\"@context\":\"https:\\\/\\\/schema.org\",\"@graph\":[{\"@type\":\"WebPage\",\"@id\":\"https:\\\/\\\/loriot.com.vn\\\/vi\\\/product\\\/kinh-hien-vi-ve-cam\\\/\",\"url\":\"https:\\\/\\\/loriot.com.vn\\\/vi\\\/product\\\/kinh-hien-vi-ve-cam\\\/\",\"name\":\"K\u00cdNH HI\u1ec2N VI VE CAM - LORIOT INDUSTRIAL\",\"isPartOf\":{\"@id\":\"https:\\\/\\\/loriot.com.vn\\\/#website\"},\"primaryImageOfPage\":{\"@id\":\"https:\\\/\\\/loriot.com.vn\\\/vi\\\/product\\\/kinh-hien-vi-ve-cam\\\/#primaryimage\"},\"image\":{\"@id\":\"https:\\\/\\\/loriot.com.vn\\\/vi\\\/product\\\/kinh-hien-vi-ve-cam\\\/#primaryimage\"},\"thumbnailUrl\":\"https:\\\/\\\/loriot.com.vn\\\/wp-content\\\/uploads\\\/2022\\\/05\\\/VE-Cam-single-arm-boom-stand-with-monitor-300dpi-491x630-1-1.jpg\",\"datePublished\":\"2022-05-18T03:11:49+00:00\",\"dateModified\":\"2025-07-09T08:24:19+00:00\",\"description\":\"K\u00cdNH HI\u1ec2N VI VE CAM\u00a0.H\u1ec7 th\u1ed1ng k\u00ednh hi\u1ec3n vi k\u1ef9 thu\u1eadt s\u1ed1 full HD nh\u1ecf g\u1ecdn gi\u00fap ki\u1ec3m tra nhanh ch\u00f3ng v\u00e0 ch\u00ednh x\u00e1c ngay t\u1ea1i n\u01a1i b\u1ea1n c\u1ea7n.\",\"breadcrumb\":{\"@id\":\"https:\\\/\\\/loriot.com.vn\\\/vi\\\/product\\\/kinh-hien-vi-ve-cam\\\/#breadcrumb\"},\"inLanguage\":\"vi\",\"potentialAction\":[{\"@type\":\"ReadAction\",\"target\":[\"https:\\\/\\\/loriot.com.vn\\\/vi\\\/product\\\/kinh-hien-vi-ve-cam\\\/\"]}]},{\"@type\":\"ImageObject\",\"inLanguage\":\"vi\",\"@id\":\"https:\\\/\\\/loriot.com.vn\\\/vi\\\/product\\\/kinh-hien-vi-ve-cam\\\/#primaryimage\",\"url\":\"https:\\\/\\\/loriot.com.vn\\\/wp-content\\\/uploads\\\/2022\\\/05\\\/VE-Cam-single-arm-boom-stand-with-monitor-300dpi-491x630-1-1.jpg\",\"contentUrl\":\"https:\\\/\\\/loriot.com.vn\\\/wp-content\\\/uploads\\\/2022\\\/05\\\/VE-Cam-single-arm-boom-stand-with-monitor-300dpi-491x630-1-1.jpg\",\"width\":770,\"height\":513,\"caption\":\"K\u00cdNH HI\u1ec2N VI VE CAM\"},{\"@type\":\"BreadcrumbList\",\"@id\":\"https:\\\/\\\/loriot.com.vn\\\/vi\\\/product\\\/kinh-hien-vi-ve-cam\\\/#breadcrumb\",\"itemListElement\":[{\"@type\":\"ListItem\",\"position\":1,\"name\":\"Home\",\"item\":\"https:\\\/\\\/loriot.com.vn\\\/vi\\\/\"},{\"@type\":\"ListItem\",\"position\":2,\"name\":\"Products\",\"item\":\"https:\\\/\\\/loriot.com.vn\\\/product\\\/\"},{\"@type\":\"ListItem\",\"position\":3,\"name\":\"K\u00cdNH HI\u1ec2N VI VE CAM\"}]},{\"@type\":\"WebSite\",\"@id\":\"https:\\\/\\\/loriot.com.vn\\\/#website\",\"url\":\"https:\\\/\\\/loriot.com.vn\\\/\",\"name\":\"LORIOT INDUSTRIAL CO.,LTD\",\"description\":\"\",\"publisher\":{\"@id\":\"https:\\\/\\\/loriot.com.vn\\\/#organization\"},\"potentialAction\":[{\"@type\":\"SearchAction\",\"target\":{\"@type\":\"EntryPoint\",\"urlTemplate\":\"https:\\\/\\\/loriot.com.vn\\\/?s={search_term_string}\"},\"query-input\":{\"@type\":\"PropertyValueSpecification\",\"valueRequired\":true,\"valueName\":\"search_term_string\"}}],\"inLanguage\":\"vi\"},{\"@type\":\"Organization\",\"@id\":\"https:\\\/\\\/loriot.com.vn\\\/#organization\",\"name\":\"Loriot Industrial Co.,Ltd\",\"url\":\"https:\\\/\\\/loriot.com.vn\\\/\",\"logo\":{\"@type\":\"ImageObject\",\"inLanguage\":\"vi\",\"@id\":\"https:\\\/\\\/loriot.com.vn\\\/#\\\/schema\\\/logo\\\/image\\\/\",\"url\":\"https:\\\/\\\/loriot.com.vn\\\/wp-content\\\/uploads\\\/2021\\\/08\\\/logo-ft.png\",\"contentUrl\":\"https:\\\/\\\/loriot.com.vn\\\/wp-content\\\/uploads\\\/2021\\\/08\\\/logo-ft.png\",\"width\":333,\"height\":101,\"caption\":\"Loriot Industrial Co.,Ltd\"},\"image\":{\"@id\":\"https:\\\/\\\/loriot.com.vn\\\/#\\\/schema\\\/logo\\\/image\\\/\"},\"sameAs\":[\"https:\\\/\\\/www.facebook.com\\\/Loriot-Industrial-COLTD-103044855046633\"]}]}<\/script>\n<!-- \/ Yoast SEO plugin. -->","yoast_head_json":{"title":"K\u00cdNH HI\u1ec2N VI VE CAM - LORIOT INDUSTRIAL","description":"K\u00cdNH HI\u1ec2N VI VE CAM\u00a0.H\u1ec7 th\u1ed1ng k\u00ednh hi\u1ec3n vi k\u1ef9 thu\u1eadt s\u1ed1 full HD nh\u1ecf g\u1ecdn gi\u00fap ki\u1ec3m tra nhanh ch\u00f3ng v\u00e0 ch\u00ednh x\u00e1c ngay t\u1ea1i n\u01a1i b\u1ea1n c\u1ea7n.","robots":{"index":"index","follow":"follow","max-snippet":"max-snippet:-1","max-image-preview":"max-image-preview:large","max-video-preview":"max-video-preview:-1"},"canonical":"https:\/\/loriot.com.vn\/vi\/product\/kinh-hien-vi-ve-cam\/","og_locale":"vi_VN","og_type":"article","og_title":"K\u00cdNH HI\u1ec2N VI VE CAM - LORIOT INDUSTRIAL","og_description":"K\u00cdNH HI\u1ec2N VI VE CAM\u00a0.H\u1ec7 th\u1ed1ng k\u00ednh hi\u1ec3n vi k\u1ef9 thu\u1eadt s\u1ed1 full HD nh\u1ecf g\u1ecdn gi\u00fap ki\u1ec3m tra nhanh ch\u00f3ng v\u00e0 ch\u00ednh x\u00e1c ngay t\u1ea1i n\u01a1i b\u1ea1n c\u1ea7n.","og_url":"https:\/\/loriot.com.vn\/vi\/product\/kinh-hien-vi-ve-cam\/","og_site_name":"LORIOT INDUSTRIAL","article_publisher":"https:\/\/www.facebook.com\/Loriot-Industrial-COLTD-103044855046633","article_modified_time":"2025-07-09T08:24:19+00:00","og_image":[{"width":770,"height":513,"url":"https:\/\/loriot.com.vn\/wp-content\/uploads\/2022\/05\/VE-Cam-single-arm-boom-stand-with-monitor-300dpi-491x630-1-1.jpg","type":"image\/jpeg"}],"twitter_card":"summary_large_image","twitter_misc":{"\u01af\u1edbc t\u00ednh th\u1eddi gian \u0111\u1ecdc":"2 ph\u00fat"},"schema":{"@context":"https:\/\/schema.org","@graph":[{"@type":"WebPage","@id":"https:\/\/loriot.com.vn\/vi\/product\/kinh-hien-vi-ve-cam\/","url":"https:\/\/loriot.com.vn\/vi\/product\/kinh-hien-vi-ve-cam\/","name":"K\u00cdNH HI\u1ec2N VI VE CAM - LORIOT INDUSTRIAL","isPartOf":{"@id":"https:\/\/loriot.com.vn\/#website"},"primaryImageOfPage":{"@id":"https:\/\/loriot.com.vn\/vi\/product\/kinh-hien-vi-ve-cam\/#primaryimage"},"image":{"@id":"https:\/\/loriot.com.vn\/vi\/product\/kinh-hien-vi-ve-cam\/#primaryimage"},"thumbnailUrl":"https:\/\/loriot.com.vn\/wp-content\/uploads\/2022\/05\/VE-Cam-single-arm-boom-stand-with-monitor-300dpi-491x630-1-1.jpg","datePublished":"2022-05-18T03:11:49+00:00","dateModified":"2025-07-09T08:24:19+00:00","description":"K\u00cdNH HI\u1ec2N VI VE CAM\u00a0.H\u1ec7 th\u1ed1ng k\u00ednh hi\u1ec3n vi k\u1ef9 thu\u1eadt s\u1ed1 full HD nh\u1ecf g\u1ecdn gi\u00fap ki\u1ec3m tra nhanh ch\u00f3ng v\u00e0 ch\u00ednh x\u00e1c ngay t\u1ea1i n\u01a1i b\u1ea1n c\u1ea7n.","breadcrumb":{"@id":"https:\/\/loriot.com.vn\/vi\/product\/kinh-hien-vi-ve-cam\/#breadcrumb"},"inLanguage":"vi","potentialAction":[{"@type":"ReadAction","target":["https:\/\/loriot.com.vn\/vi\/product\/kinh-hien-vi-ve-cam\/"]}]},{"@type":"ImageObject","inLanguage":"vi","@id":"https:\/\/loriot.com.vn\/vi\/product\/kinh-hien-vi-ve-cam\/#primaryimage","url":"https:\/\/loriot.com.vn\/wp-content\/uploads\/2022\/05\/VE-Cam-single-arm-boom-stand-with-monitor-300dpi-491x630-1-1.jpg","contentUrl":"https:\/\/loriot.com.vn\/wp-content\/uploads\/2022\/05\/VE-Cam-single-arm-boom-stand-with-monitor-300dpi-491x630-1-1.jpg","width":770,"height":513,"caption":"K\u00cdNH HI\u1ec2N VI VE CAM"},{"@type":"BreadcrumbList","@id":"https:\/\/loriot.com.vn\/vi\/product\/kinh-hien-vi-ve-cam\/#breadcrumb","itemListElement":[{"@type":"ListItem","position":1,"name":"Home","item":"https:\/\/loriot.com.vn\/vi\/"},{"@type":"ListItem","position":2,"name":"Products","item":"https:\/\/loriot.com.vn\/product\/"},{"@type":"ListItem","position":3,"name":"K\u00cdNH HI\u1ec2N VI VE CAM"}]},{"@type":"WebSite","@id":"https:\/\/loriot.com.vn\/#website","url":"https:\/\/loriot.com.vn\/","name":"LORIOT INDUSTRIAL CO.,LTD","description":"","publisher":{"@id":"https:\/\/loriot.com.vn\/#organization"},"potentialAction":[{"@type":"SearchAction","target":{"@type":"EntryPoint","urlTemplate":"https:\/\/loriot.com.vn\/?s={search_term_string}"},"query-input":{"@type":"PropertyValueSpecification","valueRequired":true,"valueName":"search_term_string"}}],"inLanguage":"vi"},{"@type":"Organization","@id":"https:\/\/loriot.com.vn\/#organization","name":"Loriot Industrial Co.,Ltd","url":"https:\/\/loriot.com.vn\/","logo":{"@type":"ImageObject","inLanguage":"vi","@id":"https:\/\/loriot.com.vn\/#\/schema\/logo\/image\/","url":"https:\/\/loriot.com.vn\/wp-content\/uploads\/2021\/08\/logo-ft.png","contentUrl":"https:\/\/loriot.com.vn\/wp-content\/uploads\/2021\/08\/logo-ft.png","width":333,"height":101,"caption":"Loriot Industrial Co.,Ltd"},"image":{"@id":"https:\/\/loriot.com.vn\/#\/schema\/logo\/image\/"},"sameAs":["https:\/\/www.facebook.com\/Loriot-Industrial-COLTD-103044855046633"]}]}},"_links":{"self":[{"href":"https:\/\/loriot.com.vn\/vi\/wp-json\/wp\/v2\/product\/4009","targetHints":{"allow":["GET"]}}],"collection":[{"href":"https:\/\/loriot.com.vn\/vi\/wp-json\/wp\/v2\/product"}],"about":[{"href":"https:\/\/loriot.com.vn\/vi\/wp-json\/wp\/v2\/types\/product"}],"author":[{"embeddable":true,"href":"https:\/\/loriot.com.vn\/vi\/wp-json\/wp\/v2\/users\/2"}],"replies":[{"embeddable":true,"href":"https:\/\/loriot.com.vn\/vi\/wp-json\/wp\/v2\/comments?post=4009"}],"version-history":[{"count":9,"href":"https:\/\/loriot.com.vn\/vi\/wp-json\/wp\/v2\/product\/4009\/revisions"}],"predecessor-version":[{"id":5576,"href":"https:\/\/loriot.com.vn\/vi\/wp-json\/wp\/v2\/product\/4009\/revisions\/5576"}],"wp:featuredmedia":[{"embeddable":true,"href":"https:\/\/loriot.com.vn\/vi\/wp-json\/wp\/v2\/media\/4375"}],"wp:attachment":[{"href":"https:\/\/loriot.com.vn\/vi\/wp-json\/wp\/v2\/media?parent=4009"}],"wp:term":[{"taxonomy":"service-category","embeddable":true,"href":"https:\/\/loriot.com.vn\/vi\/wp-json\/wp\/v2\/service-category?post=4009"},{"taxonomy":"service_tag","embeddable":true,"href":"https:\/\/loriot.com.vn\/vi\/wp-json\/wp\/v2\/service_tag?post=4009"}],"curies":[{"name":"wp","href":"https:\/\/api.w.org\/{rel}","templated":true}]}}