{"id":4050,"date":"2022-07-07T15:59:31","date_gmt":"2022-07-07T08:59:31","guid":{"rendered":"https:\/\/loriot.com.vn\/?post_type=product&#038;p=4050"},"modified":"2025-07-10T11:19:48","modified_gmt":"2025-07-10T04:19:48","slug":"kinh-hien-vi-makrolite-4k","status":"publish","type":"product","link":"https:\/\/loriot.com.vn\/vi\/product\/kinh-hien-vi-makrolite-4k\/","title":{"rendered":"K\u00cdNH HI\u1ec2N VI MAKROLITE 4K"},"content":{"rendered":"<h2 style=\"text-align: center;\" data-start=\"3109\" data-end=\"3192\"><span style=\"font-size: 12pt;\"><strong data-start=\"3117\" data-end=\"3192\">Makrolite 4K \u2013 K\u00ednh Hi\u1ec3n Vi K\u1ef9 Thu\u1eadt S\u1ed1 Ultra HD Cho Ki\u1ec3m Tra Ch\u00ednh X\u00e1c<\/strong><\/span><\/h2>\n<p>&nbsp;<\/p>\n<h3 data-start=\"3194\" data-end=\"3252\"><span style=\"font-size: 12pt;\"><strong data-start=\"3198\" data-end=\"3252\">Ch\u1ea5t L\u01b0\u1ee3ng H\u00ecnh \u1ea2nh V\u01b0\u1ee3t Tr\u1ed9i Trong Th\u1eddi Gian Th\u1ef1c<\/strong><\/span><\/h3>\n<p data-start=\"3254\" data-end=\"3563\"><span style=\"font-size: 12pt;\"><strong data-start=\"3254\" data-end=\"3270\">Makrolite 4K<\/strong> l\u00e0 k\u00ednh hi\u1ec3n vi k\u1ef9 thu\u1eadt s\u1ed1 \u0111\u1ed9 ph\u00e2n gi\u1ea3i <strong data-start=\"3312\" data-end=\"3327\">4K Ultra HD<\/strong> v\u1edbi thi\u1ebft k\u1ebf t\u1ed1i \u01b0u cho <strong data-start=\"3352\" data-end=\"3416\">ki\u1ec3m tra tr\u1ef1c quan, ph\u00f3ng \u0111\u1ea1i, ch\u1ee5p \u1ea3nh v\u00e0 \u0111o l\u01b0\u1eddng chi ti\u1ebft<\/strong>. Thi\u1ebft b\u1ecb mang \u0111\u1ebfn h\u00ecnh \u1ea3nh si\u00eau s\u1eafc n\u00e9t, thao t\u00e1c nhanh v\u00e0 \u0111\u1ed9 ch\u00ednh x\u00e1c cao \u2013 l\u00fd t\u01b0\u1edfng cho c\u00e1c \u1ee9ng d\u1ee5ng y\u00eau c\u1ea7u quan s\u00e1t chi ti\u1ebft \u1edf m\u1ee9c cao nh\u1ea5t.<\/span><\/p>\n<h3 data-start=\"3570\" data-end=\"3598\"><span style=\"font-size: 12pt;\">\ud83d\udd0d <strong data-start=\"3577\" data-end=\"3598\">T\u00ednh N\u0103ng N\u1ed5i B\u1eadt<\/strong><\/span><\/h3>\n<h4 data-start=\"3600\" data-end=\"3635\"><span style=\"font-size: 12pt;\">\u2705 <strong data-start=\"3607\" data-end=\"3635\">\u0110\u1ed9 Ph\u00e2n Gi\u1ea3i 4K Ultra HD<\/strong><\/span><\/h4>\n<ul data-start=\"3636\" data-end=\"3778\">\n<li data-start=\"3636\" data-end=\"3678\">\n<p data-start=\"3638\" data-end=\"3678\"><span style=\"font-size: 12pt;\">H\u00ecnh \u1ea3nh <strong data-start=\"3647\" data-end=\"3676\">s\u1eafc n\u00e9t g\u1ea5p 4 l\u1ea7n Full HD<\/strong><\/span><\/p>\n<\/li>\n<li data-start=\"3679\" data-end=\"3731\">\n<p data-start=\"3681\" data-end=\"3731\"><span style=\"font-size: 12pt;\">Hi\u1ec3n th\u1ecb chi ti\u1ebft r\u00f5 r\u00e0ng h\u01a1n, \u0111\u1ed9 t\u01b0\u01a1ng ph\u1ea3n cao<\/span><\/p>\n<\/li>\n<li data-start=\"3732\" data-end=\"3778\">\n<p data-start=\"3734\" data-end=\"3778\"><span style=\"font-size: 12pt;\">Gi\u1ea3m m\u1ecfi m\u1eaft, n\u00e2ng cao \u0111\u1ed9 ch\u00ednh x\u00e1c ki\u1ec3m tra<\/span><\/p>\n<\/li>\n<\/ul>\n<h4 data-start=\"3780\" data-end=\"3825\"><span style=\"font-size: 12pt;\">\u2705 <strong data-start=\"3787\" data-end=\"3825\">Ph\u00f3ng \u0110\u1ea1i M\u1ea1nh M\u1ebd, Zoom Quang 20:1<\/strong><\/span><\/h4>\n<ul data-start=\"3826\" data-end=\"3944\">\n<li data-start=\"3826\" data-end=\"3873\">\n<p data-start=\"3828\" data-end=\"3873\"><span style=\"font-size: 12pt;\">Zoom quang h\u1ecdc ch\u00ednh x\u00e1c v\u1edbi <strong data-start=\"3857\" data-end=\"3871\">t\u1ef7 l\u1ec7 20:1<\/strong><\/span><\/p>\n<\/li>\n<li data-start=\"3874\" data-end=\"3907\">\n<p data-start=\"3876\" data-end=\"3907\"><span style=\"font-size: 12pt;\">Ph\u00f3ng \u0111\u1ea1i l\u00ean \u0111\u1ebfn <strong data-start=\"3894\" data-end=\"3905\">330 l\u1ea7n<\/strong><\/span><\/p>\n<\/li>\n<li data-start=\"3908\" data-end=\"3944\">\n<p data-start=\"3910\" data-end=\"3944\"><span style=\"font-size: 12pt;\">Duy tr\u00ec \u0111\u1ed9 n\u00e9t \u1edf m\u1ecdi m\u1ee9c ph\u00f3ng \u0111\u1ea1i<\/span><\/p>\n<\/li>\n<\/ul>\n<h4 data-start=\"3946\" data-end=\"3984\"><span style=\"font-size: 12pt;\">\u2705 <strong data-start=\"3953\" data-end=\"3984\">Xem Video 4K Th\u1eddi Gian Th\u1ef1c<\/strong><\/span><\/h4>\n<ul data-start=\"3985\" data-end=\"4185\">\n<li data-start=\"3985\" data-end=\"4066\">\n<p data-start=\"3987\" data-end=\"4066\"><span style=\"font-size: 12pt;\">H\u00ecnh \u1ea3nh <strong data-start=\"3996\" data-end=\"4022\">video Ultra HD s\u1eafc n\u00e9t<\/strong>, ph\u00f9 h\u1ee3p cho ki\u1ec3m tra, gi\u1ea3ng d\u1ea1y, b\u00e1o c\u00e1o<\/span><\/p>\n<\/li>\n<li data-start=\"4067\" data-end=\"4122\">\n<p data-start=\"4069\" data-end=\"4122\"><span style=\"font-size: 12pt;\">Cho ph\u00e9p truy\u1ec1n tr\u1ef1c ti\u1ebfp ho\u1eb7c ghi l\u1ea1i qua m\u00e1y t\u00ednh<\/span><\/p>\n<\/li>\n<li data-start=\"4123\" data-end=\"4185\">\n<p data-start=\"4125\" data-end=\"4185\"><span style=\"font-size: 12pt;\">Ph\u00f9 h\u1ee3p cho <strong data-start=\"4137\" data-end=\"4185\">l\u00e0m vi\u1ec7c nh\u00f3m t\u1eeb xa ho\u1eb7c ki\u1ec3m tra ch\u1ea5t l\u01b0\u1ee3ng<\/strong><\/span><\/p>\n<\/li>\n<\/ul>\n<h4 data-start=\"4187\" data-end=\"4225\"><span style=\"font-size: 12pt;\">\u2705 <strong data-start=\"4194\" data-end=\"4225\">D\u1ec5 S\u1eed D\u1ee5ng &amp; T\u00f9y Bi\u1ebfn Nhanh<\/strong><\/span><\/h4>\n<ul data-start=\"4226\" data-end=\"4354\">\n<li data-start=\"4226\" data-end=\"4255\">\n<p data-start=\"4228\" data-end=\"4255\"><span style=\"font-size: 12pt;\">Thay \u0111\u1ed5i \u1ed1ng k\u00ednh d\u1ec5 d\u00e0ng<\/span><\/p>\n<\/li>\n<li data-start=\"4256\" data-end=\"4354\">\n<p data-start=\"4258\" data-end=\"4354\"><span style=\"font-size: 12pt;\">T\u00f9y ch\u1ecdn <strong data-start=\"4267\" data-end=\"4300\">l\u1ea5y n\u00e9t t\u1ef1 \u0111\u1ed9ng ho\u1eb7c th\u1ee7 c\u00f4ng<\/strong>, 4 c\u00e0i \u0111\u1eb7t ng\u01b0\u1eddi d\u00f9ng gi\u00fap <strong data-start=\"4328\" data-end=\"4354\">duy tr\u00ec t\u00ednh nh\u1ea5t qu\u00e1n<\/strong><\/span><\/p>\n<\/li>\n<\/ul>\n<h4 data-start=\"4356\" data-end=\"4394\"><span style=\"font-size: 12pt;\">\u2705 <strong data-start=\"4363\" data-end=\"4394\">T\u00f9y Ch\u1ecdn \u0110i\u1ec1u Khi\u1ec3n \u0110a D\u1ea1ng<\/strong><\/span><\/h4>\n<ul data-start=\"4395\" data-end=\"4533\">\n<li data-start=\"4395\" data-end=\"4469\">\n<p data-start=\"4397\" data-end=\"4469\"><span style=\"font-size: 12pt;\">S\u1eed d\u1ee5ng nh\u01b0 m\u1ed9t h\u1ec7 th\u1ed1ng <strong data-start=\"4422\" data-end=\"4443\">\u0111\u1ed9c l\u1eadp (console)<\/strong> ho\u1eb7c <strong data-start=\"4449\" data-end=\"4467\">k\u1ebft n\u1ed1i v\u1edbi PC<\/strong><\/span><\/p>\n<\/li>\n<li data-start=\"4470\" data-end=\"4533\">\n<p data-start=\"4472\" data-end=\"4533\"><span style=\"font-size: 12pt;\">H\u1ed7 tr\u1ee3 \u0111\u1ea7y \u0111\u1ee7 ch\u1ee9c n\u0103ng <strong data-start=\"4496\" data-end=\"4533\">\u0111o l\u01b0\u1eddng, ghi ch\u00fa v\u00e0 xu\u1ea5t b\u00e1o c\u00e1o<\/strong><\/span><\/p>\n<\/li>\n<\/ul>\n<h4 data-start=\"4535\" data-end=\"4591\"><span style=\"font-size: 12pt;\">\u2705 <strong data-start=\"4542\" data-end=\"4591\">X\u1eed L\u00fd T\u1ed1t B\u1ec1 M\u1eb7t Ph\u1ea3n Quang, Thi\u1ebfu T\u01b0\u01a1ng Ph\u1ea3n<\/strong><\/span><\/h4>\n<ul data-start=\"4592\" data-end=\"4716\">\n<li data-start=\"4592\" data-end=\"4652\">\n<p data-start=\"4594\" data-end=\"4652\"><span style=\"font-size: 12pt;\">Ph\u00f9 h\u1ee3p v\u1edbi <strong data-start=\"4606\" data-end=\"4650\">m\u1ed1i h\u00e0n, kim lo\u1ea1i b\u00f3ng, nh\u1ef1a \u0111en, g\u1ed1m s\u1ee9<\/strong><\/span><\/p>\n<\/li>\n<li data-start=\"4653\" data-end=\"4716\">\n<p data-start=\"4655\" data-end=\"4716\"><span style=\"font-size: 12pt;\">X\u1eed l\u00fd t\u1ed1t v\u00f9ng c\u00f3 b\u00f3ng, \u00e1nh s\u00e1ng m\u1ea1nh ho\u1eb7c \u0111\u1ed9 t\u01b0\u01a1ng ph\u1ea3n th\u1ea5p<\/span><\/p>\n<\/li>\n<\/ul>\n<h4 data-start=\"4718\" data-end=\"4748\"><span style=\"font-size: 12pt;\">\u2705 <strong data-start=\"4725\" data-end=\"4748\">Ph\u00e1t Hi\u1ec7n L\u1ed7i Nhanh<\/strong><\/span><\/h4>\n<ul data-start=\"4749\" data-end=\"4862\">\n<li data-start=\"4749\" data-end=\"4802\">\n<p data-start=\"4751\" data-end=\"4802\"><span style=\"font-size: 12pt;\">So s\u00e1nh \u1ea3nh tr\u1ef1c ti\u1ebfp b\u1eb1ng <strong data-start=\"4778\" data-end=\"4800\">live image overlay<\/strong><\/span><\/p>\n<\/li>\n<li data-start=\"4803\" data-end=\"4862\">\n<p data-start=\"4805\" data-end=\"4862\"><span style=\"font-size: 12pt;\">H\u1ed7 tr\u1ee3 nh\u1eadp file CAD \u0111\u1ec3 ki\u1ec3m tra <strong data-start=\"4838\" data-end=\"4862\">Pass\/Fail theo chu\u1ea9n<\/strong><\/span><\/p>\n<\/li>\n<\/ul>\n<h4 data-start=\"4864\" data-end=\"4900\"><span style=\"font-size: 12pt;\">\u2705 <strong data-start=\"4871\" data-end=\"4900\">T\u00f9y Ch\u1ecdn Gi\u00e1 \u0110\u1ee1 Linh Ho\u1ea1t<\/strong><\/span><\/h4>\n<ul data-start=\"4901\" data-end=\"5021\">\n<li data-start=\"4901\" data-end=\"4943\">\n<p data-start=\"4903\" data-end=\"4943\"><span style=\"font-size: 12pt;\">T\u01b0\u01a1ng th\u00edch v\u1edbi <strong data-start=\"4919\" data-end=\"4941\">nhi\u1ec1u ki\u1ec3u ch\u00e2n \u0111\u1ebf<\/strong><\/span><\/p>\n<\/li>\n<li data-start=\"4944\" data-end=\"5021\">\n<p data-start=\"4946\" data-end=\"5021\"><span style=\"font-size: 12pt;\">H\u1ed7 tr\u1ee3 <strong data-start=\"4953\" data-end=\"5021\">b\u00e0n n\u1ed5i, tay m\u1edf r\u1ed9ng, chi\u1ebfu s\u00e1ng b\u00ean d\u01b0\u1edbi v\u00e0 nhi\u1ec1u t\u00f9y ch\u1ecdn kh\u00e1c<\/strong><\/span><\/p>\n<\/li>\n<\/ul>\n<h4 data-start=\"5023\" data-end=\"5063\"><span style=\"font-size: 12pt;\">\u2705 <strong data-start=\"5030\" data-end=\"5063\">C\u00f4ng C\u1ee5 \u0110o &amp; Ghi Ch\u00fa T\u00edch H\u1ee3p<\/strong><\/span><\/h4>\n<ul data-start=\"5064\" data-end=\"5200\">\n<li data-start=\"5064\" data-end=\"5137\">\n<p data-start=\"5066\" data-end=\"5137\"><span style=\"font-size: 12pt;\">\u0110o <strong data-start=\"5069\" data-end=\"5135\">kho\u1ea3ng c\u00e1ch, g\u00f3c, \u0111\u01b0\u1eddng k\u00ednh, di\u1ec7n t\u00edch, giao \u0111i\u1ec3m, ti\u1ebfp tuy\u1ebfn<\/strong><\/span><\/p>\n<\/li>\n<li data-start=\"5138\" data-end=\"5200\">\n<p data-start=\"5140\" data-end=\"5200\"><span style=\"font-size: 12pt;\">Ghi ch\u00fa tr\u1ef1c ti\u1ebfp tr\u00ean \u1ea3nh, t\u1ea1o b\u00e1o c\u00e1o theo m\u1eabu nhanh ch\u00f3ng<\/span><\/p>\n<\/li>\n<\/ul>\n<h4 data-start=\"5202\" data-end=\"5250\"><span style=\"font-size: 12pt;\">\u2705 <strong data-start=\"5209\" data-end=\"5250\">L\u01b0u Tr\u1eef &amp; Chia S\u1ebb D\u1eef Li\u1ec7u Nhanh Ch\u00f3ng<\/strong><\/span><\/h4>\n<ul data-start=\"5251\" data-end=\"5405\">\n<li data-start=\"5251\" data-end=\"5318\">\n<p data-start=\"5253\" data-end=\"5318\"><span style=\"font-size: 12pt;\">Xu\u1ea5t \u1ea3nh, video, b\u00e1o c\u00e1o tr\u1ef1c ti\u1ebfp qua <strong data-start=\"5292\" data-end=\"5316\">USB ho\u1eb7c m\u1ea1ng n\u1ed9i b\u1ed9<\/strong><\/span><\/p>\n<\/li>\n<li data-start=\"5319\" data-end=\"5405\">\n<p data-start=\"5321\" data-end=\"5405\"><span style=\"font-size: 12pt;\">Chia s\u1ebb d\u1ec5 d\u00e0ng v\u1edbi <strong data-start=\"5341\" data-end=\"5405\">\u0111\u1ed3ng nghi\u1ec7p, kh\u00e1ch h\u00e0ng, nh\u00e0 cung c\u1ea5p ho\u1eb7c c\u01a1 quan ki\u1ec3m \u0111\u1ecbnh<\/strong><\/span><\/p>\n<\/li>\n<\/ul>\n<h3 data-start=\"5412\" data-end=\"5445\"><span style=\"font-size: 12pt;\">\ud83c\udfaf <strong data-start=\"5419\" data-end=\"5445\">\u1ee8ng D\u1ee5ng L\u00fd T\u01b0\u1edfng Cho:<\/strong><\/span><\/h3>\n<ul data-start=\"5446\" data-end=\"5633\">\n<li data-start=\"5446\" data-end=\"5487\">\n<p data-start=\"5448\" data-end=\"5487\"><span style=\"font-size: 12pt;\">Ki\u1ec3m tra b\u1ea3ng m\u1ea1ch, linh ki\u1ec7n \u0111i\u1ec7n t\u1eed<\/span><\/p>\n<\/li>\n<li data-start=\"5488\" data-end=\"5531\">\n<p data-start=\"5490\" data-end=\"5531\"><span style=\"font-size: 12pt;\">Ki\u1ec3m so\u00e1t ch\u1ea5t l\u01b0\u1ee3ng s\u1ea3n xu\u1ea5t ch\u00ednh x\u00e1c<\/span><\/p>\n<\/li>\n<li data-start=\"5532\" data-end=\"5561\">\n<p data-start=\"5534\" data-end=\"5561\"><span style=\"font-size: 12pt;\">Ph\u00e2n t\u00edch v\u1eadt li\u1ec7u v\u00e0 l\u1ed7i<\/span><\/p>\n<\/li>\n<li data-start=\"5562\" data-end=\"5588\">\n<p data-start=\"5564\" data-end=\"5588\"><span style=\"font-size: 12pt;\">Ki\u1ec3m tra thi\u1ebft b\u1ecb y t\u1ebf<\/span><\/p>\n<\/li>\n<li data-start=\"5589\" data-end=\"5633\">\n<p data-start=\"5591\" data-end=\"5633\"><span style=\"font-size: 12pt;\">L\u01b0u tr\u1eef h\u00ecnh \u1ea3nh cho h\u1ed3 s\u01a1 tu\u00e2n th\u1ee7, audit<\/span><\/p>\n<\/li>\n<\/ul>\n<blockquote data-start=\"5640\" data-end=\"5840\">\n<p data-start=\"5642\" data-end=\"5840\"><span style=\"font-size: 12pt;\"><strong data-start=\"5642\" data-end=\"5658\">Makrolite 4K<\/strong> n\u00e2ng t\u1ea7m kh\u1ea3 n\u0103ng ki\u1ec3m tra v\u00e0 ph\u00e2n t\u00edch \u2013 cung c\u1ea5p <strong data-start=\"5710\" data-end=\"5772\">h\u00ecnh \u1ea3nh si\u00eau n\u00e9t, thao t\u00e1c linh ho\u1ea1t, \u0111o l\u01b0\u1eddng th\u00f4ng minh<\/strong>, ph\u00f9 h\u1ee3p cho m\u1ecdi m\u00f4i tr\u01b0\u1eddng c\u00f4ng nghi\u1ec7p ho\u1eb7c nghi\u00ean c\u1ee9u chuy\u00ean s\u00e2u.<\/span><\/p>\n<\/blockquote>\n","protected":false},"excerpt":{"rendered":"<p>K\u00ednh hi\u1ec3n vi k\u1ef9 thu\u1eadt s\u1ed1 Makrolite 4K gi\u00fap \u0111\u01a1n gi\u1ea3n h\u00f3a c\u00f4ng vi\u1ec7c ki\u1ec3m tra h\u00ecnh \u1ea3nh, ch\u1ee5p \u1ea3nh v\u00e0 \u0111o l\u01b0\u1eddng<\/p>\n","protected":false},"author":2,"featured_media":4396,"parent":0,"menu_order":0,"comment_status":"open","ping_status":"closed","template":"","meta":{"inline_featured_image":false,"footnotes":""},"service-category":[86],"service_tag":[],"class_list":["post-4050","product","type-product","status-publish","has-post-thumbnail","hentry","service-category-kinh-hien-vi-quang-hoc"],"yoast_head":"<!-- This site is optimized with the Yoast SEO plugin v27.4 - https:\/\/yoast.com\/product\/yoast-seo-wordpress\/ -->\n<title>K\u00cdNH HI\u1ec2N VI MAKROLITE 4K - LORIOT INDUSTRIAL<\/title>\n<meta name=\"description\" content=\"K\u00ednh hi\u1ec3n vi k\u1ef9 thu\u1eadt s\u1ed1 Makrolite 4K gi\u00fap \u0111\u01a1n gi\u1ea3n h\u00f3a c\u00f4ng vi\u1ec7c ki\u1ec3m tra h\u00ecnh \u1ea3nh, ch\u1ee5p \u1ea3nh v\u00e0 \u0111o l\u01b0\u1eddng v\u1edbi ch\u1ea5t l\u01b0\u1ee3ng h\u00ecnh \u1ea3nh v\u01b0\u1ee3t tr\u1ed9i.\" \/>\n<meta name=\"robots\" content=\"index, follow, max-snippet:-1, max-image-preview:large, max-video-preview:-1\" \/>\n<link rel=\"canonical\" href=\"https:\/\/loriot.com.vn\/vi\/product\/kinh-hien-vi-makrolite-4k\/\" \/>\n<meta property=\"og:locale\" content=\"vi_VN\" \/>\n<meta property=\"og:type\" content=\"article\" \/>\n<meta property=\"og:title\" content=\"K\u00cdNH HI\u1ec2N VI MAKROLITE 4K - LORIOT INDUSTRIAL\" \/>\n<meta property=\"og:description\" content=\"K\u00ednh hi\u1ec3n vi k\u1ef9 thu\u1eadt s\u1ed1 Makrolite 4K gi\u00fap \u0111\u01a1n gi\u1ea3n h\u00f3a c\u00f4ng vi\u1ec7c ki\u1ec3m tra h\u00ecnh \u1ea3nh, ch\u1ee5p \u1ea3nh v\u00e0 \u0111o l\u01b0\u1eddng v\u1edbi ch\u1ea5t l\u01b0\u1ee3ng h\u00ecnh \u1ea3nh v\u01b0\u1ee3t tr\u1ed9i.\" \/>\n<meta property=\"og:url\" content=\"https:\/\/loriot.com.vn\/vi\/product\/kinh-hien-vi-makrolite-4k\/\" \/>\n<meta property=\"og:site_name\" content=\"LORIOT INDUSTRIAL\" \/>\n<meta property=\"article:publisher\" content=\"https:\/\/www.facebook.com\/Loriot-Industrial-COLTD-103044855046633\" \/>\n<meta property=\"article:modified_time\" content=\"2025-07-10T04:19:48+00:00\" \/>\n<meta property=\"og:image\" content=\"https:\/\/loriot.com.vn\/wp-content\/uploads\/2022\/07\/Makrolite-4K-with-console-ergo-stand-watch-sample-300dpi-scaled-1-770x513-1-1.jpg\" \/>\n\t<meta property=\"og:image:width\" content=\"770\" \/>\n\t<meta property=\"og:image:height\" content=\"513\" \/>\n\t<meta property=\"og:image:type\" content=\"image\/jpeg\" \/>\n<meta name=\"twitter:card\" content=\"summary_large_image\" \/>\n<meta name=\"twitter:label1\" content=\"\u01af\u1edbc t\u00ednh th\u1eddi gian \u0111\u1ecdc\" \/>\n\t<meta name=\"twitter:data1\" content=\"3 ph\u00fat\" \/>\n<script type=\"application\/ld+json\" class=\"yoast-schema-graph\">{\"@context\":\"https:\\\/\\\/schema.org\",\"@graph\":[{\"@type\":\"WebPage\",\"@id\":\"https:\\\/\\\/loriot.com.vn\\\/vi\\\/product\\\/kinh-hien-vi-makrolite-4k\\\/\",\"url\":\"https:\\\/\\\/loriot.com.vn\\\/vi\\\/product\\\/kinh-hien-vi-makrolite-4k\\\/\",\"name\":\"K\u00cdNH HI\u1ec2N VI MAKROLITE 4K - LORIOT INDUSTRIAL\",\"isPartOf\":{\"@id\":\"https:\\\/\\\/loriot.com.vn\\\/#website\"},\"primaryImageOfPage\":{\"@id\":\"https:\\\/\\\/loriot.com.vn\\\/vi\\\/product\\\/kinh-hien-vi-makrolite-4k\\\/#primaryimage\"},\"image\":{\"@id\":\"https:\\\/\\\/loriot.com.vn\\\/vi\\\/product\\\/kinh-hien-vi-makrolite-4k\\\/#primaryimage\"},\"thumbnailUrl\":\"https:\\\/\\\/loriot.com.vn\\\/wp-content\\\/uploads\\\/2022\\\/07\\\/Makrolite-4K-with-console-ergo-stand-watch-sample-300dpi-scaled-1-770x513-1-1.jpg\",\"datePublished\":\"2022-07-07T08:59:31+00:00\",\"dateModified\":\"2025-07-10T04:19:48+00:00\",\"description\":\"K\u00ednh hi\u1ec3n vi k\u1ef9 thu\u1eadt s\u1ed1 Makrolite 4K gi\u00fap \u0111\u01a1n gi\u1ea3n h\u00f3a c\u00f4ng vi\u1ec7c ki\u1ec3m tra h\u00ecnh \u1ea3nh, ch\u1ee5p \u1ea3nh v\u00e0 \u0111o l\u01b0\u1eddng v\u1edbi ch\u1ea5t l\u01b0\u1ee3ng h\u00ecnh \u1ea3nh v\u01b0\u1ee3t tr\u1ed9i.\",\"breadcrumb\":{\"@id\":\"https:\\\/\\\/loriot.com.vn\\\/vi\\\/product\\\/kinh-hien-vi-makrolite-4k\\\/#breadcrumb\"},\"inLanguage\":\"vi\",\"potentialAction\":[{\"@type\":\"ReadAction\",\"target\":[\"https:\\\/\\\/loriot.com.vn\\\/vi\\\/product\\\/kinh-hien-vi-makrolite-4k\\\/\"]}]},{\"@type\":\"ImageObject\",\"inLanguage\":\"vi\",\"@id\":\"https:\\\/\\\/loriot.com.vn\\\/vi\\\/product\\\/kinh-hien-vi-makrolite-4k\\\/#primaryimage\",\"url\":\"https:\\\/\\\/loriot.com.vn\\\/wp-content\\\/uploads\\\/2022\\\/07\\\/Makrolite-4K-with-console-ergo-stand-watch-sample-300dpi-scaled-1-770x513-1-1.jpg\",\"contentUrl\":\"https:\\\/\\\/loriot.com.vn\\\/wp-content\\\/uploads\\\/2022\\\/07\\\/Makrolite-4K-with-console-ergo-stand-watch-sample-300dpi-scaled-1-770x513-1-1.jpg\",\"width\":770,\"height\":513,\"caption\":\"K\u00cdNH HI\u1ec2N VI MAKROLITE 4K\"},{\"@type\":\"BreadcrumbList\",\"@id\":\"https:\\\/\\\/loriot.com.vn\\\/vi\\\/product\\\/kinh-hien-vi-makrolite-4k\\\/#breadcrumb\",\"itemListElement\":[{\"@type\":\"ListItem\",\"position\":1,\"name\":\"Home\",\"item\":\"https:\\\/\\\/loriot.com.vn\\\/vi\\\/\"},{\"@type\":\"ListItem\",\"position\":2,\"name\":\"Products\",\"item\":\"https:\\\/\\\/loriot.com.vn\\\/product\\\/\"},{\"@type\":\"ListItem\",\"position\":3,\"name\":\"K\u00cdNH HI\u1ec2N VI MAKROLITE 4K\"}]},{\"@type\":\"WebSite\",\"@id\":\"https:\\\/\\\/loriot.com.vn\\\/#website\",\"url\":\"https:\\\/\\\/loriot.com.vn\\\/\",\"name\":\"LORIOT INDUSTRIAL CO.,LTD\",\"description\":\"\",\"publisher\":{\"@id\":\"https:\\\/\\\/loriot.com.vn\\\/#organization\"},\"potentialAction\":[{\"@type\":\"SearchAction\",\"target\":{\"@type\":\"EntryPoint\",\"urlTemplate\":\"https:\\\/\\\/loriot.com.vn\\\/?s={search_term_string}\"},\"query-input\":{\"@type\":\"PropertyValueSpecification\",\"valueRequired\":true,\"valueName\":\"search_term_string\"}}],\"inLanguage\":\"vi\"},{\"@type\":\"Organization\",\"@id\":\"https:\\\/\\\/loriot.com.vn\\\/#organization\",\"name\":\"Loriot Industrial Co.,Ltd\",\"url\":\"https:\\\/\\\/loriot.com.vn\\\/\",\"logo\":{\"@type\":\"ImageObject\",\"inLanguage\":\"vi\",\"@id\":\"https:\\\/\\\/loriot.com.vn\\\/#\\\/schema\\\/logo\\\/image\\\/\",\"url\":\"https:\\\/\\\/loriot.com.vn\\\/wp-content\\\/uploads\\\/2021\\\/08\\\/logo-ft.png\",\"contentUrl\":\"https:\\\/\\\/loriot.com.vn\\\/wp-content\\\/uploads\\\/2021\\\/08\\\/logo-ft.png\",\"width\":333,\"height\":101,\"caption\":\"Loriot Industrial Co.,Ltd\"},\"image\":{\"@id\":\"https:\\\/\\\/loriot.com.vn\\\/#\\\/schema\\\/logo\\\/image\\\/\"},\"sameAs\":[\"https:\\\/\\\/www.facebook.com\\\/Loriot-Industrial-COLTD-103044855046633\"]}]}<\/script>\n<!-- \/ Yoast SEO plugin. -->","yoast_head_json":{"title":"K\u00cdNH HI\u1ec2N VI MAKROLITE 4K - LORIOT INDUSTRIAL","description":"K\u00ednh hi\u1ec3n vi k\u1ef9 thu\u1eadt s\u1ed1 Makrolite 4K gi\u00fap \u0111\u01a1n gi\u1ea3n h\u00f3a c\u00f4ng vi\u1ec7c ki\u1ec3m tra h\u00ecnh \u1ea3nh, ch\u1ee5p \u1ea3nh v\u00e0 \u0111o l\u01b0\u1eddng v\u1edbi ch\u1ea5t l\u01b0\u1ee3ng h\u00ecnh \u1ea3nh v\u01b0\u1ee3t tr\u1ed9i.","robots":{"index":"index","follow":"follow","max-snippet":"max-snippet:-1","max-image-preview":"max-image-preview:large","max-video-preview":"max-video-preview:-1"},"canonical":"https:\/\/loriot.com.vn\/vi\/product\/kinh-hien-vi-makrolite-4k\/","og_locale":"vi_VN","og_type":"article","og_title":"K\u00cdNH HI\u1ec2N VI MAKROLITE 4K - LORIOT INDUSTRIAL","og_description":"K\u00ednh hi\u1ec3n vi k\u1ef9 thu\u1eadt s\u1ed1 Makrolite 4K gi\u00fap \u0111\u01a1n gi\u1ea3n h\u00f3a c\u00f4ng vi\u1ec7c ki\u1ec3m tra h\u00ecnh \u1ea3nh, ch\u1ee5p \u1ea3nh v\u00e0 \u0111o l\u01b0\u1eddng v\u1edbi ch\u1ea5t l\u01b0\u1ee3ng h\u00ecnh \u1ea3nh v\u01b0\u1ee3t tr\u1ed9i.","og_url":"https:\/\/loriot.com.vn\/vi\/product\/kinh-hien-vi-makrolite-4k\/","og_site_name":"LORIOT INDUSTRIAL","article_publisher":"https:\/\/www.facebook.com\/Loriot-Industrial-COLTD-103044855046633","article_modified_time":"2025-07-10T04:19:48+00:00","og_image":[{"width":770,"height":513,"url":"https:\/\/loriot.com.vn\/wp-content\/uploads\/2022\/07\/Makrolite-4K-with-console-ergo-stand-watch-sample-300dpi-scaled-1-770x513-1-1.jpg","type":"image\/jpeg"}],"twitter_card":"summary_large_image","twitter_misc":{"\u01af\u1edbc t\u00ednh th\u1eddi gian \u0111\u1ecdc":"3 ph\u00fat"},"schema":{"@context":"https:\/\/schema.org","@graph":[{"@type":"WebPage","@id":"https:\/\/loriot.com.vn\/vi\/product\/kinh-hien-vi-makrolite-4k\/","url":"https:\/\/loriot.com.vn\/vi\/product\/kinh-hien-vi-makrolite-4k\/","name":"K\u00cdNH HI\u1ec2N VI MAKROLITE 4K - LORIOT INDUSTRIAL","isPartOf":{"@id":"https:\/\/loriot.com.vn\/#website"},"primaryImageOfPage":{"@id":"https:\/\/loriot.com.vn\/vi\/product\/kinh-hien-vi-makrolite-4k\/#primaryimage"},"image":{"@id":"https:\/\/loriot.com.vn\/vi\/product\/kinh-hien-vi-makrolite-4k\/#primaryimage"},"thumbnailUrl":"https:\/\/loriot.com.vn\/wp-content\/uploads\/2022\/07\/Makrolite-4K-with-console-ergo-stand-watch-sample-300dpi-scaled-1-770x513-1-1.jpg","datePublished":"2022-07-07T08:59:31+00:00","dateModified":"2025-07-10T04:19:48+00:00","description":"K\u00ednh hi\u1ec3n vi k\u1ef9 thu\u1eadt s\u1ed1 Makrolite 4K gi\u00fap \u0111\u01a1n gi\u1ea3n h\u00f3a c\u00f4ng vi\u1ec7c ki\u1ec3m tra h\u00ecnh \u1ea3nh, ch\u1ee5p \u1ea3nh v\u00e0 \u0111o l\u01b0\u1eddng v\u1edbi ch\u1ea5t l\u01b0\u1ee3ng h\u00ecnh \u1ea3nh v\u01b0\u1ee3t tr\u1ed9i.","breadcrumb":{"@id":"https:\/\/loriot.com.vn\/vi\/product\/kinh-hien-vi-makrolite-4k\/#breadcrumb"},"inLanguage":"vi","potentialAction":[{"@type":"ReadAction","target":["https:\/\/loriot.com.vn\/vi\/product\/kinh-hien-vi-makrolite-4k\/"]}]},{"@type":"ImageObject","inLanguage":"vi","@id":"https:\/\/loriot.com.vn\/vi\/product\/kinh-hien-vi-makrolite-4k\/#primaryimage","url":"https:\/\/loriot.com.vn\/wp-content\/uploads\/2022\/07\/Makrolite-4K-with-console-ergo-stand-watch-sample-300dpi-scaled-1-770x513-1-1.jpg","contentUrl":"https:\/\/loriot.com.vn\/wp-content\/uploads\/2022\/07\/Makrolite-4K-with-console-ergo-stand-watch-sample-300dpi-scaled-1-770x513-1-1.jpg","width":770,"height":513,"caption":"K\u00cdNH HI\u1ec2N VI MAKROLITE 4K"},{"@type":"BreadcrumbList","@id":"https:\/\/loriot.com.vn\/vi\/product\/kinh-hien-vi-makrolite-4k\/#breadcrumb","itemListElement":[{"@type":"ListItem","position":1,"name":"Home","item":"https:\/\/loriot.com.vn\/vi\/"},{"@type":"ListItem","position":2,"name":"Products","item":"https:\/\/loriot.com.vn\/product\/"},{"@type":"ListItem","position":3,"name":"K\u00cdNH HI\u1ec2N VI MAKROLITE 4K"}]},{"@type":"WebSite","@id":"https:\/\/loriot.com.vn\/#website","url":"https:\/\/loriot.com.vn\/","name":"LORIOT INDUSTRIAL CO.,LTD","description":"","publisher":{"@id":"https:\/\/loriot.com.vn\/#organization"},"potentialAction":[{"@type":"SearchAction","target":{"@type":"EntryPoint","urlTemplate":"https:\/\/loriot.com.vn\/?s={search_term_string}"},"query-input":{"@type":"PropertyValueSpecification","valueRequired":true,"valueName":"search_term_string"}}],"inLanguage":"vi"},{"@type":"Organization","@id":"https:\/\/loriot.com.vn\/#organization","name":"Loriot Industrial Co.,Ltd","url":"https:\/\/loriot.com.vn\/","logo":{"@type":"ImageObject","inLanguage":"vi","@id":"https:\/\/loriot.com.vn\/#\/schema\/logo\/image\/","url":"https:\/\/loriot.com.vn\/wp-content\/uploads\/2021\/08\/logo-ft.png","contentUrl":"https:\/\/loriot.com.vn\/wp-content\/uploads\/2021\/08\/logo-ft.png","width":333,"height":101,"caption":"Loriot Industrial Co.,Ltd"},"image":{"@id":"https:\/\/loriot.com.vn\/#\/schema\/logo\/image\/"},"sameAs":["https:\/\/www.facebook.com\/Loriot-Industrial-COLTD-103044855046633"]}]}},"_links":{"self":[{"href":"https:\/\/loriot.com.vn\/vi\/wp-json\/wp\/v2\/product\/4050","targetHints":{"allow":["GET"]}}],"collection":[{"href":"https:\/\/loriot.com.vn\/vi\/wp-json\/wp\/v2\/product"}],"about":[{"href":"https:\/\/loriot.com.vn\/vi\/wp-json\/wp\/v2\/types\/product"}],"author":[{"embeddable":true,"href":"https:\/\/loriot.com.vn\/vi\/wp-json\/wp\/v2\/users\/2"}],"replies":[{"embeddable":true,"href":"https:\/\/loriot.com.vn\/vi\/wp-json\/wp\/v2\/comments?post=4050"}],"version-history":[{"count":6,"href":"https:\/\/loriot.com.vn\/vi\/wp-json\/wp\/v2\/product\/4050\/revisions"}],"predecessor-version":[{"id":5587,"href":"https:\/\/loriot.com.vn\/vi\/wp-json\/wp\/v2\/product\/4050\/revisions\/5587"}],"wp:featuredmedia":[{"embeddable":true,"href":"https:\/\/loriot.com.vn\/vi\/wp-json\/wp\/v2\/media\/4396"}],"wp:attachment":[{"href":"https:\/\/loriot.com.vn\/vi\/wp-json\/wp\/v2\/media?parent=4050"}],"wp:term":[{"taxonomy":"service-category","embeddable":true,"href":"https:\/\/loriot.com.vn\/vi\/wp-json\/wp\/v2\/service-category?post=4050"},{"taxonomy":"service_tag","embeddable":true,"href":"https:\/\/loriot.com.vn\/vi\/wp-json\/wp\/v2\/service_tag?post=4050"}],"curies":[{"name":"wp","href":"https:\/\/api.w.org\/{rel}","templated":true}]}}