{"id":4073,"date":"2022-07-11T10:58:29","date_gmt":"2022-07-11T03:58:29","guid":{"rendered":"https:\/\/loriot.com.vn\/?post_type=product&#038;p=4073"},"modified":"2025-07-10T11:17:10","modified_gmt":"2025-07-10T04:17:10","slug":"kinh-hien-vi-drv-stereo-cam","status":"publish","type":"product","link":"https:\/\/loriot.com.vn\/vi\/product\/kinh-hien-vi-drv-stereo-cam\/","title":{"rendered":"K\u00cdNH HI\u1ec2N VI DRV STEREO CAM"},"content":{"rendered":"<h2 style=\"text-align: center;\" data-start=\"2894\" data-end=\"2971\"><span style=\"font-size: 12pt;\"><strong data-start=\"2902\" data-end=\"2971\">DRV Stereo CAM \u2013 K\u00ednh Hi\u1ec3n Vi S\u1ed1 3D Stereo Th\u1ef1c S\u1ef1 Kh\u00f4ng C\u1ea7n K\u00ednh<\/strong><\/span><\/h2>\n<h3 data-start=\"2973\" data-end=\"3004\"><\/h3>\n<h3 data-start=\"2973\" data-end=\"3004\"><span style=\"font-size: 12pt;\">S\u1ee9c M\u1ea1nh C\u1ee7a 3D K\u1ef9 Thu\u1eadt S\u1ed1<\/span><\/h3>\n<p data-start=\"3006\" data-end=\"3356\"><span style=\"font-size: 12pt;\"><strong data-start=\"3006\" data-end=\"3024\">DRV Stereo CAM<\/strong> l\u00e0 s\u1ef1 k\u1ebft h\u1ee3p v\u01b0\u1ee3t tr\u1ed9i gi\u1eefa <strong data-start=\"3054\" data-end=\"3090\">t\u1ea7m nh\u00ecn stereo \u0111\u1ed9 ph\u00e2n gi\u1ea3i cao<\/strong> nh\u01b0 k\u00ednh hi\u1ec3n vi quang h\u1ecdc truy\u1ec1n th\u1ed1ng v\u00e0 s\u1ef1 <strong data-start=\"3137\" data-end=\"3189\">nhanh ch\u00f3ng, linh ho\u1ea1t c\u1ee7a c\u00f4ng ngh\u1ec7 k\u1ef9 thu\u1eadt s\u1ed1<\/strong>. S\u1eed d\u1ee5ng c\u00f4ng ngh\u1ec7 <strong data-start=\"3209\" data-end=\"3238\">DRV (Deep Reality Viewer)<\/strong> v\u00e0 <strong data-start=\"3242\" data-end=\"3254\">TriteQ3\u2122<\/strong>, thi\u1ebft b\u1ecb mang \u0111\u1ebfn h\u00ecnh \u1ea3nh 3D <strong data-start=\"3286\" data-end=\"3314\">ch\u00e2n th\u1ef1c kh\u00f4ng c\u1ea7n k\u00ednh<\/strong>, v\u1edbi kh\u1ea3 n\u0103ng <strong data-start=\"3329\" data-end=\"3355\">ph\u00f3ng \u0111\u1ea1i l\u00ean \u0111\u1ebfn 700x<\/strong>.<\/span><\/p>\n<h3 data-start=\"3363\" data-end=\"3393\"><span style=\"font-size: 12pt;\">\ud83d\udd0d <strong data-start=\"3370\" data-end=\"3393\">T\u00ednh N\u0103ng V\u01b0\u1ee3t Tr\u1ed9i<\/strong><\/span><\/h3>\n<h4 data-start=\"3395\" data-end=\"3445\"><span style=\"font-size: 12pt;\">\u2705 <strong data-start=\"3402\" data-end=\"3445\">Quan S\u00e1t \u2013 Ghi L\u1ea1i \u2013 Chia S\u1ebb 3D Th\u1ef1c S\u1ef1<\/strong><\/span><\/h4>\n<ul data-start=\"3446\" data-end=\"3654\">\n<li data-start=\"3446\" data-end=\"3488\">\n<p data-start=\"3448\" data-end=\"3488\"><span style=\"font-size: 12pt;\">H\u00ecnh \u1ea3nh 3D <strong data-start=\"3460\" data-end=\"3486\">s\u1eafc n\u00e9t kh\u00f4ng c\u1ea7n k\u00ednh<\/strong><\/span><\/p>\n<\/li>\n<li data-start=\"3489\" data-end=\"3571\">\n<p data-start=\"3491\" data-end=\"3571\"><span style=\"font-size: 12pt;\">Cho ph\u00e9p ghi h\u00ecnh, ch\u1ee5p \u1ea3nh, chia s\u1ebb 3D <strong data-start=\"3531\" data-end=\"3569\">tr\u1ef1c ti\u1ebfp ho\u1eb7c theo th\u1eddi gian th\u1ef1c<\/strong><\/span><\/p>\n<\/li>\n<li data-start=\"3572\" data-end=\"3654\">\n<p data-start=\"3574\" data-end=\"3654\"><span style=\"font-size: 12pt;\">Gi\u1eef nguy\u00ean <strong data-start=\"3585\" data-end=\"3625\">ch\u1ea5t l\u01b0\u1ee3ng th\u1ecb gi\u00e1c stereo quang h\u1ecdc<\/strong>, tr\u00e1nh hi\u1ec3u sai nh\u01b0 \u1edf \u1ea3nh 2D<\/span><\/p>\n<\/li>\n<\/ul>\n<h4 data-start=\"3656\" data-end=\"3707\"><span style=\"font-size: 12pt;\">\u2705 <strong data-start=\"3663\" data-end=\"3707\">T\u0103ng T\u1ed1c Quy\u1ebft \u0110\u1ecbnh &amp; Ki\u1ec3m \u0110\u1ecbnh S\u1ea3n Ph\u1ea9m<\/strong><\/span><\/h4>\n<ul data-start=\"3708\" data-end=\"3875\">\n<li data-start=\"3708\" data-end=\"3796\">\n<p data-start=\"3710\" data-end=\"3796\"><span style=\"font-size: 12pt;\">K\u1ebft h\u1ee3p t\u1ea7m nh\u00ecn stereo v\u1edbi c\u00f4ng ngh\u1ec7 s\u1ed1 \u0111\u1ec3 <strong data-start=\"3754\" data-end=\"3794\">ra quy\u1ebft \u0111\u1ecbnh nhanh v\u00e0 ch\u00ednh x\u00e1c h\u01a1n<\/strong><\/span><\/p>\n<\/li>\n<li data-start=\"3797\" data-end=\"3875\">\n<p data-start=\"3799\" data-end=\"3875\"><span style=\"font-size: 12pt;\">L\u00fd t\u01b0\u1edfng cho c\u00e1c l\u0129nh v\u1ef1c: <strong data-start=\"3826\" data-end=\"3875\">\u0111i\u1ec7n t\u1eed, thi\u1ebft b\u1ecb y t\u1ebf, c\u01a1 kh\u00ed ch\u00ednh x\u00e1c, R&amp;D<\/strong><\/span><\/p>\n<\/li>\n<\/ul>\n<h4 data-start=\"3877\" data-end=\"3919\"><span style=\"font-size: 12pt;\">\u2705 <strong data-start=\"3884\" data-end=\"3919\">Linh Ho\u1ea1t Trong T\u01b0 Th\u1ebf Quan S\u00e1t<\/strong><\/span><\/h4>\n<ul data-start=\"3920\" data-end=\"4112\">\n<li data-start=\"3920\" data-end=\"4001\">\n<p data-start=\"3922\" data-end=\"4001\"><span style=\"font-size: 12pt;\">T\u00e1ch bi\u1ec7t gi\u1eefa n\u01a1i l\u1ea5y \u1ea3nh v\u00e0 hi\u1ec3n th\u1ecb, cho ph\u00e9p <strong data-start=\"3971\" data-end=\"3999\">thi\u1ebft k\u1ebf b\u1ed1 c\u1ee5c t\u00f9y bi\u1ebfn<\/strong><\/span><\/p>\n<\/li>\n<li data-start=\"4002\" data-end=\"4064\">\n<p data-start=\"4004\" data-end=\"4064\"><span style=\"font-size: 12pt;\">Kh\u00f4ng c\u1ea7n c\u00fai s\u00e1t v\u00e0o m\u1eabu \u2013 <strong data-start=\"4032\" data-end=\"4062\">tho\u1ea3i m\u00e1i v\u00e0 ti\u1ec7n d\u1ee5ng h\u01a1n<\/strong><\/span><\/p>\n<\/li>\n<li data-start=\"4065\" data-end=\"4112\">\n<p data-start=\"4067\" data-end=\"4112\"><span style=\"font-size: 12pt;\">T\u00f9y \u00fd \u0111\u1eb7t m\u00e0n h\u00ecnh \u1edf v\u1ecb tr\u00ed ph\u00f9 h\u1ee3p quy tr\u00ecnh<\/span><\/p>\n<\/li>\n<\/ul>\n<h4 data-start=\"4114\" data-end=\"4153\"><span style=\"font-size: 12pt;\">\u2705 <strong data-start=\"4121\" data-end=\"4153\">H\u1ed7 Tr\u1ee3 L\u00e0m Vi\u1ec7c Nh\u00f3m M\u1ecdi N\u01a1i<\/strong><\/span><\/h4>\n<ul data-start=\"4154\" data-end=\"4361\">\n<li data-start=\"4154\" data-end=\"4228\">\n<p data-start=\"4156\" data-end=\"4228\"><span style=\"font-size: 12pt;\">K\u1ebft n\u1ed1i nh\u00f3m k\u1ef9 thu\u1eadt, \u0111\u1ed1i t\u00e1c ho\u1eb7c d\u00e2y chuy\u1ec1n s\u1ea3n xu\u1ea5t \u1edf nhi\u1ec1u v\u1ecb tr\u00ed<\/span><\/p>\n<\/li>\n<li data-start=\"4229\" data-end=\"4295\">\n<p data-start=\"4231\" data-end=\"4295\"><span style=\"font-size: 12pt;\">Chia s\u1ebb <strong data-start=\"4239\" data-end=\"4293\">quy tr\u00ecnh ki\u1ec3m tra tr\u1ef1c ti\u1ebfp ho\u1eb7c s\u1ef1 ki\u1ec7n hi\u1ebfm g\u1eb7p<\/strong><\/span><\/p>\n<\/li>\n<li data-start=\"4296\" data-end=\"4361\">\n<p data-start=\"4298\" data-end=\"4361\"><span style=\"font-size: 12pt;\">Tr\u00e1nh hi\u1ec3u sai h\u00ecnh \u1ea3nh khi xem l\u1ea1i nh\u1edd d\u1eef li\u1ec7u 3D stereo chu\u1ea9n<\/span><\/p>\n<\/li>\n<\/ul>\n<h4 data-start=\"4363\" data-end=\"4399\"><span style=\"font-size: 12pt;\">\u2705 <strong data-start=\"4370\" data-end=\"4399\">L\u00e0m Vi\u1ec7c L\u00e2u M\u00e0 Kh\u00f4ng M\u1ecfi<\/strong><\/span><\/h4>\n<ul data-start=\"4400\" data-end=\"4529\">\n<li data-start=\"4400\" data-end=\"4471\">\n<p data-start=\"4402\" data-end=\"4471\"><span style=\"font-size: 12pt;\">T\u01b0 th\u1ebf quan s\u00e1t <strong data-start=\"4418\" data-end=\"4443\">t\u1ef1 nhi\u00ean, kh\u00f4ng g\u00f2 b\u00f3<\/strong>, gi\u1ea3m m\u1ecfi c\u1ed5 \u2013 l\u01b0ng \u2013 m\u1eaft<\/span><\/p>\n<\/li>\n<li data-start=\"4472\" data-end=\"4529\">\n<p data-start=\"4474\" data-end=\"4529\"><span style=\"font-size: 12pt;\">T\u0103ng kh\u1ea3 n\u0103ng l\u00e0m vi\u1ec7c l\u00e2u d\u00e0i, <strong data-start=\"4506\" data-end=\"4529\">gi\u1ea3m l\u1ed7i do m\u1ec7t m\u1ecfi<\/strong><\/span><\/p>\n<\/li>\n<\/ul>\n<h4 data-start=\"4531\" data-end=\"4575\"><span style=\"font-size: 12pt;\">\u2705 <strong data-start=\"4538\" data-end=\"4575\">Chuy\u1ec3n \u0110\u1ed5i Ng\u01b0\u1eddi D\u00f9ng Nhanh Ch\u00f3ng<\/strong><\/span><\/h4>\n<ul data-start=\"4576\" data-end=\"4726\">\n<li data-start=\"4576\" data-end=\"4655\">\n<p data-start=\"4578\" data-end=\"4655\"><span style=\"font-size: 12pt;\"><strong data-start=\"4578\" data-end=\"4611\">\u0110i\u1ec1u ch\u1ec9nh chi\u1ec1u cao m\u00e0n h\u00ecnh<\/strong> d\u1ec5 d\u00e0ng, kh\u00f4ng c\u1ea7n hi\u1ec7u ch\u1ec9nh l\u1ea1i ti\u00eau c\u1ef1<\/span><\/p>\n<\/li>\n<li data-start=\"4656\" data-end=\"4726\">\n<p data-start=\"4658\" data-end=\"4726\"><span style=\"font-size: 12pt;\">Ph\u00f9 h\u1ee3p v\u1edbi nhi\u1ec1u ng\u01b0\u1eddi d\u00f9ng kh\u00e1c nhau m\u00e0 v\u1eabn gi\u1eef tr\u1ea3i nghi\u1ec7m t\u1ed1i \u01b0u<\/span><\/p>\n<\/li>\n<\/ul>\n<h4 data-start=\"4728\" data-end=\"4773\"><span style=\"font-size: 12pt;\">\u2705 <strong data-start=\"4735\" data-end=\"4773\">Th\u1ecb Gi\u00e1c S\u00e2u Cho C\u00f4ng Vi\u1ec7c D\u1ee5ng C\u1ee5<\/strong><\/span><\/h4>\n<ul data-start=\"4774\" data-end=\"4932\">\n<li data-start=\"4774\" data-end=\"4857\">\n<p data-start=\"4776\" data-end=\"4857\"><span style=\"font-size: 12pt;\">Nh\u1eadn bi\u1ebft chi\u1ec1u s\u00e2u ch\u00ednh x\u00e1c gi\u00fap <strong data-start=\"4811\" data-end=\"4855\">s\u1eed d\u1ee5ng d\u1ee5ng c\u1ee5 an to\u00e0n v\u00e0 ch\u00ednh x\u00e1c h\u01a1n<\/strong><\/span><\/p>\n<\/li>\n<li data-start=\"4858\" data-end=\"4932\">\n<p data-start=\"4860\" data-end=\"4932\"><span style=\"font-size: 12pt;\">Tr\u01b0\u1eddng nh\u00ecn r\u1ed9ng, <strong data-start=\"4878\" data-end=\"4906\">kho\u1ea3ng c\u00e1ch l\u00e0m vi\u1ec7c l\u1edbn<\/strong>, ph\u00f9 h\u1ee3p thao t\u00e1c tinh vi<\/span><\/p>\n<\/li>\n<\/ul>\n<h4 data-start=\"4934\" data-end=\"4967\"><span style=\"font-size: 12pt;\">\u2705 <strong data-start=\"4941\" data-end=\"4967\">Ph\u00f3ng \u0110\u1ea1i L\u00ean T\u1edbi 700x<\/strong><\/span><\/h4>\n<ul data-start=\"4968\" data-end=\"5094\">\n<li data-start=\"4968\" data-end=\"5026\">\n<p data-start=\"4970\" data-end=\"5026\"><span style=\"font-size: 12pt;\">Quan s\u00e1t r\u00f5 <strong data-start=\"4982\" data-end=\"5002\">chi ti\u1ebft c\u1ef1c nh\u1ecf<\/strong> v\u1edbi \u0111\u1ed9 t\u01b0\u01a1ng ph\u1ea3n cao<\/span><\/p>\n<\/li>\n<li data-start=\"5027\" data-end=\"5094\">\n<p data-start=\"5029\" data-end=\"5094\"><span style=\"font-size: 12pt;\">\u0110\u00e1p \u1ee9ng t\u1ed1t nhu c\u1ea7u <strong data-start=\"5049\" data-end=\"5094\">ki\u1ec3m tra k\u1ef9 thu\u1eadt v\u00e0 ki\u1ec3m so\u00e1t ch\u1ea5t l\u01b0\u1ee3ng<\/strong><\/span><\/p>\n<\/li>\n<\/ul>\n<h3 data-start=\"5101\" data-end=\"5134\"><span style=\"font-size: 12pt;\">\ud83c\udfaf <strong data-start=\"5108\" data-end=\"5134\">\u1ee8ng D\u1ee5ng L\u00fd T\u01b0\u1edfng Cho:<\/strong><\/span><\/h3>\n<ul data-start=\"5136\" data-end=\"5347\">\n<li data-start=\"5136\" data-end=\"5177\">\n<p data-start=\"5138\" data-end=\"5177\"><span style=\"font-size: 12pt;\">Ki\u1ec3m tra b\u1ea3ng m\u1ea1ch, linh ki\u1ec7n \u0111i\u1ec7n t\u1eed<\/span><\/p>\n<\/li>\n<li data-start=\"5178\" data-end=\"5213\">\n<p data-start=\"5180\" data-end=\"5213\"><span style=\"font-size: 12pt;\">L\u1eafp r\u00e1p thi\u1ebft b\u1ecb y t\u1ebf ch\u00ednh x\u00e1c<\/span><\/p>\n<\/li>\n<li data-start=\"5214\" data-end=\"5256\">\n<p data-start=\"5216\" data-end=\"5256\"><span style=\"font-size: 12pt;\">Ph\u00e2n t\u00edch l\u1ed7i \u2013 QA \u2013 QC trong s\u1ea3n xu\u1ea5t<\/span><\/p>\n<\/li>\n<li data-start=\"5257\" data-end=\"5282\">\n<p data-start=\"5259\" data-end=\"5282\"><span style=\"font-size: 12pt;\">\u0110\u00e0o t\u1ea1o k\u1ef9 thu\u1eadt vi\u00ean<\/span><\/p>\n<\/li>\n<li data-start=\"5283\" data-end=\"5347\">\n<p data-start=\"5285\" data-end=\"5347\"><span style=\"font-size: 12pt;\">Thao t\u00e1c tinh vi d\u01b0\u1edbi k\u00ednh (v\u00ed d\u1ee5: s\u1eeda ch\u1eefa si\u00eau nh\u1ecf, vi ph\u1eabu)<\/span><\/p>\n<\/li>\n<\/ul>\n<blockquote data-start=\"5354\" data-end=\"5520\">\n<p data-start=\"5356\" data-end=\"5520\"><span style=\"font-size: 12pt;\"><strong data-start=\"5356\" data-end=\"5374\">DRV Stereo CAM<\/strong> \u2013 gi\u1ea3i ph\u00e1p hi\u1ec3n vi stereo 3D k\u1ef9 thu\u1eadt s\u1ed1 <strong data-start=\"5417\" data-end=\"5435\">kh\u00f4ng c\u1ea7n k\u00ednh<\/strong>, gi\u00fap <strong data-start=\"5442\" data-end=\"5519\">n\u00e2ng cao n\u0103ng su\u1ea5t, \u0111\u1ed9 ch\u00ednh x\u00e1c v\u00e0 s\u1ef1 tho\u1ea3i m\u00e1i trong c\u00f4ng vi\u1ec7c hi\u1ec7n \u0111\u1ea1i<\/strong>.<\/span><\/p>\n<\/blockquote>\n","protected":false},"excerpt":{"rendered":"<p>K\u00ednh Hi\u1ec3n Vi DRV Stereo Cam thu ph\u00f3ng h\u00ecnh \u1ea3nh 3D v\u1edbi \u0111\u1ed9 ph\u00e2n gi\u1ea3i, ti\u1ec7n l\u1ee3i v\u00e0 \u0111\u1ed9 ph\u00f3ng \u0111\u1ea1i l\u00ean \u0111\u1ebfn 700x.<\/p>\n","protected":false},"author":2,"featured_media":4394,"parent":0,"menu_order":0,"comment_status":"open","ping_status":"closed","template":"","meta":{"inline_featured_image":false,"footnotes":""},"service-category":[86],"service_tag":[],"class_list":["post-4073","product","type-product","status-publish","has-post-thumbnail","hentry","service-category-kinh-hien-vi-quang-hoc"],"yoast_head":"<!-- This site is optimized with the Yoast SEO plugin v27.4 - https:\/\/yoast.com\/product\/yoast-seo-wordpress\/ -->\n<title>K\u00cdNH HI\u1ec2N VI DRV STEREO CAM - LORIOT INDUSTRIAL<\/title>\n<meta name=\"description\" content=\"K\u00ednh Hi\u1ec3n Vi DRV Stereo Cam thu ph\u00f3ng h\u00ecnh \u1ea3nh 3D v\u1edbi \u0111\u1ed9 ph\u00e2n gi\u1ea3i, ti\u1ec7n l\u1ee3i v\u00e0 \u0111\u1ed9 ph\u00f3ng \u0111\u1ea1i l\u00ean \u0111\u1ebfn 700x.\" \/>\n<meta name=\"robots\" content=\"index, follow, max-snippet:-1, max-image-preview:large, max-video-preview:-1\" \/>\n<link rel=\"canonical\" href=\"https:\/\/loriot.com.vn\/vi\/product\/kinh-hien-vi-drv-stereo-cam\/\" \/>\n<meta property=\"og:locale\" content=\"vi_VN\" \/>\n<meta property=\"og:type\" content=\"article\" \/>\n<meta property=\"og:title\" content=\"K\u00cdNH HI\u1ec2N VI DRV STEREO CAM - LORIOT INDUSTRIAL\" \/>\n<meta property=\"og:description\" content=\"K\u00ednh Hi\u1ec3n Vi DRV Stereo Cam thu ph\u00f3ng h\u00ecnh \u1ea3nh 3D v\u1edbi \u0111\u1ed9 ph\u00e2n gi\u1ea3i, ti\u1ec7n l\u1ee3i v\u00e0 \u0111\u1ed9 ph\u00f3ng \u0111\u1ea1i l\u00ean \u0111\u1ebfn 700x.\" \/>\n<meta property=\"og:url\" content=\"https:\/\/loriot.com.vn\/vi\/product\/kinh-hien-vi-drv-stereo-cam\/\" \/>\n<meta property=\"og:site_name\" content=\"LORIOT INDUSTRIAL\" \/>\n<meta property=\"article:publisher\" content=\"https:\/\/www.facebook.com\/Loriot-Industrial-COLTD-103044855046633\" \/>\n<meta property=\"article:modified_time\" content=\"2025-07-10T04:17:10+00:00\" \/>\n<meta property=\"og:image\" content=\"https:\/\/loriot.com.vn\/wp-content\/uploads\/2022\/07\/DRV-Stereo-CAM-770x548-1.jpg\" \/>\n\t<meta property=\"og:image:width\" content=\"770\" \/>\n\t<meta property=\"og:image:height\" content=\"513\" \/>\n\t<meta property=\"og:image:type\" content=\"image\/jpeg\" \/>\n<meta name=\"twitter:card\" content=\"summary_large_image\" \/>\n<meta name=\"twitter:label1\" content=\"\u01af\u1edbc t\u00ednh th\u1eddi gian \u0111\u1ecdc\" \/>\n\t<meta name=\"twitter:data1\" content=\"3 ph\u00fat\" \/>\n<script type=\"application\/ld+json\" class=\"yoast-schema-graph\">{\"@context\":\"https:\\\/\\\/schema.org\",\"@graph\":[{\"@type\":\"WebPage\",\"@id\":\"https:\\\/\\\/loriot.com.vn\\\/vi\\\/product\\\/kinh-hien-vi-drv-stereo-cam\\\/\",\"url\":\"https:\\\/\\\/loriot.com.vn\\\/vi\\\/product\\\/kinh-hien-vi-drv-stereo-cam\\\/\",\"name\":\"K\u00cdNH HI\u1ec2N VI DRV STEREO CAM - LORIOT INDUSTRIAL\",\"isPartOf\":{\"@id\":\"https:\\\/\\\/loriot.com.vn\\\/#website\"},\"primaryImageOfPage\":{\"@id\":\"https:\\\/\\\/loriot.com.vn\\\/vi\\\/product\\\/kinh-hien-vi-drv-stereo-cam\\\/#primaryimage\"},\"image\":{\"@id\":\"https:\\\/\\\/loriot.com.vn\\\/vi\\\/product\\\/kinh-hien-vi-drv-stereo-cam\\\/#primaryimage\"},\"thumbnailUrl\":\"https:\\\/\\\/loriot.com.vn\\\/wp-content\\\/uploads\\\/2022\\\/07\\\/DRV-Stereo-CAM-770x548-1.jpg\",\"datePublished\":\"2022-07-11T03:58:29+00:00\",\"dateModified\":\"2025-07-10T04:17:10+00:00\",\"description\":\"K\u00ednh Hi\u1ec3n Vi DRV Stereo Cam thu ph\u00f3ng h\u00ecnh \u1ea3nh 3D v\u1edbi \u0111\u1ed9 ph\u00e2n gi\u1ea3i, ti\u1ec7n l\u1ee3i v\u00e0 \u0111\u1ed9 ph\u00f3ng \u0111\u1ea1i l\u00ean \u0111\u1ebfn 700x.\",\"breadcrumb\":{\"@id\":\"https:\\\/\\\/loriot.com.vn\\\/vi\\\/product\\\/kinh-hien-vi-drv-stereo-cam\\\/#breadcrumb\"},\"inLanguage\":\"vi\",\"potentialAction\":[{\"@type\":\"ReadAction\",\"target\":[\"https:\\\/\\\/loriot.com.vn\\\/vi\\\/product\\\/kinh-hien-vi-drv-stereo-cam\\\/\"]}]},{\"@type\":\"ImageObject\",\"inLanguage\":\"vi\",\"@id\":\"https:\\\/\\\/loriot.com.vn\\\/vi\\\/product\\\/kinh-hien-vi-drv-stereo-cam\\\/#primaryimage\",\"url\":\"https:\\\/\\\/loriot.com.vn\\\/wp-content\\\/uploads\\\/2022\\\/07\\\/DRV-Stereo-CAM-770x548-1.jpg\",\"contentUrl\":\"https:\\\/\\\/loriot.com.vn\\\/wp-content\\\/uploads\\\/2022\\\/07\\\/DRV-Stereo-CAM-770x548-1.jpg\",\"width\":770,\"height\":513,\"caption\":\"K\u00cdNH HI\u1ec2N VI DRV STEREO CAM\"},{\"@type\":\"BreadcrumbList\",\"@id\":\"https:\\\/\\\/loriot.com.vn\\\/vi\\\/product\\\/kinh-hien-vi-drv-stereo-cam\\\/#breadcrumb\",\"itemListElement\":[{\"@type\":\"ListItem\",\"position\":1,\"name\":\"Home\",\"item\":\"https:\\\/\\\/loriot.com.vn\\\/vi\\\/\"},{\"@type\":\"ListItem\",\"position\":2,\"name\":\"Products\",\"item\":\"https:\\\/\\\/loriot.com.vn\\\/product\\\/\"},{\"@type\":\"ListItem\",\"position\":3,\"name\":\"K\u00cdNH HI\u1ec2N VI DRV STEREO CAM\"}]},{\"@type\":\"WebSite\",\"@id\":\"https:\\\/\\\/loriot.com.vn\\\/#website\",\"url\":\"https:\\\/\\\/loriot.com.vn\\\/\",\"name\":\"LORIOT INDUSTRIAL CO.,LTD\",\"description\":\"\",\"publisher\":{\"@id\":\"https:\\\/\\\/loriot.com.vn\\\/#organization\"},\"potentialAction\":[{\"@type\":\"SearchAction\",\"target\":{\"@type\":\"EntryPoint\",\"urlTemplate\":\"https:\\\/\\\/loriot.com.vn\\\/?s={search_term_string}\"},\"query-input\":{\"@type\":\"PropertyValueSpecification\",\"valueRequired\":true,\"valueName\":\"search_term_string\"}}],\"inLanguage\":\"vi\"},{\"@type\":\"Organization\",\"@id\":\"https:\\\/\\\/loriot.com.vn\\\/#organization\",\"name\":\"Loriot Industrial Co.,Ltd\",\"url\":\"https:\\\/\\\/loriot.com.vn\\\/\",\"logo\":{\"@type\":\"ImageObject\",\"inLanguage\":\"vi\",\"@id\":\"https:\\\/\\\/loriot.com.vn\\\/#\\\/schema\\\/logo\\\/image\\\/\",\"url\":\"https:\\\/\\\/loriot.com.vn\\\/wp-content\\\/uploads\\\/2021\\\/08\\\/logo-ft.png\",\"contentUrl\":\"https:\\\/\\\/loriot.com.vn\\\/wp-content\\\/uploads\\\/2021\\\/08\\\/logo-ft.png\",\"width\":333,\"height\":101,\"caption\":\"Loriot Industrial Co.,Ltd\"},\"image\":{\"@id\":\"https:\\\/\\\/loriot.com.vn\\\/#\\\/schema\\\/logo\\\/image\\\/\"},\"sameAs\":[\"https:\\\/\\\/www.facebook.com\\\/Loriot-Industrial-COLTD-103044855046633\"]}]}<\/script>\n<!-- \/ Yoast SEO plugin. -->","yoast_head_json":{"title":"K\u00cdNH HI\u1ec2N VI DRV STEREO CAM - LORIOT INDUSTRIAL","description":"K\u00ednh Hi\u1ec3n Vi DRV Stereo Cam thu ph\u00f3ng h\u00ecnh \u1ea3nh 3D v\u1edbi \u0111\u1ed9 ph\u00e2n gi\u1ea3i, ti\u1ec7n l\u1ee3i v\u00e0 \u0111\u1ed9 ph\u00f3ng \u0111\u1ea1i l\u00ean \u0111\u1ebfn 700x.","robots":{"index":"index","follow":"follow","max-snippet":"max-snippet:-1","max-image-preview":"max-image-preview:large","max-video-preview":"max-video-preview:-1"},"canonical":"https:\/\/loriot.com.vn\/vi\/product\/kinh-hien-vi-drv-stereo-cam\/","og_locale":"vi_VN","og_type":"article","og_title":"K\u00cdNH HI\u1ec2N VI DRV STEREO CAM - LORIOT INDUSTRIAL","og_description":"K\u00ednh Hi\u1ec3n Vi DRV Stereo Cam thu ph\u00f3ng h\u00ecnh \u1ea3nh 3D v\u1edbi \u0111\u1ed9 ph\u00e2n gi\u1ea3i, ti\u1ec7n l\u1ee3i v\u00e0 \u0111\u1ed9 ph\u00f3ng \u0111\u1ea1i l\u00ean \u0111\u1ebfn 700x.","og_url":"https:\/\/loriot.com.vn\/vi\/product\/kinh-hien-vi-drv-stereo-cam\/","og_site_name":"LORIOT INDUSTRIAL","article_publisher":"https:\/\/www.facebook.com\/Loriot-Industrial-COLTD-103044855046633","article_modified_time":"2025-07-10T04:17:10+00:00","og_image":[{"width":770,"height":513,"url":"https:\/\/loriot.com.vn\/wp-content\/uploads\/2022\/07\/DRV-Stereo-CAM-770x548-1.jpg","type":"image\/jpeg"}],"twitter_card":"summary_large_image","twitter_misc":{"\u01af\u1edbc t\u00ednh th\u1eddi gian \u0111\u1ecdc":"3 ph\u00fat"},"schema":{"@context":"https:\/\/schema.org","@graph":[{"@type":"WebPage","@id":"https:\/\/loriot.com.vn\/vi\/product\/kinh-hien-vi-drv-stereo-cam\/","url":"https:\/\/loriot.com.vn\/vi\/product\/kinh-hien-vi-drv-stereo-cam\/","name":"K\u00cdNH HI\u1ec2N VI DRV STEREO CAM - LORIOT INDUSTRIAL","isPartOf":{"@id":"https:\/\/loriot.com.vn\/#website"},"primaryImageOfPage":{"@id":"https:\/\/loriot.com.vn\/vi\/product\/kinh-hien-vi-drv-stereo-cam\/#primaryimage"},"image":{"@id":"https:\/\/loriot.com.vn\/vi\/product\/kinh-hien-vi-drv-stereo-cam\/#primaryimage"},"thumbnailUrl":"https:\/\/loriot.com.vn\/wp-content\/uploads\/2022\/07\/DRV-Stereo-CAM-770x548-1.jpg","datePublished":"2022-07-11T03:58:29+00:00","dateModified":"2025-07-10T04:17:10+00:00","description":"K\u00ednh Hi\u1ec3n Vi DRV Stereo Cam thu ph\u00f3ng h\u00ecnh \u1ea3nh 3D v\u1edbi \u0111\u1ed9 ph\u00e2n gi\u1ea3i, ti\u1ec7n l\u1ee3i v\u00e0 \u0111\u1ed9 ph\u00f3ng \u0111\u1ea1i l\u00ean \u0111\u1ebfn 700x.","breadcrumb":{"@id":"https:\/\/loriot.com.vn\/vi\/product\/kinh-hien-vi-drv-stereo-cam\/#breadcrumb"},"inLanguage":"vi","potentialAction":[{"@type":"ReadAction","target":["https:\/\/loriot.com.vn\/vi\/product\/kinh-hien-vi-drv-stereo-cam\/"]}]},{"@type":"ImageObject","inLanguage":"vi","@id":"https:\/\/loriot.com.vn\/vi\/product\/kinh-hien-vi-drv-stereo-cam\/#primaryimage","url":"https:\/\/loriot.com.vn\/wp-content\/uploads\/2022\/07\/DRV-Stereo-CAM-770x548-1.jpg","contentUrl":"https:\/\/loriot.com.vn\/wp-content\/uploads\/2022\/07\/DRV-Stereo-CAM-770x548-1.jpg","width":770,"height":513,"caption":"K\u00cdNH HI\u1ec2N VI DRV STEREO CAM"},{"@type":"BreadcrumbList","@id":"https:\/\/loriot.com.vn\/vi\/product\/kinh-hien-vi-drv-stereo-cam\/#breadcrumb","itemListElement":[{"@type":"ListItem","position":1,"name":"Home","item":"https:\/\/loriot.com.vn\/vi\/"},{"@type":"ListItem","position":2,"name":"Products","item":"https:\/\/loriot.com.vn\/product\/"},{"@type":"ListItem","position":3,"name":"K\u00cdNH HI\u1ec2N VI DRV STEREO CAM"}]},{"@type":"WebSite","@id":"https:\/\/loriot.com.vn\/#website","url":"https:\/\/loriot.com.vn\/","name":"LORIOT INDUSTRIAL CO.,LTD","description":"","publisher":{"@id":"https:\/\/loriot.com.vn\/#organization"},"potentialAction":[{"@type":"SearchAction","target":{"@type":"EntryPoint","urlTemplate":"https:\/\/loriot.com.vn\/?s={search_term_string}"},"query-input":{"@type":"PropertyValueSpecification","valueRequired":true,"valueName":"search_term_string"}}],"inLanguage":"vi"},{"@type":"Organization","@id":"https:\/\/loriot.com.vn\/#organization","name":"Loriot Industrial Co.,Ltd","url":"https:\/\/loriot.com.vn\/","logo":{"@type":"ImageObject","inLanguage":"vi","@id":"https:\/\/loriot.com.vn\/#\/schema\/logo\/image\/","url":"https:\/\/loriot.com.vn\/wp-content\/uploads\/2021\/08\/logo-ft.png","contentUrl":"https:\/\/loriot.com.vn\/wp-content\/uploads\/2021\/08\/logo-ft.png","width":333,"height":101,"caption":"Loriot Industrial Co.,Ltd"},"image":{"@id":"https:\/\/loriot.com.vn\/#\/schema\/logo\/image\/"},"sameAs":["https:\/\/www.facebook.com\/Loriot-Industrial-COLTD-103044855046633"]}]}},"_links":{"self":[{"href":"https:\/\/loriot.com.vn\/vi\/wp-json\/wp\/v2\/product\/4073","targetHints":{"allow":["GET"]}}],"collection":[{"href":"https:\/\/loriot.com.vn\/vi\/wp-json\/wp\/v2\/product"}],"about":[{"href":"https:\/\/loriot.com.vn\/vi\/wp-json\/wp\/v2\/types\/product"}],"author":[{"embeddable":true,"href":"https:\/\/loriot.com.vn\/vi\/wp-json\/wp\/v2\/users\/2"}],"replies":[{"embeddable":true,"href":"https:\/\/loriot.com.vn\/vi\/wp-json\/wp\/v2\/comments?post=4073"}],"version-history":[{"count":6,"href":"https:\/\/loriot.com.vn\/vi\/wp-json\/wp\/v2\/product\/4073\/revisions"}],"predecessor-version":[{"id":5585,"href":"https:\/\/loriot.com.vn\/vi\/wp-json\/wp\/v2\/product\/4073\/revisions\/5585"}],"wp:featuredmedia":[{"embeddable":true,"href":"https:\/\/loriot.com.vn\/vi\/wp-json\/wp\/v2\/media\/4394"}],"wp:attachment":[{"href":"https:\/\/loriot.com.vn\/vi\/wp-json\/wp\/v2\/media?parent=4073"}],"wp:term":[{"taxonomy":"service-category","embeddable":true,"href":"https:\/\/loriot.com.vn\/vi\/wp-json\/wp\/v2\/service-category?post=4073"},{"taxonomy":"service_tag","embeddable":true,"href":"https:\/\/loriot.com.vn\/vi\/wp-json\/wp\/v2\/service_tag?post=4073"}],"curies":[{"name":"wp","href":"https:\/\/api.w.org\/{rel}","templated":true}]}}