{"id":4084,"date":"2022-07-11T15:13:08","date_gmt":"2022-07-11T08:13:08","guid":{"rendered":"https:\/\/loriot.com.vn\/?post_type=product&#038;p=4084"},"modified":"2025-07-10T11:13:47","modified_gmt":"2025-07-10T04:13:47","slug":"kinh-hien-vi-drv-n-series","status":"publish","type":"product","link":"https:\/\/loriot.com.vn\/vi\/product\/kinh-hien-vi-drv-n-series\/","title":{"rendered":"K\u00cdNH HI\u1ec2N VI DRV N SERIES"},"content":{"rendered":"<h2 style=\"text-align: center;\" data-start=\"3314\" data-end=\"3396\"><span style=\"font-size: 12pt;\"><strong data-start=\"3322\" data-end=\"3396\">DRV N Series \u2013 K\u00ednh Hi\u1ec3n Vi S\u1ed1 3D Th\u1ef1c S\u1ef1 V\u1edbi Zoom Quang H\u1ecdc V\u01b0\u1ee3t Tr\u1ed9i<\/strong><\/span><\/h2>\n<p>&nbsp;<\/p>\n<h3 data-start=\"3398\" data-end=\"3444\"><span style=\"font-size: 12pt;\">3D Stereo \u2013 3D K\u1ef9 Thu\u1eadt S\u1ed1 \u2013 Zoom Ho\u00e0n H\u1ea3o<\/span><\/h3>\n<p data-start=\"3446\" data-end=\"3775\"><span style=\"font-size: 12pt;\"><strong data-start=\"3446\" data-end=\"3462\">DRV N Series<\/strong> l\u00e0 h\u1ec7 th\u1ed1ng k\u00ednh hi\u1ec3n vi s\u1ed1 3D ti\u00ean ti\u1ebfn, k\u1ebft h\u1ee3p gi\u1eefa c\u00f4ng ngh\u1ec7 <strong data-start=\"3528\" data-end=\"3557\">Deep Reality Viewer (DRV)<\/strong> v\u00e0 <strong data-start=\"3561\" data-end=\"3589\">zoom quang h\u1ecdc Nikon SMZ<\/strong>. H\u1ec7 th\u1ed1ng cho ph\u00e9p <strong data-start=\"3609\" data-end=\"3631\">ph\u00f3ng \u0111\u1ea1i \u0111\u1ebfn 800x<\/strong>, v\u1edbi <strong data-start=\"3637\" data-end=\"3656\">t\u1ef7 l\u1ec7 zoom 25:1<\/strong>, mang \u0111\u1ebfn h\u00ecnh \u1ea3nh r\u00f5 n\u00e9t, c\u00f3 chi\u1ec1u s\u00e2u th\u1ef1c t\u1ebf, ph\u00f9 h\u1ee3p cho <strong data-start=\"3718\" data-end=\"3774\">ki\u1ec3m tra tr\u1ef1c quan, \u0111\u00e0o t\u1ea1o v\u00e0 chia s\u1ebb d\u1eef li\u1ec7u t\u1eeb xa<\/strong>.<\/span><\/p>\n<h3 data-start=\"3782\" data-end=\"3810\"><span style=\"font-size: 12pt;\">\ud83d\udd0d <strong data-start=\"3789\" data-end=\"3810\">T\u00ednh N\u0103ng N\u1ed5i B\u1eadt<\/strong><\/span><\/h3>\n<h4 data-start=\"3812\" data-end=\"3852\"><span style=\"font-size: 12pt;\">\u2705 <strong data-start=\"3819\" data-end=\"3852\">Hi\u1ec3n Th\u1ecb 3D Tr\u1ef1c Ti\u1ebfp V\u1edbi DRV<\/strong><\/span><\/h4>\n<ul data-start=\"3853\" data-end=\"4062\">\n<li data-start=\"3853\" data-end=\"3915\">\n<p data-start=\"3855\" data-end=\"3915\"><span style=\"font-size: 12pt;\"><strong data-start=\"3855\" data-end=\"3913\">Quan s\u00e1t, ghi l\u1ea1i v\u00e0 chia s\u1ebb h\u00ecnh \u1ea3nh\/video 3D th\u1ef1c s\u1ef1<\/strong><\/span><\/p>\n<\/li>\n<li data-start=\"3916\" data-end=\"3990\">\n<p data-start=\"3918\" data-end=\"3990\"><span style=\"font-size: 12pt;\">C\u00f4ng ngh\u1ec7 \u0111\u1ed9c quy\u1ec1n DRV cho ph\u00e9p xem 3D <strong data-start=\"3958\" data-end=\"3988\">kh\u00f4ng c\u1ea7n k\u00ednh chuy\u00ean d\u1ee5ng<\/strong><\/span><\/p>\n<\/li>\n<li data-start=\"3991\" data-end=\"4062\">\n<p data-start=\"3993\" data-end=\"4062\"><span style=\"font-size: 12pt;\">N\u00e2ng cao kh\u1ea3 n\u0103ng c\u1ea3m nh\u1eadn <strong data-start=\"4020\" data-end=\"4062\">\u0111\u1ed9 s\u00e2u, k\u1ebft c\u1ea5u v\u00e0 h\u00ecnh d\u1ea1ng linh ki\u1ec7n<\/strong><\/span><\/p>\n<\/li>\n<\/ul>\n<h4 data-start=\"4064\" data-end=\"4117\"><span style=\"font-size: 12pt;\">\u2705 <strong data-start=\"4071\" data-end=\"4117\">C\u1ea3i Thi\u1ec7n \u0110\u1ed9 Ch\u00ednh X\u00e1c &amp; Hi\u1ec7u Qu\u1ea3 Ki\u1ec3m Tra<\/strong><\/span><\/h4>\n<ul data-start=\"4118\" data-end=\"4308\">\n<li data-start=\"4118\" data-end=\"4197\">\n<p data-start=\"4120\" data-end=\"4197\"><span style=\"font-size: 12pt;\">G\u00f3c nh\u00ecn 3D gi\u00fap <strong data-start=\"4137\" data-end=\"4166\">hi\u1ec3u r\u00f5 h\u00ecnh d\u00e1ng m\u1eabu v\u1eadt<\/strong>, tr\u00e1nh nh\u1ea7m l\u1eabn khi ki\u1ec3m tra<\/span><\/p>\n<\/li>\n<li data-start=\"4198\" data-end=\"4250\">\n<p data-start=\"4200\" data-end=\"4250\"><span style=\"font-size: 12pt;\">D\u1ec5 d\u00e0ng ph\u00e2n bi\u1ec7t <strong data-start=\"4218\" data-end=\"4248\">v\u1ebft l\u00f5m, nh\u00f4, r\u00e3nh v\u00e0 b\u00f3ng<\/strong><\/span><\/p>\n<\/li>\n<li data-start=\"4251\" data-end=\"4308\">\n<p data-start=\"4253\" data-end=\"4308\"><span style=\"font-size: 12pt;\">T\u0103ng t\u1ed1c qu\u00e1 tr\u00ecnh ra quy\u1ebft \u0111\u1ecbnh, <strong data-start=\"4287\" data-end=\"4308\">gi\u1ea3m l\u1ed7i ki\u1ec3m tra<\/strong><\/span><\/p>\n<\/li>\n<\/ul>\n<h4 data-start=\"4310\" data-end=\"4350\"><span style=\"font-size: 12pt;\">\u2705 <strong data-start=\"4317\" data-end=\"4350\">Hi\u1ec7u Su\u1ea5t Quang H\u1ecdc V\u01b0\u1ee3t Tr\u1ed9i<\/strong><\/span><\/h4>\n<ul data-start=\"4351\" data-end=\"4611\">\n<li data-start=\"4351\" data-end=\"4398\">\n<p data-start=\"4353\" data-end=\"4398\"><span style=\"font-size: 12pt;\">Zoom quang h\u1ecdc Nikon SMZ v\u1edbi <strong data-start=\"4382\" data-end=\"4396\">t\u1ef7 l\u1ec7 25:1<\/strong><\/span><\/p>\n<\/li>\n<li data-start=\"4399\" data-end=\"4461\">\n<p data-start=\"4401\" data-end=\"4461\"><span style=\"font-size: 12pt;\"><strong data-start=\"4401\" data-end=\"4423\">Ph\u00f3ng \u0111\u1ea1i \u0111\u1ebfn 800x<\/strong>, m\u00e0u s\u1eafc v\u00e0 \u0111\u1ed9 t\u01b0\u01a1ng ph\u1ea3n ch\u00ednh x\u00e1c<\/span><\/p>\n<\/li>\n<li data-start=\"4462\" data-end=\"4535\">\n<p data-start=\"4464\" data-end=\"4535\"><span style=\"font-size: 12pt;\">\u1ed0ng k\u00ednh <strong data-start=\"4473\" data-end=\"4485\">Plan Apo<\/strong> cho h\u00ecnh \u1ea3nh <strong data-start=\"4499\" data-end=\"4533\">ph\u1eb3ng, s\u1eafc n\u00e9t, kh\u00f4ng l\u1ec7ch m\u00e0u<\/strong><\/span><\/p>\n<\/li>\n<li data-start=\"4536\" data-end=\"4611\">\n<p data-start=\"4538\" data-end=\"4611\"><span style=\"font-size: 12pt;\">C\u00f3 th\u1ec3 m\u1edf r\u1ed9ng \u0111\u1ebfn <strong data-start=\"4557\" data-end=\"4566\">100:1<\/strong> khi k\u1ebft h\u1ee3p v\u1edbi <strong data-start=\"4583\" data-end=\"4611\">th\u00e1p \u1ed1ng k\u00ednh th\u00f4ng minh<\/strong><\/span><\/p>\n<\/li>\n<\/ul>\n<h4 data-start=\"4613\" data-end=\"4648\"><span style=\"font-size: 12pt;\">\u2705 <strong data-start=\"4620\" data-end=\"4648\">Chia S\u1ebb &amp; L\u00e0m Vi\u1ec7c T\u1eeb Xa<\/strong><\/span><\/h4>\n<ul data-start=\"4649\" data-end=\"4834\">\n<li data-start=\"4649\" data-end=\"4719\">\n<p data-start=\"4651\" data-end=\"4719\"><span style=\"font-size: 12pt;\">Chia s\u1ebb h\u00ecnh \u1ea3nh 3D <strong data-start=\"4671\" data-end=\"4700\">tr\u1ef1c ti\u1ebfp ho\u1eb7c \u0111\u00e3 ghi l\u1ea1i<\/strong> \u0111\u1ebfn nhi\u1ec1u v\u1ecb tr\u00ed<\/span><\/p>\n<\/li>\n<li data-start=\"4720\" data-end=\"4774\">\n<p data-start=\"4722\" data-end=\"4774\"><span style=\"font-size: 12pt;\">H\u1ed7 tr\u1ee3 <strong data-start=\"4729\" data-end=\"4772\">ki\u1ec3m tra, R&amp;D, QA v\u00e0 \u0111\u00e0o t\u1ea1o nh\u00f3m t\u1eeb xa<\/strong><\/span><\/p>\n<\/li>\n<li data-start=\"4775\" data-end=\"4834\">\n<p data-start=\"4777\" data-end=\"4834\"><span style=\"font-size: 12pt;\">Ghi l\u1ea1i v\u00e0 chia s\u1ebb <strong data-start=\"4796\" data-end=\"4834\">s\u1ef1 ki\u1ec7n hi\u1ebfm g\u1eb7p ho\u1eb7c kh\u00f3 t\u00e1i hi\u1ec7n<\/strong><\/span><\/p>\n<\/li>\n<\/ul>\n<h4 data-start=\"4836\" data-end=\"4872\"><span style=\"font-size: 12pt;\">\u2705 <strong data-start=\"4843\" data-end=\"4872\">Xem \u0110\u1ed3ng Th\u1eddi Nhi\u1ec1u Ng\u01b0\u1eddi<\/strong><\/span><\/h4>\n<ul data-start=\"4873\" data-end=\"5031\">\n<li data-start=\"4873\" data-end=\"4953\">\n<p data-start=\"4875\" data-end=\"4953\"><span style=\"font-size: 12pt;\">K\u1ebft n\u1ed1i nhi\u1ec1u m\u00e0n h\u00ecnh \u0111\u1ec3 <strong data-start=\"4901\" data-end=\"4923\">gi\u00e1m s\u00e1t song song<\/strong> m\u00e0 kh\u00f4ng gi\u00e1n \u0111o\u1ea1n s\u1ea3n xu\u1ea5t<\/span><\/p>\n<\/li>\n<li data-start=\"4954\" data-end=\"5031\">\n<p data-start=\"4956\" data-end=\"5031\"><span style=\"font-size: 12pt;\">L\u00fd t\u01b0\u1edfng cho <strong data-start=\"4969\" data-end=\"4998\">\u0111\u00e0o t\u1ea1o v\u1eadn h\u00e0nh vi\u00ean m\u1edbi<\/strong> v\u1edbi g\u00f3c nh\u00ecn tr\u1ef1c quan sinh \u0111\u1ed9ng<\/span><\/p>\n<\/li>\n<\/ul>\n<h4 data-start=\"5033\" data-end=\"5084\"><span style=\"font-size: 12pt;\">\u2705 <strong data-start=\"5040\" data-end=\"5084\">Xem Kh\u00f4ng Ti\u1ebfp X\u00fac \u2013 An To\u00e0n &amp; Tho\u1ea3i M\u00e1i<\/strong><\/span><\/h4>\n<ul data-start=\"5085\" data-end=\"5237\">\n<li data-start=\"5085\" data-end=\"5178\">\n<p data-start=\"5087\" data-end=\"5178\"><span style=\"font-size: 12pt;\">Tr\u00e1nh ti\u1ebfp x\u00fac tr\u1ef1c ti\u1ebfp v\u1edbi thi\u1ebft b\u1ecb, ph\u00f9 h\u1ee3p m\u00f4i tr\u01b0\u1eddng chung, <strong data-start=\"5152\" data-end=\"5176\">ph\u00f2ng s\u1ea1ch ho\u1eb7c y t\u1ebf<\/strong><\/span><\/p>\n<\/li>\n<li data-start=\"5179\" data-end=\"5237\">\n<p data-start=\"5181\" data-end=\"5237\"><span style=\"font-size: 12pt;\">Thi\u1ebft k\u1ebf c\u00f4ng th\u00e1i h\u1ecdc gi\u00fap <strong data-start=\"5209\" data-end=\"5237\">gi\u1ea3m m\u1ecfi m\u1eaft, c\u1ed5 v\u00e0 l\u01b0ng<\/strong><\/span><\/p>\n<\/li>\n<\/ul>\n<h4 data-start=\"5239\" data-end=\"5283\"><span style=\"font-size: 12pt;\">\u2705 <strong data-start=\"5246\" data-end=\"5283\">\u0110i\u1ec1u Khi\u1ec3n Zoom &amp; L\u1ea5y N\u00e9t D\u1ec5 D\u00e0ng<\/strong><\/span><\/h4>\n<ul data-start=\"5284\" data-end=\"5441\">\n<li data-start=\"5284\" data-end=\"5373\">\n<p data-start=\"5286\" data-end=\"5373\"><span style=\"font-size: 12pt;\"><strong data-start=\"5286\" data-end=\"5309\">B\u1ed9 \u0111i\u1ec1u khi\u1ec3n t\u1eeb xa<\/strong> truy c\u1eadp nhanh c\u00e1c c\u00e0i \u0111\u1eb7t zoom, ti\u00eau c\u1ef1, \u1ed1ng k\u00ednh v\u00e0 \u0111\u00e8n l\u1ecdc<\/span><\/p>\n<\/li>\n<li data-start=\"5374\" data-end=\"5441\">\n<p data-start=\"5376\" data-end=\"5441\"><span style=\"font-size: 12pt;\">M\u00e0n h\u00ecnh LCD hi\u1ec3n th\u1ecb <strong data-start=\"5398\" data-end=\"5441\">th\u00f4ng s\u1ed1 ph\u00f3ng \u0111\u1ea1i, ti\u00eau c\u1ef1 v\u00e0 \u00e1nh s\u00e1ng<\/strong><\/span><\/p>\n<\/li>\n<\/ul>\n<h4 data-start=\"5443\" data-end=\"5481\"><span style=\"font-size: 12pt;\">\u2705 <strong data-start=\"5450\" data-end=\"5481\">\u0110\u1ecbnh V\u1ecb Ch\u00ednh X\u00e1c &amp; L\u1eb7p L\u1ea1i<\/strong><\/span><\/h4>\n<ul data-start=\"5482\" data-end=\"5634\">\n<li data-start=\"5482\" data-end=\"5571\">\n<p data-start=\"5484\" data-end=\"5571\"><span style=\"font-size: 12pt;\">T\u00f9y ch\u1ecdn <strong data-start=\"5493\" data-end=\"5514\">b\u00e0n c\u01a1 ho\u1eb7c motor<\/strong> v\u1edbi m\u00e3 h\u00f3a t\u00edch h\u1ee3p cho thao t\u00e1c ch\u00ednh x\u00e1c, d\u1ec5 l\u1eb7p l\u1ea1i<\/span><\/p>\n<\/li>\n<li data-start=\"5572\" data-end=\"5634\">\n<p data-start=\"5574\" data-end=\"5634\"><span style=\"font-size: 12pt;\">H\u1ed7 tr\u1ee3 \u0111o \u0111\u1ea1c v\u00e0 ki\u1ec3m ch\u1ee9ng h\u00ecnh h\u1ecdc trong ki\u1ec3m tra k\u1ef9 thu\u1eadt<\/span><\/p>\n<\/li>\n<\/ul>\n<h4 data-start=\"5636\" data-end=\"5672\"><span style=\"font-size: 12pt;\">\u2705 <strong data-start=\"5643\" data-end=\"5672\">Ch\u1ebf \u0110\u1ed9 Chi\u1ebfu S\u00e1ng \u0110a D\u1ea1ng<\/strong><\/span><\/h4>\n<ul data-start=\"5673\" data-end=\"5792\">\n<li data-start=\"5673\" data-end=\"5792\">\n<p data-start=\"5675\" data-end=\"5792\"><span style=\"font-size: 12pt;\"><strong data-start=\"5675\" data-end=\"5724\">\u0110\u00e8n chi\u1ebfu s\u00e1ng EPI (tr\u1ef1c ti\u1ebfp) v\u00e0 hu\u1ef3nh quang<\/strong> cho ph\u00e9p ki\u1ec3m tra v\u1eadt li\u1ec7u ph\u1ea3n chi\u1ebfu, l\u1edbp ph\u1ee7 ho\u1eb7c nh\u1ef1a trong su\u1ed1t<\/span><\/p>\n<\/li>\n<\/ul>\n<h3 data-start=\"5799\" data-end=\"5832\"><span style=\"font-size: 12pt;\">\ud83c\udfaf <strong data-start=\"5806\" data-end=\"5832\">\u1ee8ng D\u1ee5ng L\u00fd T\u01b0\u1edfng Cho:<\/strong><\/span><\/h3>\n<ul data-start=\"5833\" data-end=\"6042\">\n<li data-start=\"5833\" data-end=\"5880\">\n<p data-start=\"5835\" data-end=\"5880\"><span style=\"font-size: 12pt;\">Ki\u1ec3m tra b\u1ea3ng m\u1ea1ch \u0111i\u1ec7n t\u1eed, linh ki\u1ec7n vi m\u00f4<\/span><\/p>\n<\/li>\n<li data-start=\"5881\" data-end=\"5934\">\n<p data-start=\"5883\" data-end=\"5934\"><span style=\"font-size: 12pt;\">Ki\u1ec3m so\u00e1t ch\u1ea5t l\u01b0\u1ee3ng ng\u00e0nh h\u00e0ng kh\u00f4ng, y t\u1ebf, \u00f4 t\u00f4<\/span><\/p>\n<\/li>\n<li data-start=\"5935\" data-end=\"5991\">\n<p data-start=\"5937\" data-end=\"5991\"><span style=\"font-size: 12pt;\">Trung t\u00e2m \u0111\u00e0o t\u1ea1o, ph\u00f2ng nghi\u00ean c\u1ee9u ph\u00e1t tri\u1ec3n (R&amp;D)<\/span><\/p>\n<\/li>\n<li data-start=\"5992\" data-end=\"6042\">\n<p data-start=\"5994\" data-end=\"6042\"><span style=\"font-size: 12pt;\">Ki\u1ec3m tra s\u1ea3n ph\u1ea9m t\u1eeb xa ho\u1eb7c theo chu\u1ed7i cung \u1ee9ng<\/span><\/p>\n<\/li>\n<\/ul>\n<blockquote data-start=\"6049\" data-end=\"6261\">\n<p data-start=\"6051\" data-end=\"6261\"><span style=\"font-size: 12pt;\"><strong data-start=\"6051\" data-end=\"6067\">DRV N Series<\/strong> \u2013 gi\u1ea3i ph\u00e1p ki\u1ec3m tra s\u1ed1 3D th\u1ebf h\u1ec7 m\u1edbi, mang \u0111\u1ebfn <strong data-start=\"6116\" data-end=\"6186\">h\u00ecnh \u1ea3nh ch\u00e2n th\u1ef1c, \u0111\u1ed9 ph\u00f3ng \u0111\u1ea1i \u0111\u1ec9nh cao, thao t\u00e1c kh\u00f4ng ti\u1ebfp x\u00fac<\/strong>, s\u1eb5n s\u00e0ng h\u1ed7 tr\u1ee3 <strong data-start=\"6204\" data-end=\"6260\">quy tr\u00ecnh ki\u1ec3m tra \u2013 \u0111\u00e0o t\u1ea1o \u2013 chia s\u1ebb chuy\u00ean nghi\u1ec7p<\/strong>.<\/span><\/p>\n<\/blockquote>\n","protected":false},"excerpt":{"rendered":"<p>K\u00cdNH HI\u1ec2N VI DRV N SERIES  d\u1ec5 d\u00e0ng th\u1ea5y s\u1ef1 kh\u00e1c bi\u1ec7t gi\u1eefa b\u00f3ng v\u00e0 c\u00e1c v\u00f9ng nh\u00f4 l\u00ean ho\u1eb7c l\u00f5m xu\u1ed1ng c\u1ee7a m\u1ed9t th\u00e0nh ph\u1ea7n.<\/p>\n","protected":false},"author":2,"featured_media":4392,"parent":0,"menu_order":0,"comment_status":"open","ping_status":"closed","template":"","meta":{"inline_featured_image":false,"footnotes":""},"service-category":[86],"service_tag":[],"class_list":["post-4084","product","type-product","status-publish","has-post-thumbnail","hentry","service-category-kinh-hien-vi-quang-hoc"],"yoast_head":"<!-- This site is optimized with the Yoast SEO plugin v27.4 - https:\/\/yoast.com\/product\/yoast-seo-wordpress\/ -->\n<title>K\u00cdNH HI\u1ec2N VI DRV N SERIES - LORIOT INDUSTRIAL<\/title>\n<meta name=\"description\" content=\"K\u00cdNH HI\u1ec2N VI DRV N SERIES d\u1ec5 d\u00e0ng th\u1ea5y s\u1ef1 kh\u00e1c bi\u1ec7t gi\u1eefa b\u00f3ng v\u00e0 c\u00e1c v\u00f9ng nh\u00f4 l\u00ean ho\u1eb7c l\u00f5m xu\u1ed1ng c\u1ee7a m\u1ed9t th\u00e0nh ph\u1ea7n.\" \/>\n<meta name=\"robots\" content=\"index, follow, max-snippet:-1, max-image-preview:large, max-video-preview:-1\" \/>\n<link rel=\"canonical\" href=\"https:\/\/loriot.com.vn\/vi\/product\/kinh-hien-vi-drv-n-series\/\" \/>\n<meta property=\"og:locale\" content=\"vi_VN\" \/>\n<meta property=\"og:type\" content=\"article\" \/>\n<meta property=\"og:title\" content=\"K\u00cdNH HI\u1ec2N VI DRV N SERIES - LORIOT INDUSTRIAL\" \/>\n<meta property=\"og:description\" content=\"K\u00cdNH HI\u1ec2N VI DRV N SERIES d\u1ec5 d\u00e0ng th\u1ea5y s\u1ef1 kh\u00e1c bi\u1ec7t gi\u1eefa b\u00f3ng v\u00e0 c\u00e1c v\u00f9ng nh\u00f4 l\u00ean ho\u1eb7c l\u00f5m xu\u1ed1ng c\u1ee7a m\u1ed9t th\u00e0nh ph\u1ea7n.\" \/>\n<meta property=\"og:url\" content=\"https:\/\/loriot.com.vn\/vi\/product\/kinh-hien-vi-drv-n-series\/\" \/>\n<meta property=\"og:site_name\" content=\"LORIOT INDUSTRIAL\" \/>\n<meta property=\"article:publisher\" content=\"https:\/\/www.facebook.com\/Loriot-Industrial-COLTD-103044855046633\" \/>\n<meta property=\"article:modified_time\" content=\"2025-07-10T04:13:47+00:00\" \/>\n<meta property=\"og:image\" content=\"https:\/\/loriot.com.vn\/wp-content\/uploads\/2022\/07\/DRV-N-SERIES-1.jpg\" \/>\n\t<meta property=\"og:image:width\" content=\"770\" \/>\n\t<meta property=\"og:image:height\" content=\"513\" \/>\n\t<meta property=\"og:image:type\" content=\"image\/jpeg\" \/>\n<meta name=\"twitter:card\" content=\"summary_large_image\" \/>\n<meta name=\"twitter:label1\" content=\"\u01af\u1edbc t\u00ednh th\u1eddi gian \u0111\u1ecdc\" \/>\n\t<meta name=\"twitter:data1\" content=\"3 ph\u00fat\" \/>\n<script type=\"application\/ld+json\" class=\"yoast-schema-graph\">{\"@context\":\"https:\\\/\\\/schema.org\",\"@graph\":[{\"@type\":\"WebPage\",\"@id\":\"https:\\\/\\\/loriot.com.vn\\\/vi\\\/product\\\/kinh-hien-vi-drv-n-series\\\/\",\"url\":\"https:\\\/\\\/loriot.com.vn\\\/vi\\\/product\\\/kinh-hien-vi-drv-n-series\\\/\",\"name\":\"K\u00cdNH HI\u1ec2N VI DRV N SERIES - LORIOT INDUSTRIAL\",\"isPartOf\":{\"@id\":\"https:\\\/\\\/loriot.com.vn\\\/#website\"},\"primaryImageOfPage\":{\"@id\":\"https:\\\/\\\/loriot.com.vn\\\/vi\\\/product\\\/kinh-hien-vi-drv-n-series\\\/#primaryimage\"},\"image\":{\"@id\":\"https:\\\/\\\/loriot.com.vn\\\/vi\\\/product\\\/kinh-hien-vi-drv-n-series\\\/#primaryimage\"},\"thumbnailUrl\":\"https:\\\/\\\/loriot.com.vn\\\/wp-content\\\/uploads\\\/2022\\\/07\\\/DRV-N-SERIES-1.jpg\",\"datePublished\":\"2022-07-11T08:13:08+00:00\",\"dateModified\":\"2025-07-10T04:13:47+00:00\",\"description\":\"K\u00cdNH HI\u1ec2N VI DRV N SERIES d\u1ec5 d\u00e0ng th\u1ea5y s\u1ef1 kh\u00e1c bi\u1ec7t gi\u1eefa b\u00f3ng v\u00e0 c\u00e1c v\u00f9ng nh\u00f4 l\u00ean ho\u1eb7c l\u00f5m xu\u1ed1ng c\u1ee7a m\u1ed9t th\u00e0nh ph\u1ea7n.\",\"breadcrumb\":{\"@id\":\"https:\\\/\\\/loriot.com.vn\\\/vi\\\/product\\\/kinh-hien-vi-drv-n-series\\\/#breadcrumb\"},\"inLanguage\":\"vi\",\"potentialAction\":[{\"@type\":\"ReadAction\",\"target\":[\"https:\\\/\\\/loriot.com.vn\\\/vi\\\/product\\\/kinh-hien-vi-drv-n-series\\\/\"]}]},{\"@type\":\"ImageObject\",\"inLanguage\":\"vi\",\"@id\":\"https:\\\/\\\/loriot.com.vn\\\/vi\\\/product\\\/kinh-hien-vi-drv-n-series\\\/#primaryimage\",\"url\":\"https:\\\/\\\/loriot.com.vn\\\/wp-content\\\/uploads\\\/2022\\\/07\\\/DRV-N-SERIES-1.jpg\",\"contentUrl\":\"https:\\\/\\\/loriot.com.vn\\\/wp-content\\\/uploads\\\/2022\\\/07\\\/DRV-N-SERIES-1.jpg\",\"width\":770,\"height\":513,\"caption\":\"K\u00cdNH HI\u1ec2N VI DRV N SERIES\"},{\"@type\":\"BreadcrumbList\",\"@id\":\"https:\\\/\\\/loriot.com.vn\\\/vi\\\/product\\\/kinh-hien-vi-drv-n-series\\\/#breadcrumb\",\"itemListElement\":[{\"@type\":\"ListItem\",\"position\":1,\"name\":\"Home\",\"item\":\"https:\\\/\\\/loriot.com.vn\\\/vi\\\/\"},{\"@type\":\"ListItem\",\"position\":2,\"name\":\"Products\",\"item\":\"https:\\\/\\\/loriot.com.vn\\\/product\\\/\"},{\"@type\":\"ListItem\",\"position\":3,\"name\":\"K\u00cdNH HI\u1ec2N VI DRV N SERIES\"}]},{\"@type\":\"WebSite\",\"@id\":\"https:\\\/\\\/loriot.com.vn\\\/#website\",\"url\":\"https:\\\/\\\/loriot.com.vn\\\/\",\"name\":\"LORIOT INDUSTRIAL CO.,LTD\",\"description\":\"\",\"publisher\":{\"@id\":\"https:\\\/\\\/loriot.com.vn\\\/#organization\"},\"potentialAction\":[{\"@type\":\"SearchAction\",\"target\":{\"@type\":\"EntryPoint\",\"urlTemplate\":\"https:\\\/\\\/loriot.com.vn\\\/?s={search_term_string}\"},\"query-input\":{\"@type\":\"PropertyValueSpecification\",\"valueRequired\":true,\"valueName\":\"search_term_string\"}}],\"inLanguage\":\"vi\"},{\"@type\":\"Organization\",\"@id\":\"https:\\\/\\\/loriot.com.vn\\\/#organization\",\"name\":\"Loriot Industrial Co.,Ltd\",\"url\":\"https:\\\/\\\/loriot.com.vn\\\/\",\"logo\":{\"@type\":\"ImageObject\",\"inLanguage\":\"vi\",\"@id\":\"https:\\\/\\\/loriot.com.vn\\\/#\\\/schema\\\/logo\\\/image\\\/\",\"url\":\"https:\\\/\\\/loriot.com.vn\\\/wp-content\\\/uploads\\\/2021\\\/08\\\/logo-ft.png\",\"contentUrl\":\"https:\\\/\\\/loriot.com.vn\\\/wp-content\\\/uploads\\\/2021\\\/08\\\/logo-ft.png\",\"width\":333,\"height\":101,\"caption\":\"Loriot Industrial Co.,Ltd\"},\"image\":{\"@id\":\"https:\\\/\\\/loriot.com.vn\\\/#\\\/schema\\\/logo\\\/image\\\/\"},\"sameAs\":[\"https:\\\/\\\/www.facebook.com\\\/Loriot-Industrial-COLTD-103044855046633\"]}]}<\/script>\n<!-- \/ Yoast SEO plugin. -->","yoast_head_json":{"title":"K\u00cdNH HI\u1ec2N VI DRV N SERIES - LORIOT INDUSTRIAL","description":"K\u00cdNH HI\u1ec2N VI DRV N SERIES d\u1ec5 d\u00e0ng th\u1ea5y s\u1ef1 kh\u00e1c bi\u1ec7t gi\u1eefa b\u00f3ng v\u00e0 c\u00e1c v\u00f9ng nh\u00f4 l\u00ean ho\u1eb7c l\u00f5m xu\u1ed1ng c\u1ee7a m\u1ed9t th\u00e0nh ph\u1ea7n.","robots":{"index":"index","follow":"follow","max-snippet":"max-snippet:-1","max-image-preview":"max-image-preview:large","max-video-preview":"max-video-preview:-1"},"canonical":"https:\/\/loriot.com.vn\/vi\/product\/kinh-hien-vi-drv-n-series\/","og_locale":"vi_VN","og_type":"article","og_title":"K\u00cdNH HI\u1ec2N VI DRV N SERIES - LORIOT INDUSTRIAL","og_description":"K\u00cdNH HI\u1ec2N VI DRV N SERIES d\u1ec5 d\u00e0ng th\u1ea5y s\u1ef1 kh\u00e1c bi\u1ec7t gi\u1eefa b\u00f3ng v\u00e0 c\u00e1c v\u00f9ng nh\u00f4 l\u00ean ho\u1eb7c l\u00f5m xu\u1ed1ng c\u1ee7a m\u1ed9t th\u00e0nh ph\u1ea7n.","og_url":"https:\/\/loriot.com.vn\/vi\/product\/kinh-hien-vi-drv-n-series\/","og_site_name":"LORIOT INDUSTRIAL","article_publisher":"https:\/\/www.facebook.com\/Loriot-Industrial-COLTD-103044855046633","article_modified_time":"2025-07-10T04:13:47+00:00","og_image":[{"width":770,"height":513,"url":"https:\/\/loriot.com.vn\/wp-content\/uploads\/2022\/07\/DRV-N-SERIES-1.jpg","type":"image\/jpeg"}],"twitter_card":"summary_large_image","twitter_misc":{"\u01af\u1edbc t\u00ednh th\u1eddi gian \u0111\u1ecdc":"3 ph\u00fat"},"schema":{"@context":"https:\/\/schema.org","@graph":[{"@type":"WebPage","@id":"https:\/\/loriot.com.vn\/vi\/product\/kinh-hien-vi-drv-n-series\/","url":"https:\/\/loriot.com.vn\/vi\/product\/kinh-hien-vi-drv-n-series\/","name":"K\u00cdNH HI\u1ec2N VI DRV N SERIES - LORIOT INDUSTRIAL","isPartOf":{"@id":"https:\/\/loriot.com.vn\/#website"},"primaryImageOfPage":{"@id":"https:\/\/loriot.com.vn\/vi\/product\/kinh-hien-vi-drv-n-series\/#primaryimage"},"image":{"@id":"https:\/\/loriot.com.vn\/vi\/product\/kinh-hien-vi-drv-n-series\/#primaryimage"},"thumbnailUrl":"https:\/\/loriot.com.vn\/wp-content\/uploads\/2022\/07\/DRV-N-SERIES-1.jpg","datePublished":"2022-07-11T08:13:08+00:00","dateModified":"2025-07-10T04:13:47+00:00","description":"K\u00cdNH HI\u1ec2N VI DRV N SERIES d\u1ec5 d\u00e0ng th\u1ea5y s\u1ef1 kh\u00e1c bi\u1ec7t gi\u1eefa b\u00f3ng v\u00e0 c\u00e1c v\u00f9ng nh\u00f4 l\u00ean ho\u1eb7c l\u00f5m xu\u1ed1ng c\u1ee7a m\u1ed9t th\u00e0nh ph\u1ea7n.","breadcrumb":{"@id":"https:\/\/loriot.com.vn\/vi\/product\/kinh-hien-vi-drv-n-series\/#breadcrumb"},"inLanguage":"vi","potentialAction":[{"@type":"ReadAction","target":["https:\/\/loriot.com.vn\/vi\/product\/kinh-hien-vi-drv-n-series\/"]}]},{"@type":"ImageObject","inLanguage":"vi","@id":"https:\/\/loriot.com.vn\/vi\/product\/kinh-hien-vi-drv-n-series\/#primaryimage","url":"https:\/\/loriot.com.vn\/wp-content\/uploads\/2022\/07\/DRV-N-SERIES-1.jpg","contentUrl":"https:\/\/loriot.com.vn\/wp-content\/uploads\/2022\/07\/DRV-N-SERIES-1.jpg","width":770,"height":513,"caption":"K\u00cdNH HI\u1ec2N VI DRV N SERIES"},{"@type":"BreadcrumbList","@id":"https:\/\/loriot.com.vn\/vi\/product\/kinh-hien-vi-drv-n-series\/#breadcrumb","itemListElement":[{"@type":"ListItem","position":1,"name":"Home","item":"https:\/\/loriot.com.vn\/vi\/"},{"@type":"ListItem","position":2,"name":"Products","item":"https:\/\/loriot.com.vn\/product\/"},{"@type":"ListItem","position":3,"name":"K\u00cdNH HI\u1ec2N VI DRV N SERIES"}]},{"@type":"WebSite","@id":"https:\/\/loriot.com.vn\/#website","url":"https:\/\/loriot.com.vn\/","name":"LORIOT INDUSTRIAL CO.,LTD","description":"","publisher":{"@id":"https:\/\/loriot.com.vn\/#organization"},"potentialAction":[{"@type":"SearchAction","target":{"@type":"EntryPoint","urlTemplate":"https:\/\/loriot.com.vn\/?s={search_term_string}"},"query-input":{"@type":"PropertyValueSpecification","valueRequired":true,"valueName":"search_term_string"}}],"inLanguage":"vi"},{"@type":"Organization","@id":"https:\/\/loriot.com.vn\/#organization","name":"Loriot Industrial Co.,Ltd","url":"https:\/\/loriot.com.vn\/","logo":{"@type":"ImageObject","inLanguage":"vi","@id":"https:\/\/loriot.com.vn\/#\/schema\/logo\/image\/","url":"https:\/\/loriot.com.vn\/wp-content\/uploads\/2021\/08\/logo-ft.png","contentUrl":"https:\/\/loriot.com.vn\/wp-content\/uploads\/2021\/08\/logo-ft.png","width":333,"height":101,"caption":"Loriot Industrial Co.,Ltd"},"image":{"@id":"https:\/\/loriot.com.vn\/#\/schema\/logo\/image\/"},"sameAs":["https:\/\/www.facebook.com\/Loriot-Industrial-COLTD-103044855046633"]}]}},"_links":{"self":[{"href":"https:\/\/loriot.com.vn\/vi\/wp-json\/wp\/v2\/product\/4084","targetHints":{"allow":["GET"]}}],"collection":[{"href":"https:\/\/loriot.com.vn\/vi\/wp-json\/wp\/v2\/product"}],"about":[{"href":"https:\/\/loriot.com.vn\/vi\/wp-json\/wp\/v2\/types\/product"}],"author":[{"embeddable":true,"href":"https:\/\/loriot.com.vn\/vi\/wp-json\/wp\/v2\/users\/2"}],"replies":[{"embeddable":true,"href":"https:\/\/loriot.com.vn\/vi\/wp-json\/wp\/v2\/comments?post=4084"}],"version-history":[{"count":6,"href":"https:\/\/loriot.com.vn\/vi\/wp-json\/wp\/v2\/product\/4084\/revisions"}],"predecessor-version":[{"id":5583,"href":"https:\/\/loriot.com.vn\/vi\/wp-json\/wp\/v2\/product\/4084\/revisions\/5583"}],"wp:featuredmedia":[{"embeddable":true,"href":"https:\/\/loriot.com.vn\/vi\/wp-json\/wp\/v2\/media\/4392"}],"wp:attachment":[{"href":"https:\/\/loriot.com.vn\/vi\/wp-json\/wp\/v2\/media?parent=4084"}],"wp:term":[{"taxonomy":"service-category","embeddable":true,"href":"https:\/\/loriot.com.vn\/vi\/wp-json\/wp\/v2\/service-category?post=4084"},{"taxonomy":"service_tag","embeddable":true,"href":"https:\/\/loriot.com.vn\/vi\/wp-json\/wp\/v2\/service_tag?post=4084"}],"curies":[{"name":"wp","href":"https:\/\/api.w.org\/{rel}","templated":true}]}}