{"id":4096,"date":"2022-07-12T09:32:17","date_gmt":"2022-07-12T02:32:17","guid":{"rendered":"https:\/\/loriot.com.vn\/?post_type=product&#038;p=4096"},"modified":"2025-07-10T11:10:42","modified_gmt":"2025-07-10T04:10:42","slug":"kinh-hien-vi-deepfocus-1","status":"publish","type":"product","link":"https:\/\/loriot.com.vn\/vi\/product\/kinh-hien-vi-deepfocus-1\/","title":{"rendered":"K\u00cdNH HI\u1ec2N VI DEEPFOCUS 1"},"content":{"rendered":"<h2 style=\"text-align: center;\" data-start=\"2851\" data-end=\"2960\"><span style=\"font-size: 12pt;\"><strong data-start=\"2859\" data-end=\"2960\">DeepFocus 1 \u2013 K\u00ednh Hi\u1ec3n Vi K\u1ef9 Thu\u1eadt S\u1ed1 T\u1ef1 L\u1ea5y N\u00e9t To\u00e0n Di\u1ec7n V\u1edbi C\u00f4ng Ngh\u1ec7 ZEISS Visioner1 &amp; MALS\u2122<\/strong><\/span><\/h2>\n<p>&nbsp;<\/p>\n<h3 data-start=\"2962\" data-end=\"3024\"><span style=\"font-size: 12pt;\">G\u00f3c Nh\u00ecn To\u00e0n Di\u1ec7n \u2013 L\u1ea5y N\u00e9t Ch\u00ednh X\u00e1c \u2013 Ki\u1ec3m Tra Si\u00eau T\u1ed1c<\/span><\/h3>\n<p data-start=\"3026\" data-end=\"3274\"><span style=\"font-size: 12pt;\"><strong data-start=\"3026\" data-end=\"3041\">DeepFocus 1<\/strong> l\u00e0 k\u00ednh hi\u1ec3n vi k\u1ef9 thu\u1eadt s\u1ed1 th\u1ebf h\u1ec7 m\u1edbi \u1ee9ng d\u1ee5ng <strong data-start=\"3090\" data-end=\"3128\">c\u00f4ng ngh\u1ec7 ZEISS Visioner1 v\u00e0 MALS\u2122<\/strong>, mang l\u1ea1i h\u00ecnh \u1ea3nh <strong data-start=\"3148\" data-end=\"3169\">s\u1eafc n\u00e9t to\u00e0n ph\u1ea7n<\/strong> trong th\u1eddi gian th\u1ef1c, v\u1edbi <strong data-start=\"3196\" data-end=\"3239\">\u0111\u1ed9 s\u00e2u tr\u01b0\u1eddng \u1ea3nh (DOF) l\u1edbn g\u1ea5p 100 l\u1ea7n<\/strong> so v\u1edbi h\u1ec7 th\u1ed1ng k\u00ednh truy\u1ec1n th\u1ed1ng.<\/span><\/p>\n<h3 data-start=\"3281\" data-end=\"3311\"><span style=\"font-size: 12pt;\">\ud83d\udd0d <strong data-start=\"3288\" data-end=\"3311\">T\u00ednh N\u0103ng V\u01b0\u1ee3t Tr\u1ed9i<\/strong><\/span><\/h3>\n<h4 data-start=\"3313\" data-end=\"3370\"><span style=\"font-size: 12pt;\">\u2705 <strong data-start=\"3320\" data-end=\"3370\">H\u00ecnh \u1ea2nh R\u00f5 N\u00e9t To\u00e0n B\u1ed9 Trong M\u1ed9t L\u1ea7n Quan S\u00e1t<\/strong><\/span><\/h4>\n<ul data-start=\"3371\" data-end=\"3609\">\n<li data-start=\"3371\" data-end=\"3456\">\n<p data-start=\"3373\" data-end=\"3456\"><span style=\"font-size: 12pt;\">L\u1ea5y n\u00e9t to\u00e0n b\u1ed9 m\u1eabu v\u1eadt c\u00f3 <strong data-start=\"3400\" data-end=\"3424\">\u0111\u1ed9 s\u00e2u l\u00ean \u0111\u1ebfn 69 mm<\/strong> ch\u1ec9 trong <strong data-start=\"3435\" data-end=\"3453\">m\u1ed9t khung h\u00ecnh<\/strong>.<\/span><\/p>\n<\/li>\n<li data-start=\"3457\" data-end=\"3527\">\n<p data-start=\"3459\" data-end=\"3527\"><span style=\"font-size: 12pt;\">Kh\u00f4ng c\u1ea7n thao t\u00e1c l\u1ea5y n\u00e9t l\u1ea1i ho\u1eb7c x\u1eed l\u00fd <strong data-start=\"3501\" data-end=\"3524\">Z-stacking th\u1ee7 c\u00f4ng<\/strong>.<\/span><\/p>\n<\/li>\n<li data-start=\"3528\" data-end=\"3609\">\n<p data-start=\"3530\" data-end=\"3609\"><span style=\"font-size: 12pt;\"><strong data-start=\"3530\" data-end=\"3562\">Ti\u1ebft ki\u1ec7m th\u1eddi gian ki\u1ec3m tra<\/strong>, gi\u1ea3m thi\u1ec3u r\u1ee7i ro b\u1ecf s\u00f3t chi ti\u1ebft quan tr\u1ecdng.<\/span><\/p>\n<\/li>\n<\/ul>\n<h4 data-start=\"3611\" data-end=\"3653\"><span style=\"font-size: 12pt;\">\u2705 <strong data-start=\"3618\" data-end=\"3653\">C\u00f4ng Ngh\u1ec7 MALS\u2122 T\u1ef1 \u0110\u1ed9ng L\u1ea5y N\u00e9t<\/strong><\/span><\/h4>\n<ul data-start=\"3654\" data-end=\"3892\">\n<li data-start=\"3654\" data-end=\"3766\">\n<p data-start=\"3656\" data-end=\"3766\"><span style=\"font-size: 12pt;\"><strong data-start=\"3656\" data-end=\"3701\">MALS\u2122 (H\u1ec7 th\u1ed1ng th\u1ea5u k\u00ednh g\u01b0\u01a1ng si\u00eau nh\u1ecf)<\/strong> t\u1ea1o ra th\u1ea5u k\u00ednh \u1ea3o v\u1edbi \u0111\u1ed9 cong thay \u0111\u1ed5i trong th\u1eddi gian th\u1ef1c.<\/span><\/p>\n<\/li>\n<li data-start=\"3767\" data-end=\"3834\">\n<p data-start=\"3769\" data-end=\"3834\"><span style=\"font-size: 12pt;\">Cho ph\u00e9p <strong data-start=\"3778\" data-end=\"3799\">l\u1ea5y n\u00e9t c\u1ef1c nhanh<\/strong> m\u00e0 kh\u00f4ng c\u1ea7n chuy\u1ec3n \u0111\u1ed9ng c\u01a1 h\u1ecdc.<\/span><\/p>\n<\/li>\n<li data-start=\"3835\" data-end=\"3892\">\n<p data-start=\"3837\" data-end=\"3892\"><span style=\"font-size: 12pt;\"><strong data-start=\"3837\" data-end=\"3858\">C\u00f4ng ngh\u1ec7 \u0111\u1ed9t ph\u00e1<\/strong> cho ki\u1ec3m tra h\u00ecnh \u1ea3nh t\u1ed1c \u0111\u1ed9 cao.<\/span><\/p>\n<\/li>\n<\/ul>\n<h4 data-start=\"3894\" data-end=\"3934\"><span style=\"font-size: 12pt;\">\u2705 <strong data-start=\"3901\" data-end=\"3934\">Tr\u1ef1c Quan 3D &amp; D\u1eef Li\u1ec7u \u0110\u1ed9 Cao<\/strong><\/span><\/h4>\n<ul data-start=\"3935\" data-end=\"4147\">\n<li data-start=\"3935\" data-end=\"4016\">\n<p data-start=\"3937\" data-end=\"4016\"><span style=\"font-size: 12pt;\">Hi\u1ec3n th\u1ecb m\u1eabu \u1edf 3 ch\u1ebf \u0111\u1ed9: <strong data-start=\"3962\" data-end=\"4013\">EDOF \u2013 B\u1ea3n \u0111\u1ed3 \u0111\u1ed9 cao \u2013 G\u00f3c nh\u00ecn \u0111\u1ecba h\u00ecnh (Topo)<\/strong>.<\/span><\/p>\n<\/li>\n<li data-start=\"4017\" data-end=\"4084\">\n<p data-start=\"4019\" data-end=\"4084\"><span style=\"font-size: 12pt;\">Nh\u1eadn di\u1ec7n d\u1ec5 d\u00e0ng <strong data-start=\"4037\" data-end=\"4052\">chi\u1ec1u cao Z<\/strong>, bi\u00ean d\u1ea1ng v\u00e0 k\u1ebft c\u1ea5u b\u1ec1 m\u1eb7t.<\/span><\/p>\n<\/li>\n<li data-start=\"4085\" data-end=\"4147\">\n<p data-start=\"4087\" data-end=\"4147\"><span style=\"font-size: 12pt;\"><strong data-start=\"4087\" data-end=\"4134\">T\u1ed1i \u01b0u ki\u1ec3m tra l\u1ed7i v\u00e0 ph\u00e2n t\u00edch ch\u1ea5t l\u01b0\u1ee3ng<\/strong> nhanh ch\u00f3ng.<\/span><\/p>\n<\/li>\n<\/ul>\n<h4 data-start=\"4149\" data-end=\"4198\"><span style=\"font-size: 12pt;\">\u2705 <strong data-start=\"4156\" data-end=\"4198\">H\u00ecnh \u1ea2nh Lu\u00f4n R\u00f5 N\u00e9t Khi M\u1eabu Di Chuy\u1ec3n<\/strong><\/span><\/h4>\n<ul data-start=\"4199\" data-end=\"4335\">\n<li data-start=\"4199\" data-end=\"4288\">\n<p data-start=\"4201\" data-end=\"4288\"><span style=\"font-size: 12pt;\">Kh\u00f4ng b\u1ecb m\u1ea5t n\u00e9t d\u00f9 \u0111ang <strong data-start=\"4226\" data-end=\"4247\">di chuy\u1ec3n m\u1eabu v\u1eadt<\/strong> ho\u1eb7c ki\u1ec3m tra <strong data-start=\"4262\" data-end=\"4285\">b\u1ed9 ph\u1eadn chuy\u1ec3n \u0111\u1ed9ng<\/strong>.<\/span><\/p>\n<\/li>\n<li data-start=\"4289\" data-end=\"4335\">\n<p data-start=\"4291\" data-end=\"4335\"><span style=\"font-size: 12pt;\"><strong data-start=\"4291\" data-end=\"4309\">T\u0103ng n\u0103ng su\u1ea5t<\/strong>, gi\u1ea3m gi\u00e1n \u0111o\u1ea1n ki\u1ec3m tra.<\/span><\/p>\n<\/li>\n<\/ul>\n<h4 data-start=\"4337\" data-end=\"4384\"><span style=\"font-size: 12pt;\">\u2705 <strong data-start=\"4344\" data-end=\"4384\">C\u00f4ng C\u1ee5 \u0110o L\u01b0\u1eddng Ch\u00ednh X\u00e1c Tr\u1ef1c Ti\u1ebfp<\/strong><\/span><\/h4>\n<ul data-start=\"4385\" data-end=\"4536\">\n<li data-start=\"4385\" data-end=\"4444\">\n<p data-start=\"4387\" data-end=\"4444\"><span style=\"font-size: 12pt;\">\u0110o l\u01b0\u1eddng tr\u1ef1c ti\u1ebfp tr\u00ean \u1ea3nh live ho\u1eb7c tr\u00ean \u1ea3nh \u0111\u00e3 ch\u1ee5p.<\/span><\/p>\n<\/li>\n<li data-start=\"4445\" data-end=\"4536\">\n<p data-start=\"4447\" data-end=\"4536\"><span style=\"font-size: 12pt;\">H\u1ed7 tr\u1ee3 \u0111o: <strong data-start=\"4458\" data-end=\"4535\">\u0111\u01b0\u1eddng tr\u00f2n, \u0111\u01b0\u1eddng th\u1eb3ng, \u0111a gi\u00e1c, kho\u1ea3ng c\u00e1ch, di\u1ec7n t\u00edch, g\u00f3c v\u00e0 t\u1ecda \u0111\u1ed9 Z<\/strong>.<\/span><\/p>\n<\/li>\n<\/ul>\n<h4 data-start=\"4538\" data-end=\"4577\"><span style=\"font-size: 12pt;\">\u2705 <strong data-start=\"4545\" data-end=\"4577\">T\u00ednh N\u0103ng C\u1ea3nh B\u00e1o &amp; Ghi Ch\u00fa<\/strong><\/span><\/h4>\n<ul data-start=\"4578\" data-end=\"4777\">\n<li data-start=\"4578\" data-end=\"4641\">\n<p data-start=\"4580\" data-end=\"4641\"><span style=\"font-size: 12pt;\">C\u1ea3nh b\u00e1o <strong data-start=\"4589\" data-end=\"4639\">\u0111\u00fang\/sai sai s\u1ed1 k\u1ef9 thu\u1eadt (in\/out of tolerance)<\/strong><\/span><\/p>\n<\/li>\n<li data-start=\"4642\" data-end=\"4714\">\n<p data-start=\"4644\" data-end=\"4714\"><span style=\"font-size: 12pt;\">Ghi ch\u00fa, th\u00eam th\u00f4ng tin \u0111o \u0111\u1ea1c v\u00e0 <strong data-start=\"4678\" data-end=\"4704\">\u0111\u00e1nh d\u1ea5u v\u00f9ng ki\u1ec3m tra<\/strong> d\u1ec5 d\u00e0ng<\/span><\/p>\n<\/li>\n<li data-start=\"4715\" data-end=\"4777\">\n<p data-start=\"4717\" data-end=\"4777\"><span style=\"font-size: 12pt;\">Xu\u1ea5t <strong data-start=\"4722\" data-end=\"4756\">b\u00e1o c\u00e1o ki\u1ec3m tra chuy\u00ean nghi\u1ec7p<\/strong> ch\u1ec9 v\u1edbi v\u00e0i thao t\u00e1c<\/span><\/p>\n<\/li>\n<\/ul>\n<h4 data-start=\"4779\" data-end=\"4819\"><span style=\"font-size: 12pt;\">\u2705 <strong data-start=\"4786\" data-end=\"4819\">L\u1eadp B\u00e1o C\u00e1o Nhanh \u2013 Ch\u00ednh X\u00e1c<\/strong><\/span><\/h4>\n<ul data-start=\"4820\" data-end=\"5026\">\n<li data-start=\"4820\" data-end=\"4871\">\n<p data-start=\"4822\" data-end=\"4871\"><span style=\"font-size: 12pt;\">Ch\u1ee5p \u1ea3nh 2D ch\u1ea5t l\u01b0\u1ee3ng cao t\u1eeb h\u00ecnh \u1ea3nh \u0111ang xem<\/span><\/p>\n<\/li>\n<li data-start=\"4872\" data-end=\"4950\">\n<p data-start=\"4874\" data-end=\"4950\"><span style=\"font-size: 12pt;\">Giao di\u1ec7n th\u00e2n thi\u1ec7n v\u1edbi <strong data-start=\"4899\" data-end=\"4948\">b\u00e0n l\u00e0m vi\u1ec7c t\u00f9y ch\u1ec9nh cho t\u1eebng lo\u1ea1i s\u1ea3n ph\u1ea9m<\/strong><\/span><\/p>\n<\/li>\n<li data-start=\"4951\" data-end=\"5026\">\n<p data-start=\"4953\" data-end=\"5026\"><span style=\"font-size: 12pt;\"><strong data-start=\"4953\" data-end=\"5026\">L\u00fd t\u01b0\u1edfng cho ng\u00e0nh y\u00eau c\u1ea7u truy xu\u1ea5t ngu\u1ed3n g\u1ed1c v\u00e0 ti\u00eau chu\u1ea9n kh\u1eaft khe<\/strong><\/span><\/p>\n<\/li>\n<\/ul>\n<h3 data-start=\"5033\" data-end=\"5066\"><span style=\"font-size: 12pt;\">\ud83c\udfaf <strong data-start=\"5040\" data-end=\"5066\">\u1ee8ng D\u1ee5ng L\u00fd T\u01b0\u1edfng Cho:<\/strong><\/span><\/h3>\n<ul data-start=\"5067\" data-end=\"5260\">\n<li data-start=\"5067\" data-end=\"5095\">\n<p data-start=\"5069\" data-end=\"5095\"><span style=\"font-size: 12pt;\">Ki\u1ec3m tra bo m\u1ea1ch \u0111i\u1ec7n t\u1eed<\/span><\/p>\n<\/li>\n<li data-start=\"5096\" data-end=\"5132\">\n<p data-start=\"5098\" data-end=\"5132\"><span style=\"font-size: 12pt;\">Ki\u1ec3m tra thi\u1ebft b\u1ecb y t\u1ebf ch\u00ednh x\u00e1c<\/span><\/p>\n<\/li>\n<li data-start=\"5133\" data-end=\"5164\">\n<p data-start=\"5135\" data-end=\"5164\"><span style=\"font-size: 12pt;\">Linh ki\u1ec7n \u00f4 t\u00f4 \u2013 h\u00e0ng kh\u00f4ng<\/span><\/p>\n<\/li>\n<li data-start=\"5165\" data-end=\"5202\">\n<p data-start=\"5167\" data-end=\"5202\"><span style=\"font-size: 12pt;\">Ph\u00e2n t\u00edch l\u1ed7i \u2013 h\u1ecfng h\u00f3c v\u1eadt li\u1ec7u<\/span><\/p>\n<\/li>\n<li data-start=\"5203\" data-end=\"5260\">\n<p data-start=\"5205\" data-end=\"5260\"><span style=\"font-size: 12pt;\">Ki\u1ec3m tra k\u00edch th\u01b0\u1edbc \u2013 \u0111o l\u01b0\u1eddng ch\u00ednh x\u00e1c trong s\u1ea3n xu\u1ea5t<\/span><\/p>\n<\/li>\n<\/ul>\n<blockquote data-start=\"5267\" data-end=\"5459\">\n<p data-start=\"5269\" data-end=\"5459\"><span style=\"font-size: 12pt;\"><strong data-start=\"5269\" data-end=\"5284\">DeepFocus 1<\/strong> \u2013 C\u00f4ng c\u1ee5 ki\u1ec3m tra th\u1ebf h\u1ec7 m\u1edbi gi\u00fap <strong data-start=\"5320\" data-end=\"5379\">quan s\u00e1t to\u00e0n di\u1ec7n, l\u1ea5y n\u00e9t t\u1ee9c th\u00ec, \u0111o l\u01b0\u1eddng ch\u00ednh x\u00e1c<\/strong>, ph\u1ee5c v\u1ee5 hi\u1ec7u qu\u1ea3 cho m\u1ecdi y\u00eau c\u1ea7u trong <strong data-start=\"5420\" data-end=\"5458\">ki\u1ec3m \u0111\u1ecbnh v\u00e0 ph\u00e2n t\u00edch c\u00f4ng nghi\u1ec7p<\/strong>.<\/span><\/p>\n<\/blockquote>\n","protected":false},"excerpt":{"rendered":"<p>DEEPFOCUS 1 s\u1ea3n ph\u1ea9m cao c\u1ea5p c\u1ee7a h\u00e3ng Vision Engineering, thi\u1ebft k\u1ebf \u0111\u1ec3 cung c\u1ea5p m\u1ed9t tr\u1ea3i nghi\u1ec7m ch\u1ee5p \u1ea3nh chuy\u00ean nghi\u1ec7p<\/p>\n","protected":false},"author":2,"featured_media":4390,"parent":0,"menu_order":0,"comment_status":"open","ping_status":"closed","template":"","meta":{"inline_featured_image":false,"footnotes":""},"service-category":[86],"service_tag":[],"class_list":["post-4096","product","type-product","status-publish","has-post-thumbnail","hentry","service-category-kinh-hien-vi-quang-hoc"],"yoast_head":"<!-- This site is optimized with the Yoast SEO plugin v27.4 - https:\/\/yoast.com\/product\/yoast-seo-wordpress\/ -->\n<title>K\u00cdNH HI\u1ec2N VI DEEPFOCUS 1 - LORIOT INDUSTRIAL<\/title>\n<meta name=\"description\" content=\"K\u00ednh hi\u1ec3n vi DeepFocus 1 l\u1ea5y n\u00e9t s\u00e2u h\u01a1n g\u1ea5p 100 l\u1ea7n trong m\u1ed9t l\u1ea7n xem, t\u0103ng t\u1ed1c \u0111\u1ed9 ki\u1ec3m tra v\u00e0 gi\u00fap gi\u1ea3m nguy c\u01a1 ki\u1ec3m tra kh\u00f4ng \u0111\u1ea7y \u0111\u1ee7.\" \/>\n<meta name=\"robots\" content=\"index, follow, max-snippet:-1, max-image-preview:large, max-video-preview:-1\" \/>\n<link rel=\"canonical\" href=\"https:\/\/loriot.com.vn\/vi\/product\/kinh-hien-vi-deepfocus-1\/\" \/>\n<meta property=\"og:locale\" content=\"vi_VN\" \/>\n<meta property=\"og:type\" content=\"article\" \/>\n<meta property=\"og:title\" content=\"K\u00cdNH HI\u1ec2N VI DEEPFOCUS 1 - LORIOT INDUSTRIAL\" \/>\n<meta property=\"og:description\" content=\"K\u00ednh hi\u1ec3n vi DeepFocus 1 l\u1ea5y n\u00e9t s\u00e2u h\u01a1n g\u1ea5p 100 l\u1ea7n trong m\u1ed9t l\u1ea7n xem, t\u0103ng t\u1ed1c \u0111\u1ed9 ki\u1ec3m tra v\u00e0 gi\u00fap gi\u1ea3m nguy c\u01a1 ki\u1ec3m tra kh\u00f4ng \u0111\u1ea7y \u0111\u1ee7.\" \/>\n<meta property=\"og:url\" content=\"https:\/\/loriot.com.vn\/vi\/product\/kinh-hien-vi-deepfocus-1\/\" \/>\n<meta property=\"og:site_name\" content=\"LORIOT INDUSTRIAL\" \/>\n<meta property=\"article:publisher\" content=\"https:\/\/www.facebook.com\/Loriot-Industrial-COLTD-103044855046633\" \/>\n<meta property=\"article:modified_time\" content=\"2025-07-10T04:10:42+00:00\" \/>\n<meta property=\"og:image\" content=\"https:\/\/loriot.com.vn\/wp-content\/uploads\/2022\/07\/DeepFocus1-770x513-1-1.jpg\" \/>\n\t<meta property=\"og:image:width\" content=\"770\" \/>\n\t<meta property=\"og:image:height\" content=\"513\" \/>\n\t<meta property=\"og:image:type\" content=\"image\/jpeg\" \/>\n<meta name=\"twitter:card\" content=\"summary_large_image\" \/>\n<meta name=\"twitter:label1\" content=\"\u01af\u1edbc t\u00ednh th\u1eddi gian \u0111\u1ecdc\" \/>\n\t<meta name=\"twitter:data1\" content=\"3 ph\u00fat\" \/>\n<script type=\"application\/ld+json\" class=\"yoast-schema-graph\">{\"@context\":\"https:\\\/\\\/schema.org\",\"@graph\":[{\"@type\":\"WebPage\",\"@id\":\"https:\\\/\\\/loriot.com.vn\\\/vi\\\/product\\\/kinh-hien-vi-deepfocus-1\\\/\",\"url\":\"https:\\\/\\\/loriot.com.vn\\\/vi\\\/product\\\/kinh-hien-vi-deepfocus-1\\\/\",\"name\":\"K\u00cdNH HI\u1ec2N VI DEEPFOCUS 1 - LORIOT INDUSTRIAL\",\"isPartOf\":{\"@id\":\"https:\\\/\\\/loriot.com.vn\\\/#website\"},\"primaryImageOfPage\":{\"@id\":\"https:\\\/\\\/loriot.com.vn\\\/vi\\\/product\\\/kinh-hien-vi-deepfocus-1\\\/#primaryimage\"},\"image\":{\"@id\":\"https:\\\/\\\/loriot.com.vn\\\/vi\\\/product\\\/kinh-hien-vi-deepfocus-1\\\/#primaryimage\"},\"thumbnailUrl\":\"https:\\\/\\\/loriot.com.vn\\\/wp-content\\\/uploads\\\/2022\\\/07\\\/DeepFocus1-770x513-1-1.jpg\",\"datePublished\":\"2022-07-12T02:32:17+00:00\",\"dateModified\":\"2025-07-10T04:10:42+00:00\",\"description\":\"K\u00ednh hi\u1ec3n vi DeepFocus 1 l\u1ea5y n\u00e9t s\u00e2u h\u01a1n g\u1ea5p 100 l\u1ea7n trong m\u1ed9t l\u1ea7n xem, t\u0103ng t\u1ed1c \u0111\u1ed9 ki\u1ec3m tra v\u00e0 gi\u00fap gi\u1ea3m nguy c\u01a1 ki\u1ec3m tra kh\u00f4ng \u0111\u1ea7y \u0111\u1ee7.\",\"breadcrumb\":{\"@id\":\"https:\\\/\\\/loriot.com.vn\\\/vi\\\/product\\\/kinh-hien-vi-deepfocus-1\\\/#breadcrumb\"},\"inLanguage\":\"vi\",\"potentialAction\":[{\"@type\":\"ReadAction\",\"target\":[\"https:\\\/\\\/loriot.com.vn\\\/vi\\\/product\\\/kinh-hien-vi-deepfocus-1\\\/\"]}]},{\"@type\":\"ImageObject\",\"inLanguage\":\"vi\",\"@id\":\"https:\\\/\\\/loriot.com.vn\\\/vi\\\/product\\\/kinh-hien-vi-deepfocus-1\\\/#primaryimage\",\"url\":\"https:\\\/\\\/loriot.com.vn\\\/wp-content\\\/uploads\\\/2022\\\/07\\\/DeepFocus1-770x513-1-1.jpg\",\"contentUrl\":\"https:\\\/\\\/loriot.com.vn\\\/wp-content\\\/uploads\\\/2022\\\/07\\\/DeepFocus1-770x513-1-1.jpg\",\"width\":770,\"height\":513,\"caption\":\"K\u00cdNH HI\u1ec2N VI DEEPFOCUS 1\"},{\"@type\":\"BreadcrumbList\",\"@id\":\"https:\\\/\\\/loriot.com.vn\\\/vi\\\/product\\\/kinh-hien-vi-deepfocus-1\\\/#breadcrumb\",\"itemListElement\":[{\"@type\":\"ListItem\",\"position\":1,\"name\":\"Home\",\"item\":\"https:\\\/\\\/loriot.com.vn\\\/vi\\\/\"},{\"@type\":\"ListItem\",\"position\":2,\"name\":\"Products\",\"item\":\"https:\\\/\\\/loriot.com.vn\\\/product\\\/\"},{\"@type\":\"ListItem\",\"position\":3,\"name\":\"K\u00cdNH HI\u1ec2N VI DEEPFOCUS 1\"}]},{\"@type\":\"WebSite\",\"@id\":\"https:\\\/\\\/loriot.com.vn\\\/#website\",\"url\":\"https:\\\/\\\/loriot.com.vn\\\/\",\"name\":\"LORIOT INDUSTRIAL CO.,LTD\",\"description\":\"\",\"publisher\":{\"@id\":\"https:\\\/\\\/loriot.com.vn\\\/#organization\"},\"potentialAction\":[{\"@type\":\"SearchAction\",\"target\":{\"@type\":\"EntryPoint\",\"urlTemplate\":\"https:\\\/\\\/loriot.com.vn\\\/?s={search_term_string}\"},\"query-input\":{\"@type\":\"PropertyValueSpecification\",\"valueRequired\":true,\"valueName\":\"search_term_string\"}}],\"inLanguage\":\"vi\"},{\"@type\":\"Organization\",\"@id\":\"https:\\\/\\\/loriot.com.vn\\\/#organization\",\"name\":\"Loriot Industrial Co.,Ltd\",\"url\":\"https:\\\/\\\/loriot.com.vn\\\/\",\"logo\":{\"@type\":\"ImageObject\",\"inLanguage\":\"vi\",\"@id\":\"https:\\\/\\\/loriot.com.vn\\\/#\\\/schema\\\/logo\\\/image\\\/\",\"url\":\"https:\\\/\\\/loriot.com.vn\\\/wp-content\\\/uploads\\\/2021\\\/08\\\/logo-ft.png\",\"contentUrl\":\"https:\\\/\\\/loriot.com.vn\\\/wp-content\\\/uploads\\\/2021\\\/08\\\/logo-ft.png\",\"width\":333,\"height\":101,\"caption\":\"Loriot Industrial Co.,Ltd\"},\"image\":{\"@id\":\"https:\\\/\\\/loriot.com.vn\\\/#\\\/schema\\\/logo\\\/image\\\/\"},\"sameAs\":[\"https:\\\/\\\/www.facebook.com\\\/Loriot-Industrial-COLTD-103044855046633\"]}]}<\/script>\n<!-- \/ Yoast SEO plugin. -->","yoast_head_json":{"title":"K\u00cdNH HI\u1ec2N VI DEEPFOCUS 1 - LORIOT INDUSTRIAL","description":"K\u00ednh hi\u1ec3n vi DeepFocus 1 l\u1ea5y n\u00e9t s\u00e2u h\u01a1n g\u1ea5p 100 l\u1ea7n trong m\u1ed9t l\u1ea7n xem, t\u0103ng t\u1ed1c \u0111\u1ed9 ki\u1ec3m tra v\u00e0 gi\u00fap gi\u1ea3m nguy c\u01a1 ki\u1ec3m tra kh\u00f4ng \u0111\u1ea7y \u0111\u1ee7.","robots":{"index":"index","follow":"follow","max-snippet":"max-snippet:-1","max-image-preview":"max-image-preview:large","max-video-preview":"max-video-preview:-1"},"canonical":"https:\/\/loriot.com.vn\/vi\/product\/kinh-hien-vi-deepfocus-1\/","og_locale":"vi_VN","og_type":"article","og_title":"K\u00cdNH HI\u1ec2N VI DEEPFOCUS 1 - LORIOT INDUSTRIAL","og_description":"K\u00ednh hi\u1ec3n vi DeepFocus 1 l\u1ea5y n\u00e9t s\u00e2u h\u01a1n g\u1ea5p 100 l\u1ea7n trong m\u1ed9t l\u1ea7n xem, t\u0103ng t\u1ed1c \u0111\u1ed9 ki\u1ec3m tra v\u00e0 gi\u00fap gi\u1ea3m nguy c\u01a1 ki\u1ec3m tra kh\u00f4ng \u0111\u1ea7y \u0111\u1ee7.","og_url":"https:\/\/loriot.com.vn\/vi\/product\/kinh-hien-vi-deepfocus-1\/","og_site_name":"LORIOT INDUSTRIAL","article_publisher":"https:\/\/www.facebook.com\/Loriot-Industrial-COLTD-103044855046633","article_modified_time":"2025-07-10T04:10:42+00:00","og_image":[{"width":770,"height":513,"url":"https:\/\/loriot.com.vn\/wp-content\/uploads\/2022\/07\/DeepFocus1-770x513-1-1.jpg","type":"image\/jpeg"}],"twitter_card":"summary_large_image","twitter_misc":{"\u01af\u1edbc t\u00ednh th\u1eddi gian \u0111\u1ecdc":"3 ph\u00fat"},"schema":{"@context":"https:\/\/schema.org","@graph":[{"@type":"WebPage","@id":"https:\/\/loriot.com.vn\/vi\/product\/kinh-hien-vi-deepfocus-1\/","url":"https:\/\/loriot.com.vn\/vi\/product\/kinh-hien-vi-deepfocus-1\/","name":"K\u00cdNH HI\u1ec2N VI DEEPFOCUS 1 - LORIOT INDUSTRIAL","isPartOf":{"@id":"https:\/\/loriot.com.vn\/#website"},"primaryImageOfPage":{"@id":"https:\/\/loriot.com.vn\/vi\/product\/kinh-hien-vi-deepfocus-1\/#primaryimage"},"image":{"@id":"https:\/\/loriot.com.vn\/vi\/product\/kinh-hien-vi-deepfocus-1\/#primaryimage"},"thumbnailUrl":"https:\/\/loriot.com.vn\/wp-content\/uploads\/2022\/07\/DeepFocus1-770x513-1-1.jpg","datePublished":"2022-07-12T02:32:17+00:00","dateModified":"2025-07-10T04:10:42+00:00","description":"K\u00ednh hi\u1ec3n vi DeepFocus 1 l\u1ea5y n\u00e9t s\u00e2u h\u01a1n g\u1ea5p 100 l\u1ea7n trong m\u1ed9t l\u1ea7n xem, t\u0103ng t\u1ed1c \u0111\u1ed9 ki\u1ec3m tra v\u00e0 gi\u00fap gi\u1ea3m nguy c\u01a1 ki\u1ec3m tra kh\u00f4ng \u0111\u1ea7y \u0111\u1ee7.","breadcrumb":{"@id":"https:\/\/loriot.com.vn\/vi\/product\/kinh-hien-vi-deepfocus-1\/#breadcrumb"},"inLanguage":"vi","potentialAction":[{"@type":"ReadAction","target":["https:\/\/loriot.com.vn\/vi\/product\/kinh-hien-vi-deepfocus-1\/"]}]},{"@type":"ImageObject","inLanguage":"vi","@id":"https:\/\/loriot.com.vn\/vi\/product\/kinh-hien-vi-deepfocus-1\/#primaryimage","url":"https:\/\/loriot.com.vn\/wp-content\/uploads\/2022\/07\/DeepFocus1-770x513-1-1.jpg","contentUrl":"https:\/\/loriot.com.vn\/wp-content\/uploads\/2022\/07\/DeepFocus1-770x513-1-1.jpg","width":770,"height":513,"caption":"K\u00cdNH HI\u1ec2N VI DEEPFOCUS 1"},{"@type":"BreadcrumbList","@id":"https:\/\/loriot.com.vn\/vi\/product\/kinh-hien-vi-deepfocus-1\/#breadcrumb","itemListElement":[{"@type":"ListItem","position":1,"name":"Home","item":"https:\/\/loriot.com.vn\/vi\/"},{"@type":"ListItem","position":2,"name":"Products","item":"https:\/\/loriot.com.vn\/product\/"},{"@type":"ListItem","position":3,"name":"K\u00cdNH HI\u1ec2N VI DEEPFOCUS 1"}]},{"@type":"WebSite","@id":"https:\/\/loriot.com.vn\/#website","url":"https:\/\/loriot.com.vn\/","name":"LORIOT INDUSTRIAL CO.,LTD","description":"","publisher":{"@id":"https:\/\/loriot.com.vn\/#organization"},"potentialAction":[{"@type":"SearchAction","target":{"@type":"EntryPoint","urlTemplate":"https:\/\/loriot.com.vn\/?s={search_term_string}"},"query-input":{"@type":"PropertyValueSpecification","valueRequired":true,"valueName":"search_term_string"}}],"inLanguage":"vi"},{"@type":"Organization","@id":"https:\/\/loriot.com.vn\/#organization","name":"Loriot Industrial Co.,Ltd","url":"https:\/\/loriot.com.vn\/","logo":{"@type":"ImageObject","inLanguage":"vi","@id":"https:\/\/loriot.com.vn\/#\/schema\/logo\/image\/","url":"https:\/\/loriot.com.vn\/wp-content\/uploads\/2021\/08\/logo-ft.png","contentUrl":"https:\/\/loriot.com.vn\/wp-content\/uploads\/2021\/08\/logo-ft.png","width":333,"height":101,"caption":"Loriot Industrial Co.,Ltd"},"image":{"@id":"https:\/\/loriot.com.vn\/#\/schema\/logo\/image\/"},"sameAs":["https:\/\/www.facebook.com\/Loriot-Industrial-COLTD-103044855046633"]}]}},"_links":{"self":[{"href":"https:\/\/loriot.com.vn\/vi\/wp-json\/wp\/v2\/product\/4096","targetHints":{"allow":["GET"]}}],"collection":[{"href":"https:\/\/loriot.com.vn\/vi\/wp-json\/wp\/v2\/product"}],"about":[{"href":"https:\/\/loriot.com.vn\/vi\/wp-json\/wp\/v2\/types\/product"}],"author":[{"embeddable":true,"href":"https:\/\/loriot.com.vn\/vi\/wp-json\/wp\/v2\/users\/2"}],"replies":[{"embeddable":true,"href":"https:\/\/loriot.com.vn\/vi\/wp-json\/wp\/v2\/comments?post=4096"}],"version-history":[{"count":10,"href":"https:\/\/loriot.com.vn\/vi\/wp-json\/wp\/v2\/product\/4096\/revisions"}],"predecessor-version":[{"id":5581,"href":"https:\/\/loriot.com.vn\/vi\/wp-json\/wp\/v2\/product\/4096\/revisions\/5581"}],"wp:featuredmedia":[{"embeddable":true,"href":"https:\/\/loriot.com.vn\/vi\/wp-json\/wp\/v2\/media\/4390"}],"wp:attachment":[{"href":"https:\/\/loriot.com.vn\/vi\/wp-json\/wp\/v2\/media?parent=4096"}],"wp:term":[{"taxonomy":"service-category","embeddable":true,"href":"https:\/\/loriot.com.vn\/vi\/wp-json\/wp\/v2\/service-category?post=4096"},{"taxonomy":"service_tag","embeddable":true,"href":"https:\/\/loriot.com.vn\/vi\/wp-json\/wp\/v2\/service_tag?post=4096"}],"curies":[{"name":"wp","href":"https:\/\/api.w.org\/{rel}","templated":true}]}}