{"id":4724,"date":"2024-04-22T14:14:19","date_gmt":"2024-04-22T07:14:19","guid":{"rendered":"https:\/\/loriot.com.vn\/?post_type=product&#038;p=4724"},"modified":"2025-07-08T14:38:12","modified_gmt":"2025-07-08T07:38:12","slug":"may-chup-anh-song-am-ii900","status":"publish","type":"product","link":"https:\/\/loriot.com.vn\/vi\/product\/may-chup-anh-song-am-ii900\/","title":{"rendered":"M\u00c1Y CH\u1ee4P \u1ea2NH S\u00d3NG \u00c2M II900"},"content":{"rendered":"<p><strong>M\u00e1y Ch\u1ee5p \u1ea2nh S\u00f3ng \u00c2m Fluke ii900: Hi\u1ec7u Qu\u1ea3 v\u00e0 Ti\u1ec7n L\u1ee3i<\/strong><\/p>\n<p>M\u00e1y ch\u1ee5p \u1ea3nh s\u00f3ng \u00e2m Fluke ii900 l\u00e0 m\u1ed9t gi\u1ea3i ph\u00e1p hi\u1ec7n \u0111\u1ea1i v\u00e0 \u0111\u1ed9c \u0111\u00e1o cho c\u00e1c nhu c\u1ea7u x\u00e1c \u0111\u1ecbnh v\u00e0 kh\u1eafc ph\u1ee5c c\u00e1c r\u00f2 r\u1ec9 kh\u00ed, gas, v\u00e0 ch\u00e2n kh\u00f4ng trong c\u00e1c h\u1ec7 th\u1ed1ng kh\u00ed n\u00e9n c\u00f4ng nghi\u1ec7p.<\/p>\n<p>V\u1edbi t\u00ednh n\u0103ng micro m\u1edf r\u1ed9ng cho tr\u01b0\u1eddng ki\u1ec3m tra, Fluke ii900 cho ph\u00e9p ng\u01b0\u1eddi s\u1eed d\u1ee5ng \u0111\u1ecbnh v\u1ecb r\u00f2 r\u1ec9 m\u1ed9t c\u00e1ch nhanh ch\u00f3ng v\u00e0 ch\u00ednh x\u00e1c. Th\u1eddi gian ki\u1ec3m tra \u0111\u01b0\u1ee3c gi\u1ea3m thi\u1ec3u, t\u0103ng c\u01b0\u1eddng hi\u1ec7u qu\u1ea3 l\u00e0m vi\u1ec7c v\u00e0 ti\u1ebft ki\u1ec7m th\u1eddi gian \u0111\u00e1ng k\u1ec3.<\/p>\n<p>M\u00e0n h\u00ecnh c\u1ea3m \u1ee9ng LCD 7\u201d c\u1ee7a Fluke ii900 k\u1ebft h\u1ee3p v\u1edbi c\u00f4ng ngh\u1ec7 SoundSight\u2122 m\u1edbi m\u1ebb, t\u1ea1o ra m\u1ed9t tr\u1ea3i nghi\u1ec7m tr\u1ef1c quan v\u00e0 d\u1ec5 s\u1eed d\u1ee5ng. Ng\u01b0\u1eddi d\u00f9ng c\u00f3 th\u1ec3 d\u1ec5 d\u00e0ng x\u00e1c \u0111\u1ecbnh v\u1ecb tr\u00ed r\u00f2 r\u1ec9 tr\u00ean m\u1ed9t \u1ea3nh tr\u1ef1c quan, gi\u00fap h\u1ecd nhanh ch\u00f3ng t\u1eadp trung v\u00e0o gi\u1ea3i quy\u1ebft v\u1ea5n \u0111\u1ec1.<\/p>\n<p>Giao di\u1ec7n ng\u01b0\u1eddi d\u00f9ng c\u1ee7a Fluke ii900 \u0111\u01b0\u1ee3c thi\u1ebft k\u1ebf th\u00e2n thi\u1ec7n v\u00e0 d\u1ec5 hi\u1ec3u, gi\u00fap k\u1ef9 thu\u1eadt vi\u00ean ph\u00e2n bi\u1ec7t t\u1ea7n s\u1ed1 \u00e2m thanh c\u1ee7a \u0111i\u1ec3m r\u00f2 r\u1ec9 v\u00e0 lo\u1ea1i b\u1ecf nhi\u1ec5u n\u1ec1n l\u1edbn, t\u0103ng \u0111\u1ed9 ch\u00ednh x\u00e1c trong vi\u1ec7c x\u00e1c \u0111\u1ecbnh v\u00e0 s\u1eeda ch\u1eefa c\u00e1c r\u00f2 r\u1ec9.<\/p>\n<p>Fluke ii900 kh\u00f4ng ch\u1ec9 gi\u00fap ti\u1ebft ki\u1ec7m th\u1eddi gian v\u00e0 c\u00f4ng s\u1ee9c m\u00e0 c\u00f2n gi\u00fap ti\u1ebft ki\u1ec7m chi ph\u00ed v\u00e0 t\u0103ng c\u01b0\u1eddng hi\u1ec7u su\u1ea5t l\u00e0m vi\u1ec7c.<\/p>\n<p><strong>T\u00ednh N\u0103ng Ch\u00ednh:<\/strong><\/p>\n<p>L\u00e0m \u0111\u01b0\u1ee3c nhi\u1ec1u h\u01a1n v\u1edbi c\u00e1c m\u00e1y n\u00e9n kh\u00ed t\u01b0\u01a1ng t\u1ef1, tr\u00ec ho\u00e3n ph\u00ed t\u1ed5n v\u1ed1n do mua th\u00eam m\u00e1y n\u00e9n.<br \/>\n\u0110\u1ea3m b\u1ea3o \u00e1p su\u1ea5t kh\u00ed \u0111\u00fang cho thi\u1ebft b\u1ecb kh\u00ed n\u00e9n c\u1ee7a b\u1ea1n, gi\u00fap c\u1ea3i thi\u1ec7n \u0111\u1ed9 tin c\u1eady trong d\u00e2y chuy\u1ec1n s\u1ea3n xu\u1ea5t c\u1ee7a b\u1ea1n.<br \/>\nGi\u1ea3m chi ph\u00ed ti\u1ec7n \u00edch v\u00e0 th\u1eddi gian ph\u00e1t hi\u1ec7n r\u00f2 r\u1ec9.<\/p>\n<p>H\u00e3y tr\u1ea3i nghi\u1ec7m s\u1ef1 ti\u1ec7n l\u1ee3i v\u00e0 hi\u1ec7u qu\u1ea3 c\u1ee7a Fluke ii900 ngay h\u00f4m nay \u0111\u1ec3 t\u1ea1o ra m\u00f4i tr\u01b0\u1eddng l\u00e0m vi\u1ec7c an to\u00e0n v\u00e0 hi\u1ec7u qu\u1ea3 h\u01a1n.<\/p>\n","protected":false},"excerpt":{"rendered":"<p>M\u00e1y ch\u1ee5p \u1ea3nh s\u00f3ng \u00e2m Fluke ii900 l\u00e0 m\u1ed9t gi\u1ea3i ph\u00e1p hi\u1ec7n \u0111\u1ea1i v\u00e0 \u0111\u1ed9c \u0111\u00e1o cho c\u00e1c nhu c\u1ea7u x\u00e1c \u0111\u1ecbnh v\u00e0 kh\u1eafc ph\u1ee5c c\u00e1c r\u00f2 r\u1ec9 kh\u00ed<\/p>\n","protected":false},"author":2,"featured_media":4832,"parent":0,"menu_order":0,"comment_status":"open","ping_status":"closed","template":"","meta":{"inline_featured_image":false,"footnotes":""},"service-category":[137,133],"service_tag":[],"class_list":["post-4724","product","type-product","status-publish","has-post-thumbnail","hentry","service-category-chup-anh-song-am","service-category-san-pham-fluke"],"yoast_head":"<!-- This site is optimized with the Yoast SEO plugin v27.5 - https:\/\/yoast.com\/product\/yoast-seo-wordpress\/ -->\n<title>M\u00c1Y CH\u1ee4P \u1ea2NH S\u00d3NG \u00c2M II900 - LORIOT INDUSTRIAL<\/title>\n<meta name=\"description\" content=\"M\u00e1y ch\u1ee5p \u1ea3nh s\u00f3ng \u00e2m Fluke ii900 l\u00e0 m\u1ed9t gi\u1ea3i ph\u00e1p hi\u1ec7n \u0111\u1ea1i cho c\u00e1c nhu c\u1ea7u x\u00e1c \u0111\u1ecbnh v\u00e0 kh\u1eafc ph\u1ee5c c\u00e1c r\u00f2 r\u1ec9 kh\u00ed, gas, v\u00e0 ch\u00e2n kh\u00f4ng trong c\u00e1c h\u1ec7 th\u1ed1ng kh\u00ed n\u00e9n c\u00f4ng nghi\u1ec7p.\" \/>\n<meta name=\"robots\" content=\"index, follow, max-snippet:-1, max-image-preview:large, max-video-preview:-1\" \/>\n<link rel=\"canonical\" href=\"https:\/\/loriot.com.vn\/vi\/product\/may-chup-anh-song-am-ii900\/\" \/>\n<meta property=\"og:locale\" content=\"vi_VN\" \/>\n<meta property=\"og:type\" content=\"article\" \/>\n<meta property=\"og:title\" content=\"M\u00c1Y CH\u1ee4P \u1ea2NH S\u00d3NG \u00c2M II900 - LORIOT INDUSTRIAL\" \/>\n<meta property=\"og:description\" content=\"M\u00e1y ch\u1ee5p \u1ea3nh s\u00f3ng \u00e2m Fluke ii900 l\u00e0 m\u1ed9t gi\u1ea3i ph\u00e1p hi\u1ec7n \u0111\u1ea1i cho c\u00e1c nhu c\u1ea7u x\u00e1c \u0111\u1ecbnh v\u00e0 kh\u1eafc ph\u1ee5c c\u00e1c r\u00f2 r\u1ec9 kh\u00ed, gas, v\u00e0 ch\u00e2n kh\u00f4ng trong c\u00e1c h\u1ec7 th\u1ed1ng kh\u00ed n\u00e9n c\u00f4ng nghi\u1ec7p.\" \/>\n<meta property=\"og:url\" content=\"https:\/\/loriot.com.vn\/vi\/product\/may-chup-anh-song-am-ii900\/\" \/>\n<meta property=\"og:site_name\" content=\"LORIOT INDUSTRIAL\" \/>\n<meta property=\"article:publisher\" content=\"https:\/\/www.facebook.com\/Loriot-Industrial-COLTD-103044855046633\" \/>\n<meta property=\"article:modified_time\" content=\"2025-07-08T07:38:12+00:00\" \/>\n<meta property=\"og:image\" content=\"https:\/\/loriot.com.vn\/wp-content\/uploads\/2024\/04\/F-ii900_01a_w-copy.png\" \/>\n\t<meta property=\"og:image:width\" content=\"1500\" \/>\n\t<meta property=\"og:image:height\" content=\"1000\" \/>\n\t<meta property=\"og:image:type\" content=\"image\/png\" \/>\n<meta name=\"twitter:card\" content=\"summary_large_image\" \/>\n<meta name=\"twitter:label1\" content=\"\u01af\u1edbc t\u00ednh th\u1eddi gian \u0111\u1ecdc\" \/>\n\t<meta name=\"twitter:data1\" content=\"2 ph\u00fat\" \/>\n<script type=\"application\/ld+json\" class=\"yoast-schema-graph\">{\"@context\":\"https:\\\/\\\/schema.org\",\"@graph\":[{\"@type\":\"WebPage\",\"@id\":\"https:\\\/\\\/loriot.com.vn\\\/vi\\\/product\\\/may-chup-anh-song-am-ii900\\\/\",\"url\":\"https:\\\/\\\/loriot.com.vn\\\/vi\\\/product\\\/may-chup-anh-song-am-ii900\\\/\",\"name\":\"M\u00c1Y CH\u1ee4P \u1ea2NH S\u00d3NG \u00c2M II900 - LORIOT INDUSTRIAL\",\"isPartOf\":{\"@id\":\"https:\\\/\\\/loriot.com.vn\\\/vi\\\/#website\"},\"primaryImageOfPage\":{\"@id\":\"https:\\\/\\\/loriot.com.vn\\\/vi\\\/product\\\/may-chup-anh-song-am-ii900\\\/#primaryimage\"},\"image\":{\"@id\":\"https:\\\/\\\/loriot.com.vn\\\/vi\\\/product\\\/may-chup-anh-song-am-ii900\\\/#primaryimage\"},\"thumbnailUrl\":\"https:\\\/\\\/loriot.com.vn\\\/wp-content\\\/uploads\\\/2024\\\/04\\\/F-ii900_01a_w-copy.png\",\"datePublished\":\"2024-04-22T07:14:19+00:00\",\"dateModified\":\"2025-07-08T07:38:12+00:00\",\"description\":\"M\u00e1y ch\u1ee5p \u1ea3nh s\u00f3ng \u00e2m Fluke ii900 l\u00e0 m\u1ed9t gi\u1ea3i ph\u00e1p hi\u1ec7n \u0111\u1ea1i cho c\u00e1c nhu c\u1ea7u x\u00e1c \u0111\u1ecbnh v\u00e0 kh\u1eafc ph\u1ee5c c\u00e1c r\u00f2 r\u1ec9 kh\u00ed, gas, v\u00e0 ch\u00e2n kh\u00f4ng trong c\u00e1c h\u1ec7 th\u1ed1ng kh\u00ed n\u00e9n c\u00f4ng nghi\u1ec7p.\",\"breadcrumb\":{\"@id\":\"https:\\\/\\\/loriot.com.vn\\\/vi\\\/product\\\/may-chup-anh-song-am-ii900\\\/#breadcrumb\"},\"inLanguage\":\"vi\",\"potentialAction\":[{\"@type\":\"ReadAction\",\"target\":[\"https:\\\/\\\/loriot.com.vn\\\/vi\\\/product\\\/may-chup-anh-song-am-ii900\\\/\"]}]},{\"@type\":\"ImageObject\",\"inLanguage\":\"vi\",\"@id\":\"https:\\\/\\\/loriot.com.vn\\\/vi\\\/product\\\/may-chup-anh-song-am-ii900\\\/#primaryimage\",\"url\":\"https:\\\/\\\/loriot.com.vn\\\/wp-content\\\/uploads\\\/2024\\\/04\\\/F-ii900_01a_w-copy.png\",\"contentUrl\":\"https:\\\/\\\/loriot.com.vn\\\/wp-content\\\/uploads\\\/2024\\\/04\\\/F-ii900_01a_w-copy.png\",\"width\":1500,\"height\":1000,\"caption\":\"M\u00e1y Ch\u1ee5p \u1ea2nh S\u00f3ng \u00c2m Fluke ii900\"},{\"@type\":\"BreadcrumbList\",\"@id\":\"https:\\\/\\\/loriot.com.vn\\\/vi\\\/product\\\/may-chup-anh-song-am-ii900\\\/#breadcrumb\",\"itemListElement\":[{\"@type\":\"ListItem\",\"position\":1,\"name\":\"Home\",\"item\":\"https:\\\/\\\/loriot.com.vn\\\/vi\\\/\"},{\"@type\":\"ListItem\",\"position\":2,\"name\":\"Products\",\"item\":\"https:\\\/\\\/loriot.com.vn\\\/vi\\\/product\\\/\"},{\"@type\":\"ListItem\",\"position\":3,\"name\":\"M\u00c1Y CH\u1ee4P \u1ea2NH S\u00d3NG \u00c2M II900\"}]},{\"@type\":\"WebSite\",\"@id\":\"https:\\\/\\\/loriot.com.vn\\\/vi\\\/#website\",\"url\":\"https:\\\/\\\/loriot.com.vn\\\/vi\\\/\",\"name\":\"LORIOT INDUSTRIAL CO.,LTD\",\"description\":\"\",\"publisher\":{\"@id\":\"https:\\\/\\\/loriot.com.vn\\\/vi\\\/#organization\"},\"potentialAction\":[{\"@type\":\"SearchAction\",\"target\":{\"@type\":\"EntryPoint\",\"urlTemplate\":\"https:\\\/\\\/loriot.com.vn\\\/vi\\\/?s={search_term_string}\"},\"query-input\":{\"@type\":\"PropertyValueSpecification\",\"valueRequired\":true,\"valueName\":\"search_term_string\"}}],\"inLanguage\":\"vi\"},{\"@type\":\"Organization\",\"@id\":\"https:\\\/\\\/loriot.com.vn\\\/vi\\\/#organization\",\"name\":\"Loriot Industrial Co.,Ltd\",\"url\":\"https:\\\/\\\/loriot.com.vn\\\/vi\\\/\",\"logo\":{\"@type\":\"ImageObject\",\"inLanguage\":\"vi\",\"@id\":\"https:\\\/\\\/loriot.com.vn\\\/vi\\\/#\\\/schema\\\/logo\\\/image\\\/\",\"url\":\"https:\\\/\\\/loriot.com.vn\\\/wp-content\\\/uploads\\\/2021\\\/08\\\/logo-ft.png\",\"contentUrl\":\"https:\\\/\\\/loriot.com.vn\\\/wp-content\\\/uploads\\\/2021\\\/08\\\/logo-ft.png\",\"width\":333,\"height\":101,\"caption\":\"Loriot Industrial Co.,Ltd\"},\"image\":{\"@id\":\"https:\\\/\\\/loriot.com.vn\\\/vi\\\/#\\\/schema\\\/logo\\\/image\\\/\"},\"sameAs\":[\"https:\\\/\\\/www.facebook.com\\\/Loriot-Industrial-COLTD-103044855046633\"]}]}<\/script>\n<!-- \/ Yoast SEO plugin. -->","yoast_head_json":{"title":"M\u00c1Y CH\u1ee4P \u1ea2NH S\u00d3NG \u00c2M II900 - LORIOT INDUSTRIAL","description":"M\u00e1y ch\u1ee5p \u1ea3nh s\u00f3ng \u00e2m Fluke ii900 l\u00e0 m\u1ed9t gi\u1ea3i ph\u00e1p hi\u1ec7n \u0111\u1ea1i cho c\u00e1c nhu c\u1ea7u x\u00e1c \u0111\u1ecbnh v\u00e0 kh\u1eafc ph\u1ee5c c\u00e1c r\u00f2 r\u1ec9 kh\u00ed, gas, v\u00e0 ch\u00e2n kh\u00f4ng trong c\u00e1c h\u1ec7 th\u1ed1ng kh\u00ed n\u00e9n c\u00f4ng nghi\u1ec7p.","robots":{"index":"index","follow":"follow","max-snippet":"max-snippet:-1","max-image-preview":"max-image-preview:large","max-video-preview":"max-video-preview:-1"},"canonical":"https:\/\/loriot.com.vn\/vi\/product\/may-chup-anh-song-am-ii900\/","og_locale":"vi_VN","og_type":"article","og_title":"M\u00c1Y CH\u1ee4P \u1ea2NH S\u00d3NG \u00c2M II900 - LORIOT INDUSTRIAL","og_description":"M\u00e1y ch\u1ee5p \u1ea3nh s\u00f3ng \u00e2m Fluke ii900 l\u00e0 m\u1ed9t gi\u1ea3i ph\u00e1p hi\u1ec7n \u0111\u1ea1i cho c\u00e1c nhu c\u1ea7u x\u00e1c \u0111\u1ecbnh v\u00e0 kh\u1eafc ph\u1ee5c c\u00e1c r\u00f2 r\u1ec9 kh\u00ed, gas, v\u00e0 ch\u00e2n kh\u00f4ng trong c\u00e1c h\u1ec7 th\u1ed1ng kh\u00ed n\u00e9n c\u00f4ng nghi\u1ec7p.","og_url":"https:\/\/loriot.com.vn\/vi\/product\/may-chup-anh-song-am-ii900\/","og_site_name":"LORIOT INDUSTRIAL","article_publisher":"https:\/\/www.facebook.com\/Loriot-Industrial-COLTD-103044855046633","article_modified_time":"2025-07-08T07:38:12+00:00","og_image":[{"width":1500,"height":1000,"url":"https:\/\/loriot.com.vn\/wp-content\/uploads\/2024\/04\/F-ii900_01a_w-copy.png","type":"image\/png"}],"twitter_card":"summary_large_image","twitter_misc":{"\u01af\u1edbc t\u00ednh th\u1eddi gian \u0111\u1ecdc":"2 ph\u00fat"},"schema":{"@context":"https:\/\/schema.org","@graph":[{"@type":"WebPage","@id":"https:\/\/loriot.com.vn\/vi\/product\/may-chup-anh-song-am-ii900\/","url":"https:\/\/loriot.com.vn\/vi\/product\/may-chup-anh-song-am-ii900\/","name":"M\u00c1Y CH\u1ee4P \u1ea2NH S\u00d3NG \u00c2M II900 - LORIOT INDUSTRIAL","isPartOf":{"@id":"https:\/\/loriot.com.vn\/vi\/#website"},"primaryImageOfPage":{"@id":"https:\/\/loriot.com.vn\/vi\/product\/may-chup-anh-song-am-ii900\/#primaryimage"},"image":{"@id":"https:\/\/loriot.com.vn\/vi\/product\/may-chup-anh-song-am-ii900\/#primaryimage"},"thumbnailUrl":"https:\/\/loriot.com.vn\/wp-content\/uploads\/2024\/04\/F-ii900_01a_w-copy.png","datePublished":"2024-04-22T07:14:19+00:00","dateModified":"2025-07-08T07:38:12+00:00","description":"M\u00e1y ch\u1ee5p \u1ea3nh s\u00f3ng \u00e2m Fluke ii900 l\u00e0 m\u1ed9t gi\u1ea3i ph\u00e1p hi\u1ec7n \u0111\u1ea1i cho c\u00e1c nhu c\u1ea7u x\u00e1c \u0111\u1ecbnh v\u00e0 kh\u1eafc ph\u1ee5c c\u00e1c r\u00f2 r\u1ec9 kh\u00ed, gas, v\u00e0 ch\u00e2n kh\u00f4ng trong c\u00e1c h\u1ec7 th\u1ed1ng kh\u00ed n\u00e9n c\u00f4ng nghi\u1ec7p.","breadcrumb":{"@id":"https:\/\/loriot.com.vn\/vi\/product\/may-chup-anh-song-am-ii900\/#breadcrumb"},"inLanguage":"vi","potentialAction":[{"@type":"ReadAction","target":["https:\/\/loriot.com.vn\/vi\/product\/may-chup-anh-song-am-ii900\/"]}]},{"@type":"ImageObject","inLanguage":"vi","@id":"https:\/\/loriot.com.vn\/vi\/product\/may-chup-anh-song-am-ii900\/#primaryimage","url":"https:\/\/loriot.com.vn\/wp-content\/uploads\/2024\/04\/F-ii900_01a_w-copy.png","contentUrl":"https:\/\/loriot.com.vn\/wp-content\/uploads\/2024\/04\/F-ii900_01a_w-copy.png","width":1500,"height":1000,"caption":"M\u00e1y Ch\u1ee5p \u1ea2nh S\u00f3ng \u00c2m Fluke ii900"},{"@type":"BreadcrumbList","@id":"https:\/\/loriot.com.vn\/vi\/product\/may-chup-anh-song-am-ii900\/#breadcrumb","itemListElement":[{"@type":"ListItem","position":1,"name":"Home","item":"https:\/\/loriot.com.vn\/vi\/"},{"@type":"ListItem","position":2,"name":"Products","item":"https:\/\/loriot.com.vn\/vi\/product\/"},{"@type":"ListItem","position":3,"name":"M\u00c1Y CH\u1ee4P \u1ea2NH S\u00d3NG \u00c2M II900"}]},{"@type":"WebSite","@id":"https:\/\/loriot.com.vn\/vi\/#website","url":"https:\/\/loriot.com.vn\/vi\/","name":"LORIOT INDUSTRIAL CO.,LTD","description":"","publisher":{"@id":"https:\/\/loriot.com.vn\/vi\/#organization"},"potentialAction":[{"@type":"SearchAction","target":{"@type":"EntryPoint","urlTemplate":"https:\/\/loriot.com.vn\/vi\/?s={search_term_string}"},"query-input":{"@type":"PropertyValueSpecification","valueRequired":true,"valueName":"search_term_string"}}],"inLanguage":"vi"},{"@type":"Organization","@id":"https:\/\/loriot.com.vn\/vi\/#organization","name":"Loriot Industrial Co.,Ltd","url":"https:\/\/loriot.com.vn\/vi\/","logo":{"@type":"ImageObject","inLanguage":"vi","@id":"https:\/\/loriot.com.vn\/vi\/#\/schema\/logo\/image\/","url":"https:\/\/loriot.com.vn\/wp-content\/uploads\/2021\/08\/logo-ft.png","contentUrl":"https:\/\/loriot.com.vn\/wp-content\/uploads\/2021\/08\/logo-ft.png","width":333,"height":101,"caption":"Loriot Industrial Co.,Ltd"},"image":{"@id":"https:\/\/loriot.com.vn\/vi\/#\/schema\/logo\/image\/"},"sameAs":["https:\/\/www.facebook.com\/Loriot-Industrial-COLTD-103044855046633"]}]}},"_links":{"self":[{"href":"https:\/\/loriot.com.vn\/vi\/wp-json\/wp\/v2\/product\/4724","targetHints":{"allow":["GET"]}}],"collection":[{"href":"https:\/\/loriot.com.vn\/vi\/wp-json\/wp\/v2\/product"}],"about":[{"href":"https:\/\/loriot.com.vn\/vi\/wp-json\/wp\/v2\/types\/product"}],"author":[{"embeddable":true,"href":"https:\/\/loriot.com.vn\/vi\/wp-json\/wp\/v2\/users\/2"}],"replies":[{"embeddable":true,"href":"https:\/\/loriot.com.vn\/vi\/wp-json\/wp\/v2\/comments?post=4724"}],"version-history":[{"count":5,"href":"https:\/\/loriot.com.vn\/vi\/wp-json\/wp\/v2\/product\/4724\/revisions"}],"predecessor-version":[{"id":5486,"href":"https:\/\/loriot.com.vn\/vi\/wp-json\/wp\/v2\/product\/4724\/revisions\/5486"}],"wp:featuredmedia":[{"embeddable":true,"href":"https:\/\/loriot.com.vn\/vi\/wp-json\/wp\/v2\/media\/4832"}],"wp:attachment":[{"href":"https:\/\/loriot.com.vn\/vi\/wp-json\/wp\/v2\/media?parent=4724"}],"wp:term":[{"taxonomy":"service-category","embeddable":true,"href":"https:\/\/loriot.com.vn\/vi\/wp-json\/wp\/v2\/service-category?post=4724"},{"taxonomy":"service_tag","embeddable":true,"href":"https:\/\/loriot.com.vn\/vi\/wp-json\/wp\/v2\/service_tag?post=4724"}],"curies":[{"name":"wp","href":"https:\/\/api.w.org\/{rel}","templated":true}]}}