{"id":4737,"date":"2024-04-22T15:54:39","date_gmt":"2024-04-22T08:54:39","guid":{"rendered":"https:\/\/loriot.com.vn\/?post_type=product&#038;p=4737"},"modified":"2025-07-08T14:34:58","modified_gmt":"2025-07-08T07:34:58","slug":"camera-nhiet-fluke","status":"publish","type":"product","link":"https:\/\/loriot.com.vn\/vi\/product\/camera-nhiet-fluke\/","title":{"rendered":"CAMERA NHI\u1ec6T FLUKE"},"content":{"rendered":"<p><strong>CAMERA NHI\u1ec6T FLUKE<\/strong><\/p>\n<p><strong>Camera Nhi\u1ec7t d\u00f2ng Chuy\u00ean Gia Fluke TiX870\/875\/880\/885<\/strong><\/p>\n<p>Camera nhi\u1ec7t Fluke TiX870\/875\/880\/885 l\u00e0 d\u00f2ng camera nhi\u1ec7t chuy\u00ean gia m\u1edbi nh\u1ea5t c\u1ee7a Fluke, mang l\u1ea1i hi\u1ec7u su\u1ea5t v\u00e0 ch\u1ea5t l\u01b0\u1ee3ng h\u00ecnh \u1ea3nh v\u01b0\u1ee3t tr\u1ed9i cho c\u00e1c \u1ee9ng d\u1ee5ng nghi\u00ean c\u1ee9u v\u00e0 ph\u00e1t tri\u1ec3n.<\/p>\n<p>V\u1edbi \u0111\u1ed9 ph\u00e2n gi\u1ea3i 640 x 480, m\u00e0n h\u00ecnh c\u1ea3m \u1ee9ng OLED 5,5 inch, c\u00e1c m\u00e1y \u1ea3nh nhi\u1ec7t TiX885, TiX880, TiX875 v\u00e0 TiX870 cung c\u1ea5p kh\u1ea3 n\u0103ng \u0111o nhi\u1ec7t \u0111\u1ed9 t\u1eeb -40\u00b0C \u0111\u1ebfn +1200\u00b0C, \u0111\u00e1p \u1ee9ng m\u1ecdi nhu c\u1ea7u c\u1ee7a b\u1ea1n.<\/p>\n<p>S\u1eed d\u1ee5ng c\u00f4ng ngh\u1ec7 Super Resolution, TiX885 v\u00e0 TiX880 c\u00f3 th\u1ec3 t\u1ea1o ra h\u00ecnh \u1ea3nh v\u1edbi \u0111\u1ed9 ph\u00e2n gi\u1ea3i cao \u0111\u1ebfn 1280 x 960 pixel, cung c\u1ea5p h\u00ecnh \u1ea3nh r\u00f5 n\u00e9t v\u00e0 chi ti\u1ebft.<\/p>\n<p>V\u1edbi t\u1ed1c \u0111\u1ed9 khung h\u00ecnh l\u00ean \u0111\u1ebfn 30Hz, b\u1ea1n c\u00f3 th\u1ec3 ch\u1ee5p \u1ea3nh trong khi di chuy\u1ec3n ho\u1eb7c \u0111o c\u00e1c \u0111i\u1ec3m nhi\u1ec7t \u0111\u1ed9 thay \u0111\u1ed5i li\u00ean t\u1ee5c m\u1ed9t c\u00e1ch d\u1ec5 d\u00e0ng.<\/p>\n<p>T\u00ednh n\u0103ng nh\u1eadn d\u1ea1ng m\u00e3 QR trong TiX885, TiX880 v\u00e0 TiX870 gi\u00fap qu\u1ea3n l\u00fd t\u00e0i s\u1ea3n, s\u1eafp x\u1ebfp d\u1eef li\u1ec7u th\u1eed nghi\u1ec7m v\u00e0 \u0111\u00e1nh d\u1ea5u v\u1ecb tr\u00ed GPS m\u1ed9t c\u00e1ch thu\u1eadn ti\u1ec7n.<\/p>\n<p>V\u1edbi kh\u1ea3 n\u0103ng ghi l\u1ea1i lu\u1ed3ng d\u1eef li\u1ec7u + video IR b\u1ee9c x\u1ea1 \u0111\u1ea7y \u0111\u1ee7, TiX885 v\u00e0 TiX875 l\u00e0 c\u00f4ng c\u1ee5 l\u00fd t\u01b0\u1edfng cho c\u00e1c \u1ee9ng d\u1ee5ng ki\u1ec3m tra \u1edf nhi\u1ec7t \u0111\u1ed9 cao.<\/p>\n<p>Th\u1ea5u k\u00ednh xoay 180\u00b0, m\u00e0n h\u00ecnh c\u1ea3m \u1ee9ng OLED 5,5 inch v\u00e0 th\u1eddi l\u01b0\u1ee3ng pin l\u00ean \u0111\u1ebfn 3,5 gi\u1edd mang l\u1ea1i s\u1ef1 linh ho\u1ea1t v\u00e0 ti\u1ec7n l\u1ee3i khi s\u1eed d\u1ee5ng.<\/p>\n<p>V\u1edbi Fluke TiX870\/875\/880\/885, b\u1ea1n c\u00f3 m\u1ed9t c\u00f4ng c\u1ee5 m\u1ea1nh m\u1ebd v\u00e0 \u0111\u00e1ng tin c\u1eady \u0111\u1ec3 n\u1eafm b\u1eaft m\u1ecdi chi ti\u1ebft v\u00e0 \u0111o l\u01b0\u1eddng ch\u00ednh x\u00e1c trong m\u1ecdi \u0111i\u1ec1u ki\u1ec7n l\u00e0m vi\u1ec7c.<\/p>\n","protected":false},"excerpt":{"rendered":"<p>Camera nhi\u1ec7t Fluke TiX870\/875\/880\/885 l\u00e0 d\u00f2ng camera nhi\u1ec7t chuy\u00ean gia m\u1edbi nh\u1ea5t c\u1ee7a Fluke<\/p>\n","protected":false},"author":2,"featured_media":4738,"parent":0,"menu_order":0,"comment_status":"open","ping_status":"closed","template":"","meta":{"inline_featured_image":false,"footnotes":""},"service-category":[134,133],"service_tag":[],"class_list":["post-4737","product","type-product","status-publish","has-post-thumbnail","hentry","service-category-camera-nhiet","service-category-san-pham-fluke"],"yoast_head":"<!-- This site is optimized with the Yoast SEO plugin v27.5 - https:\/\/yoast.com\/product\/yoast-seo-wordpress\/ -->\n<title>CAMERA NHI\u1ec6T FLUKE - LORIOT INDUSTRIAL<\/title>\n<meta name=\"description\" content=\"Camera nhi\u1ec7t Fluke TiX870\/875\/880\/885 l\u00e0 d\u00f2ng camera nhi\u1ec7t chuy\u00ean gia m\u1edbi nh\u1ea5t c\u1ee7a Fluke, mang l\u1ea1i hi\u1ec7u su\u1ea5t v\u00e0 ch\u1ea5t l\u01b0\u1ee3ng h\u00ecnh \u1ea3nh v\u01b0\u1ee3t tr\u1ed9i\" \/>\n<meta name=\"robots\" content=\"index, follow, max-snippet:-1, max-image-preview:large, max-video-preview:-1\" \/>\n<link rel=\"canonical\" href=\"https:\/\/loriot.com.vn\/vi\/product\/camera-nhiet-fluke\/\" \/>\n<meta property=\"og:locale\" content=\"vi_VN\" \/>\n<meta property=\"og:type\" content=\"article\" \/>\n<meta property=\"og:title\" content=\"CAMERA NHI\u1ec6T FLUKE - LORIOT INDUSTRIAL\" \/>\n<meta property=\"og:description\" content=\"Camera nhi\u1ec7t Fluke TiX870\/875\/880\/885 l\u00e0 d\u00f2ng camera nhi\u1ec7t chuy\u00ean gia m\u1edbi nh\u1ea5t c\u1ee7a Fluke, mang l\u1ea1i hi\u1ec7u su\u1ea5t v\u00e0 ch\u1ea5t l\u01b0\u1ee3ng h\u00ecnh \u1ea3nh v\u01b0\u1ee3t tr\u1ed9i\" \/>\n<meta property=\"og:url\" content=\"https:\/\/loriot.com.vn\/vi\/product\/camera-nhiet-fluke\/\" \/>\n<meta property=\"og:site_name\" content=\"LORIOT INDUSTRIAL\" \/>\n<meta property=\"article:publisher\" content=\"https:\/\/www.facebook.com\/Loriot-Industrial-COLTD-103044855046633\" \/>\n<meta property=\"article:modified_time\" content=\"2025-07-08T07:34:58+00:00\" \/>\n<meta property=\"og:image\" content=\"https:\/\/loriot.com.vn\/wp-content\/uploads\/2024\/04\/Fluke_TiX885-scaled.jpg\" \/>\n\t<meta property=\"og:image:width\" content=\"2560\" \/>\n\t<meta property=\"og:image:height\" content=\"1709\" \/>\n\t<meta property=\"og:image:type\" content=\"image\/jpeg\" \/>\n<meta name=\"twitter:card\" content=\"summary_large_image\" \/>\n<meta name=\"twitter:label1\" content=\"\u01af\u1edbc t\u00ednh th\u1eddi gian \u0111\u1ecdc\" \/>\n\t<meta name=\"twitter:data1\" content=\"2 ph\u00fat\" \/>\n<script type=\"application\/ld+json\" class=\"yoast-schema-graph\">{\"@context\":\"https:\\\/\\\/schema.org\",\"@graph\":[{\"@type\":\"WebPage\",\"@id\":\"https:\\\/\\\/loriot.com.vn\\\/vi\\\/product\\\/camera-nhiet-fluke\\\/\",\"url\":\"https:\\\/\\\/loriot.com.vn\\\/vi\\\/product\\\/camera-nhiet-fluke\\\/\",\"name\":\"CAMERA NHI\u1ec6T FLUKE - LORIOT INDUSTRIAL\",\"isPartOf\":{\"@id\":\"https:\\\/\\\/loriot.com.vn\\\/vi\\\/#website\"},\"primaryImageOfPage\":{\"@id\":\"https:\\\/\\\/loriot.com.vn\\\/vi\\\/product\\\/camera-nhiet-fluke\\\/#primaryimage\"},\"image\":{\"@id\":\"https:\\\/\\\/loriot.com.vn\\\/vi\\\/product\\\/camera-nhiet-fluke\\\/#primaryimage\"},\"thumbnailUrl\":\"https:\\\/\\\/loriot.com.vn\\\/wp-content\\\/uploads\\\/2024\\\/04\\\/Fluke_TiX885-scaled.jpg\",\"datePublished\":\"2024-04-22T08:54:39+00:00\",\"dateModified\":\"2025-07-08T07:34:58+00:00\",\"description\":\"Camera nhi\u1ec7t Fluke TiX870\\\/875\\\/880\\\/885 l\u00e0 d\u00f2ng camera nhi\u1ec7t chuy\u00ean gia m\u1edbi nh\u1ea5t c\u1ee7a Fluke, mang l\u1ea1i hi\u1ec7u su\u1ea5t v\u00e0 ch\u1ea5t l\u01b0\u1ee3ng h\u00ecnh \u1ea3nh v\u01b0\u1ee3t tr\u1ed9i\",\"breadcrumb\":{\"@id\":\"https:\\\/\\\/loriot.com.vn\\\/vi\\\/product\\\/camera-nhiet-fluke\\\/#breadcrumb\"},\"inLanguage\":\"vi\",\"potentialAction\":[{\"@type\":\"ReadAction\",\"target\":[\"https:\\\/\\\/loriot.com.vn\\\/vi\\\/product\\\/camera-nhiet-fluke\\\/\"]}]},{\"@type\":\"ImageObject\",\"inLanguage\":\"vi\",\"@id\":\"https:\\\/\\\/loriot.com.vn\\\/vi\\\/product\\\/camera-nhiet-fluke\\\/#primaryimage\",\"url\":\"https:\\\/\\\/loriot.com.vn\\\/wp-content\\\/uploads\\\/2024\\\/04\\\/Fluke_TiX885-scaled.jpg\",\"contentUrl\":\"https:\\\/\\\/loriot.com.vn\\\/wp-content\\\/uploads\\\/2024\\\/04\\\/Fluke_TiX885-scaled.jpg\",\"width\":2560,\"height\":1709,\"caption\":\"CAMERA NHI\u1ec6T FLUKE\"},{\"@type\":\"BreadcrumbList\",\"@id\":\"https:\\\/\\\/loriot.com.vn\\\/vi\\\/product\\\/camera-nhiet-fluke\\\/#breadcrumb\",\"itemListElement\":[{\"@type\":\"ListItem\",\"position\":1,\"name\":\"Home\",\"item\":\"https:\\\/\\\/loriot.com.vn\\\/vi\\\/\"},{\"@type\":\"ListItem\",\"position\":2,\"name\":\"Products\",\"item\":\"https:\\\/\\\/loriot.com.vn\\\/vi\\\/product\\\/\"},{\"@type\":\"ListItem\",\"position\":3,\"name\":\"CAMERA NHI\u1ec6T FLUKE\"}]},{\"@type\":\"WebSite\",\"@id\":\"https:\\\/\\\/loriot.com.vn\\\/vi\\\/#website\",\"url\":\"https:\\\/\\\/loriot.com.vn\\\/vi\\\/\",\"name\":\"LORIOT INDUSTRIAL CO.,LTD\",\"description\":\"\",\"publisher\":{\"@id\":\"https:\\\/\\\/loriot.com.vn\\\/vi\\\/#organization\"},\"potentialAction\":[{\"@type\":\"SearchAction\",\"target\":{\"@type\":\"EntryPoint\",\"urlTemplate\":\"https:\\\/\\\/loriot.com.vn\\\/vi\\\/?s={search_term_string}\"},\"query-input\":{\"@type\":\"PropertyValueSpecification\",\"valueRequired\":true,\"valueName\":\"search_term_string\"}}],\"inLanguage\":\"vi\"},{\"@type\":\"Organization\",\"@id\":\"https:\\\/\\\/loriot.com.vn\\\/vi\\\/#organization\",\"name\":\"Loriot Industrial Co.,Ltd\",\"url\":\"https:\\\/\\\/loriot.com.vn\\\/vi\\\/\",\"logo\":{\"@type\":\"ImageObject\",\"inLanguage\":\"vi\",\"@id\":\"https:\\\/\\\/loriot.com.vn\\\/vi\\\/#\\\/schema\\\/logo\\\/image\\\/\",\"url\":\"https:\\\/\\\/loriot.com.vn\\\/wp-content\\\/uploads\\\/2021\\\/08\\\/logo-ft.png\",\"contentUrl\":\"https:\\\/\\\/loriot.com.vn\\\/wp-content\\\/uploads\\\/2021\\\/08\\\/logo-ft.png\",\"width\":333,\"height\":101,\"caption\":\"Loriot Industrial Co.,Ltd\"},\"image\":{\"@id\":\"https:\\\/\\\/loriot.com.vn\\\/vi\\\/#\\\/schema\\\/logo\\\/image\\\/\"},\"sameAs\":[\"https:\\\/\\\/www.facebook.com\\\/Loriot-Industrial-COLTD-103044855046633\"]}]}<\/script>\n<!-- \/ Yoast SEO plugin. -->","yoast_head_json":{"title":"CAMERA NHI\u1ec6T FLUKE - LORIOT INDUSTRIAL","description":"Camera nhi\u1ec7t Fluke TiX870\/875\/880\/885 l\u00e0 d\u00f2ng camera nhi\u1ec7t chuy\u00ean gia m\u1edbi nh\u1ea5t c\u1ee7a Fluke, mang l\u1ea1i hi\u1ec7u su\u1ea5t v\u00e0 ch\u1ea5t l\u01b0\u1ee3ng h\u00ecnh \u1ea3nh v\u01b0\u1ee3t tr\u1ed9i","robots":{"index":"index","follow":"follow","max-snippet":"max-snippet:-1","max-image-preview":"max-image-preview:large","max-video-preview":"max-video-preview:-1"},"canonical":"https:\/\/loriot.com.vn\/vi\/product\/camera-nhiet-fluke\/","og_locale":"vi_VN","og_type":"article","og_title":"CAMERA NHI\u1ec6T FLUKE - LORIOT INDUSTRIAL","og_description":"Camera nhi\u1ec7t Fluke TiX870\/875\/880\/885 l\u00e0 d\u00f2ng camera nhi\u1ec7t chuy\u00ean gia m\u1edbi nh\u1ea5t c\u1ee7a Fluke, mang l\u1ea1i hi\u1ec7u su\u1ea5t v\u00e0 ch\u1ea5t l\u01b0\u1ee3ng h\u00ecnh \u1ea3nh v\u01b0\u1ee3t tr\u1ed9i","og_url":"https:\/\/loriot.com.vn\/vi\/product\/camera-nhiet-fluke\/","og_site_name":"LORIOT INDUSTRIAL","article_publisher":"https:\/\/www.facebook.com\/Loriot-Industrial-COLTD-103044855046633","article_modified_time":"2025-07-08T07:34:58+00:00","og_image":[{"width":2560,"height":1709,"url":"https:\/\/loriot.com.vn\/wp-content\/uploads\/2024\/04\/Fluke_TiX885-scaled.jpg","type":"image\/jpeg"}],"twitter_card":"summary_large_image","twitter_misc":{"\u01af\u1edbc t\u00ednh th\u1eddi gian \u0111\u1ecdc":"2 ph\u00fat"},"schema":{"@context":"https:\/\/schema.org","@graph":[{"@type":"WebPage","@id":"https:\/\/loriot.com.vn\/vi\/product\/camera-nhiet-fluke\/","url":"https:\/\/loriot.com.vn\/vi\/product\/camera-nhiet-fluke\/","name":"CAMERA NHI\u1ec6T FLUKE - LORIOT INDUSTRIAL","isPartOf":{"@id":"https:\/\/loriot.com.vn\/vi\/#website"},"primaryImageOfPage":{"@id":"https:\/\/loriot.com.vn\/vi\/product\/camera-nhiet-fluke\/#primaryimage"},"image":{"@id":"https:\/\/loriot.com.vn\/vi\/product\/camera-nhiet-fluke\/#primaryimage"},"thumbnailUrl":"https:\/\/loriot.com.vn\/wp-content\/uploads\/2024\/04\/Fluke_TiX885-scaled.jpg","datePublished":"2024-04-22T08:54:39+00:00","dateModified":"2025-07-08T07:34:58+00:00","description":"Camera nhi\u1ec7t Fluke TiX870\/875\/880\/885 l\u00e0 d\u00f2ng camera nhi\u1ec7t chuy\u00ean gia m\u1edbi nh\u1ea5t c\u1ee7a Fluke, mang l\u1ea1i hi\u1ec7u su\u1ea5t v\u00e0 ch\u1ea5t l\u01b0\u1ee3ng h\u00ecnh \u1ea3nh v\u01b0\u1ee3t tr\u1ed9i","breadcrumb":{"@id":"https:\/\/loriot.com.vn\/vi\/product\/camera-nhiet-fluke\/#breadcrumb"},"inLanguage":"vi","potentialAction":[{"@type":"ReadAction","target":["https:\/\/loriot.com.vn\/vi\/product\/camera-nhiet-fluke\/"]}]},{"@type":"ImageObject","inLanguage":"vi","@id":"https:\/\/loriot.com.vn\/vi\/product\/camera-nhiet-fluke\/#primaryimage","url":"https:\/\/loriot.com.vn\/wp-content\/uploads\/2024\/04\/Fluke_TiX885-scaled.jpg","contentUrl":"https:\/\/loriot.com.vn\/wp-content\/uploads\/2024\/04\/Fluke_TiX885-scaled.jpg","width":2560,"height":1709,"caption":"CAMERA NHI\u1ec6T FLUKE"},{"@type":"BreadcrumbList","@id":"https:\/\/loriot.com.vn\/vi\/product\/camera-nhiet-fluke\/#breadcrumb","itemListElement":[{"@type":"ListItem","position":1,"name":"Home","item":"https:\/\/loriot.com.vn\/vi\/"},{"@type":"ListItem","position":2,"name":"Products","item":"https:\/\/loriot.com.vn\/vi\/product\/"},{"@type":"ListItem","position":3,"name":"CAMERA NHI\u1ec6T FLUKE"}]},{"@type":"WebSite","@id":"https:\/\/loriot.com.vn\/vi\/#website","url":"https:\/\/loriot.com.vn\/vi\/","name":"LORIOT INDUSTRIAL CO.,LTD","description":"","publisher":{"@id":"https:\/\/loriot.com.vn\/vi\/#organization"},"potentialAction":[{"@type":"SearchAction","target":{"@type":"EntryPoint","urlTemplate":"https:\/\/loriot.com.vn\/vi\/?s={search_term_string}"},"query-input":{"@type":"PropertyValueSpecification","valueRequired":true,"valueName":"search_term_string"}}],"inLanguage":"vi"},{"@type":"Organization","@id":"https:\/\/loriot.com.vn\/vi\/#organization","name":"Loriot Industrial Co.,Ltd","url":"https:\/\/loriot.com.vn\/vi\/","logo":{"@type":"ImageObject","inLanguage":"vi","@id":"https:\/\/loriot.com.vn\/vi\/#\/schema\/logo\/image\/","url":"https:\/\/loriot.com.vn\/wp-content\/uploads\/2021\/08\/logo-ft.png","contentUrl":"https:\/\/loriot.com.vn\/wp-content\/uploads\/2021\/08\/logo-ft.png","width":333,"height":101,"caption":"Loriot Industrial Co.,Ltd"},"image":{"@id":"https:\/\/loriot.com.vn\/vi\/#\/schema\/logo\/image\/"},"sameAs":["https:\/\/www.facebook.com\/Loriot-Industrial-COLTD-103044855046633"]}]}},"_links":{"self":[{"href":"https:\/\/loriot.com.vn\/vi\/wp-json\/wp\/v2\/product\/4737","targetHints":{"allow":["GET"]}}],"collection":[{"href":"https:\/\/loriot.com.vn\/vi\/wp-json\/wp\/v2\/product"}],"about":[{"href":"https:\/\/loriot.com.vn\/vi\/wp-json\/wp\/v2\/types\/product"}],"author":[{"embeddable":true,"href":"https:\/\/loriot.com.vn\/vi\/wp-json\/wp\/v2\/users\/2"}],"replies":[{"embeddable":true,"href":"https:\/\/loriot.com.vn\/vi\/wp-json\/wp\/v2\/comments?post=4737"}],"version-history":[{"count":2,"href":"https:\/\/loriot.com.vn\/vi\/wp-json\/wp\/v2\/product\/4737\/revisions"}],"predecessor-version":[{"id":5482,"href":"https:\/\/loriot.com.vn\/vi\/wp-json\/wp\/v2\/product\/4737\/revisions\/5482"}],"wp:featuredmedia":[{"embeddable":true,"href":"https:\/\/loriot.com.vn\/vi\/wp-json\/wp\/v2\/media\/4738"}],"wp:attachment":[{"href":"https:\/\/loriot.com.vn\/vi\/wp-json\/wp\/v2\/media?parent=4737"}],"wp:term":[{"taxonomy":"service-category","embeddable":true,"href":"https:\/\/loriot.com.vn\/vi\/wp-json\/wp\/v2\/service-category?post=4737"},{"taxonomy":"service_tag","embeddable":true,"href":"https:\/\/loriot.com.vn\/vi\/wp-json\/wp\/v2\/service_tag?post=4737"}],"curies":[{"name":"wp","href":"https:\/\/api.w.org\/{rel}","templated":true}]}}