{"id":4746,"date":"2024-04-23T13:48:14","date_gmt":"2024-04-23T06:48:14","guid":{"rendered":"https:\/\/loriot.com.vn\/?post_type=product&#038;p=4746"},"modified":"2025-07-09T14:32:39","modified_gmt":"2025-07-09T07:32:39","slug":"camera-nhiet-tis75","status":"publish","type":"product","link":"https:\/\/loriot.com.vn\/vi\/product\/camera-nhiet-tis75\/","title":{"rendered":"CAMERA NHI\u1ec6T TIS75+"},"content":{"rendered":"<p>CAMERA NHI\u1ec6T TIS75+<\/p>\n<p>Camera nhi\u1ec7t Fluke TiS75+ l\u00e0 m\u1ed9t s\u1ea3n ph\u1ea9m camera nhi\u1ec7t \u0111\u01b0\u1ee3c thi\u1ebft k\u1ebf \u0111\u1ec3 h\u1ed7 tr\u1ee3 c\u00f4ng vi\u1ec7c b\u1ea3o tr\u00ec ch\u1ee7 \u0111\u1ed9ng th\u00f4ng qua vi\u1ec7c s\u1eafp x\u1ebfp h\u00ecnh \u1ea3nh v\u00e0 thi\u1ebft l\u1eadp quy tr\u00ecnh ki\u1ec3m tra m\u1ed9t c\u00e1ch d\u1ec5 d\u00e0ng v\u00e0 hi\u1ec7u qu\u1ea3. D\u01b0\u1edbi \u0111\u00e2y l\u00e0 c\u00e1c t\u00ednh n\u0103ng ch\u00ednh c\u1ee7a s\u1ea3n ph\u1ea9m:<\/p>\n<ol>\n<li><strong>G\u1eafn th\u1ebb t\u00e0i s\u1ea3n<\/strong>: T\u00ednh n\u0103ng n\u00e0y cho ph\u00e9p b\u1ea1n g\u1eafn th\u1ebb v\u00e0 ph\u00e2n lo\u1ea1i c\u00e1c h\u00ecnh \u1ea3nh theo t\u00e0i s\u1ea3n v\u00e0 th\u1eddi gian, gi\u00fap d\u1ec5 d\u00e0ng so s\u00e1nh v\u00e0 theo d\u00f5i s\u1ef1 thay \u0111\u1ed5i c\u1ee7a c\u00e1c thi\u1ebft b\u1ecb qua th\u1eddi gian.<\/li>\n<li><strong>Qu\u00e9t m\u00e3 QR<\/strong>: B\u1eb1ng c\u00e1ch qu\u00e9t m\u00e3 QR tr\u00ean m\u1ed7i t\u00e0i s\u1ea3n, b\u1ea1n c\u00f3 th\u1ec3 d\u1ec5 d\u00e0ng qu\u1ea3n l\u00fd th\u00f4ng tin v\u1ec1 thi\u1ebft b\u1ecb v\u00e0 thi\u1ebft l\u1eadp c\u00e1c b\u01b0\u1edbc ki\u1ec3m tra theo tr\u00ecnh t\u1ef1.<\/li>\n<li><strong>Ti\u1ebft ki\u1ec7m th\u1eddi gian<\/strong>: S\u1eed d\u1ee5ng t\u00ednh n\u0103ng n\u00e0y, b\u1ea1n c\u00f3 th\u1ec3 ti\u1ebft ki\u1ec7m th\u1eddi gian s\u1eafp x\u1ebfp h\u00ecnh \u1ea3nh nhi\u1ec7t (trung b\u00ecnh l\u00e0 25%) v\u00e0 t\u1eadn d\u1ee5ng th\u1eddi gian n\u00e0y \u0111\u1ec3 ph\u00e2n t\u00edch h\u00ecnh \u1ea3nh, ch\u1ea9n \u0111o\u00e1n v\u1ea5n \u0111\u1ec1 v\u00e0 kh\u1eafc ph\u1ee5c ch\u00fang tr\u01b0\u1edbc khi g\u00e2y ra s\u1ef1 c\u1ed1.<\/li>\n<li><strong>Quay video IS3 v\u00e0 AVI<\/strong>: Ti\u1ec7n \u00edch n\u00e0y cho ph\u00e9p b\u1ea1n ghi l\u1ea1i video trong \u0111\u1ecbnh d\u1ea1ng IS3 v\u00e0 AVI, gi\u00fap b\u1ea1n ghi l\u1ea1i c\u00e1c s\u1ef1 ki\u1ec7n quan tr\u1ecdng ho\u1eb7c t\u00ecnh tr\u1ea1ng c\u1ee7a thi\u1ebft b\u1ecb.<\/li>\n<li><strong>Truy\u1ec1n tr\u1ef1c ti\u1ebfp d\u1eef li\u1ec7u<\/strong>: V\u1edbi t\u00ednh n\u0103ng n\u00e0y, b\u1ea1n c\u00f3 th\u1ec3 truy\u1ec1n d\u1eef li\u1ec7u tr\u1ef1c ti\u1ebfp t\u1eeb m\u00e1y \u1ea3nh nhi\u1ec7t \u0111\u1ebfn c\u00e1c thi\u1ebft b\u1ecb kh\u00e1c, gi\u00fap chia s\u1ebb th\u00f4ng tin v\u00e0 t\u01b0\u01a1ng t\u00e1c nhanh ch\u00f3ng.<\/li>\n<li><strong>\u0110\u1ed9 ph\u00e2n gi\u1ea3i nhi\u1ec7t cao<\/strong>: Fluke TiS75+ c\u00f3 \u0111\u1ed9 ph\u00e2n gi\u1ea3i nhi\u1ec7t cao l\u00ean \u0111\u1ebfn 384 x 288, gi\u00fap b\u1ea1n nh\u00ecn r\u00f5 h\u01a1n c\u00e1c chi ti\u1ebft v\u00e0 v\u1ea5n \u0111\u1ec1 tr\u00ean thi\u1ebft b\u1ecb.<\/li>\n<li><strong>Ph\u1ea1m vi nhi\u1ec7t \u0111\u1ed9 cao<\/strong>: V\u1edbi kh\u1ea3 n\u0103ng \u0111o nhi\u1ec7t \u0111\u1ed9 l\u00ean \u0111\u1ebfn 550\u00b0C, m\u00e1y \u1ea3nh n\u00e0y ph\u00f9 h\u1ee3p v\u1edbi nhi\u1ec1u \u1ee9ng d\u1ee5ng kh\u00e1c nhau, bao g\u1ed3m c\u1ea3 c\u00e1c m\u00f4i tr\u01b0\u1eddng nhi\u1ec7t \u0111\u1ed9 cao.<\/li>\n<li><strong>T\u00ednh to\u00e1n \u0111i\u1ec3m s\u01b0\u01a1ng<\/strong>: T\u00ednh n\u0103ng n\u00e0y gi\u00fap b\u1ea1n t\u00ednh to\u00e1n \u0111i\u1ec3m s\u01b0\u01a1ng, t\u1eeb \u0111\u00f3 \u0111\u01b0a ra c\u00e1c d\u1ef1 \u0111o\u00e1n v\u1ec1 \u0111i\u1ec1u ki\u1ec7n m\u00f4i tr\u01b0\u1eddng v\u00e0 c\u00f3 th\u1ec3 th\u1ef1c hi\u1ec7n c\u00e1c bi\u1ec7n ph\u00e1p ph\u00f2ng ng\u1eeba ph\u00f9 h\u1ee3p.<\/li>\n<\/ol>\n<p>Nh\u1eefng t\u00ednh n\u0103ng v\u00e0 c\u1ea3i ti\u1ebfn c\u1ee7a Fluke TiS75+ h\u1ee9a h\u1eb9n mang l\u1ea1i nhi\u1ec1u gi\u00e1 tr\u1ecb v\u00e0 ti\u1ec7n \u00edch cho ng\u01b0\u1eddi s\u1eed d\u1ee5ng trong c\u00e1c c\u00f4ng vi\u1ec7c b\u1ea3o tr\u00ec v\u00e0 ki\u1ec3m tra.<\/p>\n","protected":false},"excerpt":{"rendered":"<p>Camera nhi\u1ec7t Fluke TiS75+ l\u00e0 m\u1ed9t s\u1ea3n ph\u1ea9m camera nhi\u1ec7t \u0111\u01b0\u1ee3c thi\u1ebft k\u1ebf \u0111\u1ec3 h\u1ed7 tr\u1ee3 c\u00f4ng vi\u1ec7c b\u1ea3o tr\u00ec ch\u1ee7 \u0111\u1ed9ng th\u00f4ng qua&#8230;<\/p>\n","protected":false},"author":2,"featured_media":4749,"parent":0,"menu_order":0,"comment_status":"open","ping_status":"closed","template":"","meta":{"inline_featured_image":false,"footnotes":""},"service-category":[134,133],"service_tag":[],"class_list":["post-4746","product","type-product","status-publish","has-post-thumbnail","hentry","service-category-camera-nhiet","service-category-san-pham-fluke"],"yoast_head":"<!-- This site is optimized with the Yoast SEO plugin v27.5 - https:\/\/yoast.com\/product\/yoast-seo-wordpress\/ -->\n<title>CAMERA NHI\u1ec6T TIS75+ - LORIOT INDUSTRIAL<\/title>\n<meta name=\"description\" content=\"Fluke TiS75+ l\u00e0 m\u1ed9t s\u1ea3n ph\u1ea9m camera nhi\u1ec7t \u0111\u01b0\u1ee3c thi\u1ebft k\u1ebf \u0111\u1ec3 h\u1ed7 tr\u1ee3 c\u00f4ng vi\u1ec7c b\u1ea3o tr\u00ec ch\u1ee7 \u0111\u1ed9ng th\u00f4ng qua vi\u1ec7c s\u1eafp x\u1ebfp h\u00ecnh \u1ea3nh.\" \/>\n<meta name=\"robots\" content=\"index, follow, max-snippet:-1, max-image-preview:large, max-video-preview:-1\" \/>\n<link rel=\"canonical\" href=\"https:\/\/loriot.com.vn\/vi\/product\/camera-nhiet-tis75\/\" \/>\n<meta property=\"og:locale\" content=\"vi_VN\" \/>\n<meta property=\"og:type\" content=\"article\" \/>\n<meta property=\"og:title\" content=\"CAMERA NHI\u1ec6T TIS75+ - LORIOT INDUSTRIAL\" \/>\n<meta property=\"og:description\" content=\"Fluke TiS75+ l\u00e0 m\u1ed9t s\u1ea3n ph\u1ea9m camera nhi\u1ec7t \u0111\u01b0\u1ee3c thi\u1ebft k\u1ebf \u0111\u1ec3 h\u1ed7 tr\u1ee3 c\u00f4ng vi\u1ec7c b\u1ea3o tr\u00ec ch\u1ee7 \u0111\u1ed9ng th\u00f4ng qua vi\u1ec7c s\u1eafp x\u1ebfp h\u00ecnh \u1ea3nh.\" \/>\n<meta property=\"og:url\" content=\"https:\/\/loriot.com.vn\/vi\/product\/camera-nhiet-tis75\/\" \/>\n<meta property=\"og:site_name\" content=\"LORIOT INDUSTRIAL\" \/>\n<meta property=\"article:publisher\" content=\"https:\/\/www.facebook.com\/Loriot-Industrial-COLTD-103044855046633\" \/>\n<meta property=\"article:modified_time\" content=\"2025-07-09T07:32:39+00:00\" \/>\n<meta property=\"og:image\" content=\"https:\/\/loriot.com.vn\/wp-content\/uploads\/2024\/04\/Camera-nhiet-TiS75.png\" \/>\n\t<meta property=\"og:image:width\" content=\"1500\" \/>\n\t<meta property=\"og:image:height\" content=\"1000\" \/>\n\t<meta property=\"og:image:type\" content=\"image\/png\" \/>\n<meta name=\"twitter:card\" content=\"summary_large_image\" \/>\n<meta name=\"twitter:label1\" content=\"\u01af\u1edbc t\u00ednh th\u1eddi gian \u0111\u1ecdc\" \/>\n\t<meta name=\"twitter:data1\" content=\"2 ph\u00fat\" \/>\n<script type=\"application\/ld+json\" class=\"yoast-schema-graph\">{\"@context\":\"https:\\\/\\\/schema.org\",\"@graph\":[{\"@type\":\"WebPage\",\"@id\":\"https:\\\/\\\/loriot.com.vn\\\/vi\\\/product\\\/camera-nhiet-tis75\\\/\",\"url\":\"https:\\\/\\\/loriot.com.vn\\\/vi\\\/product\\\/camera-nhiet-tis75\\\/\",\"name\":\"CAMERA NHI\u1ec6T TIS75+ - LORIOT INDUSTRIAL\",\"isPartOf\":{\"@id\":\"https:\\\/\\\/loriot.com.vn\\\/vi\\\/#website\"},\"primaryImageOfPage\":{\"@id\":\"https:\\\/\\\/loriot.com.vn\\\/vi\\\/product\\\/camera-nhiet-tis75\\\/#primaryimage\"},\"image\":{\"@id\":\"https:\\\/\\\/loriot.com.vn\\\/vi\\\/product\\\/camera-nhiet-tis75\\\/#primaryimage\"},\"thumbnailUrl\":\"https:\\\/\\\/loriot.com.vn\\\/wp-content\\\/uploads\\\/2024\\\/04\\\/Camera-nhiet-TiS75.png\",\"datePublished\":\"2024-04-23T06:48:14+00:00\",\"dateModified\":\"2025-07-09T07:32:39+00:00\",\"description\":\"Fluke TiS75+ l\u00e0 m\u1ed9t s\u1ea3n ph\u1ea9m camera nhi\u1ec7t \u0111\u01b0\u1ee3c thi\u1ebft k\u1ebf \u0111\u1ec3 h\u1ed7 tr\u1ee3 c\u00f4ng vi\u1ec7c b\u1ea3o tr\u00ec ch\u1ee7 \u0111\u1ed9ng th\u00f4ng qua vi\u1ec7c s\u1eafp x\u1ebfp h\u00ecnh \u1ea3nh.\",\"breadcrumb\":{\"@id\":\"https:\\\/\\\/loriot.com.vn\\\/vi\\\/product\\\/camera-nhiet-tis75\\\/#breadcrumb\"},\"inLanguage\":\"vi\",\"potentialAction\":[{\"@type\":\"ReadAction\",\"target\":[\"https:\\\/\\\/loriot.com.vn\\\/vi\\\/product\\\/camera-nhiet-tis75\\\/\"]}]},{\"@type\":\"ImageObject\",\"inLanguage\":\"vi\",\"@id\":\"https:\\\/\\\/loriot.com.vn\\\/vi\\\/product\\\/camera-nhiet-tis75\\\/#primaryimage\",\"url\":\"https:\\\/\\\/loriot.com.vn\\\/wp-content\\\/uploads\\\/2024\\\/04\\\/Camera-nhiet-TiS75.png\",\"contentUrl\":\"https:\\\/\\\/loriot.com.vn\\\/wp-content\\\/uploads\\\/2024\\\/04\\\/Camera-nhiet-TiS75.png\",\"width\":1500,\"height\":1000,\"caption\":\"Camera nhi\u1ec7t TiS75+\"},{\"@type\":\"BreadcrumbList\",\"@id\":\"https:\\\/\\\/loriot.com.vn\\\/vi\\\/product\\\/camera-nhiet-tis75\\\/#breadcrumb\",\"itemListElement\":[{\"@type\":\"ListItem\",\"position\":1,\"name\":\"Home\",\"item\":\"https:\\\/\\\/loriot.com.vn\\\/vi\\\/\"},{\"@type\":\"ListItem\",\"position\":2,\"name\":\"Products\",\"item\":\"https:\\\/\\\/loriot.com.vn\\\/vi\\\/product\\\/\"},{\"@type\":\"ListItem\",\"position\":3,\"name\":\"CAMERA NHI\u1ec6T TIS75+\"}]},{\"@type\":\"WebSite\",\"@id\":\"https:\\\/\\\/loriot.com.vn\\\/vi\\\/#website\",\"url\":\"https:\\\/\\\/loriot.com.vn\\\/vi\\\/\",\"name\":\"LORIOT INDUSTRIAL CO.,LTD\",\"description\":\"\",\"publisher\":{\"@id\":\"https:\\\/\\\/loriot.com.vn\\\/vi\\\/#organization\"},\"potentialAction\":[{\"@type\":\"SearchAction\",\"target\":{\"@type\":\"EntryPoint\",\"urlTemplate\":\"https:\\\/\\\/loriot.com.vn\\\/vi\\\/?s={search_term_string}\"},\"query-input\":{\"@type\":\"PropertyValueSpecification\",\"valueRequired\":true,\"valueName\":\"search_term_string\"}}],\"inLanguage\":\"vi\"},{\"@type\":\"Organization\",\"@id\":\"https:\\\/\\\/loriot.com.vn\\\/vi\\\/#organization\",\"name\":\"Loriot Industrial Co.,Ltd\",\"url\":\"https:\\\/\\\/loriot.com.vn\\\/vi\\\/\",\"logo\":{\"@type\":\"ImageObject\",\"inLanguage\":\"vi\",\"@id\":\"https:\\\/\\\/loriot.com.vn\\\/vi\\\/#\\\/schema\\\/logo\\\/image\\\/\",\"url\":\"https:\\\/\\\/loriot.com.vn\\\/wp-content\\\/uploads\\\/2021\\\/08\\\/logo-ft.png\",\"contentUrl\":\"https:\\\/\\\/loriot.com.vn\\\/wp-content\\\/uploads\\\/2021\\\/08\\\/logo-ft.png\",\"width\":333,\"height\":101,\"caption\":\"Loriot Industrial Co.,Ltd\"},\"image\":{\"@id\":\"https:\\\/\\\/loriot.com.vn\\\/vi\\\/#\\\/schema\\\/logo\\\/image\\\/\"},\"sameAs\":[\"https:\\\/\\\/www.facebook.com\\\/Loriot-Industrial-COLTD-103044855046633\"]}]}<\/script>\n<!-- \/ Yoast SEO plugin. -->","yoast_head_json":{"title":"CAMERA NHI\u1ec6T TIS75+ - LORIOT INDUSTRIAL","description":"Fluke TiS75+ l\u00e0 m\u1ed9t s\u1ea3n ph\u1ea9m camera nhi\u1ec7t \u0111\u01b0\u1ee3c thi\u1ebft k\u1ebf \u0111\u1ec3 h\u1ed7 tr\u1ee3 c\u00f4ng vi\u1ec7c b\u1ea3o tr\u00ec ch\u1ee7 \u0111\u1ed9ng th\u00f4ng qua vi\u1ec7c s\u1eafp x\u1ebfp h\u00ecnh \u1ea3nh.","robots":{"index":"index","follow":"follow","max-snippet":"max-snippet:-1","max-image-preview":"max-image-preview:large","max-video-preview":"max-video-preview:-1"},"canonical":"https:\/\/loriot.com.vn\/vi\/product\/camera-nhiet-tis75\/","og_locale":"vi_VN","og_type":"article","og_title":"CAMERA NHI\u1ec6T TIS75+ - LORIOT INDUSTRIAL","og_description":"Fluke TiS75+ l\u00e0 m\u1ed9t s\u1ea3n ph\u1ea9m camera nhi\u1ec7t \u0111\u01b0\u1ee3c thi\u1ebft k\u1ebf \u0111\u1ec3 h\u1ed7 tr\u1ee3 c\u00f4ng vi\u1ec7c b\u1ea3o tr\u00ec ch\u1ee7 \u0111\u1ed9ng th\u00f4ng qua vi\u1ec7c s\u1eafp x\u1ebfp h\u00ecnh \u1ea3nh.","og_url":"https:\/\/loriot.com.vn\/vi\/product\/camera-nhiet-tis75\/","og_site_name":"LORIOT INDUSTRIAL","article_publisher":"https:\/\/www.facebook.com\/Loriot-Industrial-COLTD-103044855046633","article_modified_time":"2025-07-09T07:32:39+00:00","og_image":[{"width":1500,"height":1000,"url":"https:\/\/loriot.com.vn\/wp-content\/uploads\/2024\/04\/Camera-nhiet-TiS75.png","type":"image\/png"}],"twitter_card":"summary_large_image","twitter_misc":{"\u01af\u1edbc t\u00ednh th\u1eddi gian \u0111\u1ecdc":"2 ph\u00fat"},"schema":{"@context":"https:\/\/schema.org","@graph":[{"@type":"WebPage","@id":"https:\/\/loriot.com.vn\/vi\/product\/camera-nhiet-tis75\/","url":"https:\/\/loriot.com.vn\/vi\/product\/camera-nhiet-tis75\/","name":"CAMERA NHI\u1ec6T TIS75+ - LORIOT INDUSTRIAL","isPartOf":{"@id":"https:\/\/loriot.com.vn\/vi\/#website"},"primaryImageOfPage":{"@id":"https:\/\/loriot.com.vn\/vi\/product\/camera-nhiet-tis75\/#primaryimage"},"image":{"@id":"https:\/\/loriot.com.vn\/vi\/product\/camera-nhiet-tis75\/#primaryimage"},"thumbnailUrl":"https:\/\/loriot.com.vn\/wp-content\/uploads\/2024\/04\/Camera-nhiet-TiS75.png","datePublished":"2024-04-23T06:48:14+00:00","dateModified":"2025-07-09T07:32:39+00:00","description":"Fluke TiS75+ l\u00e0 m\u1ed9t s\u1ea3n ph\u1ea9m camera nhi\u1ec7t \u0111\u01b0\u1ee3c thi\u1ebft k\u1ebf \u0111\u1ec3 h\u1ed7 tr\u1ee3 c\u00f4ng vi\u1ec7c b\u1ea3o tr\u00ec ch\u1ee7 \u0111\u1ed9ng th\u00f4ng qua vi\u1ec7c s\u1eafp x\u1ebfp h\u00ecnh \u1ea3nh.","breadcrumb":{"@id":"https:\/\/loriot.com.vn\/vi\/product\/camera-nhiet-tis75\/#breadcrumb"},"inLanguage":"vi","potentialAction":[{"@type":"ReadAction","target":["https:\/\/loriot.com.vn\/vi\/product\/camera-nhiet-tis75\/"]}]},{"@type":"ImageObject","inLanguage":"vi","@id":"https:\/\/loriot.com.vn\/vi\/product\/camera-nhiet-tis75\/#primaryimage","url":"https:\/\/loriot.com.vn\/wp-content\/uploads\/2024\/04\/Camera-nhiet-TiS75.png","contentUrl":"https:\/\/loriot.com.vn\/wp-content\/uploads\/2024\/04\/Camera-nhiet-TiS75.png","width":1500,"height":1000,"caption":"Camera nhi\u1ec7t TiS75+"},{"@type":"BreadcrumbList","@id":"https:\/\/loriot.com.vn\/vi\/product\/camera-nhiet-tis75\/#breadcrumb","itemListElement":[{"@type":"ListItem","position":1,"name":"Home","item":"https:\/\/loriot.com.vn\/vi\/"},{"@type":"ListItem","position":2,"name":"Products","item":"https:\/\/loriot.com.vn\/vi\/product\/"},{"@type":"ListItem","position":3,"name":"CAMERA NHI\u1ec6T TIS75+"}]},{"@type":"WebSite","@id":"https:\/\/loriot.com.vn\/vi\/#website","url":"https:\/\/loriot.com.vn\/vi\/","name":"LORIOT INDUSTRIAL CO.,LTD","description":"","publisher":{"@id":"https:\/\/loriot.com.vn\/vi\/#organization"},"potentialAction":[{"@type":"SearchAction","target":{"@type":"EntryPoint","urlTemplate":"https:\/\/loriot.com.vn\/vi\/?s={search_term_string}"},"query-input":{"@type":"PropertyValueSpecification","valueRequired":true,"valueName":"search_term_string"}}],"inLanguage":"vi"},{"@type":"Organization","@id":"https:\/\/loriot.com.vn\/vi\/#organization","name":"Loriot Industrial Co.,Ltd","url":"https:\/\/loriot.com.vn\/vi\/","logo":{"@type":"ImageObject","inLanguage":"vi","@id":"https:\/\/loriot.com.vn\/vi\/#\/schema\/logo\/image\/","url":"https:\/\/loriot.com.vn\/wp-content\/uploads\/2021\/08\/logo-ft.png","contentUrl":"https:\/\/loriot.com.vn\/wp-content\/uploads\/2021\/08\/logo-ft.png","width":333,"height":101,"caption":"Loriot Industrial Co.,Ltd"},"image":{"@id":"https:\/\/loriot.com.vn\/vi\/#\/schema\/logo\/image\/"},"sameAs":["https:\/\/www.facebook.com\/Loriot-Industrial-COLTD-103044855046633"]}]}},"_links":{"self":[{"href":"https:\/\/loriot.com.vn\/vi\/wp-json\/wp\/v2\/product\/4746","targetHints":{"allow":["GET"]}}],"collection":[{"href":"https:\/\/loriot.com.vn\/vi\/wp-json\/wp\/v2\/product"}],"about":[{"href":"https:\/\/loriot.com.vn\/vi\/wp-json\/wp\/v2\/types\/product"}],"author":[{"embeddable":true,"href":"https:\/\/loriot.com.vn\/vi\/wp-json\/wp\/v2\/users\/2"}],"replies":[{"embeddable":true,"href":"https:\/\/loriot.com.vn\/vi\/wp-json\/wp\/v2\/comments?post=4746"}],"version-history":[{"count":4,"href":"https:\/\/loriot.com.vn\/vi\/wp-json\/wp\/v2\/product\/4746\/revisions"}],"predecessor-version":[{"id":5566,"href":"https:\/\/loriot.com.vn\/vi\/wp-json\/wp\/v2\/product\/4746\/revisions\/5566"}],"wp:featuredmedia":[{"embeddable":true,"href":"https:\/\/loriot.com.vn\/vi\/wp-json\/wp\/v2\/media\/4749"}],"wp:attachment":[{"href":"https:\/\/loriot.com.vn\/vi\/wp-json\/wp\/v2\/media?parent=4746"}],"wp:term":[{"taxonomy":"service-category","embeddable":true,"href":"https:\/\/loriot.com.vn\/vi\/wp-json\/wp\/v2\/service-category?post=4746"},{"taxonomy":"service_tag","embeddable":true,"href":"https:\/\/loriot.com.vn\/vi\/wp-json\/wp\/v2\/service_tag?post=4746"}],"curies":[{"name":"wp","href":"https:\/\/api.w.org\/{rel}","templated":true}]}}