{"id":4818,"date":"2024-04-23T16:56:33","date_gmt":"2024-04-23T09:56:33","guid":{"rendered":"https:\/\/loriot.com.vn\/?post_type=product&#038;p=4818"},"modified":"2025-07-09T14:32:21","modified_gmt":"2025-07-09T07:32:21","slug":"chat-luong-dien-ba-pha-1770-series","status":"publish","type":"product","link":"https:\/\/loriot.com.vn\/vi\/product\/chat-luong-dien-ba-pha-1770-series\/","title":{"rendered":"Ch\u1ea5t L\u01b0\u1ee3ng \u0110i\u1ec7n Ba Pha 1770 Series"},"content":{"rendered":"<p><span style=\"font-size: 12pt;\"><strong>Ch\u1ea5t L\u01b0\u1ee3ng \u0110i\u1ec7n Ba Pha 1770 Series<\/strong><\/span><\/p>\n<p><span style=\"font-size: 12pt;\">T\u1ed5ng Quan v\u1ec1 Thi\u1ebft B\u1ecb Ph\u00e2n T\u00edch Ch\u1ea5t L\u01b0\u1ee3ng \u0110i\u1ec7n Ba Pha Fluke 1770 Series<\/span><\/p>\n<p><span style=\"font-size: 12pt;\">Fluke 1770 Series l\u00e0 m\u1ed9t thi\u1ebft b\u1ecb ph\u00e2n t\u00edch ch\u1ea5t l\u01b0\u1ee3ng \u0111i\u1ec7n ba pha ti\u00ean ti\u1ebfn, n\u1ed5i b\u1eadt v\u1edbi t\u00ednh linh ho\u1ea1t, kh\u1ea3 n\u0103ng t\u1ef1 \u0111\u1ed9ng ph\u00e9p \u0111o v\u00e0 kh\u1ea3 n\u0103ng kh\u1eafc ph\u1ee5c s\u1ef1 c\u1ed1 ch\u1ea5t l\u01b0\u1ee3ng \u0111i\u1ec7n m\u1ed9t c\u00e1ch hi\u1ec7u qu\u1ea3 h\u01a1n. Thi\u1ebft b\u1ecb n\u00e0y \u0111\u01b0\u1ee3c thi\u1ebft k\u1ebf \u0111\u1ec3 gi\u1ea3m b\u1edbt s\u1ef1 ph\u1ee9c t\u1ea1p trong vi\u1ec7c ghi d\u1eef li\u1ec7u ch\u1ea5t l\u01b0\u1ee3ng \u0111i\u1ec7n, \u0111\u1ed3ng th\u1eddi cung c\u1ea5p c\u00e1c ph\u00e9p \u0111o t\u1ef1 \u0111\u1ed9ng v\u00e0 giao di\u1ec7n ng\u01b0\u1eddi d\u00f9ng d\u1ec5 hi\u1ec3u, gi\u00fap vi\u1ec7c nghi\u00ean c\u1ee9u ch\u1ea5t l\u01b0\u1ee3ng \u0111i\u1ec7n tr\u1edf n\u00ean nhanh ch\u00f3ng v\u00e0 \u0111\u01a1n gi\u1ea3n h\u01a1n.<\/span><\/p>\n<p><span style=\"font-size: 12pt;\"><strong>\u0110\u1eb7c \u0110i\u1ec3m N\u1ed5i B\u1eadt:<\/strong><\/span><\/p>\n<ol>\n<li><span style=\"font-size: 12pt;\"><strong>Ph\u00e9p \u0110o T\u1ef1 \u0110\u1ed9ng:<\/strong> Thi\u1ebft b\u1ecb Fluke 1770 Series t\u1ef1 \u0111\u1ed9ng thu th\u1eadp d\u1eef li\u1ec7u ph\u00e9p \u0111o m\u1ed9t c\u00e1ch t\u1ef1 \u0111\u1ed9ng, gi\u00fap \u0111\u1ea3m b\u1ea3o t\u00ednh nh\u1ea5t qu\u00e1n v\u00e0 ch\u00ednh x\u00e1c c\u1ee7a d\u1eef li\u1ec7u trong m\u1ecdi t\u00ecnh hu\u1ed1ng. V\u1edbi h\u01a1n 500 tham s\u1ed1 ch\u1ea5t l\u01b0\u1ee3ng \u0111i\u1ec7n \u0111\u01b0\u1ee3c thu th\u1eadp m\u1eb7c \u0111\u1ecbnh v\u00e0 thi\u1ebft l\u1eadp c\u00f3 h\u01b0\u1edbng d\u1eabn, vi\u1ec7c l\u1ef1a ch\u1ecdn \u0111\u00fang th\u00f4ng s\u1ed1 cho h\u1ec7 th\u1ed1ng \u0111ang l\u00e0m vi\u1ec7c tr\u1edf n\u00ean d\u1ec5 d\u00e0ng h\u01a1n bao gi\u1edd h\u1ebft.<\/span><\/li>\n<li><span style=\"font-size: 12pt;\"><strong>Linh Ho\u1ea1t H\u01a1n:<\/strong> Fluke 1770 Series cung c\u1ea5p s\u1ef1 linh ho\u1ea1t cho ng\u01b0\u1eddi d\u00f9ng trong vi\u1ec7c ch\u1ecdn l\u1ef1a v\u00e0 \u0111i\u1ec1u ch\u1ec9nh tham s\u1ed1 c\u1ee5 th\u1ec3 theo nhu c\u1ea7u c\u1ee5 th\u1ec3 c\u1ee7a h\u1ecd. D\u1eef li\u1ec7u \u0111\u00e3 l\u01b0u tr\u1eef c\u00f3 th\u1ec3 xem ngay l\u1eadp t\u1ee9c, t\u1ea3i xu\u1ed1ng v\u00e0 chia s\u1ebb b\u1eb1ng ph\u1ea7n m\u1ec1m Fluke Energy Analyze Plus, gi\u00fap ti\u1ebft ki\u1ec7m th\u1eddi gian v\u00e0 n\u00e2ng cao hi\u1ec7u su\u1ea5t l\u00e0m vi\u1ec7c.<\/span><\/li>\n<li><span style=\"font-size: 12pt;\"><strong>Kh\u1eafc Ph\u1ee5c S\u1ef1 C\u1ed1 T\u1ed1t H\u01a1n:<\/strong> V\u1edbi kh\u1ea3 n\u0103ng ph\u00e2n t\u00edch v\u00e0 ghi d\u1eef li\u1ec7u m\u1ea1nh m\u1ebd, Fluke 1770 Series kh\u00f4ng ch\u1ec9 gi\u00fap ng\u01b0\u1eddi d\u00f9ng x\u00e1c \u0111\u1ecbnh c\u00e1c v\u1ea5n \u0111\u1ec1 ti\u1ec1m \u1ea9n m\u1ed9t c\u00e1ch nhanh ch\u00f3ng m\u00e0 c\u00f2n lo\u1ea1i b\u1ecf s\u1ef1 ph\u1ee9c t\u1ea1p khi th\u1ef1c hi\u1ec7n nghi\u00ean c\u1ee9u ch\u1ea5t l\u01b0\u1ee3ng \u0111i\u1ec7n. Ch\u1ee9c n\u0103ng t\u1ef1 \u0111\u1ed9ng s\u1eeda l\u1ed7i k\u1ebft n\u1ed1i \u0111o c\u0169ng gi\u00fap ng\u01b0\u1eddi d\u00f9ng t\u1ef1 tin h\u01a1n trong vi\u1ec7c kh\u1eafc ph\u1ee5c s\u1ef1 c\u1ed1 m\u00e0 kh\u00f4ng c\u1ea7n lo l\u1eafng v\u1ec1 vi\u1ec7c ph\u1ea3i \u0111o l\u1ea1i.<\/span><\/li>\n<\/ol>\n","protected":false},"excerpt":{"rendered":"<p>Fluke 1770 Series l\u00e0 m\u1ed9t thi\u1ebft b\u1ecb ph\u00e2n t\u00edch ch\u1ea5t l\u01b0\u1ee3ng \u0111i\u1ec7n ba pha ti\u00ean ti\u1ebfn, n\u1ed5i b\u1eadt&#8230;<\/p>\n","protected":false},"author":2,"featured_media":4830,"parent":0,"menu_order":0,"comment_status":"open","ping_status":"closed","template":"","meta":{"inline_featured_image":false,"footnotes":""},"service-category":[133],"service_tag":[],"class_list":["post-4818","product","type-product","status-publish","has-post-thumbnail","hentry","service-category-san-pham-fluke"],"yoast_head":"<!-- This site is optimized with the Yoast SEO plugin v27.4 - https:\/\/yoast.com\/product\/yoast-seo-wordpress\/ -->\n<title>Ch\u1ea5t L\u01b0\u1ee3ng \u0110i\u1ec7n Ba Pha 1770 Series - LORIOT INDUSTRIAL<\/title>\n<meta name=\"description\" content=\"Ch\u1ea5t L\u01b0\u1ee3ng \u0110i\u1ec7n Ba Pha 1770 Series l\u00e0 thi\u1ebft b\u1ecb ph\u00e2n t\u00edch ch\u1ea5t l\u01b0\u1ee3ng \u0111i\u1ec7n ba pha, n\u1ed5i b\u1eadt v\u1edbi kh\u1ea3 n\u0103ng kh\u1eafc ph\u1ee5c s\u1ef1 c\u1ed1.\" \/>\n<meta name=\"robots\" content=\"index, follow, max-snippet:-1, max-image-preview:large, max-video-preview:-1\" \/>\n<link rel=\"canonical\" href=\"https:\/\/loriot.com.vn\/vi\/product\/chat-luong-dien-ba-pha-1770-series\/\" \/>\n<meta property=\"og:locale\" content=\"vi_VN\" \/>\n<meta property=\"og:type\" content=\"article\" \/>\n<meta property=\"og:title\" content=\"Ch\u1ea5t L\u01b0\u1ee3ng \u0110i\u1ec7n Ba Pha 1770 Series - LORIOT INDUSTRIAL\" \/>\n<meta property=\"og:description\" content=\"Ch\u1ea5t L\u01b0\u1ee3ng \u0110i\u1ec7n Ba Pha 1770 Series l\u00e0 thi\u1ebft b\u1ecb ph\u00e2n t\u00edch ch\u1ea5t l\u01b0\u1ee3ng \u0111i\u1ec7n ba pha, n\u1ed5i b\u1eadt v\u1edbi kh\u1ea3 n\u0103ng kh\u1eafc ph\u1ee5c s\u1ef1 c\u1ed1.\" \/>\n<meta property=\"og:url\" content=\"https:\/\/loriot.com.vn\/vi\/product\/chat-luong-dien-ba-pha-1770-series\/\" \/>\n<meta property=\"og:site_name\" content=\"LORIOT INDUSTRIAL\" \/>\n<meta property=\"article:publisher\" content=\"https:\/\/www.facebook.com\/Loriot-Industrial-COLTD-103044855046633\" \/>\n<meta property=\"article:modified_time\" content=\"2025-07-09T07:32:21+00:00\" \/>\n<meta property=\"og:image\" content=\"https:\/\/loriot.com.vn\/wp-content\/uploads\/2024\/04\/123-1.png\" \/>\n\t<meta property=\"og:image:width\" content=\"1500\" \/>\n\t<meta property=\"og:image:height\" content=\"1000\" \/>\n\t<meta property=\"og:image:type\" content=\"image\/png\" \/>\n<meta name=\"twitter:card\" content=\"summary_large_image\" \/>\n<meta name=\"twitter:label1\" content=\"\u01af\u1edbc t\u00ednh th\u1eddi gian \u0111\u1ecdc\" \/>\n\t<meta name=\"twitter:data1\" content=\"2 ph\u00fat\" \/>\n<script type=\"application\/ld+json\" class=\"yoast-schema-graph\">{\"@context\":\"https:\\\/\\\/schema.org\",\"@graph\":[{\"@type\":\"WebPage\",\"@id\":\"https:\\\/\\\/loriot.com.vn\\\/vi\\\/product\\\/chat-luong-dien-ba-pha-1770-series\\\/\",\"url\":\"https:\\\/\\\/loriot.com.vn\\\/vi\\\/product\\\/chat-luong-dien-ba-pha-1770-series\\\/\",\"name\":\"Ch\u1ea5t L\u01b0\u1ee3ng \u0110i\u1ec7n Ba Pha 1770 Series - LORIOT INDUSTRIAL\",\"isPartOf\":{\"@id\":\"https:\\\/\\\/loriot.com.vn\\\/#website\"},\"primaryImageOfPage\":{\"@id\":\"https:\\\/\\\/loriot.com.vn\\\/vi\\\/product\\\/chat-luong-dien-ba-pha-1770-series\\\/#primaryimage\"},\"image\":{\"@id\":\"https:\\\/\\\/loriot.com.vn\\\/vi\\\/product\\\/chat-luong-dien-ba-pha-1770-series\\\/#primaryimage\"},\"thumbnailUrl\":\"https:\\\/\\\/loriot.com.vn\\\/wp-content\\\/uploads\\\/2024\\\/04\\\/123-1.png\",\"datePublished\":\"2024-04-23T09:56:33+00:00\",\"dateModified\":\"2025-07-09T07:32:21+00:00\",\"description\":\"Ch\u1ea5t L\u01b0\u1ee3ng \u0110i\u1ec7n Ba Pha 1770 Series l\u00e0 thi\u1ebft b\u1ecb ph\u00e2n t\u00edch ch\u1ea5t l\u01b0\u1ee3ng \u0111i\u1ec7n ba pha, n\u1ed5i b\u1eadt v\u1edbi kh\u1ea3 n\u0103ng kh\u1eafc ph\u1ee5c s\u1ef1 c\u1ed1.\",\"breadcrumb\":{\"@id\":\"https:\\\/\\\/loriot.com.vn\\\/vi\\\/product\\\/chat-luong-dien-ba-pha-1770-series\\\/#breadcrumb\"},\"inLanguage\":\"vi\",\"potentialAction\":[{\"@type\":\"ReadAction\",\"target\":[\"https:\\\/\\\/loriot.com.vn\\\/vi\\\/product\\\/chat-luong-dien-ba-pha-1770-series\\\/\"]}]},{\"@type\":\"ImageObject\",\"inLanguage\":\"vi\",\"@id\":\"https:\\\/\\\/loriot.com.vn\\\/vi\\\/product\\\/chat-luong-dien-ba-pha-1770-series\\\/#primaryimage\",\"url\":\"https:\\\/\\\/loriot.com.vn\\\/wp-content\\\/uploads\\\/2024\\\/04\\\/123-1.png\",\"contentUrl\":\"https:\\\/\\\/loriot.com.vn\\\/wp-content\\\/uploads\\\/2024\\\/04\\\/123-1.png\",\"width\":1500,\"height\":1000,\"caption\":\"Ch\u1ea5t L\u01b0\u1ee3ng \u0110i\u1ec7n Ba Pha 1770 Series\"},{\"@type\":\"BreadcrumbList\",\"@id\":\"https:\\\/\\\/loriot.com.vn\\\/vi\\\/product\\\/chat-luong-dien-ba-pha-1770-series\\\/#breadcrumb\",\"itemListElement\":[{\"@type\":\"ListItem\",\"position\":1,\"name\":\"Home\",\"item\":\"https:\\\/\\\/loriot.com.vn\\\/vi\\\/\"},{\"@type\":\"ListItem\",\"position\":2,\"name\":\"Products\",\"item\":\"https:\\\/\\\/loriot.com.vn\\\/vi\\\/product\\\/\"},{\"@type\":\"ListItem\",\"position\":3,\"name\":\"Ch\u1ea5t L\u01b0\u1ee3ng \u0110i\u1ec7n Ba Pha 1770 Series\"}]},{\"@type\":\"WebSite\",\"@id\":\"https:\\\/\\\/loriot.com.vn\\\/#website\",\"url\":\"https:\\\/\\\/loriot.com.vn\\\/\",\"name\":\"LORIOT INDUSTRIAL CO.,LTD\",\"description\":\"\",\"publisher\":{\"@id\":\"https:\\\/\\\/loriot.com.vn\\\/#organization\"},\"potentialAction\":[{\"@type\":\"SearchAction\",\"target\":{\"@type\":\"EntryPoint\",\"urlTemplate\":\"https:\\\/\\\/loriot.com.vn\\\/?s={search_term_string}\"},\"query-input\":{\"@type\":\"PropertyValueSpecification\",\"valueRequired\":true,\"valueName\":\"search_term_string\"}}],\"inLanguage\":\"vi\"},{\"@type\":\"Organization\",\"@id\":\"https:\\\/\\\/loriot.com.vn\\\/#organization\",\"name\":\"Loriot Industrial Co.,Ltd\",\"url\":\"https:\\\/\\\/loriot.com.vn\\\/\",\"logo\":{\"@type\":\"ImageObject\",\"inLanguage\":\"vi\",\"@id\":\"https:\\\/\\\/loriot.com.vn\\\/#\\\/schema\\\/logo\\\/image\\\/\",\"url\":\"https:\\\/\\\/loriot.com.vn\\\/wp-content\\\/uploads\\\/2021\\\/08\\\/logo-ft.png\",\"contentUrl\":\"https:\\\/\\\/loriot.com.vn\\\/wp-content\\\/uploads\\\/2021\\\/08\\\/logo-ft.png\",\"width\":333,\"height\":101,\"caption\":\"Loriot Industrial Co.,Ltd\"},\"image\":{\"@id\":\"https:\\\/\\\/loriot.com.vn\\\/#\\\/schema\\\/logo\\\/image\\\/\"},\"sameAs\":[\"https:\\\/\\\/www.facebook.com\\\/Loriot-Industrial-COLTD-103044855046633\"]}]}<\/script>\n<!-- \/ Yoast SEO plugin. -->","yoast_head_json":{"title":"Ch\u1ea5t L\u01b0\u1ee3ng \u0110i\u1ec7n Ba Pha 1770 Series - LORIOT INDUSTRIAL","description":"Ch\u1ea5t L\u01b0\u1ee3ng \u0110i\u1ec7n Ba Pha 1770 Series l\u00e0 thi\u1ebft b\u1ecb ph\u00e2n t\u00edch ch\u1ea5t l\u01b0\u1ee3ng \u0111i\u1ec7n ba pha, n\u1ed5i b\u1eadt v\u1edbi kh\u1ea3 n\u0103ng kh\u1eafc ph\u1ee5c s\u1ef1 c\u1ed1.","robots":{"index":"index","follow":"follow","max-snippet":"max-snippet:-1","max-image-preview":"max-image-preview:large","max-video-preview":"max-video-preview:-1"},"canonical":"https:\/\/loriot.com.vn\/vi\/product\/chat-luong-dien-ba-pha-1770-series\/","og_locale":"vi_VN","og_type":"article","og_title":"Ch\u1ea5t L\u01b0\u1ee3ng \u0110i\u1ec7n Ba Pha 1770 Series - LORIOT INDUSTRIAL","og_description":"Ch\u1ea5t L\u01b0\u1ee3ng \u0110i\u1ec7n Ba Pha 1770 Series l\u00e0 thi\u1ebft b\u1ecb ph\u00e2n t\u00edch ch\u1ea5t l\u01b0\u1ee3ng \u0111i\u1ec7n ba pha, n\u1ed5i b\u1eadt v\u1edbi kh\u1ea3 n\u0103ng kh\u1eafc ph\u1ee5c s\u1ef1 c\u1ed1.","og_url":"https:\/\/loriot.com.vn\/vi\/product\/chat-luong-dien-ba-pha-1770-series\/","og_site_name":"LORIOT INDUSTRIAL","article_publisher":"https:\/\/www.facebook.com\/Loriot-Industrial-COLTD-103044855046633","article_modified_time":"2025-07-09T07:32:21+00:00","og_image":[{"width":1500,"height":1000,"url":"https:\/\/loriot.com.vn\/wp-content\/uploads\/2024\/04\/123-1.png","type":"image\/png"}],"twitter_card":"summary_large_image","twitter_misc":{"\u01af\u1edbc t\u00ednh th\u1eddi gian \u0111\u1ecdc":"2 ph\u00fat"},"schema":{"@context":"https:\/\/schema.org","@graph":[{"@type":"WebPage","@id":"https:\/\/loriot.com.vn\/vi\/product\/chat-luong-dien-ba-pha-1770-series\/","url":"https:\/\/loriot.com.vn\/vi\/product\/chat-luong-dien-ba-pha-1770-series\/","name":"Ch\u1ea5t L\u01b0\u1ee3ng \u0110i\u1ec7n Ba Pha 1770 Series - LORIOT INDUSTRIAL","isPartOf":{"@id":"https:\/\/loriot.com.vn\/#website"},"primaryImageOfPage":{"@id":"https:\/\/loriot.com.vn\/vi\/product\/chat-luong-dien-ba-pha-1770-series\/#primaryimage"},"image":{"@id":"https:\/\/loriot.com.vn\/vi\/product\/chat-luong-dien-ba-pha-1770-series\/#primaryimage"},"thumbnailUrl":"https:\/\/loriot.com.vn\/wp-content\/uploads\/2024\/04\/123-1.png","datePublished":"2024-04-23T09:56:33+00:00","dateModified":"2025-07-09T07:32:21+00:00","description":"Ch\u1ea5t L\u01b0\u1ee3ng \u0110i\u1ec7n Ba Pha 1770 Series l\u00e0 thi\u1ebft b\u1ecb ph\u00e2n t\u00edch ch\u1ea5t l\u01b0\u1ee3ng \u0111i\u1ec7n ba pha, n\u1ed5i b\u1eadt v\u1edbi kh\u1ea3 n\u0103ng kh\u1eafc ph\u1ee5c s\u1ef1 c\u1ed1.","breadcrumb":{"@id":"https:\/\/loriot.com.vn\/vi\/product\/chat-luong-dien-ba-pha-1770-series\/#breadcrumb"},"inLanguage":"vi","potentialAction":[{"@type":"ReadAction","target":["https:\/\/loriot.com.vn\/vi\/product\/chat-luong-dien-ba-pha-1770-series\/"]}]},{"@type":"ImageObject","inLanguage":"vi","@id":"https:\/\/loriot.com.vn\/vi\/product\/chat-luong-dien-ba-pha-1770-series\/#primaryimage","url":"https:\/\/loriot.com.vn\/wp-content\/uploads\/2024\/04\/123-1.png","contentUrl":"https:\/\/loriot.com.vn\/wp-content\/uploads\/2024\/04\/123-1.png","width":1500,"height":1000,"caption":"Ch\u1ea5t L\u01b0\u1ee3ng \u0110i\u1ec7n Ba Pha 1770 Series"},{"@type":"BreadcrumbList","@id":"https:\/\/loriot.com.vn\/vi\/product\/chat-luong-dien-ba-pha-1770-series\/#breadcrumb","itemListElement":[{"@type":"ListItem","position":1,"name":"Home","item":"https:\/\/loriot.com.vn\/vi\/"},{"@type":"ListItem","position":2,"name":"Products","item":"https:\/\/loriot.com.vn\/vi\/product\/"},{"@type":"ListItem","position":3,"name":"Ch\u1ea5t L\u01b0\u1ee3ng \u0110i\u1ec7n Ba Pha 1770 Series"}]},{"@type":"WebSite","@id":"https:\/\/loriot.com.vn\/#website","url":"https:\/\/loriot.com.vn\/","name":"LORIOT INDUSTRIAL CO.,LTD","description":"","publisher":{"@id":"https:\/\/loriot.com.vn\/#organization"},"potentialAction":[{"@type":"SearchAction","target":{"@type":"EntryPoint","urlTemplate":"https:\/\/loriot.com.vn\/?s={search_term_string}"},"query-input":{"@type":"PropertyValueSpecification","valueRequired":true,"valueName":"search_term_string"}}],"inLanguage":"vi"},{"@type":"Organization","@id":"https:\/\/loriot.com.vn\/#organization","name":"Loriot Industrial Co.,Ltd","url":"https:\/\/loriot.com.vn\/","logo":{"@type":"ImageObject","inLanguage":"vi","@id":"https:\/\/loriot.com.vn\/#\/schema\/logo\/image\/","url":"https:\/\/loriot.com.vn\/wp-content\/uploads\/2021\/08\/logo-ft.png","contentUrl":"https:\/\/loriot.com.vn\/wp-content\/uploads\/2021\/08\/logo-ft.png","width":333,"height":101,"caption":"Loriot Industrial Co.,Ltd"},"image":{"@id":"https:\/\/loriot.com.vn\/#\/schema\/logo\/image\/"},"sameAs":["https:\/\/www.facebook.com\/Loriot-Industrial-COLTD-103044855046633"]}]}},"_links":{"self":[{"href":"https:\/\/loriot.com.vn\/vi\/wp-json\/wp\/v2\/product\/4818","targetHints":{"allow":["GET"]}}],"collection":[{"href":"https:\/\/loriot.com.vn\/vi\/wp-json\/wp\/v2\/product"}],"about":[{"href":"https:\/\/loriot.com.vn\/vi\/wp-json\/wp\/v2\/types\/product"}],"author":[{"embeddable":true,"href":"https:\/\/loriot.com.vn\/vi\/wp-json\/wp\/v2\/users\/2"}],"replies":[{"embeddable":true,"href":"https:\/\/loriot.com.vn\/vi\/wp-json\/wp\/v2\/comments?post=4818"}],"version-history":[{"count":5,"href":"https:\/\/loriot.com.vn\/vi\/wp-json\/wp\/v2\/product\/4818\/revisions"}],"predecessor-version":[{"id":5565,"href":"https:\/\/loriot.com.vn\/vi\/wp-json\/wp\/v2\/product\/4818\/revisions\/5565"}],"wp:featuredmedia":[{"embeddable":true,"href":"https:\/\/loriot.com.vn\/vi\/wp-json\/wp\/v2\/media\/4830"}],"wp:attachment":[{"href":"https:\/\/loriot.com.vn\/vi\/wp-json\/wp\/v2\/media?parent=4818"}],"wp:term":[{"taxonomy":"service-category","embeddable":true,"href":"https:\/\/loriot.com.vn\/vi\/wp-json\/wp\/v2\/service-category?post=4818"},{"taxonomy":"service_tag","embeddable":true,"href":"https:\/\/loriot.com.vn\/vi\/wp-json\/wp\/v2\/service_tag?post=4818"}],"curies":[{"name":"wp","href":"https:\/\/api.w.org\/{rel}","templated":true}]}}