{"id":4854,"date":"2024-05-21T14:52:42","date_gmt":"2024-05-21T07:52:42","guid":{"rendered":"https:\/\/loriot.com.vn\/?post_type=product&#038;p=4854"},"modified":"2025-12-23T09:37:11","modified_gmt":"2025-12-23T02:37:11","slug":"dong-ho-do-cach-dien-fluke-1587-fc","status":"publish","type":"product","link":"https:\/\/loriot.com.vn\/vi\/product\/dong-ho-do-cach-dien-fluke-1587-fc\/","title":{"rendered":"\u0110\u1ed3ng H\u1ed3 \u0110o C\u00e1ch \u0110i\u1ec7n Fluke 1587 FC"},"content":{"rendered":"<p style=\"text-align: center;\"><span style=\"font-size: 12pt;\"><strong>\u0110\u1ed3ng H\u1ed3 \u0110o C\u00e1ch \u0110i\u1ec7n Fluke 1587 FC<\/strong><\/span><\/p>\n<p><span style=\"font-size: 12pt;\"><strong>T\u00ednh n\u0103ng v\u00e0 L\u1ee3i \u00edch Ch\u00ednh:<\/strong><\/span><\/p>\n<p><span style=\"font-size: 12pt;\"><strong>1. An to\u00e0n h\u00e0ng \u0111\u1ea7u:<\/strong><\/span><\/p>\n<p><span style=\"font-size: 12pt;\">Gi\u00e1m s\u00e1t t\u1eeb xa: Fluke 1587 FC \u0111\u01b0\u1ee3c trang b\u1ecb Fluke Connect, cho ph\u00e9p b\u1ea1n gi\u00e1m s\u00e1t k\u1ebft qu\u1ea3 \u0111o t\u1eeb xa qua \u0111i\u1ec7n tho\u1ea1i th\u00f4ng minh. \u0110i\u1ec1u n\u00e0y \u0111\u1ea3m b\u1ea3o b\u1ea1n lu\u00f4n an to\u00e0n khi th\u1ef1c hi\u1ec7n c\u00e1c ph\u00e9p \u0111o.<\/span><\/p>\n<p><span style=\"font-size: 12pt;\"><strong>2. X\u00e1c \u0111\u1ecbnh s\u1ef1 c\u1ed1 hi\u1ec7u qu\u1ea3:<\/strong><\/span><\/p>\n<p><span style=\"font-size: 12pt;\">Ki\u1ec3m tra t\u1ef7 l\u1ec7 th\u1eddi gian PI\/DAR: S\u1eed d\u1ee5ng c\u00e1c b\u00e0i ki\u1ec3m tra PI (Ch\u1ec9 s\u1ed1 Ph\u00e2n c\u1ef1c) v\u00e0 DAR (T\u1ef7 l\u1ec7 H\u1ea5p th\u1ee5 \u0110i\u1ec7n m\u00f4i) c\u00f9ng v\u1edbi bi\u1ec3u \u0111\u1ed3 TrendIt\u2122 \u0111\u1ec3 nhanh ch\u00f3ng x\u00e1c \u0111\u1ecbnh c\u00e1c v\u1ea5n \u0111\u1ec1 v\u1ec1 \u0111\u1ed9 \u1ea9m v\u00e0 nhi\u1ec5m b\u1ea9n trong c\u00e1ch \u0111i\u1ec7n.<\/span><br \/>\n<span style=\"font-size: 12pt;\">Theo d\u00f5i l\u1ecbch s\u1eed: L\u01b0u v\u00e0 so s\u00e1nh c\u00e1c ph\u00e9p \u0111o theo th\u1eddi gian \u0111\u1ec3 ph\u00e1t hi\u1ec7n s\u1ef1 c\u1ed1 nhanh ch\u00f3ng. Fluke Connect l\u01b0u tr\u1eef d\u1eef li\u1ec7u n\u00e0y, lo\u1ea1i b\u1ecf nhu c\u1ea7u ghi ch\u00e9p th\u1ee7 c\u00f4ng.<\/span><\/p>\n<p><span style=\"font-size: 12pt;\"><strong>3. Ch\u1ea9n \u0111o\u00e1n n\u00e2ng cao v\u1edbi Fluke Connect:<\/strong><\/span><\/p>\n<p><span style=\"font-size: 12pt;\">Giao ti\u1ebfp kh\u00f4ng d\u00e2y: Chia s\u1ebb k\u1ebft qu\u1ea3 \u0111o l\u01b0\u1eddng ngay l\u1eadp t\u1ee9c v\u1edbi \u0111i\u1ec7n tho\u1ea1i th\u00f4ng minh, \u0111\u1ea3m b\u1ea3o c\u00f4ng vi\u1ec7c \u0111\u01b0\u1ee3c th\u1ef1c hi\u1ec7n ch\u00ednh x\u00e1c.<\/span><br \/>\n<span style=\"font-size: 12pt;\">L\u01b0u tr\u1eef d\u1eef li\u1ec7u: C\u00e1c ph\u00e9p \u0111o c\u00f3 th\u1ec3 \u0111\u01b0\u1ee3c l\u01b0u tr\u1ef1c ti\u1ebfp v\u00e0o \u0111i\u1ec7n tho\u1ea1i ho\u1eb7c \u0111\u00e1m m\u00e2y, gi\u1ea3m thi\u1ec3u l\u1ed7i v\u00e0 h\u1ed7 tr\u1ee3 theo d\u00f5i l\u1ecbch s\u1eed.<\/span><\/p>\n<p><span style=\"font-size: 12pt;\"><strong>4. Ch\u1ee9c n\u0103ng ti\u00ean ti\u1ebfn:<\/strong><\/span><\/p>\n<p><span style=\"font-size: 12pt;\">B\u00f9 nhi\u1ec7t \u0111\u1ed9: \u0110\u1ea3m b\u1ea3o c\u01a1 s\u1edf d\u1eef li\u1ec7u ch\u00ednh x\u00e1c v\u00e0 so s\u00e1nh li\u00ean quan theo th\u1eddi gian.<\/span><br \/>\n<span style=\"font-size: 12pt;\">Quy\u1ebft \u0111\u1ecbnh theo th\u1eddi gian th\u1ef1c: Theo d\u00f5i v\u00e0 xu h\u01b0\u1edbng hi\u1ec7u su\u1ea5t t\u00e0i s\u1ea3n \u0111\u1ec3 \u0111\u01b0a ra quy\u1ebft \u0111\u1ecbnh th\u00f4ng minh ngay t\u1ea1i hi\u1ec7n tr\u01b0\u1eddng.<\/span><\/p>\n<p><span style=\"font-size: 12pt;\"><strong>5. Kh\u1ea3 n\u0103ng \u0111o l\u01b0\u1eddng to\u00e0n di\u1ec7n:<\/strong><\/span><\/p>\n<p><span style=\"font-size: 12pt;\">Ph\u00e1t hi\u1ec7n m\u1ea1ch \u0111i\u1ec7n s\u1ed1ng: Ng\u0103n ng\u1eeba ki\u1ec3m tra c\u00e1ch \u0111i\u1ec7n n\u1ebfu ph\u00e1t hi\u1ec7n \u0111i\u1ec7n \u00e1p tr\u00ean 30V, t\u0103ng c\u01b0\u1eddng an to\u00e0n cho ng\u01b0\u1eddi d\u00f9ng.<\/span><br \/>\n<span style=\"font-size: 12pt;\">B\u1ed9 l\u1ecdc th\u1ea5p t\u1ea7n VFD: Cung c\u1ea5p c\u00e1c ph\u00e9p \u0111o ch\u00ednh x\u00e1c cho c\u00e1c b\u1ed9 truy\u1ec1n \u0111\u1ed9ng t\u1ea7n s\u1ed1 bi\u1ebfn thi\u00ean.<\/span><br \/>\n<span style=\"font-size: 12pt;\">T\u1ef1 \u0111\u1ed9ng x\u1ea3 \u0111i\u1ec7n: An to\u00e0n x\u1ea3 \u0111i\u1ec7n \u00e1p \u0111i\u1ec7n dung \u0111\u1ec3 t\u0103ng c\u01b0\u1eddng b\u1ea3o v\u1ec7.<\/span><\/p>\n<p><span style=\"font-size: 12pt;\"><strong>6. T\u00f9y ch\u1ecdn \u0111o l\u01b0\u1eddng \u0111a d\u1ea1ng:<\/strong><\/span><\/p>\n<p><span style=\"font-size: 12pt;\">\u0110o \u0111i\u1ec7n \u00e1p AC\/DC, \u0111i\u1ec7n \u00e1p m\u1ed9t chi\u1ec1u milivolt, d\u00f2ng \u0111i\u1ec7n AC\/DC miliampe, \u0111i\u1ec7n tr\u1edf v\u00e0 li\u00ean t\u1ee5c.<\/span><br \/>\n<span style=\"font-size: 12pt;\">Bao g\u1ed3m c\u00e1c t\u00ednh n\u0103ng nh\u01b0 \u0111o \u0111i\u1ec7n dung, ki\u1ec3m tra \u0111i\u1ed1t, nhi\u1ec7t \u0111\u1ed9, min\/max, t\u1ea7n s\u1ed1 v\u00e0 l\u00e0m m\u1ecbn ph\u00e9p \u0111o c\u00e1ch \u0111i\u1ec7n.<\/span><\/p>\n<p><span style=\"font-size: 12pt;\"><strong>7. Ti\u1ec7n l\u1ee3i v\u00e0 b\u1ec1n b\u1ec9:<\/strong><\/span><\/p>\n<p><span style=\"font-size: 12pt;\">T\u1ef1 \u0111\u1ed9ng t\u1eaft ngu\u1ed3n: Ti\u1ebft ki\u1ec7m pin b\u1eb1ng c\u00e1ch t\u1ef1 \u0111\u1ed9ng t\u1eaft khi kh\u00f4ng s\u1eed d\u1ee5ng.<\/span><br \/>\n<span style=\"font-size: 12pt;\">B\u1ed9 d\u1ee5ng c\u1ee5 \u0111\u1ea7y \u0111\u1ee7: \u0110i k\u00e8m v\u1edbi \u0111\u1ea7u d\u00f2 t\u1eeb xa, d\u00e2y \u0111o, k\u1eb9p, c\u1eb7p nhi\u1ec7t \u0111i\u1ec7n lo\u1ea1i K, h\u1ed9p \u0111\u1ef1ng c\u1ee9ng v\u00e0 b\u1ea3o h\u00e0nh ba n\u0103m.<\/span><br \/>\n<span style=\"font-size: 12pt;\"><strong>K\u1ebft lu\u1eadn:<\/strong><\/span><\/p>\n<p><span style=\"font-size: 12pt;\">\u0110\u1ed3ng h\u1ed3 \u0111o c\u00e1ch \u0111i\u1ec7n Fluke 1587 FC l\u00e0 c\u00f4ng c\u1ee5 m\u1ea1nh m\u1ebd cho c\u00e1c chuy\u00ean gia mu\u1ed1n n\u00e2ng cao an to\u00e0n, hi\u1ec7u qu\u1ea3 v\u00e0 \u0111\u1ed9 ch\u00ednh x\u00e1c trong quy tr\u00ecnh ch\u1ea9n \u0111o\u00e1n. B\u1eb1ng c\u00e1ch t\u1eadn d\u1ee5ng c\u00e1c kh\u1ea3 n\u0103ng c\u1ee7a Fluke Connect, b\u1ea1n c\u00f3 th\u1ec3 \u0111\u1ea3m b\u1ea3o qu\u1ea3n l\u00fd d\u1eef li\u1ec7u t\u1ed1t h\u01a1n, x\u00e1c \u0111\u1ecbnh s\u1ef1 c\u1ed1 nhanh h\u01a1n v\u00e0 th\u1ef1c hi\u1ec7n c\u00f4ng vi\u1ec7c an to\u00e0n h\u01a1n ngay t\u1ea1i hi\u1ec7n tr\u01b0\u1eddng.<\/span><\/p>\n","protected":false},"excerpt":{"rendered":"<p>Fluke 1587 FC \u0111\u01b0\u1ee3c trang b\u1ecb Fluke Connect, cho ph\u00e9p b\u1ea1n gi\u00e1m s\u00e1t k\u1ebft qu\u1ea3<\/p>\n","protected":false},"author":2,"featured_media":4850,"parent":0,"menu_order":0,"comment_status":"open","ping_status":"closed","template":"","meta":{"inline_featured_image":false,"footnotes":""},"service-category":[133],"service_tag":[],"class_list":["post-4854","product","type-product","status-publish","has-post-thumbnail","hentry","service-category-san-pham-fluke"],"yoast_head":"<!-- This site is optimized with the Yoast SEO plugin v27.5 - https:\/\/yoast.com\/product\/yoast-seo-wordpress\/ -->\n<title>\u0110\u1ed3ng H\u1ed3 \u0110o C\u00e1ch \u0110i\u1ec7n Fluke 1587 FC - LORIOT INDUSTRIAL<\/title>\n<meta name=\"description\" content=\"\u0110\u1ed3ng H\u1ed3 \u0110o C\u00e1ch \u0110i\u1ec7n Fluke 1587 FC \u0111\u01b0\u1ee3c trang b\u1ecb Fluke Connect, cho ph\u00e9p b\u1ea1n gi\u00e1m s\u00e1t k\u1ebft qu\u1ea3 \u0111o t\u1eeb xa qua \u0111i\u1ec7n tho\u1ea1i th\u00f4ng minh.\" \/>\n<meta name=\"robots\" content=\"index, follow, max-snippet:-1, max-image-preview:large, max-video-preview:-1\" \/>\n<link rel=\"canonical\" href=\"https:\/\/loriot.com.vn\/vi\/product\/dong-ho-do-cach-dien-fluke-1587-fc\/\" \/>\n<meta property=\"og:locale\" content=\"vi_VN\" \/>\n<meta property=\"og:type\" content=\"article\" \/>\n<meta property=\"og:title\" content=\"\u0110\u1ed3ng H\u1ed3 \u0110o C\u00e1ch \u0110i\u1ec7n Fluke 1587 FC - LORIOT INDUSTRIAL\" \/>\n<meta property=\"og:description\" content=\"\u0110\u1ed3ng H\u1ed3 \u0110o C\u00e1ch \u0110i\u1ec7n Fluke 1587 FC \u0111\u01b0\u1ee3c trang b\u1ecb Fluke Connect, cho ph\u00e9p b\u1ea1n gi\u00e1m s\u00e1t k\u1ebft qu\u1ea3 \u0111o t\u1eeb xa qua \u0111i\u1ec7n tho\u1ea1i th\u00f4ng minh.\" \/>\n<meta property=\"og:url\" content=\"https:\/\/loriot.com.vn\/vi\/product\/dong-ho-do-cach-dien-fluke-1587-fc\/\" \/>\n<meta property=\"og:site_name\" content=\"LORIOT INDUSTRIAL\" \/>\n<meta property=\"article:publisher\" content=\"https:\/\/www.facebook.com\/Loriot-Industrial-COLTD-103044855046633\" \/>\n<meta property=\"article:modified_time\" content=\"2025-12-23T02:37:11+00:00\" \/>\n<meta property=\"og:image\" content=\"https:\/\/loriot.com.vn\/wp-content\/uploads\/2024\/05\/1587.png\" \/>\n\t<meta property=\"og:image:width\" content=\"1119\" \/>\n\t<meta property=\"og:image:height\" content=\"880\" \/>\n\t<meta property=\"og:image:type\" content=\"image\/png\" \/>\n<meta name=\"twitter:card\" content=\"summary_large_image\" \/>\n<meta name=\"twitter:label1\" content=\"\u01af\u1edbc t\u00ednh th\u1eddi gian \u0111\u1ecdc\" \/>\n\t<meta name=\"twitter:data1\" content=\"3 ph\u00fat\" \/>\n<script type=\"application\/ld+json\" class=\"yoast-schema-graph\">{\"@context\":\"https:\\\/\\\/schema.org\",\"@graph\":[{\"@type\":\"WebPage\",\"@id\":\"https:\\\/\\\/loriot.com.vn\\\/vi\\\/product\\\/dong-ho-do-cach-dien-fluke-1587-fc\\\/\",\"url\":\"https:\\\/\\\/loriot.com.vn\\\/vi\\\/product\\\/dong-ho-do-cach-dien-fluke-1587-fc\\\/\",\"name\":\"\u0110\u1ed3ng H\u1ed3 \u0110o C\u00e1ch \u0110i\u1ec7n Fluke 1587 FC - LORIOT INDUSTRIAL\",\"isPartOf\":{\"@id\":\"https:\\\/\\\/loriot.com.vn\\\/vi\\\/#website\"},\"primaryImageOfPage\":{\"@id\":\"https:\\\/\\\/loriot.com.vn\\\/vi\\\/product\\\/dong-ho-do-cach-dien-fluke-1587-fc\\\/#primaryimage\"},\"image\":{\"@id\":\"https:\\\/\\\/loriot.com.vn\\\/vi\\\/product\\\/dong-ho-do-cach-dien-fluke-1587-fc\\\/#primaryimage\"},\"thumbnailUrl\":\"https:\\\/\\\/loriot.com.vn\\\/wp-content\\\/uploads\\\/2024\\\/05\\\/1587.png\",\"datePublished\":\"2024-05-21T07:52:42+00:00\",\"dateModified\":\"2025-12-23T02:37:11+00:00\",\"description\":\"\u0110\u1ed3ng H\u1ed3 \u0110o C\u00e1ch \u0110i\u1ec7n Fluke 1587 FC \u0111\u01b0\u1ee3c trang b\u1ecb Fluke Connect, cho ph\u00e9p b\u1ea1n gi\u00e1m s\u00e1t k\u1ebft qu\u1ea3 \u0111o t\u1eeb xa qua \u0111i\u1ec7n tho\u1ea1i th\u00f4ng minh.\",\"breadcrumb\":{\"@id\":\"https:\\\/\\\/loriot.com.vn\\\/vi\\\/product\\\/dong-ho-do-cach-dien-fluke-1587-fc\\\/#breadcrumb\"},\"inLanguage\":\"vi\",\"potentialAction\":[{\"@type\":\"ReadAction\",\"target\":[\"https:\\\/\\\/loriot.com.vn\\\/vi\\\/product\\\/dong-ho-do-cach-dien-fluke-1587-fc\\\/\"]}]},{\"@type\":\"ImageObject\",\"inLanguage\":\"vi\",\"@id\":\"https:\\\/\\\/loriot.com.vn\\\/vi\\\/product\\\/dong-ho-do-cach-dien-fluke-1587-fc\\\/#primaryimage\",\"url\":\"https:\\\/\\\/loriot.com.vn\\\/wp-content\\\/uploads\\\/2024\\\/05\\\/1587.png\",\"contentUrl\":\"https:\\\/\\\/loriot.com.vn\\\/wp-content\\\/uploads\\\/2024\\\/05\\\/1587.png\",\"width\":1119,\"height\":880,\"caption\":\"\u0110\u1ed3ng H\u1ed3 \u0110o C\u00e1ch \u0110i\u1ec7n Fluke 1587 FC\"},{\"@type\":\"BreadcrumbList\",\"@id\":\"https:\\\/\\\/loriot.com.vn\\\/vi\\\/product\\\/dong-ho-do-cach-dien-fluke-1587-fc\\\/#breadcrumb\",\"itemListElement\":[{\"@type\":\"ListItem\",\"position\":1,\"name\":\"Home\",\"item\":\"https:\\\/\\\/loriot.com.vn\\\/vi\\\/\"},{\"@type\":\"ListItem\",\"position\":2,\"name\":\"Products\",\"item\":\"https:\\\/\\\/loriot.com.vn\\\/vi\\\/product\\\/\"},{\"@type\":\"ListItem\",\"position\":3,\"name\":\"\u0110\u1ed3ng H\u1ed3 \u0110o C\u00e1ch \u0110i\u1ec7n Fluke 1587 FC\"}]},{\"@type\":\"WebSite\",\"@id\":\"https:\\\/\\\/loriot.com.vn\\\/vi\\\/#website\",\"url\":\"https:\\\/\\\/loriot.com.vn\\\/vi\\\/\",\"name\":\"LORIOT INDUSTRIAL CO.,LTD\",\"description\":\"\",\"publisher\":{\"@id\":\"https:\\\/\\\/loriot.com.vn\\\/vi\\\/#organization\"},\"potentialAction\":[{\"@type\":\"SearchAction\",\"target\":{\"@type\":\"EntryPoint\",\"urlTemplate\":\"https:\\\/\\\/loriot.com.vn\\\/vi\\\/?s={search_term_string}\"},\"query-input\":{\"@type\":\"PropertyValueSpecification\",\"valueRequired\":true,\"valueName\":\"search_term_string\"}}],\"inLanguage\":\"vi\"},{\"@type\":\"Organization\",\"@id\":\"https:\\\/\\\/loriot.com.vn\\\/vi\\\/#organization\",\"name\":\"Loriot Industrial Co.,Ltd\",\"url\":\"https:\\\/\\\/loriot.com.vn\\\/vi\\\/\",\"logo\":{\"@type\":\"ImageObject\",\"inLanguage\":\"vi\",\"@id\":\"https:\\\/\\\/loriot.com.vn\\\/vi\\\/#\\\/schema\\\/logo\\\/image\\\/\",\"url\":\"https:\\\/\\\/loriot.com.vn\\\/wp-content\\\/uploads\\\/2021\\\/08\\\/logo-ft.png\",\"contentUrl\":\"https:\\\/\\\/loriot.com.vn\\\/wp-content\\\/uploads\\\/2021\\\/08\\\/logo-ft.png\",\"width\":333,\"height\":101,\"caption\":\"Loriot Industrial Co.,Ltd\"},\"image\":{\"@id\":\"https:\\\/\\\/loriot.com.vn\\\/vi\\\/#\\\/schema\\\/logo\\\/image\\\/\"},\"sameAs\":[\"https:\\\/\\\/www.facebook.com\\\/Loriot-Industrial-COLTD-103044855046633\"]}]}<\/script>\n<!-- \/ Yoast SEO plugin. -->","yoast_head_json":{"title":"\u0110\u1ed3ng H\u1ed3 \u0110o C\u00e1ch \u0110i\u1ec7n Fluke 1587 FC - LORIOT INDUSTRIAL","description":"\u0110\u1ed3ng H\u1ed3 \u0110o C\u00e1ch \u0110i\u1ec7n Fluke 1587 FC \u0111\u01b0\u1ee3c trang b\u1ecb Fluke Connect, cho ph\u00e9p b\u1ea1n gi\u00e1m s\u00e1t k\u1ebft qu\u1ea3 \u0111o t\u1eeb xa qua \u0111i\u1ec7n tho\u1ea1i th\u00f4ng minh.","robots":{"index":"index","follow":"follow","max-snippet":"max-snippet:-1","max-image-preview":"max-image-preview:large","max-video-preview":"max-video-preview:-1"},"canonical":"https:\/\/loriot.com.vn\/vi\/product\/dong-ho-do-cach-dien-fluke-1587-fc\/","og_locale":"vi_VN","og_type":"article","og_title":"\u0110\u1ed3ng H\u1ed3 \u0110o C\u00e1ch \u0110i\u1ec7n Fluke 1587 FC - LORIOT INDUSTRIAL","og_description":"\u0110\u1ed3ng H\u1ed3 \u0110o C\u00e1ch \u0110i\u1ec7n Fluke 1587 FC \u0111\u01b0\u1ee3c trang b\u1ecb Fluke Connect, cho ph\u00e9p b\u1ea1n gi\u00e1m s\u00e1t k\u1ebft qu\u1ea3 \u0111o t\u1eeb xa qua \u0111i\u1ec7n tho\u1ea1i th\u00f4ng minh.","og_url":"https:\/\/loriot.com.vn\/vi\/product\/dong-ho-do-cach-dien-fluke-1587-fc\/","og_site_name":"LORIOT INDUSTRIAL","article_publisher":"https:\/\/www.facebook.com\/Loriot-Industrial-COLTD-103044855046633","article_modified_time":"2025-12-23T02:37:11+00:00","og_image":[{"width":1119,"height":880,"url":"https:\/\/loriot.com.vn\/wp-content\/uploads\/2024\/05\/1587.png","type":"image\/png"}],"twitter_card":"summary_large_image","twitter_misc":{"\u01af\u1edbc t\u00ednh th\u1eddi gian \u0111\u1ecdc":"3 ph\u00fat"},"schema":{"@context":"https:\/\/schema.org","@graph":[{"@type":"WebPage","@id":"https:\/\/loriot.com.vn\/vi\/product\/dong-ho-do-cach-dien-fluke-1587-fc\/","url":"https:\/\/loriot.com.vn\/vi\/product\/dong-ho-do-cach-dien-fluke-1587-fc\/","name":"\u0110\u1ed3ng H\u1ed3 \u0110o C\u00e1ch \u0110i\u1ec7n Fluke 1587 FC - LORIOT INDUSTRIAL","isPartOf":{"@id":"https:\/\/loriot.com.vn\/vi\/#website"},"primaryImageOfPage":{"@id":"https:\/\/loriot.com.vn\/vi\/product\/dong-ho-do-cach-dien-fluke-1587-fc\/#primaryimage"},"image":{"@id":"https:\/\/loriot.com.vn\/vi\/product\/dong-ho-do-cach-dien-fluke-1587-fc\/#primaryimage"},"thumbnailUrl":"https:\/\/loriot.com.vn\/wp-content\/uploads\/2024\/05\/1587.png","datePublished":"2024-05-21T07:52:42+00:00","dateModified":"2025-12-23T02:37:11+00:00","description":"\u0110\u1ed3ng H\u1ed3 \u0110o C\u00e1ch \u0110i\u1ec7n Fluke 1587 FC \u0111\u01b0\u1ee3c trang b\u1ecb Fluke Connect, cho ph\u00e9p b\u1ea1n gi\u00e1m s\u00e1t k\u1ebft qu\u1ea3 \u0111o t\u1eeb xa qua \u0111i\u1ec7n tho\u1ea1i th\u00f4ng minh.","breadcrumb":{"@id":"https:\/\/loriot.com.vn\/vi\/product\/dong-ho-do-cach-dien-fluke-1587-fc\/#breadcrumb"},"inLanguage":"vi","potentialAction":[{"@type":"ReadAction","target":["https:\/\/loriot.com.vn\/vi\/product\/dong-ho-do-cach-dien-fluke-1587-fc\/"]}]},{"@type":"ImageObject","inLanguage":"vi","@id":"https:\/\/loriot.com.vn\/vi\/product\/dong-ho-do-cach-dien-fluke-1587-fc\/#primaryimage","url":"https:\/\/loriot.com.vn\/wp-content\/uploads\/2024\/05\/1587.png","contentUrl":"https:\/\/loriot.com.vn\/wp-content\/uploads\/2024\/05\/1587.png","width":1119,"height":880,"caption":"\u0110\u1ed3ng H\u1ed3 \u0110o C\u00e1ch \u0110i\u1ec7n Fluke 1587 FC"},{"@type":"BreadcrumbList","@id":"https:\/\/loriot.com.vn\/vi\/product\/dong-ho-do-cach-dien-fluke-1587-fc\/#breadcrumb","itemListElement":[{"@type":"ListItem","position":1,"name":"Home","item":"https:\/\/loriot.com.vn\/vi\/"},{"@type":"ListItem","position":2,"name":"Products","item":"https:\/\/loriot.com.vn\/vi\/product\/"},{"@type":"ListItem","position":3,"name":"\u0110\u1ed3ng H\u1ed3 \u0110o C\u00e1ch \u0110i\u1ec7n Fluke 1587 FC"}]},{"@type":"WebSite","@id":"https:\/\/loriot.com.vn\/vi\/#website","url":"https:\/\/loriot.com.vn\/vi\/","name":"LORIOT INDUSTRIAL CO.,LTD","description":"","publisher":{"@id":"https:\/\/loriot.com.vn\/vi\/#organization"},"potentialAction":[{"@type":"SearchAction","target":{"@type":"EntryPoint","urlTemplate":"https:\/\/loriot.com.vn\/vi\/?s={search_term_string}"},"query-input":{"@type":"PropertyValueSpecification","valueRequired":true,"valueName":"search_term_string"}}],"inLanguage":"vi"},{"@type":"Organization","@id":"https:\/\/loriot.com.vn\/vi\/#organization","name":"Loriot Industrial Co.,Ltd","url":"https:\/\/loriot.com.vn\/vi\/","logo":{"@type":"ImageObject","inLanguage":"vi","@id":"https:\/\/loriot.com.vn\/vi\/#\/schema\/logo\/image\/","url":"https:\/\/loriot.com.vn\/wp-content\/uploads\/2021\/08\/logo-ft.png","contentUrl":"https:\/\/loriot.com.vn\/wp-content\/uploads\/2021\/08\/logo-ft.png","width":333,"height":101,"caption":"Loriot Industrial Co.,Ltd"},"image":{"@id":"https:\/\/loriot.com.vn\/vi\/#\/schema\/logo\/image\/"},"sameAs":["https:\/\/www.facebook.com\/Loriot-Industrial-COLTD-103044855046633"]}]}},"_links":{"self":[{"href":"https:\/\/loriot.com.vn\/vi\/wp-json\/wp\/v2\/product\/4854","targetHints":{"allow":["GET"]}}],"collection":[{"href":"https:\/\/loriot.com.vn\/vi\/wp-json\/wp\/v2\/product"}],"about":[{"href":"https:\/\/loriot.com.vn\/vi\/wp-json\/wp\/v2\/types\/product"}],"author":[{"embeddable":true,"href":"https:\/\/loriot.com.vn\/vi\/wp-json\/wp\/v2\/users\/2"}],"replies":[{"embeddable":true,"href":"https:\/\/loriot.com.vn\/vi\/wp-json\/wp\/v2\/comments?post=4854"}],"version-history":[{"count":4,"href":"https:\/\/loriot.com.vn\/vi\/wp-json\/wp\/v2\/product\/4854\/revisions"}],"predecessor-version":[{"id":6376,"href":"https:\/\/loriot.com.vn\/vi\/wp-json\/wp\/v2\/product\/4854\/revisions\/6376"}],"wp:featuredmedia":[{"embeddable":true,"href":"https:\/\/loriot.com.vn\/vi\/wp-json\/wp\/v2\/media\/4850"}],"wp:attachment":[{"href":"https:\/\/loriot.com.vn\/vi\/wp-json\/wp\/v2\/media?parent=4854"}],"wp:term":[{"taxonomy":"service-category","embeddable":true,"href":"https:\/\/loriot.com.vn\/vi\/wp-json\/wp\/v2\/service-category?post=4854"},{"taxonomy":"service_tag","embeddable":true,"href":"https:\/\/loriot.com.vn\/vi\/wp-json\/wp\/v2\/service_tag?post=4854"}],"curies":[{"name":"wp","href":"https:\/\/api.w.org\/{rel}","templated":true}]}}