{"id":4969,"date":"2024-09-18T14:55:21","date_gmt":"2024-09-18T07:55:21","guid":{"rendered":"https:\/\/loriot.com.vn\/?post_type=product&#038;p=4969"},"modified":"2025-07-09T14:27:11","modified_gmt":"2025-07-09T07:27:11","slug":"may-tron-chan-khong-thinky-arv-501","status":"publish","type":"product","link":"https:\/\/loriot.com.vn\/vi\/product\/may-tron-chan-khong-thinky-arv-501\/","title":{"rendered":"M\u00c1Y TR\u1ed8N CH\u00c2N KH\u00d4NG THINKY ARV-501"},"content":{"rendered":"<h2 style=\"text-align: center;\" data-start=\"3105\" data-end=\"3191\"><span style=\"font-size: 12pt;\"><strong data-start=\"3113\" data-end=\"3191\">THINKY ARV-501 \u2013 M\u00e1y Tr\u1ed9n Ch\u00e2n Kh\u00f4ng Hi\u1ec7u Su\u1ea5t Cao, G\u1ecdn G\u00e0ng v\u00e0 D\u1ec5 M\u1edf R\u1ed9ng<\/strong><\/span><\/h2>\n<p data-start=\"3209\" data-end=\"3526\"><span style=\"font-size: 12pt;\"><strong data-start=\"3209\" data-end=\"3227\">THINKY ARV-501<\/strong> l\u00e0 m\u00e1y tr\u1ed9n ch\u00e2n kh\u00f4ng c\u1ee1 trung, thi\u1ebft k\u1ebf d\u00e0nh ri\u00eang cho m\u00f4i tr\u01b0\u1eddng s\u1ea3n xu\u1ea5t y\u00eau c\u1ea7u <strong data-start=\"3313\" data-end=\"3378\">kh\u1ea3 n\u0103ng tr\u1ed9n ch\u00ednh x\u00e1c, kh\u1eed b\u1ecdt hi\u1ec7u qu\u1ea3 v\u00e0 v\u1eadn h\u00e0nh \u1ed5n \u0111\u1ecbnh<\/strong>. V\u1edbi c\u00f4ng su\u1ea5t t\u1ed1i \u0111a <strong data-start=\"3401\" data-end=\"3409\">700g<\/strong>, thi\u1ebft b\u1ecb n\u00e0y k\u1ebft h\u1ee3p s\u1ee9c m\u1ea1nh, t\u00ednh linh ho\u1ea1t v\u00e0 hi\u1ec7u qu\u1ea3 kh\u00f4ng gian \u2013 l\u00fd t\u01b0\u1edfng cho quy tr\u00ecnh c\u00f4ng nghi\u1ec7p hi\u1ec7n \u0111\u1ea1i.<\/span><\/p>\n<h3 data-start=\"3533\" data-end=\"3557\"><span style=\"font-size: 12pt;\">\ud83d\udd27 T\u00ednh N\u0103ng N\u1ed5i B\u1eadt<\/span><\/h3>\n<ul data-start=\"3559\" data-end=\"4385\">\n<li data-start=\"3559\" data-end=\"3736\">\n<p data-start=\"3561\" data-end=\"3736\"><span style=\"font-size: 12pt;\">\u2705 <strong data-start=\"3563\" data-end=\"3593\">T\u1ed1i \u01afu Th\u1ec3 T\u00edch Ch\u00e2n Kh\u00f4ng<\/strong><\/span><br data-start=\"3593\" data-end=\"3596\" \/><span style=\"font-size: 12pt;\">C\u1ea5u tr\u00fac h\u00fat ch\u00e2n kh\u00f4ng b\u1eb1ng gi\u00e1 \u0111\u1ee1 c\u1ed1c \u0111\u1ed9c quy\u1ec1n c\u1ee7a THINKY gi\u00fap <strong data-start=\"3664\" data-end=\"3711\">r\u00fat ng\u1eafn th\u1eddi gian \u0111\u1ea1t ch\u00e2n kh\u00f4ng v\u00e0 x\u1ea3 kh\u00ed<\/strong>, t\u0103ng hi\u1ec7u qu\u1ea3 v\u1eadn h\u00e0nh.<\/span><\/p>\n<\/li>\n<li data-start=\"3738\" data-end=\"3877\">\n<p data-start=\"3740\" data-end=\"3877\"><span style=\"font-size: 12pt;\">\u2705 <strong data-start=\"3742\" data-end=\"3771\">Ch\u1ebf \u0110\u1ed9 Kh\u1eed B\u1ecdt Ti\u00eau Chu\u1ea9n<\/strong><\/span><br data-start=\"3771\" data-end=\"3774\" \/><span style=\"font-size: 12pt;\">Ch\u1ebf \u0111\u1ed9 <strong data-start=\"3783\" data-end=\"3811\">kh\u1eed b\u1ecdt kh\u00f4ng ch\u00e2n kh\u00f4ng<\/strong> \u0111\u01b0\u1ee3c t\u00edch h\u1ee3p s\u1eb5n, ph\u00f9 h\u1ee3p cho v\u1eadt li\u1ec7u ch\u1ee9a <strong data-start=\"3857\" data-end=\"3876\">dung m\u00f4i h\u1eefu c\u01a1<\/strong>.<\/span><\/p>\n<\/li>\n<li data-start=\"3879\" data-end=\"4014\">\n<p data-start=\"3881\" data-end=\"4014\"><span style=\"font-size: 12pt;\">\u2705 <strong data-start=\"3883\" data-end=\"3923\">B\u01a1m Ch\u00e2n Kh\u00f4ng T\u00edch H\u1ee3p Trong Gi\u00e1 \u0110\u1ee1<\/strong><\/span><br data-start=\"3923\" data-end=\"3926\" \/><span style=\"font-size: 12pt;\">Gi\u1ea3m di\u1ec7n t\u00edch l\u1eafp \u0111\u1eb7t nh\u1edd <strong data-start=\"3955\" data-end=\"4013\">thi\u1ebft k\u1ebf t\u00edch h\u1ee3p b\u01a1m ch\u00e2n kh\u00f4ng v\u00e0 gi\u00e1 \u0111\u1ee1 chuy\u00ean d\u1ee5ng<\/strong>.<\/span><\/p>\n<\/li>\n<li data-start=\"4016\" data-end=\"4141\">\n<p data-start=\"4018\" data-end=\"4141\"><span style=\"font-size: 12pt;\">\u2705 <strong data-start=\"4020\" data-end=\"4051\">M\u00e0n H\u00ecnh C\u1ea3m \u1ee8ng D\u1ec5 S\u1eed D\u1ee5ng<\/strong><\/span><br data-start=\"4051\" data-end=\"4054\" \/><span style=\"font-size: 12pt;\">Giao di\u1ec7n tr\u1ef1c quan cho ph\u00e9p <strong data-start=\"4085\" data-end=\"4125\">c\u00e0i \u0111\u1eb7t nhanh ch\u00f3ng v\u00e0 d\u1ec5 \u0111i\u1ec1u ch\u1ec9nh<\/strong> \u0111i\u1ec1u ki\u1ec7n tr\u1ed9n.<\/span><\/p>\n<\/li>\n<li data-start=\"4143\" data-end=\"4266\">\n<p data-start=\"4145\" data-end=\"4266\"><span style=\"font-size: 12pt;\">\u2705 <strong data-start=\"4147\" data-end=\"4179\">K\u1ebft N\u1ed1i PC Qu\u1ea3n L\u00fd Truy Xu\u1ea5t<\/strong><\/span><br data-start=\"4179\" data-end=\"4182\" \/><span style=\"font-size: 12pt;\">H\u1ed7 tr\u1ee3 k\u1ebft n\u1ed1i m\u00e1y t\u00ednh \u0111\u1ec3 <strong data-start=\"4211\" data-end=\"4265\">qu\u1ea3n l\u00fd truy xu\u1ea5t ngu\u1ed3n g\u1ed1c v\u00e0 t\u1ef1 \u0111\u1ed9ng h\u00f3a b\u00e1o c\u00e1o<\/strong>.<\/span><\/p>\n<\/li>\n<li data-start=\"4268\" data-end=\"4385\">\n<p data-start=\"4270\" data-end=\"4385\"><span style=\"font-size: 12pt;\">\u2705 <strong data-start=\"4272\" data-end=\"4302\">H\u1ed7 Tr\u1ee3 Nhi\u1ec1u Lo\u1ea1i H\u1ed9p Ch\u1ee9a<\/strong><\/span><br data-start=\"4302\" data-end=\"4305\" \/><span style=\"font-size: 12pt;\">T\u01b0\u01a1ng th\u00edch v\u1edbi nhi\u1ec1u lo\u1ea1i v\u1eadt li\u1ec7u v\u00e0 c\u1ee1 h\u1ed9p nh\u1edd <strong data-start=\"4357\" data-end=\"4384\">b\u1ed9 chuy\u1ec3n \u0111\u1ed5i linh ho\u1ea1t<\/strong>.<\/span><\/p>\n<\/li>\n<\/ul>\n<h3 data-start=\"4392\" data-end=\"4420\"><span style=\"font-size: 12pt;\">\ud83c\udf1f \u0110i\u1ec3m N\u1ed5i B\u1eadt S\u1ea3n Ph\u1ea9m<\/span><\/h3>\n<ul data-start=\"4422\" data-end=\"4985\">\n<li data-start=\"4422\" data-end=\"4585\">\n<p data-start=\"4424\" data-end=\"4585\"><span style=\"font-size: 12pt;\">\u2699\ufe0f <strong data-start=\"4427\" data-end=\"4450\">T\u0103ng C\u01b0\u1eddng S\u1ee9c Tr\u1ed9n<\/strong><\/span><br data-start=\"4450\" data-end=\"4453\" \/><span style=\"font-size: 12pt;\">D\u1ef1a tr\u00ean n\u1ec1n t\u1ea3ng c\u1ee7a ARE-500, ARV-501 c\u1ea3i ti\u1ebfn v\u1edbi <strong data-start=\"4507\" data-end=\"4537\">t\u1ed1c \u0111\u1ed9 quay nhanh h\u01a1n 150%<\/strong>, mang l\u1ea1i kh\u1ea3 n\u0103ng ph\u00e2n t\u00e1n v\u1eadt li\u1ec7u v\u01b0\u1ee3t tr\u1ed9i.<\/span><\/p>\n<\/li>\n<li data-start=\"4587\" data-end=\"4731\">\n<p data-start=\"4589\" data-end=\"4731\"><span style=\"font-size: 12pt;\">\ud83d\udd04 <strong data-start=\"4592\" data-end=\"4631\">S\u1eed D\u1ee5ng Linh Ho\u1ea1t, H\u1ed7 Tr\u1ee3 B\u01a1m Ngo\u00e0i<\/strong><\/span><br data-start=\"4631\" data-end=\"4634\" \/><span style=\"font-size: 12pt;\">C\u00f3 th\u1ec3 k\u1ebft h\u1ee3p v\u1edbi <strong data-start=\"4655\" data-end=\"4703\">b\u01a1m PU-501 ho\u1eb7c c\u00e1c h\u1ec7 th\u1ed1ng ch\u00e2n kh\u00f4ng kh\u00e1c<\/strong>, m\u1edf r\u1ed9ng kh\u1ea3 n\u0103ng \u1ee9ng d\u1ee5ng.<\/span><\/p>\n<\/li>\n<li data-start=\"4733\" data-end=\"4886\">\n<p data-start=\"4735\" data-end=\"4886\"><span style=\"font-size: 12pt;\">\ud83d\udd2c <strong data-start=\"4738\" data-end=\"4779\">T\u1ed1i \u01afu Cho Qu\u00e1 Tr\u00ecnh M\u1edf R\u1ed9ng S\u1ea3n Xu\u1ea5t<\/strong><\/span><br data-start=\"4779\" data-end=\"4782\" \/><span style=\"font-size: 12pt;\">T\u1ef7 l\u1ec7 quay \u2013 \u0111\u1ea3o \u0111\u01b0\u1ee3c tinh ch\u1ec9nh \u0111\u1ec3 <strong data-start=\"4820\" data-end=\"4885\">ph\u00f9 h\u1ee3p v\u1edbi quy tr\u00ecnh scale-up t\u1eeb ph\u00f2ng lab sang s\u1ea3n xu\u1ea5t l\u1edbn<\/strong>.<\/span><\/p>\n<\/li>\n<li data-start=\"4888\" data-end=\"4985\">\n<p data-start=\"4890\" data-end=\"4985\"><span style=\"font-size: 12pt;\">\ud83d\udca8 <strong data-start=\"4893\" data-end=\"4912\">Kh\u1eed B\u1ecdt M\u1ea1nh M\u1ebd<\/strong><\/span><br data-start=\"4912\" data-end=\"4915\" \/><span style=\"font-size: 12pt;\">Hi\u1ec7u qu\u1ea3 ngay c\u1ea3 v\u1edbi v\u1eadt li\u1ec7u kh\u00f3 x\u1eed l\u00fd b\u1eb1ng ph\u01b0\u01a1ng ph\u00e1p ch\u00e2n kh\u00f4ng.<\/span><\/p>\n<\/li>\n<\/ul>\n<h3 data-start=\"4992\" data-end=\"5016\"><span style=\"font-size: 12pt;\">\ud83d\udccf Th\u00f4ng S\u1ed1 K\u1ef9 Thu\u1eadt<\/span><\/h3>\n<ul data-start=\"5018\" data-end=\"5322\">\n<li data-start=\"5018\" data-end=\"5069\">\n<p data-start=\"5020\" data-end=\"5069\"><span style=\"font-size: 12pt;\"><strong data-start=\"5020\" data-end=\"5034\">K\u00edch Th\u01b0\u1edbc<\/strong>: Cao 815 \u00d7 R\u1ed9ng 500 \u00d7 S\u00e2u 596 mm<\/span><\/p>\n<\/li>\n<li data-start=\"5070\" data-end=\"5103\">\n<p data-start=\"5072\" data-end=\"5103\"><span style=\"font-size: 12pt;\"><strong data-start=\"5072\" data-end=\"5086\">Kh\u1ed1i L\u01b0\u1ee3ng<\/strong>: Kho\u1ea3ng 100 kg<\/span><\/p>\n<\/li>\n<li data-start=\"5104\" data-end=\"5165\">\n<p data-start=\"5106\" data-end=\"5165\"><span style=\"font-size: 12pt;\"><strong data-start=\"5106\" data-end=\"5126\">C\u00f4ng Su\u1ea5t T\u1ed1i \u0110a<\/strong>: 700g (g\u1ed3m v\u1eadt li\u1ec7u, h\u1ed9p v\u00e0 adapter)<\/span><\/p>\n<\/li>\n<li data-start=\"5166\" data-end=\"5206\">\n<p data-start=\"5168\" data-end=\"5206\"><span style=\"font-size: 12pt;\"><strong data-start=\"5168\" data-end=\"5181\">H\u1ed9p Chu\u1ea9n<\/strong>: H\u1ed9p nh\u1ef1a resin 550 ml<\/span><\/p>\n<\/li>\n<li data-start=\"5207\" data-end=\"5260\">\n<p data-start=\"5209\" data-end=\"5260\"><span style=\"font-size: 12pt;\"><strong data-start=\"5209\" data-end=\"5223\">Ngu\u1ed3n \u0110i\u1ec7n<\/strong>: 1 pha AC 200\u2013240 V \u00b110%, 50\/60 Hz<\/span><\/p>\n<\/li>\n<li data-start=\"5261\" data-end=\"5322\">\n<p data-start=\"5263\" data-end=\"5322\"><span style=\"font-size: 12pt;\"><strong data-start=\"5263\" data-end=\"5281\">C\u00f4ng Su\u1ea5t \u0110i\u1ec7n<\/strong>: 50 VA (ch\u1edd) \/ T\u1ed1i \u0111a 2000 VA (v\u1eadn h\u00e0nh)<\/span><\/p>\n<\/li>\n<\/ul>\n<h3 data-start=\"5329\" data-end=\"5352\"><span style=\"font-size: 12pt;\">\ud83d\udce6 Ph\u1ee5 Ki\u1ec7n Bao G\u1ed3m<\/span><\/h3>\n<ul data-start=\"5354\" data-end=\"5605\">\n<li data-start=\"5354\" data-end=\"5378\">\n<p data-start=\"5356\" data-end=\"5378\"><span style=\"font-size: 12pt;\">H\u01b0\u1edbng d\u1eabn s\u1eed d\u1ee5ng \u00d71<\/span><\/p>\n<\/li>\n<li data-start=\"5379\" data-end=\"5395\">\n<p data-start=\"5381\" data-end=\"5395\"><span style=\"font-size: 12pt;\">D\u00e2y ngu\u1ed3n \u00d71<\/span><\/p>\n<\/li>\n<li data-start=\"5396\" data-end=\"5445\">\n<p data-start=\"5398\" data-end=\"5445\"><span style=\"font-size: 12pt;\">H\u1ed9p ch\u1ee9a HDPE 550 ml \u00d73 (2 c\u00f3 l\u1ed7, 1 kh\u00f4ng l\u1ed7)<\/span><\/p>\n<\/li>\n<li data-start=\"5446\" data-end=\"5471\">\n<p data-start=\"5448\" data-end=\"5471\"><span style=\"font-size: 12pt;\">\u1ed0ng h\u00fat ch\u00e2n kh\u00f4ng \u00d71<\/span><\/p>\n<\/li>\n<li data-start=\"5472\" data-end=\"5497\">\n<p data-start=\"5474\" data-end=\"5497\"><span style=\"font-size: 12pt;\">N\u1eafp h\u00fat ch\u00e2n kh\u00f4ng \u00d71<\/span><\/p>\n<\/li>\n<li data-start=\"5498\" data-end=\"5525\">\n<p data-start=\"5500\" data-end=\"5525\"><span style=\"font-size: 12pt;\">Tu\u1ed1c n\u01a1 v\u00edt \u0111\u1ea7u bake \u00d71<\/span><\/p>\n<\/li>\n<li data-start=\"5526\" data-end=\"5555\">\n<p data-start=\"5528\" data-end=\"5555\"><span style=\"font-size: 12pt;\">Kh\u00f3a ch\u1eef L (1 l\u1edbn, 1 nh\u1ecf)<\/span><\/p>\n<\/li>\n<li data-start=\"5556\" data-end=\"5569\">\n<p data-start=\"5558\" data-end=\"5569\"><span style=\"font-size: 12pt;\">M\u1ecf l\u1ebft \u00d71<\/span><\/p>\n<\/li>\n<li data-start=\"5570\" data-end=\"5605\">\n<p data-start=\"5572\" data-end=\"5605\"><span style=\"font-size: 12pt;\">Bu l\u00f4ng l\u1ee5c gi\u00e1c \u0111\u1ec3 v\u1eadn chuy\u1ec3n \u00d74<\/span><\/p>\n<\/li>\n<\/ul>\n","protected":false},"excerpt":{"rendered":"<p>L\u1ef1a ch\u1ecdn l\u00fd t\u01b0\u1edfng cho nh\u00e0 m\u00e1y s\u1ea3n xu\u1ea5t c\u1ea7n m\u00e1y tr\u1ed9n ch\u00e2n kh\u00f4ng m\u1ea1nh m\u1ebd<\/p>\n","protected":false},"author":2,"featured_media":4974,"parent":0,"menu_order":0,"comment_status":"open","ping_status":"closed","template":"","meta":{"inline_featured_image":false,"footnotes":""},"service-category":[89],"service_tag":[],"class_list":["post-4969","product","type-product","status-publish","has-post-thumbnail","hentry","service-category-thiet-bi-tron-chan-khong"],"yoast_head":"<!-- This site is optimized with the Yoast SEO plugin v27.5 - https:\/\/yoast.com\/product\/yoast-seo-wordpress\/ -->\n<title>M\u00c1Y TR\u1ed8N CH\u00c2N KH\u00d4NG THINKY ARV-501 - LORIOT INDUSTRIAL<\/title>\n<meta name=\"description\" content=\"M\u00c1Y TR\u1ed8N CH\u00c2N KH\u00d4NG THINKY ARV-501. \u0110\u00e2y l\u00e0 m\u00e1y th\u1ebf h\u1ec7 m\u1edbi, d\u1ef1a tr\u00ean c\u01a1 ch\u1ebf quay c\u1ee7a ARE-500, v\u1edbi t\u1ed1c \u0111\u1ed9 quay t\u1ed1i \u0111a t\u0103ng 150%.\" \/>\n<meta name=\"robots\" content=\"index, follow, max-snippet:-1, max-image-preview:large, max-video-preview:-1\" \/>\n<link rel=\"canonical\" href=\"https:\/\/loriot.com.vn\/vi\/product\/may-tron-chan-khong-thinky-arv-501\/\" \/>\n<meta property=\"og:locale\" content=\"vi_VN\" \/>\n<meta property=\"og:type\" content=\"article\" \/>\n<meta property=\"og:title\" content=\"M\u00c1Y TR\u1ed8N CH\u00c2N KH\u00d4NG THINKY ARV-501 - LORIOT INDUSTRIAL\" \/>\n<meta property=\"og:description\" content=\"M\u00c1Y TR\u1ed8N CH\u00c2N KH\u00d4NG THINKY ARV-501. \u0110\u00e2y l\u00e0 m\u00e1y th\u1ebf h\u1ec7 m\u1edbi, d\u1ef1a tr\u00ean c\u01a1 ch\u1ebf quay c\u1ee7a ARE-500, v\u1edbi t\u1ed1c \u0111\u1ed9 quay t\u1ed1i \u0111a t\u0103ng 150%.\" \/>\n<meta property=\"og:url\" content=\"https:\/\/loriot.com.vn\/vi\/product\/may-tron-chan-khong-thinky-arv-501\/\" \/>\n<meta property=\"og:site_name\" content=\"LORIOT INDUSTRIAL\" \/>\n<meta property=\"article:publisher\" content=\"https:\/\/www.facebook.com\/Loriot-Industrial-COLTD-103044855046633\" \/>\n<meta property=\"article:modified_time\" content=\"2025-07-09T07:27:11+00:00\" \/>\n<meta property=\"og:image\" content=\"https:\/\/loriot.com.vn\/wp-content\/uploads\/2024\/09\/thinky.jpg\" \/>\n\t<meta property=\"og:image:width\" content=\"770\" \/>\n\t<meta property=\"og:image:height\" content=\"513\" \/>\n\t<meta property=\"og:image:type\" content=\"image\/jpeg\" \/>\n<meta name=\"twitter:card\" content=\"summary_large_image\" \/>\n<meta name=\"twitter:label1\" content=\"\u01af\u1edbc t\u00ednh th\u1eddi gian \u0111\u1ecdc\" \/>\n\t<meta name=\"twitter:data1\" content=\"3 ph\u00fat\" \/>\n<script type=\"application\/ld+json\" class=\"yoast-schema-graph\">{\"@context\":\"https:\\\/\\\/schema.org\",\"@graph\":[{\"@type\":\"WebPage\",\"@id\":\"https:\\\/\\\/loriot.com.vn\\\/vi\\\/product\\\/may-tron-chan-khong-thinky-arv-501\\\/\",\"url\":\"https:\\\/\\\/loriot.com.vn\\\/vi\\\/product\\\/may-tron-chan-khong-thinky-arv-501\\\/\",\"name\":\"M\u00c1Y TR\u1ed8N CH\u00c2N KH\u00d4NG THINKY ARV-501 - LORIOT INDUSTRIAL\",\"isPartOf\":{\"@id\":\"https:\\\/\\\/loriot.com.vn\\\/#website\"},\"primaryImageOfPage\":{\"@id\":\"https:\\\/\\\/loriot.com.vn\\\/vi\\\/product\\\/may-tron-chan-khong-thinky-arv-501\\\/#primaryimage\"},\"image\":{\"@id\":\"https:\\\/\\\/loriot.com.vn\\\/vi\\\/product\\\/may-tron-chan-khong-thinky-arv-501\\\/#primaryimage\"},\"thumbnailUrl\":\"https:\\\/\\\/loriot.com.vn\\\/wp-content\\\/uploads\\\/2024\\\/09\\\/thinky.jpg\",\"datePublished\":\"2024-09-18T07:55:21+00:00\",\"dateModified\":\"2025-07-09T07:27:11+00:00\",\"description\":\"M\u00c1Y TR\u1ed8N CH\u00c2N KH\u00d4NG THINKY ARV-501. \u0110\u00e2y l\u00e0 m\u00e1y th\u1ebf h\u1ec7 m\u1edbi, d\u1ef1a tr\u00ean c\u01a1 ch\u1ebf quay c\u1ee7a ARE-500, v\u1edbi t\u1ed1c \u0111\u1ed9 quay t\u1ed1i \u0111a t\u0103ng 150%.\",\"breadcrumb\":{\"@id\":\"https:\\\/\\\/loriot.com.vn\\\/vi\\\/product\\\/may-tron-chan-khong-thinky-arv-501\\\/#breadcrumb\"},\"inLanguage\":\"vi\",\"potentialAction\":[{\"@type\":\"ReadAction\",\"target\":[\"https:\\\/\\\/loriot.com.vn\\\/vi\\\/product\\\/may-tron-chan-khong-thinky-arv-501\\\/\"]}]},{\"@type\":\"ImageObject\",\"inLanguage\":\"vi\",\"@id\":\"https:\\\/\\\/loriot.com.vn\\\/vi\\\/product\\\/may-tron-chan-khong-thinky-arv-501\\\/#primaryimage\",\"url\":\"https:\\\/\\\/loriot.com.vn\\\/wp-content\\\/uploads\\\/2024\\\/09\\\/thinky.jpg\",\"contentUrl\":\"https:\\\/\\\/loriot.com.vn\\\/wp-content\\\/uploads\\\/2024\\\/09\\\/thinky.jpg\",\"width\":770,\"height\":513,\"caption\":\"M\u00c1Y TR\u1ed8N CH\u00c2N KH\u00d4NG THINKY ARV-501\"},{\"@type\":\"BreadcrumbList\",\"@id\":\"https:\\\/\\\/loriot.com.vn\\\/vi\\\/product\\\/may-tron-chan-khong-thinky-arv-501\\\/#breadcrumb\",\"itemListElement\":[{\"@type\":\"ListItem\",\"position\":1,\"name\":\"Home\",\"item\":\"https:\\\/\\\/loriot.com.vn\\\/vi\\\/\"},{\"@type\":\"ListItem\",\"position\":2,\"name\":\"Products\",\"item\":\"https:\\\/\\\/loriot.com.vn\\\/vi\\\/product\\\/\"},{\"@type\":\"ListItem\",\"position\":3,\"name\":\"M\u00c1Y TR\u1ed8N CH\u00c2N KH\u00d4NG THINKY ARV-501\"}]},{\"@type\":\"WebSite\",\"@id\":\"https:\\\/\\\/loriot.com.vn\\\/#website\",\"url\":\"https:\\\/\\\/loriot.com.vn\\\/\",\"name\":\"LORIOT INDUSTRIAL CO.,LTD\",\"description\":\"\",\"publisher\":{\"@id\":\"https:\\\/\\\/loriot.com.vn\\\/#organization\"},\"potentialAction\":[{\"@type\":\"SearchAction\",\"target\":{\"@type\":\"EntryPoint\",\"urlTemplate\":\"https:\\\/\\\/loriot.com.vn\\\/?s={search_term_string}\"},\"query-input\":{\"@type\":\"PropertyValueSpecification\",\"valueRequired\":true,\"valueName\":\"search_term_string\"}}],\"inLanguage\":\"vi\"},{\"@type\":\"Organization\",\"@id\":\"https:\\\/\\\/loriot.com.vn\\\/#organization\",\"name\":\"Loriot Industrial Co.,Ltd\",\"url\":\"https:\\\/\\\/loriot.com.vn\\\/\",\"logo\":{\"@type\":\"ImageObject\",\"inLanguage\":\"vi\",\"@id\":\"https:\\\/\\\/loriot.com.vn\\\/#\\\/schema\\\/logo\\\/image\\\/\",\"url\":\"https:\\\/\\\/loriot.com.vn\\\/wp-content\\\/uploads\\\/2021\\\/08\\\/logo-ft.png\",\"contentUrl\":\"https:\\\/\\\/loriot.com.vn\\\/wp-content\\\/uploads\\\/2021\\\/08\\\/logo-ft.png\",\"width\":333,\"height\":101,\"caption\":\"Loriot Industrial Co.,Ltd\"},\"image\":{\"@id\":\"https:\\\/\\\/loriot.com.vn\\\/#\\\/schema\\\/logo\\\/image\\\/\"},\"sameAs\":[\"https:\\\/\\\/www.facebook.com\\\/Loriot-Industrial-COLTD-103044855046633\"]}]}<\/script>\n<!-- \/ Yoast SEO plugin. -->","yoast_head_json":{"title":"M\u00c1Y TR\u1ed8N CH\u00c2N KH\u00d4NG THINKY ARV-501 - LORIOT INDUSTRIAL","description":"M\u00c1Y TR\u1ed8N CH\u00c2N KH\u00d4NG THINKY ARV-501. \u0110\u00e2y l\u00e0 m\u00e1y th\u1ebf h\u1ec7 m\u1edbi, d\u1ef1a tr\u00ean c\u01a1 ch\u1ebf quay c\u1ee7a ARE-500, v\u1edbi t\u1ed1c \u0111\u1ed9 quay t\u1ed1i \u0111a t\u0103ng 150%.","robots":{"index":"index","follow":"follow","max-snippet":"max-snippet:-1","max-image-preview":"max-image-preview:large","max-video-preview":"max-video-preview:-1"},"canonical":"https:\/\/loriot.com.vn\/vi\/product\/may-tron-chan-khong-thinky-arv-501\/","og_locale":"vi_VN","og_type":"article","og_title":"M\u00c1Y TR\u1ed8N CH\u00c2N KH\u00d4NG THINKY ARV-501 - LORIOT INDUSTRIAL","og_description":"M\u00c1Y TR\u1ed8N CH\u00c2N KH\u00d4NG THINKY ARV-501. \u0110\u00e2y l\u00e0 m\u00e1y th\u1ebf h\u1ec7 m\u1edbi, d\u1ef1a tr\u00ean c\u01a1 ch\u1ebf quay c\u1ee7a ARE-500, v\u1edbi t\u1ed1c \u0111\u1ed9 quay t\u1ed1i \u0111a t\u0103ng 150%.","og_url":"https:\/\/loriot.com.vn\/vi\/product\/may-tron-chan-khong-thinky-arv-501\/","og_site_name":"LORIOT INDUSTRIAL","article_publisher":"https:\/\/www.facebook.com\/Loriot-Industrial-COLTD-103044855046633","article_modified_time":"2025-07-09T07:27:11+00:00","og_image":[{"width":770,"height":513,"url":"https:\/\/loriot.com.vn\/wp-content\/uploads\/2024\/09\/thinky.jpg","type":"image\/jpeg"}],"twitter_card":"summary_large_image","twitter_misc":{"\u01af\u1edbc t\u00ednh th\u1eddi gian \u0111\u1ecdc":"3 ph\u00fat"},"schema":{"@context":"https:\/\/schema.org","@graph":[{"@type":"WebPage","@id":"https:\/\/loriot.com.vn\/vi\/product\/may-tron-chan-khong-thinky-arv-501\/","url":"https:\/\/loriot.com.vn\/vi\/product\/may-tron-chan-khong-thinky-arv-501\/","name":"M\u00c1Y TR\u1ed8N CH\u00c2N KH\u00d4NG THINKY ARV-501 - LORIOT INDUSTRIAL","isPartOf":{"@id":"https:\/\/loriot.com.vn\/#website"},"primaryImageOfPage":{"@id":"https:\/\/loriot.com.vn\/vi\/product\/may-tron-chan-khong-thinky-arv-501\/#primaryimage"},"image":{"@id":"https:\/\/loriot.com.vn\/vi\/product\/may-tron-chan-khong-thinky-arv-501\/#primaryimage"},"thumbnailUrl":"https:\/\/loriot.com.vn\/wp-content\/uploads\/2024\/09\/thinky.jpg","datePublished":"2024-09-18T07:55:21+00:00","dateModified":"2025-07-09T07:27:11+00:00","description":"M\u00c1Y TR\u1ed8N CH\u00c2N KH\u00d4NG THINKY ARV-501. \u0110\u00e2y l\u00e0 m\u00e1y th\u1ebf h\u1ec7 m\u1edbi, d\u1ef1a tr\u00ean c\u01a1 ch\u1ebf quay c\u1ee7a ARE-500, v\u1edbi t\u1ed1c \u0111\u1ed9 quay t\u1ed1i \u0111a t\u0103ng 150%.","breadcrumb":{"@id":"https:\/\/loriot.com.vn\/vi\/product\/may-tron-chan-khong-thinky-arv-501\/#breadcrumb"},"inLanguage":"vi","potentialAction":[{"@type":"ReadAction","target":["https:\/\/loriot.com.vn\/vi\/product\/may-tron-chan-khong-thinky-arv-501\/"]}]},{"@type":"ImageObject","inLanguage":"vi","@id":"https:\/\/loriot.com.vn\/vi\/product\/may-tron-chan-khong-thinky-arv-501\/#primaryimage","url":"https:\/\/loriot.com.vn\/wp-content\/uploads\/2024\/09\/thinky.jpg","contentUrl":"https:\/\/loriot.com.vn\/wp-content\/uploads\/2024\/09\/thinky.jpg","width":770,"height":513,"caption":"M\u00c1Y TR\u1ed8N CH\u00c2N KH\u00d4NG THINKY ARV-501"},{"@type":"BreadcrumbList","@id":"https:\/\/loriot.com.vn\/vi\/product\/may-tron-chan-khong-thinky-arv-501\/#breadcrumb","itemListElement":[{"@type":"ListItem","position":1,"name":"Home","item":"https:\/\/loriot.com.vn\/vi\/"},{"@type":"ListItem","position":2,"name":"Products","item":"https:\/\/loriot.com.vn\/vi\/product\/"},{"@type":"ListItem","position":3,"name":"M\u00c1Y TR\u1ed8N CH\u00c2N KH\u00d4NG THINKY ARV-501"}]},{"@type":"WebSite","@id":"https:\/\/loriot.com.vn\/#website","url":"https:\/\/loriot.com.vn\/","name":"LORIOT INDUSTRIAL CO.,LTD","description":"","publisher":{"@id":"https:\/\/loriot.com.vn\/#organization"},"potentialAction":[{"@type":"SearchAction","target":{"@type":"EntryPoint","urlTemplate":"https:\/\/loriot.com.vn\/?s={search_term_string}"},"query-input":{"@type":"PropertyValueSpecification","valueRequired":true,"valueName":"search_term_string"}}],"inLanguage":"vi"},{"@type":"Organization","@id":"https:\/\/loriot.com.vn\/#organization","name":"Loriot Industrial Co.,Ltd","url":"https:\/\/loriot.com.vn\/","logo":{"@type":"ImageObject","inLanguage":"vi","@id":"https:\/\/loriot.com.vn\/#\/schema\/logo\/image\/","url":"https:\/\/loriot.com.vn\/wp-content\/uploads\/2021\/08\/logo-ft.png","contentUrl":"https:\/\/loriot.com.vn\/wp-content\/uploads\/2021\/08\/logo-ft.png","width":333,"height":101,"caption":"Loriot Industrial Co.,Ltd"},"image":{"@id":"https:\/\/loriot.com.vn\/#\/schema\/logo\/image\/"},"sameAs":["https:\/\/www.facebook.com\/Loriot-Industrial-COLTD-103044855046633"]}]}},"_links":{"self":[{"href":"https:\/\/loriot.com.vn\/vi\/wp-json\/wp\/v2\/product\/4969","targetHints":{"allow":["GET"]}}],"collection":[{"href":"https:\/\/loriot.com.vn\/vi\/wp-json\/wp\/v2\/product"}],"about":[{"href":"https:\/\/loriot.com.vn\/vi\/wp-json\/wp\/v2\/types\/product"}],"author":[{"embeddable":true,"href":"https:\/\/loriot.com.vn\/vi\/wp-json\/wp\/v2\/users\/2"}],"replies":[{"embeddable":true,"href":"https:\/\/loriot.com.vn\/vi\/wp-json\/wp\/v2\/comments?post=4969"}],"version-history":[{"count":7,"href":"https:\/\/loriot.com.vn\/vi\/wp-json\/wp\/v2\/product\/4969\/revisions"}],"predecessor-version":[{"id":5562,"href":"https:\/\/loriot.com.vn\/vi\/wp-json\/wp\/v2\/product\/4969\/revisions\/5562"}],"wp:featuredmedia":[{"embeddable":true,"href":"https:\/\/loriot.com.vn\/vi\/wp-json\/wp\/v2\/media\/4974"}],"wp:attachment":[{"href":"https:\/\/loriot.com.vn\/vi\/wp-json\/wp\/v2\/media?parent=4969"}],"wp:term":[{"taxonomy":"service-category","embeddable":true,"href":"https:\/\/loriot.com.vn\/vi\/wp-json\/wp\/v2\/service-category?post=4969"},{"taxonomy":"service_tag","embeddable":true,"href":"https:\/\/loriot.com.vn\/vi\/wp-json\/wp\/v2\/service_tag?post=4969"}],"curies":[{"name":"wp","href":"https:\/\/api.w.org\/{rel}","templated":true}]}}