{"id":4980,"date":"2024-09-18T15:38:52","date_gmt":"2024-09-18T08:38:52","guid":{"rendered":"https:\/\/loriot.com.vn\/?post_type=product&#038;p=4980"},"modified":"2025-07-09T14:20:07","modified_gmt":"2025-07-09T07:20:07","slug":"may-thinky-arv-931twin","status":"publish","type":"product","link":"https:\/\/loriot.com.vn\/vi\/product\/may-thinky-arv-931twin\/","title":{"rendered":"M\u00c1Y Thinky ARV-931TWIN"},"content":{"rendered":"<h2 data-start=\"3307\" data-end=\"3426\"><span style=\"font-size: 12pt;\">Thinky ARV-931TWIN M\u00e1y Tr\u1ed9n H\u00fat Ch\u00e2n Kh\u00f4ng \u2013 C\u00f4ng Ngh\u1ec7 H\u00f2a Tr\u1ed9n &amp; Lo\u1ea1i B\u1ecdt D\u00f2ng Ti\u1ebfp Th\u1ebf H\u1ea1ng Nh\u1ea5t Cho S\u1ea3n Xu\u1ea5t<\/span><\/h2>\n<h3 data-start=\"3428\" data-end=\"3441\"><span style=\"font-size: 12pt;\">T\u1ed5ng Quan<\/span><\/h3>\n<p data-start=\"3442\" data-end=\"3881\"><span style=\"font-size: 12pt;\"><strong data-start=\"3442\" data-end=\"3464\">Thinky ARV-931TWIN<\/strong> mang \u0111\u1ebfn b\u01b0\u1edbc \u0111\u1ed9t ph\u00e1 trong l\u0129nh v\u1ef1c h\u00f2a tr\u1ed9n c\u00f4ng nghi\u1ec7p v\u1edbi h\u1ec7 th\u1ed1ng tr\u1ed9n k\u00e9p v\u00e0 c\u00f4ng ngh\u1ec7 h\u00fat ch\u00e2n kh\u00f4ng si\u00eau t\u1ed1c. \u0110\u01b0\u1ee3c thi\u1ebft k\u1ebf cho s\u1ea3n xu\u1ea5t quy m\u00f4 l\u1edbn, m\u00e1y tr\u1ed9n n\u00e0y \u0111\u1ea3m b\u1ea3o qu\u00e1 tr\u00ecnh tr\u1ed9n ch\u00ednh x\u00e1c, lo\u1ea1i b\u1ecf b\u1ecdt hi\u1ec7u qu\u1ea3 v\u00e0 lo\u1ea1i kh\u00ed \u1edf m\u1ee9c si\u00eau vi, ph\u00f9 h\u1ee3p v\u1edbi nhi\u1ec1u lo\u1ea1i v\u1eadt li\u1ec7u. D\u00f9 b\u1ea1n \u0111ang th\u1eed nghi\u1ec7m s\u1ea3n ph\u1ea9m hay m\u1edf r\u1ed9ng s\u1ea3n xu\u1ea5t, Thinky ARV-931TWIN cam k\u1ebft mang l\u1ea1i ch\u1ea5t l\u01b0\u1ee3ng \u0111\u1ed3ng nh\u1ea5t v\u00e0 hi\u1ec7u su\u1ea5t t\u1ed1i \u01b0u.<\/span><\/p>\n<h3 data-start=\"3883\" data-end=\"3914\"><span style=\"font-size: 12pt;\">T\u00ednh N\u0103ng &amp; \u01afu \u0110i\u1ec3m N\u1ed5i B\u1eadt<\/span><\/h3>\n<ul data-start=\"3916\" data-end=\"5376\">\n<li data-start=\"3916\" data-end=\"4146\">\n<p data-start=\"3918\" data-end=\"4146\"><span style=\"font-size: 12pt;\"><strong data-start=\"3918\" data-end=\"3947\">Tr\u1ed9n &amp; Lo\u1ea1i B\u1ecdt \u0110\u1ed3ng Th\u1eddi<\/strong><\/span><br data-start=\"3947\" data-end=\"3950\" \/><span style=\"font-size: 12pt;\">S\u1eed d\u1ee5ng hai khay ch\u1ee9a ri\u00eang bi\u1ec7t, m\u1ed7i khay 930g, m\u00e1y th\u1ef1c hi\u1ec7n tr\u1ed9n v\u00e0 lo\u1ea1i b\u1ecdt c\u00f9ng l\u00fac v\u1edbi gia t\u1ed1c l\u00ean \u0111\u1ebfn <strong data-start=\"4061\" data-end=\"4069\">670G<\/strong> trong m\u00f4i tr\u01b0\u1eddng ch\u00e2n kh\u00f4ng \u0111\u1ec3 \u0111\u1ea3m b\u1ea3o s\u1ef1 khu\u1ebfch t\u00e1n \u0111\u1ed3ng nh\u1ea5t c\u1ee7a v\u1eadt li\u1ec7u.<\/span><\/p>\n<\/li>\n<li data-start=\"4148\" data-end=\"4318\">\n<p data-start=\"4150\" data-end=\"4318\"><span style=\"font-size: 12pt;\"><strong data-start=\"4150\" data-end=\"4176\">Lo\u1ea1i Kh\u00ed \u1ede M\u1ee9c Si\u00eau Vi<\/strong><\/span><br data-start=\"4176\" data-end=\"4179\" \/><span style=\"font-size: 12pt;\">\u0110\u1ea1t \u0111\u01b0\u1ee3c qu\u00e1 tr\u00ecnh lo\u1ea1i kh\u00ed v\u1edbi \u0111\u1ed9 ch\u00ednh x\u00e1c cao \u0111\u1ebfn m\u1ee9c si\u00eau microm, mang l\u1ea1i qu\u00e1 tr\u00ecnh tr\u1ed9n \u0111\u1ed3ng nh\u1ea5t v\u00e0 ch\u1ea5t l\u01b0\u1ee3ng s\u1ea3n ph\u1ea9m v\u01b0\u1ee3t tr\u1ed9i.<\/span><\/p>\n<\/li>\n<li data-start=\"4320\" data-end=\"4465\">\n<p data-start=\"4322\" data-end=\"4465\"><span style=\"font-size: 12pt;\"><strong data-start=\"4322\" data-end=\"4353\">T\u1ed1c \u0110\u1ed9 Quay \u0110i\u1ec1u Ch\u1ec9nh \u0110\u01b0\u1ee3c<\/strong><\/span><br data-start=\"4353\" data-end=\"4356\" \/><span style=\"font-size: 12pt;\">Cho ph\u00e9p \u0111i\u1ec1u ch\u1ec9nh t\u1ed1c \u0111\u1ed9 quay ph\u00f9 h\u1ee3p v\u1edbi t\u00ednh ch\u1ea5t c\u1ee7a t\u1eebng lo\u1ea1i v\u1eadt li\u1ec7u, \u0111\u1ea3m b\u1ea3o hi\u1ec7u qu\u1ea3 tr\u1ed9n t\u1ed1i \u01b0u.<\/span><\/p>\n<\/li>\n<li data-start=\"4467\" data-end=\"4610\">\n<p data-start=\"4469\" data-end=\"4610\"><span style=\"font-size: 12pt;\"><strong data-start=\"4469\" data-end=\"4490\">H\u1ec7 Th\u1ed1ng Tr\u1ed9n K\u00e9p<\/strong><\/span><br data-start=\"4490\" data-end=\"4493\" \/><span style=\"font-size: 12pt;\">X\u1eed l\u00fd t\u1ed5ng kh\u1ed1i l\u01b0\u1ee3ng l\u00ean \u0111\u1ebfn <strong data-start=\"4525\" data-end=\"4535\">1.86kg<\/strong> v\u1edbi hai khay 930g, ph\u00f9 h\u1ee3p cho c\u1ea3 s\u1ea3n xu\u1ea5t m\u1eabu th\u1eed v\u00e0 s\u1ea3n xu\u1ea5t quy m\u00f4 l\u1edbn.<\/span><\/p>\n<\/li>\n<li data-start=\"4612\" data-end=\"4852\">\n<p data-start=\"4614\" data-end=\"4643\"><span style=\"font-size: 12pt;\"><strong data-start=\"4614\" data-end=\"4641\">Ch\u1ebf \u0110\u1ed9 Lo\u1ea1i B\u1ecdt \u0110a D\u1ea1ng<\/strong><\/span><\/p>\n<ul data-start=\"4646\" data-end=\"4852\">\n<li data-start=\"4646\" data-end=\"4737\">\n<p data-start=\"4648\" data-end=\"4737\"><span style=\"font-size: 12pt;\"><strong data-start=\"4648\" data-end=\"4670\">Ch\u1ebf \u0110\u1ed9 Ch\u00e2n Kh\u00f4ng:<\/strong> K\u1ebft h\u1ee3p l\u1ef1c ly t\u00e2m (400G) v\u00e0 ch\u00e2n kh\u00f4ng \u0111\u1ec3 lo\u1ea1i b\u1ecf kh\u00ed hi\u1ec7u qu\u1ea3.<\/span><\/p>\n<\/li>\n<li data-start=\"4740\" data-end=\"4852\">\n<p data-start=\"4742\" data-end=\"4852\"><span style=\"font-size: 12pt;\"><strong data-start=\"4742\" data-end=\"4770\">Ch\u1ebf \u0110\u1ed9 Kh\u00f4ng Ch\u00e2n Kh\u00f4ng:<\/strong> \u0110\u1ea1t t\u1edbi l\u1ef1c ly t\u00e2m <strong data-start=\"4790\" data-end=\"4798\">670G<\/strong> cho c\u00e1c \u1ee9ng d\u1ee5ng kh\u00f4ng c\u1ea7n s\u1eed d\u1ee5ng ch\u1ebf \u0111\u1ed9 ch\u00e2n kh\u00f4ng.<\/span><\/p>\n<\/li>\n<\/ul>\n<\/li>\n<li data-start=\"4854\" data-end=\"5025\">\n<p data-start=\"4856\" data-end=\"5025\"><span style=\"font-size: 12pt;\"><strong data-start=\"4856\" data-end=\"4886\">\u0110\u1ea1t Ch\u00e2n Kh\u00f4ng Nhanh Ch\u00f3ng<\/strong><\/span><br data-start=\"4886\" data-end=\"4889\" \/><span style=\"font-size: 12pt;\">H\u1ec7 th\u1ed1ng gi\u1ea3m \u00e1p ch\u00e2n kh\u00f4ng trong khay gi\u00fap gi\u1ea3m nhanh th\u1ec3 t\u00edch ch\u00e2n kh\u00f4ng, r\u00fat ng\u1eafn \u0111\u00e1ng k\u1ec3 th\u1eddi gian \u0111\u1ea1t \u0111\u01b0\u1ee3c m\u1ee9c \u00e1p su\u1ea5t mong mu\u1ed1n.<\/span><\/p>\n<\/li>\n<li data-start=\"5027\" data-end=\"5225\">\n<p data-start=\"5029\" data-end=\"5225\"><span style=\"font-size: 12pt;\"><strong data-start=\"5029\" data-end=\"5075\">B\u1ea3ng \u0110i\u1ec1u Khi\u1ec3n C\u1ea3m \u1ee8ng &amp; \u0110i\u1ec1u Khi\u1ec3n T\u1eeb Xa<\/strong><\/span><br data-start=\"5075\" data-end=\"5078\" \/><span style=\"font-size: 12pt;\">Giao di\u1ec7n c\u1ea3m \u1ee9ng th\u00e2n thi\u1ec7n gi\u00fap c\u00e0i \u0111\u1eb7t d\u1ec5 d\u00e0ng, k\u00e8m theo ch\u1ee9c n\u0103ng giao ti\u1ebfp b\u00ean ngo\u00e0i h\u1ed7 tr\u1ee3 \u0111i\u1ec1u khi\u1ec3n t\u1eeb xa v\u00e0 qu\u1ea3n l\u00fd truy xu\u1ea5t ngu\u1ed3n g\u1ed1c.<\/span><\/p>\n<\/li>\n<li data-start=\"5227\" data-end=\"5376\">\n<p data-start=\"5229\" data-end=\"5376\"><span style=\"font-size: 12pt;\"><strong data-start=\"5229\" data-end=\"5246\">Ch\u1ee9ng Nh\u1eadn CE<\/strong><\/span><br data-start=\"5246\" data-end=\"5249\" \/><span style=\"font-size: 12pt;\">\u0110\u00e1p \u1ee9ng c\u00e1c ti\u00eau chu\u1ea9n an to\u00e0n v\u00e0 ch\u1ea5t l\u01b0\u1ee3ng qu\u1ed1c t\u1ebf, \u0111\u1ea3m b\u1ea3o hi\u1ec7u su\u1ea5t v\u01b0\u1ee3t tr\u1ed9i trong m\u00f4i tr\u01b0\u1eddng s\u1ea3n xu\u1ea5t \u0111\u00f2i h\u1ecfi kh\u1eaft khe.<\/span><\/p>\n<\/li>\n<\/ul>\n<h3 data-start=\"5378\" data-end=\"5399\"><span style=\"font-size: 12pt;\">Th\u00f4ng S\u1ed1 K\u1ef9 Thu\u1eadt<\/span><\/h3>\n<ul data-start=\"5401\" data-end=\"5729\">\n<li data-start=\"5401\" data-end=\"5452\">\n<p data-start=\"5403\" data-end=\"5452\"><span style=\"font-size: 12pt;\"><strong data-start=\"5403\" data-end=\"5418\">K\u00edch Th\u01b0\u1edbc:<\/strong> Cao 900 \u00d7 R\u1ed9ng 660 \u00d7 S\u00e2u 670 mm<\/span><\/p>\n<\/li>\n<li data-start=\"5453\" data-end=\"5486\">\n<p data-start=\"5455\" data-end=\"5486\"><span style=\"font-size: 12pt;\"><strong data-start=\"5455\" data-end=\"5470\">Kh\u1ed1i L\u01b0\u1ee3ng:<\/strong> Kho\u1ea3ng 240 kg<\/span><\/p>\n<\/li>\n<li data-start=\"5487\" data-end=\"5538\">\n<p data-start=\"5489\" data-end=\"5538\"><span style=\"font-size: 12pt;\"><strong data-start=\"5489\" data-end=\"5504\">Ngu\u1ed3n \u0110i\u1ec7n:<\/strong> Ba pha AC 200 V \u00b1 10%, 50\/60 Hz<\/span><\/p>\n<\/li>\n<li data-start=\"5539\" data-end=\"5616\">\n<p data-start=\"5541\" data-end=\"5616\"><span style=\"font-size: 12pt;\"><strong data-start=\"5541\" data-end=\"5555\">C\u00f4ng Su\u1ea5t:<\/strong> Kho\u1ea3ng 120 VA (ch\u1ebf \u0111\u1ed9 ch\u1edd); T\u1ed1i \u0111a 4400 VA (khi ho\u1ea1t \u0111\u1ed9ng)<\/span><\/p>\n<\/li>\n<li data-start=\"5617\" data-end=\"5663\">\n<p data-start=\"5619\" data-end=\"5663\"><span style=\"font-size: 12pt;\"><strong data-start=\"5619\" data-end=\"5644\">Dung T\u00edch Khay Chu\u1ea9n:<\/strong> 550 ml v\u00e0 750 ml<\/span><\/p>\n<\/li>\n<li data-start=\"5664\" data-end=\"5729\">\n<p data-start=\"5666\" data-end=\"5729\"><span style=\"font-size: 12pt;\"><strong data-start=\"5666\" data-end=\"5688\">C\u00f4ng Su\u1ea5t M\u00f4 H\u00ecnh:<\/strong> 930g m\u1ed7i khay (T\u1ed5ng tr\u1ecdng l\u01b0\u1ee3ng: 1.86kg)<\/span><\/p>\n<\/li>\n<\/ul>\n<h3 data-start=\"5731\" data-end=\"5751\"><span style=\"font-size: 12pt;\">Ph\u1ee5 Ki\u1ec7n Bao G\u1ed3m<\/span><\/h3>\n<ul data-start=\"5753\" data-end=\"6074\">\n<li data-start=\"5753\" data-end=\"5811\">\n<p data-start=\"5755\" data-end=\"5811\"><span style=\"font-size: 12pt;\">S\u1ed5 tay H\u01b0\u1edbng d\u1eabn v\u00e0 S\u1ed5 tay Th\u00f4ng s\u1ed1 K\u1ef9 thu\u1eadt Giao ti\u1ebfp<\/span><\/p>\n<\/li>\n<li data-start=\"5812\" data-end=\"5939\">\n<p data-start=\"5814\" data-end=\"5939\"><span style=\"font-size: 12pt;\">C\u00e1p ngu\u1ed3n v\u00e0 b\u1ed9 khay ch\u1ee9a HDPE cho dung t\u00edch 750 ml v\u00e0 550 ml (bao g\u1ed3m O-ring, n\u1eafp b\u00ean trong, n\u1eafp b\u00ean ngo\u00e0i v\u00e0 c\u00e1c adapter)<\/span><\/p>\n<\/li>\n<li data-start=\"5940\" data-end=\"6022\">\n<p data-start=\"5942\" data-end=\"6022\"><span style=\"font-size: 12pt;\">T\u1ea5m Silicon, Adapter gi\u1eef khay, Tu\u1ed1c n\u01a1 v\u00edt Phillips, C\u1edd l\u00ea l\u1ee5c gi\u00e1c, 2 bu l\u00f4ng<\/span><\/p>\n<\/li>\n<li data-start=\"6023\" data-end=\"6074\">\n<p data-start=\"6025\" data-end=\"6074\"><span style=\"font-size: 12pt;\">D\u1ea7u b\u01a1m ch\u00e2n kh\u00f4ng, B\u1ed9 thu d\u1ea7u th\u1ea3i, Ph\u1ec5u v\u00e0 CD<\/span><\/p>\n<\/li>\n<\/ul>\n<p data-start=\"6076\" data-end=\"6260\"><span style=\"font-size: 12pt;\">Thinky ARV-931TWIN l\u00e0 gi\u1ea3i ph\u00e1p \u0111\u1ed9t ph\u00e1, gi\u00fap n\u00e2ng cao quy tr\u00ecnh s\u1ea3n xu\u1ea5t v\u1edbi hi\u1ec7u su\u1ea5t tr\u1ed9n v\u01b0\u1ee3t tr\u1ed9i v\u00e0 kh\u1ea3 n\u0103ng lo\u1ea1i b\u1ecf b\u1ecdt, \u0111\u00e1p \u1ee9ng m\u1ecdi y\u00eau c\u1ea7u c\u1ee7a c\u00e1c quy tr\u00ecnh s\u1ea3n xu\u1ea5t hi\u1ec7n \u0111\u1ea1i.<\/span><\/p>\n","protected":false},"excerpt":{"rendered":"<p>Thinky ARV-931TWIN m\u00e1y tr\u1ed9n ch\u00e2n kh\u00f4ng ti\u00ean ti\u1ebfn, thi\u1ebft k\u1ebf \u0111\u1ec3 x\u1eed l\u00fd hi\u1ec7u qu\u1ea3 c\u00e1c \u1ee9ng d\u1ee5ng s\u1ea3n xu\u1ea5t quy m\u00f4 l\u1edbn. <\/p>\n","protected":false},"author":2,"featured_media":4976,"parent":0,"menu_order":0,"comment_status":"open","ping_status":"closed","template":"","meta":{"inline_featured_image":false,"footnotes":""},"service-category":[89,87],"service_tag":[],"class_list":["post-4980","product","type-product","status-publish","has-post-thumbnail","hentry","service-category-thiet-bi-tron-chan-khong","service-category-thiet-bi-tron-kem-han"],"yoast_head":"<!-- This site is optimized with the Yoast SEO plugin v27.5 - https:\/\/yoast.com\/product\/yoast-seo-wordpress\/ -->\n<title>M\u00c1Y Thinky ARV-931TWIN - LORIOT INDUSTRIAL<\/title>\n<meta name=\"description\" content=\"M\u00e1y Thinky ARV-931TWIN l\u00e0 m\u00e1y tr\u1ed9n ch\u00e2n kh\u00f4ng ti\u00ean ti\u1ebfn, \u0111\u01b0\u1ee3c thi\u1ebft k\u1ebf \u0111\u1ec3 x\u1eed l\u00fd hi\u1ec7u qu\u1ea3 c\u00e1c \u1ee9ng d\u1ee5ng s\u1ea3n xu\u1ea5t quy m\u00f4 l\u1edbn\" \/>\n<meta name=\"robots\" content=\"index, follow, max-snippet:-1, max-image-preview:large, max-video-preview:-1\" \/>\n<link rel=\"canonical\" href=\"https:\/\/loriot.com.vn\/vi\/product\/may-thinky-arv-931twin\/\" \/>\n<meta property=\"og:locale\" content=\"vi_VN\" \/>\n<meta property=\"og:type\" content=\"article\" \/>\n<meta property=\"og:title\" content=\"M\u00c1Y Thinky ARV-931TWIN - LORIOT INDUSTRIAL\" \/>\n<meta property=\"og:description\" content=\"M\u00e1y Thinky ARV-931TWIN l\u00e0 m\u00e1y tr\u1ed9n ch\u00e2n kh\u00f4ng ti\u00ean ti\u1ebfn, \u0111\u01b0\u1ee3c thi\u1ebft k\u1ebf \u0111\u1ec3 x\u1eed l\u00fd hi\u1ec7u qu\u1ea3 c\u00e1c \u1ee9ng d\u1ee5ng s\u1ea3n xu\u1ea5t quy m\u00f4 l\u1edbn\" \/>\n<meta property=\"og:url\" content=\"https:\/\/loriot.com.vn\/vi\/product\/may-thinky-arv-931twin\/\" \/>\n<meta property=\"og:site_name\" content=\"LORIOT INDUSTRIAL\" \/>\n<meta property=\"article:publisher\" content=\"https:\/\/www.facebook.com\/Loriot-Industrial-COLTD-103044855046633\" \/>\n<meta property=\"article:modified_time\" content=\"2025-07-09T07:20:07+00:00\" \/>\n<meta property=\"og:image\" content=\"https:\/\/loriot.com.vn\/wp-content\/uploads\/2024\/09\/Thinky-1.jpg\" \/>\n\t<meta property=\"og:image:width\" content=\"770\" \/>\n\t<meta property=\"og:image:height\" content=\"513\" \/>\n\t<meta property=\"og:image:type\" content=\"image\/jpeg\" \/>\n<meta name=\"twitter:card\" content=\"summary_large_image\" \/>\n<meta name=\"twitter:label1\" content=\"\u01af\u1edbc t\u00ednh th\u1eddi gian \u0111\u1ecdc\" \/>\n\t<meta name=\"twitter:data1\" content=\"3 ph\u00fat\" \/>\n<script type=\"application\/ld+json\" class=\"yoast-schema-graph\">{\"@context\":\"https:\\\/\\\/schema.org\",\"@graph\":[{\"@type\":\"WebPage\",\"@id\":\"https:\\\/\\\/loriot.com.vn\\\/vi\\\/product\\\/may-thinky-arv-931twin\\\/\",\"url\":\"https:\\\/\\\/loriot.com.vn\\\/vi\\\/product\\\/may-thinky-arv-931twin\\\/\",\"name\":\"M\u00c1Y Thinky ARV-931TWIN - LORIOT INDUSTRIAL\",\"isPartOf\":{\"@id\":\"https:\\\/\\\/loriot.com.vn\\\/#website\"},\"primaryImageOfPage\":{\"@id\":\"https:\\\/\\\/loriot.com.vn\\\/vi\\\/product\\\/may-thinky-arv-931twin\\\/#primaryimage\"},\"image\":{\"@id\":\"https:\\\/\\\/loriot.com.vn\\\/vi\\\/product\\\/may-thinky-arv-931twin\\\/#primaryimage\"},\"thumbnailUrl\":\"https:\\\/\\\/loriot.com.vn\\\/wp-content\\\/uploads\\\/2024\\\/09\\\/Thinky-1.jpg\",\"datePublished\":\"2024-09-18T08:38:52+00:00\",\"dateModified\":\"2025-07-09T07:20:07+00:00\",\"description\":\"M\u00e1y Thinky ARV-931TWIN l\u00e0 m\u00e1y tr\u1ed9n ch\u00e2n kh\u00f4ng ti\u00ean ti\u1ebfn, \u0111\u01b0\u1ee3c thi\u1ebft k\u1ebf \u0111\u1ec3 x\u1eed l\u00fd hi\u1ec7u qu\u1ea3 c\u00e1c \u1ee9ng d\u1ee5ng s\u1ea3n xu\u1ea5t quy m\u00f4 l\u1edbn\",\"breadcrumb\":{\"@id\":\"https:\\\/\\\/loriot.com.vn\\\/vi\\\/product\\\/may-thinky-arv-931twin\\\/#breadcrumb\"},\"inLanguage\":\"vi\",\"potentialAction\":[{\"@type\":\"ReadAction\",\"target\":[\"https:\\\/\\\/loriot.com.vn\\\/vi\\\/product\\\/may-thinky-arv-931twin\\\/\"]}]},{\"@type\":\"ImageObject\",\"inLanguage\":\"vi\",\"@id\":\"https:\\\/\\\/loriot.com.vn\\\/vi\\\/product\\\/may-thinky-arv-931twin\\\/#primaryimage\",\"url\":\"https:\\\/\\\/loriot.com.vn\\\/wp-content\\\/uploads\\\/2024\\\/09\\\/Thinky-1.jpg\",\"contentUrl\":\"https:\\\/\\\/loriot.com.vn\\\/wp-content\\\/uploads\\\/2024\\\/09\\\/Thinky-1.jpg\",\"width\":770,\"height\":513,\"caption\":\"M\u00c1Y Thinky ARV-931TWIN\"},{\"@type\":\"BreadcrumbList\",\"@id\":\"https:\\\/\\\/loriot.com.vn\\\/vi\\\/product\\\/may-thinky-arv-931twin\\\/#breadcrumb\",\"itemListElement\":[{\"@type\":\"ListItem\",\"position\":1,\"name\":\"Home\",\"item\":\"https:\\\/\\\/loriot.com.vn\\\/vi\\\/\"},{\"@type\":\"ListItem\",\"position\":2,\"name\":\"Products\",\"item\":\"https:\\\/\\\/loriot.com.vn\\\/vi\\\/product\\\/\"},{\"@type\":\"ListItem\",\"position\":3,\"name\":\"M\u00c1Y Thinky ARV-931TWIN\"}]},{\"@type\":\"WebSite\",\"@id\":\"https:\\\/\\\/loriot.com.vn\\\/#website\",\"url\":\"https:\\\/\\\/loriot.com.vn\\\/\",\"name\":\"LORIOT INDUSTRIAL CO.,LTD\",\"description\":\"\",\"publisher\":{\"@id\":\"https:\\\/\\\/loriot.com.vn\\\/#organization\"},\"potentialAction\":[{\"@type\":\"SearchAction\",\"target\":{\"@type\":\"EntryPoint\",\"urlTemplate\":\"https:\\\/\\\/loriot.com.vn\\\/?s={search_term_string}\"},\"query-input\":{\"@type\":\"PropertyValueSpecification\",\"valueRequired\":true,\"valueName\":\"search_term_string\"}}],\"inLanguage\":\"vi\"},{\"@type\":\"Organization\",\"@id\":\"https:\\\/\\\/loriot.com.vn\\\/#organization\",\"name\":\"Loriot Industrial Co.,Ltd\",\"url\":\"https:\\\/\\\/loriot.com.vn\\\/\",\"logo\":{\"@type\":\"ImageObject\",\"inLanguage\":\"vi\",\"@id\":\"https:\\\/\\\/loriot.com.vn\\\/#\\\/schema\\\/logo\\\/image\\\/\",\"url\":\"https:\\\/\\\/loriot.com.vn\\\/wp-content\\\/uploads\\\/2021\\\/08\\\/logo-ft.png\",\"contentUrl\":\"https:\\\/\\\/loriot.com.vn\\\/wp-content\\\/uploads\\\/2021\\\/08\\\/logo-ft.png\",\"width\":333,\"height\":101,\"caption\":\"Loriot Industrial Co.,Ltd\"},\"image\":{\"@id\":\"https:\\\/\\\/loriot.com.vn\\\/#\\\/schema\\\/logo\\\/image\\\/\"},\"sameAs\":[\"https:\\\/\\\/www.facebook.com\\\/Loriot-Industrial-COLTD-103044855046633\"]}]}<\/script>\n<!-- \/ Yoast SEO plugin. -->","yoast_head_json":{"title":"M\u00c1Y Thinky ARV-931TWIN - LORIOT INDUSTRIAL","description":"M\u00e1y Thinky ARV-931TWIN l\u00e0 m\u00e1y tr\u1ed9n ch\u00e2n kh\u00f4ng ti\u00ean ti\u1ebfn, \u0111\u01b0\u1ee3c thi\u1ebft k\u1ebf \u0111\u1ec3 x\u1eed l\u00fd hi\u1ec7u qu\u1ea3 c\u00e1c \u1ee9ng d\u1ee5ng s\u1ea3n xu\u1ea5t quy m\u00f4 l\u1edbn","robots":{"index":"index","follow":"follow","max-snippet":"max-snippet:-1","max-image-preview":"max-image-preview:large","max-video-preview":"max-video-preview:-1"},"canonical":"https:\/\/loriot.com.vn\/vi\/product\/may-thinky-arv-931twin\/","og_locale":"vi_VN","og_type":"article","og_title":"M\u00c1Y Thinky ARV-931TWIN - LORIOT INDUSTRIAL","og_description":"M\u00e1y Thinky ARV-931TWIN l\u00e0 m\u00e1y tr\u1ed9n ch\u00e2n kh\u00f4ng ti\u00ean ti\u1ebfn, \u0111\u01b0\u1ee3c thi\u1ebft k\u1ebf \u0111\u1ec3 x\u1eed l\u00fd hi\u1ec7u qu\u1ea3 c\u00e1c \u1ee9ng d\u1ee5ng s\u1ea3n xu\u1ea5t quy m\u00f4 l\u1edbn","og_url":"https:\/\/loriot.com.vn\/vi\/product\/may-thinky-arv-931twin\/","og_site_name":"LORIOT INDUSTRIAL","article_publisher":"https:\/\/www.facebook.com\/Loriot-Industrial-COLTD-103044855046633","article_modified_time":"2025-07-09T07:20:07+00:00","og_image":[{"width":770,"height":513,"url":"https:\/\/loriot.com.vn\/wp-content\/uploads\/2024\/09\/Thinky-1.jpg","type":"image\/jpeg"}],"twitter_card":"summary_large_image","twitter_misc":{"\u01af\u1edbc t\u00ednh th\u1eddi gian \u0111\u1ecdc":"3 ph\u00fat"},"schema":{"@context":"https:\/\/schema.org","@graph":[{"@type":"WebPage","@id":"https:\/\/loriot.com.vn\/vi\/product\/may-thinky-arv-931twin\/","url":"https:\/\/loriot.com.vn\/vi\/product\/may-thinky-arv-931twin\/","name":"M\u00c1Y Thinky ARV-931TWIN - LORIOT INDUSTRIAL","isPartOf":{"@id":"https:\/\/loriot.com.vn\/#website"},"primaryImageOfPage":{"@id":"https:\/\/loriot.com.vn\/vi\/product\/may-thinky-arv-931twin\/#primaryimage"},"image":{"@id":"https:\/\/loriot.com.vn\/vi\/product\/may-thinky-arv-931twin\/#primaryimage"},"thumbnailUrl":"https:\/\/loriot.com.vn\/wp-content\/uploads\/2024\/09\/Thinky-1.jpg","datePublished":"2024-09-18T08:38:52+00:00","dateModified":"2025-07-09T07:20:07+00:00","description":"M\u00e1y Thinky ARV-931TWIN l\u00e0 m\u00e1y tr\u1ed9n ch\u00e2n kh\u00f4ng ti\u00ean ti\u1ebfn, \u0111\u01b0\u1ee3c thi\u1ebft k\u1ebf \u0111\u1ec3 x\u1eed l\u00fd hi\u1ec7u qu\u1ea3 c\u00e1c \u1ee9ng d\u1ee5ng s\u1ea3n xu\u1ea5t quy m\u00f4 l\u1edbn","breadcrumb":{"@id":"https:\/\/loriot.com.vn\/vi\/product\/may-thinky-arv-931twin\/#breadcrumb"},"inLanguage":"vi","potentialAction":[{"@type":"ReadAction","target":["https:\/\/loriot.com.vn\/vi\/product\/may-thinky-arv-931twin\/"]}]},{"@type":"ImageObject","inLanguage":"vi","@id":"https:\/\/loriot.com.vn\/vi\/product\/may-thinky-arv-931twin\/#primaryimage","url":"https:\/\/loriot.com.vn\/wp-content\/uploads\/2024\/09\/Thinky-1.jpg","contentUrl":"https:\/\/loriot.com.vn\/wp-content\/uploads\/2024\/09\/Thinky-1.jpg","width":770,"height":513,"caption":"M\u00c1Y Thinky ARV-931TWIN"},{"@type":"BreadcrumbList","@id":"https:\/\/loriot.com.vn\/vi\/product\/may-thinky-arv-931twin\/#breadcrumb","itemListElement":[{"@type":"ListItem","position":1,"name":"Home","item":"https:\/\/loriot.com.vn\/vi\/"},{"@type":"ListItem","position":2,"name":"Products","item":"https:\/\/loriot.com.vn\/vi\/product\/"},{"@type":"ListItem","position":3,"name":"M\u00c1Y Thinky ARV-931TWIN"}]},{"@type":"WebSite","@id":"https:\/\/loriot.com.vn\/#website","url":"https:\/\/loriot.com.vn\/","name":"LORIOT INDUSTRIAL CO.,LTD","description":"","publisher":{"@id":"https:\/\/loriot.com.vn\/#organization"},"potentialAction":[{"@type":"SearchAction","target":{"@type":"EntryPoint","urlTemplate":"https:\/\/loriot.com.vn\/?s={search_term_string}"},"query-input":{"@type":"PropertyValueSpecification","valueRequired":true,"valueName":"search_term_string"}}],"inLanguage":"vi"},{"@type":"Organization","@id":"https:\/\/loriot.com.vn\/#organization","name":"Loriot Industrial Co.,Ltd","url":"https:\/\/loriot.com.vn\/","logo":{"@type":"ImageObject","inLanguage":"vi","@id":"https:\/\/loriot.com.vn\/#\/schema\/logo\/image\/","url":"https:\/\/loriot.com.vn\/wp-content\/uploads\/2021\/08\/logo-ft.png","contentUrl":"https:\/\/loriot.com.vn\/wp-content\/uploads\/2021\/08\/logo-ft.png","width":333,"height":101,"caption":"Loriot Industrial Co.,Ltd"},"image":{"@id":"https:\/\/loriot.com.vn\/#\/schema\/logo\/image\/"},"sameAs":["https:\/\/www.facebook.com\/Loriot-Industrial-COLTD-103044855046633"]}]}},"_links":{"self":[{"href":"https:\/\/loriot.com.vn\/vi\/wp-json\/wp\/v2\/product\/4980","targetHints":{"allow":["GET"]}}],"collection":[{"href":"https:\/\/loriot.com.vn\/vi\/wp-json\/wp\/v2\/product"}],"about":[{"href":"https:\/\/loriot.com.vn\/vi\/wp-json\/wp\/v2\/types\/product"}],"author":[{"embeddable":true,"href":"https:\/\/loriot.com.vn\/vi\/wp-json\/wp\/v2\/users\/2"}],"replies":[{"embeddable":true,"href":"https:\/\/loriot.com.vn\/vi\/wp-json\/wp\/v2\/comments?post=4980"}],"version-history":[{"count":9,"href":"https:\/\/loriot.com.vn\/vi\/wp-json\/wp\/v2\/product\/4980\/revisions"}],"predecessor-version":[{"id":5556,"href":"https:\/\/loriot.com.vn\/vi\/wp-json\/wp\/v2\/product\/4980\/revisions\/5556"}],"wp:featuredmedia":[{"embeddable":true,"href":"https:\/\/loriot.com.vn\/vi\/wp-json\/wp\/v2\/media\/4976"}],"wp:attachment":[{"href":"https:\/\/loriot.com.vn\/vi\/wp-json\/wp\/v2\/media?parent=4980"}],"wp:term":[{"taxonomy":"service-category","embeddable":true,"href":"https:\/\/loriot.com.vn\/vi\/wp-json\/wp\/v2\/service-category?post=4980"},{"taxonomy":"service_tag","embeddable":true,"href":"https:\/\/loriot.com.vn\/vi\/wp-json\/wp\/v2\/service_tag?post=4980"}],"curies":[{"name":"wp","href":"https:\/\/api.w.org\/{rel}","templated":true}]}}