{"id":5146,"date":"2024-10-07T14:12:24","date_gmt":"2024-10-07T07:12:24","guid":{"rendered":"https:\/\/loriot.com.vn\/?post_type=product&#038;p=5146"},"modified":"2025-07-09T11:39:18","modified_gmt":"2025-07-09T04:39:18","slug":"chup-anh-song-am-fluke-ii500-ii905-va-ii915","status":"publish","type":"product","link":"https:\/\/loriot.com.vn\/vi\/product\/chup-anh-song-am-fluke-ii500-ii905-va-ii915\/","title":{"rendered":"Ch\u1ee5p \u1ea3nh s\u00f3ng \u00e2m Fluke ii500, ii905 v\u00e0 ii915"},"content":{"rendered":"<h3><span style=\"font-size: 12pt;\">M\u00e1y ch\u1ee5p \u1ea3nh s\u00f3ng \u00e2m Fluke: Gi\u1ea3i ph\u00e1p h\u00e0ng \u0111\u1ea7u cho vi\u1ec7c ph\u00e1t hi\u1ec7n r\u00f2 r\u1ec9 kh\u00ed v\u00e0 s\u1ef1 c\u1ed1 c\u01a1 h\u1ecdc<\/span><\/h3>\n<p><span style=\"font-size: 12pt;\">M\u00e1y ch\u1ee5p \u1ea3nh s\u00f3ng \u00e2m Fluke ii500, ii905 v\u00e0 ii915 l\u00e0 nh\u1eefng thi\u1ebft b\u1ecb ti\u00ean ti\u1ebfn, gi\u00fap c\u00e1c nh\u00e0 m\u00e1y v\u00e0 c\u01a1 s\u1edf c\u00f4ng nghi\u1ec7p ph\u00e1t hi\u1ec7n nhanh ch\u00f3ng v\u00e0 hi\u1ec7u qu\u1ea3 c\u00e1c v\u1ea5n \u0111\u1ec1 v\u1ec1 r\u00f2 r\u1ec9 kh\u00ed n\u00e9n, ph\u00f3ng \u0111i\u1ec7n c\u1ee5c b\u1ed9 v\u00e0 b\u1ea5t th\u01b0\u1eddng v\u1ec1 c\u01a1 h\u1ecdc. \u0110\u00e2y l\u00e0 c\u00e1c gi\u1ea3i ph\u00e1p kh\u00f4ng th\u1ec3 thi\u1ebfu \u0111\u1ec3 gi\u1ea3m thi\u1ec3u chi ph\u00ed b\u1ea3o tr\u00ec v\u00e0 t\u1ed1i \u01b0u h\u00f3a th\u1eddi gian ho\u1ea1t \u0111\u1ed9ng c\u1ee7a h\u1ec7 th\u1ed1ng s\u1ea3n xu\u1ea5t.<\/span><\/p>\n<h4><span style=\"font-size: 12pt;\">1. <strong>T\u0103ng c\u01b0\u1eddng hi\u1ec7u su\u1ea5t v\u00e0 ti\u1ebft ki\u1ec7m chi ph\u00ed<\/strong><\/span><\/h4>\n<p><span style=\"font-size: 12pt;\">M\u1ed9t trong nh\u1eefng l\u1ee3i \u00edch l\u1edbn nh\u1ea5t m\u00e0 d\u00f2ng m\u00e1y ch\u1ee5p \u1ea3nh s\u00f3ng \u00e2m c\u1ee7a m\u00e1y ch\u1ee5p \u1ea3nh s\u00f3ng \u00e2m Fluke ii500, ii905 v\u00e0 ii915 mang l\u1ea1i l\u00e0 kh\u1ea3 n\u0103ng <strong>d\u1ef1 \u0111o\u00e1n v\u00e0 ng\u0103n ch\u1eb7n t\u00ecnh tr\u1ea1ng ng\u1eebng ho\u1ea1t \u0111\u1ed9ng b\u1ea5t ng\u1edd<\/strong>. Vi\u1ec7c x\u00e1c \u0111\u1ecbnh s\u1edbm c\u00e1c hi\u1ec7n t\u01b0\u1ee3ng r\u00f2 r\u1ec9 kh\u00ed n\u00e9n ho\u1eb7c c\u00e1c v\u1ea5n \u0111\u1ec1 c\u01a1 h\u1ecdc kh\u00f4ng ch\u1ec9 gi\u00fap gi\u1ea3m thi\u1ec3u th\u1eddi gian s\u1eeda ch\u1eefa m\u00e0 c\u00f2n ng\u0103n ng\u1eeba nh\u1eefng s\u1ef1 c\u1ed1 kh\u00f4ng mong mu\u1ed1n, c\u00f3 th\u1ec3 l\u00e0m gi\u00e1n \u0111o\u1ea1n d\u00e2y chuy\u1ec1n s\u1ea3n xu\u1ea5t\u200b<\/span><\/p>\n<p><span style=\"font-size: 12pt;\">Nghi\u00ean c\u1ee9u cho th\u1ea5y, m\u1ed9t nh\u00e0 m\u00e1y c\u00f3 th\u1ec3 l\u00e3ng ph\u00ed t\u1edbi <strong>30% l\u01b0\u1ee3ng kh\u00ed n\u00e9n<\/strong> do r\u00f2 r\u1ec9, v\u00e0 \u0111i\u1ec1u n\u00e0y c\u00f3 th\u1ec3 g\u00e2y thi\u1ec7t h\u1ea1i t\u1eeb <strong>30.000 \u0111\u1ebfn 130.000 USD m\u1ed7i gi\u1edd<\/strong> ng\u1eebng ho\u1ea1t \u0111\u1ed9ng. M\u00e1y ch\u1ee5p \u1ea3nh s\u00f3ng \u00e2m c\u1ee7a Fluke gi\u00fap ph\u00e1t hi\u1ec7n r\u00f2 r\u1ec9 ngay c\u1ea3 trong gi\u1edd l\u00e0m vi\u1ec7c b\u00ecnh th\u01b0\u1eddng, gi\u00fap b\u1ea1n ti\u1ebft ki\u1ec7m chi ph\u00ed \u0111\u00e1ng k\u1ec3.<\/span><\/p>\n<h4><span style=\"font-size: 12pt;\">2. <strong>B\u1ea3o v\u1ec7 \u0111\u1ed9i ng\u0169 v\u00e0 t\u1ed1i \u01b0u h\u00f3a an to\u00e0n<\/strong><\/span><\/h4>\n<p><span style=\"font-size: 12pt;\">V\u1edbi <strong>giao di\u1ec7n ng\u01b0\u1eddi d\u00f9ng tr\u1ef1c quan v\u00e0 d\u1ec5 s\u1eed d\u1ee5ng<\/strong>, m\u00e1y ch\u1ee5p \u1ea3nh s\u00f3ng \u00e2m c\u1ee7a Fluke cho ph\u00e9p ng\u01b0\u1eddi v\u1eadn h\u00e0nh qu\u00e9t m\u1ed9t khu v\u1ef1c r\u1ed9ng l\u1edbn m\u00e0 kh\u00f4ng c\u1ea7n ti\u1ebfp x\u00fac g\u1ea7n. \u0110i\u1ec1u n\u00e0y gi\u00fap lo\u1ea1i b\u1ecf nguy c\u01a1 ti\u1ec1m \u1ea9n \u0111\u1ed1i v\u1edbi s\u1ef1 an to\u00e0n c\u1ee7a \u0111\u1ed9i ng\u0169 nh\u00e2n vi\u00ean, \u0111\u1ed3ng th\u1eddi \u0111\u1ea3m b\u1ea3o r\u1eb1ng t\u1ea5t c\u1ea3 c\u00e1c nguy c\u01a1 \u0111\u01b0\u1ee3c ph\u00e1t hi\u1ec7n v\u00e0 x\u1eed l\u00fd k\u1ecbp th\u1eddi.<\/span><\/p>\n<h4><span style=\"font-size: 12pt;\">3. <strong>C\u00f4ng ngh\u1ec7 ti\u00ean ti\u1ebfn v\u1edbi \u0111\u1ed9 ch\u00ednh x\u00e1c cao<\/strong><\/span><\/h4>\n<p><span style=\"font-size: 12pt;\">D\u00f2ng s\u1ea3n ph\u1ea9m n\u00e0y s\u1eed d\u1ee5ng <strong>c\u00f4ng ngh\u1ec7 SoundMap\u2122<\/strong>, v\u1edbi d\u00e0n 64 micro thu s\u00f3ng \u00e2m, bi\u1ebfn \u00e2m thanh th\u00e0nh h\u00ecnh \u1ea3nh r\u00f5 r\u00e0ng tr\u00ean m\u00e0n h\u00ecnh c\u1ea3m \u1ee9ng <strong>LCD 7 inch \u0111\u1ed9 ph\u00e2n gi\u1ea3i cao<\/strong>. C\u00e1c m\u00e1y nh\u01b0 <strong>ii915<\/strong> c\u00f3 th\u1ec3 ph\u00e1t hi\u1ec7n \u00e2m thanh \u1edf d\u1ea3i t\u1ea7n t\u1eeb <strong>2\u2013100 kHz<\/strong>, gi\u00fap ph\u00e1t hi\u1ec7n s\u1edbm r\u00f2 r\u1ec9 kh\u00ed n\u00e9n ho\u1eb7c ph\u00f3ng \u0111i\u1ec7n c\u1ee5c b\u1ed9 ngay c\u1ea3 khi con ng\u01b0\u1eddi kh\u00f4ng nghe th\u1ea5y \u0111\u01b0\u1ee3c.<\/span><\/p>\n<p><span style=\"font-size: 12pt;\">M\u00e1y ch\u1ee5p \u1ea3nh s\u00f3ng \u00e2m c\u00f2n t\u00edch h\u1ee3p c\u00e1c ch\u1ebf \u0111\u1ed9 ph\u00e2n t\u00edch n\u00e2ng cao nh\u01b0 <strong>LeakQ\u2122, PDQ\u2122 v\u00e0 MecQ\u2122<\/strong>, cho ph\u00e9p b\u1ea1n \u0111\u00e1nh gi\u00e1 ch\u00ednh x\u00e1c t\u00ecnh tr\u1ea1ng r\u00f2 r\u1ec9, ph\u00e1t \u0111i\u1ec7n c\u1ee5c b\u1ed9 v\u00e0 v\u1ea5n \u0111\u1ec1 c\u01a1 h\u1ecdc. Ch\u1ebf \u0111\u1ed9 <strong>LeakQ\u2122<\/strong> \u01b0\u1edbc t\u00ednh th\u1ec3 t\u00edch v\u00e0 chi ph\u00ed r\u00f2 r\u1ec9 khi di chuy\u1ec3n, gi\u00fap b\u1ea1n x\u00e1c \u0111\u1ecbnh v\u00e0 \u01b0u ti\u00ean s\u1eeda ch\u1eefa nh\u1eefng khu v\u1ef1c quan tr\u1ecdng.<\/span><\/p>\n<h4><span style=\"font-size: 12pt;\">4. <strong>D\u1ec5 d\u00e0ng tri\u1ec3n khai v\u00e0 s\u1eed d\u1ee5ng<\/strong><\/span><\/h4>\n<p><span style=\"font-size: 12pt;\">Fluke ii500, ii905 v\u00e0 ii915 \u0111\u1ec1u \u0111\u01b0\u1ee3c thi\u1ebft k\u1ebf v\u1edbi m\u1ee5c ti\u00eau <strong>t\u1ed1i \u01b0u h\u00f3a quy tr\u00ecnh b\u1ea3o tr\u00ec<\/strong>, d\u1ec5 d\u00e0ng t\u00edch h\u1ee3p v\u1edbi c\u00e1c c\u00f4ng c\u1ee5 hi\u1ec7n c\u00f3 v\u00e0 cho ph\u00e9p l\u1eadp k\u1ebf ho\u1ea1ch b\u1ea3o tr\u00ec hi\u1ec7u qu\u1ea3. Vi\u1ec7c ghi ch\u00fa v\u00e0 g\u1eafn th\u1ebb trong qu\u00e1 tr\u00ecnh ki\u1ec3m tra gi\u00fap \u0111\u1ed9i ng\u0169 b\u1ea3o tr\u00ec nhanh ch\u00f3ng chia s\u1ebb th\u00f4ng tin v\u00e0 ph\u1ea3n h\u1ed3i, t\u1eeb \u0111\u00f3 gi\u00fap \u0111\u1ea3m b\u1ea3o r\u1eb1ng c\u00e1c v\u1ea5n \u0111\u1ec1 \u0111\u01b0\u1ee3c x\u1eed l\u00fd ngay l\u1eadp t\u1ee9c.<\/span><\/p>\n<h4><span style=\"font-size: 12pt;\">5. <strong>T\u1ed1i \u01b0u h\u00f3a ho\u1ea1t \u0111\u1ed9ng v\u00e0 b\u1ea3o tr\u00ec<\/strong><\/span><\/h4>\n<p><span style=\"font-size: 12pt;\">S\u1eed d\u1ee5ng m\u00e1y ch\u1ee5p \u1ea3nh s\u00f3ng \u00e2m c\u1ee7a Fluke, b\u1ea1n kh\u00f4ng ch\u1ec9 ph\u00e1t hi\u1ec7n ra s\u1ef1 c\u1ed1 s\u1edbm m\u00e0 c\u00f2n c\u1ea3i thi\u1ec7n to\u00e0n b\u1ed9 quy tr\u00ecnh b\u1ea3o tr\u00ec. V\u1edbi kh\u1ea3 n\u0103ng qu\u00e9t nhanh v\u00e0 ch\u00ednh x\u00e1c, m\u00e1y gi\u00fap x\u00e1c \u0111\u1ecbnh ngu\u1ed3n g\u1ed1c c\u1ee7a v\u1ea5n \u0111\u1ec1, thay v\u00ec ch\u1ec9 l\u00e0 khu v\u1ef1c chung chung. Nh\u1edd \u0111\u00f3, b\u1ea1n c\u00f3 th\u1ec3 ti\u1ebfn h\u00e0nh \u0111\u1eb7t h\u00e0ng ph\u1ee5 t\u00f9ng thay th\u1ebf k\u1ecbp th\u1eddi v\u00e0 x\u1eed l\u00fd c\u00e1c v\u00f2ng bi kh\u00f4ng t\u1ed1t, t\u1eeb \u0111\u00f3 <strong>gi\u1ea3m ti\u00eau th\u1ee5 n\u0103ng l\u01b0\u1ee3ng<\/strong> v\u00e0 <strong>t\u1ed1i \u01b0u h\u00f3a hi\u1ec7u su\u1ea5t.<\/strong><\/span><\/p>\n<div id=\"eJOY__extension_root\" class=\"eJOY__extension_root_class\" style=\"all: unset;\"><\/div>\n","protected":false},"excerpt":{"rendered":"<p>M\u00e1y ch\u1ee5p \u1ea3nh s\u00f3ng \u00e2m Fluke: Gi\u1ea3i ph\u00e1p h\u00e0ng \u0111\u1ea7u cho vi\u1ec7c ph\u00e1t hi\u1ec7n r\u00f2 r\u1ec9 kh\u00ed <\/p>\n","protected":false},"author":2,"featured_media":5144,"parent":0,"menu_order":0,"comment_status":"open","ping_status":"closed","template":"","meta":{"inline_featured_image":false,"footnotes":""},"service-category":[137],"service_tag":[],"class_list":["post-5146","product","type-product","status-publish","has-post-thumbnail","hentry","service-category-chup-anh-song-am"],"yoast_head":"<!-- This site is optimized with the Yoast SEO plugin v27.4 - https:\/\/yoast.com\/product\/yoast-seo-wordpress\/ -->\n<title>Ch\u1ee5p \u1ea3nh s\u00f3ng \u00e2m Fluke ii500, ii905 v\u00e0 ii915 - LORIOT INDUSTRIAL<\/title>\n<meta name=\"description\" content=\"M\u00e1y ch\u1ee5p \u1ea3nh s\u00f3ng \u00e2m Fluke ii500, ii905 v\u00e0 ii915 l\u00e0 nh\u1eefng thi\u1ebft b\u1ecb ti\u00ean ti\u1ebfn, gi\u00fap c\u00e1c nh\u00e0 m\u00e1y v\u00e0 c\u01a1 s\u1edf c\u00f4ng nghi\u1ec7p ph\u00e1t hi\u1ec7n nhanh ch\u00f3ng.\" \/>\n<meta name=\"robots\" content=\"index, follow, max-snippet:-1, max-image-preview:large, max-video-preview:-1\" \/>\n<link rel=\"canonical\" href=\"https:\/\/loriot.com.vn\/vi\/product\/chup-anh-song-am-fluke-ii500-ii905-va-ii915\/\" \/>\n<meta property=\"og:locale\" content=\"vi_VN\" \/>\n<meta property=\"og:type\" content=\"article\" \/>\n<meta property=\"og:title\" content=\"Ch\u1ee5p \u1ea3nh s\u00f3ng \u00e2m Fluke ii500, ii905 v\u00e0 ii915 - LORIOT INDUSTRIAL\" \/>\n<meta property=\"og:description\" content=\"M\u00e1y ch\u1ee5p \u1ea3nh s\u00f3ng \u00e2m Fluke ii500, ii905 v\u00e0 ii915 l\u00e0 nh\u1eefng thi\u1ebft b\u1ecb ti\u00ean ti\u1ebfn, gi\u00fap c\u00e1c nh\u00e0 m\u00e1y v\u00e0 c\u01a1 s\u1edf c\u00f4ng nghi\u1ec7p ph\u00e1t hi\u1ec7n nhanh ch\u00f3ng.\" \/>\n<meta property=\"og:url\" content=\"https:\/\/loriot.com.vn\/vi\/product\/chup-anh-song-am-fluke-ii500-ii905-va-ii915\/\" \/>\n<meta property=\"og:site_name\" content=\"LORIOT INDUSTRIAL\" \/>\n<meta property=\"article:publisher\" content=\"https:\/\/www.facebook.com\/Loriot-Industrial-COLTD-103044855046633\" \/>\n<meta property=\"article:modified_time\" content=\"2025-07-09T04:39:18+00:00\" \/>\n<meta property=\"og:image\" content=\"https:\/\/loriot.com.vn\/wp-content\/uploads\/2024\/10\/F-ii905-05a-1024x691.png\" \/>\n\t<meta property=\"og:image:width\" content=\"1024\" \/>\n\t<meta property=\"og:image:height\" content=\"691\" \/>\n\t<meta property=\"og:image:type\" content=\"image\/png\" \/>\n<meta name=\"twitter:card\" content=\"summary_large_image\" \/>\n<meta name=\"twitter:label1\" content=\"\u01af\u1edbc t\u00ednh th\u1eddi gian \u0111\u1ecdc\" \/>\n\t<meta name=\"twitter:data1\" content=\"4 ph\u00fat\" \/>\n<script type=\"application\/ld+json\" class=\"yoast-schema-graph\">{\"@context\":\"https:\\\/\\\/schema.org\",\"@graph\":[{\"@type\":\"WebPage\",\"@id\":\"https:\\\/\\\/loriot.com.vn\\\/vi\\\/product\\\/chup-anh-song-am-fluke-ii500-ii905-va-ii915\\\/\",\"url\":\"https:\\\/\\\/loriot.com.vn\\\/vi\\\/product\\\/chup-anh-song-am-fluke-ii500-ii905-va-ii915\\\/\",\"name\":\"Ch\u1ee5p \u1ea3nh s\u00f3ng \u00e2m Fluke ii500, ii905 v\u00e0 ii915 - LORIOT INDUSTRIAL\",\"isPartOf\":{\"@id\":\"https:\\\/\\\/loriot.com.vn\\\/#website\"},\"primaryImageOfPage\":{\"@id\":\"https:\\\/\\\/loriot.com.vn\\\/vi\\\/product\\\/chup-anh-song-am-fluke-ii500-ii905-va-ii915\\\/#primaryimage\"},\"image\":{\"@id\":\"https:\\\/\\\/loriot.com.vn\\\/vi\\\/product\\\/chup-anh-song-am-fluke-ii500-ii905-va-ii915\\\/#primaryimage\"},\"thumbnailUrl\":\"https:\\\/\\\/loriot.com.vn\\\/wp-content\\\/uploads\\\/2024\\\/10\\\/F-ii905-05a.png\",\"datePublished\":\"2024-10-07T07:12:24+00:00\",\"dateModified\":\"2025-07-09T04:39:18+00:00\",\"description\":\"M\u00e1y ch\u1ee5p \u1ea3nh s\u00f3ng \u00e2m Fluke ii500, ii905 v\u00e0 ii915 l\u00e0 nh\u1eefng thi\u1ebft b\u1ecb ti\u00ean ti\u1ebfn, gi\u00fap c\u00e1c nh\u00e0 m\u00e1y v\u00e0 c\u01a1 s\u1edf c\u00f4ng nghi\u1ec7p ph\u00e1t hi\u1ec7n nhanh ch\u00f3ng.\",\"breadcrumb\":{\"@id\":\"https:\\\/\\\/loriot.com.vn\\\/vi\\\/product\\\/chup-anh-song-am-fluke-ii500-ii905-va-ii915\\\/#breadcrumb\"},\"inLanguage\":\"vi\",\"potentialAction\":[{\"@type\":\"ReadAction\",\"target\":[\"https:\\\/\\\/loriot.com.vn\\\/vi\\\/product\\\/chup-anh-song-am-fluke-ii500-ii905-va-ii915\\\/\"]}]},{\"@type\":\"ImageObject\",\"inLanguage\":\"vi\",\"@id\":\"https:\\\/\\\/loriot.com.vn\\\/vi\\\/product\\\/chup-anh-song-am-fluke-ii500-ii905-va-ii915\\\/#primaryimage\",\"url\":\"https:\\\/\\\/loriot.com.vn\\\/wp-content\\\/uploads\\\/2024\\\/10\\\/F-ii905-05a.png\",\"contentUrl\":\"https:\\\/\\\/loriot.com.vn\\\/wp-content\\\/uploads\\\/2024\\\/10\\\/F-ii905-05a.png\",\"width\":5396,\"height\":3639,\"caption\":\"Ch\u1ee5p \u1ea3nh s\u00f3ng \u00e2m Fluke ii500, ii905 v\u00e0 ii915\"},{\"@type\":\"BreadcrumbList\",\"@id\":\"https:\\\/\\\/loriot.com.vn\\\/vi\\\/product\\\/chup-anh-song-am-fluke-ii500-ii905-va-ii915\\\/#breadcrumb\",\"itemListElement\":[{\"@type\":\"ListItem\",\"position\":1,\"name\":\"Home\",\"item\":\"https:\\\/\\\/loriot.com.vn\\\/vi\\\/\"},{\"@type\":\"ListItem\",\"position\":2,\"name\":\"Products\",\"item\":\"https:\\\/\\\/loriot.com.vn\\\/vi\\\/product\\\/\"},{\"@type\":\"ListItem\",\"position\":3,\"name\":\"Ch\u1ee5p \u1ea3nh s\u00f3ng \u00e2m Fluke ii500, ii905 v\u00e0 ii915\"}]},{\"@type\":\"WebSite\",\"@id\":\"https:\\\/\\\/loriot.com.vn\\\/#website\",\"url\":\"https:\\\/\\\/loriot.com.vn\\\/\",\"name\":\"LORIOT INDUSTRIAL CO.,LTD\",\"description\":\"\",\"publisher\":{\"@id\":\"https:\\\/\\\/loriot.com.vn\\\/#organization\"},\"potentialAction\":[{\"@type\":\"SearchAction\",\"target\":{\"@type\":\"EntryPoint\",\"urlTemplate\":\"https:\\\/\\\/loriot.com.vn\\\/?s={search_term_string}\"},\"query-input\":{\"@type\":\"PropertyValueSpecification\",\"valueRequired\":true,\"valueName\":\"search_term_string\"}}],\"inLanguage\":\"vi\"},{\"@type\":\"Organization\",\"@id\":\"https:\\\/\\\/loriot.com.vn\\\/#organization\",\"name\":\"Loriot Industrial Co.,Ltd\",\"url\":\"https:\\\/\\\/loriot.com.vn\\\/\",\"logo\":{\"@type\":\"ImageObject\",\"inLanguage\":\"vi\",\"@id\":\"https:\\\/\\\/loriot.com.vn\\\/#\\\/schema\\\/logo\\\/image\\\/\",\"url\":\"https:\\\/\\\/loriot.com.vn\\\/wp-content\\\/uploads\\\/2021\\\/08\\\/logo-ft.png\",\"contentUrl\":\"https:\\\/\\\/loriot.com.vn\\\/wp-content\\\/uploads\\\/2021\\\/08\\\/logo-ft.png\",\"width\":333,\"height\":101,\"caption\":\"Loriot Industrial Co.,Ltd\"},\"image\":{\"@id\":\"https:\\\/\\\/loriot.com.vn\\\/#\\\/schema\\\/logo\\\/image\\\/\"},\"sameAs\":[\"https:\\\/\\\/www.facebook.com\\\/Loriot-Industrial-COLTD-103044855046633\"]}]}<\/script>\n<!-- \/ Yoast SEO plugin. -->","yoast_head_json":{"title":"Ch\u1ee5p \u1ea3nh s\u00f3ng \u00e2m Fluke ii500, ii905 v\u00e0 ii915 - LORIOT INDUSTRIAL","description":"M\u00e1y ch\u1ee5p \u1ea3nh s\u00f3ng \u00e2m Fluke ii500, ii905 v\u00e0 ii915 l\u00e0 nh\u1eefng thi\u1ebft b\u1ecb ti\u00ean ti\u1ebfn, gi\u00fap c\u00e1c nh\u00e0 m\u00e1y v\u00e0 c\u01a1 s\u1edf c\u00f4ng nghi\u1ec7p ph\u00e1t hi\u1ec7n nhanh ch\u00f3ng.","robots":{"index":"index","follow":"follow","max-snippet":"max-snippet:-1","max-image-preview":"max-image-preview:large","max-video-preview":"max-video-preview:-1"},"canonical":"https:\/\/loriot.com.vn\/vi\/product\/chup-anh-song-am-fluke-ii500-ii905-va-ii915\/","og_locale":"vi_VN","og_type":"article","og_title":"Ch\u1ee5p \u1ea3nh s\u00f3ng \u00e2m Fluke ii500, ii905 v\u00e0 ii915 - LORIOT INDUSTRIAL","og_description":"M\u00e1y ch\u1ee5p \u1ea3nh s\u00f3ng \u00e2m Fluke ii500, ii905 v\u00e0 ii915 l\u00e0 nh\u1eefng thi\u1ebft b\u1ecb ti\u00ean ti\u1ebfn, gi\u00fap c\u00e1c nh\u00e0 m\u00e1y v\u00e0 c\u01a1 s\u1edf c\u00f4ng nghi\u1ec7p ph\u00e1t hi\u1ec7n nhanh ch\u00f3ng.","og_url":"https:\/\/loriot.com.vn\/vi\/product\/chup-anh-song-am-fluke-ii500-ii905-va-ii915\/","og_site_name":"LORIOT INDUSTRIAL","article_publisher":"https:\/\/www.facebook.com\/Loriot-Industrial-COLTD-103044855046633","article_modified_time":"2025-07-09T04:39:18+00:00","og_image":[{"width":1024,"height":691,"url":"https:\/\/loriot.com.vn\/wp-content\/uploads\/2024\/10\/F-ii905-05a-1024x691.png","type":"image\/png"}],"twitter_card":"summary_large_image","twitter_misc":{"\u01af\u1edbc t\u00ednh th\u1eddi gian \u0111\u1ecdc":"4 ph\u00fat"},"schema":{"@context":"https:\/\/schema.org","@graph":[{"@type":"WebPage","@id":"https:\/\/loriot.com.vn\/vi\/product\/chup-anh-song-am-fluke-ii500-ii905-va-ii915\/","url":"https:\/\/loriot.com.vn\/vi\/product\/chup-anh-song-am-fluke-ii500-ii905-va-ii915\/","name":"Ch\u1ee5p \u1ea3nh s\u00f3ng \u00e2m Fluke ii500, ii905 v\u00e0 ii915 - LORIOT INDUSTRIAL","isPartOf":{"@id":"https:\/\/loriot.com.vn\/#website"},"primaryImageOfPage":{"@id":"https:\/\/loriot.com.vn\/vi\/product\/chup-anh-song-am-fluke-ii500-ii905-va-ii915\/#primaryimage"},"image":{"@id":"https:\/\/loriot.com.vn\/vi\/product\/chup-anh-song-am-fluke-ii500-ii905-va-ii915\/#primaryimage"},"thumbnailUrl":"https:\/\/loriot.com.vn\/wp-content\/uploads\/2024\/10\/F-ii905-05a.png","datePublished":"2024-10-07T07:12:24+00:00","dateModified":"2025-07-09T04:39:18+00:00","description":"M\u00e1y ch\u1ee5p \u1ea3nh s\u00f3ng \u00e2m Fluke ii500, ii905 v\u00e0 ii915 l\u00e0 nh\u1eefng thi\u1ebft b\u1ecb ti\u00ean ti\u1ebfn, gi\u00fap c\u00e1c nh\u00e0 m\u00e1y v\u00e0 c\u01a1 s\u1edf c\u00f4ng nghi\u1ec7p ph\u00e1t hi\u1ec7n nhanh ch\u00f3ng.","breadcrumb":{"@id":"https:\/\/loriot.com.vn\/vi\/product\/chup-anh-song-am-fluke-ii500-ii905-va-ii915\/#breadcrumb"},"inLanguage":"vi","potentialAction":[{"@type":"ReadAction","target":["https:\/\/loriot.com.vn\/vi\/product\/chup-anh-song-am-fluke-ii500-ii905-va-ii915\/"]}]},{"@type":"ImageObject","inLanguage":"vi","@id":"https:\/\/loriot.com.vn\/vi\/product\/chup-anh-song-am-fluke-ii500-ii905-va-ii915\/#primaryimage","url":"https:\/\/loriot.com.vn\/wp-content\/uploads\/2024\/10\/F-ii905-05a.png","contentUrl":"https:\/\/loriot.com.vn\/wp-content\/uploads\/2024\/10\/F-ii905-05a.png","width":5396,"height":3639,"caption":"Ch\u1ee5p \u1ea3nh s\u00f3ng \u00e2m Fluke ii500, ii905 v\u00e0 ii915"},{"@type":"BreadcrumbList","@id":"https:\/\/loriot.com.vn\/vi\/product\/chup-anh-song-am-fluke-ii500-ii905-va-ii915\/#breadcrumb","itemListElement":[{"@type":"ListItem","position":1,"name":"Home","item":"https:\/\/loriot.com.vn\/vi\/"},{"@type":"ListItem","position":2,"name":"Products","item":"https:\/\/loriot.com.vn\/vi\/product\/"},{"@type":"ListItem","position":3,"name":"Ch\u1ee5p \u1ea3nh s\u00f3ng \u00e2m Fluke ii500, ii905 v\u00e0 ii915"}]},{"@type":"WebSite","@id":"https:\/\/loriot.com.vn\/#website","url":"https:\/\/loriot.com.vn\/","name":"LORIOT INDUSTRIAL CO.,LTD","description":"","publisher":{"@id":"https:\/\/loriot.com.vn\/#organization"},"potentialAction":[{"@type":"SearchAction","target":{"@type":"EntryPoint","urlTemplate":"https:\/\/loriot.com.vn\/?s={search_term_string}"},"query-input":{"@type":"PropertyValueSpecification","valueRequired":true,"valueName":"search_term_string"}}],"inLanguage":"vi"},{"@type":"Organization","@id":"https:\/\/loriot.com.vn\/#organization","name":"Loriot Industrial Co.,Ltd","url":"https:\/\/loriot.com.vn\/","logo":{"@type":"ImageObject","inLanguage":"vi","@id":"https:\/\/loriot.com.vn\/#\/schema\/logo\/image\/","url":"https:\/\/loriot.com.vn\/wp-content\/uploads\/2021\/08\/logo-ft.png","contentUrl":"https:\/\/loriot.com.vn\/wp-content\/uploads\/2021\/08\/logo-ft.png","width":333,"height":101,"caption":"Loriot Industrial Co.,Ltd"},"image":{"@id":"https:\/\/loriot.com.vn\/#\/schema\/logo\/image\/"},"sameAs":["https:\/\/www.facebook.com\/Loriot-Industrial-COLTD-103044855046633"]}]}},"_links":{"self":[{"href":"https:\/\/loriot.com.vn\/vi\/wp-json\/wp\/v2\/product\/5146","targetHints":{"allow":["GET"]}}],"collection":[{"href":"https:\/\/loriot.com.vn\/vi\/wp-json\/wp\/v2\/product"}],"about":[{"href":"https:\/\/loriot.com.vn\/vi\/wp-json\/wp\/v2\/types\/product"}],"author":[{"embeddable":true,"href":"https:\/\/loriot.com.vn\/vi\/wp-json\/wp\/v2\/users\/2"}],"replies":[{"embeddable":true,"href":"https:\/\/loriot.com.vn\/vi\/wp-json\/wp\/v2\/comments?post=5146"}],"version-history":[{"count":4,"href":"https:\/\/loriot.com.vn\/vi\/wp-json\/wp\/v2\/product\/5146\/revisions"}],"predecessor-version":[{"id":5553,"href":"https:\/\/loriot.com.vn\/vi\/wp-json\/wp\/v2\/product\/5146\/revisions\/5553"}],"wp:featuredmedia":[{"embeddable":true,"href":"https:\/\/loriot.com.vn\/vi\/wp-json\/wp\/v2\/media\/5144"}],"wp:attachment":[{"href":"https:\/\/loriot.com.vn\/vi\/wp-json\/wp\/v2\/media?parent=5146"}],"wp:term":[{"taxonomy":"service-category","embeddable":true,"href":"https:\/\/loriot.com.vn\/vi\/wp-json\/wp\/v2\/service-category?post=5146"},{"taxonomy":"service_tag","embeddable":true,"href":"https:\/\/loriot.com.vn\/vi\/wp-json\/wp\/v2\/service_tag?post=5146"}],"curies":[{"name":"wp","href":"https:\/\/api.w.org\/{rel}","templated":true}]}}